{"id":2621,"date":"2019-01-09T19:25:19","date_gmt":"2019-01-09T18:25:19","guid":{"rendered":"https:\/\/sunnyshop211.com\/?post_type=product&#038;p=2621"},"modified":"2025-12-29T17:15:28","modified_gmt":"2025-12-29T16:15:28","slug":"etagere-fleur-miniature-1-6-1-4-diorama-barbie-pullip-bjd-minifee","status":"publish","type":"product","link":"https:\/\/www.sunnyshop211.com\/en\/product\/etagere-fleur-miniature-1-6-1-4-diorama-barbie-pullip-bjd-minifee\/","title":{"rendered":"Miniature flower shelf 1\/6 1\/4 diorama Barbie, pullip, bjd minifee."},"content":{"rendered":"<div id='gallery-1' class='gallery galleryid-2621 gallery-columns-3 gallery-size-thumbnail'><figure class='gallery-item'>\n\t\t\t<div class='gallery-icon portrait'>\n\t\t\t\t<a href='https:\/\/www.sunnyshop211.com\/en\/?attachment_id=2145'><img decoding=\"async\" width=\"150\" height=\"150\" src=\"https:\/\/www.sunnyshop211.com\/wp-content\/uploads\/2019\/01\/il_570xN.1416243824_gopm-150x150.jpg\" class=\"attachment-thumbnail size-thumbnail\" alt=\"\u00c9tag\u00e8re fleur miniature\" srcset=\"https:\/\/www.sunnyshop211.com\/wp-content\/uploads\/2019\/01\/il_570xN.1416243824_gopm-150x150.jpg 150w, https:\/\/www.sunnyshop211.com\/wp-content\/uploads\/2019\/01\/il_570xN.1416243824_gopm-500x500.jpg 500w, https:\/\/www.sunnyshop211.com\/wp-content\/uploads\/2019\/01\/il_570xN.1416243824_gopm-100x100.jpg 100w, https:\/\/www.sunnyshop211.com\/wp-content\/uploads\/2019\/01\/il_570xN.1416243824_gopm-300x300.jpg 300w\" sizes=\"(max-width: 150px) 100vw, 150px\" \/><\/a>\n\t\t\t<\/div><\/figure><figure class='gallery-item'>\n\t\t\t<div class='gallery-icon portrait'>\n\t\t\t\t<a href='https:\/\/www.sunnyshop211.com\/en\/?attachment_id=2133'><img decoding=\"async\" width=\"150\" height=\"150\" src=\"https:\/\/www.sunnyshop211.com\/wp-content\/uploads\/2019\/01\/il_570xN.1440751382_aheo-e1546967703601-150x150.jpg\" class=\"attachment-thumbnail size-thumbnail\" alt=\"\" srcset=\"https:\/\/www.sunnyshop211.com\/wp-content\/uploads\/2019\/01\/il_570xN.1440751382_aheo-e1546967703601-150x150.jpg 150w, https:\/\/www.sunnyshop211.com\/wp-content\/uploads\/2019\/01\/il_570xN.1440751382_aheo-e1546967703601-100x100.jpg 100w, https:\/\/www.sunnyshop211.com\/wp-content\/uploads\/2019\/01\/il_570xN.1440751382_aheo-e1546967703601-59x60.jpg 59w\" sizes=\"(max-width: 150px) 100vw, 150px\" \/><\/a>\n\t\t\t<\/div><\/figure>\n\t\t<\/div>\n\n<h2 data-start=\"160\" data-end=\"203\">Miniature flower shelf - 1\/6 - 1\/4<\/h2>\n<h3 data-start=\"204\" data-end=\"246\">Diorama accessories - Wall decoration<\/h3>\n<p data-start=\"248\" data-end=\"437\">Miniature flower shelf specially designed for <strong data-start=\"297\" data-end=\"335\">customize and decorate your dioramas<\/strong>, to hang on the wall for a touch of elegance. <strong data-start=\"381\" data-end=\"411\">soft, floral and poetic<\/strong> to your miniature worlds.<\/p>\n<p data-start=\"439\" data-end=\"530\">Ideal for creating <strong data-start=\"471\" data-end=\"529\">bedroom, living room, nursery or romantic, natural decor<\/strong>.<\/p>\n<hr data-start=\"532\" data-end=\"535\" \/>\n<h3 data-start=\"537\" data-end=\"566\">\u2728 Finish &amp; presentation<\/h3>\n<p data-start=\"568\" data-end=\"770\">- Sold <strong data-start=\"577\" data-end=\"604\">painted in black and white<\/strong><br data-start=\"604\" data-end=\"607\" \/>- Cutting <strong data-start=\"617\" data-end=\"629\">laser<\/strong>, with deliberately darker edges for an authentic look<br data-start=\"698\" data-end=\"701\" \/>- Sold <strong data-start=\"710\" data-end=\"723\">per unit<\/strong><br data-start=\"723\" data-end=\"726\" \/>- Wall-hung for your stage settings<\/p>\n<p data-start=\"772\" data-end=\"850\">Designed to blend harmoniously with my <strong data-start=\"817\" data-end=\"849\">miniature furniture and sets<\/strong>.<\/p>\n<hr data-start=\"852\" data-end=\"855\" \/>\n<h3 data-start=\"857\" data-end=\"885\">\ud83d\udccf Dimensions &amp; scales<\/h3>\n<p data-start=\"887\" data-end=\"916\">- Dimensions : <strong data-start=\"902\" data-end=\"916\">10 \u00d7 10 cm<\/strong><\/p>\n<p data-start=\"918\" data-end=\"973\">Suitable for dioramas and dolls in the following scales:<\/p>\n<p data-start=\"975\" data-end=\"1073\">\u2022 <strong data-start=\"977\" data-end=\"984\">1\/6<\/strong> : Barbie, Pullip<br data-start=\"1001\" data-end=\"1004\" \/>\u2022 <strong data-start=\"1006\" data-end=\"1013\">1\/4<\/strong> : BJD MSD, Minifee<br data-start=\"1032\" data-end=\"1035\" \/>- Other dolls in similar sizes<\/p>\n<hr data-start=\"1075\" data-end=\"1078\" \/>\n<h3 data-start=\"1080\" data-end=\"1103\">\ud83e\uddf8 Features<\/h3>\n<p data-start=\"1105\" data-end=\"1345\">- Miniature flower shelf sold <strong data-start=\"1138\" data-end=\"1151\">per unit<\/strong><br data-start=\"1151\" data-end=\"1154\" \/>- Laser-cut wood<br data-start=\"1177\" data-end=\"1180\" \/>- Hand-painted and prepared<br data-start=\"1210\" data-end=\"1213\" \/>- Compatible with my furniture sold separately in the store<br data-start=\"1277\" data-end=\"1280\" \/>- Perfect for dioramas, miniature scenes &amp; photo shoots<\/p>\n<hr data-start=\"1347\" data-end=\"1350\" \/>\n<h3 data-start=\"1352\" data-end=\"1374\">\u26a0\ufe0f Note artisanale<\/h3>\n<p data-start=\"1376\" data-end=\"1559\">Entirely handmade.<br data-start=\"1414\" data-end=\"1417\" \/>Slight variations in shape, color or finish may occur, as well as minor imperfections due to the handcrafted nature of the product.<\/p>\n<hr data-start=\"1561\" data-end=\"1564\" \/>\n<h3 data-start=\"1566\" data-end=\"1579\">\ud83d\udcf8 Photos<\/h3>\n<p data-start=\"1581\" data-end=\"1776\">The photos show <strong data-start=\"1605\" data-end=\"1634\">examples of staging<\/strong>.<br data-start=\"1635\" data-end=\"1638\" \/>\u27a1\ufe0f <strong data-start=\"1641\" data-end=\"1688\">Only the miniature flower shelf is sold.<\/strong><br data-start=\"1688\" data-end=\"1691\" \/>Visible decorations and accessories are available separately in the store.<\/p>\n<p data-start=\"1778\" data-end=\"1862\">\ud83d\udcf8 More photos and inspiration :<br data-start=\"1813\" data-end=\"1816\" \/>\ud83d\udc49 <strong data-start=\"1819\" data-end=\"1862\"><a class=\"decorated-link\" href=\"https:\/\/www.instagram.com\/sunnyshop211\/\" target=\"_new\" rel=\"noopener\" data-start=\"1821\" data-end=\"1860\">https:\/\/www.instagram.com\/sunnyshop211\/<\/a><\/strong><\/p>\n<hr data-start=\"1864\" data-end=\"1867\" \/>\n<h3 data-start=\"1869\" data-end=\"1900\">\u26a0\ufe0f Important information<\/h3>\n<p data-start=\"1902\" data-end=\"2215\">- Accessory for adults - <strong data-start=\"1944\" data-end=\"1971\">this is not a toy<\/strong><br data-start=\"1971\" data-end=\"1974\" \/>- Strictly decorative use<br data-start=\"2003\" data-end=\"2006\" \/>- Made to order: please allow for the usual lead times (GTC &amp; delivery).<br data-start=\"2092\" data-end=\"2095\" \/>- Non-contractual photos - dolls not included<br data-start=\"2143\" data-end=\"2146\" \/>- I am not responsible for any damage incurred in transit.<\/p>\n<p data-start=\"2217\" data-end=\"2310\">\ud83e\udd0d <strong data-start=\"2220\" data-end=\"2310\">A delicate miniature flower shelf to enhance your 1\/6 and 1\/4 scenes.<\/strong><\/p>","protected":false},"excerpt":{"rendered":"<p>\u00c9tag\u00e8re fleur miniature \u2013 1\/6 \u00b7 1\/4 Accessoire diorama \u2013 d\u00e9coration murale \u00c9tag\u00e8re fleur miniature sp\u00e9cialement con\u00e7ue pour customiser et d\u00e9corer vos dioramas, \u00e0 accrocher au mur pour apporter une touche douce, florale et po\u00e9tique \u00e0 vos univers miniatures. Id\u00e9ale pour cr\u00e9er des sc\u00e8nes de chambre, salon, nursery ou d\u00e9cor romantique et naturel. \u2728 Finition [&hellip;]<\/p>\n","protected":false},"featured_media":2145,"comment_status":"open","ping_status":"closed","template":"","meta":{"_crdt_document":"","jetpack_post_was_ever_published":false,"jetpack_publicize_message":"","jetpack_publicize_feature_enabled":true,"jetpack_social_post_already_shared":true,"jetpack_social_options":{"image_generator_settings":{"template":"highway","default_image_id":0,"font":"","enabled":false},"version":2}},"product_brand":[],"product_cat":[667686969],"product_tag":[667681137,667681278,667681138,667681145,667681143,667681341,667681136,667681284,667681142,667681433,667681411,667681409,667681234,667681226,667681233,667681343,667681241,667681139,667681426,667681261,667681232,667681173,667681237,667681141,667681177,667681140,667681277,667681344,667681260],"class_list":{"0":"post-2621","1":"product","2":"type-product","3":"status-publish","4":"has-post-thumbnail","6":"product_cat-decoration","7":"product_tag-baby","8":"product_tag-barbie","9":"product_tag-bebe","10":"product_tag-bed","11":"product_tag-bedroom","12":"product_tag-bid","13":"product_tag-bjd","14":"product_tag-blythe","15":"product_tag-chambre","16":"product_tag-chest","17":"product_tag-chest-of-drawers","18":"product_tag-commode","19":"product_tag-diorama","20":"product_tag-doll","21":"product_tag-dollhouse","22":"product_tag-etagere","23":"product_tag-iplehouse","24":"product_tag-lati-yellow","25":"product_tag-littlefee","26":"product_tag-meuble","27":"product_tag-miniature","28":"product_tag-minifee","29":"product_tag-msd","30":"product_tag-nappy-choo","31":"product_tag-poupee","32":"product_tag-pukifee","33":"product_tag-pullip","34":"product_tag-shelf","35":"product_tag-tonner","36":"product_shipping_class-lettre-suivie","37":"pa_couleur-beige","38":"pa_couleur-blanc","39":"pa_couleur-bleu","40":"pa_couleur-non-peint","41":"pa_couleur-rose","42":"pa_couleur-shabby-blanc","43":"pa_couleur-vert","44":"pa_couleur-violet","46":"first","47":"instock","48":"taxable","49":"shipping-taxable","50":"purchasable","51":"product-type-variable"},"yoast_head":"<!-- This site is optimized with the Yoast SEO plugin v27.4 - https:\/\/yoast.com\/product\/yoast-seo-wordpress\/ -->\n<title>\u00c9tag\u00e8re fleur miniature 1\/6 1\/4 diorama Barbie, pullip, bjd minifee. -<\/title>\n<meta name=\"description\" content=\"\u00c9tag\u00e8re fleur miniature 1\/6 1\/4 diorama pour\u00a0 Barbie, pullip, bjd MSD, minifee. Id\u00e9al pour vos mises en sc\u00e8nes et vos dioramas\" \/>\n<meta name=\"robots\" content=\"index, follow, max-snippet:-1, max-image-preview:large, max-video-preview:-1\" \/>\n<link rel=\"canonical\" href=\"https:\/\/www.sunnyshop211.com\/en\/product\/etagere-fleur-miniature-1-6-1-4-diorama-barbie-pullip-bjd-minifee\/\" \/>\n<meta property=\"og:locale\" content=\"en_US\" \/>\n<meta property=\"og:type\" content=\"article\" \/>\n<meta property=\"og:title\" content=\"\u00c9tag\u00e8re fleur miniature 1\/6 1\/4 diorama Barbie, pullip, bjd minifee. -\" \/>\n<meta property=\"og:description\" content=\"\u00c9tag\u00e8re fleur miniature 1\/6 1\/4 diorama pour\u00a0 Barbie, pullip, bjd MSD, minifee. Id\u00e9al pour vos mises en sc\u00e8nes et vos dioramas\" \/>\n<meta property=\"og:url\" content=\"https:\/\/www.sunnyshop211.com\/en\/product\/etagere-fleur-miniature-1-6-1-4-diorama-barbie-pullip-bjd-minifee\/\" \/>\n<meta property=\"og:site_name\" content=\"Sunnyshop211 -Vente de dioramas, meubles, miniatures , bjd poup\u00e9es 1\/12 1\/8 1\/6 1\/4 1\/3\" \/>\n<meta property=\"article:publisher\" content=\"https:\/\/www.facebook.com\/sunnyshop211\/?ref=bookmarks\" \/>\n<meta property=\"article:modified_time\" content=\"2025-12-29T16:15:28+00:00\" \/>\n<meta property=\"og:image\" content=\"https:\/\/www.sunnyshop211.com\/wp-content\/uploads\/2019\/01\/il_570xN.1416243824_gopm.jpg\" \/>\n\t<meta property=\"og:image:width\" content=\"570\" \/>\n\t<meta property=\"og:image:height\" content=\"760\" \/>\n\t<meta property=\"og:image:type\" content=\"image\/jpeg\" \/>\n<meta name=\"twitter:card\" content=\"summary_large_image\" \/>\n<meta name=\"twitter:site\" content=\"@sunnyshop211\" \/>\n<meta name=\"twitter:label1\" content=\"Est. reading time\" \/>\n\t<meta name=\"twitter:data1\" content=\"2 minutes\" \/>\n<script type=\"application\/ld+json\" class=\"yoast-schema-graph\">{\"@context\":\"https:\\\/\\\/schema.org\",\"@graph\":[{\"@type\":\"WebPage\",\"@id\":\"https:\\\/\\\/www.sunnyshop211.com\\\/produit\\\/etagere-fleur-miniature-1-6-1-4-diorama-barbie-pullip-bjd-minifee\\\/\",\"url\":\"https:\\\/\\\/www.sunnyshop211.com\\\/produit\\\/etagere-fleur-miniature-1-6-1-4-diorama-barbie-pullip-bjd-minifee\\\/\",\"name\":\"\u00c9tag\u00e8re fleur miniature 1\\\/6 1\\\/4 diorama Barbie, pullip, bjd minifee. -\",\"isPartOf\":{\"@id\":\"https:\\\/\\\/www.sunnyshop211.com\\\/#website\"},\"primaryImageOfPage\":{\"@id\":\"https:\\\/\\\/www.sunnyshop211.com\\\/produit\\\/etagere-fleur-miniature-1-6-1-4-diorama-barbie-pullip-bjd-minifee\\\/#primaryimage\"},\"image\":{\"@id\":\"https:\\\/\\\/www.sunnyshop211.com\\\/produit\\\/etagere-fleur-miniature-1-6-1-4-diorama-barbie-pullip-bjd-minifee\\\/#primaryimage\"},\"thumbnailUrl\":\"https:\\\/\\\/www.sunnyshop211.com\\\/wp-content\\\/uploads\\\/2019\\\/01\\\/il_570xN.1416243824_gopm.jpg\",\"datePublished\":\"2019-01-09T18:25:19+00:00\",\"dateModified\":\"2025-12-29T16:15:28+00:00\",\"description\":\"\u00c9tag\u00e8re fleur miniature 1\\\/6 1\\\/4 diorama pour\u00a0 Barbie, pullip, bjd MSD, minifee. Id\u00e9al pour vos mises en sc\u00e8nes et vos dioramas\",\"breadcrumb\":{\"@id\":\"https:\\\/\\\/www.sunnyshop211.com\\\/produit\\\/etagere-fleur-miniature-1-6-1-4-diorama-barbie-pullip-bjd-minifee\\\/#breadcrumb\"},\"inLanguage\":\"en-US\",\"potentialAction\":[{\"@type\":\"ReadAction\",\"target\":[\"https:\\\/\\\/www.sunnyshop211.com\\\/produit\\\/etagere-fleur-miniature-1-6-1-4-diorama-barbie-pullip-bjd-minifee\\\/\"]}]},{\"@type\":\"ImageObject\",\"inLanguage\":\"en-US\",\"@id\":\"https:\\\/\\\/www.sunnyshop211.com\\\/produit\\\/etagere-fleur-miniature-1-6-1-4-diorama-barbie-pullip-bjd-minifee\\\/#primaryimage\",\"url\":\"https:\\\/\\\/www.sunnyshop211.com\\\/wp-content\\\/uploads\\\/2019\\\/01\\\/il_570xN.1416243824_gopm.jpg\",\"contentUrl\":\"https:\\\/\\\/www.sunnyshop211.com\\\/wp-content\\\/uploads\\\/2019\\\/01\\\/il_570xN.1416243824_gopm.jpg\",\"width\":570,\"height\":760,\"caption\":\"\u00c9tag\u00e8re fleur miniature\"},{\"@type\":\"BreadcrumbList\",\"@id\":\"https:\\\/\\\/www.sunnyshop211.com\\\/produit\\\/etagere-fleur-miniature-1-6-1-4-diorama-barbie-pullip-bjd-minifee\\\/#breadcrumb\",\"itemListElement\":[{\"@type\":\"ListItem\",\"position\":1,\"name\":\"Accueil\",\"item\":\"https:\\\/\\\/www.sunnyshop211.com\\\/\"},{\"@type\":\"ListItem\",\"position\":2,\"name\":\"Boutique\",\"item\":\"https:\\\/\\\/www.sunnyshop211.com\\\/boutique-miniature-bjd-dolls\\\/\"},{\"@type\":\"ListItem\",\"position\":3,\"name\":\"\u00c9tag\u00e8re fleur miniature 1\\\/6 1\\\/4 diorama Barbie, pullip, bjd minifee.\"}]},{\"@type\":\"WebSite\",\"@id\":\"https:\\\/\\\/www.sunnyshop211.com\\\/#website\",\"url\":\"https:\\\/\\\/www.sunnyshop211.com\\\/\",\"name\":\"Vente de dioramas, meubles, miniatures , bjd poup\u00e9es 1\\\/12 1\\\/8 1\\\/6 1\\\/4 1\\\/3\",\"description\":\"Sunnyshop211 - Votre univers miniature pour poup\u00e9es et BJD, dioramas et meubles sur mesure !\",\"publisher\":{\"@id\":\"https:\\\/\\\/www.sunnyshop211.com\\\/#organization\"},\"alternateName\":\"sunnyshop211\",\"potentialAction\":[{\"@type\":\"SearchAction\",\"target\":{\"@type\":\"EntryPoint\",\"urlTemplate\":\"https:\\\/\\\/www.sunnyshop211.com\\\/?s={search_term_string}\"},\"query-input\":{\"@type\":\"PropertyValueSpecification\",\"valueRequired\":true,\"valueName\":\"search_term_string\"}}],\"inLanguage\":\"en-US\"},{\"@type\":\"Organization\",\"@id\":\"https:\\\/\\\/www.sunnyshop211.com\\\/#organization\",\"name\":\"sunnyshop211\",\"alternateName\":\"sunnyshop211 diorama bjd meuble miniature\",\"url\":\"https:\\\/\\\/www.sunnyshop211.com\\\/\",\"logo\":{\"@type\":\"ImageObject\",\"inLanguage\":\"en-US\",\"@id\":\"https:\\\/\\\/www.sunnyshop211.com\\\/#\\\/schema\\\/logo\\\/image\\\/\",\"url\":\"https:\\\/\\\/www.sunnyshop211.com\\\/wp-content\\\/uploads\\\/2022\\\/08\\\/cropped-cropped-cropped-Sunnyshop211-1.png\",\"contentUrl\":\"https:\\\/\\\/www.sunnyshop211.com\\\/wp-content\\\/uploads\\\/2022\\\/08\\\/cropped-cropped-cropped-Sunnyshop211-1.png\",\"width\":339,\"height\":339,\"caption\":\"sunnyshop211\"},\"image\":{\"@id\":\"https:\\\/\\\/www.sunnyshop211.com\\\/#\\\/schema\\\/logo\\\/image\\\/\"},\"sameAs\":[\"https:\\\/\\\/www.facebook.com\\\/sunnyshop211\\\/?ref=bookmarks\",\"https:\\\/\\\/x.com\\\/sunnyshop211\",\"https:\\\/\\\/www.instagram.com\\\/sunnyshop211\\\/\",\"https:\\\/\\\/www.tumblr.com\\\/blog\\\/sunnyshop211\",\"https:\\\/\\\/www.youtube.com\\\/channel\\\/UCtYY18OGGDKrTSzgcf7fCBg\",\"https:\\\/\\\/www.tiktok.com\\\/@sunnydollshop211?is_from_webapp=1&sender_device=pc\"]}]}<\/script>\n<!-- \/ Yoast SEO plugin. -->","yoast_head_json":{"title":"Miniature flower shelf 1\/6 1\/4 diorama Barbie, pullip, bjd minifee. -","description":"Miniature flower shelf 1\/6 1\/4 diorama for Barbie, pullip, bjd MSD, minifee. Ideal for staging and dioramas.","robots":{"index":"index","follow":"follow","max-snippet":"max-snippet:-1","max-image-preview":"max-image-preview:large","max-video-preview":"max-video-preview:-1"},"canonical":"https:\/\/www.sunnyshop211.com\/en\/product\/etagere-fleur-miniature-1-6-1-4-diorama-barbie-pullip-bjd-minifee\/","og_locale":"en_US","og_type":"article","og_title":"\u00c9tag\u00e8re fleur miniature 1\/6 1\/4 diorama Barbie, pullip, bjd minifee. -","og_description":"\u00c9tag\u00e8re fleur miniature 1\/6 1\/4 diorama pour\u00a0 Barbie, pullip, bjd MSD, minifee. Id\u00e9al pour vos mises en sc\u00e8nes et vos dioramas","og_url":"https:\/\/www.sunnyshop211.com\/en\/product\/etagere-fleur-miniature-1-6-1-4-diorama-barbie-pullip-bjd-minifee\/","og_site_name":"Sunnyshop211 -Vente de dioramas, meubles, miniatures , bjd poup\u00e9es 1\/12 1\/8 1\/6 1\/4 1\/3","article_publisher":"https:\/\/www.facebook.com\/sunnyshop211\/?ref=bookmarks","article_modified_time":"2025-12-29T16:15:28+00:00","og_image":[{"width":570,"height":760,"url":"https:\/\/www.sunnyshop211.com\/wp-content\/uploads\/2019\/01\/il_570xN.1416243824_gopm.jpg","type":"image\/jpeg"}],"twitter_card":"summary_large_image","twitter_site":"@sunnyshop211","twitter_misc":{"Est. reading time":"2 minutes"},"schema":{"@context":"https:\/\/schema.org","@graph":[{"@type":"WebPage","@id":"https:\/\/www.sunnyshop211.com\/produit\/etagere-fleur-miniature-1-6-1-4-diorama-barbie-pullip-bjd-minifee\/","url":"https:\/\/www.sunnyshop211.com\/produit\/etagere-fleur-miniature-1-6-1-4-diorama-barbie-pullip-bjd-minifee\/","name":"Miniature flower shelf 1\/6 1\/4 diorama Barbie, pullip, bjd minifee. -","isPartOf":{"@id":"https:\/\/www.sunnyshop211.com\/#website"},"primaryImageOfPage":{"@id":"https:\/\/www.sunnyshop211.com\/produit\/etagere-fleur-miniature-1-6-1-4-diorama-barbie-pullip-bjd-minifee\/#primaryimage"},"image":{"@id":"https:\/\/www.sunnyshop211.com\/produit\/etagere-fleur-miniature-1-6-1-4-diorama-barbie-pullip-bjd-minifee\/#primaryimage"},"thumbnailUrl":"https:\/\/www.sunnyshop211.com\/wp-content\/uploads\/2019\/01\/il_570xN.1416243824_gopm.jpg","datePublished":"2019-01-09T18:25:19+00:00","dateModified":"2025-12-29T16:15:28+00:00","description":"Miniature flower shelf 1\/6 1\/4 diorama for Barbie, pullip, bjd MSD, minifee. Ideal for staging and dioramas.","breadcrumb":{"@id":"https:\/\/www.sunnyshop211.com\/produit\/etagere-fleur-miniature-1-6-1-4-diorama-barbie-pullip-bjd-minifee\/#breadcrumb"},"inLanguage":"en-US","potentialAction":[{"@type":"ReadAction","target":["https:\/\/www.sunnyshop211.com\/produit\/etagere-fleur-miniature-1-6-1-4-diorama-barbie-pullip-bjd-minifee\/"]}]},{"@type":"ImageObject","inLanguage":"en-US","@id":"https:\/\/www.sunnyshop211.com\/produit\/etagere-fleur-miniature-1-6-1-4-diorama-barbie-pullip-bjd-minifee\/#primaryimage","url":"https:\/\/www.sunnyshop211.com\/wp-content\/uploads\/2019\/01\/il_570xN.1416243824_gopm.jpg","contentUrl":"https:\/\/www.sunnyshop211.com\/wp-content\/uploads\/2019\/01\/il_570xN.1416243824_gopm.jpg","width":570,"height":760,"caption":"\u00c9tag\u00e8re fleur miniature"},{"@type":"BreadcrumbList","@id":"https:\/\/www.sunnyshop211.com\/produit\/etagere-fleur-miniature-1-6-1-4-diorama-barbie-pullip-bjd-minifee\/#breadcrumb","itemListElement":[{"@type":"ListItem","position":1,"name":"Accueil","item":"https:\/\/www.sunnyshop211.com\/"},{"@type":"ListItem","position":2,"name":"Boutique","item":"https:\/\/www.sunnyshop211.com\/boutique-miniature-bjd-dolls\/"},{"@type":"ListItem","position":3,"name":"\u00c9tag\u00e8re fleur miniature 1\/6 1\/4 diorama Barbie, pullip, bjd minifee."}]},{"@type":"WebSite","@id":"https:\/\/www.sunnyshop211.com\/#website","url":"https:\/\/www.sunnyshop211.com\/","name":"Sale of dioramas, furniture, miniatures, bjd dolls 1\/12 1\/8 1\/6 1\/4 1\/3","description":"Sunnyshop211 - Your miniature world for dolls and BJDs, dioramas and custom-made furniture!","publisher":{"@id":"https:\/\/www.sunnyshop211.com\/#organization"},"alternateName":"sunnyshop211","potentialAction":[{"@type":"SearchAction","target":{"@type":"EntryPoint","urlTemplate":"https:\/\/www.sunnyshop211.com\/?s={search_term_string}"},"query-input":{"@type":"PropertyValueSpecification","valueRequired":true,"valueName":"search_term_string"}}],"inLanguage":"en-US"},{"@type":"Organization","@id":"https:\/\/www.sunnyshop211.com\/#organization","name":"sunnyshop211","alternateName":"sunnyshop211 diorama bjd meuble miniature","url":"https:\/\/www.sunnyshop211.com\/","logo":{"@type":"ImageObject","inLanguage":"en-US","@id":"https:\/\/www.sunnyshop211.com\/#\/schema\/logo\/image\/","url":"https:\/\/www.sunnyshop211.com\/wp-content\/uploads\/2022\/08\/cropped-cropped-cropped-Sunnyshop211-1.png","contentUrl":"https:\/\/www.sunnyshop211.com\/wp-content\/uploads\/2022\/08\/cropped-cropped-cropped-Sunnyshop211-1.png","width":339,"height":339,"caption":"sunnyshop211"},"image":{"@id":"https:\/\/www.sunnyshop211.com\/#\/schema\/logo\/image\/"},"sameAs":["https:\/\/www.facebook.com\/sunnyshop211\/?ref=bookmarks","https:\/\/x.com\/sunnyshop211","https:\/\/www.instagram.com\/sunnyshop211\/","https:\/\/www.tumblr.com\/blog\/sunnyshop211","https:\/\/www.youtube.com\/channel\/UCtYY18OGGDKrTSzgcf7fCBg","https:\/\/www.tiktok.com\/@sunnydollshop211?is_from_webapp=1&sender_device=pc"]}]}},"jetpack_publicize_connections":[],"jetpack_sharing_enabled":true,"_links":{"self":[{"href":"https:\/\/www.sunnyshop211.com\/en\/wp-json\/wp\/v2\/product\/2621","targetHints":{"allow":["GET"]}}],"collection":[{"href":"https:\/\/www.sunnyshop211.com\/en\/wp-json\/wp\/v2\/product"}],"about":[{"href":"https:\/\/www.sunnyshop211.com\/en\/wp-json\/wp\/v2\/types\/product"}],"replies":[{"embeddable":true,"href":"https:\/\/www.sunnyshop211.com\/en\/wp-json\/wp\/v2\/comments?post=2621"}],"version-history":[{"count":5,"href":"https:\/\/www.sunnyshop211.com\/en\/wp-json\/wp\/v2\/product\/2621\/revisions"}],"predecessor-version":[{"id":53427,"href":"https:\/\/www.sunnyshop211.com\/en\/wp-json\/wp\/v2\/product\/2621\/revisions\/53427"}],"wp:featuredmedia":[{"embeddable":true,"href":"https:\/\/www.sunnyshop211.com\/en\/wp-json\/wp\/v2\/media\/2145"}],"wp:attachment":[{"href":"https:\/\/www.sunnyshop211.com\/en\/wp-json\/wp\/v2\/media?parent=2621"}],"wp:term":[{"taxonomy":"product_brand","embeddable":true,"href":"https:\/\/www.sunnyshop211.com\/en\/wp-json\/wp\/v2\/product_brand?post=2621"},{"taxonomy":"product_cat","embeddable":true,"href":"https:\/\/www.sunnyshop211.com\/en\/wp-json\/wp\/v2\/product_cat?post=2621"},{"taxonomy":"product_tag","embeddable":true,"href":"https:\/\/www.sunnyshop211.com\/en\/wp-json\/wp\/v2\/product_tag?post=2621"}],"curies":[{"name":"wp","href":"https:\/\/api.w.org\/{rel}","templated":true}]}}