{"id":26078,"date":"2022-10-06T11:31:27","date_gmt":"2022-10-06T10:31:27","guid":{"rendered":"https:\/\/sunnyshop211.com\/?post_type=product&#038;p=26078"},"modified":"2026-01-03T16:23:03","modified_gmt":"2026-01-03T15:23:03","slug":"decoration-halloween-1-4-1-6-diorama-bjd-minifee-msd-barbie-pullip","status":"publish","type":"product","link":"https:\/\/www.sunnyshop211.com\/en\/product\/decoration-halloween-1-4-1-6-diorama-bjd-minifee-msd-barbie-pullip\/","title":{"rendered":"Halloween decoration 1\/4 1\/6 bjd minifee MSD Barbie, pullip."},"content":{"rendered":"<div id='gallery-1' class='gallery galleryid-26078 gallery-columns-3 gallery-size-thumbnail'><figure class='gallery-item'>\n\t\t\t<div class='gallery-icon landscape'>\n\t\t\t\t<a href='https:\/\/www.sunnyshop211.com\/en\/?attachment_id=24404'><img decoding=\"async\" width=\"150\" height=\"150\" src=\"https:\/\/www.sunnyshop211.com\/wp-content\/uploads\/2022\/08\/hallow-14-150x150.jpg\" class=\"attachment-thumbnail size-thumbnail\" alt=\"\" srcset=\"https:\/\/www.sunnyshop211.com\/wp-content\/uploads\/2022\/08\/hallow-14-150x150.jpg 150w, https:\/\/www.sunnyshop211.com\/wp-content\/uploads\/2022\/08\/hallow-14-scaled-500x500.jpg 500w, https:\/\/www.sunnyshop211.com\/wp-content\/uploads\/2022\/08\/hallow-14-scaled-100x100.jpg 100w\" sizes=\"(max-width: 150px) 100vw, 150px\" \/><\/a>\n\t\t\t<\/div><\/figure><figure class='gallery-item'>\n\t\t\t<div class='gallery-icon landscape'>\n\t\t\t\t<a href='https:\/\/www.sunnyshop211.com\/en\/?attachment_id=24408'><img decoding=\"async\" width=\"150\" height=\"150\" src=\"https:\/\/www.sunnyshop211.com\/wp-content\/uploads\/2022\/08\/hallow-18-150x150.jpg\" class=\"attachment-thumbnail size-thumbnail\" alt=\"\" srcset=\"https:\/\/www.sunnyshop211.com\/wp-content\/uploads\/2022\/08\/hallow-18-150x150.jpg 150w, https:\/\/www.sunnyshop211.com\/wp-content\/uploads\/2022\/08\/hallow-18-scaled-500x500.jpg 500w, https:\/\/www.sunnyshop211.com\/wp-content\/uploads\/2022\/08\/hallow-18-scaled-100x100.jpg 100w\" sizes=\"(max-width: 150px) 100vw, 150px\" \/><\/a>\n\t\t\t<\/div><\/figure><figure class='gallery-item'>\n\t\t\t<div class='gallery-icon landscape'>\n\t\t\t\t<a href='https:\/\/www.sunnyshop211.com\/en\/?attachment_id=24407'><img decoding=\"async\" width=\"150\" height=\"150\" src=\"https:\/\/www.sunnyshop211.com\/wp-content\/uploads\/2022\/08\/hallow-17-150x150.jpg\" class=\"attachment-thumbnail size-thumbnail\" alt=\"\" srcset=\"https:\/\/www.sunnyshop211.com\/wp-content\/uploads\/2022\/08\/hallow-17-150x150.jpg 150w, https:\/\/www.sunnyshop211.com\/wp-content\/uploads\/2022\/08\/hallow-17-scaled-500x500.jpg 500w, https:\/\/www.sunnyshop211.com\/wp-content\/uploads\/2022\/08\/hallow-17-scaled-100x100.jpg 100w\" sizes=\"(max-width: 150px) 100vw, 150px\" \/><\/a>\n\t\t\t<\/div><\/figure><figure class='gallery-item'>\n\t\t\t<div class='gallery-icon landscape'>\n\t\t\t\t<a href='https:\/\/www.sunnyshop211.com\/en\/?attachment_id=24412'><img loading=\"lazy\" decoding=\"async\" width=\"150\" height=\"150\" src=\"https:\/\/www.sunnyshop211.com\/wp-content\/uploads\/2022\/08\/hallow-22-150x150.jpg\" class=\"attachment-thumbnail size-thumbnail\" alt=\"\" srcset=\"https:\/\/www.sunnyshop211.com\/wp-content\/uploads\/2022\/08\/hallow-22-150x150.jpg 150w, https:\/\/www.sunnyshop211.com\/wp-content\/uploads\/2022\/08\/hallow-22-scaled-500x500.jpg 500w, https:\/\/www.sunnyshop211.com\/wp-content\/uploads\/2022\/08\/hallow-22-scaled-100x100.jpg 100w\" sizes=\"(max-width: 150px) 100vw, 150px\" \/><\/a>\n\t\t\t<\/div><\/figure><figure class='gallery-item'>\n\t\t\t<div class='gallery-icon landscape'>\n\t\t\t\t<a href='https:\/\/www.sunnyshop211.com\/en\/?attachment_id=24411'><img loading=\"lazy\" decoding=\"async\" width=\"150\" height=\"150\" src=\"https:\/\/www.sunnyshop211.com\/wp-content\/uploads\/2022\/08\/hallow-21-scaled-150x150.jpg\" class=\"attachment-thumbnail size-thumbnail\" alt=\"\" srcset=\"https:\/\/www.sunnyshop211.com\/wp-content\/uploads\/2022\/08\/hallow-21-scaled-150x150.jpg 150w, https:\/\/www.sunnyshop211.com\/wp-content\/uploads\/2022\/08\/hallow-21-scaled-500x500.jpg 500w, https:\/\/www.sunnyshop211.com\/wp-content\/uploads\/2022\/08\/hallow-21-scaled-100x100.jpg 100w\" sizes=\"(max-width: 150px) 100vw, 150px\" \/><\/a>\n\t\t\t<\/div><\/figure>\n\t\t<\/div>\n\n<h2 data-start=\"153\" data-end=\"225\"><strong data-start=\"153\" data-end=\"225\">Halloween decorations (DIY kit) - 1\/6 - 1\/4 - Barbie - MSD - Minifee<\/strong><\/h2>\n<p data-start=\"227\" data-end=\"247\">\u2500\u2500\u2500\u2500\u2500\u2500\u2500\u2500\u2500\u2500\u2500\u2500\u2500\u2500\u2500\u2500\u2500\u2500\u2500\u2500<\/p>\n<p data-start=\"249\" data-end=\"266\">\u2728 <strong data-start=\"251\" data-end=\"266\">Description<\/strong><\/p>\n<p data-start=\"268\" data-end=\"467\">Prepare your miniature interiors for <strong data-start=\"308\" data-end=\"321\">Halloween<\/strong> \ud83c\udf83<br data-start=\"324\" data-end=\"327\" \/>This Halloween decoration kit lets you create a mysterious, spooky atmosphere in your dioramas and interior scenes.<\/p>\n<p data-start=\"469\" data-end=\"611\">Designed as a <strong data-start=\"484\" data-end=\"502\">creative project<\/strong>, it is proposed <strong data-start=\"519\" data-end=\"542\">in kit form for customization<\/strong>, with a <strong data-start=\"552\" data-end=\"578\">complete video tutorial<\/strong> to guide you step by step.<\/p>\n<p data-start=\"613\" data-end=\"728\">\u2714 Fictitious items.<br data-start=\"632\" data-end=\"635\" \/>\u2714 Non-functional decorative elements.<br data-start=\"674\" data-end=\"677\" \/>\u2714 <strong data-start=\"679\" data-end=\"727\">Sold as a kit to assemble and customize yourself<\/strong>.<\/p>\n<p data-start=\"730\" data-end=\"750\">\u2500\u2500\u2500\u2500\u2500\u2500\u2500\u2500\u2500\u2500\u2500\u2500\u2500\u2500\u2500\u2500\u2500\u2500\u2500\u2500<\/p>\n<p data-start=\"752\" data-end=\"772\">\ud83e\uddf8 <strong data-start=\"755\" data-end=\"772\">Compatibility<\/strong><\/p>\n<p data-start=\"774\" data-end=\"811\">Compatible with the following dolls:<\/p>\n<p data-start=\"813\" data-end=\"868\">\u2022 <strong data-start=\"815\" data-end=\"822\">1\/6<\/strong> : Barbie, Pullip<br data-start=\"839\" data-end=\"842\" \/>\u2022 <strong data-start=\"844\" data-end=\"851\">1\/4<\/strong> : MSD, Minifee<\/p>\n<p data-start=\"870\" data-end=\"961\">Compatible with furniture and accessories sold separately in sunnyshop211.<\/p>\n<p data-start=\"963\" data-end=\"983\">\u2500\u2500\u2500\u2500\u2500\u2500\u2500\u2500\u2500\u2500\u2500\u2500\u2500\u2500\u2500\u2500\u2500\u2500\u2500\u2500<\/p>\n<p data-start=\"985\" data-end=\"1006\">\ud83d\udce6 <strong data-start=\"988\" data-end=\"1006\">Kit contents<\/strong><\/p>\n<p data-start=\"1008\" data-end=\"1047\">Halloween decoration kit includes :<\/p>\n<p data-start=\"1049\" data-end=\"1290\">\u2022 <strong data-start=\"1051\" data-end=\"1076\">Miniature molds<\/strong> in the shape of bats and spiders (to create decorative cookies)<br data-start=\"1161\" data-end=\"1164\" \/>\u2022 <strong data-start=\"1166\" data-end=\"1195\">Resin decorations<\/strong> : house, cat and witch<br data-start=\"1222\" data-end=\"1225\" \/>\u2022 <strong data-start=\"1227\" data-end=\"1257\">Miniature pumpkins<\/strong><br data-start=\"1257\" data-end=\"1260\" \/>\u2022 <strong data-start=\"1262\" data-end=\"1290\">A wooden \u201cBOO\u201d element<\/strong><\/p>\n<p data-start=\"1292\" data-end=\"1348\">All elements can be customized to suit your needs.<\/p>\n<p data-start=\"1350\" data-end=\"1370\">\u2500\u2500\u2500\u2500\u2500\u2500\u2500\u2500\u2500\u2500\u2500\u2500\u2500\u2500\u2500\u2500\u2500\u2500\u2500\u2500<\/p>\n<p data-start=\"1372\" data-end=\"1397\">\ud83c\udfa8 <strong data-start=\"1375\" data-end=\"1397\">Montage &amp; tutorial<\/strong><\/p>\n<p data-start=\"1399\" data-end=\"1627\">- This model is <strong data-start=\"1415\" data-end=\"1431\">sold as a kit<\/strong>, to customize yourself.<br data-start=\"1455\" data-end=\"1458\" \/>- Upon purchase, you receive <strong data-start=\"1484\" data-end=\"1513\">a complete video tutorial<\/strong> for :<br data-start=\"1520\" data-end=\"1523\" \/>- miniature customization,<br data-start=\"1559\" data-end=\"1562\" \/>- painting,<br data-start=\"1578\" data-end=\"1581\" \/>- staging your Halloween decor.<\/p>\n<p data-start=\"1629\" data-end=\"1789\">- Some <strong data-start=\"1635\" data-end=\"1673\">installation and painting tips<\/strong> are included.<br data-start=\"1686\" data-end=\"1689\" \/>- Take a look at the other DIY projects and ready-to-assemble furniture available in the store.<\/p>\n<p data-start=\"1791\" data-end=\"1811\">\u2500\u2500\u2500\u2500\u2500\u2500\u2500\u2500\u2500\u2500\u2500\u2500\u2500\u2500\u2500\u2500\u2500\u2500\u2500\u2500<\/p>\n<p data-start=\"1813\" data-end=\"1843\">\ud83d\udd78\ufe0f <strong data-start=\"1817\" data-end=\"1843\">Use &amp; ambience<\/strong><\/p>\n<p data-start=\"1845\" data-end=\"2061\">- Ideal for your <strong data-start=\"1862\" data-end=\"1891\">Halloween staging<\/strong> and interior design.<br data-start=\"1914\" data-end=\"1917\" \/>- Add a spooky, playful and festive touch to your dioramas.<br data-start=\"1980\" data-end=\"1983\" \/>- Perfect for creating a miniature kitchen, living room or Halloween showcase.<\/p>\n<p data-start=\"2063\" data-end=\"2083\">\u2500\u2500\u2500\u2500\u2500\u2500\u2500\u2500\u2500\u2500\u2500\u2500\u2500\u2500\u2500\u2500\u2500\u2500\u2500\u2500<\/p>\n<h3 data-start=\"2085\" data-end=\"2115\">\ud83d\udd90\ufe0f <strong data-start=\"2089\" data-end=\"2115\">Handcrafted products<\/strong><\/h3>\n<p data-start=\"2117\" data-end=\"2162\">Each kit is handcrafted.<\/p>\n<p data-start=\"2164\" data-end=\"2318\">Because of its handmade character:<br data-start=\"2198\" data-end=\"2201\" \/>- slight variations in shape or color may occur,<br data-start=\"2267\" data-end=\"2270\" \/>- a few minor imperfections are possible.<\/p>\n<p data-start=\"2320\" data-end=\"2340\">\u2500\u2500\u2500\u2500\u2500\u2500\u2500\u2500\u2500\u2500\u2500\u2500\u2500\u2500\u2500\u2500\u2500\u2500\u2500\u2500<\/p>\n<p data-start=\"2342\" data-end=\"2373\">\ud83d\udce6 <strong data-start=\"2345\" data-end=\"2373\">Important information<\/strong><\/p>\n<p data-start=\"2375\" data-end=\"2614\">- Made to order.<br data-start=\"2406\" data-end=\"2409\" \/>- Please allow for manufacturing and delivery times.<br data-start=\"2475\" data-end=\"2478\" \/>- The photos are examples of staging.<br data-start=\"2526\" data-end=\"2529\" \/>- Other visible furniture and decorations are sold separately in the store.<\/p>\n<p data-start=\"2616\" data-end=\"2703\">More photos available on Instagram :<br data-start=\"2658\" data-end=\"2661\" \/>\ud83d\udc49 <a class=\"decorated-link\" href=\"https:\/\/www.instagram.com\/sunnyshop211\/\" target=\"_new\" rel=\"noopener\" data-start=\"2664\" data-end=\"2703\">https:\/\/www.instagram.com\/sunnyshop211\/<\/a><\/p>\n<p data-start=\"2705\" data-end=\"2725\">\u2500\u2500\u2500\u2500\u2500\u2500\u2500\u2500\u2500\u2500\u2500\u2500\u2500\u2500\u2500\u2500\u2500\u2500\u2500\u2500<\/p>\n<p data-start=\"2727\" data-end=\"2750\">\u26a0\ufe0f <strong data-start=\"2730\" data-end=\"2750\">Terms of use<\/strong><\/p>\n<p data-start=\"2752\" data-end=\"2823\">!!!! This is not a toy, this article is intended for adults.<\/p>\n<hr data-start=\"2825\" data-end=\"2828\" \/>\n<p data-start=\"2830\" data-end=\"3041\" data-is-last-node=\"\" data-is-only-node=\"\">\ud83c\udf83\ud83d\udda4 <strong data-start=\"2835\" data-end=\"2904\">Perfect for creating a unique, customizable Halloween universe<\/strong><\/p>\n<p>&nbsp;<\/p>\n<p>&nbsp;<\/p>","protected":false},"excerpt":{"rendered":"<p>to find out what you'll receive, click here :\u00a0<a href=\"https:\/\/youtu.be\/qb2pfdNCH4g\">https:\/\/youtu.be\/qb2pfdNCH4g<\/a><\/p>\n<p>&nbsp;<\/p>\n<p>to find out what you will receive click here\u00a0<a href=\"https:\/\/youtu.be\/74gVlNeZr-g\">https:\/\/youtu.be\/74gVlNeZr-g<\/a><\/p>","protected":false},"featured_media":24411,"comment_status":"open","ping_status":"closed","template":"","meta":{"_crdt_document":"","jetpack_post_was_ever_published":false,"jetpack_publicize_message":"","jetpack_publicize_feature_enabled":true,"jetpack_social_post_already_shared":true,"jetpack_social_options":{"image_generator_settings":{"template":"highway","default_image_id":0,"font":"","enabled":false},"version":2}},"product_brand":[],"product_cat":[667687067,667685981],"product_tag":[667681136,667681234,667681226,667681233,667685979,667681239,667681225,667681241,667681236,667681261,667681232,667681173,667681237,667685980,667681260],"class_list":{"0":"post-26078","1":"product","2":"type-product","3":"status-publish","4":"has-post-thumbnail","6":"product_cat-decoration-halloween","7":"product_cat-tutoriel-video-bjd-dolls","8":"product_tag-bjd","9":"product_tag-diorama","10":"product_tag-doll","11":"product_tag-dollhouse","12":"product_tag-escalier","13":"product_tag-fairyland","14":"product_tag-furniture","15":"product_tag-iplehouse","16":"product_tag-maison-de-poupee","17":"product_tag-meuble","18":"product_tag-miniature","19":"product_tag-minifee","20":"product_tag-msd","21":"product_tag-staircase","22":"product_tag-tonner","23":"product_shipping_class-colissimo-5","25":"first","26":"instock","27":"taxable","28":"shipping-taxable","29":"purchasable","30":"product-type-variable"},"yoast_head":"<!-- This site is optimized with the Yoast SEO plugin v27.4 - https:\/\/yoast.com\/product\/yoast-seo-wordpress\/ -->\n<title>D\u00e9coration halloween 1\/4 1\/6 bjd minifee MSD Barbie, pullip. -<\/title>\n<meta name=\"description\" content=\"D\u00e9coration halloween 1\/4 1\/6 diorama bjd minifee MSD Barbie, pullip. Vous trouverez tout le n\u00e9cessaire pour d\u00e9corer vos int\u00e9rieurs pour halloween .\" \/>\n<meta name=\"robots\" content=\"index, follow, max-snippet:-1, max-image-preview:large, max-video-preview:-1\" \/>\n<link rel=\"canonical\" href=\"https:\/\/www.sunnyshop211.com\/en\/product\/decoration-halloween-1-4-1-6-diorama-bjd-minifee-msd-barbie-pullip\/\" \/>\n<meta property=\"og:locale\" content=\"en_US\" \/>\n<meta property=\"og:type\" content=\"article\" \/>\n<meta property=\"og:title\" content=\"D\u00e9coration halloween 1\/4 1\/6 bjd minifee MSD Barbie, pullip. -\" \/>\n<meta property=\"og:description\" content=\"D\u00e9coration halloween 1\/4 1\/6 diorama bjd minifee MSD Barbie, pullip. Vous trouverez tout le n\u00e9cessaire pour d\u00e9corer vos int\u00e9rieurs pour halloween .\" \/>\n<meta property=\"og:url\" content=\"https:\/\/www.sunnyshop211.com\/en\/product\/decoration-halloween-1-4-1-6-diorama-bjd-minifee-msd-barbie-pullip\/\" \/>\n<meta property=\"og:site_name\" content=\"Sunnyshop211 -Vente de dioramas, meubles, miniatures , bjd poup\u00e9es 1\/12 1\/8 1\/6 1\/4 1\/3\" \/>\n<meta property=\"article:publisher\" content=\"https:\/\/www.facebook.com\/sunnyshop211\/?ref=bookmarks\" \/>\n<meta property=\"article:modified_time\" content=\"2026-01-03T15:23:03+00:00\" \/>\n<meta property=\"og:image\" content=\"https:\/\/www.sunnyshop211.com\/wp-content\/uploads\/2022\/08\/hallow-21-scaled.jpg\" \/>\n\t<meta property=\"og:image:width\" content=\"2560\" \/>\n\t<meta property=\"og:image:height\" content=\"1707\" \/>\n\t<meta property=\"og:image:type\" content=\"image\/jpeg\" \/>\n<meta name=\"twitter:card\" content=\"summary_large_image\" \/>\n<meta name=\"twitter:site\" content=\"@sunnyshop211\" \/>\n<meta name=\"twitter:label1\" content=\"Est. reading time\" \/>\n\t<meta name=\"twitter:data1\" content=\"3 minutes\" \/>\n<script type=\"application\/ld+json\" class=\"yoast-schema-graph\">{\"@context\":\"https:\\\/\\\/schema.org\",\"@graph\":[{\"@type\":\"WebPage\",\"@id\":\"https:\\\/\\\/www.sunnyshop211.com\\\/produit\\\/decoration-halloween-1-4-1-6-diorama-bjd-minifee-msd-barbie-pullip\\\/\",\"url\":\"https:\\\/\\\/www.sunnyshop211.com\\\/produit\\\/decoration-halloween-1-4-1-6-diorama-bjd-minifee-msd-barbie-pullip\\\/\",\"name\":\"D\u00e9coration halloween 1\\\/4 1\\\/6 bjd minifee MSD Barbie, pullip. -\",\"isPartOf\":{\"@id\":\"https:\\\/\\\/www.sunnyshop211.com\\\/#website\"},\"primaryImageOfPage\":{\"@id\":\"https:\\\/\\\/www.sunnyshop211.com\\\/produit\\\/decoration-halloween-1-4-1-6-diorama-bjd-minifee-msd-barbie-pullip\\\/#primaryimage\"},\"image\":{\"@id\":\"https:\\\/\\\/www.sunnyshop211.com\\\/produit\\\/decoration-halloween-1-4-1-6-diorama-bjd-minifee-msd-barbie-pullip\\\/#primaryimage\"},\"thumbnailUrl\":\"https:\\\/\\\/www.sunnyshop211.com\\\/wp-content\\\/uploads\\\/2022\\\/08\\\/hallow-21-scaled.jpg\",\"datePublished\":\"2022-10-06T10:31:27+00:00\",\"dateModified\":\"2026-01-03T15:23:03+00:00\",\"description\":\"D\u00e9coration halloween 1\\\/4 1\\\/6 diorama bjd minifee MSD Barbie, pullip. Vous trouverez tout le n\u00e9cessaire pour d\u00e9corer vos int\u00e9rieurs pour halloween .\",\"breadcrumb\":{\"@id\":\"https:\\\/\\\/www.sunnyshop211.com\\\/produit\\\/decoration-halloween-1-4-1-6-diorama-bjd-minifee-msd-barbie-pullip\\\/#breadcrumb\"},\"inLanguage\":\"en-US\",\"potentialAction\":[{\"@type\":\"ReadAction\",\"target\":[\"https:\\\/\\\/www.sunnyshop211.com\\\/produit\\\/decoration-halloween-1-4-1-6-diorama-bjd-minifee-msd-barbie-pullip\\\/\"]}]},{\"@type\":\"ImageObject\",\"inLanguage\":\"en-US\",\"@id\":\"https:\\\/\\\/www.sunnyshop211.com\\\/produit\\\/decoration-halloween-1-4-1-6-diorama-bjd-minifee-msd-barbie-pullip\\\/#primaryimage\",\"url\":\"https:\\\/\\\/www.sunnyshop211.com\\\/wp-content\\\/uploads\\\/2022\\\/08\\\/hallow-21-scaled.jpg\",\"contentUrl\":\"https:\\\/\\\/www.sunnyshop211.com\\\/wp-content\\\/uploads\\\/2022\\\/08\\\/hallow-21-scaled.jpg\",\"width\":2560,\"height\":1707},{\"@type\":\"BreadcrumbList\",\"@id\":\"https:\\\/\\\/www.sunnyshop211.com\\\/produit\\\/decoration-halloween-1-4-1-6-diorama-bjd-minifee-msd-barbie-pullip\\\/#breadcrumb\",\"itemListElement\":[{\"@type\":\"ListItem\",\"position\":1,\"name\":\"Accueil\",\"item\":\"https:\\\/\\\/www.sunnyshop211.com\\\/\"},{\"@type\":\"ListItem\",\"position\":2,\"name\":\"Boutique\",\"item\":\"https:\\\/\\\/www.sunnyshop211.com\\\/boutique-miniature-bjd-dolls\\\/\"},{\"@type\":\"ListItem\",\"position\":3,\"name\":\"D\u00e9coration halloween 1\\\/4 1\\\/6 bjd minifee MSD Barbie, pullip.\"}]},{\"@type\":\"WebSite\",\"@id\":\"https:\\\/\\\/www.sunnyshop211.com\\\/#website\",\"url\":\"https:\\\/\\\/www.sunnyshop211.com\\\/\",\"name\":\"Vente de dioramas, meubles, miniatures , bjd poup\u00e9es 1\\\/12 1\\\/8 1\\\/6 1\\\/4 1\\\/3\",\"description\":\"Sunnyshop211 - Votre univers miniature pour poup\u00e9es et BJD, dioramas et meubles sur mesure !\",\"publisher\":{\"@id\":\"https:\\\/\\\/www.sunnyshop211.com\\\/#organization\"},\"alternateName\":\"sunnyshop211\",\"potentialAction\":[{\"@type\":\"SearchAction\",\"target\":{\"@type\":\"EntryPoint\",\"urlTemplate\":\"https:\\\/\\\/www.sunnyshop211.com\\\/?s={search_term_string}\"},\"query-input\":{\"@type\":\"PropertyValueSpecification\",\"valueRequired\":true,\"valueName\":\"search_term_string\"}}],\"inLanguage\":\"en-US\"},{\"@type\":\"Organization\",\"@id\":\"https:\\\/\\\/www.sunnyshop211.com\\\/#organization\",\"name\":\"sunnyshop211\",\"alternateName\":\"sunnyshop211 diorama bjd meuble miniature\",\"url\":\"https:\\\/\\\/www.sunnyshop211.com\\\/\",\"logo\":{\"@type\":\"ImageObject\",\"inLanguage\":\"en-US\",\"@id\":\"https:\\\/\\\/www.sunnyshop211.com\\\/#\\\/schema\\\/logo\\\/image\\\/\",\"url\":\"https:\\\/\\\/www.sunnyshop211.com\\\/wp-content\\\/uploads\\\/2022\\\/08\\\/cropped-cropped-cropped-Sunnyshop211-1.png\",\"contentUrl\":\"https:\\\/\\\/www.sunnyshop211.com\\\/wp-content\\\/uploads\\\/2022\\\/08\\\/cropped-cropped-cropped-Sunnyshop211-1.png\",\"width\":339,\"height\":339,\"caption\":\"sunnyshop211\"},\"image\":{\"@id\":\"https:\\\/\\\/www.sunnyshop211.com\\\/#\\\/schema\\\/logo\\\/image\\\/\"},\"sameAs\":[\"https:\\\/\\\/www.facebook.com\\\/sunnyshop211\\\/?ref=bookmarks\",\"https:\\\/\\\/x.com\\\/sunnyshop211\",\"https:\\\/\\\/www.instagram.com\\\/sunnyshop211\\\/\",\"https:\\\/\\\/www.tumblr.com\\\/blog\\\/sunnyshop211\",\"https:\\\/\\\/www.youtube.com\\\/channel\\\/UCtYY18OGGDKrTSzgcf7fCBg\",\"https:\\\/\\\/www.tiktok.com\\\/@sunnydollshop211?is_from_webapp=1&sender_device=pc\"]}]}<\/script>\n<!-- \/ Yoast SEO plugin. -->","yoast_head_json":{"title":"Halloween decoration 1\/4 1\/6 bjd minifee MSD Barbie, pullip. -","description":"Halloween decoration 1\/4 1\/6 diorama bjd minifee MSD Barbie, pullip. You'll find everything you need to decorate your home for Halloween.","robots":{"index":"index","follow":"follow","max-snippet":"max-snippet:-1","max-image-preview":"max-image-preview:large","max-video-preview":"max-video-preview:-1"},"canonical":"https:\/\/www.sunnyshop211.com\/en\/product\/decoration-halloween-1-4-1-6-diorama-bjd-minifee-msd-barbie-pullip\/","og_locale":"en_US","og_type":"article","og_title":"D\u00e9coration halloween 1\/4 1\/6 bjd minifee MSD Barbie, pullip. -","og_description":"D\u00e9coration halloween 1\/4 1\/6 diorama bjd minifee MSD Barbie, pullip. Vous trouverez tout le n\u00e9cessaire pour d\u00e9corer vos int\u00e9rieurs pour halloween .","og_url":"https:\/\/www.sunnyshop211.com\/en\/product\/decoration-halloween-1-4-1-6-diorama-bjd-minifee-msd-barbie-pullip\/","og_site_name":"Sunnyshop211 -Vente de dioramas, meubles, miniatures , bjd poup\u00e9es 1\/12 1\/8 1\/6 1\/4 1\/3","article_publisher":"https:\/\/www.facebook.com\/sunnyshop211\/?ref=bookmarks","article_modified_time":"2026-01-03T15:23:03+00:00","og_image":[{"width":2560,"height":1707,"url":"https:\/\/www.sunnyshop211.com\/wp-content\/uploads\/2022\/08\/hallow-21-scaled.jpg","type":"image\/jpeg"}],"twitter_card":"summary_large_image","twitter_site":"@sunnyshop211","twitter_misc":{"Est. reading time":"3 minutes"},"schema":{"@context":"https:\/\/schema.org","@graph":[{"@type":"WebPage","@id":"https:\/\/www.sunnyshop211.com\/produit\/decoration-halloween-1-4-1-6-diorama-bjd-minifee-msd-barbie-pullip\/","url":"https:\/\/www.sunnyshop211.com\/produit\/decoration-halloween-1-4-1-6-diorama-bjd-minifee-msd-barbie-pullip\/","name":"Halloween decoration 1\/4 1\/6 bjd minifee MSD Barbie, pullip. -","isPartOf":{"@id":"https:\/\/www.sunnyshop211.com\/#website"},"primaryImageOfPage":{"@id":"https:\/\/www.sunnyshop211.com\/produit\/decoration-halloween-1-4-1-6-diorama-bjd-minifee-msd-barbie-pullip\/#primaryimage"},"image":{"@id":"https:\/\/www.sunnyshop211.com\/produit\/decoration-halloween-1-4-1-6-diorama-bjd-minifee-msd-barbie-pullip\/#primaryimage"},"thumbnailUrl":"https:\/\/www.sunnyshop211.com\/wp-content\/uploads\/2022\/08\/hallow-21-scaled.jpg","datePublished":"2022-10-06T10:31:27+00:00","dateModified":"2026-01-03T15:23:03+00:00","description":"Halloween decoration 1\/4 1\/6 diorama bjd minifee MSD Barbie, pullip. You'll find everything you need to decorate your home for Halloween.","breadcrumb":{"@id":"https:\/\/www.sunnyshop211.com\/produit\/decoration-halloween-1-4-1-6-diorama-bjd-minifee-msd-barbie-pullip\/#breadcrumb"},"inLanguage":"en-US","potentialAction":[{"@type":"ReadAction","target":["https:\/\/www.sunnyshop211.com\/produit\/decoration-halloween-1-4-1-6-diorama-bjd-minifee-msd-barbie-pullip\/"]}]},{"@type":"ImageObject","inLanguage":"en-US","@id":"https:\/\/www.sunnyshop211.com\/produit\/decoration-halloween-1-4-1-6-diorama-bjd-minifee-msd-barbie-pullip\/#primaryimage","url":"https:\/\/www.sunnyshop211.com\/wp-content\/uploads\/2022\/08\/hallow-21-scaled.jpg","contentUrl":"https:\/\/www.sunnyshop211.com\/wp-content\/uploads\/2022\/08\/hallow-21-scaled.jpg","width":2560,"height":1707},{"@type":"BreadcrumbList","@id":"https:\/\/www.sunnyshop211.com\/produit\/decoration-halloween-1-4-1-6-diorama-bjd-minifee-msd-barbie-pullip\/#breadcrumb","itemListElement":[{"@type":"ListItem","position":1,"name":"Accueil","item":"https:\/\/www.sunnyshop211.com\/"},{"@type":"ListItem","position":2,"name":"Boutique","item":"https:\/\/www.sunnyshop211.com\/boutique-miniature-bjd-dolls\/"},{"@type":"ListItem","position":3,"name":"D\u00e9coration halloween 1\/4 1\/6 bjd minifee MSD Barbie, pullip."}]},{"@type":"WebSite","@id":"https:\/\/www.sunnyshop211.com\/#website","url":"https:\/\/www.sunnyshop211.com\/","name":"Sale of dioramas, furniture, miniatures, bjd dolls 1\/12 1\/8 1\/6 1\/4 1\/3","description":"Sunnyshop211 - Your miniature world for dolls and BJDs, dioramas and custom-made furniture!","publisher":{"@id":"https:\/\/www.sunnyshop211.com\/#organization"},"alternateName":"sunnyshop211","potentialAction":[{"@type":"SearchAction","target":{"@type":"EntryPoint","urlTemplate":"https:\/\/www.sunnyshop211.com\/?s={search_term_string}"},"query-input":{"@type":"PropertyValueSpecification","valueRequired":true,"valueName":"search_term_string"}}],"inLanguage":"en-US"},{"@type":"Organization","@id":"https:\/\/www.sunnyshop211.com\/#organization","name":"sunnyshop211","alternateName":"sunnyshop211 diorama bjd meuble miniature","url":"https:\/\/www.sunnyshop211.com\/","logo":{"@type":"ImageObject","inLanguage":"en-US","@id":"https:\/\/www.sunnyshop211.com\/#\/schema\/logo\/image\/","url":"https:\/\/www.sunnyshop211.com\/wp-content\/uploads\/2022\/08\/cropped-cropped-cropped-Sunnyshop211-1.png","contentUrl":"https:\/\/www.sunnyshop211.com\/wp-content\/uploads\/2022\/08\/cropped-cropped-cropped-Sunnyshop211-1.png","width":339,"height":339,"caption":"sunnyshop211"},"image":{"@id":"https:\/\/www.sunnyshop211.com\/#\/schema\/logo\/image\/"},"sameAs":["https:\/\/www.facebook.com\/sunnyshop211\/?ref=bookmarks","https:\/\/x.com\/sunnyshop211","https:\/\/www.instagram.com\/sunnyshop211\/","https:\/\/www.tumblr.com\/blog\/sunnyshop211","https:\/\/www.youtube.com\/channel\/UCtYY18OGGDKrTSzgcf7fCBg","https:\/\/www.tiktok.com\/@sunnydollshop211?is_from_webapp=1&sender_device=pc"]}]}},"jetpack_publicize_connections":[],"jetpack_sharing_enabled":true,"_links":{"self":[{"href":"https:\/\/www.sunnyshop211.com\/en\/wp-json\/wp\/v2\/product\/26078","targetHints":{"allow":["GET"]}}],"collection":[{"href":"https:\/\/www.sunnyshop211.com\/en\/wp-json\/wp\/v2\/product"}],"about":[{"href":"https:\/\/www.sunnyshop211.com\/en\/wp-json\/wp\/v2\/types\/product"}],"replies":[{"embeddable":true,"href":"https:\/\/www.sunnyshop211.com\/en\/wp-json\/wp\/v2\/comments?post=26078"}],"version-history":[{"count":8,"href":"https:\/\/www.sunnyshop211.com\/en\/wp-json\/wp\/v2\/product\/26078\/revisions"}],"predecessor-version":[{"id":54028,"href":"https:\/\/www.sunnyshop211.com\/en\/wp-json\/wp\/v2\/product\/26078\/revisions\/54028"}],"wp:featuredmedia":[{"embeddable":true,"href":"https:\/\/www.sunnyshop211.com\/en\/wp-json\/wp\/v2\/media\/24411"}],"wp:attachment":[{"href":"https:\/\/www.sunnyshop211.com\/en\/wp-json\/wp\/v2\/media?parent=26078"}],"wp:term":[{"taxonomy":"product_brand","embeddable":true,"href":"https:\/\/www.sunnyshop211.com\/en\/wp-json\/wp\/v2\/product_brand?post=26078"},{"taxonomy":"product_cat","embeddable":true,"href":"https:\/\/www.sunnyshop211.com\/en\/wp-json\/wp\/v2\/product_cat?post=26078"},{"taxonomy":"product_tag","embeddable":true,"href":"https:\/\/www.sunnyshop211.com\/en\/wp-json\/wp\/v2\/product_tag?post=26078"}],"curies":[{"name":"wp","href":"https:\/\/api.w.org\/{rel}","templated":true}]}}