{"id":2584,"date":"2019-01-09T19:23:02","date_gmt":"2019-01-09T18:23:02","guid":{"rendered":"https:\/\/sunnyshop211.com\/?post_type=product&#038;p=2584"},"modified":"2026-01-28T16:22:05","modified_gmt":"2026-01-28T15:22:05","slug":"etagere-nuage-miniature-1-6-1-4-diorama-barbie-pullip-bjd-minifee","status":"publish","type":"product","link":"https:\/\/www.sunnyshop211.com\/en\/product\/etagere-nuage-miniature-1-6-1-4-diorama-barbie-pullip-bjd-minifee\/","title":{"rendered":"Miniature cloud shelf 1\/6 1\/4 diorama Barbie, pullip, bjd minifee."},"content":{"rendered":"<div id='gallery-1' class='gallery galleryid-2584 gallery-columns-3 gallery-size-thumbnail'><figure class='gallery-item'>\n\t\t\t<div class='gallery-icon landscape'>\n\t\t\t\t<a href='https:\/\/www.sunnyshop211.com\/en\/?attachment_id=29579'><img decoding=\"async\" width=\"150\" height=\"150\" src=\"https:\/\/www.sunnyshop211.com\/wp-content\/uploads\/2019\/01\/lune-7-150x150.jpg\" class=\"attachment-thumbnail size-thumbnail\" alt=\"\u00c9tag\u00e8re nuage miniature\" srcset=\"https:\/\/www.sunnyshop211.com\/wp-content\/uploads\/2019\/01\/lune-7-150x150.jpg 150w, https:\/\/www.sunnyshop211.com\/wp-content\/uploads\/2019\/01\/lune-7-500x500.jpg 500w, https:\/\/www.sunnyshop211.com\/wp-content\/uploads\/2019\/01\/lune-7-100x100.jpg 100w\" sizes=\"(max-width: 150px) 100vw, 150px\" \/><\/a>\n\t\t\t<\/div><\/figure><figure class='gallery-item'>\n\t\t\t<div class='gallery-icon portrait'>\n\t\t\t\t<a href='https:\/\/www.sunnyshop211.com\/en\/?attachment_id=29580'><img decoding=\"async\" width=\"150\" height=\"150\" src=\"https:\/\/www.sunnyshop211.com\/wp-content\/uploads\/2019\/01\/lune-14-150x150.jpg\" class=\"attachment-thumbnail size-thumbnail\" alt=\"Commode miniature 1\/4\" srcset=\"https:\/\/www.sunnyshop211.com\/wp-content\/uploads\/2019\/01\/lune-14-150x150.jpg 150w, https:\/\/www.sunnyshop211.com\/wp-content\/uploads\/2019\/01\/lune-14-scaled-500x500.jpg 500w, https:\/\/www.sunnyshop211.com\/wp-content\/uploads\/2019\/01\/lune-14-scaled-100x100.jpg 100w\" sizes=\"(max-width: 150px) 100vw, 150px\" \/><\/a>\n\t\t\t<\/div><\/figure><figure class='gallery-item'>\n\t\t\t<div class='gallery-icon portrait'>\n\t\t\t\t<a href='https:\/\/www.sunnyshop211.com\/en\/?attachment_id=29581'><img decoding=\"async\" width=\"150\" height=\"150\" src=\"https:\/\/www.sunnyshop211.com\/wp-content\/uploads\/2019\/01\/lune-15-150x150.jpg\" class=\"attachment-thumbnail size-thumbnail\" alt=\"\u00c9tag\u00e8re nuage miniature\" srcset=\"https:\/\/www.sunnyshop211.com\/wp-content\/uploads\/2019\/01\/lune-15-150x150.jpg 150w, https:\/\/www.sunnyshop211.com\/wp-content\/uploads\/2019\/01\/lune-15-scaled-500x500.jpg 500w, https:\/\/www.sunnyshop211.com\/wp-content\/uploads\/2019\/01\/lune-15-scaled-100x100.jpg 100w\" sizes=\"(max-width: 150px) 100vw, 150px\" \/><\/a>\n\t\t\t<\/div><\/figure><figure class='gallery-item'>\n\t\t\t<div class='gallery-icon landscape'>\n\t\t\t\t<a href='https:\/\/www.sunnyshop211.com\/en\/?attachment_id=29582'><img loading=\"lazy\" decoding=\"async\" width=\"150\" height=\"150\" src=\"https:\/\/www.sunnyshop211.com\/wp-content\/uploads\/2019\/01\/lune-16-e1671371892492-150x150.jpg\" class=\"attachment-thumbnail size-thumbnail\" alt=\"\u00c9tag\u00e8re nuage miniature\" srcset=\"https:\/\/www.sunnyshop211.com\/wp-content\/uploads\/2019\/01\/lune-16-e1671371892492-150x150.jpg 150w, https:\/\/www.sunnyshop211.com\/wp-content\/uploads\/2019\/01\/lune-16-e1671371892492-500x500.jpg 500w, https:\/\/www.sunnyshop211.com\/wp-content\/uploads\/2019\/01\/lune-16-e1671371892492-100x100.jpg 100w\" sizes=\"(max-width: 150px) 100vw, 150px\" \/><\/a>\n\t\t\t<\/div><\/figure><figure class='gallery-item'>\n\t\t\t<div class='gallery-icon landscape'>\n\t\t\t\t<a href='https:\/\/www.sunnyshop211.com\/en\/?attachment_id=29583'><img loading=\"lazy\" decoding=\"async\" width=\"150\" height=\"150\" src=\"https:\/\/www.sunnyshop211.com\/wp-content\/uploads\/2019\/01\/lune-18-150x150.jpg\" class=\"attachment-thumbnail size-thumbnail\" alt=\"\" srcset=\"https:\/\/www.sunnyshop211.com\/wp-content\/uploads\/2019\/01\/lune-18-150x150.jpg 150w, https:\/\/www.sunnyshop211.com\/wp-content\/uploads\/2019\/01\/lune-18-scaled-500x500.jpg 500w, https:\/\/www.sunnyshop211.com\/wp-content\/uploads\/2019\/01\/lune-18-scaled-100x100.jpg 100w\" sizes=\"(max-width: 150px) 100vw, 150px\" \/><\/a>\n\t\t\t<\/div><\/figure>\n\t\t<\/div>\n\n<h2 data-start=\"160\" data-end=\"203\">Miniature cloud shelf - 1\/6 - 1\/4<\/h2>\n<h3 data-start=\"204\" data-end=\"246\">Diorama accessories - Wall decoration<\/h3>\n<p data-start=\"248\" data-end=\"438\">Miniature cloud shelf specially designed for <strong data-start=\"297\" data-end=\"335\">customize and decorate your dioramas<\/strong>, to hang on the wall for a touch of elegance. <strong data-start=\"381\" data-end=\"412\">soft, airy and poetic<\/strong> to your miniature worlds.<\/p>\n<p data-start=\"440\" data-end=\"540\">Ideal for creating <strong data-start=\"472\" data-end=\"539\">children's bedroom, nursery, fairytale decor or cocooning atmosphere<\/strong>.<\/p>\n<hr data-start=\"542\" data-end=\"545\" \/>\n<h3 data-start=\"547\" data-end=\"576\">\u2728 Finish &amp; presentation<\/h3>\n<p data-start=\"578\" data-end=\"754\">- Sold <strong data-start=\"587\" data-end=\"614\">painted in black and white<\/strong><br data-start=\"614\" data-end=\"617\" \/>- Cutting <strong data-start=\"627\" data-end=\"639\">laser<\/strong>, with deliberately darker edges<br data-start=\"682\" data-end=\"685\" \/>- Sold <strong data-start=\"694\" data-end=\"707\">per unit<\/strong><br data-start=\"707\" data-end=\"710\" \/>- Wall-hung for your stage settings<\/p>\n<p data-start=\"756\" data-end=\"834\">Designed to blend harmoniously with my <strong data-start=\"801\" data-end=\"833\">miniature furniture and sets<\/strong>.<\/p>\n<hr data-start=\"836\" data-end=\"839\" \/>\n<h3 data-start=\"841\" data-end=\"869\">\ud83d\udccf Dimensions &amp; scales<\/h3>\n<p data-start=\"871\" data-end=\"900\">- Dimensions : <strong data-start=\"886\" data-end=\"900\">10 \u00d7 10 cm<\/strong><\/p>\n<p data-start=\"902\" data-end=\"957\">Suitable for dioramas and dolls in the following scales:<\/p>\n<p data-start=\"959\" data-end=\"1057\">\u2022 <strong data-start=\"961\" data-end=\"968\">1\/6<\/strong> : Barbie, Pullip<br data-start=\"985\" data-end=\"988\" \/>\u2022 <strong data-start=\"990\" data-end=\"997\">1\/4<\/strong> : BJD MSD, Minifee<br data-start=\"1016\" data-end=\"1019\" \/>- Other dolls in similar sizes<\/p>\n<hr data-start=\"1059\" data-end=\"1062\" \/>\n<h3 data-start=\"1064\" data-end=\"1087\">\ud83e\uddf8 Features<\/h3>\n<p data-start=\"1089\" data-end=\"1329\">- Miniature cloud shelf sold <strong data-start=\"1122\" data-end=\"1135\">per unit<\/strong><br data-start=\"1135\" data-end=\"1138\" \/>- Laser-cut wood<br data-start=\"1161\" data-end=\"1164\" \/>- Hand-painted and prepared<br data-start=\"1194\" data-end=\"1197\" \/>- Compatible with my furniture sold separately in the store<br data-start=\"1261\" data-end=\"1264\" \/>- Perfect for dioramas, miniature scenes &amp; photo shoots<\/p>\n<hr data-start=\"1331\" data-end=\"1334\" \/>\n<h3 data-start=\"1336\" data-end=\"1358\">\u26a0\ufe0f Note artisanale<\/h3>\n<p data-start=\"1360\" data-end=\"1543\">Entirely handmade.<br data-start=\"1398\" data-end=\"1401\" \/>Slight variations in shape, color or finish may occur, as well as minor imperfections due to the handcrafted nature of the product.<\/p>\n<hr data-start=\"1545\" data-end=\"1548\" \/>\n<h3 data-start=\"1550\" data-end=\"1563\">\ud83d\udcf8 Photos<\/h3>\n<p data-start=\"1565\" data-end=\"1760\">The photos show <strong data-start=\"1589\" data-end=\"1618\">examples of staging<\/strong>.<br data-start=\"1619\" data-end=\"1622\" \/>\u27a1\ufe0f <strong data-start=\"1625\" data-end=\"1672\">Only the miniature cloud shelf is sold.<\/strong><br data-start=\"1672\" data-end=\"1675\" \/>Visible decorations and accessories are available separately in the store.<\/p>\n<p data-start=\"1762\" data-end=\"1846\">\ud83d\udcf8 More photos and inspiration :<br data-start=\"1797\" data-end=\"1800\" \/>\ud83d\udc49 <strong data-start=\"1803\" data-end=\"1846\"><a class=\"decorated-link\" href=\"https:\/\/www.instagram.com\/sunnyshop211\/\" target=\"_new\" rel=\"noopener\" data-start=\"1805\" data-end=\"1844\">https:\/\/www.instagram.com\/sunnyshop211\/<\/a><\/strong><\/p>\n<hr data-start=\"1848\" data-end=\"1851\" \/>\n<h3 data-start=\"1853\" data-end=\"1884\">\u26a0\ufe0f Important information<\/h3>\n<p data-start=\"1886\" data-end=\"2199\">- Accessory for adults - <strong data-start=\"1928\" data-end=\"1955\">this is not a toy<\/strong><br data-start=\"1955\" data-end=\"1958\" \/>- Strictly decorative use<br data-start=\"1987\" data-end=\"1990\" \/>- Made to order: please allow for the usual lead times (GTC &amp; delivery).<br data-start=\"2076\" data-end=\"2079\" \/>- Non-contractual photos - dolls not included<br data-start=\"2127\" data-end=\"2130\" \/>- I am not responsible for any damage incurred in transit.<\/p>\n<p data-start=\"2201\" data-end=\"2294\">\ud83e\udd0d <strong data-start=\"2204\" data-end=\"2294\">A miniature cloud shelf full of lightness to make your 1\/6 and 1\/4 scenes dream.<\/strong><\/p>","protected":false},"excerpt":{"rendered":"<p>\u00c9tag\u00e8re nuage miniature \u2013 1\/6 \u00b7 1\/4 Accessoire diorama \u2013 d\u00e9coration murale \u00c9tag\u00e8re nuage miniature sp\u00e9cialement con\u00e7ue pour customiser et d\u00e9corer vos dioramas, \u00e0 accrocher au mur pour apporter une touche douce, a\u00e9rienne et po\u00e9tique \u00e0 vos univers miniatures. Id\u00e9ale pour cr\u00e9er des sc\u00e8nes de chambre d\u2019enfant, nursery, d\u00e9cor f\u00e9erique ou ambiance cocooning. \u2728 Finition [&hellip;]<\/p>\n","protected":false},"featured_media":29582,"comment_status":"open","ping_status":"closed","template":"","meta":{"_crdt_document":"","jetpack_post_was_ever_published":false,"jetpack_publicize_message":"","jetpack_publicize_feature_enabled":true,"jetpack_social_post_already_shared":true,"jetpack_social_options":{"image_generator_settings":{"template":"highway","default_image_id":0,"font":"","enabled":false},"version":2}},"product_brand":[],"product_cat":[667686969],"product_tag":[667681137,667681278,667681145,667681143,667681341,667681136,667681284,667681142,667681234,667681226,667681233,667681272,667681343,667681239,667681348,667681225,667681241,667681242,667681340,667681139,667681426,667681236,667681261,667681232,667681173,667681237,667681280,667681177,667681277,667681235,667681344,667681260],"class_list":{"0":"post-2584","1":"product","2":"type-product","3":"status-publish","4":"has-post-thumbnail","6":"product_cat-decoration","7":"product_tag-baby","8":"product_tag-barbie","9":"product_tag-bed","10":"product_tag-bedroom","11":"product_tag-bid","12":"product_tag-bjd","13":"product_tag-blythe","14":"product_tag-chambre","15":"product_tag-diorama","16":"product_tag-doll","17":"product_tag-dollhouse","18":"product_tag-elowynn-wilde","19":"product_tag-etagere","20":"product_tag-fairyland","21":"product_tag-fashion-royalty","22":"product_tag-furniture","23":"product_tag-iplehouse","24":"product_tag-jid","25":"product_tag-kid","26":"product_tag-lati-yellow","27":"product_tag-littlefee","28":"product_tag-maison-de-poupee","29":"product_tag-meuble","30":"product_tag-miniature","31":"product_tag-minifee","32":"product_tag-msd","33":"product_tag-phicen","34":"product_tag-poupee","35":"product_tag-pullip","36":"product_tag-roombox","37":"product_tag-shelf","38":"product_tag-tonner","39":"product_shipping_class-lettre-suivie-3","40":"pa_couleur-beige","41":"pa_couleur-blanc","42":"pa_couleur-bleu","43":"pa_couleur-gris","44":"pa_couleur-marron","45":"pa_couleur-noir","46":"pa_couleur-non-peint","47":"pa_couleur-rose","48":"pa_couleur-rouge","49":"pa_couleur-shabby-blanc","50":"pa_couleur-vert","51":"pa_couleur-violet","53":"first","54":"instock","55":"taxable","56":"shipping-taxable","57":"purchasable","58":"product-type-variable"},"yoast_head":"<!-- This site is optimized with the Yoast SEO plugin v27.4 - https:\/\/yoast.com\/product\/yoast-seo-wordpress\/ -->\n<title>\u00c9tag\u00e8re nuage miniature 1\/6 1\/4 diorama Barbie, pullip, bjd minifee. -<\/title>\n<meta name=\"description\" content=\"\u00c9tag\u00e8re nuage miniature 1\/6 1\/4 diorama pour\u00a0 Barbie, pullip, bjd MSD, minifee. Id\u00e9al pour vos mises en sc\u00e8nes et vos dioramas\" \/>\n<meta name=\"robots\" content=\"index, follow, max-snippet:-1, max-image-preview:large, max-video-preview:-1\" \/>\n<link rel=\"canonical\" href=\"https:\/\/www.sunnyshop211.com\/en\/product\/etagere-nuage-miniature-1-6-1-4-diorama-barbie-pullip-bjd-minifee\/\" \/>\n<meta property=\"og:locale\" content=\"en_US\" \/>\n<meta property=\"og:type\" content=\"article\" \/>\n<meta property=\"og:title\" content=\"\u00c9tag\u00e8re nuage miniature 1\/6 1\/4 diorama Barbie, pullip, bjd minifee. -\" \/>\n<meta property=\"og:description\" content=\"\u00c9tag\u00e8re nuage miniature 1\/6 1\/4 diorama pour\u00a0 Barbie, pullip, bjd MSD, minifee. Id\u00e9al pour vos mises en sc\u00e8nes et vos dioramas\" \/>\n<meta property=\"og:url\" content=\"https:\/\/www.sunnyshop211.com\/en\/product\/etagere-nuage-miniature-1-6-1-4-diorama-barbie-pullip-bjd-minifee\/\" \/>\n<meta property=\"og:site_name\" content=\"Sunnyshop211 -Vente de dioramas, meubles, miniatures , bjd poup\u00e9es 1\/12 1\/8 1\/6 1\/4 1\/3\" \/>\n<meta property=\"article:publisher\" content=\"https:\/\/www.facebook.com\/sunnyshop211\/?ref=bookmarks\" \/>\n<meta property=\"article:modified_time\" content=\"2026-01-28T15:22:05+00:00\" \/>\n<meta property=\"og:image\" content=\"https:\/\/www.sunnyshop211.com\/wp-content\/uploads\/2019\/01\/lune-16-e1671371892492.jpg\" \/>\n\t<meta property=\"og:image:width\" content=\"1600\" \/>\n\t<meta property=\"og:image:height\" content=\"1553\" \/>\n\t<meta property=\"og:image:type\" content=\"image\/jpeg\" \/>\n<meta name=\"twitter:card\" content=\"summary_large_image\" \/>\n<meta name=\"twitter:site\" content=\"@sunnyshop211\" \/>\n<meta name=\"twitter:label1\" content=\"Est. reading time\" \/>\n\t<meta name=\"twitter:data1\" content=\"2 minutes\" \/>\n<script type=\"application\/ld+json\" class=\"yoast-schema-graph\">{\"@context\":\"https:\\\/\\\/schema.org\",\"@graph\":[{\"@type\":\"WebPage\",\"@id\":\"https:\\\/\\\/www.sunnyshop211.com\\\/produit\\\/etagere-nuage-miniature-1-6-1-4-diorama-barbie-pullip-bjd-minifee\\\/\",\"url\":\"https:\\\/\\\/www.sunnyshop211.com\\\/produit\\\/etagere-nuage-miniature-1-6-1-4-diorama-barbie-pullip-bjd-minifee\\\/\",\"name\":\"\u00c9tag\u00e8re nuage miniature 1\\\/6 1\\\/4 diorama Barbie, pullip, bjd minifee. -\",\"isPartOf\":{\"@id\":\"https:\\\/\\\/www.sunnyshop211.com\\\/#website\"},\"primaryImageOfPage\":{\"@id\":\"https:\\\/\\\/www.sunnyshop211.com\\\/produit\\\/etagere-nuage-miniature-1-6-1-4-diorama-barbie-pullip-bjd-minifee\\\/#primaryimage\"},\"image\":{\"@id\":\"https:\\\/\\\/www.sunnyshop211.com\\\/produit\\\/etagere-nuage-miniature-1-6-1-4-diorama-barbie-pullip-bjd-minifee\\\/#primaryimage\"},\"thumbnailUrl\":\"https:\\\/\\\/www.sunnyshop211.com\\\/wp-content\\\/uploads\\\/2019\\\/01\\\/lune-16-e1671371892492.jpg\",\"datePublished\":\"2019-01-09T18:23:02+00:00\",\"dateModified\":\"2026-01-28T15:22:05+00:00\",\"description\":\"\u00c9tag\u00e8re nuage miniature 1\\\/6 1\\\/4 diorama pour\u00a0 Barbie, pullip, bjd MSD, minifee. Id\u00e9al pour vos mises en sc\u00e8nes et vos dioramas\",\"breadcrumb\":{\"@id\":\"https:\\\/\\\/www.sunnyshop211.com\\\/produit\\\/etagere-nuage-miniature-1-6-1-4-diorama-barbie-pullip-bjd-minifee\\\/#breadcrumb\"},\"inLanguage\":\"en-US\",\"potentialAction\":[{\"@type\":\"ReadAction\",\"target\":[\"https:\\\/\\\/www.sunnyshop211.com\\\/produit\\\/etagere-nuage-miniature-1-6-1-4-diorama-barbie-pullip-bjd-minifee\\\/\"]}]},{\"@type\":\"ImageObject\",\"inLanguage\":\"en-US\",\"@id\":\"https:\\\/\\\/www.sunnyshop211.com\\\/produit\\\/etagere-nuage-miniature-1-6-1-4-diorama-barbie-pullip-bjd-minifee\\\/#primaryimage\",\"url\":\"https:\\\/\\\/www.sunnyshop211.com\\\/wp-content\\\/uploads\\\/2019\\\/01\\\/lune-16-e1671371892492.jpg\",\"contentUrl\":\"https:\\\/\\\/www.sunnyshop211.com\\\/wp-content\\\/uploads\\\/2019\\\/01\\\/lune-16-e1671371892492.jpg\",\"width\":1600,\"height\":1553,\"caption\":\"\u00c9tag\u00e8re nuage miniature\"},{\"@type\":\"BreadcrumbList\",\"@id\":\"https:\\\/\\\/www.sunnyshop211.com\\\/produit\\\/etagere-nuage-miniature-1-6-1-4-diorama-barbie-pullip-bjd-minifee\\\/#breadcrumb\",\"itemListElement\":[{\"@type\":\"ListItem\",\"position\":1,\"name\":\"Accueil\",\"item\":\"https:\\\/\\\/www.sunnyshop211.com\\\/\"},{\"@type\":\"ListItem\",\"position\":2,\"name\":\"Boutique\",\"item\":\"https:\\\/\\\/www.sunnyshop211.com\\\/boutique-miniature-bjd-dolls\\\/\"},{\"@type\":\"ListItem\",\"position\":3,\"name\":\"\u00c9tag\u00e8re nuage miniature 1\\\/6 1\\\/4 diorama Barbie, pullip, bjd minifee.\"}]},{\"@type\":\"WebSite\",\"@id\":\"https:\\\/\\\/www.sunnyshop211.com\\\/#website\",\"url\":\"https:\\\/\\\/www.sunnyshop211.com\\\/\",\"name\":\"Vente de dioramas, meubles, miniatures , bjd poup\u00e9es 1\\\/12 1\\\/8 1\\\/6 1\\\/4 1\\\/3\",\"description\":\"Sunnyshop211 - Votre univers miniature pour poup\u00e9es et BJD, dioramas et meubles sur mesure !\",\"publisher\":{\"@id\":\"https:\\\/\\\/www.sunnyshop211.com\\\/#organization\"},\"alternateName\":\"sunnyshop211\",\"potentialAction\":[{\"@type\":\"SearchAction\",\"target\":{\"@type\":\"EntryPoint\",\"urlTemplate\":\"https:\\\/\\\/www.sunnyshop211.com\\\/?s={search_term_string}\"},\"query-input\":{\"@type\":\"PropertyValueSpecification\",\"valueRequired\":true,\"valueName\":\"search_term_string\"}}],\"inLanguage\":\"en-US\"},{\"@type\":\"Organization\",\"@id\":\"https:\\\/\\\/www.sunnyshop211.com\\\/#organization\",\"name\":\"sunnyshop211\",\"alternateName\":\"sunnyshop211 diorama bjd meuble miniature\",\"url\":\"https:\\\/\\\/www.sunnyshop211.com\\\/\",\"logo\":{\"@type\":\"ImageObject\",\"inLanguage\":\"en-US\",\"@id\":\"https:\\\/\\\/www.sunnyshop211.com\\\/#\\\/schema\\\/logo\\\/image\\\/\",\"url\":\"https:\\\/\\\/www.sunnyshop211.com\\\/wp-content\\\/uploads\\\/2022\\\/08\\\/cropped-cropped-cropped-Sunnyshop211-1.png\",\"contentUrl\":\"https:\\\/\\\/www.sunnyshop211.com\\\/wp-content\\\/uploads\\\/2022\\\/08\\\/cropped-cropped-cropped-Sunnyshop211-1.png\",\"width\":339,\"height\":339,\"caption\":\"sunnyshop211\"},\"image\":{\"@id\":\"https:\\\/\\\/www.sunnyshop211.com\\\/#\\\/schema\\\/logo\\\/image\\\/\"},\"sameAs\":[\"https:\\\/\\\/www.facebook.com\\\/sunnyshop211\\\/?ref=bookmarks\",\"https:\\\/\\\/x.com\\\/sunnyshop211\",\"https:\\\/\\\/www.instagram.com\\\/sunnyshop211\\\/\",\"https:\\\/\\\/www.tumblr.com\\\/blog\\\/sunnyshop211\",\"https:\\\/\\\/www.youtube.com\\\/channel\\\/UCtYY18OGGDKrTSzgcf7fCBg\",\"https:\\\/\\\/www.tiktok.com\\\/@sunnydollshop211?is_from_webapp=1&sender_device=pc\"]}]}<\/script>\n<!-- \/ Yoast SEO plugin. -->","yoast_head_json":{"title":"Miniature cloud shelf 1\/6 1\/4 diorama Barbie, pullip, bjd minifee. -","description":"Miniature cloud shelf 1\/6 1\/4 diorama for Barbie, pullip, bjd MSD, minifee. Ideal for staging and dioramas.","robots":{"index":"index","follow":"follow","max-snippet":"max-snippet:-1","max-image-preview":"max-image-preview:large","max-video-preview":"max-video-preview:-1"},"canonical":"https:\/\/www.sunnyshop211.com\/en\/product\/etagere-nuage-miniature-1-6-1-4-diorama-barbie-pullip-bjd-minifee\/","og_locale":"en_US","og_type":"article","og_title":"\u00c9tag\u00e8re nuage miniature 1\/6 1\/4 diorama Barbie, pullip, bjd minifee. -","og_description":"\u00c9tag\u00e8re nuage miniature 1\/6 1\/4 diorama pour\u00a0 Barbie, pullip, bjd MSD, minifee. Id\u00e9al pour vos mises en sc\u00e8nes et vos dioramas","og_url":"https:\/\/www.sunnyshop211.com\/en\/product\/etagere-nuage-miniature-1-6-1-4-diorama-barbie-pullip-bjd-minifee\/","og_site_name":"Sunnyshop211 -Vente de dioramas, meubles, miniatures , bjd poup\u00e9es 1\/12 1\/8 1\/6 1\/4 1\/3","article_publisher":"https:\/\/www.facebook.com\/sunnyshop211\/?ref=bookmarks","article_modified_time":"2026-01-28T15:22:05+00:00","og_image":[{"width":1600,"height":1553,"url":"https:\/\/www.sunnyshop211.com\/wp-content\/uploads\/2019\/01\/lune-16-e1671371892492.jpg","type":"image\/jpeg"}],"twitter_card":"summary_large_image","twitter_site":"@sunnyshop211","twitter_misc":{"Est. reading time":"2 minutes"},"schema":{"@context":"https:\/\/schema.org","@graph":[{"@type":"WebPage","@id":"https:\/\/www.sunnyshop211.com\/produit\/etagere-nuage-miniature-1-6-1-4-diorama-barbie-pullip-bjd-minifee\/","url":"https:\/\/www.sunnyshop211.com\/produit\/etagere-nuage-miniature-1-6-1-4-diorama-barbie-pullip-bjd-minifee\/","name":"Miniature cloud shelf 1\/6 1\/4 diorama Barbie, pullip, bjd minifee. -","isPartOf":{"@id":"https:\/\/www.sunnyshop211.com\/#website"},"primaryImageOfPage":{"@id":"https:\/\/www.sunnyshop211.com\/produit\/etagere-nuage-miniature-1-6-1-4-diorama-barbie-pullip-bjd-minifee\/#primaryimage"},"image":{"@id":"https:\/\/www.sunnyshop211.com\/produit\/etagere-nuage-miniature-1-6-1-4-diorama-barbie-pullip-bjd-minifee\/#primaryimage"},"thumbnailUrl":"https:\/\/www.sunnyshop211.com\/wp-content\/uploads\/2019\/01\/lune-16-e1671371892492.jpg","datePublished":"2019-01-09T18:23:02+00:00","dateModified":"2026-01-28T15:22:05+00:00","description":"Miniature cloud shelf 1\/6 1\/4 diorama for Barbie, pullip, bjd MSD, minifee. Ideal for staging and dioramas.","breadcrumb":{"@id":"https:\/\/www.sunnyshop211.com\/produit\/etagere-nuage-miniature-1-6-1-4-diorama-barbie-pullip-bjd-minifee\/#breadcrumb"},"inLanguage":"en-US","potentialAction":[{"@type":"ReadAction","target":["https:\/\/www.sunnyshop211.com\/produit\/etagere-nuage-miniature-1-6-1-4-diorama-barbie-pullip-bjd-minifee\/"]}]},{"@type":"ImageObject","inLanguage":"en-US","@id":"https:\/\/www.sunnyshop211.com\/produit\/etagere-nuage-miniature-1-6-1-4-diorama-barbie-pullip-bjd-minifee\/#primaryimage","url":"https:\/\/www.sunnyshop211.com\/wp-content\/uploads\/2019\/01\/lune-16-e1671371892492.jpg","contentUrl":"https:\/\/www.sunnyshop211.com\/wp-content\/uploads\/2019\/01\/lune-16-e1671371892492.jpg","width":1600,"height":1553,"caption":"\u00c9tag\u00e8re nuage miniature"},{"@type":"BreadcrumbList","@id":"https:\/\/www.sunnyshop211.com\/produit\/etagere-nuage-miniature-1-6-1-4-diorama-barbie-pullip-bjd-minifee\/#breadcrumb","itemListElement":[{"@type":"ListItem","position":1,"name":"Accueil","item":"https:\/\/www.sunnyshop211.com\/"},{"@type":"ListItem","position":2,"name":"Boutique","item":"https:\/\/www.sunnyshop211.com\/boutique-miniature-bjd-dolls\/"},{"@type":"ListItem","position":3,"name":"\u00c9tag\u00e8re nuage miniature 1\/6 1\/4 diorama Barbie, pullip, bjd minifee."}]},{"@type":"WebSite","@id":"https:\/\/www.sunnyshop211.com\/#website","url":"https:\/\/www.sunnyshop211.com\/","name":"Sale of dioramas, furniture, miniatures, bjd dolls 1\/12 1\/8 1\/6 1\/4 1\/3","description":"Sunnyshop211 - Your miniature world for dolls and BJDs, dioramas and custom-made furniture!","publisher":{"@id":"https:\/\/www.sunnyshop211.com\/#organization"},"alternateName":"sunnyshop211","potentialAction":[{"@type":"SearchAction","target":{"@type":"EntryPoint","urlTemplate":"https:\/\/www.sunnyshop211.com\/?s={search_term_string}"},"query-input":{"@type":"PropertyValueSpecification","valueRequired":true,"valueName":"search_term_string"}}],"inLanguage":"en-US"},{"@type":"Organization","@id":"https:\/\/www.sunnyshop211.com\/#organization","name":"sunnyshop211","alternateName":"sunnyshop211 diorama bjd meuble miniature","url":"https:\/\/www.sunnyshop211.com\/","logo":{"@type":"ImageObject","inLanguage":"en-US","@id":"https:\/\/www.sunnyshop211.com\/#\/schema\/logo\/image\/","url":"https:\/\/www.sunnyshop211.com\/wp-content\/uploads\/2022\/08\/cropped-cropped-cropped-Sunnyshop211-1.png","contentUrl":"https:\/\/www.sunnyshop211.com\/wp-content\/uploads\/2022\/08\/cropped-cropped-cropped-Sunnyshop211-1.png","width":339,"height":339,"caption":"sunnyshop211"},"image":{"@id":"https:\/\/www.sunnyshop211.com\/#\/schema\/logo\/image\/"},"sameAs":["https:\/\/www.facebook.com\/sunnyshop211\/?ref=bookmarks","https:\/\/x.com\/sunnyshop211","https:\/\/www.instagram.com\/sunnyshop211\/","https:\/\/www.tumblr.com\/blog\/sunnyshop211","https:\/\/www.youtube.com\/channel\/UCtYY18OGGDKrTSzgcf7fCBg","https:\/\/www.tiktok.com\/@sunnydollshop211?is_from_webapp=1&sender_device=pc"]}]}},"jetpack_publicize_connections":[],"jetpack_sharing_enabled":true,"_links":{"self":[{"href":"https:\/\/www.sunnyshop211.com\/en\/wp-json\/wp\/v2\/product\/2584","targetHints":{"allow":["GET"]}}],"collection":[{"href":"https:\/\/www.sunnyshop211.com\/en\/wp-json\/wp\/v2\/product"}],"about":[{"href":"https:\/\/www.sunnyshop211.com\/en\/wp-json\/wp\/v2\/types\/product"}],"replies":[{"embeddable":true,"href":"https:\/\/www.sunnyshop211.com\/en\/wp-json\/wp\/v2\/comments?post=2584"}],"version-history":[{"count":6,"href":"https:\/\/www.sunnyshop211.com\/en\/wp-json\/wp\/v2\/product\/2584\/revisions"}],"predecessor-version":[{"id":53416,"href":"https:\/\/www.sunnyshop211.com\/en\/wp-json\/wp\/v2\/product\/2584\/revisions\/53416"}],"wp:featuredmedia":[{"embeddable":true,"href":"https:\/\/www.sunnyshop211.com\/en\/wp-json\/wp\/v2\/media\/29582"}],"wp:attachment":[{"href":"https:\/\/www.sunnyshop211.com\/en\/wp-json\/wp\/v2\/media?parent=2584"}],"wp:term":[{"taxonomy":"product_brand","embeddable":true,"href":"https:\/\/www.sunnyshop211.com\/en\/wp-json\/wp\/v2\/product_brand?post=2584"},{"taxonomy":"product_cat","embeddable":true,"href":"https:\/\/www.sunnyshop211.com\/en\/wp-json\/wp\/v2\/product_cat?post=2584"},{"taxonomy":"product_tag","embeddable":true,"href":"https:\/\/www.sunnyshop211.com\/en\/wp-json\/wp\/v2\/product_tag?post=2584"}],"curies":[{"name":"wp","href":"https:\/\/api.w.org\/{rel}","templated":true}]}}