{"id":24681,"date":"2022-08-26T09:23:00","date_gmt":"2022-08-26T08:23:00","guid":{"rendered":"https:\/\/sunnyshop211.com\/?post_type=product&#038;p=24681"},"modified":"2025-12-30T14:30:04","modified_gmt":"2025-12-30T13:30:04","slug":"bannette-de-rangement-miniature-1-4-minifee-msd","status":"publish","type":"product","link":"https:\/\/www.sunnyshop211.com\/en\/product\/bannette-de-rangement-miniature-1-4-minifee-msd\/","title":{"rendered":"1\/4 minifee storage bench, MSD"},"content":{"rendered":"<p>&nbsp;<\/p>\n<div id='gallery-1' class='gallery galleryid-24681 gallery-columns-3 gallery-size-thumbnail'><figure class='gallery-item'>\n\t\t\t<div class='gallery-icon landscape'>\n\t\t\t\t<a href='https:\/\/www.sunnyshop211.com\/en\/?attachment_id=24268'><img decoding=\"async\" width=\"150\" height=\"150\" src=\"https:\/\/www.sunnyshop211.com\/wp-content\/uploads\/2022\/08\/dressing-et-chat-21-150x150.jpg\" class=\"attachment-thumbnail size-thumbnail\" alt=\"Bannette rangement miniature 1\/4\" srcset=\"https:\/\/www.sunnyshop211.com\/wp-content\/uploads\/2022\/08\/dressing-et-chat-21-150x150.jpg 150w, https:\/\/www.sunnyshop211.com\/wp-content\/uploads\/2022\/08\/dressing-et-chat-21-scaled-500x500.jpg 500w, https:\/\/www.sunnyshop211.com\/wp-content\/uploads\/2022\/08\/dressing-et-chat-21-scaled-100x100.jpg 100w\" sizes=\"(max-width: 150px) 100vw, 150px\" \/><\/a>\n\t\t\t<\/div><\/figure><figure class='gallery-item'>\n\t\t\t<div class='gallery-icon portrait'>\n\t\t\t\t<a href='https:\/\/www.sunnyshop211.com\/en\/?attachment_id=24270'><img decoding=\"async\" width=\"150\" height=\"150\" src=\"https:\/\/www.sunnyshop211.com\/wp-content\/uploads\/2022\/08\/dressing-et-chat-23-150x150.jpg\" class=\"attachment-thumbnail size-thumbnail\" alt=\"\" srcset=\"https:\/\/www.sunnyshop211.com\/wp-content\/uploads\/2022\/08\/dressing-et-chat-23-150x150.jpg 150w, https:\/\/www.sunnyshop211.com\/wp-content\/uploads\/2022\/08\/dressing-et-chat-23-scaled-500x500.jpg 500w, https:\/\/www.sunnyshop211.com\/wp-content\/uploads\/2022\/08\/dressing-et-chat-23-scaled-100x100.jpg 100w\" sizes=\"(max-width: 150px) 100vw, 150px\" \/><\/a>\n\t\t\t<\/div><\/figure><figure class='gallery-item'>\n\t\t\t<div class='gallery-icon portrait'>\n\t\t\t\t<a href='https:\/\/www.sunnyshop211.com\/en\/?attachment_id=24261'><img decoding=\"async\" width=\"150\" height=\"150\" src=\"https:\/\/www.sunnyshop211.com\/wp-content\/uploads\/2022\/08\/dressing-et-chat-14-150x150.jpg\" class=\"attachment-thumbnail size-thumbnail\" alt=\"Dressing 1\/4 bjd minifee\" srcset=\"https:\/\/www.sunnyshop211.com\/wp-content\/uploads\/2022\/08\/dressing-et-chat-14-150x150.jpg 150w, https:\/\/www.sunnyshop211.com\/wp-content\/uploads\/2022\/08\/dressing-et-chat-14-scaled-500x500.jpg 500w, https:\/\/www.sunnyshop211.com\/wp-content\/uploads\/2022\/08\/dressing-et-chat-14-scaled-100x100.jpg 100w\" sizes=\"(max-width: 150px) 100vw, 150px\" \/><\/a>\n\t\t\t<\/div><\/figure><figure class='gallery-item'>\n\t\t\t<div class='gallery-icon portrait'>\n\t\t\t\t<a href='https:\/\/www.sunnyshop211.com\/en\/?attachment_id=24269'><img loading=\"lazy\" decoding=\"async\" width=\"150\" height=\"150\" src=\"https:\/\/www.sunnyshop211.com\/wp-content\/uploads\/2022\/08\/dressing-et-chat-22-150x150.jpg\" class=\"attachment-thumbnail size-thumbnail\" alt=\"Bannette rangement miniature 1\/4\" srcset=\"https:\/\/www.sunnyshop211.com\/wp-content\/uploads\/2022\/08\/dressing-et-chat-22-150x150.jpg 150w, https:\/\/www.sunnyshop211.com\/wp-content\/uploads\/2022\/08\/dressing-et-chat-22-scaled-500x500.jpg 500w, https:\/\/www.sunnyshop211.com\/wp-content\/uploads\/2022\/08\/dressing-et-chat-22-scaled-100x100.jpg 100w\" sizes=\"(max-width: 150px) 100vw, 150px\" \/><\/a>\n\t\t\t<\/div><\/figure>\n\t\t<\/div>\n\n<h2 data-start=\"202\" data-end=\"255\">Miniature storage bench - 1\/4 scale<\/h2>\n<h3 data-start=\"256\" data-end=\"286\">Minifee - MSD - Unoa - BJD<\/h3>\n<p data-start=\"288\" data-end=\"479\">Add a practical, realistic touch to your <strong data-start=\"335\" data-end=\"364\">miniature bathrooms<\/strong> with this <strong data-start=\"376\" data-end=\"411\">miniature storage banquette<\/strong>, ideal for organizing and highlighting your everyday scenes.<\/p>\n<p data-start=\"481\" data-end=\"628\">Perfect for storing towels, skincare products, linen or small accessories, it blends in naturally with all your home furnishings. <strong data-start=\"608\" data-end=\"627\">1\/4\" dioramas<\/strong>.<\/p>\n<hr data-start=\"630\" data-end=\"633\" \/>\n<h2 data-start=\"635\" data-end=\"656\">\u2728 Features<\/h2>\n<p data-start=\"658\" data-end=\"883\">- Scale : <strong data-start=\"670\" data-end=\"677\">1\/4<\/strong><br data-start=\"677\" data-end=\"680\" \/>- Compatible with : Minifee, MSD, Unoa, BJD and equivalent dolls<br data-start=\"754\" data-end=\"757\" \/>- Width : <strong data-start=\"769\" data-end=\"777\">8 cm<\/strong><br data-start=\"777\" data-end=\"780\" \/>- Sold <strong data-start=\"789\" data-end=\"797\">vacuum<\/strong><br data-start=\"797\" data-end=\"800\" \/>- Ideal for: miniature bathroom, bedroom, laundry room or everyday scene<\/p>\n<p data-start=\"885\" data-end=\"949\">\ud83d\udc49 <strong data-start=\"888\" data-end=\"949\">The price corresponds to a miniature storage banquette.<\/strong><\/p>\n<hr data-start=\"951\" data-end=\"954\" \/>\n<h2 data-start=\"956\" data-end=\"989\">\ud83c\udfe1 Use &amp; compatibility<\/h2>\n<p data-start=\"991\" data-end=\"1182\">- Compatible with my <strong data-start=\"1013\" data-end=\"1035\">miniature furniture<\/strong> sold separately<br data-start=\"1053\" data-end=\"1056\" \/>- Perfect for your <strong data-start=\"1076\" data-end=\"1112\">realistic and cosy settings<\/strong><br data-start=\"1112\" data-end=\"1115\" \/>- Suitable for <strong data-start=\"1141\" data-end=\"1151\">photos<\/strong> than <strong data-start=\"1159\" data-end=\"1182\">permanent dioramas<\/strong><\/p>\n<hr data-start=\"1184\" data-end=\"1187\" \/>\n<h2 data-start=\"1189\" data-end=\"1218\">\ud83d\udd90\ufe0f Craft manufacturing<\/h2>\n<p data-start=\"1220\" data-end=\"1300\">Each banner is <strong data-start=\"1240\" data-end=\"1267\">handcrafted<\/strong>.<br data-start=\"1268\" data-end=\"1271\" \/>As a result, there may be :<\/p>\n<p data-start=\"1302\" data-end=\"1385\">- slight variations in shape or color<br data-start=\"1348\" data-end=\"1351\" \/>- a few minor imperfections<\/p>\n<p data-start=\"1387\" data-end=\"1413\">\u2728 Each piece is unique.<\/p>\n<hr data-start=\"1415\" data-end=\"1418\" \/>\n<h2 data-start=\"1420\" data-end=\"1450\">\ud83d\udcf8 Important information<\/h2>\n<p data-start=\"1452\" data-end=\"1635\">- The photos are <strong data-start=\"1474\" data-end=\"1500\">decoration examples<\/strong><br data-start=\"1500\" data-end=\"1503\" \/>\u2022 <strong data-start=\"1505\" data-end=\"1537\">Only the banner is sold<\/strong><br data-start=\"1537\" data-end=\"1540\" \/>- Other accessories shown in the photos are available separately in the store.<\/p>\n<p data-start=\"1637\" data-end=\"1724\">\ud83d\udcf8 For more photos and inspiration :<br data-start=\"1679\" data-end=\"1682\" \/>\ud83d\udc49 <a class=\"decorated-link\" href=\"https:\/\/www.instagram.com\/sunnyshop211\/\" target=\"_new\" rel=\"noopener\" data-start=\"1685\" data-end=\"1724\">https:\/\/www.instagram.com\/sunnyshop211\/<\/a><\/p>\n<hr data-start=\"1726\" data-end=\"1729\" \/>\n<h2 data-start=\"1731\" data-end=\"1753\">\u26a0\ufe0f Imprint<\/h2>\n<p data-start=\"1755\" data-end=\"2024\">\u2022 <strong data-start=\"1757\" data-end=\"1784\">This is not a toy<\/strong><br data-start=\"1784\" data-end=\"1787\" \/>- Article for a <strong data-start=\"1810\" data-end=\"1845\">adult and collector audiences<\/strong><br data-start=\"1845\" data-end=\"1848\" \/>\u2022 <strong data-start=\"1850\" data-end=\"1874\">Made to order<\/strong> - please allow for normal manufacturing and delivery times<br data-start=\"1950\" data-end=\"1953\" \/>- I am not responsible for any damage in transit.<\/p>\n<hr data-start=\"2026\" data-end=\"2029\" \/>\n<p data-start=\"2031\" data-end=\"2157\">\ud83d\udec1 <strong data-start=\"2034\" data-end=\"2157\">A simple, practical and realistic accessory for structuring your miniature scenes and bringing your interiors to life at 1\/4.<\/strong><\/p>","protected":false},"excerpt":{"rendered":"<p>&nbsp; Bannette de rangement miniature \u2013 \u00c9chelle 1\/4 Minifee \u00b7 MSD \u00b7 Unoa \u00b7 BJD Apportez une touche pratique et r\u00e9aliste \u00e0 vos salles de bain miniatures avec cette bannette de rangement miniature, id\u00e9ale pour organiser et mettre en valeur vos sc\u00e8nes du quotidien. Parfaite pour y disposer serviettes, produits de soin, linge ou petits [&hellip;]<\/p>\n","protected":false},"featured_media":24268,"comment_status":"open","ping_status":"closed","template":"","meta":{"_crdt_document":"","jetpack_post_was_ever_published":false,"jetpack_publicize_message":"","jetpack_publicize_feature_enabled":true,"jetpack_social_post_already_shared":true,"jetpack_social_options":{"image_generator_settings":{"template":"highway","default_image_id":0,"font":"","enabled":false},"version":2}},"product_brand":[],"product_cat":[667687010],"product_tag":[667681137,667685045,667685043,667681138,667681136,667681588,667685049,667681364,667681363,667682262,667685028,667685026,667685061,667685059,667685067,667685069,667685032,667685051,667683243,667682326,667681139,667682310,667685057,667681426,667685030,667685041,667681232,667681173,667681141,667681218,667681140,667682322,667681324,667685034,667685053,667684439,667685055,667682308],"class_list":{"0":"post-24681","1":"product","2":"type-product","3":"status-publish","4":"has-post-thumbnail","6":"product_cat-etageres-rangement-decoratif","7":"product_tag-baby","8":"product_tag-beaute","9":"product_tag-beauty","10":"product_tag-bebe","11":"product_tag-bjd","12":"product_tag-brosse","13":"product_tag-brush","14":"product_tag-cat","15":"product_tag-chat","16":"product_tag-cigne-bascule","17":"product_tag-cream","18":"product_tag-creme","19":"product_tag-curling-iron","20":"product_tag-fer-a-boucler","21":"product_tag-fleur-de-douche","22":"product_tag-flower-shower","23":"product_tag-gommage","24":"product_tag-hair-dryer","25":"product_tag-headband","26":"product_tag-lapin","27":"product_tag-lati-yellow","28":"product_tag-licorne","29":"product_tag-lisseur","30":"product_tag-littlefee","31":"product_tag-mask","32":"product_tag-masque","33":"product_tag-miniature","34":"product_tag-minifee","35":"product_tag-nappy-choo","36":"product_tag-portique","37":"product_tag-pukifee","38":"product_tag-rabbit","39":"product_tag-rocking-chair","40":"product_tag-scrub","41":"product_tag-seche-cheveux","42":"product_tag-sere-tete","43":"product_tag-straightener","44":"product_tag-unicorn","45":"product_shipping_class-colissimo-5","46":"pa_couleur-argent-silver","47":"pa_couleur-blank","48":"pa_couleur-noir","49":"pa_couleur-rose-pink","51":"first","52":"instock","53":"taxable","54":"shipping-taxable","55":"purchasable","56":"product-type-variable"},"yoast_head":"<!-- This site is optimized with the Yoast SEO plugin v27.4 - https:\/\/yoast.com\/product\/yoast-seo-wordpress\/ -->\n<title>Bannette de rangement miniature 1\/4 minifee, MSD -<\/title>\n<meta name=\"description\" content=\"Bannette de rangement \/Laundry bin miniature 1\/4 minifee, MSD, unoa ou similaire. Id\u00e9al pour vos salle de bain miniature.\" \/>\n<meta name=\"robots\" content=\"index, follow, max-snippet:-1, max-image-preview:large, max-video-preview:-1\" \/>\n<link rel=\"canonical\" href=\"https:\/\/www.sunnyshop211.com\/en\/product\/bannette-de-rangement-miniature-1-4-minifee-msd\/\" \/>\n<meta property=\"og:locale\" content=\"en_US\" \/>\n<meta property=\"og:type\" content=\"article\" \/>\n<meta property=\"og:title\" content=\"Bannette de rangement miniature 1\/4 minifee, MSD -\" \/>\n<meta property=\"og:description\" content=\"Bannette de rangement \/Laundry bin miniature 1\/4 minifee, MSD, unoa ou similaire. Id\u00e9al pour vos salle de bain miniature.\" \/>\n<meta property=\"og:url\" content=\"https:\/\/www.sunnyshop211.com\/en\/product\/bannette-de-rangement-miniature-1-4-minifee-msd\/\" \/>\n<meta property=\"og:site_name\" content=\"Sunnyshop211 -Vente de dioramas, meubles, miniatures , bjd poup\u00e9es 1\/12 1\/8 1\/6 1\/4 1\/3\" \/>\n<meta property=\"article:publisher\" content=\"https:\/\/www.facebook.com\/sunnyshop211\/?ref=bookmarks\" \/>\n<meta property=\"article:modified_time\" content=\"2025-12-30T13:30:04+00:00\" \/>\n<meta property=\"og:image\" content=\"https:\/\/www.sunnyshop211.com\/wp-content\/uploads\/2022\/08\/dressing-et-chat-21-scaled.jpg\" \/>\n\t<meta property=\"og:image:width\" content=\"2560\" \/>\n\t<meta property=\"og:image:height\" content=\"1707\" \/>\n\t<meta property=\"og:image:type\" content=\"image\/jpeg\" \/>\n<meta name=\"twitter:card\" content=\"summary_large_image\" \/>\n<meta name=\"twitter:site\" content=\"@sunnyshop211\" \/>\n<meta name=\"twitter:label1\" content=\"Est. reading time\" \/>\n\t<meta name=\"twitter:data1\" content=\"2 minutes\" \/>\n<script type=\"application\/ld+json\" class=\"yoast-schema-graph\">{\"@context\":\"https:\\\/\\\/schema.org\",\"@graph\":[{\"@type\":\"WebPage\",\"@id\":\"https:\\\/\\\/www.sunnyshop211.com\\\/produit\\\/bannette-de-rangement-miniature-1-4-minifee-msd\\\/\",\"url\":\"https:\\\/\\\/www.sunnyshop211.com\\\/produit\\\/bannette-de-rangement-miniature-1-4-minifee-msd\\\/\",\"name\":\"Bannette de rangement miniature 1\\\/4 minifee, MSD -\",\"isPartOf\":{\"@id\":\"https:\\\/\\\/www.sunnyshop211.com\\\/#website\"},\"primaryImageOfPage\":{\"@id\":\"https:\\\/\\\/www.sunnyshop211.com\\\/produit\\\/bannette-de-rangement-miniature-1-4-minifee-msd\\\/#primaryimage\"},\"image\":{\"@id\":\"https:\\\/\\\/www.sunnyshop211.com\\\/produit\\\/bannette-de-rangement-miniature-1-4-minifee-msd\\\/#primaryimage\"},\"thumbnailUrl\":\"https:\\\/\\\/www.sunnyshop211.com\\\/wp-content\\\/uploads\\\/2022\\\/08\\\/dressing-et-chat-21-scaled.jpg\",\"datePublished\":\"2022-08-26T08:23:00+00:00\",\"dateModified\":\"2025-12-30T13:30:04+00:00\",\"description\":\"Bannette de rangement \\\/Laundry bin miniature 1\\\/4 minifee, MSD, unoa ou similaire. Id\u00e9al pour vos salle de bain miniature.\",\"breadcrumb\":{\"@id\":\"https:\\\/\\\/www.sunnyshop211.com\\\/produit\\\/bannette-de-rangement-miniature-1-4-minifee-msd\\\/#breadcrumb\"},\"inLanguage\":\"en-US\",\"potentialAction\":[{\"@type\":\"ReadAction\",\"target\":[\"https:\\\/\\\/www.sunnyshop211.com\\\/produit\\\/bannette-de-rangement-miniature-1-4-minifee-msd\\\/\"]}]},{\"@type\":\"ImageObject\",\"inLanguage\":\"en-US\",\"@id\":\"https:\\\/\\\/www.sunnyshop211.com\\\/produit\\\/bannette-de-rangement-miniature-1-4-minifee-msd\\\/#primaryimage\",\"url\":\"https:\\\/\\\/www.sunnyshop211.com\\\/wp-content\\\/uploads\\\/2022\\\/08\\\/dressing-et-chat-21-scaled.jpg\",\"contentUrl\":\"https:\\\/\\\/www.sunnyshop211.com\\\/wp-content\\\/uploads\\\/2022\\\/08\\\/dressing-et-chat-21-scaled.jpg\",\"width\":2560,\"height\":1707,\"caption\":\"Bannette rangement miniature 1\\\/4\"},{\"@type\":\"BreadcrumbList\",\"@id\":\"https:\\\/\\\/www.sunnyshop211.com\\\/produit\\\/bannette-de-rangement-miniature-1-4-minifee-msd\\\/#breadcrumb\",\"itemListElement\":[{\"@type\":\"ListItem\",\"position\":1,\"name\":\"Accueil\",\"item\":\"https:\\\/\\\/www.sunnyshop211.com\\\/\"},{\"@type\":\"ListItem\",\"position\":2,\"name\":\"Boutique\",\"item\":\"https:\\\/\\\/www.sunnyshop211.com\\\/boutique-miniature-bjd-dolls\\\/\"},{\"@type\":\"ListItem\",\"position\":3,\"name\":\"Bannette de rangement miniature 1\\\/4 minifee, MSD\"}]},{\"@type\":\"WebSite\",\"@id\":\"https:\\\/\\\/www.sunnyshop211.com\\\/#website\",\"url\":\"https:\\\/\\\/www.sunnyshop211.com\\\/\",\"name\":\"Vente de dioramas, meubles, miniatures , bjd poup\u00e9es 1\\\/12 1\\\/8 1\\\/6 1\\\/4 1\\\/3\",\"description\":\"Sunnyshop211 - Votre univers miniature pour poup\u00e9es et BJD, dioramas et meubles sur mesure !\",\"publisher\":{\"@id\":\"https:\\\/\\\/www.sunnyshop211.com\\\/#organization\"},\"alternateName\":\"sunnyshop211\",\"potentialAction\":[{\"@type\":\"SearchAction\",\"target\":{\"@type\":\"EntryPoint\",\"urlTemplate\":\"https:\\\/\\\/www.sunnyshop211.com\\\/?s={search_term_string}\"},\"query-input\":{\"@type\":\"PropertyValueSpecification\",\"valueRequired\":true,\"valueName\":\"search_term_string\"}}],\"inLanguage\":\"en-US\"},{\"@type\":\"Organization\",\"@id\":\"https:\\\/\\\/www.sunnyshop211.com\\\/#organization\",\"name\":\"sunnyshop211\",\"alternateName\":\"sunnyshop211 diorama bjd meuble miniature\",\"url\":\"https:\\\/\\\/www.sunnyshop211.com\\\/\",\"logo\":{\"@type\":\"ImageObject\",\"inLanguage\":\"en-US\",\"@id\":\"https:\\\/\\\/www.sunnyshop211.com\\\/#\\\/schema\\\/logo\\\/image\\\/\",\"url\":\"https:\\\/\\\/www.sunnyshop211.com\\\/wp-content\\\/uploads\\\/2022\\\/08\\\/cropped-cropped-cropped-Sunnyshop211-1.png\",\"contentUrl\":\"https:\\\/\\\/www.sunnyshop211.com\\\/wp-content\\\/uploads\\\/2022\\\/08\\\/cropped-cropped-cropped-Sunnyshop211-1.png\",\"width\":339,\"height\":339,\"caption\":\"sunnyshop211\"},\"image\":{\"@id\":\"https:\\\/\\\/www.sunnyshop211.com\\\/#\\\/schema\\\/logo\\\/image\\\/\"},\"sameAs\":[\"https:\\\/\\\/www.facebook.com\\\/sunnyshop211\\\/?ref=bookmarks\",\"https:\\\/\\\/x.com\\\/sunnyshop211\",\"https:\\\/\\\/www.instagram.com\\\/sunnyshop211\\\/\",\"https:\\\/\\\/www.tumblr.com\\\/blog\\\/sunnyshop211\",\"https:\\\/\\\/www.youtube.com\\\/channel\\\/UCtYY18OGGDKrTSzgcf7fCBg\",\"https:\\\/\\\/www.tiktok.com\\\/@sunnydollshop211?is_from_webapp=1&sender_device=pc\"]}]}<\/script>\n<!-- \/ Yoast SEO plugin. -->","yoast_head_json":{"title":"Miniature storage basket 1\/4 minifee, MSD -","description":"Bannette de rangement \/Laundry bin miniature 1\/4 minifee, MSD, unoa or similar. Ideal for your miniature bathroom.","robots":{"index":"index","follow":"follow","max-snippet":"max-snippet:-1","max-image-preview":"max-image-preview:large","max-video-preview":"max-video-preview:-1"},"canonical":"https:\/\/www.sunnyshop211.com\/en\/product\/bannette-de-rangement-miniature-1-4-minifee-msd\/","og_locale":"en_US","og_type":"article","og_title":"Bannette de rangement miniature 1\/4 minifee, MSD -","og_description":"Bannette de rangement \/Laundry bin miniature 1\/4 minifee, MSD, unoa ou similaire. Id\u00e9al pour vos salle de bain miniature.","og_url":"https:\/\/www.sunnyshop211.com\/en\/product\/bannette-de-rangement-miniature-1-4-minifee-msd\/","og_site_name":"Sunnyshop211 -Vente de dioramas, meubles, miniatures , bjd poup\u00e9es 1\/12 1\/8 1\/6 1\/4 1\/3","article_publisher":"https:\/\/www.facebook.com\/sunnyshop211\/?ref=bookmarks","article_modified_time":"2025-12-30T13:30:04+00:00","og_image":[{"width":2560,"height":1707,"url":"https:\/\/www.sunnyshop211.com\/wp-content\/uploads\/2022\/08\/dressing-et-chat-21-scaled.jpg","type":"image\/jpeg"}],"twitter_card":"summary_large_image","twitter_site":"@sunnyshop211","twitter_misc":{"Est. reading time":"2 minutes"},"schema":{"@context":"https:\/\/schema.org","@graph":[{"@type":"WebPage","@id":"https:\/\/www.sunnyshop211.com\/produit\/bannette-de-rangement-miniature-1-4-minifee-msd\/","url":"https:\/\/www.sunnyshop211.com\/produit\/bannette-de-rangement-miniature-1-4-minifee-msd\/","name":"Miniature storage basket 1\/4 minifee, MSD -","isPartOf":{"@id":"https:\/\/www.sunnyshop211.com\/#website"},"primaryImageOfPage":{"@id":"https:\/\/www.sunnyshop211.com\/produit\/bannette-de-rangement-miniature-1-4-minifee-msd\/#primaryimage"},"image":{"@id":"https:\/\/www.sunnyshop211.com\/produit\/bannette-de-rangement-miniature-1-4-minifee-msd\/#primaryimage"},"thumbnailUrl":"https:\/\/www.sunnyshop211.com\/wp-content\/uploads\/2022\/08\/dressing-et-chat-21-scaled.jpg","datePublished":"2022-08-26T08:23:00+00:00","dateModified":"2025-12-30T13:30:04+00:00","description":"Bannette de rangement \/Laundry bin miniature 1\/4 minifee, MSD, unoa or similar. Ideal for your miniature bathroom.","breadcrumb":{"@id":"https:\/\/www.sunnyshop211.com\/produit\/bannette-de-rangement-miniature-1-4-minifee-msd\/#breadcrumb"},"inLanguage":"en-US","potentialAction":[{"@type":"ReadAction","target":["https:\/\/www.sunnyshop211.com\/produit\/bannette-de-rangement-miniature-1-4-minifee-msd\/"]}]},{"@type":"ImageObject","inLanguage":"en-US","@id":"https:\/\/www.sunnyshop211.com\/produit\/bannette-de-rangement-miniature-1-4-minifee-msd\/#primaryimage","url":"https:\/\/www.sunnyshop211.com\/wp-content\/uploads\/2022\/08\/dressing-et-chat-21-scaled.jpg","contentUrl":"https:\/\/www.sunnyshop211.com\/wp-content\/uploads\/2022\/08\/dressing-et-chat-21-scaled.jpg","width":2560,"height":1707,"caption":"Bannette rangement miniature 1\/4"},{"@type":"BreadcrumbList","@id":"https:\/\/www.sunnyshop211.com\/produit\/bannette-de-rangement-miniature-1-4-minifee-msd\/#breadcrumb","itemListElement":[{"@type":"ListItem","position":1,"name":"Accueil","item":"https:\/\/www.sunnyshop211.com\/"},{"@type":"ListItem","position":2,"name":"Boutique","item":"https:\/\/www.sunnyshop211.com\/boutique-miniature-bjd-dolls\/"},{"@type":"ListItem","position":3,"name":"Bannette de rangement miniature 1\/4 minifee, MSD"}]},{"@type":"WebSite","@id":"https:\/\/www.sunnyshop211.com\/#website","url":"https:\/\/www.sunnyshop211.com\/","name":"Sale of dioramas, furniture, miniatures, bjd dolls 1\/12 1\/8 1\/6 1\/4 1\/3","description":"Sunnyshop211 - Your miniature world for dolls and BJDs, dioramas and custom-made furniture!","publisher":{"@id":"https:\/\/www.sunnyshop211.com\/#organization"},"alternateName":"sunnyshop211","potentialAction":[{"@type":"SearchAction","target":{"@type":"EntryPoint","urlTemplate":"https:\/\/www.sunnyshop211.com\/?s={search_term_string}"},"query-input":{"@type":"PropertyValueSpecification","valueRequired":true,"valueName":"search_term_string"}}],"inLanguage":"en-US"},{"@type":"Organization","@id":"https:\/\/www.sunnyshop211.com\/#organization","name":"sunnyshop211","alternateName":"sunnyshop211 diorama bjd meuble miniature","url":"https:\/\/www.sunnyshop211.com\/","logo":{"@type":"ImageObject","inLanguage":"en-US","@id":"https:\/\/www.sunnyshop211.com\/#\/schema\/logo\/image\/","url":"https:\/\/www.sunnyshop211.com\/wp-content\/uploads\/2022\/08\/cropped-cropped-cropped-Sunnyshop211-1.png","contentUrl":"https:\/\/www.sunnyshop211.com\/wp-content\/uploads\/2022\/08\/cropped-cropped-cropped-Sunnyshop211-1.png","width":339,"height":339,"caption":"sunnyshop211"},"image":{"@id":"https:\/\/www.sunnyshop211.com\/#\/schema\/logo\/image\/"},"sameAs":["https:\/\/www.facebook.com\/sunnyshop211\/?ref=bookmarks","https:\/\/x.com\/sunnyshop211","https:\/\/www.instagram.com\/sunnyshop211\/","https:\/\/www.tumblr.com\/blog\/sunnyshop211","https:\/\/www.youtube.com\/channel\/UCtYY18OGGDKrTSzgcf7fCBg","https:\/\/www.tiktok.com\/@sunnydollshop211?is_from_webapp=1&sender_device=pc"]}]}},"jetpack_publicize_connections":[],"jetpack_sharing_enabled":true,"_links":{"self":[{"href":"https:\/\/www.sunnyshop211.com\/en\/wp-json\/wp\/v2\/product\/24681","targetHints":{"allow":["GET"]}}],"collection":[{"href":"https:\/\/www.sunnyshop211.com\/en\/wp-json\/wp\/v2\/product"}],"about":[{"href":"https:\/\/www.sunnyshop211.com\/en\/wp-json\/wp\/v2\/types\/product"}],"replies":[{"embeddable":true,"href":"https:\/\/www.sunnyshop211.com\/en\/wp-json\/wp\/v2\/comments?post=24681"}],"version-history":[{"count":8,"href":"https:\/\/www.sunnyshop211.com\/en\/wp-json\/wp\/v2\/product\/24681\/revisions"}],"predecessor-version":[{"id":53544,"href":"https:\/\/www.sunnyshop211.com\/en\/wp-json\/wp\/v2\/product\/24681\/revisions\/53544"}],"wp:featuredmedia":[{"embeddable":true,"href":"https:\/\/www.sunnyshop211.com\/en\/wp-json\/wp\/v2\/media\/24268"}],"wp:attachment":[{"href":"https:\/\/www.sunnyshop211.com\/en\/wp-json\/wp\/v2\/media?parent=24681"}],"wp:term":[{"taxonomy":"product_brand","embeddable":true,"href":"https:\/\/www.sunnyshop211.com\/en\/wp-json\/wp\/v2\/product_brand?post=24681"},{"taxonomy":"product_cat","embeddable":true,"href":"https:\/\/www.sunnyshop211.com\/en\/wp-json\/wp\/v2\/product_cat?post=24681"},{"taxonomy":"product_tag","embeddable":true,"href":"https:\/\/www.sunnyshop211.com\/en\/wp-json\/wp\/v2\/product_tag?post=24681"}],"curies":[{"name":"wp","href":"https:\/\/api.w.org\/{rel}","templated":true}]}}