{"id":24216,"date":"2022-08-12T15:38:55","date_gmt":"2022-08-12T14:38:55","guid":{"rendered":"https:\/\/sunnyshop211.com\/?post_type=product&#038;p=24216"},"modified":"2025-12-30T14:55:47","modified_gmt":"2025-12-30T13:55:47","slug":"miroir-lumineux-1-4-bjd-minifee-msd-unoa","status":"publish","type":"product","link":"https:\/\/www.sunnyshop211.com\/en\/product\/miroir-lumineux-1-4-bjd-minifee-msd-unoa\/","title":{"rendered":"Light mirror 1\/4 bjd minifee MSD, unoa,"},"content":{"rendered":"<p>&nbsp;<\/p>\n<p><img fetchpriority=\"high\" decoding=\"async\" class=\"alignnone size-medium wp-image-24254\" src=\"https:\/\/www.sunnyshop211.com\/wp-content\/uploads\/2022\/08\/dressing-et-chat-7-300x200.jpg\" alt=\"\" width=\"300\" height=\"200\" \/><img decoding=\"async\" class=\"alignnone wp-image-24255 size-medium\" src=\"https:\/\/www.sunnyshop211.com\/wp-content\/uploads\/2022\/08\/dressing-et-chat-8-300x200.jpg\" alt=\"Miroir lumineux 1\/4 minifee\" width=\"300\" height=\"200\" \/><img decoding=\"async\" class=\"alignnone size-medium wp-image-24252\" src=\"https:\/\/www.sunnyshop211.com\/wp-content\/uploads\/2022\/08\/dressing-et-chat-5-300x200.jpg\" alt=\"\" width=\"300\" height=\"200\" \/><img loading=\"lazy\" decoding=\"async\" class=\"alignnone wp-image-24176 size-medium\" src=\"https:\/\/www.sunnyshop211.com\/wp-content\/uploads\/2022\/08\/VideoCapture_20220812-155109-169x300.jpg\" alt=\"Miroir lumineux 1\/4 minifee\" width=\"169\" height=\"300\" \/><img loading=\"lazy\" decoding=\"async\" class=\"alignnone size-medium wp-image-24177\" src=\"https:\/\/www.sunnyshop211.com\/wp-content\/uploads\/2022\/08\/VideoCapture_20220812-155151-169x300.jpg\" alt=\"\" width=\"169\" height=\"300\" \/><\/p>\n<p>&nbsp;<\/p>\n<h2 data-start=\"246\" data-end=\"293\">Miniature light mirror - 1\/4 scale<\/h2>\n<h3 data-start=\"294\" data-end=\"341\">Diorama BJD - MSD - Minifee - Unoa - Tonner<\/h3>\n<p data-start=\"343\" data-end=\"582\">Add a <strong data-start=\"355\" data-end=\"382\">chic, realistic touch<\/strong> to your productions with this <strong data-start=\"412\" data-end=\"441\">miniature light mirror<\/strong>, inspired by lodge mirrors.<br data-start=\"471\" data-end=\"474\" \/>An ideal accessory for <strong data-start=\"503\" data-end=\"566\">dressing tables, dressing rooms, photo studios or miniature bedrooms<\/strong> in 1\/4 format \u2728<\/p>\n<hr data-start=\"584\" data-end=\"587\" \/>\n<h2 data-start=\"589\" data-end=\"610\">\u2728 Features<\/h2>\n<p data-start=\"612\" data-end=\"792\">- Scale : <strong data-start=\"624\" data-end=\"631\">1\/4<\/strong><br data-start=\"631\" data-end=\"634\" \/>- Compatible with : Minifee, MSD, Unoa, Tonner and equivalent dolls<br data-start=\"711\" data-end=\"714\" \/>- Style: <strong data-start=\"724\" data-end=\"754\">modern \/ dressing table \/ dressing room<\/strong><br data-start=\"754\" data-end=\"757\" \/>- Accessories <strong data-start=\"770\" data-end=\"792\">fictitious - decorative<\/strong><\/p>\n<hr data-start=\"794\" data-end=\"797\" \/>\n<h2 data-start=\"799\" data-end=\"815\">\ud83d\udccf Dimensions<\/h2>\n<p data-start=\"817\" data-end=\"919\">- Length : <strong data-start=\"830\" data-end=\"839\">14 cm<\/strong><br data-start=\"839\" data-end=\"842\" \/>- Width : <strong data-start=\"854\" data-end=\"863\">12 cm<\/strong><br data-start=\"863\" data-end=\"866\" \/>- Depth : <strong data-start=\"881\" data-end=\"889\">4 cm<\/strong><br data-start=\"889\" data-end=\"892\" \/>(5.51 x 4.72 x 1.57 inches)<\/p>\n<hr data-start=\"921\" data-end=\"924\" \/>\n<h2 data-start=\"926\" data-end=\"950\">\ud83d\udd0c Technical details<\/h2>\n<p data-start=\"952\" data-end=\"1164\">- Integrated mirror plate<br data-start=\"976\" data-end=\"979\" \/>- Surroundings in <strong data-start=\"994\" data-end=\"1017\">white-painted wood<\/strong><br data-start=\"1017\" data-end=\"1020\" \/>- About <strong data-start=\"1030\" data-end=\"1049\">10 LED bulbs<\/strong> decorative<br data-start=\"1061\" data-end=\"1064\" \/>\u2022 <strong data-start=\"1066\" data-end=\"1091\">On \/ off button<\/strong> located on the side<br data-start=\"1109\" data-end=\"1112\" \/>- LED light for warm, lifelike illumination<\/p>\n<hr data-start=\"1166\" data-end=\"1169\" \/>\n<h2 data-start=\"1171\" data-end=\"1200\">\ud83d\udd90\ufe0f Craft manufacturing<\/h2>\n<p data-start=\"1202\" data-end=\"1387\">This mirror is <strong data-start=\"1216\" data-end=\"1242\">handcrafted<\/strong>, which implies :<br data-start=\"1261\" data-end=\"1264\" \/>- slight variations in shape or color<br data-start=\"1310\" data-end=\"1313\" \/>- a few minor imperfections<br data-start=\"1355\" data-end=\"1358\" \/>- every part is <strong data-start=\"1377\" data-end=\"1387\">unique<\/strong><\/p>\n<hr data-start=\"1389\" data-end=\"1392\" \/>\n<h2 data-start=\"1394\" data-end=\"1427\">\ud83c\udfe1 Use &amp; compatibility<\/h2>\n<p data-start=\"1429\" data-end=\"1664\">- Perfect for :<br data-start=\"1445\" data-end=\"1448\" \/>- miniature dressing table<br data-start=\"1471\" data-end=\"1474\" \/>- dressing room<br data-start=\"1486\" data-end=\"1489\" \/>- bedroom<br data-start=\"1500\" data-end=\"1503\" \/>- photo studio \/ dressing room<br data-start=\"1526\" data-end=\"1529\" \/>- Compatible with my <strong data-start=\"1551\" data-end=\"1577\">miniature furniture 1\/4<\/strong> sold separately<br data-start=\"1595\" data-end=\"1598\" \/>- Ideal for enhancing your <strong data-start=\"1624\" data-end=\"1664\">realistic stagings and dioramas<\/strong><\/p>\n<hr data-start=\"1666\" data-end=\"1669\" \/>\n<h2 data-start=\"1671\" data-end=\"1701\">\ud83d\udcf8 Important information<\/h2>\n<p data-start=\"1703\" data-end=\"1876\">- The prize is for <strong data-start=\"1722\" data-end=\"1753\">1 miniature light mirror<\/strong><br data-start=\"1753\" data-end=\"1756\" \/>- The photos are <strong data-start=\"1778\" data-end=\"1804\">decoration examples<\/strong><br data-start=\"1804\" data-end=\"1807\" \/>- Visible dolls, furniture and accessories are not <strong data-start=\"1862\" data-end=\"1876\">not included<\/strong><\/p>\n<p data-start=\"1878\" data-end=\"1960\">\ud83d\udcf8 More photos and inspiration :<br data-start=\"1915\" data-end=\"1918\" \/>\ud83d\udc49 <a class=\"decorated-link\" href=\"https:\/\/www.instagram.com\/sunnyshop211\/\" target=\"_new\" rel=\"noopener\" data-start=\"1921\" data-end=\"1960\">https:\/\/www.instagram.com\/sunnyshop211\/<\/a><\/p>\n<hr data-start=\"1962\" data-end=\"1965\" \/>\n<h2 data-start=\"1967\" data-end=\"1993\">\u26a0\ufe0f Important information<\/h2>\n<p data-start=\"1995\" data-end=\"2314\">\u2022 <strong data-start=\"1997\" data-end=\"2024\">This is not a toy<\/strong><br data-start=\"2024\" data-end=\"2027\" \/>- Article for a <strong data-start=\"2050\" data-end=\"2085\">adult and collector audiences<\/strong><br data-start=\"2085\" data-end=\"2088\" \/>- Made to order - please allow for the usual manufacturing and delivery times (General terms of sale and delivery times).<br data-start=\"2242\" data-end=\"2245\" \/>- I am not responsible for any damage incurred in transit.<\/p>\n<hr data-start=\"2316\" data-end=\"2319\" \/>\n<p data-start=\"2321\" data-end=\"2406\">\ud83d\udca1 <strong data-start=\"2324\" data-end=\"2406\">An elegant, ultra-immersive light mirror to bring your 1\/4 scenes to life.<\/strong><\/p>","protected":false},"excerpt":{"rendered":"<p>&nbsp; &nbsp; Miroir lumineux miniature \u2013 \u00c9chelle 1\/4 Diorama BJD \u00b7 MSD \u00b7 Minifee \u00b7 Unoa \u00b7 Tonner Ajoutez une touche chic et r\u00e9aliste \u00e0 vos mises en sc\u00e8ne avec ce miroir lumineux miniature, inspir\u00e9 des miroirs de loge.Un accessoire id\u00e9al pour les coiffeuses, dressings, studios photo ou chambres miniatures au format 1\/4 \u2728 \u2728 [&hellip;]<\/p>\n","protected":false},"featured_media":24177,"comment_status":"open","ping_status":"closed","template":"","meta":{"_crdt_document":"","jetpack_post_was_ever_published":false,"jetpack_publicize_message":"","jetpack_publicize_feature_enabled":true,"jetpack_social_post_already_shared":true,"jetpack_social_options":{"image_generator_settings":{"template":"highway","default_image_id":0,"font":"","enabled":false},"version":2}},"product_brand":[],"product_cat":[667687008],"product_tag":[667681143,667681136,667681142,667681234,667681226,667681233,667681272,667681239,667681225,667681377,667681241,667681359,667685934,667681236,667681281,667681232,667681173,667681380,667681379,667681237,667681378,667681177,667681235,667681304,667681260],"class_list":{"0":"post-24216","1":"product","2":"type-product","3":"status-publish","4":"has-post-thumbnail","6":"product_cat-cadres-decor-mural","7":"product_tag-bedroom","8":"product_tag-bjd","9":"product_tag-chambre","10":"product_tag-diorama","11":"product_tag-doll","12":"product_tag-dollhouse","13":"product_tag-elowynn-wilde","14":"product_tag-fairyland","15":"product_tag-furniture","16":"product_tag-gueridon","17":"product_tag-iplehouse","18":"product_tag-living-room","19":"product_tag-luminous","20":"product_tag-maison-de-poupee","21":"product_tag-meubles","22":"product_tag-miniature","23":"product_tag-minifee","24":"product_tag-miroir","25":"product_tag-mirror","26":"product_tag-msd","27":"product_tag-pouf","28":"product_tag-poupee","29":"product_tag-roombox","30":"product_tag-table","31":"product_tag-tonner","32":"product_shipping_class-colissimo-5","33":"pa_couleur-argent-silver","34":"pa_couleur-blanc","35":"pa_couleur-bleu","36":"pa_couleur-gris","37":"pa_couleur-marron","38":"pa_couleur-noir","39":"pa_couleur-non-peint","40":"pa_couleur-rose","41":"pa_couleur-rouge","42":"pa_couleur-shabby-blanc","43":"pa_couleur-vert","44":"pa_couleur-violet","46":"first","47":"instock","48":"taxable","49":"shipping-taxable","50":"purchasable","51":"product-type-simple"},"yoast_head":"<!-- This site is optimized with the Yoast SEO plugin v27.5 - https:\/\/yoast.com\/product\/yoast-seo-wordpress\/ -->\n<title>Miroir lumineux 1\/4 bjd minifee MSD, unoa, -<\/title>\n<meta name=\"description\" content=\"Miroir lumineux 1\/4 minifee il \u00e9clairera vos mises en sc\u00e8ne et vos coiffeuses, diff\u00e9rents mod\u00e8le de coiffeuses sont disponible dans ma boutique.\" \/>\n<meta name=\"robots\" content=\"index, follow, max-snippet:-1, max-image-preview:large, max-video-preview:-1\" \/>\n<link rel=\"canonical\" href=\"https:\/\/www.sunnyshop211.com\/en\/product\/miroir-lumineux-1-4-bjd-minifee-msd-unoa\/\" \/>\n<meta property=\"og:locale\" content=\"en_US\" \/>\n<meta property=\"og:type\" content=\"article\" \/>\n<meta property=\"og:title\" content=\"Miroir lumineux 1\/4 bjd minifee MSD, unoa, -\" \/>\n<meta property=\"og:description\" content=\"Miroir lumineux 1\/4 minifee il \u00e9clairera vos mises en sc\u00e8ne et vos coiffeuses, diff\u00e9rents mod\u00e8le de coiffeuses sont disponible dans ma boutique.\" \/>\n<meta property=\"og:url\" content=\"https:\/\/www.sunnyshop211.com\/en\/product\/miroir-lumineux-1-4-bjd-minifee-msd-unoa\/\" \/>\n<meta property=\"og:site_name\" content=\"Sunnyshop211 -Vente de dioramas, meubles, miniatures , bjd poup\u00e9es 1\/12 1\/8 1\/6 1\/4 1\/3\" \/>\n<meta property=\"article:publisher\" content=\"https:\/\/www.facebook.com\/sunnyshop211\/?ref=bookmarks\" \/>\n<meta property=\"article:modified_time\" content=\"2025-12-30T13:55:47+00:00\" \/>\n<meta property=\"og:image\" content=\"https:\/\/www.sunnyshop211.com\/wp-content\/uploads\/2022\/08\/VideoCapture_20220812-155151.jpg\" \/>\n\t<meta property=\"og:image:width\" content=\"1080\" \/>\n\t<meta property=\"og:image:height\" content=\"1920\" \/>\n\t<meta property=\"og:image:type\" content=\"image\/jpeg\" \/>\n<meta name=\"twitter:card\" content=\"summary_large_image\" \/>\n<meta name=\"twitter:site\" content=\"@sunnyshop211\" \/>\n<meta name=\"twitter:label1\" content=\"Est. reading time\" \/>\n\t<meta name=\"twitter:data1\" content=\"3 minutes\" \/>\n<script type=\"application\/ld+json\" class=\"yoast-schema-graph\">{\"@context\":\"https:\\\/\\\/schema.org\",\"@graph\":[{\"@type\":\"WebPage\",\"@id\":\"https:\\\/\\\/www.sunnyshop211.com\\\/produit\\\/miroir-lumineux-1-4-bjd-minifee-msd-unoa\\\/\",\"url\":\"https:\\\/\\\/www.sunnyshop211.com\\\/produit\\\/miroir-lumineux-1-4-bjd-minifee-msd-unoa\\\/\",\"name\":\"Miroir lumineux 1\\\/4 bjd minifee MSD, unoa, -\",\"isPartOf\":{\"@id\":\"https:\\\/\\\/www.sunnyshop211.com\\\/#website\"},\"primaryImageOfPage\":{\"@id\":\"https:\\\/\\\/www.sunnyshop211.com\\\/produit\\\/miroir-lumineux-1-4-bjd-minifee-msd-unoa\\\/#primaryimage\"},\"image\":{\"@id\":\"https:\\\/\\\/www.sunnyshop211.com\\\/produit\\\/miroir-lumineux-1-4-bjd-minifee-msd-unoa\\\/#primaryimage\"},\"thumbnailUrl\":\"https:\\\/\\\/www.sunnyshop211.com\\\/wp-content\\\/uploads\\\/2022\\\/08\\\/VideoCapture_20220812-155151.jpg\",\"datePublished\":\"2022-08-12T14:38:55+00:00\",\"dateModified\":\"2025-12-30T13:55:47+00:00\",\"description\":\"Miroir lumineux 1\\\/4 minifee il \u00e9clairera vos mises en sc\u00e8ne et vos coiffeuses, diff\u00e9rents mod\u00e8le de coiffeuses sont disponible dans ma boutique.\",\"breadcrumb\":{\"@id\":\"https:\\\/\\\/www.sunnyshop211.com\\\/produit\\\/miroir-lumineux-1-4-bjd-minifee-msd-unoa\\\/#breadcrumb\"},\"inLanguage\":\"en-US\",\"potentialAction\":[{\"@type\":\"ReadAction\",\"target\":[\"https:\\\/\\\/www.sunnyshop211.com\\\/produit\\\/miroir-lumineux-1-4-bjd-minifee-msd-unoa\\\/\"]}]},{\"@type\":\"ImageObject\",\"inLanguage\":\"en-US\",\"@id\":\"https:\\\/\\\/www.sunnyshop211.com\\\/produit\\\/miroir-lumineux-1-4-bjd-minifee-msd-unoa\\\/#primaryimage\",\"url\":\"https:\\\/\\\/www.sunnyshop211.com\\\/wp-content\\\/uploads\\\/2022\\\/08\\\/VideoCapture_20220812-155151.jpg\",\"contentUrl\":\"https:\\\/\\\/www.sunnyshop211.com\\\/wp-content\\\/uploads\\\/2022\\\/08\\\/VideoCapture_20220812-155151.jpg\",\"width\":1080,\"height\":1920},{\"@type\":\"BreadcrumbList\",\"@id\":\"https:\\\/\\\/www.sunnyshop211.com\\\/produit\\\/miroir-lumineux-1-4-bjd-minifee-msd-unoa\\\/#breadcrumb\",\"itemListElement\":[{\"@type\":\"ListItem\",\"position\":1,\"name\":\"Accueil\",\"item\":\"https:\\\/\\\/www.sunnyshop211.com\\\/\"},{\"@type\":\"ListItem\",\"position\":2,\"name\":\"Boutique\",\"item\":\"https:\\\/\\\/www.sunnyshop211.com\\\/boutique-miniature-bjd-dolls\\\/\"},{\"@type\":\"ListItem\",\"position\":3,\"name\":\"Miroir lumineux 1\\\/4 bjd minifee MSD, unoa,\"}]},{\"@type\":\"WebSite\",\"@id\":\"https:\\\/\\\/www.sunnyshop211.com\\\/#website\",\"url\":\"https:\\\/\\\/www.sunnyshop211.com\\\/\",\"name\":\"Vente de dioramas, meubles, miniatures , bjd poup\u00e9es 1\\\/12 1\\\/8 1\\\/6 1\\\/4 1\\\/3\",\"description\":\"Sunnyshop211 - Votre univers miniature pour poup\u00e9es et BJD, dioramas et meubles sur mesure !\",\"publisher\":{\"@id\":\"https:\\\/\\\/www.sunnyshop211.com\\\/#organization\"},\"alternateName\":\"sunnyshop211\",\"potentialAction\":[{\"@type\":\"SearchAction\",\"target\":{\"@type\":\"EntryPoint\",\"urlTemplate\":\"https:\\\/\\\/www.sunnyshop211.com\\\/?s={search_term_string}\"},\"query-input\":{\"@type\":\"PropertyValueSpecification\",\"valueRequired\":true,\"valueName\":\"search_term_string\"}}],\"inLanguage\":\"en-US\"},{\"@type\":\"Organization\",\"@id\":\"https:\\\/\\\/www.sunnyshop211.com\\\/#organization\",\"name\":\"sunnyshop211\",\"alternateName\":\"sunnyshop211 diorama bjd meuble miniature\",\"url\":\"https:\\\/\\\/www.sunnyshop211.com\\\/\",\"logo\":{\"@type\":\"ImageObject\",\"inLanguage\":\"en-US\",\"@id\":\"https:\\\/\\\/www.sunnyshop211.com\\\/#\\\/schema\\\/logo\\\/image\\\/\",\"url\":\"https:\\\/\\\/www.sunnyshop211.com\\\/wp-content\\\/uploads\\\/2022\\\/08\\\/cropped-cropped-cropped-Sunnyshop211-1.png\",\"contentUrl\":\"https:\\\/\\\/www.sunnyshop211.com\\\/wp-content\\\/uploads\\\/2022\\\/08\\\/cropped-cropped-cropped-Sunnyshop211-1.png\",\"width\":339,\"height\":339,\"caption\":\"sunnyshop211\"},\"image\":{\"@id\":\"https:\\\/\\\/www.sunnyshop211.com\\\/#\\\/schema\\\/logo\\\/image\\\/\"},\"sameAs\":[\"https:\\\/\\\/www.facebook.com\\\/sunnyshop211\\\/?ref=bookmarks\",\"https:\\\/\\\/x.com\\\/sunnyshop211\",\"https:\\\/\\\/www.instagram.com\\\/sunnyshop211\\\/\",\"https:\\\/\\\/www.tumblr.com\\\/blog\\\/sunnyshop211\",\"https:\\\/\\\/www.youtube.com\\\/channel\\\/UCtYY18OGGDKrTSzgcf7fCBg\",\"https:\\\/\\\/www.tiktok.com\\\/@sunnydollshop211?is_from_webapp=1&sender_device=pc\"]}]}<\/script>\n<!-- \/ Yoast SEO plugin. -->","yoast_head_json":{"title":"Light mirror 1\/4 bjd minifee MSD, unoa, -","description":"1\/4 minifee illuminated mirror for staging and dressing tables, available in different models in my store.","robots":{"index":"index","follow":"follow","max-snippet":"max-snippet:-1","max-image-preview":"max-image-preview:large","max-video-preview":"max-video-preview:-1"},"canonical":"https:\/\/www.sunnyshop211.com\/en\/product\/miroir-lumineux-1-4-bjd-minifee-msd-unoa\/","og_locale":"en_US","og_type":"article","og_title":"Miroir lumineux 1\/4 bjd minifee MSD, unoa, -","og_description":"Miroir lumineux 1\/4 minifee il \u00e9clairera vos mises en sc\u00e8ne et vos coiffeuses, diff\u00e9rents mod\u00e8le de coiffeuses sont disponible dans ma boutique.","og_url":"https:\/\/www.sunnyshop211.com\/en\/product\/miroir-lumineux-1-4-bjd-minifee-msd-unoa\/","og_site_name":"Sunnyshop211 -Vente de dioramas, meubles, miniatures , bjd poup\u00e9es 1\/12 1\/8 1\/6 1\/4 1\/3","article_publisher":"https:\/\/www.facebook.com\/sunnyshop211\/?ref=bookmarks","article_modified_time":"2025-12-30T13:55:47+00:00","og_image":[{"width":1080,"height":1920,"url":"https:\/\/www.sunnyshop211.com\/wp-content\/uploads\/2022\/08\/VideoCapture_20220812-155151.jpg","type":"image\/jpeg"}],"twitter_card":"summary_large_image","twitter_site":"@sunnyshop211","twitter_misc":{"Est. reading time":"3 minutes"},"schema":{"@context":"https:\/\/schema.org","@graph":[{"@type":"WebPage","@id":"https:\/\/www.sunnyshop211.com\/produit\/miroir-lumineux-1-4-bjd-minifee-msd-unoa\/","url":"https:\/\/www.sunnyshop211.com\/produit\/miroir-lumineux-1-4-bjd-minifee-msd-unoa\/","name":"Light mirror 1\/4 bjd minifee MSD, unoa, -","isPartOf":{"@id":"https:\/\/www.sunnyshop211.com\/#website"},"primaryImageOfPage":{"@id":"https:\/\/www.sunnyshop211.com\/produit\/miroir-lumineux-1-4-bjd-minifee-msd-unoa\/#primaryimage"},"image":{"@id":"https:\/\/www.sunnyshop211.com\/produit\/miroir-lumineux-1-4-bjd-minifee-msd-unoa\/#primaryimage"},"thumbnailUrl":"https:\/\/www.sunnyshop211.com\/wp-content\/uploads\/2022\/08\/VideoCapture_20220812-155151.jpg","datePublished":"2022-08-12T14:38:55+00:00","dateModified":"2025-12-30T13:55:47+00:00","description":"1\/4 minifee illuminated mirror for staging and dressing tables, available in different models in my store.","breadcrumb":{"@id":"https:\/\/www.sunnyshop211.com\/produit\/miroir-lumineux-1-4-bjd-minifee-msd-unoa\/#breadcrumb"},"inLanguage":"en-US","potentialAction":[{"@type":"ReadAction","target":["https:\/\/www.sunnyshop211.com\/produit\/miroir-lumineux-1-4-bjd-minifee-msd-unoa\/"]}]},{"@type":"ImageObject","inLanguage":"en-US","@id":"https:\/\/www.sunnyshop211.com\/produit\/miroir-lumineux-1-4-bjd-minifee-msd-unoa\/#primaryimage","url":"https:\/\/www.sunnyshop211.com\/wp-content\/uploads\/2022\/08\/VideoCapture_20220812-155151.jpg","contentUrl":"https:\/\/www.sunnyshop211.com\/wp-content\/uploads\/2022\/08\/VideoCapture_20220812-155151.jpg","width":1080,"height":1920},{"@type":"BreadcrumbList","@id":"https:\/\/www.sunnyshop211.com\/produit\/miroir-lumineux-1-4-bjd-minifee-msd-unoa\/#breadcrumb","itemListElement":[{"@type":"ListItem","position":1,"name":"Accueil","item":"https:\/\/www.sunnyshop211.com\/"},{"@type":"ListItem","position":2,"name":"Boutique","item":"https:\/\/www.sunnyshop211.com\/boutique-miniature-bjd-dolls\/"},{"@type":"ListItem","position":3,"name":"Miroir lumineux 1\/4 bjd minifee MSD, unoa,"}]},{"@type":"WebSite","@id":"https:\/\/www.sunnyshop211.com\/#website","url":"https:\/\/www.sunnyshop211.com\/","name":"Sale of dioramas, furniture, miniatures, bjd dolls 1\/12 1\/8 1\/6 1\/4 1\/3","description":"Sunnyshop211 - Your miniature world for dolls and BJDs, dioramas and custom-made furniture!","publisher":{"@id":"https:\/\/www.sunnyshop211.com\/#organization"},"alternateName":"sunnyshop211","potentialAction":[{"@type":"SearchAction","target":{"@type":"EntryPoint","urlTemplate":"https:\/\/www.sunnyshop211.com\/?s={search_term_string}"},"query-input":{"@type":"PropertyValueSpecification","valueRequired":true,"valueName":"search_term_string"}}],"inLanguage":"en-US"},{"@type":"Organization","@id":"https:\/\/www.sunnyshop211.com\/#organization","name":"sunnyshop211","alternateName":"sunnyshop211 diorama bjd meuble miniature","url":"https:\/\/www.sunnyshop211.com\/","logo":{"@type":"ImageObject","inLanguage":"en-US","@id":"https:\/\/www.sunnyshop211.com\/#\/schema\/logo\/image\/","url":"https:\/\/www.sunnyshop211.com\/wp-content\/uploads\/2022\/08\/cropped-cropped-cropped-Sunnyshop211-1.png","contentUrl":"https:\/\/www.sunnyshop211.com\/wp-content\/uploads\/2022\/08\/cropped-cropped-cropped-Sunnyshop211-1.png","width":339,"height":339,"caption":"sunnyshop211"},"image":{"@id":"https:\/\/www.sunnyshop211.com\/#\/schema\/logo\/image\/"},"sameAs":["https:\/\/www.facebook.com\/sunnyshop211\/?ref=bookmarks","https:\/\/x.com\/sunnyshop211","https:\/\/www.instagram.com\/sunnyshop211\/","https:\/\/www.tumblr.com\/blog\/sunnyshop211","https:\/\/www.youtube.com\/channel\/UCtYY18OGGDKrTSzgcf7fCBg","https:\/\/www.tiktok.com\/@sunnydollshop211?is_from_webapp=1&sender_device=pc"]}]}},"jetpack_publicize_connections":[],"jetpack_sharing_enabled":true,"_links":{"self":[{"href":"https:\/\/www.sunnyshop211.com\/en\/wp-json\/wp\/v2\/product\/24216","targetHints":{"allow":["GET"]}}],"collection":[{"href":"https:\/\/www.sunnyshop211.com\/en\/wp-json\/wp\/v2\/product"}],"about":[{"href":"https:\/\/www.sunnyshop211.com\/en\/wp-json\/wp\/v2\/types\/product"}],"replies":[{"embeddable":true,"href":"https:\/\/www.sunnyshop211.com\/en\/wp-json\/wp\/v2\/comments?post=24216"}],"version-history":[{"count":12,"href":"https:\/\/www.sunnyshop211.com\/en\/wp-json\/wp\/v2\/product\/24216\/revisions"}],"predecessor-version":[{"id":53552,"href":"https:\/\/www.sunnyshop211.com\/en\/wp-json\/wp\/v2\/product\/24216\/revisions\/53552"}],"wp:featuredmedia":[{"embeddable":true,"href":"https:\/\/www.sunnyshop211.com\/en\/wp-json\/wp\/v2\/media\/24177"}],"wp:attachment":[{"href":"https:\/\/www.sunnyshop211.com\/en\/wp-json\/wp\/v2\/media?parent=24216"}],"wp:term":[{"taxonomy":"product_brand","embeddable":true,"href":"https:\/\/www.sunnyshop211.com\/en\/wp-json\/wp\/v2\/product_brand?post=24216"},{"taxonomy":"product_cat","embeddable":true,"href":"https:\/\/www.sunnyshop211.com\/en\/wp-json\/wp\/v2\/product_cat?post=24216"},{"taxonomy":"product_tag","embeddable":true,"href":"https:\/\/www.sunnyshop211.com\/en\/wp-json\/wp\/v2\/product_tag?post=24216"}],"curies":[{"name":"wp","href":"https:\/\/api.w.org\/{rel}","templated":true}]}}