{"id":24192,"date":"2022-08-12T15:24:42","date_gmt":"2022-08-12T14:24:42","guid":{"rendered":"https:\/\/sunnyshop211.com\/?post_type=product&#038;p=24192"},"modified":"2026-01-03T19:57:22","modified_gmt":"2026-01-03T18:57:22","slug":"separateur-de-piece-1-4-diorama-pour-bjd-minifee-msd","status":"publish","type":"product","link":"https:\/\/www.sunnyshop211.com\/en\/product\/separateur-de-piece-1-4-diorama-pour-bjd-minifee-msd\/","title":{"rendered":"1\/4 diorama room divider for BJD minifee MSD"},"content":{"rendered":"<div id='gallery-1' class='gallery galleryid-24192 gallery-columns-3 gallery-size-thumbnail'><figure class='gallery-item'>\n\t\t\t<div class='gallery-icon portrait'>\n\t\t\t\t<a href='https:\/\/www.sunnyshop211.com\/en\/?attachment_id=24184'><img decoding=\"async\" width=\"150\" height=\"150\" src=\"https:\/\/www.sunnyshop211.com\/wp-content\/uploads\/2022\/08\/VideoCapture_20220812-160118-150x150.jpg\" class=\"attachment-thumbnail size-thumbnail\" alt=\"S\u00e9parateur pi\u00e8ce 1\/4 minifee\" srcset=\"https:\/\/www.sunnyshop211.com\/wp-content\/uploads\/2022\/08\/VideoCapture_20220812-160118-150x150.jpg 150w, https:\/\/www.sunnyshop211.com\/wp-content\/uploads\/2022\/08\/VideoCapture_20220812-160118-500x500.jpg 500w, https:\/\/www.sunnyshop211.com\/wp-content\/uploads\/2022\/08\/VideoCapture_20220812-160118-100x100.jpg 100w\" sizes=\"(max-width: 150px) 100vw, 150px\" \/><\/a>\n\t\t\t<\/div><\/figure><figure class='gallery-item'>\n\t\t\t<div class='gallery-icon portrait'>\n\t\t\t\t<a href='https:\/\/www.sunnyshop211.com\/en\/?attachment_id=24174'><img decoding=\"async\" width=\"150\" height=\"150\" src=\"https:\/\/www.sunnyshop211.com\/wp-content\/uploads\/2022\/08\/VideoCapture_20220812-154830-150x150.jpg\" class=\"attachment-thumbnail size-thumbnail\" alt=\"\" srcset=\"https:\/\/www.sunnyshop211.com\/wp-content\/uploads\/2022\/08\/VideoCapture_20220812-154830-150x150.jpg 150w, https:\/\/www.sunnyshop211.com\/wp-content\/uploads\/2022\/08\/VideoCapture_20220812-154830-500x500.jpg 500w, https:\/\/www.sunnyshop211.com\/wp-content\/uploads\/2022\/08\/VideoCapture_20220812-154830-100x100.jpg 100w\" sizes=\"(max-width: 150px) 100vw, 150px\" \/><\/a>\n\t\t\t<\/div><\/figure>\n\t\t<\/div>\n\n<h2 data-start=\"154\" data-end=\"241\"><strong data-start=\"154\" data-end=\"241\">Miniature room divider - 1\/4 - Diorama - BJD - Minifee - MSD - Unoa -\u00a0<\/strong><\/h2>\n<p data-start=\"243\" data-end=\"263\">\u2500\u2500\u2500\u2500\u2500\u2500\u2500\u2500\u2500\u2500\u2500\u2500\u2500\u2500\u2500\u2500\u2500\u2500\u2500\u2500<\/p>\n<p data-start=\"265\" data-end=\"283\">\ud83e\ude9f <strong data-start=\"268\" data-end=\"283\">Description<\/strong><\/p>\n<p data-start=\"285\" data-end=\"536\">This 1\/4\" miniature room divider is ideal for structuring your dioramas and creating distinct spaces in your staging.<br data-start=\"419\" data-end=\"422\" \/>Its openwork pattern in the <strong data-start=\"448\" data-end=\"461\">arabesque<\/strong> adds an elegant, romantic or bohemian touch to your miniature decor.<\/p>\n<p data-start=\"538\" data-end=\"641\">\u2714 Fictitious decorative element<br data-start=\"564\" data-end=\"567\" \/>\u2714 Perfect for dioramas, roomboxes and interior scenes<br data-start=\"621\" data-end=\"624\" \/>\u2714 Sold by unit<\/p>\n<p data-start=\"643\" data-end=\"663\">\u2500\u2500\u2500\u2500\u2500\u2500\u2500\u2500\u2500\u2500\u2500\u2500\u2500\u2500\u2500\u2500\u2500\u2500\u2500\u2500<\/p>\n<p data-start=\"665\" data-end=\"685\">\ud83e\uddf8 <strong data-start=\"668\" data-end=\"685\">Compatibility<\/strong><\/p>\n<p data-start=\"687\" data-end=\"729\">Suitable for dolls and miniature worlds:<\/p>\n<p data-start=\"731\" data-end=\"817\">- 1\/4: BJD, Minifee, MSD<br data-start=\"756\" data-end=\"759\" \/>- Unoa<br data-start=\"765\" data-end=\"768\" \/>- Tonner<br data-start=\"776\" data-end=\"779\" \/>- Other dolls of equivalent size<\/p>\n<p data-start=\"819\" data-end=\"914\">Compatible with furniture and accessories sold separately in the store <strong data-start=\"897\" data-end=\"913\">sunnyshop211<\/strong>.<\/p>\n<p data-start=\"916\" data-end=\"936\">\u2500\u2500\u2500\u2500\u2500\u2500\u2500\u2500\u2500\u2500\u2500\u2500\u2500\u2500\u2500\u2500\u2500\u2500\u2500\u2500<\/p>\n<p data-start=\"938\" data-end=\"961\">\ud83c\udfa8 <strong data-start=\"941\" data-end=\"961\">Features<\/strong><\/p>\n<p data-start=\"963\" data-end=\"1113\">- Openwork room divider<br data-start=\"991\" data-end=\"994\" \/>- Design <strong data-start=\"1002\" data-end=\"1025\">decorative arabesque<\/strong><br data-start=\"1025\" data-end=\"1028\" \/>- Delivered furniture <strong data-start=\"1043\" data-end=\"1061\">assembled and painted<\/strong><br data-start=\"1061\" data-end=\"1064\" \/>- You choose the <strong data-start=\"1085\" data-end=\"1096\">color<\/strong> to suit your needs<\/p>\n<p data-start=\"1115\" data-end=\"1180\">\ud83d\udc49 Modulate freely to create the ambience that suits you.<\/p>\n<p data-start=\"1182\" data-end=\"1202\">\u2500\u2500\u2500\u2500\u2500\u2500\u2500\u2500\u2500\u2500\u2500\u2500\u2500\u2500\u2500\u2500\u2500\u2500\u2500\u2500<\/p>\n<p data-start=\"1204\" data-end=\"1221\">\ud83d\udccf <strong data-start=\"1207\" data-end=\"1221\">Dimensions<\/strong><\/p>\n<p data-start=\"1223\" data-end=\"1291\">- Width: 25 cm<br data-start=\"1240\" data-end=\"1243\" \/>- Total height: 48 cm<br data-start=\"1267\" data-end=\"1270\" \/>(9.84 x 18.89 inches)<\/p>\n<p data-start=\"1293\" data-end=\"1313\">\u2500\u2500\u2500\u2500\u2500\u2500\u2500\u2500\u2500\u2500\u2500\u2500\u2500\u2500\u2500\u2500\u2500\u2500\u2500\u2500<\/p>\n<h3 data-start=\"1315\" data-end=\"1349\">\ud83c\udfac <strong data-start=\"1318\" data-end=\"1349\">Use &amp; staging<\/strong><\/h3>\n<p data-start=\"1351\" data-end=\"1521\">Ideal for :<br \/>\n- separating a bedroom from a miniature living room<br data-start=\"1407\" data-end=\"1410\" \/>- create a dressing area or boudoir<br data-start=\"1445\" data-end=\"1448\" \/>- structuring a 1\/4\" diorama<br data-start=\"1478\" data-end=\"1481\" \/>- add depth to your scenes<\/p>\n<p data-start=\"1523\" data-end=\"1638\">The photos are examples of staging.<br data-start=\"1569\" data-end=\"1572\" \/>Other visible furniture and decorations are sold separately.<\/p>\n<p data-start=\"1640\" data-end=\"1660\">\u2500\u2500\u2500\u2500\u2500\u2500\u2500\u2500\u2500\u2500\u2500\u2500\u2500\u2500\u2500\u2500\u2500\u2500\u2500\u2500<\/p>\n<p data-start=\"1662\" data-end=\"1692\">\ud83d\udd90\ufe0f <strong data-start=\"1666\" data-end=\"1692\">Handcrafted products<\/strong><\/p>\n<p data-start=\"1694\" data-end=\"1746\">Each separator is handcrafted.<\/p>\n<p data-start=\"1748\" data-end=\"1916\">Because of the handmade :<br \/>\n- slight variations in shape or color may occur<br data-start=\"1838\" data-end=\"1841\" \/>- some minor imperfections are possible<br data-start=\"1888\" data-end=\"1891\" \/>- each piece is unique<\/p>\n<p data-start=\"1918\" data-end=\"1938\">\u2500\u2500\u2500\u2500\u2500\u2500\u2500\u2500\u2500\u2500\u2500\u2500\u2500\u2500\u2500\u2500\u2500\u2500\u2500\u2500<\/p>\n<p data-start=\"1940\" data-end=\"1971\">\ud83d\udce6 <strong data-start=\"1943\" data-end=\"1971\">Important information<\/strong><\/p>\n<p data-start=\"1973\" data-end=\"2242\">- Sold individually (1 miniature room divider)<br data-start=\"2024\" data-end=\"2027\" \/>- Article made to order<br data-start=\"2057\" data-end=\"2060\" \/>- Please allow for manufacturing and delivery times.<br data-start=\"2125\" data-end=\"2128\" \/>(see General Sales Conditions and delivery times)<br data-start=\"2189\" data-end=\"2192\" \/>- Other decorations sold separately<\/p>\n<p data-start=\"2244\" data-end=\"2323\">More photos and inspiration :<br data-start=\"2278\" data-end=\"2281\" \/>\ud83d\udc49 <a class=\"decorated-link\" href=\"https:\/\/www.instagram.com\/sunnyshop211\/\" target=\"_new\" rel=\"noopener\" data-start=\"2284\" data-end=\"2323\">https:\/\/www.instagram.com\/sunnyshop211\/<\/a><\/p>\n<p data-start=\"2325\" data-end=\"2345\">\u2500\u2500\u2500\u2500\u2500\u2500\u2500\u2500\u2500\u2500\u2500\u2500\u2500\u2500\u2500\u2500\u2500\u2500\u2500\u2500<\/p>\n<p data-start=\"2347\" data-end=\"2370\">\u26a0\ufe0f <strong data-start=\"2350\" data-end=\"2370\">Terms of use<\/strong><\/p>\n<p data-start=\"2372\" data-end=\"2512\">!!!! This is not a toy, this article is intended for adults.<br data-start=\"2443\" data-end=\"2446\" \/>I am not responsible for any damage in transit.<\/p>\n<p data-start=\"2514\" data-end=\"2595\">\u2728 An elegant miniature divider to structure your 1\/4 dioramas with style.<\/p>","protected":false},"excerpt":{"rendered":"<p>S\u00e9parateur de pi\u00e8ce miniature \u2013 1\/4 \u00b7 Diorama \u00b7 BJD \u00b7 Minifee \u00b7 MSD \u00b7 Unoa \u00b7\u00a0 \u2500\u2500\u2500\u2500\u2500\u2500\u2500\u2500\u2500\u2500\u2500\u2500\u2500\u2500\u2500\u2500\u2500\u2500\u2500\u2500 \ud83e\ude9f Description Ce s\u00e9parateur de pi\u00e8ce miniature au 1\/4 est id\u00e9al pour structurer vos dioramas et cr\u00e9er des espaces distincts dans vos mises en sc\u00e8ne.Son motif ajour\u00e9 de style arabesque apporte une touche \u00e9l\u00e9gante, romantique ou boh\u00e8me [&hellip;]<\/p>\n","protected":false},"featured_media":24184,"comment_status":"open","ping_status":"closed","template":"","meta":{"_crdt_document":"","jetpack_post_was_ever_published":false,"jetpack_publicize_message":"","jetpack_publicize_feature_enabled":true,"jetpack_social_post_already_shared":true,"jetpack_social_options":{"image_generator_settings":{"template":"highway","default_image_id":0,"font":"","enabled":false},"version":2}},"product_brand":[],"product_cat":[667687013],"product_tag":[667681317,667682691,667681136,667681142,667682885,667681173,667682883],"class_list":{"0":"post-24192","1":"product","2":"type-product","3":"status-publish","4":"has-post-thumbnail","6":"product_cat-chambre-meubles-miniature-1-4","7":"product_tag-armoire","8":"product_tag-bibliotheque","9":"product_tag-bjd","10":"product_tag-chambre","11":"product_tag-glass-bookcase","12":"product_tag-minifee","13":"product_tag-room-divider","14":"product_shipping_class-colissimo-6","15":"pa_couleur-blanc","16":"pa_couleur-noir","17":"pa_couleur-non-peint","18":"pa_couleur-rose","19":"pa_couleur-shabby-blanc","21":"first","22":"instock","23":"purchasable","24":"product-type-variable"},"yoast_head":"<!-- This site is optimized with the Yoast SEO plugin v27.5 - https:\/\/yoast.com\/product\/yoast-seo-wordpress\/ -->\n<title>S\u00e9parateur de pi\u00e8ce 1\/4 diorama pour BJD minifee MSD -<\/title>\n<meta name=\"description\" content=\"S\u00e9parateur de pi\u00e8ce arabesque\/ room divider, 1\/4 diorama pour BJD minifee MSD poup\u00e9es, ellowynn wilde, tonner ou similaires\" \/>\n<meta name=\"robots\" content=\"index, follow, max-snippet:-1, max-image-preview:large, max-video-preview:-1\" \/>\n<link rel=\"canonical\" href=\"https:\/\/www.sunnyshop211.com\/en\/product\/separateur-de-piece-1-4-diorama-pour-bjd-minifee-msd\/\" \/>\n<meta property=\"og:locale\" content=\"en_US\" \/>\n<meta property=\"og:type\" content=\"article\" \/>\n<meta property=\"og:title\" content=\"S\u00e9parateur de pi\u00e8ce 1\/4 diorama pour BJD minifee MSD -\" \/>\n<meta property=\"og:description\" content=\"S\u00e9parateur de pi\u00e8ce arabesque\/ room divider, 1\/4 diorama pour BJD minifee MSD poup\u00e9es, ellowynn wilde, tonner ou similaires\" \/>\n<meta property=\"og:url\" content=\"https:\/\/www.sunnyshop211.com\/en\/product\/separateur-de-piece-1-4-diorama-pour-bjd-minifee-msd\/\" \/>\n<meta property=\"og:site_name\" content=\"Sunnyshop211 -Vente de dioramas, meubles, miniatures , bjd poup\u00e9es 1\/12 1\/8 1\/6 1\/4 1\/3\" \/>\n<meta property=\"article:publisher\" content=\"https:\/\/www.facebook.com\/sunnyshop211\/?ref=bookmarks\" \/>\n<meta property=\"article:modified_time\" content=\"2026-01-03T18:57:22+00:00\" \/>\n<meta property=\"og:image\" content=\"https:\/\/www.sunnyshop211.com\/wp-content\/uploads\/2022\/08\/VideoCapture_20220812-160118.jpg\" \/>\n\t<meta property=\"og:image:width\" content=\"1080\" \/>\n\t<meta property=\"og:image:height\" content=\"1920\" \/>\n\t<meta property=\"og:image:type\" content=\"image\/jpeg\" \/>\n<meta name=\"twitter:card\" content=\"summary_large_image\" \/>\n<meta name=\"twitter:site\" content=\"@sunnyshop211\" \/>\n<meta name=\"twitter:label1\" content=\"Est. reading time\" \/>\n\t<meta name=\"twitter:data1\" content=\"3 minutes\" \/>\n<script type=\"application\/ld+json\" class=\"yoast-schema-graph\">{\"@context\":\"https:\\\/\\\/schema.org\",\"@graph\":[{\"@type\":\"WebPage\",\"@id\":\"https:\\\/\\\/www.sunnyshop211.com\\\/produit\\\/separateur-de-piece-1-4-diorama-pour-bjd-minifee-msd\\\/\",\"url\":\"https:\\\/\\\/www.sunnyshop211.com\\\/produit\\\/separateur-de-piece-1-4-diorama-pour-bjd-minifee-msd\\\/\",\"name\":\"S\u00e9parateur de pi\u00e8ce 1\\\/4 diorama pour BJD minifee MSD -\",\"isPartOf\":{\"@id\":\"https:\\\/\\\/www.sunnyshop211.com\\\/#website\"},\"primaryImageOfPage\":{\"@id\":\"https:\\\/\\\/www.sunnyshop211.com\\\/produit\\\/separateur-de-piece-1-4-diorama-pour-bjd-minifee-msd\\\/#primaryimage\"},\"image\":{\"@id\":\"https:\\\/\\\/www.sunnyshop211.com\\\/produit\\\/separateur-de-piece-1-4-diorama-pour-bjd-minifee-msd\\\/#primaryimage\"},\"thumbnailUrl\":\"https:\\\/\\\/www.sunnyshop211.com\\\/wp-content\\\/uploads\\\/2022\\\/08\\\/VideoCapture_20220812-160118.jpg\",\"datePublished\":\"2022-08-12T14:24:42+00:00\",\"dateModified\":\"2026-01-03T18:57:22+00:00\",\"description\":\"S\u00e9parateur de pi\u00e8ce arabesque\\\/ room divider, 1\\\/4 diorama pour BJD minifee MSD poup\u00e9es, ellowynn wilde, tonner ou similaires\",\"breadcrumb\":{\"@id\":\"https:\\\/\\\/www.sunnyshop211.com\\\/produit\\\/separateur-de-piece-1-4-diorama-pour-bjd-minifee-msd\\\/#breadcrumb\"},\"inLanguage\":\"en-US\",\"potentialAction\":[{\"@type\":\"ReadAction\",\"target\":[\"https:\\\/\\\/www.sunnyshop211.com\\\/produit\\\/separateur-de-piece-1-4-diorama-pour-bjd-minifee-msd\\\/\"]}]},{\"@type\":\"ImageObject\",\"inLanguage\":\"en-US\",\"@id\":\"https:\\\/\\\/www.sunnyshop211.com\\\/produit\\\/separateur-de-piece-1-4-diorama-pour-bjd-minifee-msd\\\/#primaryimage\",\"url\":\"https:\\\/\\\/www.sunnyshop211.com\\\/wp-content\\\/uploads\\\/2022\\\/08\\\/VideoCapture_20220812-160118.jpg\",\"contentUrl\":\"https:\\\/\\\/www.sunnyshop211.com\\\/wp-content\\\/uploads\\\/2022\\\/08\\\/VideoCapture_20220812-160118.jpg\",\"width\":1080,\"height\":1920,\"caption\":\"S\u00e9parateur pi\u00e8ce 1\\\/4 minifee\"},{\"@type\":\"BreadcrumbList\",\"@id\":\"https:\\\/\\\/www.sunnyshop211.com\\\/produit\\\/separateur-de-piece-1-4-diorama-pour-bjd-minifee-msd\\\/#breadcrumb\",\"itemListElement\":[{\"@type\":\"ListItem\",\"position\":1,\"name\":\"Accueil\",\"item\":\"https:\\\/\\\/www.sunnyshop211.com\\\/\"},{\"@type\":\"ListItem\",\"position\":2,\"name\":\"Boutique\",\"item\":\"https:\\\/\\\/www.sunnyshop211.com\\\/boutique-miniature-bjd-dolls\\\/\"},{\"@type\":\"ListItem\",\"position\":3,\"name\":\"S\u00e9parateur de pi\u00e8ce 1\\\/4 diorama pour BJD minifee MSD\"}]},{\"@type\":\"WebSite\",\"@id\":\"https:\\\/\\\/www.sunnyshop211.com\\\/#website\",\"url\":\"https:\\\/\\\/www.sunnyshop211.com\\\/\",\"name\":\"Vente de dioramas, meubles, miniatures , bjd poup\u00e9es 1\\\/12 1\\\/8 1\\\/6 1\\\/4 1\\\/3\",\"description\":\"Sunnyshop211 - Votre univers miniature pour poup\u00e9es et BJD, dioramas et meubles sur mesure !\",\"publisher\":{\"@id\":\"https:\\\/\\\/www.sunnyshop211.com\\\/#organization\"},\"alternateName\":\"sunnyshop211\",\"potentialAction\":[{\"@type\":\"SearchAction\",\"target\":{\"@type\":\"EntryPoint\",\"urlTemplate\":\"https:\\\/\\\/www.sunnyshop211.com\\\/?s={search_term_string}\"},\"query-input\":{\"@type\":\"PropertyValueSpecification\",\"valueRequired\":true,\"valueName\":\"search_term_string\"}}],\"inLanguage\":\"en-US\"},{\"@type\":\"Organization\",\"@id\":\"https:\\\/\\\/www.sunnyshop211.com\\\/#organization\",\"name\":\"sunnyshop211\",\"alternateName\":\"sunnyshop211 diorama bjd meuble miniature\",\"url\":\"https:\\\/\\\/www.sunnyshop211.com\\\/\",\"logo\":{\"@type\":\"ImageObject\",\"inLanguage\":\"en-US\",\"@id\":\"https:\\\/\\\/www.sunnyshop211.com\\\/#\\\/schema\\\/logo\\\/image\\\/\",\"url\":\"https:\\\/\\\/www.sunnyshop211.com\\\/wp-content\\\/uploads\\\/2022\\\/08\\\/cropped-cropped-cropped-Sunnyshop211-1.png\",\"contentUrl\":\"https:\\\/\\\/www.sunnyshop211.com\\\/wp-content\\\/uploads\\\/2022\\\/08\\\/cropped-cropped-cropped-Sunnyshop211-1.png\",\"width\":339,\"height\":339,\"caption\":\"sunnyshop211\"},\"image\":{\"@id\":\"https:\\\/\\\/www.sunnyshop211.com\\\/#\\\/schema\\\/logo\\\/image\\\/\"},\"sameAs\":[\"https:\\\/\\\/www.facebook.com\\\/sunnyshop211\\\/?ref=bookmarks\",\"https:\\\/\\\/x.com\\\/sunnyshop211\",\"https:\\\/\\\/www.instagram.com\\\/sunnyshop211\\\/\",\"https:\\\/\\\/www.tumblr.com\\\/blog\\\/sunnyshop211\",\"https:\\\/\\\/www.youtube.com\\\/channel\\\/UCtYY18OGGDKrTSzgcf7fCBg\",\"https:\\\/\\\/www.tiktok.com\\\/@sunnydollshop211?is_from_webapp=1&sender_device=pc\"]}]}<\/script>\n<!-- \/ Yoast SEO plugin. -->","yoast_head_json":{"title":"1\/4 diorama room divider for BJD minifee MSD -","description":"Arabesque room divider, 1\/4 diorama for BJD minifee MSD dolls, ellowynn wilde, tonner or similar","robots":{"index":"index","follow":"follow","max-snippet":"max-snippet:-1","max-image-preview":"max-image-preview:large","max-video-preview":"max-video-preview:-1"},"canonical":"https:\/\/www.sunnyshop211.com\/en\/product\/separateur-de-piece-1-4-diorama-pour-bjd-minifee-msd\/","og_locale":"en_US","og_type":"article","og_title":"S\u00e9parateur de pi\u00e8ce 1\/4 diorama pour BJD minifee MSD -","og_description":"S\u00e9parateur de pi\u00e8ce arabesque\/ room divider, 1\/4 diorama pour BJD minifee MSD poup\u00e9es, ellowynn wilde, tonner ou similaires","og_url":"https:\/\/www.sunnyshop211.com\/en\/product\/separateur-de-piece-1-4-diorama-pour-bjd-minifee-msd\/","og_site_name":"Sunnyshop211 -Vente de dioramas, meubles, miniatures , bjd poup\u00e9es 1\/12 1\/8 1\/6 1\/4 1\/3","article_publisher":"https:\/\/www.facebook.com\/sunnyshop211\/?ref=bookmarks","article_modified_time":"2026-01-03T18:57:22+00:00","og_image":[{"width":1080,"height":1920,"url":"https:\/\/www.sunnyshop211.com\/wp-content\/uploads\/2022\/08\/VideoCapture_20220812-160118.jpg","type":"image\/jpeg"}],"twitter_card":"summary_large_image","twitter_site":"@sunnyshop211","twitter_misc":{"Est. reading time":"3 minutes"},"schema":{"@context":"https:\/\/schema.org","@graph":[{"@type":"WebPage","@id":"https:\/\/www.sunnyshop211.com\/produit\/separateur-de-piece-1-4-diorama-pour-bjd-minifee-msd\/","url":"https:\/\/www.sunnyshop211.com\/produit\/separateur-de-piece-1-4-diorama-pour-bjd-minifee-msd\/","name":"1\/4 diorama room divider for BJD minifee MSD -","isPartOf":{"@id":"https:\/\/www.sunnyshop211.com\/#website"},"primaryImageOfPage":{"@id":"https:\/\/www.sunnyshop211.com\/produit\/separateur-de-piece-1-4-diorama-pour-bjd-minifee-msd\/#primaryimage"},"image":{"@id":"https:\/\/www.sunnyshop211.com\/produit\/separateur-de-piece-1-4-diorama-pour-bjd-minifee-msd\/#primaryimage"},"thumbnailUrl":"https:\/\/www.sunnyshop211.com\/wp-content\/uploads\/2022\/08\/VideoCapture_20220812-160118.jpg","datePublished":"2022-08-12T14:24:42+00:00","dateModified":"2026-01-03T18:57:22+00:00","description":"Arabesque room divider, 1\/4 diorama for BJD minifee MSD dolls, ellowynn wilde, tonner or similar","breadcrumb":{"@id":"https:\/\/www.sunnyshop211.com\/produit\/separateur-de-piece-1-4-diorama-pour-bjd-minifee-msd\/#breadcrumb"},"inLanguage":"en-US","potentialAction":[{"@type":"ReadAction","target":["https:\/\/www.sunnyshop211.com\/produit\/separateur-de-piece-1-4-diorama-pour-bjd-minifee-msd\/"]}]},{"@type":"ImageObject","inLanguage":"en-US","@id":"https:\/\/www.sunnyshop211.com\/produit\/separateur-de-piece-1-4-diorama-pour-bjd-minifee-msd\/#primaryimage","url":"https:\/\/www.sunnyshop211.com\/wp-content\/uploads\/2022\/08\/VideoCapture_20220812-160118.jpg","contentUrl":"https:\/\/www.sunnyshop211.com\/wp-content\/uploads\/2022\/08\/VideoCapture_20220812-160118.jpg","width":1080,"height":1920,"caption":"S\u00e9parateur pi\u00e8ce 1\/4 minifee"},{"@type":"BreadcrumbList","@id":"https:\/\/www.sunnyshop211.com\/produit\/separateur-de-piece-1-4-diorama-pour-bjd-minifee-msd\/#breadcrumb","itemListElement":[{"@type":"ListItem","position":1,"name":"Accueil","item":"https:\/\/www.sunnyshop211.com\/"},{"@type":"ListItem","position":2,"name":"Boutique","item":"https:\/\/www.sunnyshop211.com\/boutique-miniature-bjd-dolls\/"},{"@type":"ListItem","position":3,"name":"S\u00e9parateur de pi\u00e8ce 1\/4 diorama pour BJD minifee MSD"}]},{"@type":"WebSite","@id":"https:\/\/www.sunnyshop211.com\/#website","url":"https:\/\/www.sunnyshop211.com\/","name":"Sale of dioramas, furniture, miniatures, bjd dolls 1\/12 1\/8 1\/6 1\/4 1\/3","description":"Sunnyshop211 - Your miniature world for dolls and BJDs, dioramas and custom-made furniture!","publisher":{"@id":"https:\/\/www.sunnyshop211.com\/#organization"},"alternateName":"sunnyshop211","potentialAction":[{"@type":"SearchAction","target":{"@type":"EntryPoint","urlTemplate":"https:\/\/www.sunnyshop211.com\/?s={search_term_string}"},"query-input":{"@type":"PropertyValueSpecification","valueRequired":true,"valueName":"search_term_string"}}],"inLanguage":"en-US"},{"@type":"Organization","@id":"https:\/\/www.sunnyshop211.com\/#organization","name":"sunnyshop211","alternateName":"sunnyshop211 diorama bjd meuble miniature","url":"https:\/\/www.sunnyshop211.com\/","logo":{"@type":"ImageObject","inLanguage":"en-US","@id":"https:\/\/www.sunnyshop211.com\/#\/schema\/logo\/image\/","url":"https:\/\/www.sunnyshop211.com\/wp-content\/uploads\/2022\/08\/cropped-cropped-cropped-Sunnyshop211-1.png","contentUrl":"https:\/\/www.sunnyshop211.com\/wp-content\/uploads\/2022\/08\/cropped-cropped-cropped-Sunnyshop211-1.png","width":339,"height":339,"caption":"sunnyshop211"},"image":{"@id":"https:\/\/www.sunnyshop211.com\/#\/schema\/logo\/image\/"},"sameAs":["https:\/\/www.facebook.com\/sunnyshop211\/?ref=bookmarks","https:\/\/x.com\/sunnyshop211","https:\/\/www.instagram.com\/sunnyshop211\/","https:\/\/www.tumblr.com\/blog\/sunnyshop211","https:\/\/www.youtube.com\/channel\/UCtYY18OGGDKrTSzgcf7fCBg","https:\/\/www.tiktok.com\/@sunnydollshop211?is_from_webapp=1&sender_device=pc"]}]}},"jetpack_publicize_connections":[],"jetpack_sharing_enabled":true,"_links":{"self":[{"href":"https:\/\/www.sunnyshop211.com\/en\/wp-json\/wp\/v2\/product\/24192","targetHints":{"allow":["GET"]}}],"collection":[{"href":"https:\/\/www.sunnyshop211.com\/en\/wp-json\/wp\/v2\/product"}],"about":[{"href":"https:\/\/www.sunnyshop211.com\/en\/wp-json\/wp\/v2\/types\/product"}],"replies":[{"embeddable":true,"href":"https:\/\/www.sunnyshop211.com\/en\/wp-json\/wp\/v2\/comments?post=24192"}],"version-history":[{"count":10,"href":"https:\/\/www.sunnyshop211.com\/en\/wp-json\/wp\/v2\/product\/24192\/revisions"}],"predecessor-version":[{"id":54187,"href":"https:\/\/www.sunnyshop211.com\/en\/wp-json\/wp\/v2\/product\/24192\/revisions\/54187"}],"wp:featuredmedia":[{"embeddable":true,"href":"https:\/\/www.sunnyshop211.com\/en\/wp-json\/wp\/v2\/media\/24184"}],"wp:attachment":[{"href":"https:\/\/www.sunnyshop211.com\/en\/wp-json\/wp\/v2\/media?parent=24192"}],"wp:term":[{"taxonomy":"product_brand","embeddable":true,"href":"https:\/\/www.sunnyshop211.com\/en\/wp-json\/wp\/v2\/product_brand?post=24192"},{"taxonomy":"product_cat","embeddable":true,"href":"https:\/\/www.sunnyshop211.com\/en\/wp-json\/wp\/v2\/product_cat?post=24192"},{"taxonomy":"product_tag","embeddable":true,"href":"https:\/\/www.sunnyshop211.com\/en\/wp-json\/wp\/v2\/product_tag?post=24192"}],"curies":[{"name":"wp","href":"https:\/\/api.w.org\/{rel}","templated":true}]}}