{"id":24114,"date":"2022-08-01T13:24:43","date_gmt":"2022-08-01T12:24:43","guid":{"rendered":"https:\/\/sunnyshop211.com\/?post_type=product&#038;p=24114"},"modified":"2026-03-20T11:04:15","modified_gmt":"2026-03-20T10:04:15","slug":"lot-de-caisses-de-rangement-miniatures","status":"publish","type":"product","link":"https:\/\/www.sunnyshop211.com\/en\/product\/lot-de-caisses-de-rangement-miniatures\/","title":{"rendered":"Set of miniature storage boxes"},"content":{"rendered":"<div id='gallery-1' class='gallery galleryid-24114 gallery-columns-3 gallery-size-thumbnail'><figure class='gallery-item'>\n\t\t\t<div class='gallery-icon landscape'>\n\t\t\t\t<a href='https:\/\/www.sunnyshop211.com\/en\/?attachment_id=24312'><img decoding=\"async\" width=\"150\" height=\"150\" src=\"https:\/\/www.sunnyshop211.com\/wp-content\/uploads\/2022\/08\/dressing-et-chat-65-scaled-150x150.jpg\" class=\"attachment-thumbnail size-thumbnail\" alt=\"Lot Caisse de rangement miniature\" srcset=\"https:\/\/www.sunnyshop211.com\/wp-content\/uploads\/2022\/08\/dressing-et-chat-65-scaled-150x150.jpg 150w, https:\/\/www.sunnyshop211.com\/wp-content\/uploads\/2022\/08\/dressing-et-chat-65-scaled-500x500.jpg 500w, https:\/\/www.sunnyshop211.com\/wp-content\/uploads\/2022\/08\/dressing-et-chat-65-scaled-100x100.jpg 100w\" sizes=\"(max-width: 150px) 100vw, 150px\" \/><\/a>\n\t\t\t<\/div><\/figure><figure class='gallery-item'>\n\t\t\t<div class='gallery-icon landscape'>\n\t\t\t\t<a href='https:\/\/www.sunnyshop211.com\/en\/?attachment_id=29326'><img decoding=\"async\" width=\"150\" height=\"150\" src=\"https:\/\/www.sunnyshop211.com\/wp-content\/uploads\/2022\/12\/bb-1-52-150x150.jpg\" class=\"attachment-thumbnail size-thumbnail\" alt=\"\" srcset=\"https:\/\/www.sunnyshop211.com\/wp-content\/uploads\/2022\/12\/bb-1-52-150x150.jpg 150w, https:\/\/www.sunnyshop211.com\/wp-content\/uploads\/2022\/12\/bb-1-52-scaled-500x500.jpg 500w, https:\/\/www.sunnyshop211.com\/wp-content\/uploads\/2022\/12\/bb-1-52-scaled-100x100.jpg 100w\" sizes=\"(max-width: 150px) 100vw, 150px\" \/><\/a>\n\t\t\t<\/div><\/figure><figure class='gallery-item'>\n\t\t\t<div class='gallery-icon landscape'>\n\t\t\t\t<a href='https:\/\/www.sunnyshop211.com\/en\/?attachment_id=24311'><img decoding=\"async\" width=\"150\" height=\"150\" src=\"https:\/\/www.sunnyshop211.com\/wp-content\/uploads\/2022\/08\/dressing-et-chat-64-150x150.jpg\" class=\"attachment-thumbnail size-thumbnail\" alt=\"Lot Caisse de rangement miniature\" srcset=\"https:\/\/www.sunnyshop211.com\/wp-content\/uploads\/2022\/08\/dressing-et-chat-64-150x150.jpg 150w, https:\/\/www.sunnyshop211.com\/wp-content\/uploads\/2022\/08\/dressing-et-chat-64-scaled-500x500.jpg 500w, https:\/\/www.sunnyshop211.com\/wp-content\/uploads\/2022\/08\/dressing-et-chat-64-scaled-100x100.jpg 100w\" sizes=\"(max-width: 150px) 100vw, 150px\" \/><\/a>\n\t\t\t<\/div><\/figure><figure class='gallery-item'>\n\t\t\t<div class='gallery-icon landscape'>\n\t\t\t\t<a href='https:\/\/www.sunnyshop211.com\/en\/?attachment_id=24310'><img loading=\"lazy\" decoding=\"async\" width=\"150\" height=\"150\" src=\"https:\/\/www.sunnyshop211.com\/wp-content\/uploads\/2022\/08\/dressing-et-chat-63-150x150.jpg\" class=\"attachment-thumbnail size-thumbnail\" alt=\"El\u00e9phant miniature bjd\" srcset=\"https:\/\/www.sunnyshop211.com\/wp-content\/uploads\/2022\/08\/dressing-et-chat-63-150x150.jpg 150w, https:\/\/www.sunnyshop211.com\/wp-content\/uploads\/2022\/08\/dressing-et-chat-63-scaled-500x500.jpg 500w, https:\/\/www.sunnyshop211.com\/wp-content\/uploads\/2022\/08\/dressing-et-chat-63-scaled-100x100.jpg 100w\" sizes=\"(max-width: 150px) 100vw, 150px\" \/><\/a>\n\t\t\t<\/div><\/figure><figure class='gallery-item'>\n\t\t\t<div class='gallery-icon landscape'>\n\t\t\t\t<a href='https:\/\/www.sunnyshop211.com\/en\/?attachment_id=24111'><img loading=\"lazy\" decoding=\"async\" width=\"150\" height=\"150\" src=\"https:\/\/www.sunnyshop211.com\/wp-content\/uploads\/2022\/08\/wp-1659356368911-150x150.jpg\" class=\"attachment-thumbnail size-thumbnail\" alt=\"El\u00e9phant miniature bjd\" srcset=\"https:\/\/www.sunnyshop211.com\/wp-content\/uploads\/2022\/08\/wp-1659356368911-150x150.jpg 150w, https:\/\/www.sunnyshop211.com\/wp-content\/uploads\/2022\/08\/wp-1659356368911-500x500.jpg 500w, https:\/\/www.sunnyshop211.com\/wp-content\/uploads\/2022\/08\/wp-1659356368911-100x100.jpg 100w, https:\/\/www.sunnyshop211.com\/wp-content\/uploads\/2022\/08\/wp-1659356368911-300x300.jpg 300w\" sizes=\"(max-width: 150px) 100vw, 150px\" \/><\/a>\n\t\t\t<\/div><\/figure><figure class='gallery-item'>\n\t\t\t<div class='gallery-icon portrait'>\n\t\t\t\t<a href='https:\/\/www.sunnyshop211.com\/en\/?attachment_id=23909'><img loading=\"lazy\" decoding=\"async\" width=\"150\" height=\"150\" src=\"https:\/\/www.sunnyshop211.com\/wp-content\/uploads\/2022\/07\/wp-1659195435187-150x150.jpg\" class=\"attachment-thumbnail size-thumbnail\" alt=\"Meuble \u00e0 langer 1\/4 bjd\" srcset=\"https:\/\/www.sunnyshop211.com\/wp-content\/uploads\/2022\/07\/wp-1659195435187-150x150.jpg 150w, https:\/\/www.sunnyshop211.com\/wp-content\/uploads\/2022\/07\/wp-1659195435187-500x500.jpg 500w, https:\/\/www.sunnyshop211.com\/wp-content\/uploads\/2022\/07\/wp-1659195435187-100x100.jpg 100w, https:\/\/www.sunnyshop211.com\/wp-content\/uploads\/2022\/07\/wp-1659195435187-300x300.jpg 300w\" sizes=\"(max-width: 150px) 100vw, 150px\" \/><\/a>\n\t\t\t<\/div><\/figure><figure class='gallery-item'>\n\t\t\t<div class='gallery-icon portrait'>\n\t\t\t\t<a href='https:\/\/www.sunnyshop211.com\/en\/?attachment_id=23907'><img loading=\"lazy\" decoding=\"async\" width=\"150\" height=\"150\" src=\"https:\/\/www.sunnyshop211.com\/wp-content\/uploads\/2022\/07\/wp-1659195403383-150x150.jpg\" class=\"attachment-thumbnail size-thumbnail\" alt=\"Lot Caisse de rangement miniature\" srcset=\"https:\/\/www.sunnyshop211.com\/wp-content\/uploads\/2022\/07\/wp-1659195403383-150x150.jpg 150w, https:\/\/www.sunnyshop211.com\/wp-content\/uploads\/2022\/07\/wp-1659195403383-500x500.jpg 500w, https:\/\/www.sunnyshop211.com\/wp-content\/uploads\/2022\/07\/wp-1659195403383-100x100.jpg 100w, https:\/\/www.sunnyshop211.com\/wp-content\/uploads\/2022\/07\/wp-1659195403383-300x300.jpg 300w\" sizes=\"(max-width: 150px) 100vw, 150px\" \/><\/a>\n\t\t\t<\/div><\/figure>\n\t\t<\/div>\n\n<h2 data-start=\"124\" data-end=\"167\">Set of miniature storage boxes<\/h2>\n<p data-start=\"168\" data-end=\"257\"><strong data-start=\"168\" data-end=\"257\">For Minifee, MSD, BJD b\u00e9b\u00e9, Lati Yellow, Pukifee, Nappy Choo, Barbie, Pullip, Blythe<\/strong><\/p>\n<p data-start=\"259\" data-end=\"484\">This <strong data-start=\"262\" data-end=\"304\">set of miniature storage boxes<\/strong> is ideal for organizing and decorating dioramas, dolls' rooms and nursery scenes. Their <strong data-start=\"402\" data-end=\"427\">imitation wicker effect<\/strong> adds a soft, realistic touch to any world.<\/p>\n<hr data-start=\"486\" data-end=\"489\" \/>\n<h3 data-start=\"491\" data-end=\"512\">\ud83e\uddfa Batch contents<\/h3>\n<ul data-start=\"513\" data-end=\"643\">\n<li data-start=\"513\" data-end=\"559\">\n<p data-start=\"515\" data-end=\"559\"><strong data-start=\"515\" data-end=\"541\">2 storage boxes<\/strong> imitation wicker<\/p>\n<\/li>\n<li data-start=\"560\" data-end=\"583\">\n<p data-start=\"562\" data-end=\"583\">Sold <strong data-start=\"570\" data-end=\"581\">painted<\/strong><\/p>\n<\/li>\n<li data-start=\"584\" data-end=\"643\">\n<p data-start=\"586\" data-end=\"643\"><strong data-start=\"586\" data-end=\"606\">Choice of color<\/strong> (select when ordering)<\/p>\n<\/li>\n<\/ul>\n<hr data-start=\"645\" data-end=\"648\" \/>\n<h3 data-start=\"650\" data-end=\"676\">\ud83d\udccf Available sizes<\/h3>\n<p data-start=\"677\" data-end=\"714\">The lot is available in <strong data-start=\"699\" data-end=\"712\">3 formats<\/strong> :<\/p>\n<ul data-start=\"715\" data-end=\"791\">\n<li data-start=\"715\" data-end=\"740\">\n<p data-start=\"717\" data-end=\"740\"><strong data-start=\"717\" data-end=\"727\">Small<\/strong> 3 \u00d7 3 cm<\/p>\n<\/li>\n<li data-start=\"741\" data-end=\"767\">\n<p data-start=\"743\" data-end=\"767\"><strong data-start=\"743\" data-end=\"754\">Average<\/strong> : 5 \u00d7 5 cm<\/p>\n<\/li>\n<li data-start=\"768\" data-end=\"791\">\n<p data-start=\"770\" data-end=\"791\"><strong data-start=\"770\" data-end=\"780\">Grande<\/strong> : 7 \u00d7 7 cm<\/p>\n<\/li>\n<\/ul>\n<p data-start=\"793\" data-end=\"858\">\ud83d\udc49 Choose according to the scale of your dolls and your staging.<\/p>\n<hr data-start=\"860\" data-end=\"863\" \/>\n<h3 data-start=\"865\" data-end=\"899\">\ud83c\udfe0 Use &amp; compatibility<\/h3>\n<ul data-start=\"900\" data-end=\"1119\">\n<li data-start=\"900\" data-end=\"972\">\n<p data-start=\"902\" data-end=\"972\">Fits perfectly to <strong data-start=\"926\" data-end=\"952\">my miniature furniture<\/strong> sold separately<\/p>\n<\/li>\n<li data-start=\"973\" data-end=\"1071\">\n<p data-start=\"975\" data-end=\"987\">Ideal for :<\/p>\n<ul data-start=\"990\" data-end=\"1071\">\n<li data-start=\"990\" data-end=\"1008\">\n<p data-start=\"992\" data-end=\"1008\">baby rooms<\/p>\n<\/li>\n<li data-start=\"1011\" data-end=\"1022\">\n<p data-start=\"1013\" data-end=\"1022\">nurseries<\/p>\n<\/li>\n<li data-start=\"1025\" data-end=\"1047\">\n<p data-start=\"1027\" data-end=\"1047\">shelves and chests of drawers<\/p>\n<\/li>\n<li data-start=\"1050\" data-end=\"1071\">\n<p data-start=\"1052\" data-end=\"1071\">decorative dioramas<\/p>\n<\/li>\n<\/ul>\n<\/li>\n<li data-start=\"1072\" data-end=\"1119\">\n<p data-start=\"1074\" data-end=\"1119\">Compatible with dolls <strong data-start=\"1100\" data-end=\"1119\">1\/8, 1\/6 and 1\/4<\/strong><\/p>\n<\/li>\n<\/ul>\n<hr data-start=\"1121\" data-end=\"1124\" \/>\n<h3 data-start=\"1126\" data-end=\"1156\">\ud83d\udd90\ufe0f Craft manufacturing<\/h3>\n<ul data-start=\"1157\" data-end=\"1338\">\n<li data-start=\"1157\" data-end=\"1183\">\n<p data-start=\"1159\" data-end=\"1183\"><strong data-start=\"1159\" data-end=\"1183\">Made to order<\/strong><\/p>\n<\/li>\n<li data-start=\"1184\" data-end=\"1338\">\n<p data-start=\"1186\" data-end=\"1220\">Because of its artisanal character :<\/p>\n<ul data-start=\"1223\" data-end=\"1338\">\n<li data-start=\"1223\" data-end=\"1288\">\n<p data-start=\"1225\" data-end=\"1288\">slight variations in shape or color may occur<\/p>\n<\/li>\n<li data-start=\"1291\" data-end=\"1338\">\n<p data-start=\"1293\" data-end=\"1338\">some minor imperfections are possible<\/p>\n<\/li>\n<\/ul>\n<\/li>\n<\/ul>\n<hr data-start=\"1340\" data-end=\"1343\" \/>\n<h3 data-start=\"1345\" data-end=\"1376\">\u26a0\ufe0f Important information<\/h3>\n<ul data-start=\"1377\" data-end=\"1517\">\n<li data-start=\"1377\" data-end=\"1408\">\n<p data-start=\"1379\" data-end=\"1408\"><strong data-start=\"1379\" data-end=\"1406\">This is not a toy<\/strong><\/p>\n<\/li>\n<li data-start=\"1409\" data-end=\"1449\">\n<p data-start=\"1411\" data-end=\"1449\">Article for a <strong data-start=\"1432\" data-end=\"1449\">adult audience<\/strong><\/p>\n<\/li>\n<li data-start=\"1450\" data-end=\"1517\">\n<p data-start=\"1452\" data-end=\"1517\">I am not responsible for any damage during transport<\/p>\n<\/li>\n<\/ul>\n<hr data-start=\"1519\" data-end=\"1522\" \/>\n<p data-start=\"1524\" data-end=\"1611\">\ud83d\udcf8 For more photos and inspiration :<br data-start=\"1566\" data-end=\"1569\" \/>\ud83d\udc49 <a class=\"decorated-link\" href=\"https:\/\/www.instagram.com\/sunnyshop211\/\" target=\"_new\" rel=\"noopener\" data-start=\"1572\" data-end=\"1611\">https:\/\/www.instagram.com\/sunnyshop211\/<\/a><\/p>\n<p data-start=\"1613\" data-end=\"1708\">\ud83d\udc9b <strong data-start=\"1616\" data-end=\"1708\">A practical and decorative accessory to structure your miniature scenes with elegance.<\/strong><\/p>","protected":false},"excerpt":{"rendered":"<p>Lot de caisses de rangement miniatures Pour Minifee, MSD, BJD b\u00e9b\u00e9, Lati Yellow, Pukifee, Nappy Choo, Barbie, Pullip, Blythe Ce lot de caisses de rangement miniatures est id\u00e9al pour organiser et d\u00e9corer vos dioramas, chambres de poup\u00e9es et sc\u00e8nes de nursery. Leur effet imitation osier apporte une touche douce et r\u00e9aliste \u00e0 tous les univers. [&hellip;]<\/p>\n","protected":false},"featured_media":29326,"comment_status":"open","ping_status":"closed","template":"","meta":{"_crdt_document":"","jetpack_post_was_ever_published":false,"jetpack_publicize_message":"","jetpack_publicize_feature_enabled":true,"jetpack_social_post_already_shared":true,"jetpack_social_options":{"image_generator_settings":{"template":"highway","default_image_id":0,"font":"","enabled":false},"version":2}},"product_brand":[],"product_cat":[667686969,667687010],"product_tag":[667681137,667681138,667682464,667682460,667682444,667681226,667681272,667681236,667681173,667681237,667682442,667681177,667681800,667682462,667681260],"class_list":{"0":"post-24114","1":"product","2":"type-product","3":"status-publish","4":"has-post-thumbnail","6":"product_cat-decoration","7":"product_cat-etageres-rangement-decoratif","8":"product_tag-baby","9":"product_tag-bebe","10":"product_tag-bjd-bebe","11":"product_tag-changing-mats","12":"product_tag-couches","13":"product_tag-doll","14":"product_tag-elowynn-wilde","15":"product_tag-maison-de-poupee","16":"product_tag-minifee","17":"product_tag-msd","18":"product_tag-nappies","19":"product_tag-poupee","20":"product_tag-storage-box","21":"product_tag-tapis-a-langer","22":"product_tag-tonner","23":"product_shipping_class-colissimo-5","24":"pa_couleur-blanc","25":"pa_couleur-bleu","26":"pa_couleur-gris","27":"pa_couleur-noir","28":"pa_couleur-rose-pink","30":"first","31":"instock","32":"taxable","33":"shipping-taxable","34":"purchasable","35":"product-type-variable"},"yoast_head":"<!-- This site is optimized with the Yoast SEO plugin v27.4 - https:\/\/yoast.com\/product\/yoast-seo-wordpress\/ -->\n<title>Lot de caisses de rangement miniatures -<\/title>\n<meta name=\"description\" content=\"Lot de caisses de rangement miniatures minifee, MSD, bjd b\u00e9b\u00e9, lati yellow, pukifee, nappy choo, Barbie, pullip, blythe. A vous de choisir.\" \/>\n<meta name=\"robots\" content=\"index, follow, max-snippet:-1, max-image-preview:large, max-video-preview:-1\" \/>\n<link rel=\"canonical\" href=\"https:\/\/www.sunnyshop211.com\/en\/product\/lot-de-caisses-de-rangement-miniatures\/\" \/>\n<meta property=\"og:locale\" content=\"en_US\" \/>\n<meta property=\"og:type\" content=\"article\" \/>\n<meta property=\"og:title\" content=\"Lot de caisses de rangement miniatures -\" \/>\n<meta property=\"og:description\" content=\"Lot de caisses de rangement miniatures minifee, MSD, bjd b\u00e9b\u00e9, lati yellow, pukifee, nappy choo, Barbie, pullip, blythe. A vous de choisir.\" \/>\n<meta property=\"og:url\" content=\"https:\/\/www.sunnyshop211.com\/en\/product\/lot-de-caisses-de-rangement-miniatures\/\" \/>\n<meta property=\"og:site_name\" content=\"Sunnyshop211 -Vente de dioramas, meubles, miniatures , bjd poup\u00e9es 1\/12 1\/8 1\/6 1\/4 1\/3\" \/>\n<meta property=\"article:publisher\" content=\"https:\/\/www.facebook.com\/sunnyshop211\/?ref=bookmarks\" \/>\n<meta property=\"article:modified_time\" content=\"2026-03-20T10:04:15+00:00\" \/>\n<meta property=\"og:image\" content=\"https:\/\/www.sunnyshop211.com\/wp-content\/uploads\/2022\/12\/bb-1-52-scaled.jpg\" \/>\n\t<meta property=\"og:image:width\" content=\"2560\" \/>\n\t<meta property=\"og:image:height\" content=\"1707\" \/>\n\t<meta property=\"og:image:type\" content=\"image\/jpeg\" \/>\n<meta name=\"twitter:card\" content=\"summary_large_image\" \/>\n<meta name=\"twitter:site\" content=\"@sunnyshop211\" \/>\n<meta name=\"twitter:label1\" content=\"Est. reading time\" \/>\n\t<meta name=\"twitter:data1\" content=\"2 minutes\" \/>\n<script type=\"application\/ld+json\" class=\"yoast-schema-graph\">{\"@context\":\"https:\\\/\\\/schema.org\",\"@graph\":[{\"@type\":\"WebPage\",\"@id\":\"https:\\\/\\\/www.sunnyshop211.com\\\/produit\\\/lot-de-caisses-de-rangement-miniatures\\\/\",\"url\":\"https:\\\/\\\/www.sunnyshop211.com\\\/produit\\\/lot-de-caisses-de-rangement-miniatures\\\/\",\"name\":\"Lot de caisses de rangement miniatures -\",\"isPartOf\":{\"@id\":\"https:\\\/\\\/www.sunnyshop211.com\\\/#website\"},\"primaryImageOfPage\":{\"@id\":\"https:\\\/\\\/www.sunnyshop211.com\\\/produit\\\/lot-de-caisses-de-rangement-miniatures\\\/#primaryimage\"},\"image\":{\"@id\":\"https:\\\/\\\/www.sunnyshop211.com\\\/produit\\\/lot-de-caisses-de-rangement-miniatures\\\/#primaryimage\"},\"thumbnailUrl\":\"https:\\\/\\\/www.sunnyshop211.com\\\/wp-content\\\/uploads\\\/2022\\\/12\\\/bb-1-52-scaled.jpg\",\"datePublished\":\"2022-08-01T12:24:43+00:00\",\"dateModified\":\"2026-03-20T10:04:15+00:00\",\"description\":\"Lot de caisses de rangement miniatures minifee, MSD, bjd b\u00e9b\u00e9, lati yellow, pukifee, nappy choo, Barbie, pullip, blythe. A vous de choisir.\",\"breadcrumb\":{\"@id\":\"https:\\\/\\\/www.sunnyshop211.com\\\/produit\\\/lot-de-caisses-de-rangement-miniatures\\\/#breadcrumb\"},\"inLanguage\":\"en-US\",\"potentialAction\":[{\"@type\":\"ReadAction\",\"target\":[\"https:\\\/\\\/www.sunnyshop211.com\\\/produit\\\/lot-de-caisses-de-rangement-miniatures\\\/\"]}]},{\"@type\":\"ImageObject\",\"inLanguage\":\"en-US\",\"@id\":\"https:\\\/\\\/www.sunnyshop211.com\\\/produit\\\/lot-de-caisses-de-rangement-miniatures\\\/#primaryimage\",\"url\":\"https:\\\/\\\/www.sunnyshop211.com\\\/wp-content\\\/uploads\\\/2022\\\/12\\\/bb-1-52-scaled.jpg\",\"contentUrl\":\"https:\\\/\\\/www.sunnyshop211.com\\\/wp-content\\\/uploads\\\/2022\\\/12\\\/bb-1-52-scaled.jpg\",\"width\":2560,\"height\":1707},{\"@type\":\"BreadcrumbList\",\"@id\":\"https:\\\/\\\/www.sunnyshop211.com\\\/produit\\\/lot-de-caisses-de-rangement-miniatures\\\/#breadcrumb\",\"itemListElement\":[{\"@type\":\"ListItem\",\"position\":1,\"name\":\"Accueil\",\"item\":\"https:\\\/\\\/www.sunnyshop211.com\\\/\"},{\"@type\":\"ListItem\",\"position\":2,\"name\":\"Boutique\",\"item\":\"https:\\\/\\\/www.sunnyshop211.com\\\/boutique-miniature-bjd-dolls\\\/\"},{\"@type\":\"ListItem\",\"position\":3,\"name\":\"Lot de caisses de rangement miniatures\"}]},{\"@type\":\"WebSite\",\"@id\":\"https:\\\/\\\/www.sunnyshop211.com\\\/#website\",\"url\":\"https:\\\/\\\/www.sunnyshop211.com\\\/\",\"name\":\"Vente de dioramas, meubles, miniatures , bjd poup\u00e9es 1\\\/12 1\\\/8 1\\\/6 1\\\/4 1\\\/3\",\"description\":\"Sunnyshop211 - Votre univers miniature pour poup\u00e9es et BJD, dioramas et meubles sur mesure !\",\"publisher\":{\"@id\":\"https:\\\/\\\/www.sunnyshop211.com\\\/#organization\"},\"alternateName\":\"sunnyshop211\",\"potentialAction\":[{\"@type\":\"SearchAction\",\"target\":{\"@type\":\"EntryPoint\",\"urlTemplate\":\"https:\\\/\\\/www.sunnyshop211.com\\\/?s={search_term_string}\"},\"query-input\":{\"@type\":\"PropertyValueSpecification\",\"valueRequired\":true,\"valueName\":\"search_term_string\"}}],\"inLanguage\":\"en-US\"},{\"@type\":\"Organization\",\"@id\":\"https:\\\/\\\/www.sunnyshop211.com\\\/#organization\",\"name\":\"sunnyshop211\",\"alternateName\":\"sunnyshop211 diorama bjd meuble miniature\",\"url\":\"https:\\\/\\\/www.sunnyshop211.com\\\/\",\"logo\":{\"@type\":\"ImageObject\",\"inLanguage\":\"en-US\",\"@id\":\"https:\\\/\\\/www.sunnyshop211.com\\\/#\\\/schema\\\/logo\\\/image\\\/\",\"url\":\"https:\\\/\\\/www.sunnyshop211.com\\\/wp-content\\\/uploads\\\/2022\\\/08\\\/cropped-cropped-cropped-Sunnyshop211-1.png\",\"contentUrl\":\"https:\\\/\\\/www.sunnyshop211.com\\\/wp-content\\\/uploads\\\/2022\\\/08\\\/cropped-cropped-cropped-Sunnyshop211-1.png\",\"width\":339,\"height\":339,\"caption\":\"sunnyshop211\"},\"image\":{\"@id\":\"https:\\\/\\\/www.sunnyshop211.com\\\/#\\\/schema\\\/logo\\\/image\\\/\"},\"sameAs\":[\"https:\\\/\\\/www.facebook.com\\\/sunnyshop211\\\/?ref=bookmarks\",\"https:\\\/\\\/x.com\\\/sunnyshop211\",\"https:\\\/\\\/www.instagram.com\\\/sunnyshop211\\\/\",\"https:\\\/\\\/www.tumblr.com\\\/blog\\\/sunnyshop211\",\"https:\\\/\\\/www.youtube.com\\\/channel\\\/UCtYY18OGGDKrTSzgcf7fCBg\",\"https:\\\/\\\/www.tiktok.com\\\/@sunnydollshop211?is_from_webapp=1&sender_device=pc\"]}]}<\/script>\n<!-- \/ Yoast SEO plugin. -->","yoast_head_json":{"title":"Set of miniature storage boxes -","description":"Set of miniature storage boxes for minifee, MSD, bjd b\u00e9b\u00e9, lati yellow, pukifee, nappy choo, Barbie, pullip, blythe. The choice is yours.","robots":{"index":"index","follow":"follow","max-snippet":"max-snippet:-1","max-image-preview":"max-image-preview:large","max-video-preview":"max-video-preview:-1"},"canonical":"https:\/\/www.sunnyshop211.com\/en\/product\/lot-de-caisses-de-rangement-miniatures\/","og_locale":"en_US","og_type":"article","og_title":"Lot de caisses de rangement miniatures -","og_description":"Lot de caisses de rangement miniatures minifee, MSD, bjd b\u00e9b\u00e9, lati yellow, pukifee, nappy choo, Barbie, pullip, blythe. A vous de choisir.","og_url":"https:\/\/www.sunnyshop211.com\/en\/product\/lot-de-caisses-de-rangement-miniatures\/","og_site_name":"Sunnyshop211 -Vente de dioramas, meubles, miniatures , bjd poup\u00e9es 1\/12 1\/8 1\/6 1\/4 1\/3","article_publisher":"https:\/\/www.facebook.com\/sunnyshop211\/?ref=bookmarks","article_modified_time":"2026-03-20T10:04:15+00:00","og_image":[{"width":2560,"height":1707,"url":"https:\/\/www.sunnyshop211.com\/wp-content\/uploads\/2022\/12\/bb-1-52-scaled.jpg","type":"image\/jpeg"}],"twitter_card":"summary_large_image","twitter_site":"@sunnyshop211","twitter_misc":{"Est. reading time":"2 minutes"},"schema":{"@context":"https:\/\/schema.org","@graph":[{"@type":"WebPage","@id":"https:\/\/www.sunnyshop211.com\/produit\/lot-de-caisses-de-rangement-miniatures\/","url":"https:\/\/www.sunnyshop211.com\/produit\/lot-de-caisses-de-rangement-miniatures\/","name":"Set of miniature storage boxes -","isPartOf":{"@id":"https:\/\/www.sunnyshop211.com\/#website"},"primaryImageOfPage":{"@id":"https:\/\/www.sunnyshop211.com\/produit\/lot-de-caisses-de-rangement-miniatures\/#primaryimage"},"image":{"@id":"https:\/\/www.sunnyshop211.com\/produit\/lot-de-caisses-de-rangement-miniatures\/#primaryimage"},"thumbnailUrl":"https:\/\/www.sunnyshop211.com\/wp-content\/uploads\/2022\/12\/bb-1-52-scaled.jpg","datePublished":"2022-08-01T12:24:43+00:00","dateModified":"2026-03-20T10:04:15+00:00","description":"Set of miniature storage boxes for minifee, MSD, bjd b\u00e9b\u00e9, lati yellow, pukifee, nappy choo, Barbie, pullip, blythe. The choice is yours.","breadcrumb":{"@id":"https:\/\/www.sunnyshop211.com\/produit\/lot-de-caisses-de-rangement-miniatures\/#breadcrumb"},"inLanguage":"en-US","potentialAction":[{"@type":"ReadAction","target":["https:\/\/www.sunnyshop211.com\/produit\/lot-de-caisses-de-rangement-miniatures\/"]}]},{"@type":"ImageObject","inLanguage":"en-US","@id":"https:\/\/www.sunnyshop211.com\/produit\/lot-de-caisses-de-rangement-miniatures\/#primaryimage","url":"https:\/\/www.sunnyshop211.com\/wp-content\/uploads\/2022\/12\/bb-1-52-scaled.jpg","contentUrl":"https:\/\/www.sunnyshop211.com\/wp-content\/uploads\/2022\/12\/bb-1-52-scaled.jpg","width":2560,"height":1707},{"@type":"BreadcrumbList","@id":"https:\/\/www.sunnyshop211.com\/produit\/lot-de-caisses-de-rangement-miniatures\/#breadcrumb","itemListElement":[{"@type":"ListItem","position":1,"name":"Accueil","item":"https:\/\/www.sunnyshop211.com\/"},{"@type":"ListItem","position":2,"name":"Boutique","item":"https:\/\/www.sunnyshop211.com\/boutique-miniature-bjd-dolls\/"},{"@type":"ListItem","position":3,"name":"Lot de caisses de rangement miniatures"}]},{"@type":"WebSite","@id":"https:\/\/www.sunnyshop211.com\/#website","url":"https:\/\/www.sunnyshop211.com\/","name":"Sale of dioramas, furniture, miniatures, bjd dolls 1\/12 1\/8 1\/6 1\/4 1\/3","description":"Sunnyshop211 - Your miniature world for dolls and BJDs, dioramas and custom-made furniture!","publisher":{"@id":"https:\/\/www.sunnyshop211.com\/#organization"},"alternateName":"sunnyshop211","potentialAction":[{"@type":"SearchAction","target":{"@type":"EntryPoint","urlTemplate":"https:\/\/www.sunnyshop211.com\/?s={search_term_string}"},"query-input":{"@type":"PropertyValueSpecification","valueRequired":true,"valueName":"search_term_string"}}],"inLanguage":"en-US"},{"@type":"Organization","@id":"https:\/\/www.sunnyshop211.com\/#organization","name":"sunnyshop211","alternateName":"sunnyshop211 diorama bjd meuble miniature","url":"https:\/\/www.sunnyshop211.com\/","logo":{"@type":"ImageObject","inLanguage":"en-US","@id":"https:\/\/www.sunnyshop211.com\/#\/schema\/logo\/image\/","url":"https:\/\/www.sunnyshop211.com\/wp-content\/uploads\/2022\/08\/cropped-cropped-cropped-Sunnyshop211-1.png","contentUrl":"https:\/\/www.sunnyshop211.com\/wp-content\/uploads\/2022\/08\/cropped-cropped-cropped-Sunnyshop211-1.png","width":339,"height":339,"caption":"sunnyshop211"},"image":{"@id":"https:\/\/www.sunnyshop211.com\/#\/schema\/logo\/image\/"},"sameAs":["https:\/\/www.facebook.com\/sunnyshop211\/?ref=bookmarks","https:\/\/x.com\/sunnyshop211","https:\/\/www.instagram.com\/sunnyshop211\/","https:\/\/www.tumblr.com\/blog\/sunnyshop211","https:\/\/www.youtube.com\/channel\/UCtYY18OGGDKrTSzgcf7fCBg","https:\/\/www.tiktok.com\/@sunnydollshop211?is_from_webapp=1&sender_device=pc"]}]}},"jetpack_publicize_connections":[],"jetpack_sharing_enabled":true,"_links":{"self":[{"href":"https:\/\/www.sunnyshop211.com\/en\/wp-json\/wp\/v2\/product\/24114","targetHints":{"allow":["GET"]}}],"collection":[{"href":"https:\/\/www.sunnyshop211.com\/en\/wp-json\/wp\/v2\/product"}],"about":[{"href":"https:\/\/www.sunnyshop211.com\/en\/wp-json\/wp\/v2\/types\/product"}],"replies":[{"embeddable":true,"href":"https:\/\/www.sunnyshop211.com\/en\/wp-json\/wp\/v2\/comments?post=24114"}],"version-history":[{"count":12,"href":"https:\/\/www.sunnyshop211.com\/en\/wp-json\/wp\/v2\/product\/24114\/revisions"}],"predecessor-version":[{"id":53007,"href":"https:\/\/www.sunnyshop211.com\/en\/wp-json\/wp\/v2\/product\/24114\/revisions\/53007"}],"wp:featuredmedia":[{"embeddable":true,"href":"https:\/\/www.sunnyshop211.com\/en\/wp-json\/wp\/v2\/media\/29326"}],"wp:attachment":[{"href":"https:\/\/www.sunnyshop211.com\/en\/wp-json\/wp\/v2\/media?parent=24114"}],"wp:term":[{"taxonomy":"product_brand","embeddable":true,"href":"https:\/\/www.sunnyshop211.com\/en\/wp-json\/wp\/v2\/product_brand?post=24114"},{"taxonomy":"product_cat","embeddable":true,"href":"https:\/\/www.sunnyshop211.com\/en\/wp-json\/wp\/v2\/product_cat?post=24114"},{"taxonomy":"product_tag","embeddable":true,"href":"https:\/\/www.sunnyshop211.com\/en\/wp-json\/wp\/v2\/product_tag?post=24114"}],"curies":[{"name":"wp","href":"https:\/\/api.w.org\/{rel}","templated":true}]}}