{"id":23501,"date":"2022-07-04T10:09:56","date_gmt":"2022-07-04T09:09:56","guid":{"rendered":"https:\/\/sunnyshop211.com\/?post_type=product&#038;p=23501"},"modified":"2026-03-20T11:04:15","modified_gmt":"2026-03-20T10:04:15","slug":"lot-de-lanternes-bougie-set-of-lanterns-miniature-1-6-1-4-ou-1-3","status":"publish","type":"product","link":"https:\/\/www.sunnyshop211.com\/en\/product\/lot-de-lanternes-bougie-set-of-lanterns-miniature-1-6-1-4-ou-1-3\/","title":{"rendered":"Lot of miniature candle lanterns 1\/6, 1\/4 or 1\/3"},"content":{"rendered":"<div id='gallery-1' class='gallery galleryid-23501 gallery-columns-3 gallery-size-thumbnail'><figure class='gallery-item'>\n\t\t\t<div class='gallery-icon landscape'>\n\t\t\t\t<a href='https:\/\/www.sunnyshop211.com\/en\/?attachment_id=23500'><img decoding=\"async\" width=\"150\" height=\"150\" src=\"https:\/\/www.sunnyshop211.com\/wp-content\/uploads\/2022\/07\/piscine28629-scaled-150x150.jpg\" class=\"attachment-thumbnail size-thumbnail\" alt=\"Lot de lanternes miniature\" srcset=\"https:\/\/www.sunnyshop211.com\/wp-content\/uploads\/2022\/07\/piscine28629-scaled-150x150.jpg 150w, https:\/\/www.sunnyshop211.com\/wp-content\/uploads\/2022\/07\/piscine28629-scaled-500x500.jpg 500w, https:\/\/www.sunnyshop211.com\/wp-content\/uploads\/2022\/07\/piscine28629-100x100.jpg 100w, https:\/\/www.sunnyshop211.com\/wp-content\/uploads\/2022\/07\/piscine28629-300x300.jpg 300w\" sizes=\"(max-width: 150px) 100vw, 150px\" \/><\/a>\n\t\t\t<\/div><\/figure><figure class='gallery-item'>\n\t\t\t<div class='gallery-icon landscape'>\n\t\t\t\t<a href='https:\/\/www.sunnyshop211.com\/en\/?attachment_id=23514'><img decoding=\"async\" width=\"150\" height=\"150\" src=\"https:\/\/www.sunnyshop211.com\/wp-content\/uploads\/2022\/07\/piscine28729-150x150.jpg\" class=\"attachment-thumbnail size-thumbnail\" alt=\"\" srcset=\"https:\/\/www.sunnyshop211.com\/wp-content\/uploads\/2022\/07\/piscine28729-150x150.jpg 150w, https:\/\/www.sunnyshop211.com\/wp-content\/uploads\/2022\/07\/piscine28729-scaled-500x500.jpg 500w, https:\/\/www.sunnyshop211.com\/wp-content\/uploads\/2022\/07\/piscine28729-100x100.jpg 100w, https:\/\/www.sunnyshop211.com\/wp-content\/uploads\/2022\/07\/piscine28729-300x300.jpg 300w\" sizes=\"(max-width: 150px) 100vw, 150px\" \/><\/a>\n\t\t\t<\/div><\/figure><figure class='gallery-item'>\n\t\t\t<div class='gallery-icon landscape'>\n\t\t\t\t<a href='https:\/\/www.sunnyshop211.com\/en\/?attachment_id=23518'><img decoding=\"async\" width=\"150\" height=\"150\" src=\"https:\/\/www.sunnyshop211.com\/wp-content\/uploads\/2022\/07\/piscine281629-150x150.jpg\" class=\"attachment-thumbnail size-thumbnail\" alt=\"Lot de lanternes miniature\" srcset=\"https:\/\/www.sunnyshop211.com\/wp-content\/uploads\/2022\/07\/piscine281629-150x150.jpg 150w, https:\/\/www.sunnyshop211.com\/wp-content\/uploads\/2022\/07\/piscine281629-scaled-500x500.jpg 500w, https:\/\/www.sunnyshop211.com\/wp-content\/uploads\/2022\/07\/piscine281629-100x100.jpg 100w, https:\/\/www.sunnyshop211.com\/wp-content\/uploads\/2022\/07\/piscine281629-300x300.jpg 300w\" sizes=\"(max-width: 150px) 100vw, 150px\" \/><\/a>\n\t\t\t<\/div><\/figure><figure class='gallery-item'>\n\t\t\t<div class='gallery-icon landscape'>\n\t\t\t\t<a href='https:\/\/www.sunnyshop211.com\/en\/?attachment_id=23498'><img loading=\"lazy\" decoding=\"async\" width=\"150\" height=\"150\" src=\"https:\/\/www.sunnyshop211.com\/wp-content\/uploads\/2022\/07\/piscine28129-scaled-150x150.jpg\" class=\"attachment-thumbnail size-thumbnail\" alt=\"\" srcset=\"https:\/\/www.sunnyshop211.com\/wp-content\/uploads\/2022\/07\/piscine28129-scaled-150x150.jpg 150w, https:\/\/www.sunnyshop211.com\/wp-content\/uploads\/2022\/07\/piscine28129-scaled-500x500.jpg 500w, https:\/\/www.sunnyshop211.com\/wp-content\/uploads\/2022\/07\/piscine28129-100x100.jpg 100w, https:\/\/www.sunnyshop211.com\/wp-content\/uploads\/2022\/07\/piscine28129-300x300.jpg 300w\" sizes=\"(max-width: 150px) 100vw, 150px\" \/><\/a>\n\t\t\t<\/div><\/figure>\n\t\t<\/div>\n\n<h2 data-start=\"158\" data-end=\"231\">Set of miniature lanterns with candles - Diorama 1\/6 - 1\/4 - 1\/3<\/h2>\n<h3 data-start=\"233\" data-end=\"250\">\u2728 Description<\/h3>\n<p data-start=\"252\" data-end=\"518\">This <strong data-start=\"255\" data-end=\"308\">set of miniature lanterns with dummy candles<\/strong> is ideal for <strong data-start=\"324\" data-end=\"370\">customize your dioramas and stagings<\/strong>, both indoors and out.<br data-start=\"412\" data-end=\"415\" \/>Thanks to their different sizes, these lanterns can be perfectly adapted to different doll scales.<\/p>\n<p data-start=\"520\" data-end=\"680\">Made in <strong data-start=\"533\" data-end=\"543\">resin<\/strong>, they are <strong data-start=\"556\" data-end=\"598\">easy to paint and customize<\/strong> according to your mood: bohemian, medieval, modern, fairytale or winter.<\/p>\n<hr data-start=\"682\" data-end=\"685\" \/>\n<h3 data-start=\"687\" data-end=\"718\">\ud83d\udccf Scales &amp; compatibility<\/h3>\n<p data-start=\"720\" data-end=\"747\">Compatible with dolls :<\/p>\n<p data-start=\"749\" data-end=\"880\">\u2022 <strong data-start=\"751\" data-end=\"758\">1\/6<\/strong> : Barbie, Poppy Parker, Pullip, Blythe<br data-start=\"797\" data-end=\"800\" \/>\u2022 <strong data-start=\"802\" data-end=\"809\">1\/4<\/strong> BJD, Minifee, MSD, Unoa<br data-start=\"835\" data-end=\"838\" \/>\u2022 <strong data-start=\"840\" data-end=\"847\">1\/3<\/strong> : SD dolls, Feeple, Smart Doll<\/p>\n<hr data-start=\"882\" data-end=\"885\" \/>\n<h3 data-start=\"887\" data-end=\"908\">\ud83d\udce6 Batch contents<\/h3>\n<p data-start=\"910\" data-end=\"1020\">\u2022 <strong data-start=\"912\" data-end=\"933\">1 small lantern<\/strong><br data-start=\"933\" data-end=\"936\" \/>\u2022 <strong data-start=\"938\" data-end=\"960\">1 medium lantern<\/strong><br data-start=\"960\" data-end=\"963\" \/>\u2022 <strong data-start=\"965\" data-end=\"986\">1 large lantern<\/strong><br data-start=\"986\" data-end=\"989\" \/>\u2022 <strong data-start=\"991\" data-end=\"1020\">Dummy candles included<\/strong><\/p>\n<p data-start=\"1022\" data-end=\"1092\">\ud83d\udc49 The price is indicated <strong data-start=\"1045\" data-end=\"1092\">for a complete set of miniature lanterns<\/strong><\/p>\n<hr data-start=\"1094\" data-end=\"1097\" \/>\n<h3 data-start=\"1099\" data-end=\"1116\">\ud83d\udcd0 Dimensions<\/h3>\n<p data-start=\"1118\" data-end=\"1233\">- Small lantern : <strong data-start=\"1138\" data-end=\"1154\">4 cm high<\/strong><br data-start=\"1154\" data-end=\"1157\" \/>- Medium lantern : <strong data-start=\"1178\" data-end=\"1194\">5 cm high<\/strong><br data-start=\"1194\" data-end=\"1197\" \/>- Large lantern: <strong data-start=\"1217\" data-end=\"1233\">6 cm high<\/strong><\/p>\n<hr data-start=\"1235\" data-end=\"1238\" \/>\n<h3 data-start=\"1240\" data-end=\"1275\">\ud83c\udfa8 Materials &amp; customization<\/h3>\n<p data-start=\"1277\" data-end=\"1396\">- Made in <strong data-start=\"1292\" data-end=\"1302\">resin<\/strong><br data-start=\"1302\" data-end=\"1305\" \/>- Non-functional (dummy candles)<br data-start=\"1344\" data-end=\"1347\" \/>- Easy to paint, patina and customize<\/p>\n<p data-start=\"1398\" data-end=\"1549\">Perfect for :<br data-start=\"1414\" data-end=\"1417\" \/>- night scenes<br data-start=\"1435\" data-end=\"1438\" \/>- garden or terrace decorations<br data-start=\"1473\" data-end=\"1476\" \/>- romantic or festive atmospheres<br data-start=\"1511\" data-end=\"1514\" \/>- fairy-tale or medieval dioramas<\/p>\n<hr data-start=\"1551\" data-end=\"1554\" \/>\n<h3 data-start=\"1556\" data-end=\"1574\">\ud83c\udfe1 Use<\/h3>\n<p data-start=\"1576\" data-end=\"1694\">- Dioramas &amp; rooms box<br data-start=\"1598\" data-end=\"1601\" \/>- Photo staging<br data-start=\"1624\" data-end=\"1627\" \/>- Compatible with my furniture sold separately in the store<\/p>\n<p data-start=\"1696\" data-end=\"1770\">\ud83d\udc49 Other decorations shown in the photos are sold separately.<\/p>\n<hr data-start=\"1772\" data-end=\"1775\" \/>\n<h3 data-start=\"1777\" data-end=\"1806\">\ud83e\uddf5 Handcrafted<\/h3>\n<p data-start=\"1808\" data-end=\"1902\">Each piece is made <strong data-start=\"1834\" data-end=\"1847\">by hand<\/strong>.<br data-start=\"1848\" data-end=\"1851\" \/>Due to the artisanal character, there may be :<\/p>\n<p data-start=\"1904\" data-end=\"2000\">- slight differences from photos<br data-start=\"1951\" data-end=\"1954\" \/>- minor resin imperfections<\/p>\n<p data-start=\"2002\" data-end=\"2024\">Each lot is unique.<\/p>\n<hr data-start=\"2026\" data-end=\"2029\" \/>\n<h3 data-start=\"2031\" data-end=\"2062\">\u26a0\ufe0f Important information<\/h3>\n<p data-start=\"2064\" data-end=\"2313\">\u2022 <strong data-start=\"2066\" data-end=\"2093\">This is not a toy<\/strong><br data-start=\"2093\" data-end=\"2096\" \/>- Article for a <strong data-start=\"2119\" data-end=\"2147\">adult audience only<\/strong><br data-start=\"2147\" data-end=\"2150\" \/>- The photos are <strong data-start=\"2172\" data-end=\"2198\">decoration examples<\/strong><br data-start=\"2198\" data-end=\"2201\" \/>\u2022 <strong data-start=\"2203\" data-end=\"2241\">Only the lot of lanterns is sold<\/strong><br data-start=\"2241\" data-end=\"2244\" \/>- I am not responsible for any damage incurred in transit.<\/p>\n<hr data-start=\"2315\" data-end=\"2318\" \/>\n<h3 data-start=\"2320\" data-end=\"2346\">\u23f3 Manufacturing &amp; lead times<\/h3>\n<p data-start=\"2348\" data-end=\"2519\">- Article <strong data-start=\"2358\" data-end=\"2382\">made to order<\/strong><br data-start=\"2382\" data-end=\"2385\" \/>- Please note <strong data-start=\"2413\" data-end=\"2454\">manufacturing and delivery times<\/strong><br data-start=\"2454\" data-end=\"2457\" \/>\u27a1\ufe0f See <em data-start=\"2465\" data-end=\"2519\">Terms and conditions of sale and delivery times<\/em><\/p>\n<hr data-start=\"2521\" data-end=\"2524\" \/>\n<h3 data-start=\"2526\" data-end=\"2562\">\ud83d\udcf8 More photos &amp; inspiration<\/h3>\n<p data-start=\"2564\" data-end=\"2606\">\ud83d\udc49 <a class=\"decorated-link\" href=\"https:\/\/www.instagram.com\/sunnyshop211\/\" target=\"_new\" rel=\"noopener\" data-start=\"2567\" data-end=\"2606\">https:\/\/www.instagram.com\/sunnyshop211\/<\/a><\/p>\n<hr data-start=\"2608\" data-end=\"2611\" \/>\n<p data-start=\"2613\" data-end=\"2834\" data-is-last-node=\"\" data-is-only-node=\"\">\ud83d\udd6f\ufe0f <strong data-start=\"2617\" data-end=\"2731\">A must-have for creating a warm, realistic atmosphere in your dioramas, whatever the scale.<\/strong><\/p>","protected":false},"excerpt":{"rendered":"<p>Lot de lanternes miniatures avec bougies \u2013 Diorama 1\/6 \u2022 1\/4 \u2022 1\/3 \u2728 Description Ce lot de lanternes miniatures avec bougies factices est id\u00e9al pour customiser vos dioramas et mises en sc\u00e8nes, aussi bien en int\u00e9rieur qu\u2019en ext\u00e9rieur.Gr\u00e2ce \u00e0 leurs diff\u00e9rentes tailles, ces lanternes s\u2019adaptent parfaitement \u00e0 plusieurs \u00e9chelles de dolls. R\u00e9alis\u00e9es en r\u00e9sine, [&hellip;]<\/p>\n","protected":false},"featured_media":53341,"comment_status":"open","ping_status":"closed","template":"","meta":{"_crdt_document":"","jetpack_post_was_ever_published":false,"jetpack_publicize_message":"","jetpack_publicize_feature_enabled":true,"jetpack_social_post_already_shared":true,"jetpack_social_options":{"image_generator_settings":{"template":"highway","default_image_id":0,"font":"","enabled":false},"version":2}},"product_brand":[],"product_cat":[667687009],"product_tag":[667681278,667681143,667681341,667681136,667681284,667681567,667681566,667681568,667681142,667681234,667681226,667681233,667681272,667681239,667681348,667681569,667681225,667681241,667681242,667681340,667681426,667681359,667681236,667681261,667681232,667681173,667681237,667681280,667681762,667681811,667681177,667681277,667681235,667681260],"class_list":{"0":"post-23501","1":"product","2":"type-product","3":"status-publish","4":"has-post-thumbnail","6":"product_cat-bougies-ambiance","7":"product_tag-barbie","8":"product_tag-bedroom","9":"product_tag-bid","10":"product_tag-bjd","11":"product_tag-blythe","12":"product_tag-bougie-flottantes","13":"product_tag-bougies","14":"product_tag-candles","15":"product_tag-chambre","16":"product_tag-diorama","17":"product_tag-doll","18":"product_tag-dollhouse","19":"product_tag-elowynn-wilde","20":"product_tag-fairyland","21":"product_tag-fashion-royalty","22":"product_tag-floating-candles","23":"product_tag-furniture","24":"product_tag-iplehouse","25":"product_tag-jid","26":"product_tag-kid","27":"product_tag-littlefee","28":"product_tag-living-room","29":"product_tag-maison-de-poupee","30":"product_tag-meuble","31":"product_tag-miniature","32":"product_tag-minifee","33":"product_tag-msd","34":"product_tag-phicen","35":"product_tag-photophore","36":"product_tag-photophore-candle","37":"product_tag-poupee","38":"product_tag-pullip","39":"product_tag-roombox","40":"product_tag-tonner","41":"product_shipping_class-colissimo-5","42":"pa_couleur-blanc","43":"pa_couleur-dore-golden","44":"pa_couleur-metal","45":"pa_couleur-noir","46":"pa_couleur-rose","48":"first","49":"instock","50":"taxable","51":"shipping-taxable","52":"purchasable","53":"product-type-variable"},"yoast_head":"<!-- This site is optimized with the Yoast SEO plugin v27.4 - https:\/\/yoast.com\/product\/yoast-seo-wordpress\/ -->\n<title>Lot de lanternes bougie miniature 1\/6, 1\/4 ou 1\/3 -<\/title>\n<meta name=\"description\" content=\"Lot de lanternes bougie miniature 1\/6, 1\/4 ou 1\/3. Id\u00e9al pour vos mises en sc\u00e8nes pour Barbie, Poppy Parker, bjd, minifee, SD dolls.\" \/>\n<meta name=\"robots\" content=\"index, follow, max-snippet:-1, max-image-preview:large, max-video-preview:-1\" \/>\n<link rel=\"canonical\" href=\"https:\/\/www.sunnyshop211.com\/en\/product\/lot-de-lanternes-bougie-set-of-lanterns-miniature-1-6-1-4-ou-1-3\/\" \/>\n<meta property=\"og:locale\" content=\"en_US\" \/>\n<meta property=\"og:type\" content=\"article\" \/>\n<meta property=\"og:title\" content=\"Lot de lanternes bougie miniature 1\/6, 1\/4 ou 1\/3 -\" \/>\n<meta property=\"og:description\" content=\"Lot de lanternes bougie miniature 1\/6, 1\/4 ou 1\/3. Id\u00e9al pour vos mises en sc\u00e8nes pour Barbie, Poppy Parker, bjd, minifee, SD dolls.\" \/>\n<meta property=\"og:url\" content=\"https:\/\/www.sunnyshop211.com\/en\/product\/lot-de-lanternes-bougie-set-of-lanterns-miniature-1-6-1-4-ou-1-3\/\" \/>\n<meta property=\"og:site_name\" content=\"Sunnyshop211 -Vente de dioramas, meubles, miniatures , bjd poup\u00e9es 1\/12 1\/8 1\/6 1\/4 1\/3\" \/>\n<meta property=\"article:publisher\" content=\"https:\/\/www.facebook.com\/sunnyshop211\/?ref=bookmarks\" \/>\n<meta property=\"article:modified_time\" content=\"2026-03-20T10:04:15+00:00\" \/>\n<meta property=\"og:image\" content=\"https:\/\/www.sunnyshop211.com\/wp-content\/uploads\/2022\/07\/piscine-6-scaled.jpg\" \/>\n\t<meta property=\"og:image:width\" content=\"2560\" \/>\n\t<meta property=\"og:image:height\" content=\"1707\" \/>\n\t<meta property=\"og:image:type\" content=\"image\/jpeg\" \/>\n<meta name=\"twitter:card\" content=\"summary_large_image\" \/>\n<meta name=\"twitter:site\" content=\"@sunnyshop211\" \/>\n<meta name=\"twitter:label1\" content=\"Est. reading time\" \/>\n\t<meta name=\"twitter:data1\" content=\"3 minutes\" \/>\n<script type=\"application\/ld+json\" class=\"yoast-schema-graph\">{\"@context\":\"https:\\\/\\\/schema.org\",\"@graph\":[{\"@type\":\"WebPage\",\"@id\":\"https:\\\/\\\/www.sunnyshop211.com\\\/produit\\\/lot-de-lanternes-bougie-set-of-lanterns-miniature-1-6-1-4-ou-1-3\\\/\",\"url\":\"https:\\\/\\\/www.sunnyshop211.com\\\/produit\\\/lot-de-lanternes-bougie-set-of-lanterns-miniature-1-6-1-4-ou-1-3\\\/\",\"name\":\"Lot de lanternes bougie miniature 1\\\/6, 1\\\/4 ou 1\\\/3 -\",\"isPartOf\":{\"@id\":\"https:\\\/\\\/www.sunnyshop211.com\\\/#website\"},\"primaryImageOfPage\":{\"@id\":\"https:\\\/\\\/www.sunnyshop211.com\\\/produit\\\/lot-de-lanternes-bougie-set-of-lanterns-miniature-1-6-1-4-ou-1-3\\\/#primaryimage\"},\"image\":{\"@id\":\"https:\\\/\\\/www.sunnyshop211.com\\\/produit\\\/lot-de-lanternes-bougie-set-of-lanterns-miniature-1-6-1-4-ou-1-3\\\/#primaryimage\"},\"thumbnailUrl\":\"https:\\\/\\\/www.sunnyshop211.com\\\/wp-content\\\/uploads\\\/2022\\\/07\\\/piscine-6-scaled.jpg\",\"datePublished\":\"2022-07-04T09:09:56+00:00\",\"dateModified\":\"2026-03-20T10:04:15+00:00\",\"description\":\"Lot de lanternes bougie miniature 1\\\/6, 1\\\/4 ou 1\\\/3. Id\u00e9al pour vos mises en sc\u00e8nes pour Barbie, Poppy Parker, bjd, minifee, SD dolls.\",\"breadcrumb\":{\"@id\":\"https:\\\/\\\/www.sunnyshop211.com\\\/produit\\\/lot-de-lanternes-bougie-set-of-lanterns-miniature-1-6-1-4-ou-1-3\\\/#breadcrumb\"},\"inLanguage\":\"en-US\",\"potentialAction\":[{\"@type\":\"ReadAction\",\"target\":[\"https:\\\/\\\/www.sunnyshop211.com\\\/produit\\\/lot-de-lanternes-bougie-set-of-lanterns-miniature-1-6-1-4-ou-1-3\\\/\"]}]},{\"@type\":\"ImageObject\",\"inLanguage\":\"en-US\",\"@id\":\"https:\\\/\\\/www.sunnyshop211.com\\\/produit\\\/lot-de-lanternes-bougie-set-of-lanterns-miniature-1-6-1-4-ou-1-3\\\/#primaryimage\",\"url\":\"https:\\\/\\\/www.sunnyshop211.com\\\/wp-content\\\/uploads\\\/2022\\\/07\\\/piscine-6-scaled.jpg\",\"contentUrl\":\"https:\\\/\\\/www.sunnyshop211.com\\\/wp-content\\\/uploads\\\/2022\\\/07\\\/piscine-6-scaled.jpg\",\"width\":2560,\"height\":1707},{\"@type\":\"BreadcrumbList\",\"@id\":\"https:\\\/\\\/www.sunnyshop211.com\\\/produit\\\/lot-de-lanternes-bougie-set-of-lanterns-miniature-1-6-1-4-ou-1-3\\\/#breadcrumb\",\"itemListElement\":[{\"@type\":\"ListItem\",\"position\":1,\"name\":\"Accueil\",\"item\":\"https:\\\/\\\/www.sunnyshop211.com\\\/\"},{\"@type\":\"ListItem\",\"position\":2,\"name\":\"Boutique\",\"item\":\"https:\\\/\\\/www.sunnyshop211.com\\\/boutique-miniature-bjd-dolls\\\/\"},{\"@type\":\"ListItem\",\"position\":3,\"name\":\"Lot de lanternes bougie miniature 1\\\/6, 1\\\/4 ou 1\\\/3\"}]},{\"@type\":\"WebSite\",\"@id\":\"https:\\\/\\\/www.sunnyshop211.com\\\/#website\",\"url\":\"https:\\\/\\\/www.sunnyshop211.com\\\/\",\"name\":\"Vente de dioramas, meubles, miniatures , bjd poup\u00e9es 1\\\/12 1\\\/8 1\\\/6 1\\\/4 1\\\/3\",\"description\":\"Sunnyshop211 - Votre univers miniature pour poup\u00e9es et BJD, dioramas et meubles sur mesure !\",\"publisher\":{\"@id\":\"https:\\\/\\\/www.sunnyshop211.com\\\/#organization\"},\"alternateName\":\"sunnyshop211\",\"potentialAction\":[{\"@type\":\"SearchAction\",\"target\":{\"@type\":\"EntryPoint\",\"urlTemplate\":\"https:\\\/\\\/www.sunnyshop211.com\\\/?s={search_term_string}\"},\"query-input\":{\"@type\":\"PropertyValueSpecification\",\"valueRequired\":true,\"valueName\":\"search_term_string\"}}],\"inLanguage\":\"en-US\"},{\"@type\":\"Organization\",\"@id\":\"https:\\\/\\\/www.sunnyshop211.com\\\/#organization\",\"name\":\"sunnyshop211\",\"alternateName\":\"sunnyshop211 diorama bjd meuble miniature\",\"url\":\"https:\\\/\\\/www.sunnyshop211.com\\\/\",\"logo\":{\"@type\":\"ImageObject\",\"inLanguage\":\"en-US\",\"@id\":\"https:\\\/\\\/www.sunnyshop211.com\\\/#\\\/schema\\\/logo\\\/image\\\/\",\"url\":\"https:\\\/\\\/www.sunnyshop211.com\\\/wp-content\\\/uploads\\\/2022\\\/08\\\/cropped-cropped-cropped-Sunnyshop211-1.png\",\"contentUrl\":\"https:\\\/\\\/www.sunnyshop211.com\\\/wp-content\\\/uploads\\\/2022\\\/08\\\/cropped-cropped-cropped-Sunnyshop211-1.png\",\"width\":339,\"height\":339,\"caption\":\"sunnyshop211\"},\"image\":{\"@id\":\"https:\\\/\\\/www.sunnyshop211.com\\\/#\\\/schema\\\/logo\\\/image\\\/\"},\"sameAs\":[\"https:\\\/\\\/www.facebook.com\\\/sunnyshop211\\\/?ref=bookmarks\",\"https:\\\/\\\/x.com\\\/sunnyshop211\",\"https:\\\/\\\/www.instagram.com\\\/sunnyshop211\\\/\",\"https:\\\/\\\/www.tumblr.com\\\/blog\\\/sunnyshop211\",\"https:\\\/\\\/www.youtube.com\\\/channel\\\/UCtYY18OGGDKrTSzgcf7fCBg\",\"https:\\\/\\\/www.tiktok.com\\\/@sunnydollshop211?is_from_webapp=1&sender_device=pc\"]}]}<\/script>\n<!-- \/ Yoast SEO plugin. -->","yoast_head_json":{"title":"Set of 1\/6, 1\/4 or 1\/3 miniature candle lanterns -","description":"Set of 1\/6, 1\/4 or 1\/3 miniature candle lanterns. Ideal for staging Barbie, Poppy Parker, bjd, minifee, SD dolls.","robots":{"index":"index","follow":"follow","max-snippet":"max-snippet:-1","max-image-preview":"max-image-preview:large","max-video-preview":"max-video-preview:-1"},"canonical":"https:\/\/www.sunnyshop211.com\/en\/product\/lot-de-lanternes-bougie-set-of-lanterns-miniature-1-6-1-4-ou-1-3\/","og_locale":"en_US","og_type":"article","og_title":"Lot de lanternes bougie miniature 1\/6, 1\/4 ou 1\/3 -","og_description":"Lot de lanternes bougie miniature 1\/6, 1\/4 ou 1\/3. Id\u00e9al pour vos mises en sc\u00e8nes pour Barbie, Poppy Parker, bjd, minifee, SD dolls.","og_url":"https:\/\/www.sunnyshop211.com\/en\/product\/lot-de-lanternes-bougie-set-of-lanterns-miniature-1-6-1-4-ou-1-3\/","og_site_name":"Sunnyshop211 -Vente de dioramas, meubles, miniatures , bjd poup\u00e9es 1\/12 1\/8 1\/6 1\/4 1\/3","article_publisher":"https:\/\/www.facebook.com\/sunnyshop211\/?ref=bookmarks","article_modified_time":"2026-03-20T10:04:15+00:00","og_image":[{"width":2560,"height":1707,"url":"https:\/\/www.sunnyshop211.com\/wp-content\/uploads\/2022\/07\/piscine-6-scaled.jpg","type":"image\/jpeg"}],"twitter_card":"summary_large_image","twitter_site":"@sunnyshop211","twitter_misc":{"Est. reading time":"3 minutes"},"schema":{"@context":"https:\/\/schema.org","@graph":[{"@type":"WebPage","@id":"https:\/\/www.sunnyshop211.com\/produit\/lot-de-lanternes-bougie-set-of-lanterns-miniature-1-6-1-4-ou-1-3\/","url":"https:\/\/www.sunnyshop211.com\/produit\/lot-de-lanternes-bougie-set-of-lanterns-miniature-1-6-1-4-ou-1-3\/","name":"Set of 1\/6, 1\/4 or 1\/3 miniature candle lanterns -","isPartOf":{"@id":"https:\/\/www.sunnyshop211.com\/#website"},"primaryImageOfPage":{"@id":"https:\/\/www.sunnyshop211.com\/produit\/lot-de-lanternes-bougie-set-of-lanterns-miniature-1-6-1-4-ou-1-3\/#primaryimage"},"image":{"@id":"https:\/\/www.sunnyshop211.com\/produit\/lot-de-lanternes-bougie-set-of-lanterns-miniature-1-6-1-4-ou-1-3\/#primaryimage"},"thumbnailUrl":"https:\/\/www.sunnyshop211.com\/wp-content\/uploads\/2022\/07\/piscine-6-scaled.jpg","datePublished":"2022-07-04T09:09:56+00:00","dateModified":"2026-03-20T10:04:15+00:00","description":"Set of 1\/6, 1\/4 or 1\/3 miniature candle lanterns. Ideal for staging Barbie, Poppy Parker, bjd, minifee, SD dolls.","breadcrumb":{"@id":"https:\/\/www.sunnyshop211.com\/produit\/lot-de-lanternes-bougie-set-of-lanterns-miniature-1-6-1-4-ou-1-3\/#breadcrumb"},"inLanguage":"en-US","potentialAction":[{"@type":"ReadAction","target":["https:\/\/www.sunnyshop211.com\/produit\/lot-de-lanternes-bougie-set-of-lanterns-miniature-1-6-1-4-ou-1-3\/"]}]},{"@type":"ImageObject","inLanguage":"en-US","@id":"https:\/\/www.sunnyshop211.com\/produit\/lot-de-lanternes-bougie-set-of-lanterns-miniature-1-6-1-4-ou-1-3\/#primaryimage","url":"https:\/\/www.sunnyshop211.com\/wp-content\/uploads\/2022\/07\/piscine-6-scaled.jpg","contentUrl":"https:\/\/www.sunnyshop211.com\/wp-content\/uploads\/2022\/07\/piscine-6-scaled.jpg","width":2560,"height":1707},{"@type":"BreadcrumbList","@id":"https:\/\/www.sunnyshop211.com\/produit\/lot-de-lanternes-bougie-set-of-lanterns-miniature-1-6-1-4-ou-1-3\/#breadcrumb","itemListElement":[{"@type":"ListItem","position":1,"name":"Accueil","item":"https:\/\/www.sunnyshop211.com\/"},{"@type":"ListItem","position":2,"name":"Boutique","item":"https:\/\/www.sunnyshop211.com\/boutique-miniature-bjd-dolls\/"},{"@type":"ListItem","position":3,"name":"Lot de lanternes bougie miniature 1\/6, 1\/4 ou 1\/3"}]},{"@type":"WebSite","@id":"https:\/\/www.sunnyshop211.com\/#website","url":"https:\/\/www.sunnyshop211.com\/","name":"Sale of dioramas, furniture, miniatures, bjd dolls 1\/12 1\/8 1\/6 1\/4 1\/3","description":"Sunnyshop211 - Your miniature world for dolls and BJDs, dioramas and custom-made furniture!","publisher":{"@id":"https:\/\/www.sunnyshop211.com\/#organization"},"alternateName":"sunnyshop211","potentialAction":[{"@type":"SearchAction","target":{"@type":"EntryPoint","urlTemplate":"https:\/\/www.sunnyshop211.com\/?s={search_term_string}"},"query-input":{"@type":"PropertyValueSpecification","valueRequired":true,"valueName":"search_term_string"}}],"inLanguage":"en-US"},{"@type":"Organization","@id":"https:\/\/www.sunnyshop211.com\/#organization","name":"sunnyshop211","alternateName":"sunnyshop211 diorama bjd meuble miniature","url":"https:\/\/www.sunnyshop211.com\/","logo":{"@type":"ImageObject","inLanguage":"en-US","@id":"https:\/\/www.sunnyshop211.com\/#\/schema\/logo\/image\/","url":"https:\/\/www.sunnyshop211.com\/wp-content\/uploads\/2022\/08\/cropped-cropped-cropped-Sunnyshop211-1.png","contentUrl":"https:\/\/www.sunnyshop211.com\/wp-content\/uploads\/2022\/08\/cropped-cropped-cropped-Sunnyshop211-1.png","width":339,"height":339,"caption":"sunnyshop211"},"image":{"@id":"https:\/\/www.sunnyshop211.com\/#\/schema\/logo\/image\/"},"sameAs":["https:\/\/www.facebook.com\/sunnyshop211\/?ref=bookmarks","https:\/\/x.com\/sunnyshop211","https:\/\/www.instagram.com\/sunnyshop211\/","https:\/\/www.tumblr.com\/blog\/sunnyshop211","https:\/\/www.youtube.com\/channel\/UCtYY18OGGDKrTSzgcf7fCBg","https:\/\/www.tiktok.com\/@sunnydollshop211?is_from_webapp=1&sender_device=pc"]}]}},"jetpack_publicize_connections":[],"jetpack_sharing_enabled":true,"_links":{"self":[{"href":"https:\/\/www.sunnyshop211.com\/en\/wp-json\/wp\/v2\/product\/23501","targetHints":{"allow":["GET"]}}],"collection":[{"href":"https:\/\/www.sunnyshop211.com\/en\/wp-json\/wp\/v2\/product"}],"about":[{"href":"https:\/\/www.sunnyshop211.com\/en\/wp-json\/wp\/v2\/types\/product"}],"replies":[{"embeddable":true,"href":"https:\/\/www.sunnyshop211.com\/en\/wp-json\/wp\/v2\/comments?post=23501"}],"version-history":[{"count":10,"href":"https:\/\/www.sunnyshop211.com\/en\/wp-json\/wp\/v2\/product\/23501\/revisions"}],"predecessor-version":[{"id":53342,"href":"https:\/\/www.sunnyshop211.com\/en\/wp-json\/wp\/v2\/product\/23501\/revisions\/53342"}],"wp:featuredmedia":[{"embeddable":true,"href":"https:\/\/www.sunnyshop211.com\/en\/wp-json\/wp\/v2\/media\/53341"}],"wp:attachment":[{"href":"https:\/\/www.sunnyshop211.com\/en\/wp-json\/wp\/v2\/media?parent=23501"}],"wp:term":[{"taxonomy":"product_brand","embeddable":true,"href":"https:\/\/www.sunnyshop211.com\/en\/wp-json\/wp\/v2\/product_brand?post=23501"},{"taxonomy":"product_cat","embeddable":true,"href":"https:\/\/www.sunnyshop211.com\/en\/wp-json\/wp\/v2\/product_cat?post=23501"},{"taxonomy":"product_tag","embeddable":true,"href":"https:\/\/www.sunnyshop211.com\/en\/wp-json\/wp\/v2\/product_tag?post=23501"}],"curies":[{"name":"wp","href":"https:\/\/api.w.org\/{rel}","templated":true}]}}