{"id":23213,"date":"2022-05-30T13:23:42","date_gmt":"2022-05-30T12:23:42","guid":{"rendered":"https:\/\/sunnyshop211.com\/?post_type=product&#038;p=23213"},"modified":"2026-01-04T10:20:12","modified_gmt":"2026-01-04T09:20:12","slug":"lampe-spirale-miniature-1-6-poppy-parker-barbie-pullip","status":"publish","type":"product","link":"https:\/\/www.sunnyshop211.com\/en\/product\/lampe-spirale-miniature-1-6-poppy-parker-barbie-pullip\/","title":{"rendered":"Miniature spiral lamp 1\/6 Poppy Parker, Barbie, pullip"},"content":{"rendered":"<div id='gallery-1' class='gallery galleryid-23213 gallery-columns-3 gallery-size-thumbnail'><figure class='gallery-item'>\n\t\t\t<div class='gallery-icon portrait'>\n\t\t\t\t<a href='https:\/\/www.sunnyshop211.com\/en\/?attachment_id=23079'><img decoding=\"async\" width=\"150\" height=\"150\" src=\"https:\/\/www.sunnyshop211.com\/wp-content\/uploads\/2022\/05\/d4788f13-scaled-150x150.jpg\" class=\"attachment-thumbnail size-thumbnail\" alt=\"Lampe spirale miniature 1\/4\" srcset=\"https:\/\/www.sunnyshop211.com\/wp-content\/uploads\/2022\/05\/d4788f13-scaled-150x150.jpg 150w, https:\/\/www.sunnyshop211.com\/wp-content\/uploads\/2022\/05\/d4788f13-scaled-500x500.jpg 500w, https:\/\/www.sunnyshop211.com\/wp-content\/uploads\/2022\/05\/d4788f13-100x100.jpg 100w, https:\/\/www.sunnyshop211.com\/wp-content\/uploads\/2022\/05\/d4788f13-300x300.jpg 300w\" sizes=\"(max-width: 150px) 100vw, 150px\" \/><\/a>\n\t\t\t<\/div><\/figure><figure class='gallery-item'>\n\t\t\t<div class='gallery-icon landscape'>\n\t\t\t\t<a href='https:\/\/www.sunnyshop211.com\/en\/?attachment_id=23078'><img decoding=\"async\" width=\"150\" height=\"150\" src=\"https:\/\/www.sunnyshop211.com\/wp-content\/uploads\/2022\/05\/9871884b-150x150.jpg\" class=\"attachment-thumbnail size-thumbnail\" alt=\"Lampe spirale miniature 1\/6\" srcset=\"https:\/\/www.sunnyshop211.com\/wp-content\/uploads\/2022\/05\/9871884b-150x150.jpg 150w, https:\/\/www.sunnyshop211.com\/wp-content\/uploads\/2022\/05\/9871884b-500x500.jpg 500w, https:\/\/www.sunnyshop211.com\/wp-content\/uploads\/2022\/05\/9871884b-100x100.jpg 100w, https:\/\/www.sunnyshop211.com\/wp-content\/uploads\/2022\/05\/9871884b-300x300.jpg 300w\" sizes=\"(max-width: 150px) 100vw, 150px\" \/><\/a>\n\t\t\t<\/div><\/figure><figure class='gallery-item'>\n\t\t\t<div class='gallery-icon landscape'>\n\t\t\t\t<a href='https:\/\/www.sunnyshop211.com\/en\/?attachment_id=23076'><img decoding=\"async\" width=\"150\" height=\"150\" src=\"https:\/\/www.sunnyshop211.com\/wp-content\/uploads\/2022\/05\/7e8ec927-150x150.jpg\" class=\"attachment-thumbnail size-thumbnail\" alt=\"Lampe spirale miniature 1\/4\" srcset=\"https:\/\/www.sunnyshop211.com\/wp-content\/uploads\/2022\/05\/7e8ec927-150x150.jpg 150w, https:\/\/www.sunnyshop211.com\/wp-content\/uploads\/2022\/05\/7e8ec927-500x500.jpg 500w, https:\/\/www.sunnyshop211.com\/wp-content\/uploads\/2022\/05\/7e8ec927-100x100.jpg 100w, https:\/\/www.sunnyshop211.com\/wp-content\/uploads\/2022\/05\/7e8ec927-300x300.jpg 300w\" sizes=\"(max-width: 150px) 100vw, 150px\" \/><\/a>\n\t\t\t<\/div><\/figure><figure class='gallery-item'>\n\t\t\t<div class='gallery-icon landscape'>\n\t\t\t\t<a href='https:\/\/www.sunnyshop211.com\/en\/?attachment_id=23073'><img loading=\"lazy\" decoding=\"async\" width=\"150\" height=\"150\" src=\"https:\/\/www.sunnyshop211.com\/wp-content\/uploads\/2022\/05\/02c96daa-150x150.jpg\" class=\"attachment-thumbnail size-thumbnail\" alt=\"Lot de bougies miniature 1\/6 1\/4\" srcset=\"https:\/\/www.sunnyshop211.com\/wp-content\/uploads\/2022\/05\/02c96daa-150x150.jpg 150w, https:\/\/www.sunnyshop211.com\/wp-content\/uploads\/2022\/05\/02c96daa-500x500.jpg 500w, https:\/\/www.sunnyshop211.com\/wp-content\/uploads\/2022\/05\/02c96daa-100x100.jpg 100w, https:\/\/www.sunnyshop211.com\/wp-content\/uploads\/2022\/05\/02c96daa-300x300.jpg 300w\" sizes=\"(max-width: 150px) 100vw, 150px\" \/><\/a>\n\t\t\t<\/div><\/figure><figure class='gallery-item'>\n\t\t\t<div class='gallery-icon landscape'>\n\t\t\t\t<a href='https:\/\/www.sunnyshop211.com\/en\/?attachment_id=34303'><img loading=\"lazy\" decoding=\"async\" width=\"150\" height=\"150\" src=\"https:\/\/www.sunnyshop211.com\/wp-content\/uploads\/2022\/05\/74-150x150.jpg\" class=\"attachment-thumbnail size-thumbnail\" alt=\"Lampe spirale miniature 1\/4 msd, minifee\" srcset=\"https:\/\/www.sunnyshop211.com\/wp-content\/uploads\/2022\/05\/74-150x150.jpg 150w, https:\/\/www.sunnyshop211.com\/wp-content\/uploads\/2022\/05\/74-scaled-500x500.jpg 500w, https:\/\/www.sunnyshop211.com\/wp-content\/uploads\/2022\/05\/74-scaled-100x100.jpg 100w\" sizes=\"(max-width: 150px) 100vw, 150px\" \/><\/a>\n\t\t\t<\/div><\/figure><figure class='gallery-item'>\n\t\t\t<div class='gallery-icon landscape'>\n\t\t\t\t<a href='https:\/\/www.sunnyshop211.com\/en\/?attachment_id=34304'><img loading=\"lazy\" decoding=\"async\" width=\"150\" height=\"150\" src=\"https:\/\/www.sunnyshop211.com\/wp-content\/uploads\/2022\/05\/84-150x150.jpg\" class=\"attachment-thumbnail size-thumbnail\" alt=\"Lampe spirale miniature 1\/4 msd, minifee\" srcset=\"https:\/\/www.sunnyshop211.com\/wp-content\/uploads\/2022\/05\/84-150x150.jpg 150w, https:\/\/www.sunnyshop211.com\/wp-content\/uploads\/2022\/05\/84-scaled-500x500.jpg 500w, https:\/\/www.sunnyshop211.com\/wp-content\/uploads\/2022\/05\/84-scaled-100x100.jpg 100w\" sizes=\"(max-width: 150px) 100vw, 150px\" \/><\/a>\n\t\t\t<\/div><\/figure>\n\t\t<\/div>\n\n<p>&nbsp;<\/p>\n<h2 data-start=\"217\" data-end=\"270\">Miniature spiral lamp 1\/6 - diorama decoration<\/h2>\n<p data-start=\"271\" data-end=\"313\">Barbie - Pullip - Poppy Parker - dolls 1\/6<\/p>\n<hr data-start=\"315\" data-end=\"318\" \/>\n<h3 data-start=\"320\" data-end=\"338\">\ud83d\udca1 Description<\/h3>\n<p data-start=\"340\" data-end=\"579\">This <strong data-start=\"346\" data-end=\"377\">miniature spiral lamp 1\/6<\/strong> is ideal for dressing up your <strong data-start=\"407\" data-end=\"456\">doll rooms and interiors in 1\/6 format<\/strong>.<br data-start=\"457\" data-end=\"460\" \/>Its modern, spiral-shaped design adds a touch of elegance to any room. <strong data-start=\"518\" data-end=\"547\">contemporary and elegant<\/strong> to your staging and photos.<\/p>\n<p data-start=\"581\" data-end=\"675\">\u26a0\ufe0f This is a <strong data-start=\"600\" data-end=\"617\">dummy lamp<\/strong> (non-functional), for decorative purposes only.<\/p>\n<hr data-start=\"677\" data-end=\"680\" \/>\n<h3 data-start=\"682\" data-end=\"712\">\ud83d\udc57 Compatibility &amp; scale<\/h3>\n<p data-start=\"714\" data-end=\"849\">Designed for dolls at the <strong data-start=\"739\" data-end=\"746\">1\/6<\/strong>, including :<br data-start=\"759\" data-end=\"762\" \/>- Barbie<br data-start=\"770\" data-end=\"773\" \/>- Pullip<br data-start=\"781\" data-end=\"784\" \/>- Poppy Parker<br data-start=\"798\" data-end=\"801\" \/>- Dolls of equivalent size (approx. 28-30 cm)<\/p>\n<hr data-start=\"851\" data-end=\"854\" \/>\n<h3 data-start=\"856\" data-end=\"879\">\ud83c\udfa8 Customization<\/h3>\n<p data-start=\"881\" data-end=\"945\">\u2022 <strong data-start=\"883\" data-end=\"914\">Choice of foot color<\/strong><br data-start=\"914\" data-end=\"917\" \/>\u2022 <strong data-start=\"919\" data-end=\"938\">White lampshade<\/strong> (fixed)<\/p>\n<p data-start=\"947\" data-end=\"1015\">\ud83d\udc49 It's up to you to modulate your diorama according to your desires and the world of your diorama.<\/p>\n<hr data-start=\"1017\" data-end=\"1020\" \/>\n<h3 data-start=\"1022\" data-end=\"1039\">\ud83d\udccf Dimensions<\/h3>\n<p data-start=\"1041\" data-end=\"1070\">\u2022 <strong data-start=\"1043\" data-end=\"1061\">Total height<\/strong> : 6 cm<\/p>\n<hr data-start=\"1072\" data-end=\"1075\" \/>\n<h3 data-start=\"1077\" data-end=\"1107\">\ud83e\udeb5 Materials &amp; manufacturing<\/h3>\n<p data-start=\"1109\" data-end=\"1183\">- Made in <strong data-start=\"1123\" data-end=\"1133\">resin<\/strong><br data-start=\"1133\" data-end=\"1136\" \/>\u2022 <strong data-start=\"1138\" data-end=\"1164\">Handcrafted products<\/strong>, hand-made<\/p>\n<p data-start=\"1185\" data-end=\"1339\">Slight variations in shape, color or finish, as well as minor imperfections, are part of the charm of handmade products.<\/p>\n<hr data-start=\"1341\" data-end=\"1344\" \/>\n<h3 data-start=\"1346\" data-end=\"1364\">\ud83c\udfe0 Ideal for<\/h3>\n<p data-start=\"1366\" data-end=\"1478\">- Barbie \/ Pullip rooms<br data-start=\"1392\" data-end=\"1395\" \/>- modern miniature living rooms<br data-start=\"1422\" data-end=\"1425\" \/>- contemporary decors<br data-start=\"1447\" data-end=\"1450\" \/>- realistic staging<\/p>\n<p data-start=\"1480\" data-end=\"1565\">\ud83d\udc49 Compatible with my <strong data-start=\"1503\" data-end=\"1547\">furniture and decorations sold separately<\/strong> in the store.<\/p>\n<hr data-start=\"1567\" data-end=\"1570\" \/>\n<h3 data-start=\"1572\" data-end=\"1603\">\u26a0\ufe0f Important information<\/h3>\n<p data-start=\"1605\" data-end=\"1955\">\u2022 <strong data-start=\"1607\" data-end=\"1644\">Dummy lamp - non-functional<\/strong><br data-start=\"1644\" data-end=\"1647\" \/>\u2022 <strong data-start=\"1649\" data-end=\"1685\">Price is for a single lamp<\/strong><br data-start=\"1685\" data-end=\"1688\" \/>- The photos are examples of staging<br data-start=\"1735\" data-end=\"1738\" \/>\u2022 <strong data-start=\"1740\" data-end=\"1769\">Only the lamp is sold<\/strong> (dolls and accessories not included)<br data-start=\"1805\" data-end=\"1808\" \/>\u2022 <strong data-start=\"1810\" data-end=\"1837\">This is not a toy<\/strong><br data-start=\"1837\" data-end=\"1840\" \/>- Article for a <strong data-start=\"1863\" data-end=\"1891\">adult audience only<\/strong><br data-start=\"1891\" data-end=\"1894\" \/>- I'm not responsible for shipping damage<\/p>\n<hr data-start=\"1957\" data-end=\"1960\" \/>\n<h3 data-start=\"1962\" data-end=\"1989\">\ud83d\udce6 Manufacturing &amp; lead times<\/h3>\n<p data-start=\"1991\" data-end=\"2162\">- Article <strong data-start=\"2001\" data-end=\"2025\">made to order<\/strong><br data-start=\"2025\" data-end=\"2028\" \/>- Please note <strong data-start=\"2056\" data-end=\"2097\">manufacturing and delivery times<\/strong><br data-start=\"2097\" data-end=\"2100\" \/>\u27a1\ufe0f See <em data-start=\"2108\" data-end=\"2162\">Terms and conditions of sale and delivery times<\/em><\/p>\n<hr data-start=\"2164\" data-end=\"2167\" \/>\n<h3 data-start=\"2169\" data-end=\"2205\">\ud83d\udcf8 More photos &amp; inspiration<\/h3>\n<p data-start=\"2207\" data-end=\"2249\">\ud83d\udc49 <a class=\"decorated-link\" href=\"https:\/\/www.instagram.com\/sunnyshop211\/\" target=\"_new\" rel=\"noopener\" data-start=\"2210\" data-end=\"2249\">https:\/\/www.instagram.com\/sunnyshop211\/<\/a><\/p>","protected":false},"excerpt":{"rendered":"<p>&nbsp; Lampe spirale miniature 1\/6 \u2013 d\u00e9coration diorama Barbie \u2013 Pullip \u2013 Poppy Parker \u2013 dolls 1\/6 \ud83d\udca1 Description Cette lampe spirale miniature 1\/6 est id\u00e9ale pour habiller vos chambres et int\u00e9rieurs de dolls au format 1\/6.Son design moderne en forme de spirale apporte une touche contemporaine et \u00e9l\u00e9gante \u00e0 vos mises en sc\u00e8ne et [&hellip;]<\/p>\n","protected":false},"featured_media":23078,"comment_status":"open","ping_status":"closed","template":"","meta":{"_crdt_document":"","jetpack_post_was_ever_published":false,"jetpack_publicize_message":"","jetpack_publicize_feature_enabled":true,"jetpack_social_post_already_shared":true,"jetpack_social_options":{"image_generator_settings":{"template":"highway","default_image_id":0,"font":"","enabled":false},"version":2}},"product_brand":[],"product_cat":[667687098],"product_tag":[667681278,667681143,667681341,667681136,667681284,667681567,667681142,667681234,667681226,667681233,667681272,667681239,667681348,667681569,667681225,667681241,667681242,667681340,667681349,667681350,667681426,667681236,667681261,667681232,667681173,667681237,667681280,667681177,667681277,667685841,667681235,667681260],"class_list":{"0":"post-23213","1":"product","2":"type-product","3":"status-publish","4":"has-post-thumbnail","6":"product_cat-lampes-de-chevet","7":"product_tag-barbie","8":"product_tag-bedroom","9":"product_tag-bid","10":"product_tag-bjd","11":"product_tag-blythe","12":"product_tag-bougie-flottantes","13":"product_tag-chambre","14":"product_tag-diorama","15":"product_tag-doll","16":"product_tag-dollhouse","17":"product_tag-elowynn-wilde","18":"product_tag-fairyland","19":"product_tag-fashion-royalty","20":"product_tag-floating-candles","21":"product_tag-furniture","22":"product_tag-iplehouse","23":"product_tag-jid","24":"product_tag-kid","25":"product_tag-lamp","26":"product_tag-lampe","27":"product_tag-littlefee","28":"product_tag-maison-de-poupee","29":"product_tag-meuble","30":"product_tag-miniature","31":"product_tag-minifee","32":"product_tag-msd","33":"product_tag-phicen","34":"product_tag-poupee","35":"product_tag-pullip","36":"product_tag-ribbed-lampshade","37":"product_tag-roombox","38":"product_tag-tonner","39":"product_shipping_class-colissimo-5","41":"first","42":"instock","43":"taxable","44":"shipping-taxable","45":"purchasable","46":"product-type-variable"},"yoast_head":"<!-- This site is optimized with the Yoast SEO plugin v27.4 - https:\/\/yoast.com\/product\/yoast-seo-wordpress\/ -->\n<title>Lampe spirale miniature 1\/6 Poppy Parker, Barbie, pullip -<\/title>\n<meta name=\"description\" content=\"Lampe spirale miniature 1\/6 Poppy Parker, Barbie, pullip. Cette petite lampe habillera parfaitement vos chambre aux 1\/6 pour bjd Barbie, pullip .\" \/>\n<meta name=\"robots\" content=\"index, follow, max-snippet:-1, max-image-preview:large, max-video-preview:-1\" \/>\n<link rel=\"canonical\" href=\"https:\/\/www.sunnyshop211.com\/en\/product\/lampe-spirale-miniature-1-6-poppy-parker-barbie-pullip\/\" \/>\n<meta property=\"og:locale\" content=\"en_US\" \/>\n<meta property=\"og:type\" content=\"article\" \/>\n<meta property=\"og:title\" content=\"Lampe spirale miniature 1\/6 Poppy Parker, Barbie, pullip -\" \/>\n<meta property=\"og:description\" content=\"Lampe spirale miniature 1\/6 Poppy Parker, Barbie, pullip. Cette petite lampe habillera parfaitement vos chambre aux 1\/6 pour bjd Barbie, pullip .\" \/>\n<meta property=\"og:url\" content=\"https:\/\/www.sunnyshop211.com\/en\/product\/lampe-spirale-miniature-1-6-poppy-parker-barbie-pullip\/\" \/>\n<meta property=\"og:site_name\" content=\"Sunnyshop211 -Vente de dioramas, meubles, miniatures , bjd poup\u00e9es 1\/12 1\/8 1\/6 1\/4 1\/3\" \/>\n<meta property=\"article:publisher\" content=\"https:\/\/www.facebook.com\/sunnyshop211\/?ref=bookmarks\" \/>\n<meta property=\"article:modified_time\" content=\"2026-01-04T09:20:12+00:00\" \/>\n<meta property=\"og:image\" content=\"https:\/\/www.sunnyshop211.com\/wp-content\/uploads\/2022\/05\/9871884b.jpg\" \/>\n\t<meta property=\"og:image:width\" content=\"1920\" \/>\n\t<meta property=\"og:image:height\" content=\"1280\" \/>\n\t<meta property=\"og:image:type\" content=\"image\/jpeg\" \/>\n<meta name=\"twitter:card\" content=\"summary_large_image\" \/>\n<meta name=\"twitter:site\" content=\"@sunnyshop211\" \/>\n<meta name=\"twitter:label1\" content=\"Est. reading time\" \/>\n\t<meta name=\"twitter:data1\" content=\"2 minutes\" \/>\n<script type=\"application\/ld+json\" class=\"yoast-schema-graph\">{\"@context\":\"https:\\\/\\\/schema.org\",\"@graph\":[{\"@type\":\"WebPage\",\"@id\":\"https:\\\/\\\/www.sunnyshop211.com\\\/produit\\\/lampe-spirale-miniature-1-6-poppy-parker-barbie-pullip\\\/\",\"url\":\"https:\\\/\\\/www.sunnyshop211.com\\\/produit\\\/lampe-spirale-miniature-1-6-poppy-parker-barbie-pullip\\\/\",\"name\":\"Lampe spirale miniature 1\\\/6 Poppy Parker, Barbie, pullip -\",\"isPartOf\":{\"@id\":\"https:\\\/\\\/www.sunnyshop211.com\\\/#website\"},\"primaryImageOfPage\":{\"@id\":\"https:\\\/\\\/www.sunnyshop211.com\\\/produit\\\/lampe-spirale-miniature-1-6-poppy-parker-barbie-pullip\\\/#primaryimage\"},\"image\":{\"@id\":\"https:\\\/\\\/www.sunnyshop211.com\\\/produit\\\/lampe-spirale-miniature-1-6-poppy-parker-barbie-pullip\\\/#primaryimage\"},\"thumbnailUrl\":\"https:\\\/\\\/www.sunnyshop211.com\\\/wp-content\\\/uploads\\\/2022\\\/05\\\/9871884b.jpg\",\"datePublished\":\"2022-05-30T12:23:42+00:00\",\"dateModified\":\"2026-01-04T09:20:12+00:00\",\"description\":\"Lampe spirale miniature 1\\\/6 Poppy Parker, Barbie, pullip. Cette petite lampe habillera parfaitement vos chambre aux 1\\\/6 pour bjd Barbie, pullip .\",\"breadcrumb\":{\"@id\":\"https:\\\/\\\/www.sunnyshop211.com\\\/produit\\\/lampe-spirale-miniature-1-6-poppy-parker-barbie-pullip\\\/#breadcrumb\"},\"inLanguage\":\"en-US\",\"potentialAction\":[{\"@type\":\"ReadAction\",\"target\":[\"https:\\\/\\\/www.sunnyshop211.com\\\/produit\\\/lampe-spirale-miniature-1-6-poppy-parker-barbie-pullip\\\/\"]}]},{\"@type\":\"ImageObject\",\"inLanguage\":\"en-US\",\"@id\":\"https:\\\/\\\/www.sunnyshop211.com\\\/produit\\\/lampe-spirale-miniature-1-6-poppy-parker-barbie-pullip\\\/#primaryimage\",\"url\":\"https:\\\/\\\/www.sunnyshop211.com\\\/wp-content\\\/uploads\\\/2022\\\/05\\\/9871884b.jpg\",\"contentUrl\":\"https:\\\/\\\/www.sunnyshop211.com\\\/wp-content\\\/uploads\\\/2022\\\/05\\\/9871884b.jpg\",\"width\":1920,\"height\":1280,\"caption\":\"Lampe spirale miniature 1\\\/6\"},{\"@type\":\"BreadcrumbList\",\"@id\":\"https:\\\/\\\/www.sunnyshop211.com\\\/produit\\\/lampe-spirale-miniature-1-6-poppy-parker-barbie-pullip\\\/#breadcrumb\",\"itemListElement\":[{\"@type\":\"ListItem\",\"position\":1,\"name\":\"Accueil\",\"item\":\"https:\\\/\\\/www.sunnyshop211.com\\\/\"},{\"@type\":\"ListItem\",\"position\":2,\"name\":\"Boutique\",\"item\":\"https:\\\/\\\/www.sunnyshop211.com\\\/boutique-miniature-bjd-dolls\\\/\"},{\"@type\":\"ListItem\",\"position\":3,\"name\":\"Lampe spirale miniature 1\\\/6 Poppy Parker, Barbie, pullip\"}]},{\"@type\":\"WebSite\",\"@id\":\"https:\\\/\\\/www.sunnyshop211.com\\\/#website\",\"url\":\"https:\\\/\\\/www.sunnyshop211.com\\\/\",\"name\":\"Vente de dioramas, meubles, miniatures , bjd poup\u00e9es 1\\\/12 1\\\/8 1\\\/6 1\\\/4 1\\\/3\",\"description\":\"Sunnyshop211 - Votre univers miniature pour poup\u00e9es et BJD, dioramas et meubles sur mesure !\",\"publisher\":{\"@id\":\"https:\\\/\\\/www.sunnyshop211.com\\\/#organization\"},\"alternateName\":\"sunnyshop211\",\"potentialAction\":[{\"@type\":\"SearchAction\",\"target\":{\"@type\":\"EntryPoint\",\"urlTemplate\":\"https:\\\/\\\/www.sunnyshop211.com\\\/?s={search_term_string}\"},\"query-input\":{\"@type\":\"PropertyValueSpecification\",\"valueRequired\":true,\"valueName\":\"search_term_string\"}}],\"inLanguage\":\"en-US\"},{\"@type\":\"Organization\",\"@id\":\"https:\\\/\\\/www.sunnyshop211.com\\\/#organization\",\"name\":\"sunnyshop211\",\"alternateName\":\"sunnyshop211 diorama bjd meuble miniature\",\"url\":\"https:\\\/\\\/www.sunnyshop211.com\\\/\",\"logo\":{\"@type\":\"ImageObject\",\"inLanguage\":\"en-US\",\"@id\":\"https:\\\/\\\/www.sunnyshop211.com\\\/#\\\/schema\\\/logo\\\/image\\\/\",\"url\":\"https:\\\/\\\/www.sunnyshop211.com\\\/wp-content\\\/uploads\\\/2022\\\/08\\\/cropped-cropped-cropped-Sunnyshop211-1.png\",\"contentUrl\":\"https:\\\/\\\/www.sunnyshop211.com\\\/wp-content\\\/uploads\\\/2022\\\/08\\\/cropped-cropped-cropped-Sunnyshop211-1.png\",\"width\":339,\"height\":339,\"caption\":\"sunnyshop211\"},\"image\":{\"@id\":\"https:\\\/\\\/www.sunnyshop211.com\\\/#\\\/schema\\\/logo\\\/image\\\/\"},\"sameAs\":[\"https:\\\/\\\/www.facebook.com\\\/sunnyshop211\\\/?ref=bookmarks\",\"https:\\\/\\\/x.com\\\/sunnyshop211\",\"https:\\\/\\\/www.instagram.com\\\/sunnyshop211\\\/\",\"https:\\\/\\\/www.tumblr.com\\\/blog\\\/sunnyshop211\",\"https:\\\/\\\/www.youtube.com\\\/channel\\\/UCtYY18OGGDKrTSzgcf7fCBg\",\"https:\\\/\\\/www.tiktok.com\\\/@sunnydollshop211?is_from_webapp=1&sender_device=pc\"]}]}<\/script>\n<!-- \/ Yoast SEO plugin. -->","yoast_head_json":{"title":"Miniature spiral lamp 1\/6 Poppy Parker, Barbie, pullip -","description":"Miniature spiral lamp 1\/6 Poppy Parker, Barbie, pullip. This little lamp will look great in your 1\/6 bjd Barbie, pullip .","robots":{"index":"index","follow":"follow","max-snippet":"max-snippet:-1","max-image-preview":"max-image-preview:large","max-video-preview":"max-video-preview:-1"},"canonical":"https:\/\/www.sunnyshop211.com\/en\/product\/lampe-spirale-miniature-1-6-poppy-parker-barbie-pullip\/","og_locale":"en_US","og_type":"article","og_title":"Lampe spirale miniature 1\/6 Poppy Parker, Barbie, pullip -","og_description":"Lampe spirale miniature 1\/6 Poppy Parker, Barbie, pullip. Cette petite lampe habillera parfaitement vos chambre aux 1\/6 pour bjd Barbie, pullip .","og_url":"https:\/\/www.sunnyshop211.com\/en\/product\/lampe-spirale-miniature-1-6-poppy-parker-barbie-pullip\/","og_site_name":"Sunnyshop211 -Vente de dioramas, meubles, miniatures , bjd poup\u00e9es 1\/12 1\/8 1\/6 1\/4 1\/3","article_publisher":"https:\/\/www.facebook.com\/sunnyshop211\/?ref=bookmarks","article_modified_time":"2026-01-04T09:20:12+00:00","og_image":[{"width":1920,"height":1280,"url":"https:\/\/www.sunnyshop211.com\/wp-content\/uploads\/2022\/05\/9871884b.jpg","type":"image\/jpeg"}],"twitter_card":"summary_large_image","twitter_site":"@sunnyshop211","twitter_misc":{"Est. reading time":"2 minutes"},"schema":{"@context":"https:\/\/schema.org","@graph":[{"@type":"WebPage","@id":"https:\/\/www.sunnyshop211.com\/produit\/lampe-spirale-miniature-1-6-poppy-parker-barbie-pullip\/","url":"https:\/\/www.sunnyshop211.com\/produit\/lampe-spirale-miniature-1-6-poppy-parker-barbie-pullip\/","name":"Miniature spiral lamp 1\/6 Poppy Parker, Barbie, pullip -","isPartOf":{"@id":"https:\/\/www.sunnyshop211.com\/#website"},"primaryImageOfPage":{"@id":"https:\/\/www.sunnyshop211.com\/produit\/lampe-spirale-miniature-1-6-poppy-parker-barbie-pullip\/#primaryimage"},"image":{"@id":"https:\/\/www.sunnyshop211.com\/produit\/lampe-spirale-miniature-1-6-poppy-parker-barbie-pullip\/#primaryimage"},"thumbnailUrl":"https:\/\/www.sunnyshop211.com\/wp-content\/uploads\/2022\/05\/9871884b.jpg","datePublished":"2022-05-30T12:23:42+00:00","dateModified":"2026-01-04T09:20:12+00:00","description":"Miniature spiral lamp 1\/6 Poppy Parker, Barbie, pullip. This little lamp will look great in your 1\/6 bjd Barbie, pullip .","breadcrumb":{"@id":"https:\/\/www.sunnyshop211.com\/produit\/lampe-spirale-miniature-1-6-poppy-parker-barbie-pullip\/#breadcrumb"},"inLanguage":"en-US","potentialAction":[{"@type":"ReadAction","target":["https:\/\/www.sunnyshop211.com\/produit\/lampe-spirale-miniature-1-6-poppy-parker-barbie-pullip\/"]}]},{"@type":"ImageObject","inLanguage":"en-US","@id":"https:\/\/www.sunnyshop211.com\/produit\/lampe-spirale-miniature-1-6-poppy-parker-barbie-pullip\/#primaryimage","url":"https:\/\/www.sunnyshop211.com\/wp-content\/uploads\/2022\/05\/9871884b.jpg","contentUrl":"https:\/\/www.sunnyshop211.com\/wp-content\/uploads\/2022\/05\/9871884b.jpg","width":1920,"height":1280,"caption":"Lampe spirale miniature 1\/6"},{"@type":"BreadcrumbList","@id":"https:\/\/www.sunnyshop211.com\/produit\/lampe-spirale-miniature-1-6-poppy-parker-barbie-pullip\/#breadcrumb","itemListElement":[{"@type":"ListItem","position":1,"name":"Accueil","item":"https:\/\/www.sunnyshop211.com\/"},{"@type":"ListItem","position":2,"name":"Boutique","item":"https:\/\/www.sunnyshop211.com\/boutique-miniature-bjd-dolls\/"},{"@type":"ListItem","position":3,"name":"Lampe spirale miniature 1\/6 Poppy Parker, Barbie, pullip"}]},{"@type":"WebSite","@id":"https:\/\/www.sunnyshop211.com\/#website","url":"https:\/\/www.sunnyshop211.com\/","name":"Sale of dioramas, furniture, miniatures, bjd dolls 1\/12 1\/8 1\/6 1\/4 1\/3","description":"Sunnyshop211 - Your miniature world for dolls and BJDs, dioramas and custom-made furniture!","publisher":{"@id":"https:\/\/www.sunnyshop211.com\/#organization"},"alternateName":"sunnyshop211","potentialAction":[{"@type":"SearchAction","target":{"@type":"EntryPoint","urlTemplate":"https:\/\/www.sunnyshop211.com\/?s={search_term_string}"},"query-input":{"@type":"PropertyValueSpecification","valueRequired":true,"valueName":"search_term_string"}}],"inLanguage":"en-US"},{"@type":"Organization","@id":"https:\/\/www.sunnyshop211.com\/#organization","name":"sunnyshop211","alternateName":"sunnyshop211 diorama bjd meuble miniature","url":"https:\/\/www.sunnyshop211.com\/","logo":{"@type":"ImageObject","inLanguage":"en-US","@id":"https:\/\/www.sunnyshop211.com\/#\/schema\/logo\/image\/","url":"https:\/\/www.sunnyshop211.com\/wp-content\/uploads\/2022\/08\/cropped-cropped-cropped-Sunnyshop211-1.png","contentUrl":"https:\/\/www.sunnyshop211.com\/wp-content\/uploads\/2022\/08\/cropped-cropped-cropped-Sunnyshop211-1.png","width":339,"height":339,"caption":"sunnyshop211"},"image":{"@id":"https:\/\/www.sunnyshop211.com\/#\/schema\/logo\/image\/"},"sameAs":["https:\/\/www.facebook.com\/sunnyshop211\/?ref=bookmarks","https:\/\/x.com\/sunnyshop211","https:\/\/www.instagram.com\/sunnyshop211\/","https:\/\/www.tumblr.com\/blog\/sunnyshop211","https:\/\/www.youtube.com\/channel\/UCtYY18OGGDKrTSzgcf7fCBg","https:\/\/www.tiktok.com\/@sunnydollshop211?is_from_webapp=1&sender_device=pc"]}]}},"jetpack_publicize_connections":[],"jetpack_sharing_enabled":true,"_links":{"self":[{"href":"https:\/\/www.sunnyshop211.com\/en\/wp-json\/wp\/v2\/product\/23213","targetHints":{"allow":["GET"]}}],"collection":[{"href":"https:\/\/www.sunnyshop211.com\/en\/wp-json\/wp\/v2\/product"}],"about":[{"href":"https:\/\/www.sunnyshop211.com\/en\/wp-json\/wp\/v2\/types\/product"}],"replies":[{"embeddable":true,"href":"https:\/\/www.sunnyshop211.com\/en\/wp-json\/wp\/v2\/comments?post=23213"}],"version-history":[{"count":8,"href":"https:\/\/www.sunnyshop211.com\/en\/wp-json\/wp\/v2\/product\/23213\/revisions"}],"predecessor-version":[{"id":53156,"href":"https:\/\/www.sunnyshop211.com\/en\/wp-json\/wp\/v2\/product\/23213\/revisions\/53156"}],"wp:featuredmedia":[{"embeddable":true,"href":"https:\/\/www.sunnyshop211.com\/en\/wp-json\/wp\/v2\/media\/23078"}],"wp:attachment":[{"href":"https:\/\/www.sunnyshop211.com\/en\/wp-json\/wp\/v2\/media?parent=23213"}],"wp:term":[{"taxonomy":"product_brand","embeddable":true,"href":"https:\/\/www.sunnyshop211.com\/en\/wp-json\/wp\/v2\/product_brand?post=23213"},{"taxonomy":"product_cat","embeddable":true,"href":"https:\/\/www.sunnyshop211.com\/en\/wp-json\/wp\/v2\/product_cat?post=23213"},{"taxonomy":"product_tag","embeddable":true,"href":"https:\/\/www.sunnyshop211.com\/en\/wp-json\/wp\/v2\/product_tag?post=23213"}],"curies":[{"name":"wp","href":"https:\/\/api.w.org\/{rel}","templated":true}]}}