{"id":22982,"date":"2022-05-06T17:26:49","date_gmt":"2022-05-06T16:26:49","guid":{"rendered":"https:\/\/sunnyshop211.com\/?post_type=product&#038;p=22982"},"modified":"2026-03-20T11:04:18","modified_gmt":"2026-03-20T10:04:18","slug":"plantes-miniature-1-6-1-4-barbie-pullip-bjd-minifee-msd","status":"publish","type":"product","link":"https:\/\/www.sunnyshop211.com\/en\/product\/plantes-miniature-1-6-1-4-barbie-pullip-bjd-minifee-msd\/","title":{"rendered":"Miniature plants 1\/6 1\/4 Barbie, Pullip, BJD, Minifee, MSD"},"content":{"rendered":"<div id='gallery-1' class='gallery galleryid-22982 gallery-columns-3 gallery-size-thumbnail'><figure class='gallery-item'>\n\t\t\t<div class='gallery-icon portrait'>\n\t\t\t\t<a href='https:\/\/www.sunnyshop211.com\/en\/?attachment_id=22966'><img decoding=\"async\" width=\"150\" height=\"150\" src=\"https:\/\/www.sunnyshop211.com\/wp-content\/uploads\/2022\/05\/telecharger-7-150x150.png\" class=\"attachment-thumbnail size-thumbnail\" alt=\"Plantes miniature 1\/6 1\/4\" srcset=\"https:\/\/www.sunnyshop211.com\/wp-content\/uploads\/2022\/05\/telecharger-7-150x150.png 150w, https:\/\/www.sunnyshop211.com\/wp-content\/uploads\/2022\/05\/telecharger-7-100x100.png 100w, https:\/\/www.sunnyshop211.com\/wp-content\/uploads\/2022\/05\/telecharger-7-351x350.png 351w, https:\/\/www.sunnyshop211.com\/wp-content\/uploads\/2022\/05\/telecharger-7-300x300.png 300w\" sizes=\"(max-width: 150px) 100vw, 150px\" \/><\/a>\n\t\t\t<\/div><\/figure><figure class='gallery-item'>\n\t\t\t<div class='gallery-icon portrait'>\n\t\t\t\t<a href='https:\/\/www.sunnyshop211.com\/en\/?attachment_id=22971'><img decoding=\"async\" width=\"150\" height=\"150\" src=\"https:\/\/www.sunnyshop211.com\/wp-content\/uploads\/2022\/05\/telecharger-12-150x150.png\" class=\"attachment-thumbnail size-thumbnail\" alt=\"\" srcset=\"https:\/\/www.sunnyshop211.com\/wp-content\/uploads\/2022\/05\/telecharger-12-150x150.png 150w, https:\/\/www.sunnyshop211.com\/wp-content\/uploads\/2022\/05\/telecharger-12-100x100.png 100w, https:\/\/www.sunnyshop211.com\/wp-content\/uploads\/2022\/05\/telecharger-12-351x350.png 351w, https:\/\/www.sunnyshop211.com\/wp-content\/uploads\/2022\/05\/telecharger-12-300x300.png 300w\" sizes=\"(max-width: 150px) 100vw, 150px\" \/><\/a>\n\t\t\t<\/div><\/figure><figure class='gallery-item'>\n\t\t\t<div class='gallery-icon portrait'>\n\t\t\t\t<a href='https:\/\/www.sunnyshop211.com\/en\/?attachment_id=22967'><img decoding=\"async\" width=\"150\" height=\"150\" src=\"https:\/\/www.sunnyshop211.com\/wp-content\/uploads\/2022\/05\/telecharger-8-150x150.png\" class=\"attachment-thumbnail size-thumbnail\" alt=\"Plantes miniature 1\/6 1\/4\" srcset=\"https:\/\/www.sunnyshop211.com\/wp-content\/uploads\/2022\/05\/telecharger-8-150x150.png 150w, https:\/\/www.sunnyshop211.com\/wp-content\/uploads\/2022\/05\/telecharger-8-100x100.png 100w, https:\/\/www.sunnyshop211.com\/wp-content\/uploads\/2022\/05\/telecharger-8-300x300.png 300w\" sizes=\"(max-width: 150px) 100vw, 150px\" \/><\/a>\n\t\t\t<\/div><\/figure><figure class='gallery-item'>\n\t\t\t<div class='gallery-icon portrait'>\n\t\t\t\t<a href='https:\/\/www.sunnyshop211.com\/en\/?attachment_id=22968'><img loading=\"lazy\" decoding=\"async\" width=\"150\" height=\"150\" src=\"https:\/\/www.sunnyshop211.com\/wp-content\/uploads\/2022\/05\/telecharger-9-150x150.png\" class=\"attachment-thumbnail size-thumbnail\" alt=\"Plantes miniature 1\/6 1\/4\" srcset=\"https:\/\/www.sunnyshop211.com\/wp-content\/uploads\/2022\/05\/telecharger-9-150x150.png 150w, https:\/\/www.sunnyshop211.com\/wp-content\/uploads\/2022\/05\/telecharger-9-100x100.png 100w, https:\/\/www.sunnyshop211.com\/wp-content\/uploads\/2022\/05\/telecharger-9-300x300.png 300w\" sizes=\"(max-width: 150px) 100vw, 150px\" \/><\/a>\n\t\t\t<\/div><\/figure>\n\t\t<\/div>\n\n<h2 data-start=\"130\" data-end=\"168\">\ud83c\udf3f Decorative miniature plants<\/h2>\n<p data-start=\"169\" data-end=\"231\"><strong data-start=\"169\" data-end=\"231\">1\/6 - 1\/4 - Barbie - Blythe - Pullip - BJD - Minifee - MSD<\/strong><\/p>\n<p data-start=\"233\" data-end=\"253\">\u2500\u2500\u2500\u2500\u2500\u2500\u2500\u2500\u2500\u2500\u2500\u2500\u2500\u2500\u2500\u2500\u2500\u2500\u2500\u2500<\/p>\n<h3 data-start=\"255\" data-end=\"272\">\u2728 Description<\/h3>\n<p data-start=\"273\" data-end=\"482\">These <strong data-start=\"277\" data-end=\"311\">decorative miniature plants<\/strong> are ideal for enhancing your dioramas and stagings.<br data-start=\"370\" data-end=\"373\" \/>They provide <strong data-start=\"393\" data-end=\"423\">a touch of realistic greenery<\/strong> and easily decorate all types of miniature interiors.<\/p>\n<p data-start=\"484\" data-end=\"520\">\u2714 Fictitious article<br data-start=\"500\" data-end=\"503\" \/>\u2714 Sold by unit<\/p>\n<p data-start=\"522\" data-end=\"542\">\u2500\u2500\u2500\u2500\u2500\u2500\u2500\u2500\u2500\u2500\u2500\u2500\u2500\u2500\u2500\u2500\u2500\u2500\u2500\u2500<\/p>\n<h3 data-start=\"544\" data-end=\"564\">\ud83e\uddf8 Compatibility<\/h3>\n<p data-start=\"565\" data-end=\"624\">Perfect fit for dolls of equivalent sizes:<\/p>\n<ul data-start=\"626\" data-end=\"717\">\n<li data-start=\"626\" data-end=\"676\">\n<p data-start=\"628\" data-end=\"676\"><strong data-start=\"628\" data-end=\"635\">1\/6<\/strong> Barbie, Pullip, Blythe, Poppy Parker<\/p>\n<\/li>\n<li data-start=\"677\" data-end=\"717\">\n<p data-start=\"679\" data-end=\"717\"><strong data-start=\"679\" data-end=\"686\">1\/4<\/strong> : Minifee, MSD, Unoa, Bimong<\/p>\n<\/li>\n<\/ul>\n<p data-start=\"719\" data-end=\"784\">How it looks will depend on the size you choose and your staging.<\/p>\n<p data-start=\"786\" data-end=\"806\">\u2500\u2500\u2500\u2500\u2500\u2500\u2500\u2500\u2500\u2500\u2500\u2500\u2500\u2500\u2500\u2500\u2500\u2500\u2500\u2500<\/p>\n<h3 data-start=\"808\" data-end=\"833\">\ud83c\udf31 Product details<\/h3>\n<ul data-start=\"834\" data-end=\"1175\">\n<li data-start=\"834\" data-end=\"866\">\n<p data-start=\"836\" data-end=\"866\">Miniature plant <strong data-start=\"853\" data-end=\"866\">1\/6 - 1\/4<\/strong><\/p>\n<\/li>\n<li data-start=\"867\" data-end=\"912\">\n<p data-start=\"869\" data-end=\"912\">Sold <strong data-start=\"876\" data-end=\"890\">customized<\/strong>, as shown in the photos<\/p>\n<\/li>\n<li data-start=\"913\" data-end=\"967\">\n<p data-start=\"915\" data-end=\"967\">Round pot decorated with <strong data-start=\"934\" data-end=\"967\">geometric relief patterns<\/strong><\/p>\n<\/li>\n<li data-start=\"968\" data-end=\"1012\">\n<p data-start=\"970\" data-end=\"1012\">Pot adapts to plant size<\/p>\n<\/li>\n<li data-start=\"1013\" data-end=\"1071\">\n<p data-start=\"1015\" data-end=\"1071\"><strong data-start=\"1015\" data-end=\"1043\">Every pot is different<\/strong>, for a more natural look<\/p>\n<\/li>\n<li data-start=\"1072\" data-end=\"1128\">\n<p data-start=\"1074\" data-end=\"1128\">Large green plant (shade may vary slightly)<\/p>\n<\/li>\n<li data-start=\"1129\" data-end=\"1175\">\n<p data-start=\"1131\" data-end=\"1175\">Integrated faux earth for a realistic effect<\/p>\n<\/li>\n<\/ul>\n<p data-start=\"1177\" data-end=\"1197\">\u2500\u2500\u2500\u2500\u2500\u2500\u2500\u2500\u2500\u2500\u2500\u2500\u2500\u2500\u2500\u2500\u2500\u2500\u2500\u2500<\/p>\n<h3 data-start=\"1199\" data-end=\"1225\">\ud83c\udfa8 Available options<\/h3>\n<ul data-start=\"1226\" data-end=\"1346\">\n<li data-start=\"1226\" data-end=\"1276\">\n<p data-start=\"1228\" data-end=\"1276\"><strong data-start=\"1228\" data-end=\"1263\">5 different plant models<\/strong> (your choice)<\/p>\n<\/li>\n<li data-start=\"1277\" data-end=\"1301\">\n<p data-start=\"1279\" data-end=\"1301\">Quantities <strong data-start=\"1289\" data-end=\"1301\">limited<\/strong><\/p>\n<\/li>\n<li data-start=\"1302\" data-end=\"1346\">\n<p data-start=\"1304\" data-end=\"1323\">Jar available in :<\/p>\n<ul data-start=\"1326\" data-end=\"1346\">\n<li data-start=\"1326\" data-end=\"1334\">\n<p data-start=\"1328\" data-end=\"1334\">black<\/p>\n<\/li>\n<li data-start=\"1337\" data-end=\"1346\">\n<p data-start=\"1339\" data-end=\"1346\">white<\/p>\n<\/li>\n<\/ul>\n<\/li>\n<\/ul>\n<p data-start=\"1348\" data-end=\"1368\">\u2500\u2500\u2500\u2500\u2500\u2500\u2500\u2500\u2500\u2500\u2500\u2500\u2500\u2500\u2500\u2500\u2500\u2500\u2500\u2500<\/p>\n<h3 data-start=\"1370\" data-end=\"1400\">\ud83d\udd90\ufe0f Craft manufacturing<\/h3>\n<p data-start=\"1401\" data-end=\"1449\">Each piece is handcrafted.<\/p>\n<p data-start=\"1451\" data-end=\"1475\">Because of the handmade :<\/p>\n<ul data-start=\"1476\" data-end=\"1593\">\n<li data-start=\"1476\" data-end=\"1543\">\n<p data-start=\"1478\" data-end=\"1543\">slight variations in shape or color may occur<\/p>\n<\/li>\n<li data-start=\"1544\" data-end=\"1593\">\n<p data-start=\"1546\" data-end=\"1593\">some minor imperfections are possible<\/p>\n<\/li>\n<\/ul>\n<p data-start=\"1595\" data-end=\"1615\">\u2500\u2500\u2500\u2500\u2500\u2500\u2500\u2500\u2500\u2500\u2500\u2500\u2500\u2500\u2500\u2500\u2500\u2500\u2500\u2500<\/p>\n<h3 data-start=\"1617\" data-end=\"1648\">\ud83d\udce6 Important information<\/h3>\n<ul data-start=\"1649\" data-end=\"1990\">\n<li data-start=\"1649\" data-end=\"1734\">\n<p data-start=\"1651\" data-end=\"1734\">Article <strong data-start=\"1659\" data-end=\"1683\">made to order<\/strong>, please allow for manufacturing lead times<\/p>\n<\/li>\n<li data-start=\"1735\" data-end=\"1788\">\n<p data-start=\"1737\" data-end=\"1788\">The photos are <strong data-start=\"1757\" data-end=\"1786\">examples of staging<\/strong><\/p>\n<\/li>\n<li data-start=\"1789\" data-end=\"1823\">\n<p data-start=\"1791\" data-end=\"1823\"><strong data-start=\"1791\" data-end=\"1821\">Only the plant is sold<\/strong><\/p>\n<\/li>\n<li data-start=\"1824\" data-end=\"1908\">\n<p data-start=\"1826\" data-end=\"1908\">Furniture and accessories shown are available separately in the store.<\/p>\n<\/li>\n<li data-start=\"1909\" data-end=\"1990\">\n<p data-start=\"1911\" data-end=\"1990\">More photos and inspiration :<br data-start=\"1945\" data-end=\"1948\" \/>\ud83d\udc49 <a class=\"decorated-link\" href=\"https:\/\/www.instagram.com\/sunnyshop211\/\" target=\"_new\" rel=\"noopener\" data-start=\"1951\" data-end=\"1990\">https:\/\/www.instagram.com\/sunnyshop211\/<\/a><\/p>\n<\/li>\n<\/ul>\n<p data-start=\"1992\" data-end=\"2012\">\u2500\u2500\u2500\u2500\u2500\u2500\u2500\u2500\u2500\u2500\u2500\u2500\u2500\u2500\u2500\u2500\u2500\u2500\u2500\u2500<\/p>\n<h3 data-start=\"2014\" data-end=\"2037\">\u26a0\ufe0f Imprint<\/h3>\n<p data-start=\"2038\" data-end=\"2178\">!!!! This is not a toy<br data-start=\"2066\" data-end=\"2069\" \/>Article for a <strong data-start=\"2090\" data-end=\"2107\">adult audience<\/strong><br data-start=\"2107\" data-end=\"2110\" \/>\ud83d\udce6 I'm not responsible for any shipping damage<\/p>\n<p>&nbsp;<\/p>","protected":false},"excerpt":{"rendered":"<p>\ud83c\udf3f Plantes miniatures d\u00e9coratives 1\/6 \u00b7 1\/4 \u2013 Barbie \u00b7 Blythe \u00b7 Pullip \u00b7 BJD \u00b7 Minifee \u00b7 MSD \u2500\u2500\u2500\u2500\u2500\u2500\u2500\u2500\u2500\u2500\u2500\u2500\u2500\u2500\u2500\u2500\u2500\u2500\u2500\u2500 \u2728 Description Ces plantes miniatures d\u00e9coratives sont id\u00e9ales pour enrichir vos dioramas et mises en sc\u00e8ne.Elles apportent une touche de verdure r\u00e9aliste et d\u00e9corent facilement tous types d\u2019int\u00e9rieurs miniatures. \u2714 Article fictif\u2714 Vendu \u00e0 l\u2019unit\u00e9 [&hellip;]<\/p>\n","protected":false},"featured_media":22966,"comment_status":"open","ping_status":"closed","template":"","meta":{"_crdt_document":"","jetpack_post_was_ever_published":false,"jetpack_publicize_message":"","jetpack_publicize_feature_enabled":true,"jetpack_social_post_already_shared":true,"jetpack_social_options":{"image_generator_settings":{"template":"highway","default_image_id":0,"font":"","enabled":false},"version":2}},"product_brand":[],"product_cat":[667687053],"product_tag":[667681278,667681143,667681136,667681142,667681234,667681226,667681233,667681348,667681426,667681359,667681236,667681232,667681280,667681655,667681656,667681657,667681653,667681177,667681277,667681235],"class_list":{"0":"post-22982","1":"product","2":"type-product","3":"status-publish","4":"has-post-thumbnail","6":"product_cat-plantes","7":"product_tag-barbie","8":"product_tag-bedroom","9":"product_tag-bjd","10":"product_tag-chambre","11":"product_tag-diorama","12":"product_tag-doll","13":"product_tag-dollhouse","14":"product_tag-fashion-royalty","15":"product_tag-littlefee","16":"product_tag-living-room","17":"product_tag-maison-de-poupee","18":"product_tag-miniature","19":"product_tag-phicen","20":"product_tag-photo","21":"product_tag-plant","22":"product_tag-plante","23":"product_tag-portrait","24":"product_tag-poupee","25":"product_tag-pullip","26":"product_tag-roombox","27":"product_shipping_class-colissimo-5","28":"pa_couleur-blanc","29":"pa_couleur-noir","31":"first","32":"instock","33":"taxable","34":"shipping-taxable","35":"purchasable","36":"product-type-variable"},"yoast_head":"<!-- This site is optimized with the Yoast SEO plugin v27.5 - https:\/\/yoast.com\/product\/yoast-seo-wordpress\/ -->\n<title>Plantes miniature 1\/6 1\/4 Barbie, Pullip, BJD, Minifee, MSD -<\/title>\n<meta name=\"description\" content=\"Plantes miniature 1\/6 1\/4 pour poup\u00e9es Barbie, Blythe, Pullip, BJD, Minifee, MSD. Id\u00e9al pour d\u00e9corer vos dioramas et vos mises en sc\u00e8nes.\" \/>\n<meta name=\"robots\" content=\"index, follow, max-snippet:-1, max-image-preview:large, max-video-preview:-1\" \/>\n<link rel=\"canonical\" href=\"https:\/\/www.sunnyshop211.com\/en\/product\/plantes-miniature-1-6-1-4-barbie-pullip-bjd-minifee-msd\/\" \/>\n<meta property=\"og:locale\" content=\"en_US\" \/>\n<meta property=\"og:type\" content=\"article\" \/>\n<meta property=\"og:title\" content=\"Plantes miniature 1\/6 1\/4 Barbie, Pullip, BJD, Minifee, MSD -\" \/>\n<meta property=\"og:description\" content=\"Plantes miniature 1\/6 1\/4 pour poup\u00e9es Barbie, Blythe, Pullip, BJD, Minifee, MSD. Id\u00e9al pour d\u00e9corer vos dioramas et vos mises en sc\u00e8nes.\" \/>\n<meta property=\"og:url\" content=\"https:\/\/www.sunnyshop211.com\/en\/product\/plantes-miniature-1-6-1-4-barbie-pullip-bjd-minifee-msd\/\" \/>\n<meta property=\"og:site_name\" content=\"Sunnyshop211 -Vente de dioramas, meubles, miniatures , bjd poup\u00e9es 1\/12 1\/8 1\/6 1\/4 1\/3\" \/>\n<meta property=\"article:publisher\" content=\"https:\/\/www.facebook.com\/sunnyshop211\/?ref=bookmarks\" \/>\n<meta property=\"article:modified_time\" content=\"2026-03-20T10:04:18+00:00\" \/>\n<meta property=\"og:image\" content=\"https:\/\/www.sunnyshop211.com\/wp-content\/uploads\/2022\/05\/telecharger-7.png\" \/>\n\t<meta property=\"og:image:width\" content=\"351\" \/>\n\t<meta property=\"og:image:height\" content=\"540\" \/>\n\t<meta property=\"og:image:type\" content=\"image\/png\" \/>\n<meta name=\"twitter:card\" content=\"summary_large_image\" \/>\n<meta name=\"twitter:site\" content=\"@sunnyshop211\" \/>\n<meta name=\"twitter:label1\" content=\"Est. reading time\" \/>\n\t<meta name=\"twitter:data1\" content=\"2 minutes\" \/>\n<script type=\"application\/ld+json\" class=\"yoast-schema-graph\">{\"@context\":\"https:\\\/\\\/schema.org\",\"@graph\":[{\"@type\":\"WebPage\",\"@id\":\"https:\\\/\\\/www.sunnyshop211.com\\\/produit\\\/plantes-miniature-1-6-1-4-barbie-pullip-bjd-minifee-msd\\\/\",\"url\":\"https:\\\/\\\/www.sunnyshop211.com\\\/produit\\\/plantes-miniature-1-6-1-4-barbie-pullip-bjd-minifee-msd\\\/\",\"name\":\"Plantes miniature 1\\\/6 1\\\/4 Barbie, Pullip, BJD, Minifee, MSD -\",\"isPartOf\":{\"@id\":\"https:\\\/\\\/www.sunnyshop211.com\\\/#website\"},\"primaryImageOfPage\":{\"@id\":\"https:\\\/\\\/www.sunnyshop211.com\\\/produit\\\/plantes-miniature-1-6-1-4-barbie-pullip-bjd-minifee-msd\\\/#primaryimage\"},\"image\":{\"@id\":\"https:\\\/\\\/www.sunnyshop211.com\\\/produit\\\/plantes-miniature-1-6-1-4-barbie-pullip-bjd-minifee-msd\\\/#primaryimage\"},\"thumbnailUrl\":\"https:\\\/\\\/www.sunnyshop211.com\\\/wp-content\\\/uploads\\\/2022\\\/05\\\/telecharger-7.png\",\"datePublished\":\"2022-05-06T16:26:49+00:00\",\"dateModified\":\"2026-03-20T10:04:18+00:00\",\"description\":\"Plantes miniature 1\\\/6 1\\\/4 pour poup\u00e9es Barbie, Blythe, Pullip, BJD, Minifee, MSD. Id\u00e9al pour d\u00e9corer vos dioramas et vos mises en sc\u00e8nes.\",\"breadcrumb\":{\"@id\":\"https:\\\/\\\/www.sunnyshop211.com\\\/produit\\\/plantes-miniature-1-6-1-4-barbie-pullip-bjd-minifee-msd\\\/#breadcrumb\"},\"inLanguage\":\"en-US\",\"potentialAction\":[{\"@type\":\"ReadAction\",\"target\":[\"https:\\\/\\\/www.sunnyshop211.com\\\/produit\\\/plantes-miniature-1-6-1-4-barbie-pullip-bjd-minifee-msd\\\/\"]}]},{\"@type\":\"ImageObject\",\"inLanguage\":\"en-US\",\"@id\":\"https:\\\/\\\/www.sunnyshop211.com\\\/produit\\\/plantes-miniature-1-6-1-4-barbie-pullip-bjd-minifee-msd\\\/#primaryimage\",\"url\":\"https:\\\/\\\/www.sunnyshop211.com\\\/wp-content\\\/uploads\\\/2022\\\/05\\\/telecharger-7.png\",\"contentUrl\":\"https:\\\/\\\/www.sunnyshop211.com\\\/wp-content\\\/uploads\\\/2022\\\/05\\\/telecharger-7.png\",\"width\":351,\"height\":540,\"caption\":\"Plantes miniature 1\\\/6 1\\\/4\"},{\"@type\":\"BreadcrumbList\",\"@id\":\"https:\\\/\\\/www.sunnyshop211.com\\\/produit\\\/plantes-miniature-1-6-1-4-barbie-pullip-bjd-minifee-msd\\\/#breadcrumb\",\"itemListElement\":[{\"@type\":\"ListItem\",\"position\":1,\"name\":\"Accueil\",\"item\":\"https:\\\/\\\/www.sunnyshop211.com\\\/\"},{\"@type\":\"ListItem\",\"position\":2,\"name\":\"Boutique\",\"item\":\"https:\\\/\\\/www.sunnyshop211.com\\\/boutique-miniature-bjd-dolls\\\/\"},{\"@type\":\"ListItem\",\"position\":3,\"name\":\"Plantes miniature 1\\\/6 1\\\/4 Barbie, Pullip, BJD, Minifee, MSD\"}]},{\"@type\":\"WebSite\",\"@id\":\"https:\\\/\\\/www.sunnyshop211.com\\\/#website\",\"url\":\"https:\\\/\\\/www.sunnyshop211.com\\\/\",\"name\":\"Vente de dioramas, meubles, miniatures , bjd poup\u00e9es 1\\\/12 1\\\/8 1\\\/6 1\\\/4 1\\\/3\",\"description\":\"Sunnyshop211 - Votre univers miniature pour poup\u00e9es et BJD, dioramas et meubles sur mesure !\",\"publisher\":{\"@id\":\"https:\\\/\\\/www.sunnyshop211.com\\\/#organization\"},\"alternateName\":\"sunnyshop211\",\"potentialAction\":[{\"@type\":\"SearchAction\",\"target\":{\"@type\":\"EntryPoint\",\"urlTemplate\":\"https:\\\/\\\/www.sunnyshop211.com\\\/?s={search_term_string}\"},\"query-input\":{\"@type\":\"PropertyValueSpecification\",\"valueRequired\":true,\"valueName\":\"search_term_string\"}}],\"inLanguage\":\"en-US\"},{\"@type\":\"Organization\",\"@id\":\"https:\\\/\\\/www.sunnyshop211.com\\\/#organization\",\"name\":\"sunnyshop211\",\"alternateName\":\"sunnyshop211 diorama bjd meuble miniature\",\"url\":\"https:\\\/\\\/www.sunnyshop211.com\\\/\",\"logo\":{\"@type\":\"ImageObject\",\"inLanguage\":\"en-US\",\"@id\":\"https:\\\/\\\/www.sunnyshop211.com\\\/#\\\/schema\\\/logo\\\/image\\\/\",\"url\":\"https:\\\/\\\/www.sunnyshop211.com\\\/wp-content\\\/uploads\\\/2022\\\/08\\\/cropped-cropped-cropped-Sunnyshop211-1.png\",\"contentUrl\":\"https:\\\/\\\/www.sunnyshop211.com\\\/wp-content\\\/uploads\\\/2022\\\/08\\\/cropped-cropped-cropped-Sunnyshop211-1.png\",\"width\":339,\"height\":339,\"caption\":\"sunnyshop211\"},\"image\":{\"@id\":\"https:\\\/\\\/www.sunnyshop211.com\\\/#\\\/schema\\\/logo\\\/image\\\/\"},\"sameAs\":[\"https:\\\/\\\/www.facebook.com\\\/sunnyshop211\\\/?ref=bookmarks\",\"https:\\\/\\\/x.com\\\/sunnyshop211\",\"https:\\\/\\\/www.instagram.com\\\/sunnyshop211\\\/\",\"https:\\\/\\\/www.tumblr.com\\\/blog\\\/sunnyshop211\",\"https:\\\/\\\/www.youtube.com\\\/channel\\\/UCtYY18OGGDKrTSzgcf7fCBg\",\"https:\\\/\\\/www.tiktok.com\\\/@sunnydollshop211?is_from_webapp=1&sender_device=pc\"]}]}<\/script>\n<!-- \/ Yoast SEO plugin. -->","yoast_head_json":{"title":"Miniature plants 1\/6 1\/4 Barbie, Pullip, BJD, Minifee, MSD -","description":"1\/6 1\/4 miniature plants for Barbie, Blythe, Pullip, BJD, Minifee, MSD dolls. Ideal for decorating dioramas and staging.","robots":{"index":"index","follow":"follow","max-snippet":"max-snippet:-1","max-image-preview":"max-image-preview:large","max-video-preview":"max-video-preview:-1"},"canonical":"https:\/\/www.sunnyshop211.com\/en\/product\/plantes-miniature-1-6-1-4-barbie-pullip-bjd-minifee-msd\/","og_locale":"en_US","og_type":"article","og_title":"Plantes miniature 1\/6 1\/4 Barbie, Pullip, BJD, Minifee, MSD -","og_description":"Plantes miniature 1\/6 1\/4 pour poup\u00e9es Barbie, Blythe, Pullip, BJD, Minifee, MSD. Id\u00e9al pour d\u00e9corer vos dioramas et vos mises en sc\u00e8nes.","og_url":"https:\/\/www.sunnyshop211.com\/en\/product\/plantes-miniature-1-6-1-4-barbie-pullip-bjd-minifee-msd\/","og_site_name":"Sunnyshop211 -Vente de dioramas, meubles, miniatures , bjd poup\u00e9es 1\/12 1\/8 1\/6 1\/4 1\/3","article_publisher":"https:\/\/www.facebook.com\/sunnyshop211\/?ref=bookmarks","article_modified_time":"2026-03-20T10:04:18+00:00","og_image":[{"width":351,"height":540,"url":"https:\/\/www.sunnyshop211.com\/wp-content\/uploads\/2022\/05\/telecharger-7.png","type":"image\/png"}],"twitter_card":"summary_large_image","twitter_site":"@sunnyshop211","twitter_misc":{"Est. reading time":"2 minutes"},"schema":{"@context":"https:\/\/schema.org","@graph":[{"@type":"WebPage","@id":"https:\/\/www.sunnyshop211.com\/produit\/plantes-miniature-1-6-1-4-barbie-pullip-bjd-minifee-msd\/","url":"https:\/\/www.sunnyshop211.com\/produit\/plantes-miniature-1-6-1-4-barbie-pullip-bjd-minifee-msd\/","name":"Miniature plants 1\/6 1\/4 Barbie, Pullip, BJD, Minifee, MSD -","isPartOf":{"@id":"https:\/\/www.sunnyshop211.com\/#website"},"primaryImageOfPage":{"@id":"https:\/\/www.sunnyshop211.com\/produit\/plantes-miniature-1-6-1-4-barbie-pullip-bjd-minifee-msd\/#primaryimage"},"image":{"@id":"https:\/\/www.sunnyshop211.com\/produit\/plantes-miniature-1-6-1-4-barbie-pullip-bjd-minifee-msd\/#primaryimage"},"thumbnailUrl":"https:\/\/www.sunnyshop211.com\/wp-content\/uploads\/2022\/05\/telecharger-7.png","datePublished":"2022-05-06T16:26:49+00:00","dateModified":"2026-03-20T10:04:18+00:00","description":"1\/6 1\/4 miniature plants for Barbie, Blythe, Pullip, BJD, Minifee, MSD dolls. Ideal for decorating dioramas and staging.","breadcrumb":{"@id":"https:\/\/www.sunnyshop211.com\/produit\/plantes-miniature-1-6-1-4-barbie-pullip-bjd-minifee-msd\/#breadcrumb"},"inLanguage":"en-US","potentialAction":[{"@type":"ReadAction","target":["https:\/\/www.sunnyshop211.com\/produit\/plantes-miniature-1-6-1-4-barbie-pullip-bjd-minifee-msd\/"]}]},{"@type":"ImageObject","inLanguage":"en-US","@id":"https:\/\/www.sunnyshop211.com\/produit\/plantes-miniature-1-6-1-4-barbie-pullip-bjd-minifee-msd\/#primaryimage","url":"https:\/\/www.sunnyshop211.com\/wp-content\/uploads\/2022\/05\/telecharger-7.png","contentUrl":"https:\/\/www.sunnyshop211.com\/wp-content\/uploads\/2022\/05\/telecharger-7.png","width":351,"height":540,"caption":"Plantes miniature 1\/6 1\/4"},{"@type":"BreadcrumbList","@id":"https:\/\/www.sunnyshop211.com\/produit\/plantes-miniature-1-6-1-4-barbie-pullip-bjd-minifee-msd\/#breadcrumb","itemListElement":[{"@type":"ListItem","position":1,"name":"Accueil","item":"https:\/\/www.sunnyshop211.com\/"},{"@type":"ListItem","position":2,"name":"Boutique","item":"https:\/\/www.sunnyshop211.com\/boutique-miniature-bjd-dolls\/"},{"@type":"ListItem","position":3,"name":"Plantes miniature 1\/6 1\/4 Barbie, Pullip, BJD, Minifee, MSD"}]},{"@type":"WebSite","@id":"https:\/\/www.sunnyshop211.com\/#website","url":"https:\/\/www.sunnyshop211.com\/","name":"Sale of dioramas, furniture, miniatures, bjd dolls 1\/12 1\/8 1\/6 1\/4 1\/3","description":"Sunnyshop211 - Your miniature world for dolls and BJDs, dioramas and custom-made furniture!","publisher":{"@id":"https:\/\/www.sunnyshop211.com\/#organization"},"alternateName":"sunnyshop211","potentialAction":[{"@type":"SearchAction","target":{"@type":"EntryPoint","urlTemplate":"https:\/\/www.sunnyshop211.com\/?s={search_term_string}"},"query-input":{"@type":"PropertyValueSpecification","valueRequired":true,"valueName":"search_term_string"}}],"inLanguage":"en-US"},{"@type":"Organization","@id":"https:\/\/www.sunnyshop211.com\/#organization","name":"sunnyshop211","alternateName":"sunnyshop211 diorama bjd meuble miniature","url":"https:\/\/www.sunnyshop211.com\/","logo":{"@type":"ImageObject","inLanguage":"en-US","@id":"https:\/\/www.sunnyshop211.com\/#\/schema\/logo\/image\/","url":"https:\/\/www.sunnyshop211.com\/wp-content\/uploads\/2022\/08\/cropped-cropped-cropped-Sunnyshop211-1.png","contentUrl":"https:\/\/www.sunnyshop211.com\/wp-content\/uploads\/2022\/08\/cropped-cropped-cropped-Sunnyshop211-1.png","width":339,"height":339,"caption":"sunnyshop211"},"image":{"@id":"https:\/\/www.sunnyshop211.com\/#\/schema\/logo\/image\/"},"sameAs":["https:\/\/www.facebook.com\/sunnyshop211\/?ref=bookmarks","https:\/\/x.com\/sunnyshop211","https:\/\/www.instagram.com\/sunnyshop211\/","https:\/\/www.tumblr.com\/blog\/sunnyshop211","https:\/\/www.youtube.com\/channel\/UCtYY18OGGDKrTSzgcf7fCBg","https:\/\/www.tiktok.com\/@sunnydollshop211?is_from_webapp=1&sender_device=pc"]}]}},"jetpack_publicize_connections":[],"jetpack_sharing_enabled":true,"_links":{"self":[{"href":"https:\/\/www.sunnyshop211.com\/en\/wp-json\/wp\/v2\/product\/22982","targetHints":{"allow":["GET"]}}],"collection":[{"href":"https:\/\/www.sunnyshop211.com\/en\/wp-json\/wp\/v2\/product"}],"about":[{"href":"https:\/\/www.sunnyshop211.com\/en\/wp-json\/wp\/v2\/types\/product"}],"replies":[{"embeddable":true,"href":"https:\/\/www.sunnyshop211.com\/en\/wp-json\/wp\/v2\/comments?post=22982"}],"version-history":[{"count":9,"href":"https:\/\/www.sunnyshop211.com\/en\/wp-json\/wp\/v2\/product\/22982\/revisions"}],"predecessor-version":[{"id":53890,"href":"https:\/\/www.sunnyshop211.com\/en\/wp-json\/wp\/v2\/product\/22982\/revisions\/53890"}],"wp:featuredmedia":[{"embeddable":true,"href":"https:\/\/www.sunnyshop211.com\/en\/wp-json\/wp\/v2\/media\/22966"}],"wp:attachment":[{"href":"https:\/\/www.sunnyshop211.com\/en\/wp-json\/wp\/v2\/media?parent=22982"}],"wp:term":[{"taxonomy":"product_brand","embeddable":true,"href":"https:\/\/www.sunnyshop211.com\/en\/wp-json\/wp\/v2\/product_brand?post=22982"},{"taxonomy":"product_cat","embeddable":true,"href":"https:\/\/www.sunnyshop211.com\/en\/wp-json\/wp\/v2\/product_cat?post=22982"},{"taxonomy":"product_tag","embeddable":true,"href":"https:\/\/www.sunnyshop211.com\/en\/wp-json\/wp\/v2\/product_tag?post=22982"}],"curies":[{"name":"wp","href":"https:\/\/api.w.org\/{rel}","templated":true}]}}