{"id":22466,"date":"2022-03-17T10:06:02","date_gmt":"2022-03-17T09:06:02","guid":{"rendered":"https:\/\/sunnyshop211.com\/?post_type=product&#038;p=22466"},"modified":"2026-01-03T13:56:27","modified_gmt":"2026-01-03T12:56:27","slug":"set-de-gel-douche-miniature-et-shampoing-1-6-1-4-1-3","status":"publish","type":"product","link":"https:\/\/www.sunnyshop211.com\/en\/product\/set-de-gel-douche-miniature-et-shampoing-1-6-1-4-1-3\/","title":{"rendered":"Miniature shower gel and shampoo set 1\/6 1\/4 1\/3"},"content":{"rendered":"<p>&nbsp;<\/p>\n<div id='gallery-1' class='gallery galleryid-22466 gallery-columns-3 gallery-size-thumbnail'><figure class='gallery-item'>\n\t\t\t<div class='gallery-icon landscape'>\n\t\t\t\t<a href='https:\/\/www.sunnyshop211.com\/en\/?attachment_id=22229'><img decoding=\"async\" width=\"150\" height=\"150\" src=\"https:\/\/www.sunnyshop211.com\/wp-content\/uploads\/2022\/03\/salledebainnalabain281129-scaled-150x150.jpg\" class=\"attachment-thumbnail size-thumbnail\" alt=\"\" srcset=\"https:\/\/www.sunnyshop211.com\/wp-content\/uploads\/2022\/03\/salledebainnalabain281129-scaled-150x150.jpg 150w, https:\/\/www.sunnyshop211.com\/wp-content\/uploads\/2022\/03\/salledebainnalabain281129-scaled-500x500.jpg 500w, https:\/\/www.sunnyshop211.com\/wp-content\/uploads\/2022\/03\/salledebainnalabain281129-100x100.jpg 100w, https:\/\/www.sunnyshop211.com\/wp-content\/uploads\/2022\/03\/salledebainnalabain281129-300x300.jpg 300w\" sizes=\"(max-width: 150px) 100vw, 150px\" \/><\/a>\n\t\t\t<\/div><\/figure><figure class='gallery-item'>\n\t\t\t<div class='gallery-icon portrait'>\n\t\t\t\t<a href='https:\/\/www.sunnyshop211.com\/en\/?attachment_id=22218'><img decoding=\"async\" width=\"150\" height=\"150\" src=\"https:\/\/www.sunnyshop211.com\/wp-content\/uploads\/2022\/03\/salledebainnalabain282429-150x150.jpg\" class=\"attachment-thumbnail size-thumbnail\" alt=\"\" srcset=\"https:\/\/www.sunnyshop211.com\/wp-content\/uploads\/2022\/03\/salledebainnalabain282429-150x150.jpg 150w, https:\/\/www.sunnyshop211.com\/wp-content\/uploads\/2022\/03\/salledebainnalabain282429-scaled-500x500.jpg 500w, https:\/\/www.sunnyshop211.com\/wp-content\/uploads\/2022\/03\/salledebainnalabain282429-100x100.jpg 100w, https:\/\/www.sunnyshop211.com\/wp-content\/uploads\/2022\/03\/salledebainnalabain282429-300x300.jpg 300w\" sizes=\"(max-width: 150px) 100vw, 150px\" \/><\/a>\n\t\t\t<\/div><\/figure>\n\t\t<\/div>\n\n<h2 data-start=\"153\" data-end=\"214\"><strong data-start=\"153\" data-end=\"214\">Miniature shower gel &amp; shampoo set - 1\/6 - 1\/4 - 1\/3<\/strong><\/h2>\n<p data-start=\"216\" data-end=\"236\">\u2500\u2500\u2500\u2500\u2500\u2500\u2500\u2500\u2500\u2500\u2500\u2500\u2500\u2500\u2500\u2500\u2500\u2500\u2500\u2500<\/p>\n<p data-start=\"238\" data-end=\"255\">\u2728 <strong data-start=\"240\" data-end=\"255\">Description<\/strong><\/p>\n<p data-start=\"257\" data-end=\"397\">This miniature shower gel and shampoo set is ideal for accessorizing your dolls and enriching your dioramas and everyday scenes.<\/p>\n<p data-start=\"399\" data-end=\"516\">It adds a neat, realistic touch to your miniature worlds, perfect for bathrooms and living rooms.<\/p>\n<p data-start=\"518\" data-end=\"627\">\u2714 Fictitious items.<br data-start=\"537\" data-end=\"540\" \/>\u2714 Non-functional decorative accessories.<br data-start=\"582\" data-end=\"585\" \/>\u2714 The price indicated corresponds to <strong data-start=\"616\" data-end=\"626\">a set<\/strong>.<\/p>\n<p data-start=\"629\" data-end=\"649\">\u2500\u2500\u2500\u2500\u2500\u2500\u2500\u2500\u2500\u2500\u2500\u2500\u2500\u2500\u2500\u2500\u2500\u2500\u2500\u2500<\/p>\n<p data-start=\"651\" data-end=\"676\">\ud83d\udce6 <strong data-start=\"654\" data-end=\"676\">Set composition<\/strong><\/p>\n<p data-start=\"678\" data-end=\"725\">The miniature shower gel set includes :<\/p>\n<p data-start=\"727\" data-end=\"841\">\u2022 <strong data-start=\"729\" data-end=\"756\">A miniature shower gel<\/strong>, customized as shown.<br data-start=\"783\" data-end=\"786\" \/>\u2022 <strong data-start=\"788\" data-end=\"814\">A miniature shampoo<\/strong>, customized as shown.<\/p>\n<p data-start=\"843\" data-end=\"863\">\u2500\u2500\u2500\u2500\u2500\u2500\u2500\u2500\u2500\u2500\u2500\u2500\u2500\u2500\u2500\u2500\u2500\u2500\u2500\u2500<\/p>\n<p data-start=\"865\" data-end=\"891\">\ud83d\udccf <strong data-start=\"868\" data-end=\"891\">Available sizes<\/strong><\/p>\n<p data-start=\"893\" data-end=\"947\">This set is available in <strong data-start=\"918\" data-end=\"935\">three sizes<\/strong>, your choice :<\/p>\n<p data-start=\"949\" data-end=\"982\">\u2022 <strong data-start=\"951\" data-end=\"958\">1\/6<\/strong><br data-start=\"958\" data-end=\"961\" \/>\u2022 <strong data-start=\"963\" data-end=\"970\">1\/4<\/strong><br data-start=\"970\" data-end=\"973\" \/>\u2022 <strong data-start=\"975\" data-end=\"982\">1\/3<\/strong><\/p>\n<p data-start=\"984\" data-end=\"1004\">\u2500\u2500\u2500\u2500\u2500\u2500\u2500\u2500\u2500\u2500\u2500\u2500\u2500\u2500\u2500\u2500\u2500\u2500\u2500\u2500<\/p>\n<p data-start=\"1006\" data-end=\"1026\">\ud83e\uddf8 <strong data-start=\"1009\" data-end=\"1026\">Compatibility<\/strong><\/p>\n<p data-start=\"1028\" data-end=\"1065\">Compatible with the following dolls:<\/p>\n<p data-start=\"1067\" data-end=\"1247\">\u2022 <strong data-start=\"1069\" data-end=\"1076\">1\/6<\/strong> Barbie, Pullip, Blythe, Poppy Parker or dolls of equivalent size.<br data-start=\"1147\" data-end=\"1150\" \/>\u2022 <strong data-start=\"1152\" data-end=\"1159\">1\/4<\/strong> MSD, Minifee, Unoa or similar.<br data-start=\"1195\" data-end=\"1198\" \/>\u2022 <strong data-start=\"1200\" data-end=\"1207\">1\/3<\/strong> SD, Feeple, Smart Doll or equivalent.<\/p>\n<p data-start=\"1249\" data-end=\"1397\">Compatible with miniature furniture and accessories sold separately in sunnyshop211.<br data-start=\"1351\" data-end=\"1354\" \/>Ideal for staging and dioramas.<\/p>\n<p data-start=\"1399\" data-end=\"1419\">\u2500\u2500\u2500\u2500\u2500\u2500\u2500\u2500\u2500\u2500\u2500\u2500\u2500\u2500\u2500\u2500\u2500\u2500\u2500\u2500<\/p>\n<p data-start=\"1421\" data-end=\"1448\">\ud83c\udfa8 <strong data-start=\"1424\" data-end=\"1448\">Available colors<\/strong><\/p>\n<p data-start=\"1450\" data-end=\"1511\">You choose the <strong data-start=\"1469\" data-end=\"1480\">color<\/strong> and the <strong data-start=\"1487\" data-end=\"1497\">size<\/strong> of your set.<\/p>\n<p data-start=\"1513\" data-end=\"1581\">Several models are available in different combinations.<\/p>\n<p data-start=\"1583\" data-end=\"1603\">\u2500\u2500\u2500\u2500\u2500\u2500\u2500\u2500\u2500\u2500\u2500\u2500\u2500\u2500\u2500\u2500\u2500\u2500\u2500\u2500<\/p>\n<h3 data-start=\"1605\" data-end=\"1635\">\ud83d\udd90\ufe0f <strong data-start=\"1609\" data-end=\"1635\">Handcrafted products<\/strong><\/h3>\n<p data-start=\"1637\" data-end=\"1682\">Each set is handcrafted.<\/p>\n<p data-start=\"1684\" data-end=\"1850\">Because of its handmade character:<br data-start=\"1718\" data-end=\"1721\" \/>- slight variations in shape or color may occur,<br data-start=\"1787\" data-end=\"1790\" \/>- some material-related imperfections are possible.<\/p>\n<p data-start=\"1852\" data-end=\"1872\">\u2500\u2500\u2500\u2500\u2500\u2500\u2500\u2500\u2500\u2500\u2500\u2500\u2500\u2500\u2500\u2500\u2500\u2500\u2500\u2500<\/p>\n<p data-start=\"1874\" data-end=\"1905\">\ud83d\udce6 <strong data-start=\"1877\" data-end=\"1905\">Important information<\/strong><\/p>\n<p data-start=\"1907\" data-end=\"2187\">- Made to order.<br data-start=\"1938\" data-end=\"1941\" \/>- Please allow for manufacturing and delivery times (see General Sales Conditions).<br data-start=\"2044\" data-end=\"2047\" \/>- Other accessories shown in the photos are sold separately in the store.<br data-start=\"2136\" data-end=\"2139\" \/>- The photos are examples of staging.<\/p>\n<p data-start=\"2189\" data-end=\"2276\">More photos available on Instagram :<br data-start=\"2231\" data-end=\"2234\" \/>\ud83d\udc49 <a class=\"decorated-link\" href=\"https:\/\/www.instagram.com\/sunnyshop211\/\" target=\"_new\" rel=\"noopener\" data-start=\"2237\" data-end=\"2276\">https:\/\/www.instagram.com\/sunnyshop211\/<\/a><\/p>\n<p data-start=\"2278\" data-end=\"2298\">\u2500\u2500\u2500\u2500\u2500\u2500\u2500\u2500\u2500\u2500\u2500\u2500\u2500\u2500\u2500\u2500\u2500\u2500\u2500\u2500<\/p>\n<p data-start=\"2300\" data-end=\"2323\">\u26a0\ufe0f <strong data-start=\"2303\" data-end=\"2323\">Terms of use<\/strong><\/p>\n<p data-start=\"2325\" data-end=\"2465\">!!!! This is not a toy, this article is intended for adults.<br data-start=\"2396\" data-end=\"2399\" \/>I am not responsible for any damage in transit.<\/p>\n<p>&nbsp;<\/p>","protected":false},"excerpt":{"rendered":"<p>&nbsp; Set de gel douche &amp; shampoing miniature \u2013 1\/6 \u00b7 1\/4 \u00b7 1\/3 \u2500\u2500\u2500\u2500\u2500\u2500\u2500\u2500\u2500\u2500\u2500\u2500\u2500\u2500\u2500\u2500\u2500\u2500\u2500\u2500 \u2728 Description Ce set de gel douche et shampoing miniature est id\u00e9al pour accessoiriser vos dolls et enrichir vos dioramas et mises en sc\u00e8nes du quotidien. Il apporte une touche r\u00e9aliste et soign\u00e9e \u00e0 vos univers miniatures, parfait pour les [&hellip;]<\/p>\n","protected":false},"featured_media":22229,"comment_status":"open","ping_status":"closed","template":"","meta":{"_crdt_document":"","jetpack_post_was_ever_published":false,"jetpack_publicize_message":"","jetpack_publicize_feature_enabled":true,"jetpack_social_post_already_shared":true,"jetpack_social_options":{"image_generator_settings":{"template":"highway","default_image_id":0,"font":"","enabled":false},"version":2}},"product_brand":[],"product_cat":[667687060],"product_tag":[667681137,667685045,667685043,667681138,667681136,667681588,667685049,667681364,667681363,667682262,667685028,667685026,667685061,667685059,667685067,667685069,667685032,667685051,667683243,667682326,667681139,667682310,667685057,667681426,667685030,667685041,667681232,667681173,667681141,667681218,667681140,667682322,667681324,667685034,667685053,667684439,667685055,667682308],"class_list":{"0":"post-22466","1":"product","2":"type-product","3":"status-publish","4":"has-post-thumbnail","6":"product_cat-produits-de-bain","7":"product_tag-baby","8":"product_tag-beaute","9":"product_tag-beauty","10":"product_tag-bebe","11":"product_tag-bjd","12":"product_tag-brosse","13":"product_tag-brush","14":"product_tag-cat","15":"product_tag-chat","16":"product_tag-cigne-bascule","17":"product_tag-cream","18":"product_tag-creme","19":"product_tag-curling-iron","20":"product_tag-fer-a-boucler","21":"product_tag-fleur-de-douche","22":"product_tag-flower-shower","23":"product_tag-gommage","24":"product_tag-hair-dryer","25":"product_tag-headband","26":"product_tag-lapin","27":"product_tag-lati-yellow","28":"product_tag-licorne","29":"product_tag-lisseur","30":"product_tag-littlefee","31":"product_tag-mask","32":"product_tag-masque","33":"product_tag-miniature","34":"product_tag-minifee","35":"product_tag-nappy-choo","36":"product_tag-portique","37":"product_tag-pukifee","38":"product_tag-rabbit","39":"product_tag-rocking-chair","40":"product_tag-scrub","41":"product_tag-seche-cheveux","42":"product_tag-sere-tete","43":"product_tag-straightener","44":"product_tag-unicorn","45":"product_shipping_class-lettre-suivie-3","46":"pa_couleur-blanc","47":"pa_couleur-blank","48":"pa_couleur-noir","49":"pa_couleur-noir-et-blanc-black-white","51":"first","52":"instock","53":"taxable","54":"shipping-taxable","55":"purchasable","56":"product-type-variable"},"yoast_head":"<!-- This site is optimized with the Yoast SEO plugin v27.4 - https:\/\/yoast.com\/product\/yoast-seo-wordpress\/ -->\n<title>Set de gel douche miniature et shampoing 1\/6 1\/4 1\/3 -<\/title>\n<meta name=\"description\" content=\"Set de gel douche et shampoing miniature \/Shower gel and shampoo set Barbie, Poppy Parker, minifee, MSD, SD, smart Doll, feeple. Id\u00e9al pour les dolls.\" \/>\n<meta name=\"robots\" content=\"index, follow, max-snippet:-1, max-image-preview:large, max-video-preview:-1\" \/>\n<link rel=\"canonical\" href=\"https:\/\/www.sunnyshop211.com\/en\/product\/set-de-gel-douche-miniature-et-shampoing-1-6-1-4-1-3\/\" \/>\n<meta property=\"og:locale\" content=\"en_US\" \/>\n<meta property=\"og:type\" content=\"article\" \/>\n<meta property=\"og:title\" content=\"Set de gel douche miniature et shampoing 1\/6 1\/4 1\/3 -\" \/>\n<meta property=\"og:description\" content=\"Set de gel douche et shampoing miniature \/Shower gel and shampoo set Barbie, Poppy Parker, minifee, MSD, SD, smart Doll, feeple. Id\u00e9al pour les dolls.\" \/>\n<meta property=\"og:url\" content=\"https:\/\/www.sunnyshop211.com\/en\/product\/set-de-gel-douche-miniature-et-shampoing-1-6-1-4-1-3\/\" \/>\n<meta property=\"og:site_name\" content=\"Sunnyshop211 -Vente de dioramas, meubles, miniatures , bjd poup\u00e9es 1\/12 1\/8 1\/6 1\/4 1\/3\" \/>\n<meta property=\"article:publisher\" content=\"https:\/\/www.facebook.com\/sunnyshop211\/?ref=bookmarks\" \/>\n<meta property=\"article:modified_time\" content=\"2026-01-03T12:56:27+00:00\" \/>\n<meta property=\"og:image\" content=\"https:\/\/www.sunnyshop211.com\/wp-content\/uploads\/2022\/03\/salledebainnalabain281129-scaled.jpg\" \/>\n\t<meta property=\"og:image:width\" content=\"2560\" \/>\n\t<meta property=\"og:image:height\" content=\"1707\" \/>\n\t<meta property=\"og:image:type\" content=\"image\/jpeg\" \/>\n<meta name=\"twitter:card\" content=\"summary_large_image\" \/>\n<meta name=\"twitter:site\" content=\"@sunnyshop211\" \/>\n<meta name=\"twitter:label1\" content=\"Est. reading time\" \/>\n\t<meta name=\"twitter:data1\" content=\"2 minutes\" \/>\n<script type=\"application\/ld+json\" class=\"yoast-schema-graph\">{\"@context\":\"https:\\\/\\\/schema.org\",\"@graph\":[{\"@type\":\"WebPage\",\"@id\":\"https:\\\/\\\/www.sunnyshop211.com\\\/produit\\\/set-de-gel-douche-miniature-et-shampoing-1-6-1-4-1-3\\\/\",\"url\":\"https:\\\/\\\/www.sunnyshop211.com\\\/produit\\\/set-de-gel-douche-miniature-et-shampoing-1-6-1-4-1-3\\\/\",\"name\":\"Set de gel douche miniature et shampoing 1\\\/6 1\\\/4 1\\\/3 -\",\"isPartOf\":{\"@id\":\"https:\\\/\\\/www.sunnyshop211.com\\\/#website\"},\"primaryImageOfPage\":{\"@id\":\"https:\\\/\\\/www.sunnyshop211.com\\\/produit\\\/set-de-gel-douche-miniature-et-shampoing-1-6-1-4-1-3\\\/#primaryimage\"},\"image\":{\"@id\":\"https:\\\/\\\/www.sunnyshop211.com\\\/produit\\\/set-de-gel-douche-miniature-et-shampoing-1-6-1-4-1-3\\\/#primaryimage\"},\"thumbnailUrl\":\"https:\\\/\\\/www.sunnyshop211.com\\\/wp-content\\\/uploads\\\/2022\\\/03\\\/salledebainnalabain281129-scaled.jpg\",\"datePublished\":\"2022-03-17T09:06:02+00:00\",\"dateModified\":\"2026-01-03T12:56:27+00:00\",\"description\":\"Set de gel douche et shampoing miniature \\\/Shower gel and shampoo set Barbie, Poppy Parker, minifee, MSD, SD, smart Doll, feeple. Id\u00e9al pour les dolls.\",\"breadcrumb\":{\"@id\":\"https:\\\/\\\/www.sunnyshop211.com\\\/produit\\\/set-de-gel-douche-miniature-et-shampoing-1-6-1-4-1-3\\\/#breadcrumb\"},\"inLanguage\":\"en-US\",\"potentialAction\":[{\"@type\":\"ReadAction\",\"target\":[\"https:\\\/\\\/www.sunnyshop211.com\\\/produit\\\/set-de-gel-douche-miniature-et-shampoing-1-6-1-4-1-3\\\/\"]}]},{\"@type\":\"ImageObject\",\"inLanguage\":\"en-US\",\"@id\":\"https:\\\/\\\/www.sunnyshop211.com\\\/produit\\\/set-de-gel-douche-miniature-et-shampoing-1-6-1-4-1-3\\\/#primaryimage\",\"url\":\"https:\\\/\\\/www.sunnyshop211.com\\\/wp-content\\\/uploads\\\/2022\\\/03\\\/salledebainnalabain281129-scaled.jpg\",\"contentUrl\":\"https:\\\/\\\/www.sunnyshop211.com\\\/wp-content\\\/uploads\\\/2022\\\/03\\\/salledebainnalabain281129-scaled.jpg\",\"width\":2560,\"height\":1707},{\"@type\":\"BreadcrumbList\",\"@id\":\"https:\\\/\\\/www.sunnyshop211.com\\\/produit\\\/set-de-gel-douche-miniature-et-shampoing-1-6-1-4-1-3\\\/#breadcrumb\",\"itemListElement\":[{\"@type\":\"ListItem\",\"position\":1,\"name\":\"Accueil\",\"item\":\"https:\\\/\\\/www.sunnyshop211.com\\\/\"},{\"@type\":\"ListItem\",\"position\":2,\"name\":\"Boutique\",\"item\":\"https:\\\/\\\/www.sunnyshop211.com\\\/boutique-miniature-bjd-dolls\\\/\"},{\"@type\":\"ListItem\",\"position\":3,\"name\":\"Set de gel douche miniature et shampoing 1\\\/6 1\\\/4 1\\\/3\"}]},{\"@type\":\"WebSite\",\"@id\":\"https:\\\/\\\/www.sunnyshop211.com\\\/#website\",\"url\":\"https:\\\/\\\/www.sunnyshop211.com\\\/\",\"name\":\"Vente de dioramas, meubles, miniatures , bjd poup\u00e9es 1\\\/12 1\\\/8 1\\\/6 1\\\/4 1\\\/3\",\"description\":\"Sunnyshop211 - Votre univers miniature pour poup\u00e9es et BJD, dioramas et meubles sur mesure !\",\"publisher\":{\"@id\":\"https:\\\/\\\/www.sunnyshop211.com\\\/#organization\"},\"alternateName\":\"sunnyshop211\",\"potentialAction\":[{\"@type\":\"SearchAction\",\"target\":{\"@type\":\"EntryPoint\",\"urlTemplate\":\"https:\\\/\\\/www.sunnyshop211.com\\\/?s={search_term_string}\"},\"query-input\":{\"@type\":\"PropertyValueSpecification\",\"valueRequired\":true,\"valueName\":\"search_term_string\"}}],\"inLanguage\":\"en-US\"},{\"@type\":\"Organization\",\"@id\":\"https:\\\/\\\/www.sunnyshop211.com\\\/#organization\",\"name\":\"sunnyshop211\",\"alternateName\":\"sunnyshop211 diorama bjd meuble miniature\",\"url\":\"https:\\\/\\\/www.sunnyshop211.com\\\/\",\"logo\":{\"@type\":\"ImageObject\",\"inLanguage\":\"en-US\",\"@id\":\"https:\\\/\\\/www.sunnyshop211.com\\\/#\\\/schema\\\/logo\\\/image\\\/\",\"url\":\"https:\\\/\\\/www.sunnyshop211.com\\\/wp-content\\\/uploads\\\/2022\\\/08\\\/cropped-cropped-cropped-Sunnyshop211-1.png\",\"contentUrl\":\"https:\\\/\\\/www.sunnyshop211.com\\\/wp-content\\\/uploads\\\/2022\\\/08\\\/cropped-cropped-cropped-Sunnyshop211-1.png\",\"width\":339,\"height\":339,\"caption\":\"sunnyshop211\"},\"image\":{\"@id\":\"https:\\\/\\\/www.sunnyshop211.com\\\/#\\\/schema\\\/logo\\\/image\\\/\"},\"sameAs\":[\"https:\\\/\\\/www.facebook.com\\\/sunnyshop211\\\/?ref=bookmarks\",\"https:\\\/\\\/x.com\\\/sunnyshop211\",\"https:\\\/\\\/www.instagram.com\\\/sunnyshop211\\\/\",\"https:\\\/\\\/www.tumblr.com\\\/blog\\\/sunnyshop211\",\"https:\\\/\\\/www.youtube.com\\\/channel\\\/UCtYY18OGGDKrTSzgcf7fCBg\",\"https:\\\/\\\/www.tiktok.com\\\/@sunnydollshop211?is_from_webapp=1&sender_device=pc\"]}]}<\/script>\n<!-- \/ Yoast SEO plugin. -->","yoast_head_json":{"title":"Miniature shower gel and shampoo set 1\/6 1\/4 1\/3 -","description":"Set de gel douche et shampoing miniature \/Shower gel and shampoo set Barbie, Poppy Parker, minifee, MSD, SD, smart Doll, feeple. Ideal for dolls.","robots":{"index":"index","follow":"follow","max-snippet":"max-snippet:-1","max-image-preview":"max-image-preview:large","max-video-preview":"max-video-preview:-1"},"canonical":"https:\/\/www.sunnyshop211.com\/en\/product\/set-de-gel-douche-miniature-et-shampoing-1-6-1-4-1-3\/","og_locale":"en_US","og_type":"article","og_title":"Set de gel douche miniature et shampoing 1\/6 1\/4 1\/3 -","og_description":"Set de gel douche et shampoing miniature \/Shower gel and shampoo set Barbie, Poppy Parker, minifee, MSD, SD, smart Doll, feeple. Id\u00e9al pour les dolls.","og_url":"https:\/\/www.sunnyshop211.com\/en\/product\/set-de-gel-douche-miniature-et-shampoing-1-6-1-4-1-3\/","og_site_name":"Sunnyshop211 -Vente de dioramas, meubles, miniatures , bjd poup\u00e9es 1\/12 1\/8 1\/6 1\/4 1\/3","article_publisher":"https:\/\/www.facebook.com\/sunnyshop211\/?ref=bookmarks","article_modified_time":"2026-01-03T12:56:27+00:00","og_image":[{"width":2560,"height":1707,"url":"https:\/\/www.sunnyshop211.com\/wp-content\/uploads\/2022\/03\/salledebainnalabain281129-scaled.jpg","type":"image\/jpeg"}],"twitter_card":"summary_large_image","twitter_site":"@sunnyshop211","twitter_misc":{"Est. reading time":"2 minutes"},"schema":{"@context":"https:\/\/schema.org","@graph":[{"@type":"WebPage","@id":"https:\/\/www.sunnyshop211.com\/produit\/set-de-gel-douche-miniature-et-shampoing-1-6-1-4-1-3\/","url":"https:\/\/www.sunnyshop211.com\/produit\/set-de-gel-douche-miniature-et-shampoing-1-6-1-4-1-3\/","name":"Miniature shower gel and shampoo set 1\/6 1\/4 1\/3 -","isPartOf":{"@id":"https:\/\/www.sunnyshop211.com\/#website"},"primaryImageOfPage":{"@id":"https:\/\/www.sunnyshop211.com\/produit\/set-de-gel-douche-miniature-et-shampoing-1-6-1-4-1-3\/#primaryimage"},"image":{"@id":"https:\/\/www.sunnyshop211.com\/produit\/set-de-gel-douche-miniature-et-shampoing-1-6-1-4-1-3\/#primaryimage"},"thumbnailUrl":"https:\/\/www.sunnyshop211.com\/wp-content\/uploads\/2022\/03\/salledebainnalabain281129-scaled.jpg","datePublished":"2022-03-17T09:06:02+00:00","dateModified":"2026-01-03T12:56:27+00:00","description":"Set de gel douche et shampoing miniature \/Shower gel and shampoo set Barbie, Poppy Parker, minifee, MSD, SD, smart Doll, feeple. Ideal for dolls.","breadcrumb":{"@id":"https:\/\/www.sunnyshop211.com\/produit\/set-de-gel-douche-miniature-et-shampoing-1-6-1-4-1-3\/#breadcrumb"},"inLanguage":"en-US","potentialAction":[{"@type":"ReadAction","target":["https:\/\/www.sunnyshop211.com\/produit\/set-de-gel-douche-miniature-et-shampoing-1-6-1-4-1-3\/"]}]},{"@type":"ImageObject","inLanguage":"en-US","@id":"https:\/\/www.sunnyshop211.com\/produit\/set-de-gel-douche-miniature-et-shampoing-1-6-1-4-1-3\/#primaryimage","url":"https:\/\/www.sunnyshop211.com\/wp-content\/uploads\/2022\/03\/salledebainnalabain281129-scaled.jpg","contentUrl":"https:\/\/www.sunnyshop211.com\/wp-content\/uploads\/2022\/03\/salledebainnalabain281129-scaled.jpg","width":2560,"height":1707},{"@type":"BreadcrumbList","@id":"https:\/\/www.sunnyshop211.com\/produit\/set-de-gel-douche-miniature-et-shampoing-1-6-1-4-1-3\/#breadcrumb","itemListElement":[{"@type":"ListItem","position":1,"name":"Accueil","item":"https:\/\/www.sunnyshop211.com\/"},{"@type":"ListItem","position":2,"name":"Boutique","item":"https:\/\/www.sunnyshop211.com\/boutique-miniature-bjd-dolls\/"},{"@type":"ListItem","position":3,"name":"Set de gel douche miniature et shampoing 1\/6 1\/4 1\/3"}]},{"@type":"WebSite","@id":"https:\/\/www.sunnyshop211.com\/#website","url":"https:\/\/www.sunnyshop211.com\/","name":"Sale of dioramas, furniture, miniatures, bjd dolls 1\/12 1\/8 1\/6 1\/4 1\/3","description":"Sunnyshop211 - Your miniature world for dolls and BJDs, dioramas and custom-made furniture!","publisher":{"@id":"https:\/\/www.sunnyshop211.com\/#organization"},"alternateName":"sunnyshop211","potentialAction":[{"@type":"SearchAction","target":{"@type":"EntryPoint","urlTemplate":"https:\/\/www.sunnyshop211.com\/?s={search_term_string}"},"query-input":{"@type":"PropertyValueSpecification","valueRequired":true,"valueName":"search_term_string"}}],"inLanguage":"en-US"},{"@type":"Organization","@id":"https:\/\/www.sunnyshop211.com\/#organization","name":"sunnyshop211","alternateName":"sunnyshop211 diorama bjd meuble miniature","url":"https:\/\/www.sunnyshop211.com\/","logo":{"@type":"ImageObject","inLanguage":"en-US","@id":"https:\/\/www.sunnyshop211.com\/#\/schema\/logo\/image\/","url":"https:\/\/www.sunnyshop211.com\/wp-content\/uploads\/2022\/08\/cropped-cropped-cropped-Sunnyshop211-1.png","contentUrl":"https:\/\/www.sunnyshop211.com\/wp-content\/uploads\/2022\/08\/cropped-cropped-cropped-Sunnyshop211-1.png","width":339,"height":339,"caption":"sunnyshop211"},"image":{"@id":"https:\/\/www.sunnyshop211.com\/#\/schema\/logo\/image\/"},"sameAs":["https:\/\/www.facebook.com\/sunnyshop211\/?ref=bookmarks","https:\/\/x.com\/sunnyshop211","https:\/\/www.instagram.com\/sunnyshop211\/","https:\/\/www.tumblr.com\/blog\/sunnyshop211","https:\/\/www.youtube.com\/channel\/UCtYY18OGGDKrTSzgcf7fCBg","https:\/\/www.tiktok.com\/@sunnydollshop211?is_from_webapp=1&sender_device=pc"]}]}},"jetpack_publicize_connections":[],"jetpack_sharing_enabled":true,"_links":{"self":[{"href":"https:\/\/www.sunnyshop211.com\/en\/wp-json\/wp\/v2\/product\/22466","targetHints":{"allow":["GET"]}}],"collection":[{"href":"https:\/\/www.sunnyshop211.com\/en\/wp-json\/wp\/v2\/product"}],"about":[{"href":"https:\/\/www.sunnyshop211.com\/en\/wp-json\/wp\/v2\/types\/product"}],"replies":[{"embeddable":true,"href":"https:\/\/www.sunnyshop211.com\/en\/wp-json\/wp\/v2\/comments?post=22466"}],"version-history":[{"count":9,"href":"https:\/\/www.sunnyshop211.com\/en\/wp-json\/wp\/v2\/product\/22466\/revisions"}],"predecessor-version":[{"id":53947,"href":"https:\/\/www.sunnyshop211.com\/en\/wp-json\/wp\/v2\/product\/22466\/revisions\/53947"}],"wp:featuredmedia":[{"embeddable":true,"href":"https:\/\/www.sunnyshop211.com\/en\/wp-json\/wp\/v2\/media\/22229"}],"wp:attachment":[{"href":"https:\/\/www.sunnyshop211.com\/en\/wp-json\/wp\/v2\/media?parent=22466"}],"wp:term":[{"taxonomy":"product_brand","embeddable":true,"href":"https:\/\/www.sunnyshop211.com\/en\/wp-json\/wp\/v2\/product_brand?post=22466"},{"taxonomy":"product_cat","embeddable":true,"href":"https:\/\/www.sunnyshop211.com\/en\/wp-json\/wp\/v2\/product_cat?post=22466"},{"taxonomy":"product_tag","embeddable":true,"href":"https:\/\/www.sunnyshop211.com\/en\/wp-json\/wp\/v2\/product_tag?post=22466"}],"curies":[{"name":"wp","href":"https:\/\/api.w.org\/{rel}","templated":true}]}}