{"id":22455,"date":"2022-03-17T09:45:40","date_gmt":"2022-03-17T08:45:40","guid":{"rendered":"https:\/\/sunnyshop211.com\/?post_type=product&#038;p=22455"},"modified":"2025-12-29T16:00:20","modified_gmt":"2025-12-29T15:00:20","slug":"lot-2-boites-fleur-miniature-bjd-minifee-msd-1-4-diorama","status":"publish","type":"product","link":"https:\/\/www.sunnyshop211.com\/en\/product\/lot-2-boites-fleur-miniature-bjd-minifee-msd-1-4-diorama\/","title":{"rendered":"Lot 2 boxes miniature flower bjd minifee, MSD 1\/4 diorama"},"content":{"rendered":"<p><img fetchpriority=\"high\" decoding=\"async\" class=\"alignnone size-medium wp-image-36631\" src=\"https:\/\/www.sunnyshop211.com\/wp-content\/uploads\/2023\/09\/34-326x500.jpg\" alt=\"Console miniature 1\/4\" width=\"326\" height=\"500\" srcset=\"https:\/\/www.sunnyshop211.com\/wp-content\/uploads\/2023\/09\/34-326x500.jpg 326w, https:\/\/www.sunnyshop211.com\/wp-content\/uploads\/2023\/09\/34-scaled-500x767.jpg 500w, https:\/\/www.sunnyshop211.com\/wp-content\/uploads\/2023\/09\/34-667x1024.jpg 667w, https:\/\/www.sunnyshop211.com\/wp-content\/uploads\/2023\/09\/34-768x1179.jpg 768w, https:\/\/www.sunnyshop211.com\/wp-content\/uploads\/2023\/09\/34-1001x1536.jpg 1001w, https:\/\/www.sunnyshop211.com\/wp-content\/uploads\/2023\/09\/34-1335x2048.jpg 1335w, https:\/\/www.sunnyshop211.com\/wp-content\/uploads\/2023\/09\/34-8x12.jpg 8w, https:\/\/www.sunnyshop211.com\/wp-content\/uploads\/2023\/09\/34-39x60.jpg 39w, https:\/\/www.sunnyshop211.com\/wp-content\/uploads\/2023\/09\/34-scaled.jpg 1668w\" sizes=\"(max-width: 326px) 100vw, 326px\" \/> <img decoding=\"async\" class=\"alignnone size-medium wp-image-36629\" src=\"https:\/\/www.sunnyshop211.com\/wp-content\/uploads\/2023\/09\/25-333x500.jpg\" alt=\"Console miniature 1\/4\" width=\"333\" height=\"500\" srcset=\"https:\/\/www.sunnyshop211.com\/wp-content\/uploads\/2023\/09\/25-333x500.jpg 333w, https:\/\/www.sunnyshop211.com\/wp-content\/uploads\/2023\/09\/25-scaled-500x750.jpg 500w, https:\/\/www.sunnyshop211.com\/wp-content\/uploads\/2023\/09\/25-683x1024.jpg 683w, https:\/\/www.sunnyshop211.com\/wp-content\/uploads\/2023\/09\/25-768x1152.jpg 768w, https:\/\/www.sunnyshop211.com\/wp-content\/uploads\/2023\/09\/25-1024x1536.jpg 1024w, https:\/\/www.sunnyshop211.com\/wp-content\/uploads\/2023\/09\/25-1365x2048.jpg 1365w, https:\/\/www.sunnyshop211.com\/wp-content\/uploads\/2023\/09\/25-8x12.jpg 8w, https:\/\/www.sunnyshop211.com\/wp-content\/uploads\/2023\/09\/25-40x60.jpg 40w, https:\/\/www.sunnyshop211.com\/wp-content\/uploads\/2023\/09\/25-scaled.jpg 1707w\" sizes=\"(max-width: 333px) 100vw, 333px\" \/><\/p>\n<p><img decoding=\"async\" class=\"alignnone wp-image-29382 size-medium\" src=\"https:\/\/www.sunnyshop211.com\/wp-content\/uploads\/2022\/12\/makeup2281029-333x500.jpg\" alt=\"Lot 2 boites fleur\" width=\"333\" height=\"500\" srcset=\"https:\/\/www.sunnyshop211.com\/wp-content\/uploads\/2022\/12\/makeup2281029-333x500.jpg 333w, https:\/\/www.sunnyshop211.com\/wp-content\/uploads\/2022\/12\/makeup2281029-scaled-500x750.jpg 500w, https:\/\/www.sunnyshop211.com\/wp-content\/uploads\/2022\/12\/makeup2281029-683x1024.jpg 683w, https:\/\/www.sunnyshop211.com\/wp-content\/uploads\/2022\/12\/makeup2281029-768x1152.jpg 768w, https:\/\/www.sunnyshop211.com\/wp-content\/uploads\/2022\/12\/makeup2281029-1024x1536.jpg 1024w, https:\/\/www.sunnyshop211.com\/wp-content\/uploads\/2022\/12\/makeup2281029-1365x2048.jpg 1365w, https:\/\/www.sunnyshop211.com\/wp-content\/uploads\/2022\/12\/makeup2281029-40x60.jpg 40w, https:\/\/www.sunnyshop211.com\/wp-content\/uploads\/2022\/12\/makeup2281029-scaled.jpg 1707w\" sizes=\"(max-width: 333px) 100vw, 333px\" \/> <img loading=\"lazy\" decoding=\"async\" class=\"alignnone wp-image-29381 size-medium\" src=\"https:\/\/www.sunnyshop211.com\/wp-content\/uploads\/2022\/12\/makeup228829-333x500.jpg\" alt=\"Lot 2 boites fleur\" width=\"333\" height=\"500\" srcset=\"https:\/\/www.sunnyshop211.com\/wp-content\/uploads\/2022\/12\/makeup228829-333x500.jpg 333w, https:\/\/www.sunnyshop211.com\/wp-content\/uploads\/2022\/12\/makeup228829-scaled-500x750.jpg 500w, https:\/\/www.sunnyshop211.com\/wp-content\/uploads\/2022\/12\/makeup228829-683x1024.jpg 683w, https:\/\/www.sunnyshop211.com\/wp-content\/uploads\/2022\/12\/makeup228829-768x1152.jpg 768w, https:\/\/www.sunnyshop211.com\/wp-content\/uploads\/2022\/12\/makeup228829-1024x1536.jpg 1024w, https:\/\/www.sunnyshop211.com\/wp-content\/uploads\/2022\/12\/makeup228829-1365x2048.jpg 1365w, https:\/\/www.sunnyshop211.com\/wp-content\/uploads\/2022\/12\/makeup228829-40x60.jpg 40w, https:\/\/www.sunnyshop211.com\/wp-content\/uploads\/2022\/12\/makeup228829-scaled.jpg 1707w\" sizes=\"(max-width: 333px) 100vw, 333px\" \/> <img loading=\"lazy\" decoding=\"async\" class=\"alignnone size-medium wp-image-29380\" src=\"https:\/\/www.sunnyshop211.com\/wp-content\/uploads\/2022\/12\/makeup228729-311x500.jpg\" alt=\"\" width=\"311\" height=\"500\" srcset=\"https:\/\/www.sunnyshop211.com\/wp-content\/uploads\/2022\/12\/makeup228729-311x500.jpg 311w, https:\/\/www.sunnyshop211.com\/wp-content\/uploads\/2022\/12\/makeup228729-scaled-500x804.jpg 500w, https:\/\/www.sunnyshop211.com\/wp-content\/uploads\/2022\/12\/makeup228729-637x1024.jpg 637w, https:\/\/www.sunnyshop211.com\/wp-content\/uploads\/2022\/12\/makeup228729-768x1235.jpg 768w, https:\/\/www.sunnyshop211.com\/wp-content\/uploads\/2022\/12\/makeup228729-955x1536.jpg 955w, https:\/\/www.sunnyshop211.com\/wp-content\/uploads\/2022\/12\/makeup228729-1274x2048.jpg 1274w, https:\/\/www.sunnyshop211.com\/wp-content\/uploads\/2022\/12\/makeup228729-37x60.jpg 37w, https:\/\/www.sunnyshop211.com\/wp-content\/uploads\/2022\/12\/makeup228729-scaled.jpg 1592w\" sizes=\"(max-width: 311px) 100vw, 311px\" \/><\/p>\n<h2 data-start=\"159\" data-end=\"222\">Set of 2 miniature flower boxes - 1\/4\" diorama accessory<\/h2>\n<h3 data-start=\"224\" data-end=\"241\">\u2728 Description<\/h3>\n<p data-start=\"243\" data-end=\"530\">This <strong data-start=\"246\" data-end=\"282\">set of 2 miniature flower boxes<\/strong> is perfect for <strong data-start=\"300\" data-end=\"349\">accessorize your dioramas and stagings<\/strong> at <strong data-start=\"353\" data-end=\"360\">1\/4<\/strong>.<br data-start=\"361\" data-end=\"364\" \/>Elegant and delicate, these boxes decorated with a <strong data-start=\"414\" data-end=\"449\">rose embossed on lid<\/strong> will add a touch of <strong data-start=\"473\" data-end=\"505\">romantic, chic or poetic<\/strong> to your miniature sets.<\/p>\n<hr data-start=\"532\" data-end=\"535\" \/>\n<h3 data-start=\"537\" data-end=\"567\">\ud83d\udccf Scale &amp; compatibility<\/h3>\n<p data-start=\"569\" data-end=\"607\">Compatible with dolls at <strong data-start=\"598\" data-end=\"605\">1\/4<\/strong> :<\/p>\n<p data-start=\"609\" data-end=\"676\">- MSD<br data-start=\"614\" data-end=\"617\" \/>- Minifee<br data-start=\"626\" data-end=\"629\" \/>- Unoa<br data-start=\"635\" data-end=\"638\" \/>- Other dolls of equivalent size<\/p>\n<hr data-start=\"678\" data-end=\"681\" \/>\n<h3 data-start=\"683\" data-end=\"704\">\ud83d\udce6 Batch contents<\/h3>\n<p data-start=\"706\" data-end=\"893\">\u2022 <strong data-start=\"708\" data-end=\"747\">Set of 2 miniature flower boxes<\/strong><br data-start=\"747\" data-end=\"750\" \/>- Each box is decorated with\u2019<strong data-start=\"779\" data-end=\"808\">a rose on the lid<\/strong><br data-start=\"808\" data-end=\"811\" \/>- Boxes <strong data-start=\"820\" data-end=\"837\">sold empty<\/strong><br data-start=\"837\" data-end=\"840\" \/>- Articles <strong data-start=\"851\" data-end=\"862\">fictitious<\/strong> (non-opening depending on model)<\/p>\n<p data-start=\"895\" data-end=\"946\">\ud83d\udc49 The price is indicated <strong data-start=\"918\" data-end=\"945\">for set of 2 boxes<\/strong>.<\/p>\n<hr data-start=\"948\" data-end=\"951\" \/>\n<h3 data-start=\"953\" data-end=\"976\">\ud83c\udfa8 Customization<\/h3>\n<p data-start=\"978\" data-end=\"1073\">\u2022 <strong data-start=\"980\" data-end=\"1010\">You choose the color<\/strong> boxes<br data-start=\"1021\" data-end=\"1024\" \/>- Meticulous finish, ideal for elegant decors<\/p>\n<p data-start=\"1075\" data-end=\"1165\">\ud83d\udca1 Perfect for: gift boxes, decorative boxes, romantic or feminine scenes.<\/p>\n<hr data-start=\"1167\" data-end=\"1170\" \/>\n<h3 data-start=\"1172\" data-end=\"1190\">\ud83c\udfe1 Use<\/h3>\n<p data-start=\"1192\" data-end=\"1336\">- Dioramas &amp; rooms box<br data-start=\"1214\" data-end=\"1217\" \/>- Decorations for bedrooms, living rooms, dressing tables<br data-start=\"1254\" data-end=\"1257\" \/>- Photo staging<br data-start=\"1280\" data-end=\"1283\" \/>- Chic, romantic, boudoir or princess atmospheres<\/p>\n<p data-start=\"1338\" data-end=\"1481\">\ud83d\udc49 Compatible with my furniture sold separately in the store.<br data-start=\"1404\" data-end=\"1407\" \/>\ud83d\udc49 Other decorations shown in the photos are sold separately.<\/p>\n<hr data-start=\"1483\" data-end=\"1486\" \/>\n<h3 data-start=\"1488\" data-end=\"1517\">\ud83e\uddf5 Handcrafted<\/h3>\n<p data-start=\"1519\" data-end=\"1574\">- Article <strong data-start=\"1529\" data-end=\"1547\">handmade<\/strong><br data-start=\"1547\" data-end=\"1550\" \/>- Made to order<\/p>\n<p data-start=\"1576\" data-end=\"1735\">Because of its artisanal character :<br data-start=\"1610\" data-end=\"1613\" \/>- slight variations may occur<br data-start=\"1655\" data-end=\"1658\" \/>- some minor imperfections are possible<br data-start=\"1705\" data-end=\"1708\" \/>- each piece is unique<\/p>\n<hr data-start=\"1737\" data-end=\"1740\" \/>\n<h3 data-start=\"1742\" data-end=\"1754\">\u23f3 Deadlines<\/h3>\n<p data-start=\"1756\" data-end=\"1896\">- Made to order<br data-start=\"1782\" data-end=\"1785\" \/>- Please note <strong data-start=\"1813\" data-end=\"1854\">manufacturing and delivery times<\/strong><br data-start=\"1854\" data-end=\"1857\" \/>\u27a1\ufe0f See <em data-start=\"1865\" data-end=\"1896\">Terms &amp; Conditions<\/em><\/p>\n<hr data-start=\"1898\" data-end=\"1901\" \/>\n<h3 data-start=\"1903\" data-end=\"1933\">\u2757 Important information<\/h3>\n<p data-start=\"1935\" data-end=\"2132\">\u2022 <strong data-start=\"1937\" data-end=\"1964\">This is not a toy<\/strong><br data-start=\"1964\" data-end=\"1967\" \/>- Article for a <strong data-start=\"1990\" data-end=\"2007\">adult audience<\/strong><br data-start=\"2007\" data-end=\"2010\" \/>- The photos are <strong data-start=\"2032\" data-end=\"2058\">decoration examples<\/strong><br data-start=\"2058\" data-end=\"2061\" \/>\u2022 <strong data-start=\"2063\" data-end=\"2132\">I am not responsible for any damage during transport<\/strong><\/p>\n<hr data-start=\"2134\" data-end=\"2137\" \/>\n<h3 data-start=\"2139\" data-end=\"2175\">\ud83d\udcf8 More photos &amp; inspiration<\/h3>\n<p data-start=\"2177\" data-end=\"2219\">\ud83d\udc49 <a class=\"decorated-link\" href=\"https:\/\/www.instagram.com\/sunnyshop211\/\" target=\"_new\" rel=\"noopener\" data-start=\"2180\" data-end=\"2219\">https:\/\/www.instagram.com\/sunnyshop211\/<\/a><\/p>\n<hr data-start=\"2221\" data-end=\"2224\" \/>\n<p data-start=\"2226\" data-end=\"2489\" data-is-last-node=\"\" data-is-only-node=\"\">\ud83c\udf38 <strong data-start=\"2229\" data-end=\"2309\">A delicate, refined accessory to enhance your miniature scenes at 1\/4.<\/strong><\/p>","protected":false},"excerpt":{"rendered":"<p>Lot de 2 bo\u00eetes fleur miniatures \u2013 Accessoire diorama 1\/4 \u2728 Description Ce lot de 2 bo\u00eetes fleur miniatures est parfait pour accessoiriser vos dioramas et mises en sc\u00e8nes au 1\/4.\u00c9l\u00e9gantes et d\u00e9licates, ces bo\u00eetes d\u00e9cor\u00e9es d\u2019une rose en relief sur le couvercle apporteront une touche romantique, chic ou po\u00e9tique \u00e0 vos d\u00e9cors miniatures. \ud83d\udccf [&hellip;]<\/p>\n","protected":false},"featured_media":29382,"comment_status":"open","ping_status":"closed","template":"","meta":{"_crdt_document":"","jetpack_post_was_ever_published":false,"jetpack_publicize_message":"","jetpack_publicize_feature_enabled":true,"jetpack_social_post_already_shared":true,"jetpack_social_options":{"image_generator_settings":{"template":"highway","default_image_id":0,"font":"","enabled":false},"version":2}},"product_brand":[],"product_cat":[667687010],"product_tag":[667684965,667685837,667684146,667681419,667681299,667682864,667682866,667681234,667684963,667681173,667681237,667682870,667684148,667685835,667684150,667682868,667684152],"class_list":{"0":"post-22455","1":"product","2":"type-product","3":"status-publish","4":"has-post-thumbnail","6":"product_cat-etageres-rangement-decoratif","7":"product_tag-boite-de-chocolat","8":"product_tag-boite-fleur-rose","9":"product_tag-breackfast","10":"product_tag-chocolat","11":"product_tag-coffee","12":"product_tag-cup","13":"product_tag-cup-of-tea","14":"product_tag-diorama","15":"product_tag-heart-box","16":"product_tag-minifee","17":"product_tag-msd","18":"product_tag-mug","19":"product_tag-petit-dejeuner","20":"product_tag-pink-flower-box","21":"product_tag-plateau","22":"product_tag-tasse","23":"product_tag-tray","24":"product_shipping_class-lettresuivie","25":"pa_couleur-noir","26":"pa_couleur-rose-pink","28":"first","29":"instock","30":"taxable","31":"shipping-taxable","32":"purchasable","33":"product-type-variable"},"yoast_head":"<!-- This site is optimized with the Yoast SEO plugin v27.4 - https:\/\/yoast.com\/product\/yoast-seo-wordpress\/ -->\n<title>Lot 2 boites fleur miniature bjd minifee, MSD 1\/4 diorama -<\/title>\n<meta name=\"description\" content=\"Lot de 2 boites fleur miniature bjd minifee, MSD 1\/4 diorama. Accessoire id\u00e9al pour vos minifee MSD ou autres de m\u00eame tailles\" \/>\n<meta name=\"robots\" content=\"index, follow, max-snippet:-1, max-image-preview:large, max-video-preview:-1\" \/>\n<link rel=\"canonical\" href=\"https:\/\/www.sunnyshop211.com\/en\/product\/lot-2-boites-fleur-miniature-bjd-minifee-msd-1-4-diorama\/\" \/>\n<meta property=\"og:locale\" content=\"en_US\" \/>\n<meta property=\"og:type\" content=\"article\" \/>\n<meta property=\"og:title\" content=\"Lot 2 boites fleur miniature bjd minifee, MSD 1\/4 diorama -\" \/>\n<meta property=\"og:description\" content=\"Lot de 2 boites fleur miniature bjd minifee, MSD 1\/4 diorama. Accessoire id\u00e9al pour vos minifee MSD ou autres de m\u00eame tailles\" \/>\n<meta property=\"og:url\" content=\"https:\/\/www.sunnyshop211.com\/en\/product\/lot-2-boites-fleur-miniature-bjd-minifee-msd-1-4-diorama\/\" \/>\n<meta property=\"og:site_name\" content=\"Sunnyshop211 -Vente de dioramas, meubles, miniatures , bjd poup\u00e9es 1\/12 1\/8 1\/6 1\/4 1\/3\" \/>\n<meta property=\"article:publisher\" content=\"https:\/\/www.facebook.com\/sunnyshop211\/?ref=bookmarks\" \/>\n<meta property=\"article:modified_time\" content=\"2025-12-29T15:00:20+00:00\" \/>\n<meta property=\"og:image\" content=\"https:\/\/www.sunnyshop211.com\/wp-content\/uploads\/2022\/12\/makeup2281029-scaled.jpg\" \/>\n\t<meta property=\"og:image:width\" content=\"1707\" \/>\n\t<meta property=\"og:image:height\" content=\"2560\" \/>\n\t<meta property=\"og:image:type\" content=\"image\/jpeg\" \/>\n<meta name=\"twitter:card\" content=\"summary_large_image\" \/>\n<meta name=\"twitter:site\" content=\"@sunnyshop211\" \/>\n<meta name=\"twitter:label1\" content=\"Est. reading time\" \/>\n\t<meta name=\"twitter:data1\" content=\"3 minutes\" \/>\n<script type=\"application\/ld+json\" class=\"yoast-schema-graph\">{\"@context\":\"https:\\\/\\\/schema.org\",\"@graph\":[{\"@type\":\"WebPage\",\"@id\":\"https:\\\/\\\/www.sunnyshop211.com\\\/produit\\\/lot-2-boites-fleur-miniature-bjd-minifee-msd-1-4-diorama\\\/\",\"url\":\"https:\\\/\\\/www.sunnyshop211.com\\\/produit\\\/lot-2-boites-fleur-miniature-bjd-minifee-msd-1-4-diorama\\\/\",\"name\":\"Lot 2 boites fleur miniature bjd minifee, MSD 1\\\/4 diorama -\",\"isPartOf\":{\"@id\":\"https:\\\/\\\/www.sunnyshop211.com\\\/#website\"},\"primaryImageOfPage\":{\"@id\":\"https:\\\/\\\/www.sunnyshop211.com\\\/produit\\\/lot-2-boites-fleur-miniature-bjd-minifee-msd-1-4-diorama\\\/#primaryimage\"},\"image\":{\"@id\":\"https:\\\/\\\/www.sunnyshop211.com\\\/produit\\\/lot-2-boites-fleur-miniature-bjd-minifee-msd-1-4-diorama\\\/#primaryimage\"},\"thumbnailUrl\":\"https:\\\/\\\/www.sunnyshop211.com\\\/wp-content\\\/uploads\\\/2022\\\/12\\\/makeup2281029-scaled.jpg\",\"datePublished\":\"2022-03-17T08:45:40+00:00\",\"dateModified\":\"2025-12-29T15:00:20+00:00\",\"description\":\"Lot de 2 boites fleur miniature bjd minifee, MSD 1\\\/4 diorama. Accessoire id\u00e9al pour vos minifee MSD ou autres de m\u00eame tailles\",\"breadcrumb\":{\"@id\":\"https:\\\/\\\/www.sunnyshop211.com\\\/produit\\\/lot-2-boites-fleur-miniature-bjd-minifee-msd-1-4-diorama\\\/#breadcrumb\"},\"inLanguage\":\"en-US\",\"potentialAction\":[{\"@type\":\"ReadAction\",\"target\":[\"https:\\\/\\\/www.sunnyshop211.com\\\/produit\\\/lot-2-boites-fleur-miniature-bjd-minifee-msd-1-4-diorama\\\/\"]}]},{\"@type\":\"ImageObject\",\"inLanguage\":\"en-US\",\"@id\":\"https:\\\/\\\/www.sunnyshop211.com\\\/produit\\\/lot-2-boites-fleur-miniature-bjd-minifee-msd-1-4-diorama\\\/#primaryimage\",\"url\":\"https:\\\/\\\/www.sunnyshop211.com\\\/wp-content\\\/uploads\\\/2022\\\/12\\\/makeup2281029-scaled.jpg\",\"contentUrl\":\"https:\\\/\\\/www.sunnyshop211.com\\\/wp-content\\\/uploads\\\/2022\\\/12\\\/makeup2281029-scaled.jpg\",\"width\":1707,\"height\":2560},{\"@type\":\"BreadcrumbList\",\"@id\":\"https:\\\/\\\/www.sunnyshop211.com\\\/produit\\\/lot-2-boites-fleur-miniature-bjd-minifee-msd-1-4-diorama\\\/#breadcrumb\",\"itemListElement\":[{\"@type\":\"ListItem\",\"position\":1,\"name\":\"Accueil\",\"item\":\"https:\\\/\\\/www.sunnyshop211.com\\\/\"},{\"@type\":\"ListItem\",\"position\":2,\"name\":\"Boutique\",\"item\":\"https:\\\/\\\/www.sunnyshop211.com\\\/boutique-miniature-bjd-dolls\\\/\"},{\"@type\":\"ListItem\",\"position\":3,\"name\":\"Lot 2 boites fleur miniature bjd minifee, MSD 1\\\/4 diorama\"}]},{\"@type\":\"WebSite\",\"@id\":\"https:\\\/\\\/www.sunnyshop211.com\\\/#website\",\"url\":\"https:\\\/\\\/www.sunnyshop211.com\\\/\",\"name\":\"Vente de dioramas, meubles, miniatures , bjd poup\u00e9es 1\\\/12 1\\\/8 1\\\/6 1\\\/4 1\\\/3\",\"description\":\"Sunnyshop211 - Votre univers miniature pour poup\u00e9es et BJD, dioramas et meubles sur mesure !\",\"publisher\":{\"@id\":\"https:\\\/\\\/www.sunnyshop211.com\\\/#organization\"},\"alternateName\":\"sunnyshop211\",\"potentialAction\":[{\"@type\":\"SearchAction\",\"target\":{\"@type\":\"EntryPoint\",\"urlTemplate\":\"https:\\\/\\\/www.sunnyshop211.com\\\/?s={search_term_string}\"},\"query-input\":{\"@type\":\"PropertyValueSpecification\",\"valueRequired\":true,\"valueName\":\"search_term_string\"}}],\"inLanguage\":\"en-US\"},{\"@type\":\"Organization\",\"@id\":\"https:\\\/\\\/www.sunnyshop211.com\\\/#organization\",\"name\":\"sunnyshop211\",\"alternateName\":\"sunnyshop211 diorama bjd meuble miniature\",\"url\":\"https:\\\/\\\/www.sunnyshop211.com\\\/\",\"logo\":{\"@type\":\"ImageObject\",\"inLanguage\":\"en-US\",\"@id\":\"https:\\\/\\\/www.sunnyshop211.com\\\/#\\\/schema\\\/logo\\\/image\\\/\",\"url\":\"https:\\\/\\\/www.sunnyshop211.com\\\/wp-content\\\/uploads\\\/2022\\\/08\\\/cropped-cropped-cropped-Sunnyshop211-1.png\",\"contentUrl\":\"https:\\\/\\\/www.sunnyshop211.com\\\/wp-content\\\/uploads\\\/2022\\\/08\\\/cropped-cropped-cropped-Sunnyshop211-1.png\",\"width\":339,\"height\":339,\"caption\":\"sunnyshop211\"},\"image\":{\"@id\":\"https:\\\/\\\/www.sunnyshop211.com\\\/#\\\/schema\\\/logo\\\/image\\\/\"},\"sameAs\":[\"https:\\\/\\\/www.facebook.com\\\/sunnyshop211\\\/?ref=bookmarks\",\"https:\\\/\\\/x.com\\\/sunnyshop211\",\"https:\\\/\\\/www.instagram.com\\\/sunnyshop211\\\/\",\"https:\\\/\\\/www.tumblr.com\\\/blog\\\/sunnyshop211\",\"https:\\\/\\\/www.youtube.com\\\/channel\\\/UCtYY18OGGDKrTSzgcf7fCBg\",\"https:\\\/\\\/www.tiktok.com\\\/@sunnydollshop211?is_from_webapp=1&sender_device=pc\"]}]}<\/script>\n<!-- \/ Yoast SEO plugin. -->","yoast_head_json":{"title":"Set of 2 miniature flower boxes bjd minifee, MSD 1\/4 diorama -","description":"Set of 2 miniature flower boxes bjd minifee, MSD 1\/4 diorama. Ideal accessory for your MSD minifee or others of the same size.","robots":{"index":"index","follow":"follow","max-snippet":"max-snippet:-1","max-image-preview":"max-image-preview:large","max-video-preview":"max-video-preview:-1"},"canonical":"https:\/\/www.sunnyshop211.com\/en\/product\/lot-2-boites-fleur-miniature-bjd-minifee-msd-1-4-diorama\/","og_locale":"en_US","og_type":"article","og_title":"Lot 2 boites fleur miniature bjd minifee, MSD 1\/4 diorama -","og_description":"Lot de 2 boites fleur miniature bjd minifee, MSD 1\/4 diorama. Accessoire id\u00e9al pour vos minifee MSD ou autres de m\u00eame tailles","og_url":"https:\/\/www.sunnyshop211.com\/en\/product\/lot-2-boites-fleur-miniature-bjd-minifee-msd-1-4-diorama\/","og_site_name":"Sunnyshop211 -Vente de dioramas, meubles, miniatures , bjd poup\u00e9es 1\/12 1\/8 1\/6 1\/4 1\/3","article_publisher":"https:\/\/www.facebook.com\/sunnyshop211\/?ref=bookmarks","article_modified_time":"2025-12-29T15:00:20+00:00","og_image":[{"width":1707,"height":2560,"url":"https:\/\/www.sunnyshop211.com\/wp-content\/uploads\/2022\/12\/makeup2281029-scaled.jpg","type":"image\/jpeg"}],"twitter_card":"summary_large_image","twitter_site":"@sunnyshop211","twitter_misc":{"Est. reading time":"3 minutes"},"schema":{"@context":"https:\/\/schema.org","@graph":[{"@type":"WebPage","@id":"https:\/\/www.sunnyshop211.com\/produit\/lot-2-boites-fleur-miniature-bjd-minifee-msd-1-4-diorama\/","url":"https:\/\/www.sunnyshop211.com\/produit\/lot-2-boites-fleur-miniature-bjd-minifee-msd-1-4-diorama\/","name":"Set of 2 miniature flower boxes bjd minifee, MSD 1\/4 diorama -","isPartOf":{"@id":"https:\/\/www.sunnyshop211.com\/#website"},"primaryImageOfPage":{"@id":"https:\/\/www.sunnyshop211.com\/produit\/lot-2-boites-fleur-miniature-bjd-minifee-msd-1-4-diorama\/#primaryimage"},"image":{"@id":"https:\/\/www.sunnyshop211.com\/produit\/lot-2-boites-fleur-miniature-bjd-minifee-msd-1-4-diorama\/#primaryimage"},"thumbnailUrl":"https:\/\/www.sunnyshop211.com\/wp-content\/uploads\/2022\/12\/makeup2281029-scaled.jpg","datePublished":"2022-03-17T08:45:40+00:00","dateModified":"2025-12-29T15:00:20+00:00","description":"Set of 2 miniature flower boxes bjd minifee, MSD 1\/4 diorama. Ideal accessory for your MSD minifee or others of the same size.","breadcrumb":{"@id":"https:\/\/www.sunnyshop211.com\/produit\/lot-2-boites-fleur-miniature-bjd-minifee-msd-1-4-diorama\/#breadcrumb"},"inLanguage":"en-US","potentialAction":[{"@type":"ReadAction","target":["https:\/\/www.sunnyshop211.com\/produit\/lot-2-boites-fleur-miniature-bjd-minifee-msd-1-4-diorama\/"]}]},{"@type":"ImageObject","inLanguage":"en-US","@id":"https:\/\/www.sunnyshop211.com\/produit\/lot-2-boites-fleur-miniature-bjd-minifee-msd-1-4-diorama\/#primaryimage","url":"https:\/\/www.sunnyshop211.com\/wp-content\/uploads\/2022\/12\/makeup2281029-scaled.jpg","contentUrl":"https:\/\/www.sunnyshop211.com\/wp-content\/uploads\/2022\/12\/makeup2281029-scaled.jpg","width":1707,"height":2560},{"@type":"BreadcrumbList","@id":"https:\/\/www.sunnyshop211.com\/produit\/lot-2-boites-fleur-miniature-bjd-minifee-msd-1-4-diorama\/#breadcrumb","itemListElement":[{"@type":"ListItem","position":1,"name":"Accueil","item":"https:\/\/www.sunnyshop211.com\/"},{"@type":"ListItem","position":2,"name":"Boutique","item":"https:\/\/www.sunnyshop211.com\/boutique-miniature-bjd-dolls\/"},{"@type":"ListItem","position":3,"name":"Lot 2 boites fleur miniature bjd minifee, MSD 1\/4 diorama"}]},{"@type":"WebSite","@id":"https:\/\/www.sunnyshop211.com\/#website","url":"https:\/\/www.sunnyshop211.com\/","name":"Sale of dioramas, furniture, miniatures, bjd dolls 1\/12 1\/8 1\/6 1\/4 1\/3","description":"Sunnyshop211 - Your miniature world for dolls and BJDs, dioramas and custom-made furniture!","publisher":{"@id":"https:\/\/www.sunnyshop211.com\/#organization"},"alternateName":"sunnyshop211","potentialAction":[{"@type":"SearchAction","target":{"@type":"EntryPoint","urlTemplate":"https:\/\/www.sunnyshop211.com\/?s={search_term_string}"},"query-input":{"@type":"PropertyValueSpecification","valueRequired":true,"valueName":"search_term_string"}}],"inLanguage":"en-US"},{"@type":"Organization","@id":"https:\/\/www.sunnyshop211.com\/#organization","name":"sunnyshop211","alternateName":"sunnyshop211 diorama bjd meuble miniature","url":"https:\/\/www.sunnyshop211.com\/","logo":{"@type":"ImageObject","inLanguage":"en-US","@id":"https:\/\/www.sunnyshop211.com\/#\/schema\/logo\/image\/","url":"https:\/\/www.sunnyshop211.com\/wp-content\/uploads\/2022\/08\/cropped-cropped-cropped-Sunnyshop211-1.png","contentUrl":"https:\/\/www.sunnyshop211.com\/wp-content\/uploads\/2022\/08\/cropped-cropped-cropped-Sunnyshop211-1.png","width":339,"height":339,"caption":"sunnyshop211"},"image":{"@id":"https:\/\/www.sunnyshop211.com\/#\/schema\/logo\/image\/"},"sameAs":["https:\/\/www.facebook.com\/sunnyshop211\/?ref=bookmarks","https:\/\/x.com\/sunnyshop211","https:\/\/www.instagram.com\/sunnyshop211\/","https:\/\/www.tumblr.com\/blog\/sunnyshop211","https:\/\/www.youtube.com\/channel\/UCtYY18OGGDKrTSzgcf7fCBg","https:\/\/www.tiktok.com\/@sunnydollshop211?is_from_webapp=1&sender_device=pc"]}]}},"jetpack_publicize_connections":[],"jetpack_sharing_enabled":true,"_links":{"self":[{"href":"https:\/\/www.sunnyshop211.com\/en\/wp-json\/wp\/v2\/product\/22455","targetHints":{"allow":["GET"]}}],"collection":[{"href":"https:\/\/www.sunnyshop211.com\/en\/wp-json\/wp\/v2\/product"}],"about":[{"href":"https:\/\/www.sunnyshop211.com\/en\/wp-json\/wp\/v2\/types\/product"}],"replies":[{"embeddable":true,"href":"https:\/\/www.sunnyshop211.com\/en\/wp-json\/wp\/v2\/comments?post=22455"}],"version-history":[{"count":16,"href":"https:\/\/www.sunnyshop211.com\/en\/wp-json\/wp\/v2\/product\/22455\/revisions"}],"predecessor-version":[{"id":53347,"href":"https:\/\/www.sunnyshop211.com\/en\/wp-json\/wp\/v2\/product\/22455\/revisions\/53347"}],"wp:featuredmedia":[{"embeddable":true,"href":"https:\/\/www.sunnyshop211.com\/en\/wp-json\/wp\/v2\/media\/29382"}],"wp:attachment":[{"href":"https:\/\/www.sunnyshop211.com\/en\/wp-json\/wp\/v2\/media?parent=22455"}],"wp:term":[{"taxonomy":"product_brand","embeddable":true,"href":"https:\/\/www.sunnyshop211.com\/en\/wp-json\/wp\/v2\/product_brand?post=22455"},{"taxonomy":"product_cat","embeddable":true,"href":"https:\/\/www.sunnyshop211.com\/en\/wp-json\/wp\/v2\/product_cat?post=22455"},{"taxonomy":"product_tag","embeddable":true,"href":"https:\/\/www.sunnyshop211.com\/en\/wp-json\/wp\/v2\/product_tag?post=22455"}],"curies":[{"name":"wp","href":"https:\/\/api.w.org\/{rel}","templated":true}]}}