{"id":2124,"date":"2019-01-08T15:32:30","date_gmt":"2019-01-08T14:32:30","guid":{"rendered":"https:\/\/sunnyshop211.com\/?post_type=product&#038;p=2124"},"modified":"2026-01-03T22:28:47","modified_gmt":"2026-01-03T21:28:47","slug":"commode-miniature-pukifee-lati-yellow-obitsu-11","status":"publish","type":"product","link":"https:\/\/www.sunnyshop211.com\/en\/product\/commode-miniature-pukifee-lati-yellow-obitsu-11\/","title":{"rendered":"Miniature chest - Pukifee, Lati Yellow, Obitsu 11"},"content":{"rendered":"<div id='gallery-1' class='gallery galleryid-2124 gallery-columns-3 gallery-size-thumbnail'><figure class='gallery-item'>\n\t\t\t<div class='gallery-icon landscape'>\n\t\t\t\t<a href='https:\/\/www.sunnyshop211.com\/en\/?attachment_id=43942'><img decoding=\"async\" width=\"150\" height=\"150\" src=\"https:\/\/www.sunnyshop211.com\/wp-content\/uploads\/2024\/12\/20-150x150.jpg\" class=\"attachment-thumbnail size-thumbnail\" alt=\"Commode miniature pukifee, lati yellow, obitsu 11\" srcset=\"https:\/\/www.sunnyshop211.com\/wp-content\/uploads\/2024\/12\/20-150x150.jpg 150w, https:\/\/www.sunnyshop211.com\/wp-content\/uploads\/2024\/12\/20-500x500.jpg 500w, https:\/\/www.sunnyshop211.com\/wp-content\/uploads\/2024\/12\/20-100x100.jpg 100w\" sizes=\"(max-width: 150px) 100vw, 150px\" \/><\/a>\n\t\t\t<\/div><\/figure><figure class='gallery-item'>\n\t\t\t<div class='gallery-icon landscape'>\n\t\t\t\t<a href='https:\/\/www.sunnyshop211.com\/en\/?attachment_id=43931'><img decoding=\"async\" width=\"150\" height=\"150\" src=\"https:\/\/www.sunnyshop211.com\/wp-content\/uploads\/2024\/12\/9-150x150.jpg\" class=\"attachment-thumbnail size-thumbnail\" alt=\"Commode miniature pukifee, lati yellow, obitsu 11\" srcset=\"https:\/\/www.sunnyshop211.com\/wp-content\/uploads\/2024\/12\/9-150x150.jpg 150w, https:\/\/www.sunnyshop211.com\/wp-content\/uploads\/2024\/12\/9-500x500.jpg 500w, https:\/\/www.sunnyshop211.com\/wp-content\/uploads\/2024\/12\/9-100x100.jpg 100w\" sizes=\"(max-width: 150px) 100vw, 150px\" \/><\/a>\n\t\t\t<\/div><\/figure><figure class='gallery-item'>\n\t\t\t<div class='gallery-icon landscape'>\n\t\t\t\t<a href='https:\/\/www.sunnyshop211.com\/en\/?attachment_id=43950'><img decoding=\"async\" width=\"150\" height=\"150\" src=\"https:\/\/www.sunnyshop211.com\/wp-content\/uploads\/2024\/12\/27-150x150.jpg\" class=\"attachment-thumbnail size-thumbnail\" alt=\"Diorama bjd, lati yellow, pukifee, stodoll, obitsu 11\" srcset=\"https:\/\/www.sunnyshop211.com\/wp-content\/uploads\/2024\/12\/27-150x150.jpg 150w, https:\/\/www.sunnyshop211.com\/wp-content\/uploads\/2024\/12\/27-500x500.jpg 500w, https:\/\/www.sunnyshop211.com\/wp-content\/uploads\/2024\/12\/27-100x100.jpg 100w\" sizes=\"(max-width: 150px) 100vw, 150px\" \/><\/a>\n\t\t\t<\/div><\/figure><figure class='gallery-item'>\n\t\t\t<div class='gallery-icon landscape'>\n\t\t\t\t<a href='https:\/\/www.sunnyshop211.com\/en\/?attachment_id=43878'><img loading=\"lazy\" decoding=\"async\" width=\"150\" height=\"150\" src=\"https:\/\/www.sunnyshop211.com\/wp-content\/uploads\/2024\/11\/6-5-150x150.jpg\" class=\"attachment-thumbnail size-thumbnail\" alt=\"\" srcset=\"https:\/\/www.sunnyshop211.com\/wp-content\/uploads\/2024\/11\/6-5-150x150.jpg 150w, https:\/\/www.sunnyshop211.com\/wp-content\/uploads\/2024\/11\/6-5-500x500.jpg 500w, https:\/\/www.sunnyshop211.com\/wp-content\/uploads\/2024\/11\/6-5-100x100.jpg 100w\" sizes=\"(max-width: 150px) 100vw, 150px\" \/><\/a>\n\t\t\t<\/div><\/figure><figure class='gallery-item'>\n\t\t\t<div class='gallery-icon landscape'>\n\t\t\t\t<a href='https:\/\/www.sunnyshop211.com\/en\/?attachment_id=43883'><img loading=\"lazy\" decoding=\"async\" width=\"150\" height=\"150\" src=\"https:\/\/www.sunnyshop211.com\/wp-content\/uploads\/2024\/11\/11-1-150x150.jpg\" class=\"attachment-thumbnail size-thumbnail\" alt=\"\" srcset=\"https:\/\/www.sunnyshop211.com\/wp-content\/uploads\/2024\/11\/11-1-150x150.jpg 150w, https:\/\/www.sunnyshop211.com\/wp-content\/uploads\/2024\/11\/11-1-500x500.jpg 500w, https:\/\/www.sunnyshop211.com\/wp-content\/uploads\/2024\/11\/11-1-100x100.jpg 100w\" sizes=\"(max-width: 150px) 100vw, 150px\" \/><\/a>\n\t\t\t<\/div><\/figure>\n\t\t<\/div>\n\n<h2 data-start=\"193\" data-end=\"280\"><strong data-start=\"197\" data-end=\"280\">Miniature chest of drawers - Pukifee, Lati Yellow, Obitsu 11 &amp; dolls of similar size<\/strong><\/h2>\n<p data-start=\"282\" data-end=\"417\">This miniature chest of drawers is ideal for completing your dioramas and creating realistic settings in your children's or home environments.<\/p>\n<hr data-start=\"419\" data-end=\"422\" \/>\n<p data-start=\"424\" data-end=\"448\">\u2728 <strong data-start=\"426\" data-end=\"448\">Product details<\/strong><\/p>\n<ul data-start=\"450\" data-end=\"592\">\n<li data-start=\"450\" data-end=\"489\">\n<p data-start=\"452\" data-end=\"489\">Type: decorative miniature chest of drawers<\/p>\n<\/li>\n<li data-start=\"490\" data-end=\"511\">\n<p data-start=\"492\" data-end=\"511\">Drawers : <strong data-start=\"502\" data-end=\"511\">fixed<\/strong><\/p>\n<\/li>\n<li data-start=\"512\" data-end=\"545\">\n<p data-start=\"514\" data-end=\"545\">Finish : <strong data-start=\"525\" data-end=\"545\">choice of color<\/strong><\/p>\n<\/li>\n<li data-start=\"546\" data-end=\"592\">\n<p data-start=\"548\" data-end=\"592\">Sold individually (doll and set not included)<\/p>\n<\/li>\n<\/ul>\n<hr data-start=\"594\" data-end=\"597\" \/>\n<p data-start=\"599\" data-end=\"616\">\ud83d\udccf <strong data-start=\"602\" data-end=\"616\">Dimensions<\/strong><\/p>\n<ul data-start=\"618\" data-end=\"675\">\n<li data-start=\"618\" data-end=\"675\">\n<p data-start=\"620\" data-end=\"675\"><strong data-start=\"620\" data-end=\"675\">8 cm (length) \u00d7 4 cm (width) \u00d7 9.5 cm (height)<\/strong><\/p>\n<\/li>\n<\/ul>\n<hr data-start=\"677\" data-end=\"680\" \/>\n<p data-start=\"682\" data-end=\"702\">\ud83e\uddf8 <strong data-start=\"685\" data-end=\"702\">Compatibility<\/strong><\/p>\n<p data-start=\"704\" data-end=\"754\">Suitable for small dolls, including :<\/p>\n<ul data-start=\"755\" data-end=\"868\">\n<li data-start=\"755\" data-end=\"766\">\n<p data-start=\"757\" data-end=\"766\">Pukifee<\/p>\n<\/li>\n<li data-start=\"767\" data-end=\"782\">\n<p data-start=\"769\" data-end=\"782\">Lati Yellow<\/p>\n<\/li>\n<li data-start=\"783\" data-end=\"796\">\n<p data-start=\"785\" data-end=\"796\">Obitsu 11<\/p>\n<\/li>\n<li data-start=\"797\" data-end=\"808\">\n<p data-start=\"799\" data-end=\"808\">Stodoll<\/p>\n<\/li>\n<li data-start=\"809\" data-end=\"823\">\n<p data-start=\"811\" data-end=\"823\">Nappy Choo<\/p>\n<\/li>\n<li data-start=\"824\" data-end=\"868\">\n<p data-start=\"826\" data-end=\"868\">and other dolls of equivalent dimensions<\/p>\n<\/li>\n<\/ul>\n<hr data-start=\"870\" data-end=\"873\" \/>\n<p data-start=\"875\" data-end=\"914\">\ud83c\udfa8 <strong data-start=\"878\" data-end=\"914\">Customization &amp; staging<\/strong><\/p>\n<ul data-start=\"916\" data-end=\"1124\">\n<li data-start=\"916\" data-end=\"956\">\n<p data-start=\"918\" data-end=\"956\">Choice of color to suit your needs<\/p>\n<\/li>\n<li data-start=\"957\" data-end=\"1018\">\n<p data-start=\"959\" data-end=\"1018\">Perfect for bedrooms, living rooms or miniature living scenes<\/p>\n<\/li>\n<li data-start=\"1019\" data-end=\"1085\">\n<p data-start=\"1021\" data-end=\"1085\">Compatible with furniture <strong data-start=\"1049\" data-end=\"1065\">sunnyshop211<\/strong> sold separately<\/p>\n<\/li>\n<li data-start=\"1086\" data-end=\"1124\">\n<p data-start=\"1088\" data-end=\"1124\">The choice is yours \u2728<\/p>\n<\/li>\n<\/ul>\n<hr data-start=\"1126\" data-end=\"1129\" \/>\n<p data-start=\"1131\" data-end=\"1161\">\ud83d\udee0\ufe0f <strong data-start=\"1135\" data-end=\"1161\">Handcrafted products<\/strong><\/p>\n<ul data-start=\"1163\" data-end=\"1331\">\n<li data-start=\"1163\" data-end=\"1188\">\n<p data-start=\"1165\" data-end=\"1188\">Made to order<\/p>\n<\/li>\n<li data-start=\"1189\" data-end=\"1331\">\n<p data-start=\"1191\" data-end=\"1331\">Slight variations in shape, color and imperfections may occur, reflecting the handcrafted nature of the creation.<\/p>\n<\/li>\n<\/ul>\n<hr data-start=\"1333\" data-end=\"1336\" \/>\n<p data-start=\"1338\" data-end=\"1369\">\ud83d\udce6 <strong data-start=\"1341\" data-end=\"1369\">Important information<\/strong><\/p>\n<ul data-start=\"1371\" data-end=\"1660\">\n<li data-start=\"1371\" data-end=\"1425\">\n<p data-start=\"1373\" data-end=\"1425\">Collector's item - <strong data-start=\"1397\" data-end=\"1425\">adult audience only<\/strong><\/p>\n<\/li>\n<li data-start=\"1426\" data-end=\"1455\">\n<p data-start=\"1428\" data-end=\"1455\"><strong data-start=\"1428\" data-end=\"1455\">This is not a toy<\/strong><\/p>\n<\/li>\n<li data-start=\"1456\" data-end=\"1536\">\n<p data-start=\"1458\" data-end=\"1536\">Please take into account the manufacturing and delivery times (see <a href=\"https:\/\/www.sunnyshop211.com\/en\/conditions-generales-de-ventes-et-delais-de-livraisons\/\"><strong data-start=\"1528\" data-end=\"1535\">GTC<\/strong><\/a>)<\/p>\n<\/li>\n<li data-start=\"1537\" data-end=\"1584\">\n<p data-start=\"1539\" data-end=\"1584\">The photos are examples of staging<\/p>\n<\/li>\n<li data-start=\"1585\" data-end=\"1660\">\n<p data-start=\"1587\" data-end=\"1660\">Other visible decorations are sold separately in the store.<\/p>\n<\/li>\n<\/ul>\n<hr data-start=\"1662\" data-end=\"1665\" \/>\n<p data-start=\"1667\" data-end=\"1683\">\ud83d\ude9a <strong data-start=\"1670\" data-end=\"1683\">Transport<\/strong><\/p>\n<p data-start=\"1685\" data-end=\"1751\">I am not responsible for any damage in transit.<\/p>\n<hr data-start=\"1753\" data-end=\"1756\" \/>\n<p data-start=\"1758\" data-end=\"1840\">\ud83d\udcf8 <strong data-start=\"1761\" data-end=\"1795\">More photos and inspiration<\/strong><br data-start=\"1795\" data-end=\"1798\" \/>\ud83d\udc49 <a class=\"decorated-link\" href=\"https:\/\/www.instagram.com\/sunnyshop211\/\" target=\"_new\" rel=\"noopener\" data-start=\"1801\" data-end=\"1840\">https:\/\/www.instagram.com\/sunnyshop211\/<\/a><\/p>","protected":false},"excerpt":{"rendered":"<p>Commode miniature \u2013 Pukifee, Lati Yellow, Obitsu 11 &amp; dolls de taille similaire Cette commode miniature est id\u00e9ale pour compl\u00e9ter vos dioramas et cr\u00e9er des mises en sc\u00e8ne r\u00e9alistes dans vos univers enfant ou maison. \u2728 D\u00e9tails du produit Type : commode miniature d\u00e9corative Tiroirs : fixes Finition : couleur au choix Vendu \u00e0 l\u2019unit\u00e9 [&hellip;]<\/p>\n","protected":false},"featured_media":43942,"comment_status":"open","ping_status":"closed","template":"","meta":{"_crdt_document":"","jetpack_post_was_ever_published":false,"jetpack_publicize_message":"","jetpack_publicize_feature_enabled":true,"jetpack_social_post_already_shared":true,"jetpack_social_options":{"image_generator_settings":{"template":"highway","default_image_id":0,"font":"","enabled":false},"version":2}},"product_brand":[],"product_cat":[667687085,667686988],"product_tag":[667681137,667681138,667681145,667681143,667681341,667681136,667681142,667681433,667681411,667681409,667681234,667681226,667681233,667681241,667681139,667681144,667681426,667681261,667681232,667681141,667681177,667681140],"class_list":{"0":"post-2124","1":"product","2":"type-product","3":"status-publish","4":"has-post-thumbnail","6":"product_cat-chambre-meubles-miniature-1-8","7":"product_cat-meubles-lati-white-obitsu-11-stodoll","8":"product_tag-baby","9":"product_tag-bebe","10":"product_tag-bed","11":"product_tag-bedroom","12":"product_tag-bid","13":"product_tag-bjd","14":"product_tag-chambre","15":"product_tag-chest","16":"product_tag-chest-of-drawers","17":"product_tag-commode","18":"product_tag-diorama","19":"product_tag-doll","20":"product_tag-dollhouse","21":"product_tag-iplehouse","22":"product_tag-lati-yellow","23":"product_tag-lit","24":"product_tag-littlefee","25":"product_tag-meuble","26":"product_tag-miniature","27":"product_tag-nappy-choo","28":"product_tag-poupee","29":"product_tag-pukifee","30":"product_shipping_class-colissimo-5","31":"pa_couleur-beige","32":"pa_couleur-blanc","33":"pa_couleur-bleu","34":"pa_couleur-non-peint","35":"pa_couleur-rose","36":"pa_couleur-shabby-blanc","37":"pa_couleur-vert","38":"pa_couleur-violet","40":"first","41":"instock","42":"taxable","43":"shipping-taxable","44":"purchasable","45":"product-type-variable"},"yoast_head":"<!-- This site is optimized with the Yoast SEO plugin v27.4 - https:\/\/yoast.com\/product\/yoast-seo-wordpress\/ -->\n<title>Commode miniature \u2013 Pukifee, Lati Yellow, Obitsu 11 -<\/title>\n<meta name=\"description\" content=\"Commode miniature \u2013 Pukifee, Lati Yellow, Obitsu 11 .Id\u00e9al pour vos mises en sc\u00e8nes. pour l les pukifee, lati yellow, nappy choo, obitsu 11, stodoll.\" \/>\n<meta name=\"robots\" content=\"index, follow, max-snippet:-1, max-image-preview:large, max-video-preview:-1\" \/>\n<link rel=\"canonical\" href=\"https:\/\/www.sunnyshop211.com\/en\/product\/commode-miniature-pukifee-lati-yellow-obitsu-11\/\" \/>\n<meta property=\"og:locale\" content=\"en_US\" \/>\n<meta property=\"og:type\" content=\"article\" \/>\n<meta property=\"og:title\" content=\"Commode miniature \u2013 Pukifee, Lati Yellow, Obitsu 11 -\" \/>\n<meta property=\"og:description\" content=\"Commode miniature \u2013 Pukifee, Lati Yellow, Obitsu 11 .Id\u00e9al pour vos mises en sc\u00e8nes. pour l les pukifee, lati yellow, nappy choo, obitsu 11, stodoll.\" \/>\n<meta property=\"og:url\" content=\"https:\/\/www.sunnyshop211.com\/en\/product\/commode-miniature-pukifee-lati-yellow-obitsu-11\/\" \/>\n<meta property=\"og:site_name\" content=\"Sunnyshop211 -Vente de dioramas, meubles, miniatures , bjd poup\u00e9es 1\/12 1\/8 1\/6 1\/4 1\/3\" \/>\n<meta property=\"article:publisher\" content=\"https:\/\/www.facebook.com\/sunnyshop211\/?ref=bookmarks\" \/>\n<meta property=\"article:modified_time\" content=\"2026-01-03T21:28:47+00:00\" \/>\n<meta property=\"og:image\" content=\"https:\/\/www.sunnyshop211.com\/wp-content\/uploads\/2024\/12\/20-scaled.jpg\" \/>\n\t<meta property=\"og:image:width\" content=\"2560\" \/>\n\t<meta property=\"og:image:height\" content=\"1707\" \/>\n\t<meta property=\"og:image:type\" content=\"image\/jpeg\" \/>\n<meta name=\"twitter:card\" content=\"summary_large_image\" \/>\n<meta name=\"twitter:site\" content=\"@sunnyshop211\" \/>\n<meta name=\"twitter:label1\" content=\"Est. reading time\" \/>\n\t<meta name=\"twitter:data1\" content=\"2 minutes\" \/>\n<script type=\"application\/ld+json\" class=\"yoast-schema-graph\">{\"@context\":\"https:\\\/\\\/schema.org\",\"@graph\":[{\"@type\":\"WebPage\",\"@id\":\"https:\\\/\\\/www.sunnyshop211.com\\\/produit\\\/commode-miniature-pukifee-lati-yellow-obitsu-11\\\/\",\"url\":\"https:\\\/\\\/www.sunnyshop211.com\\\/produit\\\/commode-miniature-pukifee-lati-yellow-obitsu-11\\\/\",\"name\":\"Commode miniature \u2013 Pukifee, Lati Yellow, Obitsu 11 -\",\"isPartOf\":{\"@id\":\"https:\\\/\\\/www.sunnyshop211.com\\\/#website\"},\"primaryImageOfPage\":{\"@id\":\"https:\\\/\\\/www.sunnyshop211.com\\\/produit\\\/commode-miniature-pukifee-lati-yellow-obitsu-11\\\/#primaryimage\"},\"image\":{\"@id\":\"https:\\\/\\\/www.sunnyshop211.com\\\/produit\\\/commode-miniature-pukifee-lati-yellow-obitsu-11\\\/#primaryimage\"},\"thumbnailUrl\":\"https:\\\/\\\/www.sunnyshop211.com\\\/wp-content\\\/uploads\\\/2024\\\/12\\\/20-scaled.jpg\",\"datePublished\":\"2019-01-08T14:32:30+00:00\",\"dateModified\":\"2026-01-03T21:28:47+00:00\",\"description\":\"Commode miniature \u2013 Pukifee, Lati Yellow, Obitsu 11 .Id\u00e9al pour vos mises en sc\u00e8nes. pour l les pukifee, lati yellow, nappy choo, obitsu 11, stodoll.\",\"breadcrumb\":{\"@id\":\"https:\\\/\\\/www.sunnyshop211.com\\\/produit\\\/commode-miniature-pukifee-lati-yellow-obitsu-11\\\/#breadcrumb\"},\"inLanguage\":\"en-US\",\"potentialAction\":[{\"@type\":\"ReadAction\",\"target\":[\"https:\\\/\\\/www.sunnyshop211.com\\\/produit\\\/commode-miniature-pukifee-lati-yellow-obitsu-11\\\/\"]}]},{\"@type\":\"ImageObject\",\"inLanguage\":\"en-US\",\"@id\":\"https:\\\/\\\/www.sunnyshop211.com\\\/produit\\\/commode-miniature-pukifee-lati-yellow-obitsu-11\\\/#primaryimage\",\"url\":\"https:\\\/\\\/www.sunnyshop211.com\\\/wp-content\\\/uploads\\\/2024\\\/12\\\/20-scaled.jpg\",\"contentUrl\":\"https:\\\/\\\/www.sunnyshop211.com\\\/wp-content\\\/uploads\\\/2024\\\/12\\\/20-scaled.jpg\",\"width\":2560,\"height\":1707,\"caption\":\"Commode miniature pukifee, lati yellow, obitsu 11\"},{\"@type\":\"BreadcrumbList\",\"@id\":\"https:\\\/\\\/www.sunnyshop211.com\\\/produit\\\/commode-miniature-pukifee-lati-yellow-obitsu-11\\\/#breadcrumb\",\"itemListElement\":[{\"@type\":\"ListItem\",\"position\":1,\"name\":\"Accueil\",\"item\":\"https:\\\/\\\/www.sunnyshop211.com\\\/\"},{\"@type\":\"ListItem\",\"position\":2,\"name\":\"Boutique\",\"item\":\"https:\\\/\\\/www.sunnyshop211.com\\\/boutique-miniature-bjd-dolls\\\/\"},{\"@type\":\"ListItem\",\"position\":3,\"name\":\"Commode miniature \u2013 Pukifee, Lati Yellow, Obitsu 11\"}]},{\"@type\":\"WebSite\",\"@id\":\"https:\\\/\\\/www.sunnyshop211.com\\\/#website\",\"url\":\"https:\\\/\\\/www.sunnyshop211.com\\\/\",\"name\":\"Vente de dioramas, meubles, miniatures , bjd poup\u00e9es 1\\\/12 1\\\/8 1\\\/6 1\\\/4 1\\\/3\",\"description\":\"Sunnyshop211 - Votre univers miniature pour poup\u00e9es et BJD, dioramas et meubles sur mesure !\",\"publisher\":{\"@id\":\"https:\\\/\\\/www.sunnyshop211.com\\\/#organization\"},\"alternateName\":\"sunnyshop211\",\"potentialAction\":[{\"@type\":\"SearchAction\",\"target\":{\"@type\":\"EntryPoint\",\"urlTemplate\":\"https:\\\/\\\/www.sunnyshop211.com\\\/?s={search_term_string}\"},\"query-input\":{\"@type\":\"PropertyValueSpecification\",\"valueRequired\":true,\"valueName\":\"search_term_string\"}}],\"inLanguage\":\"en-US\"},{\"@type\":\"Organization\",\"@id\":\"https:\\\/\\\/www.sunnyshop211.com\\\/#organization\",\"name\":\"sunnyshop211\",\"alternateName\":\"sunnyshop211 diorama bjd meuble miniature\",\"url\":\"https:\\\/\\\/www.sunnyshop211.com\\\/\",\"logo\":{\"@type\":\"ImageObject\",\"inLanguage\":\"en-US\",\"@id\":\"https:\\\/\\\/www.sunnyshop211.com\\\/#\\\/schema\\\/logo\\\/image\\\/\",\"url\":\"https:\\\/\\\/www.sunnyshop211.com\\\/wp-content\\\/uploads\\\/2022\\\/08\\\/cropped-cropped-cropped-Sunnyshop211-1.png\",\"contentUrl\":\"https:\\\/\\\/www.sunnyshop211.com\\\/wp-content\\\/uploads\\\/2022\\\/08\\\/cropped-cropped-cropped-Sunnyshop211-1.png\",\"width\":339,\"height\":339,\"caption\":\"sunnyshop211\"},\"image\":{\"@id\":\"https:\\\/\\\/www.sunnyshop211.com\\\/#\\\/schema\\\/logo\\\/image\\\/\"},\"sameAs\":[\"https:\\\/\\\/www.facebook.com\\\/sunnyshop211\\\/?ref=bookmarks\",\"https:\\\/\\\/x.com\\\/sunnyshop211\",\"https:\\\/\\\/www.instagram.com\\\/sunnyshop211\\\/\",\"https:\\\/\\\/www.tumblr.com\\\/blog\\\/sunnyshop211\",\"https:\\\/\\\/www.youtube.com\\\/channel\\\/UCtYY18OGGDKrTSzgcf7fCBg\",\"https:\\\/\\\/www.tiktok.com\\\/@sunnydollshop211?is_from_webapp=1&sender_device=pc\"]}]}<\/script>\n<!-- \/ Yoast SEO plugin. -->","yoast_head_json":{"title":"Mini chest of drawers - Pukifee, Lati Yellow, Obitsu 11 -","description":"Miniature dresser - Pukifee, Lati Yellow, Obitsu 11 .ideal for staging. for pukifee, lati yellow, nappy choo, obitsu 11, stodoll.","robots":{"index":"index","follow":"follow","max-snippet":"max-snippet:-1","max-image-preview":"max-image-preview:large","max-video-preview":"max-video-preview:-1"},"canonical":"https:\/\/www.sunnyshop211.com\/en\/product\/commode-miniature-pukifee-lati-yellow-obitsu-11\/","og_locale":"en_US","og_type":"article","og_title":"Commode miniature \u2013 Pukifee, Lati Yellow, Obitsu 11 -","og_description":"Commode miniature \u2013 Pukifee, Lati Yellow, Obitsu 11 .Id\u00e9al pour vos mises en sc\u00e8nes. pour l les pukifee, lati yellow, nappy choo, obitsu 11, stodoll.","og_url":"https:\/\/www.sunnyshop211.com\/en\/product\/commode-miniature-pukifee-lati-yellow-obitsu-11\/","og_site_name":"Sunnyshop211 -Vente de dioramas, meubles, miniatures , bjd poup\u00e9es 1\/12 1\/8 1\/6 1\/4 1\/3","article_publisher":"https:\/\/www.facebook.com\/sunnyshop211\/?ref=bookmarks","article_modified_time":"2026-01-03T21:28:47+00:00","og_image":[{"width":2560,"height":1707,"url":"https:\/\/www.sunnyshop211.com\/wp-content\/uploads\/2024\/12\/20-scaled.jpg","type":"image\/jpeg"}],"twitter_card":"summary_large_image","twitter_site":"@sunnyshop211","twitter_misc":{"Est. reading time":"2 minutes"},"schema":{"@context":"https:\/\/schema.org","@graph":[{"@type":"WebPage","@id":"https:\/\/www.sunnyshop211.com\/produit\/commode-miniature-pukifee-lati-yellow-obitsu-11\/","url":"https:\/\/www.sunnyshop211.com\/produit\/commode-miniature-pukifee-lati-yellow-obitsu-11\/","name":"Mini chest of drawers - Pukifee, Lati Yellow, Obitsu 11 -","isPartOf":{"@id":"https:\/\/www.sunnyshop211.com\/#website"},"primaryImageOfPage":{"@id":"https:\/\/www.sunnyshop211.com\/produit\/commode-miniature-pukifee-lati-yellow-obitsu-11\/#primaryimage"},"image":{"@id":"https:\/\/www.sunnyshop211.com\/produit\/commode-miniature-pukifee-lati-yellow-obitsu-11\/#primaryimage"},"thumbnailUrl":"https:\/\/www.sunnyshop211.com\/wp-content\/uploads\/2024\/12\/20-scaled.jpg","datePublished":"2019-01-08T14:32:30+00:00","dateModified":"2026-01-03T21:28:47+00:00","description":"Miniature dresser - Pukifee, Lati Yellow, Obitsu 11 .ideal for staging. for pukifee, lati yellow, nappy choo, obitsu 11, stodoll.","breadcrumb":{"@id":"https:\/\/www.sunnyshop211.com\/produit\/commode-miniature-pukifee-lati-yellow-obitsu-11\/#breadcrumb"},"inLanguage":"en-US","potentialAction":[{"@type":"ReadAction","target":["https:\/\/www.sunnyshop211.com\/produit\/commode-miniature-pukifee-lati-yellow-obitsu-11\/"]}]},{"@type":"ImageObject","inLanguage":"en-US","@id":"https:\/\/www.sunnyshop211.com\/produit\/commode-miniature-pukifee-lati-yellow-obitsu-11\/#primaryimage","url":"https:\/\/www.sunnyshop211.com\/wp-content\/uploads\/2024\/12\/20-scaled.jpg","contentUrl":"https:\/\/www.sunnyshop211.com\/wp-content\/uploads\/2024\/12\/20-scaled.jpg","width":2560,"height":1707,"caption":"Commode miniature pukifee, lati yellow, obitsu 11"},{"@type":"BreadcrumbList","@id":"https:\/\/www.sunnyshop211.com\/produit\/commode-miniature-pukifee-lati-yellow-obitsu-11\/#breadcrumb","itemListElement":[{"@type":"ListItem","position":1,"name":"Accueil","item":"https:\/\/www.sunnyshop211.com\/"},{"@type":"ListItem","position":2,"name":"Boutique","item":"https:\/\/www.sunnyshop211.com\/boutique-miniature-bjd-dolls\/"},{"@type":"ListItem","position":3,"name":"Commode miniature \u2013 Pukifee, Lati Yellow, Obitsu 11"}]},{"@type":"WebSite","@id":"https:\/\/www.sunnyshop211.com\/#website","url":"https:\/\/www.sunnyshop211.com\/","name":"Sale of dioramas, furniture, miniatures, bjd dolls 1\/12 1\/8 1\/6 1\/4 1\/3","description":"Sunnyshop211 - Your miniature world for dolls and BJDs, dioramas and custom-made furniture!","publisher":{"@id":"https:\/\/www.sunnyshop211.com\/#organization"},"alternateName":"sunnyshop211","potentialAction":[{"@type":"SearchAction","target":{"@type":"EntryPoint","urlTemplate":"https:\/\/www.sunnyshop211.com\/?s={search_term_string}"},"query-input":{"@type":"PropertyValueSpecification","valueRequired":true,"valueName":"search_term_string"}}],"inLanguage":"en-US"},{"@type":"Organization","@id":"https:\/\/www.sunnyshop211.com\/#organization","name":"sunnyshop211","alternateName":"sunnyshop211 diorama bjd meuble miniature","url":"https:\/\/www.sunnyshop211.com\/","logo":{"@type":"ImageObject","inLanguage":"en-US","@id":"https:\/\/www.sunnyshop211.com\/#\/schema\/logo\/image\/","url":"https:\/\/www.sunnyshop211.com\/wp-content\/uploads\/2022\/08\/cropped-cropped-cropped-Sunnyshop211-1.png","contentUrl":"https:\/\/www.sunnyshop211.com\/wp-content\/uploads\/2022\/08\/cropped-cropped-cropped-Sunnyshop211-1.png","width":339,"height":339,"caption":"sunnyshop211"},"image":{"@id":"https:\/\/www.sunnyshop211.com\/#\/schema\/logo\/image\/"},"sameAs":["https:\/\/www.facebook.com\/sunnyshop211\/?ref=bookmarks","https:\/\/x.com\/sunnyshop211","https:\/\/www.instagram.com\/sunnyshop211\/","https:\/\/www.tumblr.com\/blog\/sunnyshop211","https:\/\/www.youtube.com\/channel\/UCtYY18OGGDKrTSzgcf7fCBg","https:\/\/www.tiktok.com\/@sunnydollshop211?is_from_webapp=1&sender_device=pc"]}]}},"jetpack_publicize_connections":[],"jetpack_sharing_enabled":true,"_links":{"self":[{"href":"https:\/\/www.sunnyshop211.com\/en\/wp-json\/wp\/v2\/product\/2124","targetHints":{"allow":["GET"]}}],"collection":[{"href":"https:\/\/www.sunnyshop211.com\/en\/wp-json\/wp\/v2\/product"}],"about":[{"href":"https:\/\/www.sunnyshop211.com\/en\/wp-json\/wp\/v2\/types\/product"}],"replies":[{"embeddable":true,"href":"https:\/\/www.sunnyshop211.com\/en\/wp-json\/wp\/v2\/comments?post=2124"}],"version-history":[{"count":9,"href":"https:\/\/www.sunnyshop211.com\/en\/wp-json\/wp\/v2\/product\/2124\/revisions"}],"predecessor-version":[{"id":52712,"href":"https:\/\/www.sunnyshop211.com\/en\/wp-json\/wp\/v2\/product\/2124\/revisions\/52712"}],"wp:featuredmedia":[{"embeddable":true,"href":"https:\/\/www.sunnyshop211.com\/en\/wp-json\/wp\/v2\/media\/43942"}],"wp:attachment":[{"href":"https:\/\/www.sunnyshop211.com\/en\/wp-json\/wp\/v2\/media?parent=2124"}],"wp:term":[{"taxonomy":"product_brand","embeddable":true,"href":"https:\/\/www.sunnyshop211.com\/en\/wp-json\/wp\/v2\/product_brand?post=2124"},{"taxonomy":"product_cat","embeddable":true,"href":"https:\/\/www.sunnyshop211.com\/en\/wp-json\/wp\/v2\/product_cat?post=2124"},{"taxonomy":"product_tag","embeddable":true,"href":"https:\/\/www.sunnyshop211.com\/en\/wp-json\/wp\/v2\/product_tag?post=2124"}],"curies":[{"name":"wp","href":"https:\/\/api.w.org\/{rel}","templated":true}]}}