{"id":2070,"date":"2019-01-08T15:11:07","date_gmt":"2019-01-08T14:11:07","guid":{"rendered":"https:\/\/sunnyshop211.com\/?post_type=product&#038;p=2070"},"modified":"2026-01-03T22:31:57","modified_gmt":"2026-01-03T21:31:57","slug":"table-de-nuit-miniature-1-8-bjd-pukifee-lati-yellow","status":"publish","type":"product","link":"https:\/\/www.sunnyshop211.com\/en\/product\/table-de-nuit-miniature-1-8-bjd-pukifee-lati-yellow\/","title":{"rendered":"Miniature bedside table 1\/8 bjd pukifee, lati yellow"},"content":{"rendered":"<div id='gallery-1' class='gallery galleryid-2070 gallery-columns-3 gallery-size-thumbnail'><figure class='gallery-item'>\n\t\t\t<div class='gallery-icon landscape'>\n\t\t\t\t<a href='https:\/\/www.sunnyshop211.com\/en\/?attachment_id=10050'><img decoding=\"async\" width=\"150\" height=\"150\" src=\"https:\/\/www.sunnyshop211.com\/wp-content\/uploads\/2019\/10\/20191018_122156-150x150.jpg\" class=\"attachment-thumbnail size-thumbnail\" alt=\"Commode miniature pukifee, lati yellow, obitsu 11\" srcset=\"https:\/\/www.sunnyshop211.com\/wp-content\/uploads\/2019\/10\/20191018_122156-150x150.jpg 150w, https:\/\/www.sunnyshop211.com\/wp-content\/uploads\/2019\/10\/20191018_122156-500x500.jpg 500w, https:\/\/www.sunnyshop211.com\/wp-content\/uploads\/2019\/10\/20191018_122156-100x100.jpg 100w\" sizes=\"(max-width: 150px) 100vw, 150px\" \/><\/a>\n\t\t\t<\/div><\/figure><figure class='gallery-item'>\n\t\t\t<div class='gallery-icon landscape'>\n\t\t\t\t<a href='https:\/\/www.sunnyshop211.com\/en\/?attachment_id=10039'><img decoding=\"async\" width=\"150\" height=\"150\" src=\"https:\/\/www.sunnyshop211.com\/wp-content\/uploads\/2019\/10\/20191018_122141-150x150.jpg\" class=\"attachment-thumbnail size-thumbnail\" alt=\"Commode miniature 1\/8\" srcset=\"https:\/\/www.sunnyshop211.com\/wp-content\/uploads\/2019\/10\/20191018_122141-150x150.jpg 150w, https:\/\/www.sunnyshop211.com\/wp-content\/uploads\/2019\/10\/20191018_122141-500x500.jpg 500w, https:\/\/www.sunnyshop211.com\/wp-content\/uploads\/2019\/10\/20191018_122141-100x100.jpg 100w\" sizes=\"(max-width: 150px) 100vw, 150px\" \/><\/a>\n\t\t\t<\/div><\/figure><figure class='gallery-item'>\n\t\t\t<div class='gallery-icon landscape'>\n\t\t\t\t<a href='https:\/\/www.sunnyshop211.com\/en\/?attachment_id=10040'><img decoding=\"async\" width=\"150\" height=\"150\" src=\"https:\/\/www.sunnyshop211.com\/wp-content\/uploads\/2019\/10\/20191018_122120-scaled-150x150.jpg\" class=\"attachment-thumbnail size-thumbnail\" alt=\"Table de nuit miniature 1\/8\" srcset=\"https:\/\/www.sunnyshop211.com\/wp-content\/uploads\/2019\/10\/20191018_122120-scaled-150x150.jpg 150w, https:\/\/www.sunnyshop211.com\/wp-content\/uploads\/2019\/10\/20191018_122120-scaled-500x500.jpg 500w, https:\/\/www.sunnyshop211.com\/wp-content\/uploads\/2019\/10\/20191018_122120-100x100.jpg 100w\" sizes=\"(max-width: 150px) 100vw, 150px\" \/><\/a>\n\t\t\t<\/div><\/figure><figure class='gallery-item'>\n\t\t\t<div class='gallery-icon landscape'>\n\t\t\t\t<a href='https:\/\/www.sunnyshop211.com\/en\/?attachment_id=10042'><img loading=\"lazy\" decoding=\"async\" width=\"150\" height=\"150\" src=\"https:\/\/www.sunnyshop211.com\/wp-content\/uploads\/2019\/10\/20191018_122112-150x150.jpg\" class=\"attachment-thumbnail size-thumbnail\" alt=\"Lit fleur miniature 1\/8\" srcset=\"https:\/\/www.sunnyshop211.com\/wp-content\/uploads\/2019\/10\/20191018_122112-150x150.jpg 150w, https:\/\/www.sunnyshop211.com\/wp-content\/uploads\/2019\/10\/20191018_122112-scaled-500x500.jpg 500w, https:\/\/www.sunnyshop211.com\/wp-content\/uploads\/2019\/10\/20191018_122112-100x100.jpg 100w\" sizes=\"(max-width: 150px) 100vw, 150px\" \/><\/a>\n\t\t\t<\/div><\/figure><figure class='gallery-item'>\n\t\t\t<div class='gallery-icon landscape'>\n\t\t\t\t<a href='https:\/\/www.sunnyshop211.com\/en\/?attachment_id=10034'><img loading=\"lazy\" decoding=\"async\" width=\"150\" height=\"150\" src=\"https:\/\/www.sunnyshop211.com\/wp-content\/uploads\/2019\/10\/20191018_122105-scaled-150x150.jpg\" class=\"attachment-thumbnail size-thumbnail\" alt=\"Table de nuit miniature 1\/8\" srcset=\"https:\/\/www.sunnyshop211.com\/wp-content\/uploads\/2019\/10\/20191018_122105-scaled-150x150.jpg 150w, https:\/\/www.sunnyshop211.com\/wp-content\/uploads\/2019\/10\/20191018_122105-scaled-500x500.jpg 500w, https:\/\/www.sunnyshop211.com\/wp-content\/uploads\/2019\/10\/20191018_122105-100x100.jpg 100w\" sizes=\"(max-width: 150px) 100vw, 150px\" \/><\/a>\n\t\t\t<\/div><\/figure><figure class='gallery-item'>\n\t\t\t<div class='gallery-icon landscape'>\n\t\t\t\t<a href='https:\/\/www.sunnyshop211.com\/en\/?attachment_id=10035'><img loading=\"lazy\" decoding=\"async\" width=\"150\" height=\"150\" src=\"https:\/\/www.sunnyshop211.com\/wp-content\/uploads\/2019\/10\/20191018_122058-150x150.jpg\" class=\"attachment-thumbnail size-thumbnail\" alt=\"Commode miniature 1\/8\" srcset=\"https:\/\/www.sunnyshop211.com\/wp-content\/uploads\/2019\/10\/20191018_122058-150x150.jpg 150w, https:\/\/www.sunnyshop211.com\/wp-content\/uploads\/2019\/10\/20191018_122058-scaled-500x500.jpg 500w, https:\/\/www.sunnyshop211.com\/wp-content\/uploads\/2019\/10\/20191018_122058-100x100.jpg 100w\" sizes=\"(max-width: 150px) 100vw, 150px\" \/><\/a>\n\t\t\t<\/div><\/figure>\n\t\t<\/div>\n\n<h2 data-start=\"121\" data-end=\"191\">Miniature bedside table 1\/8 - diorama - bjd - pukifee - lati yellow<\/h2>\n<p data-start=\"193\" data-end=\"213\">\u2500\u2500\u2500\u2500\u2500\u2500\u2500\u2500\u2500\u2500\u2500\u2500\u2500\u2500\u2500\u2500\u2500\u2500\u2500\u2500<\/p>\n<p data-start=\"215\" data-end=\"232\">\u2728 <strong data-start=\"217\" data-end=\"232\">Description<\/strong><\/p>\n<p data-start=\"234\" data-end=\"503\">This <strong data-start=\"240\" data-end=\"271\">miniature bedside table 1\/8<\/strong> is an essential piece of furniture to complement your <strong data-start=\"325\" data-end=\"348\">miniature rooms<\/strong> and enrich your <strong data-start=\"365\" data-end=\"377\">dioramas<\/strong> with realistic, harmonious details.<br data-start=\"419\" data-end=\"422\" \/>It can be easily integrated into any universe, from the simplest to the most enchanting.<\/p>\n<p data-start=\"505\" data-end=\"525\">\u2500\u2500\u2500\u2500\u2500\u2500\u2500\u2500\u2500\u2500\u2500\u2500\u2500\u2500\u2500\u2500\u2500\u2500\u2500\u2500<\/p>\n<p data-start=\"527\" data-end=\"547\">\ud83e\uddf8 <strong data-start=\"530\" data-end=\"547\">Compatibility<\/strong><\/p>\n<p data-start=\"549\" data-end=\"594\">Suitable for dolls at <strong data-start=\"571\" data-end=\"578\">1\/8<\/strong> (\u2248 <strong data-start=\"582\" data-end=\"591\">15 cm<\/strong>) :<\/p>\n<p data-start=\"596\" data-end=\"677\">- Pukifee<br data-start=\"605\" data-end=\"608\" \/>- Lati Yellow<br data-start=\"621\" data-end=\"624\" \/>- Nappy Choo<br data-start=\"636\" data-end=\"639\" \/>- Other dolls of equivalent size<\/p>\n<p data-start=\"679\" data-end=\"759\">Compatible with furniture sold separately in the store <strong data-start=\"742\" data-end=\"758\">sunnyshop211<\/strong>.<\/p>\n<p data-start=\"761\" data-end=\"781\">\u2500\u2500\u2500\u2500\u2500\u2500\u2500\u2500\u2500\u2500\u2500\u2500\u2500\u2500\u2500\u2500\u2500\u2500\u2500\u2500<\/p>\n<p data-start=\"783\" data-end=\"807\">\ud83d\uddc4\ufe0f <strong data-start=\"787\" data-end=\"807\">Features<\/strong><\/p>\n<p data-start=\"809\" data-end=\"913\">- Miniature bedside table <strong data-start=\"835\" data-end=\"842\">1\/8<\/strong><br data-start=\"842\" data-end=\"845\" \/>\u2022 <strong data-start=\"847\" data-end=\"864\">1 fixed drawer<\/strong><br data-start=\"864\" data-end=\"867\" \/>\u2022 <strong data-start=\"869\" data-end=\"889\">Choice of color<\/strong><br data-start=\"889\" data-end=\"892\" \/>- Sold alone<\/p>\n<p data-start=\"915\" data-end=\"953\">\ud83d\udc49 The choice is yours.<\/p>\n<p data-start=\"955\" data-end=\"975\">\u2500\u2500\u2500\u2500\u2500\u2500\u2500\u2500\u2500\u2500\u2500\u2500\u2500\u2500\u2500\u2500\u2500\u2500\u2500\u2500<\/p>\n<p data-start=\"977\" data-end=\"994\">\ud83d\udccf <strong data-start=\"980\" data-end=\"994\">Dimensions<\/strong><\/p>\n<p data-start=\"996\" data-end=\"1067\">- Length : <strong data-start=\"1009\" data-end=\"1019\">5.5 cm<\/strong><br data-start=\"1019\" data-end=\"1022\" \/>- Width : <strong data-start=\"1034\" data-end=\"1044\">3.5 cm<\/strong><br data-start=\"1044\" data-end=\"1047\" \/>- Height : <strong data-start=\"1059\" data-end=\"1067\">5 cm<\/strong><\/p>\n<p data-start=\"1069\" data-end=\"1089\">\u2500\u2500\u2500\u2500\u2500\u2500\u2500\u2500\u2500\u2500\u2500\u2500\u2500\u2500\u2500\u2500\u2500\u2500\u2500\u2500<\/p>\n<p data-start=\"1091\" data-end=\"1125\">\ud83c\udfac <strong data-start=\"1094\" data-end=\"1125\">Use &amp; staging<\/strong><\/p>\n<p data-start=\"1127\" data-end=\"1139\">Ideal for :<\/p>\n<p data-start=\"1141\" data-end=\"1250\">- doll rooms 1\/8<br data-start=\"1164\" data-end=\"1167\" \/>- realistic dioramas<br data-start=\"1187\" data-end=\"1190\" \/>- night or rest scenes<br data-start=\"1218\" data-end=\"1221\" \/>- childlike or cosy worlds<\/p>\n<p data-start=\"1252\" data-end=\"1343\">The photos are <strong data-start=\"1272\" data-end=\"1298\">decoration examples<\/strong>.<br data-start=\"1299\" data-end=\"1302\" \/>\ud83d\udc49 <strong data-start=\"1305\" data-end=\"1343\">Only the bedside table is sold.<\/strong><\/p>\n<p data-start=\"1345\" data-end=\"1365\">\u2500\u2500\u2500\u2500\u2500\u2500\u2500\u2500\u2500\u2500\u2500\u2500\u2500\u2500\u2500\u2500\u2500\u2500\u2500\u2500<\/p>\n<h3 data-start=\"1367\" data-end=\"1397\">\ud83d\udd90\ufe0f <strong data-start=\"1371\" data-end=\"1397\">Handcrafted products<\/strong><\/h3>\n<p data-start=\"1399\" data-end=\"1448\">- Craftsmanship<br data-start=\"1420\" data-end=\"1423\" \/>- Made to order<\/p>\n<p data-start=\"1450\" data-end=\"1604\">Because of its artisanal character :<br data-start=\"1484\" data-end=\"1487\" \/>- slight variations in shape or color may occur<br data-start=\"1552\" data-end=\"1555\" \/>- some minor imperfections are possible<\/p>\n<p data-start=\"1606\" data-end=\"1630\">Each piece is unique.<\/p>\n<p data-start=\"1632\" data-end=\"1652\">\u2500\u2500\u2500\u2500\u2500\u2500\u2500\u2500\u2500\u2500\u2500\u2500\u2500\u2500\u2500\u2500\u2500\u2500\u2500\u2500<\/p>\n<p data-start=\"1654\" data-end=\"1685\">\ud83d\udce6 <strong data-start=\"1657\" data-end=\"1685\">Important information<\/strong><\/p>\n<p data-start=\"1687\" data-end=\"1901\">- Article made to order<br data-start=\"1717\" data-end=\"1720\" \/>- Please allow for manufacturing and delivery times.<br data-start=\"1785\" data-end=\"1788\" \/>(see General Sales Conditions and delivery times)<br data-start=\"1848\" data-end=\"1851\" \/>- Other decorations sold separately<\/p>\n<p data-start=\"1903\" data-end=\"1983\">More inspiration on Instagram :<br data-start=\"1938\" data-end=\"1941\" \/>\ud83d\udc49 <a class=\"decorated-link\" href=\"https:\/\/www.instagram.com\/sunnyshop211\/\" target=\"_new\" rel=\"noopener\" data-start=\"1944\" data-end=\"1983\">https:\/\/www.instagram.com\/sunnyshop211\/<\/a><\/p>\n<p data-start=\"1985\" data-end=\"2005\">\u2500\u2500\u2500\u2500\u2500\u2500\u2500\u2500\u2500\u2500\u2500\u2500\u2500\u2500\u2500\u2500\u2500\u2500\u2500\u2500<\/p>\n<p data-start=\"2007\" data-end=\"2030\">\u26a0\ufe0f <strong data-start=\"2010\" data-end=\"2030\">Terms of use<\/strong><\/p>\n<p data-start=\"2032\" data-end=\"2172\">!!!! This is not a toy, this article is intended for adults.<br data-start=\"2103\" data-end=\"2106\" \/>I am not responsible for any damage in transit.<\/p>\n<p data-start=\"2174\" data-end=\"2194\">\u2500\u2500\u2500\u2500\u2500\u2500\u2500\u2500\u2500\u2500\u2500\u2500\u2500\u2500\u2500\u2500\u2500\u2500\u2500\u2500<\/p>\n<p data-start=\"2196\" data-end=\"2309\">\ud83e\ude84 <em data-start=\"2199\" data-end=\"2309\">A discreet and essential miniature bedside table to complete your 1\/8 scenes with coherence and finesse.<\/em><\/p>","protected":false},"excerpt":{"rendered":"<p>Table de nuit miniature 1\/8 \u2013 diorama \u00b7 bjd \u00b7 pukifee \u00b7 lati yellow \u2500\u2500\u2500\u2500\u2500\u2500\u2500\u2500\u2500\u2500\u2500\u2500\u2500\u2500\u2500\u2500\u2500\u2500\u2500\u2500 \u2728 Description Cette table de nuit miniature 1\/8 est un petit meuble indispensable pour compl\u00e9ter vos chambres miniatures et enrichir vos dioramas avec des d\u00e9tails r\u00e9alistes et harmonieux.Elle s\u2019int\u00e8gre facilement dans tous les univers, du plus simple au plus f\u00e9erique. [&hellip;]<\/p>\n","protected":false},"featured_media":10034,"comment_status":"open","ping_status":"closed","template":"","meta":{"_crdt_document":"","jetpack_post_was_ever_published":false,"jetpack_publicize_message":"","jetpack_publicize_feature_enabled":true,"jetpack_social_post_already_shared":true,"jetpack_social_options":{"image_generator_settings":{"template":"highway","default_image_id":0,"font":"","enabled":false},"version":2}},"product_brand":[],"product_cat":[667687085],"product_tag":[667681137,667681138,667681143,667681341,667681136,667681142,667681234,667681226,667681233,667681241,667681139,667681144,667681426,667681261,667681232,667681141,667681140],"class_list":{"0":"post-2070","1":"product","2":"type-product","3":"status-publish","4":"has-post-thumbnail","6":"product_cat-chambre-meubles-miniature-1-8","7":"product_tag-baby","8":"product_tag-bebe","9":"product_tag-bedroom","10":"product_tag-bid","11":"product_tag-bjd","12":"product_tag-chambre","13":"product_tag-diorama","14":"product_tag-doll","15":"product_tag-dollhouse","16":"product_tag-iplehouse","17":"product_tag-lati-yellow","18":"product_tag-lit","19":"product_tag-littlefee","20":"product_tag-meuble","21":"product_tag-miniature","22":"product_tag-nappy-choo","23":"product_tag-pukifee","24":"product_shipping_class-colissimo-5","25":"pa_couleur-beige","26":"pa_couleur-blanc","27":"pa_couleur-bleu","28":"pa_couleur-non-peint","29":"pa_couleur-rose","30":"pa_couleur-shabby-blanc","31":"pa_couleur-vert","32":"pa_couleur-violet","34":"first","35":"instock","36":"taxable","37":"shipping-taxable","38":"purchasable","39":"product-type-variable"},"yoast_head":"<!-- This site is optimized with the Yoast SEO plugin v27.4 - https:\/\/yoast.com\/product\/yoast-seo-wordpress\/ -->\n<title>Table de nuit miniature 1\/8 bjd pukifee, lati yellow -<\/title>\n<meta name=\"description\" content=\"Table de nuit miniature 1\/8 bjd pukifee, lati yellow ou autres de m\u00eame tailles. Id\u00e9al pour vos dioramas et mises en sc\u00e8nes.\" \/>\n<meta name=\"robots\" content=\"index, follow, max-snippet:-1, max-image-preview:large, max-video-preview:-1\" \/>\n<link rel=\"canonical\" href=\"https:\/\/www.sunnyshop211.com\/en\/product\/table-de-nuit-miniature-1-8-bjd-pukifee-lati-yellow\/\" \/>\n<meta property=\"og:locale\" content=\"en_US\" \/>\n<meta property=\"og:type\" content=\"article\" \/>\n<meta property=\"og:title\" content=\"Table de nuit miniature 1\/8 bjd pukifee, lati yellow -\" \/>\n<meta property=\"og:description\" content=\"Table de nuit miniature 1\/8 bjd pukifee, lati yellow ou autres de m\u00eame tailles. Id\u00e9al pour vos dioramas et mises en sc\u00e8nes.\" \/>\n<meta property=\"og:url\" content=\"https:\/\/www.sunnyshop211.com\/en\/product\/table-de-nuit-miniature-1-8-bjd-pukifee-lati-yellow\/\" \/>\n<meta property=\"og:site_name\" content=\"Sunnyshop211 -Vente de dioramas, meubles, miniatures , bjd poup\u00e9es 1\/12 1\/8 1\/6 1\/4 1\/3\" \/>\n<meta property=\"article:publisher\" content=\"https:\/\/www.facebook.com\/sunnyshop211\/?ref=bookmarks\" \/>\n<meta property=\"article:modified_time\" content=\"2026-01-03T21:31:57+00:00\" \/>\n<meta property=\"og:image\" content=\"https:\/\/www.sunnyshop211.com\/wp-content\/uploads\/2019\/10\/20191018_122105-scaled.jpg\" \/>\n\t<meta property=\"og:image:width\" content=\"2560\" \/>\n\t<meta property=\"og:image:height\" content=\"1702\" \/>\n\t<meta property=\"og:image:type\" content=\"image\/jpeg\" \/>\n<meta name=\"twitter:card\" content=\"summary_large_image\" \/>\n<meta name=\"twitter:site\" content=\"@sunnyshop211\" \/>\n<meta name=\"twitter:label1\" content=\"Est. reading time\" \/>\n\t<meta name=\"twitter:data1\" content=\"2 minutes\" \/>\n<script type=\"application\/ld+json\" class=\"yoast-schema-graph\">{\"@context\":\"https:\\\/\\\/schema.org\",\"@graph\":[{\"@type\":\"WebPage\",\"@id\":\"https:\\\/\\\/www.sunnyshop211.com\\\/produit\\\/table-de-nuit-miniature-1-8-bjd-pukifee-lati-yellow\\\/\",\"url\":\"https:\\\/\\\/www.sunnyshop211.com\\\/produit\\\/table-de-nuit-miniature-1-8-bjd-pukifee-lati-yellow\\\/\",\"name\":\"Table de nuit miniature 1\\\/8 bjd pukifee, lati yellow -\",\"isPartOf\":{\"@id\":\"https:\\\/\\\/www.sunnyshop211.com\\\/#website\"},\"primaryImageOfPage\":{\"@id\":\"https:\\\/\\\/www.sunnyshop211.com\\\/produit\\\/table-de-nuit-miniature-1-8-bjd-pukifee-lati-yellow\\\/#primaryimage\"},\"image\":{\"@id\":\"https:\\\/\\\/www.sunnyshop211.com\\\/produit\\\/table-de-nuit-miniature-1-8-bjd-pukifee-lati-yellow\\\/#primaryimage\"},\"thumbnailUrl\":\"https:\\\/\\\/www.sunnyshop211.com\\\/wp-content\\\/uploads\\\/2019\\\/10\\\/20191018_122105-scaled.jpg\",\"datePublished\":\"2019-01-08T14:11:07+00:00\",\"dateModified\":\"2026-01-03T21:31:57+00:00\",\"description\":\"Table de nuit miniature 1\\\/8 bjd pukifee, lati yellow ou autres de m\u00eame tailles. Id\u00e9al pour vos dioramas et mises en sc\u00e8nes.\",\"breadcrumb\":{\"@id\":\"https:\\\/\\\/www.sunnyshop211.com\\\/produit\\\/table-de-nuit-miniature-1-8-bjd-pukifee-lati-yellow\\\/#breadcrumb\"},\"inLanguage\":\"en-US\",\"potentialAction\":[{\"@type\":\"ReadAction\",\"target\":[\"https:\\\/\\\/www.sunnyshop211.com\\\/produit\\\/table-de-nuit-miniature-1-8-bjd-pukifee-lati-yellow\\\/\"]}]},{\"@type\":\"ImageObject\",\"inLanguage\":\"en-US\",\"@id\":\"https:\\\/\\\/www.sunnyshop211.com\\\/produit\\\/table-de-nuit-miniature-1-8-bjd-pukifee-lati-yellow\\\/#primaryimage\",\"url\":\"https:\\\/\\\/www.sunnyshop211.com\\\/wp-content\\\/uploads\\\/2019\\\/10\\\/20191018_122105-scaled.jpg\",\"contentUrl\":\"https:\\\/\\\/www.sunnyshop211.com\\\/wp-content\\\/uploads\\\/2019\\\/10\\\/20191018_122105-scaled.jpg\",\"width\":2560,\"height\":1702,\"caption\":\"Table de nuit miniature 1\\\/8\"},{\"@type\":\"BreadcrumbList\",\"@id\":\"https:\\\/\\\/www.sunnyshop211.com\\\/produit\\\/table-de-nuit-miniature-1-8-bjd-pukifee-lati-yellow\\\/#breadcrumb\",\"itemListElement\":[{\"@type\":\"ListItem\",\"position\":1,\"name\":\"Accueil\",\"item\":\"https:\\\/\\\/www.sunnyshop211.com\\\/\"},{\"@type\":\"ListItem\",\"position\":2,\"name\":\"Boutique\",\"item\":\"https:\\\/\\\/www.sunnyshop211.com\\\/boutique-miniature-bjd-dolls\\\/\"},{\"@type\":\"ListItem\",\"position\":3,\"name\":\"Table de nuit miniature 1\\\/8 bjd pukifee, lati yellow\"}]},{\"@type\":\"WebSite\",\"@id\":\"https:\\\/\\\/www.sunnyshop211.com\\\/#website\",\"url\":\"https:\\\/\\\/www.sunnyshop211.com\\\/\",\"name\":\"Vente de dioramas, meubles, miniatures , bjd poup\u00e9es 1\\\/12 1\\\/8 1\\\/6 1\\\/4 1\\\/3\",\"description\":\"Sunnyshop211 - Votre univers miniature pour poup\u00e9es et BJD, dioramas et meubles sur mesure !\",\"publisher\":{\"@id\":\"https:\\\/\\\/www.sunnyshop211.com\\\/#organization\"},\"alternateName\":\"sunnyshop211\",\"potentialAction\":[{\"@type\":\"SearchAction\",\"target\":{\"@type\":\"EntryPoint\",\"urlTemplate\":\"https:\\\/\\\/www.sunnyshop211.com\\\/?s={search_term_string}\"},\"query-input\":{\"@type\":\"PropertyValueSpecification\",\"valueRequired\":true,\"valueName\":\"search_term_string\"}}],\"inLanguage\":\"en-US\"},{\"@type\":\"Organization\",\"@id\":\"https:\\\/\\\/www.sunnyshop211.com\\\/#organization\",\"name\":\"sunnyshop211\",\"alternateName\":\"sunnyshop211 diorama bjd meuble miniature\",\"url\":\"https:\\\/\\\/www.sunnyshop211.com\\\/\",\"logo\":{\"@type\":\"ImageObject\",\"inLanguage\":\"en-US\",\"@id\":\"https:\\\/\\\/www.sunnyshop211.com\\\/#\\\/schema\\\/logo\\\/image\\\/\",\"url\":\"https:\\\/\\\/www.sunnyshop211.com\\\/wp-content\\\/uploads\\\/2022\\\/08\\\/cropped-cropped-cropped-Sunnyshop211-1.png\",\"contentUrl\":\"https:\\\/\\\/www.sunnyshop211.com\\\/wp-content\\\/uploads\\\/2022\\\/08\\\/cropped-cropped-cropped-Sunnyshop211-1.png\",\"width\":339,\"height\":339,\"caption\":\"sunnyshop211\"},\"image\":{\"@id\":\"https:\\\/\\\/www.sunnyshop211.com\\\/#\\\/schema\\\/logo\\\/image\\\/\"},\"sameAs\":[\"https:\\\/\\\/www.facebook.com\\\/sunnyshop211\\\/?ref=bookmarks\",\"https:\\\/\\\/x.com\\\/sunnyshop211\",\"https:\\\/\\\/www.instagram.com\\\/sunnyshop211\\\/\",\"https:\\\/\\\/www.tumblr.com\\\/blog\\\/sunnyshop211\",\"https:\\\/\\\/www.youtube.com\\\/channel\\\/UCtYY18OGGDKrTSzgcf7fCBg\",\"https:\\\/\\\/www.tiktok.com\\\/@sunnydollshop211?is_from_webapp=1&sender_device=pc\"]}]}<\/script>\n<!-- \/ Yoast SEO plugin. -->","yoast_head_json":{"title":"Miniature bedside table 1\/8 bjd pukifee, lati yellow -","description":"Miniature bedside table 1\/8 bjd pukifee, lati yellow or other sizes. Ideal for dioramas and staging.","robots":{"index":"index","follow":"follow","max-snippet":"max-snippet:-1","max-image-preview":"max-image-preview:large","max-video-preview":"max-video-preview:-1"},"canonical":"https:\/\/www.sunnyshop211.com\/en\/product\/table-de-nuit-miniature-1-8-bjd-pukifee-lati-yellow\/","og_locale":"en_US","og_type":"article","og_title":"Table de nuit miniature 1\/8 bjd pukifee, lati yellow -","og_description":"Table de nuit miniature 1\/8 bjd pukifee, lati yellow ou autres de m\u00eame tailles. Id\u00e9al pour vos dioramas et mises en sc\u00e8nes.","og_url":"https:\/\/www.sunnyshop211.com\/en\/product\/table-de-nuit-miniature-1-8-bjd-pukifee-lati-yellow\/","og_site_name":"Sunnyshop211 -Vente de dioramas, meubles, miniatures , bjd poup\u00e9es 1\/12 1\/8 1\/6 1\/4 1\/3","article_publisher":"https:\/\/www.facebook.com\/sunnyshop211\/?ref=bookmarks","article_modified_time":"2026-01-03T21:31:57+00:00","og_image":[{"width":2560,"height":1702,"url":"https:\/\/www.sunnyshop211.com\/wp-content\/uploads\/2019\/10\/20191018_122105-scaled.jpg","type":"image\/jpeg"}],"twitter_card":"summary_large_image","twitter_site":"@sunnyshop211","twitter_misc":{"Est. reading time":"2 minutes"},"schema":{"@context":"https:\/\/schema.org","@graph":[{"@type":"WebPage","@id":"https:\/\/www.sunnyshop211.com\/produit\/table-de-nuit-miniature-1-8-bjd-pukifee-lati-yellow\/","url":"https:\/\/www.sunnyshop211.com\/produit\/table-de-nuit-miniature-1-8-bjd-pukifee-lati-yellow\/","name":"Miniature bedside table 1\/8 bjd pukifee, lati yellow -","isPartOf":{"@id":"https:\/\/www.sunnyshop211.com\/#website"},"primaryImageOfPage":{"@id":"https:\/\/www.sunnyshop211.com\/produit\/table-de-nuit-miniature-1-8-bjd-pukifee-lati-yellow\/#primaryimage"},"image":{"@id":"https:\/\/www.sunnyshop211.com\/produit\/table-de-nuit-miniature-1-8-bjd-pukifee-lati-yellow\/#primaryimage"},"thumbnailUrl":"https:\/\/www.sunnyshop211.com\/wp-content\/uploads\/2019\/10\/20191018_122105-scaled.jpg","datePublished":"2019-01-08T14:11:07+00:00","dateModified":"2026-01-03T21:31:57+00:00","description":"Miniature bedside table 1\/8 bjd pukifee, lati yellow or other sizes. Ideal for dioramas and staging.","breadcrumb":{"@id":"https:\/\/www.sunnyshop211.com\/produit\/table-de-nuit-miniature-1-8-bjd-pukifee-lati-yellow\/#breadcrumb"},"inLanguage":"en-US","potentialAction":[{"@type":"ReadAction","target":["https:\/\/www.sunnyshop211.com\/produit\/table-de-nuit-miniature-1-8-bjd-pukifee-lati-yellow\/"]}]},{"@type":"ImageObject","inLanguage":"en-US","@id":"https:\/\/www.sunnyshop211.com\/produit\/table-de-nuit-miniature-1-8-bjd-pukifee-lati-yellow\/#primaryimage","url":"https:\/\/www.sunnyshop211.com\/wp-content\/uploads\/2019\/10\/20191018_122105-scaled.jpg","contentUrl":"https:\/\/www.sunnyshop211.com\/wp-content\/uploads\/2019\/10\/20191018_122105-scaled.jpg","width":2560,"height":1702,"caption":"Table de nuit miniature 1\/8"},{"@type":"BreadcrumbList","@id":"https:\/\/www.sunnyshop211.com\/produit\/table-de-nuit-miniature-1-8-bjd-pukifee-lati-yellow\/#breadcrumb","itemListElement":[{"@type":"ListItem","position":1,"name":"Accueil","item":"https:\/\/www.sunnyshop211.com\/"},{"@type":"ListItem","position":2,"name":"Boutique","item":"https:\/\/www.sunnyshop211.com\/boutique-miniature-bjd-dolls\/"},{"@type":"ListItem","position":3,"name":"Table de nuit miniature 1\/8 bjd pukifee, lati yellow"}]},{"@type":"WebSite","@id":"https:\/\/www.sunnyshop211.com\/#website","url":"https:\/\/www.sunnyshop211.com\/","name":"Sale of dioramas, furniture, miniatures, bjd dolls 1\/12 1\/8 1\/6 1\/4 1\/3","description":"Sunnyshop211 - Your miniature world for dolls and BJDs, dioramas and custom-made furniture!","publisher":{"@id":"https:\/\/www.sunnyshop211.com\/#organization"},"alternateName":"sunnyshop211","potentialAction":[{"@type":"SearchAction","target":{"@type":"EntryPoint","urlTemplate":"https:\/\/www.sunnyshop211.com\/?s={search_term_string}"},"query-input":{"@type":"PropertyValueSpecification","valueRequired":true,"valueName":"search_term_string"}}],"inLanguage":"en-US"},{"@type":"Organization","@id":"https:\/\/www.sunnyshop211.com\/#organization","name":"sunnyshop211","alternateName":"sunnyshop211 diorama bjd meuble miniature","url":"https:\/\/www.sunnyshop211.com\/","logo":{"@type":"ImageObject","inLanguage":"en-US","@id":"https:\/\/www.sunnyshop211.com\/#\/schema\/logo\/image\/","url":"https:\/\/www.sunnyshop211.com\/wp-content\/uploads\/2022\/08\/cropped-cropped-cropped-Sunnyshop211-1.png","contentUrl":"https:\/\/www.sunnyshop211.com\/wp-content\/uploads\/2022\/08\/cropped-cropped-cropped-Sunnyshop211-1.png","width":339,"height":339,"caption":"sunnyshop211"},"image":{"@id":"https:\/\/www.sunnyshop211.com\/#\/schema\/logo\/image\/"},"sameAs":["https:\/\/www.facebook.com\/sunnyshop211\/?ref=bookmarks","https:\/\/x.com\/sunnyshop211","https:\/\/www.instagram.com\/sunnyshop211\/","https:\/\/www.tumblr.com\/blog\/sunnyshop211","https:\/\/www.youtube.com\/channel\/UCtYY18OGGDKrTSzgcf7fCBg","https:\/\/www.tiktok.com\/@sunnydollshop211?is_from_webapp=1&sender_device=pc"]}]}},"jetpack_publicize_connections":[],"jetpack_sharing_enabled":true,"_links":{"self":[{"href":"https:\/\/www.sunnyshop211.com\/en\/wp-json\/wp\/v2\/product\/2070","targetHints":{"allow":["GET"]}}],"collection":[{"href":"https:\/\/www.sunnyshop211.com\/en\/wp-json\/wp\/v2\/product"}],"about":[{"href":"https:\/\/www.sunnyshop211.com\/en\/wp-json\/wp\/v2\/types\/product"}],"replies":[{"embeddable":true,"href":"https:\/\/www.sunnyshop211.com\/en\/wp-json\/wp\/v2\/comments?post=2070"}],"version-history":[{"count":6,"href":"https:\/\/www.sunnyshop211.com\/en\/wp-json\/wp\/v2\/product\/2070\/revisions"}],"predecessor-version":[{"id":54321,"href":"https:\/\/www.sunnyshop211.com\/en\/wp-json\/wp\/v2\/product\/2070\/revisions\/54321"}],"wp:featuredmedia":[{"embeddable":true,"href":"https:\/\/www.sunnyshop211.com\/en\/wp-json\/wp\/v2\/media\/10034"}],"wp:attachment":[{"href":"https:\/\/www.sunnyshop211.com\/en\/wp-json\/wp\/v2\/media?parent=2070"}],"wp:term":[{"taxonomy":"product_brand","embeddable":true,"href":"https:\/\/www.sunnyshop211.com\/en\/wp-json\/wp\/v2\/product_brand?post=2070"},{"taxonomy":"product_cat","embeddable":true,"href":"https:\/\/www.sunnyshop211.com\/en\/wp-json\/wp\/v2\/product_cat?post=2070"},{"taxonomy":"product_tag","embeddable":true,"href":"https:\/\/www.sunnyshop211.com\/en\/wp-json\/wp\/v2\/product_tag?post=2070"}],"curies":[{"name":"wp","href":"https:\/\/api.w.org\/{rel}","templated":true}]}}