{"id":19811,"date":"2020-11-11T19:06:08","date_gmt":"2020-11-11T18:06:08","guid":{"rendered":"https:\/\/sunnyshop211.com\/?post_type=product&#038;p=19811"},"modified":"2026-01-04T10:20:37","modified_gmt":"2026-01-04T09:20:37","slug":"%f0%9f%92%a1-lampe-led-de-bureau-miniature-accessoire-diorama-bjd-1-3","status":"publish","type":"product","link":"https:\/\/www.sunnyshop211.com\/en\/product\/%f0%9f%92%a1-lampe-led-de-bureau-miniature-accessoire-diorama-bjd-1-3\/","title":{"rendered":"\ud83d\udca1 Miniature LED desk lamp - BJD diorama accessory (1\/3)"},"content":{"rendered":"<div id='gallery-1' class='gallery galleryid-19811 gallery-columns-3 gallery-size-thumbnail'><figure class='gallery-item'>\n\t\t\t<div class='gallery-icon landscape'>\n\t\t\t\t<a href='https:\/\/www.sunnyshop211.com\/en\/?attachment_id=19814'><img decoding=\"async\" width=\"150\" height=\"150\" src=\"https:\/\/www.sunnyshop211.com\/wp-content\/uploads\/2020\/11\/new-york-100-150x150.jpg\" class=\"attachment-thumbnail size-thumbnail\" alt=\"\" srcset=\"https:\/\/www.sunnyshop211.com\/wp-content\/uploads\/2020\/11\/new-york-100-150x150.jpg 150w, https:\/\/www.sunnyshop211.com\/wp-content\/uploads\/2020\/11\/new-york-100-scaled-500x500.jpg 500w, https:\/\/www.sunnyshop211.com\/wp-content\/uploads\/2020\/11\/new-york-100-100x100.jpg 100w\" sizes=\"(max-width: 150px) 100vw, 150px\" \/><\/a>\n\t\t\t<\/div><\/figure><figure class='gallery-item'>\n\t\t\t<div class='gallery-icon portrait'>\n\t\t\t\t<a href='https:\/\/www.sunnyshop211.com\/en\/?attachment_id=19816'><img decoding=\"async\" width=\"150\" height=\"150\" src=\"https:\/\/www.sunnyshop211.com\/wp-content\/uploads\/2020\/11\/new-york-104-scaled-150x150.jpg\" class=\"attachment-thumbnail size-thumbnail\" alt=\"\" srcset=\"https:\/\/www.sunnyshop211.com\/wp-content\/uploads\/2020\/11\/new-york-104-scaled-150x150.jpg 150w, https:\/\/www.sunnyshop211.com\/wp-content\/uploads\/2020\/11\/new-york-104-scaled-500x500.jpg 500w, https:\/\/www.sunnyshop211.com\/wp-content\/uploads\/2020\/11\/new-york-104-100x100.jpg 100w\" sizes=\"(max-width: 150px) 100vw, 150px\" \/><\/a>\n\t\t\t<\/div><\/figure><figure class='gallery-item'>\n\t\t\t<div class='gallery-icon landscape'>\n\t\t\t\t<a href='https:\/\/www.sunnyshop211.com\/en\/?attachment_id=19818'><img decoding=\"async\" width=\"150\" height=\"150\" src=\"https:\/\/www.sunnyshop211.com\/wp-content\/uploads\/2020\/11\/new-york-119-1-150x150.jpg\" class=\"attachment-thumbnail size-thumbnail\" alt=\"\" srcset=\"https:\/\/www.sunnyshop211.com\/wp-content\/uploads\/2020\/11\/new-york-119-1-150x150.jpg 150w, https:\/\/www.sunnyshop211.com\/wp-content\/uploads\/2020\/11\/new-york-119-1-scaled-500x500.jpg 500w, https:\/\/www.sunnyshop211.com\/wp-content\/uploads\/2020\/11\/new-york-119-1-100x100.jpg 100w\" sizes=\"(max-width: 150px) 100vw, 150px\" \/><\/a>\n\t\t\t<\/div><\/figure><figure class='gallery-item'>\n\t\t\t<div class='gallery-icon landscape'>\n\t\t\t\t<a href='https:\/\/www.sunnyshop211.com\/en\/?attachment_id=19819'><img loading=\"lazy\" decoding=\"async\" width=\"150\" height=\"150\" src=\"https:\/\/www.sunnyshop211.com\/wp-content\/uploads\/2020\/11\/new-york-121-150x150.jpg\" class=\"attachment-thumbnail size-thumbnail\" alt=\"\" srcset=\"https:\/\/www.sunnyshop211.com\/wp-content\/uploads\/2020\/11\/new-york-121-150x150.jpg 150w, https:\/\/www.sunnyshop211.com\/wp-content\/uploads\/2020\/11\/new-york-121-scaled-500x500.jpg 500w, https:\/\/www.sunnyshop211.com\/wp-content\/uploads\/2020\/11\/new-york-121-100x100.jpg 100w\" sizes=\"(max-width: 150px) 100vw, 150px\" \/><\/a>\n\t\t\t<\/div><\/figure><figure class='gallery-item'>\n\t\t\t<div class='gallery-icon landscape'>\n\t\t\t\t<a href='https:\/\/www.sunnyshop211.com\/en\/?attachment_id=19829'><img loading=\"lazy\" decoding=\"async\" width=\"150\" height=\"150\" src=\"https:\/\/www.sunnyshop211.com\/wp-content\/uploads\/2020\/11\/new-york20000-150x150.jpg\" class=\"attachment-thumbnail size-thumbnail\" alt=\"\" srcset=\"https:\/\/www.sunnyshop211.com\/wp-content\/uploads\/2020\/11\/new-york20000-150x150.jpg 150w, https:\/\/www.sunnyshop211.com\/wp-content\/uploads\/2020\/11\/new-york20000-scaled-500x500.jpg 500w, https:\/\/www.sunnyshop211.com\/wp-content\/uploads\/2020\/11\/new-york20000-100x100.jpg 100w\" sizes=\"(max-width: 150px) 100vw, 150px\" \/><\/a>\n\t\t\t<\/div><\/figure>\n\t\t<\/div>\n\n<h2 data-start=\"175\" data-end=\"244\">\ud83d\udca1 <strong data-start=\"178\" data-end=\"242\">Miniature LED desk lamp - BJD diorama accessory (1\/3)<\/strong><\/h2>\n<p data-start=\"246\" data-end=\"300\">Decorative miniature accessory - Handcrafted creation<\/p>\n<hr data-start=\"302\" data-end=\"305\" \/>\n<p data-start=\"307\" data-end=\"325\">\ud83c\udf3f <strong data-start=\"310\" data-end=\"325\">Description<\/strong><\/p>\n<p data-start=\"327\" data-end=\"601\">This 1\/3\" miniature LED desk lamp is an ideal decorative accessory to complete your office, workshop or contemporary interior scenes for your dolls.<br data-start=\"491\" data-end=\"494\" \/>Functional and realistic, it brings a real touch of life and light to your 1\/3 format dioramas.<\/p>\n<hr data-start=\"603\" data-end=\"606\" \/>\n<p data-start=\"608\" data-end=\"641\">\ud83d\udc95 <strong data-start=\"611\" data-end=\"641\">Details &amp; features<\/strong><\/p>\n<p data-start=\"643\" data-end=\"664\">\ud83d\udca1 <strong data-start=\"646\" data-end=\"664\">How it works<\/strong><\/p>\n<p data-start=\"666\" data-end=\"726\">- LED lamp <strong data-start=\"678\" data-end=\"695\">functional<\/strong><br data-start=\"695\" data-end=\"698\" \/>- Works with <strong data-start=\"716\" data-end=\"726\">1 battery<\/strong><\/p>\n<p data-start=\"728\" data-end=\"745\">\ud83d\udcd0 <strong data-start=\"731\" data-end=\"745\">Dimensions<\/strong><\/p>\n<p data-start=\"747\" data-end=\"767\">- Height : <strong data-start=\"759\" data-end=\"767\">9 cm<\/strong><\/p>\n<p data-start=\"769\" data-end=\"788\">\ud83d\udd27 <strong data-start=\"772\" data-end=\"788\">Articulation<\/strong><\/p>\n<p data-start=\"790\" data-end=\"875\">- Arms <strong data-start=\"797\" data-end=\"809\">articulated<\/strong><br data-start=\"809\" data-end=\"812\" \/>- The lamp can be raised and lowered to suit your stage settings<\/p>\n<p data-start=\"877\" data-end=\"891\">\ud83c\udfa8 <strong data-start=\"880\" data-end=\"891\">Colors<\/strong><\/p>\n<p data-start=\"893\" data-end=\"903\">- <strong data-start=\"895\" data-end=\"903\">Black<\/strong><\/p>\n<p data-start=\"905\" data-end=\"918\">\ud83d\udccf <strong data-start=\"908\" data-end=\"918\">Size<\/strong><\/p>\n<p data-start=\"920\" data-end=\"1014\">- <strong data-start=\"922\" data-end=\"929\">1\/3<\/strong> SD, Feeple, <span class=\"hover:entity-accent entity-underline inline cursor-pointer align-baseline\"><span class=\"whitespace-normal\">Smart Doll<\/span><\/span> and dolls of equivalent size<\/p>\n<p data-start=\"1016\" data-end=\"1140\">\ud83d\udcb0 <strong data-start=\"1019\" data-end=\"1064\">Price indicated for a miniature LED lamp<\/strong><br data-start=\"1064\" data-end=\"1067\" \/>\u26a0\ufe0f Furniture and accessories shown in the photos are not included.<\/p>\n<hr data-start=\"1142\" data-end=\"1145\" \/>\n<p data-start=\"1147\" data-end=\"1175\">\u2728 <strong data-start=\"1149\" data-end=\"1175\">Handcrafted products<\/strong><\/p>\n<p data-start=\"1177\" data-end=\"1195\">Each lamp is :<\/p>\n<p data-start=\"1197\" data-end=\"1282\">- Handcrafted<br data-start=\"1222\" data-end=\"1225\" \/>- Carefully assembled<br data-start=\"1246\" data-end=\"1249\" \/>- For decorative use<\/p>\n<p data-start=\"1284\" data-end=\"1412\">Slight variations may occur (shape, adjustments, small imperfections), inherent to the handcrafted nature of the product.<\/p>\n<hr data-start=\"1414\" data-end=\"1417\" \/>\n<p data-start=\"1419\" data-end=\"1455\">\ud83e\udeb4 <strong data-start=\"1422\" data-end=\"1455\">Staging &amp; compatibility<\/strong><\/p>\n<p data-start=\"1457\" data-end=\"1651\">- Ideal for miniature offices, work scenes and modern interiors<br data-start=\"1531\" data-end=\"1534\" \/>- Compatible with furniture sold separately in the store<br data-start=\"1598\" data-end=\"1601\" \/>- Perfect for staging <strong data-start=\"1644\" data-end=\"1651\">1\/3<\/strong><\/p>\n<p data-start=\"1653\" data-end=\"1740\">\ud83d\udca1 Find other luminous accessories and miniature decorations in the store.<\/p>\n<hr data-start=\"1742\" data-end=\"1745\" \/>\n<p data-start=\"1747\" data-end=\"1773\">\u23f3 <strong data-start=\"1749\" data-end=\"1773\">Manufacturing &amp; lead times<\/strong><\/p>\n<p data-start=\"1775\" data-end=\"1926\">\ud83d\udee0\ufe0f Made-to-order items<br data-start=\"1807\" data-end=\"1810\" \/>Please take into account the manufacturing and delivery times indicated in the\u00a0<a style=\"font-size: 16px;\" href=\"https:\/\/www.sunnyshop211.com\/en\/conditions-generales-de-ventes-et-delais-de-livraisons\/\">General conditions of sale and delivery times<\/a><\/p>\n<hr data-start=\"1928\" data-end=\"1931\" \/>\n<p data-start=\"1933\" data-end=\"1964\">\u26a0\ufe0f <strong data-start=\"1936\" data-end=\"1964\">Important information<\/strong><\/p>\n<p data-start=\"1966\" data-end=\"2304\">- Decorative accessory with LED lighting<br data-start=\"2007\" data-end=\"2010\" \/>- This is not a toy<br data-start=\"2035\" data-end=\"2038\" \/>- Article intended for an adult, collector audience<br data-start=\"2092\" data-end=\"2095\" \/>- Battery operated (not included, if applicable)<br data-start=\"2150\" data-end=\"2153\" \/>- The photos are examples of staging<br data-start=\"2200\" data-end=\"2203\" \/>- A single lamp is included<br data-start=\"2232\" data-end=\"2235\" \/>- I am not responsible for any damage incurred in transit.<\/p>\n<p data-start=\"2306\" data-end=\"2375\">\ud83d\udcf8 More photos and stagings on Instagram : <a href=\"https:\/\/www.instagram.com\/sunnyshop211\/\"><strong data-start=\"2358\" data-end=\"2375\">@sunnyshop211<\/strong><\/a><\/p>\n<p>&nbsp;<\/p>","protected":false},"excerpt":{"rendered":"<p>\ud83d\udca1 Lampe LED de bureau miniature \u2013 Accessoire diorama BJD (1\/3) Accessoire miniature d\u00e9coratif \u2013 Cr\u00e9ation artisanale \ud83c\udf3f Description Cette lampe LED de bureau miniature 1\/3 est un accessoire d\u00e9coratif id\u00e9al pour compl\u00e9ter vos sc\u00e8nes de bureau, d\u2019atelier ou d\u2019int\u00e9rieur contemporain pour vos dolls.Fonctionnelle et r\u00e9aliste, elle apporte une vraie touche de vie et de [&hellip;]<\/p>\n","protected":false},"featured_media":19816,"comment_status":"open","ping_status":"closed","template":"","meta":{"_crdt_document":"","jetpack_post_was_ever_published":false,"jetpack_publicize_message":"","jetpack_publicize_feature_enabled":true,"jetpack_social_post_already_shared":true,"jetpack_social_options":{"image_generator_settings":{"template":"highway","default_image_id":0,"font":"","enabled":false},"version":2}},"product_brand":[],"product_cat":[667686997,667687098],"product_tag":[667681143,667681136,667681142,667681553,667681398,667681234,667681226,667681233,667681396,667681239,667681225,667681241,667681242,667681350,667681359,667681236,667681261,667681232,667681173,667681237,667681235,667681260],"class_list":{"0":"post-19811","1":"product","2":"type-product","3":"status-publish","4":"has-post-thumbnail","6":"product_cat-bureau-accessoires","7":"product_cat-lampes-de-chevet","8":"product_tag-bedroom","9":"product_tag-bjd","10":"product_tag-chambre","11":"product_tag-custom-diorama","12":"product_tag-desk","13":"product_tag-diorama","14":"product_tag-doll","15":"product_tag-dollhouse","16":"product_tag-ellowynn-wilde","17":"product_tag-fairyland","18":"product_tag-furniture","19":"product_tag-iplehouse","20":"product_tag-jid","21":"product_tag-lampe","22":"product_tag-living-room","23":"product_tag-maison-de-poupee","24":"product_tag-meuble","25":"product_tag-miniature","26":"product_tag-minifee","27":"product_tag-msd","28":"product_tag-roombox","29":"product_tag-tonner","30":"product_shipping_class-lettre-suivie","31":"pa_couleur-blanc","32":"pa_couleur-noir","34":"first","35":"instock","36":"taxable","37":"shipping-taxable","38":"purchasable","39":"product-type-simple"},"yoast_head":"<!-- This site is optimized with the Yoast SEO plugin v27.4 - https:\/\/yoast.com\/product\/yoast-seo-wordpress\/ -->\n<title>\ud83d\udca1 Lampe LED de bureau miniature \u2013 Accessoire diorama BJD (1\/3) -<\/title>\n<meta name=\"description\" content=\"\ud83d\udca1 Lampe LED de bureau miniature \u2013 Accessoire diorama BJD (1\/3) pour poup\u00e9es BJD SD, feeple, smart Doll ou autres de m\u00eame tailles.\" \/>\n<meta name=\"robots\" content=\"index, follow, max-snippet:-1, max-image-preview:large, max-video-preview:-1\" \/>\n<link rel=\"canonical\" href=\"https:\/\/www.sunnyshop211.com\/en\/product\/\ud83d\udca1-lampe-led-de-bureau-miniature-accessoire-diorama-bjd-1-3\/\" \/>\n<meta property=\"og:locale\" content=\"en_US\" \/>\n<meta property=\"og:type\" content=\"article\" \/>\n<meta property=\"og:title\" content=\"\ud83d\udca1 Lampe LED de bureau miniature \u2013 Accessoire diorama BJD (1\/3) -\" \/>\n<meta property=\"og:description\" content=\"\ud83d\udca1 Lampe LED de bureau miniature \u2013 Accessoire diorama BJD (1\/3) pour poup\u00e9es BJD SD, feeple, smart Doll ou autres de m\u00eame tailles.\" \/>\n<meta property=\"og:url\" content=\"https:\/\/www.sunnyshop211.com\/en\/product\/\ud83d\udca1-lampe-led-de-bureau-miniature-accessoire-diorama-bjd-1-3\/\" \/>\n<meta property=\"og:site_name\" content=\"Sunnyshop211 -Vente de dioramas, meubles, miniatures , bjd poup\u00e9es 1\/12 1\/8 1\/6 1\/4 1\/3\" \/>\n<meta property=\"article:publisher\" content=\"https:\/\/www.facebook.com\/sunnyshop211\/?ref=bookmarks\" \/>\n<meta property=\"article:modified_time\" content=\"2026-01-04T09:20:37+00:00\" \/>\n<meta property=\"og:image\" content=\"https:\/\/www.sunnyshop211.com\/wp-content\/uploads\/2020\/11\/new-york-104-scaled.jpg\" \/>\n\t<meta property=\"og:image:width\" content=\"1707\" \/>\n\t<meta property=\"og:image:height\" content=\"2560\" \/>\n\t<meta property=\"og:image:type\" content=\"image\/jpeg\" \/>\n<meta name=\"twitter:card\" content=\"summary_large_image\" \/>\n<meta name=\"twitter:site\" content=\"@sunnyshop211\" \/>\n<meta name=\"twitter:label1\" content=\"Est. reading time\" \/>\n\t<meta name=\"twitter:data1\" content=\"2 minutes\" \/>\n<script type=\"application\/ld+json\" class=\"yoast-schema-graph\">{\"@context\":\"https:\\\/\\\/schema.org\",\"@graph\":[{\"@type\":\"WebPage\",\"@id\":\"https:\\\/\\\/www.sunnyshop211.com\\\/produit\\\/%f0%9f%92%a1-lampe-led-de-bureau-miniature-accessoire-diorama-bjd-1-3\\\/\",\"url\":\"https:\\\/\\\/www.sunnyshop211.com\\\/produit\\\/%f0%9f%92%a1-lampe-led-de-bureau-miniature-accessoire-diorama-bjd-1-3\\\/\",\"name\":\"\ud83d\udca1 Lampe LED de bureau miniature \u2013 Accessoire diorama BJD (1\\\/3) -\",\"isPartOf\":{\"@id\":\"https:\\\/\\\/www.sunnyshop211.com\\\/#website\"},\"primaryImageOfPage\":{\"@id\":\"https:\\\/\\\/www.sunnyshop211.com\\\/produit\\\/%f0%9f%92%a1-lampe-led-de-bureau-miniature-accessoire-diorama-bjd-1-3\\\/#primaryimage\"},\"image\":{\"@id\":\"https:\\\/\\\/www.sunnyshop211.com\\\/produit\\\/%f0%9f%92%a1-lampe-led-de-bureau-miniature-accessoire-diorama-bjd-1-3\\\/#primaryimage\"},\"thumbnailUrl\":\"https:\\\/\\\/www.sunnyshop211.com\\\/wp-content\\\/uploads\\\/2020\\\/11\\\/new-york-104-scaled.jpg\",\"datePublished\":\"2020-11-11T18:06:08+00:00\",\"dateModified\":\"2026-01-04T09:20:37+00:00\",\"description\":\"\ud83d\udca1 Lampe LED de bureau miniature \u2013 Accessoire diorama BJD (1\\\/3) pour poup\u00e9es BJD SD, feeple, smart Doll ou autres de m\u00eame tailles.\",\"breadcrumb\":{\"@id\":\"https:\\\/\\\/www.sunnyshop211.com\\\/produit\\\/%f0%9f%92%a1-lampe-led-de-bureau-miniature-accessoire-diorama-bjd-1-3\\\/#breadcrumb\"},\"inLanguage\":\"en-US\",\"potentialAction\":[{\"@type\":\"ReadAction\",\"target\":[\"https:\\\/\\\/www.sunnyshop211.com\\\/produit\\\/%f0%9f%92%a1-lampe-led-de-bureau-miniature-accessoire-diorama-bjd-1-3\\\/\"]}]},{\"@type\":\"ImageObject\",\"inLanguage\":\"en-US\",\"@id\":\"https:\\\/\\\/www.sunnyshop211.com\\\/produit\\\/%f0%9f%92%a1-lampe-led-de-bureau-miniature-accessoire-diorama-bjd-1-3\\\/#primaryimage\",\"url\":\"https:\\\/\\\/www.sunnyshop211.com\\\/wp-content\\\/uploads\\\/2020\\\/11\\\/new-york-104-scaled.jpg\",\"contentUrl\":\"https:\\\/\\\/www.sunnyshop211.com\\\/wp-content\\\/uploads\\\/2020\\\/11\\\/new-york-104-scaled.jpg\",\"width\":1707,\"height\":2560},{\"@type\":\"BreadcrumbList\",\"@id\":\"https:\\\/\\\/www.sunnyshop211.com\\\/produit\\\/%f0%9f%92%a1-lampe-led-de-bureau-miniature-accessoire-diorama-bjd-1-3\\\/#breadcrumb\",\"itemListElement\":[{\"@type\":\"ListItem\",\"position\":1,\"name\":\"Accueil\",\"item\":\"https:\\\/\\\/www.sunnyshop211.com\\\/\"},{\"@type\":\"ListItem\",\"position\":2,\"name\":\"Boutique\",\"item\":\"https:\\\/\\\/www.sunnyshop211.com\\\/boutique-miniature-bjd-dolls\\\/\"},{\"@type\":\"ListItem\",\"position\":3,\"name\":\"\ud83d\udca1 Lampe LED de bureau miniature \u2013 Accessoire diorama BJD (1\\\/3)\"}]},{\"@type\":\"WebSite\",\"@id\":\"https:\\\/\\\/www.sunnyshop211.com\\\/#website\",\"url\":\"https:\\\/\\\/www.sunnyshop211.com\\\/\",\"name\":\"Vente de dioramas, meubles, miniatures , bjd poup\u00e9es 1\\\/12 1\\\/8 1\\\/6 1\\\/4 1\\\/3\",\"description\":\"Sunnyshop211 - Votre univers miniature pour poup\u00e9es et BJD, dioramas et meubles sur mesure !\",\"publisher\":{\"@id\":\"https:\\\/\\\/www.sunnyshop211.com\\\/#organization\"},\"alternateName\":\"sunnyshop211\",\"potentialAction\":[{\"@type\":\"SearchAction\",\"target\":{\"@type\":\"EntryPoint\",\"urlTemplate\":\"https:\\\/\\\/www.sunnyshop211.com\\\/?s={search_term_string}\"},\"query-input\":{\"@type\":\"PropertyValueSpecification\",\"valueRequired\":true,\"valueName\":\"search_term_string\"}}],\"inLanguage\":\"en-US\"},{\"@type\":\"Organization\",\"@id\":\"https:\\\/\\\/www.sunnyshop211.com\\\/#organization\",\"name\":\"sunnyshop211\",\"alternateName\":\"sunnyshop211 diorama bjd meuble miniature\",\"url\":\"https:\\\/\\\/www.sunnyshop211.com\\\/\",\"logo\":{\"@type\":\"ImageObject\",\"inLanguage\":\"en-US\",\"@id\":\"https:\\\/\\\/www.sunnyshop211.com\\\/#\\\/schema\\\/logo\\\/image\\\/\",\"url\":\"https:\\\/\\\/www.sunnyshop211.com\\\/wp-content\\\/uploads\\\/2022\\\/08\\\/cropped-cropped-cropped-Sunnyshop211-1.png\",\"contentUrl\":\"https:\\\/\\\/www.sunnyshop211.com\\\/wp-content\\\/uploads\\\/2022\\\/08\\\/cropped-cropped-cropped-Sunnyshop211-1.png\",\"width\":339,\"height\":339,\"caption\":\"sunnyshop211\"},\"image\":{\"@id\":\"https:\\\/\\\/www.sunnyshop211.com\\\/#\\\/schema\\\/logo\\\/image\\\/\"},\"sameAs\":[\"https:\\\/\\\/www.facebook.com\\\/sunnyshop211\\\/?ref=bookmarks\",\"https:\\\/\\\/x.com\\\/sunnyshop211\",\"https:\\\/\\\/www.instagram.com\\\/sunnyshop211\\\/\",\"https:\\\/\\\/www.tumblr.com\\\/blog\\\/sunnyshop211\",\"https:\\\/\\\/www.youtube.com\\\/channel\\\/UCtYY18OGGDKrTSzgcf7fCBg\",\"https:\\\/\\\/www.tiktok.com\\\/@sunnydollshop211?is_from_webapp=1&sender_device=pc\"]}]}<\/script>\n<!-- \/ Yoast SEO plugin. -->","yoast_head_json":{"title":"\ud83d\udca1 Miniature LED desk lamp - BJD diorama accessory (1\/3) -","description":"\ud83d\udca1 Miniature LED desk lamp - BJD diorama accessory (1\/3) for BJD SD dolls, feeple, smart Doll or others of similar sizes.","robots":{"index":"index","follow":"follow","max-snippet":"max-snippet:-1","max-image-preview":"max-image-preview:large","max-video-preview":"max-video-preview:-1"},"canonical":"https:\/\/www.sunnyshop211.com\/en\/product\/\ud83d\udca1-lampe-led-de-bureau-miniature-accessoire-diorama-bjd-1-3\/","og_locale":"en_US","og_type":"article","og_title":"\ud83d\udca1 Lampe LED de bureau miniature \u2013 Accessoire diorama BJD (1\/3) -","og_description":"\ud83d\udca1 Lampe LED de bureau miniature \u2013 Accessoire diorama BJD (1\/3) pour poup\u00e9es BJD SD, feeple, smart Doll ou autres de m\u00eame tailles.","og_url":"https:\/\/www.sunnyshop211.com\/en\/product\/\ud83d\udca1-lampe-led-de-bureau-miniature-accessoire-diorama-bjd-1-3\/","og_site_name":"Sunnyshop211 -Vente de dioramas, meubles, miniatures , bjd poup\u00e9es 1\/12 1\/8 1\/6 1\/4 1\/3","article_publisher":"https:\/\/www.facebook.com\/sunnyshop211\/?ref=bookmarks","article_modified_time":"2026-01-04T09:20:37+00:00","og_image":[{"width":1707,"height":2560,"url":"https:\/\/www.sunnyshop211.com\/wp-content\/uploads\/2020\/11\/new-york-104-scaled.jpg","type":"image\/jpeg"}],"twitter_card":"summary_large_image","twitter_site":"@sunnyshop211","twitter_misc":{"Est. reading time":"2 minutes"},"schema":{"@context":"https:\/\/schema.org","@graph":[{"@type":"WebPage","@id":"https:\/\/www.sunnyshop211.com\/produit\/%f0%9f%92%a1-lampe-led-de-bureau-miniature-accessoire-diorama-bjd-1-3\/","url":"https:\/\/www.sunnyshop211.com\/produit\/%f0%9f%92%a1-lampe-led-de-bureau-miniature-accessoire-diorama-bjd-1-3\/","name":"\ud83d\udca1 Miniature LED desk lamp - BJD diorama accessory (1\/3) -","isPartOf":{"@id":"https:\/\/www.sunnyshop211.com\/#website"},"primaryImageOfPage":{"@id":"https:\/\/www.sunnyshop211.com\/produit\/%f0%9f%92%a1-lampe-led-de-bureau-miniature-accessoire-diorama-bjd-1-3\/#primaryimage"},"image":{"@id":"https:\/\/www.sunnyshop211.com\/produit\/%f0%9f%92%a1-lampe-led-de-bureau-miniature-accessoire-diorama-bjd-1-3\/#primaryimage"},"thumbnailUrl":"https:\/\/www.sunnyshop211.com\/wp-content\/uploads\/2020\/11\/new-york-104-scaled.jpg","datePublished":"2020-11-11T18:06:08+00:00","dateModified":"2026-01-04T09:20:37+00:00","description":"\ud83d\udca1 Miniature LED desk lamp - BJD diorama accessory (1\/3) for BJD SD dolls, feeple, smart Doll or others of similar sizes.","breadcrumb":{"@id":"https:\/\/www.sunnyshop211.com\/produit\/%f0%9f%92%a1-lampe-led-de-bureau-miniature-accessoire-diorama-bjd-1-3\/#breadcrumb"},"inLanguage":"en-US","potentialAction":[{"@type":"ReadAction","target":["https:\/\/www.sunnyshop211.com\/produit\/%f0%9f%92%a1-lampe-led-de-bureau-miniature-accessoire-diorama-bjd-1-3\/"]}]},{"@type":"ImageObject","inLanguage":"en-US","@id":"https:\/\/www.sunnyshop211.com\/produit\/%f0%9f%92%a1-lampe-led-de-bureau-miniature-accessoire-diorama-bjd-1-3\/#primaryimage","url":"https:\/\/www.sunnyshop211.com\/wp-content\/uploads\/2020\/11\/new-york-104-scaled.jpg","contentUrl":"https:\/\/www.sunnyshop211.com\/wp-content\/uploads\/2020\/11\/new-york-104-scaled.jpg","width":1707,"height":2560},{"@type":"BreadcrumbList","@id":"https:\/\/www.sunnyshop211.com\/produit\/%f0%9f%92%a1-lampe-led-de-bureau-miniature-accessoire-diorama-bjd-1-3\/#breadcrumb","itemListElement":[{"@type":"ListItem","position":1,"name":"Accueil","item":"https:\/\/www.sunnyshop211.com\/"},{"@type":"ListItem","position":2,"name":"Boutique","item":"https:\/\/www.sunnyshop211.com\/boutique-miniature-bjd-dolls\/"},{"@type":"ListItem","position":3,"name":"\ud83d\udca1 Lampe LED de bureau miniature \u2013 Accessoire diorama BJD (1\/3)"}]},{"@type":"WebSite","@id":"https:\/\/www.sunnyshop211.com\/#website","url":"https:\/\/www.sunnyshop211.com\/","name":"Sale of dioramas, furniture, miniatures, bjd dolls 1\/12 1\/8 1\/6 1\/4 1\/3","description":"Sunnyshop211 - Your miniature world for dolls and BJDs, dioramas and custom-made furniture!","publisher":{"@id":"https:\/\/www.sunnyshop211.com\/#organization"},"alternateName":"sunnyshop211","potentialAction":[{"@type":"SearchAction","target":{"@type":"EntryPoint","urlTemplate":"https:\/\/www.sunnyshop211.com\/?s={search_term_string}"},"query-input":{"@type":"PropertyValueSpecification","valueRequired":true,"valueName":"search_term_string"}}],"inLanguage":"en-US"},{"@type":"Organization","@id":"https:\/\/www.sunnyshop211.com\/#organization","name":"sunnyshop211","alternateName":"sunnyshop211 diorama bjd meuble miniature","url":"https:\/\/www.sunnyshop211.com\/","logo":{"@type":"ImageObject","inLanguage":"en-US","@id":"https:\/\/www.sunnyshop211.com\/#\/schema\/logo\/image\/","url":"https:\/\/www.sunnyshop211.com\/wp-content\/uploads\/2022\/08\/cropped-cropped-cropped-Sunnyshop211-1.png","contentUrl":"https:\/\/www.sunnyshop211.com\/wp-content\/uploads\/2022\/08\/cropped-cropped-cropped-Sunnyshop211-1.png","width":339,"height":339,"caption":"sunnyshop211"},"image":{"@id":"https:\/\/www.sunnyshop211.com\/#\/schema\/logo\/image\/"},"sameAs":["https:\/\/www.facebook.com\/sunnyshop211\/?ref=bookmarks","https:\/\/x.com\/sunnyshop211","https:\/\/www.instagram.com\/sunnyshop211\/","https:\/\/www.tumblr.com\/blog\/sunnyshop211","https:\/\/www.youtube.com\/channel\/UCtYY18OGGDKrTSzgcf7fCBg","https:\/\/www.tiktok.com\/@sunnydollshop211?is_from_webapp=1&sender_device=pc"]}]}},"jetpack_publicize_connections":[],"jetpack_sharing_enabled":true,"_links":{"self":[{"href":"https:\/\/www.sunnyshop211.com\/en\/wp-json\/wp\/v2\/product\/19811","targetHints":{"allow":["GET"]}}],"collection":[{"href":"https:\/\/www.sunnyshop211.com\/en\/wp-json\/wp\/v2\/product"}],"about":[{"href":"https:\/\/www.sunnyshop211.com\/en\/wp-json\/wp\/v2\/types\/product"}],"replies":[{"embeddable":true,"href":"https:\/\/www.sunnyshop211.com\/en\/wp-json\/wp\/v2\/comments?post=19811"}],"version-history":[{"count":8,"href":"https:\/\/www.sunnyshop211.com\/en\/wp-json\/wp\/v2\/product\/19811\/revisions"}],"predecessor-version":[{"id":52384,"href":"https:\/\/www.sunnyshop211.com\/en\/wp-json\/wp\/v2\/product\/19811\/revisions\/52384"}],"wp:featuredmedia":[{"embeddable":true,"href":"https:\/\/www.sunnyshop211.com\/en\/wp-json\/wp\/v2\/media\/19816"}],"wp:attachment":[{"href":"https:\/\/www.sunnyshop211.com\/en\/wp-json\/wp\/v2\/media?parent=19811"}],"wp:term":[{"taxonomy":"product_brand","embeddable":true,"href":"https:\/\/www.sunnyshop211.com\/en\/wp-json\/wp\/v2\/product_brand?post=19811"},{"taxonomy":"product_cat","embeddable":true,"href":"https:\/\/www.sunnyshop211.com\/en\/wp-json\/wp\/v2\/product_cat?post=19811"},{"taxonomy":"product_tag","embeddable":true,"href":"https:\/\/www.sunnyshop211.com\/en\/wp-json\/wp\/v2\/product_tag?post=19811"}],"curies":[{"name":"wp","href":"https:\/\/api.w.org\/{rel}","templated":true}]}}