{"id":19687,"date":"2020-11-11T18:22:30","date_gmt":"2020-11-11T17:22:30","guid":{"rendered":"https:\/\/sunnyshop211.com\/?post_type=product&#038;p=19687"},"modified":"2025-12-31T13:04:47","modified_gmt":"2025-12-31T12:04:47","slug":"cafe-a-emporter-a-customiser-1-4-minifee-msd","status":"publish","type":"product","link":"https:\/\/www.sunnyshop211.com\/en\/product\/cafe-a-emporter-a-customiser-1-4-minifee-msd\/","title":{"rendered":"Coffee to go to customize 1\/4 minifee, MSD"},"content":{"rendered":"<p>&nbsp;<\/p>\n<div id='gallery-1' class='gallery galleryid-19687 gallery-columns-3 gallery-size-thumbnail'><figure class='gallery-item'>\n\t\t\t<div class='gallery-icon portrait'>\n\t\t\t\t<a href='https:\/\/www.sunnyshop211.com\/en\/?attachment_id=19517'><img decoding=\"async\" width=\"150\" height=\"150\" src=\"https:\/\/www.sunnyshop211.com\/wp-content\/uploads\/2020\/11\/new-york-74-150x150.jpg\" class=\"attachment-thumbnail size-thumbnail\" alt=\"Table basse 1\/4 miniature\" srcset=\"https:\/\/www.sunnyshop211.com\/wp-content\/uploads\/2020\/11\/new-york-74-150x150.jpg 150w, https:\/\/www.sunnyshop211.com\/wp-content\/uploads\/2020\/11\/new-york-74-scaled-500x500.jpg 500w, https:\/\/www.sunnyshop211.com\/wp-content\/uploads\/2020\/11\/new-york-74-100x100.jpg 100w\" sizes=\"(max-width: 150px) 100vw, 150px\" \/><\/a>\n\t\t\t<\/div><\/figure><figure class='gallery-item'>\n\t\t\t<div class='gallery-icon portrait'>\n\t\t\t\t<a href='https:\/\/www.sunnyshop211.com\/en\/?attachment_id=19516'><img decoding=\"async\" width=\"150\" height=\"150\" src=\"https:\/\/www.sunnyshop211.com\/wp-content\/uploads\/2020\/11\/new-york-72-150x150.jpg\" class=\"attachment-thumbnail size-thumbnail\" alt=\"\" srcset=\"https:\/\/www.sunnyshop211.com\/wp-content\/uploads\/2020\/11\/new-york-72-150x150.jpg 150w, https:\/\/www.sunnyshop211.com\/wp-content\/uploads\/2020\/11\/new-york-72-scaled-500x500.jpg 500w, https:\/\/www.sunnyshop211.com\/wp-content\/uploads\/2020\/11\/new-york-72-100x100.jpg 100w\" sizes=\"(max-width: 150px) 100vw, 150px\" \/><\/a>\n\t\t\t<\/div><\/figure><figure class='gallery-item'>\n\t\t\t<div class='gallery-icon landscape'>\n\t\t\t\t<a href='https:\/\/www.sunnyshop211.com\/en\/?attachment_id=19499'><img decoding=\"async\" width=\"150\" height=\"150\" src=\"https:\/\/www.sunnyshop211.com\/wp-content\/uploads\/2020\/11\/new-york-4-150x150.jpg\" class=\"attachment-thumbnail size-thumbnail\" alt=\"Miroir miniature 1\/4 minifee\" srcset=\"https:\/\/www.sunnyshop211.com\/wp-content\/uploads\/2020\/11\/new-york-4-150x150.jpg 150w, https:\/\/www.sunnyshop211.com\/wp-content\/uploads\/2020\/11\/new-york-4-scaled-500x500.jpg 500w, https:\/\/www.sunnyshop211.com\/wp-content\/uploads\/2020\/11\/new-york-4-100x100.jpg 100w\" sizes=\"(max-width: 150px) 100vw, 150px\" \/><\/a>\n\t\t\t<\/div><\/figure><figure class='gallery-item'>\n\t\t\t<div class='gallery-icon landscape'>\n\t\t\t\t<a href='https:\/\/www.sunnyshop211.com\/en\/?attachment_id=19694'><img loading=\"lazy\" decoding=\"async\" width=\"150\" height=\"150\" src=\"https:\/\/www.sunnyshop211.com\/wp-content\/uploads\/2020\/11\/new-york-22-150x150.jpg\" class=\"attachment-thumbnail size-thumbnail\" alt=\"\" srcset=\"https:\/\/www.sunnyshop211.com\/wp-content\/uploads\/2020\/11\/new-york-22-150x150.jpg 150w, https:\/\/www.sunnyshop211.com\/wp-content\/uploads\/2020\/11\/new-york-22-scaled-500x500.jpg 500w, https:\/\/www.sunnyshop211.com\/wp-content\/uploads\/2020\/11\/new-york-22-100x100.jpg 100w\" sizes=\"(max-width: 150px) 100vw, 150px\" \/><\/a>\n\t\t\t<\/div><\/figure><figure class='gallery-item'>\n\t\t\t<div class='gallery-icon portrait'>\n\t\t\t\t<a href='https:\/\/www.sunnyshop211.com\/en\/?attachment_id=19695'><img loading=\"lazy\" decoding=\"async\" width=\"150\" height=\"150\" src=\"https:\/\/www.sunnyshop211.com\/wp-content\/uploads\/2020\/11\/new-york-24-scaled-150x150.jpg\" class=\"attachment-thumbnail size-thumbnail\" alt=\"Ordinateur miniature 1\/4\" srcset=\"https:\/\/www.sunnyshop211.com\/wp-content\/uploads\/2020\/11\/new-york-24-scaled-150x150.jpg 150w, https:\/\/www.sunnyshop211.com\/wp-content\/uploads\/2020\/11\/new-york-24-scaled-500x500.jpg 500w, https:\/\/www.sunnyshop211.com\/wp-content\/uploads\/2020\/11\/new-york-24-100x100.jpg 100w\" sizes=\"(max-width: 150px) 100vw, 150px\" \/><\/a>\n\t\t\t<\/div><\/figure>\n\t\t<\/div>\n\n<h2 data-start=\"177\" data-end=\"277\"><strong data-start=\"179\" data-end=\"235\">Miniature customizable takeaway coffee - 1\/4 scale<\/strong><br data-start=\"235\" data-end=\"238\" \/>Minifee - MSD - Unoa - Bimong - Diorama<\/h2>\n<p data-start=\"279\" data-end=\"408\">Add a touch <strong data-start=\"298\" data-end=\"321\">modern and realistic<\/strong> with this fully customizable miniature takeaway.<\/p>\n<hr data-start=\"410\" data-end=\"413\" \/>\n<p data-start=\"415\" data-end=\"432\">\u2728 <strong data-start=\"417\" data-end=\"432\">Description<\/strong><\/p>\n<p data-start=\"434\" data-end=\"563\">This <strong data-start=\"437\" data-end=\"470\">miniature takeaway coffee 1\/4<\/strong> is ideal for accessorizing your urban dioramas, everyday scenes or cocooning moments.<\/p>\n<p data-start=\"565\" data-end=\"647\">- Article <strong data-start=\"575\" data-end=\"585\">fictitious<\/strong><br data-start=\"585\" data-end=\"588\" \/>- Sold <strong data-start=\"596\" data-end=\"609\">per unit<\/strong><br data-start=\"609\" data-end=\"612\" \/>- \u00c0 <strong data-start=\"616\" data-end=\"647\">customize as you wish<\/strong><\/p>\n<hr data-start=\"649\" data-end=\"652\" \/>\n<p data-start=\"654\" data-end=\"677\">\ud83c\udfa8 <strong data-start=\"657\" data-end=\"677\">Personalization<\/strong><\/p>\n<p data-start=\"679\" data-end=\"732\">More <strong data-start=\"687\" data-end=\"728\">50 possible color combinations<\/strong> \u2728<\/p>\n<p data-start=\"734\" data-end=\"812\">You choose :<br \/>\n- the <strong data-start=\"757\" data-end=\"780\">cup color<\/strong><br data-start=\"780\" data-end=\"783\" \/>- the <strong data-start=\"788\" data-end=\"812\">cover color<\/strong><\/p>\n<p data-start=\"814\" data-end=\"870\">\ud83d\udc49 Modulate freely to suit your world and your tastes.<\/p>\n<hr data-start=\"872\" data-end=\"875\" \/>\n<p data-start=\"877\" data-end=\"907\">\ud83d\udccf <strong data-start=\"880\" data-end=\"907\">Scale &amp; compatibility<\/strong><\/p>\n<p data-start=\"909\" data-end=\"1041\">\u2714 <strong data-start=\"911\" data-end=\"928\">Scale: 1\/4<\/strong><br data-start=\"928\" data-end=\"931\" \/>\u2714 Compatible with dolls :<br \/>\n- Minifee<br data-start=\"970\" data-end=\"973\" \/>- MSD<br data-start=\"978\" data-end=\"981\" \/>- Unoa<br data-start=\"987\" data-end=\"990\" \/>- Bimong<br data-start=\"998\" data-end=\"1001\" \/>- Other dolls of equivalent size<\/p>\n<hr data-start=\"1043\" data-end=\"1046\" \/>\n<p data-start=\"1048\" data-end=\"1078\">\ud83d\udd90\ufe0f <strong data-start=\"1052\" data-end=\"1078\">Handcrafted products<\/strong><\/p>\n<p data-start=\"1080\" data-end=\"1129\">- Hand-made<br data-start=\"1099\" data-end=\"1102\" \/>- Each piece is unique<\/p>\n<p data-start=\"1131\" data-end=\"1287\">\u26a0\ufe0f Due to the handcrafted nature of our products, slight variations in shape, color and finish may occur, as well as minor imperfections.<\/p>\n<hr data-start=\"1289\" data-end=\"1292\" \/>\n<p data-start=\"1294\" data-end=\"1329\">\ud83c\udfe1 <strong data-start=\"1297\" data-end=\"1329\">Compatibility &amp; assortments<\/strong><\/p>\n<p data-start=\"1331\" data-end=\"1492\">- Compatible with my <strong data-start=\"1353\" data-end=\"1394\">miniature furniture and accessories 1\/4<\/strong> sold separately<br data-start=\"1412\" data-end=\"1415\" \/>- Many additional decorations are available in the store<\/p>\n<hr data-start=\"1494\" data-end=\"1497\" \/>\n<p data-start=\"1499\" data-end=\"1530\">\ud83d\udcf8 <strong data-start=\"1502\" data-end=\"1530\">Important information<\/strong><\/p>\n<p data-start=\"1532\" data-end=\"1637\">- The photos are <strong data-start=\"1554\" data-end=\"1600\">examples of decoration and staging<\/strong><br data-start=\"1600\" data-end=\"1603\" \/>\u2022 <strong data-start=\"1605\" data-end=\"1624\">A single cup<\/strong> is sold<\/p>\n<p data-start=\"1639\" data-end=\"1721\">\ud83d\udcf8 More photos and inspiration :<br data-start=\"1676\" data-end=\"1679\" \/>\ud83d\udc49 <a class=\"decorated-link\" href=\"https:\/\/www.instagram.com\/sunnyshop211\/\" target=\"_new\" rel=\"noopener\" data-start=\"1682\" data-end=\"1721\">https:\/\/www.instagram.com\/sunnyshop211\/<\/a><\/p>\n<hr data-start=\"1723\" data-end=\"1726\" \/>\n<p data-start=\"1728\" data-end=\"1751\">\u26a0\ufe0f <strong data-start=\"1731\" data-end=\"1751\">Terms of use<\/strong><\/p>\n<p data-start=\"1753\" data-end=\"2008\">- This is not <strong data-start=\"1766\" data-end=\"1782\">not a toy<\/strong><br data-start=\"1782\" data-end=\"1785\" \/>- Article for a <strong data-start=\"1808\" data-end=\"1843\">adult and collector audiences<\/strong><br data-start=\"1843\" data-end=\"1846\" \/>- Made to order - please allow for delivery times. <strong data-start=\"1897\" data-end=\"1938\">manufacturing and delivery times<\/strong><br data-start=\"1938\" data-end=\"1941\" \/>- I am not responsible for any damage incurred in transit.<\/p>\n<hr data-start=\"2010\" data-end=\"2013\" \/>\n<p data-start=\"2015\" data-end=\"2091\">\u2615 <strong data-start=\"2017\" data-end=\"2091\">The perfect accessory to bring your everyday scenes to life in 1\/4.<\/strong><\/p>","protected":false},"excerpt":{"rendered":"<p>&nbsp; Caf\u00e9 \u00e0 emporter miniature \u00e0 customiser \u2013 \u00c9chelle 1\/4Minifee \u00b7 MSD \u00b7 Unoa \u00b7 Bimong \u00b7 Diorama Ajoutez une touche moderne et r\u00e9aliste \u00e0 vos mises en sc\u00e8ne gr\u00e2ce \u00e0 ce caf\u00e9 \u00e0 emporter miniature enti\u00e8rement personnalisable. \u2728 Description Ce caf\u00e9 \u00e0 emporter miniature 1\/4 est id\u00e9al pour accessoiriser vos dioramas urbains, sc\u00e8nes du [&hellip;]<\/p>\n","protected":false},"featured_media":19695,"comment_status":"open","ping_status":"closed","template":"","meta":{"_crdt_document":"","jetpack_post_was_ever_published":false,"jetpack_publicize_message":"","jetpack_publicize_feature_enabled":true,"jetpack_social_post_already_shared":true,"jetpack_social_options":{"image_generator_settings":{"template":"highway","default_image_id":0,"font":"","enabled":false},"version":2}},"product_brand":[],"product_cat":[667687020],"product_tag":[667681143,667681136,667681393,667685400,667681394,667681142,667681363,667685406,667685408,667685720,667681234,667681226,667681233,667681272,667681239,667681392,667681225,667685410,667681241,667684935,667681359,667681236,667681281,667681232,667681173,667681237,667685404,667681177,667681235,667681260],"class_list":{"0":"post-19687","1":"product","2":"type-product","3":"status-publish","4":"has-post-thumbnail","6":"product_cat-boissons","7":"product_tag-bedroom","8":"product_tag-bjd","9":"product_tag-cadre","10":"product_tag-cadre-feuille","11":"product_tag-cadre-message","12":"product_tag-chambre","13":"product_tag-chat","14":"product_tag-cles","15":"product_tag-decoratif","16":"product_tag-design-shelf","17":"product_tag-diorama","18":"product_tag-doll","19":"product_tag-dollhouse","20":"product_tag-elowynn-wilde","21":"product_tag-fairyland","22":"product_tag-frame","23":"product_tag-furniture","24":"product_tag-horloge","25":"product_tag-iplehouse","26":"product_tag-leaf","27":"product_tag-living-room","28":"product_tag-maison-de-poupee","29":"product_tag-meubles","30":"product_tag-miniature","31":"product_tag-minifee","32":"product_tag-msd","33":"product_tag-porte-cles","34":"product_tag-poupee","35":"product_tag-roombox","36":"product_tag-tonner","37":"product_shipping_class-lettresuivie","38":"pa_couleur-argent-silver","39":"pa_couleur-barbie-glitter-pink","40":"pa_couleur-blanc","41":"pa_couleur-dore-golden","42":"pa_couleur-marron","43":"pa_couleur-noir","44":"pa_couleur-rose-pink","45":"pa_couleur-rouge","46":"pa_couleur-vert","48":"first","49":"instock","50":"taxable","51":"shipping-taxable","52":"purchasable","53":"product-type-variable"},"yoast_head":"<!-- This site is optimized with the Yoast SEO plugin v27.4 - https:\/\/yoast.com\/product\/yoast-seo-wordpress\/ -->\n<title>Caf\u00e9 \u00e0 emporter \u00e0 customiser 1\/4 minifee, MSD -<\/title>\n<meta name=\"description\" content=\"Caf\u00e9 \u00e0 emporter \u00e0 customiser 1\/4 minifee, MSD. Ce caf\u00e9 \u00e0 emporter est \u00e0 customiser selon vos d\u00e9sirs plus de 50 combinaisons possible.\" \/>\n<meta name=\"robots\" content=\"index, follow, max-snippet:-1, max-image-preview:large, max-video-preview:-1\" \/>\n<link rel=\"canonical\" href=\"https:\/\/www.sunnyshop211.com\/en\/product\/cafe-a-emporter-a-customiser-1-4-minifee-msd\/\" \/>\n<meta property=\"og:locale\" content=\"en_US\" \/>\n<meta property=\"og:type\" content=\"article\" \/>\n<meta property=\"og:title\" content=\"Caf\u00e9 \u00e0 emporter \u00e0 customiser 1\/4 minifee, MSD -\" \/>\n<meta property=\"og:description\" content=\"Caf\u00e9 \u00e0 emporter \u00e0 customiser 1\/4 minifee, MSD. Ce caf\u00e9 \u00e0 emporter est \u00e0 customiser selon vos d\u00e9sirs plus de 50 combinaisons possible.\" \/>\n<meta property=\"og:url\" content=\"https:\/\/www.sunnyshop211.com\/en\/product\/cafe-a-emporter-a-customiser-1-4-minifee-msd\/\" \/>\n<meta property=\"og:site_name\" content=\"Sunnyshop211 -Vente de dioramas, meubles, miniatures , bjd poup\u00e9es 1\/12 1\/8 1\/6 1\/4 1\/3\" \/>\n<meta property=\"article:publisher\" content=\"https:\/\/www.facebook.com\/sunnyshop211\/?ref=bookmarks\" \/>\n<meta property=\"article:modified_time\" content=\"2025-12-31T12:04:47+00:00\" \/>\n<meta property=\"og:image\" content=\"https:\/\/www.sunnyshop211.com\/wp-content\/uploads\/2020\/11\/new-york-24-scaled.jpg\" \/>\n\t<meta property=\"og:image:width\" content=\"1707\" \/>\n\t<meta property=\"og:image:height\" content=\"2560\" \/>\n\t<meta property=\"og:image:type\" content=\"image\/jpeg\" \/>\n<meta name=\"twitter:card\" content=\"summary_large_image\" \/>\n<meta name=\"twitter:site\" content=\"@sunnyshop211\" \/>\n<meta name=\"twitter:label1\" content=\"Est. reading time\" \/>\n\t<meta name=\"twitter:data1\" content=\"2 minutes\" \/>\n<script type=\"application\/ld+json\" class=\"yoast-schema-graph\">{\"@context\":\"https:\\\/\\\/schema.org\",\"@graph\":[{\"@type\":\"WebPage\",\"@id\":\"https:\\\/\\\/www.sunnyshop211.com\\\/produit\\\/cafe-a-emporter-a-customiser-1-4-minifee-msd\\\/\",\"url\":\"https:\\\/\\\/www.sunnyshop211.com\\\/produit\\\/cafe-a-emporter-a-customiser-1-4-minifee-msd\\\/\",\"name\":\"Caf\u00e9 \u00e0 emporter \u00e0 customiser 1\\\/4 minifee, MSD -\",\"isPartOf\":{\"@id\":\"https:\\\/\\\/www.sunnyshop211.com\\\/#website\"},\"primaryImageOfPage\":{\"@id\":\"https:\\\/\\\/www.sunnyshop211.com\\\/produit\\\/cafe-a-emporter-a-customiser-1-4-minifee-msd\\\/#primaryimage\"},\"image\":{\"@id\":\"https:\\\/\\\/www.sunnyshop211.com\\\/produit\\\/cafe-a-emporter-a-customiser-1-4-minifee-msd\\\/#primaryimage\"},\"thumbnailUrl\":\"https:\\\/\\\/www.sunnyshop211.com\\\/wp-content\\\/uploads\\\/2020\\\/11\\\/new-york-24-scaled.jpg\",\"datePublished\":\"2020-11-11T17:22:30+00:00\",\"dateModified\":\"2025-12-31T12:04:47+00:00\",\"description\":\"Caf\u00e9 \u00e0 emporter \u00e0 customiser 1\\\/4 minifee, MSD. Ce caf\u00e9 \u00e0 emporter est \u00e0 customiser selon vos d\u00e9sirs plus de 50 combinaisons possible.\",\"breadcrumb\":{\"@id\":\"https:\\\/\\\/www.sunnyshop211.com\\\/produit\\\/cafe-a-emporter-a-customiser-1-4-minifee-msd\\\/#breadcrumb\"},\"inLanguage\":\"en-US\",\"potentialAction\":[{\"@type\":\"ReadAction\",\"target\":[\"https:\\\/\\\/www.sunnyshop211.com\\\/produit\\\/cafe-a-emporter-a-customiser-1-4-minifee-msd\\\/\"]}]},{\"@type\":\"ImageObject\",\"inLanguage\":\"en-US\",\"@id\":\"https:\\\/\\\/www.sunnyshop211.com\\\/produit\\\/cafe-a-emporter-a-customiser-1-4-minifee-msd\\\/#primaryimage\",\"url\":\"https:\\\/\\\/www.sunnyshop211.com\\\/wp-content\\\/uploads\\\/2020\\\/11\\\/new-york-24-scaled.jpg\",\"contentUrl\":\"https:\\\/\\\/www.sunnyshop211.com\\\/wp-content\\\/uploads\\\/2020\\\/11\\\/new-york-24-scaled.jpg\",\"width\":1707,\"height\":2560,\"caption\":\"Ordinateur miniature 1\\\/4\"},{\"@type\":\"BreadcrumbList\",\"@id\":\"https:\\\/\\\/www.sunnyshop211.com\\\/produit\\\/cafe-a-emporter-a-customiser-1-4-minifee-msd\\\/#breadcrumb\",\"itemListElement\":[{\"@type\":\"ListItem\",\"position\":1,\"name\":\"Accueil\",\"item\":\"https:\\\/\\\/www.sunnyshop211.com\\\/\"},{\"@type\":\"ListItem\",\"position\":2,\"name\":\"Boutique\",\"item\":\"https:\\\/\\\/www.sunnyshop211.com\\\/boutique-miniature-bjd-dolls\\\/\"},{\"@type\":\"ListItem\",\"position\":3,\"name\":\"Caf\u00e9 \u00e0 emporter \u00e0 customiser 1\\\/4 minifee, MSD\"}]},{\"@type\":\"WebSite\",\"@id\":\"https:\\\/\\\/www.sunnyshop211.com\\\/#website\",\"url\":\"https:\\\/\\\/www.sunnyshop211.com\\\/\",\"name\":\"Vente de dioramas, meubles, miniatures , bjd poup\u00e9es 1\\\/12 1\\\/8 1\\\/6 1\\\/4 1\\\/3\",\"description\":\"Sunnyshop211 - Votre univers miniature pour poup\u00e9es et BJD, dioramas et meubles sur mesure !\",\"publisher\":{\"@id\":\"https:\\\/\\\/www.sunnyshop211.com\\\/#organization\"},\"alternateName\":\"sunnyshop211\",\"potentialAction\":[{\"@type\":\"SearchAction\",\"target\":{\"@type\":\"EntryPoint\",\"urlTemplate\":\"https:\\\/\\\/www.sunnyshop211.com\\\/?s={search_term_string}\"},\"query-input\":{\"@type\":\"PropertyValueSpecification\",\"valueRequired\":true,\"valueName\":\"search_term_string\"}}],\"inLanguage\":\"en-US\"},{\"@type\":\"Organization\",\"@id\":\"https:\\\/\\\/www.sunnyshop211.com\\\/#organization\",\"name\":\"sunnyshop211\",\"alternateName\":\"sunnyshop211 diorama bjd meuble miniature\",\"url\":\"https:\\\/\\\/www.sunnyshop211.com\\\/\",\"logo\":{\"@type\":\"ImageObject\",\"inLanguage\":\"en-US\",\"@id\":\"https:\\\/\\\/www.sunnyshop211.com\\\/#\\\/schema\\\/logo\\\/image\\\/\",\"url\":\"https:\\\/\\\/www.sunnyshop211.com\\\/wp-content\\\/uploads\\\/2022\\\/08\\\/cropped-cropped-cropped-Sunnyshop211-1.png\",\"contentUrl\":\"https:\\\/\\\/www.sunnyshop211.com\\\/wp-content\\\/uploads\\\/2022\\\/08\\\/cropped-cropped-cropped-Sunnyshop211-1.png\",\"width\":339,\"height\":339,\"caption\":\"sunnyshop211\"},\"image\":{\"@id\":\"https:\\\/\\\/www.sunnyshop211.com\\\/#\\\/schema\\\/logo\\\/image\\\/\"},\"sameAs\":[\"https:\\\/\\\/www.facebook.com\\\/sunnyshop211\\\/?ref=bookmarks\",\"https:\\\/\\\/x.com\\\/sunnyshop211\",\"https:\\\/\\\/www.instagram.com\\\/sunnyshop211\\\/\",\"https:\\\/\\\/www.tumblr.com\\\/blog\\\/sunnyshop211\",\"https:\\\/\\\/www.youtube.com\\\/channel\\\/UCtYY18OGGDKrTSzgcf7fCBg\",\"https:\\\/\\\/www.tiktok.com\\\/@sunnydollshop211?is_from_webapp=1&sender_device=pc\"]}]}<\/script>\n<!-- \/ Yoast SEO plugin. -->","yoast_head_json":{"title":"Takeaway coffee to customize 1\/4 minifee, MSD -","description":"Takeaway coffee to customize 1\/4 minifee, MSD. This takeaway coffee can be customized as you wish, with over 50 possible combinations.","robots":{"index":"index","follow":"follow","max-snippet":"max-snippet:-1","max-image-preview":"max-image-preview:large","max-video-preview":"max-video-preview:-1"},"canonical":"https:\/\/www.sunnyshop211.com\/en\/product\/cafe-a-emporter-a-customiser-1-4-minifee-msd\/","og_locale":"en_US","og_type":"article","og_title":"Caf\u00e9 \u00e0 emporter \u00e0 customiser 1\/4 minifee, MSD -","og_description":"Caf\u00e9 \u00e0 emporter \u00e0 customiser 1\/4 minifee, MSD. Ce caf\u00e9 \u00e0 emporter est \u00e0 customiser selon vos d\u00e9sirs plus de 50 combinaisons possible.","og_url":"https:\/\/www.sunnyshop211.com\/en\/product\/cafe-a-emporter-a-customiser-1-4-minifee-msd\/","og_site_name":"Sunnyshop211 -Vente de dioramas, meubles, miniatures , bjd poup\u00e9es 1\/12 1\/8 1\/6 1\/4 1\/3","article_publisher":"https:\/\/www.facebook.com\/sunnyshop211\/?ref=bookmarks","article_modified_time":"2025-12-31T12:04:47+00:00","og_image":[{"width":1707,"height":2560,"url":"https:\/\/www.sunnyshop211.com\/wp-content\/uploads\/2020\/11\/new-york-24-scaled.jpg","type":"image\/jpeg"}],"twitter_card":"summary_large_image","twitter_site":"@sunnyshop211","twitter_misc":{"Est. reading time":"2 minutes"},"schema":{"@context":"https:\/\/schema.org","@graph":[{"@type":"WebPage","@id":"https:\/\/www.sunnyshop211.com\/produit\/cafe-a-emporter-a-customiser-1-4-minifee-msd\/","url":"https:\/\/www.sunnyshop211.com\/produit\/cafe-a-emporter-a-customiser-1-4-minifee-msd\/","name":"Takeaway coffee to customize 1\/4 minifee, MSD -","isPartOf":{"@id":"https:\/\/www.sunnyshop211.com\/#website"},"primaryImageOfPage":{"@id":"https:\/\/www.sunnyshop211.com\/produit\/cafe-a-emporter-a-customiser-1-4-minifee-msd\/#primaryimage"},"image":{"@id":"https:\/\/www.sunnyshop211.com\/produit\/cafe-a-emporter-a-customiser-1-4-minifee-msd\/#primaryimage"},"thumbnailUrl":"https:\/\/www.sunnyshop211.com\/wp-content\/uploads\/2020\/11\/new-york-24-scaled.jpg","datePublished":"2020-11-11T17:22:30+00:00","dateModified":"2025-12-31T12:04:47+00:00","description":"Takeaway coffee to customize 1\/4 minifee, MSD. This takeaway coffee can be customized as you wish, with over 50 possible combinations.","breadcrumb":{"@id":"https:\/\/www.sunnyshop211.com\/produit\/cafe-a-emporter-a-customiser-1-4-minifee-msd\/#breadcrumb"},"inLanguage":"en-US","potentialAction":[{"@type":"ReadAction","target":["https:\/\/www.sunnyshop211.com\/produit\/cafe-a-emporter-a-customiser-1-4-minifee-msd\/"]}]},{"@type":"ImageObject","inLanguage":"en-US","@id":"https:\/\/www.sunnyshop211.com\/produit\/cafe-a-emporter-a-customiser-1-4-minifee-msd\/#primaryimage","url":"https:\/\/www.sunnyshop211.com\/wp-content\/uploads\/2020\/11\/new-york-24-scaled.jpg","contentUrl":"https:\/\/www.sunnyshop211.com\/wp-content\/uploads\/2020\/11\/new-york-24-scaled.jpg","width":1707,"height":2560,"caption":"Ordinateur miniature 1\/4"},{"@type":"BreadcrumbList","@id":"https:\/\/www.sunnyshop211.com\/produit\/cafe-a-emporter-a-customiser-1-4-minifee-msd\/#breadcrumb","itemListElement":[{"@type":"ListItem","position":1,"name":"Accueil","item":"https:\/\/www.sunnyshop211.com\/"},{"@type":"ListItem","position":2,"name":"Boutique","item":"https:\/\/www.sunnyshop211.com\/boutique-miniature-bjd-dolls\/"},{"@type":"ListItem","position":3,"name":"Caf\u00e9 \u00e0 emporter \u00e0 customiser 1\/4 minifee, MSD"}]},{"@type":"WebSite","@id":"https:\/\/www.sunnyshop211.com\/#website","url":"https:\/\/www.sunnyshop211.com\/","name":"Sale of dioramas, furniture, miniatures, bjd dolls 1\/12 1\/8 1\/6 1\/4 1\/3","description":"Sunnyshop211 - Your miniature world for dolls and BJDs, dioramas and custom-made furniture!","publisher":{"@id":"https:\/\/www.sunnyshop211.com\/#organization"},"alternateName":"sunnyshop211","potentialAction":[{"@type":"SearchAction","target":{"@type":"EntryPoint","urlTemplate":"https:\/\/www.sunnyshop211.com\/?s={search_term_string}"},"query-input":{"@type":"PropertyValueSpecification","valueRequired":true,"valueName":"search_term_string"}}],"inLanguage":"en-US"},{"@type":"Organization","@id":"https:\/\/www.sunnyshop211.com\/#organization","name":"sunnyshop211","alternateName":"sunnyshop211 diorama bjd meuble miniature","url":"https:\/\/www.sunnyshop211.com\/","logo":{"@type":"ImageObject","inLanguage":"en-US","@id":"https:\/\/www.sunnyshop211.com\/#\/schema\/logo\/image\/","url":"https:\/\/www.sunnyshop211.com\/wp-content\/uploads\/2022\/08\/cropped-cropped-cropped-Sunnyshop211-1.png","contentUrl":"https:\/\/www.sunnyshop211.com\/wp-content\/uploads\/2022\/08\/cropped-cropped-cropped-Sunnyshop211-1.png","width":339,"height":339,"caption":"sunnyshop211"},"image":{"@id":"https:\/\/www.sunnyshop211.com\/#\/schema\/logo\/image\/"},"sameAs":["https:\/\/www.facebook.com\/sunnyshop211\/?ref=bookmarks","https:\/\/x.com\/sunnyshop211","https:\/\/www.instagram.com\/sunnyshop211\/","https:\/\/www.tumblr.com\/blog\/sunnyshop211","https:\/\/www.youtube.com\/channel\/UCtYY18OGGDKrTSzgcf7fCBg","https:\/\/www.tiktok.com\/@sunnydollshop211?is_from_webapp=1&sender_device=pc"]}]}},"jetpack_publicize_connections":[],"jetpack_sharing_enabled":true,"_links":{"self":[{"href":"https:\/\/www.sunnyshop211.com\/en\/wp-json\/wp\/v2\/product\/19687","targetHints":{"allow":["GET"]}}],"collection":[{"href":"https:\/\/www.sunnyshop211.com\/en\/wp-json\/wp\/v2\/product"}],"about":[{"href":"https:\/\/www.sunnyshop211.com\/en\/wp-json\/wp\/v2\/types\/product"}],"replies":[{"embeddable":true,"href":"https:\/\/www.sunnyshop211.com\/en\/wp-json\/wp\/v2\/comments?post=19687"}],"version-history":[{"count":6,"href":"https:\/\/www.sunnyshop211.com\/en\/wp-json\/wp\/v2\/product\/19687\/revisions"}],"predecessor-version":[{"id":53708,"href":"https:\/\/www.sunnyshop211.com\/en\/wp-json\/wp\/v2\/product\/19687\/revisions\/53708"}],"wp:featuredmedia":[{"embeddable":true,"href":"https:\/\/www.sunnyshop211.com\/en\/wp-json\/wp\/v2\/media\/19695"}],"wp:attachment":[{"href":"https:\/\/www.sunnyshop211.com\/en\/wp-json\/wp\/v2\/media?parent=19687"}],"wp:term":[{"taxonomy":"product_brand","embeddable":true,"href":"https:\/\/www.sunnyshop211.com\/en\/wp-json\/wp\/v2\/product_brand?post=19687"},{"taxonomy":"product_cat","embeddable":true,"href":"https:\/\/www.sunnyshop211.com\/en\/wp-json\/wp\/v2\/product_cat?post=19687"},{"taxonomy":"product_tag","embeddable":true,"href":"https:\/\/www.sunnyshop211.com\/en\/wp-json\/wp\/v2\/product_tag?post=19687"}],"curies":[{"name":"wp","href":"https:\/\/api.w.org\/{rel}","templated":true}]}}