{"id":19625,"date":"2020-11-11T18:01:50","date_gmt":"2020-11-11T17:01:50","guid":{"rendered":"https:\/\/sunnyshop211.com\/?post_type=product&#038;p=19625"},"modified":"2025-12-29T16:07:05","modified_gmt":"2025-12-29T15:07:05","slug":"cadre-miniature-1-4-love-decoration-diorama-minifee-msd","status":"publish","type":"product","link":"https:\/\/www.sunnyshop211.com\/en\/product\/cadre-miniature-1-4-love-decoration-diorama-minifee-msd\/","title":{"rendered":"Miniature frame 1\/4 LOVE, diorama minifee decoration, MSD"},"content":{"rendered":"<p>&nbsp;<\/p>\n<div id='gallery-1' class='gallery galleryid-19625 gallery-columns-3 gallery-size-thumbnail'><figure class='gallery-item'>\n\t\t\t<div class='gallery-icon landscape'>\n\t\t\t\t<a href='https:\/\/www.sunnyshop211.com\/en\/?attachment_id=19622'><img decoding=\"async\" width=\"150\" height=\"150\" src=\"https:\/\/www.sunnyshop211.com\/wp-content\/uploads\/2020\/11\/new-york-84-scaled-150x150.jpg\" class=\"attachment-thumbnail size-thumbnail\" alt=\"Miniature statue diorama 1\/4\" srcset=\"https:\/\/www.sunnyshop211.com\/wp-content\/uploads\/2020\/11\/new-york-84-scaled-150x150.jpg 150w, https:\/\/www.sunnyshop211.com\/wp-content\/uploads\/2020\/11\/new-york-84-scaled-500x500.jpg 500w, https:\/\/www.sunnyshop211.com\/wp-content\/uploads\/2020\/11\/new-york-84-100x100.jpg 100w\" sizes=\"(max-width: 150px) 100vw, 150px\" \/><\/a>\n\t\t\t<\/div><\/figure><figure class='gallery-item'>\n\t\t\t<div class='gallery-icon landscape'>\n\t\t\t\t<a href='https:\/\/www.sunnyshop211.com\/en\/?attachment_id=19590'><img decoding=\"async\" width=\"150\" height=\"150\" src=\"https:\/\/www.sunnyshop211.com\/wp-content\/uploads\/2020\/11\/new-york-61-scaled-150x150.jpg\" class=\"attachment-thumbnail size-thumbnail\" alt=\"Cadre miniature diorama 1\/4\" srcset=\"https:\/\/www.sunnyshop211.com\/wp-content\/uploads\/2020\/11\/new-york-61-scaled-150x150.jpg 150w, https:\/\/www.sunnyshop211.com\/wp-content\/uploads\/2020\/11\/new-york-61-scaled-500x500.jpg 500w, https:\/\/www.sunnyshop211.com\/wp-content\/uploads\/2020\/11\/new-york-61-100x100.jpg 100w\" sizes=\"(max-width: 150px) 100vw, 150px\" \/><\/a>\n\t\t\t<\/div><\/figure><figure class='gallery-item'>\n\t\t\t<div class='gallery-icon landscape'>\n\t\t\t\t<a href='https:\/\/www.sunnyshop211.com\/en\/?attachment_id=19591'><img decoding=\"async\" width=\"150\" height=\"150\" src=\"https:\/\/www.sunnyshop211.com\/wp-content\/uploads\/2020\/11\/new-york-62-150x150.jpg\" class=\"attachment-thumbnail size-thumbnail\" alt=\"Horloge miniature 1\/4\" srcset=\"https:\/\/www.sunnyshop211.com\/wp-content\/uploads\/2020\/11\/new-york-62-150x150.jpg 150w, https:\/\/www.sunnyshop211.com\/wp-content\/uploads\/2020\/11\/new-york-62-scaled-500x500.jpg 500w, https:\/\/www.sunnyshop211.com\/wp-content\/uploads\/2020\/11\/new-york-62-100x100.jpg 100w\" sizes=\"(max-width: 150px) 100vw, 150px\" \/><\/a>\n\t\t\t<\/div><\/figure>\n\t\t<\/div>\n\n<h2 data-start=\"180\" data-end=\"241\">Miniature frame 1\/4 \u00ab LOVE \u00bb - BJD diorama decoration<\/h2>\n<p data-start=\"242\" data-end=\"285\">Minifee - MSD - other dolls of the same size<\/p>\n<h3 data-start=\"287\" data-end=\"304\">\u2728 Description<\/h3>\n<p data-start=\"306\" data-end=\"560\">This <strong data-start=\"309\" data-end=\"363\">LOVE\u00ab decorative miniature frame in 1\/4 scale<\/strong> is ideal for <strong data-start=\"379\" data-end=\"428\">accessorize your dioramas and stagings<\/strong>.<br data-start=\"429\" data-end=\"432\" \/>For installation, it adds a touch of <strong data-start=\"463\" data-end=\"494\">romantic, modern or cosy<\/strong> to your miniature interiors: living room, bedroom, office or dressing room.<\/p>\n<p data-start=\"562\" data-end=\"639\">\ud83d\udc49 The frame is sold <strong data-start=\"584\" data-end=\"598\">without photo<\/strong>, <strong data-start=\"600\" data-end=\"621\">ready to customize<\/strong> according to your wishes.<\/p>\n<hr data-start=\"641\" data-end=\"644\" \/>\n<h3 data-start=\"646\" data-end=\"676\">\ud83d\udccf Scale &amp; compatibility<\/h3>\n<p data-start=\"678\" data-end=\"716\">Compatible with dolls at <strong data-start=\"707\" data-end=\"714\">1\/4<\/strong> :<\/p>\n<p data-start=\"718\" data-end=\"778\">- Minifee<br data-start=\"727\" data-end=\"730\" \/>- MSD<br data-start=\"735\" data-end=\"738\" \/>- Other dolls of equivalent size<\/p>\n<p data-start=\"780\" data-end=\"869\">\ud83d\udc49 Compatible with <strong data-start=\"799\" data-end=\"833\">my furniture and accessories 1\/4<\/strong> sold separately in the store.<\/p>\n<hr data-start=\"871\" data-end=\"874\" \/>\n<h3 data-start=\"876\" data-end=\"902\">\ud83c\udfa8 Finishes &amp; options<\/h3>\n<p data-start=\"904\" data-end=\"933\">You choose the finish:<\/p>\n<p data-start=\"935\" data-end=\"988\">\u2022 <strong data-start=\"937\" data-end=\"946\">Painted<\/strong><br data-start=\"946\" data-end=\"949\" \/>- or <strong data-start=\"954\" data-end=\"967\">unpainted<\/strong>, ready to customize<\/p>\n<p data-start=\"990\" data-end=\"1040\">\ud83d\udc49 Unpainted frames are supplied unfinished.<\/p>\n<hr data-start=\"1042\" data-end=\"1045\" \/>\n<h3 data-start=\"1047\" data-end=\"1061\">\ud83d\udce6 Contents<\/h3>\n<p data-start=\"1063\" data-end=\"1132\">\u2022 <strong data-start=\"1065\" data-end=\"1107\">1 decorative miniature frame 1\/4 \u201cLOVE\u201d<\/strong><br data-start=\"1107\" data-end=\"1110\" \/>- Sold <strong data-start=\"1118\" data-end=\"1132\">without photo<\/strong><\/p>\n<p data-start=\"1134\" data-end=\"1175\">\ud83d\udc49 The price is indicated <strong data-start=\"1157\" data-end=\"1174\">for an executive<\/strong>.<\/p>\n<p data-start=\"1177\" data-end=\"1279\">Other elements visible in the photos are <strong data-start=\"1226\" data-end=\"1256\">decoration examples<\/strong> and are not included.<\/p>\n<hr data-start=\"1281\" data-end=\"1284\" \/>\n<h3 data-start=\"1286\" data-end=\"1304\">\ud83c\udfe1 Use<\/h3>\n<p data-start=\"1306\" data-end=\"1439\">- Dioramas &amp; rooms box<br data-start=\"1328\" data-end=\"1331\" \/>- Miniature living room, bedroom and office decoration<br data-start=\"1379\" data-end=\"1382\" \/>- Photo staging<br data-start=\"1403\" data-end=\"1406\" \/>- Romantic or lifestyle d\u00e9cor<\/p>\n<hr data-start=\"1441\" data-end=\"1444\" \/>\n<h3 data-start=\"1446\" data-end=\"1475\">\ud83e\uddf5 Handcrafted<\/h3>\n<p data-start=\"1477\" data-end=\"1538\">- Article <strong data-start=\"1487\" data-end=\"1505\">handmade<\/strong><br data-start=\"1505\" data-end=\"1508\" \/>- Manufacturing <strong data-start=\"1522\" data-end=\"1538\">to order<\/strong><\/p>\n<p data-start=\"1540\" data-end=\"1722\">Because of its artisanal character :<br data-start=\"1574\" data-end=\"1577\" \/>- slight variations in shape or color may occur<br data-start=\"1642\" data-end=\"1645\" \/>- some minor imperfections are possible<br data-start=\"1692\" data-end=\"1695\" \/>- each piece is unique<\/p>\n<hr data-start=\"1724\" data-end=\"1727\" \/>\n<h3 data-start=\"1729\" data-end=\"1755\">\u23f3 Manufacturing &amp; lead times<\/h3>\n<p data-start=\"1757\" data-end=\"1924\">- Article made to order<br data-start=\"1787\" data-end=\"1790\" \/>- Please note <strong data-start=\"1818\" data-end=\"1859\">manufacturing and delivery times<\/strong><br data-start=\"1859\" data-end=\"1862\" \/>\u27a1\ufe0f See <em data-start=\"1870\" data-end=\"1924\">Terms and conditions of sale and delivery times<\/em><\/p>\n<hr data-start=\"1926\" data-end=\"1929\" \/>\n<h3 data-start=\"1931\" data-end=\"1962\">\u26a0\ufe0f Important information<\/h3>\n<p data-start=\"1964\" data-end=\"2201\">\u2022 <strong data-start=\"1966\" data-end=\"1993\">This is not a toy<\/strong><br data-start=\"1993\" data-end=\"1996\" \/>- Article for a <strong data-start=\"2019\" data-end=\"2036\">adult audience<\/strong><br data-start=\"2036\" data-end=\"2039\" \/>- Decorative object <strong data-start=\"2057\" data-end=\"2076\">non-functional<\/strong><br data-start=\"2076\" data-end=\"2079\" \/>- The photos are <strong data-start=\"2101\" data-end=\"2127\">decoration examples<\/strong><br data-start=\"2127\" data-end=\"2130\" \/>\u2022 <strong data-start=\"2132\" data-end=\"2201\">I am not responsible for any damage during transport<\/strong><\/p>\n<hr data-start=\"2203\" data-end=\"2206\" \/>\n<h3 data-start=\"2208\" data-end=\"2244\">\ud83d\udcf8 More photos &amp; inspiration<\/h3>\n<p data-start=\"2246\" data-end=\"2288\">\ud83d\udc49 <a class=\"decorated-link\" href=\"https:\/\/www.instagram.com\/sunnyshop211\/\" target=\"_new\" rel=\"noopener\" data-start=\"2249\" data-end=\"2288\">https:\/\/www.instagram.com\/sunnyshop211\/<\/a><\/p>\n<hr data-start=\"2290\" data-end=\"2293\" \/>\n<p data-start=\"2295\" data-end=\"2384\">\u2728 <strong data-start=\"2297\" data-end=\"2384\">A timeless little \u201cLOVE\u201d frame to bring warmth and softness to your 1\/4 scenes.<\/strong><\/p>","protected":false},"excerpt":{"rendered":"<p>&nbsp; Cadre miniature 1\/4 \u00ab LOVE \u00bb \u2013 D\u00e9coration diorama BJD Minifee \u2022 MSD \u2022 autres dolls de m\u00eame taille \u2728 Description Ce cadre miniature d\u00e9coratif \u00ab LOVE \u00bb \u00e0 l\u2019\u00e9chelle 1\/4 est id\u00e9al pour accessoiriser vos dioramas et mises en sc\u00e8nes.\u00c0 poser, il apporte une touche romantique, moderne ou cosy \u00e0 vos int\u00e9rieurs miniatures [&hellip;]<\/p>\n","protected":false},"featured_media":19622,"comment_status":"open","ping_status":"closed","template":"","meta":{"_crdt_document":"","jetpack_post_was_ever_published":false,"jetpack_publicize_message":"","jetpack_publicize_feature_enabled":true,"jetpack_social_post_already_shared":true,"jetpack_social_options":{"image_generator_settings":{"template":"highway","default_image_id":0,"font":"","enabled":false},"version":2}},"product_brand":[],"product_cat":[667687008],"product_tag":[667681143,667681136,667681393,667685400,667681394,667681142,667681363,667685406,667685408,667681234,667681226,667681233,667681272,667681239,667681392,667681225,667685410,667681241,667684935,667681359,667681236,667681281,667681232,667681173,667681237,667685404,667681177,667681235,667681260],"class_list":{"0":"post-19625","1":"product","2":"type-product","3":"status-publish","4":"has-post-thumbnail","6":"product_cat-cadres-decor-mural","7":"product_tag-bedroom","8":"product_tag-bjd","9":"product_tag-cadre","10":"product_tag-cadre-feuille","11":"product_tag-cadre-message","12":"product_tag-chambre","13":"product_tag-chat","14":"product_tag-cles","15":"product_tag-decoratif","16":"product_tag-diorama","17":"product_tag-doll","18":"product_tag-dollhouse","19":"product_tag-elowynn-wilde","20":"product_tag-fairyland","21":"product_tag-frame","22":"product_tag-furniture","23":"product_tag-horloge","24":"product_tag-iplehouse","25":"product_tag-leaf","26":"product_tag-living-room","27":"product_tag-maison-de-poupee","28":"product_tag-meubles","29":"product_tag-miniature","30":"product_tag-minifee","31":"product_tag-msd","32":"product_tag-porte-cles","33":"product_tag-poupee","34":"product_tag-roombox","35":"product_tag-tonner","36":"product_shipping_class-lettre-suivie-3","37":"pa_couleur-blanc","38":"pa_couleur-noir","39":"pa_couleur-non-peint","40":"pa_couleur-rose-pink","41":"pa_couleur-rouge","42":"pa_couleur-vert","44":"first","45":"instock","46":"taxable","47":"shipping-taxable","48":"purchasable","49":"product-type-variable"},"yoast_head":"<!-- This site is optimized with the Yoast SEO plugin v27.5 - https:\/\/yoast.com\/product\/yoast-seo-wordpress\/ -->\n<title>Cadre miniature 1\/4 LOVE, d\u00e9coration diorama minifee, MSD -<\/title>\n<meta name=\"description\" content=\"Cadre miniature 1\/4 LOVE, d\u00e9coration diorama pour poup\u00e9es minifee, MSD, Ellowynne Wilde, Tonner ou autre de m\u00eame tailles.\" \/>\n<meta name=\"robots\" content=\"index, follow, max-snippet:-1, max-image-preview:large, max-video-preview:-1\" \/>\n<link rel=\"canonical\" href=\"https:\/\/www.sunnyshop211.com\/en\/product\/cadre-miniature-1-4-love-decoration-diorama-minifee-msd\/\" \/>\n<meta property=\"og:locale\" content=\"en_US\" \/>\n<meta property=\"og:type\" content=\"article\" \/>\n<meta property=\"og:title\" content=\"Cadre miniature 1\/4 LOVE, d\u00e9coration diorama minifee, MSD -\" \/>\n<meta property=\"og:description\" content=\"Cadre miniature 1\/4 LOVE, d\u00e9coration diorama pour poup\u00e9es minifee, MSD, Ellowynne Wilde, Tonner ou autre de m\u00eame tailles.\" \/>\n<meta property=\"og:url\" content=\"https:\/\/www.sunnyshop211.com\/en\/product\/cadre-miniature-1-4-love-decoration-diorama-minifee-msd\/\" \/>\n<meta property=\"og:site_name\" content=\"Sunnyshop211 -Vente de dioramas, meubles, miniatures , bjd poup\u00e9es 1\/12 1\/8 1\/6 1\/4 1\/3\" \/>\n<meta property=\"article:publisher\" content=\"https:\/\/www.facebook.com\/sunnyshop211\/?ref=bookmarks\" \/>\n<meta property=\"article:modified_time\" content=\"2025-12-29T15:07:05+00:00\" \/>\n<meta property=\"og:image\" content=\"https:\/\/www.sunnyshop211.com\/wp-content\/uploads\/2020\/11\/new-york-84-scaled.jpg\" \/>\n\t<meta property=\"og:image:width\" content=\"2560\" \/>\n\t<meta property=\"og:image:height\" content=\"1707\" \/>\n\t<meta property=\"og:image:type\" content=\"image\/jpeg\" \/>\n<meta name=\"twitter:card\" content=\"summary_large_image\" \/>\n<meta name=\"twitter:site\" content=\"@sunnyshop211\" \/>\n<meta name=\"twitter:label1\" content=\"Est. reading time\" \/>\n\t<meta name=\"twitter:data1\" content=\"2 minutes\" \/>\n<script type=\"application\/ld+json\" class=\"yoast-schema-graph\">{\"@context\":\"https:\\\/\\\/schema.org\",\"@graph\":[{\"@type\":\"WebPage\",\"@id\":\"https:\\\/\\\/www.sunnyshop211.com\\\/produit\\\/cadre-miniature-1-4-love-decoration-diorama-minifee-msd\\\/\",\"url\":\"https:\\\/\\\/www.sunnyshop211.com\\\/produit\\\/cadre-miniature-1-4-love-decoration-diorama-minifee-msd\\\/\",\"name\":\"Cadre miniature 1\\\/4 LOVE, d\u00e9coration diorama minifee, MSD -\",\"isPartOf\":{\"@id\":\"https:\\\/\\\/www.sunnyshop211.com\\\/#website\"},\"primaryImageOfPage\":{\"@id\":\"https:\\\/\\\/www.sunnyshop211.com\\\/produit\\\/cadre-miniature-1-4-love-decoration-diorama-minifee-msd\\\/#primaryimage\"},\"image\":{\"@id\":\"https:\\\/\\\/www.sunnyshop211.com\\\/produit\\\/cadre-miniature-1-4-love-decoration-diorama-minifee-msd\\\/#primaryimage\"},\"thumbnailUrl\":\"https:\\\/\\\/www.sunnyshop211.com\\\/wp-content\\\/uploads\\\/2020\\\/11\\\/new-york-84-scaled.jpg\",\"datePublished\":\"2020-11-11T17:01:50+00:00\",\"dateModified\":\"2025-12-29T15:07:05+00:00\",\"description\":\"Cadre miniature 1\\\/4 LOVE, d\u00e9coration diorama pour poup\u00e9es minifee, MSD, Ellowynne Wilde, Tonner ou autre de m\u00eame tailles.\",\"breadcrumb\":{\"@id\":\"https:\\\/\\\/www.sunnyshop211.com\\\/produit\\\/cadre-miniature-1-4-love-decoration-diorama-minifee-msd\\\/#breadcrumb\"},\"inLanguage\":\"en-US\",\"potentialAction\":[{\"@type\":\"ReadAction\",\"target\":[\"https:\\\/\\\/www.sunnyshop211.com\\\/produit\\\/cadre-miniature-1-4-love-decoration-diorama-minifee-msd\\\/\"]}]},{\"@type\":\"ImageObject\",\"inLanguage\":\"en-US\",\"@id\":\"https:\\\/\\\/www.sunnyshop211.com\\\/produit\\\/cadre-miniature-1-4-love-decoration-diorama-minifee-msd\\\/#primaryimage\",\"url\":\"https:\\\/\\\/www.sunnyshop211.com\\\/wp-content\\\/uploads\\\/2020\\\/11\\\/new-york-84-scaled.jpg\",\"contentUrl\":\"https:\\\/\\\/www.sunnyshop211.com\\\/wp-content\\\/uploads\\\/2020\\\/11\\\/new-york-84-scaled.jpg\",\"width\":2560,\"height\":1707,\"caption\":\"Miniature statue diorama 1\\\/4\"},{\"@type\":\"BreadcrumbList\",\"@id\":\"https:\\\/\\\/www.sunnyshop211.com\\\/produit\\\/cadre-miniature-1-4-love-decoration-diorama-minifee-msd\\\/#breadcrumb\",\"itemListElement\":[{\"@type\":\"ListItem\",\"position\":1,\"name\":\"Accueil\",\"item\":\"https:\\\/\\\/www.sunnyshop211.com\\\/\"},{\"@type\":\"ListItem\",\"position\":2,\"name\":\"Boutique\",\"item\":\"https:\\\/\\\/www.sunnyshop211.com\\\/boutique-miniature-bjd-dolls\\\/\"},{\"@type\":\"ListItem\",\"position\":3,\"name\":\"Cadre miniature 1\\\/4 LOVE, d\u00e9coration diorama minifee, MSD\"}]},{\"@type\":\"WebSite\",\"@id\":\"https:\\\/\\\/www.sunnyshop211.com\\\/#website\",\"url\":\"https:\\\/\\\/www.sunnyshop211.com\\\/\",\"name\":\"Vente de dioramas, meubles, miniatures , bjd poup\u00e9es 1\\\/12 1\\\/8 1\\\/6 1\\\/4 1\\\/3\",\"description\":\"Sunnyshop211 - Votre univers miniature pour poup\u00e9es et BJD, dioramas et meubles sur mesure !\",\"publisher\":{\"@id\":\"https:\\\/\\\/www.sunnyshop211.com\\\/#organization\"},\"alternateName\":\"sunnyshop211\",\"potentialAction\":[{\"@type\":\"SearchAction\",\"target\":{\"@type\":\"EntryPoint\",\"urlTemplate\":\"https:\\\/\\\/www.sunnyshop211.com\\\/?s={search_term_string}\"},\"query-input\":{\"@type\":\"PropertyValueSpecification\",\"valueRequired\":true,\"valueName\":\"search_term_string\"}}],\"inLanguage\":\"en-US\"},{\"@type\":\"Organization\",\"@id\":\"https:\\\/\\\/www.sunnyshop211.com\\\/#organization\",\"name\":\"sunnyshop211\",\"alternateName\":\"sunnyshop211 diorama bjd meuble miniature\",\"url\":\"https:\\\/\\\/www.sunnyshop211.com\\\/\",\"logo\":{\"@type\":\"ImageObject\",\"inLanguage\":\"en-US\",\"@id\":\"https:\\\/\\\/www.sunnyshop211.com\\\/#\\\/schema\\\/logo\\\/image\\\/\",\"url\":\"https:\\\/\\\/www.sunnyshop211.com\\\/wp-content\\\/uploads\\\/2022\\\/08\\\/cropped-cropped-cropped-Sunnyshop211-1.png\",\"contentUrl\":\"https:\\\/\\\/www.sunnyshop211.com\\\/wp-content\\\/uploads\\\/2022\\\/08\\\/cropped-cropped-cropped-Sunnyshop211-1.png\",\"width\":339,\"height\":339,\"caption\":\"sunnyshop211\"},\"image\":{\"@id\":\"https:\\\/\\\/www.sunnyshop211.com\\\/#\\\/schema\\\/logo\\\/image\\\/\"},\"sameAs\":[\"https:\\\/\\\/www.facebook.com\\\/sunnyshop211\\\/?ref=bookmarks\",\"https:\\\/\\\/x.com\\\/sunnyshop211\",\"https:\\\/\\\/www.instagram.com\\\/sunnyshop211\\\/\",\"https:\\\/\\\/www.tumblr.com\\\/blog\\\/sunnyshop211\",\"https:\\\/\\\/www.youtube.com\\\/channel\\\/UCtYY18OGGDKrTSzgcf7fCBg\",\"https:\\\/\\\/www.tiktok.com\\\/@sunnydollshop211?is_from_webapp=1&sender_device=pc\"]}]}<\/script>\n<!-- \/ Yoast SEO plugin. -->","yoast_head_json":{"title":"Miniature frame 1\/4 LOVE, minifee diorama decoration, MSD -","description":"1\/4 LOVE miniature frame, diorama decoration for minifee dolls, MSD, Ellowynne Wilde, Tonner or other dolls of the same size.","robots":{"index":"index","follow":"follow","max-snippet":"max-snippet:-1","max-image-preview":"max-image-preview:large","max-video-preview":"max-video-preview:-1"},"canonical":"https:\/\/www.sunnyshop211.com\/en\/product\/cadre-miniature-1-4-love-decoration-diorama-minifee-msd\/","og_locale":"en_US","og_type":"article","og_title":"Cadre miniature 1\/4 LOVE, d\u00e9coration diorama minifee, MSD -","og_description":"Cadre miniature 1\/4 LOVE, d\u00e9coration diorama pour poup\u00e9es minifee, MSD, Ellowynne Wilde, Tonner ou autre de m\u00eame tailles.","og_url":"https:\/\/www.sunnyshop211.com\/en\/product\/cadre-miniature-1-4-love-decoration-diorama-minifee-msd\/","og_site_name":"Sunnyshop211 -Vente de dioramas, meubles, miniatures , bjd poup\u00e9es 1\/12 1\/8 1\/6 1\/4 1\/3","article_publisher":"https:\/\/www.facebook.com\/sunnyshop211\/?ref=bookmarks","article_modified_time":"2025-12-29T15:07:05+00:00","og_image":[{"width":2560,"height":1707,"url":"https:\/\/www.sunnyshop211.com\/wp-content\/uploads\/2020\/11\/new-york-84-scaled.jpg","type":"image\/jpeg"}],"twitter_card":"summary_large_image","twitter_site":"@sunnyshop211","twitter_misc":{"Est. reading time":"2 minutes"},"schema":{"@context":"https:\/\/schema.org","@graph":[{"@type":"WebPage","@id":"https:\/\/www.sunnyshop211.com\/produit\/cadre-miniature-1-4-love-decoration-diorama-minifee-msd\/","url":"https:\/\/www.sunnyshop211.com\/produit\/cadre-miniature-1-4-love-decoration-diorama-minifee-msd\/","name":"Miniature frame 1\/4 LOVE, minifee diorama decoration, MSD -","isPartOf":{"@id":"https:\/\/www.sunnyshop211.com\/#website"},"primaryImageOfPage":{"@id":"https:\/\/www.sunnyshop211.com\/produit\/cadre-miniature-1-4-love-decoration-diorama-minifee-msd\/#primaryimage"},"image":{"@id":"https:\/\/www.sunnyshop211.com\/produit\/cadre-miniature-1-4-love-decoration-diorama-minifee-msd\/#primaryimage"},"thumbnailUrl":"https:\/\/www.sunnyshop211.com\/wp-content\/uploads\/2020\/11\/new-york-84-scaled.jpg","datePublished":"2020-11-11T17:01:50+00:00","dateModified":"2025-12-29T15:07:05+00:00","description":"1\/4 LOVE miniature frame, diorama decoration for minifee dolls, MSD, Ellowynne Wilde, Tonner or other dolls of the same size.","breadcrumb":{"@id":"https:\/\/www.sunnyshop211.com\/produit\/cadre-miniature-1-4-love-decoration-diorama-minifee-msd\/#breadcrumb"},"inLanguage":"en-US","potentialAction":[{"@type":"ReadAction","target":["https:\/\/www.sunnyshop211.com\/produit\/cadre-miniature-1-4-love-decoration-diorama-minifee-msd\/"]}]},{"@type":"ImageObject","inLanguage":"en-US","@id":"https:\/\/www.sunnyshop211.com\/produit\/cadre-miniature-1-4-love-decoration-diorama-minifee-msd\/#primaryimage","url":"https:\/\/www.sunnyshop211.com\/wp-content\/uploads\/2020\/11\/new-york-84-scaled.jpg","contentUrl":"https:\/\/www.sunnyshop211.com\/wp-content\/uploads\/2020\/11\/new-york-84-scaled.jpg","width":2560,"height":1707,"caption":"Miniature statue diorama 1\/4"},{"@type":"BreadcrumbList","@id":"https:\/\/www.sunnyshop211.com\/produit\/cadre-miniature-1-4-love-decoration-diorama-minifee-msd\/#breadcrumb","itemListElement":[{"@type":"ListItem","position":1,"name":"Accueil","item":"https:\/\/www.sunnyshop211.com\/"},{"@type":"ListItem","position":2,"name":"Boutique","item":"https:\/\/www.sunnyshop211.com\/boutique-miniature-bjd-dolls\/"},{"@type":"ListItem","position":3,"name":"Cadre miniature 1\/4 LOVE, d\u00e9coration diorama minifee, MSD"}]},{"@type":"WebSite","@id":"https:\/\/www.sunnyshop211.com\/#website","url":"https:\/\/www.sunnyshop211.com\/","name":"Sale of dioramas, furniture, miniatures, bjd dolls 1\/12 1\/8 1\/6 1\/4 1\/3","description":"Sunnyshop211 - Your miniature world for dolls and BJDs, dioramas and custom-made furniture!","publisher":{"@id":"https:\/\/www.sunnyshop211.com\/#organization"},"alternateName":"sunnyshop211","potentialAction":[{"@type":"SearchAction","target":{"@type":"EntryPoint","urlTemplate":"https:\/\/www.sunnyshop211.com\/?s={search_term_string}"},"query-input":{"@type":"PropertyValueSpecification","valueRequired":true,"valueName":"search_term_string"}}],"inLanguage":"en-US"},{"@type":"Organization","@id":"https:\/\/www.sunnyshop211.com\/#organization","name":"sunnyshop211","alternateName":"sunnyshop211 diorama bjd meuble miniature","url":"https:\/\/www.sunnyshop211.com\/","logo":{"@type":"ImageObject","inLanguage":"en-US","@id":"https:\/\/www.sunnyshop211.com\/#\/schema\/logo\/image\/","url":"https:\/\/www.sunnyshop211.com\/wp-content\/uploads\/2022\/08\/cropped-cropped-cropped-Sunnyshop211-1.png","contentUrl":"https:\/\/www.sunnyshop211.com\/wp-content\/uploads\/2022\/08\/cropped-cropped-cropped-Sunnyshop211-1.png","width":339,"height":339,"caption":"sunnyshop211"},"image":{"@id":"https:\/\/www.sunnyshop211.com\/#\/schema\/logo\/image\/"},"sameAs":["https:\/\/www.facebook.com\/sunnyshop211\/?ref=bookmarks","https:\/\/x.com\/sunnyshop211","https:\/\/www.instagram.com\/sunnyshop211\/","https:\/\/www.tumblr.com\/blog\/sunnyshop211","https:\/\/www.youtube.com\/channel\/UCtYY18OGGDKrTSzgcf7fCBg","https:\/\/www.tiktok.com\/@sunnydollshop211?is_from_webapp=1&sender_device=pc"]}]}},"jetpack_publicize_connections":[],"jetpack_sharing_enabled":true,"_links":{"self":[{"href":"https:\/\/www.sunnyshop211.com\/en\/wp-json\/wp\/v2\/product\/19625","targetHints":{"allow":["GET"]}}],"collection":[{"href":"https:\/\/www.sunnyshop211.com\/en\/wp-json\/wp\/v2\/product"}],"about":[{"href":"https:\/\/www.sunnyshop211.com\/en\/wp-json\/wp\/v2\/types\/product"}],"replies":[{"embeddable":true,"href":"https:\/\/www.sunnyshop211.com\/en\/wp-json\/wp\/v2\/comments?post=19625"}],"version-history":[{"count":9,"href":"https:\/\/www.sunnyshop211.com\/en\/wp-json\/wp\/v2\/product\/19625\/revisions"}],"predecessor-version":[{"id":53354,"href":"https:\/\/www.sunnyshop211.com\/en\/wp-json\/wp\/v2\/product\/19625\/revisions\/53354"}],"wp:featuredmedia":[{"embeddable":true,"href":"https:\/\/www.sunnyshop211.com\/en\/wp-json\/wp\/v2\/media\/19622"}],"wp:attachment":[{"href":"https:\/\/www.sunnyshop211.com\/en\/wp-json\/wp\/v2\/media?parent=19625"}],"wp:term":[{"taxonomy":"product_brand","embeddable":true,"href":"https:\/\/www.sunnyshop211.com\/en\/wp-json\/wp\/v2\/product_brand?post=19625"},{"taxonomy":"product_cat","embeddable":true,"href":"https:\/\/www.sunnyshop211.com\/en\/wp-json\/wp\/v2\/product_cat?post=19625"},{"taxonomy":"product_tag","embeddable":true,"href":"https:\/\/www.sunnyshop211.com\/en\/wp-json\/wp\/v2\/product_tag?post=19625"}],"curies":[{"name":"wp","href":"https:\/\/api.w.org\/{rel}","templated":true}]}}