{"id":19390,"date":"2020-11-11T14:54:08","date_gmt":"2020-11-11T13:54:08","guid":{"rendered":"https:\/\/sunnyshop211.com\/?post_type=product&#038;p=19390"},"modified":"2026-01-04T09:49:16","modified_gmt":"2026-01-04T08:49:16","slug":"%f0%9f%92%8d-porte-bijoux-porte-bracelet-miniature-1-6","status":"publish","type":"product","link":"https:\/\/www.sunnyshop211.com\/en\/product\/%f0%9f%92%8d-porte-bijoux-porte-bracelet-miniature-1-6\/","title":{"rendered":"\ud83d\udc8d Miniature jewelry &amp; wristlet holder 1\/6"},"content":{"rendered":"<div id='gallery-1' class='gallery galleryid-19390 gallery-columns-3 gallery-size-thumbnail'><figure class='gallery-item'>\n\t\t\t<div class='gallery-icon landscape'>\n\t\t\t\t<a href='https:\/\/www.sunnyshop211.com\/en\/?attachment_id=15162'><img decoding=\"async\" width=\"150\" height=\"150\" src=\"https:\/\/www.sunnyshop211.com\/wp-content\/uploads\/2020\/04\/nailmnf-48-150x150.jpg\" class=\"attachment-thumbnail size-thumbnail\" alt=\"Porte bijoux bracelet miniature\" srcset=\"https:\/\/www.sunnyshop211.com\/wp-content\/uploads\/2020\/04\/nailmnf-48-150x150.jpg 150w, https:\/\/www.sunnyshop211.com\/wp-content\/uploads\/2020\/04\/nailmnf-48-scaled-500x500.jpg 500w, https:\/\/www.sunnyshop211.com\/wp-content\/uploads\/2020\/04\/nailmnf-48-100x100.jpg 100w, https:\/\/www.sunnyshop211.com\/wp-content\/uploads\/2020\/04\/nailmnf-48-61x60.jpg 61w\" sizes=\"(max-width: 150px) 100vw, 150px\" \/><\/a>\n\t\t\t<\/div><\/figure><figure class='gallery-item'>\n\t\t\t<div class='gallery-icon landscape'>\n\t\t\t\t<a href='https:\/\/www.sunnyshop211.com\/en\/?attachment_id=19401'><img decoding=\"async\" width=\"150\" height=\"150\" src=\"https:\/\/www.sunnyshop211.com\/wp-content\/uploads\/2020\/11\/110-scaled-150x150.jpg\" class=\"attachment-thumbnail size-thumbnail\" alt=\"\" srcset=\"https:\/\/www.sunnyshop211.com\/wp-content\/uploads\/2020\/11\/110-scaled-150x150.jpg 150w, https:\/\/www.sunnyshop211.com\/wp-content\/uploads\/2020\/11\/110-scaled-500x500.jpg 500w, https:\/\/www.sunnyshop211.com\/wp-content\/uploads\/2020\/11\/110-100x100.jpg 100w\" sizes=\"(max-width: 150px) 100vw, 150px\" \/><\/a>\n\t\t\t<\/div><\/figure><figure class='gallery-item'>\n\t\t\t<div class='gallery-icon landscape'>\n\t\t\t\t<a href='https:\/\/www.sunnyshop211.com\/en\/?attachment_id=19403'><img decoding=\"async\" width=\"150\" height=\"150\" src=\"https:\/\/www.sunnyshop211.com\/wp-content\/uploads\/2020\/11\/111-150x150.jpg\" class=\"attachment-thumbnail size-thumbnail\" alt=\"Porte bijoux bracelet miniature\" srcset=\"https:\/\/www.sunnyshop211.com\/wp-content\/uploads\/2020\/11\/111-150x150.jpg 150w, https:\/\/www.sunnyshop211.com\/wp-content\/uploads\/2020\/11\/111-scaled-500x500.jpg 500w, https:\/\/www.sunnyshop211.com\/wp-content\/uploads\/2020\/11\/111-100x100.jpg 100w\" sizes=\"(max-width: 150px) 100vw, 150px\" \/><\/a>\n\t\t\t<\/div><\/figure><figure class='gallery-item'>\n\t\t\t<div class='gallery-icon landscape'>\n\t\t\t\t<a href='https:\/\/www.sunnyshop211.com\/en\/?attachment_id=19405'><img loading=\"lazy\" decoding=\"async\" width=\"150\" height=\"150\" src=\"https:\/\/www.sunnyshop211.com\/wp-content\/uploads\/2020\/11\/113-150x150.jpg\" class=\"attachment-thumbnail size-thumbnail\" alt=\"\" srcset=\"https:\/\/www.sunnyshop211.com\/wp-content\/uploads\/2020\/11\/113-150x150.jpg 150w, https:\/\/www.sunnyshop211.com\/wp-content\/uploads\/2020\/11\/113-scaled-500x500.jpg 500w, https:\/\/www.sunnyshop211.com\/wp-content\/uploads\/2020\/11\/113-100x100.jpg 100w\" sizes=\"(max-width: 150px) 100vw, 150px\" \/><\/a>\n\t\t\t<\/div><\/figure>\n\t\t<\/div>\n\n<h2 data-start=\"179\" data-end=\"230\">\ud83d\udc8d Miniature jewelry &amp; wristlet holder 1\/6<\/h2>\n<p data-start=\"231\" data-end=\"309\"><strong data-start=\"231\" data-end=\"309\">Diorama accessories - Barbie, Pullip, Blythe, Fashion Royalty, Poppy Parker<\/strong><\/p>\n<hr data-start=\"311\" data-end=\"314\" \/>\n<h3 data-start=\"316\" data-end=\"334\">\ud83c\udf3f Description<\/h3>\n<p data-start=\"336\" data-end=\"605\">These <strong data-start=\"340\" data-end=\"371\">miniature jewelry holders 1\/6<\/strong> are ideal decorative accessories to enhance your dioramas and everyday scenes.<br data-start=\"461\" data-end=\"464\" \/>They provide elegant storage <strong data-start=\"503\" data-end=\"539\">miniature necklaces and bracelets<\/strong>, and bring a realistic, refined touch to your spaces.<\/p>\n<p data-start=\"607\" data-end=\"745\">Perfect for a <strong data-start=\"625\" data-end=\"682\">dressing table, miniature bedroom or bathroom<\/strong>, They're the perfect complement to your staging with dolls.<\/p>\n<hr data-start=\"747\" data-end=\"750\" \/>\n<h3 data-start=\"752\" data-end=\"778\">\ud83d\udc95 Available models<\/h3>\n<p data-start=\"780\" data-end=\"820\">You can choose between <strong data-start=\"805\" data-end=\"818\">2 models<\/strong> :<\/p>\n<ul data-start=\"822\" data-end=\"966\">\n<li data-start=\"822\" data-end=\"886\">\n<p data-start=\"824\" data-end=\"842\"><b>Bracelet holder<\/b><\/p>\n<ul data-start=\"845\" data-end=\"886\">\n<li data-start=\"845\" data-end=\"886\">\n<p data-start=\"847\" data-end=\"886\">Height: approx. <strong data-start=\"862\" data-end=\"872\">2.5 cm<\/strong> (0.98 inches)<\/p>\n<\/li>\n<\/ul>\n<\/li>\n<li data-start=\"888\" data-end=\"966\">\n<p data-start=\"890\" data-end=\"924\"><strong data-start=\"890\" data-end=\"924\">Bust-shaped jewelry holder<\/strong><\/p>\n<ul data-start=\"927\" data-end=\"966\">\n<li data-start=\"927\" data-end=\"966\">\n<p data-start=\"929\" data-end=\"966\">Height: approx. <strong data-start=\"944\" data-end=\"952\">3 cm<\/strong> (1.18 inches)<\/p>\n<\/li>\n<\/ul>\n<\/li>\n<\/ul>\n<p data-start=\"968\" data-end=\"1037\">\ud83c\udfa8 <strong data-start=\"971\" data-end=\"1005\">Several colors available<\/strong> (to be selected when ordering)<\/p>\n<p data-start=\"1039\" data-end=\"1063\">\ud83d\udc8e <strong data-start=\"1042\" data-end=\"1063\">Jewelry not included<\/strong><\/p>\n<hr data-start=\"1065\" data-end=\"1068\" \/>\n<h3 data-start=\"1070\" data-end=\"1090\">\ud83d\udcd0 Compatibility<\/h3>\n<ul data-start=\"1092\" data-end=\"1267\">\n<li data-start=\"1092\" data-end=\"1109\">\n<p data-start=\"1094\" data-end=\"1109\">Scale <strong data-start=\"1102\" data-end=\"1109\">1\/6<\/strong><\/p>\n<\/li>\n<li data-start=\"1110\" data-end=\"1267\">\n<p data-start=\"1112\" data-end=\"1145\">Perfect for dolls:<\/p>\n<ul data-start=\"1148\" data-end=\"1267\">\n<li data-start=\"1148\" data-end=\"1158\">\n<p data-start=\"1150\" data-end=\"1158\">Barbie<\/p>\n<\/li>\n<li data-start=\"1161\" data-end=\"1171\">\n<p data-start=\"1163\" data-end=\"1171\">Pullip<\/p>\n<\/li>\n<li data-start=\"1174\" data-end=\"1184\">\n<p data-start=\"1176\" data-end=\"1184\">Blythe<\/p>\n<\/li>\n<li data-start=\"1187\" data-end=\"1206\">\n<p data-start=\"1189\" data-end=\"1206\">Fashion Royalty<\/p>\n<\/li>\n<li data-start=\"1209\" data-end=\"1225\">\n<p data-start=\"1211\" data-end=\"1225\">Poppy Parker<\/p>\n<\/li>\n<li data-start=\"1228\" data-end=\"1267\">\n<p data-start=\"1230\" data-end=\"1267\">and other dolls of equivalent size<\/p>\n<\/li>\n<\/ul>\n<\/li>\n<\/ul>\n<hr data-start=\"1269\" data-end=\"1272\" \/>\n<h3 data-start=\"1274\" data-end=\"1303\">\u2728 Manufacturing &amp; finishing<\/h3>\n<ul data-start=\"1305\" data-end=\"1388\">\n<li data-start=\"1305\" data-end=\"1336\">\n<p data-start=\"1307\" data-end=\"1336\">Made in <strong data-start=\"1319\" data-end=\"1336\">3D printing<\/strong><\/p>\n<\/li>\n<li data-start=\"1337\" data-end=\"1388\">\n<p data-start=\"1339\" data-end=\"1388\">Meticulous finish adapted to miniature scale<\/p>\n<\/li>\n<\/ul>\n<p data-start=\"1390\" data-end=\"1559\">Due to the artisanal process <strong data-start=\"1425\" data-end=\"1450\">slight irregularities<\/strong> may be present (micro-marks, surface variations), which is part of the charm of each piece.<\/p>\n<hr data-start=\"1561\" data-end=\"1564\" \/>\n<h3 data-start=\"1566\" data-end=\"1593\">\ud83e\udeb4 Sets &amp; accessories<\/h3>\n<p data-start=\"1595\" data-end=\"1773\">The photos are presented as examples of staging.<br data-start=\"1657\" data-end=\"1660\" \/>Visible furniture, jewelry and accessories are <strong data-start=\"1712\" data-end=\"1726\">not included<\/strong>, but available separately in the store.<\/p>\n<p data-start=\"1775\" data-end=\"1867\">Compatible with furniture sold separately - ideal for your <strong data-start=\"1838\" data-end=\"1866\">realistic staging<\/strong>.<\/p>\n<hr data-start=\"1869\" data-end=\"1872\" \/>\n<h3 data-start=\"1874\" data-end=\"1900\">\u23f3 Manufacturing &amp; lead times<\/h3>\n<p data-start=\"1902\" data-end=\"2039\">\ud83d\udd90\ufe0f <strong data-start=\"1906\" data-end=\"1930\">Made to order<\/strong><br data-start=\"1930\" data-end=\"1933\" \/>Please take note of the\u00a0<a style=\"font-size: 16px;\" href=\"https:\/\/www.sunnyshop211.com\/en\/conditions-generales-de-ventes-et-delais-de-livraisons\/\">General conditions of sale and delivery times\u00a0<\/a>\u00a0before ordering.<\/p>\n<hr data-start=\"2041\" data-end=\"2044\" \/>\n<h3 data-start=\"2046\" data-end=\"2077\">\u26a0\ufe0f Important information<\/h3>\n<ul data-start=\"2079\" data-end=\"2232\">\n<li data-start=\"2079\" data-end=\"2108\">\n<p data-start=\"2081\" data-end=\"2108\">This <strong data-start=\"2086\" data-end=\"2108\">is not a toy<\/strong><\/p>\n<\/li>\n<li data-start=\"2109\" data-end=\"2164\">\n<p data-start=\"2111\" data-end=\"2164\">Article for a <strong data-start=\"2132\" data-end=\"2164\">adult collector audience<\/strong><\/p>\n<\/li>\n<li data-start=\"2165\" data-end=\"2232\">\n<p data-start=\"2167\" data-end=\"2232\">I am not responsible for any damage during transport<\/p>\n<\/li>\n<\/ul>\n<p data-start=\"2234\" data-end=\"2311\">\ud83d\udcf8 Find more photos and inspiration on Instagram : <a href=\"https:\/\/www.instagram.com\/sunnyshop211\/\"><strong data-start=\"2294\" data-end=\"2311\">@sunnyshop211<\/strong><\/a><\/p>","protected":false},"excerpt":{"rendered":"<p>\ud83d\udc8d Porte-bijoux &amp; porte-bracelet miniature 1\/6 Accessoire diorama \u2013 Barbie, Pullip, Blythe, Fashion Royalty, Poppy Parker \ud83c\udf3f Description Ces porte-bijoux miniatures 1\/6 sont des accessoires d\u00e9coratifs id\u00e9aux pour enrichir vos dioramas et sc\u00e8nes du quotidien.Ils permettent de ranger avec \u00e9l\u00e9gance colliers et bracelets miniatures, tout en apportant une touche r\u00e9aliste et raffin\u00e9e \u00e0 vos espaces. [&hellip;]<\/p>\n","protected":false},"featured_media":22285,"comment_status":"open","ping_status":"closed","template":"","meta":{"_crdt_document":"","jetpack_post_was_ever_published":false,"jetpack_publicize_message":"","jetpack_publicize_feature_enabled":true,"jetpack_social_post_already_shared":true,"jetpack_social_options":{"image_generator_settings":{"template":"highway","default_image_id":0,"font":"","enabled":false},"version":2}},"product_brand":[],"product_cat":[667687094],"product_tag":[667681145,667681143,667682555,667681136,667682549,667681588,667684242,667684240,667684125,667681142,667681234,667681226,667681233,667681396,667681239,667681225,667684123,667684096,667681241,667684127,667681242,667681236,667681261,667681232,667681173,667681380,667681379,667681237,667683935,667683937,667684129,667681177,667681235,667681260],"class_list":{"0":"post-19390","1":"product","2":"type-product","3":"status-publish","4":"has-post-thumbnail","6":"product_cat-rangement-organisation","7":"product_tag-bed","8":"product_tag-bedroom","9":"product_tag-bijoux","10":"product_tag-bjd","11":"product_tag-bracelet","12":"product_tag-brosse","13":"product_tag-bust","14":"product_tag-buste","15":"product_tag-cactus","16":"product_tag-chambre","17":"product_tag-diorama","18":"product_tag-doll","19":"product_tag-dollhouse","20":"product_tag-ellowynn-wilde","21":"product_tag-fairyland","22":"product_tag-furniture","23":"product_tag-holder","24":"product_tag-home","25":"product_tag-iplehouse","26":"product_tag-jewelry","27":"product_tag-jid","28":"product_tag-maison-de-poupee","29":"product_tag-meuble","30":"product_tag-miniature","31":"product_tag-minifee","32":"product_tag-miroir","33":"product_tag-mirror","34":"product_tag-msd","35":"product_tag-parfum","36":"product_tag-perfum","37":"product_tag-porte","38":"product_tag-poupee","39":"product_tag-roombox","40":"product_tag-tonner","41":"product_shipping_class-lettre-suivie","42":"pa_couleur-argent-silver","43":"pa_couleur-blanc","44":"pa_couleur-dore-golden","45":"pa_couleur-noir","46":"pa_couleur-rose","48":"first","49":"instock","50":"taxable","51":"shipping-taxable","52":"purchasable","53":"product-type-variable"},"yoast_head":"<!-- This site is optimized with the Yoast SEO plugin v27.4 - https:\/\/yoast.com\/product\/yoast-seo-wordpress\/ -->\n<title>\ud83d\udc8d Porte-bijoux &amp; porte-bracelet miniature 1\/6 -<\/title>\n<meta name=\"description\" content=\"\ud83d\udc8d Porte-bijoux &amp; porte-bracelet miniature 1\/6 diorama Barbie, Poppy Parker, fashion royalty, blythe, pullip. Id\u00e9al pour customiser vos dioramas.\" \/>\n<meta name=\"robots\" content=\"index, follow, max-snippet:-1, max-image-preview:large, max-video-preview:-1\" \/>\n<link rel=\"canonical\" href=\"https:\/\/www.sunnyshop211.com\/en\/product\/\ud83d\udc8d-porte-bijoux-porte-bracelet-miniature-1-6\/\" \/>\n<meta property=\"og:locale\" content=\"en_US\" \/>\n<meta property=\"og:type\" content=\"article\" \/>\n<meta property=\"og:title\" content=\"\ud83d\udc8d Porte-bijoux &amp; porte-bracelet miniature 1\/6 -\" \/>\n<meta property=\"og:description\" content=\"\ud83d\udc8d Porte-bijoux &amp; porte-bracelet miniature 1\/6 diorama Barbie, Poppy Parker, fashion royalty, blythe, pullip. Id\u00e9al pour customiser vos dioramas.\" \/>\n<meta property=\"og:url\" content=\"https:\/\/www.sunnyshop211.com\/en\/product\/\ud83d\udc8d-porte-bijoux-porte-bracelet-miniature-1-6\/\" \/>\n<meta property=\"og:site_name\" content=\"Sunnyshop211 -Vente de dioramas, meubles, miniatures , bjd poup\u00e9es 1\/12 1\/8 1\/6 1\/4 1\/3\" \/>\n<meta property=\"article:publisher\" content=\"https:\/\/www.facebook.com\/sunnyshop211\/?ref=bookmarks\" \/>\n<meta property=\"article:modified_time\" content=\"2026-01-04T08:49:16+00:00\" \/>\n<meta property=\"og:image\" content=\"https:\/\/www.sunnyshop211.com\/wp-content\/uploads\/2022\/03\/newyork2811129-scaled.jpg\" \/>\n\t<meta property=\"og:image:width\" content=\"2560\" \/>\n\t<meta property=\"og:image:height\" content=\"1707\" \/>\n\t<meta property=\"og:image:type\" content=\"image\/jpeg\" \/>\n<meta name=\"twitter:card\" content=\"summary_large_image\" \/>\n<meta name=\"twitter:site\" content=\"@sunnyshop211\" \/>\n<meta name=\"twitter:label1\" content=\"Est. reading time\" \/>\n\t<meta name=\"twitter:data1\" content=\"2 minutes\" \/>\n<script type=\"application\/ld+json\" class=\"yoast-schema-graph\">{\"@context\":\"https:\\\/\\\/schema.org\",\"@graph\":[{\"@type\":\"WebPage\",\"@id\":\"https:\\\/\\\/www.sunnyshop211.com\\\/produit\\\/%f0%9f%92%8d-porte-bijoux-porte-bracelet-miniature-1-6\\\/\",\"url\":\"https:\\\/\\\/www.sunnyshop211.com\\\/produit\\\/%f0%9f%92%8d-porte-bijoux-porte-bracelet-miniature-1-6\\\/\",\"name\":\"\ud83d\udc8d Porte-bijoux & porte-bracelet miniature 1\\\/6 -\",\"isPartOf\":{\"@id\":\"https:\\\/\\\/www.sunnyshop211.com\\\/#website\"},\"primaryImageOfPage\":{\"@id\":\"https:\\\/\\\/www.sunnyshop211.com\\\/produit\\\/%f0%9f%92%8d-porte-bijoux-porte-bracelet-miniature-1-6\\\/#primaryimage\"},\"image\":{\"@id\":\"https:\\\/\\\/www.sunnyshop211.com\\\/produit\\\/%f0%9f%92%8d-porte-bijoux-porte-bracelet-miniature-1-6\\\/#primaryimage\"},\"thumbnailUrl\":\"https:\\\/\\\/www.sunnyshop211.com\\\/wp-content\\\/uploads\\\/2022\\\/03\\\/newyork2811129-scaled.jpg\",\"datePublished\":\"2020-11-11T13:54:08+00:00\",\"dateModified\":\"2026-01-04T08:49:16+00:00\",\"description\":\"\ud83d\udc8d Porte-bijoux & porte-bracelet miniature 1\\\/6 diorama Barbie, Poppy Parker, fashion royalty, blythe, pullip. Id\u00e9al pour customiser vos dioramas.\",\"breadcrumb\":{\"@id\":\"https:\\\/\\\/www.sunnyshop211.com\\\/produit\\\/%f0%9f%92%8d-porte-bijoux-porte-bracelet-miniature-1-6\\\/#breadcrumb\"},\"inLanguage\":\"en-US\",\"potentialAction\":[{\"@type\":\"ReadAction\",\"target\":[\"https:\\\/\\\/www.sunnyshop211.com\\\/produit\\\/%f0%9f%92%8d-porte-bijoux-porte-bracelet-miniature-1-6\\\/\"]}]},{\"@type\":\"ImageObject\",\"inLanguage\":\"en-US\",\"@id\":\"https:\\\/\\\/www.sunnyshop211.com\\\/produit\\\/%f0%9f%92%8d-porte-bijoux-porte-bracelet-miniature-1-6\\\/#primaryimage\",\"url\":\"https:\\\/\\\/www.sunnyshop211.com\\\/wp-content\\\/uploads\\\/2022\\\/03\\\/newyork2811129-scaled.jpg\",\"contentUrl\":\"https:\\\/\\\/www.sunnyshop211.com\\\/wp-content\\\/uploads\\\/2022\\\/03\\\/newyork2811129-scaled.jpg\",\"width\":2560,\"height\":1707},{\"@type\":\"BreadcrumbList\",\"@id\":\"https:\\\/\\\/www.sunnyshop211.com\\\/produit\\\/%f0%9f%92%8d-porte-bijoux-porte-bracelet-miniature-1-6\\\/#breadcrumb\",\"itemListElement\":[{\"@type\":\"ListItem\",\"position\":1,\"name\":\"Accueil\",\"item\":\"https:\\\/\\\/www.sunnyshop211.com\\\/\"},{\"@type\":\"ListItem\",\"position\":2,\"name\":\"Boutique\",\"item\":\"https:\\\/\\\/www.sunnyshop211.com\\\/boutique-miniature-bjd-dolls\\\/\"},{\"@type\":\"ListItem\",\"position\":3,\"name\":\"\ud83d\udc8d Porte-bijoux &#038; porte-bracelet miniature 1\\\/6\"}]},{\"@type\":\"WebSite\",\"@id\":\"https:\\\/\\\/www.sunnyshop211.com\\\/#website\",\"url\":\"https:\\\/\\\/www.sunnyshop211.com\\\/\",\"name\":\"Vente de dioramas, meubles, miniatures , bjd poup\u00e9es 1\\\/12 1\\\/8 1\\\/6 1\\\/4 1\\\/3\",\"description\":\"Sunnyshop211 - Votre univers miniature pour poup\u00e9es et BJD, dioramas et meubles sur mesure !\",\"publisher\":{\"@id\":\"https:\\\/\\\/www.sunnyshop211.com\\\/#organization\"},\"alternateName\":\"sunnyshop211\",\"potentialAction\":[{\"@type\":\"SearchAction\",\"target\":{\"@type\":\"EntryPoint\",\"urlTemplate\":\"https:\\\/\\\/www.sunnyshop211.com\\\/?s={search_term_string}\"},\"query-input\":{\"@type\":\"PropertyValueSpecification\",\"valueRequired\":true,\"valueName\":\"search_term_string\"}}],\"inLanguage\":\"en-US\"},{\"@type\":\"Organization\",\"@id\":\"https:\\\/\\\/www.sunnyshop211.com\\\/#organization\",\"name\":\"sunnyshop211\",\"alternateName\":\"sunnyshop211 diorama bjd meuble miniature\",\"url\":\"https:\\\/\\\/www.sunnyshop211.com\\\/\",\"logo\":{\"@type\":\"ImageObject\",\"inLanguage\":\"en-US\",\"@id\":\"https:\\\/\\\/www.sunnyshop211.com\\\/#\\\/schema\\\/logo\\\/image\\\/\",\"url\":\"https:\\\/\\\/www.sunnyshop211.com\\\/wp-content\\\/uploads\\\/2022\\\/08\\\/cropped-cropped-cropped-Sunnyshop211-1.png\",\"contentUrl\":\"https:\\\/\\\/www.sunnyshop211.com\\\/wp-content\\\/uploads\\\/2022\\\/08\\\/cropped-cropped-cropped-Sunnyshop211-1.png\",\"width\":339,\"height\":339,\"caption\":\"sunnyshop211\"},\"image\":{\"@id\":\"https:\\\/\\\/www.sunnyshop211.com\\\/#\\\/schema\\\/logo\\\/image\\\/\"},\"sameAs\":[\"https:\\\/\\\/www.facebook.com\\\/sunnyshop211\\\/?ref=bookmarks\",\"https:\\\/\\\/x.com\\\/sunnyshop211\",\"https:\\\/\\\/www.instagram.com\\\/sunnyshop211\\\/\",\"https:\\\/\\\/www.tumblr.com\\\/blog\\\/sunnyshop211\",\"https:\\\/\\\/www.youtube.com\\\/channel\\\/UCtYY18OGGDKrTSzgcf7fCBg\",\"https:\\\/\\\/www.tiktok.com\\\/@sunnydollshop211?is_from_webapp=1&sender_device=pc\"]}]}<\/script>\n<!-- \/ Yoast SEO plugin. -->","yoast_head_json":{"title":"\ud83d\udc8d Miniature jewelry &amp; wristlet holder 1\/6 -","description":"\ud83d\udc8d Miniature 1\/6 diorama jewelry &amp; bracelet holder Barbie, Poppy Parker, fashion royalty, blythe, pullip. Ideal for customizing your dioramas.","robots":{"index":"index","follow":"follow","max-snippet":"max-snippet:-1","max-image-preview":"max-image-preview:large","max-video-preview":"max-video-preview:-1"},"canonical":"https:\/\/www.sunnyshop211.com\/en\/product\/\ud83d\udc8d-porte-bijoux-porte-bracelet-miniature-1-6\/","og_locale":"en_US","og_type":"article","og_title":"\ud83d\udc8d Porte-bijoux & porte-bracelet miniature 1\/6 -","og_description":"\ud83d\udc8d Porte-bijoux & porte-bracelet miniature 1\/6 diorama Barbie, Poppy Parker, fashion royalty, blythe, pullip. Id\u00e9al pour customiser vos dioramas.","og_url":"https:\/\/www.sunnyshop211.com\/en\/product\/\ud83d\udc8d-porte-bijoux-porte-bracelet-miniature-1-6\/","og_site_name":"Sunnyshop211 -Vente de dioramas, meubles, miniatures , bjd poup\u00e9es 1\/12 1\/8 1\/6 1\/4 1\/3","article_publisher":"https:\/\/www.facebook.com\/sunnyshop211\/?ref=bookmarks","article_modified_time":"2026-01-04T08:49:16+00:00","og_image":[{"width":2560,"height":1707,"url":"https:\/\/www.sunnyshop211.com\/wp-content\/uploads\/2022\/03\/newyork2811129-scaled.jpg","type":"image\/jpeg"}],"twitter_card":"summary_large_image","twitter_site":"@sunnyshop211","twitter_misc":{"Est. reading time":"2 minutes"},"schema":{"@context":"https:\/\/schema.org","@graph":[{"@type":"WebPage","@id":"https:\/\/www.sunnyshop211.com\/produit\/%f0%9f%92%8d-porte-bijoux-porte-bracelet-miniature-1-6\/","url":"https:\/\/www.sunnyshop211.com\/produit\/%f0%9f%92%8d-porte-bijoux-porte-bracelet-miniature-1-6\/","name":"\ud83d\udc8d Miniature jewelry &amp; wristlet holder 1\/6 -","isPartOf":{"@id":"https:\/\/www.sunnyshop211.com\/#website"},"primaryImageOfPage":{"@id":"https:\/\/www.sunnyshop211.com\/produit\/%f0%9f%92%8d-porte-bijoux-porte-bracelet-miniature-1-6\/#primaryimage"},"image":{"@id":"https:\/\/www.sunnyshop211.com\/produit\/%f0%9f%92%8d-porte-bijoux-porte-bracelet-miniature-1-6\/#primaryimage"},"thumbnailUrl":"https:\/\/www.sunnyshop211.com\/wp-content\/uploads\/2022\/03\/newyork2811129-scaled.jpg","datePublished":"2020-11-11T13:54:08+00:00","dateModified":"2026-01-04T08:49:16+00:00","description":"\ud83d\udc8d Miniature 1\/6 diorama jewelry &amp; bracelet holder Barbie, Poppy Parker, fashion royalty, blythe, pullip. Ideal for customizing your dioramas.","breadcrumb":{"@id":"https:\/\/www.sunnyshop211.com\/produit\/%f0%9f%92%8d-porte-bijoux-porte-bracelet-miniature-1-6\/#breadcrumb"},"inLanguage":"en-US","potentialAction":[{"@type":"ReadAction","target":["https:\/\/www.sunnyshop211.com\/produit\/%f0%9f%92%8d-porte-bijoux-porte-bracelet-miniature-1-6\/"]}]},{"@type":"ImageObject","inLanguage":"en-US","@id":"https:\/\/www.sunnyshop211.com\/produit\/%f0%9f%92%8d-porte-bijoux-porte-bracelet-miniature-1-6\/#primaryimage","url":"https:\/\/www.sunnyshop211.com\/wp-content\/uploads\/2022\/03\/newyork2811129-scaled.jpg","contentUrl":"https:\/\/www.sunnyshop211.com\/wp-content\/uploads\/2022\/03\/newyork2811129-scaled.jpg","width":2560,"height":1707},{"@type":"BreadcrumbList","@id":"https:\/\/www.sunnyshop211.com\/produit\/%f0%9f%92%8d-porte-bijoux-porte-bracelet-miniature-1-6\/#breadcrumb","itemListElement":[{"@type":"ListItem","position":1,"name":"Accueil","item":"https:\/\/www.sunnyshop211.com\/"},{"@type":"ListItem","position":2,"name":"Boutique","item":"https:\/\/www.sunnyshop211.com\/boutique-miniature-bjd-dolls\/"},{"@type":"ListItem","position":3,"name":"\ud83d\udc8d Porte-bijoux &#038; porte-bracelet miniature 1\/6"}]},{"@type":"WebSite","@id":"https:\/\/www.sunnyshop211.com\/#website","url":"https:\/\/www.sunnyshop211.com\/","name":"Sale of dioramas, furniture, miniatures, bjd dolls 1\/12 1\/8 1\/6 1\/4 1\/3","description":"Sunnyshop211 - Your miniature world for dolls and BJDs, dioramas and custom-made furniture!","publisher":{"@id":"https:\/\/www.sunnyshop211.com\/#organization"},"alternateName":"sunnyshop211","potentialAction":[{"@type":"SearchAction","target":{"@type":"EntryPoint","urlTemplate":"https:\/\/www.sunnyshop211.com\/?s={search_term_string}"},"query-input":{"@type":"PropertyValueSpecification","valueRequired":true,"valueName":"search_term_string"}}],"inLanguage":"en-US"},{"@type":"Organization","@id":"https:\/\/www.sunnyshop211.com\/#organization","name":"sunnyshop211","alternateName":"sunnyshop211 diorama bjd meuble miniature","url":"https:\/\/www.sunnyshop211.com\/","logo":{"@type":"ImageObject","inLanguage":"en-US","@id":"https:\/\/www.sunnyshop211.com\/#\/schema\/logo\/image\/","url":"https:\/\/www.sunnyshop211.com\/wp-content\/uploads\/2022\/08\/cropped-cropped-cropped-Sunnyshop211-1.png","contentUrl":"https:\/\/www.sunnyshop211.com\/wp-content\/uploads\/2022\/08\/cropped-cropped-cropped-Sunnyshop211-1.png","width":339,"height":339,"caption":"sunnyshop211"},"image":{"@id":"https:\/\/www.sunnyshop211.com\/#\/schema\/logo\/image\/"},"sameAs":["https:\/\/www.facebook.com\/sunnyshop211\/?ref=bookmarks","https:\/\/x.com\/sunnyshop211","https:\/\/www.instagram.com\/sunnyshop211\/","https:\/\/www.tumblr.com\/blog\/sunnyshop211","https:\/\/www.youtube.com\/channel\/UCtYY18OGGDKrTSzgcf7fCBg","https:\/\/www.tiktok.com\/@sunnydollshop211?is_from_webapp=1&sender_device=pc"]}]}},"jetpack_publicize_connections":[],"jetpack_sharing_enabled":true,"_links":{"self":[{"href":"https:\/\/www.sunnyshop211.com\/en\/wp-json\/wp\/v2\/product\/19390","targetHints":{"allow":["GET"]}}],"collection":[{"href":"https:\/\/www.sunnyshop211.com\/en\/wp-json\/wp\/v2\/product"}],"about":[{"href":"https:\/\/www.sunnyshop211.com\/en\/wp-json\/wp\/v2\/types\/product"}],"replies":[{"embeddable":true,"href":"https:\/\/www.sunnyshop211.com\/en\/wp-json\/wp\/v2\/comments?post=19390"}],"version-history":[{"count":9,"href":"https:\/\/www.sunnyshop211.com\/en\/wp-json\/wp\/v2\/product\/19390\/revisions"}],"predecessor-version":[{"id":52335,"href":"https:\/\/www.sunnyshop211.com\/en\/wp-json\/wp\/v2\/product\/19390\/revisions\/52335"}],"wp:featuredmedia":[{"embeddable":true,"href":"https:\/\/www.sunnyshop211.com\/en\/wp-json\/wp\/v2\/media\/22285"}],"wp:attachment":[{"href":"https:\/\/www.sunnyshop211.com\/en\/wp-json\/wp\/v2\/media?parent=19390"}],"wp:term":[{"taxonomy":"product_brand","embeddable":true,"href":"https:\/\/www.sunnyshop211.com\/en\/wp-json\/wp\/v2\/product_brand?post=19390"},{"taxonomy":"product_cat","embeddable":true,"href":"https:\/\/www.sunnyshop211.com\/en\/wp-json\/wp\/v2\/product_cat?post=19390"},{"taxonomy":"product_tag","embeddable":true,"href":"https:\/\/www.sunnyshop211.com\/en\/wp-json\/wp\/v2\/product_tag?post=19390"}],"curies":[{"name":"wp","href":"https:\/\/api.w.org\/{rel}","templated":true}]}}