{"id":19222,"date":"2020-10-23T15:10:05","date_gmt":"2020-10-23T14:10:05","guid":{"rendered":"https:\/\/sunnyshop211.com\/?post_type=product&#038;p=19222"},"modified":"2026-01-03T18:27:21","modified_gmt":"2026-01-03T17:27:21","slug":"bougie-coeur-miniature-1-6-1-4-1-3-barbie-minifee-sd","status":"publish","type":"product","link":"https:\/\/www.sunnyshop211.com\/en\/product\/bougie-coeur-miniature-1-6-1-4-1-3-barbie-minifee-sd\/","title":{"rendered":"Miniature heart candle 1\/6 1\/4 1\/3 Barbie, minifee, SD,"},"content":{"rendered":"<p>&nbsp;<\/p>\n<div id='gallery-1' class='gallery galleryid-19222 gallery-columns-3 gallery-size-thumbnail'><figure class='gallery-item'>\n\t\t\t<div class='gallery-icon landscape'>\n\t\t\t\t<a href='https:\/\/www.sunnyshop211.com\/en\/?attachment_id=18730'><img decoding=\"async\" width=\"150\" height=\"150\" src=\"https:\/\/www.sunnyshop211.com\/wp-content\/uploads\/2020\/10\/studio-bb-126-scaled-150x150.jpg\" class=\"attachment-thumbnail size-thumbnail\" alt=\"Bougie c\u0153ur miniature\" srcset=\"https:\/\/www.sunnyshop211.com\/wp-content\/uploads\/2020\/10\/studio-bb-126-scaled-150x150.jpg 150w, https:\/\/www.sunnyshop211.com\/wp-content\/uploads\/2020\/10\/studio-bb-126-scaled-500x500.jpg 500w, https:\/\/www.sunnyshop211.com\/wp-content\/uploads\/2020\/10\/studio-bb-126-100x100.jpg 100w\" sizes=\"(max-width: 150px) 100vw, 150px\" \/><\/a>\n\t\t\t<\/div><\/figure>\n\t\t<\/div>\n\n<h3 data-start=\"181\" data-end=\"279\"><strong data-start=\"181\" data-end=\"279\">Heart candle - Miniature 1\/6 - 1\/4 - 1\/3 - Diorama - Barbie - BJD - Minifee - MSD - SD - Feeple<\/strong><\/h3>\n<p data-start=\"281\" data-end=\"301\">\u2500\u2500\u2500\u2500\u2500\u2500\u2500\u2500\u2500\u2500\u2500\u2500\u2500\u2500\u2500\u2500\u2500\u2500\u2500\u2500<\/p>\n<p data-start=\"303\" data-end=\"320\">\u2728 <strong data-start=\"305\" data-end=\"320\">Description<\/strong><\/p>\n<p data-start=\"322\" data-end=\"596\">This miniature heart candle is ideal for creating delicate, romantic atmospheres in your dioramas and settings.<br \/>\nPerfect for Valentine's Day or to add a warm touch to your miniature decorations, it brings softness and elegance to all your worlds.<\/p>\n<p data-start=\"598\" data-end=\"675\">\u2714 Fictitious element<br data-start=\"614\" data-end=\"617\" \/>\u2714 Non-functional decorative candle<br data-start=\"654\" data-end=\"657\" \/>\u2714 Sold by unit<\/p>\n<p data-start=\"677\" data-end=\"697\">\u2500\u2500\u2500\u2500\u2500\u2500\u2500\u2500\u2500\u2500\u2500\u2500\u2500\u2500\u2500\u2500\u2500\u2500\u2500\u2500<\/p>\n<p data-start=\"699\" data-end=\"719\">\ud83e\uddf8 <strong data-start=\"702\" data-end=\"719\">Compatibility<\/strong><\/p>\n<p data-start=\"721\" data-end=\"763\">Suitable for dolls and miniature worlds:<\/p>\n<p data-start=\"765\" data-end=\"952\">\u2022 <strong data-start=\"767\" data-end=\"774\">1\/6<\/strong> Barbie, Pullip, Blythe, Phicen or similar sizes<br data-start=\"829\" data-end=\"832\" \/>\u2022 <strong data-start=\"834\" data-end=\"841\">1\/4<\/strong> BJD, Minifee, MSD, Unoa or equivalent sizes<br data-start=\"891\" data-end=\"894\" \/>\u2022 <strong data-start=\"896\" data-end=\"903\">1\/3<\/strong> SD, Feeple, Smart Doll or similar sizes<\/p>\n<p data-start=\"954\" data-end=\"1049\">Compatible with furniture and accessories sold separately in the store <strong data-start=\"1032\" data-end=\"1048\">sunnyshop211<\/strong>.<\/p>\n<p data-start=\"1051\" data-end=\"1071\">\u2500\u2500\u2500\u2500\u2500\u2500\u2500\u2500\u2500\u2500\u2500\u2500\u2500\u2500\u2500\u2500\u2500\u2500\u2500\u2500<\/p>\n<p data-start=\"1073\" data-end=\"1098\">\ud83d\udd6f\ufe0f <strong data-start=\"1077\" data-end=\"1098\">Sizes &amp; options<\/strong><\/p>\n<p data-start=\"1100\" data-end=\"1176\">You choose <strong data-start=\"1116\" data-end=\"1143\">size and color<\/strong> of your miniature heart candle:<\/p>\n<p data-start=\"1178\" data-end=\"1276\">- Small: 2 cm (0.78 inches)<br data-start=\"1207\" data-end=\"1210\" \/>- Average: 2.5 cm (0.98 inches)<br data-start=\"1242\" data-end=\"1245\" \/>- Large: 3.5 cm (1.37 inches)<\/p>\n<p data-start=\"1278\" data-end=\"1338\">\ud83d\udc49 The price corresponds to <strong data-start=\"1302\" data-end=\"1337\">a single miniature heart candle<\/strong>.<\/p>\n<p data-start=\"1340\" data-end=\"1360\">\u2500\u2500\u2500\u2500\u2500\u2500\u2500\u2500\u2500\u2500\u2500\u2500\u2500\u2500\u2500\u2500\u2500\u2500\u2500\u2500<\/p>\n<p data-start=\"1362\" data-end=\"1396\">\ud83c\udfac <strong data-start=\"1365\" data-end=\"1396\">Use &amp; staging<\/strong><\/p>\n<p data-start=\"1398\" data-end=\"1530\">Ideal for :<br \/>\n- romantic scenes<br data-start=\"1432\" data-end=\"1435\" \/>- Valentine's Day dioramas<br data-start=\"1463\" data-end=\"1466\" \/>- miniature table decorations<br data-start=\"1493\" data-end=\"1496\" \/>- soft, warm atmospheres<\/p>\n<p data-start=\"1532\" data-end=\"1634\">Other decorations visible on certain scenes are sold separately in the store.<\/p>\n<p data-start=\"1636\" data-end=\"1656\">\u2500\u2500\u2500\u2500\u2500\u2500\u2500\u2500\u2500\u2500\u2500\u2500\u2500\u2500\u2500\u2500\u2500\u2500\u2500\u2500<\/p>\n<h3 data-start=\"1658\" data-end=\"1688\">\ud83d\udd90\ufe0f <strong data-start=\"1662\" data-end=\"1688\">Handcrafted products<\/strong><\/h3>\n<p data-start=\"1690\" data-end=\"1739\">Each candle is handcrafted.<\/p>\n<p data-start=\"1741\" data-end=\"1891\">Because of its handmade character:<br \/>\n- slight variations in shape or color may occur<br data-start=\"1841\" data-end=\"1844\" \/>- some minor imperfections are possible<\/p>\n<p data-start=\"1893\" data-end=\"1913\">\u2500\u2500\u2500\u2500\u2500\u2500\u2500\u2500\u2500\u2500\u2500\u2500\u2500\u2500\u2500\u2500\u2500\u2500\u2500\u2500<\/p>\n<p data-start=\"1915\" data-end=\"1946\">\ud83d\udce6 <strong data-start=\"1918\" data-end=\"1946\">Important information<\/strong><\/p>\n<p data-start=\"1948\" data-end=\"2259\">- Sold individually (1 miniature heart candle)<br data-start=\"1991\" data-end=\"1994\" \/>- Article made to order<br data-start=\"2024\" data-end=\"2027\" \/>- Please allow for manufacturing and delivery times.<br data-start=\"2092\" data-end=\"2095\" \/>(see General Sales Conditions and delivery times)<br data-start=\"2156\" data-end=\"2159\" \/>- The photos are examples of staging<br data-start=\"2206\" data-end=\"2209\" \/>- Other decorations sold separately<\/p>\n<p data-start=\"2261\" data-end=\"2341\">More inspiration on Instagram :<br data-start=\"2296\" data-end=\"2299\" \/>\ud83d\udc49 <a class=\"decorated-link\" href=\"https:\/\/www.instagram.com\/sunnyshop211\/\" target=\"_new\" rel=\"noopener\" data-start=\"2302\" data-end=\"2341\">https:\/\/www.instagram.com\/sunnyshop211\/<\/a><\/p>\n<p data-start=\"2343\" data-end=\"2363\">\u2500\u2500\u2500\u2500\u2500\u2500\u2500\u2500\u2500\u2500\u2500\u2500\u2500\u2500\u2500\u2500\u2500\u2500\u2500\u2500<\/p>\n<p data-start=\"2365\" data-end=\"2388\">\u26a0\ufe0f <strong data-start=\"2368\" data-end=\"2388\">Terms of use<\/strong><\/p>\n<p data-start=\"2390\" data-end=\"2530\">!!!! This is not a toy, this article is intended for adults.<br data-start=\"2461\" data-end=\"2464\" \/>I am not responsible for any damage in transit.<\/p>\n<p data-start=\"2532\" data-end=\"2629\">\ud83d\udd6f\ufe0f\u2764\ufe0f A miniature heart candle to illuminate romantic scenes of any scale.<\/p>\n<p>&nbsp;<\/p>\n<p>&nbsp;<\/p>\n<p>&nbsp;<\/p>\n<p>&nbsp;<\/p>","protected":false},"excerpt":{"rendered":"<p>&nbsp; Bougie c\u0153ur \u2013 Miniature 1\/6 \u00b7 1\/4 \u00b7 1\/3 \u00b7 Diorama \u00b7 Barbie \u00b7 BJD \u00b7 Minifee \u00b7 MSD \u00b7 SD \u00b7 Feeple \u2500\u2500\u2500\u2500\u2500\u2500\u2500\u2500\u2500\u2500\u2500\u2500\u2500\u2500\u2500\u2500\u2500\u2500\u2500\u2500 \u2728 Description Cette bougie c\u0153ur miniature est id\u00e9ale pour cr\u00e9er des ambiances romantiques et d\u00e9licates dans vos dioramas et mises en sc\u00e8ne. Parfaite pour la Saint-Valentin ou pour ajouter une [&hellip;]<\/p>\n","protected":false},"featured_media":18730,"comment_status":"open","ping_status":"closed","template":"","meta":{"_crdt_document":"","jetpack_post_was_ever_published":false,"jetpack_publicize_message":"","jetpack_publicize_feature_enabled":true,"jetpack_social_post_already_shared":true,"jetpack_social_options":{"image_generator_settings":{"template":"highway","default_image_id":0,"font":"","enabled":false},"version":2}},"product_brand":[],"product_cat":[667687074],"product_tag":[667681278,667681809,667681568,667684911,667681270,667681226,667681466,667684909,667681232,667681173,667683305,667685701,667681177,667681277,667681468,667683989,667683307],"class_list":{"0":"post-19222","1":"product","2":"type-product","3":"status-publish","4":"has-post-thumbnail","6":"product_cat--decoration-de-la-saint-valentin","7":"product_tag-barbie","8":"product_tag-candle","9":"product_tag-candles","10":"product_tag-coeur","11":"product_tag-custom-doll","12":"product_tag-doll","13":"product_tag-feeple","14":"product_tag-heart","15":"product_tag-miniature","16":"product_tag-minifee","17":"product_tag-phone","18":"product_tag-poppy-parkerminifee","19":"product_tag-poupee","20":"product_tag-pullip","21":"product_tag-sd","22":"product_tag-smart-doll","23":"product_tag-telephone","24":"product_shipping_class-colissimo-5","25":"pa_couleur-blanc","26":"pa_couleur-noir","27":"pa_couleur-rose-pink","28":"pa_couleur-rouge","30":"first","31":"instock","32":"taxable","33":"shipping-taxable","34":"purchasable","35":"product-type-variable"},"yoast_head":"<!-- This site is optimized with the Yoast SEO plugin v27.5 - https:\/\/yoast.com\/product\/yoast-seo-wordpress\/ -->\n<title>Bougie c\u0153ur miniature 1\/6 1\/4 1\/3 Barbie, minifee, SD, -<\/title>\n<meta name=\"description\" content=\"Bougie c\u0153ur miniature 1\/6 1\/4 1\/3 Barbie, phicen, pullip, blythe, msd, minifee, SD, feeple. Id\u00e9al pour vos mises en sc\u00e8nes et dioramas.\" \/>\n<meta name=\"robots\" content=\"index, follow, max-snippet:-1, max-image-preview:large, max-video-preview:-1\" \/>\n<link rel=\"canonical\" href=\"https:\/\/www.sunnyshop211.com\/en\/product\/bougie-coeur-miniature-1-6-1-4-1-3-barbie-minifee-sd\/\" \/>\n<meta property=\"og:locale\" content=\"en_US\" \/>\n<meta property=\"og:type\" content=\"article\" \/>\n<meta property=\"og:title\" content=\"Bougie c\u0153ur miniature 1\/6 1\/4 1\/3 Barbie, minifee, SD, -\" \/>\n<meta property=\"og:description\" content=\"Bougie c\u0153ur miniature 1\/6 1\/4 1\/3 Barbie, phicen, pullip, blythe, msd, minifee, SD, feeple. Id\u00e9al pour vos mises en sc\u00e8nes et dioramas.\" \/>\n<meta property=\"og:url\" content=\"https:\/\/www.sunnyshop211.com\/en\/product\/bougie-coeur-miniature-1-6-1-4-1-3-barbie-minifee-sd\/\" \/>\n<meta property=\"og:site_name\" content=\"Sunnyshop211 -Vente de dioramas, meubles, miniatures , bjd poup\u00e9es 1\/12 1\/8 1\/6 1\/4 1\/3\" \/>\n<meta property=\"article:publisher\" content=\"https:\/\/www.facebook.com\/sunnyshop211\/?ref=bookmarks\" \/>\n<meta property=\"article:modified_time\" content=\"2026-01-03T17:27:21+00:00\" \/>\n<meta property=\"og:image\" content=\"https:\/\/www.sunnyshop211.com\/wp-content\/uploads\/2020\/10\/studio-bb-126-scaled.jpg\" \/>\n\t<meta property=\"og:image:width\" content=\"2560\" \/>\n\t<meta property=\"og:image:height\" content=\"1707\" \/>\n\t<meta property=\"og:image:type\" content=\"image\/jpeg\" \/>\n<meta name=\"twitter:card\" content=\"summary_large_image\" \/>\n<meta name=\"twitter:site\" content=\"@sunnyshop211\" \/>\n<meta name=\"twitter:label1\" content=\"Est. reading time\" \/>\n\t<meta name=\"twitter:data1\" content=\"2 minutes\" \/>\n<script type=\"application\/ld+json\" class=\"yoast-schema-graph\">{\"@context\":\"https:\\\/\\\/schema.org\",\"@graph\":[{\"@type\":\"WebPage\",\"@id\":\"https:\\\/\\\/www.sunnyshop211.com\\\/produit\\\/bougie-coeur-miniature-1-6-1-4-1-3-barbie-minifee-sd\\\/\",\"url\":\"https:\\\/\\\/www.sunnyshop211.com\\\/produit\\\/bougie-coeur-miniature-1-6-1-4-1-3-barbie-minifee-sd\\\/\",\"name\":\"Bougie c\u0153ur miniature 1\\\/6 1\\\/4 1\\\/3 Barbie, minifee, SD, -\",\"isPartOf\":{\"@id\":\"https:\\\/\\\/www.sunnyshop211.com\\\/#website\"},\"primaryImageOfPage\":{\"@id\":\"https:\\\/\\\/www.sunnyshop211.com\\\/produit\\\/bougie-coeur-miniature-1-6-1-4-1-3-barbie-minifee-sd\\\/#primaryimage\"},\"image\":{\"@id\":\"https:\\\/\\\/www.sunnyshop211.com\\\/produit\\\/bougie-coeur-miniature-1-6-1-4-1-3-barbie-minifee-sd\\\/#primaryimage\"},\"thumbnailUrl\":\"https:\\\/\\\/www.sunnyshop211.com\\\/wp-content\\\/uploads\\\/2020\\\/10\\\/studio-bb-126-scaled.jpg\",\"datePublished\":\"2020-10-23T14:10:05+00:00\",\"dateModified\":\"2026-01-03T17:27:21+00:00\",\"description\":\"Bougie c\u0153ur miniature 1\\\/6 1\\\/4 1\\\/3 Barbie, phicen, pullip, blythe, msd, minifee, SD, feeple. Id\u00e9al pour vos mises en sc\u00e8nes et dioramas.\",\"breadcrumb\":{\"@id\":\"https:\\\/\\\/www.sunnyshop211.com\\\/produit\\\/bougie-coeur-miniature-1-6-1-4-1-3-barbie-minifee-sd\\\/#breadcrumb\"},\"inLanguage\":\"en-US\",\"potentialAction\":[{\"@type\":\"ReadAction\",\"target\":[\"https:\\\/\\\/www.sunnyshop211.com\\\/produit\\\/bougie-coeur-miniature-1-6-1-4-1-3-barbie-minifee-sd\\\/\"]}]},{\"@type\":\"ImageObject\",\"inLanguage\":\"en-US\",\"@id\":\"https:\\\/\\\/www.sunnyshop211.com\\\/produit\\\/bougie-coeur-miniature-1-6-1-4-1-3-barbie-minifee-sd\\\/#primaryimage\",\"url\":\"https:\\\/\\\/www.sunnyshop211.com\\\/wp-content\\\/uploads\\\/2020\\\/10\\\/studio-bb-126-scaled.jpg\",\"contentUrl\":\"https:\\\/\\\/www.sunnyshop211.com\\\/wp-content\\\/uploads\\\/2020\\\/10\\\/studio-bb-126-scaled.jpg\",\"width\":2560,\"height\":1707,\"caption\":\"Bougie c\u0153ur miniature\"},{\"@type\":\"BreadcrumbList\",\"@id\":\"https:\\\/\\\/www.sunnyshop211.com\\\/produit\\\/bougie-coeur-miniature-1-6-1-4-1-3-barbie-minifee-sd\\\/#breadcrumb\",\"itemListElement\":[{\"@type\":\"ListItem\",\"position\":1,\"name\":\"Accueil\",\"item\":\"https:\\\/\\\/www.sunnyshop211.com\\\/\"},{\"@type\":\"ListItem\",\"position\":2,\"name\":\"Boutique\",\"item\":\"https:\\\/\\\/www.sunnyshop211.com\\\/boutique-miniature-bjd-dolls\\\/\"},{\"@type\":\"ListItem\",\"position\":3,\"name\":\"Bougie c\u0153ur miniature 1\\\/6 1\\\/4 1\\\/3 Barbie, minifee, SD,\"}]},{\"@type\":\"WebSite\",\"@id\":\"https:\\\/\\\/www.sunnyshop211.com\\\/#website\",\"url\":\"https:\\\/\\\/www.sunnyshop211.com\\\/\",\"name\":\"Vente de dioramas, meubles, miniatures , bjd poup\u00e9es 1\\\/12 1\\\/8 1\\\/6 1\\\/4 1\\\/3\",\"description\":\"Sunnyshop211 - Votre univers miniature pour poup\u00e9es et BJD, dioramas et meubles sur mesure !\",\"publisher\":{\"@id\":\"https:\\\/\\\/www.sunnyshop211.com\\\/#organization\"},\"alternateName\":\"sunnyshop211\",\"potentialAction\":[{\"@type\":\"SearchAction\",\"target\":{\"@type\":\"EntryPoint\",\"urlTemplate\":\"https:\\\/\\\/www.sunnyshop211.com\\\/?s={search_term_string}\"},\"query-input\":{\"@type\":\"PropertyValueSpecification\",\"valueRequired\":true,\"valueName\":\"search_term_string\"}}],\"inLanguage\":\"en-US\"},{\"@type\":\"Organization\",\"@id\":\"https:\\\/\\\/www.sunnyshop211.com\\\/#organization\",\"name\":\"sunnyshop211\",\"alternateName\":\"sunnyshop211 diorama bjd meuble miniature\",\"url\":\"https:\\\/\\\/www.sunnyshop211.com\\\/\",\"logo\":{\"@type\":\"ImageObject\",\"inLanguage\":\"en-US\",\"@id\":\"https:\\\/\\\/www.sunnyshop211.com\\\/#\\\/schema\\\/logo\\\/image\\\/\",\"url\":\"https:\\\/\\\/www.sunnyshop211.com\\\/wp-content\\\/uploads\\\/2022\\\/08\\\/cropped-cropped-cropped-Sunnyshop211-1.png\",\"contentUrl\":\"https:\\\/\\\/www.sunnyshop211.com\\\/wp-content\\\/uploads\\\/2022\\\/08\\\/cropped-cropped-cropped-Sunnyshop211-1.png\",\"width\":339,\"height\":339,\"caption\":\"sunnyshop211\"},\"image\":{\"@id\":\"https:\\\/\\\/www.sunnyshop211.com\\\/#\\\/schema\\\/logo\\\/image\\\/\"},\"sameAs\":[\"https:\\\/\\\/www.facebook.com\\\/sunnyshop211\\\/?ref=bookmarks\",\"https:\\\/\\\/x.com\\\/sunnyshop211\",\"https:\\\/\\\/www.instagram.com\\\/sunnyshop211\\\/\",\"https:\\\/\\\/www.tumblr.com\\\/blog\\\/sunnyshop211\",\"https:\\\/\\\/www.youtube.com\\\/channel\\\/UCtYY18OGGDKrTSzgcf7fCBg\",\"https:\\\/\\\/www.tiktok.com\\\/@sunnydollshop211?is_from_webapp=1&sender_device=pc\"]}]}<\/script>\n<!-- \/ Yoast SEO plugin. -->","yoast_head_json":{"title":"Miniature heart candle 1\/6 1\/4 1\/3 Barbie, minifee, SD, -","description":"Miniature heart candle 1\/6 1\/4 1\/3 Barbie, phicen, pullip, blythe, msd, minifee, SD, feeple. Ideal for staging and dioramas.","robots":{"index":"index","follow":"follow","max-snippet":"max-snippet:-1","max-image-preview":"max-image-preview:large","max-video-preview":"max-video-preview:-1"},"canonical":"https:\/\/www.sunnyshop211.com\/en\/product\/bougie-coeur-miniature-1-6-1-4-1-3-barbie-minifee-sd\/","og_locale":"en_US","og_type":"article","og_title":"Bougie c\u0153ur miniature 1\/6 1\/4 1\/3 Barbie, minifee, SD, -","og_description":"Bougie c\u0153ur miniature 1\/6 1\/4 1\/3 Barbie, phicen, pullip, blythe, msd, minifee, SD, feeple. Id\u00e9al pour vos mises en sc\u00e8nes et dioramas.","og_url":"https:\/\/www.sunnyshop211.com\/en\/product\/bougie-coeur-miniature-1-6-1-4-1-3-barbie-minifee-sd\/","og_site_name":"Sunnyshop211 -Vente de dioramas, meubles, miniatures , bjd poup\u00e9es 1\/12 1\/8 1\/6 1\/4 1\/3","article_publisher":"https:\/\/www.facebook.com\/sunnyshop211\/?ref=bookmarks","article_modified_time":"2026-01-03T17:27:21+00:00","og_image":[{"width":2560,"height":1707,"url":"https:\/\/www.sunnyshop211.com\/wp-content\/uploads\/2020\/10\/studio-bb-126-scaled.jpg","type":"image\/jpeg"}],"twitter_card":"summary_large_image","twitter_site":"@sunnyshop211","twitter_misc":{"Est. reading time":"2 minutes"},"schema":{"@context":"https:\/\/schema.org","@graph":[{"@type":"WebPage","@id":"https:\/\/www.sunnyshop211.com\/produit\/bougie-coeur-miniature-1-6-1-4-1-3-barbie-minifee-sd\/","url":"https:\/\/www.sunnyshop211.com\/produit\/bougie-coeur-miniature-1-6-1-4-1-3-barbie-minifee-sd\/","name":"Miniature heart candle 1\/6 1\/4 1\/3 Barbie, minifee, SD, -","isPartOf":{"@id":"https:\/\/www.sunnyshop211.com\/#website"},"primaryImageOfPage":{"@id":"https:\/\/www.sunnyshop211.com\/produit\/bougie-coeur-miniature-1-6-1-4-1-3-barbie-minifee-sd\/#primaryimage"},"image":{"@id":"https:\/\/www.sunnyshop211.com\/produit\/bougie-coeur-miniature-1-6-1-4-1-3-barbie-minifee-sd\/#primaryimage"},"thumbnailUrl":"https:\/\/www.sunnyshop211.com\/wp-content\/uploads\/2020\/10\/studio-bb-126-scaled.jpg","datePublished":"2020-10-23T14:10:05+00:00","dateModified":"2026-01-03T17:27:21+00:00","description":"Miniature heart candle 1\/6 1\/4 1\/3 Barbie, phicen, pullip, blythe, msd, minifee, SD, feeple. Ideal for staging and dioramas.","breadcrumb":{"@id":"https:\/\/www.sunnyshop211.com\/produit\/bougie-coeur-miniature-1-6-1-4-1-3-barbie-minifee-sd\/#breadcrumb"},"inLanguage":"en-US","potentialAction":[{"@type":"ReadAction","target":["https:\/\/www.sunnyshop211.com\/produit\/bougie-coeur-miniature-1-6-1-4-1-3-barbie-minifee-sd\/"]}]},{"@type":"ImageObject","inLanguage":"en-US","@id":"https:\/\/www.sunnyshop211.com\/produit\/bougie-coeur-miniature-1-6-1-4-1-3-barbie-minifee-sd\/#primaryimage","url":"https:\/\/www.sunnyshop211.com\/wp-content\/uploads\/2020\/10\/studio-bb-126-scaled.jpg","contentUrl":"https:\/\/www.sunnyshop211.com\/wp-content\/uploads\/2020\/10\/studio-bb-126-scaled.jpg","width":2560,"height":1707,"caption":"Bougie c\u0153ur miniature"},{"@type":"BreadcrumbList","@id":"https:\/\/www.sunnyshop211.com\/produit\/bougie-coeur-miniature-1-6-1-4-1-3-barbie-minifee-sd\/#breadcrumb","itemListElement":[{"@type":"ListItem","position":1,"name":"Accueil","item":"https:\/\/www.sunnyshop211.com\/"},{"@type":"ListItem","position":2,"name":"Boutique","item":"https:\/\/www.sunnyshop211.com\/boutique-miniature-bjd-dolls\/"},{"@type":"ListItem","position":3,"name":"Bougie c\u0153ur miniature 1\/6 1\/4 1\/3 Barbie, minifee, SD,"}]},{"@type":"WebSite","@id":"https:\/\/www.sunnyshop211.com\/#website","url":"https:\/\/www.sunnyshop211.com\/","name":"Sale of dioramas, furniture, miniatures, bjd dolls 1\/12 1\/8 1\/6 1\/4 1\/3","description":"Sunnyshop211 - Your miniature world for dolls and BJDs, dioramas and custom-made furniture!","publisher":{"@id":"https:\/\/www.sunnyshop211.com\/#organization"},"alternateName":"sunnyshop211","potentialAction":[{"@type":"SearchAction","target":{"@type":"EntryPoint","urlTemplate":"https:\/\/www.sunnyshop211.com\/?s={search_term_string}"},"query-input":{"@type":"PropertyValueSpecification","valueRequired":true,"valueName":"search_term_string"}}],"inLanguage":"en-US"},{"@type":"Organization","@id":"https:\/\/www.sunnyshop211.com\/#organization","name":"sunnyshop211","alternateName":"sunnyshop211 diorama bjd meuble miniature","url":"https:\/\/www.sunnyshop211.com\/","logo":{"@type":"ImageObject","inLanguage":"en-US","@id":"https:\/\/www.sunnyshop211.com\/#\/schema\/logo\/image\/","url":"https:\/\/www.sunnyshop211.com\/wp-content\/uploads\/2022\/08\/cropped-cropped-cropped-Sunnyshop211-1.png","contentUrl":"https:\/\/www.sunnyshop211.com\/wp-content\/uploads\/2022\/08\/cropped-cropped-cropped-Sunnyshop211-1.png","width":339,"height":339,"caption":"sunnyshop211"},"image":{"@id":"https:\/\/www.sunnyshop211.com\/#\/schema\/logo\/image\/"},"sameAs":["https:\/\/www.facebook.com\/sunnyshop211\/?ref=bookmarks","https:\/\/x.com\/sunnyshop211","https:\/\/www.instagram.com\/sunnyshop211\/","https:\/\/www.tumblr.com\/blog\/sunnyshop211","https:\/\/www.youtube.com\/channel\/UCtYY18OGGDKrTSzgcf7fCBg","https:\/\/www.tiktok.com\/@sunnydollshop211?is_from_webapp=1&sender_device=pc"]}]}},"jetpack_publicize_connections":[],"jetpack_sharing_enabled":true,"_links":{"self":[{"href":"https:\/\/www.sunnyshop211.com\/en\/wp-json\/wp\/v2\/product\/19222","targetHints":{"allow":["GET"]}}],"collection":[{"href":"https:\/\/www.sunnyshop211.com\/en\/wp-json\/wp\/v2\/product"}],"about":[{"href":"https:\/\/www.sunnyshop211.com\/en\/wp-json\/wp\/v2\/types\/product"}],"replies":[{"embeddable":true,"href":"https:\/\/www.sunnyshop211.com\/en\/wp-json\/wp\/v2\/comments?post=19222"}],"version-history":[{"count":9,"href":"https:\/\/www.sunnyshop211.com\/en\/wp-json\/wp\/v2\/product\/19222\/revisions"}],"predecessor-version":[{"id":54096,"href":"https:\/\/www.sunnyshop211.com\/en\/wp-json\/wp\/v2\/product\/19222\/revisions\/54096"}],"wp:featuredmedia":[{"embeddable":true,"href":"https:\/\/www.sunnyshop211.com\/en\/wp-json\/wp\/v2\/media\/18730"}],"wp:attachment":[{"href":"https:\/\/www.sunnyshop211.com\/en\/wp-json\/wp\/v2\/media?parent=19222"}],"wp:term":[{"taxonomy":"product_brand","embeddable":true,"href":"https:\/\/www.sunnyshop211.com\/en\/wp-json\/wp\/v2\/product_brand?post=19222"},{"taxonomy":"product_cat","embeddable":true,"href":"https:\/\/www.sunnyshop211.com\/en\/wp-json\/wp\/v2\/product_cat?post=19222"},{"taxonomy":"product_tag","embeddable":true,"href":"https:\/\/www.sunnyshop211.com\/en\/wp-json\/wp\/v2\/product_tag?post=19222"}],"curies":[{"name":"wp","href":"https:\/\/api.w.org\/{rel}","templated":true}]}}