{"id":19158,"date":"2020-10-23T14:08:14","date_gmt":"2020-10-23T13:08:14","guid":{"rendered":"https:\/\/sunnyshop211.com\/?post_type=product&#038;p=19158"},"modified":"2026-01-01T18:20:35","modified_gmt":"2026-01-01T17:20:35","slug":"etagere-pour-plantes-miniature-1-6-barbie-blythe-pullip-poppy-parker","status":"publish","type":"product","link":"https:\/\/www.sunnyshop211.com\/en\/product\/etagere-pour-plantes-miniature-1-6-barbie-blythe-pullip-poppy-parker\/","title":{"rendered":"Miniature plant shelf 1\/6 Blythe, Pullip, Poppy Parker"},"content":{"rendered":"<div id='gallery-1' class='gallery galleryid-19158 gallery-columns-3 gallery-size-thumbnail'><figure class='gallery-item'>\n\t\t\t<div class='gallery-icon portrait'>\n\t\t\t\t<a href='https:\/\/www.sunnyshop211.com\/en\/?attachment_id=18767'><img decoding=\"async\" width=\"150\" height=\"150\" src=\"https:\/\/www.sunnyshop211.com\/wp-content\/uploads\/2020\/10\/studio-bb-88-150x150.jpg\" class=\"attachment-thumbnail size-thumbnail\" alt=\"Etag\u00e8re plantes miniature 1\/6\" srcset=\"https:\/\/www.sunnyshop211.com\/wp-content\/uploads\/2020\/10\/studio-bb-88-150x150.jpg 150w, https:\/\/www.sunnyshop211.com\/wp-content\/uploads\/2020\/10\/studio-bb-88-scaled-500x500.jpg 500w, https:\/\/www.sunnyshop211.com\/wp-content\/uploads\/2020\/10\/studio-bb-88-100x100.jpg 100w\" sizes=\"(max-width: 150px) 100vw, 150px\" \/><\/a>\n\t\t\t<\/div><\/figure><figure class='gallery-item'>\n\t\t\t<div class='gallery-icon portrait'>\n\t\t\t\t<a href='https:\/\/www.sunnyshop211.com\/en\/?attachment_id=18768'><img decoding=\"async\" width=\"150\" height=\"150\" src=\"https:\/\/www.sunnyshop211.com\/wp-content\/uploads\/2020\/10\/studio-bb-89-scaled-150x150.jpg\" class=\"attachment-thumbnail size-thumbnail\" alt=\"\" srcset=\"https:\/\/www.sunnyshop211.com\/wp-content\/uploads\/2020\/10\/studio-bb-89-scaled-150x150.jpg 150w, https:\/\/www.sunnyshop211.com\/wp-content\/uploads\/2020\/10\/studio-bb-89-scaled-500x500.jpg 500w, https:\/\/www.sunnyshop211.com\/wp-content\/uploads\/2020\/10\/studio-bb-89-100x100.jpg 100w\" sizes=\"(max-width: 150px) 100vw, 150px\" \/><\/a>\n\t\t\t<\/div><\/figure><figure class='gallery-item'>\n\t\t\t<div class='gallery-icon portrait'>\n\t\t\t\t<a href='https:\/\/www.sunnyshop211.com\/en\/?attachment_id=18765'><img decoding=\"async\" width=\"150\" height=\"150\" src=\"https:\/\/www.sunnyshop211.com\/wp-content\/uploads\/2020\/10\/studio-bb-91-150x150.jpg\" class=\"attachment-thumbnail size-thumbnail\" alt=\"Etag\u00e8re plantes miniature 1\/6\" srcset=\"https:\/\/www.sunnyshop211.com\/wp-content\/uploads\/2020\/10\/studio-bb-91-150x150.jpg 150w, https:\/\/www.sunnyshop211.com\/wp-content\/uploads\/2020\/10\/studio-bb-91-scaled-500x500.jpg 500w, https:\/\/www.sunnyshop211.com\/wp-content\/uploads\/2020\/10\/studio-bb-91-100x100.jpg 100w\" sizes=\"(max-width: 150px) 100vw, 150px\" \/><\/a>\n\t\t\t<\/div><\/figure>\n\t\t<\/div>\n\n<h2 data-start=\"145\" data-end=\"183\">\ud83c\udf3f Miniature plant rack<\/h2>\n<p data-start=\"184\" data-end=\"233\"><strong data-start=\"184\" data-end=\"233\">1\/6 - Barbie - Blythe - Pullip - Poppy Parker<\/strong><\/p>\n<p data-start=\"235\" data-end=\"255\">\u2500\u2500\u2500\u2500\u2500\u2500\u2500\u2500\u2500\u2500\u2500\u2500\u2500\u2500\u2500\u2500\u2500\u2500\u2500\u2500<\/p>\n<h3 data-start=\"257\" data-end=\"274\">\u2728 Description<\/h3>\n<p data-start=\"275\" data-end=\"450\">This <strong data-start=\"281\" data-end=\"319\">miniature plant shelf 1\/6<\/strong> is ideal for showcasing your small plants and creating a <strong data-start=\"385\" data-end=\"413\">realistic green space<\/strong> in your dioramas and stagings.<\/p>\n<p data-start=\"452\" data-end=\"557\">It adds a natural decorative touch and blends easily into any miniature interior.<\/p>\n<p data-start=\"559\" data-end=\"596\">\u2714 Fictitious article<br data-start=\"575\" data-end=\"578\" \/>\u2714 Sold by unit<\/p>\n<p data-start=\"598\" data-end=\"618\">\u2500\u2500\u2500\u2500\u2500\u2500\u2500\u2500\u2500\u2500\u2500\u2500\u2500\u2500\u2500\u2500\u2500\u2500\u2500\u2500<\/p>\n<h3 data-start=\"620\" data-end=\"640\">\ud83e\uddf8 Compatibility<\/h3>\n<p data-start=\"641\" data-end=\"691\">Suitable for dolls in <strong data-start=\"670\" data-end=\"677\">1\/6<\/strong>, such that :<\/p>\n<ul data-start=\"693\" data-end=\"795\">\n<li data-start=\"693\" data-end=\"703\">\n<p data-start=\"695\" data-end=\"703\">Barbie<\/p>\n<\/li>\n<li data-start=\"704\" data-end=\"714\">\n<p data-start=\"706\" data-end=\"714\">Blythe<\/p>\n<\/li>\n<li data-start=\"715\" data-end=\"725\">\n<p data-start=\"717\" data-end=\"725\">Pullip<\/p>\n<\/li>\n<li data-start=\"726\" data-end=\"742\">\n<p data-start=\"728\" data-end=\"742\">Poppy Parker<\/p>\n<\/li>\n<li data-start=\"743\" data-end=\"795\">\n<p data-start=\"745\" data-end=\"795\">And other mannequin dolls of equivalent size<\/p>\n<\/li>\n<\/ul>\n<p data-start=\"797\" data-end=\"817\">\u2500\u2500\u2500\u2500\u2500\u2500\u2500\u2500\u2500\u2500\u2500\u2500\u2500\u2500\u2500\u2500\u2500\u2500\u2500\u2500<\/p>\n<h3 data-start=\"819\" data-end=\"836\">\ud83d\udccf Dimensions<\/h3>\n<ul data-start=\"837\" data-end=\"905\">\n<li data-start=\"837\" data-end=\"860\">\n<p data-start=\"839\" data-end=\"860\">Height : <strong data-start=\"849\" data-end=\"858\">16 cm<\/strong><\/p>\n<\/li>\n<li data-start=\"861\" data-end=\"905\">\n<p data-start=\"863\" data-end=\"905\">Width : <strong data-start=\"873\" data-end=\"882\">12 cm<\/strong><br data-start=\"882\" data-end=\"885\" \/>(6.29 x 4.72 inches)<\/p>\n<\/li>\n<\/ul>\n<p data-start=\"907\" data-end=\"927\">\u2500\u2500\u2500\u2500\u2500\u2500\u2500\u2500\u2500\u2500\u2500\u2500\u2500\u2500\u2500\u2500\u2500\u2500\u2500\u2500<\/p>\n<h3 data-start=\"929\" data-end=\"954\">\ud83e\udeb4 Product details<\/h3>\n<ul data-start=\"955\" data-end=\"1190\">\n<li data-start=\"955\" data-end=\"1004\">\n<p data-start=\"957\" data-end=\"1004\">Miniature shelf <strong data-start=\"975\" data-end=\"1004\">sold empty, without plants<\/strong><\/p>\n<\/li>\n<li data-start=\"1005\" data-end=\"1050\">\n<p data-start=\"1007\" data-end=\"1050\">You choose the <strong data-start=\"1026\" data-end=\"1037\">color<\/strong> shelf<\/p>\n<\/li>\n<li data-start=\"1051\" data-end=\"1121\">\n<p data-start=\"1053\" data-end=\"1121\">Designed to accommodate my <strong data-start=\"1080\" data-end=\"1102\">miniature plants<\/strong> sold separately<\/p>\n<\/li>\n<li data-start=\"1122\" data-end=\"1190\">\n<p data-start=\"1124\" data-end=\"1190\">Ideal for creating a green space in your miniature interiors<\/p>\n<\/li>\n<\/ul>\n<p data-start=\"1192\" data-end=\"1269\">\u27a1\ufe0f Several models of compatible plants are available in my store.<\/p>\n<p data-start=\"1271\" data-end=\"1291\">\u2500\u2500\u2500\u2500\u2500\u2500\u2500\u2500\u2500\u2500\u2500\u2500\u2500\u2500\u2500\u2500\u2500\u2500\u2500\u2500<\/p>\n<h3 data-start=\"1293\" data-end=\"1323\">\ud83d\udd90\ufe0f Craft manufacturing<\/h3>\n<p data-start=\"1324\" data-end=\"1374\">Each shelf is handcrafted.<\/p>\n<p data-start=\"1376\" data-end=\"1410\">Because of its handmade character:<\/p>\n<ul data-start=\"1411\" data-end=\"1528\">\n<li data-start=\"1411\" data-end=\"1478\">\n<p data-start=\"1413\" data-end=\"1478\">slight variations in shape or color may occur<\/p>\n<\/li>\n<li data-start=\"1479\" data-end=\"1528\">\n<p data-start=\"1481\" data-end=\"1528\">some minor imperfections are possible<\/p>\n<\/li>\n<\/ul>\n<p data-start=\"1530\" data-end=\"1550\">\u2500\u2500\u2500\u2500\u2500\u2500\u2500\u2500\u2500\u2500\u2500\u2500\u2500\u2500\u2500\u2500\u2500\u2500\u2500\u2500<\/p>\n<h3 data-start=\"1552\" data-end=\"1583\">\ud83d\udce6 Important information<\/h3>\n<ul data-start=\"1584\" data-end=\"1826\">\n<li data-start=\"1584\" data-end=\"1635\">\n<p data-start=\"1586\" data-end=\"1635\">The photos are <strong data-start=\"1606\" data-end=\"1635\">examples of staging<\/strong><\/p>\n<\/li>\n<li data-start=\"1636\" data-end=\"1668\">\n<p data-start=\"1638\" data-end=\"1668\"><strong data-start=\"1638\" data-end=\"1668\">Only the shelf is sold<\/strong><\/p>\n<\/li>\n<li data-start=\"1669\" data-end=\"1736\">\n<p data-start=\"1671\" data-end=\"1736\">Other decorations and plants sold separately in the store<\/p>\n<\/li>\n<li data-start=\"1737\" data-end=\"1826\">\n<p data-start=\"1739\" data-end=\"1826\">More photos available on Instagram :<br data-start=\"1781\" data-end=\"1784\" \/>\ud83d\udc49 <a class=\"decorated-link\" href=\"https:\/\/www.instagram.com\/sunnyshop211\/\" target=\"_new\" rel=\"noopener\" data-start=\"1787\" data-end=\"1826\">https:\/\/www.instagram.com\/sunnyshop211\/<\/a><\/p>\n<\/li>\n<\/ul>\n<p data-start=\"1828\" data-end=\"1848\">\u2500\u2500\u2500\u2500\u2500\u2500\u2500\u2500\u2500\u2500\u2500\u2500\u2500\u2500\u2500\u2500\u2500\u2500\u2500\u2500<\/p>\n<h3 data-start=\"1850\" data-end=\"1873\">\u26a0\ufe0f Imprint<\/h3>\n<p data-start=\"1874\" data-end=\"2014\">!!!! This is not a toy<br data-start=\"1902\" data-end=\"1905\" \/>Article for a <strong data-start=\"1926\" data-end=\"1943\">adult audience<\/strong><br data-start=\"1943\" data-end=\"1946\" \/>\ud83d\udce6 I'm not responsible for any shipping damage<\/p>\n<p>&nbsp;<\/p>\n<p>&nbsp;<\/p>\n<p>&nbsp;<\/p>","protected":false},"excerpt":{"rendered":"<p>\ud83c\udf3f \u00c9tag\u00e8re pour plantes miniature 1\/6 \u2013 Barbie \u00b7 Blythe \u00b7 Pullip \u00b7 Poppy Parker \u2500\u2500\u2500\u2500\u2500\u2500\u2500\u2500\u2500\u2500\u2500\u2500\u2500\u2500\u2500\u2500\u2500\u2500\u2500\u2500 \u2728 Description Cette \u00e9tag\u00e8re pour plantes miniature 1\/6 est id\u00e9ale pour mettre en valeur vos petites plantes et cr\u00e9er un coin de verdure r\u00e9aliste dans vos dioramas et mises en sc\u00e8ne. Elle apporte une touche d\u00e9corative naturelle et s\u2019int\u00e8gre [&hellip;]<\/p>\n","protected":false},"featured_media":18768,"comment_status":"open","ping_status":"closed","template":"","meta":{"_crdt_document":"","jetpack_post_was_ever_published":false,"jetpack_publicize_message":"","jetpack_publicize_feature_enabled":true,"jetpack_social_post_already_shared":true,"jetpack_social_options":{"image_generator_settings":{"template":"highway","default_image_id":0,"font":"","enabled":false},"version":2}},"product_brand":[],"product_cat":[667687054],"product_tag":[667681278,667681143,667681136,667681142,667681234,667681226,667681233,667681343,667681348,667681426,667681359,667681236,667681261,667681232,667681280,667681655,667681656,667681657,667681653,667681177,667681277,667681235,667681344],"class_list":{"0":"post-19158","1":"product","2":"type-product","3":"status-publish","4":"has-post-thumbnail","6":"product_cat-materiel-de-jardinage","7":"product_tag-barbie","8":"product_tag-bedroom","9":"product_tag-bjd","10":"product_tag-chambre","11":"product_tag-diorama","12":"product_tag-doll","13":"product_tag-dollhouse","14":"product_tag-etagere","15":"product_tag-fashion-royalty","16":"product_tag-littlefee","17":"product_tag-living-room","18":"product_tag-maison-de-poupee","19":"product_tag-meuble","20":"product_tag-miniature","21":"product_tag-phicen","22":"product_tag-photo","23":"product_tag-plant","24":"product_tag-plante","25":"product_tag-portrait","26":"product_tag-poupee","27":"product_tag-pullip","28":"product_tag-roombox","29":"product_tag-shelf","30":"product_shipping_class-colissimo-5","31":"pa_couleur-blanc","32":"pa_couleur-gris","33":"pa_couleur-marron","34":"pa_couleur-noir","36":"first","37":"instock","38":"taxable","39":"shipping-taxable","40":"purchasable","41":"product-type-variable"},"yoast_head":"<!-- This site is optimized with the Yoast SEO plugin v27.5 - https:\/\/yoast.com\/product\/yoast-seo-wordpress\/ -->\n<title>Etag\u00e8re pour plantes miniature 1\/6 Blythe, Pullip, Poppy Parker -<\/title>\n<meta name=\"description\" content=\"Etag\u00e8re pour plantes miniature 1\/6 Barbie, Blythe, Pullip, Poppy Parker. Id\u00e9al pour poser vos petites plantes miniature et customiser votre int\u00e9rieur.\" \/>\n<meta name=\"robots\" content=\"index, follow, max-snippet:-1, max-image-preview:large, max-video-preview:-1\" \/>\n<link rel=\"canonical\" href=\"https:\/\/www.sunnyshop211.com\/en\/product\/etagere-pour-plantes-miniature-1-6-barbie-blythe-pullip-poppy-parker\/\" \/>\n<meta property=\"og:locale\" content=\"en_US\" \/>\n<meta property=\"og:type\" content=\"article\" \/>\n<meta property=\"og:title\" content=\"Etag\u00e8re pour plantes miniature 1\/6 Blythe, Pullip, Poppy Parker -\" \/>\n<meta property=\"og:description\" content=\"Etag\u00e8re pour plantes miniature 1\/6 Barbie, Blythe, Pullip, Poppy Parker. Id\u00e9al pour poser vos petites plantes miniature et customiser votre int\u00e9rieur.\" \/>\n<meta property=\"og:url\" content=\"https:\/\/www.sunnyshop211.com\/en\/product\/etagere-pour-plantes-miniature-1-6-barbie-blythe-pullip-poppy-parker\/\" \/>\n<meta property=\"og:site_name\" content=\"Sunnyshop211 -Vente de dioramas, meubles, miniatures , bjd poup\u00e9es 1\/12 1\/8 1\/6 1\/4 1\/3\" \/>\n<meta property=\"article:publisher\" content=\"https:\/\/www.facebook.com\/sunnyshop211\/?ref=bookmarks\" \/>\n<meta property=\"article:modified_time\" content=\"2026-01-01T17:20:35+00:00\" \/>\n<meta property=\"og:image\" content=\"https:\/\/www.sunnyshop211.com\/wp-content\/uploads\/2020\/10\/studio-bb-89-scaled.jpg\" \/>\n\t<meta property=\"og:image:width\" content=\"1550\" \/>\n\t<meta property=\"og:image:height\" content=\"2560\" \/>\n\t<meta property=\"og:image:type\" content=\"image\/jpeg\" \/>\n<meta name=\"twitter:card\" content=\"summary_large_image\" \/>\n<meta name=\"twitter:site\" content=\"@sunnyshop211\" \/>\n<meta name=\"twitter:label1\" content=\"Est. reading time\" \/>\n\t<meta name=\"twitter:data1\" content=\"2 minutes\" \/>\n<script type=\"application\/ld+json\" class=\"yoast-schema-graph\">{\"@context\":\"https:\\\/\\\/schema.org\",\"@graph\":[{\"@type\":\"WebPage\",\"@id\":\"https:\\\/\\\/www.sunnyshop211.com\\\/produit\\\/etagere-pour-plantes-miniature-1-6-barbie-blythe-pullip-poppy-parker\\\/\",\"url\":\"https:\\\/\\\/www.sunnyshop211.com\\\/produit\\\/etagere-pour-plantes-miniature-1-6-barbie-blythe-pullip-poppy-parker\\\/\",\"name\":\"Etag\u00e8re pour plantes miniature 1\\\/6 Blythe, Pullip, Poppy Parker -\",\"isPartOf\":{\"@id\":\"https:\\\/\\\/www.sunnyshop211.com\\\/#website\"},\"primaryImageOfPage\":{\"@id\":\"https:\\\/\\\/www.sunnyshop211.com\\\/produit\\\/etagere-pour-plantes-miniature-1-6-barbie-blythe-pullip-poppy-parker\\\/#primaryimage\"},\"image\":{\"@id\":\"https:\\\/\\\/www.sunnyshop211.com\\\/produit\\\/etagere-pour-plantes-miniature-1-6-barbie-blythe-pullip-poppy-parker\\\/#primaryimage\"},\"thumbnailUrl\":\"https:\\\/\\\/www.sunnyshop211.com\\\/wp-content\\\/uploads\\\/2020\\\/10\\\/studio-bb-89-scaled.jpg\",\"datePublished\":\"2020-10-23T13:08:14+00:00\",\"dateModified\":\"2026-01-01T17:20:35+00:00\",\"description\":\"Etag\u00e8re pour plantes miniature 1\\\/6 Barbie, Blythe, Pullip, Poppy Parker. Id\u00e9al pour poser vos petites plantes miniature et customiser votre int\u00e9rieur.\",\"breadcrumb\":{\"@id\":\"https:\\\/\\\/www.sunnyshop211.com\\\/produit\\\/etagere-pour-plantes-miniature-1-6-barbie-blythe-pullip-poppy-parker\\\/#breadcrumb\"},\"inLanguage\":\"en-US\",\"potentialAction\":[{\"@type\":\"ReadAction\",\"target\":[\"https:\\\/\\\/www.sunnyshop211.com\\\/produit\\\/etagere-pour-plantes-miniature-1-6-barbie-blythe-pullip-poppy-parker\\\/\"]}]},{\"@type\":\"ImageObject\",\"inLanguage\":\"en-US\",\"@id\":\"https:\\\/\\\/www.sunnyshop211.com\\\/produit\\\/etagere-pour-plantes-miniature-1-6-barbie-blythe-pullip-poppy-parker\\\/#primaryimage\",\"url\":\"https:\\\/\\\/www.sunnyshop211.com\\\/wp-content\\\/uploads\\\/2020\\\/10\\\/studio-bb-89-scaled.jpg\",\"contentUrl\":\"https:\\\/\\\/www.sunnyshop211.com\\\/wp-content\\\/uploads\\\/2020\\\/10\\\/studio-bb-89-scaled.jpg\",\"width\":1550,\"height\":2560},{\"@type\":\"BreadcrumbList\",\"@id\":\"https:\\\/\\\/www.sunnyshop211.com\\\/produit\\\/etagere-pour-plantes-miniature-1-6-barbie-blythe-pullip-poppy-parker\\\/#breadcrumb\",\"itemListElement\":[{\"@type\":\"ListItem\",\"position\":1,\"name\":\"Accueil\",\"item\":\"https:\\\/\\\/www.sunnyshop211.com\\\/\"},{\"@type\":\"ListItem\",\"position\":2,\"name\":\"Boutique\",\"item\":\"https:\\\/\\\/www.sunnyshop211.com\\\/boutique-miniature-bjd-dolls\\\/\"},{\"@type\":\"ListItem\",\"position\":3,\"name\":\"Etag\u00e8re pour plantes miniature 1\\\/6 Blythe, Pullip, Poppy Parker\"}]},{\"@type\":\"WebSite\",\"@id\":\"https:\\\/\\\/www.sunnyshop211.com\\\/#website\",\"url\":\"https:\\\/\\\/www.sunnyshop211.com\\\/\",\"name\":\"Vente de dioramas, meubles, miniatures , bjd poup\u00e9es 1\\\/12 1\\\/8 1\\\/6 1\\\/4 1\\\/3\",\"description\":\"Sunnyshop211 - Votre univers miniature pour poup\u00e9es et BJD, dioramas et meubles sur mesure !\",\"publisher\":{\"@id\":\"https:\\\/\\\/www.sunnyshop211.com\\\/#organization\"},\"alternateName\":\"sunnyshop211\",\"potentialAction\":[{\"@type\":\"SearchAction\",\"target\":{\"@type\":\"EntryPoint\",\"urlTemplate\":\"https:\\\/\\\/www.sunnyshop211.com\\\/?s={search_term_string}\"},\"query-input\":{\"@type\":\"PropertyValueSpecification\",\"valueRequired\":true,\"valueName\":\"search_term_string\"}}],\"inLanguage\":\"en-US\"},{\"@type\":\"Organization\",\"@id\":\"https:\\\/\\\/www.sunnyshop211.com\\\/#organization\",\"name\":\"sunnyshop211\",\"alternateName\":\"sunnyshop211 diorama bjd meuble miniature\",\"url\":\"https:\\\/\\\/www.sunnyshop211.com\\\/\",\"logo\":{\"@type\":\"ImageObject\",\"inLanguage\":\"en-US\",\"@id\":\"https:\\\/\\\/www.sunnyshop211.com\\\/#\\\/schema\\\/logo\\\/image\\\/\",\"url\":\"https:\\\/\\\/www.sunnyshop211.com\\\/wp-content\\\/uploads\\\/2022\\\/08\\\/cropped-cropped-cropped-Sunnyshop211-1.png\",\"contentUrl\":\"https:\\\/\\\/www.sunnyshop211.com\\\/wp-content\\\/uploads\\\/2022\\\/08\\\/cropped-cropped-cropped-Sunnyshop211-1.png\",\"width\":339,\"height\":339,\"caption\":\"sunnyshop211\"},\"image\":{\"@id\":\"https:\\\/\\\/www.sunnyshop211.com\\\/#\\\/schema\\\/logo\\\/image\\\/\"},\"sameAs\":[\"https:\\\/\\\/www.facebook.com\\\/sunnyshop211\\\/?ref=bookmarks\",\"https:\\\/\\\/x.com\\\/sunnyshop211\",\"https:\\\/\\\/www.instagram.com\\\/sunnyshop211\\\/\",\"https:\\\/\\\/www.tumblr.com\\\/blog\\\/sunnyshop211\",\"https:\\\/\\\/www.youtube.com\\\/channel\\\/UCtYY18OGGDKrTSzgcf7fCBg\",\"https:\\\/\\\/www.tiktok.com\\\/@sunnydollshop211?is_from_webapp=1&sender_device=pc\"]}]}<\/script>\n<!-- \/ Yoast SEO plugin. -->","yoast_head_json":{"title":"Miniature plant rack 1\/6 Blythe, Pullip, Poppy Parker -","description":"Shelf for miniature plants 1\/6 Barbie, Blythe, Pullip, Poppy Parker. Ideal for placing your miniature plants and customizing your home.","robots":{"index":"index","follow":"follow","max-snippet":"max-snippet:-1","max-image-preview":"max-image-preview:large","max-video-preview":"max-video-preview:-1"},"canonical":"https:\/\/www.sunnyshop211.com\/en\/product\/etagere-pour-plantes-miniature-1-6-barbie-blythe-pullip-poppy-parker\/","og_locale":"en_US","og_type":"article","og_title":"Etag\u00e8re pour plantes miniature 1\/6 Blythe, Pullip, Poppy Parker -","og_description":"Etag\u00e8re pour plantes miniature 1\/6 Barbie, Blythe, Pullip, Poppy Parker. Id\u00e9al pour poser vos petites plantes miniature et customiser votre int\u00e9rieur.","og_url":"https:\/\/www.sunnyshop211.com\/en\/product\/etagere-pour-plantes-miniature-1-6-barbie-blythe-pullip-poppy-parker\/","og_site_name":"Sunnyshop211 -Vente de dioramas, meubles, miniatures , bjd poup\u00e9es 1\/12 1\/8 1\/6 1\/4 1\/3","article_publisher":"https:\/\/www.facebook.com\/sunnyshop211\/?ref=bookmarks","article_modified_time":"2026-01-01T17:20:35+00:00","og_image":[{"width":1550,"height":2560,"url":"https:\/\/www.sunnyshop211.com\/wp-content\/uploads\/2020\/10\/studio-bb-89-scaled.jpg","type":"image\/jpeg"}],"twitter_card":"summary_large_image","twitter_site":"@sunnyshop211","twitter_misc":{"Est. reading time":"2 minutes"},"schema":{"@context":"https:\/\/schema.org","@graph":[{"@type":"WebPage","@id":"https:\/\/www.sunnyshop211.com\/produit\/etagere-pour-plantes-miniature-1-6-barbie-blythe-pullip-poppy-parker\/","url":"https:\/\/www.sunnyshop211.com\/produit\/etagere-pour-plantes-miniature-1-6-barbie-blythe-pullip-poppy-parker\/","name":"Miniature plant rack 1\/6 Blythe, Pullip, Poppy Parker -","isPartOf":{"@id":"https:\/\/www.sunnyshop211.com\/#website"},"primaryImageOfPage":{"@id":"https:\/\/www.sunnyshop211.com\/produit\/etagere-pour-plantes-miniature-1-6-barbie-blythe-pullip-poppy-parker\/#primaryimage"},"image":{"@id":"https:\/\/www.sunnyshop211.com\/produit\/etagere-pour-plantes-miniature-1-6-barbie-blythe-pullip-poppy-parker\/#primaryimage"},"thumbnailUrl":"https:\/\/www.sunnyshop211.com\/wp-content\/uploads\/2020\/10\/studio-bb-89-scaled.jpg","datePublished":"2020-10-23T13:08:14+00:00","dateModified":"2026-01-01T17:20:35+00:00","description":"Shelf for miniature plants 1\/6 Barbie, Blythe, Pullip, Poppy Parker. Ideal for placing your miniature plants and customizing your home.","breadcrumb":{"@id":"https:\/\/www.sunnyshop211.com\/produit\/etagere-pour-plantes-miniature-1-6-barbie-blythe-pullip-poppy-parker\/#breadcrumb"},"inLanguage":"en-US","potentialAction":[{"@type":"ReadAction","target":["https:\/\/www.sunnyshop211.com\/produit\/etagere-pour-plantes-miniature-1-6-barbie-blythe-pullip-poppy-parker\/"]}]},{"@type":"ImageObject","inLanguage":"en-US","@id":"https:\/\/www.sunnyshop211.com\/produit\/etagere-pour-plantes-miniature-1-6-barbie-blythe-pullip-poppy-parker\/#primaryimage","url":"https:\/\/www.sunnyshop211.com\/wp-content\/uploads\/2020\/10\/studio-bb-89-scaled.jpg","contentUrl":"https:\/\/www.sunnyshop211.com\/wp-content\/uploads\/2020\/10\/studio-bb-89-scaled.jpg","width":1550,"height":2560},{"@type":"BreadcrumbList","@id":"https:\/\/www.sunnyshop211.com\/produit\/etagere-pour-plantes-miniature-1-6-barbie-blythe-pullip-poppy-parker\/#breadcrumb","itemListElement":[{"@type":"ListItem","position":1,"name":"Accueil","item":"https:\/\/www.sunnyshop211.com\/"},{"@type":"ListItem","position":2,"name":"Boutique","item":"https:\/\/www.sunnyshop211.com\/boutique-miniature-bjd-dolls\/"},{"@type":"ListItem","position":3,"name":"Etag\u00e8re pour plantes miniature 1\/6 Blythe, Pullip, Poppy Parker"}]},{"@type":"WebSite","@id":"https:\/\/www.sunnyshop211.com\/#website","url":"https:\/\/www.sunnyshop211.com\/","name":"Sale of dioramas, furniture, miniatures, bjd dolls 1\/12 1\/8 1\/6 1\/4 1\/3","description":"Sunnyshop211 - Your miniature world for dolls and BJDs, dioramas and custom-made furniture!","publisher":{"@id":"https:\/\/www.sunnyshop211.com\/#organization"},"alternateName":"sunnyshop211","potentialAction":[{"@type":"SearchAction","target":{"@type":"EntryPoint","urlTemplate":"https:\/\/www.sunnyshop211.com\/?s={search_term_string}"},"query-input":{"@type":"PropertyValueSpecification","valueRequired":true,"valueName":"search_term_string"}}],"inLanguage":"en-US"},{"@type":"Organization","@id":"https:\/\/www.sunnyshop211.com\/#organization","name":"sunnyshop211","alternateName":"sunnyshop211 diorama bjd meuble miniature","url":"https:\/\/www.sunnyshop211.com\/","logo":{"@type":"ImageObject","inLanguage":"en-US","@id":"https:\/\/www.sunnyshop211.com\/#\/schema\/logo\/image\/","url":"https:\/\/www.sunnyshop211.com\/wp-content\/uploads\/2022\/08\/cropped-cropped-cropped-Sunnyshop211-1.png","contentUrl":"https:\/\/www.sunnyshop211.com\/wp-content\/uploads\/2022\/08\/cropped-cropped-cropped-Sunnyshop211-1.png","width":339,"height":339,"caption":"sunnyshop211"},"image":{"@id":"https:\/\/www.sunnyshop211.com\/#\/schema\/logo\/image\/"},"sameAs":["https:\/\/www.facebook.com\/sunnyshop211\/?ref=bookmarks","https:\/\/x.com\/sunnyshop211","https:\/\/www.instagram.com\/sunnyshop211\/","https:\/\/www.tumblr.com\/blog\/sunnyshop211","https:\/\/www.youtube.com\/channel\/UCtYY18OGGDKrTSzgcf7fCBg","https:\/\/www.tiktok.com\/@sunnydollshop211?is_from_webapp=1&sender_device=pc"]}]}},"jetpack_publicize_connections":[],"jetpack_sharing_enabled":true,"_links":{"self":[{"href":"https:\/\/www.sunnyshop211.com\/en\/wp-json\/wp\/v2\/product\/19158","targetHints":{"allow":["GET"]}}],"collection":[{"href":"https:\/\/www.sunnyshop211.com\/en\/wp-json\/wp\/v2\/product"}],"about":[{"href":"https:\/\/www.sunnyshop211.com\/en\/wp-json\/wp\/v2\/types\/product"}],"replies":[{"embeddable":true,"href":"https:\/\/www.sunnyshop211.com\/en\/wp-json\/wp\/v2\/comments?post=19158"}],"version-history":[{"count":7,"href":"https:\/\/www.sunnyshop211.com\/en\/wp-json\/wp\/v2\/product\/19158\/revisions"}],"predecessor-version":[{"id":53893,"href":"https:\/\/www.sunnyshop211.com\/en\/wp-json\/wp\/v2\/product\/19158\/revisions\/53893"}],"wp:featuredmedia":[{"embeddable":true,"href":"https:\/\/www.sunnyshop211.com\/en\/wp-json\/wp\/v2\/media\/18768"}],"wp:attachment":[{"href":"https:\/\/www.sunnyshop211.com\/en\/wp-json\/wp\/v2\/media?parent=19158"}],"wp:term":[{"taxonomy":"product_brand","embeddable":true,"href":"https:\/\/www.sunnyshop211.com\/en\/wp-json\/wp\/v2\/product_brand?post=19158"},{"taxonomy":"product_cat","embeddable":true,"href":"https:\/\/www.sunnyshop211.com\/en\/wp-json\/wp\/v2\/product_cat?post=19158"},{"taxonomy":"product_tag","embeddable":true,"href":"https:\/\/www.sunnyshop211.com\/en\/wp-json\/wp\/v2\/product_tag?post=19158"}],"curies":[{"name":"wp","href":"https:\/\/api.w.org\/{rel}","templated":true}]}}