{"id":18523,"date":"2020-10-08T16:38:45","date_gmt":"2020-10-08T15:38:45","guid":{"rendered":"https:\/\/sunnyshop211.com\/?post_type=product&#038;p=18523"},"modified":"2025-12-25T14:02:14","modified_gmt":"2025-12-25T13:02:14","slug":"%f0%9f%90%be-arbre-a-chat-rond-miniature-diorama-1-6-barbie-fashion-royalty-poppy-parker-pullip","status":"publish","type":"product","link":"https:\/\/www.sunnyshop211.com\/en\/product\/%f0%9f%90%be-arbre-a-chat-rond-miniature-diorama-1-6-barbie-fashion-royalty-poppy-parker-pullip\/","title":{"rendered":"\ud83d\udc3e Miniature round cat tree - Diorama 1\/6 ( Barbie, fashion royalty, Poppy Parker, pullip.)"},"content":{"rendered":"<div id='gallery-1' class='gallery galleryid-18523 gallery-columns-3 gallery-size-thumbnail'><figure class='gallery-item'>\n\t\t\t<div class='gallery-icon portrait'>\n\t\t\t\t<a href='https:\/\/www.sunnyshop211.com\/en\/?attachment_id=17888'><img decoding=\"async\" width=\"150\" height=\"150\" src=\"https:\/\/www.sunnyshop211.com\/wp-content\/uploads\/2020\/10\/aniamaux-64-scaled-150x150.jpg\" class=\"attachment-thumbnail size-thumbnail\" alt=\"\" srcset=\"https:\/\/www.sunnyshop211.com\/wp-content\/uploads\/2020\/10\/aniamaux-64-scaled-150x150.jpg 150w, https:\/\/www.sunnyshop211.com\/wp-content\/uploads\/2020\/10\/aniamaux-64-scaled-500x500.jpg 500w, https:\/\/www.sunnyshop211.com\/wp-content\/uploads\/2020\/10\/aniamaux-64-100x100.jpg 100w\" sizes=\"(max-width: 150px) 100vw, 150px\" \/><\/a>\n\t\t\t<\/div><\/figure><figure class='gallery-item'>\n\t\t\t<div class='gallery-icon landscape'>\n\t\t\t\t<a href='https:\/\/www.sunnyshop211.com\/en\/?attachment_id=17838'><img decoding=\"async\" width=\"150\" height=\"150\" src=\"https:\/\/www.sunnyshop211.com\/wp-content\/uploads\/2020\/10\/aniamaux-46-scaled-150x150.jpg\" class=\"attachment-thumbnail size-thumbnail\" alt=\"Arbre \u00e0 chat rond 1\/3\" srcset=\"https:\/\/www.sunnyshop211.com\/wp-content\/uploads\/2020\/10\/aniamaux-46-scaled-150x150.jpg 150w, https:\/\/www.sunnyshop211.com\/wp-content\/uploads\/2020\/10\/aniamaux-46-scaled-500x500.jpg 500w, https:\/\/www.sunnyshop211.com\/wp-content\/uploads\/2020\/10\/aniamaux-46-100x100.jpg 100w\" sizes=\"(max-width: 150px) 100vw, 150px\" \/><\/a>\n\t\t\t<\/div><\/figure>\n\t\t<\/div>\n\n<p>&nbsp;<\/p>\n<h2 data-start=\"267\" data-end=\"341\">\ud83d\udc3e Miniature round cat tree - Diorama 1\/6 ( Barbie, fashion royalty, Poppy Parker, pullip.)<\/h2>\n<p data-start=\"343\" data-end=\"389\"><strong data-start=\"343\" data-end=\"389\">Miniature accessories - Handcrafted creations<\/strong><\/p>\n<hr data-start=\"391\" data-end=\"394\" \/>\n<h3 data-start=\"396\" data-end=\"414\">\ud83c\udf3f Description<\/h3>\n<p data-start=\"416\" data-end=\"720\">This <strong data-start=\"420\" data-end=\"451\">miniature round cat tree<\/strong> has been designed to enrich your dioramas and everyday scenes with dolls <strong data-start=\"527\" data-end=\"534\">1\/6<\/strong>.<br data-start=\"535\" data-end=\"538\" \/>Both playful and aesthetically pleasing, it adds a warm, realistic touch to your staging, while providing a real play area for your miniature feline companions.<\/p>\n<p data-start=\"722\" data-end=\"860\">With its modern design combining platforms and suspended circles, it fits perfectly into contemporary, cosy or family settings.<\/p>\n<hr data-start=\"862\" data-end=\"865\" \/>\n<h3 data-start=\"867\" data-end=\"892\">\ud83d\udc95 Technical details<\/h3>\n<p data-start=\"894\" data-end=\"924\">\ud83d\udcd0 <strong data-start=\"897\" data-end=\"924\">Scale &amp; compatibility<\/strong><\/p>\n<ul data-start=\"926\" data-end=\"1030\">\n<li data-start=\"926\" data-end=\"954\">\n<p data-start=\"928\" data-end=\"954\">Suitable for dolls <strong data-start=\"947\" data-end=\"954\">1\/6<\/strong><\/p>\n<\/li>\n<li data-start=\"955\" data-end=\"1030\">\n<p data-start=\"957\" data-end=\"1030\">Compatible with <strong data-start=\"973\" data-end=\"999\">Barbie, pullip, blythe<\/strong>\u00a0and dolls of equivalent size<\/p>\n<\/li>\n<\/ul>\n<p data-start=\"1032\" data-end=\"1049\">\ud83d\udccf <strong data-start=\"1035\" data-end=\"1049\">Dimensions<\/strong><\/p>\n<ul data-start=\"1051\" data-end=\"1131\">\n<li data-start=\"1051\" data-end=\"1079\">\n<p data-start=\"1053\" data-end=\"1079\">Height: approx. <strong data-start=\"1068\" data-end=\"1077\">10 cm<\/strong><\/p>\n<\/li>\n<li data-start=\"1080\" data-end=\"1131\">\n<p data-start=\"1082\" data-end=\"1131\">Width: approx. <strong data-start=\"1097\" data-end=\"1106\">6 cm<\/strong><br data-start=\"1106\" data-end=\"1109\" \/>\u00a0( 2.36 x 3.93 INCHES)<\/p>\n<\/li>\n<\/ul>\n<hr data-start=\"1133\" data-end=\"1136\" \/>\n<h3 data-start=\"1138\" data-end=\"1174\">\ud83e\uddf6 Cat tree composition<\/h3>\n<p data-start=\"1176\" data-end=\"1200\">The tree is composed of :<\/p>\n<ul data-start=\"1202\" data-end=\"1367\">\n<li data-start=\"1202\" data-end=\"1230\">\n<p data-start=\"1204\" data-end=\"1230\">\ud83d\udfeb <strong data-start=\"1207\" data-end=\"1230\">1 square platform<\/strong><\/p>\n<\/li>\n<li data-start=\"1231\" data-end=\"1291\">\n<p data-start=\"1233\" data-end=\"1291\">\u2b55 <strong data-start=\"1235\" data-end=\"1254\">1 play circle<\/strong> where the cat can sit or play<\/p>\n<\/li>\n<li data-start=\"1292\" data-end=\"1330\">\n<p data-start=\"1294\" data-end=\"1330\">\ud83e\udea2 Decorative and functional rope<\/p>\n<\/li>\n<li data-start=\"1331\" data-end=\"1367\">\n<p data-start=\"1333\" data-end=\"1367\">Soft-touch textile coating<\/p>\n<\/li>\n<\/ul>\n<hr data-start=\"1369\" data-end=\"1372\" \/>\n<h3 data-start=\"1374\" data-end=\"1397\">\ud83c\udfa8 Customization<\/h3>\n<p data-start=\"1399\" data-end=\"1416\">You choose :<\/p>\n<ul data-start=\"1418\" data-end=\"1514\">\n<li data-start=\"1418\" data-end=\"1446\">\n<p data-start=\"1420\" data-end=\"1446\">\u2714\ufe0f La <strong data-start=\"1426\" data-end=\"1446\">fabric color<\/strong><\/p>\n<\/li>\n<li data-start=\"1447\" data-end=\"1478\">\n<p data-start=\"1449\" data-end=\"1478\">\u2714\ufe0f La <strong data-start=\"1455\" data-end=\"1478\">rope color<\/strong><\/p>\n<\/li>\n<li data-start=\"1479\" data-end=\"1514\">\n<p data-start=\"1481\" data-end=\"1514\">\u2714\ufe0f La <strong data-start=\"1487\" data-end=\"1514\">platform color<\/strong><\/p>\n<\/li>\n<\/ul>\n<p data-start=\"1516\" data-end=\"1570\">Each tree is made to order according to your specifications.<\/p>\n<hr data-start=\"1572\" data-end=\"1575\" \/>\n<h3 data-start=\"1577\" data-end=\"1605\">\u2728 Craft manufacturing<\/h3>\n<ul data-start=\"1607\" data-end=\"1736\">\n<li data-start=\"1607\" data-end=\"1639\">\n<p data-start=\"1609\" data-end=\"1639\">Entirely <strong data-start=\"1621\" data-end=\"1639\">handmade<\/strong><\/p>\n<\/li>\n<li data-start=\"1640\" data-end=\"1665\">\n<p data-start=\"1642\" data-end=\"1665\">Each piece is unique<\/p>\n<\/li>\n<li data-start=\"1666\" data-end=\"1736\">\n<p data-start=\"1668\" data-end=\"1736\">Slight variations may occur (shape, color, finish).<\/p>\n<\/li>\n<\/ul>\n<p data-start=\"1738\" data-end=\"1870\">These small differences are an integral part of the <strong data-start=\"1788\" data-end=\"1809\">handicraft work<\/strong> and in no way alter the quality or aesthetics of the product.<\/p>\n<hr data-start=\"1872\" data-end=\"1875\" \/>\n<h3 data-start=\"1877\" data-end=\"1904\">\ud83e\udeb4 Sets &amp; accessories<\/h3>\n<p data-start=\"1906\" data-end=\"2088\">The photos are presented as examples of staging.<br data-start=\"1968\" data-end=\"1971\" \/>Cats, dolls and other visible accessories <strong>not included<\/strong>, but available separately in the store.<\/p>\n<p data-start=\"2090\" data-end=\"2169\">Compatible with my furniture, sold separately - ideal for staging.<\/p>\n<hr data-start=\"2171\" data-end=\"2174\" \/>\n<h3 data-start=\"2176\" data-end=\"2199\">\u23f3 Creation time<\/h3>\n<p data-start=\"2201\" data-end=\"2341\">\ud83d\udc3e <strong data-start=\"2204\" data-end=\"2236\">Article made to order<\/strong><br data-start=\"2236\" data-end=\"2239\" \/>Please note <strong data-start=\"2265\" data-end=\"2288\">DELIVERY DEADLINES<\/strong> indicated in the\u00a0<a style=\"font-size: 16px;\" href=\"https:\/\/www.sunnyshop211.com\/en\/conditions-generales-de-ventes-et-delais-de-livraisons\/\">General conditions of sale and delivery times<\/a><\/p>\n<hr data-start=\"2343\" data-end=\"2346\" \/>\n<h3 data-start=\"2348\" data-end=\"2378\">\u2757 Important information<\/h3>\n<ul data-start=\"2380\" data-end=\"2533\">\n<li data-start=\"2380\" data-end=\"2409\">\n<p data-start=\"2382\" data-end=\"2409\">This <strong data-start=\"2387\" data-end=\"2409\">is not a toy<\/strong><\/p>\n<\/li>\n<li data-start=\"2410\" data-end=\"2465\">\n<p data-start=\"2412\" data-end=\"2465\">Article for a <strong data-start=\"2433\" data-end=\"2465\">adult collector audience<\/strong><\/p>\n<\/li>\n<li data-start=\"2466\" data-end=\"2533\">\n<p data-start=\"2468\" data-end=\"2533\">I am not responsible for any damage during transport<\/p>\n<\/li>\n<\/ul>\n<p data-start=\"2535\" data-end=\"2604\">\ud83d\udcf8 More photos and stagings on Instagram : <a href=\"https:\/\/www.instagram.com\/sunnyshop211\/\"><strong data-start=\"2587\" data-end=\"2604\">@sunnyshop211<\/strong><\/a><\/p>\n<hr data-start=\"2606\" data-end=\"2609\" \/>\n<p data-start=\"2611\" data-end=\"2730\">\ud83e\udd8b <strong data-start=\"2614\" data-end=\"2657\">A carefully thought-out miniature accessory<\/strong>, to bring even more life, playfulness and softness to your 1\/6 worlds.<\/p>\n<p>&nbsp;<\/p>","protected":false},"excerpt":{"rendered":"<p>&nbsp; \ud83d\udc3e Arbre \u00e0 chat rond miniature \u2013 Diorama 1\/6 (\u00a0Barbie, fashion royalty, Poppy Parker, pullip.) Accessoire miniature \u2013 Cr\u00e9ation artisanale \ud83c\udf3f Description Cet arbre \u00e0 chat rond miniature a \u00e9t\u00e9 imagin\u00e9 pour enrichir vos dioramas et sc\u00e8nes du quotidien avec dolls 1\/6.\u00c0 la fois ludique et esth\u00e9tique, il apporte une touche r\u00e9aliste et chaleureuse [&hellip;]<\/p>\n","protected":false},"featured_media":17888,"comment_status":"open","ping_status":"closed","template":"","meta":{"_crdt_document":"","jetpack_post_was_ever_published":false,"jetpack_publicize_message":"","jetpack_publicize_feature_enabled":true,"jetpack_social_post_already_shared":true,"jetpack_social_options":{"image_generator_settings":{"template":"highway","default_image_id":0,"font":"","enabled":false},"version":2}},"product_brand":[],"product_cat":[667686963],"product_tag":[667681374,667681278,667681145,667681136,667681284,667681364,667681373,667681363,667681367,667681362,667681234,667681366,667681226,667681233,667681272,667681348,667681225,667681236,667681261,667681281,667681232,667681173,667681237,667681175,667681280,667681277,667681365,667681235,667681260,667681361],"class_list":{"0":"post-18523","1":"product","2":"type-product","3":"status-publish","4":"has-post-thumbnail","6":"product_cat-hygiene-soins","7":"product_tag-arbre-a-chat","8":"product_tag-barbie","9":"product_tag-bed","10":"product_tag-bjd","11":"product_tag-blythe","12":"product_tag-cat","13":"product_tag-cat-tree","14":"product_tag-chat","15":"product_tag-chiot","16":"product_tag-couche","17":"product_tag-diorama","18":"product_tag-dog","19":"product_tag-doll","20":"product_tag-dollhouse","21":"product_tag-elowynn-wilde","22":"product_tag-fashion-royalty","23":"product_tag-furniture","24":"product_tag-maison-de-poupee","25":"product_tag-meuble","26":"product_tag-meubles","27":"product_tag-miniature","28":"product_tag-minifee","29":"product_tag-msd","30":"product_tag-panier","31":"product_tag-phicen","32":"product_tag-pullip","33":"product_tag-puppy","34":"product_tag-roombox","35":"product_tag-tonner","36":"product_tag-walloyamorring","37":"product_shipping_class-colissimo-5","39":"first","40":"instock","41":"taxable","42":"shipping-taxable","43":"purchasable","44":"product-type-variable"},"yoast_head":"<!-- This site is optimized with the Yoast SEO plugin v27.5 - https:\/\/yoast.com\/product\/yoast-seo-wordpress\/ -->\n<title>\ud83d\udc3e Arbre \u00e0 chat rond miniature \u2013 Diorama 1\/6 (\u00a0Barbie, fashion royalty, Poppy Parker, pullip.) -<\/title>\n<meta name=\"description\" content=\"\ud83d\udc3e Arbre \u00e0 chat rond miniature \u2013 Diorama 1\/6 (\u00a0Barbie, fashion royalty, Poppy Parker, pullip.). Accessoire pour customiser vos dioramas.\" \/>\n<meta name=\"robots\" content=\"index, follow, max-snippet:-1, max-image-preview:large, max-video-preview:-1\" \/>\n<link rel=\"canonical\" href=\"https:\/\/www.sunnyshop211.com\/en\/product\/\ud83d\udc3e-arbre-a-chat-rond-miniature-diorama-1-6-barbie-fashion-royalty-poppy-parker-pullip\/\" \/>\n<meta property=\"og:locale\" content=\"en_US\" \/>\n<meta property=\"og:type\" content=\"article\" \/>\n<meta property=\"og:title\" content=\"\ud83d\udc3e Arbre \u00e0 chat rond miniature \u2013 Diorama 1\/6 (\u00a0Barbie, fashion royalty, Poppy Parker, pullip.) -\" \/>\n<meta property=\"og:description\" content=\"\ud83d\udc3e Arbre \u00e0 chat rond miniature \u2013 Diorama 1\/6 (\u00a0Barbie, fashion royalty, Poppy Parker, pullip.). Accessoire pour customiser vos dioramas.\" \/>\n<meta property=\"og:url\" content=\"https:\/\/www.sunnyshop211.com\/en\/product\/\ud83d\udc3e-arbre-a-chat-rond-miniature-diorama-1-6-barbie-fashion-royalty-poppy-parker-pullip\/\" \/>\n<meta property=\"og:site_name\" content=\"Sunnyshop211 -Vente de dioramas, meubles, miniatures , bjd poup\u00e9es 1\/12 1\/8 1\/6 1\/4 1\/3\" \/>\n<meta property=\"article:publisher\" content=\"https:\/\/www.facebook.com\/sunnyshop211\/?ref=bookmarks\" \/>\n<meta property=\"article:modified_time\" content=\"2025-12-25T13:02:14+00:00\" \/>\n<meta property=\"og:image\" content=\"https:\/\/www.sunnyshop211.com\/wp-content\/uploads\/2020\/10\/aniamaux-64-scaled.jpg\" \/>\n\t<meta property=\"og:image:width\" content=\"1420\" \/>\n\t<meta property=\"og:image:height\" content=\"2560\" \/>\n\t<meta property=\"og:image:type\" content=\"image\/jpeg\" \/>\n<meta name=\"twitter:card\" content=\"summary_large_image\" \/>\n<meta name=\"twitter:site\" content=\"@sunnyshop211\" \/>\n<meta name=\"twitter:label1\" content=\"Est. reading time\" \/>\n\t<meta name=\"twitter:data1\" content=\"3 minutes\" \/>\n<script type=\"application\/ld+json\" class=\"yoast-schema-graph\">{\"@context\":\"https:\\\/\\\/schema.org\",\"@graph\":[{\"@type\":\"WebPage\",\"@id\":\"https:\\\/\\\/www.sunnyshop211.com\\\/produit\\\/%f0%9f%90%be-arbre-a-chat-rond-miniature-diorama-1-6-barbie-fashion-royalty-poppy-parker-pullip\\\/\",\"url\":\"https:\\\/\\\/www.sunnyshop211.com\\\/produit\\\/%f0%9f%90%be-arbre-a-chat-rond-miniature-diorama-1-6-barbie-fashion-royalty-poppy-parker-pullip\\\/\",\"name\":\"\ud83d\udc3e Arbre \u00e0 chat rond miniature \u2013 Diorama 1\\\/6 (\u00a0Barbie, fashion royalty, Poppy Parker, pullip.) -\",\"isPartOf\":{\"@id\":\"https:\\\/\\\/www.sunnyshop211.com\\\/#website\"},\"primaryImageOfPage\":{\"@id\":\"https:\\\/\\\/www.sunnyshop211.com\\\/produit\\\/%f0%9f%90%be-arbre-a-chat-rond-miniature-diorama-1-6-barbie-fashion-royalty-poppy-parker-pullip\\\/#primaryimage\"},\"image\":{\"@id\":\"https:\\\/\\\/www.sunnyshop211.com\\\/produit\\\/%f0%9f%90%be-arbre-a-chat-rond-miniature-diorama-1-6-barbie-fashion-royalty-poppy-parker-pullip\\\/#primaryimage\"},\"thumbnailUrl\":\"https:\\\/\\\/www.sunnyshop211.com\\\/wp-content\\\/uploads\\\/2020\\\/10\\\/aniamaux-64-scaled.jpg\",\"datePublished\":\"2020-10-08T15:38:45+00:00\",\"dateModified\":\"2025-12-25T13:02:14+00:00\",\"description\":\"\ud83d\udc3e Arbre \u00e0 chat rond miniature \u2013 Diorama 1\\\/6 (\u00a0Barbie, fashion royalty, Poppy Parker, pullip.). Accessoire pour customiser vos dioramas.\",\"breadcrumb\":{\"@id\":\"https:\\\/\\\/www.sunnyshop211.com\\\/produit\\\/%f0%9f%90%be-arbre-a-chat-rond-miniature-diorama-1-6-barbie-fashion-royalty-poppy-parker-pullip\\\/#breadcrumb\"},\"inLanguage\":\"en-US\",\"potentialAction\":[{\"@type\":\"ReadAction\",\"target\":[\"https:\\\/\\\/www.sunnyshop211.com\\\/produit\\\/%f0%9f%90%be-arbre-a-chat-rond-miniature-diorama-1-6-barbie-fashion-royalty-poppy-parker-pullip\\\/\"]}]},{\"@type\":\"ImageObject\",\"inLanguage\":\"en-US\",\"@id\":\"https:\\\/\\\/www.sunnyshop211.com\\\/produit\\\/%f0%9f%90%be-arbre-a-chat-rond-miniature-diorama-1-6-barbie-fashion-royalty-poppy-parker-pullip\\\/#primaryimage\",\"url\":\"https:\\\/\\\/www.sunnyshop211.com\\\/wp-content\\\/uploads\\\/2020\\\/10\\\/aniamaux-64-scaled.jpg\",\"contentUrl\":\"https:\\\/\\\/www.sunnyshop211.com\\\/wp-content\\\/uploads\\\/2020\\\/10\\\/aniamaux-64-scaled.jpg\",\"width\":1420,\"height\":2560},{\"@type\":\"BreadcrumbList\",\"@id\":\"https:\\\/\\\/www.sunnyshop211.com\\\/produit\\\/%f0%9f%90%be-arbre-a-chat-rond-miniature-diorama-1-6-barbie-fashion-royalty-poppy-parker-pullip\\\/#breadcrumb\",\"itemListElement\":[{\"@type\":\"ListItem\",\"position\":1,\"name\":\"Accueil\",\"item\":\"https:\\\/\\\/www.sunnyshop211.com\\\/\"},{\"@type\":\"ListItem\",\"position\":2,\"name\":\"Boutique\",\"item\":\"https:\\\/\\\/www.sunnyshop211.com\\\/boutique-miniature-bjd-dolls\\\/\"},{\"@type\":\"ListItem\",\"position\":3,\"name\":\"\ud83d\udc3e Arbre \u00e0 chat rond miniature \u2013 Diorama 1\\\/6 (\u00a0Barbie, fashion royalty, Poppy Parker, pullip.)\"}]},{\"@type\":\"WebSite\",\"@id\":\"https:\\\/\\\/www.sunnyshop211.com\\\/#website\",\"url\":\"https:\\\/\\\/www.sunnyshop211.com\\\/\",\"name\":\"Vente de dioramas, meubles, miniatures , bjd poup\u00e9es 1\\\/12 1\\\/8 1\\\/6 1\\\/4 1\\\/3\",\"description\":\"Sunnyshop211 - Votre univers miniature pour poup\u00e9es et BJD, dioramas et meubles sur mesure !\",\"publisher\":{\"@id\":\"https:\\\/\\\/www.sunnyshop211.com\\\/#organization\"},\"alternateName\":\"sunnyshop211\",\"potentialAction\":[{\"@type\":\"SearchAction\",\"target\":{\"@type\":\"EntryPoint\",\"urlTemplate\":\"https:\\\/\\\/www.sunnyshop211.com\\\/?s={search_term_string}\"},\"query-input\":{\"@type\":\"PropertyValueSpecification\",\"valueRequired\":true,\"valueName\":\"search_term_string\"}}],\"inLanguage\":\"en-US\"},{\"@type\":\"Organization\",\"@id\":\"https:\\\/\\\/www.sunnyshop211.com\\\/#organization\",\"name\":\"sunnyshop211\",\"alternateName\":\"sunnyshop211 diorama bjd meuble miniature\",\"url\":\"https:\\\/\\\/www.sunnyshop211.com\\\/\",\"logo\":{\"@type\":\"ImageObject\",\"inLanguage\":\"en-US\",\"@id\":\"https:\\\/\\\/www.sunnyshop211.com\\\/#\\\/schema\\\/logo\\\/image\\\/\",\"url\":\"https:\\\/\\\/www.sunnyshop211.com\\\/wp-content\\\/uploads\\\/2022\\\/08\\\/cropped-cropped-cropped-Sunnyshop211-1.png\",\"contentUrl\":\"https:\\\/\\\/www.sunnyshop211.com\\\/wp-content\\\/uploads\\\/2022\\\/08\\\/cropped-cropped-cropped-Sunnyshop211-1.png\",\"width\":339,\"height\":339,\"caption\":\"sunnyshop211\"},\"image\":{\"@id\":\"https:\\\/\\\/www.sunnyshop211.com\\\/#\\\/schema\\\/logo\\\/image\\\/\"},\"sameAs\":[\"https:\\\/\\\/www.facebook.com\\\/sunnyshop211\\\/?ref=bookmarks\",\"https:\\\/\\\/x.com\\\/sunnyshop211\",\"https:\\\/\\\/www.instagram.com\\\/sunnyshop211\\\/\",\"https:\\\/\\\/www.tumblr.com\\\/blog\\\/sunnyshop211\",\"https:\\\/\\\/www.youtube.com\\\/channel\\\/UCtYY18OGGDKrTSzgcf7fCBg\",\"https:\\\/\\\/www.tiktok.com\\\/@sunnydollshop211?is_from_webapp=1&sender_device=pc\"]}]}<\/script>\n<!-- \/ Yoast SEO plugin. -->","yoast_head_json":{"title":"\ud83d\udc3e Miniature round cat tree - Diorama 1\/6 ( Barbie, fashion royalty, Poppy Parker, pullip.) -","description":"\ud83d\udc3e Miniature round cat tree - Diorama 1\/6 ( Barbie, fashion royalty, Poppy Parker, pullip.). Accessory for customizing your dioramas.","robots":{"index":"index","follow":"follow","max-snippet":"max-snippet:-1","max-image-preview":"max-image-preview:large","max-video-preview":"max-video-preview:-1"},"canonical":"https:\/\/www.sunnyshop211.com\/en\/product\/\ud83d\udc3e-arbre-a-chat-rond-miniature-diorama-1-6-barbie-fashion-royalty-poppy-parker-pullip\/","og_locale":"en_US","og_type":"article","og_title":"\ud83d\udc3e Arbre \u00e0 chat rond miniature \u2013 Diorama 1\/6 (\u00a0Barbie, fashion royalty, Poppy Parker, pullip.) -","og_description":"\ud83d\udc3e Arbre \u00e0 chat rond miniature \u2013 Diorama 1\/6 (\u00a0Barbie, fashion royalty, Poppy Parker, pullip.). Accessoire pour customiser vos dioramas.","og_url":"https:\/\/www.sunnyshop211.com\/en\/product\/\ud83d\udc3e-arbre-a-chat-rond-miniature-diorama-1-6-barbie-fashion-royalty-poppy-parker-pullip\/","og_site_name":"Sunnyshop211 -Vente de dioramas, meubles, miniatures , bjd poup\u00e9es 1\/12 1\/8 1\/6 1\/4 1\/3","article_publisher":"https:\/\/www.facebook.com\/sunnyshop211\/?ref=bookmarks","article_modified_time":"2025-12-25T13:02:14+00:00","og_image":[{"width":1420,"height":2560,"url":"https:\/\/www.sunnyshop211.com\/wp-content\/uploads\/2020\/10\/aniamaux-64-scaled.jpg","type":"image\/jpeg"}],"twitter_card":"summary_large_image","twitter_site":"@sunnyshop211","twitter_misc":{"Est. reading time":"3 minutes"},"schema":{"@context":"https:\/\/schema.org","@graph":[{"@type":"WebPage","@id":"https:\/\/www.sunnyshop211.com\/produit\/%f0%9f%90%be-arbre-a-chat-rond-miniature-diorama-1-6-barbie-fashion-royalty-poppy-parker-pullip\/","url":"https:\/\/www.sunnyshop211.com\/produit\/%f0%9f%90%be-arbre-a-chat-rond-miniature-diorama-1-6-barbie-fashion-royalty-poppy-parker-pullip\/","name":"\ud83d\udc3e Miniature round cat tree - Diorama 1\/6 ( Barbie, fashion royalty, Poppy Parker, pullip.) -","isPartOf":{"@id":"https:\/\/www.sunnyshop211.com\/#website"},"primaryImageOfPage":{"@id":"https:\/\/www.sunnyshop211.com\/produit\/%f0%9f%90%be-arbre-a-chat-rond-miniature-diorama-1-6-barbie-fashion-royalty-poppy-parker-pullip\/#primaryimage"},"image":{"@id":"https:\/\/www.sunnyshop211.com\/produit\/%f0%9f%90%be-arbre-a-chat-rond-miniature-diorama-1-6-barbie-fashion-royalty-poppy-parker-pullip\/#primaryimage"},"thumbnailUrl":"https:\/\/www.sunnyshop211.com\/wp-content\/uploads\/2020\/10\/aniamaux-64-scaled.jpg","datePublished":"2020-10-08T15:38:45+00:00","dateModified":"2025-12-25T13:02:14+00:00","description":"\ud83d\udc3e Miniature round cat tree - Diorama 1\/6 ( Barbie, fashion royalty, Poppy Parker, pullip.). Accessory for customizing your dioramas.","breadcrumb":{"@id":"https:\/\/www.sunnyshop211.com\/produit\/%f0%9f%90%be-arbre-a-chat-rond-miniature-diorama-1-6-barbie-fashion-royalty-poppy-parker-pullip\/#breadcrumb"},"inLanguage":"en-US","potentialAction":[{"@type":"ReadAction","target":["https:\/\/www.sunnyshop211.com\/produit\/%f0%9f%90%be-arbre-a-chat-rond-miniature-diorama-1-6-barbie-fashion-royalty-poppy-parker-pullip\/"]}]},{"@type":"ImageObject","inLanguage":"en-US","@id":"https:\/\/www.sunnyshop211.com\/produit\/%f0%9f%90%be-arbre-a-chat-rond-miniature-diorama-1-6-barbie-fashion-royalty-poppy-parker-pullip\/#primaryimage","url":"https:\/\/www.sunnyshop211.com\/wp-content\/uploads\/2020\/10\/aniamaux-64-scaled.jpg","contentUrl":"https:\/\/www.sunnyshop211.com\/wp-content\/uploads\/2020\/10\/aniamaux-64-scaled.jpg","width":1420,"height":2560},{"@type":"BreadcrumbList","@id":"https:\/\/www.sunnyshop211.com\/produit\/%f0%9f%90%be-arbre-a-chat-rond-miniature-diorama-1-6-barbie-fashion-royalty-poppy-parker-pullip\/#breadcrumb","itemListElement":[{"@type":"ListItem","position":1,"name":"Accueil","item":"https:\/\/www.sunnyshop211.com\/"},{"@type":"ListItem","position":2,"name":"Boutique","item":"https:\/\/www.sunnyshop211.com\/boutique-miniature-bjd-dolls\/"},{"@type":"ListItem","position":3,"name":"\ud83d\udc3e Arbre \u00e0 chat rond miniature \u2013 Diorama 1\/6 (\u00a0Barbie, fashion royalty, Poppy Parker, pullip.)"}]},{"@type":"WebSite","@id":"https:\/\/www.sunnyshop211.com\/#website","url":"https:\/\/www.sunnyshop211.com\/","name":"Sale of dioramas, furniture, miniatures, bjd dolls 1\/12 1\/8 1\/6 1\/4 1\/3","description":"Sunnyshop211 - Your miniature world for dolls and BJDs, dioramas and custom-made furniture!","publisher":{"@id":"https:\/\/www.sunnyshop211.com\/#organization"},"alternateName":"sunnyshop211","potentialAction":[{"@type":"SearchAction","target":{"@type":"EntryPoint","urlTemplate":"https:\/\/www.sunnyshop211.com\/?s={search_term_string}"},"query-input":{"@type":"PropertyValueSpecification","valueRequired":true,"valueName":"search_term_string"}}],"inLanguage":"en-US"},{"@type":"Organization","@id":"https:\/\/www.sunnyshop211.com\/#organization","name":"sunnyshop211","alternateName":"sunnyshop211 diorama bjd meuble miniature","url":"https:\/\/www.sunnyshop211.com\/","logo":{"@type":"ImageObject","inLanguage":"en-US","@id":"https:\/\/www.sunnyshop211.com\/#\/schema\/logo\/image\/","url":"https:\/\/www.sunnyshop211.com\/wp-content\/uploads\/2022\/08\/cropped-cropped-cropped-Sunnyshop211-1.png","contentUrl":"https:\/\/www.sunnyshop211.com\/wp-content\/uploads\/2022\/08\/cropped-cropped-cropped-Sunnyshop211-1.png","width":339,"height":339,"caption":"sunnyshop211"},"image":{"@id":"https:\/\/www.sunnyshop211.com\/#\/schema\/logo\/image\/"},"sameAs":["https:\/\/www.facebook.com\/sunnyshop211\/?ref=bookmarks","https:\/\/x.com\/sunnyshop211","https:\/\/www.instagram.com\/sunnyshop211\/","https:\/\/www.tumblr.com\/blog\/sunnyshop211","https:\/\/www.youtube.com\/channel\/UCtYY18OGGDKrTSzgcf7fCBg","https:\/\/www.tiktok.com\/@sunnydollshop211?is_from_webapp=1&sender_device=pc"]}]}},"jetpack_publicize_connections":[],"jetpack_sharing_enabled":true,"_links":{"self":[{"href":"https:\/\/www.sunnyshop211.com\/en\/wp-json\/wp\/v2\/product\/18523","targetHints":{"allow":["GET"]}}],"collection":[{"href":"https:\/\/www.sunnyshop211.com\/en\/wp-json\/wp\/v2\/product"}],"about":[{"href":"https:\/\/www.sunnyshop211.com\/en\/wp-json\/wp\/v2\/types\/product"}],"replies":[{"embeddable":true,"href":"https:\/\/www.sunnyshop211.com\/en\/wp-json\/wp\/v2\/comments?post=18523"}],"version-history":[{"count":9,"href":"https:\/\/www.sunnyshop211.com\/en\/wp-json\/wp\/v2\/product\/18523\/revisions"}],"predecessor-version":[{"id":52233,"href":"https:\/\/www.sunnyshop211.com\/en\/wp-json\/wp\/v2\/product\/18523\/revisions\/52233"}],"wp:featuredmedia":[{"embeddable":true,"href":"https:\/\/www.sunnyshop211.com\/en\/wp-json\/wp\/v2\/media\/17888"}],"wp:attachment":[{"href":"https:\/\/www.sunnyshop211.com\/en\/wp-json\/wp\/v2\/media?parent=18523"}],"wp:term":[{"taxonomy":"product_brand","embeddable":true,"href":"https:\/\/www.sunnyshop211.com\/en\/wp-json\/wp\/v2\/product_brand?post=18523"},{"taxonomy":"product_cat","embeddable":true,"href":"https:\/\/www.sunnyshop211.com\/en\/wp-json\/wp\/v2\/product_cat?post=18523"},{"taxonomy":"product_tag","embeddable":true,"href":"https:\/\/www.sunnyshop211.com\/en\/wp-json\/wp\/v2\/product_tag?post=18523"}],"curies":[{"name":"wp","href":"https:\/\/api.w.org\/{rel}","templated":true}]}}