{"id":18075,"date":"2020-10-06T14:34:59","date_gmt":"2020-10-06T13:34:59","guid":{"rendered":"https:\/\/sunnyshop211.com\/?post_type=product&#038;p=18075"},"modified":"2025-12-31T13:09:43","modified_gmt":"2025-12-31T12:09:43","slug":"plat-a-gateaux-miniature-1-8-1-6-1-4-1-3","status":"publish","type":"product","link":"https:\/\/www.sunnyshop211.com\/en\/product\/plat-a-gateaux-miniature-1-8-1-6-1-4-1-3\/","title":{"rendered":"Miniature cake dish 1\/8, 1\/6, 1\/4, 1\/3"},"content":{"rendered":"<div id='gallery-1' class='gallery galleryid-18075 gallery-columns-3 gallery-size-thumbnail'><figure class='gallery-item'>\n\t\t\t<div class='gallery-icon landscape'>\n\t\t\t\t<a href='https:\/\/www.sunnyshop211.com\/en\/?attachment_id=17635'><img decoding=\"async\" width=\"150\" height=\"150\" src=\"https:\/\/www.sunnyshop211.com\/wp-content\/uploads\/2020\/09\/pinceauxetpalteau-24-scaled-150x150.jpg\" class=\"attachment-thumbnail size-thumbnail\" alt=\"Plat \u00e0 g\u00e2teaux miniature\" srcset=\"https:\/\/www.sunnyshop211.com\/wp-content\/uploads\/2020\/09\/pinceauxetpalteau-24-scaled-150x150.jpg 150w, https:\/\/www.sunnyshop211.com\/wp-content\/uploads\/2020\/09\/pinceauxetpalteau-24-scaled-500x500.jpg 500w, https:\/\/www.sunnyshop211.com\/wp-content\/uploads\/2020\/09\/pinceauxetpalteau-24-100x100.jpg 100w\" sizes=\"(max-width: 150px) 100vw, 150px\" \/><\/a>\n\t\t\t<\/div><\/figure><figure class='gallery-item'>\n\t\t\t<div class='gallery-icon landscape'>\n\t\t\t\t<a href='https:\/\/www.sunnyshop211.com\/en\/?attachment_id=17633'><img decoding=\"async\" width=\"150\" height=\"150\" src=\"https:\/\/www.sunnyshop211.com\/wp-content\/uploads\/2020\/09\/pinceauxetpalteau-26-150x150.jpg\" class=\"attachment-thumbnail size-thumbnail\" alt=\"\" srcset=\"https:\/\/www.sunnyshop211.com\/wp-content\/uploads\/2020\/09\/pinceauxetpalteau-26-150x150.jpg 150w, https:\/\/www.sunnyshop211.com\/wp-content\/uploads\/2020\/09\/pinceauxetpalteau-26-scaled-500x500.jpg 500w, https:\/\/www.sunnyshop211.com\/wp-content\/uploads\/2020\/09\/pinceauxetpalteau-26-100x100.jpg 100w\" sizes=\"(max-width: 150px) 100vw, 150px\" \/><\/a>\n\t\t\t<\/div><\/figure><figure class='gallery-item'>\n\t\t\t<div class='gallery-icon landscape'>\n\t\t\t\t<a href='https:\/\/www.sunnyshop211.com\/en\/?attachment_id=17632'><img decoding=\"async\" width=\"150\" height=\"150\" src=\"https:\/\/www.sunnyshop211.com\/wp-content\/uploads\/2020\/09\/pinceauxetpalteau-27-150x150.jpg\" class=\"attachment-thumbnail size-thumbnail\" alt=\"Plat \u00e0 g\u00e2teaux miniature\" srcset=\"https:\/\/www.sunnyshop211.com\/wp-content\/uploads\/2020\/09\/pinceauxetpalteau-27-150x150.jpg 150w, https:\/\/www.sunnyshop211.com\/wp-content\/uploads\/2020\/09\/pinceauxetpalteau-27-scaled-500x500.jpg 500w, https:\/\/www.sunnyshop211.com\/wp-content\/uploads\/2020\/09\/pinceauxetpalteau-27-100x100.jpg 100w\" sizes=\"(max-width: 150px) 100vw, 150px\" \/><\/a>\n\t\t\t<\/div><\/figure>\n\t\t<\/div>\n\n<p>&nbsp;<\/p>\n<h2 data-start=\"185\" data-end=\"240\"><strong data-start=\"188\" data-end=\"240\">Miniature cake platter - 1\/8 - 1\/6 - 1\/4 - 1\/3<\/strong><\/h2>\n<hr data-start=\"242\" data-end=\"245\" \/>\n<p data-start=\"247\" data-end=\"264\">\u2728 <strong data-start=\"249\" data-end=\"264\">Description<\/strong><\/p>\n<p data-start=\"266\" data-end=\"436\">This <strong data-start=\"269\" data-end=\"297\">miniature cake dish<\/strong> is ideal for showcasing your gourmet creations and completing your dioramas, party scenes, tea rooms or miniature kitchens.<\/p>\n<p data-start=\"438\" data-end=\"515\">It's perfect for dolls with ladders:<br data-start=\"487\" data-end=\"490\" \/><strong data-start=\"490\" data-end=\"514\">1\/8, 1\/6, 1\/4 and 1\/3<\/strong>.<\/p>\n<p data-start=\"517\" data-end=\"630\">\u2714 Fictitious article<br data-start=\"533\" data-end=\"536\" \/>\u2714 Sold <strong data-start=\"544\" data-end=\"552\">only<\/strong> (the cakes shown in the photos are sold separately in the store)<\/p>\n<hr data-start=\"632\" data-end=\"635\" \/>\n<p data-start=\"637\" data-end=\"663\">\ud83d\udccf <strong data-start=\"640\" data-end=\"663\">Available sizes<\/strong><\/p>\n<p data-start=\"665\" data-end=\"738\">You choose the size of the miniature cake tin that suits you best:<\/p>\n<p data-start=\"740\" data-end=\"866\">\u2022 <strong data-start=\"742\" data-end=\"751\">Small<\/strong> length : 6 cm (2.36 inches)<br data-start=\"780\" data-end=\"783\" \/>\u2022 <strong data-start=\"785\" data-end=\"794\">Medium<\/strong> 7 cm long (2.57 inches)<br data-start=\"823\" data-end=\"826\" \/>\u2022 <strong data-start=\"828\" data-end=\"837\">Grand<\/strong> 8 cm long (3.14 inches)<\/p>\n<hr data-start=\"868\" data-end=\"871\" \/>\n<p data-start=\"873\" data-end=\"889\">\ud83c\udfa8 <strong data-start=\"876\" data-end=\"889\">Finishes<\/strong><\/p>\n<p data-start=\"891\" data-end=\"990\">- Available <strong data-start=\"904\" data-end=\"913\">painted<\/strong> or <strong data-start=\"917\" data-end=\"930\">unpainted<\/strong><br data-start=\"930\" data-end=\"933\" \/>\u2022 <strong data-start=\"935\" data-end=\"955\">Choice of color<\/strong>, to suit your mood and your world<\/p>\n<hr data-start=\"992\" data-end=\"995\" \/>\n<p data-start=\"997\" data-end=\"1017\">\ud83e\uddf8 <strong data-start=\"1000\" data-end=\"1017\">Compatibility<\/strong><\/p>\n<p data-start=\"1019\" data-end=\"1195\">Compatible with dolls :<br data-start=\"1046\" data-end=\"1049\" \/>\u2022 <strong data-start=\"1051\" data-end=\"1058\">1\/8<\/strong> : Pukifee, Lati Yellow<br data-start=\"1081\" data-end=\"1084\" \/>\u2022 <strong data-start=\"1086\" data-end=\"1093\">1\/6<\/strong> : Barbie, Poppy Parker, Fashion Royalty, Pullip<br data-start=\"1141\" data-end=\"1144\" \/>\u2022 <strong data-start=\"1146\" data-end=\"1153\">1\/4<\/strong> : Minifee, MSD<br data-start=\"1168\" data-end=\"1171\" \/>\u2022 <strong data-start=\"1173\" data-end=\"1180\">1\/3<\/strong> : SD, Feeple<\/p>\n<p data-start=\"1197\" data-end=\"1325\">Compatible with my <strong data-start=\"1217\" data-end=\"1239\">miniature furniture<\/strong> sold separately in the store.<br data-start=\"1275\" data-end=\"1278\" \/>Ideal for your <strong data-start=\"1293\" data-end=\"1324\">staging and dioramas<\/strong>.<\/p>\n<hr data-start=\"1327\" data-end=\"1330\" \/>\n<p data-start=\"1332\" data-end=\"1362\">\ud83d\udd90\ufe0f <strong data-start=\"1336\" data-end=\"1362\">Handcrafted products<\/strong><\/p>\n<p data-start=\"1364\" data-end=\"1555\">Each piece is made by hand.<br data-start=\"1400\" data-end=\"1403\" \/>Because of its artisanal character :<br data-start=\"1437\" data-end=\"1440\" \/>- slight variations in shape or color may occur<br data-start=\"1505\" data-end=\"1508\" \/>- some minor imperfections are possible<\/p>\n<hr data-start=\"1557\" data-end=\"1560\" \/>\n<p data-start=\"1562\" data-end=\"1593\">\ud83d\udce6 <strong data-start=\"1565\" data-end=\"1593\">Important information<\/strong><\/p>\n<p data-start=\"1595\" data-end=\"1906\">- Article <strong data-start=\"1605\" data-end=\"1629\">made to order<\/strong><br data-start=\"1629\" data-end=\"1632\" \/>- Please note <strong data-start=\"1660\" data-end=\"1701\">manufacturing and delivery times<\/strong> (see Terms and Conditions)<br data-start=\"1738\" data-end=\"1741\" \/>- The other decorations shown in the photos are sold separately.<br data-start=\"1814\" data-end=\"1817\" \/>- More photos available on Instagram :<br data-start=\"1861\" data-end=\"1864\" \/>\ud83d\udc49 <a class=\"decorated-link\" href=\"https:\/\/www.instagram.com\/sunnyshop211\/\" target=\"_new\" rel=\"noopener\" data-start=\"1867\" data-end=\"1906\">https:\/\/www.instagram.com\/sunnyshop211\/<\/a><\/p>\n<hr data-start=\"1908\" data-end=\"1911\" \/>\n<p data-start=\"1913\" data-end=\"1936\">\u26a0\ufe0f <strong data-start=\"1916\" data-end=\"1936\">Terms of use<\/strong><\/p>\n<p data-start=\"1938\" data-end=\"2084\">!!!! This is not <strong data-start=\"1954\" data-end=\"1970\">not a toy<\/strong>, this article is aimed at <strong data-start=\"1999\" data-end=\"2016\">adult audience<\/strong><br data-start=\"2016\" data-end=\"2019\" \/>I am not responsible for any damage during transport<\/p>","protected":false},"excerpt":{"rendered":"<p>&nbsp; Plat \u00e0 g\u00e2teaux miniature \u2013 1\/8 \u00b7 1\/6 \u00b7 1\/4 \u00b7 1\/3 \u2728 Description Ce plat \u00e0 g\u00e2teaux miniature est id\u00e9al pour mettre en valeur vos cr\u00e9ations gourmandes et compl\u00e9ter vos dioramas, sc\u00e8nes de f\u00eates, salons de th\u00e9 ou cuisines miniatures. Il s\u2019adapte parfaitement aux dolls aux \u00e9chelles :1\/8, 1\/6, 1\/4 et 1\/3. \u2714 [&hellip;]<\/p>\n","protected":false},"featured_media":17635,"comment_status":"open","ping_status":"closed","template":"","meta":{"_crdt_document":"","jetpack_post_was_ever_published":false,"jetpack_publicize_message":"","jetpack_publicize_feature_enabled":true,"jetpack_social_post_already_shared":true,"jetpack_social_options":{"image_generator_settings":{"template":"highway","default_image_id":0,"font":"","enabled":false},"version":2}},"product_brand":[],"product_cat":[667687021],"product_tag":[667681278,667681724,667681792,667681145,667681143,667681341,667681284,667681499,667681142,667684901,667684625,667684623,667681234,667681226,667681233,667681296,667681225,667685598,667684907,667681279,667681241,667681340,667681144,667681236,667681261,667681281,667681173,667681297,667681280,667685596,667681177,667681277,667681338,667681260,667684905],"class_list":{"0":"post-18075","1":"product","2":"type-product","3":"status-publish","4":"has-post-thumbnail","6":"product_cat-vaisselle","7":"product_tag-barbie","8":"product_tag-bear","9":"product_tag-bear-bed","10":"product_tag-bed","11":"product_tag-bedroom","12":"product_tag-bid","13":"product_tag-blythe","14":"product_tag-cake","15":"product_tag-chambre","16":"product_tag-cupcake","17":"product_tag-dinosaur","18":"product_tag-dinosaure","19":"product_tag-diorama","20":"product_tag-doll","21":"product_tag-dollhouse","22":"product_tag-food","23":"product_tag-furniture","24":"product_tag-gateau","25":"product_tag-gauffre","26":"product_tag-hot-toys","27":"product_tag-iplehouse","28":"product_tag-kid","29":"product_tag-lit","30":"product_tag-maison-de-poupee","31":"product_tag-meuble","32":"product_tag-meubles","33":"product_tag-minifee","34":"product_tag-nourriture","35":"product_tag-phicen","36":"product_tag-plat","37":"product_tag-poupee","38":"product_tag-pullip","39":"product_tag-table-de-nuit","40":"product_tag-tonner","41":"product_tag-waffle","42":"product_shipping_class-lettre-suivie","43":"pa_couleur-blanc","44":"pa_couleur-bleu","45":"pa_couleur-dore-golden","46":"pa_couleur-jaune","47":"pa_couleur-metal","48":"pa_couleur-noir","49":"pa_couleur-non-peint","50":"pa_couleur-rose","51":"pa_couleur-rouge","52":"pa_couleur-vert-pale","54":"first","55":"instock","56":"taxable","57":"shipping-taxable","58":"purchasable","59":"product-type-variable"},"yoast_head":"<!-- This site is optimized with the Yoast SEO plugin v27.4 - https:\/\/yoast.com\/product\/yoast-seo-wordpress\/ -->\n<title>Plat \u00e0 g\u00e2teaux miniature 1\/8, 1\/6, 1\/4, 1\/3 -<\/title>\n<meta name=\"description\" content=\"Plat \u00e0 g\u00e2teaux miniature 1\/8, 1\/6, 1\/4, 1\/3 bjd pukifee, lati yellow Barbie, Poppy Parker, fashion royalty, pullip, minifee, msd, SD, feeple.\" \/>\n<meta name=\"robots\" content=\"index, follow, max-snippet:-1, max-image-preview:large, max-video-preview:-1\" \/>\n<link rel=\"canonical\" href=\"https:\/\/www.sunnyshop211.com\/en\/product\/plat-a-gateaux-miniature-1-8-1-6-1-4-1-3\/\" \/>\n<meta property=\"og:locale\" content=\"en_US\" \/>\n<meta property=\"og:type\" content=\"article\" \/>\n<meta property=\"og:title\" content=\"Plat \u00e0 g\u00e2teaux miniature 1\/8, 1\/6, 1\/4, 1\/3 -\" \/>\n<meta property=\"og:description\" content=\"Plat \u00e0 g\u00e2teaux miniature 1\/8, 1\/6, 1\/4, 1\/3 bjd pukifee, lati yellow Barbie, Poppy Parker, fashion royalty, pullip, minifee, msd, SD, feeple.\" \/>\n<meta property=\"og:url\" content=\"https:\/\/www.sunnyshop211.com\/en\/product\/plat-a-gateaux-miniature-1-8-1-6-1-4-1-3\/\" \/>\n<meta property=\"og:site_name\" content=\"Sunnyshop211 -Vente de dioramas, meubles, miniatures , bjd poup\u00e9es 1\/12 1\/8 1\/6 1\/4 1\/3\" \/>\n<meta property=\"article:publisher\" content=\"https:\/\/www.facebook.com\/sunnyshop211\/?ref=bookmarks\" \/>\n<meta property=\"article:modified_time\" content=\"2025-12-31T12:09:43+00:00\" \/>\n<meta property=\"og:image\" content=\"https:\/\/www.sunnyshop211.com\/wp-content\/uploads\/2020\/09\/pinceauxetpalteau-24-scaled.jpg\" \/>\n\t<meta property=\"og:image:width\" content=\"2560\" \/>\n\t<meta property=\"og:image:height\" content=\"1707\" \/>\n\t<meta property=\"og:image:type\" content=\"image\/jpeg\" \/>\n<meta name=\"twitter:card\" content=\"summary_large_image\" \/>\n<meta name=\"twitter:site\" content=\"@sunnyshop211\" \/>\n<meta name=\"twitter:label1\" content=\"Est. reading time\" \/>\n\t<meta name=\"twitter:data1\" content=\"2 minutes\" \/>\n<script type=\"application\/ld+json\" class=\"yoast-schema-graph\">{\"@context\":\"https:\\\/\\\/schema.org\",\"@graph\":[{\"@type\":\"WebPage\",\"@id\":\"https:\\\/\\\/www.sunnyshop211.com\\\/produit\\\/plat-a-gateaux-miniature-1-8-1-6-1-4-1-3\\\/\",\"url\":\"https:\\\/\\\/www.sunnyshop211.com\\\/produit\\\/plat-a-gateaux-miniature-1-8-1-6-1-4-1-3\\\/\",\"name\":\"Plat \u00e0 g\u00e2teaux miniature 1\\\/8, 1\\\/6, 1\\\/4, 1\\\/3 -\",\"isPartOf\":{\"@id\":\"https:\\\/\\\/www.sunnyshop211.com\\\/#website\"},\"primaryImageOfPage\":{\"@id\":\"https:\\\/\\\/www.sunnyshop211.com\\\/produit\\\/plat-a-gateaux-miniature-1-8-1-6-1-4-1-3\\\/#primaryimage\"},\"image\":{\"@id\":\"https:\\\/\\\/www.sunnyshop211.com\\\/produit\\\/plat-a-gateaux-miniature-1-8-1-6-1-4-1-3\\\/#primaryimage\"},\"thumbnailUrl\":\"https:\\\/\\\/www.sunnyshop211.com\\\/wp-content\\\/uploads\\\/2020\\\/09\\\/pinceauxetpalteau-24-scaled.jpg\",\"datePublished\":\"2020-10-06T13:34:59+00:00\",\"dateModified\":\"2025-12-31T12:09:43+00:00\",\"description\":\"Plat \u00e0 g\u00e2teaux miniature 1\\\/8, 1\\\/6, 1\\\/4, 1\\\/3 bjd pukifee, lati yellow Barbie, Poppy Parker, fashion royalty, pullip, minifee, msd, SD, feeple.\",\"breadcrumb\":{\"@id\":\"https:\\\/\\\/www.sunnyshop211.com\\\/produit\\\/plat-a-gateaux-miniature-1-8-1-6-1-4-1-3\\\/#breadcrumb\"},\"inLanguage\":\"en-US\",\"potentialAction\":[{\"@type\":\"ReadAction\",\"target\":[\"https:\\\/\\\/www.sunnyshop211.com\\\/produit\\\/plat-a-gateaux-miniature-1-8-1-6-1-4-1-3\\\/\"]}]},{\"@type\":\"ImageObject\",\"inLanguage\":\"en-US\",\"@id\":\"https:\\\/\\\/www.sunnyshop211.com\\\/produit\\\/plat-a-gateaux-miniature-1-8-1-6-1-4-1-3\\\/#primaryimage\",\"url\":\"https:\\\/\\\/www.sunnyshop211.com\\\/wp-content\\\/uploads\\\/2020\\\/09\\\/pinceauxetpalteau-24-scaled.jpg\",\"contentUrl\":\"https:\\\/\\\/www.sunnyshop211.com\\\/wp-content\\\/uploads\\\/2020\\\/09\\\/pinceauxetpalteau-24-scaled.jpg\",\"width\":2560,\"height\":1707,\"caption\":\"Plat \u00e0 g\u00e2teaux miniature\"},{\"@type\":\"BreadcrumbList\",\"@id\":\"https:\\\/\\\/www.sunnyshop211.com\\\/produit\\\/plat-a-gateaux-miniature-1-8-1-6-1-4-1-3\\\/#breadcrumb\",\"itemListElement\":[{\"@type\":\"ListItem\",\"position\":1,\"name\":\"Accueil\",\"item\":\"https:\\\/\\\/www.sunnyshop211.com\\\/\"},{\"@type\":\"ListItem\",\"position\":2,\"name\":\"Boutique\",\"item\":\"https:\\\/\\\/www.sunnyshop211.com\\\/boutique-miniature-bjd-dolls\\\/\"},{\"@type\":\"ListItem\",\"position\":3,\"name\":\"Plat \u00e0 g\u00e2teaux miniature 1\\\/8, 1\\\/6, 1\\\/4, 1\\\/3\"}]},{\"@type\":\"WebSite\",\"@id\":\"https:\\\/\\\/www.sunnyshop211.com\\\/#website\",\"url\":\"https:\\\/\\\/www.sunnyshop211.com\\\/\",\"name\":\"Vente de dioramas, meubles, miniatures , bjd poup\u00e9es 1\\\/12 1\\\/8 1\\\/6 1\\\/4 1\\\/3\",\"description\":\"Sunnyshop211 - Votre univers miniature pour poup\u00e9es et BJD, dioramas et meubles sur mesure !\",\"publisher\":{\"@id\":\"https:\\\/\\\/www.sunnyshop211.com\\\/#organization\"},\"alternateName\":\"sunnyshop211\",\"potentialAction\":[{\"@type\":\"SearchAction\",\"target\":{\"@type\":\"EntryPoint\",\"urlTemplate\":\"https:\\\/\\\/www.sunnyshop211.com\\\/?s={search_term_string}\"},\"query-input\":{\"@type\":\"PropertyValueSpecification\",\"valueRequired\":true,\"valueName\":\"search_term_string\"}}],\"inLanguage\":\"en-US\"},{\"@type\":\"Organization\",\"@id\":\"https:\\\/\\\/www.sunnyshop211.com\\\/#organization\",\"name\":\"sunnyshop211\",\"alternateName\":\"sunnyshop211 diorama bjd meuble miniature\",\"url\":\"https:\\\/\\\/www.sunnyshop211.com\\\/\",\"logo\":{\"@type\":\"ImageObject\",\"inLanguage\":\"en-US\",\"@id\":\"https:\\\/\\\/www.sunnyshop211.com\\\/#\\\/schema\\\/logo\\\/image\\\/\",\"url\":\"https:\\\/\\\/www.sunnyshop211.com\\\/wp-content\\\/uploads\\\/2022\\\/08\\\/cropped-cropped-cropped-Sunnyshop211-1.png\",\"contentUrl\":\"https:\\\/\\\/www.sunnyshop211.com\\\/wp-content\\\/uploads\\\/2022\\\/08\\\/cropped-cropped-cropped-Sunnyshop211-1.png\",\"width\":339,\"height\":339,\"caption\":\"sunnyshop211\"},\"image\":{\"@id\":\"https:\\\/\\\/www.sunnyshop211.com\\\/#\\\/schema\\\/logo\\\/image\\\/\"},\"sameAs\":[\"https:\\\/\\\/www.facebook.com\\\/sunnyshop211\\\/?ref=bookmarks\",\"https:\\\/\\\/x.com\\\/sunnyshop211\",\"https:\\\/\\\/www.instagram.com\\\/sunnyshop211\\\/\",\"https:\\\/\\\/www.tumblr.com\\\/blog\\\/sunnyshop211\",\"https:\\\/\\\/www.youtube.com\\\/channel\\\/UCtYY18OGGDKrTSzgcf7fCBg\",\"https:\\\/\\\/www.tiktok.com\\\/@sunnydollshop211?is_from_webapp=1&sender_device=pc\"]}]}<\/script>\n<!-- \/ Yoast SEO plugin. -->","yoast_head_json":{"title":"Miniature cake platter 1\/8, 1\/6, 1\/4, 1\/3 -","description":"Miniature cake platter 1\/8, 1\/6, 1\/4, 1\/3 bjd pukifee, lati yellow Barbie, Poppy Parker, fashion royalty, pullip, minifee, msd, SD, feeple.","robots":{"index":"index","follow":"follow","max-snippet":"max-snippet:-1","max-image-preview":"max-image-preview:large","max-video-preview":"max-video-preview:-1"},"canonical":"https:\/\/www.sunnyshop211.com\/en\/product\/plat-a-gateaux-miniature-1-8-1-6-1-4-1-3\/","og_locale":"en_US","og_type":"article","og_title":"Plat \u00e0 g\u00e2teaux miniature 1\/8, 1\/6, 1\/4, 1\/3 -","og_description":"Plat \u00e0 g\u00e2teaux miniature 1\/8, 1\/6, 1\/4, 1\/3 bjd pukifee, lati yellow Barbie, Poppy Parker, fashion royalty, pullip, minifee, msd, SD, feeple.","og_url":"https:\/\/www.sunnyshop211.com\/en\/product\/plat-a-gateaux-miniature-1-8-1-6-1-4-1-3\/","og_site_name":"Sunnyshop211 -Vente de dioramas, meubles, miniatures , bjd poup\u00e9es 1\/12 1\/8 1\/6 1\/4 1\/3","article_publisher":"https:\/\/www.facebook.com\/sunnyshop211\/?ref=bookmarks","article_modified_time":"2025-12-31T12:09:43+00:00","og_image":[{"width":2560,"height":1707,"url":"https:\/\/www.sunnyshop211.com\/wp-content\/uploads\/2020\/09\/pinceauxetpalteau-24-scaled.jpg","type":"image\/jpeg"}],"twitter_card":"summary_large_image","twitter_site":"@sunnyshop211","twitter_misc":{"Est. reading time":"2 minutes"},"schema":{"@context":"https:\/\/schema.org","@graph":[{"@type":"WebPage","@id":"https:\/\/www.sunnyshop211.com\/produit\/plat-a-gateaux-miniature-1-8-1-6-1-4-1-3\/","url":"https:\/\/www.sunnyshop211.com\/produit\/plat-a-gateaux-miniature-1-8-1-6-1-4-1-3\/","name":"Miniature cake platter 1\/8, 1\/6, 1\/4, 1\/3 -","isPartOf":{"@id":"https:\/\/www.sunnyshop211.com\/#website"},"primaryImageOfPage":{"@id":"https:\/\/www.sunnyshop211.com\/produit\/plat-a-gateaux-miniature-1-8-1-6-1-4-1-3\/#primaryimage"},"image":{"@id":"https:\/\/www.sunnyshop211.com\/produit\/plat-a-gateaux-miniature-1-8-1-6-1-4-1-3\/#primaryimage"},"thumbnailUrl":"https:\/\/www.sunnyshop211.com\/wp-content\/uploads\/2020\/09\/pinceauxetpalteau-24-scaled.jpg","datePublished":"2020-10-06T13:34:59+00:00","dateModified":"2025-12-31T12:09:43+00:00","description":"Miniature cake platter 1\/8, 1\/6, 1\/4, 1\/3 bjd pukifee, lati yellow Barbie, Poppy Parker, fashion royalty, pullip, minifee, msd, SD, feeple.","breadcrumb":{"@id":"https:\/\/www.sunnyshop211.com\/produit\/plat-a-gateaux-miniature-1-8-1-6-1-4-1-3\/#breadcrumb"},"inLanguage":"en-US","potentialAction":[{"@type":"ReadAction","target":["https:\/\/www.sunnyshop211.com\/produit\/plat-a-gateaux-miniature-1-8-1-6-1-4-1-3\/"]}]},{"@type":"ImageObject","inLanguage":"en-US","@id":"https:\/\/www.sunnyshop211.com\/produit\/plat-a-gateaux-miniature-1-8-1-6-1-4-1-3\/#primaryimage","url":"https:\/\/www.sunnyshop211.com\/wp-content\/uploads\/2020\/09\/pinceauxetpalteau-24-scaled.jpg","contentUrl":"https:\/\/www.sunnyshop211.com\/wp-content\/uploads\/2020\/09\/pinceauxetpalteau-24-scaled.jpg","width":2560,"height":1707,"caption":"Plat \u00e0 g\u00e2teaux miniature"},{"@type":"BreadcrumbList","@id":"https:\/\/www.sunnyshop211.com\/produit\/plat-a-gateaux-miniature-1-8-1-6-1-4-1-3\/#breadcrumb","itemListElement":[{"@type":"ListItem","position":1,"name":"Accueil","item":"https:\/\/www.sunnyshop211.com\/"},{"@type":"ListItem","position":2,"name":"Boutique","item":"https:\/\/www.sunnyshop211.com\/boutique-miniature-bjd-dolls\/"},{"@type":"ListItem","position":3,"name":"Plat \u00e0 g\u00e2teaux miniature 1\/8, 1\/6, 1\/4, 1\/3"}]},{"@type":"WebSite","@id":"https:\/\/www.sunnyshop211.com\/#website","url":"https:\/\/www.sunnyshop211.com\/","name":"Sale of dioramas, furniture, miniatures, bjd dolls 1\/12 1\/8 1\/6 1\/4 1\/3","description":"Sunnyshop211 - Your miniature world for dolls and BJDs, dioramas and custom-made furniture!","publisher":{"@id":"https:\/\/www.sunnyshop211.com\/#organization"},"alternateName":"sunnyshop211","potentialAction":[{"@type":"SearchAction","target":{"@type":"EntryPoint","urlTemplate":"https:\/\/www.sunnyshop211.com\/?s={search_term_string}"},"query-input":{"@type":"PropertyValueSpecification","valueRequired":true,"valueName":"search_term_string"}}],"inLanguage":"en-US"},{"@type":"Organization","@id":"https:\/\/www.sunnyshop211.com\/#organization","name":"sunnyshop211","alternateName":"sunnyshop211 diorama bjd meuble miniature","url":"https:\/\/www.sunnyshop211.com\/","logo":{"@type":"ImageObject","inLanguage":"en-US","@id":"https:\/\/www.sunnyshop211.com\/#\/schema\/logo\/image\/","url":"https:\/\/www.sunnyshop211.com\/wp-content\/uploads\/2022\/08\/cropped-cropped-cropped-Sunnyshop211-1.png","contentUrl":"https:\/\/www.sunnyshop211.com\/wp-content\/uploads\/2022\/08\/cropped-cropped-cropped-Sunnyshop211-1.png","width":339,"height":339,"caption":"sunnyshop211"},"image":{"@id":"https:\/\/www.sunnyshop211.com\/#\/schema\/logo\/image\/"},"sameAs":["https:\/\/www.facebook.com\/sunnyshop211\/?ref=bookmarks","https:\/\/x.com\/sunnyshop211","https:\/\/www.instagram.com\/sunnyshop211\/","https:\/\/www.tumblr.com\/blog\/sunnyshop211","https:\/\/www.youtube.com\/channel\/UCtYY18OGGDKrTSzgcf7fCBg","https:\/\/www.tiktok.com\/@sunnydollshop211?is_from_webapp=1&sender_device=pc"]}]}},"jetpack_publicize_connections":[],"jetpack_sharing_enabled":true,"_links":{"self":[{"href":"https:\/\/www.sunnyshop211.com\/en\/wp-json\/wp\/v2\/product\/18075","targetHints":{"allow":["GET"]}}],"collection":[{"href":"https:\/\/www.sunnyshop211.com\/en\/wp-json\/wp\/v2\/product"}],"about":[{"href":"https:\/\/www.sunnyshop211.com\/en\/wp-json\/wp\/v2\/types\/product"}],"replies":[{"embeddable":true,"href":"https:\/\/www.sunnyshop211.com\/en\/wp-json\/wp\/v2\/comments?post=18075"}],"version-history":[{"count":9,"href":"https:\/\/www.sunnyshop211.com\/en\/wp-json\/wp\/v2\/product\/18075\/revisions"}],"predecessor-version":[{"id":53711,"href":"https:\/\/www.sunnyshop211.com\/en\/wp-json\/wp\/v2\/product\/18075\/revisions\/53711"}],"wp:featuredmedia":[{"embeddable":true,"href":"https:\/\/www.sunnyshop211.com\/en\/wp-json\/wp\/v2\/media\/17635"}],"wp:attachment":[{"href":"https:\/\/www.sunnyshop211.com\/en\/wp-json\/wp\/v2\/media?parent=18075"}],"wp:term":[{"taxonomy":"product_brand","embeddable":true,"href":"https:\/\/www.sunnyshop211.com\/en\/wp-json\/wp\/v2\/product_brand?post=18075"},{"taxonomy":"product_cat","embeddable":true,"href":"https:\/\/www.sunnyshop211.com\/en\/wp-json\/wp\/v2\/product_cat?post=18075"},{"taxonomy":"product_tag","embeddable":true,"href":"https:\/\/www.sunnyshop211.com\/en\/wp-json\/wp\/v2\/product_tag?post=18075"}],"curies":[{"name":"wp","href":"https:\/\/api.w.org\/{rel}","templated":true}]}}