{"id":17973,"date":"2020-10-06T13:56:05","date_gmt":"2020-10-06T12:56:05","guid":{"rendered":"https:\/\/sunnyshop211.com\/?post_type=product&#038;p=17973"},"modified":"2025-12-29T16:18:16","modified_gmt":"2025-12-29T15:18:16","slug":"%f0%9f%8c%bf-cadres-vegetaux-miniature-1-6-lot-de-3-barbie-poppy-parker","status":"publish","type":"product","link":"https:\/\/www.sunnyshop211.com\/en\/product\/%f0%9f%8c%bf-cadres-vegetaux-miniature-1-6-lot-de-3-barbie-poppy-parker\/","title":{"rendered":"\ud83c\udf3f Miniature plant frames 1\/6 - Set of 3 Barbie, Poppy Parker"},"content":{"rendered":"<p>&nbsp;<\/p>\n<div id='gallery-1' class='gallery galleryid-17973 gallery-columns-3 gallery-size-thumbnail'><figure class='gallery-item'>\n\t\t\t<div class='gallery-icon portrait'>\n\t\t\t\t<a href='https:\/\/www.sunnyshop211.com\/en\/?attachment_id=12997'><img decoding=\"async\" width=\"150\" height=\"150\" src=\"https:\/\/www.sunnyshop211.com\/wp-content\/uploads\/2020\/02\/chlo-21-scaled-150x150.jpg\" class=\"attachment-thumbnail size-thumbnail\" alt=\"Lot cadres 1\/4 miniature\" srcset=\"https:\/\/www.sunnyshop211.com\/wp-content\/uploads\/2020\/02\/chlo-21-scaled-150x150.jpg 150w, https:\/\/www.sunnyshop211.com\/wp-content\/uploads\/2020\/02\/chlo-21-scaled-500x500.jpg 500w, https:\/\/www.sunnyshop211.com\/wp-content\/uploads\/2020\/02\/chlo-21-100x100.jpg 100w\" sizes=\"(max-width: 150px) 100vw, 150px\" \/><\/a>\n\t\t\t<\/div><\/figure><figure class='gallery-item'>\n\t\t\t<div class='gallery-icon portrait'>\n\t\t\t\t<a href='https:\/\/www.sunnyshop211.com\/en\/?attachment_id=17000'><img decoding=\"async\" width=\"150\" height=\"150\" src=\"https:\/\/www.sunnyshop211.com\/wp-content\/uploads\/2020\/08\/sddbarbie-11-150x150.jpg\" class=\"attachment-thumbnail size-thumbnail\" alt=\"\" srcset=\"https:\/\/www.sunnyshop211.com\/wp-content\/uploads\/2020\/08\/sddbarbie-11-150x150.jpg 150w, https:\/\/www.sunnyshop211.com\/wp-content\/uploads\/2020\/08\/sddbarbie-11-scaled-500x500.jpg 500w, https:\/\/www.sunnyshop211.com\/wp-content\/uploads\/2020\/08\/sddbarbie-11-100x100.jpg 100w\" sizes=\"(max-width: 150px) 100vw, 150px\" \/><\/a>\n\t\t\t<\/div><\/figure><figure class='gallery-item'>\n\t\t\t<div class='gallery-icon portrait'>\n\t\t\t\t<a href='https:\/\/www.sunnyshop211.com\/en\/?attachment_id=17001'><img decoding=\"async\" width=\"150\" height=\"150\" src=\"https:\/\/www.sunnyshop211.com\/wp-content\/uploads\/2020\/08\/sddbarbie-12-150x150.jpg\" class=\"attachment-thumbnail size-thumbnail\" alt=\"cadre v\u00e9g\u00e9tal diorama 1\/6\" srcset=\"https:\/\/www.sunnyshop211.com\/wp-content\/uploads\/2020\/08\/sddbarbie-12-150x150.jpg 150w, https:\/\/www.sunnyshop211.com\/wp-content\/uploads\/2020\/08\/sddbarbie-12-scaled-500x500.jpg 500w, https:\/\/www.sunnyshop211.com\/wp-content\/uploads\/2020\/08\/sddbarbie-12-100x100.jpg 100w\" sizes=\"(max-width: 150px) 100vw, 150px\" \/><\/a>\n\t\t\t<\/div><\/figure><figure class='gallery-item'>\n\t\t\t<div class='gallery-icon portrait'>\n\t\t\t\t<a href='https:\/\/www.sunnyshop211.com\/en\/?attachment_id=16980'><img loading=\"lazy\" decoding=\"async\" width=\"150\" height=\"150\" src=\"https:\/\/www.sunnyshop211.com\/wp-content\/uploads\/2020\/08\/sddbarbie-34-150x150.jpg\" class=\"attachment-thumbnail size-thumbnail\" alt=\"cadre v\u00e9g\u00e9tal diorama 1\/6\" srcset=\"https:\/\/www.sunnyshop211.com\/wp-content\/uploads\/2020\/08\/sddbarbie-34-150x150.jpg 150w, https:\/\/www.sunnyshop211.com\/wp-content\/uploads\/2020\/08\/sddbarbie-34-scaled-500x500.jpg 500w, https:\/\/www.sunnyshop211.com\/wp-content\/uploads\/2020\/08\/sddbarbie-34-100x100.jpg 100w\" sizes=\"(max-width: 150px) 100vw, 150px\" \/><\/a>\n\t\t\t<\/div><\/figure>\n\t\t<\/div>\n\n<h2 data-start=\"203\" data-end=\"251\">\ud83c\udf3f Miniature plant frames 1\/6 - Set of 3 Barbie, Poppy Parker<\/h2>\n<p data-start=\"252\" data-end=\"314\"><strong data-start=\"252\" data-end=\"314\">Barbie - Poppy Parker - Pullip - Blythe - similar dolls<\/strong><\/p>\n<hr data-start=\"316\" data-end=\"319\" \/>\n<h3 data-start=\"321\" data-end=\"338\">\u2728 Description<\/h3>\n<p data-start=\"340\" data-end=\"638\">This <strong data-start=\"343\" data-end=\"385\">set of 3 miniature plant frames 1\/6<\/strong> is ideal for <strong data-start=\"401\" data-end=\"448\">add a natural, decorative touch<\/strong> to your dioramas and stagings.<br data-start=\"483\" data-end=\"486\" \/>Perfect for creating a <strong data-start=\"510\" data-end=\"546\">modern, bohemian or cosy ambience<\/strong>, These wall-mounted plant frames can be easily integrated into all types of miniature interiors.<\/p>\n<hr data-start=\"640\" data-end=\"643\" \/>\n<h3 data-start=\"645\" data-end=\"675\">\ud83d\udccf Scale &amp; compatibility<\/h3>\n<p data-start=\"677\" data-end=\"715\">Compatible with dolls at <strong data-start=\"706\" data-end=\"713\">1\/6<\/strong> :<\/p>\n<p data-start=\"717\" data-end=\"928\">\u2022 <span class=\"hover:entity-accent entity-underline inline cursor-pointer align-baseline\"><span class=\"whitespace-normal\">Barbie<\/span><\/span><br data-start=\"756\" data-end=\"759\" \/>\u2022 <span class=\"hover:entity-accent entity-underline inline cursor-pointer align-baseline\"><span class=\"whitespace-normal\">Poppy Parker<\/span><\/span><br data-start=\"798\" data-end=\"801\" \/>\u2022 <span class=\"hover:entity-accent entity-underline inline cursor-pointer align-baseline\"><span class=\"whitespace-normal\">Pullip<\/span><\/span><br data-start=\"840\" data-end=\"843\" \/>\u2022 <span class=\"hover:entity-accent entity-underline inline cursor-pointer align-baseline\"><span class=\"whitespace-normal\">Blythe<\/span><\/span><br data-start=\"882\" data-end=\"885\" \/>- and other dolls of equivalent size<\/p>\n<hr data-start=\"930\" data-end=\"933\" \/>\n<h3 data-start=\"935\" data-end=\"952\">\ud83d\udcd0 Dimensions<\/h3>\n<p data-start=\"954\" data-end=\"1020\">\u2022 <strong data-start=\"956\" data-end=\"981\">Each frame measures :<\/strong><br data-start=\"981\" data-end=\"984\" \/>5 cm x 5.5 cm<br data-start=\"997\" data-end=\"1000\" \/>(1.96 x 2.16 INCHES)<\/p>\n<hr data-start=\"1022\" data-end=\"1025\" \/>\n<h3 data-start=\"1027\" data-end=\"1053\">\ud83c\udfa8 Finishes &amp; options<\/h3>\n<p data-start=\"1055\" data-end=\"1156\">\u2022 <strong data-start=\"1057\" data-end=\"1085\">Set of 3 plant frames<\/strong><br data-start=\"1085\" data-end=\"1088\" \/>\u2022 <strong data-start=\"1090\" data-end=\"1110\">Choice of color<\/strong><br data-start=\"1110\" data-end=\"1113\" \/>- Sold <strong data-start=\"1122\" data-end=\"1132\">painted<\/strong>, ready to install<\/p>\n<hr data-start=\"1158\" data-end=\"1161\" \/>\n<h3 data-start=\"1163\" data-end=\"1177\">\ud83d\udce6 Contents<\/h3>\n<p data-start=\"1179\" data-end=\"1225\">\u2022 <strong data-start=\"1181\" data-end=\"1225\">1 set of 3 miniature plant frames 1\/6<\/strong><\/p>\n<p data-start=\"1227\" data-end=\"1398\">\ud83d\udc49 The photos are <strong data-start=\"1250\" data-end=\"1276\">decoration examples<\/strong><br data-start=\"1276\" data-end=\"1279\" \/>\ud83d\udc49 <strong data-start=\"1282\" data-end=\"1314\">Only frames are sold<\/strong><br data-start=\"1314\" data-end=\"1317\" \/>Visible furniture and accessories are available separately in the store.<\/p>\n<hr data-start=\"1400\" data-end=\"1403\" \/>\n<h3 data-start=\"1405\" data-end=\"1434\">\ud83e\uddf5 Handcrafted<\/h3>\n<p data-start=\"1436\" data-end=\"1500\">- Article <strong data-start=\"1446\" data-end=\"1467\">hand-made<\/strong><br data-start=\"1467\" data-end=\"1470\" \/>\u2022 <strong data-start=\"1472\" data-end=\"1500\">Made to order<\/strong><\/p>\n<p data-start=\"1502\" data-end=\"1682\">Because of its artisanal character :<br data-start=\"1536\" data-end=\"1539\" \/>- slight variations possible<br data-start=\"1569\" data-end=\"1572\" \/>- small imperfections possible<br data-start=\"1605\" data-end=\"1608\" \/>- possible differences in shape and color<br data-start=\"1654\" data-end=\"1657\" \/>- each lot is unique<\/p>\n<hr data-start=\"1684\" data-end=\"1687\" \/>\n<h3 data-start=\"1689\" data-end=\"1701\">\u23f3 Deadlines<\/h3>\n<p data-start=\"1703\" data-end=\"1862\">- Made to order<br data-start=\"1725\" data-end=\"1728\" \/>- Please note <strong data-start=\"1756\" data-end=\"1797\">manufacturing and delivery times<\/strong><br data-start=\"1797\" data-end=\"1800\" \/>\u27a1\ufe0f See <em data-start=\"1808\" data-end=\"1862\">Terms and conditions of sale and delivery times<\/em><\/p>\n<hr data-start=\"1864\" data-end=\"1867\" \/>\n<h3 data-start=\"1869\" data-end=\"1900\">\u26a0\ufe0f Important information<\/h3>\n<p data-start=\"1902\" data-end=\"2138\">\u2022 <strong data-start=\"1904\" data-end=\"1931\">This is not a toy<\/strong><br data-start=\"1931\" data-end=\"1934\" \/>- Article for a <strong data-start=\"1957\" data-end=\"1974\">adult audience<\/strong><br data-start=\"1974\" data-end=\"1977\" \/>- Purpose <strong data-start=\"1985\" data-end=\"2010\">strictly decorative<\/strong><br data-start=\"2010\" data-end=\"2013\" \/>- The photos are <strong data-start=\"2035\" data-end=\"2064\">examples of staging<\/strong><br data-start=\"2064\" data-end=\"2067\" \/>\u2022 <strong data-start=\"2069\" data-end=\"2138\">I am not responsible for any damage during transport<\/strong><\/p>\n<hr data-start=\"2140\" data-end=\"2143\" \/>\n<h3 data-start=\"2145\" data-end=\"2181\">\ud83d\udcf8 More photos &amp; inspiration<\/h3>\n<p data-start=\"2183\" data-end=\"2225\">\ud83d\udc49 <a class=\"decorated-link\" href=\"https:\/\/www.instagram.com\/sunnyshop211\/\" target=\"_new\" rel=\"noopener\" data-start=\"2186\" data-end=\"2225\">https:\/\/www.instagram.com\/sunnyshop211\/<\/a><\/p>\n<hr data-start=\"2227\" data-end=\"2230\" \/>\n<p data-start=\"2232\" data-end=\"2349\">\ud83c\udf3f <strong data-start=\"2235\" data-end=\"2349\">A set of miniature plant frames perfect for dressing up your 1\/6 walls and bringing your miniature worlds to life.<\/strong><\/p>","protected":false},"excerpt":{"rendered":"<p>&nbsp; \ud83c\udf3f Cadres v\u00e9g\u00e9taux miniature 1\/6 \u2013 Lot de 3 Barbie, Poppy Parker Barbie \u2022 Poppy Parker \u2022 Pullip \u2022 Blythe \u2022 dolls similaires \u2728 Description Ce lot de 3 cadres v\u00e9g\u00e9taux miniature 1\/6 est id\u00e9al pour apporter une touche naturelle et d\u00e9corative \u00e0 vos dioramas et mises en sc\u00e8nes.Parfaits pour cr\u00e9er une ambiance moderne, [&hellip;]<\/p>\n","protected":false},"featured_media":12997,"comment_status":"open","ping_status":"closed","template":"","meta":{"_crdt_document":"","jetpack_post_was_ever_published":false,"jetpack_publicize_message":"","jetpack_publicize_feature_enabled":true,"jetpack_social_post_already_shared":true,"jetpack_social_options":{"image_generator_settings":{"template":"highway","default_image_id":0,"font":"","enabled":false},"version":2}},"product_brand":[],"product_cat":[667687008],"product_tag":[667681278,667681143,667681136,667681393,667681394,667681142,667681234,667681226,667681233,667681272,667681239,667681348,667681392,667681225,667681241,667681359,667681236,667681281,667681232,667681173,667681237,667684712,667681177,667681277,667681235,667681260],"class_list":{"0":"post-17973","1":"product","2":"type-product","3":"status-publish","4":"has-post-thumbnail","6":"product_cat-cadres-decor-mural","7":"product_tag-barbie","8":"product_tag-bedroom","9":"product_tag-bjd","10":"product_tag-cadre","11":"product_tag-cadre-message","12":"product_tag-chambre","13":"product_tag-diorama","14":"product_tag-doll","15":"product_tag-dollhouse","16":"product_tag-elowynn-wilde","17":"product_tag-fairyland","18":"product_tag-fashion-royalty","19":"product_tag-frame","20":"product_tag-furniture","21":"product_tag-iplehouse","22":"product_tag-living-room","23":"product_tag-maison-de-poupee","24":"product_tag-meubles","25":"product_tag-miniature","26":"product_tag-minifee","27":"product_tag-msd","28":"product_tag-poppy-parker","29":"product_tag-poupee","30":"product_tag-pullip","31":"product_tag-roombox","32":"product_tag-tonner","33":"product_shipping_class-lettre-suivie-3","34":"pa_couleur-blanc","35":"pa_couleur-noir","36":"pa_couleur-non-peint","38":"first","39":"instock","40":"taxable","41":"shipping-taxable","42":"purchasable","43":"product-type-variable"},"yoast_head":"<!-- This site is optimized with the Yoast SEO plugin v27.5 - https:\/\/yoast.com\/product\/yoast-seo-wordpress\/ -->\n<title>\ud83c\udf3f Cadres v\u00e9g\u00e9taux miniature 1\/6 \u2013 Lot de 3 Barbie, Poppy Parker -<\/title>\n<meta name=\"description\" content=\"\ud83c\udf3f Cadres v\u00e9g\u00e9taux miniature 1\/6 \u2013 Lot de 3 Barbie, Poppy Parker pour poup\u00e9es Barbie, Poppy Parker, pullip, blythe ou autre de m\u00eame tailles\" \/>\n<meta name=\"robots\" content=\"index, follow, max-snippet:-1, max-image-preview:large, max-video-preview:-1\" \/>\n<link rel=\"canonical\" href=\"https:\/\/www.sunnyshop211.com\/en\/product\/\ud83c\udf3f-cadres-vegetaux-miniature-1-6-lot-de-3-barbie-poppy-parker\/\" \/>\n<meta property=\"og:locale\" content=\"en_US\" \/>\n<meta property=\"og:type\" content=\"article\" \/>\n<meta property=\"og:title\" content=\"\ud83c\udf3f Cadres v\u00e9g\u00e9taux miniature 1\/6 \u2013 Lot de 3 Barbie, Poppy Parker -\" \/>\n<meta property=\"og:description\" content=\"\ud83c\udf3f Cadres v\u00e9g\u00e9taux miniature 1\/6 \u2013 Lot de 3 Barbie, Poppy Parker pour poup\u00e9es Barbie, Poppy Parker, pullip, blythe ou autre de m\u00eame tailles\" \/>\n<meta property=\"og:url\" content=\"https:\/\/www.sunnyshop211.com\/en\/product\/\ud83c\udf3f-cadres-vegetaux-miniature-1-6-lot-de-3-barbie-poppy-parker\/\" \/>\n<meta property=\"og:site_name\" content=\"Sunnyshop211 -Vente de dioramas, meubles, miniatures , bjd poup\u00e9es 1\/12 1\/8 1\/6 1\/4 1\/3\" \/>\n<meta property=\"article:publisher\" content=\"https:\/\/www.facebook.com\/sunnyshop211\/?ref=bookmarks\" \/>\n<meta property=\"article:modified_time\" content=\"2025-12-29T15:18:16+00:00\" \/>\n<meta property=\"og:image\" content=\"https:\/\/www.sunnyshop211.com\/wp-content\/uploads\/2020\/02\/chlo-21-scaled.jpg\" \/>\n\t<meta property=\"og:image:width\" content=\"1706\" \/>\n\t<meta property=\"og:image:height\" content=\"2560\" \/>\n\t<meta property=\"og:image:type\" content=\"image\/jpeg\" \/>\n<meta name=\"twitter:card\" content=\"summary_large_image\" \/>\n<meta name=\"twitter:site\" content=\"@sunnyshop211\" \/>\n<meta name=\"twitter:label1\" content=\"Est. reading time\" \/>\n\t<meta name=\"twitter:data1\" content=\"2 minutes\" \/>\n<script type=\"application\/ld+json\" class=\"yoast-schema-graph\">{\"@context\":\"https:\\\/\\\/schema.org\",\"@graph\":[{\"@type\":\"WebPage\",\"@id\":\"https:\\\/\\\/www.sunnyshop211.com\\\/produit\\\/%f0%9f%8c%bf-cadres-vegetaux-miniature-1-6-lot-de-3-barbie-poppy-parker\\\/\",\"url\":\"https:\\\/\\\/www.sunnyshop211.com\\\/produit\\\/%f0%9f%8c%bf-cadres-vegetaux-miniature-1-6-lot-de-3-barbie-poppy-parker\\\/\",\"name\":\"\ud83c\udf3f Cadres v\u00e9g\u00e9taux miniature 1\\\/6 \u2013 Lot de 3 Barbie, Poppy Parker -\",\"isPartOf\":{\"@id\":\"https:\\\/\\\/www.sunnyshop211.com\\\/#website\"},\"primaryImageOfPage\":{\"@id\":\"https:\\\/\\\/www.sunnyshop211.com\\\/produit\\\/%f0%9f%8c%bf-cadres-vegetaux-miniature-1-6-lot-de-3-barbie-poppy-parker\\\/#primaryimage\"},\"image\":{\"@id\":\"https:\\\/\\\/www.sunnyshop211.com\\\/produit\\\/%f0%9f%8c%bf-cadres-vegetaux-miniature-1-6-lot-de-3-barbie-poppy-parker\\\/#primaryimage\"},\"thumbnailUrl\":\"https:\\\/\\\/www.sunnyshop211.com\\\/wp-content\\\/uploads\\\/2020\\\/02\\\/chlo-21-scaled.jpg\",\"datePublished\":\"2020-10-06T12:56:05+00:00\",\"dateModified\":\"2025-12-29T15:18:16+00:00\",\"description\":\"\ud83c\udf3f Cadres v\u00e9g\u00e9taux miniature 1\\\/6 \u2013 Lot de 3 Barbie, Poppy Parker pour poup\u00e9es Barbie, Poppy Parker, pullip, blythe ou autre de m\u00eame tailles\",\"breadcrumb\":{\"@id\":\"https:\\\/\\\/www.sunnyshop211.com\\\/produit\\\/%f0%9f%8c%bf-cadres-vegetaux-miniature-1-6-lot-de-3-barbie-poppy-parker\\\/#breadcrumb\"},\"inLanguage\":\"en-US\",\"potentialAction\":[{\"@type\":\"ReadAction\",\"target\":[\"https:\\\/\\\/www.sunnyshop211.com\\\/produit\\\/%f0%9f%8c%bf-cadres-vegetaux-miniature-1-6-lot-de-3-barbie-poppy-parker\\\/\"]}]},{\"@type\":\"ImageObject\",\"inLanguage\":\"en-US\",\"@id\":\"https:\\\/\\\/www.sunnyshop211.com\\\/produit\\\/%f0%9f%8c%bf-cadres-vegetaux-miniature-1-6-lot-de-3-barbie-poppy-parker\\\/#primaryimage\",\"url\":\"https:\\\/\\\/www.sunnyshop211.com\\\/wp-content\\\/uploads\\\/2020\\\/02\\\/chlo-21-scaled.jpg\",\"contentUrl\":\"https:\\\/\\\/www.sunnyshop211.com\\\/wp-content\\\/uploads\\\/2020\\\/02\\\/chlo-21-scaled.jpg\",\"width\":1706,\"height\":2560,\"caption\":\"Lot cadres 1\\\/4 miniature\"},{\"@type\":\"BreadcrumbList\",\"@id\":\"https:\\\/\\\/www.sunnyshop211.com\\\/produit\\\/%f0%9f%8c%bf-cadres-vegetaux-miniature-1-6-lot-de-3-barbie-poppy-parker\\\/#breadcrumb\",\"itemListElement\":[{\"@type\":\"ListItem\",\"position\":1,\"name\":\"Accueil\",\"item\":\"https:\\\/\\\/www.sunnyshop211.com\\\/\"},{\"@type\":\"ListItem\",\"position\":2,\"name\":\"Boutique\",\"item\":\"https:\\\/\\\/www.sunnyshop211.com\\\/boutique-miniature-bjd-dolls\\\/\"},{\"@type\":\"ListItem\",\"position\":3,\"name\":\"\ud83c\udf3f Cadres v\u00e9g\u00e9taux miniature 1\\\/6 \u2013 Lot de 3 Barbie, Poppy Parker\"}]},{\"@type\":\"WebSite\",\"@id\":\"https:\\\/\\\/www.sunnyshop211.com\\\/#website\",\"url\":\"https:\\\/\\\/www.sunnyshop211.com\\\/\",\"name\":\"Vente de dioramas, meubles, miniatures , bjd poup\u00e9es 1\\\/12 1\\\/8 1\\\/6 1\\\/4 1\\\/3\",\"description\":\"Sunnyshop211 - Votre univers miniature pour poup\u00e9es et BJD, dioramas et meubles sur mesure !\",\"publisher\":{\"@id\":\"https:\\\/\\\/www.sunnyshop211.com\\\/#organization\"},\"alternateName\":\"sunnyshop211\",\"potentialAction\":[{\"@type\":\"SearchAction\",\"target\":{\"@type\":\"EntryPoint\",\"urlTemplate\":\"https:\\\/\\\/www.sunnyshop211.com\\\/?s={search_term_string}\"},\"query-input\":{\"@type\":\"PropertyValueSpecification\",\"valueRequired\":true,\"valueName\":\"search_term_string\"}}],\"inLanguage\":\"en-US\"},{\"@type\":\"Organization\",\"@id\":\"https:\\\/\\\/www.sunnyshop211.com\\\/#organization\",\"name\":\"sunnyshop211\",\"alternateName\":\"sunnyshop211 diorama bjd meuble miniature\",\"url\":\"https:\\\/\\\/www.sunnyshop211.com\\\/\",\"logo\":{\"@type\":\"ImageObject\",\"inLanguage\":\"en-US\",\"@id\":\"https:\\\/\\\/www.sunnyshop211.com\\\/#\\\/schema\\\/logo\\\/image\\\/\",\"url\":\"https:\\\/\\\/www.sunnyshop211.com\\\/wp-content\\\/uploads\\\/2022\\\/08\\\/cropped-cropped-cropped-Sunnyshop211-1.png\",\"contentUrl\":\"https:\\\/\\\/www.sunnyshop211.com\\\/wp-content\\\/uploads\\\/2022\\\/08\\\/cropped-cropped-cropped-Sunnyshop211-1.png\",\"width\":339,\"height\":339,\"caption\":\"sunnyshop211\"},\"image\":{\"@id\":\"https:\\\/\\\/www.sunnyshop211.com\\\/#\\\/schema\\\/logo\\\/image\\\/\"},\"sameAs\":[\"https:\\\/\\\/www.facebook.com\\\/sunnyshop211\\\/?ref=bookmarks\",\"https:\\\/\\\/x.com\\\/sunnyshop211\",\"https:\\\/\\\/www.instagram.com\\\/sunnyshop211\\\/\",\"https:\\\/\\\/www.tumblr.com\\\/blog\\\/sunnyshop211\",\"https:\\\/\\\/www.youtube.com\\\/channel\\\/UCtYY18OGGDKrTSzgcf7fCBg\",\"https:\\\/\\\/www.tiktok.com\\\/@sunnydollshop211?is_from_webapp=1&sender_device=pc\"]}]}<\/script>\n<!-- \/ Yoast SEO plugin. -->","yoast_head_json":{"title":"\ud83c\udf3f Miniature plant frames 1\/6 - Set of 3 Barbie, Poppy Parker -","description":"\ud83c\udf3f Miniature plant frames 1\/6 - Set of 3 Barbie, Poppy Parker for Barbie, Poppy Parker, pullip, blythe or other dolls of the same sizes","robots":{"index":"index","follow":"follow","max-snippet":"max-snippet:-1","max-image-preview":"max-image-preview:large","max-video-preview":"max-video-preview:-1"},"canonical":"https:\/\/www.sunnyshop211.com\/en\/product\/\ud83c\udf3f-cadres-vegetaux-miniature-1-6-lot-de-3-barbie-poppy-parker\/","og_locale":"en_US","og_type":"article","og_title":"\ud83c\udf3f Cadres v\u00e9g\u00e9taux miniature 1\/6 \u2013 Lot de 3 Barbie, Poppy Parker -","og_description":"\ud83c\udf3f Cadres v\u00e9g\u00e9taux miniature 1\/6 \u2013 Lot de 3 Barbie, Poppy Parker pour poup\u00e9es Barbie, Poppy Parker, pullip, blythe ou autre de m\u00eame tailles","og_url":"https:\/\/www.sunnyshop211.com\/en\/product\/\ud83c\udf3f-cadres-vegetaux-miniature-1-6-lot-de-3-barbie-poppy-parker\/","og_site_name":"Sunnyshop211 -Vente de dioramas, meubles, miniatures , bjd poup\u00e9es 1\/12 1\/8 1\/6 1\/4 1\/3","article_publisher":"https:\/\/www.facebook.com\/sunnyshop211\/?ref=bookmarks","article_modified_time":"2025-12-29T15:18:16+00:00","og_image":[{"width":1706,"height":2560,"url":"https:\/\/www.sunnyshop211.com\/wp-content\/uploads\/2020\/02\/chlo-21-scaled.jpg","type":"image\/jpeg"}],"twitter_card":"summary_large_image","twitter_site":"@sunnyshop211","twitter_misc":{"Est. reading time":"2 minutes"},"schema":{"@context":"https:\/\/schema.org","@graph":[{"@type":"WebPage","@id":"https:\/\/www.sunnyshop211.com\/produit\/%f0%9f%8c%bf-cadres-vegetaux-miniature-1-6-lot-de-3-barbie-poppy-parker\/","url":"https:\/\/www.sunnyshop211.com\/produit\/%f0%9f%8c%bf-cadres-vegetaux-miniature-1-6-lot-de-3-barbie-poppy-parker\/","name":"\ud83c\udf3f Miniature plant frames 1\/6 - Set of 3 Barbie, Poppy Parker -","isPartOf":{"@id":"https:\/\/www.sunnyshop211.com\/#website"},"primaryImageOfPage":{"@id":"https:\/\/www.sunnyshop211.com\/produit\/%f0%9f%8c%bf-cadres-vegetaux-miniature-1-6-lot-de-3-barbie-poppy-parker\/#primaryimage"},"image":{"@id":"https:\/\/www.sunnyshop211.com\/produit\/%f0%9f%8c%bf-cadres-vegetaux-miniature-1-6-lot-de-3-barbie-poppy-parker\/#primaryimage"},"thumbnailUrl":"https:\/\/www.sunnyshop211.com\/wp-content\/uploads\/2020\/02\/chlo-21-scaled.jpg","datePublished":"2020-10-06T12:56:05+00:00","dateModified":"2025-12-29T15:18:16+00:00","description":"\ud83c\udf3f Miniature plant frames 1\/6 - Set of 3 Barbie, Poppy Parker for Barbie, Poppy Parker, pullip, blythe or other dolls of the same sizes","breadcrumb":{"@id":"https:\/\/www.sunnyshop211.com\/produit\/%f0%9f%8c%bf-cadres-vegetaux-miniature-1-6-lot-de-3-barbie-poppy-parker\/#breadcrumb"},"inLanguage":"en-US","potentialAction":[{"@type":"ReadAction","target":["https:\/\/www.sunnyshop211.com\/produit\/%f0%9f%8c%bf-cadres-vegetaux-miniature-1-6-lot-de-3-barbie-poppy-parker\/"]}]},{"@type":"ImageObject","inLanguage":"en-US","@id":"https:\/\/www.sunnyshop211.com\/produit\/%f0%9f%8c%bf-cadres-vegetaux-miniature-1-6-lot-de-3-barbie-poppy-parker\/#primaryimage","url":"https:\/\/www.sunnyshop211.com\/wp-content\/uploads\/2020\/02\/chlo-21-scaled.jpg","contentUrl":"https:\/\/www.sunnyshop211.com\/wp-content\/uploads\/2020\/02\/chlo-21-scaled.jpg","width":1706,"height":2560,"caption":"Lot cadres 1\/4 miniature"},{"@type":"BreadcrumbList","@id":"https:\/\/www.sunnyshop211.com\/produit\/%f0%9f%8c%bf-cadres-vegetaux-miniature-1-6-lot-de-3-barbie-poppy-parker\/#breadcrumb","itemListElement":[{"@type":"ListItem","position":1,"name":"Accueil","item":"https:\/\/www.sunnyshop211.com\/"},{"@type":"ListItem","position":2,"name":"Boutique","item":"https:\/\/www.sunnyshop211.com\/boutique-miniature-bjd-dolls\/"},{"@type":"ListItem","position":3,"name":"\ud83c\udf3f Cadres v\u00e9g\u00e9taux miniature 1\/6 \u2013 Lot de 3 Barbie, Poppy Parker"}]},{"@type":"WebSite","@id":"https:\/\/www.sunnyshop211.com\/#website","url":"https:\/\/www.sunnyshop211.com\/","name":"Sale of dioramas, furniture, miniatures, bjd dolls 1\/12 1\/8 1\/6 1\/4 1\/3","description":"Sunnyshop211 - Your miniature world for dolls and BJDs, dioramas and custom-made furniture!","publisher":{"@id":"https:\/\/www.sunnyshop211.com\/#organization"},"alternateName":"sunnyshop211","potentialAction":[{"@type":"SearchAction","target":{"@type":"EntryPoint","urlTemplate":"https:\/\/www.sunnyshop211.com\/?s={search_term_string}"},"query-input":{"@type":"PropertyValueSpecification","valueRequired":true,"valueName":"search_term_string"}}],"inLanguage":"en-US"},{"@type":"Organization","@id":"https:\/\/www.sunnyshop211.com\/#organization","name":"sunnyshop211","alternateName":"sunnyshop211 diorama bjd meuble miniature","url":"https:\/\/www.sunnyshop211.com\/","logo":{"@type":"ImageObject","inLanguage":"en-US","@id":"https:\/\/www.sunnyshop211.com\/#\/schema\/logo\/image\/","url":"https:\/\/www.sunnyshop211.com\/wp-content\/uploads\/2022\/08\/cropped-cropped-cropped-Sunnyshop211-1.png","contentUrl":"https:\/\/www.sunnyshop211.com\/wp-content\/uploads\/2022\/08\/cropped-cropped-cropped-Sunnyshop211-1.png","width":339,"height":339,"caption":"sunnyshop211"},"image":{"@id":"https:\/\/www.sunnyshop211.com\/#\/schema\/logo\/image\/"},"sameAs":["https:\/\/www.facebook.com\/sunnyshop211\/?ref=bookmarks","https:\/\/x.com\/sunnyshop211","https:\/\/www.instagram.com\/sunnyshop211\/","https:\/\/www.tumblr.com\/blog\/sunnyshop211","https:\/\/www.youtube.com\/channel\/UCtYY18OGGDKrTSzgcf7fCBg","https:\/\/www.tiktok.com\/@sunnydollshop211?is_from_webapp=1&sender_device=pc"]}]}},"jetpack_publicize_connections":[],"jetpack_sharing_enabled":true,"_links":{"self":[{"href":"https:\/\/www.sunnyshop211.com\/en\/wp-json\/wp\/v2\/product\/17973","targetHints":{"allow":["GET"]}}],"collection":[{"href":"https:\/\/www.sunnyshop211.com\/en\/wp-json\/wp\/v2\/product"}],"about":[{"href":"https:\/\/www.sunnyshop211.com\/en\/wp-json\/wp\/v2\/types\/product"}],"replies":[{"embeddable":true,"href":"https:\/\/www.sunnyshop211.com\/en\/wp-json\/wp\/v2\/comments?post=17973"}],"version-history":[{"count":8,"href":"https:\/\/www.sunnyshop211.com\/en\/wp-json\/wp\/v2\/product\/17973\/revisions"}],"predecessor-version":[{"id":53365,"href":"https:\/\/www.sunnyshop211.com\/en\/wp-json\/wp\/v2\/product\/17973\/revisions\/53365"}],"wp:featuredmedia":[{"embeddable":true,"href":"https:\/\/www.sunnyshop211.com\/en\/wp-json\/wp\/v2\/media\/12997"}],"wp:attachment":[{"href":"https:\/\/www.sunnyshop211.com\/en\/wp-json\/wp\/v2\/media?parent=17973"}],"wp:term":[{"taxonomy":"product_brand","embeddable":true,"href":"https:\/\/www.sunnyshop211.com\/en\/wp-json\/wp\/v2\/product_brand?post=17973"},{"taxonomy":"product_cat","embeddable":true,"href":"https:\/\/www.sunnyshop211.com\/en\/wp-json\/wp\/v2\/product_cat?post=17973"},{"taxonomy":"product_tag","embeddable":true,"href":"https:\/\/www.sunnyshop211.com\/en\/wp-json\/wp\/v2\/product_tag?post=17973"}],"curies":[{"name":"wp","href":"https:\/\/api.w.org\/{rel}","templated":true}]}}