{"id":1755,"date":"2019-01-08T11:42:22","date_gmt":"2019-01-08T10:42:22","guid":{"rendered":"https:\/\/sunnyshop211.com\/?post_type=product&#038;p=1755"},"modified":"2026-01-04T10:30:31","modified_gmt":"2026-01-04T09:30:31","slug":"lampion-chinois-miniature-1-6-barbie-poppy-parker-2","status":"publish","type":"product","link":"https:\/\/www.sunnyshop211.com\/en\/product\/lampion-chinois-miniature-1-6-barbie-poppy-parker-2\/","title":{"rendered":"Miniature Chinese lantern 1\/6 Barbie, Poppy Parker"},"content":{"rendered":"<div id='gallery-1' class='gallery galleryid-1755 gallery-columns-3 gallery-size-thumbnail'><figure class='gallery-item'>\n\t\t\t<div class='gallery-icon landscape'>\n\t\t\t\t<a href='https:\/\/www.sunnyshop211.com\/en\/?attachment_id=5948'><img decoding=\"async\" width=\"150\" height=\"150\" src=\"https:\/\/www.sunnyshop211.com\/wp-content\/uploads\/2019\/06\/20190603_091401-150x150.jpg\" class=\"attachment-thumbnail size-thumbnail\" alt=\"Lampion chinois miniature 1\/6\" srcset=\"https:\/\/www.sunnyshop211.com\/wp-content\/uploads\/2019\/06\/20190603_091401-150x150.jpg 150w, https:\/\/www.sunnyshop211.com\/wp-content\/uploads\/2019\/06\/20190603_091401-500x500.jpg 500w, https:\/\/www.sunnyshop211.com\/wp-content\/uploads\/2019\/06\/20190603_091401-100x100.jpg 100w, https:\/\/www.sunnyshop211.com\/wp-content\/uploads\/2019\/06\/20190603_091401-1024x1024.jpg 1024w, https:\/\/www.sunnyshop211.com\/wp-content\/uploads\/2019\/06\/20190603_091401-768x768.jpg 768w, https:\/\/www.sunnyshop211.com\/wp-content\/uploads\/2019\/06\/20190603_091401-1536x1536.jpg 1536w, https:\/\/www.sunnyshop211.com\/wp-content\/uploads\/2019\/06\/20190603_091401-60x60.jpg 60w, https:\/\/www.sunnyshop211.com\/wp-content\/uploads\/2019\/06\/20190603_091401-300x300.jpg 300w, https:\/\/www.sunnyshop211.com\/wp-content\/uploads\/2019\/06\/20190603_091401-600x600.jpg 600w, https:\/\/www.sunnyshop211.com\/wp-content\/uploads\/2019\/06\/20190603_091401.jpg 1564w\" sizes=\"(max-width: 150px) 100vw, 150px\" \/><\/a>\n\t\t\t<\/div><\/figure><figure class='gallery-item'>\n\t\t\t<div class='gallery-icon portrait'>\n\t\t\t\t<a href='https:\/\/www.sunnyshop211.com\/en\/?attachment_id=5946'><img decoding=\"async\" width=\"150\" height=\"150\" src=\"https:\/\/www.sunnyshop211.com\/wp-content\/uploads\/2019\/06\/IMG_20190603_091742_711-150x150.jpg\" class=\"attachment-thumbnail size-thumbnail\" alt=\"Lanterne miniature 1\/4\" srcset=\"https:\/\/www.sunnyshop211.com\/wp-content\/uploads\/2019\/06\/IMG_20190603_091742_711-150x150.jpg 150w, https:\/\/www.sunnyshop211.com\/wp-content\/uploads\/2019\/06\/IMG_20190603_091742_711-500x500.jpg 500w, https:\/\/www.sunnyshop211.com\/wp-content\/uploads\/2019\/06\/IMG_20190603_091742_711-100x100.jpg 100w\" sizes=\"(max-width: 150px) 100vw, 150px\" \/><\/a>\n\t\t\t<\/div><\/figure><figure class='gallery-item'>\n\t\t\t<div class='gallery-icon portrait'>\n\t\t\t\t<a href='https:\/\/www.sunnyshop211.com\/en\/?attachment_id=5950'><img decoding=\"async\" width=\"150\" height=\"150\" src=\"https:\/\/www.sunnyshop211.com\/wp-content\/uploads\/2019\/06\/IMG_20190603_091953_653-150x150.jpg\" class=\"attachment-thumbnail size-thumbnail\" alt=\"Lanterne miniature 1\/4\" srcset=\"https:\/\/www.sunnyshop211.com\/wp-content\/uploads\/2019\/06\/IMG_20190603_091953_653-150x150.jpg 150w, https:\/\/www.sunnyshop211.com\/wp-content\/uploads\/2019\/06\/IMG_20190603_091953_653-500x500.jpg 500w, https:\/\/www.sunnyshop211.com\/wp-content\/uploads\/2019\/06\/IMG_20190603_091953_653-100x100.jpg 100w\" sizes=\"(max-width: 150px) 100vw, 150px\" \/><\/a>\n\t\t\t<\/div><\/figure><figure class='gallery-item'>\n\t\t\t<div class='gallery-icon portrait'>\n\t\t\t\t<a href='https:\/\/www.sunnyshop211.com\/en\/?attachment_id=5949'><img loading=\"lazy\" decoding=\"async\" width=\"150\" height=\"150\" src=\"https:\/\/www.sunnyshop211.com\/wp-content\/uploads\/2019\/06\/IMG_20190603_091854_687-150x150.jpg\" class=\"attachment-thumbnail size-thumbnail\" alt=\"Lampion chinois miniature 1\/6\" srcset=\"https:\/\/www.sunnyshop211.com\/wp-content\/uploads\/2019\/06\/IMG_20190603_091854_687-150x150.jpg 150w, https:\/\/www.sunnyshop211.com\/wp-content\/uploads\/2019\/06\/IMG_20190603_091854_687-500x500.jpg 500w, https:\/\/www.sunnyshop211.com\/wp-content\/uploads\/2019\/06\/IMG_20190603_091854_687-100x100.jpg 100w\" sizes=\"(max-width: 150px) 100vw, 150px\" \/><\/a>\n\t\t\t<\/div><\/figure>\n\t\t<\/div>\n\n<h2 data-start=\"127\" data-end=\"166\">Miniature Chinese lantern - 1\/6<\/h2>\n<p data-start=\"167\" data-end=\"252\">Barbie, Fashion Royalty, Poppy Parker, Pullip, Phicen &amp; dolls of equivalent size<\/p>\n<h3 data-start=\"254\" data-end=\"272\">\ud83d\udcf8 Description<\/h3>\n<p data-start=\"274\" data-end=\"420\">This miniature 1\/6 Chinese lantern is an ideal decorative accessory for creating warm, poetic or festive atmospheres in your dioramas.<\/p>\n<p data-start=\"422\" data-end=\"589\">Perfect for outdoor, garden, street, party or Asian-inspired scenes, it will add an elegant and exotic touch to your 1\/6 scenes.<\/p>\n<p data-start=\"591\" data-end=\"645\">\ud83d\udc49 Fictitious item, for decorative purposes only.<\/p>\n<hr data-start=\"647\" data-end=\"650\" \/>\n<h3 data-start=\"652\" data-end=\"682\">\ud83d\udc57 Compatibility &amp; scale<\/h3>\n<p data-start=\"684\" data-end=\"726\">Suitable for dolls at <strong data-start=\"706\" data-end=\"713\">1\/6<\/strong>, including :<\/p>\n<p data-start=\"728\" data-end=\"838\">- Barbie<br data-start=\"736\" data-end=\"739\" \/>- Fashion Royalty<br data-start=\"756\" data-end=\"759\" \/>- Poppy Parker<br data-start=\"773\" data-end=\"776\" \/>- Pullip<br data-start=\"784\" data-end=\"787\" \/>- Phicen<br data-start=\"795\" data-end=\"798\" \/>- Other dolls of equivalent size<\/p>\n<hr data-start=\"840\" data-end=\"843\" \/>\n<h3 data-start=\"845\" data-end=\"869\">\ud83c\udfa8 Patterns &amp; colors<\/h3>\n<p data-start=\"871\" data-end=\"952\">- More <strong data-start=\"881\" data-end=\"905\">21 different patterns<\/strong><br data-start=\"905\" data-end=\"908\" \/>- You choose <strong data-start=\"926\" data-end=\"940\">the color<\/strong> desired<\/p>\n<p data-start=\"954\" data-end=\"1038\">Each lantern is sold <strong data-start=\"979\" data-end=\"1001\">customized and painted<\/strong>, in accordance with the models shown.<\/p>\n<hr data-start=\"1040\" data-end=\"1043\" \/>\n<h3 data-start=\"1045\" data-end=\"1062\">\ud83d\udccf Dimensions<\/h3>\n<p data-start=\"1064\" data-end=\"1101\">\u2022 <strong data-start=\"1066\" data-end=\"1101\">4.5 cm long x 5.5 cm high<\/strong><\/p>\n<hr data-start=\"1103\" data-end=\"1106\" \/>\n<h3 data-start=\"1108\" data-end=\"1122\">\ud83d\udce6 Contents<\/h3>\n<p data-start=\"1124\" data-end=\"1185\">- 1\/6 miniature Chinese lantern (choice of pattern and color)<\/p>\n<p data-start=\"1187\" data-end=\"1342\">\ud83d\udc49 The prize is for <strong data-start=\"1207\" data-end=\"1226\">a single lantern<\/strong><br data-start=\"1226\" data-end=\"1229\" \/>\ud83d\udc49 Other accessories shown in the photos are not included but are available separately in the store.<\/p>\n<hr data-start=\"1344\" data-end=\"1347\" \/>\n<h3 data-start=\"1349\" data-end=\"1378\">\ud83e\udeb5 Handcrafted<\/h3>\n<p data-start=\"1380\" data-end=\"1451\">- Hand-made and customised article<br data-start=\"1420\" data-end=\"1423\" \/>- Made to order<\/p>\n<p data-start=\"1453\" data-end=\"1604\">Due to the artisanal character, there may be :<br data-start=\"1504\" data-end=\"1507\" \/>- slight variations in shape or color<br data-start=\"1553\" data-end=\"1556\" \/>- minor imperfections, typical of handmade products<\/p>\n<hr data-start=\"1606\" data-end=\"1609\" \/>\n<h3 data-start=\"1611\" data-end=\"1629\">\ud83c\udfe1 Use<\/h3>\n<p data-start=\"1631\" data-end=\"1800\">- Dioramas &amp; staging<br data-start=\"1658\" data-end=\"1661\" \/>- Outdoor scenes, festive or Asian ambience<br data-start=\"1712\" data-end=\"1715\" \/>- Compatible with my 1\/6 furniture and accessories sold separately in the store<\/p>\n<hr data-start=\"1802\" data-end=\"1805\" \/>\n<h3 data-start=\"1807\" data-end=\"1838\">\u26a0\ufe0f Important information<\/h3>\n<p data-start=\"1840\" data-end=\"2075\">- Fictional article<br data-start=\"1856\" data-end=\"1859\" \/>- This is not a toy<br data-start=\"1884\" data-end=\"1887\" \/>- For adults only<br data-start=\"1926\" data-end=\"1929\" \/>- The photos are examples of decoration<br data-start=\"1973\" data-end=\"1976\" \/>- Only the lantern is sold<br data-start=\"2003\" data-end=\"2006\" \/>- I am not responsible for any damage incurred in transit.<\/p>\n<hr data-start=\"2077\" data-end=\"2080\" \/>\n<h3 data-start=\"2082\" data-end=\"2108\">\u23f3 Manufacturing &amp; lead times<\/h3>\n<p data-start=\"2110\" data-end=\"2273\">- Article made to order<br data-start=\"2140\" data-end=\"2143\" \/>- Please allow for manufacturing and delivery times.<br data-start=\"2208\" data-end=\"2211\" \/>\u27a1\ufe0f See Terms and Conditions and delivery times<\/p>\n<hr data-start=\"2275\" data-end=\"2278\" \/>\n<h3 data-start=\"2280\" data-end=\"2316\">\ud83d\udcf8 More photos &amp; inspiration<\/h3>\n<p data-start=\"2318\" data-end=\"2360\">\ud83d\udc49 <a class=\"decorated-link\" href=\"https:\/\/www.instagram.com\/sunnyshop211\/\" target=\"_new\" rel=\"noopener\" data-start=\"2321\" data-end=\"2360\">https:\/\/www.instagram.com\/sunnyshop211\/<\/a><\/p>\n<hr data-start=\"2362\" data-end=\"2365\" \/>\n<p data-start=\"2367\" data-end=\"2481\">\ud83c\udfee\u2728 <strong data-start=\"2371\" data-end=\"2481\">A charming miniature accessory for creating poetic, festive scenes with your 1\/6 dolls.<\/strong><\/p>","protected":false},"excerpt":{"rendered":"<p>Lampion chinois miniature \u2013 1\/6 Barbie, Fashion Royalty, Poppy Parker, Pullip, Phicen &amp; poup\u00e9es de taille \u00e9quivalente \ud83d\udcf8 Description Ce lampion chinois miniature 1\/6 est un accessoire d\u00e9coratif id\u00e9al pour cr\u00e9er des ambiances chaleureuses, po\u00e9tiques ou festives dans vos dioramas. Parfait pour des sc\u00e8nes d\u2019ext\u00e9rieur, de jardin, de rue, de f\u00eate ou d\u2019inspiration asiatique, il [&hellip;]<\/p>\n","protected":false},"featured_media":5948,"comment_status":"open","ping_status":"closed","template":"","meta":{"_crdt_document":"","jetpack_post_was_ever_published":false,"jetpack_publicize_message":"","jetpack_publicize_feature_enabled":true,"jetpack_social_post_already_shared":true,"jetpack_social_options":{"image_generator_settings":{"template":"highway","default_image_id":0,"font":"","enabled":false},"version":2}},"product_brand":[],"product_cat":[667687098],"product_tag":[667681278,667681143,667681136,667681284,667681142,667681405,667681406,667681234,667681226,667681233,667681348,667681225,667681241,667681407,667681408,667681340,667681349,667681350,667681404,667681426,667681236,667681261,667681281,667681232,667681237,667681280,667681277,667681235],"class_list":{"0":"post-1755","1":"product","2":"type-product","3":"status-publish","4":"has-post-thumbnail","6":"product_cat-lampes-de-chevet","7":"product_tag-barbie","8":"product_tag-bedroom","9":"product_tag-bjd","10":"product_tag-blythe","11":"product_tag-chambre","12":"product_tag-chinese","13":"product_tag-chinois","14":"product_tag-diorama","15":"product_tag-doll","16":"product_tag-dollhouse","17":"product_tag-fashion-royalty","18":"product_tag-furniture","19":"product_tag-iplehouse","20":"product_tag-japanese","21":"product_tag-japonais","22":"product_tag-kid","23":"product_tag-lamp","24":"product_tag-lampe","25":"product_tag-lampion","26":"product_tag-littlefee","27":"product_tag-maison-de-poupee","28":"product_tag-meuble","29":"product_tag-meubles","30":"product_tag-miniature","31":"product_tag-msd","32":"product_tag-phicen","33":"product_tag-pullip","34":"product_tag-roombox","35":"product_shipping_class-lettresuivie","36":"pa_couleur-blanc","37":"pa_couleur-gris","38":"pa_couleur-marron","39":"pa_couleur-noir","41":"first","42":"instock","43":"taxable","44":"shipping-taxable","45":"purchasable","46":"product-type-variable"},"yoast_head":"<!-- This site is optimized with the Yoast SEO plugin v27.5 - https:\/\/yoast.com\/product\/yoast-seo-wordpress\/ -->\n<title>Lampion chinois miniature 1\/6 Barbie, Poppy Parker -<\/title>\n<meta name=\"description\" content=\"Lampion chinois miniature 1\/6 pour poup\u00e9es Barbie, fashion royalty, Poppy Parker, pullip, phicen ou autres de m\u00eame tailles. Id\u00e9al pour vos dioramas.\" \/>\n<meta name=\"robots\" content=\"index, follow, max-snippet:-1, max-image-preview:large, max-video-preview:-1\" \/>\n<link rel=\"canonical\" href=\"https:\/\/www.sunnyshop211.com\/en\/product\/lampion-chinois-miniature-1-6-barbie-poppy-parker-2\/\" \/>\n<meta property=\"og:locale\" content=\"en_US\" \/>\n<meta property=\"og:type\" content=\"article\" \/>\n<meta property=\"og:title\" content=\"Lampion chinois miniature 1\/6 Barbie, Poppy Parker -\" \/>\n<meta property=\"og:description\" content=\"Lampion chinois miniature 1\/6 pour poup\u00e9es Barbie, fashion royalty, Poppy Parker, pullip, phicen ou autres de m\u00eame tailles. Id\u00e9al pour vos dioramas.\" \/>\n<meta property=\"og:url\" content=\"https:\/\/www.sunnyshop211.com\/en\/product\/lampion-chinois-miniature-1-6-barbie-poppy-parker-2\/\" \/>\n<meta property=\"og:site_name\" content=\"Sunnyshop211 -Vente de dioramas, meubles, miniatures , bjd poup\u00e9es 1\/12 1\/8 1\/6 1\/4 1\/3\" \/>\n<meta property=\"article:publisher\" content=\"https:\/\/www.facebook.com\/sunnyshop211\/?ref=bookmarks\" \/>\n<meta property=\"article:modified_time\" content=\"2026-01-04T09:30:31+00:00\" \/>\n<meta property=\"og:image\" content=\"https:\/\/www.sunnyshop211.com\/wp-content\/uploads\/2019\/06\/20190603_091401.jpg\" \/>\n\t<meta property=\"og:image:width\" content=\"1564\" \/>\n\t<meta property=\"og:image:height\" content=\"1564\" \/>\n\t<meta property=\"og:image:type\" content=\"image\/jpeg\" \/>\n<meta name=\"twitter:card\" content=\"summary_large_image\" \/>\n<meta name=\"twitter:site\" content=\"@sunnyshop211\" \/>\n<meta name=\"twitter:label1\" content=\"Est. reading time\" \/>\n\t<meta name=\"twitter:data1\" content=\"2 minutes\" \/>\n<script type=\"application\/ld+json\" class=\"yoast-schema-graph\">{\"@context\":\"https:\\\/\\\/schema.org\",\"@graph\":[{\"@type\":\"WebPage\",\"@id\":\"https:\\\/\\\/www.sunnyshop211.com\\\/produit\\\/lampion-chinois-miniature-1-6-barbie-poppy-parker-2\\\/\",\"url\":\"https:\\\/\\\/www.sunnyshop211.com\\\/produit\\\/lampion-chinois-miniature-1-6-barbie-poppy-parker-2\\\/\",\"name\":\"Lampion chinois miniature 1\\\/6 Barbie, Poppy Parker -\",\"isPartOf\":{\"@id\":\"https:\\\/\\\/www.sunnyshop211.com\\\/#website\"},\"primaryImageOfPage\":{\"@id\":\"https:\\\/\\\/www.sunnyshop211.com\\\/produit\\\/lampion-chinois-miniature-1-6-barbie-poppy-parker-2\\\/#primaryimage\"},\"image\":{\"@id\":\"https:\\\/\\\/www.sunnyshop211.com\\\/produit\\\/lampion-chinois-miniature-1-6-barbie-poppy-parker-2\\\/#primaryimage\"},\"thumbnailUrl\":\"https:\\\/\\\/www.sunnyshop211.com\\\/wp-content\\\/uploads\\\/2019\\\/06\\\/20190603_091401.jpg\",\"datePublished\":\"2019-01-08T10:42:22+00:00\",\"dateModified\":\"2026-01-04T09:30:31+00:00\",\"description\":\"Lampion chinois miniature 1\\\/6 pour poup\u00e9es Barbie, fashion royalty, Poppy Parker, pullip, phicen ou autres de m\u00eame tailles. Id\u00e9al pour vos dioramas.\",\"breadcrumb\":{\"@id\":\"https:\\\/\\\/www.sunnyshop211.com\\\/produit\\\/lampion-chinois-miniature-1-6-barbie-poppy-parker-2\\\/#breadcrumb\"},\"inLanguage\":\"en-US\",\"potentialAction\":[{\"@type\":\"ReadAction\",\"target\":[\"https:\\\/\\\/www.sunnyshop211.com\\\/produit\\\/lampion-chinois-miniature-1-6-barbie-poppy-parker-2\\\/\"]}]},{\"@type\":\"ImageObject\",\"inLanguage\":\"en-US\",\"@id\":\"https:\\\/\\\/www.sunnyshop211.com\\\/produit\\\/lampion-chinois-miniature-1-6-barbie-poppy-parker-2\\\/#primaryimage\",\"url\":\"https:\\\/\\\/www.sunnyshop211.com\\\/wp-content\\\/uploads\\\/2019\\\/06\\\/20190603_091401.jpg\",\"contentUrl\":\"https:\\\/\\\/www.sunnyshop211.com\\\/wp-content\\\/uploads\\\/2019\\\/06\\\/20190603_091401.jpg\",\"width\":1564,\"height\":1564,\"caption\":\"Lampion chinois miniature 1\\\/6\"},{\"@type\":\"BreadcrumbList\",\"@id\":\"https:\\\/\\\/www.sunnyshop211.com\\\/produit\\\/lampion-chinois-miniature-1-6-barbie-poppy-parker-2\\\/#breadcrumb\",\"itemListElement\":[{\"@type\":\"ListItem\",\"position\":1,\"name\":\"Accueil\",\"item\":\"https:\\\/\\\/www.sunnyshop211.com\\\/\"},{\"@type\":\"ListItem\",\"position\":2,\"name\":\"Boutique\",\"item\":\"https:\\\/\\\/www.sunnyshop211.com\\\/boutique-miniature-bjd-dolls\\\/\"},{\"@type\":\"ListItem\",\"position\":3,\"name\":\"Lampion chinois miniature 1\\\/6 Barbie, Poppy Parker\"}]},{\"@type\":\"WebSite\",\"@id\":\"https:\\\/\\\/www.sunnyshop211.com\\\/#website\",\"url\":\"https:\\\/\\\/www.sunnyshop211.com\\\/\",\"name\":\"Vente de dioramas, meubles, miniatures , bjd poup\u00e9es 1\\\/12 1\\\/8 1\\\/6 1\\\/4 1\\\/3\",\"description\":\"Sunnyshop211 - Votre univers miniature pour poup\u00e9es et BJD, dioramas et meubles sur mesure !\",\"publisher\":{\"@id\":\"https:\\\/\\\/www.sunnyshop211.com\\\/#organization\"},\"alternateName\":\"sunnyshop211\",\"potentialAction\":[{\"@type\":\"SearchAction\",\"target\":{\"@type\":\"EntryPoint\",\"urlTemplate\":\"https:\\\/\\\/www.sunnyshop211.com\\\/?s={search_term_string}\"},\"query-input\":{\"@type\":\"PropertyValueSpecification\",\"valueRequired\":true,\"valueName\":\"search_term_string\"}}],\"inLanguage\":\"en-US\"},{\"@type\":\"Organization\",\"@id\":\"https:\\\/\\\/www.sunnyshop211.com\\\/#organization\",\"name\":\"sunnyshop211\",\"alternateName\":\"sunnyshop211 diorama bjd meuble miniature\",\"url\":\"https:\\\/\\\/www.sunnyshop211.com\\\/\",\"logo\":{\"@type\":\"ImageObject\",\"inLanguage\":\"en-US\",\"@id\":\"https:\\\/\\\/www.sunnyshop211.com\\\/#\\\/schema\\\/logo\\\/image\\\/\",\"url\":\"https:\\\/\\\/www.sunnyshop211.com\\\/wp-content\\\/uploads\\\/2022\\\/08\\\/cropped-cropped-cropped-Sunnyshop211-1.png\",\"contentUrl\":\"https:\\\/\\\/www.sunnyshop211.com\\\/wp-content\\\/uploads\\\/2022\\\/08\\\/cropped-cropped-cropped-Sunnyshop211-1.png\",\"width\":339,\"height\":339,\"caption\":\"sunnyshop211\"},\"image\":{\"@id\":\"https:\\\/\\\/www.sunnyshop211.com\\\/#\\\/schema\\\/logo\\\/image\\\/\"},\"sameAs\":[\"https:\\\/\\\/www.facebook.com\\\/sunnyshop211\\\/?ref=bookmarks\",\"https:\\\/\\\/x.com\\\/sunnyshop211\",\"https:\\\/\\\/www.instagram.com\\\/sunnyshop211\\\/\",\"https:\\\/\\\/www.tumblr.com\\\/blog\\\/sunnyshop211\",\"https:\\\/\\\/www.youtube.com\\\/channel\\\/UCtYY18OGGDKrTSzgcf7fCBg\",\"https:\\\/\\\/www.tiktok.com\\\/@sunnydollshop211?is_from_webapp=1&sender_device=pc\"]}]}<\/script>\n<!-- \/ Yoast SEO plugin. -->","yoast_head_json":{"title":"Miniature Chinese lantern 1\/6 Barbie, Poppy Parker -","description":"Miniature 1\/6 Chinese lantern for Barbie, fashion royalty, Poppy Parker, pullip, phicen or other dolls of the same size. Ideal for dioramas.","robots":{"index":"index","follow":"follow","max-snippet":"max-snippet:-1","max-image-preview":"max-image-preview:large","max-video-preview":"max-video-preview:-1"},"canonical":"https:\/\/www.sunnyshop211.com\/en\/product\/lampion-chinois-miniature-1-6-barbie-poppy-parker-2\/","og_locale":"en_US","og_type":"article","og_title":"Lampion chinois miniature 1\/6 Barbie, Poppy Parker -","og_description":"Lampion chinois miniature 1\/6 pour poup\u00e9es Barbie, fashion royalty, Poppy Parker, pullip, phicen ou autres de m\u00eame tailles. Id\u00e9al pour vos dioramas.","og_url":"https:\/\/www.sunnyshop211.com\/en\/product\/lampion-chinois-miniature-1-6-barbie-poppy-parker-2\/","og_site_name":"Sunnyshop211 -Vente de dioramas, meubles, miniatures , bjd poup\u00e9es 1\/12 1\/8 1\/6 1\/4 1\/3","article_publisher":"https:\/\/www.facebook.com\/sunnyshop211\/?ref=bookmarks","article_modified_time":"2026-01-04T09:30:31+00:00","og_image":[{"width":1564,"height":1564,"url":"https:\/\/www.sunnyshop211.com\/wp-content\/uploads\/2019\/06\/20190603_091401.jpg","type":"image\/jpeg"}],"twitter_card":"summary_large_image","twitter_site":"@sunnyshop211","twitter_misc":{"Est. reading time":"2 minutes"},"schema":{"@context":"https:\/\/schema.org","@graph":[{"@type":"WebPage","@id":"https:\/\/www.sunnyshop211.com\/produit\/lampion-chinois-miniature-1-6-barbie-poppy-parker-2\/","url":"https:\/\/www.sunnyshop211.com\/produit\/lampion-chinois-miniature-1-6-barbie-poppy-parker-2\/","name":"Miniature Chinese lantern 1\/6 Barbie, Poppy Parker -","isPartOf":{"@id":"https:\/\/www.sunnyshop211.com\/#website"},"primaryImageOfPage":{"@id":"https:\/\/www.sunnyshop211.com\/produit\/lampion-chinois-miniature-1-6-barbie-poppy-parker-2\/#primaryimage"},"image":{"@id":"https:\/\/www.sunnyshop211.com\/produit\/lampion-chinois-miniature-1-6-barbie-poppy-parker-2\/#primaryimage"},"thumbnailUrl":"https:\/\/www.sunnyshop211.com\/wp-content\/uploads\/2019\/06\/20190603_091401.jpg","datePublished":"2019-01-08T10:42:22+00:00","dateModified":"2026-01-04T09:30:31+00:00","description":"Miniature 1\/6 Chinese lantern for Barbie, fashion royalty, Poppy Parker, pullip, phicen or other dolls of the same size. Ideal for dioramas.","breadcrumb":{"@id":"https:\/\/www.sunnyshop211.com\/produit\/lampion-chinois-miniature-1-6-barbie-poppy-parker-2\/#breadcrumb"},"inLanguage":"en-US","potentialAction":[{"@type":"ReadAction","target":["https:\/\/www.sunnyshop211.com\/produit\/lampion-chinois-miniature-1-6-barbie-poppy-parker-2\/"]}]},{"@type":"ImageObject","inLanguage":"en-US","@id":"https:\/\/www.sunnyshop211.com\/produit\/lampion-chinois-miniature-1-6-barbie-poppy-parker-2\/#primaryimage","url":"https:\/\/www.sunnyshop211.com\/wp-content\/uploads\/2019\/06\/20190603_091401.jpg","contentUrl":"https:\/\/www.sunnyshop211.com\/wp-content\/uploads\/2019\/06\/20190603_091401.jpg","width":1564,"height":1564,"caption":"Lampion chinois miniature 1\/6"},{"@type":"BreadcrumbList","@id":"https:\/\/www.sunnyshop211.com\/produit\/lampion-chinois-miniature-1-6-barbie-poppy-parker-2\/#breadcrumb","itemListElement":[{"@type":"ListItem","position":1,"name":"Accueil","item":"https:\/\/www.sunnyshop211.com\/"},{"@type":"ListItem","position":2,"name":"Boutique","item":"https:\/\/www.sunnyshop211.com\/boutique-miniature-bjd-dolls\/"},{"@type":"ListItem","position":3,"name":"Lampion chinois miniature 1\/6 Barbie, Poppy Parker"}]},{"@type":"WebSite","@id":"https:\/\/www.sunnyshop211.com\/#website","url":"https:\/\/www.sunnyshop211.com\/","name":"Sale of dioramas, furniture, miniatures, bjd dolls 1\/12 1\/8 1\/6 1\/4 1\/3","description":"Sunnyshop211 - Your miniature world for dolls and BJDs, dioramas and custom-made furniture!","publisher":{"@id":"https:\/\/www.sunnyshop211.com\/#organization"},"alternateName":"sunnyshop211","potentialAction":[{"@type":"SearchAction","target":{"@type":"EntryPoint","urlTemplate":"https:\/\/www.sunnyshop211.com\/?s={search_term_string}"},"query-input":{"@type":"PropertyValueSpecification","valueRequired":true,"valueName":"search_term_string"}}],"inLanguage":"en-US"},{"@type":"Organization","@id":"https:\/\/www.sunnyshop211.com\/#organization","name":"sunnyshop211","alternateName":"sunnyshop211 diorama bjd meuble miniature","url":"https:\/\/www.sunnyshop211.com\/","logo":{"@type":"ImageObject","inLanguage":"en-US","@id":"https:\/\/www.sunnyshop211.com\/#\/schema\/logo\/image\/","url":"https:\/\/www.sunnyshop211.com\/wp-content\/uploads\/2022\/08\/cropped-cropped-cropped-Sunnyshop211-1.png","contentUrl":"https:\/\/www.sunnyshop211.com\/wp-content\/uploads\/2022\/08\/cropped-cropped-cropped-Sunnyshop211-1.png","width":339,"height":339,"caption":"sunnyshop211"},"image":{"@id":"https:\/\/www.sunnyshop211.com\/#\/schema\/logo\/image\/"},"sameAs":["https:\/\/www.facebook.com\/sunnyshop211\/?ref=bookmarks","https:\/\/x.com\/sunnyshop211","https:\/\/www.instagram.com\/sunnyshop211\/","https:\/\/www.tumblr.com\/blog\/sunnyshop211","https:\/\/www.youtube.com\/channel\/UCtYY18OGGDKrTSzgcf7fCBg","https:\/\/www.tiktok.com\/@sunnydollshop211?is_from_webapp=1&sender_device=pc"]}]}},"jetpack_publicize_connections":[],"jetpack_sharing_enabled":true,"_links":{"self":[{"href":"https:\/\/www.sunnyshop211.com\/en\/wp-json\/wp\/v2\/product\/1755","targetHints":{"allow":["GET"]}}],"collection":[{"href":"https:\/\/www.sunnyshop211.com\/en\/wp-json\/wp\/v2\/product"}],"about":[{"href":"https:\/\/www.sunnyshop211.com\/en\/wp-json\/wp\/v2\/types\/product"}],"replies":[{"embeddable":true,"href":"https:\/\/www.sunnyshop211.com\/en\/wp-json\/wp\/v2\/comments?post=1755"}],"version-history":[{"count":9,"href":"https:\/\/www.sunnyshop211.com\/en\/wp-json\/wp\/v2\/product\/1755\/revisions"}],"predecessor-version":[{"id":53197,"href":"https:\/\/www.sunnyshop211.com\/en\/wp-json\/wp\/v2\/product\/1755\/revisions\/53197"}],"wp:featuredmedia":[{"embeddable":true,"href":"https:\/\/www.sunnyshop211.com\/en\/wp-json\/wp\/v2\/media\/5948"}],"wp:attachment":[{"href":"https:\/\/www.sunnyshop211.com\/en\/wp-json\/wp\/v2\/media?parent=1755"}],"wp:term":[{"taxonomy":"product_brand","embeddable":true,"href":"https:\/\/www.sunnyshop211.com\/en\/wp-json\/wp\/v2\/product_brand?post=1755"},{"taxonomy":"product_cat","embeddable":true,"href":"https:\/\/www.sunnyshop211.com\/en\/wp-json\/wp\/v2\/product_cat?post=1755"},{"taxonomy":"product_tag","embeddable":true,"href":"https:\/\/www.sunnyshop211.com\/en\/wp-json\/wp\/v2\/product_tag?post=1755"}],"curies":[{"name":"wp","href":"https:\/\/api.w.org\/{rel}","templated":true}]}}