{"id":17484,"date":"2020-09-03T12:40:11","date_gmt":"2020-09-03T11:40:11","guid":{"rendered":"https:\/\/sunnyshop211.com\/?post_type=product&#038;p=17484"},"modified":"2025-12-27T11:24:44","modified_gmt":"2025-12-27T10:24:44","slug":"ciel-de-lit-couronne-miniature-1-4","status":"publish","type":"product","link":"https:\/\/www.sunnyshop211.com\/en\/product\/ciel-de-lit-couronne-miniature-1-4\/","title":{"rendered":"Miniature crown canopy 1\/4"},"content":{"rendered":"<div id='gallery-1' class='gallery galleryid-17484 gallery-columns-3 gallery-size-thumbnail'><figure class='gallery-item'>\n\t\t\t<div class='gallery-icon portrait'>\n\t\t\t\t<a href='https:\/\/www.sunnyshop211.com\/en\/?attachment_id=24323'><img decoding=\"async\" width=\"150\" height=\"150\" src=\"https:\/\/www.sunnyshop211.com\/wp-content\/uploads\/2022\/08\/dressing-et-chat-76-150x150.jpg\" class=\"attachment-thumbnail size-thumbnail\" alt=\"Ciel de lit couronne 1\/4\" srcset=\"https:\/\/www.sunnyshop211.com\/wp-content\/uploads\/2022\/08\/dressing-et-chat-76-150x150.jpg 150w, https:\/\/www.sunnyshop211.com\/wp-content\/uploads\/2022\/08\/dressing-et-chat-76-scaled-500x500.jpg 500w, https:\/\/www.sunnyshop211.com\/wp-content\/uploads\/2022\/08\/dressing-et-chat-76-scaled-100x100.jpg 100w\" sizes=\"(max-width: 150px) 100vw, 150px\" \/><\/a>\n\t\t\t<\/div><\/figure><figure class='gallery-item'>\n\t\t\t<div class='gallery-icon portrait'>\n\t\t\t\t<a href='https:\/\/www.sunnyshop211.com\/en\/?attachment_id=23902'><img decoding=\"async\" width=\"150\" height=\"150\" src=\"https:\/\/www.sunnyshop211.com\/wp-content\/uploads\/2022\/07\/wp-1659195098810-150x150.jpg\" class=\"attachment-thumbnail size-thumbnail\" alt=\"\" srcset=\"https:\/\/www.sunnyshop211.com\/wp-content\/uploads\/2022\/07\/wp-1659195098810-150x150.jpg 150w, https:\/\/www.sunnyshop211.com\/wp-content\/uploads\/2022\/07\/wp-1659195098810-500x500.jpg 500w, https:\/\/www.sunnyshop211.com\/wp-content\/uploads\/2022\/07\/wp-1659195098810-100x100.jpg 100w, https:\/\/www.sunnyshop211.com\/wp-content\/uploads\/2022\/07\/wp-1659195098810-300x300.jpg 300w\" sizes=\"(max-width: 150px) 100vw, 150px\" \/><\/a>\n\t\t\t<\/div><\/figure><figure class='gallery-item'>\n\t\t\t<div class='gallery-icon portrait'>\n\t\t\t\t<a href='https:\/\/www.sunnyshop211.com\/en\/?attachment_id=23901'><img decoding=\"async\" width=\"150\" height=\"150\" src=\"https:\/\/www.sunnyshop211.com\/wp-content\/uploads\/2022\/07\/wp-1659195071995-150x150.jpg\" class=\"attachment-thumbnail size-thumbnail\" alt=\"Ciel de lit couronne 1\/4\" srcset=\"https:\/\/www.sunnyshop211.com\/wp-content\/uploads\/2022\/07\/wp-1659195071995-150x150.jpg 150w, https:\/\/www.sunnyshop211.com\/wp-content\/uploads\/2022\/07\/wp-1659195071995-500x500.jpg 500w, https:\/\/www.sunnyshop211.com\/wp-content\/uploads\/2022\/07\/wp-1659195071995-100x100.jpg 100w, https:\/\/www.sunnyshop211.com\/wp-content\/uploads\/2022\/07\/wp-1659195071995-300x300.jpg 300w\" sizes=\"(max-width: 150px) 100vw, 150px\" \/><\/a>\n\t\t\t<\/div><\/figure><figure class='gallery-item'>\n\t\t\t<div class='gallery-icon portrait'>\n\t\t\t\t<a href='https:\/\/www.sunnyshop211.com\/en\/?attachment_id=24324'><img loading=\"lazy\" decoding=\"async\" width=\"150\" height=\"150\" src=\"https:\/\/www.sunnyshop211.com\/wp-content\/uploads\/2022\/08\/dressing-et-chat-77-150x150.jpg\" class=\"attachment-thumbnail size-thumbnail\" alt=\"\" srcset=\"https:\/\/www.sunnyshop211.com\/wp-content\/uploads\/2022\/08\/dressing-et-chat-77-150x150.jpg 150w, https:\/\/www.sunnyshop211.com\/wp-content\/uploads\/2022\/08\/dressing-et-chat-77-scaled-500x500.jpg 500w, https:\/\/www.sunnyshop211.com\/wp-content\/uploads\/2022\/08\/dressing-et-chat-77-scaled-100x100.jpg 100w\" sizes=\"(max-width: 150px) 100vw, 150px\" \/><\/a>\n\t\t\t<\/div><\/figure>\n\t\t<\/div>\n\n<h2 data-start=\"125\" data-end=\"164\">Miniature crown canopy 1\/4<\/h2>\n<p data-start=\"165\" data-end=\"218\"><strong data-start=\"165\" data-end=\"218\">BJD - Minifee, MSD and equivalent-sized dolls<\/strong><\/p>\n<p data-start=\"220\" data-end=\"462\">This <strong data-start=\"223\" data-end=\"264\">miniature crown canopy 1\/4<\/strong> will look great on your dolls' beds and add a touch of elegance. <strong data-start=\"322\" data-end=\"363\">soft, cocooning and poetic ambience<\/strong> to your dioramas.<br data-start=\"379\" data-end=\"382\" \/>It is ideal for creating a <strong data-start=\"410\" data-end=\"426\">cosy room<\/strong>, a nursery or a fairytale scene.<\/p>\n<hr data-start=\"464\" data-end=\"467\" \/>\n<h3 data-start=\"469\" data-end=\"487\">\ud83d\udc51 Description<\/h3>\n<ul data-start=\"488\" data-end=\"647\">\n<li data-start=\"488\" data-end=\"520\">\n<p data-start=\"490\" data-end=\"520\">Bed canopy <strong data-start=\"502\" data-end=\"520\">crown shape<\/strong><\/p>\n<\/li>\n<li data-start=\"521\" data-end=\"542\">\n<p data-start=\"523\" data-end=\"542\">Mounting <strong data-start=\"532\" data-end=\"542\">wall<\/strong><\/p>\n<\/li>\n<li data-start=\"543\" data-end=\"602\">\n<p data-start=\"545\" data-end=\"602\">Compatible with <strong data-start=\"561\" data-end=\"602\">my miniature beds sold separately<\/strong><\/p>\n<\/li>\n<li data-start=\"603\" data-end=\"647\">\n<p data-start=\"605\" data-end=\"647\">Perfect for <strong data-start=\"640\" data-end=\"647\">1\/4<\/strong><\/p>\n<\/li>\n<\/ul>\n<hr data-start=\"649\" data-end=\"652\" \/>\n<h3 data-start=\"654\" data-end=\"672\">\ud83e\uddf5 Composition<\/h3>\n<p data-start=\"673\" data-end=\"700\">The canopy is composed of :<\/p>\n<ul data-start=\"701\" data-end=\"829\">\n<li data-start=\"701\" data-end=\"742\">\n<p data-start=\"703\" data-end=\"742\">a <strong data-start=\"709\" data-end=\"742\">crown-shaped frame<\/strong><\/p>\n<\/li>\n<li data-start=\"743\" data-end=\"829\">\n<p data-start=\"745\" data-end=\"762\"><strong data-start=\"745\" data-end=\"758\">optional<\/strong> :<\/p>\n<ul data-start=\"765\" data-end=\"829\">\n<li data-start=\"765\" data-end=\"829\">\n<p data-start=\"767\" data-end=\"829\">2 white sequined curtains for a cocooning effect<\/p>\n<\/li>\n<\/ul>\n<\/li>\n<\/ul>\n<hr data-start=\"831\" data-end=\"834\" \/>\n<h3 data-start=\"836\" data-end=\"862\">\ud83c\udfa8 Finishes &amp; options<\/h3>\n<ul data-start=\"863\" data-end=\"1145\">\n<li data-start=\"863\" data-end=\"980\">\n<p data-start=\"865\" data-end=\"887\"><strong data-start=\"865\" data-end=\"883\">Painted version<\/strong> :<\/p>\n<ul data-start=\"890\" data-end=\"980\">\n<li data-start=\"890\" data-end=\"942\">\n<p data-start=\"892\" data-end=\"942\">Crown painted in the <strong data-start=\"916\" data-end=\"942\">color of your choice<\/strong><\/p>\n<\/li>\n<li data-start=\"945\" data-end=\"980\">\n<p data-start=\"947\" data-end=\"980\">Fixed curtains (if option chosen)<\/p>\n<\/li>\n<\/ul>\n<\/li>\n<li data-start=\"982\" data-end=\"1145\">\n<p data-start=\"984\" data-end=\"1010\"><strong data-start=\"984\" data-end=\"1006\">Unpainted version<\/strong> :<\/p>\n<ul data-start=\"1013\" data-end=\"1145\">\n<li data-start=\"1013\" data-end=\"1048\">\n<p data-start=\"1015\" data-end=\"1048\">Crown supplied <strong data-start=\"1031\" data-end=\"1048\">white \/ beige<\/strong><\/p>\n<\/li>\n<li data-start=\"1051\" data-end=\"1145\">\n<p data-start=\"1053\" data-end=\"1145\">Curtains <strong data-start=\"1061\" data-end=\"1074\">unfixed<\/strong>, to allow you to paint and customize the wreath yourself<\/p>\n<\/li>\n<\/ul>\n<\/li>\n<\/ul>\n<p data-start=\"1147\" data-end=\"1270\">\ud83d\udc49 If you would like a <strong data-start=\"1172\" data-end=\"1198\">other fabric color<\/strong>, don't hesitate to contact me<br data-start=\"1228\" data-end=\"1231\" \/>\ud83d\udc49 Modulate as you wish \u2728<\/p>\n<hr data-start=\"1272\" data-end=\"1275\" \/>\n<h3 data-start=\"1277\" data-end=\"1306\">\ud83e\udeb5 Handcrafted<\/h3>\n<ul data-start=\"1307\" data-end=\"1522\">\n<li data-start=\"1307\" data-end=\"1333\">\n<p data-start=\"1309\" data-end=\"1333\">Realized <strong data-start=\"1317\" data-end=\"1333\">to order<\/strong><\/p>\n<\/li>\n<li data-start=\"1334\" data-end=\"1428\">\n<p data-start=\"1336\" data-end=\"1428\">Handcrafted :<br data-start=\"1360\" data-end=\"1363\" \/>slight variations in shape or color may occur<\/p>\n<\/li>\n<li data-start=\"1429\" data-end=\"1522\">\n<p data-start=\"1431\" data-end=\"1522\">A few minor imperfections may be present, which are part of the charm of handmade products.<\/p>\n<\/li>\n<\/ul>\n<hr data-start=\"1524\" data-end=\"1527\" \/>\n<h3 data-start=\"1529\" data-end=\"1560\">\u2139\ufe0f Important information<\/h3>\n<ul data-start=\"1561\" data-end=\"1945\">\n<li data-start=\"1561\" data-end=\"1629\">\n<p data-start=\"1563\" data-end=\"1629\">Compatible with my <strong data-start=\"1583\" data-end=\"1612\">furniture sold separately<\/strong> in the store<\/p>\n<\/li>\n<li data-start=\"1630\" data-end=\"1699\">\n<p data-start=\"1632\" data-end=\"1699\">Other decorations shown in the photos are not included.<\/p>\n<\/li>\n<li data-start=\"1700\" data-end=\"1806\">\n<p data-start=\"1702\" data-end=\"1806\">Please note <strong data-start=\"1728\" data-end=\"1769\">manufacturing and delivery times<\/strong> (see Terms and Conditions)<\/p>\n<\/li>\n<li data-start=\"1807\" data-end=\"1877\">\n<p data-start=\"1809\" data-end=\"1877\"><strong data-start=\"1809\" data-end=\"1836\">This is not a toy<\/strong> - article for a <strong data-start=\"1860\" data-end=\"1877\">adult audience<\/strong><\/p>\n<\/li>\n<li data-start=\"1878\" data-end=\"1945\">\n<p data-start=\"1880\" data-end=\"1945\">I am not responsible for any damage during transport<\/p>\n<\/li>\n<\/ul>\n<hr data-start=\"1947\" data-end=\"1950\" \/>\n<p data-start=\"1952\" data-end=\"2051\">\ud83d\udcf8 To discover other creations and inspirations :<br data-start=\"2006\" data-end=\"2009\" \/>\ud83d\udc49 <a class=\"decorated-link\" href=\"https:\/\/www.instagram.com\/sunnyshop211\/\" target=\"_new\" rel=\"noopener\" data-start=\"2012\" data-end=\"2051\">https:\/\/www.instagram.com\/sunnyshop211\/<\/a><\/p>\n<p data-start=\"2053\" data-end=\"2166\">\u2728 <strong data-start=\"2055\" data-end=\"2166\">An elegant, delicate accessory to transform a simple miniature bedroom into a veritable fairytale cocoon.<\/strong><\/p>","protected":false},"excerpt":{"rendered":"<p>Ciel de lit couronne miniature 1\/4 BJD \u2013 Minifee, MSD et dolls de taille \u00e9quivalente Ce ciel de lit couronne miniature au 1\/4 habillera \u00e0 merveille vos lits de dolls et apportera une ambiance douce, cocooning et po\u00e9tique \u00e0 vos dioramas.Il est id\u00e9al pour cr\u00e9er une chambre cosy, une nursery ou une sc\u00e8ne f\u00e9erique. \ud83d\udc51 [&hellip;]<\/p>\n","protected":false},"featured_media":24323,"comment_status":"open","ping_status":"closed","template":"","meta":{"_crdt_document":"","jetpack_post_was_ever_published":false,"jetpack_publicize_message":"","jetpack_publicize_feature_enabled":true,"jetpack_social_post_already_shared":true,"jetpack_social_options":{"image_generator_settings":{"template":"highway","default_image_id":0,"font":"","enabled":false},"version":2}},"product_brand":[],"product_cat":[667686969],"product_tag":[667681137,667681805,667681136,667685569,667685571,667684550,667681234,667681226,667681725,667681225,667681139,667681261,667681281,667681141,667681217,667681216,667681177,667685563,667681140,667681235],"class_list":{"0":"post-17484","1":"product","2":"type-product","3":"status-publish","4":"has-post-thumbnail","6":"product_cat-decoration","7":"product_tag-baby","8":"product_tag-bed-sky","9":"product_tag-bjd","10":"product_tag-canopy","11":"product_tag-ciel-de-l","12":"product_tag-couronne","13":"product_tag-diorama","14":"product_tag-doll","15":"product_tag-dolly","16":"product_tag-furniture","17":"product_tag-lati-yellow","18":"product_tag-meuble","19":"product_tag-meubles","20":"product_tag-nappy-choo","21":"product_tag-parc","22":"product_tag-park","23":"product_tag-poupee","24":"product_tag-princesse","25":"product_tag-pukifee","26":"product_tag-roombox","27":"product_shipping_class-colissimo-5","28":"pa_couleur-blanc","29":"pa_couleur-dore-golden","30":"pa_couleur-non-peint","31":"pa_couleur-rose","33":"first","34":"instock","35":"taxable","36":"shipping-taxable","37":"purchasable","38":"product-type-variable"},"yoast_head":"<!-- This site is optimized with the Yoast SEO plugin v27.5 - https:\/\/yoast.com\/product\/yoast-seo-wordpress\/ -->\n<title>Ciel de lit couronne miniature 1\/4 -<\/title>\n<meta name=\"description\" content=\"Ciel de lit couronne miniature 1\/4 diorama bjd pukifee, nappy choo, lati yellow, bjd baby, minifee, MSD. Ils habilleront \u00e0 merveille vos lits .\" \/>\n<meta name=\"robots\" content=\"index, follow, max-snippet:-1, max-image-preview:large, max-video-preview:-1\" \/>\n<link rel=\"canonical\" href=\"https:\/\/www.sunnyshop211.com\/en\/product\/ciel-de-lit-couronne-miniature-1-4\/\" \/>\n<meta property=\"og:locale\" content=\"en_US\" \/>\n<meta property=\"og:type\" content=\"article\" \/>\n<meta property=\"og:title\" content=\"Ciel de lit couronne miniature 1\/4 -\" \/>\n<meta property=\"og:description\" content=\"Ciel de lit couronne miniature 1\/4 diorama bjd pukifee, nappy choo, lati yellow, bjd baby, minifee, MSD. Ils habilleront \u00e0 merveille vos lits .\" \/>\n<meta property=\"og:url\" content=\"https:\/\/www.sunnyshop211.com\/en\/product\/ciel-de-lit-couronne-miniature-1-4\/\" \/>\n<meta property=\"og:site_name\" content=\"Sunnyshop211 -Vente de dioramas, meubles, miniatures , bjd poup\u00e9es 1\/12 1\/8 1\/6 1\/4 1\/3\" \/>\n<meta property=\"article:publisher\" content=\"https:\/\/www.facebook.com\/sunnyshop211\/?ref=bookmarks\" \/>\n<meta property=\"article:modified_time\" content=\"2025-12-27T10:24:44+00:00\" \/>\n<meta property=\"og:image\" content=\"https:\/\/www.sunnyshop211.com\/wp-content\/uploads\/2022\/08\/dressing-et-chat-76-scaled.jpg\" \/>\n\t<meta property=\"og:image:width\" content=\"1707\" \/>\n\t<meta property=\"og:image:height\" content=\"2560\" \/>\n\t<meta property=\"og:image:type\" content=\"image\/jpeg\" \/>\n<meta name=\"twitter:card\" content=\"summary_large_image\" \/>\n<meta name=\"twitter:site\" content=\"@sunnyshop211\" \/>\n<meta name=\"twitter:label1\" content=\"Est. reading time\" \/>\n\t<meta name=\"twitter:data1\" content=\"2 minutes\" \/>\n<script type=\"application\/ld+json\" class=\"yoast-schema-graph\">{\"@context\":\"https:\\\/\\\/schema.org\",\"@graph\":[{\"@type\":\"WebPage\",\"@id\":\"https:\\\/\\\/www.sunnyshop211.com\\\/produit\\\/ciel-de-lit-couronne-miniature-1-4\\\/\",\"url\":\"https:\\\/\\\/www.sunnyshop211.com\\\/produit\\\/ciel-de-lit-couronne-miniature-1-4\\\/\",\"name\":\"Ciel de lit couronne miniature 1\\\/4 -\",\"isPartOf\":{\"@id\":\"https:\\\/\\\/www.sunnyshop211.com\\\/#website\"},\"primaryImageOfPage\":{\"@id\":\"https:\\\/\\\/www.sunnyshop211.com\\\/produit\\\/ciel-de-lit-couronne-miniature-1-4\\\/#primaryimage\"},\"image\":{\"@id\":\"https:\\\/\\\/www.sunnyshop211.com\\\/produit\\\/ciel-de-lit-couronne-miniature-1-4\\\/#primaryimage\"},\"thumbnailUrl\":\"https:\\\/\\\/www.sunnyshop211.com\\\/wp-content\\\/uploads\\\/2022\\\/08\\\/dressing-et-chat-76-scaled.jpg\",\"datePublished\":\"2020-09-03T11:40:11+00:00\",\"dateModified\":\"2025-12-27T10:24:44+00:00\",\"description\":\"Ciel de lit couronne miniature 1\\\/4 diorama bjd pukifee, nappy choo, lati yellow, bjd baby, minifee, MSD. Ils habilleront \u00e0 merveille vos lits .\",\"breadcrumb\":{\"@id\":\"https:\\\/\\\/www.sunnyshop211.com\\\/produit\\\/ciel-de-lit-couronne-miniature-1-4\\\/#breadcrumb\"},\"inLanguage\":\"en-US\",\"potentialAction\":[{\"@type\":\"ReadAction\",\"target\":[\"https:\\\/\\\/www.sunnyshop211.com\\\/produit\\\/ciel-de-lit-couronne-miniature-1-4\\\/\"]}]},{\"@type\":\"ImageObject\",\"inLanguage\":\"en-US\",\"@id\":\"https:\\\/\\\/www.sunnyshop211.com\\\/produit\\\/ciel-de-lit-couronne-miniature-1-4\\\/#primaryimage\",\"url\":\"https:\\\/\\\/www.sunnyshop211.com\\\/wp-content\\\/uploads\\\/2022\\\/08\\\/dressing-et-chat-76-scaled.jpg\",\"contentUrl\":\"https:\\\/\\\/www.sunnyshop211.com\\\/wp-content\\\/uploads\\\/2022\\\/08\\\/dressing-et-chat-76-scaled.jpg\",\"width\":1707,\"height\":2560,\"caption\":\"Ciel de lit couronne 1\\\/4\"},{\"@type\":\"BreadcrumbList\",\"@id\":\"https:\\\/\\\/www.sunnyshop211.com\\\/produit\\\/ciel-de-lit-couronne-miniature-1-4\\\/#breadcrumb\",\"itemListElement\":[{\"@type\":\"ListItem\",\"position\":1,\"name\":\"Accueil\",\"item\":\"https:\\\/\\\/www.sunnyshop211.com\\\/\"},{\"@type\":\"ListItem\",\"position\":2,\"name\":\"Boutique\",\"item\":\"https:\\\/\\\/www.sunnyshop211.com\\\/boutique-miniature-bjd-dolls\\\/\"},{\"@type\":\"ListItem\",\"position\":3,\"name\":\"Ciel de lit couronne miniature 1\\\/4\"}]},{\"@type\":\"WebSite\",\"@id\":\"https:\\\/\\\/www.sunnyshop211.com\\\/#website\",\"url\":\"https:\\\/\\\/www.sunnyshop211.com\\\/\",\"name\":\"Vente de dioramas, meubles, miniatures , bjd poup\u00e9es 1\\\/12 1\\\/8 1\\\/6 1\\\/4 1\\\/3\",\"description\":\"Sunnyshop211 - Votre univers miniature pour poup\u00e9es et BJD, dioramas et meubles sur mesure !\",\"publisher\":{\"@id\":\"https:\\\/\\\/www.sunnyshop211.com\\\/#organization\"},\"alternateName\":\"sunnyshop211\",\"potentialAction\":[{\"@type\":\"SearchAction\",\"target\":{\"@type\":\"EntryPoint\",\"urlTemplate\":\"https:\\\/\\\/www.sunnyshop211.com\\\/?s={search_term_string}\"},\"query-input\":{\"@type\":\"PropertyValueSpecification\",\"valueRequired\":true,\"valueName\":\"search_term_string\"}}],\"inLanguage\":\"en-US\"},{\"@type\":\"Organization\",\"@id\":\"https:\\\/\\\/www.sunnyshop211.com\\\/#organization\",\"name\":\"sunnyshop211\",\"alternateName\":\"sunnyshop211 diorama bjd meuble miniature\",\"url\":\"https:\\\/\\\/www.sunnyshop211.com\\\/\",\"logo\":{\"@type\":\"ImageObject\",\"inLanguage\":\"en-US\",\"@id\":\"https:\\\/\\\/www.sunnyshop211.com\\\/#\\\/schema\\\/logo\\\/image\\\/\",\"url\":\"https:\\\/\\\/www.sunnyshop211.com\\\/wp-content\\\/uploads\\\/2022\\\/08\\\/cropped-cropped-cropped-Sunnyshop211-1.png\",\"contentUrl\":\"https:\\\/\\\/www.sunnyshop211.com\\\/wp-content\\\/uploads\\\/2022\\\/08\\\/cropped-cropped-cropped-Sunnyshop211-1.png\",\"width\":339,\"height\":339,\"caption\":\"sunnyshop211\"},\"image\":{\"@id\":\"https:\\\/\\\/www.sunnyshop211.com\\\/#\\\/schema\\\/logo\\\/image\\\/\"},\"sameAs\":[\"https:\\\/\\\/www.facebook.com\\\/sunnyshop211\\\/?ref=bookmarks\",\"https:\\\/\\\/x.com\\\/sunnyshop211\",\"https:\\\/\\\/www.instagram.com\\\/sunnyshop211\\\/\",\"https:\\\/\\\/www.tumblr.com\\\/blog\\\/sunnyshop211\",\"https:\\\/\\\/www.youtube.com\\\/channel\\\/UCtYY18OGGDKrTSzgcf7fCBg\",\"https:\\\/\\\/www.tiktok.com\\\/@sunnydollshop211?is_from_webapp=1&sender_device=pc\"]}]}<\/script>\n<!-- \/ Yoast SEO plugin. -->","yoast_head_json":{"title":"Miniature crown canopy 1\/4 -","description":"Miniature crown bed canopy 1\/4 diorama bjd pukifee, nappy choo, lati yellow, bjd baby, minifee, MSD. They'll look great in any bed. .","robots":{"index":"index","follow":"follow","max-snippet":"max-snippet:-1","max-image-preview":"max-image-preview:large","max-video-preview":"max-video-preview:-1"},"canonical":"https:\/\/www.sunnyshop211.com\/en\/product\/ciel-de-lit-couronne-miniature-1-4\/","og_locale":"en_US","og_type":"article","og_title":"Ciel de lit couronne miniature 1\/4 -","og_description":"Ciel de lit couronne miniature 1\/4 diorama bjd pukifee, nappy choo, lati yellow, bjd baby, minifee, MSD. Ils habilleront \u00e0 merveille vos lits .","og_url":"https:\/\/www.sunnyshop211.com\/en\/product\/ciel-de-lit-couronne-miniature-1-4\/","og_site_name":"Sunnyshop211 -Vente de dioramas, meubles, miniatures , bjd poup\u00e9es 1\/12 1\/8 1\/6 1\/4 1\/3","article_publisher":"https:\/\/www.facebook.com\/sunnyshop211\/?ref=bookmarks","article_modified_time":"2025-12-27T10:24:44+00:00","og_image":[{"width":1707,"height":2560,"url":"https:\/\/www.sunnyshop211.com\/wp-content\/uploads\/2022\/08\/dressing-et-chat-76-scaled.jpg","type":"image\/jpeg"}],"twitter_card":"summary_large_image","twitter_site":"@sunnyshop211","twitter_misc":{"Est. reading time":"2 minutes"},"schema":{"@context":"https:\/\/schema.org","@graph":[{"@type":"WebPage","@id":"https:\/\/www.sunnyshop211.com\/produit\/ciel-de-lit-couronne-miniature-1-4\/","url":"https:\/\/www.sunnyshop211.com\/produit\/ciel-de-lit-couronne-miniature-1-4\/","name":"Miniature crown canopy 1\/4 -","isPartOf":{"@id":"https:\/\/www.sunnyshop211.com\/#website"},"primaryImageOfPage":{"@id":"https:\/\/www.sunnyshop211.com\/produit\/ciel-de-lit-couronne-miniature-1-4\/#primaryimage"},"image":{"@id":"https:\/\/www.sunnyshop211.com\/produit\/ciel-de-lit-couronne-miniature-1-4\/#primaryimage"},"thumbnailUrl":"https:\/\/www.sunnyshop211.com\/wp-content\/uploads\/2022\/08\/dressing-et-chat-76-scaled.jpg","datePublished":"2020-09-03T11:40:11+00:00","dateModified":"2025-12-27T10:24:44+00:00","description":"Miniature crown bed canopy 1\/4 diorama bjd pukifee, nappy choo, lati yellow, bjd baby, minifee, MSD. They'll look great in any bed. .","breadcrumb":{"@id":"https:\/\/www.sunnyshop211.com\/produit\/ciel-de-lit-couronne-miniature-1-4\/#breadcrumb"},"inLanguage":"en-US","potentialAction":[{"@type":"ReadAction","target":["https:\/\/www.sunnyshop211.com\/produit\/ciel-de-lit-couronne-miniature-1-4\/"]}]},{"@type":"ImageObject","inLanguage":"en-US","@id":"https:\/\/www.sunnyshop211.com\/produit\/ciel-de-lit-couronne-miniature-1-4\/#primaryimage","url":"https:\/\/www.sunnyshop211.com\/wp-content\/uploads\/2022\/08\/dressing-et-chat-76-scaled.jpg","contentUrl":"https:\/\/www.sunnyshop211.com\/wp-content\/uploads\/2022\/08\/dressing-et-chat-76-scaled.jpg","width":1707,"height":2560,"caption":"Ciel de lit couronne 1\/4"},{"@type":"BreadcrumbList","@id":"https:\/\/www.sunnyshop211.com\/produit\/ciel-de-lit-couronne-miniature-1-4\/#breadcrumb","itemListElement":[{"@type":"ListItem","position":1,"name":"Accueil","item":"https:\/\/www.sunnyshop211.com\/"},{"@type":"ListItem","position":2,"name":"Boutique","item":"https:\/\/www.sunnyshop211.com\/boutique-miniature-bjd-dolls\/"},{"@type":"ListItem","position":3,"name":"Ciel de lit couronne miniature 1\/4"}]},{"@type":"WebSite","@id":"https:\/\/www.sunnyshop211.com\/#website","url":"https:\/\/www.sunnyshop211.com\/","name":"Sale of dioramas, furniture, miniatures, bjd dolls 1\/12 1\/8 1\/6 1\/4 1\/3","description":"Sunnyshop211 - Your miniature world for dolls and BJDs, dioramas and custom-made furniture!","publisher":{"@id":"https:\/\/www.sunnyshop211.com\/#organization"},"alternateName":"sunnyshop211","potentialAction":[{"@type":"SearchAction","target":{"@type":"EntryPoint","urlTemplate":"https:\/\/www.sunnyshop211.com\/?s={search_term_string}"},"query-input":{"@type":"PropertyValueSpecification","valueRequired":true,"valueName":"search_term_string"}}],"inLanguage":"en-US"},{"@type":"Organization","@id":"https:\/\/www.sunnyshop211.com\/#organization","name":"sunnyshop211","alternateName":"sunnyshop211 diorama bjd meuble miniature","url":"https:\/\/www.sunnyshop211.com\/","logo":{"@type":"ImageObject","inLanguage":"en-US","@id":"https:\/\/www.sunnyshop211.com\/#\/schema\/logo\/image\/","url":"https:\/\/www.sunnyshop211.com\/wp-content\/uploads\/2022\/08\/cropped-cropped-cropped-Sunnyshop211-1.png","contentUrl":"https:\/\/www.sunnyshop211.com\/wp-content\/uploads\/2022\/08\/cropped-cropped-cropped-Sunnyshop211-1.png","width":339,"height":339,"caption":"sunnyshop211"},"image":{"@id":"https:\/\/www.sunnyshop211.com\/#\/schema\/logo\/image\/"},"sameAs":["https:\/\/www.facebook.com\/sunnyshop211\/?ref=bookmarks","https:\/\/x.com\/sunnyshop211","https:\/\/www.instagram.com\/sunnyshop211\/","https:\/\/www.tumblr.com\/blog\/sunnyshop211","https:\/\/www.youtube.com\/channel\/UCtYY18OGGDKrTSzgcf7fCBg","https:\/\/www.tiktok.com\/@sunnydollshop211?is_from_webapp=1&sender_device=pc"]}]}},"jetpack_publicize_connections":[],"jetpack_sharing_enabled":true,"_links":{"self":[{"href":"https:\/\/www.sunnyshop211.com\/en\/wp-json\/wp\/v2\/product\/17484","targetHints":{"allow":["GET"]}}],"collection":[{"href":"https:\/\/www.sunnyshop211.com\/en\/wp-json\/wp\/v2\/product"}],"about":[{"href":"https:\/\/www.sunnyshop211.com\/en\/wp-json\/wp\/v2\/types\/product"}],"replies":[{"embeddable":true,"href":"https:\/\/www.sunnyshop211.com\/en\/wp-json\/wp\/v2\/comments?post=17484"}],"version-history":[{"count":13,"href":"https:\/\/www.sunnyshop211.com\/en\/wp-json\/wp\/v2\/product\/17484\/revisions"}],"predecessor-version":[{"id":53017,"href":"https:\/\/www.sunnyshop211.com\/en\/wp-json\/wp\/v2\/product\/17484\/revisions\/53017"}],"wp:featuredmedia":[{"embeddable":true,"href":"https:\/\/www.sunnyshop211.com\/en\/wp-json\/wp\/v2\/media\/24323"}],"wp:attachment":[{"href":"https:\/\/www.sunnyshop211.com\/en\/wp-json\/wp\/v2\/media?parent=17484"}],"wp:term":[{"taxonomy":"product_brand","embeddable":true,"href":"https:\/\/www.sunnyshop211.com\/en\/wp-json\/wp\/v2\/product_brand?post=17484"},{"taxonomy":"product_cat","embeddable":true,"href":"https:\/\/www.sunnyshop211.com\/en\/wp-json\/wp\/v2\/product_cat?post=17484"},{"taxonomy":"product_tag","embeddable":true,"href":"https:\/\/www.sunnyshop211.com\/en\/wp-json\/wp\/v2\/product_tag?post=17484"}],"curies":[{"name":"wp","href":"https:\/\/api.w.org\/{rel}","templated":true}]}}