{"id":16827,"date":"2020-07-01T16:47:03","date_gmt":"2020-07-01T15:47:03","guid":{"rendered":"https:\/\/sunnyshop211.com\/?post_type=product&#038;p=16827"},"modified":"2025-12-26T19:16:48","modified_gmt":"2025-12-26T18:16:48","slug":"fenetre-coulissante-kit-miniature-1-6-1-4","status":"publish","type":"product","link":"https:\/\/www.sunnyshop211.com\/en\/product\/fenetre-coulissante-kit-miniature-1-6-1-4\/","title":{"rendered":"Sliding window KIT miniature 1\/6 - 1\/4"},"content":{"rendered":"<div id='gallery-1' class='gallery galleryid-16827 gallery-columns-3 gallery-size-thumbnail'><figure class='gallery-item'>\n\t\t\t<div class='gallery-icon portrait'>\n\t\t\t\t<a href='https:\/\/www.sunnyshop211.com\/en\/?attachment_id=16517'><img decoding=\"async\" width=\"150\" height=\"150\" src=\"https:\/\/www.sunnyshop211.com\/wp-content\/uploads\/2020\/06\/LogoLicious_20200616_144927-150x150.jpg\" class=\"attachment-thumbnail size-thumbnail\" alt=\"Fen\u00eatre coulissante KIT miniature\" srcset=\"https:\/\/www.sunnyshop211.com\/wp-content\/uploads\/2020\/06\/LogoLicious_20200616_144927-150x150.jpg 150w, https:\/\/www.sunnyshop211.com\/wp-content\/uploads\/2020\/06\/LogoLicious_20200616_144927-scaled-500x500.jpg 500w, https:\/\/www.sunnyshop211.com\/wp-content\/uploads\/2020\/06\/LogoLicious_20200616_144927-100x100.jpg 100w\" sizes=\"(max-width: 150px) 100vw, 150px\" \/><\/a>\n\t\t\t<\/div><\/figure><figure class='gallery-item'>\n\t\t\t<div class='gallery-icon landscape'>\n\t\t\t\t<a href='https:\/\/www.sunnyshop211.com\/en\/?attachment_id=16511'><img decoding=\"async\" width=\"150\" height=\"150\" src=\"https:\/\/www.sunnyshop211.com\/wp-content\/uploads\/2020\/06\/fene^tre-7-150x150.jpg\" class=\"attachment-thumbnail size-thumbnail\" alt=\"\" srcset=\"https:\/\/www.sunnyshop211.com\/wp-content\/uploads\/2020\/06\/fene^tre-7-150x150.jpg 150w, https:\/\/www.sunnyshop211.com\/wp-content\/uploads\/2020\/06\/fene^tre-7-500x500.jpg 500w, https:\/\/www.sunnyshop211.com\/wp-content\/uploads\/2020\/06\/fene^tre-7-100x100.jpg 100w\" sizes=\"(max-width: 150px) 100vw, 150px\" \/><\/a>\n\t\t\t<\/div><\/figure><figure class='gallery-item'>\n\t\t\t<div class='gallery-icon landscape'>\n\t\t\t\t<a href='https:\/\/www.sunnyshop211.com\/en\/?attachment_id=16505'><img decoding=\"async\" width=\"150\" height=\"150\" src=\"https:\/\/www.sunnyshop211.com\/wp-content\/uploads\/2020\/06\/fene^tre-1-150x150.jpg\" class=\"attachment-thumbnail size-thumbnail\" alt=\"Fen\u00eatre coulissante KIT miniature\" srcset=\"https:\/\/www.sunnyshop211.com\/wp-content\/uploads\/2020\/06\/fene^tre-1-150x150.jpg 150w, https:\/\/www.sunnyshop211.com\/wp-content\/uploads\/2020\/06\/fene^tre-1-500x500.jpg 500w, https:\/\/www.sunnyshop211.com\/wp-content\/uploads\/2020\/06\/fene^tre-1-100x100.jpg 100w\" sizes=\"(max-width: 150px) 100vw, 150px\" \/><\/a>\n\t\t\t<\/div><\/figure><figure class='gallery-item'>\n\t\t\t<div class='gallery-icon landscape'>\n\t\t\t\t<a href='https:\/\/www.sunnyshop211.com\/en\/?attachment_id=16501'><img loading=\"lazy\" decoding=\"async\" width=\"150\" height=\"150\" src=\"https:\/\/www.sunnyshop211.com\/wp-content\/uploads\/2020\/06\/fene^tre-13-150x150.jpg\" class=\"attachment-thumbnail size-thumbnail\" alt=\"Fen\u00eatre coulissante KIT miniature\" srcset=\"https:\/\/www.sunnyshop211.com\/wp-content\/uploads\/2020\/06\/fene^tre-13-150x150.jpg 150w, https:\/\/www.sunnyshop211.com\/wp-content\/uploads\/2020\/06\/fene^tre-13-500x500.jpg 500w, https:\/\/www.sunnyshop211.com\/wp-content\/uploads\/2020\/06\/fene^tre-13-100x100.jpg 100w\" sizes=\"(max-width: 150px) 100vw, 150px\" \/><\/a>\n\t\t\t<\/div><\/figure>\n\t\t<\/div>\n\n<p>&nbsp;<\/p>\n<h2 data-start=\"113\" data-end=\"161\">Sliding window KIT miniature 1\/6 - 1\/4<\/h2>\n<p data-start=\"162\" data-end=\"228\">BJD, Minifee, MSD, Barbie, Poppy Parker, Pullip, Blythe, LittleFee<\/p>\n<p data-start=\"230\" data-end=\"435\">This <strong data-start=\"236\" data-end=\"276\">miniature sliding window kit<\/strong> is ideal for <strong data-start=\"293\" data-end=\"347\">customize your dioramas, roomboxes and displays<\/strong>.<br data-start=\"348\" data-end=\"351\" \/>Its sliding system brings a realistic, modern look to your miniature sets.<\/p>\n<hr data-start=\"437\" data-end=\"440\" \/>\n<h3 data-start=\"442\" data-end=\"460\">\ud83e\ude9f Description<\/h3>\n<ul data-start=\"462\" data-end=\"621\">\n<li data-start=\"462\" data-end=\"501\">\n<p data-start=\"464\" data-end=\"501\"><strong data-start=\"464\" data-end=\"501\">Sliding window sold in KIT<\/strong><\/p>\n<\/li>\n<li data-start=\"502\" data-end=\"518\">\n<p data-start=\"504\" data-end=\"518\"><strong data-start=\"504\" data-end=\"518\">Unpainted<\/strong><\/p>\n<\/li>\n<li data-start=\"519\" data-end=\"562\">\n<p data-start=\"521\" data-end=\"562\">\u00c0 <strong data-start=\"523\" data-end=\"562\">assemble and customize yourself<\/strong><\/p>\n<\/li>\n<li data-start=\"563\" data-end=\"621\">\n<p data-start=\"565\" data-end=\"621\">Choice of options : <strong data-start=\"583\" data-end=\"621\">with or without transparent Plexiglas<\/strong><\/p>\n<\/li>\n<\/ul>\n<p data-start=\"623\" data-end=\"640\">Kit includes :<\/p>\n<ul data-start=\"641\" data-end=\"733\">\n<li data-start=\"641\" data-end=\"669\">\n<p data-start=\"643\" data-end=\"669\">visit <strong data-start=\"647\" data-end=\"669\">rails to build<\/strong><\/p>\n<\/li>\n<li data-start=\"670\" data-end=\"690\">\n<p data-start=\"672\" data-end=\"690\">visit <strong data-start=\"676\" data-end=\"690\">4 panels<\/strong><\/p>\n<\/li>\n<li data-start=\"691\" data-end=\"733\">\n<p data-start=\"693\" data-end=\"733\">(optional) the <strong data-start=\"708\" data-end=\"733\">transparent Plexiglas<\/strong><\/p>\n<\/li>\n<\/ul>\n<p data-start=\"735\" data-end=\"824\">\ud83d\udc49 Perfect for painting, patina, aging or a contemporary finish.<\/p>\n<hr data-start=\"826\" data-end=\"829\" \/>\n<h3 data-start=\"831\" data-end=\"857\">\ud83d\udcd0 Available sizes<\/h3>\n<p data-start=\"859\" data-end=\"940\">\ud83d\udd39 <strong data-start=\"862\" data-end=\"877\">Scale 1\/6<\/strong><br data-start=\"877\" data-end=\"880\" \/>For mannequin dolls, Poppy Parker or similar sizes<\/p>\n<ul data-start=\"941\" data-end=\"1012\">\n<li data-start=\"941\" data-end=\"964\">\n<p data-start=\"943\" data-end=\"964\">Width : <strong data-start=\"953\" data-end=\"962\">17 cm<\/strong><\/p>\n<\/li>\n<li data-start=\"965\" data-end=\"1012\">\n<p data-start=\"967\" data-end=\"1012\">Height : <strong data-start=\"977\" data-end=\"986\">35 cm<\/strong><br data-start=\"986\" data-end=\"989\" \/>(\u2248 3.39 \u00d7 13.77 inches)<\/p>\n<\/li>\n<\/ul>\n<p data-start=\"1014\" data-end=\"1080\">\ud83d\udd39 <strong data-start=\"1017\" data-end=\"1032\">1\/4 scale<\/strong><br data-start=\"1032\" data-end=\"1035\" \/>For BJD Minifee, MSD or similar sizes<\/p>\n<ul data-start=\"1081\" data-end=\"1154\">\n<li data-start=\"1081\" data-end=\"1104\">\n<p data-start=\"1083\" data-end=\"1104\">Height : <strong data-start=\"1093\" data-end=\"1102\">45 cm<\/strong><\/p>\n<\/li>\n<li data-start=\"1105\" data-end=\"1154\">\n<p data-start=\"1107\" data-end=\"1154\">Length : <strong data-start=\"1118\" data-end=\"1127\">40 cm<\/strong><br data-start=\"1127\" data-end=\"1130\" \/>(\u2248 17.71 \u00d7 15.74 inches)<\/p>\n<\/li>\n<\/ul>\n<hr data-start=\"1156\" data-end=\"1159\" \/>\n<h3 data-start=\"1161\" data-end=\"1184\">\ud83c\udfa8 Customization<\/h3>\n<ul data-start=\"1186\" data-end=\"1357\">\n<li data-start=\"1186\" data-end=\"1221\">\n<p data-start=\"1188\" data-end=\"1221\">Sold raw, ready to paint<\/p>\n<\/li>\n<li data-start=\"1222\" data-end=\"1314\">\n<p data-start=\"1224\" data-end=\"1314\">Adaptable to all styles: modern, loft, doll's house, winter garden, realistic decor...<\/p>\n<\/li>\n<li data-start=\"1315\" data-end=\"1357\">\n<p data-start=\"1317\" data-end=\"1357\"><strong data-start=\"1317\" data-end=\"1357\">Modulate as you wish!<\/strong><\/p>\n<\/li>\n<\/ul>\n<hr data-start=\"1359\" data-end=\"1362\" \/>\n<h3 data-start=\"1364\" data-end=\"1399\">\ud83e\uddf8 Further information<\/h3>\n<ul data-start=\"1401\" data-end=\"1626\">\n<li data-start=\"1401\" data-end=\"1449\">\n<p data-start=\"1403\" data-end=\"1449\">The photos are <strong data-start=\"1423\" data-end=\"1449\">decoration examples<\/strong><\/p>\n<\/li>\n<li data-start=\"1450\" data-end=\"1483\">\n<p data-start=\"1452\" data-end=\"1483\"><strong data-start=\"1452\" data-end=\"1483\">Only the window is sold<\/strong><\/p>\n<\/li>\n<li data-start=\"1484\" data-end=\"1552\">\n<p data-start=\"1486\" data-end=\"1552\">Compatible with my <strong data-start=\"1506\" data-end=\"1535\">furniture sold separately<\/strong> in the store<\/p>\n<\/li>\n<li data-start=\"1553\" data-end=\"1626\">\n<p data-start=\"1555\" data-end=\"1626\">Others <strong data-start=\"1564\" data-end=\"1609\">decoration and construction elements<\/strong> are available<\/p>\n<\/li>\n<\/ul>\n<p data-start=\"1628\" data-end=\"1712\">\ud83d\udcf8 For more photos and inspiration :<br data-start=\"1670\" data-end=\"1673\" \/><a class=\"decorated-link\" href=\"https:\/\/www.instagram.com\/sunnyshop211\/\" target=\"_new\" rel=\"noopener\" data-start=\"1673\" data-end=\"1712\">https:\/\/www.instagram.com\/sunnyshop211\/<\/a><\/p>\n<hr data-start=\"1714\" data-end=\"1717\" \/>\n<h3 data-start=\"1719\" data-end=\"1749\">\ud83d\udee0\ufe0f Craft manufacturing<\/h3>\n<p data-start=\"1751\" data-end=\"1919\">Article <strong data-start=\"1759\" data-end=\"1785\">handcrafted<\/strong>.<br data-start=\"1786\" data-end=\"1789\" \/>Slight variations in shape, color or small imperfections may be present, which is the charm of handmade.<\/p>\n<hr data-start=\"1921\" data-end=\"1924\" \/>\n<h3 data-start=\"1926\" data-end=\"1953\">\ud83d\ude9a Order &amp; delivery<\/h3>\n<ul data-start=\"1955\" data-end=\"2126\">\n<li data-start=\"1955\" data-end=\"1989\">\n<p data-start=\"1957\" data-end=\"1989\">Article <strong data-start=\"1965\" data-end=\"1989\">made to order<\/strong><\/p>\n<\/li>\n<li data-start=\"1990\" data-end=\"2126\">\n<p data-start=\"1992\" data-end=\"2126\">Please note <strong data-start=\"2018\" data-end=\"2059\">manufacturing and delivery times<\/strong><br data-start=\"2059\" data-end=\"2062\" \/><em data-start=\"2064\" data-end=\"2126\">(see General terms of sale and delivery times)<\/em><\/p>\n<\/li>\n<\/ul>\n<p data-start=\"2128\" data-end=\"2194\">I am not responsible for any damage in transit.<\/p>\n<hr data-start=\"2196\" data-end=\"2199\" \/>\n<h3 data-start=\"2201\" data-end=\"2232\">\u26a0\ufe0f Important information<\/h3>\n<ul data-start=\"2234\" data-end=\"2304\">\n<li data-start=\"2234\" data-end=\"2263\">\n<p data-start=\"2236\" data-end=\"2263\"><strong data-start=\"2236\" data-end=\"2263\">This is not a toy<\/strong><\/p>\n<\/li>\n<li data-start=\"2264\" data-end=\"2304\">\n<p data-start=\"2266\" data-end=\"2304\">Article for a <strong data-start=\"2287\" data-end=\"2304\">adult audience<\/strong><\/p>\n<\/li>\n<\/ul>","protected":false},"excerpt":{"rendered":"<p>&nbsp; Fen\u00eatre coulissante KIT miniature 1\/6 \u2013 1\/4 BJD, Minifee, MSD, Barbie, Poppy Parker, Pullip, Blythe, LittleFee Cette fen\u00eatre coulissante miniature en kit est id\u00e9ale pour customiser vos dioramas, roombox et mises en sc\u00e8ne.Son syst\u00e8me coulissant apporte un rendu r\u00e9aliste et moderne \u00e0 vos d\u00e9cors miniatures. \ud83e\ude9f Description Fen\u00eatre coulissante vendue en KIT Non peinte [&hellip;]<\/p>\n","protected":false},"featured_media":16505,"comment_status":"open","ping_status":"closed","template":"","meta":{"_crdt_document":"","jetpack_post_was_ever_published":false,"jetpack_publicize_message":"","jetpack_publicize_feature_enabled":true,"jetpack_social_post_already_shared":true,"jetpack_social_options":{"image_generator_settings":{"template":"highway","default_image_id":0,"font":"","enabled":false},"version":2}},"product_brand":[],"product_cat":[667685485],"product_tag":[667681234,667681226,667681272,667681225,667681241,667681242,667681261,667681173,667681237,667681177,667681235,667681260],"class_list":{"0":"post-16827","1":"product","2":"type-product","3":"status-publish","4":"has-post-thumbnail","6":"product_cat-materiel-construction-dollhouse","7":"product_tag-diorama","8":"product_tag-doll","9":"product_tag-elowynn-wilde","10":"product_tag-furniture","11":"product_tag-iplehouse","12":"product_tag-jid","13":"product_tag-meuble","14":"product_tag-minifee","15":"product_tag-msd","16":"product_tag-poupee","17":"product_tag-roombox","18":"product_tag-tonner","19":"product_shipping_class-lettresuivie","21":"first","22":"instock","23":"taxable","24":"shipping-taxable","25":"purchasable","26":"product-type-variable"},"yoast_head":"<!-- This site is optimized with the Yoast SEO plugin v27.5 - https:\/\/yoast.com\/product\/yoast-seo-wordpress\/ -->\n<title>Fen\u00eatre coulissante KIT miniature 1\/6 \u2013 1\/4 -<\/title>\n<meta name=\"description\" content=\"Fen\u00eatre coulissante KIT miniature 1\/6 \u2013 1\/4 bjd minifee, MSD, Barbie, Poppy Parker, pullip, blythe, littlefee. Id\u00e9al pour customiser vos dioramas.\" \/>\n<meta name=\"robots\" content=\"index, follow, max-snippet:-1, max-image-preview:large, max-video-preview:-1\" \/>\n<link rel=\"canonical\" href=\"https:\/\/www.sunnyshop211.com\/en\/product\/fenetre-coulissante-kit-miniature-1-6-1-4\/\" \/>\n<meta property=\"og:locale\" content=\"en_US\" \/>\n<meta property=\"og:type\" content=\"article\" \/>\n<meta property=\"og:title\" content=\"Fen\u00eatre coulissante KIT miniature 1\/6 \u2013 1\/4 -\" \/>\n<meta property=\"og:description\" content=\"Fen\u00eatre coulissante KIT miniature 1\/6 \u2013 1\/4 bjd minifee, MSD, Barbie, Poppy Parker, pullip, blythe, littlefee. Id\u00e9al pour customiser vos dioramas.\" \/>\n<meta property=\"og:url\" content=\"https:\/\/www.sunnyshop211.com\/en\/product\/fenetre-coulissante-kit-miniature-1-6-1-4\/\" \/>\n<meta property=\"og:site_name\" content=\"Sunnyshop211 -Vente de dioramas, meubles, miniatures , bjd poup\u00e9es 1\/12 1\/8 1\/6 1\/4 1\/3\" \/>\n<meta property=\"article:publisher\" content=\"https:\/\/www.facebook.com\/sunnyshop211\/?ref=bookmarks\" \/>\n<meta property=\"article:modified_time\" content=\"2025-12-26T18:16:48+00:00\" \/>\n<meta property=\"og:image\" content=\"https:\/\/www.sunnyshop211.com\/wp-content\/uploads\/2020\/06\/fenetre-1.jpg\" \/>\n\t<meta property=\"og:image:width\" content=\"1962\" \/>\n\t<meta property=\"og:image:height\" content=\"1902\" \/>\n\t<meta property=\"og:image:type\" content=\"image\/jpeg\" \/>\n<meta name=\"twitter:card\" content=\"summary_large_image\" \/>\n<meta name=\"twitter:site\" content=\"@sunnyshop211\" \/>\n<meta name=\"twitter:label1\" content=\"Est. reading time\" \/>\n\t<meta name=\"twitter:data1\" content=\"2 minutes\" \/>\n<script type=\"application\/ld+json\" class=\"yoast-schema-graph\">{\"@context\":\"https:\\\/\\\/schema.org\",\"@graph\":[{\"@type\":\"WebPage\",\"@id\":\"https:\\\/\\\/www.sunnyshop211.com\\\/produit\\\/fenetre-coulissante-kit-miniature-1-6-1-4\\\/\",\"url\":\"https:\\\/\\\/www.sunnyshop211.com\\\/produit\\\/fenetre-coulissante-kit-miniature-1-6-1-4\\\/\",\"name\":\"Fen\u00eatre coulissante KIT miniature 1\\\/6 \u2013 1\\\/4 -\",\"isPartOf\":{\"@id\":\"https:\\\/\\\/www.sunnyshop211.com\\\/#website\"},\"primaryImageOfPage\":{\"@id\":\"https:\\\/\\\/www.sunnyshop211.com\\\/produit\\\/fenetre-coulissante-kit-miniature-1-6-1-4\\\/#primaryimage\"},\"image\":{\"@id\":\"https:\\\/\\\/www.sunnyshop211.com\\\/produit\\\/fenetre-coulissante-kit-miniature-1-6-1-4\\\/#primaryimage\"},\"thumbnailUrl\":\"https:\\\/\\\/www.sunnyshop211.com\\\/wp-content\\\/uploads\\\/2020\\\/06\\\/fene^tre-1.jpg\",\"datePublished\":\"2020-07-01T15:47:03+00:00\",\"dateModified\":\"2025-12-26T18:16:48+00:00\",\"description\":\"Fen\u00eatre coulissante KIT miniature 1\\\/6 \u2013 1\\\/4 bjd minifee, MSD, Barbie, Poppy Parker, pullip, blythe, littlefee. Id\u00e9al pour customiser vos dioramas.\",\"breadcrumb\":{\"@id\":\"https:\\\/\\\/www.sunnyshop211.com\\\/produit\\\/fenetre-coulissante-kit-miniature-1-6-1-4\\\/#breadcrumb\"},\"inLanguage\":\"en-US\",\"potentialAction\":[{\"@type\":\"ReadAction\",\"target\":[\"https:\\\/\\\/www.sunnyshop211.com\\\/produit\\\/fenetre-coulissante-kit-miniature-1-6-1-4\\\/\"]}]},{\"@type\":\"ImageObject\",\"inLanguage\":\"en-US\",\"@id\":\"https:\\\/\\\/www.sunnyshop211.com\\\/produit\\\/fenetre-coulissante-kit-miniature-1-6-1-4\\\/#primaryimage\",\"url\":\"https:\\\/\\\/www.sunnyshop211.com\\\/wp-content\\\/uploads\\\/2020\\\/06\\\/fene^tre-1.jpg\",\"contentUrl\":\"https:\\\/\\\/www.sunnyshop211.com\\\/wp-content\\\/uploads\\\/2020\\\/06\\\/fene^tre-1.jpg\",\"width\":1962,\"height\":1902,\"caption\":\"Fen\u00eatre coulissante KIT miniature\"},{\"@type\":\"BreadcrumbList\",\"@id\":\"https:\\\/\\\/www.sunnyshop211.com\\\/produit\\\/fenetre-coulissante-kit-miniature-1-6-1-4\\\/#breadcrumb\",\"itemListElement\":[{\"@type\":\"ListItem\",\"position\":1,\"name\":\"Accueil\",\"item\":\"https:\\\/\\\/www.sunnyshop211.com\\\/\"},{\"@type\":\"ListItem\",\"position\":2,\"name\":\"Boutique\",\"item\":\"https:\\\/\\\/www.sunnyshop211.com\\\/boutique-miniature-bjd-dolls\\\/\"},{\"@type\":\"ListItem\",\"position\":3,\"name\":\"Fen\u00eatre coulissante KIT miniature 1\\\/6 \u2013 1\\\/4\"}]},{\"@type\":\"WebSite\",\"@id\":\"https:\\\/\\\/www.sunnyshop211.com\\\/#website\",\"url\":\"https:\\\/\\\/www.sunnyshop211.com\\\/\",\"name\":\"Vente de dioramas, meubles, miniatures , bjd poup\u00e9es 1\\\/12 1\\\/8 1\\\/6 1\\\/4 1\\\/3\",\"description\":\"Sunnyshop211 - Votre univers miniature pour poup\u00e9es et BJD, dioramas et meubles sur mesure !\",\"publisher\":{\"@id\":\"https:\\\/\\\/www.sunnyshop211.com\\\/#organization\"},\"alternateName\":\"sunnyshop211\",\"potentialAction\":[{\"@type\":\"SearchAction\",\"target\":{\"@type\":\"EntryPoint\",\"urlTemplate\":\"https:\\\/\\\/www.sunnyshop211.com\\\/?s={search_term_string}\"},\"query-input\":{\"@type\":\"PropertyValueSpecification\",\"valueRequired\":true,\"valueName\":\"search_term_string\"}}],\"inLanguage\":\"en-US\"},{\"@type\":\"Organization\",\"@id\":\"https:\\\/\\\/www.sunnyshop211.com\\\/#organization\",\"name\":\"sunnyshop211\",\"alternateName\":\"sunnyshop211 diorama bjd meuble miniature\",\"url\":\"https:\\\/\\\/www.sunnyshop211.com\\\/\",\"logo\":{\"@type\":\"ImageObject\",\"inLanguage\":\"en-US\",\"@id\":\"https:\\\/\\\/www.sunnyshop211.com\\\/#\\\/schema\\\/logo\\\/image\\\/\",\"url\":\"https:\\\/\\\/www.sunnyshop211.com\\\/wp-content\\\/uploads\\\/2022\\\/08\\\/cropped-cropped-cropped-Sunnyshop211-1.png\",\"contentUrl\":\"https:\\\/\\\/www.sunnyshop211.com\\\/wp-content\\\/uploads\\\/2022\\\/08\\\/cropped-cropped-cropped-Sunnyshop211-1.png\",\"width\":339,\"height\":339,\"caption\":\"sunnyshop211\"},\"image\":{\"@id\":\"https:\\\/\\\/www.sunnyshop211.com\\\/#\\\/schema\\\/logo\\\/image\\\/\"},\"sameAs\":[\"https:\\\/\\\/www.facebook.com\\\/sunnyshop211\\\/?ref=bookmarks\",\"https:\\\/\\\/x.com\\\/sunnyshop211\",\"https:\\\/\\\/www.instagram.com\\\/sunnyshop211\\\/\",\"https:\\\/\\\/www.tumblr.com\\\/blog\\\/sunnyshop211\",\"https:\\\/\\\/www.youtube.com\\\/channel\\\/UCtYY18OGGDKrTSzgcf7fCBg\",\"https:\\\/\\\/www.tiktok.com\\\/@sunnydollshop211?is_from_webapp=1&sender_device=pc\"]}]}<\/script>\n<!-- \/ Yoast SEO plugin. -->","yoast_head_json":{"title":"Sliding window KIT miniature 1\/6 - 1\/4 -","description":"Sliding window KIT miniature 1\/6 - 1\/4 bjd minifee, MSD, Barbie, Poppy Parker, pullip, blythe, littlefee. Ideal for customizing dioramas.","robots":{"index":"index","follow":"follow","max-snippet":"max-snippet:-1","max-image-preview":"max-image-preview:large","max-video-preview":"max-video-preview:-1"},"canonical":"https:\/\/www.sunnyshop211.com\/en\/product\/fenetre-coulissante-kit-miniature-1-6-1-4\/","og_locale":"en_US","og_type":"article","og_title":"Fen\u00eatre coulissante KIT miniature 1\/6 \u2013 1\/4 -","og_description":"Fen\u00eatre coulissante KIT miniature 1\/6 \u2013 1\/4 bjd minifee, MSD, Barbie, Poppy Parker, pullip, blythe, littlefee. Id\u00e9al pour customiser vos dioramas.","og_url":"https:\/\/www.sunnyshop211.com\/en\/product\/fenetre-coulissante-kit-miniature-1-6-1-4\/","og_site_name":"Sunnyshop211 -Vente de dioramas, meubles, miniatures , bjd poup\u00e9es 1\/12 1\/8 1\/6 1\/4 1\/3","article_publisher":"https:\/\/www.facebook.com\/sunnyshop211\/?ref=bookmarks","article_modified_time":"2025-12-26T18:16:48+00:00","og_image":[{"width":1962,"height":1902,"url":"https:\/\/www.sunnyshop211.com\/wp-content\/uploads\/2020\/06\/fene^tre-1.jpg","type":"image\/jpeg"}],"twitter_card":"summary_large_image","twitter_site":"@sunnyshop211","twitter_misc":{"Est. reading time":"2 minutes"},"schema":{"@context":"https:\/\/schema.org","@graph":[{"@type":"WebPage","@id":"https:\/\/www.sunnyshop211.com\/produit\/fenetre-coulissante-kit-miniature-1-6-1-4\/","url":"https:\/\/www.sunnyshop211.com\/produit\/fenetre-coulissante-kit-miniature-1-6-1-4\/","name":"Sliding window KIT miniature 1\/6 - 1\/4 -","isPartOf":{"@id":"https:\/\/www.sunnyshop211.com\/#website"},"primaryImageOfPage":{"@id":"https:\/\/www.sunnyshop211.com\/produit\/fenetre-coulissante-kit-miniature-1-6-1-4\/#primaryimage"},"image":{"@id":"https:\/\/www.sunnyshop211.com\/produit\/fenetre-coulissante-kit-miniature-1-6-1-4\/#primaryimage"},"thumbnailUrl":"https:\/\/www.sunnyshop211.com\/wp-content\/uploads\/2020\/06\/fene^tre-1.jpg","datePublished":"2020-07-01T15:47:03+00:00","dateModified":"2025-12-26T18:16:48+00:00","description":"Sliding window KIT miniature 1\/6 - 1\/4 bjd minifee, MSD, Barbie, Poppy Parker, pullip, blythe, littlefee. Ideal for customizing dioramas.","breadcrumb":{"@id":"https:\/\/www.sunnyshop211.com\/produit\/fenetre-coulissante-kit-miniature-1-6-1-4\/#breadcrumb"},"inLanguage":"en-US","potentialAction":[{"@type":"ReadAction","target":["https:\/\/www.sunnyshop211.com\/produit\/fenetre-coulissante-kit-miniature-1-6-1-4\/"]}]},{"@type":"ImageObject","inLanguage":"en-US","@id":"https:\/\/www.sunnyshop211.com\/produit\/fenetre-coulissante-kit-miniature-1-6-1-4\/#primaryimage","url":"https:\/\/www.sunnyshop211.com\/wp-content\/uploads\/2020\/06\/fene^tre-1.jpg","contentUrl":"https:\/\/www.sunnyshop211.com\/wp-content\/uploads\/2020\/06\/fene^tre-1.jpg","width":1962,"height":1902,"caption":"Fen\u00eatre coulissante KIT miniature"},{"@type":"BreadcrumbList","@id":"https:\/\/www.sunnyshop211.com\/produit\/fenetre-coulissante-kit-miniature-1-6-1-4\/#breadcrumb","itemListElement":[{"@type":"ListItem","position":1,"name":"Accueil","item":"https:\/\/www.sunnyshop211.com\/"},{"@type":"ListItem","position":2,"name":"Boutique","item":"https:\/\/www.sunnyshop211.com\/boutique-miniature-bjd-dolls\/"},{"@type":"ListItem","position":3,"name":"Fen\u00eatre coulissante KIT miniature 1\/6 \u2013 1\/4"}]},{"@type":"WebSite","@id":"https:\/\/www.sunnyshop211.com\/#website","url":"https:\/\/www.sunnyshop211.com\/","name":"Sale of dioramas, furniture, miniatures, bjd dolls 1\/12 1\/8 1\/6 1\/4 1\/3","description":"Sunnyshop211 - Your miniature world for dolls and BJDs, dioramas and custom-made furniture!","publisher":{"@id":"https:\/\/www.sunnyshop211.com\/#organization"},"alternateName":"sunnyshop211","potentialAction":[{"@type":"SearchAction","target":{"@type":"EntryPoint","urlTemplate":"https:\/\/www.sunnyshop211.com\/?s={search_term_string}"},"query-input":{"@type":"PropertyValueSpecification","valueRequired":true,"valueName":"search_term_string"}}],"inLanguage":"en-US"},{"@type":"Organization","@id":"https:\/\/www.sunnyshop211.com\/#organization","name":"sunnyshop211","alternateName":"sunnyshop211 diorama bjd meuble miniature","url":"https:\/\/www.sunnyshop211.com\/","logo":{"@type":"ImageObject","inLanguage":"en-US","@id":"https:\/\/www.sunnyshop211.com\/#\/schema\/logo\/image\/","url":"https:\/\/www.sunnyshop211.com\/wp-content\/uploads\/2022\/08\/cropped-cropped-cropped-Sunnyshop211-1.png","contentUrl":"https:\/\/www.sunnyshop211.com\/wp-content\/uploads\/2022\/08\/cropped-cropped-cropped-Sunnyshop211-1.png","width":339,"height":339,"caption":"sunnyshop211"},"image":{"@id":"https:\/\/www.sunnyshop211.com\/#\/schema\/logo\/image\/"},"sameAs":["https:\/\/www.facebook.com\/sunnyshop211\/?ref=bookmarks","https:\/\/x.com\/sunnyshop211","https:\/\/www.instagram.com\/sunnyshop211\/","https:\/\/www.tumblr.com\/blog\/sunnyshop211","https:\/\/www.youtube.com\/channel\/UCtYY18OGGDKrTSzgcf7fCBg","https:\/\/www.tiktok.com\/@sunnydollshop211?is_from_webapp=1&sender_device=pc"]}]}},"jetpack_publicize_connections":[],"jetpack_sharing_enabled":true,"_links":{"self":[{"href":"https:\/\/www.sunnyshop211.com\/en\/wp-json\/wp\/v2\/product\/16827","targetHints":{"allow":["GET"]}}],"collection":[{"href":"https:\/\/www.sunnyshop211.com\/en\/wp-json\/wp\/v2\/product"}],"about":[{"href":"https:\/\/www.sunnyshop211.com\/en\/wp-json\/wp\/v2\/types\/product"}],"replies":[{"embeddable":true,"href":"https:\/\/www.sunnyshop211.com\/en\/wp-json\/wp\/v2\/comments?post=16827"}],"version-history":[{"count":9,"href":"https:\/\/www.sunnyshop211.com\/en\/wp-json\/wp\/v2\/product\/16827\/revisions"}],"predecessor-version":[{"id":52961,"href":"https:\/\/www.sunnyshop211.com\/en\/wp-json\/wp\/v2\/product\/16827\/revisions\/52961"}],"wp:featuredmedia":[{"embeddable":true,"href":"https:\/\/www.sunnyshop211.com\/en\/wp-json\/wp\/v2\/media\/16505"}],"wp:attachment":[{"href":"https:\/\/www.sunnyshop211.com\/en\/wp-json\/wp\/v2\/media?parent=16827"}],"wp:term":[{"taxonomy":"product_brand","embeddable":true,"href":"https:\/\/www.sunnyshop211.com\/en\/wp-json\/wp\/v2\/product_brand?post=16827"},{"taxonomy":"product_cat","embeddable":true,"href":"https:\/\/www.sunnyshop211.com\/en\/wp-json\/wp\/v2\/product_cat?post=16827"},{"taxonomy":"product_tag","embeddable":true,"href":"https:\/\/www.sunnyshop211.com\/en\/wp-json\/wp\/v2\/product_tag?post=16827"}],"curies":[{"name":"wp","href":"https:\/\/api.w.org\/{rel}","templated":true}]}}