{"id":16235,"date":"2020-06-02T13:30:52","date_gmt":"2020-06-02T12:30:52","guid":{"rendered":"https:\/\/sunnyshop211.com\/?post_type=product&#038;p=16235"},"modified":"2025-12-29T16:16:56","modified_gmt":"2025-12-29T15:16:56","slug":"chat-decoratif-miniature-1-4-diorama-minifee-msd","status":"publish","type":"product","link":"https:\/\/www.sunnyshop211.com\/en\/product\/chat-decoratif-miniature-1-4-diorama-minifee-msd\/","title":{"rendered":"Miniature decorative cat 1\/4 diorama minifee, MSD,"},"content":{"rendered":"<div id='gallery-1' class='gallery galleryid-16235 gallery-columns-3 gallery-size-thumbnail'><figure class='gallery-item'>\n\t\t\t<div class='gallery-icon portrait'>\n\t\t\t\t<a href='https:\/\/www.sunnyshop211.com\/en\/?attachment_id=16098'><img decoding=\"async\" width=\"150\" height=\"150\" src=\"https:\/\/www.sunnyshop211.com\/wp-content\/uploads\/2020\/05\/bureaunvmsd-20-150x150.jpg\" class=\"attachment-thumbnail size-thumbnail\" alt=\"Chat d\u00e9coratif miniature 1\/4\" srcset=\"https:\/\/www.sunnyshop211.com\/wp-content\/uploads\/2020\/05\/bureaunvmsd-20-150x150.jpg 150w, https:\/\/www.sunnyshop211.com\/wp-content\/uploads\/2020\/05\/bureaunvmsd-20-scaled-500x500.jpg 500w, https:\/\/www.sunnyshop211.com\/wp-content\/uploads\/2020\/05\/bureaunvmsd-20-100x100.jpg 100w\" sizes=\"(max-width: 150px) 100vw, 150px\" \/><\/a>\n\t\t\t<\/div><\/figure><figure class='gallery-item'>\n\t\t\t<div class='gallery-icon portrait'>\n\t\t\t\t<a href='https:\/\/www.sunnyshop211.com\/en\/?attachment_id=16099'><img decoding=\"async\" width=\"150\" height=\"150\" src=\"https:\/\/www.sunnyshop211.com\/wp-content\/uploads\/2020\/05\/bureaunvmsd-1-150x150.jpg\" class=\"attachment-thumbnail size-thumbnail\" alt=\"Horloge miniature 1\/4\" srcset=\"https:\/\/www.sunnyshop211.com\/wp-content\/uploads\/2020\/05\/bureaunvmsd-1-150x150.jpg 150w, https:\/\/www.sunnyshop211.com\/wp-content\/uploads\/2020\/05\/bureaunvmsd-1-scaled-500x500.jpg 500w, https:\/\/www.sunnyshop211.com\/wp-content\/uploads\/2020\/05\/bureaunvmsd-1-100x100.jpg 100w\" sizes=\"(max-width: 150px) 100vw, 150px\" \/><\/a>\n\t\t\t<\/div><\/figure><figure class='gallery-item'>\n\t\t\t<div class='gallery-icon landscape'>\n\t\t\t\t<a href='https:\/\/www.sunnyshop211.com\/en\/?attachment_id=16111'><img decoding=\"async\" width=\"150\" height=\"150\" src=\"https:\/\/www.sunnyshop211.com\/wp-content\/uploads\/2020\/05\/bureaunvmsd-28-150x150.jpg\" class=\"attachment-thumbnail size-thumbnail\" alt=\"Bonza\u00ef miniature 1\/6 1\/4\" srcset=\"https:\/\/www.sunnyshop211.com\/wp-content\/uploads\/2020\/05\/bureaunvmsd-28-150x150.jpg 150w, https:\/\/www.sunnyshop211.com\/wp-content\/uploads\/2020\/05\/bureaunvmsd-28-scaled-500x500.jpg 500w, https:\/\/www.sunnyshop211.com\/wp-content\/uploads\/2020\/05\/bureaunvmsd-28-100x100.jpg 100w\" sizes=\"(max-width: 150px) 100vw, 150px\" \/><\/a>\n\t\t\t<\/div><\/figure><figure class='gallery-item'>\n\t\t\t<div class='gallery-icon portrait'>\n\t\t\t\t<a href='https:\/\/www.sunnyshop211.com\/en\/?attachment_id=16125'><img loading=\"lazy\" decoding=\"async\" width=\"150\" height=\"150\" src=\"https:\/\/www.sunnyshop211.com\/wp-content\/uploads\/2020\/05\/bureaunvmsd-19-scaled-150x150.jpg\" class=\"attachment-thumbnail size-thumbnail\" alt=\"Chat d\u00e9coratif miniature 1\/4\" srcset=\"https:\/\/www.sunnyshop211.com\/wp-content\/uploads\/2020\/05\/bureaunvmsd-19-scaled-150x150.jpg 150w, https:\/\/www.sunnyshop211.com\/wp-content\/uploads\/2020\/05\/bureaunvmsd-19-scaled-500x500.jpg 500w, https:\/\/www.sunnyshop211.com\/wp-content\/uploads\/2020\/05\/bureaunvmsd-19-100x100.jpg 100w\" sizes=\"(max-width: 150px) 100vw, 150px\" \/><\/a>\n\t\t\t<\/div><\/figure><figure class='gallery-item'>\n\t\t\t<div class='gallery-icon portrait'>\n\t\t\t\t<a href='https:\/\/www.sunnyshop211.com\/en\/?attachment_id=16123'><img loading=\"lazy\" decoding=\"async\" width=\"150\" height=\"150\" src=\"https:\/\/www.sunnyshop211.com\/wp-content\/uploads\/2020\/05\/bureaunvmsd-17-scaled-150x150.jpg\" class=\"attachment-thumbnail size-thumbnail\" alt=\"Chat d\u00e9coratif miniature 1\/4\" srcset=\"https:\/\/www.sunnyshop211.com\/wp-content\/uploads\/2020\/05\/bureaunvmsd-17-scaled-150x150.jpg 150w, https:\/\/www.sunnyshop211.com\/wp-content\/uploads\/2020\/05\/bureaunvmsd-17-scaled-500x500.jpg 500w, https:\/\/www.sunnyshop211.com\/wp-content\/uploads\/2020\/05\/bureaunvmsd-17-100x100.jpg 100w\" sizes=\"(max-width: 150px) 100vw, 150px\" \/><\/a>\n\t\t\t<\/div><\/figure>\n\t\t<\/div>\n\n<h2 data-start=\"212\" data-end=\"269\">\ud83d\udc3e Miniature decorative cat 1\/4 - Diorama accessory<\/h2>\n<p data-start=\"270\" data-end=\"339\"><strong data-start=\"270\" data-end=\"339\">Minifee - MSD - Ellowyne Wilde - Tonner - Unoa - similar dolls<\/strong><\/p>\n<hr data-start=\"341\" data-end=\"344\" \/>\n<h3 data-start=\"346\" data-end=\"363\">\u2728 Description<\/h3>\n<p data-start=\"365\" data-end=\"631\">This <strong data-start=\"368\" data-end=\"400\">miniature decorative cat 1\/4<\/strong> is a <strong data-start=\"408\" data-end=\"484\">the ideal accessory to enhance your dioramas and realistic stagings<\/strong>.<br data-start=\"485\" data-end=\"488\" \/>Perfect for bringing <strong data-start=\"510\" data-end=\"558\">a touch of life, softness and realism<\/strong> for your miniature interiors: living room, bedroom, workshop, doll's house...<\/p>\n<hr data-start=\"633\" data-end=\"636\" \/>\n<h3 data-start=\"638\" data-end=\"668\">\ud83d\udccf Scale &amp; compatibility<\/h3>\n<p data-start=\"670\" data-end=\"710\">Compatible with <strong data-start=\"701\" data-end=\"708\">1\/4<\/strong> :<\/p>\n<p data-start=\"712\" data-end=\"812\">- Minifee<br data-start=\"721\" data-end=\"724\" \/>- MSD<br data-start=\"729\" data-end=\"732\" \/>- Ellowyne Wilde<br data-start=\"748\" data-end=\"751\" \/>- Tonner<br data-start=\"759\" data-end=\"762\" \/>- Unoa<br data-start=\"768\" data-end=\"771\" \/>- and other dolls of equivalent size<\/p>\n<hr data-start=\"814\" data-end=\"817\" \/>\n<h3 data-start=\"819\" data-end=\"836\">\ud83d\udcd0 Dimensions<\/h3>\n<p data-start=\"838\" data-end=\"875\">\u2022 <strong data-start=\"840\" data-end=\"859\">Length: 6 cm<\/strong><br data-start=\"859\" data-end=\"862\" \/>(2.36 INCHES)<\/p>\n<hr data-start=\"877\" data-end=\"880\" \/>\n<h3 data-start=\"882\" data-end=\"908\">\ud83c\udfa8 Finishes &amp; options<\/h3>\n<p data-start=\"910\" data-end=\"995\">\u2022 <strong data-start=\"912\" data-end=\"927\">Sold painted<\/strong> - ready to use<br data-start=\"949\" data-end=\"952\" \/>\u2022 <strong data-start=\"954\" data-end=\"973\">Sold unpainted<\/strong> - ready to customize<\/p>\n<p data-start=\"997\" data-end=\"1049\">\u27a1\ufe0f You choose <strong data-start=\"1016\" data-end=\"1030\">the color<\/strong> that's right for you.<\/p>\n<hr data-start=\"1051\" data-end=\"1054\" \/>\n<h3 data-start=\"1056\" data-end=\"1070\">\ud83d\udce6 Contents<\/h3>\n<p data-start=\"1072\" data-end=\"1108\">\u2022 <strong data-start=\"1074\" data-end=\"1108\">1 1\/4\" miniature decorative cat<\/strong><\/p>\n<p data-start=\"1110\" data-end=\"1271\">\ud83d\udc49 The photos are <strong data-start=\"1133\" data-end=\"1159\">decoration examples<\/strong><br data-start=\"1159\" data-end=\"1162\" \/>\ud83d\udc49 <strong data-start=\"1165\" data-end=\"1191\">Only the cat is sold<\/strong><br data-start=\"1191\" data-end=\"1194\" \/>Other visible accessories are available separately in the store.<\/p>\n<hr data-start=\"1273\" data-end=\"1276\" \/>\n<h3 data-start=\"1278\" data-end=\"1307\">\ud83e\uddf5 Handcrafted<\/h3>\n<p data-start=\"1309\" data-end=\"1366\">- Article <strong data-start=\"1319\" data-end=\"1337\">handmade<\/strong><br data-start=\"1337\" data-end=\"1340\" \/>\u2022 <strong data-start=\"1342\" data-end=\"1366\">Made to order<\/strong><\/p>\n<p data-start=\"1368\" data-end=\"1555\">Because of its artisanal character :<br data-start=\"1402\" data-end=\"1405\" \/>- slight variations possible<br data-start=\"1435\" data-end=\"1438\" \/>- small imperfections possible<br data-start=\"1471\" data-end=\"1474\" \/>- possible differences in shape and color<br data-start=\"1525\" data-end=\"1528\" \/>- each piece is unique<\/p>\n<hr data-start=\"1557\" data-end=\"1560\" \/>\n<h3 data-start=\"1562\" data-end=\"1574\">\u23f3 Deadlines<\/h3>\n<p data-start=\"1576\" data-end=\"1721\">- Made to order<br data-start=\"1602\" data-end=\"1605\" \/>- Please note <strong data-start=\"1633\" data-end=\"1656\">DELIVERY DEADLINES<\/strong><br data-start=\"1656\" data-end=\"1659\" \/>\u27a1\ufe0f See <em data-start=\"1667\" data-end=\"1721\">Terms and conditions of sale and delivery times<\/em><\/p>\n<hr data-start=\"1723\" data-end=\"1726\" \/>\n<h3 data-start=\"1728\" data-end=\"1759\">\u26a0\ufe0f Important information<\/h3>\n<p data-start=\"1761\" data-end=\"1997\">\u2022 <strong data-start=\"1763\" data-end=\"1790\">This is not a toy<\/strong><br data-start=\"1790\" data-end=\"1793\" \/>- Article for a <strong data-start=\"1816\" data-end=\"1833\">adult audience<\/strong><br data-start=\"1833\" data-end=\"1836\" \/>- Purpose <strong data-start=\"1844\" data-end=\"1869\">strictly decorative<\/strong><br data-start=\"1869\" data-end=\"1872\" \/>- The photos are <strong data-start=\"1894\" data-end=\"1923\">examples of staging<\/strong><br data-start=\"1923\" data-end=\"1926\" \/>\u2022 <strong data-start=\"1928\" data-end=\"1997\">I am not responsible for any damage during transport<\/strong><\/p>\n<hr data-start=\"1999\" data-end=\"2002\" \/>\n<h3 data-start=\"2004\" data-end=\"2040\">\ud83d\udcf8 More photos &amp; inspiration<\/h3>\n<p data-start=\"2042\" data-end=\"2084\">\ud83d\udc49 <a class=\"decorated-link\" href=\"https:\/\/www.instagram.com\/sunnyshop211\/\" target=\"_new\" rel=\"noopener\" data-start=\"2045\" data-end=\"2084\">https:\/\/www.instagram.com\/sunnyshop211\/<\/a><\/p>\n<hr data-start=\"2086\" data-end=\"2089\" \/>\n<p data-start=\"2091\" data-end=\"2205\">\ud83d\udc3e <strong data-start=\"2094\" data-end=\"2205\">A miniature cat full of charm to bring your 1\/4 scenes to life and enhance the realism of your worlds.<\/strong><\/p>","protected":false},"excerpt":{"rendered":"<p>&nbsp;<\/p>\n<p>&nbsp;<\/p>\n<p>&nbsp;<\/p>","protected":false},"featured_media":16124,"comment_status":"open","ping_status":"closed","template":"","meta":{"_crdt_document":"","jetpack_post_was_ever_published":false,"jetpack_publicize_message":"","jetpack_publicize_feature_enabled":true,"jetpack_social_post_already_shared":true,"jetpack_social_options":{"image_generator_settings":{"template":"highway","default_image_id":0,"font":"","enabled":false},"version":2}},"product_brand":[],"product_cat":[667687008],"product_tag":[667681143,667681136,667681393,667685400,667681394,667681142,667681363,667685406,667685408,667681234,667681226,667681233,667681272,667681239,667681392,667681225,667681241,667684935,667681359,667681236,667681281,667681232,667681173,667681237,667685404,667681177,667681235,667681260],"class_list":{"0":"post-16235","1":"product","2":"type-product","3":"status-publish","4":"has-post-thumbnail","6":"product_cat-cadres-decor-mural","7":"product_tag-bedroom","8":"product_tag-bjd","9":"product_tag-cadre","10":"product_tag-cadre-feuille","11":"product_tag-cadre-message","12":"product_tag-chambre","13":"product_tag-chat","14":"product_tag-cles","15":"product_tag-decoratif","16":"product_tag-diorama","17":"product_tag-doll","18":"product_tag-dollhouse","19":"product_tag-elowynn-wilde","20":"product_tag-fairyland","21":"product_tag-frame","22":"product_tag-furniture","23":"product_tag-iplehouse","24":"product_tag-leaf","25":"product_tag-living-room","26":"product_tag-maison-de-poupee","27":"product_tag-meubles","28":"product_tag-miniature","29":"product_tag-minifee","30":"product_tag-msd","31":"product_tag-porte-cles","32":"product_tag-poupee","33":"product_tag-roombox","34":"product_tag-tonner","35":"product_shipping_class-lettre-suivie-3","36":"pa_couleur-blanc","37":"pa_couleur-gris","38":"pa_couleur-noir","39":"pa_couleur-non-peint","40":"pa_couleur-rose-pink","42":"first","43":"instock","44":"taxable","45":"shipping-taxable","46":"purchasable","47":"product-type-variable"},"yoast_head":"<!-- This site is optimized with the Yoast SEO plugin v27.4 - https:\/\/yoast.com\/product\/yoast-seo-wordpress\/ -->\n<title>Chat d\u00e9coratif miniature 1\/4 diorama minifee, MSD, -<\/title>\n<meta name=\"description\" content=\"Chat d\u00e9coratif miniature 1\/4 diorama pour poup\u00e9es minifee, MSD, Ellowynne Wilde, Tonner, unoa ou autre de m\u00eame tailles. Id\u00e9al pour mises en sc\u00e8nes.\" \/>\n<meta name=\"robots\" content=\"index, follow, max-snippet:-1, max-image-preview:large, max-video-preview:-1\" \/>\n<link rel=\"canonical\" href=\"https:\/\/www.sunnyshop211.com\/en\/product\/chat-decoratif-miniature-1-4-diorama-minifee-msd\/\" \/>\n<meta property=\"og:locale\" content=\"en_US\" \/>\n<meta property=\"og:type\" content=\"article\" \/>\n<meta property=\"og:title\" content=\"Chat d\u00e9coratif miniature 1\/4 diorama minifee, MSD, -\" \/>\n<meta property=\"og:description\" content=\"Chat d\u00e9coratif miniature 1\/4 diorama pour poup\u00e9es minifee, MSD, Ellowynne Wilde, Tonner, unoa ou autre de m\u00eame tailles. Id\u00e9al pour mises en sc\u00e8nes.\" \/>\n<meta property=\"og:url\" content=\"https:\/\/www.sunnyshop211.com\/en\/product\/chat-decoratif-miniature-1-4-diorama-minifee-msd\/\" \/>\n<meta property=\"og:site_name\" content=\"Sunnyshop211 -Vente de dioramas, meubles, miniatures , bjd poup\u00e9es 1\/12 1\/8 1\/6 1\/4 1\/3\" \/>\n<meta property=\"article:publisher\" content=\"https:\/\/www.facebook.com\/sunnyshop211\/?ref=bookmarks\" \/>\n<meta property=\"article:modified_time\" content=\"2025-12-29T15:16:56+00:00\" \/>\n<meta property=\"og:image\" content=\"https:\/\/www.sunnyshop211.com\/wp-content\/uploads\/2020\/05\/bureaunvmsd-18-scaled.jpg\" \/>\n\t<meta property=\"og:image:width\" content=\"2395\" \/>\n\t<meta property=\"og:image:height\" content=\"2560\" \/>\n\t<meta property=\"og:image:type\" content=\"image\/jpeg\" \/>\n<meta name=\"twitter:card\" content=\"summary_large_image\" \/>\n<meta name=\"twitter:site\" content=\"@sunnyshop211\" \/>\n<meta name=\"twitter:label1\" content=\"Est. reading time\" \/>\n\t<meta name=\"twitter:data1\" content=\"2 minutes\" \/>\n<script type=\"application\/ld+json\" class=\"yoast-schema-graph\">{\"@context\":\"https:\\\/\\\/schema.org\",\"@graph\":[{\"@type\":\"WebPage\",\"@id\":\"https:\\\/\\\/www.sunnyshop211.com\\\/produit\\\/chat-decoratif-miniature-1-4-diorama-minifee-msd\\\/\",\"url\":\"https:\\\/\\\/www.sunnyshop211.com\\\/produit\\\/chat-decoratif-miniature-1-4-diorama-minifee-msd\\\/\",\"name\":\"Chat d\u00e9coratif miniature 1\\\/4 diorama minifee, MSD, -\",\"isPartOf\":{\"@id\":\"https:\\\/\\\/www.sunnyshop211.com\\\/#website\"},\"primaryImageOfPage\":{\"@id\":\"https:\\\/\\\/www.sunnyshop211.com\\\/produit\\\/chat-decoratif-miniature-1-4-diorama-minifee-msd\\\/#primaryimage\"},\"image\":{\"@id\":\"https:\\\/\\\/www.sunnyshop211.com\\\/produit\\\/chat-decoratif-miniature-1-4-diorama-minifee-msd\\\/#primaryimage\"},\"thumbnailUrl\":\"https:\\\/\\\/www.sunnyshop211.com\\\/wp-content\\\/uploads\\\/2020\\\/05\\\/bureaunvmsd-18-scaled.jpg\",\"datePublished\":\"2020-06-02T12:30:52+00:00\",\"dateModified\":\"2025-12-29T15:16:56+00:00\",\"description\":\"Chat d\u00e9coratif miniature 1\\\/4 diorama pour poup\u00e9es minifee, MSD, Ellowynne Wilde, Tonner, unoa ou autre de m\u00eame tailles. Id\u00e9al pour mises en sc\u00e8nes.\",\"breadcrumb\":{\"@id\":\"https:\\\/\\\/www.sunnyshop211.com\\\/produit\\\/chat-decoratif-miniature-1-4-diorama-minifee-msd\\\/#breadcrumb\"},\"inLanguage\":\"en-US\",\"potentialAction\":[{\"@type\":\"ReadAction\",\"target\":[\"https:\\\/\\\/www.sunnyshop211.com\\\/produit\\\/chat-decoratif-miniature-1-4-diorama-minifee-msd\\\/\"]}]},{\"@type\":\"ImageObject\",\"inLanguage\":\"en-US\",\"@id\":\"https:\\\/\\\/www.sunnyshop211.com\\\/produit\\\/chat-decoratif-miniature-1-4-diorama-minifee-msd\\\/#primaryimage\",\"url\":\"https:\\\/\\\/www.sunnyshop211.com\\\/wp-content\\\/uploads\\\/2020\\\/05\\\/bureaunvmsd-18-scaled.jpg\",\"contentUrl\":\"https:\\\/\\\/www.sunnyshop211.com\\\/wp-content\\\/uploads\\\/2020\\\/05\\\/bureaunvmsd-18-scaled.jpg\",\"width\":2395,\"height\":2560},{\"@type\":\"BreadcrumbList\",\"@id\":\"https:\\\/\\\/www.sunnyshop211.com\\\/produit\\\/chat-decoratif-miniature-1-4-diorama-minifee-msd\\\/#breadcrumb\",\"itemListElement\":[{\"@type\":\"ListItem\",\"position\":1,\"name\":\"Accueil\",\"item\":\"https:\\\/\\\/www.sunnyshop211.com\\\/\"},{\"@type\":\"ListItem\",\"position\":2,\"name\":\"Boutique\",\"item\":\"https:\\\/\\\/www.sunnyshop211.com\\\/boutique-miniature-bjd-dolls\\\/\"},{\"@type\":\"ListItem\",\"position\":3,\"name\":\"Chat d\u00e9coratif miniature 1\\\/4 diorama minifee, MSD,\"}]},{\"@type\":\"WebSite\",\"@id\":\"https:\\\/\\\/www.sunnyshop211.com\\\/#website\",\"url\":\"https:\\\/\\\/www.sunnyshop211.com\\\/\",\"name\":\"Vente de dioramas, meubles, miniatures , bjd poup\u00e9es 1\\\/12 1\\\/8 1\\\/6 1\\\/4 1\\\/3\",\"description\":\"Sunnyshop211 - Votre univers miniature pour poup\u00e9es et BJD, dioramas et meubles sur mesure !\",\"publisher\":{\"@id\":\"https:\\\/\\\/www.sunnyshop211.com\\\/#organization\"},\"alternateName\":\"sunnyshop211\",\"potentialAction\":[{\"@type\":\"SearchAction\",\"target\":{\"@type\":\"EntryPoint\",\"urlTemplate\":\"https:\\\/\\\/www.sunnyshop211.com\\\/?s={search_term_string}\"},\"query-input\":{\"@type\":\"PropertyValueSpecification\",\"valueRequired\":true,\"valueName\":\"search_term_string\"}}],\"inLanguage\":\"en-US\"},{\"@type\":\"Organization\",\"@id\":\"https:\\\/\\\/www.sunnyshop211.com\\\/#organization\",\"name\":\"sunnyshop211\",\"alternateName\":\"sunnyshop211 diorama bjd meuble miniature\",\"url\":\"https:\\\/\\\/www.sunnyshop211.com\\\/\",\"logo\":{\"@type\":\"ImageObject\",\"inLanguage\":\"en-US\",\"@id\":\"https:\\\/\\\/www.sunnyshop211.com\\\/#\\\/schema\\\/logo\\\/image\\\/\",\"url\":\"https:\\\/\\\/www.sunnyshop211.com\\\/wp-content\\\/uploads\\\/2022\\\/08\\\/cropped-cropped-cropped-Sunnyshop211-1.png\",\"contentUrl\":\"https:\\\/\\\/www.sunnyshop211.com\\\/wp-content\\\/uploads\\\/2022\\\/08\\\/cropped-cropped-cropped-Sunnyshop211-1.png\",\"width\":339,\"height\":339,\"caption\":\"sunnyshop211\"},\"image\":{\"@id\":\"https:\\\/\\\/www.sunnyshop211.com\\\/#\\\/schema\\\/logo\\\/image\\\/\"},\"sameAs\":[\"https:\\\/\\\/www.facebook.com\\\/sunnyshop211\\\/?ref=bookmarks\",\"https:\\\/\\\/x.com\\\/sunnyshop211\",\"https:\\\/\\\/www.instagram.com\\\/sunnyshop211\\\/\",\"https:\\\/\\\/www.tumblr.com\\\/blog\\\/sunnyshop211\",\"https:\\\/\\\/www.youtube.com\\\/channel\\\/UCtYY18OGGDKrTSzgcf7fCBg\",\"https:\\\/\\\/www.tiktok.com\\\/@sunnydollshop211?is_from_webapp=1&sender_device=pc\"]}]}<\/script>\n<!-- \/ Yoast SEO plugin. -->","yoast_head_json":{"title":"Miniature decorative cat 1\/4 diorama minifee, MSD, -","description":"Decorative miniature 1\/4 diorama cat for minifee, MSD, Ellowynne Wilde, Tonner, unoa dolls or other dolls of the same size. Ideal for staging.","robots":{"index":"index","follow":"follow","max-snippet":"max-snippet:-1","max-image-preview":"max-image-preview:large","max-video-preview":"max-video-preview:-1"},"canonical":"https:\/\/www.sunnyshop211.com\/en\/product\/chat-decoratif-miniature-1-4-diorama-minifee-msd\/","og_locale":"en_US","og_type":"article","og_title":"Chat d\u00e9coratif miniature 1\/4 diorama minifee, MSD, -","og_description":"Chat d\u00e9coratif miniature 1\/4 diorama pour poup\u00e9es minifee, MSD, Ellowynne Wilde, Tonner, unoa ou autre de m\u00eame tailles. Id\u00e9al pour mises en sc\u00e8nes.","og_url":"https:\/\/www.sunnyshop211.com\/en\/product\/chat-decoratif-miniature-1-4-diorama-minifee-msd\/","og_site_name":"Sunnyshop211 -Vente de dioramas, meubles, miniatures , bjd poup\u00e9es 1\/12 1\/8 1\/6 1\/4 1\/3","article_publisher":"https:\/\/www.facebook.com\/sunnyshop211\/?ref=bookmarks","article_modified_time":"2025-12-29T15:16:56+00:00","og_image":[{"width":2395,"height":2560,"url":"https:\/\/www.sunnyshop211.com\/wp-content\/uploads\/2020\/05\/bureaunvmsd-18-scaled.jpg","type":"image\/jpeg"}],"twitter_card":"summary_large_image","twitter_site":"@sunnyshop211","twitter_misc":{"Est. reading time":"2 minutes"},"schema":{"@context":"https:\/\/schema.org","@graph":[{"@type":"WebPage","@id":"https:\/\/www.sunnyshop211.com\/produit\/chat-decoratif-miniature-1-4-diorama-minifee-msd\/","url":"https:\/\/www.sunnyshop211.com\/produit\/chat-decoratif-miniature-1-4-diorama-minifee-msd\/","name":"Miniature decorative cat 1\/4 diorama minifee, MSD, -","isPartOf":{"@id":"https:\/\/www.sunnyshop211.com\/#website"},"primaryImageOfPage":{"@id":"https:\/\/www.sunnyshop211.com\/produit\/chat-decoratif-miniature-1-4-diorama-minifee-msd\/#primaryimage"},"image":{"@id":"https:\/\/www.sunnyshop211.com\/produit\/chat-decoratif-miniature-1-4-diorama-minifee-msd\/#primaryimage"},"thumbnailUrl":"https:\/\/www.sunnyshop211.com\/wp-content\/uploads\/2020\/05\/bureaunvmsd-18-scaled.jpg","datePublished":"2020-06-02T12:30:52+00:00","dateModified":"2025-12-29T15:16:56+00:00","description":"Decorative miniature 1\/4 diorama cat for minifee, MSD, Ellowynne Wilde, Tonner, unoa dolls or other dolls of the same size. Ideal for staging.","breadcrumb":{"@id":"https:\/\/www.sunnyshop211.com\/produit\/chat-decoratif-miniature-1-4-diorama-minifee-msd\/#breadcrumb"},"inLanguage":"en-US","potentialAction":[{"@type":"ReadAction","target":["https:\/\/www.sunnyshop211.com\/produit\/chat-decoratif-miniature-1-4-diorama-minifee-msd\/"]}]},{"@type":"ImageObject","inLanguage":"en-US","@id":"https:\/\/www.sunnyshop211.com\/produit\/chat-decoratif-miniature-1-4-diorama-minifee-msd\/#primaryimage","url":"https:\/\/www.sunnyshop211.com\/wp-content\/uploads\/2020\/05\/bureaunvmsd-18-scaled.jpg","contentUrl":"https:\/\/www.sunnyshop211.com\/wp-content\/uploads\/2020\/05\/bureaunvmsd-18-scaled.jpg","width":2395,"height":2560},{"@type":"BreadcrumbList","@id":"https:\/\/www.sunnyshop211.com\/produit\/chat-decoratif-miniature-1-4-diorama-minifee-msd\/#breadcrumb","itemListElement":[{"@type":"ListItem","position":1,"name":"Accueil","item":"https:\/\/www.sunnyshop211.com\/"},{"@type":"ListItem","position":2,"name":"Boutique","item":"https:\/\/www.sunnyshop211.com\/boutique-miniature-bjd-dolls\/"},{"@type":"ListItem","position":3,"name":"Chat d\u00e9coratif miniature 1\/4 diorama minifee, MSD,"}]},{"@type":"WebSite","@id":"https:\/\/www.sunnyshop211.com\/#website","url":"https:\/\/www.sunnyshop211.com\/","name":"Sale of dioramas, furniture, miniatures, bjd dolls 1\/12 1\/8 1\/6 1\/4 1\/3","description":"Sunnyshop211 - Your miniature world for dolls and BJDs, dioramas and custom-made furniture!","publisher":{"@id":"https:\/\/www.sunnyshop211.com\/#organization"},"alternateName":"sunnyshop211","potentialAction":[{"@type":"SearchAction","target":{"@type":"EntryPoint","urlTemplate":"https:\/\/www.sunnyshop211.com\/?s={search_term_string}"},"query-input":{"@type":"PropertyValueSpecification","valueRequired":true,"valueName":"search_term_string"}}],"inLanguage":"en-US"},{"@type":"Organization","@id":"https:\/\/www.sunnyshop211.com\/#organization","name":"sunnyshop211","alternateName":"sunnyshop211 diorama bjd meuble miniature","url":"https:\/\/www.sunnyshop211.com\/","logo":{"@type":"ImageObject","inLanguage":"en-US","@id":"https:\/\/www.sunnyshop211.com\/#\/schema\/logo\/image\/","url":"https:\/\/www.sunnyshop211.com\/wp-content\/uploads\/2022\/08\/cropped-cropped-cropped-Sunnyshop211-1.png","contentUrl":"https:\/\/www.sunnyshop211.com\/wp-content\/uploads\/2022\/08\/cropped-cropped-cropped-Sunnyshop211-1.png","width":339,"height":339,"caption":"sunnyshop211"},"image":{"@id":"https:\/\/www.sunnyshop211.com\/#\/schema\/logo\/image\/"},"sameAs":["https:\/\/www.facebook.com\/sunnyshop211\/?ref=bookmarks","https:\/\/x.com\/sunnyshop211","https:\/\/www.instagram.com\/sunnyshop211\/","https:\/\/www.tumblr.com\/blog\/sunnyshop211","https:\/\/www.youtube.com\/channel\/UCtYY18OGGDKrTSzgcf7fCBg","https:\/\/www.tiktok.com\/@sunnydollshop211?is_from_webapp=1&sender_device=pc"]}]}},"jetpack_publicize_connections":[],"jetpack_sharing_enabled":true,"_links":{"self":[{"href":"https:\/\/www.sunnyshop211.com\/en\/wp-json\/wp\/v2\/product\/16235","targetHints":{"allow":["GET"]}}],"collection":[{"href":"https:\/\/www.sunnyshop211.com\/en\/wp-json\/wp\/v2\/product"}],"about":[{"href":"https:\/\/www.sunnyshop211.com\/en\/wp-json\/wp\/v2\/types\/product"}],"replies":[{"embeddable":true,"href":"https:\/\/www.sunnyshop211.com\/en\/wp-json\/wp\/v2\/comments?post=16235"}],"version-history":[{"count":6,"href":"https:\/\/www.sunnyshop211.com\/en\/wp-json\/wp\/v2\/product\/16235\/revisions"}],"predecessor-version":[{"id":53364,"href":"https:\/\/www.sunnyshop211.com\/en\/wp-json\/wp\/v2\/product\/16235\/revisions\/53364"}],"wp:featuredmedia":[{"embeddable":true,"href":"https:\/\/www.sunnyshop211.com\/en\/wp-json\/wp\/v2\/media\/16124"}],"wp:attachment":[{"href":"https:\/\/www.sunnyshop211.com\/en\/wp-json\/wp\/v2\/media?parent=16235"}],"wp:term":[{"taxonomy":"product_brand","embeddable":true,"href":"https:\/\/www.sunnyshop211.com\/en\/wp-json\/wp\/v2\/product_brand?post=16235"},{"taxonomy":"product_cat","embeddable":true,"href":"https:\/\/www.sunnyshop211.com\/en\/wp-json\/wp\/v2\/product_cat?post=16235"},{"taxonomy":"product_tag","embeddable":true,"href":"https:\/\/www.sunnyshop211.com\/en\/wp-json\/wp\/v2\/product_tag?post=16235"}],"curies":[{"name":"wp","href":"https:\/\/api.w.org\/{rel}","templated":true}]}}