{"id":16078,"date":"2020-05-21T14:45:07","date_gmt":"2020-05-21T13:45:07","guid":{"rendered":"https:\/\/sunnyshop211.com\/?post_type=product&#038;p=16078"},"modified":"2025-12-27T11:30:04","modified_gmt":"2025-12-27T10:30:04","slug":"echarpe-de-portage-miniature-1-4-minifee","status":"publish","type":"product","link":"https:\/\/www.sunnyshop211.com\/en\/product\/echarpe-de-portage-miniature-1-4-minifee\/","title":{"rendered":"Miniature 1\/4 minifee sling,"},"content":{"rendered":"<div id='gallery-1' class='gallery galleryid-16078 gallery-columns-3 gallery-size-thumbnail'><figure class='gallery-item'>\n\t\t\t<div class='gallery-icon portrait'>\n\t\t\t\t<a href='https:\/\/www.sunnyshop211.com\/en\/?attachment_id=15800'><img decoding=\"async\" width=\"150\" height=\"150\" src=\"https:\/\/www.sunnyshop211.com\/wp-content\/uploads\/2020\/05\/poussette-44-scaled-150x150.jpg\" class=\"attachment-thumbnail size-thumbnail\" alt=\"Echarpe de portage 1\/4\" srcset=\"https:\/\/www.sunnyshop211.com\/wp-content\/uploads\/2020\/05\/poussette-44-scaled-150x150.jpg 150w, https:\/\/www.sunnyshop211.com\/wp-content\/uploads\/2020\/05\/poussette-44-scaled-500x500.jpg 500w, https:\/\/www.sunnyshop211.com\/wp-content\/uploads\/2020\/05\/poussette-44-100x100.jpg 100w\" sizes=\"(max-width: 150px) 100vw, 150px\" \/><\/a>\n\t\t\t<\/div><\/figure><figure class='gallery-item'>\n\t\t\t<div class='gallery-icon portrait'>\n\t\t\t\t<a href='https:\/\/www.sunnyshop211.com\/en\/?attachment_id=29294'><img decoding=\"async\" width=\"150\" height=\"150\" src=\"https:\/\/www.sunnyshop211.com\/wp-content\/uploads\/2020\/05\/bb-1-76-150x150.jpg\" class=\"attachment-thumbnail size-thumbnail\" alt=\"\" srcset=\"https:\/\/www.sunnyshop211.com\/wp-content\/uploads\/2020\/05\/bb-1-76-150x150.jpg 150w, https:\/\/www.sunnyshop211.com\/wp-content\/uploads\/2020\/05\/bb-1-76-scaled-500x500.jpg 500w, https:\/\/www.sunnyshop211.com\/wp-content\/uploads\/2020\/05\/bb-1-76-scaled-100x100.jpg 100w\" sizes=\"(max-width: 150px) 100vw, 150px\" \/><\/a>\n\t\t\t<\/div><\/figure><figure class='gallery-item'>\n\t\t\t<div class='gallery-icon portrait'>\n\t\t\t\t<a href='https:\/\/www.sunnyshop211.com\/en\/?attachment_id=27429'><img decoding=\"async\" width=\"150\" height=\"150\" src=\"https:\/\/www.sunnyshop211.com\/wp-content\/uploads\/2022\/10\/foretchien281129-150x150.jpg\" class=\"attachment-thumbnail size-thumbnail\" alt=\"Echarpe de portage 1\/4\" srcset=\"https:\/\/www.sunnyshop211.com\/wp-content\/uploads\/2022\/10\/foretchien281129-150x150.jpg 150w, https:\/\/www.sunnyshop211.com\/wp-content\/uploads\/2022\/10\/foretchien281129-scaled-500x500.jpg 500w, https:\/\/www.sunnyshop211.com\/wp-content\/uploads\/2022\/10\/foretchien281129-scaled-100x100.jpg 100w\" sizes=\"(max-width: 150px) 100vw, 150px\" \/><\/a>\n\t\t\t<\/div><\/figure><figure class='gallery-item'>\n\t\t\t<div class='gallery-icon portrait'>\n\t\t\t\t<a href='https:\/\/www.sunnyshop211.com\/en\/?attachment_id=15775'><img loading=\"lazy\" decoding=\"async\" width=\"150\" height=\"150\" src=\"https:\/\/www.sunnyshop211.com\/wp-content\/uploads\/2020\/05\/poussette-30-150x150.jpg\" class=\"attachment-thumbnail size-thumbnail\" alt=\"\" srcset=\"https:\/\/www.sunnyshop211.com\/wp-content\/uploads\/2020\/05\/poussette-30-150x150.jpg 150w, https:\/\/www.sunnyshop211.com\/wp-content\/uploads\/2020\/05\/poussette-30-scaled-500x500.jpg 500w, https:\/\/www.sunnyshop211.com\/wp-content\/uploads\/2020\/05\/poussette-30-100x100.jpg 100w\" sizes=\"(max-width: 150px) 100vw, 150px\" \/><\/a>\n\t\t\t<\/div><\/figure><figure class='gallery-item'>\n\t\t\t<div class='gallery-icon portrait'>\n\t\t\t\t<a href='https:\/\/www.sunnyshop211.com\/en\/?attachment_id=15776'><img loading=\"lazy\" decoding=\"async\" width=\"150\" height=\"150\" src=\"https:\/\/www.sunnyshop211.com\/wp-content\/uploads\/2020\/05\/poussette-42-scaled-150x150.jpg\" class=\"attachment-thumbnail size-thumbnail\" alt=\"Echarpe de portage 1\/4\" srcset=\"https:\/\/www.sunnyshop211.com\/wp-content\/uploads\/2020\/05\/poussette-42-scaled-150x150.jpg 150w, https:\/\/www.sunnyshop211.com\/wp-content\/uploads\/2020\/05\/poussette-42-scaled-500x500.jpg 500w, https:\/\/www.sunnyshop211.com\/wp-content\/uploads\/2020\/05\/poussette-42-100x100.jpg 100w\" sizes=\"(max-width: 150px) 100vw, 150px\" \/><\/a>\n\t\t\t<\/div><\/figure><figure class='gallery-item'>\n\t\t\t<div class='gallery-icon portrait'>\n\t\t\t\t<a href='https:\/\/www.sunnyshop211.com\/en\/?attachment_id=15774'><img loading=\"lazy\" decoding=\"async\" width=\"150\" height=\"150\" src=\"https:\/\/www.sunnyshop211.com\/wp-content\/uploads\/2020\/05\/poussette-41-150x150.jpg\" class=\"attachment-thumbnail size-thumbnail\" alt=\"\" srcset=\"https:\/\/www.sunnyshop211.com\/wp-content\/uploads\/2020\/05\/poussette-41-150x150.jpg 150w, https:\/\/www.sunnyshop211.com\/wp-content\/uploads\/2020\/05\/poussette-41-scaled-500x500.jpg 500w, https:\/\/www.sunnyshop211.com\/wp-content\/uploads\/2020\/05\/poussette-41-100x100.jpg 100w\" sizes=\"(max-width: 150px) 100vw, 150px\" \/><\/a>\n\t\t\t<\/div><\/figure><figure class='gallery-item'>\n\t\t\t<div class='gallery-icon portrait'>\n\t\t\t\t<a href='https:\/\/www.sunnyshop211.com\/en\/?attachment_id=15772'><img loading=\"lazy\" decoding=\"async\" width=\"150\" height=\"150\" src=\"https:\/\/www.sunnyshop211.com\/wp-content\/uploads\/2020\/05\/poussette-40-150x150.jpg\" class=\"attachment-thumbnail size-thumbnail\" alt=\"Echarpe de portage 1\/4\" srcset=\"https:\/\/www.sunnyshop211.com\/wp-content\/uploads\/2020\/05\/poussette-40-150x150.jpg 150w, https:\/\/www.sunnyshop211.com\/wp-content\/uploads\/2020\/05\/poussette-40-scaled-500x500.jpg 500w, https:\/\/www.sunnyshop211.com\/wp-content\/uploads\/2020\/05\/poussette-40-100x100.jpg 100w\" sizes=\"(max-width: 150px) 100vw, 150px\" \/><\/a>\n\t\t\t<\/div><\/figure><figure class='gallery-item'>\n\t\t\t<div class='gallery-icon portrait'>\n\t\t\t\t<a href='https:\/\/www.sunnyshop211.com\/en\/?attachment_id=15769'><img loading=\"lazy\" decoding=\"async\" width=\"150\" height=\"150\" src=\"https:\/\/www.sunnyshop211.com\/wp-content\/uploads\/2020\/05\/poussette-38-150x150.jpg\" class=\"attachment-thumbnail size-thumbnail\" alt=\"\" srcset=\"https:\/\/www.sunnyshop211.com\/wp-content\/uploads\/2020\/05\/poussette-38-150x150.jpg 150w, https:\/\/www.sunnyshop211.com\/wp-content\/uploads\/2020\/05\/poussette-38-scaled-500x500.jpg 500w, https:\/\/www.sunnyshop211.com\/wp-content\/uploads\/2020\/05\/poussette-38-100x100.jpg 100w, https:\/\/www.sunnyshop211.com\/wp-content\/uploads\/2020\/05\/poussette-38-59x60.jpg 59w\" sizes=\"(max-width: 150px) 100vw, 150px\" \/><\/a>\n\t\t\t<\/div><\/figure><figure class='gallery-item'>\n\t\t\t<div class='gallery-icon portrait'>\n\t\t\t\t<a href='https:\/\/www.sunnyshop211.com\/en\/?attachment_id=15770'><img loading=\"lazy\" decoding=\"async\" width=\"150\" height=\"150\" src=\"https:\/\/www.sunnyshop211.com\/wp-content\/uploads\/2020\/05\/poussette-39-150x150.jpg\" class=\"attachment-thumbnail size-thumbnail\" alt=\"Echarpe de portage 1\/4\" srcset=\"https:\/\/www.sunnyshop211.com\/wp-content\/uploads\/2020\/05\/poussette-39-150x150.jpg 150w, https:\/\/www.sunnyshop211.com\/wp-content\/uploads\/2020\/05\/poussette-39-scaled-500x500.jpg 500w, https:\/\/www.sunnyshop211.com\/wp-content\/uploads\/2020\/05\/poussette-39-100x100.jpg 100w\" sizes=\"(max-width: 150px) 100vw, 150px\" \/><\/a>\n\t\t\t<\/div><\/figure><figure class='gallery-item'>\n\t\t\t<div class='gallery-icon portrait'>\n\t\t\t\t<a href='https:\/\/www.sunnyshop211.com\/en\/?attachment_id=15768'><img loading=\"lazy\" decoding=\"async\" width=\"150\" height=\"150\" src=\"https:\/\/www.sunnyshop211.com\/wp-content\/uploads\/2020\/05\/poussette-27-150x150.jpg\" class=\"attachment-thumbnail size-thumbnail\" alt=\"\" srcset=\"https:\/\/www.sunnyshop211.com\/wp-content\/uploads\/2020\/05\/poussette-27-150x150.jpg 150w, https:\/\/www.sunnyshop211.com\/wp-content\/uploads\/2020\/05\/poussette-27-scaled-500x500.jpg 500w, https:\/\/www.sunnyshop211.com\/wp-content\/uploads\/2020\/05\/poussette-27-100x100.jpg 100w\" sizes=\"(max-width: 150px) 100vw, 150px\" \/><\/a>\n\t\t\t<\/div><\/figure>\n\t\t<\/div>\n\n<p>&nbsp;<\/p>\n<h2 data-start=\"183\" data-end=\"220\">Miniature sling 1\/4<\/h2>\n<p data-start=\"222\" data-end=\"278\">Minifee - MSD - Unoa - Iplehouse FID - BJD baby - Reborn<\/p>\n<hr data-start=\"280\" data-end=\"283\" \/>\n<h3 data-start=\"285\" data-end=\"303\">\ud83e\udd0d Description<\/h3>\n<p data-start=\"305\" data-end=\"551\">Genuine baby sling <strong data-start=\"334\" data-end=\"347\">miniature<\/strong> 1\/4, designed for mommy dolls and their BJD or reborn babies.<br data-start=\"414\" data-end=\"417\" \/>Flexible and realistic, it allows you to create tender, natural carrying scenes for your dioramas and everyday scenes.<\/p>\n<hr data-start=\"553\" data-end=\"556\" \/>\n<h3 data-start=\"558\" data-end=\"581\">\ud83d\udc69\u200d\ud83c\udf7c Compatibility<\/h3>\n<p data-start=\"583\" data-end=\"657\"><strong data-start=\"583\" data-end=\"608\">Mamans dolls au 1\/4 :<\/strong><br data-start=\"608\" data-end=\"611\" \/>- Minifee<br data-start=\"620\" data-end=\"623\" \/>- MSD<br data-start=\"628\" data-end=\"631\" \/>- Unoa<br data-start=\"637\" data-end=\"640\" \/>- Iplehouse FID<\/p>\n<p data-start=\"659\" data-end=\"786\"><strong data-start=\"659\" data-end=\"682\">Compatible babies :<\/strong><br data-start=\"682\" data-end=\"685\" \/>- Pukifee<br data-start=\"694\" data-end=\"697\" \/>- Lati Yellow<br data-start=\"710\" data-end=\"713\" \/>- BJD baby<br data-start=\"723\" data-end=\"726\" \/>- Nappy Choo<br data-start=\"738\" data-end=\"741\" \/>- Babies and mini-borns of equivalent size<\/p>\n<hr data-start=\"788\" data-end=\"791\" \/>\n<h3 data-start=\"793\" data-end=\"816\">\ud83c\udfa8 Customization<\/h3>\n<p data-start=\"818\" data-end=\"893\">\u2022 <strong data-start=\"820\" data-end=\"840\">Choice of color<\/strong><br data-start=\"840\" data-end=\"843\" \/>- Soft sling for miniature carrying<\/p>\n<p data-start=\"895\" data-end=\"981\">\ud83d\udcc4 <strong data-start=\"898\" data-end=\"925\">Supplied with instructions<\/strong> for making the <strong data-start=\"955\" data-end=\"981\">front carrying knot<\/strong><\/p>\n<hr data-start=\"983\" data-end=\"986\" \/>\n<h3 data-start=\"988\" data-end=\"1017\">\ud83e\udeb5 Handcrafted<\/h3>\n<p data-start=\"1019\" data-end=\"1234\">Made to order<br data-start=\"1040\" data-end=\"1043\" \/>Handcrafted :<br data-start=\"1067\" data-end=\"1070\" \/>slight variations in shape, color or finish may occur<br data-start=\"1146\" data-end=\"1149\" \/>Minor imperfections are part of the charm of handmade products.<\/p>\n<hr data-start=\"1236\" data-end=\"1239\" \/>\n<h3 data-start=\"1241\" data-end=\"1272\">\u2139\ufe0f Important information<\/h3>\n<p data-start=\"1274\" data-end=\"1782\">- The photos are examples of staging<br data-start=\"1321\" data-end=\"1324\" \/>- Only the sling is sold (dolls and accessories not included).<br data-start=\"1399\" data-end=\"1402\" \/>- Compatible with my furniture sold separately in the store<br data-start=\"1466\" data-end=\"1469\" \/>- Other decorations and accessories are available in the store<br data-start=\"1542\" data-end=\"1545\" \/>- Please take into account manufacturing and delivery times (see General Sales Conditions).<br data-start=\"1647\" data-end=\"1650\" \/>- This is not a toy - intended for an adult audience<br data-start=\"1712\" data-end=\"1715\" \/>- I am not responsible for any damage incurred in transit.<\/p>\n<hr data-start=\"1784\" data-end=\"1787\" \/>\n<h3 data-start=\"1789\" data-end=\"1825\">\ud83d\udecd\ufe0f To discover in the store<\/h3>\n<p data-start=\"1827\" data-end=\"1903\">Matching furniture, baby accessories, decorations and staging elements<\/p>\n<p data-start=\"1905\" data-end=\"1995\">\ud83d\udcf8 <strong data-start=\"1908\" data-end=\"1950\">More photos and inspiration here:<\/strong><br data-start=\"1950\" data-end=\"1953\" \/>\ud83d\udc49 <a class=\"decorated-link\" href=\"https:\/\/www.instagram.com\/sunnyshop211\/\" target=\"_new\" rel=\"noopener\" data-start=\"1956\" data-end=\"1995\">https:\/\/www.instagram.com\/sunnyshop211\/<\/a><\/p>\n<hr data-start=\"1997\" data-end=\"2000\" \/>\n<p data-start=\"2002\" data-end=\"2109\">\u2728 A soft, realistic miniature sling to bring everyday scenes to life in 1\/4 size.<\/p>\n<p>&nbsp;<\/p>","protected":false},"excerpt":{"rendered":"<p>&nbsp; \u00c9charpe de portage miniature 1\/4 Minifee \u2013 MSD \u2013 Unoa \u2013 Iplehouse FID \u2013 BJD baby \u2013 Reborn \ud83e\udd0d Description V\u00e9ritable \u00e9charpe de portage miniature au 1\/4, con\u00e7ue pour les mamans dolls et leurs b\u00e9b\u00e9s BJD ou reborn.Souple et r\u00e9aliste, elle permet de cr\u00e9er des sc\u00e8nes de portage tendres et naturelles pour vos dioramas [&hellip;]<\/p>\n","protected":false},"featured_media":15776,"comment_status":"open","ping_status":"closed","template":"","meta":{"_crdt_document":"","jetpack_post_was_ever_published":false,"jetpack_publicize_message":"","jetpack_publicize_feature_enabled":true,"jetpack_social_post_already_shared":true,"jetpack_social_options":{"image_generator_settings":{"template":"highway","default_image_id":0,"font":"","enabled":false},"version":2}},"product_brand":[],"product_cat":[667686967],"product_tag":[667681489,667681137,667681136,667681270,667681226,667681487,667685393,667681813,667681173,667681820,667681490,667681141,667683253,667685395,667681177,667681812,667681728,667681140,667681814],"class_list":{"0":"post-16078","1":"product","2":"type-product","3":"status-publish","4":"has-post-thumbnail","6":"product_cat-promenade","7":"product_tag-active-line","8":"product_tag-baby","9":"product_tag-bjd","10":"product_tag-custom-doll","11":"product_tag-doll","12":"product_tag-dress","13":"product_tag-echarpe","14":"product_tag-grossesse","15":"product_tag-minifee","16":"product_tag-mobile-baby","17":"product_tag-moe-line","18":"product_tag-nappy-choo","19":"product_tag-petits-pot","20":"product_tag-portage","21":"product_tag-poupee","22":"product_tag-pregnancy-belt","23":"product_tag-pregnant","24":"product_tag-pukifee","25":"product_tag-vetement","26":"product_shipping_class-lettre-suivie-3","28":"first","29":"instock","30":"taxable","31":"shipping-taxable","32":"purchasable","33":"product-type-variable"},"yoast_head":"<!-- This site is optimized with the Yoast SEO plugin v27.4 - https:\/\/yoast.com\/product\/yoast-seo-wordpress\/ -->\n<title>\u00c9charpe de portage miniature 1\/4 minifee, -<\/title>\n<meta name=\"description\" content=\"\u00c9charpe de portage miniature 1\/4 minifee,, msd, iplehouse FID bjd baby. V\u00e9ritable \u00e9charpe de portage miniature pour mamans au 1\/4 et bjd baby ou reborn.\" \/>\n<meta name=\"robots\" content=\"index, follow, max-snippet:-1, max-image-preview:large, max-video-preview:-1\" \/>\n<link rel=\"canonical\" href=\"https:\/\/www.sunnyshop211.com\/en\/product\/echarpe-de-portage-miniature-1-4-minifee\/\" \/>\n<meta property=\"og:locale\" content=\"en_US\" \/>\n<meta property=\"og:type\" content=\"article\" \/>\n<meta property=\"og:title\" content=\"\u00c9charpe de portage miniature 1\/4 minifee, -\" \/>\n<meta property=\"og:description\" content=\"\u00c9charpe de portage miniature 1\/4 minifee,, msd, iplehouse FID bjd baby. V\u00e9ritable \u00e9charpe de portage miniature pour mamans au 1\/4 et bjd baby ou reborn.\" \/>\n<meta property=\"og:url\" content=\"https:\/\/www.sunnyshop211.com\/en\/product\/echarpe-de-portage-miniature-1-4-minifee\/\" \/>\n<meta property=\"og:site_name\" content=\"Sunnyshop211 -Vente de dioramas, meubles, miniatures , bjd poup\u00e9es 1\/12 1\/8 1\/6 1\/4 1\/3\" \/>\n<meta property=\"article:publisher\" content=\"https:\/\/www.facebook.com\/sunnyshop211\/?ref=bookmarks\" \/>\n<meta property=\"article:modified_time\" content=\"2025-12-27T10:30:04+00:00\" \/>\n<meta property=\"og:image\" content=\"https:\/\/www.sunnyshop211.com\/wp-content\/uploads\/2020\/05\/poussette-42-scaled.jpg\" \/>\n\t<meta property=\"og:image:width\" content=\"1411\" \/>\n\t<meta property=\"og:image:height\" content=\"2560\" \/>\n\t<meta property=\"og:image:type\" content=\"image\/jpeg\" \/>\n<meta name=\"twitter:card\" content=\"summary_large_image\" \/>\n<meta name=\"twitter:site\" content=\"@sunnyshop211\" \/>\n<meta name=\"twitter:label1\" content=\"Est. reading time\" \/>\n\t<meta name=\"twitter:data1\" content=\"2 minutes\" \/>\n<script type=\"application\/ld+json\" class=\"yoast-schema-graph\">{\"@context\":\"https:\\\/\\\/schema.org\",\"@graph\":[{\"@type\":\"WebPage\",\"@id\":\"https:\\\/\\\/www.sunnyshop211.com\\\/produit\\\/echarpe-de-portage-miniature-1-4-minifee\\\/\",\"url\":\"https:\\\/\\\/www.sunnyshop211.com\\\/produit\\\/echarpe-de-portage-miniature-1-4-minifee\\\/\",\"name\":\"\u00c9charpe de portage miniature 1\\\/4 minifee, -\",\"isPartOf\":{\"@id\":\"https:\\\/\\\/www.sunnyshop211.com\\\/#website\"},\"primaryImageOfPage\":{\"@id\":\"https:\\\/\\\/www.sunnyshop211.com\\\/produit\\\/echarpe-de-portage-miniature-1-4-minifee\\\/#primaryimage\"},\"image\":{\"@id\":\"https:\\\/\\\/www.sunnyshop211.com\\\/produit\\\/echarpe-de-portage-miniature-1-4-minifee\\\/#primaryimage\"},\"thumbnailUrl\":\"https:\\\/\\\/www.sunnyshop211.com\\\/wp-content\\\/uploads\\\/2020\\\/05\\\/poussette-42-scaled.jpg\",\"datePublished\":\"2020-05-21T13:45:07+00:00\",\"dateModified\":\"2025-12-27T10:30:04+00:00\",\"description\":\"\u00c9charpe de portage miniature 1\\\/4 minifee,, msd, iplehouse FID bjd baby. V\u00e9ritable \u00e9charpe de portage miniature pour mamans au 1\\\/4 et bjd baby ou reborn.\",\"breadcrumb\":{\"@id\":\"https:\\\/\\\/www.sunnyshop211.com\\\/produit\\\/echarpe-de-portage-miniature-1-4-minifee\\\/#breadcrumb\"},\"inLanguage\":\"en-US\",\"potentialAction\":[{\"@type\":\"ReadAction\",\"target\":[\"https:\\\/\\\/www.sunnyshop211.com\\\/produit\\\/echarpe-de-portage-miniature-1-4-minifee\\\/\"]}]},{\"@type\":\"ImageObject\",\"inLanguage\":\"en-US\",\"@id\":\"https:\\\/\\\/www.sunnyshop211.com\\\/produit\\\/echarpe-de-portage-miniature-1-4-minifee\\\/#primaryimage\",\"url\":\"https:\\\/\\\/www.sunnyshop211.com\\\/wp-content\\\/uploads\\\/2020\\\/05\\\/poussette-42-scaled.jpg\",\"contentUrl\":\"https:\\\/\\\/www.sunnyshop211.com\\\/wp-content\\\/uploads\\\/2020\\\/05\\\/poussette-42-scaled.jpg\",\"width\":1411,\"height\":2560,\"caption\":\"Echarpe de portage 1\\\/4\"},{\"@type\":\"BreadcrumbList\",\"@id\":\"https:\\\/\\\/www.sunnyshop211.com\\\/produit\\\/echarpe-de-portage-miniature-1-4-minifee\\\/#breadcrumb\",\"itemListElement\":[{\"@type\":\"ListItem\",\"position\":1,\"name\":\"Accueil\",\"item\":\"https:\\\/\\\/www.sunnyshop211.com\\\/\"},{\"@type\":\"ListItem\",\"position\":2,\"name\":\"Boutique\",\"item\":\"https:\\\/\\\/www.sunnyshop211.com\\\/boutique-miniature-bjd-dolls\\\/\"},{\"@type\":\"ListItem\",\"position\":3,\"name\":\"\u00c9charpe de portage miniature 1\\\/4 minifee,\"}]},{\"@type\":\"WebSite\",\"@id\":\"https:\\\/\\\/www.sunnyshop211.com\\\/#website\",\"url\":\"https:\\\/\\\/www.sunnyshop211.com\\\/\",\"name\":\"Vente de dioramas, meubles, miniatures , bjd poup\u00e9es 1\\\/12 1\\\/8 1\\\/6 1\\\/4 1\\\/3\",\"description\":\"Sunnyshop211 - Votre univers miniature pour poup\u00e9es et BJD, dioramas et meubles sur mesure !\",\"publisher\":{\"@id\":\"https:\\\/\\\/www.sunnyshop211.com\\\/#organization\"},\"alternateName\":\"sunnyshop211\",\"potentialAction\":[{\"@type\":\"SearchAction\",\"target\":{\"@type\":\"EntryPoint\",\"urlTemplate\":\"https:\\\/\\\/www.sunnyshop211.com\\\/?s={search_term_string}\"},\"query-input\":{\"@type\":\"PropertyValueSpecification\",\"valueRequired\":true,\"valueName\":\"search_term_string\"}}],\"inLanguage\":\"en-US\"},{\"@type\":\"Organization\",\"@id\":\"https:\\\/\\\/www.sunnyshop211.com\\\/#organization\",\"name\":\"sunnyshop211\",\"alternateName\":\"sunnyshop211 diorama bjd meuble miniature\",\"url\":\"https:\\\/\\\/www.sunnyshop211.com\\\/\",\"logo\":{\"@type\":\"ImageObject\",\"inLanguage\":\"en-US\",\"@id\":\"https:\\\/\\\/www.sunnyshop211.com\\\/#\\\/schema\\\/logo\\\/image\\\/\",\"url\":\"https:\\\/\\\/www.sunnyshop211.com\\\/wp-content\\\/uploads\\\/2022\\\/08\\\/cropped-cropped-cropped-Sunnyshop211-1.png\",\"contentUrl\":\"https:\\\/\\\/www.sunnyshop211.com\\\/wp-content\\\/uploads\\\/2022\\\/08\\\/cropped-cropped-cropped-Sunnyshop211-1.png\",\"width\":339,\"height\":339,\"caption\":\"sunnyshop211\"},\"image\":{\"@id\":\"https:\\\/\\\/www.sunnyshop211.com\\\/#\\\/schema\\\/logo\\\/image\\\/\"},\"sameAs\":[\"https:\\\/\\\/www.facebook.com\\\/sunnyshop211\\\/?ref=bookmarks\",\"https:\\\/\\\/x.com\\\/sunnyshop211\",\"https:\\\/\\\/www.instagram.com\\\/sunnyshop211\\\/\",\"https:\\\/\\\/www.tumblr.com\\\/blog\\\/sunnyshop211\",\"https:\\\/\\\/www.youtube.com\\\/channel\\\/UCtYY18OGGDKrTSzgcf7fCBg\",\"https:\\\/\\\/www.tiktok.com\\\/@sunnydollshop211?is_from_webapp=1&sender_device=pc\"]}]}<\/script>\n<!-- \/ Yoast SEO plugin. -->","yoast_head_json":{"title":"Miniature 1\/4 minifee sling, -","description":"Miniature baby sling 1\/4 minifee, msd, iplehouse FID bjd baby. Genuine miniature sling for 1\/4 and bjd baby or reborn moms.","robots":{"index":"index","follow":"follow","max-snippet":"max-snippet:-1","max-image-preview":"max-image-preview:large","max-video-preview":"max-video-preview:-1"},"canonical":"https:\/\/www.sunnyshop211.com\/en\/product\/echarpe-de-portage-miniature-1-4-minifee\/","og_locale":"en_US","og_type":"article","og_title":"\u00c9charpe de portage miniature 1\/4 minifee, -","og_description":"\u00c9charpe de portage miniature 1\/4 minifee,, msd, iplehouse FID bjd baby. V\u00e9ritable \u00e9charpe de portage miniature pour mamans au 1\/4 et bjd baby ou reborn.","og_url":"https:\/\/www.sunnyshop211.com\/en\/product\/echarpe-de-portage-miniature-1-4-minifee\/","og_site_name":"Sunnyshop211 -Vente de dioramas, meubles, miniatures , bjd poup\u00e9es 1\/12 1\/8 1\/6 1\/4 1\/3","article_publisher":"https:\/\/www.facebook.com\/sunnyshop211\/?ref=bookmarks","article_modified_time":"2025-12-27T10:30:04+00:00","og_image":[{"width":1411,"height":2560,"url":"https:\/\/www.sunnyshop211.com\/wp-content\/uploads\/2020\/05\/poussette-42-scaled.jpg","type":"image\/jpeg"}],"twitter_card":"summary_large_image","twitter_site":"@sunnyshop211","twitter_misc":{"Est. reading time":"2 minutes"},"schema":{"@context":"https:\/\/schema.org","@graph":[{"@type":"WebPage","@id":"https:\/\/www.sunnyshop211.com\/produit\/echarpe-de-portage-miniature-1-4-minifee\/","url":"https:\/\/www.sunnyshop211.com\/produit\/echarpe-de-portage-miniature-1-4-minifee\/","name":"Miniature 1\/4 minifee sling, -","isPartOf":{"@id":"https:\/\/www.sunnyshop211.com\/#website"},"primaryImageOfPage":{"@id":"https:\/\/www.sunnyshop211.com\/produit\/echarpe-de-portage-miniature-1-4-minifee\/#primaryimage"},"image":{"@id":"https:\/\/www.sunnyshop211.com\/produit\/echarpe-de-portage-miniature-1-4-minifee\/#primaryimage"},"thumbnailUrl":"https:\/\/www.sunnyshop211.com\/wp-content\/uploads\/2020\/05\/poussette-42-scaled.jpg","datePublished":"2020-05-21T13:45:07+00:00","dateModified":"2025-12-27T10:30:04+00:00","description":"Miniature baby sling 1\/4 minifee, msd, iplehouse FID bjd baby. Genuine miniature sling for 1\/4 and bjd baby or reborn moms.","breadcrumb":{"@id":"https:\/\/www.sunnyshop211.com\/produit\/echarpe-de-portage-miniature-1-4-minifee\/#breadcrumb"},"inLanguage":"en-US","potentialAction":[{"@type":"ReadAction","target":["https:\/\/www.sunnyshop211.com\/produit\/echarpe-de-portage-miniature-1-4-minifee\/"]}]},{"@type":"ImageObject","inLanguage":"en-US","@id":"https:\/\/www.sunnyshop211.com\/produit\/echarpe-de-portage-miniature-1-4-minifee\/#primaryimage","url":"https:\/\/www.sunnyshop211.com\/wp-content\/uploads\/2020\/05\/poussette-42-scaled.jpg","contentUrl":"https:\/\/www.sunnyshop211.com\/wp-content\/uploads\/2020\/05\/poussette-42-scaled.jpg","width":1411,"height":2560,"caption":"Echarpe de portage 1\/4"},{"@type":"BreadcrumbList","@id":"https:\/\/www.sunnyshop211.com\/produit\/echarpe-de-portage-miniature-1-4-minifee\/#breadcrumb","itemListElement":[{"@type":"ListItem","position":1,"name":"Accueil","item":"https:\/\/www.sunnyshop211.com\/"},{"@type":"ListItem","position":2,"name":"Boutique","item":"https:\/\/www.sunnyshop211.com\/boutique-miniature-bjd-dolls\/"},{"@type":"ListItem","position":3,"name":"\u00c9charpe de portage miniature 1\/4 minifee,"}]},{"@type":"WebSite","@id":"https:\/\/www.sunnyshop211.com\/#website","url":"https:\/\/www.sunnyshop211.com\/","name":"Sale of dioramas, furniture, miniatures, bjd dolls 1\/12 1\/8 1\/6 1\/4 1\/3","description":"Sunnyshop211 - Your miniature world for dolls and BJDs, dioramas and custom-made furniture!","publisher":{"@id":"https:\/\/www.sunnyshop211.com\/#organization"},"alternateName":"sunnyshop211","potentialAction":[{"@type":"SearchAction","target":{"@type":"EntryPoint","urlTemplate":"https:\/\/www.sunnyshop211.com\/?s={search_term_string}"},"query-input":{"@type":"PropertyValueSpecification","valueRequired":true,"valueName":"search_term_string"}}],"inLanguage":"en-US"},{"@type":"Organization","@id":"https:\/\/www.sunnyshop211.com\/#organization","name":"sunnyshop211","alternateName":"sunnyshop211 diorama bjd meuble miniature","url":"https:\/\/www.sunnyshop211.com\/","logo":{"@type":"ImageObject","inLanguage":"en-US","@id":"https:\/\/www.sunnyshop211.com\/#\/schema\/logo\/image\/","url":"https:\/\/www.sunnyshop211.com\/wp-content\/uploads\/2022\/08\/cropped-cropped-cropped-Sunnyshop211-1.png","contentUrl":"https:\/\/www.sunnyshop211.com\/wp-content\/uploads\/2022\/08\/cropped-cropped-cropped-Sunnyshop211-1.png","width":339,"height":339,"caption":"sunnyshop211"},"image":{"@id":"https:\/\/www.sunnyshop211.com\/#\/schema\/logo\/image\/"},"sameAs":["https:\/\/www.facebook.com\/sunnyshop211\/?ref=bookmarks","https:\/\/x.com\/sunnyshop211","https:\/\/www.instagram.com\/sunnyshop211\/","https:\/\/www.tumblr.com\/blog\/sunnyshop211","https:\/\/www.youtube.com\/channel\/UCtYY18OGGDKrTSzgcf7fCBg","https:\/\/www.tiktok.com\/@sunnydollshop211?is_from_webapp=1&sender_device=pc"]}]}},"jetpack_publicize_connections":[],"jetpack_sharing_enabled":true,"_links":{"self":[{"href":"https:\/\/www.sunnyshop211.com\/en\/wp-json\/wp\/v2\/product\/16078","targetHints":{"allow":["GET"]}}],"collection":[{"href":"https:\/\/www.sunnyshop211.com\/en\/wp-json\/wp\/v2\/product"}],"about":[{"href":"https:\/\/www.sunnyshop211.com\/en\/wp-json\/wp\/v2\/types\/product"}],"replies":[{"embeddable":true,"href":"https:\/\/www.sunnyshop211.com\/en\/wp-json\/wp\/v2\/comments?post=16078"}],"version-history":[{"count":10,"href":"https:\/\/www.sunnyshop211.com\/en\/wp-json\/wp\/v2\/product\/16078\/revisions"}],"predecessor-version":[{"id":53022,"href":"https:\/\/www.sunnyshop211.com\/en\/wp-json\/wp\/v2\/product\/16078\/revisions\/53022"}],"wp:featuredmedia":[{"embeddable":true,"href":"https:\/\/www.sunnyshop211.com\/en\/wp-json\/wp\/v2\/media\/15776"}],"wp:attachment":[{"href":"https:\/\/www.sunnyshop211.com\/en\/wp-json\/wp\/v2\/media?parent=16078"}],"wp:term":[{"taxonomy":"product_brand","embeddable":true,"href":"https:\/\/www.sunnyshop211.com\/en\/wp-json\/wp\/v2\/product_brand?post=16078"},{"taxonomy":"product_cat","embeddable":true,"href":"https:\/\/www.sunnyshop211.com\/en\/wp-json\/wp\/v2\/product_cat?post=16078"},{"taxonomy":"product_tag","embeddable":true,"href":"https:\/\/www.sunnyshop211.com\/en\/wp-json\/wp\/v2\/product_tag?post=16078"}],"curies":[{"name":"wp","href":"https:\/\/api.w.org\/{rel}","templated":true}]}}