{"id":15635,"date":"2020-04-28T14:17:22","date_gmt":"2020-04-28T13:17:22","guid":{"rendered":"https:\/\/sunnyshop211.com\/?post_type=product&#038;p=15635"},"modified":"2025-12-27T11:36:13","modified_gmt":"2025-12-27T10:36:13","slug":"mobile-bebe-miniature-1-6","status":"publish","type":"product","link":"https:\/\/www.sunnyshop211.com\/en\/product\/mobile-bebe-miniature-1-6\/","title":{"rendered":"Miniature baby mobile 1\/6"},"content":{"rendered":"<div id='gallery-1' class='gallery galleryid-15635 gallery-columns-3 gallery-size-thumbnail'><figure class='gallery-item'>\n\t\t\t<div class='gallery-icon portrait'>\n\t\t\t\t<a href='https:\/\/www.sunnyshop211.com\/en\/?attachment_id=15633'><img decoding=\"async\" width=\"150\" height=\"150\" src=\"https:\/\/www.sunnyshop211.com\/wp-content\/uploads\/2020\/04\/mobilebarbie-15-150x150.jpg\" class=\"attachment-thumbnail size-thumbnail\" alt=\"Mobile b\u00e9b\u00e9 1\/6 diorama\" srcset=\"https:\/\/www.sunnyshop211.com\/wp-content\/uploads\/2020\/04\/mobilebarbie-15-150x150.jpg 150w, https:\/\/www.sunnyshop211.com\/wp-content\/uploads\/2020\/04\/mobilebarbie-15-scaled-500x500.jpg 500w, https:\/\/www.sunnyshop211.com\/wp-content\/uploads\/2020\/04\/mobilebarbie-15-100x100.jpg 100w\" sizes=\"(max-width: 150px) 100vw, 150px\" \/><\/a>\n\t\t\t<\/div><\/figure><figure class='gallery-item'>\n\t\t\t<div class='gallery-icon portrait'>\n\t\t\t\t<a href='https:\/\/www.sunnyshop211.com\/en\/?attachment_id=15636'><img decoding=\"async\" width=\"150\" height=\"150\" src=\"https:\/\/www.sunnyshop211.com\/wp-content\/uploads\/2020\/04\/mobilebarbie-17-150x150.jpg\" class=\"attachment-thumbnail size-thumbnail\" alt=\"Tapis puzzle miniature 1\/6\" srcset=\"https:\/\/www.sunnyshop211.com\/wp-content\/uploads\/2020\/04\/mobilebarbie-17-150x150.jpg 150w, https:\/\/www.sunnyshop211.com\/wp-content\/uploads\/2020\/04\/mobilebarbie-17-scaled-500x500.jpg 500w, https:\/\/www.sunnyshop211.com\/wp-content\/uploads\/2020\/04\/mobilebarbie-17-100x100.jpg 100w\" sizes=\"(max-width: 150px) 100vw, 150px\" \/><\/a>\n\t\t\t<\/div><\/figure><figure class='gallery-item'>\n\t\t\t<div class='gallery-icon landscape'>\n\t\t\t\t<a href='https:\/\/www.sunnyshop211.com\/en\/?attachment_id=15631'><img decoding=\"async\" width=\"150\" height=\"150\" src=\"https:\/\/www.sunnyshop211.com\/wp-content\/uploads\/2020\/04\/mobilebarbie-25-scaled-150x150.jpg\" class=\"attachment-thumbnail size-thumbnail\" alt=\"Mobile b\u00e9b\u00e9 1\/6 diorama\" srcset=\"https:\/\/www.sunnyshop211.com\/wp-content\/uploads\/2020\/04\/mobilebarbie-25-scaled-150x150.jpg 150w, https:\/\/www.sunnyshop211.com\/wp-content\/uploads\/2020\/04\/mobilebarbie-25-scaled-500x500.jpg 500w, https:\/\/www.sunnyshop211.com\/wp-content\/uploads\/2020\/04\/mobilebarbie-25-100x100.jpg 100w\" sizes=\"(max-width: 150px) 100vw, 150px\" \/><\/a>\n\t\t\t<\/div><\/figure><figure class='gallery-item'>\n\t\t\t<div class='gallery-icon landscape'>\n\t\t\t\t<a href='https:\/\/www.sunnyshop211.com\/en\/?attachment_id=15630'><img loading=\"lazy\" decoding=\"async\" width=\"150\" height=\"150\" src=\"https:\/\/www.sunnyshop211.com\/wp-content\/uploads\/2020\/04\/mobilebarbie-24-scaled-150x150.jpg\" class=\"attachment-thumbnail size-thumbnail\" alt=\"Message baby miniature 1\/6\" srcset=\"https:\/\/www.sunnyshop211.com\/wp-content\/uploads\/2020\/04\/mobilebarbie-24-scaled-150x150.jpg 150w, https:\/\/www.sunnyshop211.com\/wp-content\/uploads\/2020\/04\/mobilebarbie-24-scaled-500x500.jpg 500w, https:\/\/www.sunnyshop211.com\/wp-content\/uploads\/2020\/04\/mobilebarbie-24-100x100.jpg 100w\" sizes=\"(max-width: 150px) 100vw, 150px\" \/><\/a>\n\t\t\t<\/div><\/figure><figure class='gallery-item'>\n\t\t\t<div class='gallery-icon portrait'>\n\t\t\t\t<a href='https:\/\/www.sunnyshop211.com\/en\/?attachment_id=15625'><img loading=\"lazy\" decoding=\"async\" width=\"150\" height=\"150\" src=\"https:\/\/www.sunnyshop211.com\/wp-content\/uploads\/2020\/04\/mobilebarbie-11-150x150.jpg\" class=\"attachment-thumbnail size-thumbnail\" alt=\"Tapis puzzle miniature 1\/6\" srcset=\"https:\/\/www.sunnyshop211.com\/wp-content\/uploads\/2020\/04\/mobilebarbie-11-150x150.jpg 150w, https:\/\/www.sunnyshop211.com\/wp-content\/uploads\/2020\/04\/mobilebarbie-11-scaled-500x500.jpg 500w, https:\/\/www.sunnyshop211.com\/wp-content\/uploads\/2020\/04\/mobilebarbie-11-100x100.jpg 100w\" sizes=\"(max-width: 150px) 100vw, 150px\" \/><\/a>\n\t\t\t<\/div><\/figure><figure class='gallery-item'>\n\t\t\t<div class='gallery-icon landscape'>\n\t\t\t\t<a href='https:\/\/www.sunnyshop211.com\/en\/?attachment_id=15613'><img loading=\"lazy\" decoding=\"async\" width=\"150\" height=\"150\" src=\"https:\/\/www.sunnyshop211.com\/wp-content\/uploads\/2020\/04\/mobilebarbie-3-150x150.jpg\" class=\"attachment-thumbnail size-thumbnail\" alt=\"Mobile b\u00e9b\u00e9 1\/6 diorama\" srcset=\"https:\/\/www.sunnyshop211.com\/wp-content\/uploads\/2020\/04\/mobilebarbie-3-150x150.jpg 150w, https:\/\/www.sunnyshop211.com\/wp-content\/uploads\/2020\/04\/mobilebarbie-3-scaled-500x500.jpg 500w, https:\/\/www.sunnyshop211.com\/wp-content\/uploads\/2020\/04\/mobilebarbie-3-100x100.jpg 100w\" sizes=\"(max-width: 150px) 100vw, 150px\" \/><\/a>\n\t\t\t<\/div><\/figure>\n\t\t<\/div>\n\n<p>&nbsp;<\/p>\n<h2 data-start=\"187\" data-end=\"217\">Miniature baby mobile 1\/6<\/h2>\n<p data-start=\"219\" data-end=\"308\">Diorama - Barbie baby - Kelly - Shelly - Chelsea - Happy Family baby - similar sizes<\/p>\n<hr data-start=\"310\" data-end=\"313\" \/>\n<h3 data-start=\"315\" data-end=\"332\">\u2b50 Description<\/h3>\n<p data-start=\"334\" data-end=\"517\">This 1\/6-scale miniature baby mobile is the perfect complement to miniature cribs.<br data-start=\"414\" data-end=\"417\" \/>Delicate and poetic, it adds a soft, warm touch to your nursery scenes and dioramas.<\/p>\n<hr data-start=\"519\" data-end=\"522\" \/>\n<h3 data-start=\"524\" data-end=\"544\">\ud83d\udc76 Compatibility<\/h3>\n<p data-start=\"546\" data-end=\"695\">Suitable for babies and children:<br data-start=\"583\" data-end=\"586\" \/>- Barbie baby<br data-start=\"599\" data-end=\"602\" \/>- Kelly<br data-start=\"609\" data-end=\"612\" \/>- Shelly<br data-start=\"620\" data-end=\"623\" \/>- Chelsea<br data-start=\"632\" data-end=\"635\" \/>- Happy Family b\u00e9b\u00e9<br data-start=\"654\" data-end=\"657\" \/>- Other dolls of equivalent size<\/p>\n<p data-start=\"697\" data-end=\"764\">\ud83d\udc49 Compatible with my <strong data-start=\"720\" data-end=\"744\">miniature cots<\/strong> (sold separately)<\/p>\n<hr data-start=\"766\" data-end=\"769\" \/>\n<h3 data-start=\"771\" data-end=\"788\">\u2728 Composition<\/h3>\n<p data-start=\"790\" data-end=\"857\">The mobile is composed of :<br data-start=\"816\" data-end=\"819\" \/>\u2022 <strong data-start=\"821\" data-end=\"834\">2 stars<\/strong><br data-start=\"834\" data-end=\"837\" \/>\u2022 <strong data-start=\"839\" data-end=\"857\">2 mini bears<\/strong><\/p>\n<hr data-start=\"859\" data-end=\"862\" \/>\n<h3 data-start=\"864\" data-end=\"889\">\ud83c\udfa8 Choice of finishes<\/h3>\n<p data-start=\"891\" data-end=\"910\">You choose :<\/p>\n<p data-start=\"912\" data-end=\"1003\">\u2022 <strong data-start=\"914\" data-end=\"932\">Mounted and painted<\/strong><br data-start=\"932\" data-end=\"935\" \/>\u2022 <strong data-start=\"937\" data-end=\"950\">Unpainted<\/strong><br data-start=\"950\" data-end=\"953\" \/>\u2022 <strong data-start=\"955\" data-end=\"965\">In KIT<\/strong> - assemble and paint yourself<\/p>\n<p data-start=\"1005\" data-end=\"1048\">\ud83d\udc49 Ideal for complete customization<\/p>\n<hr data-start=\"1050\" data-end=\"1053\" \/>\n<h3 data-start=\"1055\" data-end=\"1084\">\ud83e\udeb5 Handcrafted<\/h3>\n<p data-start=\"1086\" data-end=\"1300\">Made to order<br data-start=\"1106\" data-end=\"1109\" \/>Handcrafted :<br data-start=\"1133\" data-end=\"1136\" \/>slight variations in shape, color or finish may occur<br data-start=\"1212\" data-end=\"1215\" \/>Minor imperfections are part of the charm of handmade products.<\/p>\n<hr data-start=\"1302\" data-end=\"1305\" \/>\n<h3 data-start=\"1307\" data-end=\"1338\">\u2139\ufe0f Important information<\/h3>\n<p data-start=\"1340\" data-end=\"1825\">- The photos are examples of staging<br data-start=\"1387\" data-end=\"1390\" \/>- Only mobile sold (bed, dolls and accessories not included)<br data-start=\"1457\" data-end=\"1460\" \/>- Compatible with my furniture sold separately in the store<br data-start=\"1524\" data-end=\"1527\" \/>- Other decorations are available in the store<br data-start=\"1585\" data-end=\"1588\" \/>- Please take into account manufacturing and delivery times (see General Sales Conditions).<br data-start=\"1690\" data-end=\"1693\" \/>- This is not a toy - intended for an adult audience<br data-start=\"1755\" data-end=\"1758\" \/>- I am not responsible for any damage incurred in transit.<\/p>\n<hr data-start=\"1827\" data-end=\"1830\" \/>\n<h3 data-start=\"1832\" data-end=\"1868\">\ud83d\udecd\ufe0f To discover in the store<\/h3>\n<p data-start=\"1870\" data-end=\"1933\">Baby beds, nursery furniture, matching decorations and accessories<\/p>\n<p data-start=\"1935\" data-end=\"2025\">\ud83d\udcf8 <strong data-start=\"1938\" data-end=\"1980\">More photos and inspiration here:<\/strong><br data-start=\"1980\" data-end=\"1983\" \/>\ud83d\udc49 <a class=\"decorated-link\" href=\"https:\/\/www.instagram.com\/sunnyshop211\/\" target=\"_new\" rel=\"noopener\" data-start=\"1986\" data-end=\"2025\">https:\/\/www.instagram.com\/sunnyshop211\/<\/a><\/p>\n<hr data-start=\"2027\" data-end=\"2030\" \/>\n<p data-start=\"2032\" data-end=\"2119\">\u2728 A sweet and poetic miniature baby mobile to sublimate your nursery scenes to 1\/6.<\/p>","protected":false},"excerpt":{"rendered":"<p>&nbsp; Mobile b\u00e9b\u00e9 miniature 1\/6 Diorama \u2013 Barbie baby \u2013 Kelly \u2013 Shelly \u2013 Chelsea \u2013 Happy Family b\u00e9b\u00e9 \u2013 tailles similaires \u2b50 Description Ce mobile b\u00e9b\u00e9 miniature au 1\/6 compl\u00e8tera \u00e0 merveille les lits b\u00e9b\u00e9 miniatures.D\u00e9licat et po\u00e9tique, il apporte une touche douce et chaleureuse \u00e0 vos sc\u00e8nes de nursery et dioramas. \ud83d\udc76 Compatibilit\u00e9 [&hellip;]<\/p>\n","protected":false},"featured_media":15631,"comment_status":"open","ping_status":"closed","template":"","meta":{"_crdt_document":"","jetpack_post_was_ever_published":false,"jetpack_publicize_message":"","jetpack_publicize_feature_enabled":true,"jetpack_social_post_already_shared":true,"jetpack_social_options":{"image_generator_settings":{"template":"highway","default_image_id":0,"font":"","enabled":false},"version":2}},"product_brand":[],"product_cat":[667686969],"product_tag":[667681137,667681278,667681138,667681145,667681143,667681136,667681142,667684195,667683212,667684191,667683208,667681139,667681144,667681173,667681717,667681141,667681140,667684193],"class_list":{"0":"post-15635","1":"product","2":"type-product","3":"status-publish","4":"has-post-thumbnail","6":"product_cat-decoration","7":"product_tag-baby","8":"product_tag-barbie","9":"product_tag-bebe","10":"product_tag-bed","11":"product_tag-bedroom","12":"product_tag-bjd","13":"product_tag-chambre","14":"product_tag-chelsea","15":"product_tag-happy-family","16":"product_tag-kelly","17":"product_tag-krissy","18":"product_tag-lati-yellow","19":"product_tag-lit","20":"product_tag-minifee","21":"product_tag-mobile","22":"product_tag-nappy-choo","23":"product_tag-pukifee","24":"product_tag-shelly","25":"product_shipping_class-lettre-suivie","26":"pa_couleur-custom","27":"pa_couleur-kit","28":"pa_couleur-non-peint","30":"first","31":"instock","32":"purchasable","33":"product-type-variable"},"yoast_head":"<!-- This site is optimized with the Yoast SEO plugin v27.4 - https:\/\/yoast.com\/product\/yoast-seo-wordpress\/ -->\n<title>Mobile b\u00e9b\u00e9 miniature 1\/6 -<\/title>\n<meta name=\"description\" content=\"Mobile b\u00e9b\u00e9 miniature 1\/6 diorama for Barbie Kelly, Shelly, Chelsea, happy family b\u00e9b\u00e9 ou similaires. Ce petit mobile compl\u00e8tera \u00e0 merveille vos lits b\u00e9b\u00e9.\" \/>\n<meta name=\"robots\" content=\"index, follow, max-snippet:-1, max-image-preview:large, max-video-preview:-1\" \/>\n<link rel=\"canonical\" href=\"https:\/\/www.sunnyshop211.com\/en\/product\/mobile-bebe-miniature-1-6\/\" \/>\n<meta property=\"og:locale\" content=\"en_US\" \/>\n<meta property=\"og:type\" content=\"article\" \/>\n<meta property=\"og:title\" content=\"Mobile b\u00e9b\u00e9 miniature 1\/6 -\" \/>\n<meta property=\"og:description\" content=\"Mobile b\u00e9b\u00e9 miniature 1\/6 diorama for Barbie Kelly, Shelly, Chelsea, happy family b\u00e9b\u00e9 ou similaires. Ce petit mobile compl\u00e8tera \u00e0 merveille vos lits b\u00e9b\u00e9.\" \/>\n<meta property=\"og:url\" content=\"https:\/\/www.sunnyshop211.com\/en\/product\/mobile-bebe-miniature-1-6\/\" \/>\n<meta property=\"og:site_name\" content=\"Sunnyshop211 -Vente de dioramas, meubles, miniatures , bjd poup\u00e9es 1\/12 1\/8 1\/6 1\/4 1\/3\" \/>\n<meta property=\"article:publisher\" content=\"https:\/\/www.facebook.com\/sunnyshop211\/?ref=bookmarks\" \/>\n<meta property=\"article:modified_time\" content=\"2025-12-27T10:36:13+00:00\" \/>\n<meta property=\"og:image\" content=\"https:\/\/www.sunnyshop211.com\/wp-content\/uploads\/2020\/04\/mobilebarbie-25-scaled.jpg\" \/>\n\t<meta property=\"og:image:width\" content=\"2560\" \/>\n\t<meta property=\"og:image:height\" content=\"1707\" \/>\n\t<meta property=\"og:image:type\" content=\"image\/jpeg\" \/>\n<meta name=\"twitter:card\" content=\"summary_large_image\" \/>\n<meta name=\"twitter:site\" content=\"@sunnyshop211\" \/>\n<meta name=\"twitter:label1\" content=\"Est. reading time\" \/>\n\t<meta name=\"twitter:data1\" content=\"2 minutes\" \/>\n<script type=\"application\/ld+json\" class=\"yoast-schema-graph\">{\"@context\":\"https:\\\/\\\/schema.org\",\"@graph\":[{\"@type\":\"WebPage\",\"@id\":\"https:\\\/\\\/www.sunnyshop211.com\\\/produit\\\/mobile-bebe-miniature-1-6\\\/\",\"url\":\"https:\\\/\\\/www.sunnyshop211.com\\\/produit\\\/mobile-bebe-miniature-1-6\\\/\",\"name\":\"Mobile b\u00e9b\u00e9 miniature 1\\\/6 -\",\"isPartOf\":{\"@id\":\"https:\\\/\\\/www.sunnyshop211.com\\\/#website\"},\"primaryImageOfPage\":{\"@id\":\"https:\\\/\\\/www.sunnyshop211.com\\\/produit\\\/mobile-bebe-miniature-1-6\\\/#primaryimage\"},\"image\":{\"@id\":\"https:\\\/\\\/www.sunnyshop211.com\\\/produit\\\/mobile-bebe-miniature-1-6\\\/#primaryimage\"},\"thumbnailUrl\":\"https:\\\/\\\/www.sunnyshop211.com\\\/wp-content\\\/uploads\\\/2020\\\/04\\\/mobilebarbie-25-scaled.jpg\",\"datePublished\":\"2020-04-28T13:17:22+00:00\",\"dateModified\":\"2025-12-27T10:36:13+00:00\",\"description\":\"Mobile b\u00e9b\u00e9 miniature 1\\\/6 diorama for Barbie Kelly, Shelly, Chelsea, happy family b\u00e9b\u00e9 ou similaires. Ce petit mobile compl\u00e8tera \u00e0 merveille vos lits b\u00e9b\u00e9.\",\"breadcrumb\":{\"@id\":\"https:\\\/\\\/www.sunnyshop211.com\\\/produit\\\/mobile-bebe-miniature-1-6\\\/#breadcrumb\"},\"inLanguage\":\"en-US\",\"potentialAction\":[{\"@type\":\"ReadAction\",\"target\":[\"https:\\\/\\\/www.sunnyshop211.com\\\/produit\\\/mobile-bebe-miniature-1-6\\\/\"]}]},{\"@type\":\"ImageObject\",\"inLanguage\":\"en-US\",\"@id\":\"https:\\\/\\\/www.sunnyshop211.com\\\/produit\\\/mobile-bebe-miniature-1-6\\\/#primaryimage\",\"url\":\"https:\\\/\\\/www.sunnyshop211.com\\\/wp-content\\\/uploads\\\/2020\\\/04\\\/mobilebarbie-25-scaled.jpg\",\"contentUrl\":\"https:\\\/\\\/www.sunnyshop211.com\\\/wp-content\\\/uploads\\\/2020\\\/04\\\/mobilebarbie-25-scaled.jpg\",\"width\":2560,\"height\":1707,\"caption\":\"Mobile b\u00e9b\u00e9 1\\\/6 diorama\"},{\"@type\":\"BreadcrumbList\",\"@id\":\"https:\\\/\\\/www.sunnyshop211.com\\\/produit\\\/mobile-bebe-miniature-1-6\\\/#breadcrumb\",\"itemListElement\":[{\"@type\":\"ListItem\",\"position\":1,\"name\":\"Accueil\",\"item\":\"https:\\\/\\\/www.sunnyshop211.com\\\/\"},{\"@type\":\"ListItem\",\"position\":2,\"name\":\"Boutique\",\"item\":\"https:\\\/\\\/www.sunnyshop211.com\\\/boutique-miniature-bjd-dolls\\\/\"},{\"@type\":\"ListItem\",\"position\":3,\"name\":\"Mobile b\u00e9b\u00e9 miniature 1\\\/6\"}]},{\"@type\":\"WebSite\",\"@id\":\"https:\\\/\\\/www.sunnyshop211.com\\\/#website\",\"url\":\"https:\\\/\\\/www.sunnyshop211.com\\\/\",\"name\":\"Vente de dioramas, meubles, miniatures , bjd poup\u00e9es 1\\\/12 1\\\/8 1\\\/6 1\\\/4 1\\\/3\",\"description\":\"Sunnyshop211 - Votre univers miniature pour poup\u00e9es et BJD, dioramas et meubles sur mesure !\",\"publisher\":{\"@id\":\"https:\\\/\\\/www.sunnyshop211.com\\\/#organization\"},\"alternateName\":\"sunnyshop211\",\"potentialAction\":[{\"@type\":\"SearchAction\",\"target\":{\"@type\":\"EntryPoint\",\"urlTemplate\":\"https:\\\/\\\/www.sunnyshop211.com\\\/?s={search_term_string}\"},\"query-input\":{\"@type\":\"PropertyValueSpecification\",\"valueRequired\":true,\"valueName\":\"search_term_string\"}}],\"inLanguage\":\"en-US\"},{\"@type\":\"Organization\",\"@id\":\"https:\\\/\\\/www.sunnyshop211.com\\\/#organization\",\"name\":\"sunnyshop211\",\"alternateName\":\"sunnyshop211 diorama bjd meuble miniature\",\"url\":\"https:\\\/\\\/www.sunnyshop211.com\\\/\",\"logo\":{\"@type\":\"ImageObject\",\"inLanguage\":\"en-US\",\"@id\":\"https:\\\/\\\/www.sunnyshop211.com\\\/#\\\/schema\\\/logo\\\/image\\\/\",\"url\":\"https:\\\/\\\/www.sunnyshop211.com\\\/wp-content\\\/uploads\\\/2022\\\/08\\\/cropped-cropped-cropped-Sunnyshop211-1.png\",\"contentUrl\":\"https:\\\/\\\/www.sunnyshop211.com\\\/wp-content\\\/uploads\\\/2022\\\/08\\\/cropped-cropped-cropped-Sunnyshop211-1.png\",\"width\":339,\"height\":339,\"caption\":\"sunnyshop211\"},\"image\":{\"@id\":\"https:\\\/\\\/www.sunnyshop211.com\\\/#\\\/schema\\\/logo\\\/image\\\/\"},\"sameAs\":[\"https:\\\/\\\/www.facebook.com\\\/sunnyshop211\\\/?ref=bookmarks\",\"https:\\\/\\\/x.com\\\/sunnyshop211\",\"https:\\\/\\\/www.instagram.com\\\/sunnyshop211\\\/\",\"https:\\\/\\\/www.tumblr.com\\\/blog\\\/sunnyshop211\",\"https:\\\/\\\/www.youtube.com\\\/channel\\\/UCtYY18OGGDKrTSzgcf7fCBg\",\"https:\\\/\\\/www.tiktok.com\\\/@sunnydollshop211?is_from_webapp=1&sender_device=pc\"]}]}<\/script>\n<!-- \/ Yoast SEO plugin. -->","yoast_head_json":{"title":"Miniature baby mobile 1\/6 -","description":"Miniature baby mobile 1\/6 diorama for Barbie Kelly, Shelly, Chelsea, happy family b\u00e9b\u00e9 or similar. This little mobile is the perfect addition to your cribs.","robots":{"index":"index","follow":"follow","max-snippet":"max-snippet:-1","max-image-preview":"max-image-preview:large","max-video-preview":"max-video-preview:-1"},"canonical":"https:\/\/www.sunnyshop211.com\/en\/product\/mobile-bebe-miniature-1-6\/","og_locale":"en_US","og_type":"article","og_title":"Mobile b\u00e9b\u00e9 miniature 1\/6 -","og_description":"Mobile b\u00e9b\u00e9 miniature 1\/6 diorama for Barbie Kelly, Shelly, Chelsea, happy family b\u00e9b\u00e9 ou similaires. Ce petit mobile compl\u00e8tera \u00e0 merveille vos lits b\u00e9b\u00e9.","og_url":"https:\/\/www.sunnyshop211.com\/en\/product\/mobile-bebe-miniature-1-6\/","og_site_name":"Sunnyshop211 -Vente de dioramas, meubles, miniatures , bjd poup\u00e9es 1\/12 1\/8 1\/6 1\/4 1\/3","article_publisher":"https:\/\/www.facebook.com\/sunnyshop211\/?ref=bookmarks","article_modified_time":"2025-12-27T10:36:13+00:00","og_image":[{"width":2560,"height":1707,"url":"https:\/\/www.sunnyshop211.com\/wp-content\/uploads\/2020\/04\/mobilebarbie-25-scaled.jpg","type":"image\/jpeg"}],"twitter_card":"summary_large_image","twitter_site":"@sunnyshop211","twitter_misc":{"Est. reading time":"2 minutes"},"schema":{"@context":"https:\/\/schema.org","@graph":[{"@type":"WebPage","@id":"https:\/\/www.sunnyshop211.com\/produit\/mobile-bebe-miniature-1-6\/","url":"https:\/\/www.sunnyshop211.com\/produit\/mobile-bebe-miniature-1-6\/","name":"Miniature baby mobile 1\/6 -","isPartOf":{"@id":"https:\/\/www.sunnyshop211.com\/#website"},"primaryImageOfPage":{"@id":"https:\/\/www.sunnyshop211.com\/produit\/mobile-bebe-miniature-1-6\/#primaryimage"},"image":{"@id":"https:\/\/www.sunnyshop211.com\/produit\/mobile-bebe-miniature-1-6\/#primaryimage"},"thumbnailUrl":"https:\/\/www.sunnyshop211.com\/wp-content\/uploads\/2020\/04\/mobilebarbie-25-scaled.jpg","datePublished":"2020-04-28T13:17:22+00:00","dateModified":"2025-12-27T10:36:13+00:00","description":"Miniature baby mobile 1\/6 diorama for Barbie Kelly, Shelly, Chelsea, happy family b\u00e9b\u00e9 or similar. This little mobile is the perfect addition to your cribs.","breadcrumb":{"@id":"https:\/\/www.sunnyshop211.com\/produit\/mobile-bebe-miniature-1-6\/#breadcrumb"},"inLanguage":"en-US","potentialAction":[{"@type":"ReadAction","target":["https:\/\/www.sunnyshop211.com\/produit\/mobile-bebe-miniature-1-6\/"]}]},{"@type":"ImageObject","inLanguage":"en-US","@id":"https:\/\/www.sunnyshop211.com\/produit\/mobile-bebe-miniature-1-6\/#primaryimage","url":"https:\/\/www.sunnyshop211.com\/wp-content\/uploads\/2020\/04\/mobilebarbie-25-scaled.jpg","contentUrl":"https:\/\/www.sunnyshop211.com\/wp-content\/uploads\/2020\/04\/mobilebarbie-25-scaled.jpg","width":2560,"height":1707,"caption":"Mobile b\u00e9b\u00e9 1\/6 diorama"},{"@type":"BreadcrumbList","@id":"https:\/\/www.sunnyshop211.com\/produit\/mobile-bebe-miniature-1-6\/#breadcrumb","itemListElement":[{"@type":"ListItem","position":1,"name":"Accueil","item":"https:\/\/www.sunnyshop211.com\/"},{"@type":"ListItem","position":2,"name":"Boutique","item":"https:\/\/www.sunnyshop211.com\/boutique-miniature-bjd-dolls\/"},{"@type":"ListItem","position":3,"name":"Mobile b\u00e9b\u00e9 miniature 1\/6"}]},{"@type":"WebSite","@id":"https:\/\/www.sunnyshop211.com\/#website","url":"https:\/\/www.sunnyshop211.com\/","name":"Sale of dioramas, furniture, miniatures, bjd dolls 1\/12 1\/8 1\/6 1\/4 1\/3","description":"Sunnyshop211 - Your miniature world for dolls and BJDs, dioramas and custom-made furniture!","publisher":{"@id":"https:\/\/www.sunnyshop211.com\/#organization"},"alternateName":"sunnyshop211","potentialAction":[{"@type":"SearchAction","target":{"@type":"EntryPoint","urlTemplate":"https:\/\/www.sunnyshop211.com\/?s={search_term_string}"},"query-input":{"@type":"PropertyValueSpecification","valueRequired":true,"valueName":"search_term_string"}}],"inLanguage":"en-US"},{"@type":"Organization","@id":"https:\/\/www.sunnyshop211.com\/#organization","name":"sunnyshop211","alternateName":"sunnyshop211 diorama bjd meuble miniature","url":"https:\/\/www.sunnyshop211.com\/","logo":{"@type":"ImageObject","inLanguage":"en-US","@id":"https:\/\/www.sunnyshop211.com\/#\/schema\/logo\/image\/","url":"https:\/\/www.sunnyshop211.com\/wp-content\/uploads\/2022\/08\/cropped-cropped-cropped-Sunnyshop211-1.png","contentUrl":"https:\/\/www.sunnyshop211.com\/wp-content\/uploads\/2022\/08\/cropped-cropped-cropped-Sunnyshop211-1.png","width":339,"height":339,"caption":"sunnyshop211"},"image":{"@id":"https:\/\/www.sunnyshop211.com\/#\/schema\/logo\/image\/"},"sameAs":["https:\/\/www.facebook.com\/sunnyshop211\/?ref=bookmarks","https:\/\/x.com\/sunnyshop211","https:\/\/www.instagram.com\/sunnyshop211\/","https:\/\/www.tumblr.com\/blog\/sunnyshop211","https:\/\/www.youtube.com\/channel\/UCtYY18OGGDKrTSzgcf7fCBg","https:\/\/www.tiktok.com\/@sunnydollshop211?is_from_webapp=1&sender_device=pc"]}]}},"jetpack_publicize_connections":[],"jetpack_sharing_enabled":true,"_links":{"self":[{"href":"https:\/\/www.sunnyshop211.com\/en\/wp-json\/wp\/v2\/product\/15635","targetHints":{"allow":["GET"]}}],"collection":[{"href":"https:\/\/www.sunnyshop211.com\/en\/wp-json\/wp\/v2\/product"}],"about":[{"href":"https:\/\/www.sunnyshop211.com\/en\/wp-json\/wp\/v2\/types\/product"}],"replies":[{"embeddable":true,"href":"https:\/\/www.sunnyshop211.com\/en\/wp-json\/wp\/v2\/comments?post=15635"}],"version-history":[{"count":9,"href":"https:\/\/www.sunnyshop211.com\/en\/wp-json\/wp\/v2\/product\/15635\/revisions"}],"predecessor-version":[{"id":53030,"href":"https:\/\/www.sunnyshop211.com\/en\/wp-json\/wp\/v2\/product\/15635\/revisions\/53030"}],"wp:featuredmedia":[{"embeddable":true,"href":"https:\/\/www.sunnyshop211.com\/en\/wp-json\/wp\/v2\/media\/15631"}],"wp:attachment":[{"href":"https:\/\/www.sunnyshop211.com\/en\/wp-json\/wp\/v2\/media?parent=15635"}],"wp:term":[{"taxonomy":"product_brand","embeddable":true,"href":"https:\/\/www.sunnyshop211.com\/en\/wp-json\/wp\/v2\/product_brand?post=15635"},{"taxonomy":"product_cat","embeddable":true,"href":"https:\/\/www.sunnyshop211.com\/en\/wp-json\/wp\/v2\/product_cat?post=15635"},{"taxonomy":"product_tag","embeddable":true,"href":"https:\/\/www.sunnyshop211.com\/en\/wp-json\/wp\/v2\/product_tag?post=15635"}],"curies":[{"name":"wp","href":"https:\/\/api.w.org\/{rel}","templated":true}]}}