{"id":15112,"date":"2020-04-17T16:19:32","date_gmt":"2020-04-17T15:19:32","guid":{"rendered":"https:\/\/sunnyshop211.com\/?post_type=product&#038;p=15112"},"modified":"2026-01-03T20:45:29","modified_gmt":"2026-01-03T19:45:29","slug":"lot-presentoirs-a-tissus-1-6-barbie-pullip-poppy-parker-littlefee","status":"publish","type":"product","link":"https:\/\/www.sunnyshop211.com\/en\/product\/lot-presentoirs-a-tissus-1-6-barbie-pullip-poppy-parker-littlefee\/","title":{"rendered":"1\/6 Barbie, pullip, Poppy Parker, littlefee fabric display set"},"content":{"rendered":"<div id='gallery-1' class='gallery galleryid-15112 gallery-columns-3 gallery-size-thumbnail'><figure class='gallery-item'>\n\t\t\t<div class='gallery-icon portrait'>\n\t\t\t\t<a href='https:\/\/www.sunnyshop211.com\/en\/?attachment_id=15099'><img decoding=\"async\" width=\"150\" height=\"150\" src=\"https:\/\/www.sunnyshop211.com\/wp-content\/uploads\/2020\/04\/3-13-150x150.jpg\" class=\"attachment-thumbnail size-thumbnail\" alt=\"\" srcset=\"https:\/\/www.sunnyshop211.com\/wp-content\/uploads\/2020\/04\/3-13-150x150.jpg 150w, https:\/\/www.sunnyshop211.com\/wp-content\/uploads\/2020\/04\/3-13-scaled-500x500.jpg 500w, https:\/\/www.sunnyshop211.com\/wp-content\/uploads\/2020\/04\/3-13-100x100.jpg 100w\" sizes=\"(max-width: 150px) 100vw, 150px\" \/><\/a>\n\t\t\t<\/div><\/figure><figure class='gallery-item'>\n\t\t\t<div class='gallery-icon portrait'>\n\t\t\t\t<a href='https:\/\/www.sunnyshop211.com\/en\/?attachment_id=15105'><img decoding=\"async\" width=\"150\" height=\"150\" src=\"https:\/\/www.sunnyshop211.com\/wp-content\/uploads\/2020\/04\/6-10-scaled-150x150.jpg\" class=\"attachment-thumbnail size-thumbnail\" alt=\"Lot pr\u00e9sentoirs \u00e0 tissus 1\/6\" srcset=\"https:\/\/www.sunnyshop211.com\/wp-content\/uploads\/2020\/04\/6-10-scaled-150x150.jpg 150w, https:\/\/www.sunnyshop211.com\/wp-content\/uploads\/2020\/04\/6-10-scaled-500x500.jpg 500w, https:\/\/www.sunnyshop211.com\/wp-content\/uploads\/2020\/04\/6-10-100x100.jpg 100w\" sizes=\"(max-width: 150px) 100vw, 150px\" \/><\/a>\n\t\t\t<\/div><\/figure><figure class='gallery-item'>\n\t\t\t<div class='gallery-icon portrait'>\n\t\t\t\t<a href='https:\/\/www.sunnyshop211.com\/en\/?attachment_id=15106'><img decoding=\"async\" width=\"150\" height=\"150\" src=\"https:\/\/www.sunnyshop211.com\/wp-content\/uploads\/2020\/04\/7-9-150x150.jpg\" class=\"attachment-thumbnail size-thumbnail\" alt=\"\" srcset=\"https:\/\/www.sunnyshop211.com\/wp-content\/uploads\/2020\/04\/7-9-150x150.jpg 150w, https:\/\/www.sunnyshop211.com\/wp-content\/uploads\/2020\/04\/7-9-scaled-500x500.jpg 500w, https:\/\/www.sunnyshop211.com\/wp-content\/uploads\/2020\/04\/7-9-100x100.jpg 100w\" sizes=\"(max-width: 150px) 100vw, 150px\" \/><\/a>\n\t\t\t<\/div><\/figure><figure class='gallery-item'>\n\t\t\t<div class='gallery-icon portrait'>\n\t\t\t\t<a href='https:\/\/www.sunnyshop211.com\/en\/?attachment_id=15093'><img loading=\"lazy\" decoding=\"async\" width=\"150\" height=\"150\" src=\"https:\/\/www.sunnyshop211.com\/wp-content\/uploads\/2020\/04\/9-6-150x150.jpg\" class=\"attachment-thumbnail size-thumbnail\" alt=\"Lot pr\u00e9sentoirs \u00e0 tissus 1\/6\" srcset=\"https:\/\/www.sunnyshop211.com\/wp-content\/uploads\/2020\/04\/9-6-150x150.jpg 150w, https:\/\/www.sunnyshop211.com\/wp-content\/uploads\/2020\/04\/9-6-scaled-500x500.jpg 500w, https:\/\/www.sunnyshop211.com\/wp-content\/uploads\/2020\/04\/9-6-100x100.jpg 100w\" sizes=\"(max-width: 150px) 100vw, 150px\" \/><\/a>\n\t\t\t<\/div><\/figure>\n\t\t<\/div>\n\n<h2 data-start=\"167\" data-end=\"302\">Set of 1\/6 miniature fabric displays - diorama - barbie - pullip - blythe - fashion royalty - poppy parker - phicen - littlefee<\/h2>\n<p data-start=\"304\" data-end=\"324\">\u2500\u2500\u2500\u2500\u2500\u2500\u2500\u2500\u2500\u2500\u2500\u2500\u2500\u2500\u2500\u2500\u2500\u2500\u2500\u2500<\/p>\n<p data-start=\"326\" data-end=\"343\">\u2728 <strong data-start=\"328\" data-end=\"343\">Description<\/strong><\/p>\n<p data-start=\"345\" data-end=\"589\">This set of miniature fabric displays <strong data-start=\"386\" data-end=\"393\">1\/6<\/strong> is the ideal complement to your sewing dioramas, creative workshops or miniature showrooms.<br data-start=\"483\" data-end=\"486\" \/>Perfect for bringing realism and detail to your fashion, sewing or DIY scenes.<\/p>\n<p data-start=\"591\" data-end=\"659\">A decorative set designed to enhance your 1\/6 staging.<\/p>\n<p data-start=\"661\" data-end=\"681\">\u2500\u2500\u2500\u2500\u2500\u2500\u2500\u2500\u2500\u2500\u2500\u2500\u2500\u2500\u2500\u2500\u2500\u2500\u2500\u2500<\/p>\n<p data-start=\"683\" data-end=\"703\">\ud83e\uddf8 <strong data-start=\"686\" data-end=\"703\">Compatibility<\/strong><\/p>\n<p data-start=\"705\" data-end=\"755\">Suitable for dolls and miniature worlds <strong data-start=\"746\" data-end=\"753\">1\/6<\/strong> :<\/p>\n<p data-start=\"757\" data-end=\"890\">- Barbie<br data-start=\"765\" data-end=\"768\" \/>- Pullip<br data-start=\"776\" data-end=\"779\" \/>- Blythe<br data-start=\"787\" data-end=\"790\" \/>- Fashion Royalty<br data-start=\"807\" data-end=\"810\" \/>- Poppy Parker<br data-start=\"824\" data-end=\"827\" \/>- Phicen<br data-start=\"835\" data-end=\"838\" \/>- LittleFee<br data-start=\"849\" data-end=\"852\" \/>- Other dolls of equivalent size<\/p>\n<p data-start=\"892\" data-end=\"987\">Compatible with furniture and accessories sold separately in the store <strong data-start=\"970\" data-end=\"986\">sunnyshop211<\/strong>.<\/p>\n<p data-start=\"989\" data-end=\"1009\">\u2500\u2500\u2500\u2500\u2500\u2500\u2500\u2500\u2500\u2500\u2500\u2500\u2500\u2500\u2500\u2500\u2500\u2500\u2500\u2500<\/p>\n<p data-start=\"1011\" data-end=\"1036\">\ud83e\uddf5 <strong data-start=\"1014\" data-end=\"1036\">Batch composition<\/strong><\/p>\n<p data-start=\"1038\" data-end=\"1086\">- Batch of <strong data-start=\"1047\" data-end=\"1073\">3 fabric racks<\/strong> miniatures<\/p>\n<p data-start=\"1088\" data-end=\"1202\">\ud83d\udc49 Fabrics may vary from photos, subject to availability.<br data-start=\"1172\" data-end=\"1175\" \/>Each batch is therefore unique.<\/p>\n<p data-start=\"1204\" data-end=\"1312\">These displays are the perfect complement to the sewing machine and accessories available in the store.<\/p>\n<p data-start=\"1314\" data-end=\"1334\">\u2500\u2500\u2500\u2500\u2500\u2500\u2500\u2500\u2500\u2500\u2500\u2500\u2500\u2500\u2500\u2500\u2500\u2500\u2500\u2500<\/p>\n<p data-start=\"1336\" data-end=\"1370\">\ud83c\udfac <strong data-start=\"1339\" data-end=\"1370\">Use &amp; staging<\/strong><\/p>\n<p data-start=\"1372\" data-end=\"1384\">Ideal for :<\/p>\n<p data-start=\"1386\" data-end=\"1507\">- miniature sewing workshops<br data-start=\"1418\" data-end=\"1421\" \/>- fashion or creative dioramas<br data-start=\"1448\" data-end=\"1451\" \/>- showrooms or dressing rooms<br data-start=\"1475\" data-end=\"1478\" \/>- scenes from everyday life<\/p>\n<p data-start=\"1509\" data-end=\"1591\">Other decorative elements shown in the photos are <strong data-start=\"1569\" data-end=\"1590\">sold separately<\/strong>.<\/p>\n<p data-start=\"1593\" data-end=\"1613\">\u2500\u2500\u2500\u2500\u2500\u2500\u2500\u2500\u2500\u2500\u2500\u2500\u2500\u2500\u2500\u2500\u2500\u2500\u2500\u2500<\/p>\n<h3 data-start=\"1615\" data-end=\"1645\">\ud83d\udd90\ufe0f <strong data-start=\"1619\" data-end=\"1645\">Handcrafted products<\/strong><\/h3>\n<p data-start=\"1647\" data-end=\"1699\">- Hand-made accessories<br data-start=\"1671\" data-end=\"1674\" \/>- Made to order<\/p>\n<p data-start=\"1701\" data-end=\"1853\">Because of its artisanal character :<br data-start=\"1735\" data-end=\"1738\" \/>- slight variations in shape or fabric may occur<br data-start=\"1801\" data-end=\"1804\" \/>- some minor imperfections are possible<\/p>\n<p data-start=\"1855\" data-end=\"1877\">Each lot is unique.<\/p>\n<p data-start=\"1879\" data-end=\"1899\">\u2500\u2500\u2500\u2500\u2500\u2500\u2500\u2500\u2500\u2500\u2500\u2500\u2500\u2500\u2500\u2500\u2500\u2500\u2500\u2500<\/p>\n<p data-start=\"1901\" data-end=\"1932\">\ud83d\udce6 <strong data-start=\"1904\" data-end=\"1932\">Important information<\/strong><\/p>\n<p data-start=\"1934\" data-end=\"2198\">- Article made to order<br data-start=\"1964\" data-end=\"1967\" \/>- Please allow for manufacturing and delivery times.<br data-start=\"2032\" data-end=\"2035\" \/>(see General Sales Conditions and delivery times)<br data-start=\"2095\" data-end=\"2098\" \/>- The photos are examples of staging<br data-start=\"2145\" data-end=\"2148\" \/>- Other decorations sold separately<\/p>\n<p data-start=\"2200\" data-end=\"2280\">More inspiration on Instagram :<br data-start=\"2235\" data-end=\"2238\" \/>\ud83d\udc49 <a class=\"decorated-link\" href=\"https:\/\/www.instagram.com\/sunnyshop211\/\" target=\"_new\" rel=\"noopener\" data-start=\"2241\" data-end=\"2280\">https:\/\/www.instagram.com\/sunnyshop211\/<\/a><\/p>\n<p data-start=\"2282\" data-end=\"2302\">\u2500\u2500\u2500\u2500\u2500\u2500\u2500\u2500\u2500\u2500\u2500\u2500\u2500\u2500\u2500\u2500\u2500\u2500\u2500\u2500<\/p>\n<p data-start=\"2304\" data-end=\"2327\">\u26a0\ufe0f <strong data-start=\"2307\" data-end=\"2327\">Terms of use<\/strong><\/p>\n<p data-start=\"2329\" data-end=\"2469\">!!!! This is not a toy, this article is intended for adults.<br data-start=\"2400\" data-end=\"2403\" \/>I am not responsible for any damage in transit.<\/p>\n<p data-start=\"2471\" data-end=\"2491\">\u2500\u2500\u2500\u2500\u2500\u2500\u2500\u2500\u2500\u2500\u2500\u2500\u2500\u2500\u2500\u2500\u2500\u2500\u2500\u2500<\/p>\n<p data-start=\"2493\" data-end=\"2591\">\ud83e\ude84 <em data-start=\"2496\" data-end=\"2591\">A set of miniature fabric displays to bring your sewing and fashion scenes to life in 1\/6 scale.<\/em><\/p>\n<p>&nbsp;<\/p>","protected":false},"excerpt":{"rendered":"<p>Lot de pr\u00e9sentoirs \u00e0 tissus miniature 1\/6 \u2013 diorama \u00b7 barbie \u00b7 pullip \u00b7 blythe \u00b7 fashion royalty \u00b7 poppy parker \u00b7 phicen \u00b7 littlefee \u2500\u2500\u2500\u2500\u2500\u2500\u2500\u2500\u2500\u2500\u2500\u2500\u2500\u2500\u2500\u2500\u2500\u2500\u2500\u2500 \u2728 Description Ce lot de pr\u00e9sentoirs \u00e0 tissus miniature 1\/6 est id\u00e9al pour compl\u00e9ter vos dioramas couture, ateliers cr\u00e9atifs ou showrooms miniatures.Parfait pour apporter du r\u00e9alisme et du d\u00e9tail [&hellip;]<\/p>\n","protected":false},"featured_media":15105,"comment_status":"open","ping_status":"closed","template":"","meta":{"_crdt_document":"","jetpack_post_was_ever_published":false,"jetpack_publicize_message":"","jetpack_publicize_feature_enabled":true,"jetpack_social_post_already_shared":true,"jetpack_social_options":{"image_generator_settings":{"template":"highway","default_image_id":0,"font":"","enabled":false},"version":2}},"product_brand":[],"product_cat":[667686997],"product_tag":[667681278,667681284,667681226,667681294,667681272,667681348,667681296,667681295,667681785,667681236,667681173,667681302,667681237,667681297,667684712,667681177,667681277,667681787,667681786,667685197,667681260],"class_list":{"0":"post-15112","1":"product","2":"type-product","3":"status-publish","4":"has-post-thumbnail","6":"product_cat-bureau-accessoires","7":"product_tag-barbie","8":"product_tag-blythe","9":"product_tag-doll","10":"product_tag-dollho","11":"product_tag-elowynn-wilde","12":"product_tag-fashion-royalty","13":"product_tag-food","14":"product_tag-kitchen","15":"product_tag-machine-a-coudre","16":"product_tag-maison-de-poupee","17":"product_tag-minifee","18":"product_tag-mixer","19":"product_tag-msd","20":"product_tag-nourriture","21":"product_tag-poppy-parker","22":"product_tag-poupee","23":"product_tag-pullip","24":"product_tag-sewing-machine","25":"product_tag-singer","26":"product_tag-tissus","27":"product_tag-tonner","28":"product_shipping_class-lettre-suivie","29":"pa_couleur-blanc","30":"pa_couleur-noir","32":"first","33":"instock","34":"taxable","35":"shipping-taxable","36":"purchasable","37":"product-type-simple"},"yoast_head":"<!-- This site is optimized with the Yoast SEO plugin v27.5 - https:\/\/yoast.com\/product\/yoast-seo-wordpress\/ -->\n<title>Lot pr\u00e9sentoirs \u00e0 tissus 1\/6 Barbie, pullip, Poppy Parker, littlefee -<\/title>\n<meta name=\"description\" content=\"Lot pr\u00e9sentoirs \u00e0 tissus 1\/6 Barbie, pullip, blythe, fashion royalty, Poppy Parker, phicen, littlefee ou autre de m\u00eame taille.\" \/>\n<meta name=\"robots\" content=\"index, follow, max-snippet:-1, max-image-preview:large, max-video-preview:-1\" \/>\n<link rel=\"canonical\" href=\"https:\/\/www.sunnyshop211.com\/en\/product\/lot-presentoirs-a-tissus-1-6-barbie-pullip-poppy-parker-littlefee\/\" \/>\n<meta property=\"og:locale\" content=\"en_US\" \/>\n<meta property=\"og:type\" content=\"article\" \/>\n<meta property=\"og:title\" content=\"Lot pr\u00e9sentoirs \u00e0 tissus 1\/6 Barbie, pullip, Poppy Parker, littlefee -\" \/>\n<meta property=\"og:description\" content=\"Lot pr\u00e9sentoirs \u00e0 tissus 1\/6 Barbie, pullip, blythe, fashion royalty, Poppy Parker, phicen, littlefee ou autre de m\u00eame taille.\" \/>\n<meta property=\"og:url\" content=\"https:\/\/www.sunnyshop211.com\/en\/product\/lot-presentoirs-a-tissus-1-6-barbie-pullip-poppy-parker-littlefee\/\" \/>\n<meta property=\"og:site_name\" content=\"Sunnyshop211 -Vente de dioramas, meubles, miniatures , bjd poup\u00e9es 1\/12 1\/8 1\/6 1\/4 1\/3\" \/>\n<meta property=\"article:publisher\" content=\"https:\/\/www.facebook.com\/sunnyshop211\/?ref=bookmarks\" \/>\n<meta property=\"article:modified_time\" content=\"2026-01-03T19:45:29+00:00\" \/>\n<meta property=\"og:image\" content=\"https:\/\/www.sunnyshop211.com\/wp-content\/uploads\/2020\/04\/6-10-scaled.jpg\" \/>\n\t<meta property=\"og:image:width\" content=\"1707\" \/>\n\t<meta property=\"og:image:height\" content=\"2560\" \/>\n\t<meta property=\"og:image:type\" content=\"image\/jpeg\" \/>\n<meta name=\"twitter:card\" content=\"summary_large_image\" \/>\n<meta name=\"twitter:site\" content=\"@sunnyshop211\" \/>\n<meta name=\"twitter:label1\" content=\"Est. reading time\" \/>\n\t<meta name=\"twitter:data1\" content=\"2 minutes\" \/>\n<script type=\"application\/ld+json\" class=\"yoast-schema-graph\">{\"@context\":\"https:\\\/\\\/schema.org\",\"@graph\":[{\"@type\":\"WebPage\",\"@id\":\"https:\\\/\\\/www.sunnyshop211.com\\\/produit\\\/lot-presentoirs-a-tissus-1-6-barbie-pullip-poppy-parker-littlefee\\\/\",\"url\":\"https:\\\/\\\/www.sunnyshop211.com\\\/produit\\\/lot-presentoirs-a-tissus-1-6-barbie-pullip-poppy-parker-littlefee\\\/\",\"name\":\"Lot pr\u00e9sentoirs \u00e0 tissus 1\\\/6 Barbie, pullip, Poppy Parker, littlefee -\",\"isPartOf\":{\"@id\":\"https:\\\/\\\/www.sunnyshop211.com\\\/#website\"},\"primaryImageOfPage\":{\"@id\":\"https:\\\/\\\/www.sunnyshop211.com\\\/produit\\\/lot-presentoirs-a-tissus-1-6-barbie-pullip-poppy-parker-littlefee\\\/#primaryimage\"},\"image\":{\"@id\":\"https:\\\/\\\/www.sunnyshop211.com\\\/produit\\\/lot-presentoirs-a-tissus-1-6-barbie-pullip-poppy-parker-littlefee\\\/#primaryimage\"},\"thumbnailUrl\":\"https:\\\/\\\/www.sunnyshop211.com\\\/wp-content\\\/uploads\\\/2020\\\/04\\\/6-10-scaled.jpg\",\"datePublished\":\"2020-04-17T15:19:32+00:00\",\"dateModified\":\"2026-01-03T19:45:29+00:00\",\"description\":\"Lot pr\u00e9sentoirs \u00e0 tissus 1\\\/6 Barbie, pullip, blythe, fashion royalty, Poppy Parker, phicen, littlefee ou autre de m\u00eame taille.\",\"breadcrumb\":{\"@id\":\"https:\\\/\\\/www.sunnyshop211.com\\\/produit\\\/lot-presentoirs-a-tissus-1-6-barbie-pullip-poppy-parker-littlefee\\\/#breadcrumb\"},\"inLanguage\":\"en-US\",\"potentialAction\":[{\"@type\":\"ReadAction\",\"target\":[\"https:\\\/\\\/www.sunnyshop211.com\\\/produit\\\/lot-presentoirs-a-tissus-1-6-barbie-pullip-poppy-parker-littlefee\\\/\"]}]},{\"@type\":\"ImageObject\",\"inLanguage\":\"en-US\",\"@id\":\"https:\\\/\\\/www.sunnyshop211.com\\\/produit\\\/lot-presentoirs-a-tissus-1-6-barbie-pullip-poppy-parker-littlefee\\\/#primaryimage\",\"url\":\"https:\\\/\\\/www.sunnyshop211.com\\\/wp-content\\\/uploads\\\/2020\\\/04\\\/6-10-scaled.jpg\",\"contentUrl\":\"https:\\\/\\\/www.sunnyshop211.com\\\/wp-content\\\/uploads\\\/2020\\\/04\\\/6-10-scaled.jpg\",\"width\":1707,\"height\":2560,\"caption\":\"Lot pr\u00e9sentoirs \u00e0 tissus 1\\\/6\"},{\"@type\":\"BreadcrumbList\",\"@id\":\"https:\\\/\\\/www.sunnyshop211.com\\\/produit\\\/lot-presentoirs-a-tissus-1-6-barbie-pullip-poppy-parker-littlefee\\\/#breadcrumb\",\"itemListElement\":[{\"@type\":\"ListItem\",\"position\":1,\"name\":\"Accueil\",\"item\":\"https:\\\/\\\/www.sunnyshop211.com\\\/\"},{\"@type\":\"ListItem\",\"position\":2,\"name\":\"Boutique\",\"item\":\"https:\\\/\\\/www.sunnyshop211.com\\\/boutique-miniature-bjd-dolls\\\/\"},{\"@type\":\"ListItem\",\"position\":3,\"name\":\"Lot pr\u00e9sentoirs \u00e0 tissus 1\\\/6 Barbie, pullip, Poppy Parker, littlefee\"}]},{\"@type\":\"WebSite\",\"@id\":\"https:\\\/\\\/www.sunnyshop211.com\\\/#website\",\"url\":\"https:\\\/\\\/www.sunnyshop211.com\\\/\",\"name\":\"Vente de dioramas, meubles, miniatures , bjd poup\u00e9es 1\\\/12 1\\\/8 1\\\/6 1\\\/4 1\\\/3\",\"description\":\"Sunnyshop211 - Votre univers miniature pour poup\u00e9es et BJD, dioramas et meubles sur mesure !\",\"publisher\":{\"@id\":\"https:\\\/\\\/www.sunnyshop211.com\\\/#organization\"},\"alternateName\":\"sunnyshop211\",\"potentialAction\":[{\"@type\":\"SearchAction\",\"target\":{\"@type\":\"EntryPoint\",\"urlTemplate\":\"https:\\\/\\\/www.sunnyshop211.com\\\/?s={search_term_string}\"},\"query-input\":{\"@type\":\"PropertyValueSpecification\",\"valueRequired\":true,\"valueName\":\"search_term_string\"}}],\"inLanguage\":\"en-US\"},{\"@type\":\"Organization\",\"@id\":\"https:\\\/\\\/www.sunnyshop211.com\\\/#organization\",\"name\":\"sunnyshop211\",\"alternateName\":\"sunnyshop211 diorama bjd meuble miniature\",\"url\":\"https:\\\/\\\/www.sunnyshop211.com\\\/\",\"logo\":{\"@type\":\"ImageObject\",\"inLanguage\":\"en-US\",\"@id\":\"https:\\\/\\\/www.sunnyshop211.com\\\/#\\\/schema\\\/logo\\\/image\\\/\",\"url\":\"https:\\\/\\\/www.sunnyshop211.com\\\/wp-content\\\/uploads\\\/2022\\\/08\\\/cropped-cropped-cropped-Sunnyshop211-1.png\",\"contentUrl\":\"https:\\\/\\\/www.sunnyshop211.com\\\/wp-content\\\/uploads\\\/2022\\\/08\\\/cropped-cropped-cropped-Sunnyshop211-1.png\",\"width\":339,\"height\":339,\"caption\":\"sunnyshop211\"},\"image\":{\"@id\":\"https:\\\/\\\/www.sunnyshop211.com\\\/#\\\/schema\\\/logo\\\/image\\\/\"},\"sameAs\":[\"https:\\\/\\\/www.facebook.com\\\/sunnyshop211\\\/?ref=bookmarks\",\"https:\\\/\\\/x.com\\\/sunnyshop211\",\"https:\\\/\\\/www.instagram.com\\\/sunnyshop211\\\/\",\"https:\\\/\\\/www.tumblr.com\\\/blog\\\/sunnyshop211\",\"https:\\\/\\\/www.youtube.com\\\/channel\\\/UCtYY18OGGDKrTSzgcf7fCBg\",\"https:\\\/\\\/www.tiktok.com\\\/@sunnydollshop211?is_from_webapp=1&sender_device=pc\"]}]}<\/script>\n<!-- \/ Yoast SEO plugin. -->","yoast_head_json":{"title":"Fabric display set 1\/6 Barbie, pullip, Poppy Parker, littlefee -","description":"Set of fabric displays 1\/6 Barbie, pullip, blythe, fashion royalty, Poppy Parker, phicen, littlefee or other of same size.","robots":{"index":"index","follow":"follow","max-snippet":"max-snippet:-1","max-image-preview":"max-image-preview:large","max-video-preview":"max-video-preview:-1"},"canonical":"https:\/\/www.sunnyshop211.com\/en\/product\/lot-presentoirs-a-tissus-1-6-barbie-pullip-poppy-parker-littlefee\/","og_locale":"en_US","og_type":"article","og_title":"Lot pr\u00e9sentoirs \u00e0 tissus 1\/6 Barbie, pullip, Poppy Parker, littlefee -","og_description":"Lot pr\u00e9sentoirs \u00e0 tissus 1\/6 Barbie, pullip, blythe, fashion royalty, Poppy Parker, phicen, littlefee ou autre de m\u00eame taille.","og_url":"https:\/\/www.sunnyshop211.com\/en\/product\/lot-presentoirs-a-tissus-1-6-barbie-pullip-poppy-parker-littlefee\/","og_site_name":"Sunnyshop211 -Vente de dioramas, meubles, miniatures , bjd poup\u00e9es 1\/12 1\/8 1\/6 1\/4 1\/3","article_publisher":"https:\/\/www.facebook.com\/sunnyshop211\/?ref=bookmarks","article_modified_time":"2026-01-03T19:45:29+00:00","og_image":[{"width":1707,"height":2560,"url":"https:\/\/www.sunnyshop211.com\/wp-content\/uploads\/2020\/04\/6-10-scaled.jpg","type":"image\/jpeg"}],"twitter_card":"summary_large_image","twitter_site":"@sunnyshop211","twitter_misc":{"Est. reading time":"2 minutes"},"schema":{"@context":"https:\/\/schema.org","@graph":[{"@type":"WebPage","@id":"https:\/\/www.sunnyshop211.com\/produit\/lot-presentoirs-a-tissus-1-6-barbie-pullip-poppy-parker-littlefee\/","url":"https:\/\/www.sunnyshop211.com\/produit\/lot-presentoirs-a-tissus-1-6-barbie-pullip-poppy-parker-littlefee\/","name":"Fabric display set 1\/6 Barbie, pullip, Poppy Parker, littlefee -","isPartOf":{"@id":"https:\/\/www.sunnyshop211.com\/#website"},"primaryImageOfPage":{"@id":"https:\/\/www.sunnyshop211.com\/produit\/lot-presentoirs-a-tissus-1-6-barbie-pullip-poppy-parker-littlefee\/#primaryimage"},"image":{"@id":"https:\/\/www.sunnyshop211.com\/produit\/lot-presentoirs-a-tissus-1-6-barbie-pullip-poppy-parker-littlefee\/#primaryimage"},"thumbnailUrl":"https:\/\/www.sunnyshop211.com\/wp-content\/uploads\/2020\/04\/6-10-scaled.jpg","datePublished":"2020-04-17T15:19:32+00:00","dateModified":"2026-01-03T19:45:29+00:00","description":"Set of fabric displays 1\/6 Barbie, pullip, blythe, fashion royalty, Poppy Parker, phicen, littlefee or other of same size.","breadcrumb":{"@id":"https:\/\/www.sunnyshop211.com\/produit\/lot-presentoirs-a-tissus-1-6-barbie-pullip-poppy-parker-littlefee\/#breadcrumb"},"inLanguage":"en-US","potentialAction":[{"@type":"ReadAction","target":["https:\/\/www.sunnyshop211.com\/produit\/lot-presentoirs-a-tissus-1-6-barbie-pullip-poppy-parker-littlefee\/"]}]},{"@type":"ImageObject","inLanguage":"en-US","@id":"https:\/\/www.sunnyshop211.com\/produit\/lot-presentoirs-a-tissus-1-6-barbie-pullip-poppy-parker-littlefee\/#primaryimage","url":"https:\/\/www.sunnyshop211.com\/wp-content\/uploads\/2020\/04\/6-10-scaled.jpg","contentUrl":"https:\/\/www.sunnyshop211.com\/wp-content\/uploads\/2020\/04\/6-10-scaled.jpg","width":1707,"height":2560,"caption":"Lot pr\u00e9sentoirs \u00e0 tissus 1\/6"},{"@type":"BreadcrumbList","@id":"https:\/\/www.sunnyshop211.com\/produit\/lot-presentoirs-a-tissus-1-6-barbie-pullip-poppy-parker-littlefee\/#breadcrumb","itemListElement":[{"@type":"ListItem","position":1,"name":"Accueil","item":"https:\/\/www.sunnyshop211.com\/"},{"@type":"ListItem","position":2,"name":"Boutique","item":"https:\/\/www.sunnyshop211.com\/boutique-miniature-bjd-dolls\/"},{"@type":"ListItem","position":3,"name":"Lot pr\u00e9sentoirs \u00e0 tissus 1\/6 Barbie, pullip, Poppy Parker, littlefee"}]},{"@type":"WebSite","@id":"https:\/\/www.sunnyshop211.com\/#website","url":"https:\/\/www.sunnyshop211.com\/","name":"Sale of dioramas, furniture, miniatures, bjd dolls 1\/12 1\/8 1\/6 1\/4 1\/3","description":"Sunnyshop211 - Your miniature world for dolls and BJDs, dioramas and custom-made furniture!","publisher":{"@id":"https:\/\/www.sunnyshop211.com\/#organization"},"alternateName":"sunnyshop211","potentialAction":[{"@type":"SearchAction","target":{"@type":"EntryPoint","urlTemplate":"https:\/\/www.sunnyshop211.com\/?s={search_term_string}"},"query-input":{"@type":"PropertyValueSpecification","valueRequired":true,"valueName":"search_term_string"}}],"inLanguage":"en-US"},{"@type":"Organization","@id":"https:\/\/www.sunnyshop211.com\/#organization","name":"sunnyshop211","alternateName":"sunnyshop211 diorama bjd meuble miniature","url":"https:\/\/www.sunnyshop211.com\/","logo":{"@type":"ImageObject","inLanguage":"en-US","@id":"https:\/\/www.sunnyshop211.com\/#\/schema\/logo\/image\/","url":"https:\/\/www.sunnyshop211.com\/wp-content\/uploads\/2022\/08\/cropped-cropped-cropped-Sunnyshop211-1.png","contentUrl":"https:\/\/www.sunnyshop211.com\/wp-content\/uploads\/2022\/08\/cropped-cropped-cropped-Sunnyshop211-1.png","width":339,"height":339,"caption":"sunnyshop211"},"image":{"@id":"https:\/\/www.sunnyshop211.com\/#\/schema\/logo\/image\/"},"sameAs":["https:\/\/www.facebook.com\/sunnyshop211\/?ref=bookmarks","https:\/\/x.com\/sunnyshop211","https:\/\/www.instagram.com\/sunnyshop211\/","https:\/\/www.tumblr.com\/blog\/sunnyshop211","https:\/\/www.youtube.com\/channel\/UCtYY18OGGDKrTSzgcf7fCBg","https:\/\/www.tiktok.com\/@sunnydollshop211?is_from_webapp=1&sender_device=pc"]}]}},"jetpack_publicize_connections":[],"jetpack_sharing_enabled":true,"_links":{"self":[{"href":"https:\/\/www.sunnyshop211.com\/en\/wp-json\/wp\/v2\/product\/15112","targetHints":{"allow":["GET"]}}],"collection":[{"href":"https:\/\/www.sunnyshop211.com\/en\/wp-json\/wp\/v2\/product"}],"about":[{"href":"https:\/\/www.sunnyshop211.com\/en\/wp-json\/wp\/v2\/types\/product"}],"replies":[{"embeddable":true,"href":"https:\/\/www.sunnyshop211.com\/en\/wp-json\/wp\/v2\/comments?post=15112"}],"version-history":[{"count":8,"href":"https:\/\/www.sunnyshop211.com\/en\/wp-json\/wp\/v2\/product\/15112\/revisions"}],"predecessor-version":[{"id":54238,"href":"https:\/\/www.sunnyshop211.com\/en\/wp-json\/wp\/v2\/product\/15112\/revisions\/54238"}],"wp:featuredmedia":[{"embeddable":true,"href":"https:\/\/www.sunnyshop211.com\/en\/wp-json\/wp\/v2\/media\/15105"}],"wp:attachment":[{"href":"https:\/\/www.sunnyshop211.com\/en\/wp-json\/wp\/v2\/media?parent=15112"}],"wp:term":[{"taxonomy":"product_brand","embeddable":true,"href":"https:\/\/www.sunnyshop211.com\/en\/wp-json\/wp\/v2\/product_brand?post=15112"},{"taxonomy":"product_cat","embeddable":true,"href":"https:\/\/www.sunnyshop211.com\/en\/wp-json\/wp\/v2\/product_cat?post=15112"},{"taxonomy":"product_tag","embeddable":true,"href":"https:\/\/www.sunnyshop211.com\/en\/wp-json\/wp\/v2\/product_tag?post=15112"}],"curies":[{"name":"wp","href":"https:\/\/api.w.org\/{rel}","templated":true}]}}