{"id":14851,"date":"2020-04-10T17:00:40","date_gmt":"2020-04-10T16:00:40","guid":{"rendered":"https:\/\/sunnyshop211.com\/?post_type=product&#038;p=14851"},"modified":"2025-12-27T09:57:24","modified_gmt":"2025-12-27T08:57:24","slug":"%f0%9f%92%96-pot-a-crayons-coeur-miniature-accessoire-diorama-bjd-1-6","status":"publish","type":"product","link":"https:\/\/www.sunnyshop211.com\/en\/product\/%f0%9f%92%96-pot-a-crayons-coeur-miniature-accessoire-diorama-bjd-1-6\/","title":{"rendered":"\ud83d\udc96 Miniature heart pencil cup - BJD diorama accessory (1\/6)"},"content":{"rendered":"<div id='gallery-1' class='gallery galleryid-14851 gallery-columns-3 gallery-size-thumbnail'><figure class='gallery-item'>\n\t\t\t<div class='gallery-icon landscape'>\n\t\t\t\t<a href='https:\/\/www.sunnyshop211.com\/en\/?attachment_id=14791'><img decoding=\"async\" width=\"150\" height=\"150\" src=\"https:\/\/www.sunnyshop211.com\/wp-content\/uploads\/2020\/04\/hamster-41-scaled-150x150.jpg\" class=\"attachment-thumbnail size-thumbnail\" alt=\"Pot crayon miniature 1\/6\" srcset=\"https:\/\/www.sunnyshop211.com\/wp-content\/uploads\/2020\/04\/hamster-41-scaled-150x150.jpg 150w, https:\/\/www.sunnyshop211.com\/wp-content\/uploads\/2020\/04\/hamster-41-scaled-500x500.jpg 500w, https:\/\/www.sunnyshop211.com\/wp-content\/uploads\/2020\/04\/hamster-41-100x100.jpg 100w\" sizes=\"(max-width: 150px) 100vw, 150px\" \/><\/a>\n\t\t\t<\/div><\/figure><figure class='gallery-item'>\n\t\t\t<div class='gallery-icon landscape'>\n\t\t\t\t<a href='https:\/\/www.sunnyshop211.com\/en\/?attachment_id=14790'><img decoding=\"async\" width=\"150\" height=\"150\" src=\"https:\/\/www.sunnyshop211.com\/wp-content\/uploads\/2020\/04\/hamster-38-scaled-150x150.jpg\" class=\"attachment-thumbnail size-thumbnail\" alt=\"Pot crayon miniature 1\/6\" srcset=\"https:\/\/www.sunnyshop211.com\/wp-content\/uploads\/2020\/04\/hamster-38-scaled-150x150.jpg 150w, https:\/\/www.sunnyshop211.com\/wp-content\/uploads\/2020\/04\/hamster-38-scaled-500x500.jpg 500w, https:\/\/www.sunnyshop211.com\/wp-content\/uploads\/2020\/04\/hamster-38-100x100.jpg 100w\" sizes=\"(max-width: 150px) 100vw, 150px\" \/><\/a>\n\t\t\t<\/div><\/figure><figure class='gallery-item'>\n\t\t\t<div class='gallery-icon landscape'>\n\t\t\t\t<a href='https:\/\/www.sunnyshop211.com\/en\/?attachment_id=14792'><img decoding=\"async\" width=\"150\" height=\"150\" src=\"https:\/\/www.sunnyshop211.com\/wp-content\/uploads\/2020\/04\/hamster-39-scaled-150x150.jpg\" class=\"attachment-thumbnail size-thumbnail\" alt=\"R\u00e8gle miniature 1\/6\" srcset=\"https:\/\/www.sunnyshop211.com\/wp-content\/uploads\/2020\/04\/hamster-39-scaled-150x150.jpg 150w, https:\/\/www.sunnyshop211.com\/wp-content\/uploads\/2020\/04\/hamster-39-scaled-500x500.jpg 500w, https:\/\/www.sunnyshop211.com\/wp-content\/uploads\/2020\/04\/hamster-39-100x100.jpg 100w\" sizes=\"(max-width: 150px) 100vw, 150px\" \/><\/a>\n\t\t\t<\/div><\/figure>\n\t\t<\/div>\n\n<h2 data-start=\"167\" data-end=\"235\">\ud83d\udc96 <strong data-start=\"170\" data-end=\"233\">Miniature heart pencil cup - BJD diorama accessory (1\/6)<\/strong><\/h2>\n<p data-start=\"237\" data-end=\"291\">Decorative miniature accessory - Handcrafted creation<\/p>\n<hr data-start=\"293\" data-end=\"296\" \/>\n<p data-start=\"298\" data-end=\"316\">\ud83c\udf3f <strong data-start=\"301\" data-end=\"316\">Description<\/strong><\/p>\n<p data-start=\"318\" data-end=\"596\">This miniature 1\/6 heart-shaped pencil cup is the ideal decorative accessory to complete your office, study or everyday diorama scenes.<br data-start=\"480\" data-end=\"483\" \/>With its soft, elegant shape, it adds a warm, romantic touch to your miniature settings.<\/p>\n<p data-start=\"598\" data-end=\"706\">Sold <strong data-start=\"604\" data-end=\"612\">vacuum<\/strong>, It allows you to personalize it with pencils, pens or miniature accessories.<\/p>\n<hr data-start=\"708\" data-end=\"711\" \/>\n<p data-start=\"713\" data-end=\"746\">\ud83d\udc95 <strong data-start=\"716\" data-end=\"746\">Details &amp; features<\/strong><\/p>\n<p data-start=\"748\" data-end=\"761\">\ud83d\udc96 <strong data-start=\"751\" data-end=\"761\">Model<\/strong><\/p>\n<p data-start=\"763\" data-end=\"828\">- Miniature pencil cup <strong data-start=\"789\" data-end=\"809\">heart-shaped<\/strong><br data-start=\"809\" data-end=\"812\" \/>- Sold <strong data-start=\"820\" data-end=\"828\">vacuum<\/strong><\/p>\n<p data-start=\"830\" data-end=\"844\">\ud83c\udfa8 <strong data-start=\"833\" data-end=\"844\">Colors<\/strong><\/p>\n<p data-start=\"846\" data-end=\"918\">- Choice of color<br data-start=\"864\" data-end=\"867\" \/>\u2728 It's up to you to modulate according to your desires and your world.<\/p>\n<p data-start=\"920\" data-end=\"933\">\ud83d\udccf <strong data-start=\"923\" data-end=\"933\">Size<\/strong><\/p>\n<p data-start=\"935\" data-end=\"1173\">- <strong data-start=\"937\" data-end=\"944\">1\/6<\/strong> : <span class=\"hover:entity-accent entity-underline inline cursor-pointer align-baseline\"><span class=\"whitespace-normal\">Barbie<\/span><\/span>, <span class=\"hover:entity-accent entity-underline inline cursor-pointer align-baseline\"><span class=\"whitespace-normal\">Pullip<\/span><\/span>, <span class=\"hover:entity-accent entity-underline inline cursor-pointer align-baseline\"><span class=\"whitespace-normal\">Blythe<\/span><\/span>, <span class=\"hover:entity-accent entity-underline inline cursor-pointer align-baseline\"><span class=\"whitespace-normal\">Poppy Parker<\/span><\/span>, <span class=\"hover:entity-accent entity-underline inline cursor-pointer align-baseline\"><span class=\"whitespace-normal\">Phicen<\/span><\/span> and dolls of equivalent size<\/p>\n<p data-start=\"1175\" data-end=\"1291\">\ud83d\udcb0 <strong data-start=\"1178\" data-end=\"1226\">Price indicated for a miniature pencil cup<\/strong><br data-start=\"1226\" data-end=\"1229\" \/>\u26a0\ufe0f Accessories shown in the photos are not included.<\/p>\n<hr data-start=\"1293\" data-end=\"1296\" \/>\n<p data-start=\"1298\" data-end=\"1326\">\u2728 <strong data-start=\"1300\" data-end=\"1326\">Handcrafted products<\/strong><\/p>\n<p data-start=\"1328\" data-end=\"1344\">Each jar is :<\/p>\n<p data-start=\"1346\" data-end=\"1433\">- Handcrafted<br data-start=\"1370\" data-end=\"1373\" \/>- Hand-painted and hand-finished<br data-start=\"1398\" data-end=\"1401\" \/>- For decorative use<\/p>\n<p data-start=\"1435\" data-end=\"1575\">Due to the artisanal nature of our work, slight variations may occur (shape, shade, small imperfections), making each piece unique.<\/p>\n<hr data-start=\"1577\" data-end=\"1580\" \/>\n<p data-start=\"1582\" data-end=\"1618\">\ud83e\udeb4 <strong data-start=\"1585\" data-end=\"1618\">Staging &amp; compatibility<\/strong><\/p>\n<p data-start=\"1620\" data-end=\"1798\">- Ideal for miniature offices, bedrooms and everyday scenes<br data-start=\"1684\" data-end=\"1687\" \/>- Compatible with furniture sold separately in the store<br data-start=\"1751\" data-end=\"1754\" \/>- Perfect for enhancing your dioramas <strong data-start=\"1791\" data-end=\"1798\">1\/6<\/strong><\/p>\n<p data-start=\"1800\" data-end=\"1881\">\ud83d\udc96 Find other matching miniature desk accessories in the store.<\/p>\n<hr data-start=\"1883\" data-end=\"1886\" \/>\n<p data-start=\"1888\" data-end=\"1914\">\u23f3 <strong data-start=\"1890\" data-end=\"1914\">Manufacturing &amp; lead times<\/strong><\/p>\n<p data-start=\"1916\" data-end=\"2067\">\ud83d\udee0\ufe0f Made-to-order items<br data-start=\"1948\" data-end=\"1951\" \/>Please take into account the manufacturing and delivery times indicated in the\u00a0<a style=\"font-size: 16px;\" href=\"https:\/\/www.sunnyshop211.com\/en\/conditions-generales-de-ventes-et-delais-de-livraisons\/\">General conditions of sale and delivery times<\/a><\/p>\n<hr data-start=\"2069\" data-end=\"2072\" \/>\n<p data-start=\"2074\" data-end=\"2105\">\u26a0\ufe0f <strong data-start=\"2077\" data-end=\"2105\">Important information<\/strong><\/p>\n<p data-start=\"2107\" data-end=\"2383\">- Fictitious and decorative accessory<br data-start=\"2139\" data-end=\"2142\" \/>- This is not a toy<br data-start=\"2167\" data-end=\"2170\" \/>- Article intended for an adult, collector audience<br data-start=\"2224\" data-end=\"2227\" \/>- The photos are examples of staging<br data-start=\"2274\" data-end=\"2277\" \/>- Only the pencil cup is included<br data-start=\"2311\" data-end=\"2314\" \/>- I am not responsible for any damage incurred in transit.<\/p>\n<p data-start=\"2385\" data-end=\"2454\">\ud83d\udcf8 More photos and stagings on Instagram :<a href=\"https:\/\/www.instagram.com\/sunnyshop211\/\"> <strong data-start=\"2437\" data-end=\"2454\">@sunnyshop211<\/strong><\/a><\/p>\n<p>&nbsp;<\/p>","protected":false},"excerpt":{"rendered":"<p>\ud83d\udc96 Pot \u00e0 crayons c\u0153ur miniature \u2013 Accessoire diorama BJD (1\/6) Accessoire miniature d\u00e9coratif \u2013 Cr\u00e9ation artisanale \ud83c\udf3f Description Ce pot \u00e0 crayons miniature 1\/6 en forme de c\u0153ur est un petit accessoire d\u00e9coratif id\u00e9al pour compl\u00e9ter vos sc\u00e8nes de bureau, d\u2019\u00e9tude ou vos dioramas du quotidien.Avec sa forme douce et \u00e9l\u00e9gante, il apporte une [&hellip;]<\/p>\n","protected":false},"featured_media":14791,"comment_status":"open","ping_status":"closed","template":"","meta":{"_crdt_document":"","jetpack_post_was_ever_published":false,"jetpack_publicize_message":"","jetpack_publicize_feature_enabled":true,"jetpack_social_post_already_shared":true,"jetpack_social_options":{"image_generator_settings":{"template":"highway","default_image_id":0,"font":"","enabled":false},"version":2}},"product_brand":[],"product_cat":[667686997],"product_tag":[667681226,667681294,667681272,667681296,667681295,667681303,667681785,667681236,667681173,667681302,667681237,667681297,667681788,667681790,667681789,667681177,667681787,667681786,667681802,667681260],"class_list":{"0":"post-14851","1":"product","2":"type-product","3":"status-publish","4":"has-post-thumbnail","6":"product_cat-bureau-accessoires","7":"product_tag-doll","8":"product_tag-dollho","9":"product_tag-elowynn-wilde","10":"product_tag-food","11":"product_tag-kitchen","12":"product_tag-kitchenaid","13":"product_tag-machine-a-coudre","14":"product_tag-maison-de-poupee","15":"product_tag-minifee","16":"product_tag-mixer","17":"product_tag-msd","18":"product_tag-nourriture","19":"product_tag-pencil","20":"product_tag-pencil-jar","21":"product_tag-pot-a-crayon","22":"product_tag-poupee","23":"product_tag-sewing-machine","24":"product_tag-singer","25":"product_tag-square-pencil-pot","26":"product_tag-tonner","27":"product_shipping_class-lettre-suivie","28":"pa_couleur-blanc","29":"pa_couleur-noir","30":"pa_couleur-rose","32":"first","33":"instock","34":"taxable","35":"shipping-taxable","36":"purchasable","37":"product-type-variable"},"yoast_head":"<!-- This site is optimized with the Yoast SEO plugin v27.4 - https:\/\/yoast.com\/product\/yoast-seo-wordpress\/ -->\n<title>\ud83d\udc96 Pot \u00e0 crayons c\u0153ur miniature \u2013 Accessoire diorama BJD (1\/6) -<\/title>\n<meta name=\"description\" content=\"\ud83d\udc96 Pot \u00e0 crayons c\u0153ur miniature \u2013 Accessoire diorama BJD (1\/6) Pullip, Barbie, blythe ou autre de m\u00eame taille. Id\u00e9al pour vos dioramas.\" \/>\n<meta name=\"robots\" content=\"index, follow, max-snippet:-1, max-image-preview:large, max-video-preview:-1\" \/>\n<link rel=\"canonical\" href=\"https:\/\/www.sunnyshop211.com\/en\/product\/\ud83d\udc96-pot-a-crayons-coeur-miniature-accessoire-diorama-bjd-1-6\/\" \/>\n<meta property=\"og:locale\" content=\"en_US\" \/>\n<meta property=\"og:type\" content=\"article\" \/>\n<meta property=\"og:title\" content=\"\ud83d\udc96 Pot \u00e0 crayons c\u0153ur miniature \u2013 Accessoire diorama BJD (1\/6) -\" \/>\n<meta property=\"og:description\" content=\"\ud83d\udc96 Pot \u00e0 crayons c\u0153ur miniature \u2013 Accessoire diorama BJD (1\/6) Pullip, Barbie, blythe ou autre de m\u00eame taille. Id\u00e9al pour vos dioramas.\" \/>\n<meta property=\"og:url\" content=\"https:\/\/www.sunnyshop211.com\/en\/product\/\ud83d\udc96-pot-a-crayons-coeur-miniature-accessoire-diorama-bjd-1-6\/\" \/>\n<meta property=\"og:site_name\" content=\"Sunnyshop211 -Vente de dioramas, meubles, miniatures , bjd poup\u00e9es 1\/12 1\/8 1\/6 1\/4 1\/3\" \/>\n<meta property=\"article:publisher\" content=\"https:\/\/www.facebook.com\/sunnyshop211\/?ref=bookmarks\" \/>\n<meta property=\"article:modified_time\" content=\"2025-12-27T08:57:24+00:00\" \/>\n<meta property=\"og:image\" content=\"https:\/\/www.sunnyshop211.com\/wp-content\/uploads\/2020\/04\/hamster-41-scaled.jpg\" \/>\n\t<meta property=\"og:image:width\" content=\"2560\" \/>\n\t<meta property=\"og:image:height\" content=\"1707\" \/>\n\t<meta property=\"og:image:type\" content=\"image\/jpeg\" \/>\n<meta name=\"twitter:card\" content=\"summary_large_image\" \/>\n<meta name=\"twitter:site\" content=\"@sunnyshop211\" \/>\n<meta name=\"twitter:label1\" content=\"Est. reading time\" \/>\n\t<meta name=\"twitter:data1\" content=\"2 minutes\" \/>\n<script type=\"application\/ld+json\" class=\"yoast-schema-graph\">{\"@context\":\"https:\\\/\\\/schema.org\",\"@graph\":[{\"@type\":\"WebPage\",\"@id\":\"https:\\\/\\\/www.sunnyshop211.com\\\/produit\\\/%f0%9f%92%96-pot-a-crayons-coeur-miniature-accessoire-diorama-bjd-1-6\\\/\",\"url\":\"https:\\\/\\\/www.sunnyshop211.com\\\/produit\\\/%f0%9f%92%96-pot-a-crayons-coeur-miniature-accessoire-diorama-bjd-1-6\\\/\",\"name\":\"\ud83d\udc96 Pot \u00e0 crayons c\u0153ur miniature \u2013 Accessoire diorama BJD (1\\\/6) -\",\"isPartOf\":{\"@id\":\"https:\\\/\\\/www.sunnyshop211.com\\\/#website\"},\"primaryImageOfPage\":{\"@id\":\"https:\\\/\\\/www.sunnyshop211.com\\\/produit\\\/%f0%9f%92%96-pot-a-crayons-coeur-miniature-accessoire-diorama-bjd-1-6\\\/#primaryimage\"},\"image\":{\"@id\":\"https:\\\/\\\/www.sunnyshop211.com\\\/produit\\\/%f0%9f%92%96-pot-a-crayons-coeur-miniature-accessoire-diorama-bjd-1-6\\\/#primaryimage\"},\"thumbnailUrl\":\"https:\\\/\\\/www.sunnyshop211.com\\\/wp-content\\\/uploads\\\/2020\\\/04\\\/hamster-41-scaled.jpg\",\"datePublished\":\"2020-04-10T16:00:40+00:00\",\"dateModified\":\"2025-12-27T08:57:24+00:00\",\"description\":\"\ud83d\udc96 Pot \u00e0 crayons c\u0153ur miniature \u2013 Accessoire diorama BJD (1\\\/6) Pullip, Barbie, blythe ou autre de m\u00eame taille. Id\u00e9al pour vos dioramas.\",\"breadcrumb\":{\"@id\":\"https:\\\/\\\/www.sunnyshop211.com\\\/produit\\\/%f0%9f%92%96-pot-a-crayons-coeur-miniature-accessoire-diorama-bjd-1-6\\\/#breadcrumb\"},\"inLanguage\":\"en-US\",\"potentialAction\":[{\"@type\":\"ReadAction\",\"target\":[\"https:\\\/\\\/www.sunnyshop211.com\\\/produit\\\/%f0%9f%92%96-pot-a-crayons-coeur-miniature-accessoire-diorama-bjd-1-6\\\/\"]}]},{\"@type\":\"ImageObject\",\"inLanguage\":\"en-US\",\"@id\":\"https:\\\/\\\/www.sunnyshop211.com\\\/produit\\\/%f0%9f%92%96-pot-a-crayons-coeur-miniature-accessoire-diorama-bjd-1-6\\\/#primaryimage\",\"url\":\"https:\\\/\\\/www.sunnyshop211.com\\\/wp-content\\\/uploads\\\/2020\\\/04\\\/hamster-41-scaled.jpg\",\"contentUrl\":\"https:\\\/\\\/www.sunnyshop211.com\\\/wp-content\\\/uploads\\\/2020\\\/04\\\/hamster-41-scaled.jpg\",\"width\":2560,\"height\":1707,\"caption\":\"Pot crayon miniature 1\\\/6\"},{\"@type\":\"BreadcrumbList\",\"@id\":\"https:\\\/\\\/www.sunnyshop211.com\\\/produit\\\/%f0%9f%92%96-pot-a-crayons-coeur-miniature-accessoire-diorama-bjd-1-6\\\/#breadcrumb\",\"itemListElement\":[{\"@type\":\"ListItem\",\"position\":1,\"name\":\"Accueil\",\"item\":\"https:\\\/\\\/www.sunnyshop211.com\\\/\"},{\"@type\":\"ListItem\",\"position\":2,\"name\":\"Boutique\",\"item\":\"https:\\\/\\\/www.sunnyshop211.com\\\/boutique-miniature-bjd-dolls\\\/\"},{\"@type\":\"ListItem\",\"position\":3,\"name\":\"\ud83d\udc96 Pot \u00e0 crayons c\u0153ur miniature \u2013 Accessoire diorama BJD (1\\\/6)\"}]},{\"@type\":\"WebSite\",\"@id\":\"https:\\\/\\\/www.sunnyshop211.com\\\/#website\",\"url\":\"https:\\\/\\\/www.sunnyshop211.com\\\/\",\"name\":\"Vente de dioramas, meubles, miniatures , bjd poup\u00e9es 1\\\/12 1\\\/8 1\\\/6 1\\\/4 1\\\/3\",\"description\":\"Sunnyshop211 - Votre univers miniature pour poup\u00e9es et BJD, dioramas et meubles sur mesure !\",\"publisher\":{\"@id\":\"https:\\\/\\\/www.sunnyshop211.com\\\/#organization\"},\"alternateName\":\"sunnyshop211\",\"potentialAction\":[{\"@type\":\"SearchAction\",\"target\":{\"@type\":\"EntryPoint\",\"urlTemplate\":\"https:\\\/\\\/www.sunnyshop211.com\\\/?s={search_term_string}\"},\"query-input\":{\"@type\":\"PropertyValueSpecification\",\"valueRequired\":true,\"valueName\":\"search_term_string\"}}],\"inLanguage\":\"en-US\"},{\"@type\":\"Organization\",\"@id\":\"https:\\\/\\\/www.sunnyshop211.com\\\/#organization\",\"name\":\"sunnyshop211\",\"alternateName\":\"sunnyshop211 diorama bjd meuble miniature\",\"url\":\"https:\\\/\\\/www.sunnyshop211.com\\\/\",\"logo\":{\"@type\":\"ImageObject\",\"inLanguage\":\"en-US\",\"@id\":\"https:\\\/\\\/www.sunnyshop211.com\\\/#\\\/schema\\\/logo\\\/image\\\/\",\"url\":\"https:\\\/\\\/www.sunnyshop211.com\\\/wp-content\\\/uploads\\\/2022\\\/08\\\/cropped-cropped-cropped-Sunnyshop211-1.png\",\"contentUrl\":\"https:\\\/\\\/www.sunnyshop211.com\\\/wp-content\\\/uploads\\\/2022\\\/08\\\/cropped-cropped-cropped-Sunnyshop211-1.png\",\"width\":339,\"height\":339,\"caption\":\"sunnyshop211\"},\"image\":{\"@id\":\"https:\\\/\\\/www.sunnyshop211.com\\\/#\\\/schema\\\/logo\\\/image\\\/\"},\"sameAs\":[\"https:\\\/\\\/www.facebook.com\\\/sunnyshop211\\\/?ref=bookmarks\",\"https:\\\/\\\/x.com\\\/sunnyshop211\",\"https:\\\/\\\/www.instagram.com\\\/sunnyshop211\\\/\",\"https:\\\/\\\/www.tumblr.com\\\/blog\\\/sunnyshop211\",\"https:\\\/\\\/www.youtube.com\\\/channel\\\/UCtYY18OGGDKrTSzgcf7fCBg\",\"https:\\\/\\\/www.tiktok.com\\\/@sunnydollshop211?is_from_webapp=1&sender_device=pc\"]}]}<\/script>\n<!-- \/ Yoast SEO plugin. -->","yoast_head_json":{"title":"\ud83d\udc96 Miniature heart pencil cup - BJD diorama accessory (1\/6) -","description":"\ud83d\udc96 Miniature heart pencil pot - BJD diorama accessory (1\/6) Pullip, Barbie, blythe or other of the same size. Ideal for your dioramas.","robots":{"index":"index","follow":"follow","max-snippet":"max-snippet:-1","max-image-preview":"max-image-preview:large","max-video-preview":"max-video-preview:-1"},"canonical":"https:\/\/www.sunnyshop211.com\/en\/product\/\ud83d\udc96-pot-a-crayons-coeur-miniature-accessoire-diorama-bjd-1-6\/","og_locale":"en_US","og_type":"article","og_title":"\ud83d\udc96 Pot \u00e0 crayons c\u0153ur miniature \u2013 Accessoire diorama BJD (1\/6) -","og_description":"\ud83d\udc96 Pot \u00e0 crayons c\u0153ur miniature \u2013 Accessoire diorama BJD (1\/6) Pullip, Barbie, blythe ou autre de m\u00eame taille. Id\u00e9al pour vos dioramas.","og_url":"https:\/\/www.sunnyshop211.com\/en\/product\/\ud83d\udc96-pot-a-crayons-coeur-miniature-accessoire-diorama-bjd-1-6\/","og_site_name":"Sunnyshop211 -Vente de dioramas, meubles, miniatures , bjd poup\u00e9es 1\/12 1\/8 1\/6 1\/4 1\/3","article_publisher":"https:\/\/www.facebook.com\/sunnyshop211\/?ref=bookmarks","article_modified_time":"2025-12-27T08:57:24+00:00","og_image":[{"width":2560,"height":1707,"url":"https:\/\/www.sunnyshop211.com\/wp-content\/uploads\/2020\/04\/hamster-41-scaled.jpg","type":"image\/jpeg"}],"twitter_card":"summary_large_image","twitter_site":"@sunnyshop211","twitter_misc":{"Est. reading time":"2 minutes"},"schema":{"@context":"https:\/\/schema.org","@graph":[{"@type":"WebPage","@id":"https:\/\/www.sunnyshop211.com\/produit\/%f0%9f%92%96-pot-a-crayons-coeur-miniature-accessoire-diorama-bjd-1-6\/","url":"https:\/\/www.sunnyshop211.com\/produit\/%f0%9f%92%96-pot-a-crayons-coeur-miniature-accessoire-diorama-bjd-1-6\/","name":"\ud83d\udc96 Miniature heart pencil cup - BJD diorama accessory (1\/6) -","isPartOf":{"@id":"https:\/\/www.sunnyshop211.com\/#website"},"primaryImageOfPage":{"@id":"https:\/\/www.sunnyshop211.com\/produit\/%f0%9f%92%96-pot-a-crayons-coeur-miniature-accessoire-diorama-bjd-1-6\/#primaryimage"},"image":{"@id":"https:\/\/www.sunnyshop211.com\/produit\/%f0%9f%92%96-pot-a-crayons-coeur-miniature-accessoire-diorama-bjd-1-6\/#primaryimage"},"thumbnailUrl":"https:\/\/www.sunnyshop211.com\/wp-content\/uploads\/2020\/04\/hamster-41-scaled.jpg","datePublished":"2020-04-10T16:00:40+00:00","dateModified":"2025-12-27T08:57:24+00:00","description":"\ud83d\udc96 Miniature heart pencil pot - BJD diorama accessory (1\/6) Pullip, Barbie, blythe or other of the same size. Ideal for your dioramas.","breadcrumb":{"@id":"https:\/\/www.sunnyshop211.com\/produit\/%f0%9f%92%96-pot-a-crayons-coeur-miniature-accessoire-diorama-bjd-1-6\/#breadcrumb"},"inLanguage":"en-US","potentialAction":[{"@type":"ReadAction","target":["https:\/\/www.sunnyshop211.com\/produit\/%f0%9f%92%96-pot-a-crayons-coeur-miniature-accessoire-diorama-bjd-1-6\/"]}]},{"@type":"ImageObject","inLanguage":"en-US","@id":"https:\/\/www.sunnyshop211.com\/produit\/%f0%9f%92%96-pot-a-crayons-coeur-miniature-accessoire-diorama-bjd-1-6\/#primaryimage","url":"https:\/\/www.sunnyshop211.com\/wp-content\/uploads\/2020\/04\/hamster-41-scaled.jpg","contentUrl":"https:\/\/www.sunnyshop211.com\/wp-content\/uploads\/2020\/04\/hamster-41-scaled.jpg","width":2560,"height":1707,"caption":"Pot crayon miniature 1\/6"},{"@type":"BreadcrumbList","@id":"https:\/\/www.sunnyshop211.com\/produit\/%f0%9f%92%96-pot-a-crayons-coeur-miniature-accessoire-diorama-bjd-1-6\/#breadcrumb","itemListElement":[{"@type":"ListItem","position":1,"name":"Accueil","item":"https:\/\/www.sunnyshop211.com\/"},{"@type":"ListItem","position":2,"name":"Boutique","item":"https:\/\/www.sunnyshop211.com\/boutique-miniature-bjd-dolls\/"},{"@type":"ListItem","position":3,"name":"\ud83d\udc96 Pot \u00e0 crayons c\u0153ur miniature \u2013 Accessoire diorama BJD (1\/6)"}]},{"@type":"WebSite","@id":"https:\/\/www.sunnyshop211.com\/#website","url":"https:\/\/www.sunnyshop211.com\/","name":"Sale of dioramas, furniture, miniatures, bjd dolls 1\/12 1\/8 1\/6 1\/4 1\/3","description":"Sunnyshop211 - Your miniature world for dolls and BJDs, dioramas and custom-made furniture!","publisher":{"@id":"https:\/\/www.sunnyshop211.com\/#organization"},"alternateName":"sunnyshop211","potentialAction":[{"@type":"SearchAction","target":{"@type":"EntryPoint","urlTemplate":"https:\/\/www.sunnyshop211.com\/?s={search_term_string}"},"query-input":{"@type":"PropertyValueSpecification","valueRequired":true,"valueName":"search_term_string"}}],"inLanguage":"en-US"},{"@type":"Organization","@id":"https:\/\/www.sunnyshop211.com\/#organization","name":"sunnyshop211","alternateName":"sunnyshop211 diorama bjd meuble miniature","url":"https:\/\/www.sunnyshop211.com\/","logo":{"@type":"ImageObject","inLanguage":"en-US","@id":"https:\/\/www.sunnyshop211.com\/#\/schema\/logo\/image\/","url":"https:\/\/www.sunnyshop211.com\/wp-content\/uploads\/2022\/08\/cropped-cropped-cropped-Sunnyshop211-1.png","contentUrl":"https:\/\/www.sunnyshop211.com\/wp-content\/uploads\/2022\/08\/cropped-cropped-cropped-Sunnyshop211-1.png","width":339,"height":339,"caption":"sunnyshop211"},"image":{"@id":"https:\/\/www.sunnyshop211.com\/#\/schema\/logo\/image\/"},"sameAs":["https:\/\/www.facebook.com\/sunnyshop211\/?ref=bookmarks","https:\/\/x.com\/sunnyshop211","https:\/\/www.instagram.com\/sunnyshop211\/","https:\/\/www.tumblr.com\/blog\/sunnyshop211","https:\/\/www.youtube.com\/channel\/UCtYY18OGGDKrTSzgcf7fCBg","https:\/\/www.tiktok.com\/@sunnydollshop211?is_from_webapp=1&sender_device=pc"]}]}},"jetpack_publicize_connections":[],"jetpack_sharing_enabled":true,"_links":{"self":[{"href":"https:\/\/www.sunnyshop211.com\/en\/wp-json\/wp\/v2\/product\/14851","targetHints":{"allow":["GET"]}}],"collection":[{"href":"https:\/\/www.sunnyshop211.com\/en\/wp-json\/wp\/v2\/product"}],"about":[{"href":"https:\/\/www.sunnyshop211.com\/en\/wp-json\/wp\/v2\/types\/product"}],"replies":[{"embeddable":true,"href":"https:\/\/www.sunnyshop211.com\/en\/wp-json\/wp\/v2\/comments?post=14851"}],"version-history":[{"count":10,"href":"https:\/\/www.sunnyshop211.com\/en\/wp-json\/wp\/v2\/product\/14851\/revisions"}],"predecessor-version":[{"id":52387,"href":"https:\/\/www.sunnyshop211.com\/en\/wp-json\/wp\/v2\/product\/14851\/revisions\/52387"}],"wp:featuredmedia":[{"embeddable":true,"href":"https:\/\/www.sunnyshop211.com\/en\/wp-json\/wp\/v2\/media\/14791"}],"wp:attachment":[{"href":"https:\/\/www.sunnyshop211.com\/en\/wp-json\/wp\/v2\/media?parent=14851"}],"wp:term":[{"taxonomy":"product_brand","embeddable":true,"href":"https:\/\/www.sunnyshop211.com\/en\/wp-json\/wp\/v2\/product_brand?post=14851"},{"taxonomy":"product_cat","embeddable":true,"href":"https:\/\/www.sunnyshop211.com\/en\/wp-json\/wp\/v2\/product_cat?post=14851"},{"taxonomy":"product_tag","embeddable":true,"href":"https:\/\/www.sunnyshop211.com\/en\/wp-json\/wp\/v2\/product_tag?post=14851"}],"curies":[{"name":"wp","href":"https:\/\/api.w.org\/{rel}","templated":true}]}}