{"id":14368,"date":"2020-03-20T13:08:29","date_gmt":"2020-03-20T12:08:29","guid":{"rendered":"https:\/\/sunnyshop211.com\/?post_type=product&#038;p=14368"},"modified":"2025-12-28T13:05:08","modified_gmt":"2025-12-28T12:05:08","slug":"support-telephone-miniature-1-6-barbie-poppy-parker-pullip","status":"publish","type":"product","link":"https:\/\/www.sunnyshop211.com\/en\/product\/support-telephone-miniature-1-6-barbie-poppy-parker-pullip\/","title":{"rendered":"Miniature phone holder 1\/6 Barbie, Poppy Parker, pullip,"},"content":{"rendered":"<p>&nbsp;<\/p>\n<div id='gallery-1' class='gallery galleryid-14368 gallery-columns-3 gallery-size-thumbnail'><figure class='gallery-item'>\n\t\t\t<div class='gallery-icon landscape'>\n\t\t\t\t<a href='https:\/\/www.sunnyshop211.com\/en\/?attachment_id=12510'><img decoding=\"async\" width=\"150\" height=\"150\" src=\"https:\/\/www.sunnyshop211.com\/wp-content\/uploads\/2020\/01\/20200108_145212-scaled-150x150.jpg\" class=\"attachment-thumbnail size-thumbnail\" alt=\"Support t\u00e9l\u00e9phone miniature 1\/6\" srcset=\"https:\/\/www.sunnyshop211.com\/wp-content\/uploads\/2020\/01\/20200108_145212-scaled-150x150.jpg 150w, https:\/\/www.sunnyshop211.com\/wp-content\/uploads\/2020\/01\/20200108_145212-scaled-500x500.jpg 500w, https:\/\/www.sunnyshop211.com\/wp-content\/uploads\/2020\/01\/20200108_145212-100x100.jpg 100w\" sizes=\"(max-width: 150px) 100vw, 150px\" \/><\/a>\n\t\t\t<\/div><\/figure><figure class='gallery-item'>\n\t\t\t<div class='gallery-icon landscape'>\n\t\t\t\t<a href='https:\/\/www.sunnyshop211.com\/en\/?attachment_id=12507'><img decoding=\"async\" width=\"150\" height=\"150\" src=\"https:\/\/www.sunnyshop211.com\/wp-content\/uploads\/2020\/01\/6-4-scaled-150x150.jpg\" class=\"attachment-thumbnail size-thumbnail\" alt=\"Support t\u00e9l\u00e9phone miniature 1\/6\" srcset=\"https:\/\/www.sunnyshop211.com\/wp-content\/uploads\/2020\/01\/6-4-scaled-150x150.jpg 150w, https:\/\/www.sunnyshop211.com\/wp-content\/uploads\/2020\/01\/6-4-scaled-500x500.jpg 500w, https:\/\/www.sunnyshop211.com\/wp-content\/uploads\/2020\/01\/6-4-100x100.jpg 100w\" sizes=\"(max-width: 150px) 100vw, 150px\" \/><\/a>\n\t\t\t<\/div><\/figure><figure class='gallery-item'>\n\t\t\t<div class='gallery-icon landscape'>\n\t\t\t\t<a href='https:\/\/www.sunnyshop211.com\/en\/?attachment_id=12512'><img decoding=\"async\" width=\"150\" height=\"150\" src=\"https:\/\/www.sunnyshop211.com\/wp-content\/uploads\/2020\/01\/20200108_145203-150x150.jpg\" class=\"attachment-thumbnail size-thumbnail\" alt=\"Support t\u00e9l\u00e9phone miniature 1\/6\" srcset=\"https:\/\/www.sunnyshop211.com\/wp-content\/uploads\/2020\/01\/20200108_145203-150x150.jpg 150w, https:\/\/www.sunnyshop211.com\/wp-content\/uploads\/2020\/01\/20200108_145203-scaled-500x500.jpg 500w, https:\/\/www.sunnyshop211.com\/wp-content\/uploads\/2020\/01\/20200108_145203-100x100.jpg 100w\" sizes=\"(max-width: 150px) 100vw, 150px\" \/><\/a>\n\t\t\t<\/div><\/figure><figure class='gallery-item'>\n\t\t\t<div class='gallery-icon landscape'>\n\t\t\t\t<a href='https:\/\/www.sunnyshop211.com\/en\/?attachment_id=12502'><img loading=\"lazy\" decoding=\"async\" width=\"150\" height=\"150\" src=\"https:\/\/www.sunnyshop211.com\/wp-content\/uploads\/2020\/01\/20200108_145254-150x150.jpg\" class=\"attachment-thumbnail size-thumbnail\" alt=\"\" srcset=\"https:\/\/www.sunnyshop211.com\/wp-content\/uploads\/2020\/01\/20200108_145254-150x150.jpg 150w, https:\/\/www.sunnyshop211.com\/wp-content\/uploads\/2020\/01\/20200108_145254-scaled-500x500.jpg 500w, https:\/\/www.sunnyshop211.com\/wp-content\/uploads\/2020\/01\/20200108_145254-100x100.jpg 100w\" sizes=\"(max-width: 150px) 100vw, 150px\" \/><\/a>\n\t\t\t<\/div><\/figure>\n\t\t<\/div>\n\n<h2 data-start=\"105\" data-end=\"146\">Miniature phone holder - 1\/6<\/h2>\n<p data-start=\"147\" data-end=\"200\">Barbie, Fashion Royalty, Poppy Parker, Pullip, Blythe<\/p>\n<h3 data-start=\"202\" data-end=\"220\">\ud83d\udcf8 Description<\/h3>\n<p data-start=\"222\" data-end=\"384\">This miniature phone holder is an adorable and practical decorative accessory, ideal for complementing your dolls' modern, lifestyle or cosy settings.<\/p>\n<p data-start=\"386\" data-end=\"538\">With its <strong data-start=\"403\" data-end=\"411\">cat<\/strong>, It adds a playful, contemporary touch to your dioramas, whether on a table, desk or miniature shelf.<\/p>\n<p data-start=\"540\" data-end=\"594\">\ud83d\udc49 Fictitious item, for decorative purposes only.<\/p>\n<hr data-start=\"596\" data-end=\"599\" \/>\n<h3 data-start=\"601\" data-end=\"631\">\ud83d\udc57 Compatibility &amp; scale<\/h3>\n<p data-start=\"633\" data-end=\"675\">Suitable for dolls at <strong data-start=\"655\" data-end=\"662\">1\/6<\/strong>, including :<\/p>\n<p data-start=\"677\" data-end=\"787\">- Barbie<br data-start=\"685\" data-end=\"688\" \/>- Fashion Royalty<br data-start=\"705\" data-end=\"708\" \/>- Poppy Parker<br data-start=\"722\" data-end=\"725\" \/>- Pullip<br data-start=\"733\" data-end=\"736\" \/>- Blythe<br data-start=\"744\" data-end=\"747\" \/>- Other dolls of equivalent size<\/p>\n<hr data-start=\"789\" data-end=\"792\" \/>\n<h3 data-start=\"794\" data-end=\"819\">\ud83c\udfa8 Colors &amp; options<\/h3>\n<p data-start=\"821\" data-end=\"896\">- Several colors available<br data-start=\"853\" data-end=\"856\" \/>- You choose the color you want<\/p>\n<p data-start=\"898\" data-end=\"959\">\ud83d\udc49 It's up to you to personalize it according to your desires and your world.<\/p>\n<p data-start=\"961\" data-end=\"994\">Each piece is hand-finished.<\/p>\n<hr data-start=\"996\" data-end=\"999\" \/>\n<h3 data-start=\"1001\" data-end=\"1015\">\ud83d\udce6 Contents<\/h3>\n<p data-start=\"1017\" data-end=\"1065\">- 1 miniature cat-shaped phone holder<\/p>\n<p data-start=\"1067\" data-end=\"1225\">\ud83d\udc49 The prize is for <strong data-start=\"1087\" data-end=\"1106\">a single support<\/strong><br data-start=\"1106\" data-end=\"1109\" \/>\ud83d\udc49 Other accessories shown in the photos are not included and are available separately in the store.<\/p>\n<hr data-start=\"1227\" data-end=\"1230\" \/>\n<h3 data-start=\"1232\" data-end=\"1261\">\ud83e\udeb5 Handcrafted<\/h3>\n<p data-start=\"1263\" data-end=\"1330\">- Hand-made and hand-painted<br data-start=\"1299\" data-end=\"1302\" \/>- Made to order<\/p>\n<p data-start=\"1332\" data-end=\"1539\">Due to the artisanal character, there may be :<br data-start=\"1383\" data-end=\"1386\" \/>- slight differences from photos<br data-start=\"1433\" data-end=\"1436\" \/>- small variations in shape or color<br data-start=\"1482\" data-end=\"1485\" \/>- a few minor imperfections, typical of handmade products<\/p>\n<hr data-start=\"1541\" data-end=\"1544\" \/>\n<h3 data-start=\"1546\" data-end=\"1564\">\ud83c\udfe1 Use<\/h3>\n<p data-start=\"1566\" data-end=\"1726\">- Dioramas &amp; staging<br data-start=\"1593\" data-end=\"1596\" \/>- Modern stage, office, lifestyle interior<br data-start=\"1642\" data-end=\"1645\" \/>- Compatible with my furniture and accessories sold separately in the store<\/p>\n<hr data-start=\"1728\" data-end=\"1731\" \/>\n<h3 data-start=\"1733\" data-end=\"1764\">\u26a0\ufe0f Important information<\/h3>\n<p data-start=\"1766\" data-end=\"2011\">- Fictional article<br data-start=\"1782\" data-end=\"1785\" \/>- This is not a toy<br data-start=\"1810\" data-end=\"1813\" \/>- For adults only<br data-start=\"1852\" data-end=\"1855\" \/>- The photos are examples of decoration<br data-start=\"1899\" data-end=\"1902\" \/>- Only the phone holder is sold<br data-start=\"1939\" data-end=\"1942\" \/>- I am not responsible for any damage incurred in transit.<\/p>\n<hr data-start=\"2013\" data-end=\"2016\" \/>\n<h3 data-start=\"2018\" data-end=\"2044\">\u23f3 Manufacturing &amp; lead times<\/h3>\n<p data-start=\"2046\" data-end=\"2209\">- Article made to order<br data-start=\"2076\" data-end=\"2079\" \/>- Please allow for manufacturing and delivery times.<br data-start=\"2144\" data-end=\"2147\" \/>\u27a1\ufe0f See Terms and Conditions and delivery times<\/p>\n<hr data-start=\"2211\" data-end=\"2214\" \/>\n<h3 data-start=\"2216\" data-end=\"2252\">\ud83d\udcf8 More photos &amp; inspiration<\/h3>\n<p data-start=\"2254\" data-end=\"2296\">\ud83d\udc49 <a class=\"decorated-link\" href=\"https:\/\/www.instagram.com\/sunnyshop211\/\" target=\"_new\" rel=\"noopener\" data-start=\"2257\" data-end=\"2296\">https:\/\/www.instagram.com\/sunnyshop211\/<\/a><\/p>\n<hr data-start=\"2298\" data-end=\"2301\" \/>\n<p data-start=\"2303\" data-end=\"2404\">\ud83d\udcf1\ud83d\udc31 <strong data-start=\"2308\" data-end=\"2404\">A charming little accessory to bring your 1\/6 dolls' modern scenes to life.<\/strong><\/p>","protected":false},"excerpt":{"rendered":"<p>&nbsp; Support t\u00e9l\u00e9phone miniature \u2013 1\/6 Barbie, Fashion Royalty, Poppy Parker, Pullip, Blythe \ud83d\udcf8 Description Ce support t\u00e9l\u00e9phone miniature est un accessoire d\u00e9coratif adorable et pratique, id\u00e9al pour compl\u00e9ter les mises en sc\u00e8ne modernes, lifestyle ou cosy de vos dolls. Avec sa forme de chat, il apporte une touche ludique et contemporaine \u00e0 vos dioramas, [&hellip;]<\/p>\n","protected":false},"featured_media":12510,"comment_status":"open","ping_status":"closed","template":"","meta":{"_crdt_document":"","jetpack_post_was_ever_published":false,"jetpack_publicize_message":"","jetpack_publicize_feature_enabled":true,"jetpack_social_post_already_shared":true,"jetpack_social_options":{"image_generator_settings":{"template":"highway","default_image_id":0,"font":"","enabled":false},"version":2}},"product_brand":[],"product_cat":[667687005],"product_tag":[667681278,667681284,667681270,667681226,667681348,667681232,667681173,667683305,667684712,667681177,667681277,667683307],"class_list":{"0":"post-14368","1":"product","2":"type-product","3":"status-publish","4":"has-post-thumbnail","6":"product_cat-telephone","7":"product_tag-barbie","8":"product_tag-blythe","9":"product_tag-custom-doll","10":"product_tag-doll","11":"product_tag-fashion-royalty","12":"product_tag-miniature","13":"product_tag-minifee","14":"product_tag-phone","15":"product_tag-poppy-parker","16":"product_tag-poupee","17":"product_tag-pullip","18":"product_tag-telephone","19":"product_shipping_class-lettre-suivie-3","20":"pa_couleur-blanc","21":"pa_couleur-dore-golden","22":"pa_couleur-noir","23":"pa_couleur-rose","25":"first","26":"instock","27":"taxable","28":"shipping-taxable","29":"purchasable","30":"product-type-variable"},"yoast_head":"<!-- This site is optimized with the Yoast SEO plugin v27.5 - https:\/\/yoast.com\/product\/yoast-seo-wordpress\/ -->\n<title>Support t\u00e9l\u00e9phone miniature 1\/6 Barbie, Poppy Parker, pullip, -<\/title>\n<meta name=\"description\" content=\"Support t\u00e9l\u00e9phone miniature 1\/6 \/ phone holder pour 1\/6 poup\u00e9es Barbie, fashion royalty, Poppy Parker, pullip, blythe ou autres de m\u00eame tailles\" \/>\n<meta name=\"robots\" content=\"index, follow, max-snippet:-1, max-image-preview:large, max-video-preview:-1\" \/>\n<link rel=\"canonical\" href=\"https:\/\/www.sunnyshop211.com\/en\/product\/support-telephone-miniature-1-6-barbie-poppy-parker-pullip\/\" \/>\n<meta property=\"og:locale\" content=\"en_US\" \/>\n<meta property=\"og:type\" content=\"article\" \/>\n<meta property=\"og:title\" content=\"Support t\u00e9l\u00e9phone miniature 1\/6 Barbie, Poppy Parker, pullip, -\" \/>\n<meta property=\"og:description\" content=\"Support t\u00e9l\u00e9phone miniature 1\/6 \/ phone holder pour 1\/6 poup\u00e9es Barbie, fashion royalty, Poppy Parker, pullip, blythe ou autres de m\u00eame tailles\" \/>\n<meta property=\"og:url\" content=\"https:\/\/www.sunnyshop211.com\/en\/product\/support-telephone-miniature-1-6-barbie-poppy-parker-pullip\/\" \/>\n<meta property=\"og:site_name\" content=\"Sunnyshop211 -Vente de dioramas, meubles, miniatures , bjd poup\u00e9es 1\/12 1\/8 1\/6 1\/4 1\/3\" \/>\n<meta property=\"article:publisher\" content=\"https:\/\/www.facebook.com\/sunnyshop211\/?ref=bookmarks\" \/>\n<meta property=\"article:modified_time\" content=\"2025-12-28T12:05:08+00:00\" \/>\n<meta property=\"og:image\" content=\"https:\/\/www.sunnyshop211.com\/wp-content\/uploads\/2020\/01\/20200108_145212-scaled.jpg\" \/>\n\t<meta property=\"og:image:width\" content=\"2560\" \/>\n\t<meta property=\"og:image:height\" content=\"1675\" \/>\n\t<meta property=\"og:image:type\" content=\"image\/jpeg\" \/>\n<meta name=\"twitter:card\" content=\"summary_large_image\" \/>\n<meta name=\"twitter:site\" content=\"@sunnyshop211\" \/>\n<meta name=\"twitter:label1\" content=\"Est. reading time\" \/>\n\t<meta name=\"twitter:data1\" content=\"2 minutes\" \/>\n<script type=\"application\/ld+json\" class=\"yoast-schema-graph\">{\"@context\":\"https:\\\/\\\/schema.org\",\"@graph\":[{\"@type\":\"WebPage\",\"@id\":\"https:\\\/\\\/www.sunnyshop211.com\\\/produit\\\/support-telephone-miniature-1-6-barbie-poppy-parker-pullip\\\/\",\"url\":\"https:\\\/\\\/www.sunnyshop211.com\\\/produit\\\/support-telephone-miniature-1-6-barbie-poppy-parker-pullip\\\/\",\"name\":\"Support t\u00e9l\u00e9phone miniature 1\\\/6 Barbie, Poppy Parker, pullip, -\",\"isPartOf\":{\"@id\":\"https:\\\/\\\/www.sunnyshop211.com\\\/#website\"},\"primaryImageOfPage\":{\"@id\":\"https:\\\/\\\/www.sunnyshop211.com\\\/produit\\\/support-telephone-miniature-1-6-barbie-poppy-parker-pullip\\\/#primaryimage\"},\"image\":{\"@id\":\"https:\\\/\\\/www.sunnyshop211.com\\\/produit\\\/support-telephone-miniature-1-6-barbie-poppy-parker-pullip\\\/#primaryimage\"},\"thumbnailUrl\":\"https:\\\/\\\/www.sunnyshop211.com\\\/wp-content\\\/uploads\\\/2020\\\/01\\\/20200108_145212-scaled.jpg\",\"datePublished\":\"2020-03-20T12:08:29+00:00\",\"dateModified\":\"2025-12-28T12:05:08+00:00\",\"description\":\"Support t\u00e9l\u00e9phone miniature 1\\\/6 \\\/ phone holder pour 1\\\/6 poup\u00e9es Barbie, fashion royalty, Poppy Parker, pullip, blythe ou autres de m\u00eame tailles\",\"breadcrumb\":{\"@id\":\"https:\\\/\\\/www.sunnyshop211.com\\\/produit\\\/support-telephone-miniature-1-6-barbie-poppy-parker-pullip\\\/#breadcrumb\"},\"inLanguage\":\"en-US\",\"potentialAction\":[{\"@type\":\"ReadAction\",\"target\":[\"https:\\\/\\\/www.sunnyshop211.com\\\/produit\\\/support-telephone-miniature-1-6-barbie-poppy-parker-pullip\\\/\"]}]},{\"@type\":\"ImageObject\",\"inLanguage\":\"en-US\",\"@id\":\"https:\\\/\\\/www.sunnyshop211.com\\\/produit\\\/support-telephone-miniature-1-6-barbie-poppy-parker-pullip\\\/#primaryimage\",\"url\":\"https:\\\/\\\/www.sunnyshop211.com\\\/wp-content\\\/uploads\\\/2020\\\/01\\\/20200108_145212-scaled.jpg\",\"contentUrl\":\"https:\\\/\\\/www.sunnyshop211.com\\\/wp-content\\\/uploads\\\/2020\\\/01\\\/20200108_145212-scaled.jpg\",\"width\":2560,\"height\":1675,\"caption\":\"Support t\u00e9l\u00e9phone miniature 1\\\/6\"},{\"@type\":\"BreadcrumbList\",\"@id\":\"https:\\\/\\\/www.sunnyshop211.com\\\/produit\\\/support-telephone-miniature-1-6-barbie-poppy-parker-pullip\\\/#breadcrumb\",\"itemListElement\":[{\"@type\":\"ListItem\",\"position\":1,\"name\":\"Accueil\",\"item\":\"https:\\\/\\\/www.sunnyshop211.com\\\/\"},{\"@type\":\"ListItem\",\"position\":2,\"name\":\"Boutique\",\"item\":\"https:\\\/\\\/www.sunnyshop211.com\\\/boutique-miniature-bjd-dolls\\\/\"},{\"@type\":\"ListItem\",\"position\":3,\"name\":\"Support t\u00e9l\u00e9phone miniature 1\\\/6 Barbie, Poppy Parker, pullip,\"}]},{\"@type\":\"WebSite\",\"@id\":\"https:\\\/\\\/www.sunnyshop211.com\\\/#website\",\"url\":\"https:\\\/\\\/www.sunnyshop211.com\\\/\",\"name\":\"Vente de dioramas, meubles, miniatures , bjd poup\u00e9es 1\\\/12 1\\\/8 1\\\/6 1\\\/4 1\\\/3\",\"description\":\"Sunnyshop211 - Votre univers miniature pour poup\u00e9es et BJD, dioramas et meubles sur mesure !\",\"publisher\":{\"@id\":\"https:\\\/\\\/www.sunnyshop211.com\\\/#organization\"},\"alternateName\":\"sunnyshop211\",\"potentialAction\":[{\"@type\":\"SearchAction\",\"target\":{\"@type\":\"EntryPoint\",\"urlTemplate\":\"https:\\\/\\\/www.sunnyshop211.com\\\/?s={search_term_string}\"},\"query-input\":{\"@type\":\"PropertyValueSpecification\",\"valueRequired\":true,\"valueName\":\"search_term_string\"}}],\"inLanguage\":\"en-US\"},{\"@type\":\"Organization\",\"@id\":\"https:\\\/\\\/www.sunnyshop211.com\\\/#organization\",\"name\":\"sunnyshop211\",\"alternateName\":\"sunnyshop211 diorama bjd meuble miniature\",\"url\":\"https:\\\/\\\/www.sunnyshop211.com\\\/\",\"logo\":{\"@type\":\"ImageObject\",\"inLanguage\":\"en-US\",\"@id\":\"https:\\\/\\\/www.sunnyshop211.com\\\/#\\\/schema\\\/logo\\\/image\\\/\",\"url\":\"https:\\\/\\\/www.sunnyshop211.com\\\/wp-content\\\/uploads\\\/2022\\\/08\\\/cropped-cropped-cropped-Sunnyshop211-1.png\",\"contentUrl\":\"https:\\\/\\\/www.sunnyshop211.com\\\/wp-content\\\/uploads\\\/2022\\\/08\\\/cropped-cropped-cropped-Sunnyshop211-1.png\",\"width\":339,\"height\":339,\"caption\":\"sunnyshop211\"},\"image\":{\"@id\":\"https:\\\/\\\/www.sunnyshop211.com\\\/#\\\/schema\\\/logo\\\/image\\\/\"},\"sameAs\":[\"https:\\\/\\\/www.facebook.com\\\/sunnyshop211\\\/?ref=bookmarks\",\"https:\\\/\\\/x.com\\\/sunnyshop211\",\"https:\\\/\\\/www.instagram.com\\\/sunnyshop211\\\/\",\"https:\\\/\\\/www.tumblr.com\\\/blog\\\/sunnyshop211\",\"https:\\\/\\\/www.youtube.com\\\/channel\\\/UCtYY18OGGDKrTSzgcf7fCBg\",\"https:\\\/\\\/www.tiktok.com\\\/@sunnydollshop211?is_from_webapp=1&sender_device=pc\"]}]}<\/script>\n<!-- \/ Yoast SEO plugin. -->","yoast_head_json":{"title":"Miniature phone holder 1\/6 Barbie, Poppy Parker, pullip, -","description":"Support t\u00e9l\u00e9phone miniature 1\/6 \/ phone holder for 1\/6 Barbie dolls, fashion royalty, Poppy Parker, pullip, blythe or other dolls of the same size","robots":{"index":"index","follow":"follow","max-snippet":"max-snippet:-1","max-image-preview":"max-image-preview:large","max-video-preview":"max-video-preview:-1"},"canonical":"https:\/\/www.sunnyshop211.com\/en\/product\/support-telephone-miniature-1-6-barbie-poppy-parker-pullip\/","og_locale":"en_US","og_type":"article","og_title":"Support t\u00e9l\u00e9phone miniature 1\/6 Barbie, Poppy Parker, pullip, -","og_description":"Support t\u00e9l\u00e9phone miniature 1\/6 \/ phone holder pour 1\/6 poup\u00e9es Barbie, fashion royalty, Poppy Parker, pullip, blythe ou autres de m\u00eame tailles","og_url":"https:\/\/www.sunnyshop211.com\/en\/product\/support-telephone-miniature-1-6-barbie-poppy-parker-pullip\/","og_site_name":"Sunnyshop211 -Vente de dioramas, meubles, miniatures , bjd poup\u00e9es 1\/12 1\/8 1\/6 1\/4 1\/3","article_publisher":"https:\/\/www.facebook.com\/sunnyshop211\/?ref=bookmarks","article_modified_time":"2025-12-28T12:05:08+00:00","og_image":[{"width":2560,"height":1675,"url":"https:\/\/www.sunnyshop211.com\/wp-content\/uploads\/2020\/01\/20200108_145212-scaled.jpg","type":"image\/jpeg"}],"twitter_card":"summary_large_image","twitter_site":"@sunnyshop211","twitter_misc":{"Est. reading time":"2 minutes"},"schema":{"@context":"https:\/\/schema.org","@graph":[{"@type":"WebPage","@id":"https:\/\/www.sunnyshop211.com\/produit\/support-telephone-miniature-1-6-barbie-poppy-parker-pullip\/","url":"https:\/\/www.sunnyshop211.com\/produit\/support-telephone-miniature-1-6-barbie-poppy-parker-pullip\/","name":"Miniature phone holder 1\/6 Barbie, Poppy Parker, pullip, -","isPartOf":{"@id":"https:\/\/www.sunnyshop211.com\/#website"},"primaryImageOfPage":{"@id":"https:\/\/www.sunnyshop211.com\/produit\/support-telephone-miniature-1-6-barbie-poppy-parker-pullip\/#primaryimage"},"image":{"@id":"https:\/\/www.sunnyshop211.com\/produit\/support-telephone-miniature-1-6-barbie-poppy-parker-pullip\/#primaryimage"},"thumbnailUrl":"https:\/\/www.sunnyshop211.com\/wp-content\/uploads\/2020\/01\/20200108_145212-scaled.jpg","datePublished":"2020-03-20T12:08:29+00:00","dateModified":"2025-12-28T12:05:08+00:00","description":"Support t\u00e9l\u00e9phone miniature 1\/6 \/ phone holder for 1\/6 Barbie dolls, fashion royalty, Poppy Parker, pullip, blythe or other dolls of the same size","breadcrumb":{"@id":"https:\/\/www.sunnyshop211.com\/produit\/support-telephone-miniature-1-6-barbie-poppy-parker-pullip\/#breadcrumb"},"inLanguage":"en-US","potentialAction":[{"@type":"ReadAction","target":["https:\/\/www.sunnyshop211.com\/produit\/support-telephone-miniature-1-6-barbie-poppy-parker-pullip\/"]}]},{"@type":"ImageObject","inLanguage":"en-US","@id":"https:\/\/www.sunnyshop211.com\/produit\/support-telephone-miniature-1-6-barbie-poppy-parker-pullip\/#primaryimage","url":"https:\/\/www.sunnyshop211.com\/wp-content\/uploads\/2020\/01\/20200108_145212-scaled.jpg","contentUrl":"https:\/\/www.sunnyshop211.com\/wp-content\/uploads\/2020\/01\/20200108_145212-scaled.jpg","width":2560,"height":1675,"caption":"Support t\u00e9l\u00e9phone miniature 1\/6"},{"@type":"BreadcrumbList","@id":"https:\/\/www.sunnyshop211.com\/produit\/support-telephone-miniature-1-6-barbie-poppy-parker-pullip\/#breadcrumb","itemListElement":[{"@type":"ListItem","position":1,"name":"Accueil","item":"https:\/\/www.sunnyshop211.com\/"},{"@type":"ListItem","position":2,"name":"Boutique","item":"https:\/\/www.sunnyshop211.com\/boutique-miniature-bjd-dolls\/"},{"@type":"ListItem","position":3,"name":"Support t\u00e9l\u00e9phone miniature 1\/6 Barbie, Poppy Parker, pullip,"}]},{"@type":"WebSite","@id":"https:\/\/www.sunnyshop211.com\/#website","url":"https:\/\/www.sunnyshop211.com\/","name":"Sale of dioramas, furniture, miniatures, bjd dolls 1\/12 1\/8 1\/6 1\/4 1\/3","description":"Sunnyshop211 - Your miniature world for dolls and BJDs, dioramas and custom-made furniture!","publisher":{"@id":"https:\/\/www.sunnyshop211.com\/#organization"},"alternateName":"sunnyshop211","potentialAction":[{"@type":"SearchAction","target":{"@type":"EntryPoint","urlTemplate":"https:\/\/www.sunnyshop211.com\/?s={search_term_string}"},"query-input":{"@type":"PropertyValueSpecification","valueRequired":true,"valueName":"search_term_string"}}],"inLanguage":"en-US"},{"@type":"Organization","@id":"https:\/\/www.sunnyshop211.com\/#organization","name":"sunnyshop211","alternateName":"sunnyshop211 diorama bjd meuble miniature","url":"https:\/\/www.sunnyshop211.com\/","logo":{"@type":"ImageObject","inLanguage":"en-US","@id":"https:\/\/www.sunnyshop211.com\/#\/schema\/logo\/image\/","url":"https:\/\/www.sunnyshop211.com\/wp-content\/uploads\/2022\/08\/cropped-cropped-cropped-Sunnyshop211-1.png","contentUrl":"https:\/\/www.sunnyshop211.com\/wp-content\/uploads\/2022\/08\/cropped-cropped-cropped-Sunnyshop211-1.png","width":339,"height":339,"caption":"sunnyshop211"},"image":{"@id":"https:\/\/www.sunnyshop211.com\/#\/schema\/logo\/image\/"},"sameAs":["https:\/\/www.facebook.com\/sunnyshop211\/?ref=bookmarks","https:\/\/x.com\/sunnyshop211","https:\/\/www.instagram.com\/sunnyshop211\/","https:\/\/www.tumblr.com\/blog\/sunnyshop211","https:\/\/www.youtube.com\/channel\/UCtYY18OGGDKrTSzgcf7fCBg","https:\/\/www.tiktok.com\/@sunnydollshop211?is_from_webapp=1&sender_device=pc"]}]}},"jetpack_publicize_connections":[],"jetpack_sharing_enabled":true,"_links":{"self":[{"href":"https:\/\/www.sunnyshop211.com\/en\/wp-json\/wp\/v2\/product\/14368","targetHints":{"allow":["GET"]}}],"collection":[{"href":"https:\/\/www.sunnyshop211.com\/en\/wp-json\/wp\/v2\/product"}],"about":[{"href":"https:\/\/www.sunnyshop211.com\/en\/wp-json\/wp\/v2\/types\/product"}],"replies":[{"embeddable":true,"href":"https:\/\/www.sunnyshop211.com\/en\/wp-json\/wp\/v2\/comments?post=14368"}],"version-history":[{"count":6,"href":"https:\/\/www.sunnyshop211.com\/en\/wp-json\/wp\/v2\/product\/14368\/revisions"}],"predecessor-version":[{"id":53184,"href":"https:\/\/www.sunnyshop211.com\/en\/wp-json\/wp\/v2\/product\/14368\/revisions\/53184"}],"wp:featuredmedia":[{"embeddable":true,"href":"https:\/\/www.sunnyshop211.com\/en\/wp-json\/wp\/v2\/media\/12510"}],"wp:attachment":[{"href":"https:\/\/www.sunnyshop211.com\/en\/wp-json\/wp\/v2\/media?parent=14368"}],"wp:term":[{"taxonomy":"product_brand","embeddable":true,"href":"https:\/\/www.sunnyshop211.com\/en\/wp-json\/wp\/v2\/product_brand?post=14368"},{"taxonomy":"product_cat","embeddable":true,"href":"https:\/\/www.sunnyshop211.com\/en\/wp-json\/wp\/v2\/product_cat?post=14368"},{"taxonomy":"product_tag","embeddable":true,"href":"https:\/\/www.sunnyshop211.com\/en\/wp-json\/wp\/v2\/product_tag?post=14368"}],"curies":[{"name":"wp","href":"https:\/\/api.w.org\/{rel}","templated":true}]}}