{"id":14260,"date":"2020-03-19T15:14:57","date_gmt":"2020-03-19T14:14:57","guid":{"rendered":"https:\/\/sunnyshop211.com\/?post_type=product&#038;p=14260"},"modified":"2026-02-15T11:12:20","modified_gmt":"2026-02-15T10:12:20","slug":"fleur-de-douche-miniature-1-4-minifee-msd","status":"publish","type":"product","link":"https:\/\/www.sunnyshop211.com\/en\/product\/fleur-de-douche-miniature-1-4-minifee-msd\/","title":{"rendered":"Miniature shower flower 1\/4 \/Shower flower minifee, MSD"},"content":{"rendered":"<p>&nbsp;<\/p>\n<div id='gallery-1' class='gallery galleryid-14260 gallery-columns-3 gallery-size-thumbnail'><figure class='gallery-item'>\n\t\t\t<div class='gallery-icon landscape'>\n\t\t\t\t<a href='https:\/\/www.sunnyshop211.com\/en\/?attachment_id=14019'><img decoding=\"async\" width=\"150\" height=\"150\" src=\"https:\/\/www.sunnyshop211.com\/wp-content\/uploads\/2020\/03\/nvsdb-40-150x150.jpg\" class=\"attachment-thumbnail size-thumbnail\" alt=\"Fleur de douche miniature\" srcset=\"https:\/\/www.sunnyshop211.com\/wp-content\/uploads\/2020\/03\/nvsdb-40-150x150.jpg 150w, https:\/\/www.sunnyshop211.com\/wp-content\/uploads\/2020\/03\/nvsdb-40-scaled-500x500.jpg 500w, https:\/\/www.sunnyshop211.com\/wp-content\/uploads\/2020\/03\/nvsdb-40-100x100.jpg 100w\" sizes=\"(max-width: 150px) 100vw, 150px\" \/><\/a>\n\t\t\t<\/div><\/figure><figure class='gallery-item'>\n\t\t\t<div class='gallery-icon landscape'>\n\t\t\t\t<a href='https:\/\/www.sunnyshop211.com\/en\/?attachment_id=13977'><img decoding=\"async\" width=\"150\" height=\"150\" src=\"https:\/\/www.sunnyshop211.com\/wp-content\/uploads\/2020\/03\/sdbn-79-scaled-150x150.jpg\" class=\"attachment-thumbnail size-thumbnail\" alt=\"\" srcset=\"https:\/\/www.sunnyshop211.com\/wp-content\/uploads\/2020\/03\/sdbn-79-scaled-150x150.jpg 150w, https:\/\/www.sunnyshop211.com\/wp-content\/uploads\/2020\/03\/sdbn-79-scaled-500x500.jpg 500w, https:\/\/www.sunnyshop211.com\/wp-content\/uploads\/2020\/03\/sdbn-79-100x100.jpg 100w\" sizes=\"(max-width: 150px) 100vw, 150px\" \/><\/a>\n\t\t\t<\/div><\/figure><figure class='gallery-item'>\n\t\t\t<div class='gallery-icon landscape'>\n\t\t\t\t<a href='https:\/\/www.sunnyshop211.com\/en\/?attachment_id=13960'><img decoding=\"async\" width=\"150\" height=\"150\" src=\"https:\/\/www.sunnyshop211.com\/wp-content\/uploads\/2020\/03\/nvsdb-63-150x150.jpg\" class=\"attachment-thumbnail size-thumbnail\" alt=\"Set gel douche miniature\" srcset=\"https:\/\/www.sunnyshop211.com\/wp-content\/uploads\/2020\/03\/nvsdb-63-150x150.jpg 150w, https:\/\/www.sunnyshop211.com\/wp-content\/uploads\/2020\/03\/nvsdb-63-scaled-500x500.jpg 500w, https:\/\/www.sunnyshop211.com\/wp-content\/uploads\/2020\/03\/nvsdb-63-100x100.jpg 100w\" sizes=\"(max-width: 150px) 100vw, 150px\" \/><\/a>\n\t\t\t<\/div><\/figure><figure class='gallery-item'>\n\t\t\t<div class='gallery-icon portrait'>\n\t\t\t\t<a href='https:\/\/www.sunnyshop211.com\/en\/?attachment_id=13963'><img loading=\"lazy\" decoding=\"async\" width=\"150\" height=\"150\" src=\"https:\/\/www.sunnyshop211.com\/wp-content\/uploads\/2020\/03\/nvsdb-60-150x150.jpg\" class=\"attachment-thumbnail size-thumbnail\" alt=\"Set gel douche miniature\" srcset=\"https:\/\/www.sunnyshop211.com\/wp-content\/uploads\/2020\/03\/nvsdb-60-150x150.jpg 150w, https:\/\/www.sunnyshop211.com\/wp-content\/uploads\/2020\/03\/nvsdb-60-scaled-500x500.jpg 500w, https:\/\/www.sunnyshop211.com\/wp-content\/uploads\/2020\/03\/nvsdb-60-100x100.jpg 100w\" sizes=\"(max-width: 150px) 100vw, 150px\" \/><\/a>\n\t\t\t<\/div><\/figure><figure class='gallery-item'>\n\t\t\t<div class='gallery-icon portrait'>\n\t\t\t\t<a href='https:\/\/www.sunnyshop211.com\/en\/?attachment_id=14007'><img loading=\"lazy\" decoding=\"async\" width=\"150\" height=\"150\" src=\"https:\/\/www.sunnyshop211.com\/wp-content\/uploads\/2020\/03\/sdbn-66-150x150.jpg\" class=\"attachment-thumbnail size-thumbnail\" alt=\"Fleur de douche miniature\" srcset=\"https:\/\/www.sunnyshop211.com\/wp-content\/uploads\/2020\/03\/sdbn-66-150x150.jpg 150w, https:\/\/www.sunnyshop211.com\/wp-content\/uploads\/2020\/03\/sdbn-66-scaled-500x500.jpg 500w, https:\/\/www.sunnyshop211.com\/wp-content\/uploads\/2020\/03\/sdbn-66-100x100.jpg 100w\" sizes=\"(max-width: 150px) 100vw, 150px\" \/><\/a>\n\t\t\t<\/div><\/figure><figure class='gallery-item'>\n\t\t\t<div class='gallery-icon landscape'>\n\t\t\t\t<a href='https:\/\/www.sunnyshop211.com\/en\/?attachment_id=13962'><img loading=\"lazy\" decoding=\"async\" width=\"150\" height=\"150\" src=\"https:\/\/www.sunnyshop211.com\/wp-content\/uploads\/2020\/03\/nvsdb-61-scaled-150x150.jpg\" class=\"attachment-thumbnail size-thumbnail\" alt=\"Fleur de douche miniature\" srcset=\"https:\/\/www.sunnyshop211.com\/wp-content\/uploads\/2020\/03\/nvsdb-61-scaled-150x150.jpg 150w, https:\/\/www.sunnyshop211.com\/wp-content\/uploads\/2020\/03\/nvsdb-61-scaled-500x500.jpg 500w, https:\/\/www.sunnyshop211.com\/wp-content\/uploads\/2020\/03\/nvsdb-61-100x100.jpg 100w\" sizes=\"(max-width: 150px) 100vw, 150px\" \/><\/a>\n\t\t\t<\/div><\/figure><figure class='gallery-item'>\n\t\t\t<div class='gallery-icon landscape'>\n\t\t\t\t<a href='https:\/\/www.sunnyshop211.com\/en\/?attachment_id=13959'><img loading=\"lazy\" decoding=\"async\" width=\"150\" height=\"150\" src=\"https:\/\/www.sunnyshop211.com\/wp-content\/uploads\/2020\/03\/nvsdb-64-scaled-150x150.jpg\" class=\"attachment-thumbnail size-thumbnail\" alt=\"Fleur de douche miniature\" srcset=\"https:\/\/www.sunnyshop211.com\/wp-content\/uploads\/2020\/03\/nvsdb-64-scaled-150x150.jpg 150w, https:\/\/www.sunnyshop211.com\/wp-content\/uploads\/2020\/03\/nvsdb-64-scaled-500x500.jpg 500w, https:\/\/www.sunnyshop211.com\/wp-content\/uploads\/2020\/03\/nvsdb-64-100x100.jpg 100w\" sizes=\"(max-width: 150px) 100vw, 150px\" \/><\/a>\n\t\t\t<\/div><\/figure>\n\t\t<\/div>\n\n<h2 data-start=\"162\" data-end=\"213\"><strong data-start=\"162\" data-end=\"213\">Miniature Shower Flower - 1\/4 - MSD - Minifee<\/strong><\/h2>\n<p data-start=\"215\" data-end=\"235\">\u2500\u2500\u2500\u2500\u2500\u2500\u2500\u2500\u2500\u2500\u2500\u2500\u2500\u2500\u2500\u2500\u2500\u2500\u2500\u2500<\/p>\n<p data-start=\"237\" data-end=\"254\">\u2728 <strong data-start=\"239\" data-end=\"254\">Description<\/strong><\/p>\n<p data-start=\"256\" data-end=\"387\">This miniature shower flower is an essential decorative accessory to complete a miniature shower or bathroom.<\/p>\n<p data-start=\"389\" data-end=\"529\">It will add a realistic, colorful touch to your dioramas and stagings, while perfectly accessorizing your dolls' world.<\/p>\n<p data-start=\"531\" data-end=\"611\">\u2714 Fictional article.<br data-start=\"548\" data-end=\"551\" \/>\u2714 Non-functional decorative accessory.<br data-start=\"590\" data-end=\"593\" \/>\u2714 Sold individually.<\/p>\n<p data-start=\"613\" data-end=\"633\">\u2500\u2500\u2500\u2500\u2500\u2500\u2500\u2500\u2500\u2500\u2500\u2500\u2500\u2500\u2500\u2500\u2500\u2500\u2500\u2500<\/p>\n<p data-start=\"635\" data-end=\"655\">\ud83e\uddf8 <strong data-start=\"638\" data-end=\"655\">Compatibility<\/strong><\/p>\n<p data-start=\"657\" data-end=\"694\">Compatible with the following dolls:<\/p>\n<p data-start=\"696\" data-end=\"782\">- 1\/4: MSD, Minifee, Unoa, Bimong, YouplaDolls or other dolls of equivalent size.<\/p>\n<p data-start=\"784\" data-end=\"935\">Ideal for miniature 1\/4\" showers and bathrooms.<br data-start=\"841\" data-end=\"844\" \/>Compatible with furniture and accessories sold separately in sunnyshop211.<\/p>\n<p data-start=\"937\" data-end=\"957\">\u2500\u2500\u2500\u2500\u2500\u2500\u2500\u2500\u2500\u2500\u2500\u2500\u2500\u2500\u2500\u2500\u2500\u2500\u2500\u2500<\/p>\n<p data-start=\"959\" data-end=\"986\">\ud83c\udfa8 <strong data-start=\"962\" data-end=\"986\">Available colors<\/strong><\/p>\n<p data-start=\"988\" data-end=\"1041\">You choose the color of your shower flower:<\/p>\n<p data-start=\"1043\" data-end=\"1080\">- Rose<br data-start=\"1049\" data-end=\"1052\" \/>- Blue<br data-start=\"1058\" data-end=\"1061\" \/>- Green<br data-start=\"1067\" data-end=\"1070\" \/>- Violet<\/p>\n<p data-start=\"1082\" data-end=\"1157\">Each shower flower is sold with a <strong data-start=\"1125\" data-end=\"1156\">color-matched fastener<\/strong>.<\/p>\n<p data-start=\"1159\" data-end=\"1179\">\u2500\u2500\u2500\u2500\u2500\u2500\u2500\u2500\u2500\u2500\u2500\u2500\u2500\u2500\u2500\u2500\u2500\u2500\u2500\u2500<\/p>\n<p data-start=\"1181\" data-end=\"1199\">\ud83e\udde9 <strong data-start=\"1184\" data-end=\"1199\">Composition<\/strong><\/p>\n<p data-start=\"1201\" data-end=\"1270\">- A decorative miniature shower flower.<br data-start=\"1244\" data-end=\"1247\" \/>- Matching clip.<\/p>\n<p data-start=\"1272\" data-end=\"1292\">\u2500\u2500\u2500\u2500\u2500\u2500\u2500\u2500\u2500\u2500\u2500\u2500\u2500\u2500\u2500\u2500\u2500\u2500\u2500\u2500<\/p>\n<p data-start=\"1294\" data-end=\"1324\">\ud83d\udd90\ufe0f <strong data-start=\"1298\" data-end=\"1324\">Handcrafted products<\/strong><\/p>\n<p data-start=\"1326\" data-end=\"1374\">Each piece is handcrafted.<\/p>\n<p data-start=\"1376\" data-end=\"1530\">Because of its handmade character:<br data-start=\"1410\" data-end=\"1413\" \/>- slight variations in shape or color may occur,<br data-start=\"1479\" data-end=\"1482\" \/>- a few minor imperfections are possible.<\/p>\n<p data-start=\"1532\" data-end=\"1552\">\u2500\u2500\u2500\u2500\u2500\u2500\u2500\u2500\u2500\u2500\u2500\u2500\u2500\u2500\u2500\u2500\u2500\u2500\u2500\u2500<\/p>\n<p data-start=\"1554\" data-end=\"1585\">\ud83d\udce6 <strong data-start=\"1557\" data-end=\"1585\">Important information<\/strong><\/p>\n<p data-start=\"1587\" data-end=\"1943\">- Made to order.<br data-start=\"1618\" data-end=\"1621\" \/>- Please allow for manufacturing and delivery times (see General Sales Conditions).<br data-start=\"1724\" data-end=\"1727\" \/>- Price shown is for one miniature shower flower.<br data-start=\"1788\" data-end=\"1791\" \/>- Shower gels, shampoos, furniture and other accessories are sold separately in the boutique.<br data-start=\"1892\" data-end=\"1895\" \/>- The photos are examples of staging.<\/p>\n<p data-start=\"1945\" data-end=\"2032\">More photos available on Instagram :<br data-start=\"1987\" data-end=\"1990\" \/>\ud83d\udc49 <a class=\"decorated-link\" href=\"https:\/\/www.instagram.com\/sunnyshop211\/\" target=\"_new\" rel=\"noopener\" data-start=\"1993\" data-end=\"2032\">https:\/\/www.instagram.com\/sunnyshop211\/<\/a><\/p>\n<p data-start=\"2034\" data-end=\"2054\">\u2500\u2500\u2500\u2500\u2500\u2500\u2500\u2500\u2500\u2500\u2500\u2500\u2500\u2500\u2500\u2500\u2500\u2500\u2500\u2500<\/p>\n<p data-start=\"2056\" data-end=\"2079\">\u26a0\ufe0f <strong data-start=\"2059\" data-end=\"2079\">Terms of use<\/strong><\/p>\n<p data-start=\"2081\" data-end=\"2221\">!!!! This is not a toy, this article is intended for adults.<br data-start=\"2152\" data-end=\"2155\" \/>I am not responsible for any damage in transit.<\/p>\n<p>&nbsp;<\/p>\n<p>&nbsp;<\/p>","protected":false},"excerpt":{"rendered":"<p>&nbsp; Fleur de douche miniature \u2013 1\/4 \u00b7 MSD \u00b7 Minifee \u2500\u2500\u2500\u2500\u2500\u2500\u2500\u2500\u2500\u2500\u2500\u2500\u2500\u2500\u2500\u2500\u2500\u2500\u2500\u2500 \u2728 Description Cette fleur de douche miniature est un accessoire d\u00e9coratif indispensable pour compl\u00e9ter une douche ou une salle de bain miniature. Elle apportera une touche r\u00e9aliste et color\u00e9e \u00e0 vos dioramas et mises en sc\u00e8nes, tout en accessoirisant parfaitement l\u2019univers de vos [&hellip;]<\/p>\n","protected":false},"featured_media":14011,"comment_status":"open","ping_status":"closed","template":"","meta":{"_crdt_document":"","jetpack_post_was_ever_published":false,"jetpack_publicize_message":"","jetpack_publicize_feature_enabled":true,"jetpack_social_post_already_shared":true,"jetpack_social_options":{"image_generator_settings":{"template":"highway","default_image_id":0,"font":"","enabled":false},"version":2}},"product_brand":[],"product_cat":[667687060],"product_tag":[667681137,667685045,667685043,667681138,667681136,667681588,667685049,667681364,667681363,667682262,667685028,667685026,667685061,667685059,667685067,667685069,667685032,667685051,667683243,667682326,667681139,667682310,667685057,667681426,667685030,667685041,667681232,667681173,667681141,667681218,667681140,667682322,667681324,667685034,667685053,667684439,667685055,667682308],"class_list":{"0":"post-14260","1":"product","2":"type-product","3":"status-publish","4":"has-post-thumbnail","6":"product_cat-produits-de-bain","7":"product_tag-baby","8":"product_tag-beaute","9":"product_tag-beauty","10":"product_tag-bebe","11":"product_tag-bjd","12":"product_tag-brosse","13":"product_tag-brush","14":"product_tag-cat","15":"product_tag-chat","16":"product_tag-cigne-bascule","17":"product_tag-cream","18":"product_tag-creme","19":"product_tag-curling-iron","20":"product_tag-fer-a-boucler","21":"product_tag-fleur-de-douche","22":"product_tag-flower-shower","23":"product_tag-gommage","24":"product_tag-hair-dryer","25":"product_tag-headband","26":"product_tag-lapin","27":"product_tag-lati-yellow","28":"product_tag-licorne","29":"product_tag-lisseur","30":"product_tag-littlefee","31":"product_tag-mask","32":"product_tag-masque","33":"product_tag-miniature","34":"product_tag-minifee","35":"product_tag-nappy-choo","36":"product_tag-portique","37":"product_tag-pukifee","38":"product_tag-rabbit","39":"product_tag-rocking-chair","40":"product_tag-scrub","41":"product_tag-seche-cheveux","42":"product_tag-sere-tete","43":"product_tag-straightener","44":"product_tag-unicorn","45":"product_shipping_class-lettre-suivie-3","46":"pa_couleur-bleu","47":"pa_couleur-rose-pink","48":"pa_couleur-vert-fr","49":"pa_couleur-violet-fr","51":"first","52":"instock","53":"taxable","54":"shipping-taxable","55":"purchasable","56":"product-type-variable"},"yoast_head":"<!-- This site is optimized with the Yoast SEO plugin v27.5 - https:\/\/yoast.com\/product\/yoast-seo-wordpress\/ -->\n<title>Fleur de douche miniature 1\/4 \/Shower flower minifee, MSD -<\/title>\n<meta name=\"description\" content=\"Fleur de douche miniature 1\/4\u00a0 minifee, MSD, unoa, youpladolls ou autres de m\u00eame tailles. Id\u00e9al pour vos dioramas et mise en sc\u00e8nes.\" \/>\n<meta name=\"robots\" content=\"index, follow, max-snippet:-1, max-image-preview:large, max-video-preview:-1\" \/>\n<link rel=\"canonical\" href=\"https:\/\/www.sunnyshop211.com\/en\/product\/fleur-de-douche-miniature-1-4-minifee-msd\/\" \/>\n<meta property=\"og:locale\" content=\"en_US\" \/>\n<meta property=\"og:type\" content=\"article\" \/>\n<meta property=\"og:title\" content=\"Fleur de douche miniature 1\/4 \/Shower flower minifee, MSD -\" \/>\n<meta property=\"og:description\" content=\"Fleur de douche miniature 1\/4\u00a0 minifee, MSD, unoa, youpladolls ou autres de m\u00eame tailles. Id\u00e9al pour vos dioramas et mise en sc\u00e8nes.\" \/>\n<meta property=\"og:url\" content=\"https:\/\/www.sunnyshop211.com\/en\/product\/fleur-de-douche-miniature-1-4-minifee-msd\/\" \/>\n<meta property=\"og:site_name\" content=\"Sunnyshop211 -Vente de dioramas, meubles, miniatures , bjd poup\u00e9es 1\/12 1\/8 1\/6 1\/4 1\/3\" \/>\n<meta property=\"article:publisher\" content=\"https:\/\/www.facebook.com\/sunnyshop211\/?ref=bookmarks\" \/>\n<meta property=\"article:modified_time\" content=\"2026-02-15T10:12:20+00:00\" \/>\n<meta property=\"og:image\" content=\"https:\/\/www.sunnyshop211.com\/wp-content\/uploads\/2020\/03\/sdbn-63-scaled.jpg\" \/>\n\t<meta property=\"og:image:width\" content=\"1707\" \/>\n\t<meta property=\"og:image:height\" content=\"2560\" \/>\n\t<meta property=\"og:image:type\" content=\"image\/jpeg\" \/>\n<meta name=\"twitter:card\" content=\"summary_large_image\" \/>\n<meta name=\"twitter:site\" content=\"@sunnyshop211\" \/>\n<meta name=\"twitter:label1\" content=\"Est. reading time\" \/>\n\t<meta name=\"twitter:data1\" content=\"2 minutes\" \/>\n<script type=\"application\/ld+json\" class=\"yoast-schema-graph\">{\"@context\":\"https:\\\/\\\/schema.org\",\"@graph\":[{\"@type\":\"WebPage\",\"@id\":\"https:\\\/\\\/www.sunnyshop211.com\\\/produit\\\/fleur-de-douche-miniature-1-4-minifee-msd\\\/\",\"url\":\"https:\\\/\\\/www.sunnyshop211.com\\\/produit\\\/fleur-de-douche-miniature-1-4-minifee-msd\\\/\",\"name\":\"Fleur de douche miniature 1\\\/4 \\\/Shower flower minifee, MSD -\",\"isPartOf\":{\"@id\":\"https:\\\/\\\/www.sunnyshop211.com\\\/#website\"},\"primaryImageOfPage\":{\"@id\":\"https:\\\/\\\/www.sunnyshop211.com\\\/produit\\\/fleur-de-douche-miniature-1-4-minifee-msd\\\/#primaryimage\"},\"image\":{\"@id\":\"https:\\\/\\\/www.sunnyshop211.com\\\/produit\\\/fleur-de-douche-miniature-1-4-minifee-msd\\\/#primaryimage\"},\"thumbnailUrl\":\"https:\\\/\\\/www.sunnyshop211.com\\\/wp-content\\\/uploads\\\/2020\\\/03\\\/sdbn-63-scaled.jpg\",\"datePublished\":\"2020-03-19T14:14:57+00:00\",\"dateModified\":\"2026-02-15T10:12:20+00:00\",\"description\":\"Fleur de douche miniature 1\\\/4\u00a0 minifee, MSD, unoa, youpladolls ou autres de m\u00eame tailles. Id\u00e9al pour vos dioramas et mise en sc\u00e8nes.\",\"breadcrumb\":{\"@id\":\"https:\\\/\\\/www.sunnyshop211.com\\\/produit\\\/fleur-de-douche-miniature-1-4-minifee-msd\\\/#breadcrumb\"},\"inLanguage\":\"en-US\",\"potentialAction\":[{\"@type\":\"ReadAction\",\"target\":[\"https:\\\/\\\/www.sunnyshop211.com\\\/produit\\\/fleur-de-douche-miniature-1-4-minifee-msd\\\/\"]}]},{\"@type\":\"ImageObject\",\"inLanguage\":\"en-US\",\"@id\":\"https:\\\/\\\/www.sunnyshop211.com\\\/produit\\\/fleur-de-douche-miniature-1-4-minifee-msd\\\/#primaryimage\",\"url\":\"https:\\\/\\\/www.sunnyshop211.com\\\/wp-content\\\/uploads\\\/2020\\\/03\\\/sdbn-63-scaled.jpg\",\"contentUrl\":\"https:\\\/\\\/www.sunnyshop211.com\\\/wp-content\\\/uploads\\\/2020\\\/03\\\/sdbn-63-scaled.jpg\",\"width\":1707,\"height\":2560},{\"@type\":\"BreadcrumbList\",\"@id\":\"https:\\\/\\\/www.sunnyshop211.com\\\/produit\\\/fleur-de-douche-miniature-1-4-minifee-msd\\\/#breadcrumb\",\"itemListElement\":[{\"@type\":\"ListItem\",\"position\":1,\"name\":\"Accueil\",\"item\":\"https:\\\/\\\/www.sunnyshop211.com\\\/\"},{\"@type\":\"ListItem\",\"position\":2,\"name\":\"Boutique\",\"item\":\"https:\\\/\\\/www.sunnyshop211.com\\\/boutique-miniature-bjd-dolls\\\/\"},{\"@type\":\"ListItem\",\"position\":3,\"name\":\"Fleur de douche miniature 1\\\/4 \\\/Shower flower minifee, MSD\"}]},{\"@type\":\"WebSite\",\"@id\":\"https:\\\/\\\/www.sunnyshop211.com\\\/#website\",\"url\":\"https:\\\/\\\/www.sunnyshop211.com\\\/\",\"name\":\"Vente de dioramas, meubles, miniatures , bjd poup\u00e9es 1\\\/12 1\\\/8 1\\\/6 1\\\/4 1\\\/3\",\"description\":\"Sunnyshop211 - Votre univers miniature pour poup\u00e9es et BJD, dioramas et meubles sur mesure !\",\"publisher\":{\"@id\":\"https:\\\/\\\/www.sunnyshop211.com\\\/#organization\"},\"alternateName\":\"sunnyshop211\",\"potentialAction\":[{\"@type\":\"SearchAction\",\"target\":{\"@type\":\"EntryPoint\",\"urlTemplate\":\"https:\\\/\\\/www.sunnyshop211.com\\\/?s={search_term_string}\"},\"query-input\":{\"@type\":\"PropertyValueSpecification\",\"valueRequired\":true,\"valueName\":\"search_term_string\"}}],\"inLanguage\":\"en-US\"},{\"@type\":\"Organization\",\"@id\":\"https:\\\/\\\/www.sunnyshop211.com\\\/#organization\",\"name\":\"sunnyshop211\",\"alternateName\":\"sunnyshop211 diorama bjd meuble miniature\",\"url\":\"https:\\\/\\\/www.sunnyshop211.com\\\/\",\"logo\":{\"@type\":\"ImageObject\",\"inLanguage\":\"en-US\",\"@id\":\"https:\\\/\\\/www.sunnyshop211.com\\\/#\\\/schema\\\/logo\\\/image\\\/\",\"url\":\"https:\\\/\\\/www.sunnyshop211.com\\\/wp-content\\\/uploads\\\/2022\\\/08\\\/cropped-cropped-cropped-Sunnyshop211-1.png\",\"contentUrl\":\"https:\\\/\\\/www.sunnyshop211.com\\\/wp-content\\\/uploads\\\/2022\\\/08\\\/cropped-cropped-cropped-Sunnyshop211-1.png\",\"width\":339,\"height\":339,\"caption\":\"sunnyshop211\"},\"image\":{\"@id\":\"https:\\\/\\\/www.sunnyshop211.com\\\/#\\\/schema\\\/logo\\\/image\\\/\"},\"sameAs\":[\"https:\\\/\\\/www.facebook.com\\\/sunnyshop211\\\/?ref=bookmarks\",\"https:\\\/\\\/x.com\\\/sunnyshop211\",\"https:\\\/\\\/www.instagram.com\\\/sunnyshop211\\\/\",\"https:\\\/\\\/www.tumblr.com\\\/blog\\\/sunnyshop211\",\"https:\\\/\\\/www.youtube.com\\\/channel\\\/UCtYY18OGGDKrTSzgcf7fCBg\",\"https:\\\/\\\/www.tiktok.com\\\/@sunnydollshop211?is_from_webapp=1&sender_device=pc\"]}]}<\/script>\n<!-- \/ Yoast SEO plugin. -->","yoast_head_json":{"title":"Miniature shower flower 1\/4 \/Shower flower minifee, MSD -","description":"Miniature shower flower 1\/4 minifee, MSD, unoa, youpladolls or other sizes. Ideal for dioramas and staging.","robots":{"index":"index","follow":"follow","max-snippet":"max-snippet:-1","max-image-preview":"max-image-preview:large","max-video-preview":"max-video-preview:-1"},"canonical":"https:\/\/www.sunnyshop211.com\/en\/product\/fleur-de-douche-miniature-1-4-minifee-msd\/","og_locale":"en_US","og_type":"article","og_title":"Fleur de douche miniature 1\/4 \/Shower flower minifee, MSD -","og_description":"Fleur de douche miniature 1\/4\u00a0 minifee, MSD, unoa, youpladolls ou autres de m\u00eame tailles. Id\u00e9al pour vos dioramas et mise en sc\u00e8nes.","og_url":"https:\/\/www.sunnyshop211.com\/en\/product\/fleur-de-douche-miniature-1-4-minifee-msd\/","og_site_name":"Sunnyshop211 -Vente de dioramas, meubles, miniatures , bjd poup\u00e9es 1\/12 1\/8 1\/6 1\/4 1\/3","article_publisher":"https:\/\/www.facebook.com\/sunnyshop211\/?ref=bookmarks","article_modified_time":"2026-02-15T10:12:20+00:00","og_image":[{"width":1707,"height":2560,"url":"https:\/\/www.sunnyshop211.com\/wp-content\/uploads\/2020\/03\/sdbn-63-scaled.jpg","type":"image\/jpeg"}],"twitter_card":"summary_large_image","twitter_site":"@sunnyshop211","twitter_misc":{"Est. reading time":"2 minutes"},"schema":{"@context":"https:\/\/schema.org","@graph":[{"@type":"WebPage","@id":"https:\/\/www.sunnyshop211.com\/produit\/fleur-de-douche-miniature-1-4-minifee-msd\/","url":"https:\/\/www.sunnyshop211.com\/produit\/fleur-de-douche-miniature-1-4-minifee-msd\/","name":"Miniature shower flower 1\/4 \/Shower flower minifee, MSD -","isPartOf":{"@id":"https:\/\/www.sunnyshop211.com\/#website"},"primaryImageOfPage":{"@id":"https:\/\/www.sunnyshop211.com\/produit\/fleur-de-douche-miniature-1-4-minifee-msd\/#primaryimage"},"image":{"@id":"https:\/\/www.sunnyshop211.com\/produit\/fleur-de-douche-miniature-1-4-minifee-msd\/#primaryimage"},"thumbnailUrl":"https:\/\/www.sunnyshop211.com\/wp-content\/uploads\/2020\/03\/sdbn-63-scaled.jpg","datePublished":"2020-03-19T14:14:57+00:00","dateModified":"2026-02-15T10:12:20+00:00","description":"Miniature shower flower 1\/4 minifee, MSD, unoa, youpladolls or other sizes. Ideal for dioramas and staging.","breadcrumb":{"@id":"https:\/\/www.sunnyshop211.com\/produit\/fleur-de-douche-miniature-1-4-minifee-msd\/#breadcrumb"},"inLanguage":"en-US","potentialAction":[{"@type":"ReadAction","target":["https:\/\/www.sunnyshop211.com\/produit\/fleur-de-douche-miniature-1-4-minifee-msd\/"]}]},{"@type":"ImageObject","inLanguage":"en-US","@id":"https:\/\/www.sunnyshop211.com\/produit\/fleur-de-douche-miniature-1-4-minifee-msd\/#primaryimage","url":"https:\/\/www.sunnyshop211.com\/wp-content\/uploads\/2020\/03\/sdbn-63-scaled.jpg","contentUrl":"https:\/\/www.sunnyshop211.com\/wp-content\/uploads\/2020\/03\/sdbn-63-scaled.jpg","width":1707,"height":2560},{"@type":"BreadcrumbList","@id":"https:\/\/www.sunnyshop211.com\/produit\/fleur-de-douche-miniature-1-4-minifee-msd\/#breadcrumb","itemListElement":[{"@type":"ListItem","position":1,"name":"Accueil","item":"https:\/\/www.sunnyshop211.com\/"},{"@type":"ListItem","position":2,"name":"Boutique","item":"https:\/\/www.sunnyshop211.com\/boutique-miniature-bjd-dolls\/"},{"@type":"ListItem","position":3,"name":"Fleur de douche miniature 1\/4 \/Shower flower minifee, MSD"}]},{"@type":"WebSite","@id":"https:\/\/www.sunnyshop211.com\/#website","url":"https:\/\/www.sunnyshop211.com\/","name":"Sale of dioramas, furniture, miniatures, bjd dolls 1\/12 1\/8 1\/6 1\/4 1\/3","description":"Sunnyshop211 - Your miniature world for dolls and BJDs, dioramas and custom-made furniture!","publisher":{"@id":"https:\/\/www.sunnyshop211.com\/#organization"},"alternateName":"sunnyshop211","potentialAction":[{"@type":"SearchAction","target":{"@type":"EntryPoint","urlTemplate":"https:\/\/www.sunnyshop211.com\/?s={search_term_string}"},"query-input":{"@type":"PropertyValueSpecification","valueRequired":true,"valueName":"search_term_string"}}],"inLanguage":"en-US"},{"@type":"Organization","@id":"https:\/\/www.sunnyshop211.com\/#organization","name":"sunnyshop211","alternateName":"sunnyshop211 diorama bjd meuble miniature","url":"https:\/\/www.sunnyshop211.com\/","logo":{"@type":"ImageObject","inLanguage":"en-US","@id":"https:\/\/www.sunnyshop211.com\/#\/schema\/logo\/image\/","url":"https:\/\/www.sunnyshop211.com\/wp-content\/uploads\/2022\/08\/cropped-cropped-cropped-Sunnyshop211-1.png","contentUrl":"https:\/\/www.sunnyshop211.com\/wp-content\/uploads\/2022\/08\/cropped-cropped-cropped-Sunnyshop211-1.png","width":339,"height":339,"caption":"sunnyshop211"},"image":{"@id":"https:\/\/www.sunnyshop211.com\/#\/schema\/logo\/image\/"},"sameAs":["https:\/\/www.facebook.com\/sunnyshop211\/?ref=bookmarks","https:\/\/x.com\/sunnyshop211","https:\/\/www.instagram.com\/sunnyshop211\/","https:\/\/www.tumblr.com\/blog\/sunnyshop211","https:\/\/www.youtube.com\/channel\/UCtYY18OGGDKrTSzgcf7fCBg","https:\/\/www.tiktok.com\/@sunnydollshop211?is_from_webapp=1&sender_device=pc"]}]}},"jetpack_publicize_connections":[],"jetpack_sharing_enabled":true,"_links":{"self":[{"href":"https:\/\/www.sunnyshop211.com\/en\/wp-json\/wp\/v2\/product\/14260","targetHints":{"allow":["GET"]}}],"collection":[{"href":"https:\/\/www.sunnyshop211.com\/en\/wp-json\/wp\/v2\/product"}],"about":[{"href":"https:\/\/www.sunnyshop211.com\/en\/wp-json\/wp\/v2\/types\/product"}],"replies":[{"embeddable":true,"href":"https:\/\/www.sunnyshop211.com\/en\/wp-json\/wp\/v2\/comments?post=14260"}],"version-history":[{"count":9,"href":"https:\/\/www.sunnyshop211.com\/en\/wp-json\/wp\/v2\/product\/14260\/revisions"}],"predecessor-version":[{"id":53930,"href":"https:\/\/www.sunnyshop211.com\/en\/wp-json\/wp\/v2\/product\/14260\/revisions\/53930"}],"wp:featuredmedia":[{"embeddable":true,"href":"https:\/\/www.sunnyshop211.com\/en\/wp-json\/wp\/v2\/media\/14011"}],"wp:attachment":[{"href":"https:\/\/www.sunnyshop211.com\/en\/wp-json\/wp\/v2\/media?parent=14260"}],"wp:term":[{"taxonomy":"product_brand","embeddable":true,"href":"https:\/\/www.sunnyshop211.com\/en\/wp-json\/wp\/v2\/product_brand?post=14260"},{"taxonomy":"product_cat","embeddable":true,"href":"https:\/\/www.sunnyshop211.com\/en\/wp-json\/wp\/v2\/product_cat?post=14260"},{"taxonomy":"product_tag","embeddable":true,"href":"https:\/\/www.sunnyshop211.com\/en\/wp-json\/wp\/v2\/product_tag?post=14260"}],"curies":[{"name":"wp","href":"https:\/\/api.w.org\/{rel}","templated":true}]}}