{"id":14234,"date":"2020-03-19T13:27:43","date_gmt":"2020-03-19T12:27:43","guid":{"rendered":"https:\/\/sunnyshop211.com\/?post_type=product&#038;p=14234"},"modified":"2026-01-03T13:48:18","modified_gmt":"2026-01-03T12:48:18","slug":"brosse-a-dent-miniature-1-6-1-4-1-3-barbie-minifee-sd","status":"publish","type":"product","link":"https:\/\/www.sunnyshop211.com\/en\/product\/brosse-a-dent-miniature-1-6-1-4-1-3-barbie-minifee-sd\/","title":{"rendered":"Miniature toothbrush 1\/6 1\/4 1\/3 Barbie minifee SD"},"content":{"rendered":"<p>or<\/p>\n<p>&nbsp;<\/p>\n<div id='gallery-1' class='gallery galleryid-14234 gallery-columns-3 gallery-size-thumbnail'><figure class='gallery-item'>\n\t\t\t<div class='gallery-icon landscape'>\n\t\t\t\t<a href='https:\/\/www.sunnyshop211.com\/en\/?attachment_id=16991'><img decoding=\"async\" width=\"150\" height=\"150\" src=\"https:\/\/www.sunnyshop211.com\/wp-content\/uploads\/2020\/08\/sddbarbie-20-150x150.jpg\" class=\"attachment-thumbnail size-thumbnail\" alt=\"Brosse dent miniature\" srcset=\"https:\/\/www.sunnyshop211.com\/wp-content\/uploads\/2020\/08\/sddbarbie-20-150x150.jpg 150w, https:\/\/www.sunnyshop211.com\/wp-content\/uploads\/2020\/08\/sddbarbie-20-scaled-500x500.jpg 500w, https:\/\/www.sunnyshop211.com\/wp-content\/uploads\/2020\/08\/sddbarbie-20-100x100.jpg 100w\" sizes=\"(max-width: 150px) 100vw, 150px\" \/><\/a>\n\t\t\t<\/div><\/figure><figure class='gallery-item'>\n\t\t\t<div class='gallery-icon landscape'>\n\t\t\t\t<a href='https:\/\/www.sunnyshop211.com\/en\/?attachment_id=16987'><img decoding=\"async\" width=\"150\" height=\"150\" src=\"https:\/\/www.sunnyshop211.com\/wp-content\/uploads\/2020\/08\/sddbarbie-22-scaled-150x150.jpg\" class=\"attachment-thumbnail size-thumbnail\" alt=\"Pot Brosse dent miniature\" srcset=\"https:\/\/www.sunnyshop211.com\/wp-content\/uploads\/2020\/08\/sddbarbie-22-scaled-150x150.jpg 150w, https:\/\/www.sunnyshop211.com\/wp-content\/uploads\/2020\/08\/sddbarbie-22-scaled-500x500.jpg 500w, https:\/\/www.sunnyshop211.com\/wp-content\/uploads\/2020\/08\/sddbarbie-22-scaled-100x100.jpg 100w\" sizes=\"(max-width: 150px) 100vw, 150px\" \/><\/a>\n\t\t\t<\/div><\/figure><figure class='gallery-item'>\n\t\t\t<div class='gallery-icon landscape'>\n\t\t\t\t<a href='https:\/\/www.sunnyshop211.com\/en\/?attachment_id=16992'><img decoding=\"async\" width=\"150\" height=\"150\" src=\"https:\/\/www.sunnyshop211.com\/wp-content\/uploads\/2020\/08\/sddbarbie-19-150x150.jpg\" class=\"attachment-thumbnail size-thumbnail\" alt=\"Brosse dent miniature\" srcset=\"https:\/\/www.sunnyshop211.com\/wp-content\/uploads\/2020\/08\/sddbarbie-19-150x150.jpg 150w, https:\/\/www.sunnyshop211.com\/wp-content\/uploads\/2020\/08\/sddbarbie-19-scaled-500x500.jpg 500w, https:\/\/www.sunnyshop211.com\/wp-content\/uploads\/2020\/08\/sddbarbie-19-100x100.jpg 100w\" sizes=\"(max-width: 150px) 100vw, 150px\" \/><\/a>\n\t\t\t<\/div><\/figure>\n\t\t<\/div>\n\n<h2 data-start=\"153\" data-end=\"199\"><strong data-start=\"153\" data-end=\"199\">Miniature toothbrush - 1\/6 - 1\/4 - 1\/3<\/strong><\/h2>\n<p data-start=\"201\" data-end=\"221\">\u2500\u2500\u2500\u2500\u2500\u2500\u2500\u2500\u2500\u2500\u2500\u2500\u2500\u2500\u2500\u2500\u2500\u2500\u2500\u2500<\/p>\n<p data-start=\"223\" data-end=\"240\">\u2728 <strong data-start=\"225\" data-end=\"240\">Description<\/strong><\/p>\n<p data-start=\"242\" data-end=\"407\">This miniature toothbrush is an ideal decorative accessory to complete a miniature bathroom and enhance your dioramas and everyday scenes.<\/p>\n<p data-start=\"409\" data-end=\"529\">Perfect for bringing realism to your dolls' world, it integrates easily into different styles of d\u00e9cor.<\/p>\n<p data-start=\"531\" data-end=\"645\">\u2714 Fictitious items.<br data-start=\"550\" data-end=\"553\" \/>\u2714 Non-functional decorative accessories.<br data-start=\"595\" data-end=\"598\" \/>\u2714 The price indicated corresponds to <strong data-start=\"629\" data-end=\"644\">a set<\/strong>.<\/p>\n<p data-start=\"647\" data-end=\"667\">\u2500\u2500\u2500\u2500\u2500\u2500\u2500\u2500\u2500\u2500\u2500\u2500\u2500\u2500\u2500\u2500\u2500\u2500\u2500\u2500<\/p>\n<p data-start=\"669\" data-end=\"687\">\ud83d\udce6 <strong data-start=\"672\" data-end=\"687\">Composition<\/strong><\/p>\n<p data-start=\"689\" data-end=\"710\">Set includes :<\/p>\n<p data-start=\"712\" data-end=\"836\">\u2022 <strong data-start=\"714\" data-end=\"746\">A miniature toothbrush<\/strong>.<br data-start=\"747\" data-end=\"750\" \/>\u2022 <strong data-start=\"752\" data-end=\"779\">Miniature toothpaste<\/strong> white, customized with a small label.<\/p>\n<p data-start=\"838\" data-end=\"858\">\u2500\u2500\u2500\u2500\u2500\u2500\u2500\u2500\u2500\u2500\u2500\u2500\u2500\u2500\u2500\u2500\u2500\u2500\u2500\u2500<\/p>\n<p data-start=\"860\" data-end=\"886\">\ud83d\udccf <strong data-start=\"863\" data-end=\"886\">Available sizes<\/strong><\/p>\n<p data-start=\"888\" data-end=\"948\">This set is available in <strong data-start=\"919\" data-end=\"936\">three sizes<\/strong>, your choice :<\/p>\n<p data-start=\"950\" data-end=\"983\">\u2022 <strong data-start=\"952\" data-end=\"959\">1\/6<\/strong><br data-start=\"959\" data-end=\"962\" \/>\u2022 <strong data-start=\"964\" data-end=\"971\">1\/4<\/strong><br data-start=\"971\" data-end=\"974\" \/>\u2022 <strong data-start=\"976\" data-end=\"983\">1\/3<\/strong><\/p>\n<p data-start=\"985\" data-end=\"1005\">\u2500\u2500\u2500\u2500\u2500\u2500\u2500\u2500\u2500\u2500\u2500\u2500\u2500\u2500\u2500\u2500\u2500\u2500\u2500\u2500<\/p>\n<p data-start=\"1007\" data-end=\"1027\">\ud83e\uddf8 <strong data-start=\"1010\" data-end=\"1027\">Compatibility<\/strong><\/p>\n<p data-start=\"1029\" data-end=\"1066\">Compatible with the following dolls:<\/p>\n<p data-start=\"1068\" data-end=\"1242\">\u2022 <strong data-start=\"1070\" data-end=\"1077\">1\/6<\/strong> Barbie, Pullip, Blythe, Poppy Parker or dolls of equivalent size.<br data-start=\"1148\" data-end=\"1151\" \/>\u2022 <strong data-start=\"1153\" data-end=\"1160\">1\/4<\/strong> MSD, Minifee or similar.<br data-start=\"1190\" data-end=\"1193\" \/>\u2022 <strong data-start=\"1195\" data-end=\"1202\">1\/3<\/strong> SD, Feeple, Smart Doll or equivalent.<\/p>\n<p data-start=\"1244\" data-end=\"1392\">Compatible with miniature furniture and accessories sold separately in sunnyshop211.<br data-start=\"1346\" data-end=\"1349\" \/>Ideal for staging and dioramas.<\/p>\n<p data-start=\"1394\" data-end=\"1414\">\u2500\u2500\u2500\u2500\u2500\u2500\u2500\u2500\u2500\u2500\u2500\u2500\u2500\u2500\u2500\u2500\u2500\u2500\u2500\u2500<\/p>\n<p data-start=\"1416\" data-end=\"1444\">\ud83c\udfa8 <strong data-start=\"1419\" data-end=\"1444\">Available finishes<\/strong><\/p>\n<p data-start=\"1446\" data-end=\"1493\">You choose the finish of your set:<\/p>\n<p data-start=\"1495\" data-end=\"1547\">- Unpainted (blank)<br data-start=\"1514\" data-end=\"1517\" \/>- White<br data-start=\"1524\" data-end=\"1527\" \/>- Black<br data-start=\"1533\" data-end=\"1536\" \/>- Customized<\/p>\n<p data-start=\"1549\" data-end=\"1569\">\u2500\u2500\u2500\u2500\u2500\u2500\u2500\u2500\u2500\u2500\u2500\u2500\u2500\u2500\u2500\u2500\u2500\u2500\u2500\u2500<\/p>\n<h3 data-start=\"1571\" data-end=\"1601\">\ud83d\udd90\ufe0f <strong data-start=\"1575\" data-end=\"1601\">Handcrafted products<\/strong><\/h3>\n<p data-start=\"1603\" data-end=\"1673\">Each piece is made of resin, easy to paint and customize.<\/p>\n<p data-start=\"1675\" data-end=\"1821\">Because of its handmade character:<br data-start=\"1709\" data-end=\"1712\" \/>- slight variations in shape or color may occur,<br data-start=\"1778\" data-end=\"1781\" \/>- some imperfections are possible.<\/p>\n<p data-start=\"1823\" data-end=\"1843\">\u2500\u2500\u2500\u2500\u2500\u2500\u2500\u2500\u2500\u2500\u2500\u2500\u2500\u2500\u2500\u2500\u2500\u2500\u2500\u2500<\/p>\n<p data-start=\"1845\" data-end=\"1876\">\ud83d\udce6 <strong data-start=\"1848\" data-end=\"1876\">Important information<\/strong><\/p>\n<p data-start=\"1878\" data-end=\"2186\">- Made to order.<br data-start=\"1909\" data-end=\"1912\" \/>- Please allow for manufacturing and delivery times (see General Sales Conditions).<br data-start=\"2015\" data-end=\"2018\" \/>- Toothbrush pots, furniture and accessories shown in the photos are sold separately in the store.<br data-start=\"2135\" data-end=\"2138\" \/>- The photos are examples of staging.<\/p>\n<p data-start=\"2188\" data-end=\"2273\">All miniatures and decorations are available on :<br data-start=\"2247\" data-end=\"2250\" \/>\ud83d\udc49 <a class=\"decorated-link\" href=\"http:\/\/www.sunnyshop211.com\/en\/\" target=\"_new\" rel=\"noopener\" data-start=\"2253\" data-end=\"2273\">www.sunnyshop211.com<\/a><\/p>\n<p data-start=\"2275\" data-end=\"2295\">\u2500\u2500\u2500\u2500\u2500\u2500\u2500\u2500\u2500\u2500\u2500\u2500\u2500\u2500\u2500\u2500\u2500\u2500\u2500\u2500<\/p>\n<p data-start=\"2297\" data-end=\"2320\">\u26a0\ufe0f <strong data-start=\"2300\" data-end=\"2320\">Terms of use<\/strong><\/p>\n<p data-start=\"2322\" data-end=\"2462\">!!!! This is not a toy, this article is intended for adults.<br data-start=\"2393\" data-end=\"2396\" \/>I am not responsible for any damage in transit.<\/p>\n<p>&nbsp;<\/p>\n<p>&nbsp;<\/p>\n<p>&nbsp;<\/p>","protected":false},"excerpt":{"rendered":"<p>ou &nbsp; Brosse \u00e0 dents miniature \u2013 1\/6 \u00b7 1\/4 \u00b7 1\/3 \u2500\u2500\u2500\u2500\u2500\u2500\u2500\u2500\u2500\u2500\u2500\u2500\u2500\u2500\u2500\u2500\u2500\u2500\u2500\u2500 \u2728 Description Cette brosse \u00e0 dents miniature est un accessoire d\u00e9coratif id\u00e9al pour compl\u00e9ter une salle de bain miniature et enrichir vos dioramas et mises en sc\u00e8nes du quotidien. Parfaite pour apporter du r\u00e9alisme \u00e0 l\u2019univers de vos dolls, elle s\u2019int\u00e8gre facilement [&hellip;]<\/p>\n","protected":false},"featured_media":16987,"comment_status":"open","ping_status":"closed","template":"","meta":{"_crdt_document":"","jetpack_post_was_ever_published":false,"jetpack_publicize_message":"","jetpack_publicize_feature_enabled":true,"jetpack_social_post_already_shared":true,"jetpack_social_options":{"image_generator_settings":{"template":"highway","default_image_id":0,"font":"","enabled":false},"version":2}},"product_brand":[],"product_cat":[667687059],"product_tag":[667681137,667685045,667685043,667681138,667681136,667681588,667685538,667685049,667681364,667681363,667682262,667685028,667685026,667685061,667685084,667685059,667685067,667685069,667685032,667685051,667683243,667685086,667682326,667681139,667682310,667685057,667681426,667685030,667685041,667681232,667681173,667681141,667681218,667681140,667682322,667681324,667685034,667685053,667684439,667685055,667685536,667682308],"class_list":{"0":"post-14234","1":"product","2":"type-product","3":"status-publish","4":"has-post-thumbnail","6":"product_cat-hygiene-accessoires","7":"product_tag-baby","8":"product_tag-beaute","9":"product_tag-beauty","10":"product_tag-bebe","11":"product_tag-bjd","12":"product_tag-brosse","13":"product_tag-brosse-a-dent","14":"product_tag-brush","15":"product_tag-cat","16":"product_tag-chat","17":"product_tag-cigne-bascule","18":"product_tag-cream","19":"product_tag-creme","20":"product_tag-curling-iron","21":"product_tag-distributeur-de-savon","22":"product_tag-fer-a-boucler","23":"product_tag-fleur-de-douche","24":"product_tag-flower-shower","25":"product_tag-gommage","26":"product_tag-hair-dryer","27":"product_tag-headband","28":"product_tag-kitty","29":"product_tag-lapin","30":"product_tag-lati-yellow","31":"product_tag-licorne","32":"product_tag-lisseur","33":"product_tag-littlefee","34":"product_tag-mask","35":"product_tag-masque","36":"product_tag-miniature","37":"product_tag-minifee","38":"product_tag-nappy-choo","39":"product_tag-portique","40":"product_tag-pukifee","41":"product_tag-rabbit","42":"product_tag-rocking-chair","43":"product_tag-scrub","44":"product_tag-seche-cheveux","45":"product_tag-sere-tete","46":"product_tag-straightener","47":"product_tag-toothbrush","48":"product_tag-unicorn","49":"product_shipping_class-lettre-suivie","51":"first","52":"instock","53":"taxable","54":"shipping-taxable","55":"purchasable","56":"product-type-variable"},"yoast_head":"<!-- This site is optimized with the Yoast SEO plugin v27.5 - https:\/\/yoast.com\/product\/yoast-seo-wordpress\/ -->\n<title>Brosse \u00e0 dent miniature 1\/6 1\/4 1\/3 Barbie minifee SD -<\/title>\n<meta name=\"description\" content=\"Brosse \u00e0 dent miniature 1\/6 1\/4 1\/3 Barbie, Poppy Parker, minifee, MSD, tonner, SD, smart Doll, feeple ou similaires. Id\u00e9al pour vos dolls.\" \/>\n<meta name=\"robots\" content=\"index, follow, max-snippet:-1, max-image-preview:large, max-video-preview:-1\" \/>\n<link rel=\"canonical\" href=\"https:\/\/www.sunnyshop211.com\/en\/product\/brosse-a-dent-miniature-1-6-1-4-1-3-barbie-minifee-sd\/\" \/>\n<meta property=\"og:locale\" content=\"en_US\" \/>\n<meta property=\"og:type\" content=\"article\" \/>\n<meta property=\"og:title\" content=\"Brosse \u00e0 dent miniature 1\/6 1\/4 1\/3 Barbie minifee SD -\" \/>\n<meta property=\"og:description\" content=\"Brosse \u00e0 dent miniature 1\/6 1\/4 1\/3 Barbie, Poppy Parker, minifee, MSD, tonner, SD, smart Doll, feeple ou similaires. Id\u00e9al pour vos dolls.\" \/>\n<meta property=\"og:url\" content=\"https:\/\/www.sunnyshop211.com\/en\/product\/brosse-a-dent-miniature-1-6-1-4-1-3-barbie-minifee-sd\/\" \/>\n<meta property=\"og:site_name\" content=\"Sunnyshop211 -Vente de dioramas, meubles, miniatures , bjd poup\u00e9es 1\/12 1\/8 1\/6 1\/4 1\/3\" \/>\n<meta property=\"article:publisher\" content=\"https:\/\/www.facebook.com\/sunnyshop211\/?ref=bookmarks\" \/>\n<meta property=\"article:modified_time\" content=\"2026-01-03T12:48:18+00:00\" \/>\n<meta property=\"og:image\" content=\"https:\/\/www.sunnyshop211.com\/wp-content\/uploads\/2020\/08\/sddbarbie-22-scaled.jpg\" \/>\n\t<meta property=\"og:image:width\" content=\"2560\" \/>\n\t<meta property=\"og:image:height\" content=\"1559\" \/>\n\t<meta property=\"og:image:type\" content=\"image\/jpeg\" \/>\n<meta name=\"twitter:card\" content=\"summary_large_image\" \/>\n<meta name=\"twitter:site\" content=\"@sunnyshop211\" \/>\n<meta name=\"twitter:label1\" content=\"Est. reading time\" \/>\n\t<meta name=\"twitter:data1\" content=\"2 minutes\" \/>\n<script type=\"application\/ld+json\" class=\"yoast-schema-graph\">{\"@context\":\"https:\\\/\\\/schema.org\",\"@graph\":[{\"@type\":\"WebPage\",\"@id\":\"https:\\\/\\\/www.sunnyshop211.com\\\/produit\\\/brosse-a-dent-miniature-1-6-1-4-1-3-barbie-minifee-sd\\\/\",\"url\":\"https:\\\/\\\/www.sunnyshop211.com\\\/produit\\\/brosse-a-dent-miniature-1-6-1-4-1-3-barbie-minifee-sd\\\/\",\"name\":\"Brosse \u00e0 dent miniature 1\\\/6 1\\\/4 1\\\/3 Barbie minifee SD -\",\"isPartOf\":{\"@id\":\"https:\\\/\\\/www.sunnyshop211.com\\\/#website\"},\"primaryImageOfPage\":{\"@id\":\"https:\\\/\\\/www.sunnyshop211.com\\\/produit\\\/brosse-a-dent-miniature-1-6-1-4-1-3-barbie-minifee-sd\\\/#primaryimage\"},\"image\":{\"@id\":\"https:\\\/\\\/www.sunnyshop211.com\\\/produit\\\/brosse-a-dent-miniature-1-6-1-4-1-3-barbie-minifee-sd\\\/#primaryimage\"},\"thumbnailUrl\":\"https:\\\/\\\/www.sunnyshop211.com\\\/wp-content\\\/uploads\\\/2020\\\/08\\\/sddbarbie-22-scaled.jpg\",\"datePublished\":\"2020-03-19T12:27:43+00:00\",\"dateModified\":\"2026-01-03T12:48:18+00:00\",\"description\":\"Brosse \u00e0 dent miniature 1\\\/6 1\\\/4 1\\\/3 Barbie, Poppy Parker, minifee, MSD, tonner, SD, smart Doll, feeple ou similaires. Id\u00e9al pour vos dolls.\",\"breadcrumb\":{\"@id\":\"https:\\\/\\\/www.sunnyshop211.com\\\/produit\\\/brosse-a-dent-miniature-1-6-1-4-1-3-barbie-minifee-sd\\\/#breadcrumb\"},\"inLanguage\":\"en-US\",\"potentialAction\":[{\"@type\":\"ReadAction\",\"target\":[\"https:\\\/\\\/www.sunnyshop211.com\\\/produit\\\/brosse-a-dent-miniature-1-6-1-4-1-3-barbie-minifee-sd\\\/\"]}]},{\"@type\":\"ImageObject\",\"inLanguage\":\"en-US\",\"@id\":\"https:\\\/\\\/www.sunnyshop211.com\\\/produit\\\/brosse-a-dent-miniature-1-6-1-4-1-3-barbie-minifee-sd\\\/#primaryimage\",\"url\":\"https:\\\/\\\/www.sunnyshop211.com\\\/wp-content\\\/uploads\\\/2020\\\/08\\\/sddbarbie-22-scaled.jpg\",\"contentUrl\":\"https:\\\/\\\/www.sunnyshop211.com\\\/wp-content\\\/uploads\\\/2020\\\/08\\\/sddbarbie-22-scaled.jpg\",\"width\":2560,\"height\":1559,\"caption\":\"Pot Brosse dent miniature\"},{\"@type\":\"BreadcrumbList\",\"@id\":\"https:\\\/\\\/www.sunnyshop211.com\\\/produit\\\/brosse-a-dent-miniature-1-6-1-4-1-3-barbie-minifee-sd\\\/#breadcrumb\",\"itemListElement\":[{\"@type\":\"ListItem\",\"position\":1,\"name\":\"Accueil\",\"item\":\"https:\\\/\\\/www.sunnyshop211.com\\\/\"},{\"@type\":\"ListItem\",\"position\":2,\"name\":\"Boutique\",\"item\":\"https:\\\/\\\/www.sunnyshop211.com\\\/boutique-miniature-bjd-dolls\\\/\"},{\"@type\":\"ListItem\",\"position\":3,\"name\":\"Brosse \u00e0 dent miniature 1\\\/6 1\\\/4 1\\\/3 Barbie minifee SD\"}]},{\"@type\":\"WebSite\",\"@id\":\"https:\\\/\\\/www.sunnyshop211.com\\\/#website\",\"url\":\"https:\\\/\\\/www.sunnyshop211.com\\\/\",\"name\":\"Vente de dioramas, meubles, miniatures , bjd poup\u00e9es 1\\\/12 1\\\/8 1\\\/6 1\\\/4 1\\\/3\",\"description\":\"Sunnyshop211 - Votre univers miniature pour poup\u00e9es et BJD, dioramas et meubles sur mesure !\",\"publisher\":{\"@id\":\"https:\\\/\\\/www.sunnyshop211.com\\\/#organization\"},\"alternateName\":\"sunnyshop211\",\"potentialAction\":[{\"@type\":\"SearchAction\",\"target\":{\"@type\":\"EntryPoint\",\"urlTemplate\":\"https:\\\/\\\/www.sunnyshop211.com\\\/?s={search_term_string}\"},\"query-input\":{\"@type\":\"PropertyValueSpecification\",\"valueRequired\":true,\"valueName\":\"search_term_string\"}}],\"inLanguage\":\"en-US\"},{\"@type\":\"Organization\",\"@id\":\"https:\\\/\\\/www.sunnyshop211.com\\\/#organization\",\"name\":\"sunnyshop211\",\"alternateName\":\"sunnyshop211 diorama bjd meuble miniature\",\"url\":\"https:\\\/\\\/www.sunnyshop211.com\\\/\",\"logo\":{\"@type\":\"ImageObject\",\"inLanguage\":\"en-US\",\"@id\":\"https:\\\/\\\/www.sunnyshop211.com\\\/#\\\/schema\\\/logo\\\/image\\\/\",\"url\":\"https:\\\/\\\/www.sunnyshop211.com\\\/wp-content\\\/uploads\\\/2022\\\/08\\\/cropped-cropped-cropped-Sunnyshop211-1.png\",\"contentUrl\":\"https:\\\/\\\/www.sunnyshop211.com\\\/wp-content\\\/uploads\\\/2022\\\/08\\\/cropped-cropped-cropped-Sunnyshop211-1.png\",\"width\":339,\"height\":339,\"caption\":\"sunnyshop211\"},\"image\":{\"@id\":\"https:\\\/\\\/www.sunnyshop211.com\\\/#\\\/schema\\\/logo\\\/image\\\/\"},\"sameAs\":[\"https:\\\/\\\/www.facebook.com\\\/sunnyshop211\\\/?ref=bookmarks\",\"https:\\\/\\\/x.com\\\/sunnyshop211\",\"https:\\\/\\\/www.instagram.com\\\/sunnyshop211\\\/\",\"https:\\\/\\\/www.tumblr.com\\\/blog\\\/sunnyshop211\",\"https:\\\/\\\/www.youtube.com\\\/channel\\\/UCtYY18OGGDKrTSzgcf7fCBg\",\"https:\\\/\\\/www.tiktok.com\\\/@sunnydollshop211?is_from_webapp=1&sender_device=pc\"]}]}<\/script>\n<!-- \/ Yoast SEO plugin. -->","yoast_head_json":{"title":"Miniature toothbrush 1\/6 1\/4 1\/3 Barbie minifee SD -","description":"Miniature toothbrush 1\/6 1\/4 1\/3 Barbie, Poppy Parker, minifee, MSD, tonner, SD, smart Doll, feeple or similar. Ideal for your dolls.","robots":{"index":"index","follow":"follow","max-snippet":"max-snippet:-1","max-image-preview":"max-image-preview:large","max-video-preview":"max-video-preview:-1"},"canonical":"https:\/\/www.sunnyshop211.com\/en\/product\/brosse-a-dent-miniature-1-6-1-4-1-3-barbie-minifee-sd\/","og_locale":"en_US","og_type":"article","og_title":"Brosse \u00e0 dent miniature 1\/6 1\/4 1\/3 Barbie minifee SD -","og_description":"Brosse \u00e0 dent miniature 1\/6 1\/4 1\/3 Barbie, Poppy Parker, minifee, MSD, tonner, SD, smart Doll, feeple ou similaires. Id\u00e9al pour vos dolls.","og_url":"https:\/\/www.sunnyshop211.com\/en\/product\/brosse-a-dent-miniature-1-6-1-4-1-3-barbie-minifee-sd\/","og_site_name":"Sunnyshop211 -Vente de dioramas, meubles, miniatures , bjd poup\u00e9es 1\/12 1\/8 1\/6 1\/4 1\/3","article_publisher":"https:\/\/www.facebook.com\/sunnyshop211\/?ref=bookmarks","article_modified_time":"2026-01-03T12:48:18+00:00","og_image":[{"width":2560,"height":1559,"url":"https:\/\/www.sunnyshop211.com\/wp-content\/uploads\/2020\/08\/sddbarbie-22-scaled.jpg","type":"image\/jpeg"}],"twitter_card":"summary_large_image","twitter_site":"@sunnyshop211","twitter_misc":{"Est. reading time":"2 minutes"},"schema":{"@context":"https:\/\/schema.org","@graph":[{"@type":"WebPage","@id":"https:\/\/www.sunnyshop211.com\/produit\/brosse-a-dent-miniature-1-6-1-4-1-3-barbie-minifee-sd\/","url":"https:\/\/www.sunnyshop211.com\/produit\/brosse-a-dent-miniature-1-6-1-4-1-3-barbie-minifee-sd\/","name":"Miniature toothbrush 1\/6 1\/4 1\/3 Barbie minifee SD -","isPartOf":{"@id":"https:\/\/www.sunnyshop211.com\/#website"},"primaryImageOfPage":{"@id":"https:\/\/www.sunnyshop211.com\/produit\/brosse-a-dent-miniature-1-6-1-4-1-3-barbie-minifee-sd\/#primaryimage"},"image":{"@id":"https:\/\/www.sunnyshop211.com\/produit\/brosse-a-dent-miniature-1-6-1-4-1-3-barbie-minifee-sd\/#primaryimage"},"thumbnailUrl":"https:\/\/www.sunnyshop211.com\/wp-content\/uploads\/2020\/08\/sddbarbie-22-scaled.jpg","datePublished":"2020-03-19T12:27:43+00:00","dateModified":"2026-01-03T12:48:18+00:00","description":"Miniature toothbrush 1\/6 1\/4 1\/3 Barbie, Poppy Parker, minifee, MSD, tonner, SD, smart Doll, feeple or similar. Ideal for your dolls.","breadcrumb":{"@id":"https:\/\/www.sunnyshop211.com\/produit\/brosse-a-dent-miniature-1-6-1-4-1-3-barbie-minifee-sd\/#breadcrumb"},"inLanguage":"en-US","potentialAction":[{"@type":"ReadAction","target":["https:\/\/www.sunnyshop211.com\/produit\/brosse-a-dent-miniature-1-6-1-4-1-3-barbie-minifee-sd\/"]}]},{"@type":"ImageObject","inLanguage":"en-US","@id":"https:\/\/www.sunnyshop211.com\/produit\/brosse-a-dent-miniature-1-6-1-4-1-3-barbie-minifee-sd\/#primaryimage","url":"https:\/\/www.sunnyshop211.com\/wp-content\/uploads\/2020\/08\/sddbarbie-22-scaled.jpg","contentUrl":"https:\/\/www.sunnyshop211.com\/wp-content\/uploads\/2020\/08\/sddbarbie-22-scaled.jpg","width":2560,"height":1559,"caption":"Pot Brosse dent miniature"},{"@type":"BreadcrumbList","@id":"https:\/\/www.sunnyshop211.com\/produit\/brosse-a-dent-miniature-1-6-1-4-1-3-barbie-minifee-sd\/#breadcrumb","itemListElement":[{"@type":"ListItem","position":1,"name":"Accueil","item":"https:\/\/www.sunnyshop211.com\/"},{"@type":"ListItem","position":2,"name":"Boutique","item":"https:\/\/www.sunnyshop211.com\/boutique-miniature-bjd-dolls\/"},{"@type":"ListItem","position":3,"name":"Brosse \u00e0 dent miniature 1\/6 1\/4 1\/3 Barbie minifee SD"}]},{"@type":"WebSite","@id":"https:\/\/www.sunnyshop211.com\/#website","url":"https:\/\/www.sunnyshop211.com\/","name":"Sale of dioramas, furniture, miniatures, bjd dolls 1\/12 1\/8 1\/6 1\/4 1\/3","description":"Sunnyshop211 - Your miniature world for dolls and BJDs, dioramas and custom-made furniture!","publisher":{"@id":"https:\/\/www.sunnyshop211.com\/#organization"},"alternateName":"sunnyshop211","potentialAction":[{"@type":"SearchAction","target":{"@type":"EntryPoint","urlTemplate":"https:\/\/www.sunnyshop211.com\/?s={search_term_string}"},"query-input":{"@type":"PropertyValueSpecification","valueRequired":true,"valueName":"search_term_string"}}],"inLanguage":"en-US"},{"@type":"Organization","@id":"https:\/\/www.sunnyshop211.com\/#organization","name":"sunnyshop211","alternateName":"sunnyshop211 diorama bjd meuble miniature","url":"https:\/\/www.sunnyshop211.com\/","logo":{"@type":"ImageObject","inLanguage":"en-US","@id":"https:\/\/www.sunnyshop211.com\/#\/schema\/logo\/image\/","url":"https:\/\/www.sunnyshop211.com\/wp-content\/uploads\/2022\/08\/cropped-cropped-cropped-Sunnyshop211-1.png","contentUrl":"https:\/\/www.sunnyshop211.com\/wp-content\/uploads\/2022\/08\/cropped-cropped-cropped-Sunnyshop211-1.png","width":339,"height":339,"caption":"sunnyshop211"},"image":{"@id":"https:\/\/www.sunnyshop211.com\/#\/schema\/logo\/image\/"},"sameAs":["https:\/\/www.facebook.com\/sunnyshop211\/?ref=bookmarks","https:\/\/x.com\/sunnyshop211","https:\/\/www.instagram.com\/sunnyshop211\/","https:\/\/www.tumblr.com\/blog\/sunnyshop211","https:\/\/www.youtube.com\/channel\/UCtYY18OGGDKrTSzgcf7fCBg","https:\/\/www.tiktok.com\/@sunnydollshop211?is_from_webapp=1&sender_device=pc"]}]}},"jetpack_publicize_connections":[],"jetpack_sharing_enabled":true,"_links":{"self":[{"href":"https:\/\/www.sunnyshop211.com\/en\/wp-json\/wp\/v2\/product\/14234","targetHints":{"allow":["GET"]}}],"collection":[{"href":"https:\/\/www.sunnyshop211.com\/en\/wp-json\/wp\/v2\/product"}],"about":[{"href":"https:\/\/www.sunnyshop211.com\/en\/wp-json\/wp\/v2\/types\/product"}],"replies":[{"embeddable":true,"href":"https:\/\/www.sunnyshop211.com\/en\/wp-json\/wp\/v2\/comments?post=14234"}],"version-history":[{"count":13,"href":"https:\/\/www.sunnyshop211.com\/en\/wp-json\/wp\/v2\/product\/14234\/revisions"}],"predecessor-version":[{"id":53934,"href":"https:\/\/www.sunnyshop211.com\/en\/wp-json\/wp\/v2\/product\/14234\/revisions\/53934"}],"wp:featuredmedia":[{"embeddable":true,"href":"https:\/\/www.sunnyshop211.com\/en\/wp-json\/wp\/v2\/media\/16987"}],"wp:attachment":[{"href":"https:\/\/www.sunnyshop211.com\/en\/wp-json\/wp\/v2\/media?parent=14234"}],"wp:term":[{"taxonomy":"product_brand","embeddable":true,"href":"https:\/\/www.sunnyshop211.com\/en\/wp-json\/wp\/v2\/product_brand?post=14234"},{"taxonomy":"product_cat","embeddable":true,"href":"https:\/\/www.sunnyshop211.com\/en\/wp-json\/wp\/v2\/product_cat?post=14234"},{"taxonomy":"product_tag","embeddable":true,"href":"https:\/\/www.sunnyshop211.com\/en\/wp-json\/wp\/v2\/product_tag?post=14234"}],"curies":[{"name":"wp","href":"https:\/\/api.w.org\/{rel}","templated":true}]}}