{"id":14209,"date":"2020-03-19T12:23:12","date_gmt":"2020-03-19T11:23:12","guid":{"rendered":"https:\/\/sunnyshop211.com\/?post_type=product&#038;p=14209"},"modified":"2026-03-19T17:29:43","modified_gmt":"2026-03-19T16:29:43","slug":"set-de-gel-douche-miniature-1-6-1-4-1-3","status":"publish","type":"product","link":"https:\/\/www.sunnyshop211.com\/en\/product\/set-de-gel-douche-miniature-1-6-1-4-1-3\/","title":{"rendered":"Miniature shower gel set 1\/6, 1\/4 1\/3"},"content":{"rendered":"<p>&nbsp;<\/p>\n<div id='gallery-1' class='gallery galleryid-14209 gallery-columns-3 gallery-size-thumbnail'><figure class='gallery-item'>\n\t\t\t<div class='gallery-icon landscape'>\n\t\t\t\t<a href='https:\/\/www.sunnyshop211.com\/en\/?attachment_id=55817'><img decoding=\"async\" width=\"150\" height=\"150\" src=\"https:\/\/www.sunnyshop211.com\/wp-content\/uploads\/2019\/01\/15-1-150x150.jpg\" class=\"attachment-thumbnail size-thumbnail\" alt=\"Set de gel douche miniature 1\/6, 1\/4 1\/3\" srcset=\"https:\/\/www.sunnyshop211.com\/wp-content\/uploads\/2019\/01\/15-1-150x150.jpg 150w, https:\/\/www.sunnyshop211.com\/wp-content\/uploads\/2019\/01\/15-1-500x500.jpg 500w, https:\/\/www.sunnyshop211.com\/wp-content\/uploads\/2019\/01\/15-1-100x100.jpg 100w\" sizes=\"(max-width: 150px) 100vw, 150px\" \/><\/a>\n\t\t\t<\/div><\/figure><figure class='gallery-item'>\n\t\t\t<div class='gallery-icon landscape'>\n\t\t\t\t<a href='https:\/\/www.sunnyshop211.com\/en\/?attachment_id=55816'><img decoding=\"async\" width=\"150\" height=\"150\" src=\"https:\/\/www.sunnyshop211.com\/wp-content\/uploads\/2019\/01\/14-2-150x150.jpg\" class=\"attachment-thumbnail size-thumbnail\" alt=\"\" srcset=\"https:\/\/www.sunnyshop211.com\/wp-content\/uploads\/2019\/01\/14-2-150x150.jpg 150w, https:\/\/www.sunnyshop211.com\/wp-content\/uploads\/2019\/01\/14-2-500x500.jpg 500w, https:\/\/www.sunnyshop211.com\/wp-content\/uploads\/2019\/01\/14-2-100x100.jpg 100w\" sizes=\"(max-width: 150px) 100vw, 150px\" \/><\/a>\n\t\t\t<\/div><\/figure><figure class='gallery-item'>\n\t\t\t<div class='gallery-icon landscape'>\n\t\t\t\t<a href='https:\/\/www.sunnyshop211.com\/en\/?attachment_id=13955'><img decoding=\"async\" width=\"150\" height=\"150\" src=\"https:\/\/www.sunnyshop211.com\/wp-content\/uploads\/2020\/03\/nvsdb-72-150x150.jpg\" class=\"attachment-thumbnail size-thumbnail\" alt=\"Set gel douche miniature\" srcset=\"https:\/\/www.sunnyshop211.com\/wp-content\/uploads\/2020\/03\/nvsdb-72-150x150.jpg 150w, https:\/\/www.sunnyshop211.com\/wp-content\/uploads\/2020\/03\/nvsdb-72-scaled-500x500.jpg 500w, https:\/\/www.sunnyshop211.com\/wp-content\/uploads\/2020\/03\/nvsdb-72-100x100.jpg 100w\" sizes=\"(max-width: 150px) 100vw, 150px\" \/><\/a>\n\t\t\t<\/div><\/figure><figure class='gallery-item'>\n\t\t\t<div class='gallery-icon landscape'>\n\t\t\t\t<a href='https:\/\/www.sunnyshop211.com\/en\/?attachment_id=13977'><img loading=\"lazy\" decoding=\"async\" width=\"150\" height=\"150\" src=\"https:\/\/www.sunnyshop211.com\/wp-content\/uploads\/2020\/03\/sdbn-79-scaled-150x150.jpg\" class=\"attachment-thumbnail size-thumbnail\" alt=\"\" srcset=\"https:\/\/www.sunnyshop211.com\/wp-content\/uploads\/2020\/03\/sdbn-79-scaled-150x150.jpg 150w, https:\/\/www.sunnyshop211.com\/wp-content\/uploads\/2020\/03\/sdbn-79-scaled-500x500.jpg 500w, https:\/\/www.sunnyshop211.com\/wp-content\/uploads\/2020\/03\/sdbn-79-100x100.jpg 100w\" sizes=\"(max-width: 150px) 100vw, 150px\" \/><\/a>\n\t\t\t<\/div><\/figure><figure class='gallery-item'>\n\t\t\t<div class='gallery-icon landscape'>\n\t\t\t\t<a href='https:\/\/www.sunnyshop211.com\/en\/?attachment_id=13960'><img loading=\"lazy\" decoding=\"async\" width=\"150\" height=\"150\" src=\"https:\/\/www.sunnyshop211.com\/wp-content\/uploads\/2020\/03\/nvsdb-63-150x150.jpg\" class=\"attachment-thumbnail size-thumbnail\" alt=\"Set gel douche miniature\" srcset=\"https:\/\/www.sunnyshop211.com\/wp-content\/uploads\/2020\/03\/nvsdb-63-150x150.jpg 150w, https:\/\/www.sunnyshop211.com\/wp-content\/uploads\/2020\/03\/nvsdb-63-scaled-500x500.jpg 500w, https:\/\/www.sunnyshop211.com\/wp-content\/uploads\/2020\/03\/nvsdb-63-100x100.jpg 100w\" sizes=\"(max-width: 150px) 100vw, 150px\" \/><\/a>\n\t\t\t<\/div><\/figure><figure class='gallery-item'>\n\t\t\t<div class='gallery-icon portrait'>\n\t\t\t\t<a href='https:\/\/www.sunnyshop211.com\/en\/?attachment_id=13963'><img loading=\"lazy\" decoding=\"async\" width=\"150\" height=\"150\" src=\"https:\/\/www.sunnyshop211.com\/wp-content\/uploads\/2020\/03\/nvsdb-60-150x150.jpg\" class=\"attachment-thumbnail size-thumbnail\" alt=\"Set gel douche miniature\" srcset=\"https:\/\/www.sunnyshop211.com\/wp-content\/uploads\/2020\/03\/nvsdb-60-150x150.jpg 150w, https:\/\/www.sunnyshop211.com\/wp-content\/uploads\/2020\/03\/nvsdb-60-scaled-500x500.jpg 500w, https:\/\/www.sunnyshop211.com\/wp-content\/uploads\/2020\/03\/nvsdb-60-100x100.jpg 100w\" sizes=\"(max-width: 150px) 100vw, 150px\" \/><\/a>\n\t\t\t<\/div><\/figure>\n\t\t<\/div>\n\n<h2 data-start=\"153\" data-end=\"202\"><strong data-start=\"153\" data-end=\"202\">Miniature shower gel set - 1\/6 - 1\/4 - 1\/3<\/strong><\/h2>\n<p data-start=\"204\" data-end=\"224\">\u2500\u2500\u2500\u2500\u2500\u2500\u2500\u2500\u2500\u2500\u2500\u2500\u2500\u2500\u2500\u2500\u2500\u2500\u2500\u2500<\/p>\n<p data-start=\"226\" data-end=\"243\">\u2728 <strong data-start=\"228\" data-end=\"243\">Description<\/strong><\/p>\n<p data-start=\"245\" data-end=\"392\">This miniature shower gel set is ideal for accessorizing your miniature bathrooms and enhancing your dioramas and everyday scenes.<\/p>\n<p data-start=\"394\" data-end=\"511\">Perfect for recreating a realistic atmosphere, it adds a touch of color and detail to your dolls' world.<\/p>\n<p data-start=\"513\" data-end=\"622\">\u2714 Fictitious items.<br data-start=\"532\" data-end=\"535\" \/>\u2714 Non-functional decorative accessories.<br data-start=\"577\" data-end=\"580\" \/>\u2714 The price indicated corresponds to <strong data-start=\"611\" data-end=\"621\">a set<\/strong>.<\/p>\n<p data-start=\"624\" data-end=\"644\">\u2500\u2500\u2500\u2500\u2500\u2500\u2500\u2500\u2500\u2500\u2500\u2500\u2500\u2500\u2500\u2500\u2500\u2500\u2500\u2500<\/p>\n<p data-start=\"646\" data-end=\"671\">\ud83d\udce6 <strong data-start=\"649\" data-end=\"671\">Set composition<\/strong><\/p>\n<p data-start=\"673\" data-end=\"724\">Each miniature shower gel set includes :<\/p>\n<p data-start=\"726\" data-end=\"840\">\u2022 <strong data-start=\"728\" data-end=\"755\">A miniature shower gel<\/strong> (choice of pink or blue).<br data-start=\"782\" data-end=\"785\" \/>\u2022 <strong data-start=\"787\" data-end=\"813\">A miniature shampoo<\/strong> (choice of pink or blue).<\/p>\n<p data-start=\"842\" data-end=\"904\">Several models available, depending on the combinations chosen.<\/p>\n<p data-start=\"906\" data-end=\"926\">\u2500\u2500\u2500\u2500\u2500\u2500\u2500\u2500\u2500\u2500\u2500\u2500\u2500\u2500\u2500\u2500\u2500\u2500\u2500\u2500<\/p>\n<p data-start=\"928\" data-end=\"954\">\ud83d\udccf <strong data-start=\"931\" data-end=\"954\">Available sizes<\/strong><\/p>\n<p data-start=\"956\" data-end=\"1010\">This set is available in <strong data-start=\"981\" data-end=\"998\">three sizes<\/strong>, your choice :<\/p>\n<p data-start=\"1012\" data-end=\"1045\">\u2022 <strong data-start=\"1014\" data-end=\"1021\">1\/6: 2 cm high\u00a0<\/strong><br data-start=\"1021\" data-end=\"1024\" \/>\u2022 <strong data-start=\"1026\" data-end=\"1033\">1\/4 : 2.5 cm high\u00a0<\/strong><br data-start=\"1033\" data-end=\"1036\" \/>\u2022 <strong data-start=\"1038\" data-end=\"1045\">1\/3: 4 cm high<\/strong><\/p>\n<p data-start=\"1047\" data-end=\"1067\">\u2500\u2500\u2500\u2500\u2500\u2500\u2500\u2500\u2500\u2500\u2500\u2500\u2500\u2500\u2500\u2500\u2500\u2500\u2500\u2500<\/p>\n<p data-start=\"1069\" data-end=\"1089\">\ud83e\uddf8 <strong data-start=\"1072\" data-end=\"1089\">Compatibility<\/strong><\/p>\n<p data-start=\"1091\" data-end=\"1128\">Compatible with the following dolls:<\/p>\n<p data-start=\"1130\" data-end=\"1310\">\u2022 <strong data-start=\"1132\" data-end=\"1139\">1\/6<\/strong> Barbie, Pullip, Blythe, Poppy Parker or dolls of equivalent size.<br data-start=\"1210\" data-end=\"1213\" \/>\u2022 <strong data-start=\"1215\" data-end=\"1222\">1\/4<\/strong> MSD, Minifee, Unoa or similar.<br data-start=\"1258\" data-end=\"1261\" \/>\u2022 <strong data-start=\"1263\" data-end=\"1270\">1\/3<\/strong> SD, Feeple, Smart Doll or equivalent.<\/p>\n<p data-start=\"1312\" data-end=\"1460\">Compatible with miniature furniture and accessories sold separately in sunnyshop211.<br data-start=\"1414\" data-end=\"1417\" \/>Ideal for staging and dioramas.<\/p>\n<p data-start=\"1462\" data-end=\"1482\">\u2500\u2500\u2500\u2500\u2500\u2500\u2500\u2500\u2500\u2500\u2500\u2500\u2500\u2500\u2500\u2500\u2500\u2500\u2500\u2500<\/p>\n<p data-start=\"1484\" data-end=\"1511\">\ud83c\udfa8 <strong data-start=\"1487\" data-end=\"1511\">Available colors<\/strong><\/p>\n<p data-start=\"1513\" data-end=\"1554\">You choose the color of your set:<\/p>\n<p data-start=\"1556\" data-end=\"1573\">- Rose<br data-start=\"1562\" data-end=\"1565\" \/>- Blue<\/p>\n<p data-start=\"1575\" data-end=\"1595\">\u2500\u2500\u2500\u2500\u2500\u2500\u2500\u2500\u2500\u2500\u2500\u2500\u2500\u2500\u2500\u2500\u2500\u2500\u2500\u2500<\/p>\n<h3 data-start=\"1597\" data-end=\"1627\">\ud83d\udd90\ufe0f <strong data-start=\"1601\" data-end=\"1627\">Handcrafted products<\/strong><\/h3>\n<p data-start=\"1629\" data-end=\"1674\">Each set is handcrafted.<\/p>\n<p data-start=\"1676\" data-end=\"1842\">Because of its handmade character:<br data-start=\"1710\" data-end=\"1713\" \/>- slight variations in shape or color may occur,<br data-start=\"1779\" data-end=\"1782\" \/>- some material-related imperfections are possible.<\/p>\n<p data-start=\"1844\" data-end=\"1864\">\u2500\u2500\u2500\u2500\u2500\u2500\u2500\u2500\u2500\u2500\u2500\u2500\u2500\u2500\u2500\u2500\u2500\u2500\u2500\u2500<\/p>\n<p data-start=\"1866\" data-end=\"1897\">\ud83d\udce6 <strong data-start=\"1869\" data-end=\"1897\">Important information<\/strong><\/p>\n<p data-start=\"1899\" data-end=\"2179\">- Made to order.<br data-start=\"1930\" data-end=\"1933\" \/>- Please allow for manufacturing and delivery times (see General Sales Conditions).<br data-start=\"2036\" data-end=\"2039\" \/>- Other accessories shown in the photos are sold separately in the store.<br data-start=\"2128\" data-end=\"2131\" \/>- The photos are examples of staging.<\/p>\n<p data-start=\"2181\" data-end=\"2268\">More photos available on Instagram :<br data-start=\"2223\" data-end=\"2226\" \/>\ud83d\udc49 <a class=\"decorated-link\" href=\"https:\/\/www.instagram.com\/sunnyshop211\/\" target=\"_new\" rel=\"noopener\" data-start=\"2229\" data-end=\"2268\">https:\/\/www.instagram.com\/sunnyshop211\/<\/a><\/p>\n<p data-start=\"2270\" data-end=\"2290\">\u2500\u2500\u2500\u2500\u2500\u2500\u2500\u2500\u2500\u2500\u2500\u2500\u2500\u2500\u2500\u2500\u2500\u2500\u2500\u2500<\/p>\n<p data-start=\"2292\" data-end=\"2315\">\u26a0\ufe0f <strong data-start=\"2295\" data-end=\"2315\">Terms of use<\/strong><\/p>\n<p data-start=\"2317\" data-end=\"2457\">!!!! This is not a toy, this article is intended for adults.<br data-start=\"2388\" data-end=\"2391\" \/>I am not responsible for any damage in transit.<\/p>","protected":false},"excerpt":{"rendered":"<p>&nbsp; Set de gel douche miniature \u2013 1\/6 \u00b7 1\/4 \u00b7 1\/3 \u2500\u2500\u2500\u2500\u2500\u2500\u2500\u2500\u2500\u2500\u2500\u2500\u2500\u2500\u2500\u2500\u2500\u2500\u2500\u2500 \u2728 Description Ce set de gel douche miniature est id\u00e9al pour accessoiriser vos salles de bain miniatures et enrichir vos dioramas et mises en sc\u00e8nes du quotidien. Parfait pour recr\u00e9er une ambiance r\u00e9aliste, il apportera une touche de couleur et de d\u00e9tail [&hellip;]<\/p>\n","protected":false},"featured_media":55817,"comment_status":"open","ping_status":"closed","template":"","meta":{"_crdt_document":"","jetpack_post_was_ever_published":false,"jetpack_publicize_message":"","jetpack_publicize_feature_enabled":true,"jetpack_social_post_already_shared":true,"jetpack_social_options":{"image_generator_settings":{"template":"highway","default_image_id":0,"font":"","enabled":false},"version":2}},"product_brand":[],"product_cat":[667687060],"product_tag":[667681137,667685045,667685043,667681138,667681136,667681588,667685049,667681364,667681363,667682262,667685028,667685026,667685061,667685059,667685067,667685069,667685032,667685051,667683243,667682326,667681139,667682310,667685057,667681426,667685030,667685041,667681232,667681173,667681141,667681218,667681140,667682322,667681324,667685034,667685053,667684439,667685055,667682308],"class_list":{"0":"post-14209","1":"product","2":"type-product","3":"status-publish","4":"has-post-thumbnail","6":"product_cat-produits-de-bain","7":"product_tag-baby","8":"product_tag-beaute","9":"product_tag-beauty","10":"product_tag-bebe","11":"product_tag-bjd","12":"product_tag-brosse","13":"product_tag-brush","14":"product_tag-cat","15":"product_tag-chat","16":"product_tag-cigne-bascule","17":"product_tag-cream","18":"product_tag-creme","19":"product_tag-curling-iron","20":"product_tag-fer-a-boucler","21":"product_tag-fleur-de-douche","22":"product_tag-flower-shower","23":"product_tag-gommage","24":"product_tag-hair-dryer","25":"product_tag-headband","26":"product_tag-lapin","27":"product_tag-lati-yellow","28":"product_tag-licorne","29":"product_tag-lisseur","30":"product_tag-littlefee","31":"product_tag-mask","32":"product_tag-masque","33":"product_tag-miniature","34":"product_tag-minifee","35":"product_tag-nappy-choo","36":"product_tag-portique","37":"product_tag-pukifee","38":"product_tag-rabbit","39":"product_tag-rocking-chair","40":"product_tag-scrub","41":"product_tag-seche-cheveux","42":"product_tag-sere-tete","43":"product_tag-straightener","44":"product_tag-unicorn","45":"product_shipping_class-lettre-suivie-3","47":"first","48":"instock","49":"taxable","50":"shipping-taxable","51":"purchasable","52":"product-type-variable"},"yoast_head":"<!-- This site is optimized with the Yoast SEO plugin v27.5 - https:\/\/yoast.com\/product\/yoast-seo-wordpress\/ -->\n<title>Set de gel douche miniature 1\/6, 1\/4 1\/3 -<\/title>\n<meta name=\"description\" content=\"Set de gel douche miniature 1\/6, 1\/4 1\/3 Barbie, Poppy Parker, minifee, MSD, SD, smart Doll, feeple. Plusieurs mod\u00e8les \u00e0 choisir.\" \/>\n<meta name=\"robots\" content=\"index, follow, max-snippet:-1, max-image-preview:large, max-video-preview:-1\" \/>\n<link rel=\"canonical\" href=\"https:\/\/www.sunnyshop211.com\/en\/product\/set-de-gel-douche-miniature-1-6-1-4-1-3\/\" \/>\n<meta property=\"og:locale\" content=\"en_US\" \/>\n<meta property=\"og:type\" content=\"article\" \/>\n<meta property=\"og:title\" content=\"Set de gel douche miniature 1\/6, 1\/4 1\/3 -\" \/>\n<meta property=\"og:description\" content=\"Set de gel douche miniature 1\/6, 1\/4 1\/3 Barbie, Poppy Parker, minifee, MSD, SD, smart Doll, feeple. Plusieurs mod\u00e8les \u00e0 choisir.\" \/>\n<meta property=\"og:url\" content=\"https:\/\/www.sunnyshop211.com\/en\/product\/set-de-gel-douche-miniature-1-6-1-4-1-3\/\" \/>\n<meta property=\"og:site_name\" content=\"Sunnyshop211 -Vente de dioramas, meubles, miniatures , bjd poup\u00e9es 1\/12 1\/8 1\/6 1\/4 1\/3\" \/>\n<meta property=\"article:publisher\" content=\"https:\/\/www.facebook.com\/sunnyshop211\/?ref=bookmarks\" \/>\n<meta property=\"article:modified_time\" content=\"2026-03-19T16:29:43+00:00\" \/>\n<meta property=\"og:image\" content=\"https:\/\/www.sunnyshop211.com\/wp-content\/uploads\/2019\/01\/15-1-scaled.jpg\" \/>\n\t<meta property=\"og:image:width\" content=\"2560\" \/>\n\t<meta property=\"og:image:height\" content=\"1707\" \/>\n\t<meta property=\"og:image:type\" content=\"image\/jpeg\" \/>\n<meta name=\"twitter:card\" content=\"summary_large_image\" \/>\n<meta name=\"twitter:site\" content=\"@sunnyshop211\" \/>\n<meta name=\"twitter:label1\" content=\"Est. reading time\" \/>\n\t<meta name=\"twitter:data1\" content=\"2 minutes\" \/>\n<script type=\"application\/ld+json\" class=\"yoast-schema-graph\">{\"@context\":\"https:\\\/\\\/schema.org\",\"@graph\":[{\"@type\":\"WebPage\",\"@id\":\"https:\\\/\\\/www.sunnyshop211.com\\\/produit\\\/set-de-gel-douche-miniature-1-6-1-4-1-3\\\/\",\"url\":\"https:\\\/\\\/www.sunnyshop211.com\\\/produit\\\/set-de-gel-douche-miniature-1-6-1-4-1-3\\\/\",\"name\":\"Set de gel douche miniature 1\\\/6, 1\\\/4 1\\\/3 -\",\"isPartOf\":{\"@id\":\"https:\\\/\\\/www.sunnyshop211.com\\\/#website\"},\"primaryImageOfPage\":{\"@id\":\"https:\\\/\\\/www.sunnyshop211.com\\\/produit\\\/set-de-gel-douche-miniature-1-6-1-4-1-3\\\/#primaryimage\"},\"image\":{\"@id\":\"https:\\\/\\\/www.sunnyshop211.com\\\/produit\\\/set-de-gel-douche-miniature-1-6-1-4-1-3\\\/#primaryimage\"},\"thumbnailUrl\":\"https:\\\/\\\/www.sunnyshop211.com\\\/wp-content\\\/uploads\\\/2019\\\/01\\\/15-1-scaled.jpg\",\"datePublished\":\"2020-03-19T11:23:12+00:00\",\"dateModified\":\"2026-03-19T16:29:43+00:00\",\"description\":\"Set de gel douche miniature 1\\\/6, 1\\\/4 1\\\/3 Barbie, Poppy Parker, minifee, MSD, SD, smart Doll, feeple. Plusieurs mod\u00e8les \u00e0 choisir.\",\"breadcrumb\":{\"@id\":\"https:\\\/\\\/www.sunnyshop211.com\\\/produit\\\/set-de-gel-douche-miniature-1-6-1-4-1-3\\\/#breadcrumb\"},\"inLanguage\":\"en-US\",\"potentialAction\":[{\"@type\":\"ReadAction\",\"target\":[\"https:\\\/\\\/www.sunnyshop211.com\\\/produit\\\/set-de-gel-douche-miniature-1-6-1-4-1-3\\\/\"]}]},{\"@type\":\"ImageObject\",\"inLanguage\":\"en-US\",\"@id\":\"https:\\\/\\\/www.sunnyshop211.com\\\/produit\\\/set-de-gel-douche-miniature-1-6-1-4-1-3\\\/#primaryimage\",\"url\":\"https:\\\/\\\/www.sunnyshop211.com\\\/wp-content\\\/uploads\\\/2019\\\/01\\\/15-1-scaled.jpg\",\"contentUrl\":\"https:\\\/\\\/www.sunnyshop211.com\\\/wp-content\\\/uploads\\\/2019\\\/01\\\/15-1-scaled.jpg\",\"width\":2560,\"height\":1707,\"caption\":\"Set de gel douche miniature 1\\\/6, 1\\\/4 1\\\/3\"},{\"@type\":\"BreadcrumbList\",\"@id\":\"https:\\\/\\\/www.sunnyshop211.com\\\/produit\\\/set-de-gel-douche-miniature-1-6-1-4-1-3\\\/#breadcrumb\",\"itemListElement\":[{\"@type\":\"ListItem\",\"position\":1,\"name\":\"Accueil\",\"item\":\"https:\\\/\\\/www.sunnyshop211.com\\\/\"},{\"@type\":\"ListItem\",\"position\":2,\"name\":\"Boutique\",\"item\":\"https:\\\/\\\/www.sunnyshop211.com\\\/boutique-miniature-bjd-dolls\\\/\"},{\"@type\":\"ListItem\",\"position\":3,\"name\":\"Set de gel douche miniature 1\\\/6, 1\\\/4 1\\\/3\"}]},{\"@type\":\"WebSite\",\"@id\":\"https:\\\/\\\/www.sunnyshop211.com\\\/#website\",\"url\":\"https:\\\/\\\/www.sunnyshop211.com\\\/\",\"name\":\"Vente de dioramas, meubles, miniatures , bjd poup\u00e9es 1\\\/12 1\\\/8 1\\\/6 1\\\/4 1\\\/3\",\"description\":\"Sunnyshop211 - Votre univers miniature pour poup\u00e9es et BJD, dioramas et meubles sur mesure !\",\"publisher\":{\"@id\":\"https:\\\/\\\/www.sunnyshop211.com\\\/#organization\"},\"alternateName\":\"sunnyshop211\",\"potentialAction\":[{\"@type\":\"SearchAction\",\"target\":{\"@type\":\"EntryPoint\",\"urlTemplate\":\"https:\\\/\\\/www.sunnyshop211.com\\\/?s={search_term_string}\"},\"query-input\":{\"@type\":\"PropertyValueSpecification\",\"valueRequired\":true,\"valueName\":\"search_term_string\"}}],\"inLanguage\":\"en-US\"},{\"@type\":\"Organization\",\"@id\":\"https:\\\/\\\/www.sunnyshop211.com\\\/#organization\",\"name\":\"sunnyshop211\",\"alternateName\":\"sunnyshop211 diorama bjd meuble miniature\",\"url\":\"https:\\\/\\\/www.sunnyshop211.com\\\/\",\"logo\":{\"@type\":\"ImageObject\",\"inLanguage\":\"en-US\",\"@id\":\"https:\\\/\\\/www.sunnyshop211.com\\\/#\\\/schema\\\/logo\\\/image\\\/\",\"url\":\"https:\\\/\\\/www.sunnyshop211.com\\\/wp-content\\\/uploads\\\/2022\\\/08\\\/cropped-cropped-cropped-Sunnyshop211-1.png\",\"contentUrl\":\"https:\\\/\\\/www.sunnyshop211.com\\\/wp-content\\\/uploads\\\/2022\\\/08\\\/cropped-cropped-cropped-Sunnyshop211-1.png\",\"width\":339,\"height\":339,\"caption\":\"sunnyshop211\"},\"image\":{\"@id\":\"https:\\\/\\\/www.sunnyshop211.com\\\/#\\\/schema\\\/logo\\\/image\\\/\"},\"sameAs\":[\"https:\\\/\\\/www.facebook.com\\\/sunnyshop211\\\/?ref=bookmarks\",\"https:\\\/\\\/x.com\\\/sunnyshop211\",\"https:\\\/\\\/www.instagram.com\\\/sunnyshop211\\\/\",\"https:\\\/\\\/www.tumblr.com\\\/blog\\\/sunnyshop211\",\"https:\\\/\\\/www.youtube.com\\\/channel\\\/UCtYY18OGGDKrTSzgcf7fCBg\",\"https:\\\/\\\/www.tiktok.com\\\/@sunnydollshop211?is_from_webapp=1&sender_device=pc\"]}]}<\/script>\n<!-- \/ Yoast SEO plugin. -->","yoast_head_json":{"title":"Miniature shower gel set 1\/6, 1\/4 1\/3 -","description":"Miniature shower gel set 1\/6, 1\/4 1\/3 Barbie, Poppy Parker, minifee, MSD, SD, smart Doll, feeple. Several models to choose from.","robots":{"index":"index","follow":"follow","max-snippet":"max-snippet:-1","max-image-preview":"max-image-preview:large","max-video-preview":"max-video-preview:-1"},"canonical":"https:\/\/www.sunnyshop211.com\/en\/product\/set-de-gel-douche-miniature-1-6-1-4-1-3\/","og_locale":"en_US","og_type":"article","og_title":"Set de gel douche miniature 1\/6, 1\/4 1\/3 -","og_description":"Set de gel douche miniature 1\/6, 1\/4 1\/3 Barbie, Poppy Parker, minifee, MSD, SD, smart Doll, feeple. Plusieurs mod\u00e8les \u00e0 choisir.","og_url":"https:\/\/www.sunnyshop211.com\/en\/product\/set-de-gel-douche-miniature-1-6-1-4-1-3\/","og_site_name":"Sunnyshop211 -Vente de dioramas, meubles, miniatures , bjd poup\u00e9es 1\/12 1\/8 1\/6 1\/4 1\/3","article_publisher":"https:\/\/www.facebook.com\/sunnyshop211\/?ref=bookmarks","article_modified_time":"2026-03-19T16:29:43+00:00","og_image":[{"width":2560,"height":1707,"url":"https:\/\/www.sunnyshop211.com\/wp-content\/uploads\/2019\/01\/15-1-scaled.jpg","type":"image\/jpeg"}],"twitter_card":"summary_large_image","twitter_site":"@sunnyshop211","twitter_misc":{"Est. reading time":"2 minutes"},"schema":{"@context":"https:\/\/schema.org","@graph":[{"@type":"WebPage","@id":"https:\/\/www.sunnyshop211.com\/produit\/set-de-gel-douche-miniature-1-6-1-4-1-3\/","url":"https:\/\/www.sunnyshop211.com\/produit\/set-de-gel-douche-miniature-1-6-1-4-1-3\/","name":"Miniature shower gel set 1\/6, 1\/4 1\/3 -","isPartOf":{"@id":"https:\/\/www.sunnyshop211.com\/#website"},"primaryImageOfPage":{"@id":"https:\/\/www.sunnyshop211.com\/produit\/set-de-gel-douche-miniature-1-6-1-4-1-3\/#primaryimage"},"image":{"@id":"https:\/\/www.sunnyshop211.com\/produit\/set-de-gel-douche-miniature-1-6-1-4-1-3\/#primaryimage"},"thumbnailUrl":"https:\/\/www.sunnyshop211.com\/wp-content\/uploads\/2019\/01\/15-1-scaled.jpg","datePublished":"2020-03-19T11:23:12+00:00","dateModified":"2026-03-19T16:29:43+00:00","description":"Miniature shower gel set 1\/6, 1\/4 1\/3 Barbie, Poppy Parker, minifee, MSD, SD, smart Doll, feeple. Several models to choose from.","breadcrumb":{"@id":"https:\/\/www.sunnyshop211.com\/produit\/set-de-gel-douche-miniature-1-6-1-4-1-3\/#breadcrumb"},"inLanguage":"en-US","potentialAction":[{"@type":"ReadAction","target":["https:\/\/www.sunnyshop211.com\/produit\/set-de-gel-douche-miniature-1-6-1-4-1-3\/"]}]},{"@type":"ImageObject","inLanguage":"en-US","@id":"https:\/\/www.sunnyshop211.com\/produit\/set-de-gel-douche-miniature-1-6-1-4-1-3\/#primaryimage","url":"https:\/\/www.sunnyshop211.com\/wp-content\/uploads\/2019\/01\/15-1-scaled.jpg","contentUrl":"https:\/\/www.sunnyshop211.com\/wp-content\/uploads\/2019\/01\/15-1-scaled.jpg","width":2560,"height":1707,"caption":"Set de gel douche miniature 1\/6, 1\/4 1\/3"},{"@type":"BreadcrumbList","@id":"https:\/\/www.sunnyshop211.com\/produit\/set-de-gel-douche-miniature-1-6-1-4-1-3\/#breadcrumb","itemListElement":[{"@type":"ListItem","position":1,"name":"Accueil","item":"https:\/\/www.sunnyshop211.com\/"},{"@type":"ListItem","position":2,"name":"Boutique","item":"https:\/\/www.sunnyshop211.com\/boutique-miniature-bjd-dolls\/"},{"@type":"ListItem","position":3,"name":"Set de gel douche miniature 1\/6, 1\/4 1\/3"}]},{"@type":"WebSite","@id":"https:\/\/www.sunnyshop211.com\/#website","url":"https:\/\/www.sunnyshop211.com\/","name":"Sale of dioramas, furniture, miniatures, bjd dolls 1\/12 1\/8 1\/6 1\/4 1\/3","description":"Sunnyshop211 - Your miniature world for dolls and BJDs, dioramas and custom-made furniture!","publisher":{"@id":"https:\/\/www.sunnyshop211.com\/#organization"},"alternateName":"sunnyshop211","potentialAction":[{"@type":"SearchAction","target":{"@type":"EntryPoint","urlTemplate":"https:\/\/www.sunnyshop211.com\/?s={search_term_string}"},"query-input":{"@type":"PropertyValueSpecification","valueRequired":true,"valueName":"search_term_string"}}],"inLanguage":"en-US"},{"@type":"Organization","@id":"https:\/\/www.sunnyshop211.com\/#organization","name":"sunnyshop211","alternateName":"sunnyshop211 diorama bjd meuble miniature","url":"https:\/\/www.sunnyshop211.com\/","logo":{"@type":"ImageObject","inLanguage":"en-US","@id":"https:\/\/www.sunnyshop211.com\/#\/schema\/logo\/image\/","url":"https:\/\/www.sunnyshop211.com\/wp-content\/uploads\/2022\/08\/cropped-cropped-cropped-Sunnyshop211-1.png","contentUrl":"https:\/\/www.sunnyshop211.com\/wp-content\/uploads\/2022\/08\/cropped-cropped-cropped-Sunnyshop211-1.png","width":339,"height":339,"caption":"sunnyshop211"},"image":{"@id":"https:\/\/www.sunnyshop211.com\/#\/schema\/logo\/image\/"},"sameAs":["https:\/\/www.facebook.com\/sunnyshop211\/?ref=bookmarks","https:\/\/x.com\/sunnyshop211","https:\/\/www.instagram.com\/sunnyshop211\/","https:\/\/www.tumblr.com\/blog\/sunnyshop211","https:\/\/www.youtube.com\/channel\/UCtYY18OGGDKrTSzgcf7fCBg","https:\/\/www.tiktok.com\/@sunnydollshop211?is_from_webapp=1&sender_device=pc"]}]}},"jetpack_publicize_connections":[],"jetpack_sharing_enabled":true,"_links":{"self":[{"href":"https:\/\/www.sunnyshop211.com\/en\/wp-json\/wp\/v2\/product\/14209","targetHints":{"allow":["GET"]}}],"collection":[{"href":"https:\/\/www.sunnyshop211.com\/en\/wp-json\/wp\/v2\/product"}],"about":[{"href":"https:\/\/www.sunnyshop211.com\/en\/wp-json\/wp\/v2\/types\/product"}],"replies":[{"embeddable":true,"href":"https:\/\/www.sunnyshop211.com\/en\/wp-json\/wp\/v2\/comments?post=14209"}],"version-history":[{"count":15,"href":"https:\/\/www.sunnyshop211.com\/en\/wp-json\/wp\/v2\/product\/14209\/revisions"}],"predecessor-version":[{"id":55829,"href":"https:\/\/www.sunnyshop211.com\/en\/wp-json\/wp\/v2\/product\/14209\/revisions\/55829"}],"wp:featuredmedia":[{"embeddable":true,"href":"https:\/\/www.sunnyshop211.com\/en\/wp-json\/wp\/v2\/media\/55817"}],"wp:attachment":[{"href":"https:\/\/www.sunnyshop211.com\/en\/wp-json\/wp\/v2\/media?parent=14209"}],"wp:term":[{"taxonomy":"product_brand","embeddable":true,"href":"https:\/\/www.sunnyshop211.com\/en\/wp-json\/wp\/v2\/product_brand?post=14209"},{"taxonomy":"product_cat","embeddable":true,"href":"https:\/\/www.sunnyshop211.com\/en\/wp-json\/wp\/v2\/product_cat?post=14209"},{"taxonomy":"product_tag","embeddable":true,"href":"https:\/\/www.sunnyshop211.com\/en\/wp-json\/wp\/v2\/product_tag?post=14209"}],"curies":[{"name":"wp","href":"https:\/\/api.w.org\/{rel}","templated":true}]}}