{"id":14171,"date":"2020-03-18T20:01:35","date_gmt":"2020-03-18T19:01:35","guid":{"rendered":"https:\/\/sunnyshop211.com\/?post_type=product&#038;p=14171"},"modified":"2026-01-03T20:48:31","modified_gmt":"2026-01-03T19:48:31","slug":"table-basse-miniature-1-6-diorama-pullip-blythe-barbie","status":"publish","type":"product","link":"https:\/\/www.sunnyshop211.com\/en\/product\/table-basse-miniature-1-6-diorama-pullip-blythe-barbie\/","title":{"rendered":"Miniature coffee table 1\/6 diorama Pullip, Blythe, Barbie"},"content":{"rendered":"<div id='gallery-1' class='gallery galleryid-14171 gallery-columns-3 gallery-size-thumbnail'><figure class='gallery-item'>\n\t\t\t<div class='gallery-icon landscape'>\n\t\t\t\t<a href='https:\/\/www.sunnyshop211.com\/en\/?attachment_id=14109'><img decoding=\"async\" width=\"150\" height=\"150\" src=\"https:\/\/www.sunnyshop211.com\/wp-content\/uploads\/2020\/03\/pbb2-23-150x150.jpg\" class=\"attachment-thumbnail size-thumbnail\" alt=\"Table basse miniature 1\/6\" srcset=\"https:\/\/www.sunnyshop211.com\/wp-content\/uploads\/2020\/03\/pbb2-23-150x150.jpg 150w, https:\/\/www.sunnyshop211.com\/wp-content\/uploads\/2020\/03\/pbb2-23-scaled-500x500.jpg 500w, https:\/\/www.sunnyshop211.com\/wp-content\/uploads\/2020\/03\/pbb2-23-100x100.jpg 100w\" sizes=\"(max-width: 150px) 100vw, 150px\" \/><\/a>\n\t\t\t<\/div><\/figure><figure class='gallery-item'>\n\t\t\t<div class='gallery-icon landscape'>\n\t\t\t\t<a href='https:\/\/www.sunnyshop211.com\/en\/?attachment_id=14105'><img decoding=\"async\" width=\"150\" height=\"150\" src=\"https:\/\/www.sunnyshop211.com\/wp-content\/uploads\/2020\/03\/pbb2-19-150x150.jpg\" class=\"attachment-thumbnail size-thumbnail\" alt=\"\" srcset=\"https:\/\/www.sunnyshop211.com\/wp-content\/uploads\/2020\/03\/pbb2-19-150x150.jpg 150w, https:\/\/www.sunnyshop211.com\/wp-content\/uploads\/2020\/03\/pbb2-19-scaled-500x500.jpg 500w, https:\/\/www.sunnyshop211.com\/wp-content\/uploads\/2020\/03\/pbb2-19-100x100.jpg 100w\" sizes=\"(max-width: 150px) 100vw, 150px\" \/><\/a>\n\t\t\t<\/div><\/figure><figure class='gallery-item'>\n\t\t\t<div class='gallery-icon landscape'>\n\t\t\t\t<a href='https:\/\/www.sunnyshop211.com\/en\/?attachment_id=14103'><img decoding=\"async\" width=\"150\" height=\"150\" src=\"https:\/\/www.sunnyshop211.com\/wp-content\/uploads\/2020\/03\/pbb2-17-scaled-150x150.jpg\" class=\"attachment-thumbnail size-thumbnail\" alt=\"Table basse miniature 1\/6\" srcset=\"https:\/\/www.sunnyshop211.com\/wp-content\/uploads\/2020\/03\/pbb2-17-scaled-150x150.jpg 150w, https:\/\/www.sunnyshop211.com\/wp-content\/uploads\/2020\/03\/pbb2-17-scaled-500x500.jpg 500w, https:\/\/www.sunnyshop211.com\/wp-content\/uploads\/2020\/03\/pbb2-17-100x100.jpg 100w\" sizes=\"(max-width: 150px) 100vw, 150px\" \/><\/a>\n\t\t\t<\/div><\/figure><figure class='gallery-item'>\n\t\t\t<div class='gallery-icon landscape'>\n\t\t\t\t<a href='https:\/\/www.sunnyshop211.com\/en\/?attachment_id=14115'><img loading=\"lazy\" decoding=\"async\" width=\"150\" height=\"150\" src=\"https:\/\/www.sunnyshop211.com\/wp-content\/uploads\/2020\/03\/pbb2-29-scaled-150x150.jpg\" class=\"attachment-thumbnail size-thumbnail\" alt=\"\" srcset=\"https:\/\/www.sunnyshop211.com\/wp-content\/uploads\/2020\/03\/pbb2-29-scaled-150x150.jpg 150w, https:\/\/www.sunnyshop211.com\/wp-content\/uploads\/2020\/03\/pbb2-29-scaled-500x500.jpg 500w, https:\/\/www.sunnyshop211.com\/wp-content\/uploads\/2020\/03\/pbb2-29-100x100.jpg 100w\" sizes=\"(max-width: 150px) 100vw, 150px\" \/><\/a>\n\t\t\t<\/div><\/figure>\n\t\t<\/div>\n\n<h2 data-start=\"167\" data-end=\"232\">Miniature coffee table 1\/6 - diorama - pullip - blythe - barbie<\/h2>\n<p data-start=\"234\" data-end=\"254\">\u2500\u2500\u2500\u2500\u2500\u2500\u2500\u2500\u2500\u2500\u2500\u2500\u2500\u2500\u2500\u2500\u2500\u2500\u2500\u2500<\/p>\n<p data-start=\"256\" data-end=\"273\">\u2728 <strong data-start=\"258\" data-end=\"273\">Description<\/strong><\/p>\n<p data-start=\"275\" data-end=\"523\">This miniature coffee table <strong data-start=\"303\" data-end=\"310\">1\/6<\/strong> is ideal for completing your miniature shows and dioramas.<br data-start=\"371\" data-end=\"374\" \/>Discreet and elegant, it brings a touch of realism to your everyday scenes, and blends easily into a variety of decorative settings.<\/p>\n<p data-start=\"525\" data-end=\"595\">An essential accessory for structuring your 1\/6 scenes.<\/p>\n<p data-start=\"597\" data-end=\"617\">\u2500\u2500\u2500\u2500\u2500\u2500\u2500\u2500\u2500\u2500\u2500\u2500\u2500\u2500\u2500\u2500\u2500\u2500\u2500\u2500<\/p>\n<p data-start=\"619\" data-end=\"639\">\ud83e\uddf8 <strong data-start=\"622\" data-end=\"639\">Compatibility<\/strong><\/p>\n<p data-start=\"641\" data-end=\"691\">Suitable for dolls and miniature worlds <strong data-start=\"682\" data-end=\"689\">1\/6<\/strong> :<\/p>\n<p data-start=\"693\" data-end=\"764\">- Pullip<br data-start=\"701\" data-end=\"704\" \/>- Blythe<br data-start=\"712\" data-end=\"715\" \/>- Barbie<br data-start=\"723\" data-end=\"726\" \/>- Other dolls of equivalent size<\/p>\n<p data-start=\"766\" data-end=\"861\">Compatible with furniture and accessories sold separately in the store <strong data-start=\"844\" data-end=\"860\">sunnyshop211<\/strong>.<\/p>\n<p data-start=\"863\" data-end=\"883\">\u2500\u2500\u2500\u2500\u2500\u2500\u2500\u2500\u2500\u2500\u2500\u2500\u2500\u2500\u2500\u2500\u2500\u2500\u2500\u2500<\/p>\n<p data-start=\"885\" data-end=\"908\">\ud83e\ude91 <strong data-start=\"888\" data-end=\"908\">Features<\/strong><\/p>\n<p data-start=\"910\" data-end=\"988\">- Miniature coffee table<br data-start=\"933\" data-end=\"936\" \/>- Simple, versatile design<br data-start=\"965\" data-end=\"968\" \/>- Choice of color<\/p>\n<p data-start=\"990\" data-end=\"1065\">\ud83d\udc49 It's up to you to modulate and integrate it according to your desires and your world.<\/p>\n<p data-start=\"1067\" data-end=\"1087\">\u2500\u2500\u2500\u2500\u2500\u2500\u2500\u2500\u2500\u2500\u2500\u2500\u2500\u2500\u2500\u2500\u2500\u2500\u2500\u2500<\/p>\n<p data-start=\"1089\" data-end=\"1106\">\ud83d\udccf <strong data-start=\"1092\" data-end=\"1106\">Dimensions<\/strong><\/p>\n<p data-start=\"1108\" data-end=\"1178\">- Length : <strong data-start=\"1121\" data-end=\"1130\">10 cm<\/strong><br data-start=\"1130\" data-end=\"1133\" \/>- Height : <strong data-start=\"1145\" data-end=\"1155\">7.5 cm<\/strong><br data-start=\"1155\" data-end=\"1158\" \/>(3.93 x 2.95 inches)<\/p>\n<p data-start=\"1180\" data-end=\"1200\">\u2500\u2500\u2500\u2500\u2500\u2500\u2500\u2500\u2500\u2500\u2500\u2500\u2500\u2500\u2500\u2500\u2500\u2500\u2500\u2500<\/p>\n<p data-start=\"1202\" data-end=\"1236\">\ud83c\udfac <strong data-start=\"1205\" data-end=\"1236\">Use &amp; staging<\/strong><\/p>\n<p data-start=\"1238\" data-end=\"1251\">Ideal for :<\/p>\n<p data-start=\"1253\" data-end=\"1394\">- miniature living rooms 1\/6<br data-start=\"1276\" data-end=\"1279\" \/>- modern or classic dioramas<br data-start=\"1312\" data-end=\"1315\" \/>- scenes from everyday life<br data-start=\"1342\" data-end=\"1345\" \/>- presentations of accessories or decorations<\/p>\n<p data-start=\"1396\" data-end=\"1541\">The accessories and decorative elements shown in the photos are <strong data-start=\"1464\" data-end=\"1485\">sold separately<\/strong>.<br data-start=\"1486\" data-end=\"1489\" \/>Only the coffee table is included in this listing.<\/p>\n<p data-start=\"1543\" data-end=\"1563\">\u2500\u2500\u2500\u2500\u2500\u2500\u2500\u2500\u2500\u2500\u2500\u2500\u2500\u2500\u2500\u2500\u2500\u2500\u2500\u2500<\/p>\n<h3 data-start=\"1565\" data-end=\"1595\">\ud83d\udd90\ufe0f <strong data-start=\"1569\" data-end=\"1595\">Handcrafted products<\/strong><\/h3>\n<p data-start=\"1597\" data-end=\"1642\">- Handmade furniture<br data-start=\"1615\" data-end=\"1618\" \/>- Made to order<\/p>\n<p data-start=\"1644\" data-end=\"1798\">Because of its artisanal character :<br data-start=\"1678\" data-end=\"1681\" \/>- slight variations in shape or color may occur<br data-start=\"1746\" data-end=\"1749\" \/>- some minor imperfections are possible<\/p>\n<p data-start=\"1800\" data-end=\"1824\">Each piece is unique.<\/p>\n<p data-start=\"1826\" data-end=\"1846\">\u2500\u2500\u2500\u2500\u2500\u2500\u2500\u2500\u2500\u2500\u2500\u2500\u2500\u2500\u2500\u2500\u2500\u2500\u2500\u2500<\/p>\n<p data-start=\"1848\" data-end=\"1879\">\ud83d\udce6 <strong data-start=\"1851\" data-end=\"1879\">Important information<\/strong><\/p>\n<p data-start=\"1881\" data-end=\"2145\">- Article made to order<br data-start=\"1911\" data-end=\"1914\" \/>- Please allow for manufacturing and delivery times.<br data-start=\"1979\" data-end=\"1982\" \/>(see General Sales Conditions and delivery times)<br data-start=\"2042\" data-end=\"2045\" \/>- The photos are examples of staging<br data-start=\"2092\" data-end=\"2095\" \/>- Other decorations sold separately<\/p>\n<p data-start=\"2147\" data-end=\"2227\">More inspiration on Instagram :<br data-start=\"2182\" data-end=\"2185\" \/>\ud83d\udc49 <a class=\"decorated-link\" href=\"https:\/\/www.instagram.com\/sunnyshop211\/\" target=\"_new\" rel=\"noopener\" data-start=\"2188\" data-end=\"2227\">https:\/\/www.instagram.com\/sunnyshop211\/<\/a><\/p>\n<p data-start=\"2229\" data-end=\"2249\">\u2500\u2500\u2500\u2500\u2500\u2500\u2500\u2500\u2500\u2500\u2500\u2500\u2500\u2500\u2500\u2500\u2500\u2500\u2500\u2500<\/p>\n<p data-start=\"2251\" data-end=\"2274\">\u26a0\ufe0f <strong data-start=\"2254\" data-end=\"2274\">Terms of use<\/strong><\/p>\n<p data-start=\"2276\" data-end=\"2416\">!!!! This is not a toy, this article is intended for adults.<br data-start=\"2347\" data-end=\"2350\" \/>I am not responsible for any damage in transit.<\/p>\n<p data-start=\"2418\" data-end=\"2438\">\u2500\u2500\u2500\u2500\u2500\u2500\u2500\u2500\u2500\u2500\u2500\u2500\u2500\u2500\u2500\u2500\u2500\u2500\u2500\u2500<\/p>\n<p data-start=\"2440\" data-end=\"2545\">\ud83e\ude84 <em data-start=\"2443\" data-end=\"2545\">A simple, elegant miniature coffee table to enhance your 1\/6 scenes with realism and harmony.<\/em><\/p>","protected":false},"excerpt":{"rendered":"<p>Table basse miniature 1\/6 \u2013 diorama \u00b7 pullip \u00b7 blythe \u00b7 barbie \u2500\u2500\u2500\u2500\u2500\u2500\u2500\u2500\u2500\u2500\u2500\u2500\u2500\u2500\u2500\u2500\u2500\u2500\u2500\u2500 \u2728 Description Cette table basse miniature 1\/6 est id\u00e9ale pour compl\u00e9ter vos salons miniatures et dioramas.Discr\u00e8te et \u00e9l\u00e9gante, elle apporte une touche de r\u00e9alisme \u00e0 vos sc\u00e8nes de vie quotidienne et s\u2019int\u00e8gre facilement dans diff\u00e9rents univers d\u00e9coratifs. Un accessoire indispensable pour structurer [&hellip;]<\/p>\n","protected":false},"featured_media":14103,"comment_status":"open","ping_status":"closed","template":"","meta":{"_crdt_document":"","jetpack_post_was_ever_published":false,"jetpack_publicize_message":"","jetpack_publicize_feature_enabled":true,"jetpack_social_post_already_shared":true,"jetpack_social_options":{"image_generator_settings":{"template":"highway","default_image_id":0,"font":"","enabled":false},"version":2}},"product_brand":[],"product_cat":[667687082],"product_tag":[667681278,667681136,667681413,667681284,667681234,667681226,667681233,667681348,667681225,667681241,667681340,667681426,667681236,667681261,667681232,667681280,667681277,667681304],"class_list":{"0":"post-14171","1":"product","2":"type-product","3":"status-publish","4":"has-post-thumbnail","6":"product_cat-salon-meubles-miniature-1-6","7":"product_tag-barbie","8":"product_tag-bjd","9":"product_tag-blyhe","10":"product_tag-blythe","11":"product_tag-diorama","12":"product_tag-doll","13":"product_tag-dollhouse","14":"product_tag-fashion-royalty","15":"product_tag-furniture","16":"product_tag-iplehouse","17":"product_tag-kid","18":"product_tag-littlefee","19":"product_tag-maison-de-poupee","20":"product_tag-meuble","21":"product_tag-miniature","22":"product_tag-phicen","23":"product_tag-pullip","24":"product_tag-table","25":"product_shipping_class-colissimo-5","26":"pa_couleur-blanc","27":"pa_couleur-noir","29":"first","30":"instock","31":"taxable","32":"shipping-taxable","33":"purchasable","34":"product-type-variable"},"yoast_head":"<!-- This site is optimized with the Yoast SEO plugin v27.3 - https:\/\/yoast.com\/product\/yoast-seo-wordpress\/ -->\n<title>Table basse miniature 1\/6 diorama Pullip, Blythe, Barbie -<\/title>\n<meta name=\"description\" content=\"Table basse miniature 1\/6 \/ Coffee Table moderne accessoire diorama 1\/6 pour poup\u00e9es Pullip, Blythe, Barbie ou autres de m\u00eame tailles\" \/>\n<meta name=\"robots\" content=\"index, follow, max-snippet:-1, max-image-preview:large, max-video-preview:-1\" \/>\n<link rel=\"canonical\" href=\"https:\/\/www.sunnyshop211.com\/en\/product\/table-basse-miniature-1-6-diorama-pullip-blythe-barbie\/\" \/>\n<meta property=\"og:locale\" content=\"en_US\" \/>\n<meta property=\"og:type\" content=\"article\" \/>\n<meta property=\"og:title\" content=\"Table basse miniature 1\/6 diorama Pullip, Blythe, Barbie -\" \/>\n<meta property=\"og:description\" content=\"Table basse miniature 1\/6 \/ Coffee Table moderne accessoire diorama 1\/6 pour poup\u00e9es Pullip, Blythe, Barbie ou autres de m\u00eame tailles\" \/>\n<meta property=\"og:url\" content=\"https:\/\/www.sunnyshop211.com\/en\/product\/table-basse-miniature-1-6-diorama-pullip-blythe-barbie\/\" \/>\n<meta property=\"og:site_name\" content=\"Sunnyshop211 -Vente de dioramas, meubles, miniatures , bjd poup\u00e9es 1\/12 1\/8 1\/6 1\/4 1\/3\" \/>\n<meta property=\"article:publisher\" content=\"https:\/\/www.facebook.com\/sunnyshop211\/?ref=bookmarks\" \/>\n<meta property=\"article:modified_time\" content=\"2026-01-03T19:48:31+00:00\" \/>\n<meta property=\"og:image\" content=\"https:\/\/www.sunnyshop211.com\/wp-content\/uploads\/2020\/03\/pbb2-17-scaled.jpg\" \/>\n\t<meta property=\"og:image:width\" content=\"2560\" \/>\n\t<meta property=\"og:image:height\" content=\"1707\" \/>\n\t<meta property=\"og:image:type\" content=\"image\/jpeg\" \/>\n<meta name=\"twitter:card\" content=\"summary_large_image\" \/>\n<meta name=\"twitter:site\" content=\"@sunnyshop211\" \/>\n<meta name=\"twitter:label1\" content=\"Est. reading time\" \/>\n\t<meta name=\"twitter:data1\" content=\"2 minutes\" \/>\n<script type=\"application\/ld+json\" class=\"yoast-schema-graph\">{\"@context\":\"https:\\\/\\\/schema.org\",\"@graph\":[{\"@type\":\"WebPage\",\"@id\":\"https:\\\/\\\/www.sunnyshop211.com\\\/produit\\\/table-basse-miniature-1-6-diorama-pullip-blythe-barbie\\\/\",\"url\":\"https:\\\/\\\/www.sunnyshop211.com\\\/produit\\\/table-basse-miniature-1-6-diorama-pullip-blythe-barbie\\\/\",\"name\":\"Table basse miniature 1\\\/6 diorama Pullip, Blythe, Barbie -\",\"isPartOf\":{\"@id\":\"https:\\\/\\\/www.sunnyshop211.com\\\/#website\"},\"primaryImageOfPage\":{\"@id\":\"https:\\\/\\\/www.sunnyshop211.com\\\/produit\\\/table-basse-miniature-1-6-diorama-pullip-blythe-barbie\\\/#primaryimage\"},\"image\":{\"@id\":\"https:\\\/\\\/www.sunnyshop211.com\\\/produit\\\/table-basse-miniature-1-6-diorama-pullip-blythe-barbie\\\/#primaryimage\"},\"thumbnailUrl\":\"https:\\\/\\\/www.sunnyshop211.com\\\/wp-content\\\/uploads\\\/2020\\\/03\\\/pbb2-17-scaled.jpg\",\"datePublished\":\"2020-03-18T19:01:35+00:00\",\"dateModified\":\"2026-01-03T19:48:31+00:00\",\"description\":\"Table basse miniature 1\\\/6 \\\/ Coffee Table moderne accessoire diorama 1\\\/6 pour poup\u00e9es Pullip, Blythe, Barbie ou autres de m\u00eame tailles\",\"breadcrumb\":{\"@id\":\"https:\\\/\\\/www.sunnyshop211.com\\\/produit\\\/table-basse-miniature-1-6-diorama-pullip-blythe-barbie\\\/#breadcrumb\"},\"inLanguage\":\"en-US\",\"potentialAction\":[{\"@type\":\"ReadAction\",\"target\":[\"https:\\\/\\\/www.sunnyshop211.com\\\/produit\\\/table-basse-miniature-1-6-diorama-pullip-blythe-barbie\\\/\"]}]},{\"@type\":\"ImageObject\",\"inLanguage\":\"en-US\",\"@id\":\"https:\\\/\\\/www.sunnyshop211.com\\\/produit\\\/table-basse-miniature-1-6-diorama-pullip-blythe-barbie\\\/#primaryimage\",\"url\":\"https:\\\/\\\/www.sunnyshop211.com\\\/wp-content\\\/uploads\\\/2020\\\/03\\\/pbb2-17-scaled.jpg\",\"contentUrl\":\"https:\\\/\\\/www.sunnyshop211.com\\\/wp-content\\\/uploads\\\/2020\\\/03\\\/pbb2-17-scaled.jpg\",\"width\":2560,\"height\":1707,\"caption\":\"Table basse miniature 1\\\/6\"},{\"@type\":\"BreadcrumbList\",\"@id\":\"https:\\\/\\\/www.sunnyshop211.com\\\/produit\\\/table-basse-miniature-1-6-diorama-pullip-blythe-barbie\\\/#breadcrumb\",\"itemListElement\":[{\"@type\":\"ListItem\",\"position\":1,\"name\":\"Accueil\",\"item\":\"https:\\\/\\\/www.sunnyshop211.com\\\/\"},{\"@type\":\"ListItem\",\"position\":2,\"name\":\"Boutique\",\"item\":\"https:\\\/\\\/www.sunnyshop211.com\\\/boutique-miniature-bjd-dolls\\\/\"},{\"@type\":\"ListItem\",\"position\":3,\"name\":\"Table basse miniature 1\\\/6 diorama Pullip, Blythe, Barbie\"}]},{\"@type\":\"WebSite\",\"@id\":\"https:\\\/\\\/www.sunnyshop211.com\\\/#website\",\"url\":\"https:\\\/\\\/www.sunnyshop211.com\\\/\",\"name\":\"Vente de dioramas, meubles, miniatures , bjd poup\u00e9es 1\\\/12 1\\\/8 1\\\/6 1\\\/4 1\\\/3\",\"description\":\"Sunnyshop211 - Votre univers miniature pour poup\u00e9es et BJD, dioramas et meubles sur mesure !\",\"publisher\":{\"@id\":\"https:\\\/\\\/www.sunnyshop211.com\\\/#organization\"},\"alternateName\":\"sunnyshop211\",\"potentialAction\":[{\"@type\":\"SearchAction\",\"target\":{\"@type\":\"EntryPoint\",\"urlTemplate\":\"https:\\\/\\\/www.sunnyshop211.com\\\/?s={search_term_string}\"},\"query-input\":{\"@type\":\"PropertyValueSpecification\",\"valueRequired\":true,\"valueName\":\"search_term_string\"}}],\"inLanguage\":\"en-US\"},{\"@type\":\"Organization\",\"@id\":\"https:\\\/\\\/www.sunnyshop211.com\\\/#organization\",\"name\":\"sunnyshop211\",\"alternateName\":\"sunnyshop211 diorama bjd meuble miniature\",\"url\":\"https:\\\/\\\/www.sunnyshop211.com\\\/\",\"logo\":{\"@type\":\"ImageObject\",\"inLanguage\":\"en-US\",\"@id\":\"https:\\\/\\\/www.sunnyshop211.com\\\/#\\\/schema\\\/logo\\\/image\\\/\",\"url\":\"https:\\\/\\\/www.sunnyshop211.com\\\/wp-content\\\/uploads\\\/2022\\\/08\\\/cropped-cropped-cropped-Sunnyshop211-1.png\",\"contentUrl\":\"https:\\\/\\\/www.sunnyshop211.com\\\/wp-content\\\/uploads\\\/2022\\\/08\\\/cropped-cropped-cropped-Sunnyshop211-1.png\",\"width\":339,\"height\":339,\"caption\":\"sunnyshop211\"},\"image\":{\"@id\":\"https:\\\/\\\/www.sunnyshop211.com\\\/#\\\/schema\\\/logo\\\/image\\\/\"},\"sameAs\":[\"https:\\\/\\\/www.facebook.com\\\/sunnyshop211\\\/?ref=bookmarks\",\"https:\\\/\\\/x.com\\\/sunnyshop211\",\"https:\\\/\\\/www.instagram.com\\\/sunnyshop211\\\/\",\"https:\\\/\\\/www.tumblr.com\\\/blog\\\/sunnyshop211\",\"https:\\\/\\\/www.youtube.com\\\/channel\\\/UCtYY18OGGDKrTSzgcf7fCBg\",\"https:\\\/\\\/www.tiktok.com\\\/@sunnydollshop211?is_from_webapp=1&sender_device=pc\"]}]}<\/script>\n<!-- \/ Yoast SEO plugin. -->","yoast_head_json":{"title":"Miniature coffee table 1\/6 diorama Pullip, Blythe, Barbie -","description":"Miniature coffee table 1\/6 \/ Coffee Table modern diorama accessory 1\/6 for Pullip, Blythe, Barbie dolls or other dolls of the same size","robots":{"index":"index","follow":"follow","max-snippet":"max-snippet:-1","max-image-preview":"max-image-preview:large","max-video-preview":"max-video-preview:-1"},"canonical":"https:\/\/www.sunnyshop211.com\/en\/product\/table-basse-miniature-1-6-diorama-pullip-blythe-barbie\/","og_locale":"en_US","og_type":"article","og_title":"Table basse miniature 1\/6 diorama Pullip, Blythe, Barbie -","og_description":"Table basse miniature 1\/6 \/ Coffee Table moderne accessoire diorama 1\/6 pour poup\u00e9es Pullip, Blythe, Barbie ou autres de m\u00eame tailles","og_url":"https:\/\/www.sunnyshop211.com\/en\/product\/table-basse-miniature-1-6-diorama-pullip-blythe-barbie\/","og_site_name":"Sunnyshop211 -Vente de dioramas, meubles, miniatures , bjd poup\u00e9es 1\/12 1\/8 1\/6 1\/4 1\/3","article_publisher":"https:\/\/www.facebook.com\/sunnyshop211\/?ref=bookmarks","article_modified_time":"2026-01-03T19:48:31+00:00","og_image":[{"width":2560,"height":1707,"url":"https:\/\/www.sunnyshop211.com\/wp-content\/uploads\/2020\/03\/pbb2-17-scaled.jpg","type":"image\/jpeg"}],"twitter_card":"summary_large_image","twitter_site":"@sunnyshop211","twitter_misc":{"Est. reading time":"2 minutes"},"schema":{"@context":"https:\/\/schema.org","@graph":[{"@type":"WebPage","@id":"https:\/\/www.sunnyshop211.com\/produit\/table-basse-miniature-1-6-diorama-pullip-blythe-barbie\/","url":"https:\/\/www.sunnyshop211.com\/produit\/table-basse-miniature-1-6-diorama-pullip-blythe-barbie\/","name":"Miniature coffee table 1\/6 diorama Pullip, Blythe, Barbie -","isPartOf":{"@id":"https:\/\/www.sunnyshop211.com\/#website"},"primaryImageOfPage":{"@id":"https:\/\/www.sunnyshop211.com\/produit\/table-basse-miniature-1-6-diorama-pullip-blythe-barbie\/#primaryimage"},"image":{"@id":"https:\/\/www.sunnyshop211.com\/produit\/table-basse-miniature-1-6-diorama-pullip-blythe-barbie\/#primaryimage"},"thumbnailUrl":"https:\/\/www.sunnyshop211.com\/wp-content\/uploads\/2020\/03\/pbb2-17-scaled.jpg","datePublished":"2020-03-18T19:01:35+00:00","dateModified":"2026-01-03T19:48:31+00:00","description":"Miniature coffee table 1\/6 \/ Coffee Table modern diorama accessory 1\/6 for Pullip, Blythe, Barbie dolls or other dolls of the same size","breadcrumb":{"@id":"https:\/\/www.sunnyshop211.com\/produit\/table-basse-miniature-1-6-diorama-pullip-blythe-barbie\/#breadcrumb"},"inLanguage":"en-US","potentialAction":[{"@type":"ReadAction","target":["https:\/\/www.sunnyshop211.com\/produit\/table-basse-miniature-1-6-diorama-pullip-blythe-barbie\/"]}]},{"@type":"ImageObject","inLanguage":"en-US","@id":"https:\/\/www.sunnyshop211.com\/produit\/table-basse-miniature-1-6-diorama-pullip-blythe-barbie\/#primaryimage","url":"https:\/\/www.sunnyshop211.com\/wp-content\/uploads\/2020\/03\/pbb2-17-scaled.jpg","contentUrl":"https:\/\/www.sunnyshop211.com\/wp-content\/uploads\/2020\/03\/pbb2-17-scaled.jpg","width":2560,"height":1707,"caption":"Table basse miniature 1\/6"},{"@type":"BreadcrumbList","@id":"https:\/\/www.sunnyshop211.com\/produit\/table-basse-miniature-1-6-diorama-pullip-blythe-barbie\/#breadcrumb","itemListElement":[{"@type":"ListItem","position":1,"name":"Accueil","item":"https:\/\/www.sunnyshop211.com\/"},{"@type":"ListItem","position":2,"name":"Boutique","item":"https:\/\/www.sunnyshop211.com\/boutique-miniature-bjd-dolls\/"},{"@type":"ListItem","position":3,"name":"Table basse miniature 1\/6 diorama Pullip, Blythe, Barbie"}]},{"@type":"WebSite","@id":"https:\/\/www.sunnyshop211.com\/#website","url":"https:\/\/www.sunnyshop211.com\/","name":"Sale of dioramas, furniture, miniatures, bjd dolls 1\/12 1\/8 1\/6 1\/4 1\/3","description":"Sunnyshop211 - Your miniature world for dolls and BJDs, dioramas and custom-made furniture!","publisher":{"@id":"https:\/\/www.sunnyshop211.com\/#organization"},"alternateName":"sunnyshop211","potentialAction":[{"@type":"SearchAction","target":{"@type":"EntryPoint","urlTemplate":"https:\/\/www.sunnyshop211.com\/?s={search_term_string}"},"query-input":{"@type":"PropertyValueSpecification","valueRequired":true,"valueName":"search_term_string"}}],"inLanguage":"en-US"},{"@type":"Organization","@id":"https:\/\/www.sunnyshop211.com\/#organization","name":"sunnyshop211","alternateName":"sunnyshop211 diorama bjd meuble miniature","url":"https:\/\/www.sunnyshop211.com\/","logo":{"@type":"ImageObject","inLanguage":"en-US","@id":"https:\/\/www.sunnyshop211.com\/#\/schema\/logo\/image\/","url":"https:\/\/www.sunnyshop211.com\/wp-content\/uploads\/2022\/08\/cropped-cropped-cropped-Sunnyshop211-1.png","contentUrl":"https:\/\/www.sunnyshop211.com\/wp-content\/uploads\/2022\/08\/cropped-cropped-cropped-Sunnyshop211-1.png","width":339,"height":339,"caption":"sunnyshop211"},"image":{"@id":"https:\/\/www.sunnyshop211.com\/#\/schema\/logo\/image\/"},"sameAs":["https:\/\/www.facebook.com\/sunnyshop211\/?ref=bookmarks","https:\/\/x.com\/sunnyshop211","https:\/\/www.instagram.com\/sunnyshop211\/","https:\/\/www.tumblr.com\/blog\/sunnyshop211","https:\/\/www.youtube.com\/channel\/UCtYY18OGGDKrTSzgcf7fCBg","https:\/\/www.tiktok.com\/@sunnydollshop211?is_from_webapp=1&sender_device=pc"]}]}},"jetpack_publicize_connections":[],"jetpack_sharing_enabled":true,"_links":{"self":[{"href":"https:\/\/www.sunnyshop211.com\/en\/wp-json\/wp\/v2\/product\/14171","targetHints":{"allow":["GET"]}}],"collection":[{"href":"https:\/\/www.sunnyshop211.com\/en\/wp-json\/wp\/v2\/product"}],"about":[{"href":"https:\/\/www.sunnyshop211.com\/en\/wp-json\/wp\/v2\/types\/product"}],"replies":[{"embeddable":true,"href":"https:\/\/www.sunnyshop211.com\/en\/wp-json\/wp\/v2\/comments?post=14171"}],"version-history":[{"count":7,"href":"https:\/\/www.sunnyshop211.com\/en\/wp-json\/wp\/v2\/product\/14171\/revisions"}],"predecessor-version":[{"id":54242,"href":"https:\/\/www.sunnyshop211.com\/en\/wp-json\/wp\/v2\/product\/14171\/revisions\/54242"}],"wp:featuredmedia":[{"embeddable":true,"href":"https:\/\/www.sunnyshop211.com\/en\/wp-json\/wp\/v2\/media\/14103"}],"wp:attachment":[{"href":"https:\/\/www.sunnyshop211.com\/en\/wp-json\/wp\/v2\/media?parent=14171"}],"wp:term":[{"taxonomy":"product_brand","embeddable":true,"href":"https:\/\/www.sunnyshop211.com\/en\/wp-json\/wp\/v2\/product_brand?post=14171"},{"taxonomy":"product_cat","embeddable":true,"href":"https:\/\/www.sunnyshop211.com\/en\/wp-json\/wp\/v2\/product_cat?post=14171"},{"taxonomy":"product_tag","embeddable":true,"href":"https:\/\/www.sunnyshop211.com\/en\/wp-json\/wp\/v2\/product_tag?post=14171"}],"curies":[{"name":"wp","href":"https:\/\/api.w.org\/{rel}","templated":true}]}}