{"id":13430,"date":"2020-02-07T11:40:37","date_gmt":"2020-02-07T10:40:37","guid":{"rendered":"https:\/\/sunnyshop211.com\/?post_type=product&#038;p=13430"},"modified":"2026-01-03T20:51:15","modified_gmt":"2026-01-03T19:51:15","slug":"meuble-etagere-ours-miniature-1-6-barbie-dolls-blythe-pullip","status":"publish","type":"product","link":"https:\/\/www.sunnyshop211.com\/en\/product\/meuble-etagere-ours-miniature-1-6-barbie-dolls-blythe-pullip\/","title":{"rendered":"1\/6 Barbie dolls, Blythe, pullip"},"content":{"rendered":"<div id='gallery-1' class='gallery galleryid-13430 gallery-columns-3 gallery-size-thumbnail'><figure class='gallery-item'>\n\t\t\t<div class='gallery-icon landscape'>\n\t\t\t\t<a href='https:\/\/www.sunnyshop211.com\/en\/?attachment_id=13464'><img decoding=\"async\" width=\"150\" height=\"150\" src=\"https:\/\/www.sunnyshop211.com\/wp-content\/uploads\/2020\/02\/20200207_121213-1-150x150.jpg\" class=\"attachment-thumbnail size-thumbnail\" alt=\"Meuble \u00e9tag\u00e8re ours miniature 1\/6\" srcset=\"https:\/\/www.sunnyshop211.com\/wp-content\/uploads\/2020\/02\/20200207_121213-1-150x150.jpg 150w, https:\/\/www.sunnyshop211.com\/wp-content\/uploads\/2020\/02\/20200207_121213-1-scaled-500x500.jpg 500w, https:\/\/www.sunnyshop211.com\/wp-content\/uploads\/2020\/02\/20200207_121213-1-100x100.jpg 100w\" sizes=\"(max-width: 150px) 100vw, 150px\" \/><\/a>\n\t\t\t<\/div><\/figure><figure class='gallery-item'>\n\t\t\t<div class='gallery-icon landscape'>\n\t\t\t\t<a href='https:\/\/www.sunnyshop211.com\/en\/?attachment_id=13460'><img decoding=\"async\" width=\"150\" height=\"150\" src=\"https:\/\/www.sunnyshop211.com\/wp-content\/uploads\/2020\/02\/20200207_121236-1-scaled-150x150.jpg\" class=\"attachment-thumbnail size-thumbnail\" alt=\"Lit ours miniature 1\/6\" srcset=\"https:\/\/www.sunnyshop211.com\/wp-content\/uploads\/2020\/02\/20200207_121236-1-scaled-150x150.jpg 150w, https:\/\/www.sunnyshop211.com\/wp-content\/uploads\/2020\/02\/20200207_121236-1-scaled-500x500.jpg 500w, https:\/\/www.sunnyshop211.com\/wp-content\/uploads\/2020\/02\/20200207_121236-1-100x100.jpg 100w\" sizes=\"(max-width: 150px) 100vw, 150px\" \/><\/a>\n\t\t\t<\/div><\/figure><figure class='gallery-item'>\n\t\t\t<div class='gallery-icon landscape'>\n\t\t\t\t<a href='https:\/\/www.sunnyshop211.com\/en\/?attachment_id=13453'><img decoding=\"async\" width=\"150\" height=\"150\" src=\"https:\/\/www.sunnyshop211.com\/wp-content\/uploads\/2020\/02\/20200207_121220-scaled-150x150.jpg\" class=\"attachment-thumbnail size-thumbnail\" alt=\"Meuble \u00e9tag\u00e8re ours miniature 1\/6\" srcset=\"https:\/\/www.sunnyshop211.com\/wp-content\/uploads\/2020\/02\/20200207_121220-scaled-150x150.jpg 150w, https:\/\/www.sunnyshop211.com\/wp-content\/uploads\/2020\/02\/20200207_121220-scaled-500x500.jpg 500w, https:\/\/www.sunnyshop211.com\/wp-content\/uploads\/2020\/02\/20200207_121220-100x100.jpg 100w\" sizes=\"(max-width: 150px) 100vw, 150px\" \/><\/a>\n\t\t\t<\/div><\/figure><figure class='gallery-item'>\n\t\t\t<div class='gallery-icon landscape'>\n\t\t\t\t<a href='https:\/\/www.sunnyshop211.com\/en\/?attachment_id=13451'><img loading=\"lazy\" decoding=\"async\" width=\"150\" height=\"150\" src=\"https:\/\/www.sunnyshop211.com\/wp-content\/uploads\/2020\/02\/20200207_121236-150x150.jpg\" class=\"attachment-thumbnail size-thumbnail\" alt=\"\" srcset=\"https:\/\/www.sunnyshop211.com\/wp-content\/uploads\/2020\/02\/20200207_121236-150x150.jpg 150w, https:\/\/www.sunnyshop211.com\/wp-content\/uploads\/2020\/02\/20200207_121236-scaled-500x500.jpg 500w, https:\/\/www.sunnyshop211.com\/wp-content\/uploads\/2020\/02\/20200207_121236-100x100.jpg 100w\" sizes=\"(max-width: 150px) 100vw, 150px\" \/><\/a>\n\t\t\t<\/div><\/figure>\n\t\t<\/div>\n\n<h2 data-start=\"167\" data-end=\"258\">Bear shelving unit 1\/6 - diorama - barbie - blythe - fashion royalty - pullip<\/h2>\n<p data-start=\"260\" data-end=\"280\">\u2500\u2500\u2500\u2500\u2500\u2500\u2500\u2500\u2500\u2500\u2500\u2500\u2500\u2500\u2500\u2500\u2500\u2500\u2500\u2500<\/p>\n<p data-start=\"282\" data-end=\"299\">\u2728 <strong data-start=\"284\" data-end=\"299\">Description<\/strong><\/p>\n<p data-start=\"301\" data-end=\"547\">This miniature bear shelving unit <strong data-start=\"334\" data-end=\"341\">1\/6<\/strong> is specially designed to complement the soft, childlike worlds and rooms of your dioramas.<br data-start=\"438\" data-end=\"441\" \/>It goes perfectly with my <strong data-start=\"476\" data-end=\"492\">bear bed 1\/6<\/strong>, for a harmonious ambience full of tenderness.<\/p>\n<p data-start=\"549\" data-end=\"630\">A small piece of decorative furniture ideal for creating warm, coherent scenes.<\/p>\n<p data-start=\"632\" data-end=\"652\">\u2500\u2500\u2500\u2500\u2500\u2500\u2500\u2500\u2500\u2500\u2500\u2500\u2500\u2500\u2500\u2500\u2500\u2500\u2500\u2500<\/p>\n<p data-start=\"654\" data-end=\"674\">\ud83e\uddf8 <strong data-start=\"657\" data-end=\"674\">Compatibility<\/strong><\/p>\n<p data-start=\"676\" data-end=\"726\">Suitable for dolls and miniature worlds <strong data-start=\"717\" data-end=\"724\">1\/6<\/strong> :<\/p>\n<p data-start=\"728\" data-end=\"819\">- Barbie<br data-start=\"736\" data-end=\"739\" \/>- Blythe<br data-start=\"747\" data-end=\"750\" \/>- Fashion Royalty<br data-start=\"767\" data-end=\"770\" \/>- Pullip<br data-start=\"778\" data-end=\"781\" \/>- Other dolls of equivalent size<\/p>\n<p data-start=\"821\" data-end=\"916\">Compatible with furniture and accessories sold separately in the store <strong data-start=\"899\" data-end=\"915\">sunnyshop211<\/strong>.<\/p>\n<p data-start=\"918\" data-end=\"938\">\u2500\u2500\u2500\u2500\u2500\u2500\u2500\u2500\u2500\u2500\u2500\u2500\u2500\u2500\u2500\u2500\u2500\u2500\u2500\u2500<\/p>\n<p data-start=\"940\" data-end=\"963\">\ud83e\uddf8 <strong data-start=\"943\" data-end=\"963\">Features<\/strong><\/p>\n<p data-start=\"965\" data-end=\"1080\">- Miniature bear shelf<br data-start=\"1000\" data-end=\"1003\" \/>- Specially designed for <strong data-start=\"1033\" data-end=\"1040\">1\/6<\/strong><br data-start=\"1040\" data-end=\"1043\" \/>- Sold <strong data-start=\"1052\" data-end=\"1060\">vacuum<\/strong><br data-start=\"1060\" data-end=\"1063\" \/>- Delivered assembled<\/p>\n<p data-start=\"1082\" data-end=\"1157\">\ud83d\udc49 It's up to you to modulate and decorate it according to your desires and your world.<\/p>\n<p data-start=\"1159\" data-end=\"1179\">\u2500\u2500\u2500\u2500\u2500\u2500\u2500\u2500\u2500\u2500\u2500\u2500\u2500\u2500\u2500\u2500\u2500\u2500\u2500\u2500<\/p>\n<p data-start=\"1181\" data-end=\"1198\">\ud83d\udccf <strong data-start=\"1184\" data-end=\"1198\">Dimensions<\/strong><\/p>\n<p data-start=\"1200\" data-end=\"1268\">- Height : <strong data-start=\"1212\" data-end=\"1221\">17 cm<\/strong><br data-start=\"1221\" data-end=\"1224\" \/>- Length : <strong data-start=\"1237\" data-end=\"1245\">8 cm<\/strong><br data-start=\"1245\" data-end=\"1248\" \/>(6.69 x 3.14 inches)<\/p>\n<p data-start=\"1270\" data-end=\"1290\">\u2500\u2500\u2500\u2500\u2500\u2500\u2500\u2500\u2500\u2500\u2500\u2500\u2500\u2500\u2500\u2500\u2500\u2500\u2500\u2500<\/p>\n<h3 data-start=\"1292\" data-end=\"1326\">\ud83c\udfac <strong data-start=\"1295\" data-end=\"1326\">Use &amp; staging<\/strong><\/h3>\n<p data-start=\"1328\" data-end=\"1341\">Ideal for :<\/p>\n<p data-start=\"1343\" data-end=\"1455\">- miniature rooms 1\/6<br data-start=\"1368\" data-end=\"1371\" \/>- children and babies<br data-start=\"1396\" data-end=\"1399\" \/>- soft and cosy dioramas<br data-start=\"1422\" data-end=\"1425\" \/>- bear bed accompaniment<\/p>\n<p data-start=\"1457\" data-end=\"1597\">The accessories and decorative elements shown in the photos are <strong data-start=\"1525\" data-end=\"1546\">sold separately<\/strong>.<br data-start=\"1547\" data-end=\"1550\" \/>Only the shelf is included in this ad.<\/p>\n<p data-start=\"1599\" data-end=\"1619\">\u2500\u2500\u2500\u2500\u2500\u2500\u2500\u2500\u2500\u2500\u2500\u2500\u2500\u2500\u2500\u2500\u2500\u2500\u2500\u2500<\/p>\n<p data-start=\"1621\" data-end=\"1651\">\ud83d\udd90\ufe0f <strong data-start=\"1625\" data-end=\"1651\">Handcrafted products<\/strong><\/p>\n<p data-start=\"1653\" data-end=\"1714\">- Handmade furniture<br data-start=\"1671\" data-end=\"1674\" \/>- Made to order<br data-start=\"1696\" data-end=\"1699\" \/>- Delivered assembled<\/p>\n<p data-start=\"1716\" data-end=\"1870\">Because of its artisanal character :<br data-start=\"1750\" data-end=\"1753\" \/>- slight variations in shape or color may occur<br data-start=\"1818\" data-end=\"1821\" \/>- some minor imperfections are possible<\/p>\n<p data-start=\"1872\" data-end=\"1896\">Each piece is unique.<\/p>\n<p data-start=\"1898\" data-end=\"1918\">\u2500\u2500\u2500\u2500\u2500\u2500\u2500\u2500\u2500\u2500\u2500\u2500\u2500\u2500\u2500\u2500\u2500\u2500\u2500\u2500<\/p>\n<p data-start=\"1920\" data-end=\"1951\">\ud83d\udce6 <strong data-start=\"1923\" data-end=\"1951\">Important information<\/strong><\/p>\n<p data-start=\"1953\" data-end=\"2217\">- Article made to order<br data-start=\"1983\" data-end=\"1986\" \/>- Please allow for manufacturing and delivery times.<br data-start=\"2051\" data-end=\"2054\" \/>(see General Sales Conditions and delivery times)<br data-start=\"2114\" data-end=\"2117\" \/>- The photos are examples of staging<br data-start=\"2164\" data-end=\"2167\" \/>- Other decorations sold separately<\/p>\n<p data-start=\"2219\" data-end=\"2299\">More inspiration on Instagram :<br data-start=\"2254\" data-end=\"2257\" \/>\ud83d\udc49 <a class=\"decorated-link\" href=\"https:\/\/www.instagram.com\/sunnyshop211\/\" target=\"_new\" rel=\"noopener\" data-start=\"2260\" data-end=\"2299\">https:\/\/www.instagram.com\/sunnyshop211\/<\/a><\/p>\n<p data-start=\"2301\" data-end=\"2321\">\u2500\u2500\u2500\u2500\u2500\u2500\u2500\u2500\u2500\u2500\u2500\u2500\u2500\u2500\u2500\u2500\u2500\u2500\u2500\u2500<\/p>\n<p data-start=\"2323\" data-end=\"2346\">\u26a0\ufe0f <strong data-start=\"2326\" data-end=\"2346\">Terms of use<\/strong><\/p>\n<p data-start=\"2348\" data-end=\"2488\">!!!! This is not a toy, this article is intended for adults.<br data-start=\"2419\" data-end=\"2422\" \/>I am not responsible for any damage in transit.<\/p>\n<p data-start=\"2490\" data-end=\"2510\">\u2500\u2500\u2500\u2500\u2500\u2500\u2500\u2500\u2500\u2500\u2500\u2500\u2500\u2500\u2500\u2500\u2500\u2500\u2500\u2500<\/p>\n<p data-start=\"2512\" data-end=\"2617\">\ud83e\ude84 <em data-start=\"2515\" data-end=\"2617\">A miniature bear shelf full of softness to complete your 1\/6 scenes with charm and coherence.<\/em><\/p>","protected":false},"excerpt":{"rendered":"<p>Meuble \u00e9tag\u00e8re ours miniature 1\/6 \u2013 diorama \u00b7 barbie \u00b7 blythe \u00b7 fashion royalty \u00b7 pullip \u2500\u2500\u2500\u2500\u2500\u2500\u2500\u2500\u2500\u2500\u2500\u2500\u2500\u2500\u2500\u2500\u2500\u2500\u2500\u2500 \u2728 Description Ce meuble \u00e9tag\u00e8re ours miniature 1\/6 est sp\u00e9cialement con\u00e7u pour compl\u00e9ter les chambres et univers enfantins ou doux de vos dioramas.Il s\u2019accorde parfaitement avec mon lit ours 1\/6, pour une ambiance harmonieuse et pleine de tendresse. [&hellip;]<\/p>\n","protected":false},"featured_media":13453,"comment_status":"open","ping_status":"closed","template":"","meta":{"_crdt_document":"","jetpack_post_was_ever_published":false,"jetpack_publicize_message":"","jetpack_publicize_feature_enabled":true,"jetpack_social_post_already_shared":true,"jetpack_social_options":{"image_generator_settings":{"template":"highway","default_image_id":0,"font":"","enabled":false},"version":2}},"product_brand":[],"product_cat":[667687083],"product_tag":[667681278,667681724,667681143,667681284,667681142,667681234,667681226,667681233,667681343,667681348,667681225,667681241,667681426,667681236,667681261,667681232,667681723,667681280,667681177,667681277,667681235,667681344,667681260],"class_list":{"0":"post-13430","1":"product","2":"type-product","3":"status-publish","4":"has-post-thumbnail","6":"product_cat-chambre-meubles-miniature-1-6","7":"product_tag-barbie","8":"product_tag-bear","9":"product_tag-bedroom","10":"product_tag-blythe","11":"product_tag-chambre","12":"product_tag-diorama","13":"product_tag-doll","14":"product_tag-dollhouse","15":"product_tag-etagere","16":"product_tag-fashion-royalty","17":"product_tag-furniture","18":"product_tag-iplehouse","19":"product_tag-littlefee","20":"product_tag-maison-de-poupee","21":"product_tag-meuble","22":"product_tag-miniature","23":"product_tag-ours","24":"product_tag-phicen","25":"product_tag-poupee","26":"product_tag-pullip","27":"product_tag-roombox","28":"product_tag-shelf","29":"product_tag-tonner","30":"product_shipping_class-colissimo-5","31":"pa_couleur-beige","32":"pa_couleur-blanc","33":"pa_couleur-bleu","34":"pa_couleur-gris","35":"pa_couleur-marron","36":"pa_couleur-noir","37":"pa_couleur-non-peint","38":"pa_couleur-rose","39":"pa_couleur-rouge","40":"pa_couleur-shabby-blanc","41":"pa_couleur-vert","42":"pa_couleur-violet","44":"first","45":"instock","46":"taxable","47":"shipping-taxable","48":"purchasable","49":"product-type-variable"},"yoast_head":"<!-- This site is optimized with the Yoast SEO plugin v27.5 - https:\/\/yoast.com\/product\/yoast-seo-wordpress\/ -->\n<title>Meuble \u00e9tag\u00e8re ours miniature 1\/6 Barbie dolls, Blythe, pullip -<\/title>\n<meta name=\"description\" content=\"Meuble \u00e9tag\u00e8re ours miniature 1\/6 pour Barbie dolls, Blythe, fashion royalty, pullip ou autre de m\u00eame taille. Cette \u00e9tag\u00e8re s&#039;accordera avec mon lit ours.\" \/>\n<meta name=\"robots\" content=\"index, follow, max-snippet:-1, max-image-preview:large, max-video-preview:-1\" \/>\n<link rel=\"canonical\" href=\"https:\/\/www.sunnyshop211.com\/en\/product\/meuble-etagere-ours-miniature-1-6-barbie-dolls-blythe-pullip\/\" \/>\n<meta property=\"og:locale\" content=\"en_US\" \/>\n<meta property=\"og:type\" content=\"article\" \/>\n<meta property=\"og:title\" content=\"Meuble \u00e9tag\u00e8re ours miniature 1\/6 Barbie dolls, Blythe, pullip -\" \/>\n<meta property=\"og:description\" content=\"Meuble \u00e9tag\u00e8re ours miniature 1\/6 pour Barbie dolls, Blythe, fashion royalty, pullip ou autre de m\u00eame taille. Cette \u00e9tag\u00e8re s&#039;accordera avec mon lit ours.\" \/>\n<meta property=\"og:url\" content=\"https:\/\/www.sunnyshop211.com\/en\/product\/meuble-etagere-ours-miniature-1-6-barbie-dolls-blythe-pullip\/\" \/>\n<meta property=\"og:site_name\" content=\"Sunnyshop211 -Vente de dioramas, meubles, miniatures , bjd poup\u00e9es 1\/12 1\/8 1\/6 1\/4 1\/3\" \/>\n<meta property=\"article:publisher\" content=\"https:\/\/www.facebook.com\/sunnyshop211\/?ref=bookmarks\" \/>\n<meta property=\"article:modified_time\" content=\"2026-01-03T19:51:15+00:00\" \/>\n<meta property=\"og:image\" content=\"https:\/\/www.sunnyshop211.com\/wp-content\/uploads\/2020\/02\/20200207_121220-scaled.jpg\" \/>\n\t<meta property=\"og:image:width\" content=\"2560\" \/>\n\t<meta property=\"og:image:height\" content=\"2360\" \/>\n\t<meta property=\"og:image:type\" content=\"image\/jpeg\" \/>\n<meta name=\"twitter:card\" content=\"summary_large_image\" \/>\n<meta name=\"twitter:site\" content=\"@sunnyshop211\" \/>\n<meta name=\"twitter:label1\" content=\"Est. reading time\" \/>\n\t<meta name=\"twitter:data1\" content=\"2 minutes\" \/>\n<script type=\"application\/ld+json\" class=\"yoast-schema-graph\">{\"@context\":\"https:\\\/\\\/schema.org\",\"@graph\":[{\"@type\":\"WebPage\",\"@id\":\"https:\\\/\\\/www.sunnyshop211.com\\\/produit\\\/meuble-etagere-ours-miniature-1-6-barbie-dolls-blythe-pullip\\\/\",\"url\":\"https:\\\/\\\/www.sunnyshop211.com\\\/produit\\\/meuble-etagere-ours-miniature-1-6-barbie-dolls-blythe-pullip\\\/\",\"name\":\"Meuble \u00e9tag\u00e8re ours miniature 1\\\/6 Barbie dolls, Blythe, pullip -\",\"isPartOf\":{\"@id\":\"https:\\\/\\\/www.sunnyshop211.com\\\/#website\"},\"primaryImageOfPage\":{\"@id\":\"https:\\\/\\\/www.sunnyshop211.com\\\/produit\\\/meuble-etagere-ours-miniature-1-6-barbie-dolls-blythe-pullip\\\/#primaryimage\"},\"image\":{\"@id\":\"https:\\\/\\\/www.sunnyshop211.com\\\/produit\\\/meuble-etagere-ours-miniature-1-6-barbie-dolls-blythe-pullip\\\/#primaryimage\"},\"thumbnailUrl\":\"https:\\\/\\\/www.sunnyshop211.com\\\/wp-content\\\/uploads\\\/2020\\\/02\\\/20200207_121220-scaled.jpg\",\"datePublished\":\"2020-02-07T10:40:37+00:00\",\"dateModified\":\"2026-01-03T19:51:15+00:00\",\"description\":\"Meuble \u00e9tag\u00e8re ours miniature 1\\\/6 pour Barbie dolls, Blythe, fashion royalty, pullip ou autre de m\u00eame taille. Cette \u00e9tag\u00e8re s'accordera avec mon lit ours.\",\"breadcrumb\":{\"@id\":\"https:\\\/\\\/www.sunnyshop211.com\\\/produit\\\/meuble-etagere-ours-miniature-1-6-barbie-dolls-blythe-pullip\\\/#breadcrumb\"},\"inLanguage\":\"en-US\",\"potentialAction\":[{\"@type\":\"ReadAction\",\"target\":[\"https:\\\/\\\/www.sunnyshop211.com\\\/produit\\\/meuble-etagere-ours-miniature-1-6-barbie-dolls-blythe-pullip\\\/\"]}]},{\"@type\":\"ImageObject\",\"inLanguage\":\"en-US\",\"@id\":\"https:\\\/\\\/www.sunnyshop211.com\\\/produit\\\/meuble-etagere-ours-miniature-1-6-barbie-dolls-blythe-pullip\\\/#primaryimage\",\"url\":\"https:\\\/\\\/www.sunnyshop211.com\\\/wp-content\\\/uploads\\\/2020\\\/02\\\/20200207_121220-scaled.jpg\",\"contentUrl\":\"https:\\\/\\\/www.sunnyshop211.com\\\/wp-content\\\/uploads\\\/2020\\\/02\\\/20200207_121220-scaled.jpg\",\"width\":2560,\"height\":2360,\"caption\":\"Meuble \u00e9tag\u00e8re ours miniature 1\\\/6\"},{\"@type\":\"BreadcrumbList\",\"@id\":\"https:\\\/\\\/www.sunnyshop211.com\\\/produit\\\/meuble-etagere-ours-miniature-1-6-barbie-dolls-blythe-pullip\\\/#breadcrumb\",\"itemListElement\":[{\"@type\":\"ListItem\",\"position\":1,\"name\":\"Accueil\",\"item\":\"https:\\\/\\\/www.sunnyshop211.com\\\/\"},{\"@type\":\"ListItem\",\"position\":2,\"name\":\"Boutique\",\"item\":\"https:\\\/\\\/www.sunnyshop211.com\\\/boutique-miniature-bjd-dolls\\\/\"},{\"@type\":\"ListItem\",\"position\":3,\"name\":\"Meuble \u00e9tag\u00e8re ours miniature 1\\\/6 Barbie dolls, Blythe, pullip\"}]},{\"@type\":\"WebSite\",\"@id\":\"https:\\\/\\\/www.sunnyshop211.com\\\/#website\",\"url\":\"https:\\\/\\\/www.sunnyshop211.com\\\/\",\"name\":\"Vente de dioramas, meubles, miniatures , bjd poup\u00e9es 1\\\/12 1\\\/8 1\\\/6 1\\\/4 1\\\/3\",\"description\":\"Sunnyshop211 - Votre univers miniature pour poup\u00e9es et BJD, dioramas et meubles sur mesure !\",\"publisher\":{\"@id\":\"https:\\\/\\\/www.sunnyshop211.com\\\/#organization\"},\"alternateName\":\"sunnyshop211\",\"potentialAction\":[{\"@type\":\"SearchAction\",\"target\":{\"@type\":\"EntryPoint\",\"urlTemplate\":\"https:\\\/\\\/www.sunnyshop211.com\\\/?s={search_term_string}\"},\"query-input\":{\"@type\":\"PropertyValueSpecification\",\"valueRequired\":true,\"valueName\":\"search_term_string\"}}],\"inLanguage\":\"en-US\"},{\"@type\":\"Organization\",\"@id\":\"https:\\\/\\\/www.sunnyshop211.com\\\/#organization\",\"name\":\"sunnyshop211\",\"alternateName\":\"sunnyshop211 diorama bjd meuble miniature\",\"url\":\"https:\\\/\\\/www.sunnyshop211.com\\\/\",\"logo\":{\"@type\":\"ImageObject\",\"inLanguage\":\"en-US\",\"@id\":\"https:\\\/\\\/www.sunnyshop211.com\\\/#\\\/schema\\\/logo\\\/image\\\/\",\"url\":\"https:\\\/\\\/www.sunnyshop211.com\\\/wp-content\\\/uploads\\\/2022\\\/08\\\/cropped-cropped-cropped-Sunnyshop211-1.png\",\"contentUrl\":\"https:\\\/\\\/www.sunnyshop211.com\\\/wp-content\\\/uploads\\\/2022\\\/08\\\/cropped-cropped-cropped-Sunnyshop211-1.png\",\"width\":339,\"height\":339,\"caption\":\"sunnyshop211\"},\"image\":{\"@id\":\"https:\\\/\\\/www.sunnyshop211.com\\\/#\\\/schema\\\/logo\\\/image\\\/\"},\"sameAs\":[\"https:\\\/\\\/www.facebook.com\\\/sunnyshop211\\\/?ref=bookmarks\",\"https:\\\/\\\/x.com\\\/sunnyshop211\",\"https:\\\/\\\/www.instagram.com\\\/sunnyshop211\\\/\",\"https:\\\/\\\/www.tumblr.com\\\/blog\\\/sunnyshop211\",\"https:\\\/\\\/www.youtube.com\\\/channel\\\/UCtYY18OGGDKrTSzgcf7fCBg\",\"https:\\\/\\\/www.tiktok.com\\\/@sunnydollshop211?is_from_webapp=1&sender_device=pc\"]}]}<\/script>\n<!-- \/ Yoast SEO plugin. -->","yoast_head_json":{"title":"Bear shelving unit 1\/6 Barbie dolls, Blythe, pullip -","description":"1\/6 miniature bear shelving unit for Barbie dolls, Blythe, fashion royalty, pullipops or other of the same size. This shelf will match my bear bed.","robots":{"index":"index","follow":"follow","max-snippet":"max-snippet:-1","max-image-preview":"max-image-preview:large","max-video-preview":"max-video-preview:-1"},"canonical":"https:\/\/www.sunnyshop211.com\/en\/product\/meuble-etagere-ours-miniature-1-6-barbie-dolls-blythe-pullip\/","og_locale":"en_US","og_type":"article","og_title":"Meuble \u00e9tag\u00e8re ours miniature 1\/6 Barbie dolls, Blythe, pullip -","og_description":"Meuble \u00e9tag\u00e8re ours miniature 1\/6 pour Barbie dolls, Blythe, fashion royalty, pullip ou autre de m\u00eame taille. Cette \u00e9tag\u00e8re s'accordera avec mon lit ours.","og_url":"https:\/\/www.sunnyshop211.com\/en\/product\/meuble-etagere-ours-miniature-1-6-barbie-dolls-blythe-pullip\/","og_site_name":"Sunnyshop211 -Vente de dioramas, meubles, miniatures , bjd poup\u00e9es 1\/12 1\/8 1\/6 1\/4 1\/3","article_publisher":"https:\/\/www.facebook.com\/sunnyshop211\/?ref=bookmarks","article_modified_time":"2026-01-03T19:51:15+00:00","og_image":[{"width":2560,"height":2360,"url":"https:\/\/www.sunnyshop211.com\/wp-content\/uploads\/2020\/02\/20200207_121220-scaled.jpg","type":"image\/jpeg"}],"twitter_card":"summary_large_image","twitter_site":"@sunnyshop211","twitter_misc":{"Est. reading time":"2 minutes"},"schema":{"@context":"https:\/\/schema.org","@graph":[{"@type":"WebPage","@id":"https:\/\/www.sunnyshop211.com\/produit\/meuble-etagere-ours-miniature-1-6-barbie-dolls-blythe-pullip\/","url":"https:\/\/www.sunnyshop211.com\/produit\/meuble-etagere-ours-miniature-1-6-barbie-dolls-blythe-pullip\/","name":"Bear shelving unit 1\/6 Barbie dolls, Blythe, pullip -","isPartOf":{"@id":"https:\/\/www.sunnyshop211.com\/#website"},"primaryImageOfPage":{"@id":"https:\/\/www.sunnyshop211.com\/produit\/meuble-etagere-ours-miniature-1-6-barbie-dolls-blythe-pullip\/#primaryimage"},"image":{"@id":"https:\/\/www.sunnyshop211.com\/produit\/meuble-etagere-ours-miniature-1-6-barbie-dolls-blythe-pullip\/#primaryimage"},"thumbnailUrl":"https:\/\/www.sunnyshop211.com\/wp-content\/uploads\/2020\/02\/20200207_121220-scaled.jpg","datePublished":"2020-02-07T10:40:37+00:00","dateModified":"2026-01-03T19:51:15+00:00","description":"1\/6 miniature bear shelving unit for Barbie dolls, Blythe, fashion royalty, pullipops or other of the same size. This shelf will match my bear bed.","breadcrumb":{"@id":"https:\/\/www.sunnyshop211.com\/produit\/meuble-etagere-ours-miniature-1-6-barbie-dolls-blythe-pullip\/#breadcrumb"},"inLanguage":"en-US","potentialAction":[{"@type":"ReadAction","target":["https:\/\/www.sunnyshop211.com\/produit\/meuble-etagere-ours-miniature-1-6-barbie-dolls-blythe-pullip\/"]}]},{"@type":"ImageObject","inLanguage":"en-US","@id":"https:\/\/www.sunnyshop211.com\/produit\/meuble-etagere-ours-miniature-1-6-barbie-dolls-blythe-pullip\/#primaryimage","url":"https:\/\/www.sunnyshop211.com\/wp-content\/uploads\/2020\/02\/20200207_121220-scaled.jpg","contentUrl":"https:\/\/www.sunnyshop211.com\/wp-content\/uploads\/2020\/02\/20200207_121220-scaled.jpg","width":2560,"height":2360,"caption":"Meuble \u00e9tag\u00e8re ours miniature 1\/6"},{"@type":"BreadcrumbList","@id":"https:\/\/www.sunnyshop211.com\/produit\/meuble-etagere-ours-miniature-1-6-barbie-dolls-blythe-pullip\/#breadcrumb","itemListElement":[{"@type":"ListItem","position":1,"name":"Accueil","item":"https:\/\/www.sunnyshop211.com\/"},{"@type":"ListItem","position":2,"name":"Boutique","item":"https:\/\/www.sunnyshop211.com\/boutique-miniature-bjd-dolls\/"},{"@type":"ListItem","position":3,"name":"Meuble \u00e9tag\u00e8re ours miniature 1\/6 Barbie dolls, Blythe, pullip"}]},{"@type":"WebSite","@id":"https:\/\/www.sunnyshop211.com\/#website","url":"https:\/\/www.sunnyshop211.com\/","name":"Sale of dioramas, furniture, miniatures, bjd dolls 1\/12 1\/8 1\/6 1\/4 1\/3","description":"Sunnyshop211 - Your miniature world for dolls and BJDs, dioramas and custom-made furniture!","publisher":{"@id":"https:\/\/www.sunnyshop211.com\/#organization"},"alternateName":"sunnyshop211","potentialAction":[{"@type":"SearchAction","target":{"@type":"EntryPoint","urlTemplate":"https:\/\/www.sunnyshop211.com\/?s={search_term_string}"},"query-input":{"@type":"PropertyValueSpecification","valueRequired":true,"valueName":"search_term_string"}}],"inLanguage":"en-US"},{"@type":"Organization","@id":"https:\/\/www.sunnyshop211.com\/#organization","name":"sunnyshop211","alternateName":"sunnyshop211 diorama bjd meuble miniature","url":"https:\/\/www.sunnyshop211.com\/","logo":{"@type":"ImageObject","inLanguage":"en-US","@id":"https:\/\/www.sunnyshop211.com\/#\/schema\/logo\/image\/","url":"https:\/\/www.sunnyshop211.com\/wp-content\/uploads\/2022\/08\/cropped-cropped-cropped-Sunnyshop211-1.png","contentUrl":"https:\/\/www.sunnyshop211.com\/wp-content\/uploads\/2022\/08\/cropped-cropped-cropped-Sunnyshop211-1.png","width":339,"height":339,"caption":"sunnyshop211"},"image":{"@id":"https:\/\/www.sunnyshop211.com\/#\/schema\/logo\/image\/"},"sameAs":["https:\/\/www.facebook.com\/sunnyshop211\/?ref=bookmarks","https:\/\/x.com\/sunnyshop211","https:\/\/www.instagram.com\/sunnyshop211\/","https:\/\/www.tumblr.com\/blog\/sunnyshop211","https:\/\/www.youtube.com\/channel\/UCtYY18OGGDKrTSzgcf7fCBg","https:\/\/www.tiktok.com\/@sunnydollshop211?is_from_webapp=1&sender_device=pc"]}]}},"jetpack_publicize_connections":[],"jetpack_sharing_enabled":true,"_links":{"self":[{"href":"https:\/\/www.sunnyshop211.com\/en\/wp-json\/wp\/v2\/product\/13430","targetHints":{"allow":["GET"]}}],"collection":[{"href":"https:\/\/www.sunnyshop211.com\/en\/wp-json\/wp\/v2\/product"}],"about":[{"href":"https:\/\/www.sunnyshop211.com\/en\/wp-json\/wp\/v2\/types\/product"}],"replies":[{"embeddable":true,"href":"https:\/\/www.sunnyshop211.com\/en\/wp-json\/wp\/v2\/comments?post=13430"}],"version-history":[{"count":10,"href":"https:\/\/www.sunnyshop211.com\/en\/wp-json\/wp\/v2\/product\/13430\/revisions"}],"predecessor-version":[{"id":54246,"href":"https:\/\/www.sunnyshop211.com\/en\/wp-json\/wp\/v2\/product\/13430\/revisions\/54246"}],"wp:featuredmedia":[{"embeddable":true,"href":"https:\/\/www.sunnyshop211.com\/en\/wp-json\/wp\/v2\/media\/13453"}],"wp:attachment":[{"href":"https:\/\/www.sunnyshop211.com\/en\/wp-json\/wp\/v2\/media?parent=13430"}],"wp:term":[{"taxonomy":"product_brand","embeddable":true,"href":"https:\/\/www.sunnyshop211.com\/en\/wp-json\/wp\/v2\/product_brand?post=13430"},{"taxonomy":"product_cat","embeddable":true,"href":"https:\/\/www.sunnyshop211.com\/en\/wp-json\/wp\/v2\/product_cat?post=13430"},{"taxonomy":"product_tag","embeddable":true,"href":"https:\/\/www.sunnyshop211.com\/en\/wp-json\/wp\/v2\/product_tag?post=13430"}],"curies":[{"name":"wp","href":"https:\/\/api.w.org\/{rel}","templated":true}]}}