{"id":13339,"date":"2020-02-05T20:15:09","date_gmt":"2020-02-05T19:15:09","guid":{"rendered":"https:\/\/sunnyshop211.com\/?post_type=product&#038;p=13339"},"modified":"2026-01-03T18:30:17","modified_gmt":"2026-01-03T17:30:17","slug":"mug-coeur-miniature-1-4-minifee-msd","status":"publish","type":"product","link":"https:\/\/www.sunnyshop211.com\/en\/product\/mug-coeur-miniature-1-4-minifee-msd\/","title":{"rendered":"Miniature heart mug 1\/4 minifee, MSD"},"content":{"rendered":"<p><img fetchpriority=\"high\" decoding=\"async\" class=\"alignnone wp-image-29827 size-medium\" src=\"https:\/\/www.sunnyshop211.com\/wp-content\/uploads\/2022\/12\/valentin2281929-500x333.jpg\" alt=\"Mug c\u0153ur miniature 1\/4\" width=\"500\" height=\"333\" srcset=\"https:\/\/www.sunnyshop211.com\/wp-content\/uploads\/2022\/12\/valentin2281929-500x333.jpg 500w, https:\/\/www.sunnyshop211.com\/wp-content\/uploads\/2022\/12\/valentin2281929-1024x683.jpg 1024w, https:\/\/www.sunnyshop211.com\/wp-content\/uploads\/2022\/12\/valentin2281929-768x512.jpg 768w, https:\/\/www.sunnyshop211.com\/wp-content\/uploads\/2022\/12\/valentin2281929-1536x1024.jpg 1536w, https:\/\/www.sunnyshop211.com\/wp-content\/uploads\/2022\/12\/valentin2281929-2048x1365.jpg 2048w, https:\/\/www.sunnyshop211.com\/wp-content\/uploads\/2022\/12\/valentin2281929-90x60.jpg 90w\" sizes=\"(max-width: 500px) 100vw, 500px\" \/> <a href=\"http:\/\/www.sunnyshop21.com\"><img decoding=\"async\" class=\"alignnone wp-image-29817 size-medium\" src=\"https:\/\/www.sunnyshop211.com\/wp-content\/uploads\/2022\/12\/valentin2283629-500x333.jpg\" alt=\"Mug c\u0153ur miniature 1\/4\" width=\"500\" height=\"333\" srcset=\"https:\/\/www.sunnyshop211.com\/wp-content\/uploads\/2022\/12\/valentin2283629-500x333.jpg 500w, https:\/\/www.sunnyshop211.com\/wp-content\/uploads\/2022\/12\/valentin2283629-1024x683.jpg 1024w, https:\/\/www.sunnyshop211.com\/wp-content\/uploads\/2022\/12\/valentin2283629-768x512.jpg 768w, https:\/\/www.sunnyshop211.com\/wp-content\/uploads\/2022\/12\/valentin2283629-1536x1024.jpg 1536w, https:\/\/www.sunnyshop211.com\/wp-content\/uploads\/2022\/12\/valentin2283629-2048x1365.jpg 2048w, https:\/\/www.sunnyshop211.com\/wp-content\/uploads\/2022\/12\/valentin2283629-90x60.jpg 90w\" sizes=\"(max-width: 500px) 100vw, 500px\" \/><\/a> <img decoding=\"async\" class=\"alignnone wp-image-29812 size-medium\" src=\"https:\/\/www.sunnyshop211.com\/wp-content\/uploads\/2022\/12\/valentin2283429-500x333.jpg\" alt=\"miniature bjd 1\/4 minifee msd saint valentin, valentine's day\" width=\"500\" height=\"333\" srcset=\"https:\/\/www.sunnyshop211.com\/wp-content\/uploads\/2022\/12\/valentin2283429-500x333.jpg 500w, https:\/\/www.sunnyshop211.com\/wp-content\/uploads\/2022\/12\/valentin2283429-1024x683.jpg 1024w, https:\/\/www.sunnyshop211.com\/wp-content\/uploads\/2022\/12\/valentin2283429-768x512.jpg 768w, https:\/\/www.sunnyshop211.com\/wp-content\/uploads\/2022\/12\/valentin2283429-1536x1024.jpg 1536w, https:\/\/www.sunnyshop211.com\/wp-content\/uploads\/2022\/12\/valentin2283429-2048x1365.jpg 2048w, https:\/\/www.sunnyshop211.com\/wp-content\/uploads\/2022\/12\/valentin2283429-90x60.jpg 90w\" sizes=\"(max-width: 500px) 100vw, 500px\" \/> <img loading=\"lazy\" decoding=\"async\" class=\"alignnone wp-image-29811 size-medium\" src=\"https:\/\/www.sunnyshop211.com\/wp-content\/uploads\/2022\/12\/valentin2283329-500x333.jpg\" alt=\"Mug c\u0153ur miniature 1\/4\" width=\"500\" height=\"333\" srcset=\"https:\/\/www.sunnyshop211.com\/wp-content\/uploads\/2022\/12\/valentin2283329-500x333.jpg 500w, https:\/\/www.sunnyshop211.com\/wp-content\/uploads\/2022\/12\/valentin2283329-1024x683.jpg 1024w, https:\/\/www.sunnyshop211.com\/wp-content\/uploads\/2022\/12\/valentin2283329-768x512.jpg 768w, https:\/\/www.sunnyshop211.com\/wp-content\/uploads\/2022\/12\/valentin2283329-1536x1024.jpg 1536w, https:\/\/www.sunnyshop211.com\/wp-content\/uploads\/2022\/12\/valentin2283329-2048x1365.jpg 2048w, https:\/\/www.sunnyshop211.com\/wp-content\/uploads\/2022\/12\/valentin2283329-90x60.jpg 90w\" sizes=\"(max-width: 500px) 100vw, 500px\" \/><\/p>\n<p>&nbsp;<\/p>\n<p>&nbsp;<\/p>\n<h2 data-start=\"176\" data-end=\"258\"><strong data-start=\"176\" data-end=\"258\">Hot chocolate heart mug - Miniature 1\/4 - Diorama - BJD - Minifee - MSD - Unoa<\/strong><\/h2>\n<p data-start=\"260\" data-end=\"280\">\u2500\u2500\u2500\u2500\u2500\u2500\u2500\u2500\u2500\u2500\u2500\u2500\u2500\u2500\u2500\u2500\u2500\u2500\u2500\u2500<\/p>\n<p data-start=\"282\" data-end=\"299\">\u2728 <strong data-start=\"284\" data-end=\"299\">Description<\/strong><\/p>\n<p data-start=\"301\" data-end=\"591\">This miniature heart mug is ideal for creating cosy, gourmet settings in your dioramas and roomboxes.<br \/>\nCustomized with imitation hot chocolate, it adds a warm, romantic touch to your miniature decorations, perfect for Valentine's Day or everyday scenes.<\/p>\n<p data-start=\"593\" data-end=\"667\">\u2714 Fictitious element<br data-start=\"609\" data-end=\"612\" \/>\u2714 Non-consumable decorative product<br data-start=\"647\" data-end=\"650\" \/>\u2714 Sold by unit<\/p>\n<p data-start=\"669\" data-end=\"689\">\u2500\u2500\u2500\u2500\u2500\u2500\u2500\u2500\u2500\u2500\u2500\u2500\u2500\u2500\u2500\u2500\u2500\u2500\u2500\u2500<\/p>\n<p data-start=\"691\" data-end=\"711\">\ud83e\uddf8 <strong data-start=\"694\" data-end=\"711\">Compatibility<\/strong><\/p>\n<p data-start=\"713\" data-end=\"755\">Suitable for dolls and miniature worlds:<\/p>\n<p data-start=\"757\" data-end=\"829\">- 1\/4: BJD, Minifee, MSD, Unoa<br data-start=\"788\" data-end=\"791\" \/>- Other dolls of equivalent size<\/p>\n<p data-start=\"831\" data-end=\"926\">Compatible with furniture and accessories sold separately in the store <strong data-start=\"909\" data-end=\"925\">sunnyshop211<\/strong>.<\/p>\n<p data-start=\"928\" data-end=\"948\">\u2500\u2500\u2500\u2500\u2500\u2500\u2500\u2500\u2500\u2500\u2500\u2500\u2500\u2500\u2500\u2500\u2500\u2500\u2500\u2500<\/p>\n<p data-start=\"950\" data-end=\"972\">\u2615 <strong data-start=\"952\" data-end=\"972\">Features<\/strong><\/p>\n<p data-start=\"974\" data-end=\"1127\">- Heart-shaped mug<br data-start=\"996\" data-end=\"999\" \/>- Color: white<br data-start=\"1016\" data-end=\"1019\" \/>- Customized with imitation hot chocolate<br data-start=\"1067\" data-end=\"1070\" \/>- All cups are made to the same design<\/p>\n<p data-start=\"1129\" data-end=\"1189\">\ud83d\udc49 The price corresponds to <strong data-start=\"1153\" data-end=\"1188\">a customized miniature heart mug<\/strong>.<\/p>\n<p data-start=\"1191\" data-end=\"1211\">\u2500\u2500\u2500\u2500\u2500\u2500\u2500\u2500\u2500\u2500\u2500\u2500\u2500\u2500\u2500\u2500\u2500\u2500\u2500\u2500<\/p>\n<p data-start=\"1213\" data-end=\"1230\">\ud83d\udccf <strong data-start=\"1216\" data-end=\"1230\">Dimensions<\/strong><\/p>\n<p data-start=\"1232\" data-end=\"1249\">- Height: 22 mm<\/p>\n<p data-start=\"1251\" data-end=\"1271\">\u2500\u2500\u2500\u2500\u2500\u2500\u2500\u2500\u2500\u2500\u2500\u2500\u2500\u2500\u2500\u2500\u2500\u2500\u2500\u2500<\/p>\n<p data-start=\"1273\" data-end=\"1307\">\ud83c\udfac <strong data-start=\"1276\" data-end=\"1307\">Use &amp; staging<\/strong><\/p>\n<p data-start=\"1309\" data-end=\"1431\">Ideal for :<br \/>\n- gourmet scenes<br data-start=\"1341\" data-end=\"1344\" \/>- romantic dioramas<br data-start=\"1366\" data-end=\"1369\" \/>- miniature kitchen or living room sets<br data-start=\"1407\" data-end=\"1410\" \/>- cocooning atmospheres<\/p>\n<p data-start=\"1433\" data-end=\"1550\">The heart cookies and other accessories featured in some of the scenes are sold separately in the store.<\/p>\n<p data-start=\"1552\" data-end=\"1572\">\u2500\u2500\u2500\u2500\u2500\u2500\u2500\u2500\u2500\u2500\u2500\u2500\u2500\u2500\u2500\u2500\u2500\u2500\u2500\u2500<\/p>\n<h3 data-start=\"1574\" data-end=\"1604\">\ud83d\udd90\ufe0f <strong data-start=\"1578\" data-end=\"1604\">Handcrafted products<\/strong><\/h3>\n<p data-start=\"1606\" data-end=\"1651\">Each mug is handcrafted.<\/p>\n<p data-start=\"1653\" data-end=\"1803\">Because of its handmade character:<br \/>\n- slight variations in shape or color may occur<br data-start=\"1753\" data-end=\"1756\" \/>- some minor imperfections are possible<\/p>\n<p data-start=\"1805\" data-end=\"1825\">\u2500\u2500\u2500\u2500\u2500\u2500\u2500\u2500\u2500\u2500\u2500\u2500\u2500\u2500\u2500\u2500\u2500\u2500\u2500\u2500<\/p>\n<p data-start=\"1827\" data-end=\"1858\">\ud83d\udce6 <strong data-start=\"1830\" data-end=\"1858\">Important information<\/strong><\/p>\n<p data-start=\"1860\" data-end=\"2185\">- Sold individually (1 heart mug with fictitious hot chocolate)<br data-start=\"1917\" data-end=\"1920\" \/>- Article made to order<br data-start=\"1950\" data-end=\"1953\" \/>- Please allow for manufacturing and delivery times.<br data-start=\"2018\" data-end=\"2021\" \/>(see General Sales Conditions and delivery times)<br data-start=\"2082\" data-end=\"2085\" \/>- The photos are examples of staging<br data-start=\"2132\" data-end=\"2135\" \/>- Other decorations sold separately<\/p>\n<p data-start=\"2187\" data-end=\"2267\">More inspiration on Instagram :<br data-start=\"2222\" data-end=\"2225\" \/>\ud83d\udc49 <a class=\"decorated-link\" href=\"https:\/\/www.instagram.com\/sunnyshop211\/\" target=\"_new\" rel=\"noopener\" data-start=\"2228\" data-end=\"2267\">https:\/\/www.instagram.com\/sunnyshop211\/<\/a><\/p>\n<p data-start=\"2269\" data-end=\"2289\">\u2500\u2500\u2500\u2500\u2500\u2500\u2500\u2500\u2500\u2500\u2500\u2500\u2500\u2500\u2500\u2500\u2500\u2500\u2500\u2500<\/p>\n<p data-start=\"2291\" data-end=\"2314\">\u26a0\ufe0f <strong data-start=\"2294\" data-end=\"2314\">Terms of use<\/strong><\/p>\n<p data-start=\"2316\" data-end=\"2491\">!!!! This is not a toy, this article is intended for adults.<br data-start=\"2387\" data-end=\"2390\" \/>Fictitious, non-consumable product.<br data-start=\"2422\" data-end=\"2425\" \/>I am not responsible for any damage in transit.<\/p>\n<p data-start=\"2493\" data-end=\"2576\">\u2615\u2764\ufe0f A miniature heart mug perfect for gourmet scenes full of sweetness.<\/p>\n<p>&nbsp;<\/p>\n<h3><\/h3>\n<p>&nbsp;<\/p>","protected":false},"excerpt":{"rendered":"<p>&nbsp; &nbsp; Mug c\u0153ur chocolat chaud \u2013 Miniature 1\/4 \u00b7 Diorama \u00b7 BJD \u00b7 Minifee \u00b7 MSD \u00b7 Unoa \u2500\u2500\u2500\u2500\u2500\u2500\u2500\u2500\u2500\u2500\u2500\u2500\u2500\u2500\u2500\u2500\u2500\u2500\u2500\u2500 \u2728 Description Ce mug c\u0153ur miniature est id\u00e9al pour cr\u00e9er des mises en sc\u00e8ne gourmandes et cosy dans vos dioramas et roombox. Customis\u00e9 avec une imitation de chocolat chaud, il apporte une touche chaleureuse et [&hellip;]<\/p>\n","protected":false},"featured_media":29811,"comment_status":"open","ping_status":"closed","template":"","meta":{"_crdt_document":"","jetpack_post_was_ever_published":false,"jetpack_publicize_message":"","jetpack_publicize_feature_enabled":true,"jetpack_social_post_already_shared":true,"jetpack_social_options":{"image_generator_settings":{"template":"highway","default_image_id":0,"font":"","enabled":false},"version":2}},"product_brand":[],"product_cat":[667687075],"product_tag":[667681299,667682864,667682866,667681234,667681173,667681237,667682870,667682868],"class_list":{"0":"post-13339","1":"product","2":"type-product","3":"status-publish","4":"has-post-thumbnail","6":"product_cat--nourriture-de-la-saint-valentin","7":"product_tag-coffee","8":"product_tag-cup","9":"product_tag-cup-of-tea","10":"product_tag-diorama","11":"product_tag-minifee","12":"product_tag-msd","13":"product_tag-mug","14":"product_tag-tasse","15":"product_shipping_class-lettre-suivie","16":"pa_couleur-blanc","17":"pa_couleur-noir","18":"pa_couleur-rose-pink","20":"first","21":"instock","22":"taxable","23":"shipping-taxable","24":"purchasable","25":"product-type-simple"},"yoast_head":"<!-- This site is optimized with the Yoast SEO plugin v27.4 - https:\/\/yoast.com\/product\/yoast-seo-wordpress\/ -->\n<title>Mug c\u0153ur miniature 1\/4 minifee, MSD -<\/title>\n<meta name=\"description\" content=\"Mug c\u0153ur miniature 1\/4 minifee, MSD. Vous \/choisissez la finition soir th\u00e9 , caf\u00e9 ou chocolat. id\u00e9al pour vos dioramas. custom mug\" \/>\n<meta name=\"robots\" content=\"index, follow, max-snippet:-1, max-image-preview:large, max-video-preview:-1\" \/>\n<link rel=\"canonical\" href=\"https:\/\/www.sunnyshop211.com\/en\/product\/mug-coeur-miniature-1-4-minifee-msd\/\" \/>\n<meta property=\"og:locale\" content=\"en_US\" \/>\n<meta property=\"og:type\" content=\"article\" \/>\n<meta property=\"og:title\" content=\"Mug c\u0153ur miniature 1\/4 minifee, MSD -\" \/>\n<meta property=\"og:description\" content=\"Mug c\u0153ur miniature 1\/4 minifee, MSD. Vous \/choisissez la finition soir th\u00e9 , caf\u00e9 ou chocolat. id\u00e9al pour vos dioramas. custom mug\" \/>\n<meta property=\"og:url\" content=\"https:\/\/www.sunnyshop211.com\/en\/product\/mug-coeur-miniature-1-4-minifee-msd\/\" \/>\n<meta property=\"og:site_name\" content=\"Sunnyshop211 -Vente de dioramas, meubles, miniatures , bjd poup\u00e9es 1\/12 1\/8 1\/6 1\/4 1\/3\" \/>\n<meta property=\"article:publisher\" content=\"https:\/\/www.facebook.com\/sunnyshop211\/?ref=bookmarks\" \/>\n<meta property=\"article:modified_time\" content=\"2026-01-03T17:30:17+00:00\" \/>\n<meta property=\"og:image\" content=\"https:\/\/www.sunnyshop211.com\/wp-content\/uploads\/2022\/12\/valentin2283329-scaled.jpg\" \/>\n\t<meta property=\"og:image:width\" content=\"2560\" \/>\n\t<meta property=\"og:image:height\" content=\"1707\" \/>\n\t<meta property=\"og:image:type\" content=\"image\/jpeg\" \/>\n<meta name=\"twitter:card\" content=\"summary_large_image\" \/>\n<meta name=\"twitter:site\" content=\"@sunnyshop211\" \/>\n<meta name=\"twitter:label1\" content=\"Est. reading time\" \/>\n\t<meta name=\"twitter:data1\" content=\"3 minutes\" \/>\n<script type=\"application\/ld+json\" class=\"yoast-schema-graph\">{\"@context\":\"https:\\\/\\\/schema.org\",\"@graph\":[{\"@type\":\"WebPage\",\"@id\":\"https:\\\/\\\/www.sunnyshop211.com\\\/produit\\\/mug-coeur-miniature-1-4-minifee-msd\\\/\",\"url\":\"https:\\\/\\\/www.sunnyshop211.com\\\/produit\\\/mug-coeur-miniature-1-4-minifee-msd\\\/\",\"name\":\"Mug c\u0153ur miniature 1\\\/4 minifee, MSD -\",\"isPartOf\":{\"@id\":\"https:\\\/\\\/www.sunnyshop211.com\\\/#website\"},\"primaryImageOfPage\":{\"@id\":\"https:\\\/\\\/www.sunnyshop211.com\\\/produit\\\/mug-coeur-miniature-1-4-minifee-msd\\\/#primaryimage\"},\"image\":{\"@id\":\"https:\\\/\\\/www.sunnyshop211.com\\\/produit\\\/mug-coeur-miniature-1-4-minifee-msd\\\/#primaryimage\"},\"thumbnailUrl\":\"https:\\\/\\\/www.sunnyshop211.com\\\/wp-content\\\/uploads\\\/2022\\\/12\\\/valentin2283329-scaled.jpg\",\"datePublished\":\"2020-02-05T19:15:09+00:00\",\"dateModified\":\"2026-01-03T17:30:17+00:00\",\"description\":\"Mug c\u0153ur miniature 1\\\/4 minifee, MSD. Vous \\\/choisissez la finition soir th\u00e9 , caf\u00e9 ou chocolat. id\u00e9al pour vos dioramas. custom mug\",\"breadcrumb\":{\"@id\":\"https:\\\/\\\/www.sunnyshop211.com\\\/produit\\\/mug-coeur-miniature-1-4-minifee-msd\\\/#breadcrumb\"},\"inLanguage\":\"en-US\",\"potentialAction\":[{\"@type\":\"ReadAction\",\"target\":[\"https:\\\/\\\/www.sunnyshop211.com\\\/produit\\\/mug-coeur-miniature-1-4-minifee-msd\\\/\"]}]},{\"@type\":\"ImageObject\",\"inLanguage\":\"en-US\",\"@id\":\"https:\\\/\\\/www.sunnyshop211.com\\\/produit\\\/mug-coeur-miniature-1-4-minifee-msd\\\/#primaryimage\",\"url\":\"https:\\\/\\\/www.sunnyshop211.com\\\/wp-content\\\/uploads\\\/2022\\\/12\\\/valentin2283329-scaled.jpg\",\"contentUrl\":\"https:\\\/\\\/www.sunnyshop211.com\\\/wp-content\\\/uploads\\\/2022\\\/12\\\/valentin2283329-scaled.jpg\",\"width\":2560,\"height\":1707},{\"@type\":\"BreadcrumbList\",\"@id\":\"https:\\\/\\\/www.sunnyshop211.com\\\/produit\\\/mug-coeur-miniature-1-4-minifee-msd\\\/#breadcrumb\",\"itemListElement\":[{\"@type\":\"ListItem\",\"position\":1,\"name\":\"Accueil\",\"item\":\"https:\\\/\\\/www.sunnyshop211.com\\\/\"},{\"@type\":\"ListItem\",\"position\":2,\"name\":\"Boutique\",\"item\":\"https:\\\/\\\/www.sunnyshop211.com\\\/boutique-miniature-bjd-dolls\\\/\"},{\"@type\":\"ListItem\",\"position\":3,\"name\":\"Mug c\u0153ur miniature 1\\\/4 minifee, MSD\"}]},{\"@type\":\"WebSite\",\"@id\":\"https:\\\/\\\/www.sunnyshop211.com\\\/#website\",\"url\":\"https:\\\/\\\/www.sunnyshop211.com\\\/\",\"name\":\"Vente de dioramas, meubles, miniatures , bjd poup\u00e9es 1\\\/12 1\\\/8 1\\\/6 1\\\/4 1\\\/3\",\"description\":\"Sunnyshop211 - Votre univers miniature pour poup\u00e9es et BJD, dioramas et meubles sur mesure !\",\"publisher\":{\"@id\":\"https:\\\/\\\/www.sunnyshop211.com\\\/#organization\"},\"alternateName\":\"sunnyshop211\",\"potentialAction\":[{\"@type\":\"SearchAction\",\"target\":{\"@type\":\"EntryPoint\",\"urlTemplate\":\"https:\\\/\\\/www.sunnyshop211.com\\\/?s={search_term_string}\"},\"query-input\":{\"@type\":\"PropertyValueSpecification\",\"valueRequired\":true,\"valueName\":\"search_term_string\"}}],\"inLanguage\":\"en-US\"},{\"@type\":\"Organization\",\"@id\":\"https:\\\/\\\/www.sunnyshop211.com\\\/#organization\",\"name\":\"sunnyshop211\",\"alternateName\":\"sunnyshop211 diorama bjd meuble miniature\",\"url\":\"https:\\\/\\\/www.sunnyshop211.com\\\/\",\"logo\":{\"@type\":\"ImageObject\",\"inLanguage\":\"en-US\",\"@id\":\"https:\\\/\\\/www.sunnyshop211.com\\\/#\\\/schema\\\/logo\\\/image\\\/\",\"url\":\"https:\\\/\\\/www.sunnyshop211.com\\\/wp-content\\\/uploads\\\/2022\\\/08\\\/cropped-cropped-cropped-Sunnyshop211-1.png\",\"contentUrl\":\"https:\\\/\\\/www.sunnyshop211.com\\\/wp-content\\\/uploads\\\/2022\\\/08\\\/cropped-cropped-cropped-Sunnyshop211-1.png\",\"width\":339,\"height\":339,\"caption\":\"sunnyshop211\"},\"image\":{\"@id\":\"https:\\\/\\\/www.sunnyshop211.com\\\/#\\\/schema\\\/logo\\\/image\\\/\"},\"sameAs\":[\"https:\\\/\\\/www.facebook.com\\\/sunnyshop211\\\/?ref=bookmarks\",\"https:\\\/\\\/x.com\\\/sunnyshop211\",\"https:\\\/\\\/www.instagram.com\\\/sunnyshop211\\\/\",\"https:\\\/\\\/www.tumblr.com\\\/blog\\\/sunnyshop211\",\"https:\\\/\\\/www.youtube.com\\\/channel\\\/UCtYY18OGGDKrTSzgcf7fCBg\",\"https:\\\/\\\/www.tiktok.com\\\/@sunnydollshop211?is_from_webapp=1&sender_device=pc\"]}]}<\/script>\n<!-- \/ Yoast SEO plugin. -->","yoast_head_json":{"title":"Miniature heart mug 1\/4 minifee, MSD -","description":"Miniature heart mug 1\/4 minifee, MSD. You \/choose the evening finish tea, coffee or chocolate. ideal for your dioramas. custom mug","robots":{"index":"index","follow":"follow","max-snippet":"max-snippet:-1","max-image-preview":"max-image-preview:large","max-video-preview":"max-video-preview:-1"},"canonical":"https:\/\/www.sunnyshop211.com\/en\/product\/mug-coeur-miniature-1-4-minifee-msd\/","og_locale":"en_US","og_type":"article","og_title":"Mug c\u0153ur miniature 1\/4 minifee, MSD -","og_description":"Mug c\u0153ur miniature 1\/4 minifee, MSD. Vous \/choisissez la finition soir th\u00e9 , caf\u00e9 ou chocolat. id\u00e9al pour vos dioramas. custom mug","og_url":"https:\/\/www.sunnyshop211.com\/en\/product\/mug-coeur-miniature-1-4-minifee-msd\/","og_site_name":"Sunnyshop211 -Vente de dioramas, meubles, miniatures , bjd poup\u00e9es 1\/12 1\/8 1\/6 1\/4 1\/3","article_publisher":"https:\/\/www.facebook.com\/sunnyshop211\/?ref=bookmarks","article_modified_time":"2026-01-03T17:30:17+00:00","og_image":[{"width":2560,"height":1707,"url":"https:\/\/www.sunnyshop211.com\/wp-content\/uploads\/2022\/12\/valentin2283329-scaled.jpg","type":"image\/jpeg"}],"twitter_card":"summary_large_image","twitter_site":"@sunnyshop211","twitter_misc":{"Est. reading time":"3 minutes"},"schema":{"@context":"https:\/\/schema.org","@graph":[{"@type":"WebPage","@id":"https:\/\/www.sunnyshop211.com\/produit\/mug-coeur-miniature-1-4-minifee-msd\/","url":"https:\/\/www.sunnyshop211.com\/produit\/mug-coeur-miniature-1-4-minifee-msd\/","name":"Miniature heart mug 1\/4 minifee, MSD -","isPartOf":{"@id":"https:\/\/www.sunnyshop211.com\/#website"},"primaryImageOfPage":{"@id":"https:\/\/www.sunnyshop211.com\/produit\/mug-coeur-miniature-1-4-minifee-msd\/#primaryimage"},"image":{"@id":"https:\/\/www.sunnyshop211.com\/produit\/mug-coeur-miniature-1-4-minifee-msd\/#primaryimage"},"thumbnailUrl":"https:\/\/www.sunnyshop211.com\/wp-content\/uploads\/2022\/12\/valentin2283329-scaled.jpg","datePublished":"2020-02-05T19:15:09+00:00","dateModified":"2026-01-03T17:30:17+00:00","description":"Miniature heart mug 1\/4 minifee, MSD. You \/choose the evening finish tea, coffee or chocolate. ideal for your dioramas. custom mug","breadcrumb":{"@id":"https:\/\/www.sunnyshop211.com\/produit\/mug-coeur-miniature-1-4-minifee-msd\/#breadcrumb"},"inLanguage":"en-US","potentialAction":[{"@type":"ReadAction","target":["https:\/\/www.sunnyshop211.com\/produit\/mug-coeur-miniature-1-4-minifee-msd\/"]}]},{"@type":"ImageObject","inLanguage":"en-US","@id":"https:\/\/www.sunnyshop211.com\/produit\/mug-coeur-miniature-1-4-minifee-msd\/#primaryimage","url":"https:\/\/www.sunnyshop211.com\/wp-content\/uploads\/2022\/12\/valentin2283329-scaled.jpg","contentUrl":"https:\/\/www.sunnyshop211.com\/wp-content\/uploads\/2022\/12\/valentin2283329-scaled.jpg","width":2560,"height":1707},{"@type":"BreadcrumbList","@id":"https:\/\/www.sunnyshop211.com\/produit\/mug-coeur-miniature-1-4-minifee-msd\/#breadcrumb","itemListElement":[{"@type":"ListItem","position":1,"name":"Accueil","item":"https:\/\/www.sunnyshop211.com\/"},{"@type":"ListItem","position":2,"name":"Boutique","item":"https:\/\/www.sunnyshop211.com\/boutique-miniature-bjd-dolls\/"},{"@type":"ListItem","position":3,"name":"Mug c\u0153ur miniature 1\/4 minifee, MSD"}]},{"@type":"WebSite","@id":"https:\/\/www.sunnyshop211.com\/#website","url":"https:\/\/www.sunnyshop211.com\/","name":"Sale of dioramas, furniture, miniatures, bjd dolls 1\/12 1\/8 1\/6 1\/4 1\/3","description":"Sunnyshop211 - Your miniature world for dolls and BJDs, dioramas and custom-made furniture!","publisher":{"@id":"https:\/\/www.sunnyshop211.com\/#organization"},"alternateName":"sunnyshop211","potentialAction":[{"@type":"SearchAction","target":{"@type":"EntryPoint","urlTemplate":"https:\/\/www.sunnyshop211.com\/?s={search_term_string}"},"query-input":{"@type":"PropertyValueSpecification","valueRequired":true,"valueName":"search_term_string"}}],"inLanguage":"en-US"},{"@type":"Organization","@id":"https:\/\/www.sunnyshop211.com\/#organization","name":"sunnyshop211","alternateName":"sunnyshop211 diorama bjd meuble miniature","url":"https:\/\/www.sunnyshop211.com\/","logo":{"@type":"ImageObject","inLanguage":"en-US","@id":"https:\/\/www.sunnyshop211.com\/#\/schema\/logo\/image\/","url":"https:\/\/www.sunnyshop211.com\/wp-content\/uploads\/2022\/08\/cropped-cropped-cropped-Sunnyshop211-1.png","contentUrl":"https:\/\/www.sunnyshop211.com\/wp-content\/uploads\/2022\/08\/cropped-cropped-cropped-Sunnyshop211-1.png","width":339,"height":339,"caption":"sunnyshop211"},"image":{"@id":"https:\/\/www.sunnyshop211.com\/#\/schema\/logo\/image\/"},"sameAs":["https:\/\/www.facebook.com\/sunnyshop211\/?ref=bookmarks","https:\/\/x.com\/sunnyshop211","https:\/\/www.instagram.com\/sunnyshop211\/","https:\/\/www.tumblr.com\/blog\/sunnyshop211","https:\/\/www.youtube.com\/channel\/UCtYY18OGGDKrTSzgcf7fCBg","https:\/\/www.tiktok.com\/@sunnydollshop211?is_from_webapp=1&sender_device=pc"]}]}},"jetpack_publicize_connections":[],"jetpack_sharing_enabled":true,"_links":{"self":[{"href":"https:\/\/www.sunnyshop211.com\/en\/wp-json\/wp\/v2\/product\/13339","targetHints":{"allow":["GET"]}}],"collection":[{"href":"https:\/\/www.sunnyshop211.com\/en\/wp-json\/wp\/v2\/product"}],"about":[{"href":"https:\/\/www.sunnyshop211.com\/en\/wp-json\/wp\/v2\/types\/product"}],"replies":[{"embeddable":true,"href":"https:\/\/www.sunnyshop211.com\/en\/wp-json\/wp\/v2\/comments?post=13339"}],"version-history":[{"count":16,"href":"https:\/\/www.sunnyshop211.com\/en\/wp-json\/wp\/v2\/product\/13339\/revisions"}],"predecessor-version":[{"id":54099,"href":"https:\/\/www.sunnyshop211.com\/en\/wp-json\/wp\/v2\/product\/13339\/revisions\/54099"}],"wp:featuredmedia":[{"embeddable":true,"href":"https:\/\/www.sunnyshop211.com\/en\/wp-json\/wp\/v2\/media\/29811"}],"wp:attachment":[{"href":"https:\/\/www.sunnyshop211.com\/en\/wp-json\/wp\/v2\/media?parent=13339"}],"wp:term":[{"taxonomy":"product_brand","embeddable":true,"href":"https:\/\/www.sunnyshop211.com\/en\/wp-json\/wp\/v2\/product_brand?post=13339"},{"taxonomy":"product_cat","embeddable":true,"href":"https:\/\/www.sunnyshop211.com\/en\/wp-json\/wp\/v2\/product_cat?post=13339"},{"taxonomy":"product_tag","embeddable":true,"href":"https:\/\/www.sunnyshop211.com\/en\/wp-json\/wp\/v2\/product_tag?post=13339"}],"curies":[{"name":"wp","href":"https:\/\/api.w.org\/{rel}","templated":true}]}}