{"id":13237,"date":"2020-02-04T17:15:57","date_gmt":"2020-02-04T16:15:57","guid":{"rendered":"https:\/\/sunnyshop211.com\/?post_type=product&#038;p=13237"},"modified":"2026-02-09T14:53:08","modified_gmt":"2026-02-09T13:53:08","slug":"commode-miniature-1-4-diorama-bjd-minifee-msd-dolls","status":"publish","type":"product","link":"https:\/\/www.sunnyshop211.com\/en\/product\/commode-miniature-1-4-diorama-bjd-minifee-msd-dolls\/","title":{"rendered":"Miniature dresser 1\/4 diorama bjd minifee MSD dolls"},"content":{"rendered":"<div id='gallery-1' class='gallery galleryid-13237 gallery-columns-3 gallery-size-thumbnail'><figure class='gallery-item'>\n\t\t\t<div class='gallery-icon portrait'>\n\t\t\t\t<a href='https:\/\/www.sunnyshop211.com\/en\/?attachment_id=12990'><img decoding=\"async\" width=\"150\" height=\"150\" src=\"https:\/\/www.sunnyshop211.com\/wp-content\/uploads\/2020\/02\/matthew-41-1-150x150.jpg\" class=\"attachment-thumbnail size-thumbnail\" alt=\"Commode miniature 1\/4 minifee\" srcset=\"https:\/\/www.sunnyshop211.com\/wp-content\/uploads\/2020\/02\/matthew-41-1-150x150.jpg 150w, https:\/\/www.sunnyshop211.com\/wp-content\/uploads\/2020\/02\/matthew-41-1-scaled-500x500.jpg 500w, https:\/\/www.sunnyshop211.com\/wp-content\/uploads\/2020\/02\/matthew-41-1-100x100.jpg 100w\" sizes=\"(max-width: 150px) 100vw, 150px\" \/><\/a>\n\t\t\t<\/div><\/figure><figure class='gallery-item'>\n\t\t\t<div class='gallery-icon portrait'>\n\t\t\t\t<a href='https:\/\/www.sunnyshop211.com\/en\/?attachment_id=12969'><img decoding=\"async\" width=\"150\" height=\"150\" src=\"https:\/\/www.sunnyshop211.com\/wp-content\/uploads\/2020\/02\/chlo-8-150x150.jpg\" class=\"attachment-thumbnail size-thumbnail\" alt=\"\" srcset=\"https:\/\/www.sunnyshop211.com\/wp-content\/uploads\/2020\/02\/chlo-8-150x150.jpg 150w, https:\/\/www.sunnyshop211.com\/wp-content\/uploads\/2020\/02\/chlo-8-scaled-500x500.jpg 500w, https:\/\/www.sunnyshop211.com\/wp-content\/uploads\/2020\/02\/chlo-8-100x100.jpg 100w\" sizes=\"(max-width: 150px) 100vw, 150px\" \/><\/a>\n\t\t\t<\/div><\/figure><figure class='gallery-item'>\n\t\t\t<div class='gallery-icon portrait'>\n\t\t\t\t<a href='https:\/\/www.sunnyshop211.com\/en\/?attachment_id=12974'><img decoding=\"async\" width=\"150\" height=\"150\" src=\"https:\/\/www.sunnyshop211.com\/wp-content\/uploads\/2020\/02\/chlo-22-150x150.jpg\" class=\"attachment-thumbnail size-thumbnail\" alt=\"Commode miniature 1\/4 minifee\" srcset=\"https:\/\/www.sunnyshop211.com\/wp-content\/uploads\/2020\/02\/chlo-22-150x150.jpg 150w, https:\/\/www.sunnyshop211.com\/wp-content\/uploads\/2020\/02\/chlo-22-scaled-500x500.jpg 500w, https:\/\/www.sunnyshop211.com\/wp-content\/uploads\/2020\/02\/chlo-22-100x100.jpg 100w\" sizes=\"(max-width: 150px) 100vw, 150px\" \/><\/a>\n\t\t\t<\/div><\/figure><figure class='gallery-item'>\n\t\t\t<div class='gallery-icon portrait'>\n\t\t\t\t<a href='https:\/\/www.sunnyshop211.com\/en\/?attachment_id=12952'><img loading=\"lazy\" decoding=\"async\" width=\"150\" height=\"150\" src=\"https:\/\/www.sunnyshop211.com\/wp-content\/uploads\/2020\/02\/matthew-41-150x150.jpg\" class=\"attachment-thumbnail size-thumbnail\" alt=\"\" srcset=\"https:\/\/www.sunnyshop211.com\/wp-content\/uploads\/2020\/02\/matthew-41-150x150.jpg 150w, https:\/\/www.sunnyshop211.com\/wp-content\/uploads\/2020\/02\/matthew-41-scaled-500x500.jpg 500w, https:\/\/www.sunnyshop211.com\/wp-content\/uploads\/2020\/02\/matthew-41-100x100.jpg 100w\" sizes=\"(max-width: 150px) 100vw, 150px\" \/><\/a>\n\t\t\t<\/div><\/figure><figure class='gallery-item'>\n\t\t\t<div class='gallery-icon portrait'>\n\t\t\t\t<a href='https:\/\/www.sunnyshop211.com\/en\/?attachment_id=12986'><img loading=\"lazy\" decoding=\"async\" width=\"150\" height=\"150\" src=\"https:\/\/www.sunnyshop211.com\/wp-content\/uploads\/2020\/02\/chlo-16-scaled-150x150.jpg\" class=\"attachment-thumbnail size-thumbnail\" alt=\"Commode miniature 1\/4 minifee\" srcset=\"https:\/\/www.sunnyshop211.com\/wp-content\/uploads\/2020\/02\/chlo-16-scaled-150x150.jpg 150w, https:\/\/www.sunnyshop211.com\/wp-content\/uploads\/2020\/02\/chlo-16-scaled-500x500.jpg 500w, https:\/\/www.sunnyshop211.com\/wp-content\/uploads\/2020\/02\/chlo-16-100x100.jpg 100w\" sizes=\"(max-width: 150px) 100vw, 150px\" \/><\/a>\n\t\t\t<\/div><\/figure>\n\t\t<\/div>\n\n<p>&nbsp;<\/p>\n<h2 data-start=\"135\" data-end=\"199\">Modern miniature chest of drawers 1\/4 - Diorama BJD, Minifee, MSD<\/h2>\n<p data-start=\"201\" data-end=\"349\">This <strong data-start=\"207\" data-end=\"243\">1\/4\" modern miniature chest of drawers<\/strong> is ideal for completing your miniature interiors and adding a realistic touch to your settings.<\/p>\n<p data-start=\"351\" data-end=\"454\">Thanks to its <strong data-start=\"363\" data-end=\"384\">removable drawers<\/strong>, It allows you to create detailed, personalized living scenes.<\/p>\n<hr data-start=\"456\" data-end=\"459\" \/>\n<h3 data-start=\"461\" data-end=\"481\">\ud83d\udccf Compatibility<\/h3>\n<p data-start=\"482\" data-end=\"513\">Suitable for dolls at <strong data-start=\"504\" data-end=\"511\">1\/4<\/strong> :<\/p>\n<ul data-start=\"514\" data-end=\"612\">\n<li data-start=\"514\" data-end=\"525\">\n<p data-start=\"516\" data-end=\"525\">Minifee<\/p>\n<\/li>\n<li data-start=\"526\" data-end=\"533\">\n<p data-start=\"528\" data-end=\"533\">MSD<\/p>\n<\/li>\n<li data-start=\"534\" data-end=\"541\">\n<p data-start=\"536\" data-end=\"541\">BJD<\/p>\n<\/li>\n<li data-start=\"542\" data-end=\"560\">\n<p data-start=\"544\" data-end=\"560\">Ellowyne Wilde<\/p>\n<\/li>\n<li data-start=\"561\" data-end=\"571\">\n<p data-start=\"563\" data-end=\"571\">Tonner<\/p>\n<\/li>\n<li data-start=\"572\" data-end=\"612\">\n<p data-start=\"574\" data-end=\"612\">and other dolls of similar size<\/p>\n<\/li>\n<\/ul>\n<hr data-start=\"614\" data-end=\"617\" \/>\n<h3 data-start=\"619\" data-end=\"636\">\ud83d\udcd0 Dimensions<\/h3>\n<ul data-start=\"637\" data-end=\"745\">\n<li data-start=\"637\" data-end=\"660\">\n<p data-start=\"639\" data-end=\"660\"><strong data-start=\"639\" data-end=\"650\">Height<\/strong> : 19 cm<\/p>\n<\/li>\n<li data-start=\"661\" data-end=\"685\">\n<p data-start=\"663\" data-end=\"685\"><strong data-start=\"663\" data-end=\"674\">Width<\/strong> size : 9.5 cm<\/p>\n<\/li>\n<li data-start=\"686\" data-end=\"745\">\n<p data-start=\"688\" data-end=\"745\"><strong data-start=\"688\" data-end=\"706\">Total height<\/strong> Height : 20.5 cm<br data-start=\"716\" data-end=\"719\" \/>(7.48 x 3.7 x 8.07 inches)<\/p>\n<\/li>\n<\/ul>\n<p data-start=\"747\" data-end=\"786\">\ud83d\uddc4\ufe0f <strong data-start=\"751\" data-end=\"786\">3 fully removable drawers<\/strong><\/p>\n<hr data-start=\"788\" data-end=\"791\" \/>\n<h3 data-start=\"793\" data-end=\"816\">\ud83c\udfa8 Customization<\/h3>\n<ul data-start=\"817\" data-end=\"969\">\n<li data-start=\"817\" data-end=\"839\">\n<p data-start=\"819\" data-end=\"839\"><strong data-start=\"819\" data-end=\"839\">Choice of color<\/strong><\/p>\n<\/li>\n<li data-start=\"840\" data-end=\"917\">\n<p data-start=\"842\" data-end=\"917\">Possibility of <strong data-start=\"857\" data-end=\"880\">coordinate pattern<\/strong> with other furniture from my store<\/p>\n<\/li>\n<li data-start=\"918\" data-end=\"969\">\n<p data-start=\"920\" data-end=\"969\">Available on request in <strong data-start=\"948\" data-end=\"969\">other scales<\/strong><\/p>\n<\/li>\n<\/ul>\n<p data-start=\"971\" data-end=\"1067\">\ud83d\udc49 For any specific request (pattern, size, combination), please contact me.<strong data-start=\"1034\" data-end=\"1066\">\u00a0before ordering<\/strong>.<\/p>\n<hr data-start=\"1069\" data-end=\"1072\" \/>\n<h3 data-start=\"1074\" data-end=\"1104\">\ud83d\udd90\ufe0f Craft manufacturing<\/h3>\n<ul data-start=\"1105\" data-end=\"1317\">\n<li data-start=\"1105\" data-end=\"1138\">\n<p data-start=\"1107\" data-end=\"1138\">Furniture <strong data-start=\"1114\" data-end=\"1138\">delivered assembled and painted<\/strong><\/p>\n<\/li>\n<li data-start=\"1139\" data-end=\"1165\">\n<p data-start=\"1141\" data-end=\"1165\">Realized <strong data-start=\"1149\" data-end=\"1165\">to order<\/strong><\/p>\n<\/li>\n<li data-start=\"1166\" data-end=\"1241\">\n<p data-start=\"1168\" data-end=\"1241\">Slight variations in <strong data-start=\"1193\" data-end=\"1222\">shape, color or texture<\/strong> may appear<\/p>\n<\/li>\n<li data-start=\"1242\" data-end=\"1317\">\n<p data-start=\"1244\" data-end=\"1317\">A few minor imperfections are possible, due to the craftsmanship involved.<\/p>\n<\/li>\n<\/ul>\n<p data-start=\"1319\" data-end=\"1428\">Please note <strong data-start=\"1345\" data-end=\"1386\">manufacturing and delivery times<\/strong><br data-start=\"1386\" data-end=\"1389\" \/>(see <em data-start=\"1395\" data-end=\"1426\">Terms and conditions of sale<\/em>).<\/p>\n<hr data-start=\"1430\" data-end=\"1433\" \/>\n<h3 data-start=\"1435\" data-end=\"1467\">\ud83d\uddbc\ufe0f Important information<\/h3>\n<ul data-start=\"1468\" data-end=\"1643\">\n<li data-start=\"1468\" data-end=\"1519\">\n<p data-start=\"1470\" data-end=\"1519\">The photos are <strong data-start=\"1490\" data-end=\"1519\">examples of staging<\/strong><\/p>\n<\/li>\n<li data-start=\"1520\" data-end=\"1553\">\n<p data-start=\"1522\" data-end=\"1553\"><strong data-start=\"1522\" data-end=\"1553\">Only the chest of drawers is sold<\/strong><\/p>\n<\/li>\n<li data-start=\"1554\" data-end=\"1643\">\n<p data-start=\"1556\" data-end=\"1643\">Other visible furniture and accessories are available separately in the store.<\/p>\n<\/li>\n<\/ul>\n<p data-start=\"1645\" data-end=\"1710\">Compatible with my <strong data-start=\"1665\" data-end=\"1709\">miniature 1\/4\" furniture sold separately<\/strong>.<\/p>\n<h3 data-start=\"1750\" data-end=\"1786\">\ud83d\udcf8 More photos &amp; inspiration<\/h3>\n<p data-start=\"1788\" data-end=\"1830\">\ud83d\udc49 <a class=\"decorated-link\" href=\"https:\/\/www.instagram.com\/sunnyshop211\/\" target=\"_new\" rel=\"noopener\" data-start=\"1791\" data-end=\"1830\">https:\/\/www.instagram.com\/sunnyshop211\/<\/a><\/p>\n<hr data-start=\"1832\" data-end=\"1835\" \/>\n<p data-start=\"1837\" data-end=\"1914\">\u2728 A miniature chest of drawers to accessorize your 1\/4\" rooms.<\/p>","protected":false},"excerpt":{"rendered":"<p>&nbsp; Commode miniature moderne 1\/4 \u2013 Diorama BJD, Minifee, MSD Cette commode miniature moderne au 1\/4 est id\u00e9ale pour compl\u00e9ter vos int\u00e9rieurs miniatures et apporter une touche r\u00e9aliste \u00e0 vos mises en sc\u00e8ne. Gr\u00e2ce \u00e0 ses tiroirs amovibles, elle permet de cr\u00e9er des sc\u00e8nes de vie d\u00e9taill\u00e9es et personnalis\u00e9es. \ud83d\udccf Compatibilit\u00e9 Convient aux dolls au [&hellip;]<\/p>\n","protected":false},"featured_media":12986,"comment_status":"open","ping_status":"closed","template":"","meta":{"_crdt_document":"","jetpack_post_was_ever_published":false,"jetpack_publicize_message":"","jetpack_publicize_feature_enabled":true,"jetpack_social_post_already_shared":true,"jetpack_social_options":{"image_generator_settings":{"template":"highway","default_image_id":0,"font":"","enabled":false},"version":2}},"product_brand":[],"product_cat":[667687013],"product_tag":[667681145,667681143,667681136,667681142,667681411,667681234,667681226,667681233,667681412,667681272,667681239,667681225,667681241,667681242,667681236,667681261,667681232,667681173,667681237,667681177,667681235,667681260],"class_list":{"0":"post-13237","1":"product","2":"type-product","3":"status-publish","4":"has-post-thumbnail","6":"product_cat-chambre-meubles-miniature-1-4","7":"product_tag-bed","8":"product_tag-bedroom","9":"product_tag-bjd","10":"product_tag-chambre","11":"product_tag-chest-of-drawers","12":"product_tag-diorama","13":"product_tag-doll","14":"product_tag-dollhouse","15":"product_tag-dressers","16":"product_tag-elowynn-wilde","17":"product_tag-fairyland","18":"product_tag-furniture","19":"product_tag-iplehouse","20":"product_tag-jid","21":"product_tag-maison-de-poupee","22":"product_tag-meuble","23":"product_tag-miniature","24":"product_tag-minifee","25":"product_tag-msd","26":"product_tag-poupee","27":"product_tag-roombox","28":"product_tag-tonner","29":"product_shipping_class-colissimo-5","30":"pa_couleur-beige","31":"pa_couleur-blanc","32":"pa_couleur-bleu","33":"pa_couleur-gris","34":"pa_couleur-marron","35":"pa_couleur-noir","36":"pa_couleur-non-peint","37":"pa_couleur-rose","38":"pa_couleur-rouge","39":"pa_couleur-shabby-blanc","40":"pa_couleur-vert","41":"pa_couleur-violet","43":"first","44":"instock","45":"taxable","46":"shipping-taxable","47":"purchasable","48":"product-type-variable"},"yoast_head":"<!-- This site is optimized with the Yoast SEO plugin v27.5 - https:\/\/yoast.com\/product\/yoast-seo-wordpress\/ -->\n<title>Commode miniature 1\/4 diorama bjd minifee MSD dolls -<\/title>\n<meta name=\"description\" content=\"Commode miniature 1\/4 diorama bjd minifee MSD dolls. cette commode moderne est munie de tiroirs amovibles parfait pour vos mises en sc\u00e8nes.\" \/>\n<meta name=\"robots\" content=\"index, follow, max-snippet:-1, max-image-preview:large, max-video-preview:-1\" \/>\n<link rel=\"canonical\" href=\"https:\/\/www.sunnyshop211.com\/en\/product\/commode-miniature-1-4-diorama-bjd-minifee-msd-dolls\/\" \/>\n<meta property=\"og:locale\" content=\"en_US\" \/>\n<meta property=\"og:type\" content=\"article\" \/>\n<meta property=\"og:title\" content=\"Commode miniature 1\/4 diorama bjd minifee MSD dolls -\" \/>\n<meta property=\"og:description\" content=\"Commode miniature 1\/4 diorama bjd minifee MSD dolls. cette commode moderne est munie de tiroirs amovibles parfait pour vos mises en sc\u00e8nes.\" \/>\n<meta property=\"og:url\" content=\"https:\/\/www.sunnyshop211.com\/en\/product\/commode-miniature-1-4-diorama-bjd-minifee-msd-dolls\/\" \/>\n<meta property=\"og:site_name\" content=\"Sunnyshop211 -Vente de dioramas, meubles, miniatures , bjd poup\u00e9es 1\/12 1\/8 1\/6 1\/4 1\/3\" \/>\n<meta property=\"article:publisher\" content=\"https:\/\/www.facebook.com\/sunnyshop211\/?ref=bookmarks\" \/>\n<meta property=\"article:modified_time\" content=\"2026-02-09T13:53:08+00:00\" \/>\n<meta property=\"og:image\" content=\"https:\/\/www.sunnyshop211.com\/wp-content\/uploads\/2020\/02\/chlo-16-scaled.jpg\" \/>\n\t<meta property=\"og:image:width\" content=\"1611\" \/>\n\t<meta property=\"og:image:height\" content=\"2560\" \/>\n\t<meta property=\"og:image:type\" content=\"image\/jpeg\" \/>\n<meta name=\"twitter:card\" content=\"summary_large_image\" \/>\n<meta name=\"twitter:site\" content=\"@sunnyshop211\" \/>\n<meta name=\"twitter:label1\" content=\"Est. reading time\" \/>\n\t<meta name=\"twitter:data1\" content=\"2 minutes\" \/>\n<script type=\"application\/ld+json\" class=\"yoast-schema-graph\">{\"@context\":\"https:\\\/\\\/schema.org\",\"@graph\":[{\"@type\":\"WebPage\",\"@id\":\"https:\\\/\\\/www.sunnyshop211.com\\\/produit\\\/commode-miniature-1-4-diorama-bjd-minifee-msd-dolls\\\/\",\"url\":\"https:\\\/\\\/www.sunnyshop211.com\\\/produit\\\/commode-miniature-1-4-diorama-bjd-minifee-msd-dolls\\\/\",\"name\":\"Commode miniature 1\\\/4 diorama bjd minifee MSD dolls -\",\"isPartOf\":{\"@id\":\"https:\\\/\\\/www.sunnyshop211.com\\\/#website\"},\"primaryImageOfPage\":{\"@id\":\"https:\\\/\\\/www.sunnyshop211.com\\\/produit\\\/commode-miniature-1-4-diorama-bjd-minifee-msd-dolls\\\/#primaryimage\"},\"image\":{\"@id\":\"https:\\\/\\\/www.sunnyshop211.com\\\/produit\\\/commode-miniature-1-4-diorama-bjd-minifee-msd-dolls\\\/#primaryimage\"},\"thumbnailUrl\":\"https:\\\/\\\/www.sunnyshop211.com\\\/wp-content\\\/uploads\\\/2020\\\/02\\\/chlo-16-scaled.jpg\",\"datePublished\":\"2020-02-04T16:15:57+00:00\",\"dateModified\":\"2026-02-09T13:53:08+00:00\",\"description\":\"Commode miniature 1\\\/4 diorama bjd minifee MSD dolls. cette commode moderne est munie de tiroirs amovibles parfait pour vos mises en sc\u00e8nes.\",\"breadcrumb\":{\"@id\":\"https:\\\/\\\/www.sunnyshop211.com\\\/produit\\\/commode-miniature-1-4-diorama-bjd-minifee-msd-dolls\\\/#breadcrumb\"},\"inLanguage\":\"en-US\",\"potentialAction\":[{\"@type\":\"ReadAction\",\"target\":[\"https:\\\/\\\/www.sunnyshop211.com\\\/produit\\\/commode-miniature-1-4-diorama-bjd-minifee-msd-dolls\\\/\"]}]},{\"@type\":\"ImageObject\",\"inLanguage\":\"en-US\",\"@id\":\"https:\\\/\\\/www.sunnyshop211.com\\\/produit\\\/commode-miniature-1-4-diorama-bjd-minifee-msd-dolls\\\/#primaryimage\",\"url\":\"https:\\\/\\\/www.sunnyshop211.com\\\/wp-content\\\/uploads\\\/2020\\\/02\\\/chlo-16-scaled.jpg\",\"contentUrl\":\"https:\\\/\\\/www.sunnyshop211.com\\\/wp-content\\\/uploads\\\/2020\\\/02\\\/chlo-16-scaled.jpg\",\"width\":1611,\"height\":2560,\"caption\":\"Commode miniature 1\\\/4 minifee\"},{\"@type\":\"BreadcrumbList\",\"@id\":\"https:\\\/\\\/www.sunnyshop211.com\\\/produit\\\/commode-miniature-1-4-diorama-bjd-minifee-msd-dolls\\\/#breadcrumb\",\"itemListElement\":[{\"@type\":\"ListItem\",\"position\":1,\"name\":\"Accueil\",\"item\":\"https:\\\/\\\/www.sunnyshop211.com\\\/\"},{\"@type\":\"ListItem\",\"position\":2,\"name\":\"Boutique\",\"item\":\"https:\\\/\\\/www.sunnyshop211.com\\\/boutique-miniature-bjd-dolls\\\/\"},{\"@type\":\"ListItem\",\"position\":3,\"name\":\"Commode miniature 1\\\/4 diorama bjd minifee MSD dolls\"}]},{\"@type\":\"WebSite\",\"@id\":\"https:\\\/\\\/www.sunnyshop211.com\\\/#website\",\"url\":\"https:\\\/\\\/www.sunnyshop211.com\\\/\",\"name\":\"Vente de dioramas, meubles, miniatures , bjd poup\u00e9es 1\\\/12 1\\\/8 1\\\/6 1\\\/4 1\\\/3\",\"description\":\"Sunnyshop211 - Votre univers miniature pour poup\u00e9es et BJD, dioramas et meubles sur mesure !\",\"publisher\":{\"@id\":\"https:\\\/\\\/www.sunnyshop211.com\\\/#organization\"},\"alternateName\":\"sunnyshop211\",\"potentialAction\":[{\"@type\":\"SearchAction\",\"target\":{\"@type\":\"EntryPoint\",\"urlTemplate\":\"https:\\\/\\\/www.sunnyshop211.com\\\/?s={search_term_string}\"},\"query-input\":{\"@type\":\"PropertyValueSpecification\",\"valueRequired\":true,\"valueName\":\"search_term_string\"}}],\"inLanguage\":\"en-US\"},{\"@type\":\"Organization\",\"@id\":\"https:\\\/\\\/www.sunnyshop211.com\\\/#organization\",\"name\":\"sunnyshop211\",\"alternateName\":\"sunnyshop211 diorama bjd meuble miniature\",\"url\":\"https:\\\/\\\/www.sunnyshop211.com\\\/\",\"logo\":{\"@type\":\"ImageObject\",\"inLanguage\":\"en-US\",\"@id\":\"https:\\\/\\\/www.sunnyshop211.com\\\/#\\\/schema\\\/logo\\\/image\\\/\",\"url\":\"https:\\\/\\\/www.sunnyshop211.com\\\/wp-content\\\/uploads\\\/2022\\\/08\\\/cropped-cropped-cropped-Sunnyshop211-1.png\",\"contentUrl\":\"https:\\\/\\\/www.sunnyshop211.com\\\/wp-content\\\/uploads\\\/2022\\\/08\\\/cropped-cropped-cropped-Sunnyshop211-1.png\",\"width\":339,\"height\":339,\"caption\":\"sunnyshop211\"},\"image\":{\"@id\":\"https:\\\/\\\/www.sunnyshop211.com\\\/#\\\/schema\\\/logo\\\/image\\\/\"},\"sameAs\":[\"https:\\\/\\\/www.facebook.com\\\/sunnyshop211\\\/?ref=bookmarks\",\"https:\\\/\\\/x.com\\\/sunnyshop211\",\"https:\\\/\\\/www.instagram.com\\\/sunnyshop211\\\/\",\"https:\\\/\\\/www.tumblr.com\\\/blog\\\/sunnyshop211\",\"https:\\\/\\\/www.youtube.com\\\/channel\\\/UCtYY18OGGDKrTSzgcf7fCBg\",\"https:\\\/\\\/www.tiktok.com\\\/@sunnydollshop211?is_from_webapp=1&sender_device=pc\"]}]}<\/script>\n<!-- \/ Yoast SEO plugin. -->","yoast_head_json":{"title":"Miniature chest of drawers 1\/4 diorama bjd minifee MSD dolls -","description":"Miniature 1\/4 diorama chest bjd minifee MSD dolls. This modern chest features removable drawers perfect for staging.","robots":{"index":"index","follow":"follow","max-snippet":"max-snippet:-1","max-image-preview":"max-image-preview:large","max-video-preview":"max-video-preview:-1"},"canonical":"https:\/\/www.sunnyshop211.com\/en\/product\/commode-miniature-1-4-diorama-bjd-minifee-msd-dolls\/","og_locale":"en_US","og_type":"article","og_title":"Commode miniature 1\/4 diorama bjd minifee MSD dolls -","og_description":"Commode miniature 1\/4 diorama bjd minifee MSD dolls. cette commode moderne est munie de tiroirs amovibles parfait pour vos mises en sc\u00e8nes.","og_url":"https:\/\/www.sunnyshop211.com\/en\/product\/commode-miniature-1-4-diorama-bjd-minifee-msd-dolls\/","og_site_name":"Sunnyshop211 -Vente de dioramas, meubles, miniatures , bjd poup\u00e9es 1\/12 1\/8 1\/6 1\/4 1\/3","article_publisher":"https:\/\/www.facebook.com\/sunnyshop211\/?ref=bookmarks","article_modified_time":"2026-02-09T13:53:08+00:00","og_image":[{"width":1611,"height":2560,"url":"https:\/\/www.sunnyshop211.com\/wp-content\/uploads\/2020\/02\/chlo-16-scaled.jpg","type":"image\/jpeg"}],"twitter_card":"summary_large_image","twitter_site":"@sunnyshop211","twitter_misc":{"Est. reading time":"2 minutes"},"schema":{"@context":"https:\/\/schema.org","@graph":[{"@type":"WebPage","@id":"https:\/\/www.sunnyshop211.com\/produit\/commode-miniature-1-4-diorama-bjd-minifee-msd-dolls\/","url":"https:\/\/www.sunnyshop211.com\/produit\/commode-miniature-1-4-diorama-bjd-minifee-msd-dolls\/","name":"Miniature chest of drawers 1\/4 diorama bjd minifee MSD dolls -","isPartOf":{"@id":"https:\/\/www.sunnyshop211.com\/#website"},"primaryImageOfPage":{"@id":"https:\/\/www.sunnyshop211.com\/produit\/commode-miniature-1-4-diorama-bjd-minifee-msd-dolls\/#primaryimage"},"image":{"@id":"https:\/\/www.sunnyshop211.com\/produit\/commode-miniature-1-4-diorama-bjd-minifee-msd-dolls\/#primaryimage"},"thumbnailUrl":"https:\/\/www.sunnyshop211.com\/wp-content\/uploads\/2020\/02\/chlo-16-scaled.jpg","datePublished":"2020-02-04T16:15:57+00:00","dateModified":"2026-02-09T13:53:08+00:00","description":"Miniature 1\/4 diorama chest bjd minifee MSD dolls. This modern chest features removable drawers perfect for staging.","breadcrumb":{"@id":"https:\/\/www.sunnyshop211.com\/produit\/commode-miniature-1-4-diorama-bjd-minifee-msd-dolls\/#breadcrumb"},"inLanguage":"en-US","potentialAction":[{"@type":"ReadAction","target":["https:\/\/www.sunnyshop211.com\/produit\/commode-miniature-1-4-diorama-bjd-minifee-msd-dolls\/"]}]},{"@type":"ImageObject","inLanguage":"en-US","@id":"https:\/\/www.sunnyshop211.com\/produit\/commode-miniature-1-4-diorama-bjd-minifee-msd-dolls\/#primaryimage","url":"https:\/\/www.sunnyshop211.com\/wp-content\/uploads\/2020\/02\/chlo-16-scaled.jpg","contentUrl":"https:\/\/www.sunnyshop211.com\/wp-content\/uploads\/2020\/02\/chlo-16-scaled.jpg","width":1611,"height":2560,"caption":"Commode miniature 1\/4 minifee"},{"@type":"BreadcrumbList","@id":"https:\/\/www.sunnyshop211.com\/produit\/commode-miniature-1-4-diorama-bjd-minifee-msd-dolls\/#breadcrumb","itemListElement":[{"@type":"ListItem","position":1,"name":"Accueil","item":"https:\/\/www.sunnyshop211.com\/"},{"@type":"ListItem","position":2,"name":"Boutique","item":"https:\/\/www.sunnyshop211.com\/boutique-miniature-bjd-dolls\/"},{"@type":"ListItem","position":3,"name":"Commode miniature 1\/4 diorama bjd minifee MSD dolls"}]},{"@type":"WebSite","@id":"https:\/\/www.sunnyshop211.com\/#website","url":"https:\/\/www.sunnyshop211.com\/","name":"Sale of dioramas, furniture, miniatures, bjd dolls 1\/12 1\/8 1\/6 1\/4 1\/3","description":"Sunnyshop211 - Your miniature world for dolls and BJDs, dioramas and custom-made furniture!","publisher":{"@id":"https:\/\/www.sunnyshop211.com\/#organization"},"alternateName":"sunnyshop211","potentialAction":[{"@type":"SearchAction","target":{"@type":"EntryPoint","urlTemplate":"https:\/\/www.sunnyshop211.com\/?s={search_term_string}"},"query-input":{"@type":"PropertyValueSpecification","valueRequired":true,"valueName":"search_term_string"}}],"inLanguage":"en-US"},{"@type":"Organization","@id":"https:\/\/www.sunnyshop211.com\/#organization","name":"sunnyshop211","alternateName":"sunnyshop211 diorama bjd meuble miniature","url":"https:\/\/www.sunnyshop211.com\/","logo":{"@type":"ImageObject","inLanguage":"en-US","@id":"https:\/\/www.sunnyshop211.com\/#\/schema\/logo\/image\/","url":"https:\/\/www.sunnyshop211.com\/wp-content\/uploads\/2022\/08\/cropped-cropped-cropped-Sunnyshop211-1.png","contentUrl":"https:\/\/www.sunnyshop211.com\/wp-content\/uploads\/2022\/08\/cropped-cropped-cropped-Sunnyshop211-1.png","width":339,"height":339,"caption":"sunnyshop211"},"image":{"@id":"https:\/\/www.sunnyshop211.com\/#\/schema\/logo\/image\/"},"sameAs":["https:\/\/www.facebook.com\/sunnyshop211\/?ref=bookmarks","https:\/\/x.com\/sunnyshop211","https:\/\/www.instagram.com\/sunnyshop211\/","https:\/\/www.tumblr.com\/blog\/sunnyshop211","https:\/\/www.youtube.com\/channel\/UCtYY18OGGDKrTSzgcf7fCBg","https:\/\/www.tiktok.com\/@sunnydollshop211?is_from_webapp=1&sender_device=pc"]}]}},"jetpack_publicize_connections":[],"jetpack_sharing_enabled":true,"_links":{"self":[{"href":"https:\/\/www.sunnyshop211.com\/en\/wp-json\/wp\/v2\/product\/13237","targetHints":{"allow":["GET"]}}],"collection":[{"href":"https:\/\/www.sunnyshop211.com\/en\/wp-json\/wp\/v2\/product"}],"about":[{"href":"https:\/\/www.sunnyshop211.com\/en\/wp-json\/wp\/v2\/types\/product"}],"replies":[{"embeddable":true,"href":"https:\/\/www.sunnyshop211.com\/en\/wp-json\/wp\/v2\/comments?post=13237"}],"version-history":[{"count":10,"href":"https:\/\/www.sunnyshop211.com\/en\/wp-json\/wp\/v2\/product\/13237\/revisions"}],"predecessor-version":[{"id":54982,"href":"https:\/\/www.sunnyshop211.com\/en\/wp-json\/wp\/v2\/product\/13237\/revisions\/54982"}],"wp:featuredmedia":[{"embeddable":true,"href":"https:\/\/www.sunnyshop211.com\/en\/wp-json\/wp\/v2\/media\/12986"}],"wp:attachment":[{"href":"https:\/\/www.sunnyshop211.com\/en\/wp-json\/wp\/v2\/media?parent=13237"}],"wp:term":[{"taxonomy":"product_brand","embeddable":true,"href":"https:\/\/www.sunnyshop211.com\/en\/wp-json\/wp\/v2\/product_brand?post=13237"},{"taxonomy":"product_cat","embeddable":true,"href":"https:\/\/www.sunnyshop211.com\/en\/wp-json\/wp\/v2\/product_cat?post=13237"},{"taxonomy":"product_tag","embeddable":true,"href":"https:\/\/www.sunnyshop211.com\/en\/wp-json\/wp\/v2\/product_tag?post=13237"}],"curies":[{"name":"wp","href":"https:\/\/api.w.org\/{rel}","templated":true}]}}