{"id":11142,"date":"2019-12-02T10:55:00","date_gmt":"2019-12-02T09:55:00","guid":{"rendered":"https:\/\/sunnyshop211.com\/?post_type=product&#038;p=11142"},"modified":"2025-12-26T19:22:34","modified_gmt":"2025-12-26T18:22:34","slug":"diorama-miniature-1-6-style-chinois-japonais","status":"publish","type":"product","link":"https:\/\/www.sunnyshop211.com\/en\/product\/diorama-miniature-1-6-style-chinois-japonais\/","title":{"rendered":"Miniature diorama 1\/6 - Chinese \/ Japanese style"},"content":{"rendered":"<div id='gallery-1' class='gallery galleryid-11142 gallery-columns-3 gallery-size-thumbnail'><figure class='gallery-item'>\n\t\t\t<div class='gallery-icon landscape'>\n\t\t\t\t<a href='https:\/\/www.sunnyshop211.com\/en\/?attachment_id=35625'><img decoding=\"async\" width=\"150\" height=\"150\" src=\"https:\/\/www.sunnyshop211.com\/wp-content\/uploads\/2019\/12\/fene^tre-7-150x150.jpg\" class=\"attachment-thumbnail size-thumbnail\" alt=\"\" srcset=\"https:\/\/www.sunnyshop211.com\/wp-content\/uploads\/2019\/12\/fene^tre-7-150x150.jpg 150w, https:\/\/www.sunnyshop211.com\/wp-content\/uploads\/2019\/12\/fene^tre-7-500x500.jpg 500w, https:\/\/www.sunnyshop211.com\/wp-content\/uploads\/2019\/12\/fene^tre-7-100x100.jpg 100w\" sizes=\"(max-width: 150px) 100vw, 150px\" \/><\/a>\n\t\t\t<\/div><\/figure><figure class='gallery-item'>\n\t\t\t<div class='gallery-icon landscape'>\n\t\t\t\t<a href='https:\/\/www.sunnyshop211.com\/en\/?attachment_id=3655'><img decoding=\"async\" width=\"150\" height=\"150\" src=\"https:\/\/www.sunnyshop211.com\/wp-content\/uploads\/2019\/02\/PSX_20190201_195845-scaled-150x150.jpg\" class=\"attachment-thumbnail size-thumbnail\" alt=\"Diorama 1\/6 chinois\" srcset=\"https:\/\/www.sunnyshop211.com\/wp-content\/uploads\/2019\/02\/PSX_20190201_195845-scaled-150x150.jpg 150w, https:\/\/www.sunnyshop211.com\/wp-content\/uploads\/2019\/02\/PSX_20190201_195845-scaled-500x500.jpg 500w, https:\/\/www.sunnyshop211.com\/wp-content\/uploads\/2019\/02\/PSX_20190201_195845-100x100.jpg 100w\" sizes=\"(max-width: 150px) 100vw, 150px\" \/><\/a>\n\t\t\t<\/div><\/figure><figure class='gallery-item'>\n\t\t\t<div class='gallery-icon landscape'>\n\t\t\t\t<a href='https:\/\/www.sunnyshop211.com\/en\/?attachment_id=3650'><img decoding=\"async\" width=\"150\" height=\"150\" src=\"https:\/\/www.sunnyshop211.com\/wp-content\/uploads\/2019\/02\/20190201_195424-scaled-150x150.jpg\" class=\"attachment-thumbnail size-thumbnail\" alt=\"\" srcset=\"https:\/\/www.sunnyshop211.com\/wp-content\/uploads\/2019\/02\/20190201_195424-scaled-150x150.jpg 150w, https:\/\/www.sunnyshop211.com\/wp-content\/uploads\/2019\/02\/20190201_195424-scaled-500x500.jpg 500w, https:\/\/www.sunnyshop211.com\/wp-content\/uploads\/2019\/02\/20190201_195424-100x100.jpg 100w, https:\/\/www.sunnyshop211.com\/wp-content\/uploads\/2019\/02\/20190201_195424-300x300.jpg 300w\" sizes=\"(max-width: 150px) 100vw, 150px\" \/><\/a>\n\t\t\t<\/div><\/figure><figure class='gallery-item'>\n\t\t\t<div class='gallery-icon portrait'>\n\t\t\t\t<a href='https:\/\/www.sunnyshop211.com\/en\/?attachment_id=3658'><img loading=\"lazy\" decoding=\"async\" width=\"150\" height=\"150\" src=\"https:\/\/www.sunnyshop211.com\/wp-content\/uploads\/2019\/02\/20190201_200136-150x150.jpg\" class=\"attachment-thumbnail size-thumbnail\" alt=\"Diorama 1\/6 chinois\" srcset=\"https:\/\/www.sunnyshop211.com\/wp-content\/uploads\/2019\/02\/20190201_200136-150x150.jpg 150w, https:\/\/www.sunnyshop211.com\/wp-content\/uploads\/2019\/02\/20190201_200136-500x500.jpg 500w, https:\/\/www.sunnyshop211.com\/wp-content\/uploads\/2019\/02\/20190201_200136-100x100.jpg 100w, https:\/\/www.sunnyshop211.com\/wp-content\/uploads\/2019\/02\/20190201_200136-300x300.jpg 300w\" sizes=\"(max-width: 150px) 100vw, 150px\" \/><\/a>\n\t\t\t<\/div><\/figure><figure class='gallery-item'>\n\t\t\t<div class='gallery-icon landscape'>\n\t\t\t\t<a href='https:\/\/www.sunnyshop211.com\/en\/?attachment_id=3648'><img loading=\"lazy\" decoding=\"async\" width=\"150\" height=\"150\" src=\"https:\/\/www.sunnyshop211.com\/wp-content\/uploads\/2019\/02\/1549047058549-486-150x150.jpg\" class=\"attachment-thumbnail size-thumbnail\" alt=\"Canap\u00e9 miniature 1\/6 diorama\" srcset=\"https:\/\/www.sunnyshop211.com\/wp-content\/uploads\/2019\/02\/1549047058549-486-150x150.jpg 150w, https:\/\/www.sunnyshop211.com\/wp-content\/uploads\/2019\/02\/1549047058549-486-500x500.jpg 500w, https:\/\/www.sunnyshop211.com\/wp-content\/uploads\/2019\/02\/1549047058549-486-100x100.jpg 100w, https:\/\/www.sunnyshop211.com\/wp-content\/uploads\/2019\/02\/1549047058549-486-300x300.jpg 300w\" sizes=\"(max-width: 150px) 100vw, 150px\" \/><\/a>\n\t\t\t<\/div><\/figure>\n\t\t<\/div>\n\n<h2 data-start=\"100\" data-end=\"153\">Miniature diorama 1\/6 - Chinese \/ Japanese style<\/h2>\n<p data-start=\"154\" data-end=\"218\">LittleFee, Barbie, Blythe, Pullip, Fashion Royalty, Poppy Parker<\/p>\n<p data-start=\"220\" data-end=\"481\">This <strong data-start=\"223\" data-end=\"248\">miniature diorama 1\/6<\/strong> is ideal for creating <strong data-start=\"274\" data-end=\"335\">stagings inspired by the Chinese and Japanese worlds<\/strong>. Perfect for dolls <strong data-start=\"372\" data-end=\"440\">LittleFee, Barbie, Blythe, Pullip, Fashion Royalty, Poppy Parker<\/strong> and other dolls of equivalent size.<\/p>\n<hr data-start=\"483\" data-end=\"486\" \/>\n<h3 data-start=\"488\" data-end=\"505\">\ud83d\udcd0 Dimensions<\/h3>\n<ul data-start=\"507\" data-end=\"581\">\n<li data-start=\"507\" data-end=\"530\">\n<p data-start=\"509\" data-end=\"530\"><strong data-start=\"509\" data-end=\"522\">Width :<\/strong> 37 cm<\/p>\n<\/li>\n<li data-start=\"531\" data-end=\"557\">\n<p data-start=\"533\" data-end=\"557\"><strong data-start=\"533\" data-end=\"549\">Depth :<\/strong> 50 cm<\/p>\n<\/li>\n<li data-start=\"558\" data-end=\"581\">\n<p data-start=\"560\" data-end=\"581\"><strong data-start=\"560\" data-end=\"573\">Height :<\/strong> 40 cm<\/p>\n<\/li>\n<\/ul>\n<hr data-start=\"583\" data-end=\"586\" \/>\n<h3 data-start=\"588\" data-end=\"633\">\ud83c\udfef Basic model composition (3 walls)<\/h3>\n<p data-start=\"635\" data-end=\"656\">This diorama includes :<\/p>\n<ul data-start=\"658\" data-end=\"953\">\n<li data-start=\"658\" data-end=\"676\">\n<p data-start=\"660\" data-end=\"676\"><strong data-start=\"660\" data-end=\"676\">An engraved floor<\/strong><\/p>\n<\/li>\n<li data-start=\"677\" data-end=\"807\">\n<p data-start=\"679\" data-end=\"807\"><strong data-start=\"679\" data-end=\"714\">A wooden sliding window<\/strong> composed of <strong data-start=\"727\" data-end=\"741\">4 panels<\/strong><br data-start=\"741\" data-end=\"744\" \/>Window dimensions : <strong data-start=\"773\" data-end=\"807\">17 cm wide x 35 cm high<\/strong><\/p>\n<\/li>\n<li data-start=\"808\" data-end=\"885\">\n<p data-start=\"810\" data-end=\"885\">Visit <strong data-start=\"814\" data-end=\"850\">windows slide and open<\/strong>, for realistic staging<\/p>\n<\/li>\n<li data-start=\"886\" data-end=\"953\">\n<p data-start=\"888\" data-end=\"953\">Diorama <strong data-start=\"896\" data-end=\"910\">reversible<\/strong> 2 possible moods with a single decor<\/p>\n<\/li>\n<\/ul>\n<p data-start=\"955\" data-end=\"1062\">\u26a0\ufe0f <strong data-start=\"958\" data-end=\"980\">Unpainted version<\/strong> :<br data-start=\"982\" data-end=\"985\" \/>Flooring and decorative leaves for windows <strong data-start=\"1038\" data-end=\"1061\">not supplied<\/strong>.<\/p>\n<hr data-start=\"1064\" data-end=\"1067\" \/>\n<h3 data-start=\"1069\" data-end=\"1104\">\ud83c\udfa8 Finishes &amp; customization<\/h3>\n<ul data-start=\"1106\" data-end=\"1302\">\n<li data-start=\"1106\" data-end=\"1153\">\n<p data-start=\"1108\" data-end=\"1153\">The diorama is delivered <strong data-start=\"1129\" data-end=\"1153\">painted but not mounted<\/strong><\/p>\n<\/li>\n<li data-start=\"1154\" data-end=\"1248\">\n<p data-start=\"1156\" data-end=\"1248\">On request, the <strong data-start=\"1179\" data-end=\"1212\">exterior wall can be painted<\/strong> in the same shade as the interior<\/p>\n<\/li>\n<li data-start=\"1249\" data-end=\"1302\">\n<p data-start=\"1251\" data-end=\"1302\">Colors can be customized to suit your needs<\/p>\n<\/li>\n<\/ul>\n<hr data-start=\"1304\" data-end=\"1307\" \/>\n<h3 data-start=\"1309\" data-end=\"1344\">\ud83e\uddf8 Further information<\/h3>\n<ul data-start=\"1346\" data-end=\"1539\">\n<li data-start=\"1346\" data-end=\"1413\">\n<p data-start=\"1348\" data-end=\"1413\"><strong data-start=\"1348\" data-end=\"1377\">Only the diorama sold<\/strong> (furniture and accessories not included)<\/p>\n<\/li>\n<li data-start=\"1414\" data-end=\"1482\">\n<p data-start=\"1416\" data-end=\"1482\">Compatible with my <strong data-start=\"1436\" data-end=\"1482\">furniture sold separately in the store<\/strong><\/p>\n<\/li>\n<li data-start=\"1483\" data-end=\"1539\">\n<p data-start=\"1485\" data-end=\"1539\">Perfect for your <strong data-start=\"1502\" data-end=\"1539\">staging, roombox and photos<\/strong><\/p>\n<\/li>\n<\/ul>\n<hr data-start=\"1541\" data-end=\"1544\" \/>\n<h3 data-start=\"1546\" data-end=\"1576\">\ud83d\udee0\ufe0f Craft manufacturing<\/h3>\n<p data-start=\"1578\" data-end=\"1760\">Creation <strong data-start=\"1587\" data-end=\"1623\">handcrafted to order<\/strong>.<br data-start=\"1624\" data-end=\"1627\" \/>Slight variations in shape, color or small imperfections may occur, which is part of the charm of handmade products.<\/p>\n<hr data-start=\"1762\" data-end=\"1765\" \/>\n<h3 data-start=\"1767\" data-end=\"1794\">\ud83d\ude9a Order &amp; delivery<\/h3>\n<ul data-start=\"1796\" data-end=\"1967\">\n<li data-start=\"1796\" data-end=\"1830\">\n<p data-start=\"1798\" data-end=\"1830\">Article <strong data-start=\"1806\" data-end=\"1830\">made to order<\/strong><\/p>\n<\/li>\n<li data-start=\"1831\" data-end=\"1967\">\n<p data-start=\"1833\" data-end=\"1967\">Please note <strong data-start=\"1859\" data-end=\"1900\">manufacturing and delivery times<\/strong><br data-start=\"1900\" data-end=\"1903\" \/><em data-start=\"1905\" data-end=\"1967\">(see General terms of sale and delivery times)<\/em><\/p>\n<\/li>\n<\/ul>\n<p data-start=\"1969\" data-end=\"2035\">I am not responsible for any damage in transit.<\/p>\n<hr data-start=\"2037\" data-end=\"2040\" \/>\n<h3 data-start=\"2042\" data-end=\"2073\">\u26a0\ufe0f Important information<\/h3>\n<ul data-start=\"2075\" data-end=\"2197\">\n<li data-start=\"2075\" data-end=\"2104\">\n<p data-start=\"2077\" data-end=\"2104\"><strong data-start=\"2077\" data-end=\"2104\">This is not a toy<\/strong><\/p>\n<\/li>\n<li data-start=\"2105\" data-end=\"2145\">\n<p data-start=\"2107\" data-end=\"2145\">Article for a <strong data-start=\"2128\" data-end=\"2145\">adult audience<\/strong><\/p>\n<\/li>\n<li data-start=\"2146\" data-end=\"2197\">\n<p data-start=\"2148\" data-end=\"2197\">The photos are <strong data-start=\"2168\" data-end=\"2197\">examples of staging<\/strong><\/p>\n<\/li>\n<\/ul>\n<p data-start=\"2199\" data-end=\"2265\">\ud83d\udcf8 For more photos :<br data-start=\"2223\" data-end=\"2226\" \/><a class=\"decorated-link\" href=\"https:\/\/www.instagram.com\/sunnyshop211\/\" target=\"_new\" rel=\"noopener\" data-start=\"2226\" data-end=\"2265\">https:\/\/www.instagram.com\/sunnyshop211\/<\/a><\/p>\n<p>&nbsp;<\/p>","protected":false},"excerpt":{"rendered":"<p>Diorama miniature 1\/6 \u2013 Style chinois \/ japonais LittleFee, Barbie, Blythe, Pullip, Fashion Royalty, Poppy Parker Ce diorama miniature 1\/6 est id\u00e9al pour cr\u00e9er des mises en sc\u00e8ne inspir\u00e9es de l\u2019univers chinois et japonais. Il convient parfaitement aux dolls LittleFee, Barbie, Blythe, Pullip, Fashion Royalty, Poppy Parker et autres poup\u00e9es de taille \u00e9quivalente. \ud83d\udcd0 Dimensions [&hellip;]<\/p>\n","protected":false},"featured_media":35625,"comment_status":"open","ping_status":"closed","template":"","meta":{"_crdt_document":"","jetpack_post_was_ever_published":false,"jetpack_publicize_message":"","jetpack_publicize_feature_enabled":true,"jetpack_social_post_already_shared":true,"jetpack_social_options":{"image_generator_settings":{"template":"highway","default_image_id":0,"font":"","enabled":false},"version":2}},"product_brand":[],"product_cat":[667684706],"product_tag":[667681278,667681143,667681136,667681284,667681142,667681234,667681233,667681348,667681236,667681280,667684712,667681277,667681235],"class_list":{"0":"post-11142","1":"product","2":"type-product","3":"status-publish","4":"has-post-thumbnail","6":"product_cat-diorama-1-6","7":"product_tag-barbie","8":"product_tag-bedroom","9":"product_tag-bjd","10":"product_tag-blythe","11":"product_tag-chambre","12":"product_tag-diorama","13":"product_tag-dollhouse","14":"product_tag-fashion-royalty","15":"product_tag-maison-de-poupee","16":"product_tag-phicen","17":"product_tag-poppy-parker","18":"product_tag-pullip","19":"product_tag-roombox","20":"product_shipping_class-colissimo-7","21":"pa_couleur-beige","22":"pa_couleur-blanc","23":"pa_couleur-bleu","24":"pa_couleur-custom","25":"pa_couleur-gris","26":"pa_couleur-noir","27":"pa_couleur-non-peint","28":"pa_couleur-rose","30":"first","31":"instock","32":"taxable","33":"shipping-taxable","34":"purchasable","35":"product-type-variable"},"yoast_head":"<!-- This site is optimized with the Yoast SEO plugin v27.4 - https:\/\/yoast.com\/product\/yoast-seo-wordpress\/ -->\n<title>Diorama miniature 1\/6 \u2013 Style chinois \/ japonais -<\/title>\n<meta name=\"description\" content=\"Diorama miniature 1\/6 \u2013 Style chinois \/ japonais , pour littlefee, Barbie, blythe, pullip, fashion royalty, poppy parker. Id\u00e9al pour vos mises en sc\u00e8nes\" \/>\n<meta name=\"robots\" content=\"index, follow, max-snippet:-1, max-image-preview:large, max-video-preview:-1\" \/>\n<link rel=\"canonical\" href=\"https:\/\/www.sunnyshop211.com\/en\/product\/diorama-miniature-1-6-style-chinois-japonais\/\" \/>\n<meta property=\"og:locale\" content=\"en_US\" \/>\n<meta property=\"og:type\" content=\"article\" \/>\n<meta property=\"og:title\" content=\"Diorama miniature 1\/6 \u2013 Style chinois \/ japonais -\" \/>\n<meta property=\"og:description\" content=\"Diorama miniature 1\/6 \u2013 Style chinois \/ japonais , pour littlefee, Barbie, blythe, pullip, fashion royalty, poppy parker. Id\u00e9al pour vos mises en sc\u00e8nes\" \/>\n<meta property=\"og:url\" content=\"https:\/\/www.sunnyshop211.com\/en\/product\/diorama-miniature-1-6-style-chinois-japonais\/\" \/>\n<meta property=\"og:site_name\" content=\"Sunnyshop211 -Vente de dioramas, meubles, miniatures , bjd poup\u00e9es 1\/12 1\/8 1\/6 1\/4 1\/3\" \/>\n<meta property=\"article:publisher\" content=\"https:\/\/www.facebook.com\/sunnyshop211\/?ref=bookmarks\" \/>\n<meta property=\"article:modified_time\" content=\"2025-12-26T18:22:34+00:00\" \/>\n<meta property=\"og:image\" content=\"https:\/\/www.sunnyshop211.com\/wp-content\/uploads\/2019\/12\/fenetre-7.jpg\" \/>\n\t<meta property=\"og:image:width\" content=\"793\" \/>\n\t<meta property=\"og:image:height\" content=\"609\" \/>\n\t<meta property=\"og:image:type\" content=\"image\/jpeg\" \/>\n<meta name=\"twitter:card\" content=\"summary_large_image\" \/>\n<meta name=\"twitter:site\" content=\"@sunnyshop211\" \/>\n<meta name=\"twitter:label1\" content=\"Est. reading time\" \/>\n\t<meta name=\"twitter:data1\" content=\"2 minutes\" \/>\n<script type=\"application\/ld+json\" class=\"yoast-schema-graph\">{\"@context\":\"https:\\\/\\\/schema.org\",\"@graph\":[{\"@type\":\"WebPage\",\"@id\":\"https:\\\/\\\/www.sunnyshop211.com\\\/produit\\\/diorama-miniature-1-6-style-chinois-japonais\\\/\",\"url\":\"https:\\\/\\\/www.sunnyshop211.com\\\/produit\\\/diorama-miniature-1-6-style-chinois-japonais\\\/\",\"name\":\"Diorama miniature 1\\\/6 \u2013 Style chinois \\\/ japonais -\",\"isPartOf\":{\"@id\":\"https:\\\/\\\/www.sunnyshop211.com\\\/#website\"},\"primaryImageOfPage\":{\"@id\":\"https:\\\/\\\/www.sunnyshop211.com\\\/produit\\\/diorama-miniature-1-6-style-chinois-japonais\\\/#primaryimage\"},\"image\":{\"@id\":\"https:\\\/\\\/www.sunnyshop211.com\\\/produit\\\/diorama-miniature-1-6-style-chinois-japonais\\\/#primaryimage\"},\"thumbnailUrl\":\"https:\\\/\\\/www.sunnyshop211.com\\\/wp-content\\\/uploads\\\/2019\\\/12\\\/fene^tre-7.jpg\",\"datePublished\":\"2019-12-02T09:55:00+00:00\",\"dateModified\":\"2025-12-26T18:22:34+00:00\",\"description\":\"Diorama miniature 1\\\/6 \u2013 Style chinois \\\/ japonais , pour littlefee, Barbie, blythe, pullip, fashion royalty, poppy parker. Id\u00e9al pour vos mises en sc\u00e8nes\",\"breadcrumb\":{\"@id\":\"https:\\\/\\\/www.sunnyshop211.com\\\/produit\\\/diorama-miniature-1-6-style-chinois-japonais\\\/#breadcrumb\"},\"inLanguage\":\"en-US\",\"potentialAction\":[{\"@type\":\"ReadAction\",\"target\":[\"https:\\\/\\\/www.sunnyshop211.com\\\/produit\\\/diorama-miniature-1-6-style-chinois-japonais\\\/\"]}]},{\"@type\":\"ImageObject\",\"inLanguage\":\"en-US\",\"@id\":\"https:\\\/\\\/www.sunnyshop211.com\\\/produit\\\/diorama-miniature-1-6-style-chinois-japonais\\\/#primaryimage\",\"url\":\"https:\\\/\\\/www.sunnyshop211.com\\\/wp-content\\\/uploads\\\/2019\\\/12\\\/fene^tre-7.jpg\",\"contentUrl\":\"https:\\\/\\\/www.sunnyshop211.com\\\/wp-content\\\/uploads\\\/2019\\\/12\\\/fene^tre-7.jpg\",\"width\":793,\"height\":609},{\"@type\":\"BreadcrumbList\",\"@id\":\"https:\\\/\\\/www.sunnyshop211.com\\\/produit\\\/diorama-miniature-1-6-style-chinois-japonais\\\/#breadcrumb\",\"itemListElement\":[{\"@type\":\"ListItem\",\"position\":1,\"name\":\"Accueil\",\"item\":\"https:\\\/\\\/www.sunnyshop211.com\\\/\"},{\"@type\":\"ListItem\",\"position\":2,\"name\":\"Boutique\",\"item\":\"https:\\\/\\\/www.sunnyshop211.com\\\/boutique-miniature-bjd-dolls\\\/\"},{\"@type\":\"ListItem\",\"position\":3,\"name\":\"Diorama miniature 1\\\/6 \u2013 Style chinois \\\/ japonais\"}]},{\"@type\":\"WebSite\",\"@id\":\"https:\\\/\\\/www.sunnyshop211.com\\\/#website\",\"url\":\"https:\\\/\\\/www.sunnyshop211.com\\\/\",\"name\":\"Vente de dioramas, meubles, miniatures , bjd poup\u00e9es 1\\\/12 1\\\/8 1\\\/6 1\\\/4 1\\\/3\",\"description\":\"Sunnyshop211 - Votre univers miniature pour poup\u00e9es et BJD, dioramas et meubles sur mesure !\",\"publisher\":{\"@id\":\"https:\\\/\\\/www.sunnyshop211.com\\\/#organization\"},\"alternateName\":\"sunnyshop211\",\"potentialAction\":[{\"@type\":\"SearchAction\",\"target\":{\"@type\":\"EntryPoint\",\"urlTemplate\":\"https:\\\/\\\/www.sunnyshop211.com\\\/?s={search_term_string}\"},\"query-input\":{\"@type\":\"PropertyValueSpecification\",\"valueRequired\":true,\"valueName\":\"search_term_string\"}}],\"inLanguage\":\"en-US\"},{\"@type\":\"Organization\",\"@id\":\"https:\\\/\\\/www.sunnyshop211.com\\\/#organization\",\"name\":\"sunnyshop211\",\"alternateName\":\"sunnyshop211 diorama bjd meuble miniature\",\"url\":\"https:\\\/\\\/www.sunnyshop211.com\\\/\",\"logo\":{\"@type\":\"ImageObject\",\"inLanguage\":\"en-US\",\"@id\":\"https:\\\/\\\/www.sunnyshop211.com\\\/#\\\/schema\\\/logo\\\/image\\\/\",\"url\":\"https:\\\/\\\/www.sunnyshop211.com\\\/wp-content\\\/uploads\\\/2022\\\/08\\\/cropped-cropped-cropped-Sunnyshop211-1.png\",\"contentUrl\":\"https:\\\/\\\/www.sunnyshop211.com\\\/wp-content\\\/uploads\\\/2022\\\/08\\\/cropped-cropped-cropped-Sunnyshop211-1.png\",\"width\":339,\"height\":339,\"caption\":\"sunnyshop211\"},\"image\":{\"@id\":\"https:\\\/\\\/www.sunnyshop211.com\\\/#\\\/schema\\\/logo\\\/image\\\/\"},\"sameAs\":[\"https:\\\/\\\/www.facebook.com\\\/sunnyshop211\\\/?ref=bookmarks\",\"https:\\\/\\\/x.com\\\/sunnyshop211\",\"https:\\\/\\\/www.instagram.com\\\/sunnyshop211\\\/\",\"https:\\\/\\\/www.tumblr.com\\\/blog\\\/sunnyshop211\",\"https:\\\/\\\/www.youtube.com\\\/channel\\\/UCtYY18OGGDKrTSzgcf7fCBg\",\"https:\\\/\\\/www.tiktok.com\\\/@sunnydollshop211?is_from_webapp=1&sender_device=pc\"]}]}<\/script>\n<!-- \/ Yoast SEO plugin. -->","yoast_head_json":{"title":"Miniature diorama 1\/6 - Chinese \/ Japanese style -","description":"Miniature diorama 1\/6 - Chinese\/Japanese style, for littlefee, Barbie, blythe, pullip, fashion royalty, poppy parker. Ideal for staging","robots":{"index":"index","follow":"follow","max-snippet":"max-snippet:-1","max-image-preview":"max-image-preview:large","max-video-preview":"max-video-preview:-1"},"canonical":"https:\/\/www.sunnyshop211.com\/en\/product\/diorama-miniature-1-6-style-chinois-japonais\/","og_locale":"en_US","og_type":"article","og_title":"Diorama miniature 1\/6 \u2013 Style chinois \/ japonais -","og_description":"Diorama miniature 1\/6 \u2013 Style chinois \/ japonais , pour littlefee, Barbie, blythe, pullip, fashion royalty, poppy parker. Id\u00e9al pour vos mises en sc\u00e8nes","og_url":"https:\/\/www.sunnyshop211.com\/en\/product\/diorama-miniature-1-6-style-chinois-japonais\/","og_site_name":"Sunnyshop211 -Vente de dioramas, meubles, miniatures , bjd poup\u00e9es 1\/12 1\/8 1\/6 1\/4 1\/3","article_publisher":"https:\/\/www.facebook.com\/sunnyshop211\/?ref=bookmarks","article_modified_time":"2025-12-26T18:22:34+00:00","og_image":[{"width":793,"height":609,"url":"https:\/\/www.sunnyshop211.com\/wp-content\/uploads\/2019\/12\/fene^tre-7.jpg","type":"image\/jpeg"}],"twitter_card":"summary_large_image","twitter_site":"@sunnyshop211","twitter_misc":{"Est. reading time":"2 minutes"},"schema":{"@context":"https:\/\/schema.org","@graph":[{"@type":"WebPage","@id":"https:\/\/www.sunnyshop211.com\/produit\/diorama-miniature-1-6-style-chinois-japonais\/","url":"https:\/\/www.sunnyshop211.com\/produit\/diorama-miniature-1-6-style-chinois-japonais\/","name":"Miniature diorama 1\/6 - Chinese \/ Japanese style -","isPartOf":{"@id":"https:\/\/www.sunnyshop211.com\/#website"},"primaryImageOfPage":{"@id":"https:\/\/www.sunnyshop211.com\/produit\/diorama-miniature-1-6-style-chinois-japonais\/#primaryimage"},"image":{"@id":"https:\/\/www.sunnyshop211.com\/produit\/diorama-miniature-1-6-style-chinois-japonais\/#primaryimage"},"thumbnailUrl":"https:\/\/www.sunnyshop211.com\/wp-content\/uploads\/2019\/12\/fene^tre-7.jpg","datePublished":"2019-12-02T09:55:00+00:00","dateModified":"2025-12-26T18:22:34+00:00","description":"Miniature diorama 1\/6 - Chinese\/Japanese style, for littlefee, Barbie, blythe, pullip, fashion royalty, poppy parker. Ideal for staging","breadcrumb":{"@id":"https:\/\/www.sunnyshop211.com\/produit\/diorama-miniature-1-6-style-chinois-japonais\/#breadcrumb"},"inLanguage":"en-US","potentialAction":[{"@type":"ReadAction","target":["https:\/\/www.sunnyshop211.com\/produit\/diorama-miniature-1-6-style-chinois-japonais\/"]}]},{"@type":"ImageObject","inLanguage":"en-US","@id":"https:\/\/www.sunnyshop211.com\/produit\/diorama-miniature-1-6-style-chinois-japonais\/#primaryimage","url":"https:\/\/www.sunnyshop211.com\/wp-content\/uploads\/2019\/12\/fene^tre-7.jpg","contentUrl":"https:\/\/www.sunnyshop211.com\/wp-content\/uploads\/2019\/12\/fene^tre-7.jpg","width":793,"height":609},{"@type":"BreadcrumbList","@id":"https:\/\/www.sunnyshop211.com\/produit\/diorama-miniature-1-6-style-chinois-japonais\/#breadcrumb","itemListElement":[{"@type":"ListItem","position":1,"name":"Accueil","item":"https:\/\/www.sunnyshop211.com\/"},{"@type":"ListItem","position":2,"name":"Boutique","item":"https:\/\/www.sunnyshop211.com\/boutique-miniature-bjd-dolls\/"},{"@type":"ListItem","position":3,"name":"Diorama miniature 1\/6 \u2013 Style chinois \/ japonais"}]},{"@type":"WebSite","@id":"https:\/\/www.sunnyshop211.com\/#website","url":"https:\/\/www.sunnyshop211.com\/","name":"Sale of dioramas, furniture, miniatures, bjd dolls 1\/12 1\/8 1\/6 1\/4 1\/3","description":"Sunnyshop211 - Your miniature world for dolls and BJDs, dioramas and custom-made furniture!","publisher":{"@id":"https:\/\/www.sunnyshop211.com\/#organization"},"alternateName":"sunnyshop211","potentialAction":[{"@type":"SearchAction","target":{"@type":"EntryPoint","urlTemplate":"https:\/\/www.sunnyshop211.com\/?s={search_term_string}"},"query-input":{"@type":"PropertyValueSpecification","valueRequired":true,"valueName":"search_term_string"}}],"inLanguage":"en-US"},{"@type":"Organization","@id":"https:\/\/www.sunnyshop211.com\/#organization","name":"sunnyshop211","alternateName":"sunnyshop211 diorama bjd meuble miniature","url":"https:\/\/www.sunnyshop211.com\/","logo":{"@type":"ImageObject","inLanguage":"en-US","@id":"https:\/\/www.sunnyshop211.com\/#\/schema\/logo\/image\/","url":"https:\/\/www.sunnyshop211.com\/wp-content\/uploads\/2022\/08\/cropped-cropped-cropped-Sunnyshop211-1.png","contentUrl":"https:\/\/www.sunnyshop211.com\/wp-content\/uploads\/2022\/08\/cropped-cropped-cropped-Sunnyshop211-1.png","width":339,"height":339,"caption":"sunnyshop211"},"image":{"@id":"https:\/\/www.sunnyshop211.com\/#\/schema\/logo\/image\/"},"sameAs":["https:\/\/www.facebook.com\/sunnyshop211\/?ref=bookmarks","https:\/\/x.com\/sunnyshop211","https:\/\/www.instagram.com\/sunnyshop211\/","https:\/\/www.tumblr.com\/blog\/sunnyshop211","https:\/\/www.youtube.com\/channel\/UCtYY18OGGDKrTSzgcf7fCBg","https:\/\/www.tiktok.com\/@sunnydollshop211?is_from_webapp=1&sender_device=pc"]}]}},"jetpack_publicize_connections":[],"jetpack_sharing_enabled":true,"_links":{"self":[{"href":"https:\/\/www.sunnyshop211.com\/en\/wp-json\/wp\/v2\/product\/11142","targetHints":{"allow":["GET"]}}],"collection":[{"href":"https:\/\/www.sunnyshop211.com\/en\/wp-json\/wp\/v2\/product"}],"about":[{"href":"https:\/\/www.sunnyshop211.com\/en\/wp-json\/wp\/v2\/types\/product"}],"replies":[{"embeddable":true,"href":"https:\/\/www.sunnyshop211.com\/en\/wp-json\/wp\/v2\/comments?post=11142"}],"version-history":[{"count":10,"href":"https:\/\/www.sunnyshop211.com\/en\/wp-json\/wp\/v2\/product\/11142\/revisions"}],"predecessor-version":[{"id":52965,"href":"https:\/\/www.sunnyshop211.com\/en\/wp-json\/wp\/v2\/product\/11142\/revisions\/52965"}],"wp:featuredmedia":[{"embeddable":true,"href":"https:\/\/www.sunnyshop211.com\/en\/wp-json\/wp\/v2\/media\/35625"}],"wp:attachment":[{"href":"https:\/\/www.sunnyshop211.com\/en\/wp-json\/wp\/v2\/media?parent=11142"}],"wp:term":[{"taxonomy":"product_brand","embeddable":true,"href":"https:\/\/www.sunnyshop211.com\/en\/wp-json\/wp\/v2\/product_brand?post=11142"},{"taxonomy":"product_cat","embeddable":true,"href":"https:\/\/www.sunnyshop211.com\/en\/wp-json\/wp\/v2\/product_cat?post=11142"},{"taxonomy":"product_tag","embeddable":true,"href":"https:\/\/www.sunnyshop211.com\/en\/wp-json\/wp\/v2\/product_tag?post=11142"}],"curies":[{"name":"wp","href":"https:\/\/api.w.org\/{rel}","templated":true}]}}