{"id":10978,"date":"2019-11-19T16:27:18","date_gmt":"2019-11-19T15:27:18","guid":{"rendered":"https:\/\/sunnyshop211.com\/?post_type=product&#038;p=10978"},"modified":"2025-12-27T11:58:34","modified_gmt":"2025-12-27T10:58:34","slug":"%f0%9f%8c%8aensemble-de-lit-ocean-bjd-bebe","status":"publish","type":"product","link":"https:\/\/www.sunnyshop211.com\/en\/product\/%f0%9f%8c%8aensemble-de-lit-ocean-bjd-bebe\/","title":{"rendered":"\ud83c\udf0aBJD baby ocean bed set"},"content":{"rendered":"<div id='gallery-1' class='gallery galleryid-10978 gallery-columns-3 gallery-size-thumbnail'><figure class='gallery-item'>\n\t\t\t<div class='gallery-icon landscape'>\n\t\t\t\t<a href='https:\/\/www.sunnyshop211.com\/en\/?attachment_id=10984'><img decoding=\"async\" width=\"150\" height=\"150\" src=\"https:\/\/www.sunnyshop211.com\/wp-content\/uploads\/2019\/11\/20191119_163201-scaled-150x150.jpg\" class=\"attachment-thumbnail size-thumbnail\" alt=\"Ensemble de lit oc\u00e9an bjd\" srcset=\"https:\/\/www.sunnyshop211.com\/wp-content\/uploads\/2019\/11\/20191119_163201-scaled-150x150.jpg 150w, https:\/\/www.sunnyshop211.com\/wp-content\/uploads\/2019\/11\/20191119_163201-scaled-500x500.jpg 500w, https:\/\/www.sunnyshop211.com\/wp-content\/uploads\/2019\/11\/20191119_163201-100x100.jpg 100w\" sizes=\"(max-width: 150px) 100vw, 150px\" \/><\/a>\n\t\t\t<\/div><\/figure><figure class='gallery-item'>\n\t\t\t<div class='gallery-icon portrait'>\n\t\t\t\t<a href='https:\/\/www.sunnyshop211.com\/en\/?attachment_id=10980'><img decoding=\"async\" width=\"150\" height=\"150\" src=\"https:\/\/www.sunnyshop211.com\/wp-content\/uploads\/2019\/11\/20191119_163120-150x150.jpg\" class=\"attachment-thumbnail size-thumbnail\" alt=\"\" srcset=\"https:\/\/www.sunnyshop211.com\/wp-content\/uploads\/2019\/11\/20191119_163120-150x150.jpg 150w, https:\/\/www.sunnyshop211.com\/wp-content\/uploads\/2019\/11\/20191119_163120-500x500.jpg 500w, https:\/\/www.sunnyshop211.com\/wp-content\/uploads\/2019\/11\/20191119_163120-100x100.jpg 100w\" sizes=\"(max-width: 150px) 100vw, 150px\" \/><\/a>\n\t\t\t<\/div><\/figure><figure class='gallery-item'>\n\t\t\t<div class='gallery-icon landscape'>\n\t\t\t\t<a href='https:\/\/www.sunnyshop211.com\/en\/?attachment_id=49687'><img decoding=\"async\" width=\"150\" height=\"150\" src=\"https:\/\/www.sunnyshop211.com\/wp-content\/uploads\/2019\/11\/1-150x150.jpg\" class=\"attachment-thumbnail size-thumbnail\" alt=\"\" srcset=\"https:\/\/www.sunnyshop211.com\/wp-content\/uploads\/2019\/11\/1-150x150.jpg 150w, https:\/\/www.sunnyshop211.com\/wp-content\/uploads\/2019\/11\/1-500x500.jpg 500w, https:\/\/www.sunnyshop211.com\/wp-content\/uploads\/2019\/11\/1-100x100.jpg 100w\" sizes=\"(max-width: 150px) 100vw, 150px\" \/><\/a>\n\t\t\t<\/div><\/figure><figure class='gallery-item'>\n\t\t\t<div class='gallery-icon portrait'>\n\t\t\t\t<a href='https:\/\/www.sunnyshop211.com\/en\/?attachment_id=10982'><img loading=\"lazy\" decoding=\"async\" width=\"150\" height=\"150\" src=\"https:\/\/www.sunnyshop211.com\/wp-content\/uploads\/2019\/11\/20191119_163211-150x150.jpg\" class=\"attachment-thumbnail size-thumbnail\" alt=\"\" srcset=\"https:\/\/www.sunnyshop211.com\/wp-content\/uploads\/2019\/11\/20191119_163211-150x150.jpg 150w, https:\/\/www.sunnyshop211.com\/wp-content\/uploads\/2019\/11\/20191119_163211-500x500.jpg 500w, https:\/\/www.sunnyshop211.com\/wp-content\/uploads\/2019\/11\/20191119_163211-100x100.jpg 100w\" sizes=\"(max-width: 150px) 100vw, 150px\" \/><\/a>\n\t\t\t<\/div><\/figure><figure class='gallery-item'>\n\t\t\t<div class='gallery-icon portrait'>\n\t\t\t\t<a href='https:\/\/www.sunnyshop211.com\/en\/?attachment_id=10981'><img loading=\"lazy\" decoding=\"async\" width=\"150\" height=\"150\" src=\"https:\/\/www.sunnyshop211.com\/wp-content\/uploads\/2019\/11\/20191119_163133-150x150.jpg\" class=\"attachment-thumbnail size-thumbnail\" alt=\"Ensemble de lit oc\u00e9an bjd\" srcset=\"https:\/\/www.sunnyshop211.com\/wp-content\/uploads\/2019\/11\/20191119_163133-150x150.jpg 150w, https:\/\/www.sunnyshop211.com\/wp-content\/uploads\/2019\/11\/20191119_163133-500x500.jpg 500w, https:\/\/www.sunnyshop211.com\/wp-content\/uploads\/2019\/11\/20191119_163133-100x100.jpg 100w\" sizes=\"(max-width: 150px) 100vw, 150px\" \/><\/a>\n\t\t\t<\/div><\/figure>\n\t\t<\/div>\n\n<h2 data-start=\"292\" data-end=\"310\">\ud83c\udf0aBJD baby ocean bed set<\/h2>\n<p data-start=\"221\" data-end=\"285\">Pukifee - Lati Yellow - Nappy Choo - Reborn - similar sizes<\/p>\n<hr data-start=\"287\" data-end=\"290\" \/>\n<h3 data-start=\"292\" data-end=\"310\">\ud83c\udf0a Description<\/h3>\n<p data-start=\"312\" data-end=\"534\">This miniature bed set <strong data-start=\"342\" data-end=\"357\">ocean theme<\/strong> is the perfect complement to a soft, soothing nursery.<br data-start=\"424\" data-end=\"427\" \/>Inspired by the marine world, it brings a serene, poetic atmosphere to your dioramas and stagings.<\/p>\n<hr data-start=\"536\" data-end=\"539\" \/>\n<h3 data-start=\"541\" data-end=\"561\">\ud83d\udc76 Compatibility<\/h3>\n<p data-start=\"563\" data-end=\"614\">The set adapts to <strong data-start=\"585\" data-end=\"613\">my miniature cribs<\/strong>.<\/p>\n<p data-start=\"616\" data-end=\"800\">Suitable for :<br data-start=\"631\" data-end=\"634\" \/>- BJD babies approx. <strong data-start=\"656\" data-end=\"665\">15 cm<\/strong> : Pukifee, Lati Yellow, Nappy Choo, BJD baby, mini reborn<br data-start=\"723\" data-end=\"726\" \/>- Mamans dolls au <strong data-start=\"744\" data-end=\"751\">1\/4<\/strong> Minifee, MSD (\u2248 42 cm) for staging<\/p>\n<hr data-start=\"802\" data-end=\"805\" \/>\n<h3 data-start=\"807\" data-end=\"840\">\ud83d\udecf\ufe0f Set composition<\/h3>\n<p data-start=\"842\" data-end=\"970\">The ocean bed set includes :<br data-start=\"876\" data-end=\"879\" \/>\u2022 <strong data-start=\"881\" data-end=\"898\">1 bed bumper<\/strong><br data-start=\"898\" data-end=\"901\" \/>\u2022 <strong data-start=\"903\" data-end=\"919\">1 cover<\/strong><br data-start=\"919\" data-end=\"922\" \/>\u2022 <strong data-start=\"924\" data-end=\"938\">1 pillow<\/strong><br data-start=\"938\" data-end=\"941\" \/>\u2022 <strong data-start=\"943\" data-end=\"970\">1 nursing pillow<\/strong><\/p>\n<hr data-start=\"972\" data-end=\"975\" \/>\n<h3 data-start=\"977\" data-end=\"1006\">\ud83e\udeb5 Handcrafted<\/h3>\n<p data-start=\"1008\" data-end=\"1222\">Made to order<br data-start=\"1028\" data-end=\"1031\" \/>Handcrafted :<br data-start=\"1055\" data-end=\"1058\" \/>slight variations in shape, color or finish may occur<br data-start=\"1134\" data-end=\"1137\" \/>Minor imperfections are part of the charm of handmade products.<\/p>\n<hr data-start=\"1224\" data-end=\"1227\" \/>\n<h3 data-start=\"1229\" data-end=\"1252\">\ud83c\udfe1 To be completed with<\/h3>\n<p data-start=\"1254\" data-end=\"1396\">In the store you will also find :<br data-start=\"1297\" data-end=\"1300\" \/>- Miniature cots<br data-start=\"1322\" data-end=\"1325\" \/>- Nursery furniture<br data-start=\"1342\" data-end=\"1345\" \/>- Matching ocean-themed decorations and accessories<\/p>\n<p data-start=\"1398\" data-end=\"1426\">(Items sold separately)<\/p>\n<hr data-start=\"1428\" data-end=\"1431\" \/>\n<h3 data-start=\"1433\" data-end=\"1464\">\u2139\ufe0f Important information<\/h3>\n<p data-start=\"1466\" data-end=\"1959\">- The photos are examples of staging<br data-start=\"1513\" data-end=\"1516\" \/>- Only bed set sold (bed, dolls and accessories not included)<br data-start=\"1591\" data-end=\"1594\" \/>- Compatible with my furniture sold separately in the store<br data-start=\"1658\" data-end=\"1661\" \/>- Other decorations are available in the store<br data-start=\"1719\" data-end=\"1722\" \/>- Please take into account manufacturing and delivery times (see General Sales Conditions).<br data-start=\"1824\" data-end=\"1827\" \/>- This is not a toy - intended for an adult audience<br data-start=\"1889\" data-end=\"1892\" \/>- I am not responsible for any damage incurred in transit.<\/p>\n<hr data-start=\"1961\" data-end=\"1964\" \/>\n<h3 data-start=\"1966\" data-end=\"2002\">\ud83d\udcf8 More photos &amp; inspiration<\/h3>\n<p data-start=\"2004\" data-end=\"2046\">\ud83d\udc49 <a class=\"decorated-link\" href=\"https:\/\/www.instagram.com\/sunnyshop211\/\" target=\"_new\" rel=\"noopener\" data-start=\"2007\" data-end=\"2046\">https:\/\/www.instagram.com\/sunnyshop211\/<\/a><\/p>\n<hr data-start=\"2048\" data-end=\"2051\" \/>\n<p data-start=\"2053\" data-end=\"2152\">\u2728 A soft, harmonious ocean bed set for miniature baby rooms with a nautical air.<\/p>\n<p>&nbsp;<\/p>\n<p>&nbsp;<\/p>","protected":false},"excerpt":{"rendered":"<p>\ud83c\udf0aEnsemble de lit oc\u00e9an BJD b\u00e9b\u00e9 Pukifee \u2013 Lati Yellow \u2013 Nappy Choo \u2013 Reborn \u2013 tailles similaires \ud83c\udf0a Description Cet ensemble de lit miniature th\u00e8me oc\u00e9an est parfait pour compl\u00e9ter une chambre de b\u00e9b\u00e9 douce et apaisante.Inspir\u00e9 de l\u2019univers marin, il apporte une atmosph\u00e8re sereine et po\u00e9tique \u00e0 vos dioramas et mises en sc\u00e8ne. [&hellip;]<\/p>\n","protected":false},"featured_media":10984,"comment_status":"open","ping_status":"closed","template":"","meta":{"_crdt_document":"","jetpack_post_was_ever_published":false,"jetpack_publicize_message":"","jetpack_publicize_feature_enabled":true,"jetpack_social_post_already_shared":true,"jetpack_social_options":{"image_generator_settings":{"template":"highway","default_image_id":0,"font":"","enabled":false},"version":2}},"product_brand":[],"product_cat":[667686987],"product_tag":[667681137,667681138,667681224,667681136,667681234,667681226,667681725,667681225,667681139,667681144,667681261,667681281,667681173,667681717,667681820,667681141,667681177,667681140,667681235,667681223],"class_list":{"0":"post-10978","1":"product","2":"type-product","3":"status-publish","4":"has-post-thumbnail","6":"product_cat-textile","7":"product_tag-baby","8":"product_tag-bebe","9":"product_tag-bed-crib","10":"product_tag-bjd","11":"product_tag-diorama","12":"product_tag-doll","13":"product_tag-dolly","14":"product_tag-furniture","15":"product_tag-lati-yellow","16":"product_tag-lit","17":"product_tag-meuble","18":"product_tag-meubles","19":"product_tag-minifee","20":"product_tag-mobile","21":"product_tag-mobile-baby","22":"product_tag-nappy-choo","23":"product_tag-poupee","24":"product_tag-pukifee","25":"product_tag-roombox","26":"product_tag-tour-de-lit","27":"product_shipping_class-lettre-suivie","29":"first","30":"instock","31":"taxable","32":"shipping-taxable","33":"purchasable","34":"product-type-simple"},"yoast_head":"<!-- This site is optimized with the Yoast SEO plugin v27.4 - https:\/\/yoast.com\/product\/yoast-seo-wordpress\/ -->\n<title>\ud83c\udf0aEnsemble de lit oc\u00e9an BJD b\u00e9b\u00e9 -<\/title>\n<meta name=\"description\" content=\"Ensemble de lit oc\u00e9an bjd baby, pukifee, lati Yellow, Nappy choo, reborn. Cet ensemble de lit est parfait pour compl\u00e9ter votre th\u00e8me oc\u00e9an.\" \/>\n<meta name=\"robots\" content=\"index, follow, max-snippet:-1, max-image-preview:large, max-video-preview:-1\" \/>\n<link rel=\"canonical\" href=\"https:\/\/www.sunnyshop211.com\/en\/product\/\ud83c\udf0aensemble-de-lit-ocean-bjd-bebe\/\" \/>\n<meta property=\"og:locale\" content=\"en_US\" \/>\n<meta property=\"og:type\" content=\"article\" \/>\n<meta property=\"og:title\" content=\"\ud83c\udf0aEnsemble de lit oc\u00e9an BJD b\u00e9b\u00e9 -\" \/>\n<meta property=\"og:description\" content=\"Ensemble de lit oc\u00e9an bjd baby, pukifee, lati Yellow, Nappy choo, reborn. Cet ensemble de lit est parfait pour compl\u00e9ter votre th\u00e8me oc\u00e9an.\" \/>\n<meta property=\"og:url\" content=\"https:\/\/www.sunnyshop211.com\/en\/product\/\ud83c\udf0aensemble-de-lit-ocean-bjd-bebe\/\" \/>\n<meta property=\"og:site_name\" content=\"Sunnyshop211 -Vente de dioramas, meubles, miniatures , bjd poup\u00e9es 1\/12 1\/8 1\/6 1\/4 1\/3\" \/>\n<meta property=\"article:publisher\" content=\"https:\/\/www.facebook.com\/sunnyshop211\/?ref=bookmarks\" \/>\n<meta property=\"article:modified_time\" content=\"2025-12-27T10:58:34+00:00\" \/>\n<meta property=\"og:image\" content=\"https:\/\/www.sunnyshop211.com\/wp-content\/uploads\/2019\/11\/20191119_163201-scaled.jpg\" \/>\n\t<meta property=\"og:image:width\" content=\"2560\" \/>\n\t<meta property=\"og:image:height\" content=\"1873\" \/>\n\t<meta property=\"og:image:type\" content=\"image\/jpeg\" \/>\n<meta name=\"twitter:card\" content=\"summary_large_image\" \/>\n<meta name=\"twitter:site\" content=\"@sunnyshop211\" \/>\n<meta name=\"twitter:label1\" content=\"Est. reading time\" \/>\n\t<meta name=\"twitter:data1\" content=\"2 minutes\" \/>\n<script type=\"application\/ld+json\" class=\"yoast-schema-graph\">{\"@context\":\"https:\\\/\\\/schema.org\",\"@graph\":[{\"@type\":\"WebPage\",\"@id\":\"https:\\\/\\\/www.sunnyshop211.com\\\/produit\\\/%f0%9f%8c%8aensemble-de-lit-ocean-bjd-bebe\\\/\",\"url\":\"https:\\\/\\\/www.sunnyshop211.com\\\/produit\\\/%f0%9f%8c%8aensemble-de-lit-ocean-bjd-bebe\\\/\",\"name\":\"\ud83c\udf0aEnsemble de lit oc\u00e9an BJD b\u00e9b\u00e9 -\",\"isPartOf\":{\"@id\":\"https:\\\/\\\/www.sunnyshop211.com\\\/#website\"},\"primaryImageOfPage\":{\"@id\":\"https:\\\/\\\/www.sunnyshop211.com\\\/produit\\\/%f0%9f%8c%8aensemble-de-lit-ocean-bjd-bebe\\\/#primaryimage\"},\"image\":{\"@id\":\"https:\\\/\\\/www.sunnyshop211.com\\\/produit\\\/%f0%9f%8c%8aensemble-de-lit-ocean-bjd-bebe\\\/#primaryimage\"},\"thumbnailUrl\":\"https:\\\/\\\/www.sunnyshop211.com\\\/wp-content\\\/uploads\\\/2019\\\/11\\\/20191119_163201-scaled.jpg\",\"datePublished\":\"2019-11-19T15:27:18+00:00\",\"dateModified\":\"2025-12-27T10:58:34+00:00\",\"description\":\"Ensemble de lit oc\u00e9an bjd baby, pukifee, lati Yellow, Nappy choo, reborn. Cet ensemble de lit est parfait pour compl\u00e9ter votre th\u00e8me oc\u00e9an.\",\"breadcrumb\":{\"@id\":\"https:\\\/\\\/www.sunnyshop211.com\\\/produit\\\/%f0%9f%8c%8aensemble-de-lit-ocean-bjd-bebe\\\/#breadcrumb\"},\"inLanguage\":\"en-US\",\"potentialAction\":[{\"@type\":\"ReadAction\",\"target\":[\"https:\\\/\\\/www.sunnyshop211.com\\\/produit\\\/%f0%9f%8c%8aensemble-de-lit-ocean-bjd-bebe\\\/\"]}]},{\"@type\":\"ImageObject\",\"inLanguage\":\"en-US\",\"@id\":\"https:\\\/\\\/www.sunnyshop211.com\\\/produit\\\/%f0%9f%8c%8aensemble-de-lit-ocean-bjd-bebe\\\/#primaryimage\",\"url\":\"https:\\\/\\\/www.sunnyshop211.com\\\/wp-content\\\/uploads\\\/2019\\\/11\\\/20191119_163201-scaled.jpg\",\"contentUrl\":\"https:\\\/\\\/www.sunnyshop211.com\\\/wp-content\\\/uploads\\\/2019\\\/11\\\/20191119_163201-scaled.jpg\",\"width\":2560,\"height\":1873,\"caption\":\"Ensemble de lit oc\u00e9an bjd\"},{\"@type\":\"BreadcrumbList\",\"@id\":\"https:\\\/\\\/www.sunnyshop211.com\\\/produit\\\/%f0%9f%8c%8aensemble-de-lit-ocean-bjd-bebe\\\/#breadcrumb\",\"itemListElement\":[{\"@type\":\"ListItem\",\"position\":1,\"name\":\"Accueil\",\"item\":\"https:\\\/\\\/www.sunnyshop211.com\\\/\"},{\"@type\":\"ListItem\",\"position\":2,\"name\":\"Boutique\",\"item\":\"https:\\\/\\\/www.sunnyshop211.com\\\/boutique-miniature-bjd-dolls\\\/\"},{\"@type\":\"ListItem\",\"position\":3,\"name\":\"\ud83c\udf0aEnsemble de lit oc\u00e9an BJD b\u00e9b\u00e9\"}]},{\"@type\":\"WebSite\",\"@id\":\"https:\\\/\\\/www.sunnyshop211.com\\\/#website\",\"url\":\"https:\\\/\\\/www.sunnyshop211.com\\\/\",\"name\":\"Vente de dioramas, meubles, miniatures , bjd poup\u00e9es 1\\\/12 1\\\/8 1\\\/6 1\\\/4 1\\\/3\",\"description\":\"Sunnyshop211 - Votre univers miniature pour poup\u00e9es et BJD, dioramas et meubles sur mesure !\",\"publisher\":{\"@id\":\"https:\\\/\\\/www.sunnyshop211.com\\\/#organization\"},\"alternateName\":\"sunnyshop211\",\"potentialAction\":[{\"@type\":\"SearchAction\",\"target\":{\"@type\":\"EntryPoint\",\"urlTemplate\":\"https:\\\/\\\/www.sunnyshop211.com\\\/?s={search_term_string}\"},\"query-input\":{\"@type\":\"PropertyValueSpecification\",\"valueRequired\":true,\"valueName\":\"search_term_string\"}}],\"inLanguage\":\"en-US\"},{\"@type\":\"Organization\",\"@id\":\"https:\\\/\\\/www.sunnyshop211.com\\\/#organization\",\"name\":\"sunnyshop211\",\"alternateName\":\"sunnyshop211 diorama bjd meuble miniature\",\"url\":\"https:\\\/\\\/www.sunnyshop211.com\\\/\",\"logo\":{\"@type\":\"ImageObject\",\"inLanguage\":\"en-US\",\"@id\":\"https:\\\/\\\/www.sunnyshop211.com\\\/#\\\/schema\\\/logo\\\/image\\\/\",\"url\":\"https:\\\/\\\/www.sunnyshop211.com\\\/wp-content\\\/uploads\\\/2022\\\/08\\\/cropped-cropped-cropped-Sunnyshop211-1.png\",\"contentUrl\":\"https:\\\/\\\/www.sunnyshop211.com\\\/wp-content\\\/uploads\\\/2022\\\/08\\\/cropped-cropped-cropped-Sunnyshop211-1.png\",\"width\":339,\"height\":339,\"caption\":\"sunnyshop211\"},\"image\":{\"@id\":\"https:\\\/\\\/www.sunnyshop211.com\\\/#\\\/schema\\\/logo\\\/image\\\/\"},\"sameAs\":[\"https:\\\/\\\/www.facebook.com\\\/sunnyshop211\\\/?ref=bookmarks\",\"https:\\\/\\\/x.com\\\/sunnyshop211\",\"https:\\\/\\\/www.instagram.com\\\/sunnyshop211\\\/\",\"https:\\\/\\\/www.tumblr.com\\\/blog\\\/sunnyshop211\",\"https:\\\/\\\/www.youtube.com\\\/channel\\\/UCtYY18OGGDKrTSzgcf7fCBg\",\"https:\\\/\\\/www.tiktok.com\\\/@sunnydollshop211?is_from_webapp=1&sender_device=pc\"]}]}<\/script>\n<!-- \/ Yoast SEO plugin. -->","yoast_head_json":{"title":"\ud83c\udf0aBJD baby ocean bed set -","description":"Ocean bed set bjd baby, pukifee, lati Yellow, Nappy choo, reborn. This crib set is perfect to complete your ocean theme.","robots":{"index":"index","follow":"follow","max-snippet":"max-snippet:-1","max-image-preview":"max-image-preview:large","max-video-preview":"max-video-preview:-1"},"canonical":"https:\/\/www.sunnyshop211.com\/en\/product\/\ud83c\udf0aensemble-de-lit-ocean-bjd-bebe\/","og_locale":"en_US","og_type":"article","og_title":"\ud83c\udf0aEnsemble de lit oc\u00e9an BJD b\u00e9b\u00e9 -","og_description":"Ensemble de lit oc\u00e9an bjd baby, pukifee, lati Yellow, Nappy choo, reborn. Cet ensemble de lit est parfait pour compl\u00e9ter votre th\u00e8me oc\u00e9an.","og_url":"https:\/\/www.sunnyshop211.com\/en\/product\/\ud83c\udf0aensemble-de-lit-ocean-bjd-bebe\/","og_site_name":"Sunnyshop211 -Vente de dioramas, meubles, miniatures , bjd poup\u00e9es 1\/12 1\/8 1\/6 1\/4 1\/3","article_publisher":"https:\/\/www.facebook.com\/sunnyshop211\/?ref=bookmarks","article_modified_time":"2025-12-27T10:58:34+00:00","og_image":[{"width":2560,"height":1873,"url":"https:\/\/www.sunnyshop211.com\/wp-content\/uploads\/2019\/11\/20191119_163201-scaled.jpg","type":"image\/jpeg"}],"twitter_card":"summary_large_image","twitter_site":"@sunnyshop211","twitter_misc":{"Est. reading time":"2 minutes"},"schema":{"@context":"https:\/\/schema.org","@graph":[{"@type":"WebPage","@id":"https:\/\/www.sunnyshop211.com\/produit\/%f0%9f%8c%8aensemble-de-lit-ocean-bjd-bebe\/","url":"https:\/\/www.sunnyshop211.com\/produit\/%f0%9f%8c%8aensemble-de-lit-ocean-bjd-bebe\/","name":"\ud83c\udf0aBJD baby ocean bed set -","isPartOf":{"@id":"https:\/\/www.sunnyshop211.com\/#website"},"primaryImageOfPage":{"@id":"https:\/\/www.sunnyshop211.com\/produit\/%f0%9f%8c%8aensemble-de-lit-ocean-bjd-bebe\/#primaryimage"},"image":{"@id":"https:\/\/www.sunnyshop211.com\/produit\/%f0%9f%8c%8aensemble-de-lit-ocean-bjd-bebe\/#primaryimage"},"thumbnailUrl":"https:\/\/www.sunnyshop211.com\/wp-content\/uploads\/2019\/11\/20191119_163201-scaled.jpg","datePublished":"2019-11-19T15:27:18+00:00","dateModified":"2025-12-27T10:58:34+00:00","description":"Ocean bed set bjd baby, pukifee, lati Yellow, Nappy choo, reborn. This crib set is perfect to complete your ocean theme.","breadcrumb":{"@id":"https:\/\/www.sunnyshop211.com\/produit\/%f0%9f%8c%8aensemble-de-lit-ocean-bjd-bebe\/#breadcrumb"},"inLanguage":"en-US","potentialAction":[{"@type":"ReadAction","target":["https:\/\/www.sunnyshop211.com\/produit\/%f0%9f%8c%8aensemble-de-lit-ocean-bjd-bebe\/"]}]},{"@type":"ImageObject","inLanguage":"en-US","@id":"https:\/\/www.sunnyshop211.com\/produit\/%f0%9f%8c%8aensemble-de-lit-ocean-bjd-bebe\/#primaryimage","url":"https:\/\/www.sunnyshop211.com\/wp-content\/uploads\/2019\/11\/20191119_163201-scaled.jpg","contentUrl":"https:\/\/www.sunnyshop211.com\/wp-content\/uploads\/2019\/11\/20191119_163201-scaled.jpg","width":2560,"height":1873,"caption":"Ensemble de lit oc\u00e9an bjd"},{"@type":"BreadcrumbList","@id":"https:\/\/www.sunnyshop211.com\/produit\/%f0%9f%8c%8aensemble-de-lit-ocean-bjd-bebe\/#breadcrumb","itemListElement":[{"@type":"ListItem","position":1,"name":"Accueil","item":"https:\/\/www.sunnyshop211.com\/"},{"@type":"ListItem","position":2,"name":"Boutique","item":"https:\/\/www.sunnyshop211.com\/boutique-miniature-bjd-dolls\/"},{"@type":"ListItem","position":3,"name":"\ud83c\udf0aEnsemble de lit oc\u00e9an BJD b\u00e9b\u00e9"}]},{"@type":"WebSite","@id":"https:\/\/www.sunnyshop211.com\/#website","url":"https:\/\/www.sunnyshop211.com\/","name":"Sale of dioramas, furniture, miniatures, bjd dolls 1\/12 1\/8 1\/6 1\/4 1\/3","description":"Sunnyshop211 - Your miniature world for dolls and BJDs, dioramas and custom-made furniture!","publisher":{"@id":"https:\/\/www.sunnyshop211.com\/#organization"},"alternateName":"sunnyshop211","potentialAction":[{"@type":"SearchAction","target":{"@type":"EntryPoint","urlTemplate":"https:\/\/www.sunnyshop211.com\/?s={search_term_string}"},"query-input":{"@type":"PropertyValueSpecification","valueRequired":true,"valueName":"search_term_string"}}],"inLanguage":"en-US"},{"@type":"Organization","@id":"https:\/\/www.sunnyshop211.com\/#organization","name":"sunnyshop211","alternateName":"sunnyshop211 diorama bjd meuble miniature","url":"https:\/\/www.sunnyshop211.com\/","logo":{"@type":"ImageObject","inLanguage":"en-US","@id":"https:\/\/www.sunnyshop211.com\/#\/schema\/logo\/image\/","url":"https:\/\/www.sunnyshop211.com\/wp-content\/uploads\/2022\/08\/cropped-cropped-cropped-Sunnyshop211-1.png","contentUrl":"https:\/\/www.sunnyshop211.com\/wp-content\/uploads\/2022\/08\/cropped-cropped-cropped-Sunnyshop211-1.png","width":339,"height":339,"caption":"sunnyshop211"},"image":{"@id":"https:\/\/www.sunnyshop211.com\/#\/schema\/logo\/image\/"},"sameAs":["https:\/\/www.facebook.com\/sunnyshop211\/?ref=bookmarks","https:\/\/x.com\/sunnyshop211","https:\/\/www.instagram.com\/sunnyshop211\/","https:\/\/www.tumblr.com\/blog\/sunnyshop211","https:\/\/www.youtube.com\/channel\/UCtYY18OGGDKrTSzgcf7fCBg","https:\/\/www.tiktok.com\/@sunnydollshop211?is_from_webapp=1&sender_device=pc"]}]}},"jetpack_publicize_connections":[],"jetpack_sharing_enabled":true,"_links":{"self":[{"href":"https:\/\/www.sunnyshop211.com\/en\/wp-json\/wp\/v2\/product\/10978","targetHints":{"allow":["GET"]}}],"collection":[{"href":"https:\/\/www.sunnyshop211.com\/en\/wp-json\/wp\/v2\/product"}],"about":[{"href":"https:\/\/www.sunnyshop211.com\/en\/wp-json\/wp\/v2\/types\/product"}],"replies":[{"embeddable":true,"href":"https:\/\/www.sunnyshop211.com\/en\/wp-json\/wp\/v2\/comments?post=10978"}],"version-history":[{"count":10,"href":"https:\/\/www.sunnyshop211.com\/en\/wp-json\/wp\/v2\/product\/10978\/revisions"}],"predecessor-version":[{"id":53050,"href":"https:\/\/www.sunnyshop211.com\/en\/wp-json\/wp\/v2\/product\/10978\/revisions\/53050"}],"wp:featuredmedia":[{"embeddable":true,"href":"https:\/\/www.sunnyshop211.com\/en\/wp-json\/wp\/v2\/media\/10984"}],"wp:attachment":[{"href":"https:\/\/www.sunnyshop211.com\/en\/wp-json\/wp\/v2\/media?parent=10978"}],"wp:term":[{"taxonomy":"product_brand","embeddable":true,"href":"https:\/\/www.sunnyshop211.com\/en\/wp-json\/wp\/v2\/product_brand?post=10978"},{"taxonomy":"product_cat","embeddable":true,"href":"https:\/\/www.sunnyshop211.com\/en\/wp-json\/wp\/v2\/product_cat?post=10978"},{"taxonomy":"product_tag","embeddable":true,"href":"https:\/\/www.sunnyshop211.com\/en\/wp-json\/wp\/v2\/product_tag?post=10978"}],"curies":[{"name":"wp","href":"https:\/\/api.w.org\/{rel}","templated":true}]}}