{"id":10893,"date":"2019-11-19T12:41:22","date_gmt":"2019-11-19T11:41:22","guid":{"rendered":"https:\/\/sunnyshop211.com\/?post_type=product&#038;p=10893"},"modified":"2025-12-28T13:24:48","modified_gmt":"2025-12-28T12:24:48","slug":"telephone-kawai-miniature-1-6","status":"publish","type":"product","link":"https:\/\/www.sunnyshop211.com\/en\/product\/telephone-kawai-miniature-1-6\/","title":{"rendered":"\ud83d\udcf1\u2728 Miniature kawaii phone - 1\/6"},"content":{"rendered":"<div id='gallery-1' class='gallery galleryid-10893 gallery-columns-3 gallery-size-thumbnail'><figure class='gallery-item'>\n\t\t\t<div class='gallery-icon landscape'>\n\t\t\t\t<a href='https:\/\/www.sunnyshop211.com\/en\/?attachment_id=11088'><img decoding=\"async\" width=\"150\" height=\"150\" src=\"https:\/\/www.sunnyshop211.com\/wp-content\/uploads\/2019\/11\/20191127_165519-scaled-150x150.jpg\" class=\"attachment-thumbnail size-thumbnail\" alt=\"T\u00e9l\u00e9phone kawa\u00ef miniature 1\/6\" srcset=\"https:\/\/www.sunnyshop211.com\/wp-content\/uploads\/2019\/11\/20191127_165519-scaled-150x150.jpg 150w, https:\/\/www.sunnyshop211.com\/wp-content\/uploads\/2019\/11\/20191127_165519-scaled-500x500.jpg 500w, https:\/\/www.sunnyshop211.com\/wp-content\/uploads\/2019\/11\/20191127_165519-100x100.jpg 100w\" sizes=\"(max-width: 150px) 100vw, 150px\" \/><\/a>\n\t\t\t<\/div><\/figure><figure class='gallery-item'>\n\t\t\t<div class='gallery-icon landscape'>\n\t\t\t\t<a href='https:\/\/www.sunnyshop211.com\/en\/?attachment_id=11101'><img decoding=\"async\" width=\"150\" height=\"150\" src=\"https:\/\/www.sunnyshop211.com\/wp-content\/uploads\/2019\/11\/20191127_165628-150x150.jpg\" class=\"attachment-thumbnail size-thumbnail\" alt=\"\" srcset=\"https:\/\/www.sunnyshop211.com\/wp-content\/uploads\/2019\/11\/20191127_165628-150x150.jpg 150w, https:\/\/www.sunnyshop211.com\/wp-content\/uploads\/2019\/11\/20191127_165628-500x500.jpg 500w, https:\/\/www.sunnyshop211.com\/wp-content\/uploads\/2019\/11\/20191127_165628-100x100.jpg 100w\" sizes=\"(max-width: 150px) 100vw, 150px\" \/><\/a>\n\t\t\t<\/div><\/figure><figure class='gallery-item'>\n\t\t\t<div class='gallery-icon portrait'>\n\t\t\t\t<a href='https:\/\/www.sunnyshop211.com\/en\/?attachment_id=11087'><img decoding=\"async\" width=\"150\" height=\"150\" src=\"https:\/\/www.sunnyshop211.com\/wp-content\/uploads\/2019\/11\/20191127_165508-150x150.jpg\" class=\"attachment-thumbnail size-thumbnail\" alt=\"\" srcset=\"https:\/\/www.sunnyshop211.com\/wp-content\/uploads\/2019\/11\/20191127_165508-150x150.jpg 150w, https:\/\/www.sunnyshop211.com\/wp-content\/uploads\/2019\/11\/20191127_165508-scaled-500x500.jpg 500w, https:\/\/www.sunnyshop211.com\/wp-content\/uploads\/2019\/11\/20191127_165508-100x100.jpg 100w\" sizes=\"(max-width: 150px) 100vw, 150px\" \/><\/a>\n\t\t\t<\/div><\/figure><figure class='gallery-item'>\n\t\t\t<div class='gallery-icon landscape'>\n\t\t\t\t<a href='https:\/\/www.sunnyshop211.com\/en\/?attachment_id=11091'><img loading=\"lazy\" decoding=\"async\" width=\"150\" height=\"150\" src=\"https:\/\/www.sunnyshop211.com\/wp-content\/uploads\/2019\/11\/20191127_165649-150x150.jpg\" class=\"attachment-thumbnail size-thumbnail\" alt=\"T\u00e9l\u00e9phone kawa\u00ef miniature 1\/6\" srcset=\"https:\/\/www.sunnyshop211.com\/wp-content\/uploads\/2019\/11\/20191127_165649-150x150.jpg 150w, https:\/\/www.sunnyshop211.com\/wp-content\/uploads\/2019\/11\/20191127_165649-500x500.jpg 500w, https:\/\/www.sunnyshop211.com\/wp-content\/uploads\/2019\/11\/20191127_165649-100x100.jpg 100w\" sizes=\"(max-width: 150px) 100vw, 150px\" \/><\/a>\n\t\t\t<\/div><\/figure><figure class='gallery-item'>\n\t\t\t<div class='gallery-icon landscape'>\n\t\t\t\t<a href='https:\/\/www.sunnyshop211.com\/en\/?attachment_id=11092'><img loading=\"lazy\" decoding=\"async\" width=\"150\" height=\"150\" src=\"https:\/\/www.sunnyshop211.com\/wp-content\/uploads\/2019\/11\/20191127_165640-150x150.jpg\" class=\"attachment-thumbnail size-thumbnail\" alt=\"\" srcset=\"https:\/\/www.sunnyshop211.com\/wp-content\/uploads\/2019\/11\/20191127_165640-150x150.jpg 150w, https:\/\/www.sunnyshop211.com\/wp-content\/uploads\/2019\/11\/20191127_165640-scaled-500x500.jpg 500w, https:\/\/www.sunnyshop211.com\/wp-content\/uploads\/2019\/11\/20191127_165640-100x100.jpg 100w\" sizes=\"(max-width: 150px) 100vw, 150px\" \/><\/a>\n\t\t\t<\/div><\/figure><figure class='gallery-item'>\n\t\t\t<div class='gallery-icon landscape'>\n\t\t\t\t<a href='https:\/\/www.sunnyshop211.com\/en\/?attachment_id=11093'><img loading=\"lazy\" decoding=\"async\" width=\"150\" height=\"150\" src=\"https:\/\/www.sunnyshop211.com\/wp-content\/uploads\/2019\/11\/stbb-52-150x150.jpg\" class=\"attachment-thumbnail size-thumbnail\" alt=\"T\u00e9l\u00e9phone kawa\u00ef miniature 1\/6\" srcset=\"https:\/\/www.sunnyshop211.com\/wp-content\/uploads\/2019\/11\/stbb-52-150x150.jpg 150w, https:\/\/www.sunnyshop211.com\/wp-content\/uploads\/2019\/11\/stbb-52-scaled-500x500.jpg 500w, https:\/\/www.sunnyshop211.com\/wp-content\/uploads\/2019\/11\/stbb-52-100x100.jpg 100w\" sizes=\"(max-width: 150px) 100vw, 150px\" \/><\/a>\n\t\t\t<\/div><\/figure><figure class='gallery-item'>\n\t\t\t<div class='gallery-icon landscape'>\n\t\t\t\t<a href='https:\/\/www.sunnyshop211.com\/en\/?attachment_id=11085'><img loading=\"lazy\" decoding=\"async\" width=\"150\" height=\"150\" src=\"https:\/\/www.sunnyshop211.com\/wp-content\/uploads\/2019\/11\/20191127_165442-150x150.jpg\" class=\"attachment-thumbnail size-thumbnail\" alt=\"chemin\u00e9e miniature diorama 1\/6\" srcset=\"https:\/\/www.sunnyshop211.com\/wp-content\/uploads\/2019\/11\/20191127_165442-150x150.jpg 150w, https:\/\/www.sunnyshop211.com\/wp-content\/uploads\/2019\/11\/20191127_165442-500x500.jpg 500w, https:\/\/www.sunnyshop211.com\/wp-content\/uploads\/2019\/11\/20191127_165442-100x100.jpg 100w\" sizes=\"(max-width: 150px) 100vw, 150px\" \/><\/a>\n\t\t\t<\/div><\/figure><figure class='gallery-item'>\n\t\t\t<div class='gallery-icon landscape'>\n\t\t\t\t<a href='https:\/\/www.sunnyshop211.com\/en\/?attachment_id=11082'><img loading=\"lazy\" decoding=\"async\" width=\"150\" height=\"150\" src=\"https:\/\/www.sunnyshop211.com\/wp-content\/uploads\/2019\/11\/20191127_165457-150x150.jpg\" class=\"attachment-thumbnail size-thumbnail\" alt=\"T\u00e9l\u00e9phone kawa\u00ef miniature 1\/6\" srcset=\"https:\/\/www.sunnyshop211.com\/wp-content\/uploads\/2019\/11\/20191127_165457-150x150.jpg 150w, https:\/\/www.sunnyshop211.com\/wp-content\/uploads\/2019\/11\/20191127_165457-scaled-500x500.jpg 500w, https:\/\/www.sunnyshop211.com\/wp-content\/uploads\/2019\/11\/20191127_165457-100x100.jpg 100w\" sizes=\"(max-width: 150px) 100vw, 150px\" \/><\/a>\n\t\t\t<\/div><\/figure>\n\t\t<\/div>\n\n<h2 data-start=\"119\" data-end=\"159\">\ud83d\udcf1\u2728 Miniature kawaii phone - 1\/6<\/h2>\n<p data-start=\"160\" data-end=\"213\">Barbie, Pullip, Poppy Parker, Fashion Royalty, Blythe<\/p>\n<h3 data-start=\"215\" data-end=\"233\">\ud83d\udcf8 Description<\/h3>\n<p data-start=\"235\" data-end=\"366\">This miniature 1\/6 kawaii telephone is a decorative accessory <strong data-start=\"296\" data-end=\"321\">cute and indispensable<\/strong> to keep your dolls connected in style.<\/p>\n<p data-start=\"368\" data-end=\"497\">Ideal for modern, lifestyle or kawaii settings, it will bring a fun, soft and colorful touch to your 1\/6 dioramas.<\/p>\n<p data-start=\"499\" data-end=\"553\">\ud83d\udc49 Fictitious item, for decorative purposes only.<\/p>\n<hr data-start=\"555\" data-end=\"558\" \/>\n<h3 data-start=\"560\" data-end=\"590\">\ud83d\udc57 Compatibility &amp; scale<\/h3>\n<p data-start=\"592\" data-end=\"634\">Suitable for dolls at <strong data-start=\"614\" data-end=\"621\">1\/6<\/strong>, including :<\/p>\n<p data-start=\"636\" data-end=\"746\">- Barbie<br data-start=\"644\" data-end=\"647\" \/>- Pullip<br data-start=\"655\" data-end=\"658\" \/>- Poppy Parker<br data-start=\"672\" data-end=\"675\" \/>- Fashion Royalty<br data-start=\"692\" data-end=\"695\" \/>- Blythe<br data-start=\"703\" data-end=\"706\" \/>- Other dolls of equivalent size<\/p>\n<hr data-start=\"748\" data-end=\"751\" \/>\n<h3 data-start=\"753\" data-end=\"790\">\ud83c\udfa8 Models &amp; colors available<\/h3>\n<p data-start=\"792\" data-end=\"890\">Several models and colors are available.<br data-start=\"836\" data-end=\"839\" \/>You choose the model and color you want:<\/p>\n<p data-start=\"892\" data-end=\"965\">\u2022 <strong data-start=\"894\" data-end=\"911\">Mouse model<\/strong><br data-start=\"911\" data-end=\"914\" \/>Dimensions: 2 cm x 2.8 cm<br data-start=\"941\" data-end=\"944\" \/>(0.78 x 1.10 INCHES)<\/p>\n<p data-start=\"967\" data-end=\"1058\">- Or the <strong data-start=\"969\" data-end=\"985\">\u00a0rabbit<\/strong><br data-start=\"985\" data-end=\"988\" \/>Dimensions: 2.8 cm high x 1.5 cm wide<br data-start=\"1034\" data-end=\"1037\" \/>(1.10 x 0.59 INCHES)<\/p>\n<p data-start=\"1060\" data-end=\"1150\">\u2022 <strong data-start=\"1062\" data-end=\"1077\">Cat model<\/strong><br data-start=\"1077\" data-end=\"1080\" \/>Dimensions: 2.5 cm high x 1.5 cm wide<br data-start=\"1126\" data-end=\"1129\" \/>(0.98 x 0.59 INCHES)<\/p>\n<p data-start=\"1152\" data-end=\"1268\">\ud83d\udc49 En <strong data-start=\"1158\" data-end=\"1176\">custom version<\/strong>, a small cat or rabbit is drawn on the back of the phone<br data-start=\"1232\" data-end=\"1235\" \/>(except for dark colors).<\/p>\n<hr data-start=\"1270\" data-end=\"1273\" \/>\n<h3 data-start=\"1275\" data-end=\"1289\">\ud83d\udce6 Contents<\/h3>\n<p data-start=\"1291\" data-end=\"1353\">- 1 x 1\/6 miniature kawaii phone (choice of model and color)<\/p>\n<p data-start=\"1355\" data-end=\"1512\">\ud83d\udc49 The prize is for <strong data-start=\"1375\" data-end=\"1396\">a single phone<\/strong><br data-start=\"1396\" data-end=\"1399\" \/>\ud83d\udc49 Other accessories shown in the photos are not included but are available separately in the store.<\/p>\n<hr data-start=\"1514\" data-end=\"1517\" \/>\n<h3 data-start=\"1519\" data-end=\"1548\">\ud83e\udeb5 Handcrafted<\/h3>\n<p data-start=\"1550\" data-end=\"1617\">- Hand-made and hand-painted<br data-start=\"1586\" data-end=\"1589\" \/>- Made to order<\/p>\n<p data-start=\"1619\" data-end=\"1770\">Due to the artisanal character, there may be :<br data-start=\"1670\" data-end=\"1673\" \/>- slight variations in shape or color<br data-start=\"1719\" data-end=\"1722\" \/>- minor imperfections, typical of handmade products<\/p>\n<hr data-start=\"1772\" data-end=\"1775\" \/>\n<h3 data-start=\"1777\" data-end=\"1795\">\ud83c\udfe1 Use<\/h3>\n<p data-start=\"1797\" data-end=\"1951\">- Dioramas &amp; staging<br data-start=\"1824\" data-end=\"1827\" \/>\u00a0Modern, kawaii, lifestyle scenes<br data-start=\"1863\" data-end=\"1866\" \/>- Compatible with my 1\/6 furniture and accessories sold separately in the store<\/p>\n<hr data-start=\"1953\" data-end=\"1956\" \/>\n<h3 data-start=\"1958\" data-end=\"1989\">\u26a0\ufe0f Important information<\/h3>\n<p data-start=\"1991\" data-end=\"2228\">- Fictional article<br data-start=\"2007\" data-end=\"2010\" \/>- This is not a toy<br data-start=\"2035\" data-end=\"2038\" \/>- For adults only<br data-start=\"2077\" data-end=\"2080\" \/>- The photos are examples of decoration<br data-start=\"2124\" data-end=\"2127\" \/>- Only the phone is sold<br data-start=\"2156\" data-end=\"2159\" \/>- I am not responsible for any damage incurred in transit.<\/p>\n<hr data-start=\"2230\" data-end=\"2233\" \/>\n<h3 data-start=\"2235\" data-end=\"2261\">\u23f3 Manufacturing &amp; lead times<\/h3>\n<p data-start=\"2263\" data-end=\"2426\">- Article made to order<br data-start=\"2293\" data-end=\"2296\" \/>- Please allow for manufacturing and delivery times.<br data-start=\"2361\" data-end=\"2364\" \/>\u27a1\ufe0f See Terms and Conditions and delivery times<\/p>\n<hr data-start=\"2428\" data-end=\"2431\" \/>\n<h3 data-start=\"2433\" data-end=\"2469\">\ud83d\udcf8 More photos &amp; inspiration<\/h3>\n<p data-start=\"2471\" data-end=\"2513\">\ud83d\udc49 <a class=\"decorated-link\" href=\"https:\/\/www.instagram.com\/sunnyshop211\/\" target=\"_new\" rel=\"noopener\" data-start=\"2474\" data-end=\"2513\">https:\/\/www.instagram.com\/sunnyshop211\/<\/a><\/p>\n<hr data-start=\"2515\" data-end=\"2518\" \/>\n<p data-start=\"2520\" data-end=\"2626\">\ud83d\udcf1\ud83d\udc30\ud83d\udc31 <strong data-start=\"2527\" data-end=\"2626\">An ultra-kawaii miniature accessory for sweet, modern scenes in 1\/6 scale.<\/strong><\/p>\n<p>&nbsp;<\/p>","protected":false},"excerpt":{"rendered":"<p>\ud83d\udcf1\u2728 T\u00e9l\u00e9phone kawa\u00ef miniature \u2013 1\/6 Barbie, Pullip, Poppy Parker, Fashion Royalty, Blythe \ud83d\udcf8 Description Ce t\u00e9l\u00e9phone kawa\u00ef miniature 1\/6 est un accessoire d\u00e9coratif cute et indispensable pour garder vos dolls connect\u00e9es avec style. Id\u00e9al pour les mises en sc\u00e8ne modernes, lifestyle ou kawaii, il apportera une touche fun, douce et color\u00e9e \u00e0 vos dioramas [&hellip;]<\/p>\n","protected":false},"featured_media":11088,"comment_status":"open","ping_status":"closed","template":"","meta":{"_crdt_document":"","jetpack_post_was_ever_published":false,"jetpack_publicize_message":"","jetpack_publicize_feature_enabled":true,"jetpack_social_post_already_shared":true,"jetpack_social_options":{"image_generator_settings":{"template":"highway","default_image_id":0,"font":"","enabled":false},"version":2}},"product_brand":[],"product_cat":[667687005],"product_tag":[667681270,667681226,667681232,667681173,667683305,667681177,667683307],"class_list":{"0":"post-10893","1":"product","2":"type-product","3":"status-publish","4":"has-post-thumbnail","6":"product_cat-telephone","7":"product_tag-custom-doll","8":"product_tag-doll","9":"product_tag-miniature","10":"product_tag-minifee","11":"product_tag-phone","12":"product_tag-poupee","13":"product_tag-telephone","14":"product_shipping_class-lettre-suivie-3","16":"first","17":"instock","18":"taxable","19":"shipping-taxable","20":"purchasable","21":"product-type-variable"},"yoast_head":"<!-- This site is optimized with the Yoast SEO plugin v27.4 - https:\/\/yoast.com\/product\/yoast-seo-wordpress\/ -->\n<title>\ud83d\udcf1\u2728 T\u00e9l\u00e9phone kawa\u00ef miniature \u2013 1\/6 -<\/title>\n<meta name=\"description\" content=\"T\u00e9l\u00e9phone kawa\u00ef miniature 1\/6 Barbie, pullip, poppy parker, blythe. Id\u00e9al pour garder vos dolls connect\u00e9es. Accessoires indispensable et cute.\" \/>\n<meta name=\"robots\" content=\"index, follow, max-snippet:-1, max-image-preview:large, max-video-preview:-1\" \/>\n<link rel=\"canonical\" href=\"https:\/\/www.sunnyshop211.com\/en\/product\/telephone-kawai-miniature-1-6\/\" \/>\n<meta property=\"og:locale\" content=\"en_US\" \/>\n<meta property=\"og:type\" content=\"article\" \/>\n<meta property=\"og:title\" content=\"\ud83d\udcf1\u2728 T\u00e9l\u00e9phone kawa\u00ef miniature \u2013 1\/6 -\" \/>\n<meta property=\"og:description\" content=\"T\u00e9l\u00e9phone kawa\u00ef miniature 1\/6 Barbie, pullip, poppy parker, blythe. Id\u00e9al pour garder vos dolls connect\u00e9es. Accessoires indispensable et cute.\" \/>\n<meta property=\"og:url\" content=\"https:\/\/www.sunnyshop211.com\/en\/product\/telephone-kawai-miniature-1-6\/\" \/>\n<meta property=\"og:site_name\" content=\"Sunnyshop211 -Vente de dioramas, meubles, miniatures , bjd poup\u00e9es 1\/12 1\/8 1\/6 1\/4 1\/3\" \/>\n<meta property=\"article:publisher\" content=\"https:\/\/www.facebook.com\/sunnyshop211\/?ref=bookmarks\" \/>\n<meta property=\"article:modified_time\" content=\"2025-12-28T12:24:48+00:00\" \/>\n<meta property=\"og:image\" content=\"https:\/\/www.sunnyshop211.com\/wp-content\/uploads\/2019\/11\/20191127_165519-scaled.jpg\" \/>\n\t<meta property=\"og:image:width\" content=\"2560\" \/>\n\t<meta property=\"og:image:height\" content=\"1702\" \/>\n\t<meta property=\"og:image:type\" content=\"image\/jpeg\" \/>\n<meta name=\"twitter:card\" content=\"summary_large_image\" \/>\n<meta name=\"twitter:site\" content=\"@sunnyshop211\" \/>\n<meta name=\"twitter:label1\" content=\"Est. reading time\" \/>\n\t<meta name=\"twitter:data1\" content=\"3 minutes\" \/>\n<script type=\"application\/ld+json\" class=\"yoast-schema-graph\">{\"@context\":\"https:\\\/\\\/schema.org\",\"@graph\":[{\"@type\":\"WebPage\",\"@id\":\"https:\\\/\\\/www.sunnyshop211.com\\\/produit\\\/telephone-kawai-miniature-1-6\\\/\",\"url\":\"https:\\\/\\\/www.sunnyshop211.com\\\/produit\\\/telephone-kawai-miniature-1-6\\\/\",\"name\":\"\ud83d\udcf1\u2728 T\u00e9l\u00e9phone kawa\u00ef miniature \u2013 1\\\/6 -\",\"isPartOf\":{\"@id\":\"https:\\\/\\\/www.sunnyshop211.com\\\/#website\"},\"primaryImageOfPage\":{\"@id\":\"https:\\\/\\\/www.sunnyshop211.com\\\/produit\\\/telephone-kawai-miniature-1-6\\\/#primaryimage\"},\"image\":{\"@id\":\"https:\\\/\\\/www.sunnyshop211.com\\\/produit\\\/telephone-kawai-miniature-1-6\\\/#primaryimage\"},\"thumbnailUrl\":\"https:\\\/\\\/www.sunnyshop211.com\\\/wp-content\\\/uploads\\\/2019\\\/11\\\/20191127_165519-scaled.jpg\",\"datePublished\":\"2019-11-19T11:41:22+00:00\",\"dateModified\":\"2025-12-28T12:24:48+00:00\",\"description\":\"T\u00e9l\u00e9phone kawa\u00ef miniature 1\\\/6 Barbie, pullip, poppy parker, blythe. Id\u00e9al pour garder vos dolls connect\u00e9es. Accessoires indispensable et cute.\",\"breadcrumb\":{\"@id\":\"https:\\\/\\\/www.sunnyshop211.com\\\/produit\\\/telephone-kawai-miniature-1-6\\\/#breadcrumb\"},\"inLanguage\":\"en-US\",\"potentialAction\":[{\"@type\":\"ReadAction\",\"target\":[\"https:\\\/\\\/www.sunnyshop211.com\\\/produit\\\/telephone-kawai-miniature-1-6\\\/\"]}]},{\"@type\":\"ImageObject\",\"inLanguage\":\"en-US\",\"@id\":\"https:\\\/\\\/www.sunnyshop211.com\\\/produit\\\/telephone-kawai-miniature-1-6\\\/#primaryimage\",\"url\":\"https:\\\/\\\/www.sunnyshop211.com\\\/wp-content\\\/uploads\\\/2019\\\/11\\\/20191127_165519-scaled.jpg\",\"contentUrl\":\"https:\\\/\\\/www.sunnyshop211.com\\\/wp-content\\\/uploads\\\/2019\\\/11\\\/20191127_165519-scaled.jpg\",\"width\":2560,\"height\":1702,\"caption\":\"T\u00e9l\u00e9phone kawa\u00ef miniature 1\\\/6\"},{\"@type\":\"BreadcrumbList\",\"@id\":\"https:\\\/\\\/www.sunnyshop211.com\\\/produit\\\/telephone-kawai-miniature-1-6\\\/#breadcrumb\",\"itemListElement\":[{\"@type\":\"ListItem\",\"position\":1,\"name\":\"Accueil\",\"item\":\"https:\\\/\\\/www.sunnyshop211.com\\\/\"},{\"@type\":\"ListItem\",\"position\":2,\"name\":\"Boutique\",\"item\":\"https:\\\/\\\/www.sunnyshop211.com\\\/boutique-miniature-bjd-dolls\\\/\"},{\"@type\":\"ListItem\",\"position\":3,\"name\":\"\ud83d\udcf1\u2728 T\u00e9l\u00e9phone kawa\u00ef miniature \u2013 1\\\/6\"}]},{\"@type\":\"WebSite\",\"@id\":\"https:\\\/\\\/www.sunnyshop211.com\\\/#website\",\"url\":\"https:\\\/\\\/www.sunnyshop211.com\\\/\",\"name\":\"Vente de dioramas, meubles, miniatures , bjd poup\u00e9es 1\\\/12 1\\\/8 1\\\/6 1\\\/4 1\\\/3\",\"description\":\"Sunnyshop211 - Votre univers miniature pour poup\u00e9es et BJD, dioramas et meubles sur mesure !\",\"publisher\":{\"@id\":\"https:\\\/\\\/www.sunnyshop211.com\\\/#organization\"},\"alternateName\":\"sunnyshop211\",\"potentialAction\":[{\"@type\":\"SearchAction\",\"target\":{\"@type\":\"EntryPoint\",\"urlTemplate\":\"https:\\\/\\\/www.sunnyshop211.com\\\/?s={search_term_string}\"},\"query-input\":{\"@type\":\"PropertyValueSpecification\",\"valueRequired\":true,\"valueName\":\"search_term_string\"}}],\"inLanguage\":\"en-US\"},{\"@type\":\"Organization\",\"@id\":\"https:\\\/\\\/www.sunnyshop211.com\\\/#organization\",\"name\":\"sunnyshop211\",\"alternateName\":\"sunnyshop211 diorama bjd meuble miniature\",\"url\":\"https:\\\/\\\/www.sunnyshop211.com\\\/\",\"logo\":{\"@type\":\"ImageObject\",\"inLanguage\":\"en-US\",\"@id\":\"https:\\\/\\\/www.sunnyshop211.com\\\/#\\\/schema\\\/logo\\\/image\\\/\",\"url\":\"https:\\\/\\\/www.sunnyshop211.com\\\/wp-content\\\/uploads\\\/2022\\\/08\\\/cropped-cropped-cropped-Sunnyshop211-1.png\",\"contentUrl\":\"https:\\\/\\\/www.sunnyshop211.com\\\/wp-content\\\/uploads\\\/2022\\\/08\\\/cropped-cropped-cropped-Sunnyshop211-1.png\",\"width\":339,\"height\":339,\"caption\":\"sunnyshop211\"},\"image\":{\"@id\":\"https:\\\/\\\/www.sunnyshop211.com\\\/#\\\/schema\\\/logo\\\/image\\\/\"},\"sameAs\":[\"https:\\\/\\\/www.facebook.com\\\/sunnyshop211\\\/?ref=bookmarks\",\"https:\\\/\\\/x.com\\\/sunnyshop211\",\"https:\\\/\\\/www.instagram.com\\\/sunnyshop211\\\/\",\"https:\\\/\\\/www.tumblr.com\\\/blog\\\/sunnyshop211\",\"https:\\\/\\\/www.youtube.com\\\/channel\\\/UCtYY18OGGDKrTSzgcf7fCBg\",\"https:\\\/\\\/www.tiktok.com\\\/@sunnydollshop211?is_from_webapp=1&sender_device=pc\"]}]}<\/script>\n<!-- \/ Yoast SEO plugin. -->","yoast_head_json":{"title":"\ud83d\udcf1\u2728 Miniature kawaii phone - 1\/6 -","description":"Miniature kawaii phone 1\/6 Barbie, pullip, poppy parker, blythe. Ideal to keep your dolls connected. Essential and cute accessories.","robots":{"index":"index","follow":"follow","max-snippet":"max-snippet:-1","max-image-preview":"max-image-preview:large","max-video-preview":"max-video-preview:-1"},"canonical":"https:\/\/www.sunnyshop211.com\/en\/product\/telephone-kawai-miniature-1-6\/","og_locale":"en_US","og_type":"article","og_title":"\ud83d\udcf1\u2728 T\u00e9l\u00e9phone kawa\u00ef miniature \u2013 1\/6 -","og_description":"T\u00e9l\u00e9phone kawa\u00ef miniature 1\/6 Barbie, pullip, poppy parker, blythe. Id\u00e9al pour garder vos dolls connect\u00e9es. Accessoires indispensable et cute.","og_url":"https:\/\/www.sunnyshop211.com\/en\/product\/telephone-kawai-miniature-1-6\/","og_site_name":"Sunnyshop211 -Vente de dioramas, meubles, miniatures , bjd poup\u00e9es 1\/12 1\/8 1\/6 1\/4 1\/3","article_publisher":"https:\/\/www.facebook.com\/sunnyshop211\/?ref=bookmarks","article_modified_time":"2025-12-28T12:24:48+00:00","og_image":[{"width":2560,"height":1702,"url":"https:\/\/www.sunnyshop211.com\/wp-content\/uploads\/2019\/11\/20191127_165519-scaled.jpg","type":"image\/jpeg"}],"twitter_card":"summary_large_image","twitter_site":"@sunnyshop211","twitter_misc":{"Est. reading time":"3 minutes"},"schema":{"@context":"https:\/\/schema.org","@graph":[{"@type":"WebPage","@id":"https:\/\/www.sunnyshop211.com\/produit\/telephone-kawai-miniature-1-6\/","url":"https:\/\/www.sunnyshop211.com\/produit\/telephone-kawai-miniature-1-6\/","name":"\ud83d\udcf1\u2728 Miniature kawaii phone - 1\/6 -","isPartOf":{"@id":"https:\/\/www.sunnyshop211.com\/#website"},"primaryImageOfPage":{"@id":"https:\/\/www.sunnyshop211.com\/produit\/telephone-kawai-miniature-1-6\/#primaryimage"},"image":{"@id":"https:\/\/www.sunnyshop211.com\/produit\/telephone-kawai-miniature-1-6\/#primaryimage"},"thumbnailUrl":"https:\/\/www.sunnyshop211.com\/wp-content\/uploads\/2019\/11\/20191127_165519-scaled.jpg","datePublished":"2019-11-19T11:41:22+00:00","dateModified":"2025-12-28T12:24:48+00:00","description":"Miniature kawaii phone 1\/6 Barbie, pullip, poppy parker, blythe. Ideal to keep your dolls connected. Essential and cute accessories.","breadcrumb":{"@id":"https:\/\/www.sunnyshop211.com\/produit\/telephone-kawai-miniature-1-6\/#breadcrumb"},"inLanguage":"en-US","potentialAction":[{"@type":"ReadAction","target":["https:\/\/www.sunnyshop211.com\/produit\/telephone-kawai-miniature-1-6\/"]}]},{"@type":"ImageObject","inLanguage":"en-US","@id":"https:\/\/www.sunnyshop211.com\/produit\/telephone-kawai-miniature-1-6\/#primaryimage","url":"https:\/\/www.sunnyshop211.com\/wp-content\/uploads\/2019\/11\/20191127_165519-scaled.jpg","contentUrl":"https:\/\/www.sunnyshop211.com\/wp-content\/uploads\/2019\/11\/20191127_165519-scaled.jpg","width":2560,"height":1702,"caption":"T\u00e9l\u00e9phone kawa\u00ef miniature 1\/6"},{"@type":"BreadcrumbList","@id":"https:\/\/www.sunnyshop211.com\/produit\/telephone-kawai-miniature-1-6\/#breadcrumb","itemListElement":[{"@type":"ListItem","position":1,"name":"Accueil","item":"https:\/\/www.sunnyshop211.com\/"},{"@type":"ListItem","position":2,"name":"Boutique","item":"https:\/\/www.sunnyshop211.com\/boutique-miniature-bjd-dolls\/"},{"@type":"ListItem","position":3,"name":"\ud83d\udcf1\u2728 T\u00e9l\u00e9phone kawa\u00ef miniature \u2013 1\/6"}]},{"@type":"WebSite","@id":"https:\/\/www.sunnyshop211.com\/#website","url":"https:\/\/www.sunnyshop211.com\/","name":"Sale of dioramas, furniture, miniatures, bjd dolls 1\/12 1\/8 1\/6 1\/4 1\/3","description":"Sunnyshop211 - Your miniature world for dolls and BJDs, dioramas and custom-made furniture!","publisher":{"@id":"https:\/\/www.sunnyshop211.com\/#organization"},"alternateName":"sunnyshop211","potentialAction":[{"@type":"SearchAction","target":{"@type":"EntryPoint","urlTemplate":"https:\/\/www.sunnyshop211.com\/?s={search_term_string}"},"query-input":{"@type":"PropertyValueSpecification","valueRequired":true,"valueName":"search_term_string"}}],"inLanguage":"en-US"},{"@type":"Organization","@id":"https:\/\/www.sunnyshop211.com\/#organization","name":"sunnyshop211","alternateName":"sunnyshop211 diorama bjd meuble miniature","url":"https:\/\/www.sunnyshop211.com\/","logo":{"@type":"ImageObject","inLanguage":"en-US","@id":"https:\/\/www.sunnyshop211.com\/#\/schema\/logo\/image\/","url":"https:\/\/www.sunnyshop211.com\/wp-content\/uploads\/2022\/08\/cropped-cropped-cropped-Sunnyshop211-1.png","contentUrl":"https:\/\/www.sunnyshop211.com\/wp-content\/uploads\/2022\/08\/cropped-cropped-cropped-Sunnyshop211-1.png","width":339,"height":339,"caption":"sunnyshop211"},"image":{"@id":"https:\/\/www.sunnyshop211.com\/#\/schema\/logo\/image\/"},"sameAs":["https:\/\/www.facebook.com\/sunnyshop211\/?ref=bookmarks","https:\/\/x.com\/sunnyshop211","https:\/\/www.instagram.com\/sunnyshop211\/","https:\/\/www.tumblr.com\/blog\/sunnyshop211","https:\/\/www.youtube.com\/channel\/UCtYY18OGGDKrTSzgcf7fCBg","https:\/\/www.tiktok.com\/@sunnydollshop211?is_from_webapp=1&sender_device=pc"]}]}},"jetpack_publicize_connections":[],"jetpack_sharing_enabled":true,"_links":{"self":[{"href":"https:\/\/www.sunnyshop211.com\/en\/wp-json\/wp\/v2\/product\/10893","targetHints":{"allow":["GET"]}}],"collection":[{"href":"https:\/\/www.sunnyshop211.com\/en\/wp-json\/wp\/v2\/product"}],"about":[{"href":"https:\/\/www.sunnyshop211.com\/en\/wp-json\/wp\/v2\/types\/product"}],"replies":[{"embeddable":true,"href":"https:\/\/www.sunnyshop211.com\/en\/wp-json\/wp\/v2\/comments?post=10893"}],"version-history":[{"count":12,"href":"https:\/\/www.sunnyshop211.com\/en\/wp-json\/wp\/v2\/product\/10893\/revisions"}],"predecessor-version":[{"id":53190,"href":"https:\/\/www.sunnyshop211.com\/en\/wp-json\/wp\/v2\/product\/10893\/revisions\/53190"}],"wp:featuredmedia":[{"embeddable":true,"href":"https:\/\/www.sunnyshop211.com\/en\/wp-json\/wp\/v2\/media\/11088"}],"wp:attachment":[{"href":"https:\/\/www.sunnyshop211.com\/en\/wp-json\/wp\/v2\/media?parent=10893"}],"wp:term":[{"taxonomy":"product_brand","embeddable":true,"href":"https:\/\/www.sunnyshop211.com\/en\/wp-json\/wp\/v2\/product_brand?post=10893"},{"taxonomy":"product_cat","embeddable":true,"href":"https:\/\/www.sunnyshop211.com\/en\/wp-json\/wp\/v2\/product_cat?post=10893"},{"taxonomy":"product_tag","embeddable":true,"href":"https:\/\/www.sunnyshop211.com\/en\/wp-json\/wp\/v2\/product_tag?post=10893"}],"curies":[{"name":"wp","href":"https:\/\/api.w.org\/{rel}","templated":true}]}}