{"id":10822,"date":"2019-11-14T20:01:27","date_gmt":"2019-11-14T19:01:27","guid":{"rendered":"https:\/\/sunnyshop211.com\/?post_type=product&#038;p=10822"},"modified":"2025-12-29T16:56:12","modified_gmt":"2025-12-29T15:56:12","slug":"etagere-couronne-1-8-pour-lati-yellow-pukifee-bebe-barbie-dolls","status":"publish","type":"product","link":"https:\/\/www.sunnyshop211.com\/en\/product\/etagere-couronne-1-8-pour-lati-yellow-pukifee-bebe-barbie-dolls\/","title":{"rendered":"Crown rack 1\/8 for lati yellow, pukifee, baby Barbie dolls"},"content":{"rendered":"<p><img fetchpriority=\"high\" decoding=\"async\" class=\"alignnone wp-image-17253 size-medium\" src=\"https:\/\/www.sunnyshop211.com\/wp-content\/uploads\/2020\/09\/litcarosse-66-300x260.jpg\" alt=\"Etag\u00e8re couronne 1\/8\" width=\"300\" height=\"260\" srcset=\"https:\/\/www.sunnyshop211.com\/wp-content\/uploads\/2020\/09\/litcarosse-66-300x260.jpg 300w, https:\/\/www.sunnyshop211.com\/wp-content\/uploads\/2020\/09\/litcarosse-66-500x434.jpg 500w, https:\/\/www.sunnyshop211.com\/wp-content\/uploads\/2020\/09\/litcarosse-66-1024x889.jpg 1024w, https:\/\/www.sunnyshop211.com\/wp-content\/uploads\/2020\/09\/litcarosse-66-768x667.jpg 768w, https:\/\/www.sunnyshop211.com\/wp-content\/uploads\/2020\/09\/litcarosse-66-1536x1334.jpg 1536w, https:\/\/www.sunnyshop211.com\/wp-content\/uploads\/2020\/09\/litcarosse-66-2048x1778.jpg 2048w, https:\/\/www.sunnyshop211.com\/wp-content\/uploads\/2020\/09\/litcarosse-66-69x60.jpg 69w, https:\/\/www.sunnyshop211.com\/wp-content\/uploads\/2020\/09\/litcarosse-66-600x521.jpg 600w\" sizes=\"(max-width: 300px) 100vw, 300px\" \/><\/p>\n<div id='gallery-1' class='gallery galleryid-10822 gallery-columns-3 gallery-size-thumbnail'><figure class='gallery-item'>\n\t\t\t<div class='gallery-icon landscape'>\n\t\t\t\t<a href='https:\/\/www.sunnyshop211.com\/en\/?attachment_id=10686'><img decoding=\"async\" width=\"150\" height=\"150\" src=\"https:\/\/www.sunnyshop211.com\/wp-content\/uploads\/2019\/11\/20191114_124235-150x150.jpg\" class=\"attachment-thumbnail size-thumbnail\" alt=\"Etag\u00e8re couronne 1\/8\" srcset=\"https:\/\/www.sunnyshop211.com\/wp-content\/uploads\/2019\/11\/20191114_124235-150x150.jpg 150w, https:\/\/www.sunnyshop211.com\/wp-content\/uploads\/2019\/11\/20191114_124235-500x500.jpg 500w, https:\/\/www.sunnyshop211.com\/wp-content\/uploads\/2019\/11\/20191114_124235-100x100.jpg 100w\" sizes=\"(max-width: 150px) 100vw, 150px\" \/><\/a>\n\t\t\t<\/div><\/figure><figure class='gallery-item'>\n\t\t\t<div class='gallery-icon portrait'>\n\t\t\t\t<a href='https:\/\/www.sunnyshop211.com\/en\/?attachment_id=10696'><img decoding=\"async\" width=\"150\" height=\"150\" src=\"https:\/\/www.sunnyshop211.com\/wp-content\/uploads\/2019\/11\/20191114_124222-150x150.jpg\" class=\"attachment-thumbnail size-thumbnail\" alt=\"\" srcset=\"https:\/\/www.sunnyshop211.com\/wp-content\/uploads\/2019\/11\/20191114_124222-150x150.jpg 150w, https:\/\/www.sunnyshop211.com\/wp-content\/uploads\/2019\/11\/20191114_124222-scaled-500x500.jpg 500w, https:\/\/www.sunnyshop211.com\/wp-content\/uploads\/2019\/11\/20191114_124222-100x100.jpg 100w\" sizes=\"(max-width: 150px) 100vw, 150px\" \/><\/a>\n\t\t\t<\/div><\/figure><figure class='gallery-item'>\n\t\t\t<div class='gallery-icon landscape'>\n\t\t\t\t<a href='https:\/\/www.sunnyshop211.com\/en\/?attachment_id=10697'><img loading=\"lazy\" decoding=\"async\" width=\"150\" height=\"150\" src=\"https:\/\/www.sunnyshop211.com\/wp-content\/uploads\/2019\/11\/20191114_124426-150x150.jpg\" class=\"attachment-thumbnail size-thumbnail\" alt=\"Etag\u00e8re couronne 1\/8\" srcset=\"https:\/\/www.sunnyshop211.com\/wp-content\/uploads\/2019\/11\/20191114_124426-150x150.jpg 150w, https:\/\/www.sunnyshop211.com\/wp-content\/uploads\/2019\/11\/20191114_124426-scaled-500x500.jpg 500w, https:\/\/www.sunnyshop211.com\/wp-content\/uploads\/2019\/11\/20191114_124426-100x100.jpg 100w\" sizes=\"(max-width: 150px) 100vw, 150px\" \/><\/a>\n\t\t\t<\/div><\/figure><figure class='gallery-item'>\n\t\t\t<div class='gallery-icon portrait'>\n\t\t\t\t<a href='https:\/\/www.sunnyshop211.com\/en\/?attachment_id=10690'><img loading=\"lazy\" decoding=\"async\" width=\"150\" height=\"150\" src=\"https:\/\/www.sunnyshop211.com\/wp-content\/uploads\/2019\/11\/20191114_125854-150x150.jpg\" class=\"attachment-thumbnail size-thumbnail\" alt=\"\" srcset=\"https:\/\/www.sunnyshop211.com\/wp-content\/uploads\/2019\/11\/20191114_125854-150x150.jpg 150w, https:\/\/www.sunnyshop211.com\/wp-content\/uploads\/2019\/11\/20191114_125854-500x500.jpg 500w, https:\/\/www.sunnyshop211.com\/wp-content\/uploads\/2019\/11\/20191114_125854-100x100.jpg 100w, https:\/\/www.sunnyshop211.com\/wp-content\/uploads\/2019\/11\/20191114_125854-59x60.jpg 59w\" sizes=\"(max-width: 150px) 100vw, 150px\" \/><\/a>\n\t\t\t<\/div><\/figure>\n\t\t<\/div>\n\n<h2 data-start=\"163\" data-end=\"203\">Miniature crown rack - 1\/8<\/h2>\n<h3 data-start=\"204\" data-end=\"246\">Diorama accessories - Wall decoration<\/h3>\n<p data-start=\"248\" data-end=\"435\">Miniature crown rack specially designed for <strong data-start=\"300\" data-end=\"354\">customize and decorate your 1\/8-scale dioramas<\/strong>, adding a touch of <strong data-start=\"377\" data-end=\"409\">royal, delicate and poetic<\/strong> to your miniature worlds.<\/p>\n<p data-start=\"437\" data-end=\"550\">Ideal for creating <strong data-start=\"469\" data-end=\"549\">baby's room, nursery, fairytale decor or soft, childlike setting<\/strong>.<\/p>\n<hr data-start=\"552\" data-end=\"555\" \/>\n<h3 data-start=\"557\" data-end=\"597\">\u2728 Available variations &amp; finishes<\/h3>\n<p data-start=\"599\" data-end=\"766\">- Version <strong data-start=\"609\" data-end=\"619\">painted<\/strong> or <strong data-start=\"623\" data-end=\"637\">unpainted<\/strong><br data-start=\"637\" data-end=\"640\" \/>- For a <strong data-start=\"651\" data-end=\"679\">other specific color<\/strong>, don't hesitate to contact me<br data-start=\"709\" data-end=\"712\" \/>\ud83d\udc49 It's up to you to modulate according to your desires and your world.<\/p>\n<hr data-start=\"768\" data-end=\"771\" \/>\n<h3 data-start=\"773\" data-end=\"806\">\ud83d\udccf Dimensions &amp; scale - 1\/8<\/h3>\n<p data-start=\"808\" data-end=\"882\">- Dimensions : <strong data-start=\"823\" data-end=\"859\">6 cm (height) \u00d7 7 cm (length)<\/strong><br data-start=\"859\" data-end=\"862\" \/>(2.36 \u00d7 2.75 inches)<\/p>\n<p data-start=\"884\" data-end=\"964\">Suitable for dolls and scale dioramas <strong data-start=\"927\" data-end=\"934\">1\/8<\/strong>, compatible with :<\/p>\n<p data-start=\"966\" data-end=\"1048\">- Lati Yellow<br data-start=\"979\" data-end=\"982\" \/>- Pukifee<br data-start=\"991\" data-end=\"994\" \/>- Barbie Baby<br data-start=\"1007\" data-end=\"1010\" \/>- Other dolls in similar sizes<\/p>\n<hr data-start=\"1050\" data-end=\"1053\" \/>\n<h3 data-start=\"1055\" data-end=\"1078\">\ud83e\uddf8 Features<\/h3>\n<p data-start=\"1080\" data-end=\"1336\">- Miniature crown rack sold <strong data-start=\"1116\" data-end=\"1129\">per unit<\/strong><br data-start=\"1129\" data-end=\"1132\" \/>- Resin<br data-start=\"1140\" data-end=\"1143\" \/>- Hand-painted and\/or hand-prepared, depending on the version chosen<br data-start=\"1201\" data-end=\"1204\" \/>- Compatible with my furniture sold separately in the store<br data-start=\"1268\" data-end=\"1271\" \/>- Perfect for dioramas, miniature scenes &amp; photo shoots<\/p>\n<hr data-start=\"1338\" data-end=\"1341\" \/>\n<h3 data-start=\"1343\" data-end=\"1365\">\u26a0\ufe0f Note artisanale<\/h3>\n<p data-start=\"1367\" data-end=\"1550\">Entirely handmade.<br data-start=\"1405\" data-end=\"1408\" \/>Slight variations in shape, color or finish may occur, as well as minor imperfections due to the handcrafted nature of the product.<\/p>\n<hr data-start=\"1552\" data-end=\"1555\" \/>\n<h3 data-start=\"1557\" data-end=\"1570\">\ud83d\udcf8 Photos<\/h3>\n<p data-start=\"1572\" data-end=\"1766\">The photos show examples of the staging.<br data-start=\"1622\" data-end=\"1625\" \/>\u27a1\ufe0f <strong data-start=\"1628\" data-end=\"1678\">Only the miniature crown shelf is sold.<\/strong><br data-start=\"1678\" data-end=\"1681\" \/>Visible accessories and decorations are available separately in the store.<\/p>\n<hr data-start=\"1768\" data-end=\"1771\" \/>\n<h3 data-start=\"1773\" data-end=\"1804\">\u26a0\ufe0f Important information<\/h3>\n<p data-start=\"1806\" data-end=\"2115\">- Accessory intended for adults - this is not a toy<br data-start=\"1871\" data-end=\"1874\" \/>- Strictly decorative use<br data-start=\"1903\" data-end=\"1906\" \/>- Made to order: please allow for the usual lead times (GTC &amp; delivery).<br data-start=\"1992\" data-end=\"1995\" \/>- Non-contractual photos - dolls not included<br data-start=\"2043\" data-end=\"2046\" \/>- I am not responsible for any damage incurred in transit.<\/p>\n<p data-start=\"2117\" data-end=\"2201\">\ud83d\udcf8 More photos and inspiration :<br data-start=\"2152\" data-end=\"2155\" \/>\ud83d\udc49 <strong data-start=\"2158\" data-end=\"2201\"><a class=\"decorated-link\" href=\"https:\/\/www.instagram.com\/sunnyshop211\/\" target=\"_new\" rel=\"noopener\" data-start=\"2160\" data-end=\"2199\">https:\/\/www.instagram.com\/sunnyshop211\/<\/a><\/strong><\/p>\n<p data-start=\"2203\" data-end=\"2295\">\ud83e\udd0d <strong data-start=\"2206\" data-end=\"2295\">A charming little crown shelf to enhance your 1\/8-scale miniature scenes.<\/strong><\/p>\n<p>&nbsp;<\/p>","protected":false},"excerpt":{"rendered":"<p>\u00c9tag\u00e8re couronne miniature \u2013 1\/8 Accessoire diorama \u2013 d\u00e9coration murale \u00c9tag\u00e8re couronne miniature sp\u00e9cialement con\u00e7ue pour customiser et d\u00e9corer vos dioramas \u00e0 l\u2019\u00e9chelle 1\/8, apportant une touche royale, d\u00e9licate et po\u00e9tique \u00e0 vos univers miniatures. Id\u00e9ale pour cr\u00e9er des sc\u00e8nes de chambre de b\u00e9b\u00e9, nursery, d\u00e9cor f\u00e9erique ou mise en sc\u00e8ne douce et enfantine. \u2728 [&hellip;]<\/p>\n","protected":false},"featured_media":10686,"comment_status":"open","ping_status":"closed","template":"","meta":{"_crdt_document":"","jetpack_post_was_ever_published":false,"jetpack_publicize_message":"","jetpack_publicize_feature_enabled":true,"jetpack_social_post_already_shared":true,"jetpack_social_options":{"image_generator_settings":{"template":"highway","default_image_id":0,"font":"","enabled":false},"version":2}},"product_brand":[],"product_cat":[667686969],"product_tag":[667681278,667681136,667681284,667681321,667681322,667684550,667684548,667681234,667681226,667681233,667681239,667681348,667681225,667681241,667681236,667681261,667681232,667681173,667681237,667681280,667681277,667681260],"class_list":{"0":"post-10822","1":"product","2":"type-product","3":"status-publish","4":"has-post-thumbnail","6":"product_cat-decoration","7":"product_tag-barbie","8":"product_tag-bjd","9":"product_tag-blythe","10":"product_tag-chair","11":"product_tag-chaise","12":"product_tag-couronne","13":"product_tag-crowned","14":"product_tag-diorama","15":"product_tag-doll","16":"product_tag-dollhouse","17":"product_tag-fairyland","18":"product_tag-fashion-royalty","19":"product_tag-furniture","20":"product_tag-iplehouse","21":"product_tag-maison-de-poupee","22":"product_tag-meuble","23":"product_tag-miniature","24":"product_tag-minifee","25":"product_tag-msd","26":"product_tag-phicen","27":"product_tag-pullip","28":"product_tag-tonner","29":"product_shipping_class-lettre-suivie","30":"pa_couleur-blanc","31":"pa_couleur-bleu","32":"pa_couleur-jaune","33":"pa_couleur-non-peint","34":"pa_couleur-rose","35":"pa_couleur-shabby-blanc","36":"pa_couleur-vert","37":"pa_couleur-violet-fr","39":"first","40":"instock","41":"taxable","42":"shipping-taxable","43":"purchasable","44":"product-type-variable"},"yoast_head":"<!-- This site is optimized with the Yoast SEO plugin v27.4 - https:\/\/yoast.com\/product\/yoast-seo-wordpress\/ -->\n<title>Etag\u00e8re couronne 1\/8 pour lati yellow, pukifee , b\u00e9b\u00e9 Barbie dolls -<\/title>\n<meta name=\"description\" content=\"Etag\u00e8re couronne 1\/8 pour lati yellow, pukifee , b\u00e9b\u00e9 Barbie dolls ou autre de m\u00eame taille. Id\u00e9al pour customiser vos dioramas.\" \/>\n<meta name=\"robots\" content=\"index, follow, max-snippet:-1, max-image-preview:large, max-video-preview:-1\" \/>\n<link rel=\"canonical\" href=\"https:\/\/www.sunnyshop211.com\/en\/product\/etagere-couronne-1-8-pour-lati-yellow-pukifee-bebe-barbie-dolls\/\" \/>\n<meta property=\"og:locale\" content=\"en_US\" \/>\n<meta property=\"og:type\" content=\"article\" \/>\n<meta property=\"og:title\" content=\"Etag\u00e8re couronne 1\/8 pour lati yellow, pukifee , b\u00e9b\u00e9 Barbie dolls -\" \/>\n<meta property=\"og:description\" content=\"Etag\u00e8re couronne 1\/8 pour lati yellow, pukifee , b\u00e9b\u00e9 Barbie dolls ou autre de m\u00eame taille. Id\u00e9al pour customiser vos dioramas.\" \/>\n<meta property=\"og:url\" content=\"https:\/\/www.sunnyshop211.com\/en\/product\/etagere-couronne-1-8-pour-lati-yellow-pukifee-bebe-barbie-dolls\/\" \/>\n<meta property=\"og:site_name\" content=\"Sunnyshop211 -Vente de dioramas, meubles, miniatures , bjd poup\u00e9es 1\/12 1\/8 1\/6 1\/4 1\/3\" \/>\n<meta property=\"article:publisher\" content=\"https:\/\/www.facebook.com\/sunnyshop211\/?ref=bookmarks\" \/>\n<meta property=\"article:modified_time\" content=\"2025-12-29T15:56:12+00:00\" \/>\n<meta property=\"og:image\" content=\"https:\/\/www.sunnyshop211.com\/wp-content\/uploads\/2019\/11\/20191114_124235.jpg\" \/>\n\t<meta property=\"og:image:width\" content=\"1632\" \/>\n\t<meta property=\"og:image:height\" content=\"1568\" \/>\n\t<meta property=\"og:image:type\" content=\"image\/jpeg\" \/>\n<meta name=\"twitter:card\" content=\"summary_large_image\" \/>\n<meta name=\"twitter:site\" content=\"@sunnyshop211\" \/>\n<meta name=\"twitter:label1\" content=\"Est. reading time\" \/>\n\t<meta name=\"twitter:data1\" content=\"2 minutes\" \/>\n<script type=\"application\/ld+json\" class=\"yoast-schema-graph\">{\"@context\":\"https:\\\/\\\/schema.org\",\"@graph\":[{\"@type\":\"WebPage\",\"@id\":\"https:\\\/\\\/www.sunnyshop211.com\\\/produit\\\/etagere-couronne-1-8-pour-lati-yellow-pukifee-bebe-barbie-dolls\\\/\",\"url\":\"https:\\\/\\\/www.sunnyshop211.com\\\/produit\\\/etagere-couronne-1-8-pour-lati-yellow-pukifee-bebe-barbie-dolls\\\/\",\"name\":\"Etag\u00e8re couronne 1\\\/8 pour lati yellow, pukifee , b\u00e9b\u00e9 Barbie dolls -\",\"isPartOf\":{\"@id\":\"https:\\\/\\\/www.sunnyshop211.com\\\/#website\"},\"primaryImageOfPage\":{\"@id\":\"https:\\\/\\\/www.sunnyshop211.com\\\/produit\\\/etagere-couronne-1-8-pour-lati-yellow-pukifee-bebe-barbie-dolls\\\/#primaryimage\"},\"image\":{\"@id\":\"https:\\\/\\\/www.sunnyshop211.com\\\/produit\\\/etagere-couronne-1-8-pour-lati-yellow-pukifee-bebe-barbie-dolls\\\/#primaryimage\"},\"thumbnailUrl\":\"https:\\\/\\\/www.sunnyshop211.com\\\/wp-content\\\/uploads\\\/2019\\\/11\\\/20191114_124235.jpg\",\"datePublished\":\"2019-11-14T19:01:27+00:00\",\"dateModified\":\"2025-12-29T15:56:12+00:00\",\"description\":\"Etag\u00e8re couronne 1\\\/8 pour lati yellow, pukifee , b\u00e9b\u00e9 Barbie dolls ou autre de m\u00eame taille. Id\u00e9al pour customiser vos dioramas.\",\"breadcrumb\":{\"@id\":\"https:\\\/\\\/www.sunnyshop211.com\\\/produit\\\/etagere-couronne-1-8-pour-lati-yellow-pukifee-bebe-barbie-dolls\\\/#breadcrumb\"},\"inLanguage\":\"en-US\",\"potentialAction\":[{\"@type\":\"ReadAction\",\"target\":[\"https:\\\/\\\/www.sunnyshop211.com\\\/produit\\\/etagere-couronne-1-8-pour-lati-yellow-pukifee-bebe-barbie-dolls\\\/\"]}]},{\"@type\":\"ImageObject\",\"inLanguage\":\"en-US\",\"@id\":\"https:\\\/\\\/www.sunnyshop211.com\\\/produit\\\/etagere-couronne-1-8-pour-lati-yellow-pukifee-bebe-barbie-dolls\\\/#primaryimage\",\"url\":\"https:\\\/\\\/www.sunnyshop211.com\\\/wp-content\\\/uploads\\\/2019\\\/11\\\/20191114_124235.jpg\",\"contentUrl\":\"https:\\\/\\\/www.sunnyshop211.com\\\/wp-content\\\/uploads\\\/2019\\\/11\\\/20191114_124235.jpg\",\"width\":1632,\"height\":1568,\"caption\":\"Etag\u00e8re couronne 1\\\/8\"},{\"@type\":\"BreadcrumbList\",\"@id\":\"https:\\\/\\\/www.sunnyshop211.com\\\/produit\\\/etagere-couronne-1-8-pour-lati-yellow-pukifee-bebe-barbie-dolls\\\/#breadcrumb\",\"itemListElement\":[{\"@type\":\"ListItem\",\"position\":1,\"name\":\"Accueil\",\"item\":\"https:\\\/\\\/www.sunnyshop211.com\\\/\"},{\"@type\":\"ListItem\",\"position\":2,\"name\":\"Boutique\",\"item\":\"https:\\\/\\\/www.sunnyshop211.com\\\/boutique-miniature-bjd-dolls\\\/\"},{\"@type\":\"ListItem\",\"position\":3,\"name\":\"Etag\u00e8re couronne 1\\\/8 pour lati yellow, pukifee , b\u00e9b\u00e9 Barbie dolls\"}]},{\"@type\":\"WebSite\",\"@id\":\"https:\\\/\\\/www.sunnyshop211.com\\\/#website\",\"url\":\"https:\\\/\\\/www.sunnyshop211.com\\\/\",\"name\":\"Vente de dioramas, meubles, miniatures , bjd poup\u00e9es 1\\\/12 1\\\/8 1\\\/6 1\\\/4 1\\\/3\",\"description\":\"Sunnyshop211 - Votre univers miniature pour poup\u00e9es et BJD, dioramas et meubles sur mesure !\",\"publisher\":{\"@id\":\"https:\\\/\\\/www.sunnyshop211.com\\\/#organization\"},\"alternateName\":\"sunnyshop211\",\"potentialAction\":[{\"@type\":\"SearchAction\",\"target\":{\"@type\":\"EntryPoint\",\"urlTemplate\":\"https:\\\/\\\/www.sunnyshop211.com\\\/?s={search_term_string}\"},\"query-input\":{\"@type\":\"PropertyValueSpecification\",\"valueRequired\":true,\"valueName\":\"search_term_string\"}}],\"inLanguage\":\"en-US\"},{\"@type\":\"Organization\",\"@id\":\"https:\\\/\\\/www.sunnyshop211.com\\\/#organization\",\"name\":\"sunnyshop211\",\"alternateName\":\"sunnyshop211 diorama bjd meuble miniature\",\"url\":\"https:\\\/\\\/www.sunnyshop211.com\\\/\",\"logo\":{\"@type\":\"ImageObject\",\"inLanguage\":\"en-US\",\"@id\":\"https:\\\/\\\/www.sunnyshop211.com\\\/#\\\/schema\\\/logo\\\/image\\\/\",\"url\":\"https:\\\/\\\/www.sunnyshop211.com\\\/wp-content\\\/uploads\\\/2022\\\/08\\\/cropped-cropped-cropped-Sunnyshop211-1.png\",\"contentUrl\":\"https:\\\/\\\/www.sunnyshop211.com\\\/wp-content\\\/uploads\\\/2022\\\/08\\\/cropped-cropped-cropped-Sunnyshop211-1.png\",\"width\":339,\"height\":339,\"caption\":\"sunnyshop211\"},\"image\":{\"@id\":\"https:\\\/\\\/www.sunnyshop211.com\\\/#\\\/schema\\\/logo\\\/image\\\/\"},\"sameAs\":[\"https:\\\/\\\/www.facebook.com\\\/sunnyshop211\\\/?ref=bookmarks\",\"https:\\\/\\\/x.com\\\/sunnyshop211\",\"https:\\\/\\\/www.instagram.com\\\/sunnyshop211\\\/\",\"https:\\\/\\\/www.tumblr.com\\\/blog\\\/sunnyshop211\",\"https:\\\/\\\/www.youtube.com\\\/channel\\\/UCtYY18OGGDKrTSzgcf7fCBg\",\"https:\\\/\\\/www.tiktok.com\\\/@sunnydollshop211?is_from_webapp=1&sender_device=pc\"]}]}<\/script>\n<!-- \/ Yoast SEO plugin. -->","yoast_head_json":{"title":"Crown rack 1\/8 for lati yellow, pukifee , b\u00e9b\u00e9 Barbie dolls -","description":"1\/8 crown rack for lati yellow, pukifee , baby Barbie dolls or other similar size. Ideal for customizing your dioramas.","robots":{"index":"index","follow":"follow","max-snippet":"max-snippet:-1","max-image-preview":"max-image-preview:large","max-video-preview":"max-video-preview:-1"},"canonical":"https:\/\/www.sunnyshop211.com\/en\/product\/etagere-couronne-1-8-pour-lati-yellow-pukifee-bebe-barbie-dolls\/","og_locale":"en_US","og_type":"article","og_title":"Etag\u00e8re couronne 1\/8 pour lati yellow, pukifee , b\u00e9b\u00e9 Barbie dolls -","og_description":"Etag\u00e8re couronne 1\/8 pour lati yellow, pukifee , b\u00e9b\u00e9 Barbie dolls ou autre de m\u00eame taille. Id\u00e9al pour customiser vos dioramas.","og_url":"https:\/\/www.sunnyshop211.com\/en\/product\/etagere-couronne-1-8-pour-lati-yellow-pukifee-bebe-barbie-dolls\/","og_site_name":"Sunnyshop211 -Vente de dioramas, meubles, miniatures , bjd poup\u00e9es 1\/12 1\/8 1\/6 1\/4 1\/3","article_publisher":"https:\/\/www.facebook.com\/sunnyshop211\/?ref=bookmarks","article_modified_time":"2025-12-29T15:56:12+00:00","og_image":[{"width":1632,"height":1568,"url":"https:\/\/www.sunnyshop211.com\/wp-content\/uploads\/2019\/11\/20191114_124235.jpg","type":"image\/jpeg"}],"twitter_card":"summary_large_image","twitter_site":"@sunnyshop211","twitter_misc":{"Est. reading time":"2 minutes"},"schema":{"@context":"https:\/\/schema.org","@graph":[{"@type":"WebPage","@id":"https:\/\/www.sunnyshop211.com\/produit\/etagere-couronne-1-8-pour-lati-yellow-pukifee-bebe-barbie-dolls\/","url":"https:\/\/www.sunnyshop211.com\/produit\/etagere-couronne-1-8-pour-lati-yellow-pukifee-bebe-barbie-dolls\/","name":"Crown rack 1\/8 for lati yellow, pukifee , b\u00e9b\u00e9 Barbie dolls -","isPartOf":{"@id":"https:\/\/www.sunnyshop211.com\/#website"},"primaryImageOfPage":{"@id":"https:\/\/www.sunnyshop211.com\/produit\/etagere-couronne-1-8-pour-lati-yellow-pukifee-bebe-barbie-dolls\/#primaryimage"},"image":{"@id":"https:\/\/www.sunnyshop211.com\/produit\/etagere-couronne-1-8-pour-lati-yellow-pukifee-bebe-barbie-dolls\/#primaryimage"},"thumbnailUrl":"https:\/\/www.sunnyshop211.com\/wp-content\/uploads\/2019\/11\/20191114_124235.jpg","datePublished":"2019-11-14T19:01:27+00:00","dateModified":"2025-12-29T15:56:12+00:00","description":"1\/8 crown rack for lati yellow, pukifee , baby Barbie dolls or other similar size. Ideal for customizing your dioramas.","breadcrumb":{"@id":"https:\/\/www.sunnyshop211.com\/produit\/etagere-couronne-1-8-pour-lati-yellow-pukifee-bebe-barbie-dolls\/#breadcrumb"},"inLanguage":"en-US","potentialAction":[{"@type":"ReadAction","target":["https:\/\/www.sunnyshop211.com\/produit\/etagere-couronne-1-8-pour-lati-yellow-pukifee-bebe-barbie-dolls\/"]}]},{"@type":"ImageObject","inLanguage":"en-US","@id":"https:\/\/www.sunnyshop211.com\/produit\/etagere-couronne-1-8-pour-lati-yellow-pukifee-bebe-barbie-dolls\/#primaryimage","url":"https:\/\/www.sunnyshop211.com\/wp-content\/uploads\/2019\/11\/20191114_124235.jpg","contentUrl":"https:\/\/www.sunnyshop211.com\/wp-content\/uploads\/2019\/11\/20191114_124235.jpg","width":1632,"height":1568,"caption":"Etag\u00e8re couronne 1\/8"},{"@type":"BreadcrumbList","@id":"https:\/\/www.sunnyshop211.com\/produit\/etagere-couronne-1-8-pour-lati-yellow-pukifee-bebe-barbie-dolls\/#breadcrumb","itemListElement":[{"@type":"ListItem","position":1,"name":"Accueil","item":"https:\/\/www.sunnyshop211.com\/"},{"@type":"ListItem","position":2,"name":"Boutique","item":"https:\/\/www.sunnyshop211.com\/boutique-miniature-bjd-dolls\/"},{"@type":"ListItem","position":3,"name":"Etag\u00e8re couronne 1\/8 pour lati yellow, pukifee , b\u00e9b\u00e9 Barbie dolls"}]},{"@type":"WebSite","@id":"https:\/\/www.sunnyshop211.com\/#website","url":"https:\/\/www.sunnyshop211.com\/","name":"Sale of dioramas, furniture, miniatures, bjd dolls 1\/12 1\/8 1\/6 1\/4 1\/3","description":"Sunnyshop211 - Your miniature world for dolls and BJDs, dioramas and custom-made furniture!","publisher":{"@id":"https:\/\/www.sunnyshop211.com\/#organization"},"alternateName":"sunnyshop211","potentialAction":[{"@type":"SearchAction","target":{"@type":"EntryPoint","urlTemplate":"https:\/\/www.sunnyshop211.com\/?s={search_term_string}"},"query-input":{"@type":"PropertyValueSpecification","valueRequired":true,"valueName":"search_term_string"}}],"inLanguage":"en-US"},{"@type":"Organization","@id":"https:\/\/www.sunnyshop211.com\/#organization","name":"sunnyshop211","alternateName":"sunnyshop211 diorama bjd meuble miniature","url":"https:\/\/www.sunnyshop211.com\/","logo":{"@type":"ImageObject","inLanguage":"en-US","@id":"https:\/\/www.sunnyshop211.com\/#\/schema\/logo\/image\/","url":"https:\/\/www.sunnyshop211.com\/wp-content\/uploads\/2022\/08\/cropped-cropped-cropped-Sunnyshop211-1.png","contentUrl":"https:\/\/www.sunnyshop211.com\/wp-content\/uploads\/2022\/08\/cropped-cropped-cropped-Sunnyshop211-1.png","width":339,"height":339,"caption":"sunnyshop211"},"image":{"@id":"https:\/\/www.sunnyshop211.com\/#\/schema\/logo\/image\/"},"sameAs":["https:\/\/www.facebook.com\/sunnyshop211\/?ref=bookmarks","https:\/\/x.com\/sunnyshop211","https:\/\/www.instagram.com\/sunnyshop211\/","https:\/\/www.tumblr.com\/blog\/sunnyshop211","https:\/\/www.youtube.com\/channel\/UCtYY18OGGDKrTSzgcf7fCBg","https:\/\/www.tiktok.com\/@sunnydollshop211?is_from_webapp=1&sender_device=pc"]}]}},"jetpack_publicize_connections":[],"jetpack_sharing_enabled":true,"_links":{"self":[{"href":"https:\/\/www.sunnyshop211.com\/en\/wp-json\/wp\/v2\/product\/10822","targetHints":{"allow":["GET"]}}],"collection":[{"href":"https:\/\/www.sunnyshop211.com\/en\/wp-json\/wp\/v2\/product"}],"about":[{"href":"https:\/\/www.sunnyshop211.com\/en\/wp-json\/wp\/v2\/types\/product"}],"replies":[{"embeddable":true,"href":"https:\/\/www.sunnyshop211.com\/en\/wp-json\/wp\/v2\/comments?post=10822"}],"version-history":[{"count":8,"href":"https:\/\/www.sunnyshop211.com\/en\/wp-json\/wp\/v2\/product\/10822\/revisions"}],"predecessor-version":[{"id":53403,"href":"https:\/\/www.sunnyshop211.com\/en\/wp-json\/wp\/v2\/product\/10822\/revisions\/53403"}],"wp:featuredmedia":[{"embeddable":true,"href":"https:\/\/www.sunnyshop211.com\/en\/wp-json\/wp\/v2\/media\/10686"}],"wp:attachment":[{"href":"https:\/\/www.sunnyshop211.com\/en\/wp-json\/wp\/v2\/media?parent=10822"}],"wp:term":[{"taxonomy":"product_brand","embeddable":true,"href":"https:\/\/www.sunnyshop211.com\/en\/wp-json\/wp\/v2\/product_brand?post=10822"},{"taxonomy":"product_cat","embeddable":true,"href":"https:\/\/www.sunnyshop211.com\/en\/wp-json\/wp\/v2\/product_cat?post=10822"},{"taxonomy":"product_tag","embeddable":true,"href":"https:\/\/www.sunnyshop211.com\/en\/wp-json\/wp\/v2\/product_tag?post=10822"}],"curies":[{"name":"wp","href":"https:\/\/api.w.org\/{rel}","templated":true}]}}