{"id":10558,"date":"2019-11-12T09:16:14","date_gmt":"2019-11-12T08:16:14","guid":{"rendered":"https:\/\/sunnyshop211.com\/?post_type=product&#038;p=10558"},"modified":"2026-01-03T17:56:16","modified_gmt":"2026-01-03T16:56:16","slug":"ecriture-merry-christmas-miniature-noel-1-4-minifee1-6-barbie","status":"publish","type":"product","link":"https:\/\/www.sunnyshop211.com\/en\/product\/ecriture-merry-christmas-miniature-noel-1-4-minifee1-6-barbie\/","title":{"rendered":"Writing \"merry christmas\" miniature christmas 1\/4 minifee1\/6 Barbie"},"content":{"rendered":"<div id='gallery-1' class='gallery galleryid-10558 gallery-columns-3 gallery-size-thumbnail'><figure class='gallery-item'>\n\t\t\t<div class='gallery-icon portrait'>\n\t\t\t\t<a href='https:\/\/www.sunnyshop211.com\/en\/?attachment_id=28091'><img decoding=\"async\" width=\"150\" height=\"150\" src=\"https:\/\/www.sunnyshop211.com\/wp-content\/uploads\/2022\/10\/noelb285029-150x150.jpg\" class=\"attachment-thumbnail size-thumbnail\" alt=\"Ecriture &quot; merry christmas &quot; miniature\" srcset=\"https:\/\/www.sunnyshop211.com\/wp-content\/uploads\/2022\/10\/noelb285029-150x150.jpg 150w, https:\/\/www.sunnyshop211.com\/wp-content\/uploads\/2022\/10\/noelb285029-scaled-500x500.jpg 500w, https:\/\/www.sunnyshop211.com\/wp-content\/uploads\/2022\/10\/noelb285029-scaled-100x100.jpg 100w\" sizes=\"(max-width: 150px) 100vw, 150px\" \/><\/a>\n\t\t\t<\/div><\/figure><figure class='gallery-item'>\n\t\t\t<div class='gallery-icon portrait'>\n\t\t\t\t<a href='https:\/\/www.sunnyshop211.com\/en\/?attachment_id=28086'><img decoding=\"async\" width=\"150\" height=\"150\" src=\"https:\/\/www.sunnyshop211.com\/wp-content\/uploads\/2022\/10\/noelb285129-150x150.jpg\" class=\"attachment-thumbnail size-thumbnail\" alt=\"\" srcset=\"https:\/\/www.sunnyshop211.com\/wp-content\/uploads\/2022\/10\/noelb285129-150x150.jpg 150w, https:\/\/www.sunnyshop211.com\/wp-content\/uploads\/2022\/10\/noelb285129-scaled-500x500.jpg 500w, https:\/\/www.sunnyshop211.com\/wp-content\/uploads\/2022\/10\/noelb285129-scaled-100x100.jpg 100w\" sizes=\"(max-width: 150px) 100vw, 150px\" \/><\/a>\n\t\t\t<\/div><\/figure><figure class='gallery-item'>\n\t\t\t<div class='gallery-icon portrait'>\n\t\t\t\t<a href='https:\/\/www.sunnyshop211.com\/en\/?attachment_id=28093'><img decoding=\"async\" width=\"150\" height=\"150\" src=\"https:\/\/www.sunnyshop211.com\/wp-content\/uploads\/2022\/10\/noelb284329-150x150.jpg\" class=\"attachment-thumbnail size-thumbnail\" alt=\"Ecriture &quot; merry christmas &quot; miniature\" srcset=\"https:\/\/www.sunnyshop211.com\/wp-content\/uploads\/2022\/10\/noelb284329-150x150.jpg 150w, https:\/\/www.sunnyshop211.com\/wp-content\/uploads\/2022\/10\/noelb284329-scaled-500x500.jpg 500w, https:\/\/www.sunnyshop211.com\/wp-content\/uploads\/2022\/10\/noelb284329-scaled-100x100.jpg 100w\" sizes=\"(max-width: 150px) 100vw, 150px\" \/><\/a>\n\t\t\t<\/div><\/figure><figure class='gallery-item'>\n\t\t\t<div class='gallery-icon landscape'>\n\t\t\t\t<a href='https:\/\/www.sunnyshop211.com\/en\/?attachment_id=10500'><img loading=\"lazy\" decoding=\"async\" width=\"150\" height=\"150\" src=\"https:\/\/www.sunnyshop211.com\/wp-content\/uploads\/2019\/11\/20191109_185505-150x150.jpg\" class=\"attachment-thumbnail size-thumbnail\" alt=\"\" srcset=\"https:\/\/www.sunnyshop211.com\/wp-content\/uploads\/2019\/11\/20191109_185505-150x150.jpg 150w, https:\/\/www.sunnyshop211.com\/wp-content\/uploads\/2019\/11\/20191109_185505-scaled-500x500.jpg 500w, https:\/\/www.sunnyshop211.com\/wp-content\/uploads\/2019\/11\/20191109_185505-100x100.jpg 100w\" sizes=\"(max-width: 150px) 100vw, 150px\" \/><\/a>\n\t\t\t<\/div><\/figure><figure class='gallery-item'>\n\t\t\t<div class='gallery-icon landscape'>\n\t\t\t\t<a href='https:\/\/www.sunnyshop211.com\/en\/?attachment_id=10495'><img loading=\"lazy\" decoding=\"async\" width=\"150\" height=\"150\" src=\"https:\/\/www.sunnyshop211.com\/wp-content\/uploads\/2019\/11\/20191109_185546-150x150.jpg\" class=\"attachment-thumbnail size-thumbnail\" alt=\"Ecriture &quot; merry christmas &quot; miniature\" srcset=\"https:\/\/www.sunnyshop211.com\/wp-content\/uploads\/2019\/11\/20191109_185546-150x150.jpg 150w, https:\/\/www.sunnyshop211.com\/wp-content\/uploads\/2019\/11\/20191109_185546-500x500.jpg 500w, https:\/\/www.sunnyshop211.com\/wp-content\/uploads\/2019\/11\/20191109_185546-100x100.jpg 100w\" sizes=\"(max-width: 150px) 100vw, 150px\" \/><\/a>\n\t\t\t<\/div><\/figure>\n\t\t<\/div>\n\n<h2 data-start=\"171\" data-end=\"285\">Writing miniature \u00abMerry Christmas\u00bb \/ \u00abJoyeux No\u00ebl\u00bb - Christmas Decoration - 1\/6 - 1\/4 - Diorama - Dollhouse<\/h2>\n<p data-start=\"287\" data-end=\"307\">\u2500\u2500\u2500\u2500\u2500\u2500\u2500\u2500\u2500\u2500\u2500\u2500\u2500\u2500\u2500\u2500\u2500\u2500\u2500\u2500<\/p>\n<p data-start=\"309\" data-end=\"326\">\u2728 <strong data-start=\"311\" data-end=\"326\">Description<\/strong><\/p>\n<p data-start=\"328\" data-end=\"486\">This <strong data-start=\"334\" data-end=\"364\">Christmas miniature writing<\/strong> is ideal for completing your festive decorations and adding a warm, elegant touch to your dioramas and dollhouses.<\/p>\n<p data-start=\"488\" data-end=\"645\">Placed on a mantelpiece, a shelf, a table or in a roombox, it blends in perfectly with your home. <strong data-start=\"594\" data-end=\"620\">Christmas staging<\/strong> and winter ambience.<\/p>\n<p data-start=\"647\" data-end=\"725\">\u2714 Fictitious decoration<br data-start=\"667\" data-end=\"670\" \/>\u2714 Non-functional decorative element<br data-start=\"705\" data-end=\"708\" \/>\u2714 Sold by unit<\/p>\n<p data-start=\"727\" data-end=\"747\">\u2500\u2500\u2500\u2500\u2500\u2500\u2500\u2500\u2500\u2500\u2500\u2500\u2500\u2500\u2500\u2500\u2500\u2500\u2500\u2500<\/p>\n<p data-start=\"749\" data-end=\"769\">\ud83e\uddf8 <strong data-start=\"752\" data-end=\"769\">Compatibility<\/strong><\/p>\n<p data-start=\"771\" data-end=\"813\">Suitable for dolls and miniature worlds:<\/p>\n<p data-start=\"815\" data-end=\"947\">\u2022 <strong data-start=\"817\" data-end=\"824\">1\/4<\/strong> : Minifee, MSD, Unoa, Bimong<br data-start=\"853\" data-end=\"856\" \/>\u2022 <strong data-start=\"858\" data-end=\"865\">1\/6<\/strong> Barbie, Pullip, Blythe, Poppy Parker<br data-start=\"904\" data-end=\"907\" \/>- Other dolls of equivalent size<\/p>\n<p data-start=\"949\" data-end=\"1040\">Compatible with furniture and accessories sold separately in sunnyshop211.<\/p>\n<p data-start=\"1042\" data-end=\"1062\">\u2500\u2500\u2500\u2500\u2500\u2500\u2500\u2500\u2500\u2500\u2500\u2500\u2500\u2500\u2500\u2500\u2500\u2500\u2500\u2500<\/p>\n<p data-start=\"1064\" data-end=\"1085\">\ud83d\udd24 <strong data-start=\"1067\" data-end=\"1085\">Choice of text<\/strong><\/p>\n<p data-start=\"1087\" data-end=\"1134\">Choose the version you prefer:<\/p>\n<p data-start=\"1136\" data-end=\"1228\">\u2022 <strong data-start=\"1138\" data-end=\"1159\">French version<\/strong> : <em data-start=\"1162\" data-end=\"1179\">\u00abMerry Christmas\u00bb<\/em><br data-start=\"1179\" data-end=\"1182\" \/>\u2022 <strong data-start=\"1184\" data-end=\"1204\">English version<\/strong> : <em data-start=\"1207\" data-end=\"1228\">\u00abMerry Christmas\u00bb<\/em><\/p>\n<p data-start=\"1230\" data-end=\"1250\">\u2500\u2500\u2500\u2500\u2500\u2500\u2500\u2500\u2500\u2500\u2500\u2500\u2500\u2500\u2500\u2500\u2500\u2500\u2500\u2500<\/p>\n<p data-start=\"1252\" data-end=\"1267\">\ud83c\udfa8 <strong data-start=\"1255\" data-end=\"1267\">Colors<\/strong><\/p>\n<p data-start=\"1269\" data-end=\"1360\">- Choice of color<br data-start=\"1287\" data-end=\"1290\" \/>- Several possible combinations to suit your mood and your world<\/p>\n<p data-start=\"1362\" data-end=\"1408\">\ud83d\udc49 The price corresponds to <strong data-start=\"1386\" data-end=\"1408\">1 entry \/ 1 word<\/strong><\/p>\n<p data-start=\"1410\" data-end=\"1430\">\u2500\u2500\u2500\u2500\u2500\u2500\u2500\u2500\u2500\u2500\u2500\u2500\u2500\u2500\u2500\u2500\u2500\u2500\u2500\u2500<\/p>\n<p data-start=\"1432\" data-end=\"1450\">\ud83c\udfac <strong data-start=\"1435\" data-end=\"1450\">Use<\/strong><\/p>\n<p data-start=\"1452\" data-end=\"1581\">Ideal for :<br \/>\n- miniature mantel decorations<br data-start=\"1500\" data-end=\"1503\" \/>- shelves and consoles<br data-start=\"1525\" data-end=\"1528\" \/>- Christmas roombox<br data-start=\"1545\" data-end=\"1548\" \/>- winter and festive dioramas<\/p>\n<p data-start=\"1583\" data-end=\"1692\">Fireplaces and other decorations shown in the scenes are sold separately in the store.<\/p>\n<p data-start=\"1694\" data-end=\"1714\">\u2500\u2500\u2500\u2500\u2500\u2500\u2500\u2500\u2500\u2500\u2500\u2500\u2500\u2500\u2500\u2500\u2500\u2500\u2500\u2500<\/p>\n<h3 data-start=\"1716\" data-end=\"1746\">\ud83d\udd90\ufe0f <strong data-start=\"1720\" data-end=\"1746\">Handcrafted products<\/strong><\/h3>\n<p data-start=\"1748\" data-end=\"1814\">Each entry is made <strong data-start=\"1777\" data-end=\"1790\">by hand<\/strong>, by hand.<\/p>\n<p data-start=\"1816\" data-end=\"1958\">Because of the handmade :<br \/>\n- slight variations in shape or color may occur<br data-start=\"1906\" data-end=\"1909\" \/>- some minor imperfections are possible<\/p>\n<p data-start=\"1960\" data-end=\"1980\">\u2500\u2500\u2500\u2500\u2500\u2500\u2500\u2500\u2500\u2500\u2500\u2500\u2500\u2500\u2500\u2500\u2500\u2500\u2500\u2500<\/p>\n<p data-start=\"1982\" data-end=\"2013\">\ud83d\udce6 <strong data-start=\"1985\" data-end=\"2013\">Important information<\/strong><\/p>\n<p data-start=\"2015\" data-end=\"2284\">- Article <strong data-start=\"2025\" data-end=\"2049\">made to order<\/strong><br data-start=\"2049\" data-end=\"2052\" \/>- Please allow for manufacturing and delivery times.<br data-start=\"2117\" data-end=\"2120\" \/>(see General Sales Conditions and delivery times)<br data-start=\"2181\" data-end=\"2184\" \/>- The photos are examples of staging<br data-start=\"2231\" data-end=\"2234\" \/>- Other decorations sold separately<\/p>\n<p data-start=\"2286\" data-end=\"2366\">More inspiration on Instagram :<br data-start=\"2321\" data-end=\"2324\" \/>\ud83d\udc49 <a class=\"decorated-link\" href=\"https:\/\/www.instagram.com\/sunnyshop211\/\" target=\"_new\" rel=\"noopener\" data-start=\"2327\" data-end=\"2366\">https:\/\/www.instagram.com\/sunnyshop211\/<\/a><\/p>\n<p data-start=\"2368\" data-end=\"2388\">\u2500\u2500\u2500\u2500\u2500\u2500\u2500\u2500\u2500\u2500\u2500\u2500\u2500\u2500\u2500\u2500\u2500\u2500\u2500\u2500<\/p>\n<p data-start=\"2390\" data-end=\"2413\">\u26a0\ufe0f <strong data-start=\"2393\" data-end=\"2413\">Terms of use<\/strong><\/p>\n<p data-start=\"2415\" data-end=\"2555\">!!!! This is not a toy, this article is intended for adults.<br data-start=\"2486\" data-end=\"2489\" \/>I am not responsible for any damage in transit.<\/p>\n<hr data-start=\"2557\" data-end=\"2560\" \/>\n<p data-start=\"2562\" data-end=\"2803\" data-is-last-node=\"\" data-is-only-node=\"\">\ud83c\udf84\u2728 <strong data-start=\"2566\" data-end=\"2654\">The perfect touch of typography to enhance your miniature Christmas decorations<\/strong><\/p>","protected":false},"excerpt":{"rendered":"<p>\u00c9criture miniature \u00ab Merry Christmas \u00bb \/ \u00ab Joyeux No\u00ebl \u00bb \u2013 D\u00e9coration de No\u00ebl \u2013 1\/6 \u00b7 1\/4 \u00b7 Diorama \u00b7 Dollhouse \u2500\u2500\u2500\u2500\u2500\u2500\u2500\u2500\u2500\u2500\u2500\u2500\u2500\u2500\u2500\u2500\u2500\u2500\u2500\u2500 \u2728 Description Cette \u00e9criture miniature de No\u00ebl est id\u00e9ale pour compl\u00e9ter vos d\u00e9cors festifs et apporter une touche chaleureuse et \u00e9l\u00e9gante \u00e0 vos dioramas et dollhouses. Plac\u00e9e sur une chemin\u00e9e, une [&hellip;]<\/p>\n","protected":false},"featured_media":28091,"comment_status":"open","ping_status":"closed","template":"","meta":{"_crdt_document":"","jetpack_post_was_ever_published":false,"jetpack_publicize_message":"","jetpack_publicize_feature_enabled":true,"jetpack_social_post_already_shared":true,"jetpack_social_options":{"image_generator_settings":{"template":"highway","default_image_id":0,"font":"","enabled":false},"version":2}},"product_brand":[],"product_cat":[667687069],"product_tag":[667681136,667681357,667681358,667681234,667681226,667681233,667681225,667681241,667681242,667681359,667681236,667681261,667681281,667681173,667681237,667681177,667681235,667681360,667681260],"class_list":{"0":"post-10558","1":"product","2":"type-product","3":"status-publish","4":"has-post-thumbnail","6":"product_cat--decoration-de-noel","7":"product_tag-bjd","8":"product_tag-cheminee","9":"product_tag-chimney","10":"product_tag-diorama","11":"product_tag-doll","12":"product_tag-dollhouse","13":"product_tag-furniture","14":"product_tag-iplehouse","15":"product_tag-jid","16":"product_tag-living-room","17":"product_tag-maison-de-poupee","18":"product_tag-meuble","19":"product_tag-meubles","20":"product_tag-minifee","21":"product_tag-msd","22":"product_tag-poupee","23":"product_tag-roombox","24":"product_tag-salon","25":"product_tag-tonner","26":"product_shipping_class-lettre-suivie-3","27":"pa_couleur-blanc","28":"pa_couleur-dore-golden","29":"pa_couleur-metal","30":"pa_couleur-rose-pink","31":"pa_couleur-rouge","32":"pa_couleur-vert","34":"first","35":"instock","36":"taxable","37":"shipping-taxable","38":"purchasable","39":"product-type-variable"},"yoast_head":"<!-- This site is optimized with the Yoast SEO plugin v27.4 - https:\/\/yoast.com\/product\/yoast-seo-wordpress\/ -->\n<title>Ecriture &quot; merry christmas &quot; miniature no\u00ebl 1\/4 minifee1\/6 Barbie -<\/title>\n<meta name=\"description\" content=\"Ecriture &quot; merry christmas &quot; miniature pour d\u00e9coration de no\u00ebl dollhouse \/ diorama 1\/4 pour minifee, msd 1\/6 , pullip, blythe, barbie ou similaire\" \/>\n<meta name=\"robots\" content=\"index, follow, max-snippet:-1, max-image-preview:large, max-video-preview:-1\" \/>\n<link rel=\"canonical\" href=\"https:\/\/www.sunnyshop211.com\/en\/product\/ecriture-merry-christmas-miniature-noel-1-4-minifee1-6-barbie\/\" \/>\n<meta property=\"og:locale\" content=\"en_US\" \/>\n<meta property=\"og:type\" content=\"article\" \/>\n<meta property=\"og:title\" content=\"Ecriture &quot; merry christmas &quot; miniature no\u00ebl 1\/4 minifee1\/6 Barbie -\" \/>\n<meta property=\"og:description\" content=\"Ecriture &quot; merry christmas &quot; miniature pour d\u00e9coration de no\u00ebl dollhouse \/ diorama 1\/4 pour minifee, msd 1\/6 , pullip, blythe, barbie ou similaire\" \/>\n<meta property=\"og:url\" content=\"https:\/\/www.sunnyshop211.com\/en\/product\/ecriture-merry-christmas-miniature-noel-1-4-minifee1-6-barbie\/\" \/>\n<meta property=\"og:site_name\" content=\"Sunnyshop211 -Vente de dioramas, meubles, miniatures , bjd poup\u00e9es 1\/12 1\/8 1\/6 1\/4 1\/3\" \/>\n<meta property=\"article:publisher\" content=\"https:\/\/www.facebook.com\/sunnyshop211\/?ref=bookmarks\" \/>\n<meta property=\"article:modified_time\" content=\"2026-01-03T16:56:16+00:00\" \/>\n<meta property=\"og:image\" content=\"https:\/\/www.sunnyshop211.com\/wp-content\/uploads\/2022\/10\/noelb285029-scaled.jpg\" \/>\n\t<meta property=\"og:image:width\" content=\"1707\" \/>\n\t<meta property=\"og:image:height\" content=\"2560\" \/>\n\t<meta property=\"og:image:type\" content=\"image\/jpeg\" \/>\n<meta name=\"twitter:card\" content=\"summary_large_image\" \/>\n<meta name=\"twitter:site\" content=\"@sunnyshop211\" \/>\n<meta name=\"twitter:label1\" content=\"Est. reading time\" \/>\n\t<meta name=\"twitter:data1\" content=\"2 minutes\" \/>\n<script type=\"application\/ld+json\" class=\"yoast-schema-graph\">{\"@context\":\"https:\\\/\\\/schema.org\",\"@graph\":[{\"@type\":\"WebPage\",\"@id\":\"https:\\\/\\\/www.sunnyshop211.com\\\/produit\\\/ecriture-merry-christmas-miniature-noel-1-4-minifee1-6-barbie\\\/\",\"url\":\"https:\\\/\\\/www.sunnyshop211.com\\\/produit\\\/ecriture-merry-christmas-miniature-noel-1-4-minifee1-6-barbie\\\/\",\"name\":\"Ecriture \\\" merry christmas \\\" miniature no\u00ebl 1\\\/4 minifee1\\\/6 Barbie -\",\"isPartOf\":{\"@id\":\"https:\\\/\\\/www.sunnyshop211.com\\\/#website\"},\"primaryImageOfPage\":{\"@id\":\"https:\\\/\\\/www.sunnyshop211.com\\\/produit\\\/ecriture-merry-christmas-miniature-noel-1-4-minifee1-6-barbie\\\/#primaryimage\"},\"image\":{\"@id\":\"https:\\\/\\\/www.sunnyshop211.com\\\/produit\\\/ecriture-merry-christmas-miniature-noel-1-4-minifee1-6-barbie\\\/#primaryimage\"},\"thumbnailUrl\":\"https:\\\/\\\/www.sunnyshop211.com\\\/wp-content\\\/uploads\\\/2022\\\/10\\\/noelb285029-scaled.jpg\",\"datePublished\":\"2019-11-12T08:16:14+00:00\",\"dateModified\":\"2026-01-03T16:56:16+00:00\",\"description\":\"Ecriture \\\" merry christmas \\\" miniature pour d\u00e9coration de no\u00ebl dollhouse \\\/ diorama 1\\\/4 pour minifee, msd 1\\\/6 , pullip, blythe, barbie ou similaire\",\"breadcrumb\":{\"@id\":\"https:\\\/\\\/www.sunnyshop211.com\\\/produit\\\/ecriture-merry-christmas-miniature-noel-1-4-minifee1-6-barbie\\\/#breadcrumb\"},\"inLanguage\":\"en-US\",\"potentialAction\":[{\"@type\":\"ReadAction\",\"target\":[\"https:\\\/\\\/www.sunnyshop211.com\\\/produit\\\/ecriture-merry-christmas-miniature-noel-1-4-minifee1-6-barbie\\\/\"]}]},{\"@type\":\"ImageObject\",\"inLanguage\":\"en-US\",\"@id\":\"https:\\\/\\\/www.sunnyshop211.com\\\/produit\\\/ecriture-merry-christmas-miniature-noel-1-4-minifee1-6-barbie\\\/#primaryimage\",\"url\":\"https:\\\/\\\/www.sunnyshop211.com\\\/wp-content\\\/uploads\\\/2022\\\/10\\\/noelb285029-scaled.jpg\",\"contentUrl\":\"https:\\\/\\\/www.sunnyshop211.com\\\/wp-content\\\/uploads\\\/2022\\\/10\\\/noelb285029-scaled.jpg\",\"width\":1707,\"height\":2560,\"caption\":\"Ecriture \\\" merry christmas \\\" miniature\"},{\"@type\":\"BreadcrumbList\",\"@id\":\"https:\\\/\\\/www.sunnyshop211.com\\\/produit\\\/ecriture-merry-christmas-miniature-noel-1-4-minifee1-6-barbie\\\/#breadcrumb\",\"itemListElement\":[{\"@type\":\"ListItem\",\"position\":1,\"name\":\"Accueil\",\"item\":\"https:\\\/\\\/www.sunnyshop211.com\\\/\"},{\"@type\":\"ListItem\",\"position\":2,\"name\":\"Boutique\",\"item\":\"https:\\\/\\\/www.sunnyshop211.com\\\/boutique-miniature-bjd-dolls\\\/\"},{\"@type\":\"ListItem\",\"position\":3,\"name\":\"Ecriture &#8221; merry christmas &#8221; miniature no\u00ebl 1\\\/4 minifee1\\\/6 Barbie\"}]},{\"@type\":\"WebSite\",\"@id\":\"https:\\\/\\\/www.sunnyshop211.com\\\/#website\",\"url\":\"https:\\\/\\\/www.sunnyshop211.com\\\/\",\"name\":\"Vente de dioramas, meubles, miniatures , bjd poup\u00e9es 1\\\/12 1\\\/8 1\\\/6 1\\\/4 1\\\/3\",\"description\":\"Sunnyshop211 - Votre univers miniature pour poup\u00e9es et BJD, dioramas et meubles sur mesure !\",\"publisher\":{\"@id\":\"https:\\\/\\\/www.sunnyshop211.com\\\/#organization\"},\"alternateName\":\"sunnyshop211\",\"potentialAction\":[{\"@type\":\"SearchAction\",\"target\":{\"@type\":\"EntryPoint\",\"urlTemplate\":\"https:\\\/\\\/www.sunnyshop211.com\\\/?s={search_term_string}\"},\"query-input\":{\"@type\":\"PropertyValueSpecification\",\"valueRequired\":true,\"valueName\":\"search_term_string\"}}],\"inLanguage\":\"en-US\"},{\"@type\":\"Organization\",\"@id\":\"https:\\\/\\\/www.sunnyshop211.com\\\/#organization\",\"name\":\"sunnyshop211\",\"alternateName\":\"sunnyshop211 diorama bjd meuble miniature\",\"url\":\"https:\\\/\\\/www.sunnyshop211.com\\\/\",\"logo\":{\"@type\":\"ImageObject\",\"inLanguage\":\"en-US\",\"@id\":\"https:\\\/\\\/www.sunnyshop211.com\\\/#\\\/schema\\\/logo\\\/image\\\/\",\"url\":\"https:\\\/\\\/www.sunnyshop211.com\\\/wp-content\\\/uploads\\\/2022\\\/08\\\/cropped-cropped-cropped-Sunnyshop211-1.png\",\"contentUrl\":\"https:\\\/\\\/www.sunnyshop211.com\\\/wp-content\\\/uploads\\\/2022\\\/08\\\/cropped-cropped-cropped-Sunnyshop211-1.png\",\"width\":339,\"height\":339,\"caption\":\"sunnyshop211\"},\"image\":{\"@id\":\"https:\\\/\\\/www.sunnyshop211.com\\\/#\\\/schema\\\/logo\\\/image\\\/\"},\"sameAs\":[\"https:\\\/\\\/www.facebook.com\\\/sunnyshop211\\\/?ref=bookmarks\",\"https:\\\/\\\/x.com\\\/sunnyshop211\",\"https:\\\/\\\/www.instagram.com\\\/sunnyshop211\\\/\",\"https:\\\/\\\/www.tumblr.com\\\/blog\\\/sunnyshop211\",\"https:\\\/\\\/www.youtube.com\\\/channel\\\/UCtYY18OGGDKrTSzgcf7fCBg\",\"https:\\\/\\\/www.tiktok.com\\\/@sunnydollshop211?is_from_webapp=1&sender_device=pc\"]}]}<\/script>\n<!-- \/ Yoast SEO plugin. -->","yoast_head_json":{"title":"Writing \"merry christmas\" miniature christmas 1\/4 minifee1\/6 Barbie -","description":"Writing \"merry christmas\" miniature for christmas decoration dollhouse \/ diorama 1\/4 for minifee, msd 1\/6 , pullip, blythe, barbie or similar","robots":{"index":"index","follow":"follow","max-snippet":"max-snippet:-1","max-image-preview":"max-image-preview:large","max-video-preview":"max-video-preview:-1"},"canonical":"https:\/\/www.sunnyshop211.com\/en\/product\/ecriture-merry-christmas-miniature-noel-1-4-minifee1-6-barbie\/","og_locale":"en_US","og_type":"article","og_title":"Ecriture \" merry christmas \" miniature no\u00ebl 1\/4 minifee1\/6 Barbie -","og_description":"Ecriture \" merry christmas \" miniature pour d\u00e9coration de no\u00ebl dollhouse \/ diorama 1\/4 pour minifee, msd 1\/6 , pullip, blythe, barbie ou similaire","og_url":"https:\/\/www.sunnyshop211.com\/en\/product\/ecriture-merry-christmas-miniature-noel-1-4-minifee1-6-barbie\/","og_site_name":"Sunnyshop211 -Vente de dioramas, meubles, miniatures , bjd poup\u00e9es 1\/12 1\/8 1\/6 1\/4 1\/3","article_publisher":"https:\/\/www.facebook.com\/sunnyshop211\/?ref=bookmarks","article_modified_time":"2026-01-03T16:56:16+00:00","og_image":[{"width":1707,"height":2560,"url":"https:\/\/www.sunnyshop211.com\/wp-content\/uploads\/2022\/10\/noelb285029-scaled.jpg","type":"image\/jpeg"}],"twitter_card":"summary_large_image","twitter_site":"@sunnyshop211","twitter_misc":{"Est. reading time":"2 minutes"},"schema":{"@context":"https:\/\/schema.org","@graph":[{"@type":"WebPage","@id":"https:\/\/www.sunnyshop211.com\/produit\/ecriture-merry-christmas-miniature-noel-1-4-minifee1-6-barbie\/","url":"https:\/\/www.sunnyshop211.com\/produit\/ecriture-merry-christmas-miniature-noel-1-4-minifee1-6-barbie\/","name":"Writing \"merry christmas\" miniature christmas 1\/4 minifee1\/6 Barbie -","isPartOf":{"@id":"https:\/\/www.sunnyshop211.com\/#website"},"primaryImageOfPage":{"@id":"https:\/\/www.sunnyshop211.com\/produit\/ecriture-merry-christmas-miniature-noel-1-4-minifee1-6-barbie\/#primaryimage"},"image":{"@id":"https:\/\/www.sunnyshop211.com\/produit\/ecriture-merry-christmas-miniature-noel-1-4-minifee1-6-barbie\/#primaryimage"},"thumbnailUrl":"https:\/\/www.sunnyshop211.com\/wp-content\/uploads\/2022\/10\/noelb285029-scaled.jpg","datePublished":"2019-11-12T08:16:14+00:00","dateModified":"2026-01-03T16:56:16+00:00","description":"Writing \"merry christmas\" miniature for christmas decoration dollhouse \/ diorama 1\/4 for minifee, msd 1\/6 , pullip, blythe, barbie or similar","breadcrumb":{"@id":"https:\/\/www.sunnyshop211.com\/produit\/ecriture-merry-christmas-miniature-noel-1-4-minifee1-6-barbie\/#breadcrumb"},"inLanguage":"en-US","potentialAction":[{"@type":"ReadAction","target":["https:\/\/www.sunnyshop211.com\/produit\/ecriture-merry-christmas-miniature-noel-1-4-minifee1-6-barbie\/"]}]},{"@type":"ImageObject","inLanguage":"en-US","@id":"https:\/\/www.sunnyshop211.com\/produit\/ecriture-merry-christmas-miniature-noel-1-4-minifee1-6-barbie\/#primaryimage","url":"https:\/\/www.sunnyshop211.com\/wp-content\/uploads\/2022\/10\/noelb285029-scaled.jpg","contentUrl":"https:\/\/www.sunnyshop211.com\/wp-content\/uploads\/2022\/10\/noelb285029-scaled.jpg","width":1707,"height":2560,"caption":"Ecriture \" merry christmas \" miniature"},{"@type":"BreadcrumbList","@id":"https:\/\/www.sunnyshop211.com\/produit\/ecriture-merry-christmas-miniature-noel-1-4-minifee1-6-barbie\/#breadcrumb","itemListElement":[{"@type":"ListItem","position":1,"name":"Accueil","item":"https:\/\/www.sunnyshop211.com\/"},{"@type":"ListItem","position":2,"name":"Boutique","item":"https:\/\/www.sunnyshop211.com\/boutique-miniature-bjd-dolls\/"},{"@type":"ListItem","position":3,"name":"Ecriture &#8221; merry christmas &#8221; miniature no\u00ebl 1\/4 minifee1\/6 Barbie"}]},{"@type":"WebSite","@id":"https:\/\/www.sunnyshop211.com\/#website","url":"https:\/\/www.sunnyshop211.com\/","name":"Sale of dioramas, furniture, miniatures, bjd dolls 1\/12 1\/8 1\/6 1\/4 1\/3","description":"Sunnyshop211 - Your miniature world for dolls and BJDs, dioramas and custom-made furniture!","publisher":{"@id":"https:\/\/www.sunnyshop211.com\/#organization"},"alternateName":"sunnyshop211","potentialAction":[{"@type":"SearchAction","target":{"@type":"EntryPoint","urlTemplate":"https:\/\/www.sunnyshop211.com\/?s={search_term_string}"},"query-input":{"@type":"PropertyValueSpecification","valueRequired":true,"valueName":"search_term_string"}}],"inLanguage":"en-US"},{"@type":"Organization","@id":"https:\/\/www.sunnyshop211.com\/#organization","name":"sunnyshop211","alternateName":"sunnyshop211 diorama bjd meuble miniature","url":"https:\/\/www.sunnyshop211.com\/","logo":{"@type":"ImageObject","inLanguage":"en-US","@id":"https:\/\/www.sunnyshop211.com\/#\/schema\/logo\/image\/","url":"https:\/\/www.sunnyshop211.com\/wp-content\/uploads\/2022\/08\/cropped-cropped-cropped-Sunnyshop211-1.png","contentUrl":"https:\/\/www.sunnyshop211.com\/wp-content\/uploads\/2022\/08\/cropped-cropped-cropped-Sunnyshop211-1.png","width":339,"height":339,"caption":"sunnyshop211"},"image":{"@id":"https:\/\/www.sunnyshop211.com\/#\/schema\/logo\/image\/"},"sameAs":["https:\/\/www.facebook.com\/sunnyshop211\/?ref=bookmarks","https:\/\/x.com\/sunnyshop211","https:\/\/www.instagram.com\/sunnyshop211\/","https:\/\/www.tumblr.com\/blog\/sunnyshop211","https:\/\/www.youtube.com\/channel\/UCtYY18OGGDKrTSzgcf7fCBg","https:\/\/www.tiktok.com\/@sunnydollshop211?is_from_webapp=1&sender_device=pc"]}]}},"jetpack_publicize_connections":[],"jetpack_sharing_enabled":true,"_links":{"self":[{"href":"https:\/\/www.sunnyshop211.com\/en\/wp-json\/wp\/v2\/product\/10558","targetHints":{"allow":["GET"]}}],"collection":[{"href":"https:\/\/www.sunnyshop211.com\/en\/wp-json\/wp\/v2\/product"}],"about":[{"href":"https:\/\/www.sunnyshop211.com\/en\/wp-json\/wp\/v2\/types\/product"}],"replies":[{"embeddable":true,"href":"https:\/\/www.sunnyshop211.com\/en\/wp-json\/wp\/v2\/comments?post=10558"}],"version-history":[{"count":13,"href":"https:\/\/www.sunnyshop211.com\/en\/wp-json\/wp\/v2\/product\/10558\/revisions"}],"predecessor-version":[{"id":54073,"href":"https:\/\/www.sunnyshop211.com\/en\/wp-json\/wp\/v2\/product\/10558\/revisions\/54073"}],"wp:featuredmedia":[{"embeddable":true,"href":"https:\/\/www.sunnyshop211.com\/en\/wp-json\/wp\/v2\/media\/28091"}],"wp:attachment":[{"href":"https:\/\/www.sunnyshop211.com\/en\/wp-json\/wp\/v2\/media?parent=10558"}],"wp:term":[{"taxonomy":"product_brand","embeddable":true,"href":"https:\/\/www.sunnyshop211.com\/en\/wp-json\/wp\/v2\/product_brand?post=10558"},{"taxonomy":"product_cat","embeddable":true,"href":"https:\/\/www.sunnyshop211.com\/en\/wp-json\/wp\/v2\/product_cat?post=10558"},{"taxonomy":"product_tag","embeddable":true,"href":"https:\/\/www.sunnyshop211.com\/en\/wp-json\/wp\/v2\/product_tag?post=10558"}],"curies":[{"name":"wp","href":"https:\/\/api.w.org\/{rel}","templated":true}]}}