{"id":1051,"date":"2019-01-07T13:24:43","date_gmt":"2019-01-07T12:24:43","guid":{"rendered":"https:\/\/sunnyshop211.com\/?post_type=product&#038;p=1051"},"modified":"2026-01-03T20:53:04","modified_gmt":"2026-01-03T19:53:04","slug":"table-de-nuit-1-6-diorama-barbie-dolls-blythe-fashion-royalty-pullip","status":"publish","type":"product","link":"https:\/\/www.sunnyshop211.com\/en\/product\/table-de-nuit-1-6-diorama-barbie-dolls-blythe-fashion-royalty-pullip\/","title":{"rendered":"Night table 1\/6 diorama Barbie dolls, Blythe, fashion royalty, pullip"},"content":{"rendered":"<div id='gallery-1' class='gallery galleryid-1051 gallery-columns-3 gallery-size-thumbnail'><figure class='gallery-item'>\n\t\t\t<div class='gallery-icon landscape'>\n\t\t\t\t<a href='https:\/\/www.sunnyshop211.com\/en\/?attachment_id=9796'><img decoding=\"async\" width=\"150\" height=\"150\" src=\"https:\/\/www.sunnyshop211.com\/wp-content\/uploads\/2019\/10\/20191014_152642-scaled-150x150.jpg\" class=\"attachment-thumbnail size-thumbnail\" alt=\"\" srcset=\"https:\/\/www.sunnyshop211.com\/wp-content\/uploads\/2019\/10\/20191014_152642-scaled-150x150.jpg 150w, https:\/\/www.sunnyshop211.com\/wp-content\/uploads\/2019\/10\/20191014_152642-scaled-500x500.jpg 500w, https:\/\/www.sunnyshop211.com\/wp-content\/uploads\/2019\/10\/20191014_152642-100x100.jpg 100w\" sizes=\"(max-width: 150px) 100vw, 150px\" \/><\/a>\n\t\t\t<\/div><\/figure><figure class='gallery-item'>\n\t\t\t<div class='gallery-icon landscape'>\n\t\t\t\t<a href='https:\/\/www.sunnyshop211.com\/en\/?attachment_id=1013'><img decoding=\"async\" width=\"150\" height=\"150\" src=\"https:\/\/www.sunnyshop211.com\/wp-content\/uploads\/2019\/01\/il_570xN.1286060380_fl3n-150x150.jpg\" class=\"attachment-thumbnail size-thumbnail\" alt=\"\" srcset=\"https:\/\/www.sunnyshop211.com\/wp-content\/uploads\/2019\/01\/il_570xN.1286060380_fl3n-150x150.jpg 150w, https:\/\/www.sunnyshop211.com\/wp-content\/uploads\/2019\/01\/il_570xN.1286060380_fl3n-500x500.jpg 500w, https:\/\/www.sunnyshop211.com\/wp-content\/uploads\/2019\/01\/il_570xN.1286060380_fl3n-100x100.jpg 100w, https:\/\/www.sunnyshop211.com\/wp-content\/uploads\/2019\/01\/il_570xN.1286060380_fl3n-60x60.jpg 60w, https:\/\/www.sunnyshop211.com\/wp-content\/uploads\/2019\/01\/il_570xN.1286060380_fl3n-300x300.jpg 300w, https:\/\/www.sunnyshop211.com\/wp-content\/uploads\/2019\/01\/il_570xN.1286060380_fl3n-324x324.jpg 324w, https:\/\/www.sunnyshop211.com\/wp-content\/uploads\/2019\/01\/il_570xN.1286060380_fl3n-416x416.jpg 416w, https:\/\/www.sunnyshop211.com\/wp-content\/uploads\/2019\/01\/il_570xN.1286060380_fl3n.jpg 570w\" sizes=\"(max-width: 150px) 100vw, 150px\" \/><\/a>\n\t\t\t<\/div><\/figure><figure class='gallery-item'>\n\t\t\t<div class='gallery-icon landscape'>\n\t\t\t\t<a href='https:\/\/www.sunnyshop211.com\/en\/?attachment_id=9794'><img decoding=\"async\" width=\"150\" height=\"150\" src=\"https:\/\/www.sunnyshop211.com\/wp-content\/uploads\/2019\/10\/20191014_152551-150x150.jpg\" class=\"attachment-thumbnail size-thumbnail\" alt=\"Lit 2 places miniature 1\/6\" srcset=\"https:\/\/www.sunnyshop211.com\/wp-content\/uploads\/2019\/10\/20191014_152551-150x150.jpg 150w, https:\/\/www.sunnyshop211.com\/wp-content\/uploads\/2019\/10\/20191014_152551-500x500.jpg 500w, https:\/\/www.sunnyshop211.com\/wp-content\/uploads\/2019\/10\/20191014_152551-100x100.jpg 100w\" sizes=\"(max-width: 150px) 100vw, 150px\" \/><\/a>\n\t\t\t<\/div><\/figure>\n\t\t<\/div>\n\n<h2 data-start=\"167\" data-end=\"252\">Miniature bedside table 1\/6 - diorama - barbie - blythe - fashion royalty - pullip<\/h2>\n<p data-start=\"254\" data-end=\"274\">\u2500\u2500\u2500\u2500\u2500\u2500\u2500\u2500\u2500\u2500\u2500\u2500\u2500\u2500\u2500\u2500\u2500\u2500\u2500\u2500<\/p>\n<p data-start=\"276\" data-end=\"293\">\u2728 <strong data-start=\"278\" data-end=\"293\">Description<\/strong><\/p>\n<p data-start=\"295\" data-end=\"538\">This miniature bedside table <strong data-start=\"325\" data-end=\"332\">1\/6<\/strong> is ideal for completing your miniature rooms and dioramas.<br data-start=\"395\" data-end=\"398\" \/>Available in several patterns, it goes perfectly with my matching beds to create harmonious, detailed ensembles.<\/p>\n<p data-start=\"540\" data-end=\"619\">An essential piece of decorative furniture to enhance your 1\/6 scenes.<\/p>\n<p data-start=\"621\" data-end=\"641\">\u2500\u2500\u2500\u2500\u2500\u2500\u2500\u2500\u2500\u2500\u2500\u2500\u2500\u2500\u2500\u2500\u2500\u2500\u2500\u2500<\/p>\n<p data-start=\"643\" data-end=\"663\">\ud83e\uddf8 <strong data-start=\"646\" data-end=\"663\">Compatibility<\/strong><\/p>\n<p data-start=\"665\" data-end=\"715\">Suitable for dolls and miniature worlds <strong data-start=\"706\" data-end=\"713\">1\/6<\/strong> :<\/p>\n<p data-start=\"717\" data-end=\"808\">- Barbie<br data-start=\"725\" data-end=\"728\" \/>- Blythe<br data-start=\"736\" data-end=\"739\" \/>- Fashion Royalty<br data-start=\"756\" data-end=\"759\" \/>- Pullip<br data-start=\"767\" data-end=\"770\" \/>- Other dolls of equivalent size<\/p>\n<p data-start=\"810\" data-end=\"830\">\u2500\u2500\u2500\u2500\u2500\u2500\u2500\u2500\u2500\u2500\u2500\u2500\u2500\u2500\u2500\u2500\u2500\u2500\u2500\u2500<\/p>\n<p data-start=\"832\" data-end=\"855\">\ud83e\ude91 <strong data-start=\"835\" data-end=\"855\">Features<\/strong><\/p>\n<p data-start=\"857\" data-end=\"1003\">- Miniature bedside table<br data-start=\"882\" data-end=\"885\" \/>- Several designs available to match the beds:<br data-start=\"936\" data-end=\"939\" \/>\u2003\u2013 <strong data-start=\"942\" data-end=\"953\">stars<\/strong><br data-start=\"953\" data-end=\"956\" \/>\u2003\u2013 <strong data-start=\"959\" data-end=\"971\">lace<\/strong><br data-start=\"971\" data-end=\"974\" \/>- Choice of color and pattern<\/p>\n<p data-start=\"1005\" data-end=\"1086\">\ud83d\udc49 It's up to you to modulate and personalize it according to your desires and your world.<\/p>\n<p data-start=\"1088\" data-end=\"1108\">\u2500\u2500\u2500\u2500\u2500\u2500\u2500\u2500\u2500\u2500\u2500\u2500\u2500\u2500\u2500\u2500\u2500\u2500\u2500\u2500<\/p>\n<p data-start=\"1110\" data-end=\"1127\">\ud83d\udccf <strong data-start=\"1113\" data-end=\"1127\">Dimensions<\/strong><\/p>\n<p data-start=\"1129\" data-end=\"1230\">- Length : <strong data-start=\"1142\" data-end=\"1152\">8.5 cm<\/strong><br data-start=\"1152\" data-end=\"1155\" \/>- Width : <strong data-start=\"1167\" data-end=\"1177\">7.5 cm<\/strong><br data-start=\"1177\" data-end=\"1180\" \/>- Height : <strong data-start=\"1192\" data-end=\"1200\">9 cm<\/strong><br data-start=\"1200\" data-end=\"1203\" \/>(3.34 x 2.95 x 3.54 inches)<\/p>\n<p data-start=\"1232\" data-end=\"1252\">\u2500\u2500\u2500\u2500\u2500\u2500\u2500\u2500\u2500\u2500\u2500\u2500\u2500\u2500\u2500\u2500\u2500\u2500\u2500\u2500<\/p>\n<p data-start=\"1254\" data-end=\"1288\">\ud83c\udfac <strong data-start=\"1257\" data-end=\"1288\">Use &amp; staging<\/strong><\/p>\n<p data-start=\"1290\" data-end=\"1303\">Ideal for :<\/p>\n<p data-start=\"1305\" data-end=\"1442\">- miniature rooms 1\/6<br data-start=\"1330\" data-end=\"1333\" \/>- modern, classic or romantic dioramas<br data-start=\"1379\" data-end=\"1382\" \/>- scenes from everyday life<br data-start=\"1409\" data-end=\"1412\" \/>- bed support 1\/6<\/p>\n<p data-start=\"1444\" data-end=\"1591\">The accessories and decorative elements shown in the photos are <strong data-start=\"1512\" data-end=\"1533\">sold separately<\/strong>.<br data-start=\"1534\" data-end=\"1537\" \/>Only the bedside table is included in this listing.<\/p>\n<p data-start=\"1593\" data-end=\"1613\">\u2500\u2500\u2500\u2500\u2500\u2500\u2500\u2500\u2500\u2500\u2500\u2500\u2500\u2500\u2500\u2500\u2500\u2500\u2500\u2500<\/p>\n<h3 data-start=\"1615\" data-end=\"1645\">\ud83d\udd90\ufe0f <strong data-start=\"1619\" data-end=\"1645\">Handcrafted products<\/strong><\/h3>\n<p data-start=\"1647\" data-end=\"1717\">- Handmade furniture<br data-start=\"1665\" data-end=\"1668\" \/>- Made to order<br data-start=\"1690\" data-end=\"1693\" \/>- Delivered assembled and painted<\/p>\n<p data-start=\"1719\" data-end=\"1873\">Because of its artisanal character :<br data-start=\"1753\" data-end=\"1756\" \/>- slight variations in shape or color may occur<br data-start=\"1821\" data-end=\"1824\" \/>- some minor imperfections are possible<\/p>\n<p data-start=\"1875\" data-end=\"1899\">Each piece is unique.<\/p>\n<p data-start=\"1901\" data-end=\"1921\">\u2500\u2500\u2500\u2500\u2500\u2500\u2500\u2500\u2500\u2500\u2500\u2500\u2500\u2500\u2500\u2500\u2500\u2500\u2500\u2500<\/p>\n<p data-start=\"1923\" data-end=\"1954\">\ud83d\udce6 <strong data-start=\"1926\" data-end=\"1954\">Important information<\/strong><\/p>\n<p data-start=\"1956\" data-end=\"2106\">- Article made to order<br data-start=\"1986\" data-end=\"1989\" \/>- Please allow for manufacturing and delivery times.<br data-start=\"2054\" data-end=\"2057\" \/>- The photos are examples of staging<\/p>\n<p data-start=\"2108\" data-end=\"2188\">More inspiration on Instagram :<br data-start=\"2143\" data-end=\"2146\" \/>\ud83d\udc49 <a class=\"decorated-link\" href=\"https:\/\/www.instagram.com\/sunnyshop211\/\" target=\"_new\" rel=\"noopener\" data-start=\"2149\" data-end=\"2188\">https:\/\/www.instagram.com\/sunnyshop211\/<\/a><\/p>\n<p data-start=\"2190\" data-end=\"2210\">\u2500\u2500\u2500\u2500\u2500\u2500\u2500\u2500\u2500\u2500\u2500\u2500\u2500\u2500\u2500\u2500\u2500\u2500\u2500\u2500<\/p>\n<p data-start=\"2212\" data-end=\"2235\">\u26a0\ufe0f <strong data-start=\"2215\" data-end=\"2235\">Terms of use<\/strong><\/p>\n<p data-start=\"2237\" data-end=\"2377\">!!!! This is not a toy, this article is intended for adults.<br data-start=\"2308\" data-end=\"2311\" \/>I am not responsible for any damage in transit.<\/p>\n<p data-start=\"2379\" data-end=\"2399\">\u2500\u2500\u2500\u2500\u2500\u2500\u2500\u2500\u2500\u2500\u2500\u2500\u2500\u2500\u2500\u2500\u2500\u2500\u2500\u2500<\/p>\n<p data-start=\"2401\" data-end=\"2514\">\ud83e\ude84 <em data-start=\"2404\" data-end=\"2514\">An elegant, modular miniature bedside table to complete your 1\/6 rooms with harmony and realism.<\/em><\/p>\n<p>&nbsp;<\/p>","protected":false},"excerpt":{"rendered":"<p>Table de nuit miniature 1\/6 \u2013 diorama \u00b7 barbie \u00b7 blythe \u00b7 fashion royalty \u00b7 pullip \u2500\u2500\u2500\u2500\u2500\u2500\u2500\u2500\u2500\u2500\u2500\u2500\u2500\u2500\u2500\u2500\u2500\u2500\u2500\u2500 \u2728 Description Cette table de nuit miniature 1\/6 est id\u00e9ale pour compl\u00e9ter vos chambres miniatures et dioramas.D\u00e9clin\u00e9e dans plusieurs motifs, elle s\u2019accorde parfaitement avec mes lits assortis et permet de cr\u00e9er des ensembles harmonieux et d\u00e9taill\u00e9s. Un petit [&hellip;]<\/p>\n","protected":false},"featured_media":9796,"comment_status":"open","ping_status":"closed","template":"","meta":{"_crdt_document":"","jetpack_post_was_ever_published":false,"jetpack_publicize_message":"","jetpack_publicize_feature_enabled":true,"jetpack_social_post_already_shared":true,"jetpack_social_options":{"image_generator_settings":{"template":"highway","default_image_id":0,"font":"","enabled":false},"version":2}},"product_brand":[],"product_cat":[667687083],"product_tag":[667681278,667681145,667681143,667681339,667681341,667681284,667681142,667681234,667681226,667681233,667681225,667681279,667681241,667681340,667681236,667681261,667681281,667681173,667681280,667681177,667681277,667681338,667681260],"class_list":{"0":"post-1051","1":"product","2":"type-product","3":"status-publish","4":"has-post-thumbnail","6":"product_cat-chambre-meubles-miniature-1-6","7":"product_tag-barbie","8":"product_tag-bed","9":"product_tag-bedroom","10":"product_tag-bedside","11":"product_tag-bid","12":"product_tag-blythe","13":"product_tag-chambre","14":"product_tag-diorama","15":"product_tag-doll","16":"product_tag-dollhouse","17":"product_tag-furniture","18":"product_tag-hot-toys","19":"product_tag-iplehouse","20":"product_tag-kid","21":"product_tag-maison-de-poupee","22":"product_tag-meuble","23":"product_tag-meubles","24":"product_tag-minifee","25":"product_tag-phicen","26":"product_tag-poupee","27":"product_tag-pullip","28":"product_tag-table-de-nuit","29":"product_tag-tonner","30":"product_shipping_class-colissimo-5","31":"pa_couleur-beige","32":"pa_couleur-blanc","33":"pa_couleur-bleu","34":"pa_couleur-gris","35":"pa_couleur-marron","36":"pa_couleur-noir","37":"pa_couleur-non-peint","38":"pa_couleur-rose","39":"pa_couleur-rouge","40":"pa_couleur-shabby-blanc","41":"pa_couleur-vert","42":"pa_couleur-violet","44":"first","45":"instock","46":"taxable","47":"shipping-taxable","48":"purchasable","49":"product-type-variable"},"yoast_head":"<!-- This site is optimized with the Yoast SEO plugin v27.4 - https:\/\/yoast.com\/product\/yoast-seo-wordpress\/ -->\n<title>Table de nuit 1\/6 diorama Barbie dolls, Blythe, fashion royalty, pullip -<\/title>\n<meta name=\"description\" content=\"Table de nuit 1\/6 diorama Barbie dolls, Blythe, fashion royalty, pullip ou autre de m\u00eame taille. Plusieurs motifs disponible.\" \/>\n<meta name=\"robots\" content=\"index, follow, max-snippet:-1, max-image-preview:large, max-video-preview:-1\" \/>\n<link rel=\"canonical\" href=\"https:\/\/www.sunnyshop211.com\/en\/product\/table-de-nuit-1-6-diorama-barbie-dolls-blythe-fashion-royalty-pullip\/\" \/>\n<meta property=\"og:locale\" content=\"en_US\" \/>\n<meta property=\"og:type\" content=\"article\" \/>\n<meta property=\"og:title\" content=\"Table de nuit 1\/6 diorama Barbie dolls, Blythe, fashion royalty, pullip -\" \/>\n<meta property=\"og:description\" content=\"Table de nuit 1\/6 diorama Barbie dolls, Blythe, fashion royalty, pullip ou autre de m\u00eame taille. Plusieurs motifs disponible.\" \/>\n<meta property=\"og:url\" content=\"https:\/\/www.sunnyshop211.com\/en\/product\/table-de-nuit-1-6-diorama-barbie-dolls-blythe-fashion-royalty-pullip\/\" \/>\n<meta property=\"og:site_name\" content=\"Sunnyshop211 -Vente de dioramas, meubles, miniatures , bjd poup\u00e9es 1\/12 1\/8 1\/6 1\/4 1\/3\" \/>\n<meta property=\"article:publisher\" content=\"https:\/\/www.facebook.com\/sunnyshop211\/?ref=bookmarks\" \/>\n<meta property=\"article:modified_time\" content=\"2026-01-03T19:53:04+00:00\" \/>\n<meta property=\"og:image\" content=\"https:\/\/www.sunnyshop211.com\/wp-content\/uploads\/2019\/10\/20191014_152642-scaled.jpg\" \/>\n\t<meta property=\"og:image:width\" content=\"2560\" \/>\n\t<meta property=\"og:image:height\" content=\"1702\" \/>\n\t<meta property=\"og:image:type\" content=\"image\/jpeg\" \/>\n<meta name=\"twitter:card\" content=\"summary_large_image\" \/>\n<meta name=\"twitter:site\" content=\"@sunnyshop211\" \/>\n<meta name=\"twitter:label1\" content=\"Est. reading time\" \/>\n\t<meta name=\"twitter:data1\" content=\"2 minutes\" \/>\n<script type=\"application\/ld+json\" class=\"yoast-schema-graph\">{\"@context\":\"https:\\\/\\\/schema.org\",\"@graph\":[{\"@type\":\"WebPage\",\"@id\":\"https:\\\/\\\/www.sunnyshop211.com\\\/produit\\\/table-de-nuit-1-6-diorama-barbie-dolls-blythe-fashion-royalty-pullip\\\/\",\"url\":\"https:\\\/\\\/www.sunnyshop211.com\\\/produit\\\/table-de-nuit-1-6-diorama-barbie-dolls-blythe-fashion-royalty-pullip\\\/\",\"name\":\"Table de nuit 1\\\/6 diorama Barbie dolls, Blythe, fashion royalty, pullip -\",\"isPartOf\":{\"@id\":\"https:\\\/\\\/www.sunnyshop211.com\\\/#website\"},\"primaryImageOfPage\":{\"@id\":\"https:\\\/\\\/www.sunnyshop211.com\\\/produit\\\/table-de-nuit-1-6-diorama-barbie-dolls-blythe-fashion-royalty-pullip\\\/#primaryimage\"},\"image\":{\"@id\":\"https:\\\/\\\/www.sunnyshop211.com\\\/produit\\\/table-de-nuit-1-6-diorama-barbie-dolls-blythe-fashion-royalty-pullip\\\/#primaryimage\"},\"thumbnailUrl\":\"https:\\\/\\\/www.sunnyshop211.com\\\/wp-content\\\/uploads\\\/2019\\\/10\\\/20191014_152642-scaled.jpg\",\"datePublished\":\"2019-01-07T12:24:43+00:00\",\"dateModified\":\"2026-01-03T19:53:04+00:00\",\"description\":\"Table de nuit 1\\\/6 diorama Barbie dolls, Blythe, fashion royalty, pullip ou autre de m\u00eame taille. Plusieurs motifs disponible.\",\"breadcrumb\":{\"@id\":\"https:\\\/\\\/www.sunnyshop211.com\\\/produit\\\/table-de-nuit-1-6-diorama-barbie-dolls-blythe-fashion-royalty-pullip\\\/#breadcrumb\"},\"inLanguage\":\"en-US\",\"potentialAction\":[{\"@type\":\"ReadAction\",\"target\":[\"https:\\\/\\\/www.sunnyshop211.com\\\/produit\\\/table-de-nuit-1-6-diorama-barbie-dolls-blythe-fashion-royalty-pullip\\\/\"]}]},{\"@type\":\"ImageObject\",\"inLanguage\":\"en-US\",\"@id\":\"https:\\\/\\\/www.sunnyshop211.com\\\/produit\\\/table-de-nuit-1-6-diorama-barbie-dolls-blythe-fashion-royalty-pullip\\\/#primaryimage\",\"url\":\"https:\\\/\\\/www.sunnyshop211.com\\\/wp-content\\\/uploads\\\/2019\\\/10\\\/20191014_152642-scaled.jpg\",\"contentUrl\":\"https:\\\/\\\/www.sunnyshop211.com\\\/wp-content\\\/uploads\\\/2019\\\/10\\\/20191014_152642-scaled.jpg\",\"width\":2560,\"height\":1702},{\"@type\":\"BreadcrumbList\",\"@id\":\"https:\\\/\\\/www.sunnyshop211.com\\\/produit\\\/table-de-nuit-1-6-diorama-barbie-dolls-blythe-fashion-royalty-pullip\\\/#breadcrumb\",\"itemListElement\":[{\"@type\":\"ListItem\",\"position\":1,\"name\":\"Accueil\",\"item\":\"https:\\\/\\\/www.sunnyshop211.com\\\/\"},{\"@type\":\"ListItem\",\"position\":2,\"name\":\"Boutique\",\"item\":\"https:\\\/\\\/www.sunnyshop211.com\\\/boutique-miniature-bjd-dolls\\\/\"},{\"@type\":\"ListItem\",\"position\":3,\"name\":\"Table de nuit 1\\\/6 diorama Barbie dolls, Blythe, fashion royalty, pullip\"}]},{\"@type\":\"WebSite\",\"@id\":\"https:\\\/\\\/www.sunnyshop211.com\\\/#website\",\"url\":\"https:\\\/\\\/www.sunnyshop211.com\\\/\",\"name\":\"Vente de dioramas, meubles, miniatures , bjd poup\u00e9es 1\\\/12 1\\\/8 1\\\/6 1\\\/4 1\\\/3\",\"description\":\"Sunnyshop211 - Votre univers miniature pour poup\u00e9es et BJD, dioramas et meubles sur mesure !\",\"publisher\":{\"@id\":\"https:\\\/\\\/www.sunnyshop211.com\\\/#organization\"},\"alternateName\":\"sunnyshop211\",\"potentialAction\":[{\"@type\":\"SearchAction\",\"target\":{\"@type\":\"EntryPoint\",\"urlTemplate\":\"https:\\\/\\\/www.sunnyshop211.com\\\/?s={search_term_string}\"},\"query-input\":{\"@type\":\"PropertyValueSpecification\",\"valueRequired\":true,\"valueName\":\"search_term_string\"}}],\"inLanguage\":\"en-US\"},{\"@type\":\"Organization\",\"@id\":\"https:\\\/\\\/www.sunnyshop211.com\\\/#organization\",\"name\":\"sunnyshop211\",\"alternateName\":\"sunnyshop211 diorama bjd meuble miniature\",\"url\":\"https:\\\/\\\/www.sunnyshop211.com\\\/\",\"logo\":{\"@type\":\"ImageObject\",\"inLanguage\":\"en-US\",\"@id\":\"https:\\\/\\\/www.sunnyshop211.com\\\/#\\\/schema\\\/logo\\\/image\\\/\",\"url\":\"https:\\\/\\\/www.sunnyshop211.com\\\/wp-content\\\/uploads\\\/2022\\\/08\\\/cropped-cropped-cropped-Sunnyshop211-1.png\",\"contentUrl\":\"https:\\\/\\\/www.sunnyshop211.com\\\/wp-content\\\/uploads\\\/2022\\\/08\\\/cropped-cropped-cropped-Sunnyshop211-1.png\",\"width\":339,\"height\":339,\"caption\":\"sunnyshop211\"},\"image\":{\"@id\":\"https:\\\/\\\/www.sunnyshop211.com\\\/#\\\/schema\\\/logo\\\/image\\\/\"},\"sameAs\":[\"https:\\\/\\\/www.facebook.com\\\/sunnyshop211\\\/?ref=bookmarks\",\"https:\\\/\\\/x.com\\\/sunnyshop211\",\"https:\\\/\\\/www.instagram.com\\\/sunnyshop211\\\/\",\"https:\\\/\\\/www.tumblr.com\\\/blog\\\/sunnyshop211\",\"https:\\\/\\\/www.youtube.com\\\/channel\\\/UCtYY18OGGDKrTSzgcf7fCBg\",\"https:\\\/\\\/www.tiktok.com\\\/@sunnydollshop211?is_from_webapp=1&sender_device=pc\"]}]}<\/script>\n<!-- \/ Yoast SEO plugin. -->","yoast_head_json":{"title":"Bedside table 1\/6 diorama Barbie dolls, Blythe, fashion royalty, pullip -","description":"Bedside table 1\/6 diorama Barbie dolls, Blythe, fashion royalty, pullip or other of same size. Various designs available.","robots":{"index":"index","follow":"follow","max-snippet":"max-snippet:-1","max-image-preview":"max-image-preview:large","max-video-preview":"max-video-preview:-1"},"canonical":"https:\/\/www.sunnyshop211.com\/en\/product\/table-de-nuit-1-6-diorama-barbie-dolls-blythe-fashion-royalty-pullip\/","og_locale":"en_US","og_type":"article","og_title":"Table de nuit 1\/6 diorama Barbie dolls, Blythe, fashion royalty, pullip -","og_description":"Table de nuit 1\/6 diorama Barbie dolls, Blythe, fashion royalty, pullip ou autre de m\u00eame taille. Plusieurs motifs disponible.","og_url":"https:\/\/www.sunnyshop211.com\/en\/product\/table-de-nuit-1-6-diorama-barbie-dolls-blythe-fashion-royalty-pullip\/","og_site_name":"Sunnyshop211 -Vente de dioramas, meubles, miniatures , bjd poup\u00e9es 1\/12 1\/8 1\/6 1\/4 1\/3","article_publisher":"https:\/\/www.facebook.com\/sunnyshop211\/?ref=bookmarks","article_modified_time":"2026-01-03T19:53:04+00:00","og_image":[{"width":2560,"height":1702,"url":"https:\/\/www.sunnyshop211.com\/wp-content\/uploads\/2019\/10\/20191014_152642-scaled.jpg","type":"image\/jpeg"}],"twitter_card":"summary_large_image","twitter_site":"@sunnyshop211","twitter_misc":{"Est. reading time":"2 minutes"},"schema":{"@context":"https:\/\/schema.org","@graph":[{"@type":"WebPage","@id":"https:\/\/www.sunnyshop211.com\/produit\/table-de-nuit-1-6-diorama-barbie-dolls-blythe-fashion-royalty-pullip\/","url":"https:\/\/www.sunnyshop211.com\/produit\/table-de-nuit-1-6-diorama-barbie-dolls-blythe-fashion-royalty-pullip\/","name":"Bedside table 1\/6 diorama Barbie dolls, Blythe, fashion royalty, pullip -","isPartOf":{"@id":"https:\/\/www.sunnyshop211.com\/#website"},"primaryImageOfPage":{"@id":"https:\/\/www.sunnyshop211.com\/produit\/table-de-nuit-1-6-diorama-barbie-dolls-blythe-fashion-royalty-pullip\/#primaryimage"},"image":{"@id":"https:\/\/www.sunnyshop211.com\/produit\/table-de-nuit-1-6-diorama-barbie-dolls-blythe-fashion-royalty-pullip\/#primaryimage"},"thumbnailUrl":"https:\/\/www.sunnyshop211.com\/wp-content\/uploads\/2019\/10\/20191014_152642-scaled.jpg","datePublished":"2019-01-07T12:24:43+00:00","dateModified":"2026-01-03T19:53:04+00:00","description":"Bedside table 1\/6 diorama Barbie dolls, Blythe, fashion royalty, pullip or other of same size. Various designs available.","breadcrumb":{"@id":"https:\/\/www.sunnyshop211.com\/produit\/table-de-nuit-1-6-diorama-barbie-dolls-blythe-fashion-royalty-pullip\/#breadcrumb"},"inLanguage":"en-US","potentialAction":[{"@type":"ReadAction","target":["https:\/\/www.sunnyshop211.com\/produit\/table-de-nuit-1-6-diorama-barbie-dolls-blythe-fashion-royalty-pullip\/"]}]},{"@type":"ImageObject","inLanguage":"en-US","@id":"https:\/\/www.sunnyshop211.com\/produit\/table-de-nuit-1-6-diorama-barbie-dolls-blythe-fashion-royalty-pullip\/#primaryimage","url":"https:\/\/www.sunnyshop211.com\/wp-content\/uploads\/2019\/10\/20191014_152642-scaled.jpg","contentUrl":"https:\/\/www.sunnyshop211.com\/wp-content\/uploads\/2019\/10\/20191014_152642-scaled.jpg","width":2560,"height":1702},{"@type":"BreadcrumbList","@id":"https:\/\/www.sunnyshop211.com\/produit\/table-de-nuit-1-6-diorama-barbie-dolls-blythe-fashion-royalty-pullip\/#breadcrumb","itemListElement":[{"@type":"ListItem","position":1,"name":"Accueil","item":"https:\/\/www.sunnyshop211.com\/"},{"@type":"ListItem","position":2,"name":"Boutique","item":"https:\/\/www.sunnyshop211.com\/boutique-miniature-bjd-dolls\/"},{"@type":"ListItem","position":3,"name":"Table de nuit 1\/6 diorama Barbie dolls, Blythe, fashion royalty, pullip"}]},{"@type":"WebSite","@id":"https:\/\/www.sunnyshop211.com\/#website","url":"https:\/\/www.sunnyshop211.com\/","name":"Sale of dioramas, furniture, miniatures, bjd dolls 1\/12 1\/8 1\/6 1\/4 1\/3","description":"Sunnyshop211 - Your miniature world for dolls and BJDs, dioramas and custom-made furniture!","publisher":{"@id":"https:\/\/www.sunnyshop211.com\/#organization"},"alternateName":"sunnyshop211","potentialAction":[{"@type":"SearchAction","target":{"@type":"EntryPoint","urlTemplate":"https:\/\/www.sunnyshop211.com\/?s={search_term_string}"},"query-input":{"@type":"PropertyValueSpecification","valueRequired":true,"valueName":"search_term_string"}}],"inLanguage":"en-US"},{"@type":"Organization","@id":"https:\/\/www.sunnyshop211.com\/#organization","name":"sunnyshop211","alternateName":"sunnyshop211 diorama bjd meuble miniature","url":"https:\/\/www.sunnyshop211.com\/","logo":{"@type":"ImageObject","inLanguage":"en-US","@id":"https:\/\/www.sunnyshop211.com\/#\/schema\/logo\/image\/","url":"https:\/\/www.sunnyshop211.com\/wp-content\/uploads\/2022\/08\/cropped-cropped-cropped-Sunnyshop211-1.png","contentUrl":"https:\/\/www.sunnyshop211.com\/wp-content\/uploads\/2022\/08\/cropped-cropped-cropped-Sunnyshop211-1.png","width":339,"height":339,"caption":"sunnyshop211"},"image":{"@id":"https:\/\/www.sunnyshop211.com\/#\/schema\/logo\/image\/"},"sameAs":["https:\/\/www.facebook.com\/sunnyshop211\/?ref=bookmarks","https:\/\/x.com\/sunnyshop211","https:\/\/www.instagram.com\/sunnyshop211\/","https:\/\/www.tumblr.com\/blog\/sunnyshop211","https:\/\/www.youtube.com\/channel\/UCtYY18OGGDKrTSzgcf7fCBg","https:\/\/www.tiktok.com\/@sunnydollshop211?is_from_webapp=1&sender_device=pc"]}]}},"jetpack_publicize_connections":[],"jetpack_sharing_enabled":true,"_links":{"self":[{"href":"https:\/\/www.sunnyshop211.com\/en\/wp-json\/wp\/v2\/product\/1051","targetHints":{"allow":["GET"]}}],"collection":[{"href":"https:\/\/www.sunnyshop211.com\/en\/wp-json\/wp\/v2\/product"}],"about":[{"href":"https:\/\/www.sunnyshop211.com\/en\/wp-json\/wp\/v2\/types\/product"}],"replies":[{"embeddable":true,"href":"https:\/\/www.sunnyshop211.com\/en\/wp-json\/wp\/v2\/comments?post=1051"}],"version-history":[{"count":7,"href":"https:\/\/www.sunnyshop211.com\/en\/wp-json\/wp\/v2\/product\/1051\/revisions"}],"predecessor-version":[{"id":54249,"href":"https:\/\/www.sunnyshop211.com\/en\/wp-json\/wp\/v2\/product\/1051\/revisions\/54249"}],"wp:featuredmedia":[{"embeddable":true,"href":"https:\/\/www.sunnyshop211.com\/en\/wp-json\/wp\/v2\/media\/9796"}],"wp:attachment":[{"href":"https:\/\/www.sunnyshop211.com\/en\/wp-json\/wp\/v2\/media?parent=1051"}],"wp:term":[{"taxonomy":"product_brand","embeddable":true,"href":"https:\/\/www.sunnyshop211.com\/en\/wp-json\/wp\/v2\/product_brand?post=1051"},{"taxonomy":"product_cat","embeddable":true,"href":"https:\/\/www.sunnyshop211.com\/en\/wp-json\/wp\/v2\/product_cat?post=1051"},{"taxonomy":"product_tag","embeddable":true,"href":"https:\/\/www.sunnyshop211.com\/en\/wp-json\/wp\/v2\/product_tag?post=1051"}],"curies":[{"name":"wp","href":"https:\/\/api.w.org\/{rel}","templated":true}]}}