{"id":10243,"date":"2019-10-31T13:31:09","date_gmt":"2019-10-31T12:31:09","guid":{"rendered":"https:\/\/sunnyshop211.com\/?post_type=product&#038;p=10243"},"modified":"2026-01-03T22:17:09","modified_gmt":"2026-01-03T21:17:09","slug":"meuble-etagere-miniature-1-8-bjd-pukifee-lati-yellow","status":"publish","type":"product","link":"https:\/\/www.sunnyshop211.com\/en\/product\/meuble-etagere-miniature-1-8-bjd-pukifee-lati-yellow\/","title":{"rendered":"Miniature shelving unit 1\/8 bjd pukifee, lati yellow"},"content":{"rendered":"<div id='gallery-1' class='gallery galleryid-10243 gallery-columns-3 gallery-size-thumbnail'><figure class='gallery-item'>\n\t\t\t<div class='gallery-icon landscape'>\n\t\t\t\t<a href='https:\/\/www.sunnyshop211.com\/en\/?attachment_id=10208'><img decoding=\"async\" width=\"150\" height=\"150\" src=\"https:\/\/www.sunnyshop211.com\/wp-content\/uploads\/2019\/10\/20191031_122851-150x150.jpg\" class=\"attachment-thumbnail size-thumbnail\" alt=\"Meuble \u00e9tag\u00e8re miniature 1\/8\" srcset=\"https:\/\/www.sunnyshop211.com\/wp-content\/uploads\/2019\/10\/20191031_122851-150x150.jpg 150w, https:\/\/www.sunnyshop211.com\/wp-content\/uploads\/2019\/10\/20191031_122851-500x500.jpg 500w, https:\/\/www.sunnyshop211.com\/wp-content\/uploads\/2019\/10\/20191031_122851-100x100.jpg 100w\" sizes=\"(max-width: 150px) 100vw, 150px\" \/><\/a>\n\t\t\t<\/div><\/figure><figure class='gallery-item'>\n\t\t\t<div class='gallery-icon landscape'>\n\t\t\t\t<a href='https:\/\/www.sunnyshop211.com\/en\/?attachment_id=10203'><img decoding=\"async\" width=\"150\" height=\"150\" src=\"https:\/\/www.sunnyshop211.com\/wp-content\/uploads\/2019\/10\/20191031_122826-150x150.jpg\" class=\"attachment-thumbnail size-thumbnail\" alt=\"\" srcset=\"https:\/\/www.sunnyshop211.com\/wp-content\/uploads\/2019\/10\/20191031_122826-150x150.jpg 150w, https:\/\/www.sunnyshop211.com\/wp-content\/uploads\/2019\/10\/20191031_122826-500x500.jpg 500w, https:\/\/www.sunnyshop211.com\/wp-content\/uploads\/2019\/10\/20191031_122826-100x100.jpg 100w\" sizes=\"(max-width: 150px) 100vw, 150px\" \/><\/a>\n\t\t\t<\/div><\/figure><figure class='gallery-item'>\n\t\t\t<div class='gallery-icon landscape'>\n\t\t\t\t<a href='https:\/\/www.sunnyshop211.com\/en\/?attachment_id=10200'><img decoding=\"async\" width=\"150\" height=\"150\" src=\"https:\/\/www.sunnyshop211.com\/wp-content\/uploads\/2019\/10\/20191031_122919-150x150.jpg\" class=\"attachment-thumbnail size-thumbnail\" alt=\"Meuble \u00e9tag\u00e8re miniature 1\/8\" srcset=\"https:\/\/www.sunnyshop211.com\/wp-content\/uploads\/2019\/10\/20191031_122919-150x150.jpg 150w, https:\/\/www.sunnyshop211.com\/wp-content\/uploads\/2019\/10\/20191031_122919-500x500.jpg 500w, https:\/\/www.sunnyshop211.com\/wp-content\/uploads\/2019\/10\/20191031_122919-100x100.jpg 100w\" sizes=\"(max-width: 150px) 100vw, 150px\" \/><\/a>\n\t\t\t<\/div><\/figure>\n\t\t<\/div>\n\n<h2 data-start=\"167\" data-end=\"238\">Miniature shelving unit 1\/8 - diorama - bjd - pukifee - lati yellow<\/h2>\n<p data-start=\"240\" data-end=\"260\">\u2500\u2500\u2500\u2500\u2500\u2500\u2500\u2500\u2500\u2500\u2500\u2500\u2500\u2500\u2500\u2500\u2500\u2500\u2500\u2500<\/p>\n<p data-start=\"262\" data-end=\"279\">\u2728 <strong data-start=\"264\" data-end=\"279\">Description<\/strong><\/p>\n<p data-start=\"281\" data-end=\"539\">This miniature shelving unit <strong data-start=\"309\" data-end=\"316\">1\/8<\/strong> is ideal for completing your dioramas and organizing your scenes with realism.<br data-start=\"393\" data-end=\"396\" \/>Thought for <strong data-start=\"412\" data-end=\"430\">15 cm dolls<\/strong>, This shelf allows you to showcase books, toys or small accessories while structuring the space.<\/p>\n<p data-start=\"541\" data-end=\"607\">A simple, practical piece of furniture to enrich your miniature worlds.<\/p>\n<p data-start=\"609\" data-end=\"629\">\u2500\u2500\u2500\u2500\u2500\u2500\u2500\u2500\u2500\u2500\u2500\u2500\u2500\u2500\u2500\u2500\u2500\u2500\u2500\u2500<\/p>\n<p data-start=\"631\" data-end=\"651\">\ud83e\uddf8 <strong data-start=\"634\" data-end=\"651\">Compatibility<\/strong><\/p>\n<p data-start=\"653\" data-end=\"703\">Suitable for dolls and miniature worlds <strong data-start=\"694\" data-end=\"701\">1\/8<\/strong> :<\/p>\n<p data-start=\"705\" data-end=\"785\">- Pukifee<br data-start=\"714\" data-end=\"717\" \/>- Lati Yellow<br data-start=\"730\" data-end=\"733\" \/>- Other dolls of equivalent size (\u2248 <strong data-start=\"773\" data-end=\"782\">15 cm<\/strong>)<\/p>\n<p data-start=\"787\" data-end=\"882\">Compatible with furniture and accessories sold separately in the store <strong data-start=\"865\" data-end=\"881\">sunnyshop211<\/strong>.<\/p>\n<p data-start=\"884\" data-end=\"904\">\u2500\u2500\u2500\u2500\u2500\u2500\u2500\u2500\u2500\u2500\u2500\u2500\u2500\u2500\u2500\u2500\u2500\u2500\u2500\u2500<\/p>\n<p data-start=\"906\" data-end=\"929\">\ud83e\ude9c <strong data-start=\"909\" data-end=\"929\">Features<\/strong><\/p>\n<p data-start=\"931\" data-end=\"1037\">- Miniature shelf <strong data-start=\"951\" data-end=\"958\">1\/8<\/strong><br data-start=\"958\" data-end=\"961\" \/>- Specially designed for <strong data-start=\"1003\" data-end=\"1012\">15 cm<\/strong><br data-start=\"1012\" data-end=\"1015\" \/>- Color <strong data-start=\"1025\" data-end=\"1037\">your choice<\/strong><\/p>\n<p data-start=\"1039\" data-end=\"1124\">\ud83d\udc49 It's up to you to modulate and personalize this piece of furniture according to your desires and your world.<\/p>\n<p data-start=\"1126\" data-end=\"1146\">\u2500\u2500\u2500\u2500\u2500\u2500\u2500\u2500\u2500\u2500\u2500\u2500\u2500\u2500\u2500\u2500\u2500\u2500\u2500\u2500<\/p>\n<p data-start=\"1148\" data-end=\"1165\">\ud83d\udccf <strong data-start=\"1151\" data-end=\"1165\">Dimensions<\/strong><\/p>\n<p data-start=\"1167\" data-end=\"1237\">- Height : <strong data-start=\"1179\" data-end=\"1188\">10 cm<\/strong><br data-start=\"1188\" data-end=\"1191\" \/>- Length : <strong data-start=\"1204\" data-end=\"1214\">6.5 cm<\/strong><br data-start=\"1214\" data-end=\"1217\" \/>(3.93 x 2.55 inches)<\/p>\n<p data-start=\"1239\" data-end=\"1259\">\u2500\u2500\u2500\u2500\u2500\u2500\u2500\u2500\u2500\u2500\u2500\u2500\u2500\u2500\u2500\u2500\u2500\u2500\u2500\u2500<\/p>\n<p data-start=\"1261\" data-end=\"1295\">\ud83c\udfac <strong data-start=\"1264\" data-end=\"1295\">Use &amp; staging<\/strong><\/p>\n<p data-start=\"1297\" data-end=\"1310\">Ideal for :<\/p>\n<p data-start=\"1312\" data-end=\"1440\">- dioramas 1\/8<br data-start=\"1326\" data-end=\"1329\" \/>- rooms or miniature houses<br data-start=\"1361\" data-end=\"1364\" \/>- storage of books, toys or accessories<br data-start=\"1408\" data-end=\"1411\" \/>- scenes from everyday life<\/p>\n<p data-start=\"1442\" data-end=\"1581\">The decorative elements shown in the photos are <strong data-start=\"1495\" data-end=\"1516\">sold separately<\/strong>.<br data-start=\"1517\" data-end=\"1520\" \/>Only the\u2019<strong data-start=\"1528\" data-end=\"1549\">miniature shelf<\/strong> is included in this ad.<\/p>\n<p data-start=\"1583\" data-end=\"1603\">\u2500\u2500\u2500\u2500\u2500\u2500\u2500\u2500\u2500\u2500\u2500\u2500\u2500\u2500\u2500\u2500\u2500\u2500\u2500\u2500<\/p>\n<h3 data-start=\"1605\" data-end=\"1635\">\ud83d\udd90\ufe0f <strong data-start=\"1609\" data-end=\"1635\">Handcrafted products<\/strong><\/h3>\n<p data-start=\"1637\" data-end=\"1682\">- Handmade furniture<br data-start=\"1655\" data-end=\"1658\" \/>- Made to order<\/p>\n<p data-start=\"1684\" data-end=\"1838\">Because of its artisanal character :<br data-start=\"1718\" data-end=\"1721\" \/>- slight variations in shape or color may occur<br data-start=\"1786\" data-end=\"1789\" \/>- some minor imperfections are possible<\/p>\n<p data-start=\"1840\" data-end=\"1864\">Each piece is unique.<\/p>\n<p data-start=\"1866\" data-end=\"1886\">\u2500\u2500\u2500\u2500\u2500\u2500\u2500\u2500\u2500\u2500\u2500\u2500\u2500\u2500\u2500\u2500\u2500\u2500\u2500\u2500<\/p>\n<p data-start=\"1888\" data-end=\"1919\">\ud83d\udce6 <strong data-start=\"1891\" data-end=\"1919\">Important information<\/strong><\/p>\n<p data-start=\"1921\" data-end=\"2185\">- Article made to order<br data-start=\"1951\" data-end=\"1954\" \/>- Please allow for manufacturing and delivery times.<br data-start=\"2019\" data-end=\"2022\" \/>(see General Sales Conditions and delivery times)<br data-start=\"2082\" data-end=\"2085\" \/>- The photos are examples of staging<br data-start=\"2132\" data-end=\"2135\" \/>- Other decorations sold separately<\/p>\n<p data-start=\"2187\" data-end=\"2267\">More inspiration on Instagram :<br data-start=\"2222\" data-end=\"2225\" \/>\ud83d\udc49 <a class=\"decorated-link\" href=\"https:\/\/www.instagram.com\/sunnyshop211\/\" target=\"_new\" rel=\"noopener\" data-start=\"2228\" data-end=\"2267\">https:\/\/www.instagram.com\/sunnyshop211\/<\/a><\/p>\n<p data-start=\"2269\" data-end=\"2289\">\u2500\u2500\u2500\u2500\u2500\u2500\u2500\u2500\u2500\u2500\u2500\u2500\u2500\u2500\u2500\u2500\u2500\u2500\u2500\u2500<\/p>\n<p data-start=\"2291\" data-end=\"2314\">\u26a0\ufe0f <strong data-start=\"2294\" data-end=\"2314\">Terms of use<\/strong><\/p>\n<p data-start=\"2316\" data-end=\"2456\">!!!! This is not a toy, this article is intended for adults.<br data-start=\"2387\" data-end=\"2390\" \/>I am not responsible for any damage in transit.<\/p>\n<p data-start=\"2458\" data-end=\"2478\">\u2500\u2500\u2500\u2500\u2500\u2500\u2500\u2500\u2500\u2500\u2500\u2500\u2500\u2500\u2500\u2500\u2500\u2500\u2500\u2500<\/p>\n<p data-start=\"2480\" data-end=\"2607\">\ud83e\ude84 <em data-start=\"2483\" data-end=\"2607\">A practical and elegant 1\/8 miniature shelf to organize and enhance your doll scenes with simplicity and realism.<\/em><\/p>","protected":false},"excerpt":{"rendered":"<p>Meuble \u00e9tag\u00e8re miniature 1\/8 \u2013 diorama \u00b7 bjd \u00b7 pukifee \u00b7 lati yellow \u2500\u2500\u2500\u2500\u2500\u2500\u2500\u2500\u2500\u2500\u2500\u2500\u2500\u2500\u2500\u2500\u2500\u2500\u2500\u2500 \u2728 Description Ce meuble \u00e9tag\u00e8re miniature 1\/8 est id\u00e9al pour compl\u00e9ter vos dioramas et organiser vos sc\u00e8nes avec r\u00e9alisme.Pens\u00e9e pour les dolls de 15 cm, cette \u00e9tag\u00e8re permet de mettre en valeur livres, jouets ou petits accessoires tout en structurant l\u2019espace. [&hellip;]<\/p>\n","protected":false},"featured_media":10200,"comment_status":"open","ping_status":"closed","template":"","meta":{"_crdt_document":"","jetpack_post_was_ever_published":false,"jetpack_publicize_message":"","jetpack_publicize_feature_enabled":true,"jetpack_social_post_already_shared":true,"jetpack_social_options":{"image_generator_settings":{"template":"highway","default_image_id":0,"font":"","enabled":false},"version":2}},"product_brand":[],"product_cat":[667687058],"product_tag":[667684534,667684530,667684536,667681278,667682520,667681136,667681284,667681321,667681322,667681234,667681226,667681233,667681239,667681348,667681225,667681241,667681236,667681261,667681232,667681173,667681237,667681280,667684538,667684532,667681277,667681260],"class_list":{"0":"post-10243","1":"product","2":"type-product","3":"status-publish","4":"has-post-thumbnail","6":"product_cat-mobilier-de-salle-de-bain","7":"product_tag-baignoire","8":"product_tag-ball","9":"product_tag-balle","10":"product_tag-barbie","11":"product_tag-bath","12":"product_tag-bjd","13":"product_tag-blythe","14":"product_tag-chair","15":"product_tag-chaise","16":"product_tag-diorama","17":"product_tag-doll","18":"product_tag-dollhouse","19":"product_tag-fairyland","20":"product_tag-fashion-royalty","21":"product_tag-furniture","22":"product_tag-iplehouse","23":"product_tag-maison-de-poupee","24":"product_tag-meuble","25":"product_tag-miniature","26":"product_tag-minifee","27":"product_tag-msd","28":"product_tag-phicen","29":"product_tag-piscine","30":"product_tag-pool","31":"product_tag-pullip","32":"product_tag-tonner","33":"product_shipping_class-colissimo-5","34":"pa_couleur-blanc","35":"pa_couleur-bleu","36":"pa_couleur-jaune","37":"pa_couleur-non-peint","38":"pa_couleur-rose","39":"pa_couleur-vert","40":"pa_couleur-violet-fr","42":"first","43":"instock","44":"taxable","45":"shipping-taxable","46":"purchasable","47":"product-type-variable"},"yoast_head":"<!-- This site is optimized with the Yoast SEO plugin v27.4 - https:\/\/yoast.com\/product\/yoast-seo-wordpress\/ -->\n<title>Meuble \u00e9tag\u00e8re miniature 1\/8 bjd pukifee, lati yellow -<\/title>\n<meta name=\"description\" content=\"Meuble \u00e9tag\u00e8re miniature 1\/8 bjd pukifee, lati yellow ou autres de m\u00eame tailles.Id\u00e9al pour vos dioramas et mises en sc\u00e8nes.\" \/>\n<meta name=\"robots\" content=\"index, follow, max-snippet:-1, max-image-preview:large, max-video-preview:-1\" \/>\n<link rel=\"canonical\" href=\"https:\/\/www.sunnyshop211.com\/en\/product\/meuble-etagere-miniature-1-8-bjd-pukifee-lati-yellow\/\" \/>\n<meta property=\"og:locale\" content=\"en_US\" \/>\n<meta property=\"og:type\" content=\"article\" \/>\n<meta property=\"og:title\" content=\"Meuble \u00e9tag\u00e8re miniature 1\/8 bjd pukifee, lati yellow -\" \/>\n<meta property=\"og:description\" content=\"Meuble \u00e9tag\u00e8re miniature 1\/8 bjd pukifee, lati yellow ou autres de m\u00eame tailles.Id\u00e9al pour vos dioramas et mises en sc\u00e8nes.\" \/>\n<meta property=\"og:url\" content=\"https:\/\/www.sunnyshop211.com\/en\/product\/meuble-etagere-miniature-1-8-bjd-pukifee-lati-yellow\/\" \/>\n<meta property=\"og:site_name\" content=\"Sunnyshop211 -Vente de dioramas, meubles, miniatures , bjd poup\u00e9es 1\/12 1\/8 1\/6 1\/4 1\/3\" \/>\n<meta property=\"article:publisher\" content=\"https:\/\/www.facebook.com\/sunnyshop211\/?ref=bookmarks\" \/>\n<meta property=\"article:modified_time\" content=\"2026-01-03T21:17:09+00:00\" \/>\n<meta property=\"og:image\" content=\"https:\/\/www.sunnyshop211.com\/wp-content\/uploads\/2019\/10\/20191031_122919.jpg\" \/>\n\t<meta property=\"og:image:width\" content=\"2448\" \/>\n\t<meta property=\"og:image:height\" content=\"1896\" \/>\n\t<meta property=\"og:image:type\" content=\"image\/jpeg\" \/>\n<meta name=\"twitter:card\" content=\"summary_large_image\" \/>\n<meta name=\"twitter:site\" content=\"@sunnyshop211\" \/>\n<meta name=\"twitter:label1\" content=\"Est. reading time\" \/>\n\t<meta name=\"twitter:data1\" content=\"2 minutes\" \/>\n<script type=\"application\/ld+json\" class=\"yoast-schema-graph\">{\"@context\":\"https:\\\/\\\/schema.org\",\"@graph\":[{\"@type\":\"WebPage\",\"@id\":\"https:\\\/\\\/www.sunnyshop211.com\\\/produit\\\/meuble-etagere-miniature-1-8-bjd-pukifee-lati-yellow\\\/\",\"url\":\"https:\\\/\\\/www.sunnyshop211.com\\\/produit\\\/meuble-etagere-miniature-1-8-bjd-pukifee-lati-yellow\\\/\",\"name\":\"Meuble \u00e9tag\u00e8re miniature 1\\\/8 bjd pukifee, lati yellow -\",\"isPartOf\":{\"@id\":\"https:\\\/\\\/www.sunnyshop211.com\\\/#website\"},\"primaryImageOfPage\":{\"@id\":\"https:\\\/\\\/www.sunnyshop211.com\\\/produit\\\/meuble-etagere-miniature-1-8-bjd-pukifee-lati-yellow\\\/#primaryimage\"},\"image\":{\"@id\":\"https:\\\/\\\/www.sunnyshop211.com\\\/produit\\\/meuble-etagere-miniature-1-8-bjd-pukifee-lati-yellow\\\/#primaryimage\"},\"thumbnailUrl\":\"https:\\\/\\\/www.sunnyshop211.com\\\/wp-content\\\/uploads\\\/2019\\\/10\\\/20191031_122919.jpg\",\"datePublished\":\"2019-10-31T12:31:09+00:00\",\"dateModified\":\"2026-01-03T21:17:09+00:00\",\"description\":\"Meuble \u00e9tag\u00e8re miniature 1\\\/8 bjd pukifee, lati yellow ou autres de m\u00eame tailles.Id\u00e9al pour vos dioramas et mises en sc\u00e8nes.\",\"breadcrumb\":{\"@id\":\"https:\\\/\\\/www.sunnyshop211.com\\\/produit\\\/meuble-etagere-miniature-1-8-bjd-pukifee-lati-yellow\\\/#breadcrumb\"},\"inLanguage\":\"en-US\",\"potentialAction\":[{\"@type\":\"ReadAction\",\"target\":[\"https:\\\/\\\/www.sunnyshop211.com\\\/produit\\\/meuble-etagere-miniature-1-8-bjd-pukifee-lati-yellow\\\/\"]}]},{\"@type\":\"ImageObject\",\"inLanguage\":\"en-US\",\"@id\":\"https:\\\/\\\/www.sunnyshop211.com\\\/produit\\\/meuble-etagere-miniature-1-8-bjd-pukifee-lati-yellow\\\/#primaryimage\",\"url\":\"https:\\\/\\\/www.sunnyshop211.com\\\/wp-content\\\/uploads\\\/2019\\\/10\\\/20191031_122919.jpg\",\"contentUrl\":\"https:\\\/\\\/www.sunnyshop211.com\\\/wp-content\\\/uploads\\\/2019\\\/10\\\/20191031_122919.jpg\",\"width\":2448,\"height\":1896,\"caption\":\"Meuble \u00e9tag\u00e8re miniature 1\\\/8\"},{\"@type\":\"BreadcrumbList\",\"@id\":\"https:\\\/\\\/www.sunnyshop211.com\\\/produit\\\/meuble-etagere-miniature-1-8-bjd-pukifee-lati-yellow\\\/#breadcrumb\",\"itemListElement\":[{\"@type\":\"ListItem\",\"position\":1,\"name\":\"Accueil\",\"item\":\"https:\\\/\\\/www.sunnyshop211.com\\\/\"},{\"@type\":\"ListItem\",\"position\":2,\"name\":\"Boutique\",\"item\":\"https:\\\/\\\/www.sunnyshop211.com\\\/boutique-miniature-bjd-dolls\\\/\"},{\"@type\":\"ListItem\",\"position\":3,\"name\":\"Meuble \u00e9tag\u00e8re miniature 1\\\/8 bjd pukifee, lati yellow\"}]},{\"@type\":\"WebSite\",\"@id\":\"https:\\\/\\\/www.sunnyshop211.com\\\/#website\",\"url\":\"https:\\\/\\\/www.sunnyshop211.com\\\/\",\"name\":\"Vente de dioramas, meubles, miniatures , bjd poup\u00e9es 1\\\/12 1\\\/8 1\\\/6 1\\\/4 1\\\/3\",\"description\":\"Sunnyshop211 - Votre univers miniature pour poup\u00e9es et BJD, dioramas et meubles sur mesure !\",\"publisher\":{\"@id\":\"https:\\\/\\\/www.sunnyshop211.com\\\/#organization\"},\"alternateName\":\"sunnyshop211\",\"potentialAction\":[{\"@type\":\"SearchAction\",\"target\":{\"@type\":\"EntryPoint\",\"urlTemplate\":\"https:\\\/\\\/www.sunnyshop211.com\\\/?s={search_term_string}\"},\"query-input\":{\"@type\":\"PropertyValueSpecification\",\"valueRequired\":true,\"valueName\":\"search_term_string\"}}],\"inLanguage\":\"en-US\"},{\"@type\":\"Organization\",\"@id\":\"https:\\\/\\\/www.sunnyshop211.com\\\/#organization\",\"name\":\"sunnyshop211\",\"alternateName\":\"sunnyshop211 diorama bjd meuble miniature\",\"url\":\"https:\\\/\\\/www.sunnyshop211.com\\\/\",\"logo\":{\"@type\":\"ImageObject\",\"inLanguage\":\"en-US\",\"@id\":\"https:\\\/\\\/www.sunnyshop211.com\\\/#\\\/schema\\\/logo\\\/image\\\/\",\"url\":\"https:\\\/\\\/www.sunnyshop211.com\\\/wp-content\\\/uploads\\\/2022\\\/08\\\/cropped-cropped-cropped-Sunnyshop211-1.png\",\"contentUrl\":\"https:\\\/\\\/www.sunnyshop211.com\\\/wp-content\\\/uploads\\\/2022\\\/08\\\/cropped-cropped-cropped-Sunnyshop211-1.png\",\"width\":339,\"height\":339,\"caption\":\"sunnyshop211\"},\"image\":{\"@id\":\"https:\\\/\\\/www.sunnyshop211.com\\\/#\\\/schema\\\/logo\\\/image\\\/\"},\"sameAs\":[\"https:\\\/\\\/www.facebook.com\\\/sunnyshop211\\\/?ref=bookmarks\",\"https:\\\/\\\/x.com\\\/sunnyshop211\",\"https:\\\/\\\/www.instagram.com\\\/sunnyshop211\\\/\",\"https:\\\/\\\/www.tumblr.com\\\/blog\\\/sunnyshop211\",\"https:\\\/\\\/www.youtube.com\\\/channel\\\/UCtYY18OGGDKrTSzgcf7fCBg\",\"https:\\\/\\\/www.tiktok.com\\\/@sunnydollshop211?is_from_webapp=1&sender_device=pc\"]}]}<\/script>\n<!-- \/ Yoast SEO plugin. -->","yoast_head_json":{"title":"Miniature shelving unit 1\/8 bjd pukifee, lati yellow -","description":"Miniature shelving unit 1\/8 bjd pukifee, lati yellow or other sizes, ideal for dioramas and staging.","robots":{"index":"index","follow":"follow","max-snippet":"max-snippet:-1","max-image-preview":"max-image-preview:large","max-video-preview":"max-video-preview:-1"},"canonical":"https:\/\/www.sunnyshop211.com\/en\/product\/meuble-etagere-miniature-1-8-bjd-pukifee-lati-yellow\/","og_locale":"en_US","og_type":"article","og_title":"Meuble \u00e9tag\u00e8re miniature 1\/8 bjd pukifee, lati yellow -","og_description":"Meuble \u00e9tag\u00e8re miniature 1\/8 bjd pukifee, lati yellow ou autres de m\u00eame tailles.Id\u00e9al pour vos dioramas et mises en sc\u00e8nes.","og_url":"https:\/\/www.sunnyshop211.com\/en\/product\/meuble-etagere-miniature-1-8-bjd-pukifee-lati-yellow\/","og_site_name":"Sunnyshop211 -Vente de dioramas, meubles, miniatures , bjd poup\u00e9es 1\/12 1\/8 1\/6 1\/4 1\/3","article_publisher":"https:\/\/www.facebook.com\/sunnyshop211\/?ref=bookmarks","article_modified_time":"2026-01-03T21:17:09+00:00","og_image":[{"width":2448,"height":1896,"url":"https:\/\/www.sunnyshop211.com\/wp-content\/uploads\/2019\/10\/20191031_122919.jpg","type":"image\/jpeg"}],"twitter_card":"summary_large_image","twitter_site":"@sunnyshop211","twitter_misc":{"Est. reading time":"2 minutes"},"schema":{"@context":"https:\/\/schema.org","@graph":[{"@type":"WebPage","@id":"https:\/\/www.sunnyshop211.com\/produit\/meuble-etagere-miniature-1-8-bjd-pukifee-lati-yellow\/","url":"https:\/\/www.sunnyshop211.com\/produit\/meuble-etagere-miniature-1-8-bjd-pukifee-lati-yellow\/","name":"Miniature shelving unit 1\/8 bjd pukifee, lati yellow -","isPartOf":{"@id":"https:\/\/www.sunnyshop211.com\/#website"},"primaryImageOfPage":{"@id":"https:\/\/www.sunnyshop211.com\/produit\/meuble-etagere-miniature-1-8-bjd-pukifee-lati-yellow\/#primaryimage"},"image":{"@id":"https:\/\/www.sunnyshop211.com\/produit\/meuble-etagere-miniature-1-8-bjd-pukifee-lati-yellow\/#primaryimage"},"thumbnailUrl":"https:\/\/www.sunnyshop211.com\/wp-content\/uploads\/2019\/10\/20191031_122919.jpg","datePublished":"2019-10-31T12:31:09+00:00","dateModified":"2026-01-03T21:17:09+00:00","description":"Miniature shelving unit 1\/8 bjd pukifee, lati yellow or other sizes, ideal for dioramas and staging.","breadcrumb":{"@id":"https:\/\/www.sunnyshop211.com\/produit\/meuble-etagere-miniature-1-8-bjd-pukifee-lati-yellow\/#breadcrumb"},"inLanguage":"en-US","potentialAction":[{"@type":"ReadAction","target":["https:\/\/www.sunnyshop211.com\/produit\/meuble-etagere-miniature-1-8-bjd-pukifee-lati-yellow\/"]}]},{"@type":"ImageObject","inLanguage":"en-US","@id":"https:\/\/www.sunnyshop211.com\/produit\/meuble-etagere-miniature-1-8-bjd-pukifee-lati-yellow\/#primaryimage","url":"https:\/\/www.sunnyshop211.com\/wp-content\/uploads\/2019\/10\/20191031_122919.jpg","contentUrl":"https:\/\/www.sunnyshop211.com\/wp-content\/uploads\/2019\/10\/20191031_122919.jpg","width":2448,"height":1896,"caption":"Meuble \u00e9tag\u00e8re miniature 1\/8"},{"@type":"BreadcrumbList","@id":"https:\/\/www.sunnyshop211.com\/produit\/meuble-etagere-miniature-1-8-bjd-pukifee-lati-yellow\/#breadcrumb","itemListElement":[{"@type":"ListItem","position":1,"name":"Accueil","item":"https:\/\/www.sunnyshop211.com\/"},{"@type":"ListItem","position":2,"name":"Boutique","item":"https:\/\/www.sunnyshop211.com\/boutique-miniature-bjd-dolls\/"},{"@type":"ListItem","position":3,"name":"Meuble \u00e9tag\u00e8re miniature 1\/8 bjd pukifee, lati yellow"}]},{"@type":"WebSite","@id":"https:\/\/www.sunnyshop211.com\/#website","url":"https:\/\/www.sunnyshop211.com\/","name":"Sale of dioramas, furniture, miniatures, bjd dolls 1\/12 1\/8 1\/6 1\/4 1\/3","description":"Sunnyshop211 - Your miniature world for dolls and BJDs, dioramas and custom-made furniture!","publisher":{"@id":"https:\/\/www.sunnyshop211.com\/#organization"},"alternateName":"sunnyshop211","potentialAction":[{"@type":"SearchAction","target":{"@type":"EntryPoint","urlTemplate":"https:\/\/www.sunnyshop211.com\/?s={search_term_string}"},"query-input":{"@type":"PropertyValueSpecification","valueRequired":true,"valueName":"search_term_string"}}],"inLanguage":"en-US"},{"@type":"Organization","@id":"https:\/\/www.sunnyshop211.com\/#organization","name":"sunnyshop211","alternateName":"sunnyshop211 diorama bjd meuble miniature","url":"https:\/\/www.sunnyshop211.com\/","logo":{"@type":"ImageObject","inLanguage":"en-US","@id":"https:\/\/www.sunnyshop211.com\/#\/schema\/logo\/image\/","url":"https:\/\/www.sunnyshop211.com\/wp-content\/uploads\/2022\/08\/cropped-cropped-cropped-Sunnyshop211-1.png","contentUrl":"https:\/\/www.sunnyshop211.com\/wp-content\/uploads\/2022\/08\/cropped-cropped-cropped-Sunnyshop211-1.png","width":339,"height":339,"caption":"sunnyshop211"},"image":{"@id":"https:\/\/www.sunnyshop211.com\/#\/schema\/logo\/image\/"},"sameAs":["https:\/\/www.facebook.com\/sunnyshop211\/?ref=bookmarks","https:\/\/x.com\/sunnyshop211","https:\/\/www.instagram.com\/sunnyshop211\/","https:\/\/www.tumblr.com\/blog\/sunnyshop211","https:\/\/www.youtube.com\/channel\/UCtYY18OGGDKrTSzgcf7fCBg","https:\/\/www.tiktok.com\/@sunnydollshop211?is_from_webapp=1&sender_device=pc"]}]}},"jetpack_publicize_connections":[],"jetpack_sharing_enabled":true,"_links":{"self":[{"href":"https:\/\/www.sunnyshop211.com\/en\/wp-json\/wp\/v2\/product\/10243","targetHints":{"allow":["GET"]}}],"collection":[{"href":"https:\/\/www.sunnyshop211.com\/en\/wp-json\/wp\/v2\/product"}],"about":[{"href":"https:\/\/www.sunnyshop211.com\/en\/wp-json\/wp\/v2\/types\/product"}],"replies":[{"embeddable":true,"href":"https:\/\/www.sunnyshop211.com\/en\/wp-json\/wp\/v2\/comments?post=10243"}],"version-history":[{"count":6,"href":"https:\/\/www.sunnyshop211.com\/en\/wp-json\/wp\/v2\/product\/10243\/revisions"}],"predecessor-version":[{"id":54303,"href":"https:\/\/www.sunnyshop211.com\/en\/wp-json\/wp\/v2\/product\/10243\/revisions\/54303"}],"wp:featuredmedia":[{"embeddable":true,"href":"https:\/\/www.sunnyshop211.com\/en\/wp-json\/wp\/v2\/media\/10200"}],"wp:attachment":[{"href":"https:\/\/www.sunnyshop211.com\/en\/wp-json\/wp\/v2\/media?parent=10243"}],"wp:term":[{"taxonomy":"product_brand","embeddable":true,"href":"https:\/\/www.sunnyshop211.com\/en\/wp-json\/wp\/v2\/product_brand?post=10243"},{"taxonomy":"product_cat","embeddable":true,"href":"https:\/\/www.sunnyshop211.com\/en\/wp-json\/wp\/v2\/product_cat?post=10243"},{"taxonomy":"product_tag","embeddable":true,"href":"https:\/\/www.sunnyshop211.com\/en\/wp-json\/wp\/v2\/product_tag?post=10243"}],"curies":[{"name":"wp","href":"https:\/\/api.w.org\/{rel}","templated":true}]}}