{"id":51558,"date":"2025-11-16T19:24:33","date_gmt":"2025-11-16T18:24:33","guid":{"rendered":"https:\/\/www.sunnyshop211.com\/?page_id=51558"},"modified":"2025-11-16T19:29:55","modified_gmt":"2025-11-16T18:29:55","slug":"%f0%9f%8c%bf-la-biche-des-sous-bois-enchantes","status":"publish","type":"page","link":"https:\/\/www.sunnyshop211.com\/en\/blog-doll-bjd-miniatures\/%f0%9f%8c%bf-la-biche-des-sous-bois-enchantes\/","title":{"rendered":"\ud83c\udf3f THE HIND OF THE ENCHANTED UNDERGROWTH"},"content":{"rendered":"<div data-elementor-type=\"wp-page\" data-elementor-id=\"51558\" class=\"elementor elementor-51558\" data-elementor-post-type=\"page\">\n\t\t\t\t<div class=\"elementor-element elementor-element-659de94 e-flex e-con-boxed e-con e-parent\" data-id=\"659de94\" data-element_type=\"container\" data-e-type=\"container\">\n\t\t\t\t\t<div class=\"e-con-inner\">\n\t\t\t\t<div class=\"elementor-element elementor-element-3f43610 elementor-widget elementor-widget-heading\" data-id=\"3f43610\" data-element_type=\"widget\" data-e-type=\"widget\" data-widget_type=\"heading.default\">\n\t\t\t\t<div class=\"elementor-widget-container\">\n\t\t\t\t\t<h2 class=\"elementor-heading-title elementor-size-default\">THE HIND OF THE ENCHANTED UNDERGROWTH<\/h2>\t\t\t\t<\/div>\n\t\t\t\t<\/div>\n\t\t\t\t\t<\/div>\n\t\t\t\t<\/div>\n\t\t<div class=\"elementor-element elementor-element-6e1760e e-flex e-con-boxed e-con e-parent\" data-id=\"6e1760e\" data-element_type=\"container\" data-e-type=\"container\">\n\t\t\t\t\t<div class=\"e-con-inner\">\n\t\t\t\t<div class=\"elementor-element elementor-element-53d84e3 elementor-widget elementor-widget-image\" data-id=\"53d84e3\" data-element_type=\"widget\" data-e-type=\"widget\" data-widget_type=\"image.default\">\n\t\t\t\t<div class=\"elementor-widget-container\">\n\t\t\t\t\t\t\t\t\t\t\t\t\t\t\t<img fetchpriority=\"high\" decoding=\"async\" width=\"800\" height=\"534\" src=\"https:\/\/www.sunnyshop211.com\/wp-content\/uploads\/2025\/11\/18-scaled-1-1024x683.jpg\" class=\"attachment-large size-large wp-image-51561\" alt=\"\" srcset=\"https:\/\/www.sunnyshop211.com\/wp-content\/uploads\/2025\/11\/18-scaled-1-1024x683.jpg 1024w, https:\/\/www.sunnyshop211.com\/wp-content\/uploads\/2025\/11\/18-scaled-1-500x333.jpg 500w, https:\/\/www.sunnyshop211.com\/wp-content\/uploads\/2025\/11\/18-scaled-1-768x512.jpg 768w, https:\/\/www.sunnyshop211.com\/wp-content\/uploads\/2025\/11\/18-scaled-1-1536x1024.jpg 1536w, https:\/\/www.sunnyshop211.com\/wp-content\/uploads\/2025\/11\/18-scaled-1-2048x1366.jpg 2048w, https:\/\/www.sunnyshop211.com\/wp-content\/uploads\/2025\/11\/18-scaled-1-18x12.jpg 18w, https:\/\/www.sunnyshop211.com\/wp-content\/uploads\/2025\/11\/18-scaled-1-60x40.jpg 60w\" sizes=\"(max-width: 800px) 100vw, 800px\" \/>\t\t\t\t\t\t\t\t\t\t\t\t\t\t\t<\/div>\n\t\t\t\t<\/div>\n\t\t\t\t\t<\/div>\n\t\t\t\t<\/div>\n\t\t<div class=\"elementor-element elementor-element-1315953 e-flex e-con-boxed e-con e-parent\" data-id=\"1315953\" data-element_type=\"container\" data-e-type=\"container\">\n\t\t\t\t\t<div class=\"e-con-inner\">\n\t\t\t\t<div class=\"elementor-element elementor-element-4058aad elementor-widget elementor-widget-text-editor\" data-id=\"4058aad\" data-element_type=\"widget\" data-e-type=\"widget\" data-widget_type=\"text-editor.default\">\n\t\t\t\t<div class=\"elementor-widget-container\">\n\t\t\t\t\t\t\t\t\t<p data-start=\"712\" data-end=\"812\"><em data-start=\"766\" data-end=\"812\">Sleeping guardian of luminous glades<\/em><\/p><p data-start=\"814\" data-end=\"1077\">It is said that some creatures do not walk in the forest...<br data-start=\"900\" data-end=\"903\" \/>They <em data-start=\"909\" data-end=\"915\">font<\/em> the forest around them.<br data-start=\"947\" data-end=\"950\" \/>La Biche des Sous-Bois Enchant\u00e9s is one of them - a gentle soul, born where the light filters silently through the leaves.<\/p><p data-start=\"1079\" data-end=\"1410\"><strong data-start=\"1079\" data-end=\"1094\">Appearance:<\/strong><br data-start=\"1094\" data-end=\"1097\" \/>Her brown hair mingles with the tall grass like a carpet of autumn leaves.<br data-start=\"1180\" data-end=\"1183\" \/>Her cream-colored lace corset appears to have been sewn by fairy weavers.<br data-start=\"1268\" data-end=\"1271\" \/>On her head, her delicate antlers are decorated with tiny pale roses: they actually grow on her, nourished by the magic of the forest.<\/p><p data-start=\"1412\" data-end=\"1738\"><strong data-start=\"1412\" data-end=\"1429\">His power:<\/strong><br data-start=\"1429\" data-end=\"1432\" \/>When she closes her eyes, the whole forest holds its breath.<br data-start=\"1497\" data-end=\"1500\" \/>Her sleep is a sacred phenomenon - a time when nature rests at the same rhythm as she does.<br data-start=\"1593\" data-end=\"1596\" \/>And when her heart calms down, mushrooms appear all around her...<br data-start=\"1667\" data-end=\"1670\" \/>Sometimes one even grows against her skin, a symbol of perfect harmony.<\/p><p data-start=\"1740\" data-end=\"1955\"><strong data-start=\"1740\" data-end=\"1755\">Character :<\/strong><br data-start=\"1755\" data-end=\"1758\" \/>Gentle, shy, dreamy, she never raises her voice.<br data-start=\"1810\" data-end=\"1813\" \/>It speaks to wordless leaves, and soothes even the darkest creatures.<br data-start=\"1894\" data-end=\"1897\" \/>The simple warmth of his presence is enough to bring peace.<\/p>\t\t\t\t\t\t\t\t<\/div>\n\t\t\t\t<\/div>\n\t\t\t\t\t<\/div>\n\t\t\t\t<\/div>\n\t\t<div class=\"elementor-element elementor-element-427ebde e-flex e-con-boxed e-con e-parent\" data-id=\"427ebde\" data-element_type=\"container\" data-e-type=\"container\">\n\t\t\t\t\t<div class=\"e-con-inner\">\n\t\t\t\t<div class=\"elementor-element elementor-element-fb8da09 elementor-widget elementor-widget-gallery\" data-id=\"fb8da09\" data-element_type=\"widget\" data-e-type=\"widget\" data-settings=\"{&quot;gallery_layout&quot;:&quot;masonry&quot;,&quot;columns&quot;:2,&quot;lazyload&quot;:&quot;yes&quot;,&quot;columns_tablet&quot;:2,&quot;columns_mobile&quot;:1,&quot;gap&quot;:{&quot;unit&quot;:&quot;px&quot;,&quot;size&quot;:10,&quot;sizes&quot;:[]},&quot;gap_tablet&quot;:{&quot;unit&quot;:&quot;px&quot;,&quot;size&quot;:10,&quot;sizes&quot;:[]},&quot;gap_mobile&quot;:{&quot;unit&quot;:&quot;px&quot;,&quot;size&quot;:10,&quot;sizes&quot;:[]},&quot;link_to&quot;:&quot;file&quot;,&quot;overlay_background&quot;:&quot;yes&quot;,&quot;content_hover_animation&quot;:&quot;fade-in&quot;}\" data-widget_type=\"gallery.default\">\n\t\t\t\t<div class=\"elementor-widget-container\">\n\t\t\t\t\t\t\t<div class=\"elementor-gallery__container\">\n\t\t\t\t\t\t\t<a class=\"e-gallery-item elementor-gallery-item elementor-animated-content\" href=\"https:\/\/www.sunnyshop211.com\/wp-content\/uploads\/2025\/11\/25-scaled-1.jpg\" data-elementor-open-lightbox=\"yes\" data-elementor-lightbox-slideshow=\"fb8da09\" data-elementor-lightbox-title=\"25-scaled\" data-e-action-hash=\"#elementor-action%3Aaction%3Dlightbox%26settings%3DeyJpZCI6NTE1NjIsInVybCI6Imh0dHBzOlwvXC93d3cuc3VubnlzaG9wMjExLmNvbVwvd3AtY29udGVudFwvdXBsb2Fkc1wvMjAyNVwvMTFcLzI1LXNjYWxlZC0xLmpwZyIsInNsaWRlc2hvdyI6ImZiOGRhMDkifQ%3D%3D\">\n\t\t\t\t\t<div class=\"e-gallery-image elementor-gallery-item__image\" data-thumbnail=\"https:\/\/www.sunnyshop211.com\/wp-content\/uploads\/2025\/11\/25-scaled-1-500x333.jpg\" data-width=\"500\" data-height=\"333\" aria-label=\"\" role=\"img\" ><\/div>\n\t\t\t\t\t\t\t\t\t\t\t<div class=\"elementor-gallery-item__overlay\"><\/div>\n\t\t\t\t\t\t\t\t\t\t\t\t\t\t<\/a>\n\t\t\t\t\t\t\t<a class=\"e-gallery-item elementor-gallery-item elementor-animated-content\" href=\"https:\/\/www.sunnyshop211.com\/wp-content\/uploads\/2025\/11\/18-scaled-1.jpg\" data-elementor-open-lightbox=\"yes\" data-elementor-lightbox-slideshow=\"fb8da09\" data-elementor-lightbox-title=\"18-scaled\" data-e-action-hash=\"#elementor-action%3Aaction%3Dlightbox%26settings%3DeyJpZCI6NTE1NjEsInVybCI6Imh0dHBzOlwvXC93d3cuc3VubnlzaG9wMjExLmNvbVwvd3AtY29udGVudFwvdXBsb2Fkc1wvMjAyNVwvMTFcLzE4LXNjYWxlZC0xLmpwZyIsInNsaWRlc2hvdyI6ImZiOGRhMDkifQ%3D%3D\">\n\t\t\t\t\t<div class=\"e-gallery-image elementor-gallery-item__image\" data-thumbnail=\"https:\/\/www.sunnyshop211.com\/wp-content\/uploads\/2025\/11\/18-scaled-1-500x333.jpg\" data-width=\"500\" data-height=\"333\" aria-label=\"\" role=\"img\" ><\/div>\n\t\t\t\t\t\t\t\t\t\t\t<div class=\"elementor-gallery-item__overlay\"><\/div>\n\t\t\t\t\t\t\t\t\t\t\t\t\t\t<\/a>\n\t\t\t\t\t\t\t<a class=\"e-gallery-item elementor-gallery-item elementor-animated-content\" href=\"https:\/\/www.sunnyshop211.com\/wp-content\/uploads\/2025\/11\/20-scaled-1.jpg\" data-elementor-open-lightbox=\"yes\" data-elementor-lightbox-slideshow=\"fb8da09\" data-elementor-lightbox-title=\"20-scaled\" data-e-action-hash=\"#elementor-action%3Aaction%3Dlightbox%26settings%3DeyJpZCI6NTE1NjAsInVybCI6Imh0dHBzOlwvXC93d3cuc3VubnlzaG9wMjExLmNvbVwvd3AtY29udGVudFwvdXBsb2Fkc1wvMjAyNVwvMTFcLzIwLXNjYWxlZC0xLmpwZyIsInNsaWRlc2hvdyI6ImZiOGRhMDkifQ%3D%3D\">\n\t\t\t\t\t<div class=\"e-gallery-image elementor-gallery-item__image\" data-thumbnail=\"https:\/\/www.sunnyshop211.com\/wp-content\/uploads\/2025\/11\/20-scaled-1-500x333.jpg\" data-width=\"500\" data-height=\"333\" aria-label=\"\" role=\"img\" ><\/div>\n\t\t\t\t\t\t\t\t\t\t\t<div class=\"elementor-gallery-item__overlay\"><\/div>\n\t\t\t\t\t\t\t\t\t\t\t\t\t\t<\/a>\n\t\t\t\t\t\t\t<a class=\"e-gallery-item elementor-gallery-item elementor-animated-content\" href=\"https:\/\/www.sunnyshop211.com\/wp-content\/uploads\/2025\/11\/7-1-scaled-1.jpg\" data-elementor-open-lightbox=\"yes\" data-elementor-lightbox-slideshow=\"fb8da09\" data-elementor-lightbox-title=\"7-1-scaled\" data-e-action-hash=\"#elementor-action%3Aaction%3Dlightbox%26settings%3DeyJpZCI6NTE1NTksInVybCI6Imh0dHBzOlwvXC93d3cuc3VubnlzaG9wMjExLmNvbVwvd3AtY29udGVudFwvdXBsb2Fkc1wvMjAyNVwvMTFcLzctMS1zY2FsZWQtMS5qcGciLCJzbGlkZXNob3ciOiJmYjhkYTA5In0%3D\">\n\t\t\t\t\t<div class=\"e-gallery-image elementor-gallery-item__image\" data-thumbnail=\"https:\/\/www.sunnyshop211.com\/wp-content\/uploads\/2025\/11\/7-1-scaled-1-500x333.jpg\" data-width=\"500\" data-height=\"333\" aria-label=\"\" role=\"img\" ><\/div>\n\t\t\t\t\t\t\t\t\t\t\t<div class=\"elementor-gallery-item__overlay\"><\/div>\n\t\t\t\t\t\t\t\t\t\t\t\t\t\t<\/a>\n\t\t\t\t\t<\/div>\n\t\t\t\t\t<\/div>\n\t\t\t\t<\/div>\n\t\t\t\t\t<\/div>\n\t\t\t\t<\/div>\n\t\t<div class=\"elementor-element elementor-element-91194da e-flex e-con-boxed e-con e-parent\" data-id=\"91194da\" data-element_type=\"container\" data-e-type=\"container\">\n\t\t\t\t\t<div class=\"e-con-inner\">\n\t\t\t\t<div class=\"elementor-element elementor-element-4c46b9e elementor-widget elementor-widget-text-editor\" data-id=\"4c46b9e\" data-element_type=\"widget\" data-e-type=\"widget\" data-widget_type=\"text-editor.default\">\n\t\t\t\t<div class=\"elementor-widget-container\">\n\t\t\t\t\t\t\t\t\t<p>She's not the most powerful of creatures...<br data-start=\"2183\" data-end=\"2186\" \/>But one of the most essential.<br data-start=\"2228\" data-end=\"2231\" \/>Because without sweetness, magic doesn't survive.<\/p>\t\t\t\t\t\t\t\t<\/div>\n\t\t\t\t<\/div>\n\t\t\t\t\t<\/div>\n\t\t\t\t<\/div>\n\t\t\t\t<\/div>","protected":false},"excerpt":{"rendered":"<p>LA BICHE DES SOUS-BOIS ENCHANT\u00c9S Gardienne endormie des clairi\u00e8res lumineuses On raconte que certaines cr\u00e9atures ne marchent pas dans la for\u00eat\u2026Elles font na\u00eetre la for\u00eat autour d\u2019elles.La Biche des Sous-Bois Enchant\u00e9s est l\u2019une d\u2019elles \u2014 une \u00e2me douce, n\u00e9e l\u00e0 o\u00f9 la lumi\u00e8re filtre entre les feuilles, en silence. Apparence :Ses cheveux bruns se m\u00ealent [&hellip;]<\/p>\n","protected":false},"author":149815383,"featured_media":51561,"parent":31346,"menu_order":0,"comment_status":"closed","ping_status":"closed","template":"elementor_header_footer","meta":{"_crdt_document":"","jetpack_post_was_ever_published":false,"footnotes":""},"categories":[667686950],"tags":[],"class_list":["post-51558","page","type-page","status-publish","has-post-thumbnail","hentry","category-creatures-mythologiques"],"yoast_head":"<!-- This site is optimized with the Yoast SEO plugin v27.4 - https:\/\/yoast.com\/product\/yoast-seo-wordpress\/ -->\n<title>\ud83c\udf3f LA BICHE DES SOUS-BOIS ENCHANT\u00c9S -<\/title>\n<meta name=\"description\" content=\"\ud83c\udf3f LA BICHE DES SOUS-BOIS ENCHANT\u00c9S. Gardienne endormie des clairi\u00e8res lumineuses, une \u00e2me n\u00e9e l\u00e0 o\u00f9 la lumi\u00e8re filtre entre les feuilles\" \/>\n<meta name=\"robots\" content=\"index, follow, max-snippet:-1, max-image-preview:large, max-video-preview:-1\" \/>\n<link rel=\"canonical\" href=\"https:\/\/www.sunnyshop211.com\/en\/blog-doll-bjd-miniatures\/\ud83c\udf3f-la-biche-des-sous-bois-enchantes\/\" \/>\n<meta property=\"og:locale\" content=\"en_US\" \/>\n<meta property=\"og:type\" content=\"article\" \/>\n<meta property=\"og:title\" content=\"\ud83c\udf3f LA BICHE DES SOUS-BOIS ENCHANT\u00c9S -\" \/>\n<meta property=\"og:description\" content=\"\ud83c\udf3f LA BICHE DES SOUS-BOIS ENCHANT\u00c9S. Gardienne endormie des clairi\u00e8res lumineuses, une \u00e2me n\u00e9e l\u00e0 o\u00f9 la lumi\u00e8re filtre entre les feuilles\" \/>\n<meta property=\"og:url\" content=\"https:\/\/www.sunnyshop211.com\/en\/blog-doll-bjd-miniatures\/\ud83c\udf3f-la-biche-des-sous-bois-enchantes\/\" \/>\n<meta property=\"og:site_name\" content=\"Sunnyshop211 -Vente de dioramas, meubles, miniatures , bjd poup\u00e9es 1\/12 1\/8 1\/6 1\/4 1\/3\" \/>\n<meta property=\"article:publisher\" content=\"https:\/\/www.facebook.com\/sunnyshop211\/?ref=bookmarks\" \/>\n<meta property=\"article:modified_time\" content=\"2025-11-16T18:29:55+00:00\" \/>\n<meta property=\"og:image\" content=\"https:\/\/www.sunnyshop211.com\/wp-content\/uploads\/2025\/11\/18-scaled-1.jpg\" \/>\n\t<meta property=\"og:image:width\" content=\"2560\" \/>\n\t<meta property=\"og:image:height\" content=\"1707\" \/>\n\t<meta property=\"og:image:type\" content=\"image\/jpeg\" \/>\n<meta name=\"twitter:card\" content=\"summary_large_image\" \/>\n<meta name=\"twitter:site\" content=\"@sunnyshop211\" \/>\n<meta name=\"twitter:label1\" content=\"Est. reading time\" \/>\n\t<meta name=\"twitter:data1\" content=\"2 minutes\" \/>\n<script type=\"application\/ld+json\" class=\"yoast-schema-graph\">{\"@context\":\"https:\\\/\\\/schema.org\",\"@graph\":[{\"@type\":\"WebPage\",\"@id\":\"https:\\\/\\\/www.sunnyshop211.com\\\/blog-doll-bjd-miniatures\\\/%f0%9f%8c%bf-la-biche-des-sous-bois-enchantes\\\/\",\"url\":\"https:\\\/\\\/www.sunnyshop211.com\\\/blog-doll-bjd-miniatures\\\/%f0%9f%8c%bf-la-biche-des-sous-bois-enchantes\\\/\",\"name\":\"\ud83c\udf3f LA BICHE DES SOUS-BOIS ENCHANT\u00c9S -\",\"isPartOf\":{\"@id\":\"https:\\\/\\\/www.sunnyshop211.com\\\/#website\"},\"primaryImageOfPage\":{\"@id\":\"https:\\\/\\\/www.sunnyshop211.com\\\/blog-doll-bjd-miniatures\\\/%f0%9f%8c%bf-la-biche-des-sous-bois-enchantes\\\/#primaryimage\"},\"image\":{\"@id\":\"https:\\\/\\\/www.sunnyshop211.com\\\/blog-doll-bjd-miniatures\\\/%f0%9f%8c%bf-la-biche-des-sous-bois-enchantes\\\/#primaryimage\"},\"thumbnailUrl\":\"https:\\\/\\\/www.sunnyshop211.com\\\/wp-content\\\/uploads\\\/2025\\\/11\\\/18-scaled-1.jpg\",\"datePublished\":\"2025-11-16T18:24:33+00:00\",\"dateModified\":\"2025-11-16T18:29:55+00:00\",\"description\":\"\ud83c\udf3f LA BICHE DES SOUS-BOIS ENCHANT\u00c9S. Gardienne endormie des clairi\u00e8res lumineuses, une \u00e2me n\u00e9e l\u00e0 o\u00f9 la lumi\u00e8re filtre entre les feuilles\",\"breadcrumb\":{\"@id\":\"https:\\\/\\\/www.sunnyshop211.com\\\/blog-doll-bjd-miniatures\\\/%f0%9f%8c%bf-la-biche-des-sous-bois-enchantes\\\/#breadcrumb\"},\"inLanguage\":\"en-US\",\"potentialAction\":[{\"@type\":\"ReadAction\",\"target\":[\"https:\\\/\\\/www.sunnyshop211.com\\\/blog-doll-bjd-miniatures\\\/%f0%9f%8c%bf-la-biche-des-sous-bois-enchantes\\\/\"]}]},{\"@type\":\"ImageObject\",\"inLanguage\":\"en-US\",\"@id\":\"https:\\\/\\\/www.sunnyshop211.com\\\/blog-doll-bjd-miniatures\\\/%f0%9f%8c%bf-la-biche-des-sous-bois-enchantes\\\/#primaryimage\",\"url\":\"https:\\\/\\\/www.sunnyshop211.com\\\/wp-content\\\/uploads\\\/2025\\\/11\\\/18-scaled-1.jpg\",\"contentUrl\":\"https:\\\/\\\/www.sunnyshop211.com\\\/wp-content\\\/uploads\\\/2025\\\/11\\\/18-scaled-1.jpg\",\"width\":2560,\"height\":1707},{\"@type\":\"BreadcrumbList\",\"@id\":\"https:\\\/\\\/www.sunnyshop211.com\\\/blog-doll-bjd-miniatures\\\/%f0%9f%8c%bf-la-biche-des-sous-bois-enchantes\\\/#breadcrumb\",\"itemListElement\":[{\"@type\":\"ListItem\",\"position\":1,\"name\":\"Accueil\",\"item\":\"https:\\\/\\\/www.sunnyshop211.com\\\/\"},{\"@type\":\"ListItem\",\"position\":2,\"name\":\"blog doll bjd miniatures\",\"item\":\"https:\\\/\\\/www.sunnyshop211.com\\\/blog-doll-bjd-miniatures\\\/\"},{\"@type\":\"ListItem\",\"position\":3,\"name\":\"\ud83c\udf3f LA BICHE DES SOUS-BOIS ENCHANT\u00c9S\"}]},{\"@type\":\"WebSite\",\"@id\":\"https:\\\/\\\/www.sunnyshop211.com\\\/#website\",\"url\":\"https:\\\/\\\/www.sunnyshop211.com\\\/\",\"name\":\"Vente de dioramas, meubles, miniatures , bjd poup\u00e9es 1\\\/12 1\\\/8 1\\\/6 1\\\/4 1\\\/3\",\"description\":\"Sunnyshop211 - Votre univers miniature pour poup\u00e9es et BJD, dioramas et meubles sur mesure !\",\"publisher\":{\"@id\":\"https:\\\/\\\/www.sunnyshop211.com\\\/#organization\"},\"alternateName\":\"sunnyshop211\",\"potentialAction\":[{\"@type\":\"SearchAction\",\"target\":{\"@type\":\"EntryPoint\",\"urlTemplate\":\"https:\\\/\\\/www.sunnyshop211.com\\\/?s={search_term_string}\"},\"query-input\":{\"@type\":\"PropertyValueSpecification\",\"valueRequired\":true,\"valueName\":\"search_term_string\"}}],\"inLanguage\":\"en-US\"},{\"@type\":\"Organization\",\"@id\":\"https:\\\/\\\/www.sunnyshop211.com\\\/#organization\",\"name\":\"sunnyshop211\",\"alternateName\":\"sunnyshop211 diorama bjd meuble miniature\",\"url\":\"https:\\\/\\\/www.sunnyshop211.com\\\/\",\"logo\":{\"@type\":\"ImageObject\",\"inLanguage\":\"en-US\",\"@id\":\"https:\\\/\\\/www.sunnyshop211.com\\\/#\\\/schema\\\/logo\\\/image\\\/\",\"url\":\"https:\\\/\\\/www.sunnyshop211.com\\\/wp-content\\\/uploads\\\/2022\\\/08\\\/cropped-cropped-cropped-Sunnyshop211-1.png\",\"contentUrl\":\"https:\\\/\\\/www.sunnyshop211.com\\\/wp-content\\\/uploads\\\/2022\\\/08\\\/cropped-cropped-cropped-Sunnyshop211-1.png\",\"width\":339,\"height\":339,\"caption\":\"sunnyshop211\"},\"image\":{\"@id\":\"https:\\\/\\\/www.sunnyshop211.com\\\/#\\\/schema\\\/logo\\\/image\\\/\"},\"sameAs\":[\"https:\\\/\\\/www.facebook.com\\\/sunnyshop211\\\/?ref=bookmarks\",\"https:\\\/\\\/x.com\\\/sunnyshop211\",\"https:\\\/\\\/www.instagram.com\\\/sunnyshop211\\\/\",\"https:\\\/\\\/www.tumblr.com\\\/blog\\\/sunnyshop211\",\"https:\\\/\\\/www.youtube.com\\\/channel\\\/UCtYY18OGGDKrTSzgcf7fCBg\",\"https:\\\/\\\/www.tiktok.com\\\/@sunnydollshop211?is_from_webapp=1&sender_device=pc\"]}]}<\/script>\n<!-- \/ Yoast SEO plugin. -->","yoast_head_json":{"title":"\ud83c\udf3f THE HIND OF THE ENCHANTED UNDERGROWTH -","description":"\ud83c\udf3f THE BICHE OF THE ENCHANTED UNDERGROUND. Sleeping guardian of luminous glades, a soul born where light filters between leaves","robots":{"index":"index","follow":"follow","max-snippet":"max-snippet:-1","max-image-preview":"max-image-preview:large","max-video-preview":"max-video-preview:-1"},"canonical":"https:\/\/www.sunnyshop211.com\/en\/blog-doll-bjd-miniatures\/\ud83c\udf3f-la-biche-des-sous-bois-enchantes\/","og_locale":"en_US","og_type":"article","og_title":"\ud83c\udf3f LA BICHE DES SOUS-BOIS ENCHANT\u00c9S -","og_description":"\ud83c\udf3f LA BICHE DES SOUS-BOIS ENCHANT\u00c9S. Gardienne endormie des clairi\u00e8res lumineuses, une \u00e2me n\u00e9e l\u00e0 o\u00f9 la lumi\u00e8re filtre entre les feuilles","og_url":"https:\/\/www.sunnyshop211.com\/en\/blog-doll-bjd-miniatures\/\ud83c\udf3f-la-biche-des-sous-bois-enchantes\/","og_site_name":"Sunnyshop211 -Vente de dioramas, meubles, miniatures , bjd poup\u00e9es 1\/12 1\/8 1\/6 1\/4 1\/3","article_publisher":"https:\/\/www.facebook.com\/sunnyshop211\/?ref=bookmarks","article_modified_time":"2025-11-16T18:29:55+00:00","og_image":[{"width":2560,"height":1707,"url":"https:\/\/www.sunnyshop211.com\/wp-content\/uploads\/2025\/11\/18-scaled-1.jpg","type":"image\/jpeg"}],"twitter_card":"summary_large_image","twitter_site":"@sunnyshop211","twitter_misc":{"Est. reading time":"2 minutes"},"schema":{"@context":"https:\/\/schema.org","@graph":[{"@type":"WebPage","@id":"https:\/\/www.sunnyshop211.com\/blog-doll-bjd-miniatures\/%f0%9f%8c%bf-la-biche-des-sous-bois-enchantes\/","url":"https:\/\/www.sunnyshop211.com\/blog-doll-bjd-miniatures\/%f0%9f%8c%bf-la-biche-des-sous-bois-enchantes\/","name":"\ud83c\udf3f THE HIND OF THE ENCHANTED UNDERGROWTH -","isPartOf":{"@id":"https:\/\/www.sunnyshop211.com\/#website"},"primaryImageOfPage":{"@id":"https:\/\/www.sunnyshop211.com\/blog-doll-bjd-miniatures\/%f0%9f%8c%bf-la-biche-des-sous-bois-enchantes\/#primaryimage"},"image":{"@id":"https:\/\/www.sunnyshop211.com\/blog-doll-bjd-miniatures\/%f0%9f%8c%bf-la-biche-des-sous-bois-enchantes\/#primaryimage"},"thumbnailUrl":"https:\/\/www.sunnyshop211.com\/wp-content\/uploads\/2025\/11\/18-scaled-1.jpg","datePublished":"2025-11-16T18:24:33+00:00","dateModified":"2025-11-16T18:29:55+00:00","description":"\ud83c\udf3f THE BICHE OF THE ENCHANTED UNDERGROUND. Sleeping guardian of luminous glades, a soul born where light filters between leaves","breadcrumb":{"@id":"https:\/\/www.sunnyshop211.com\/blog-doll-bjd-miniatures\/%f0%9f%8c%bf-la-biche-des-sous-bois-enchantes\/#breadcrumb"},"inLanguage":"en-US","potentialAction":[{"@type":"ReadAction","target":["https:\/\/www.sunnyshop211.com\/blog-doll-bjd-miniatures\/%f0%9f%8c%bf-la-biche-des-sous-bois-enchantes\/"]}]},{"@type":"ImageObject","inLanguage":"en-US","@id":"https:\/\/www.sunnyshop211.com\/blog-doll-bjd-miniatures\/%f0%9f%8c%bf-la-biche-des-sous-bois-enchantes\/#primaryimage","url":"https:\/\/www.sunnyshop211.com\/wp-content\/uploads\/2025\/11\/18-scaled-1.jpg","contentUrl":"https:\/\/www.sunnyshop211.com\/wp-content\/uploads\/2025\/11\/18-scaled-1.jpg","width":2560,"height":1707},{"@type":"BreadcrumbList","@id":"https:\/\/www.sunnyshop211.com\/blog-doll-bjd-miniatures\/%f0%9f%8c%bf-la-biche-des-sous-bois-enchantes\/#breadcrumb","itemListElement":[{"@type":"ListItem","position":1,"name":"Accueil","item":"https:\/\/www.sunnyshop211.com\/"},{"@type":"ListItem","position":2,"name":"blog doll bjd miniatures","item":"https:\/\/www.sunnyshop211.com\/blog-doll-bjd-miniatures\/"},{"@type":"ListItem","position":3,"name":"\ud83c\udf3f LA BICHE DES SOUS-BOIS ENCHANT\u00c9S"}]},{"@type":"WebSite","@id":"https:\/\/www.sunnyshop211.com\/#website","url":"https:\/\/www.sunnyshop211.com\/","name":"Sale of dioramas, furniture, miniatures, bjd dolls 1\/12 1\/8 1\/6 1\/4 1\/3","description":"Sunnyshop211 - Your miniature world for dolls and BJDs, dioramas and custom-made furniture!","publisher":{"@id":"https:\/\/www.sunnyshop211.com\/#organization"},"alternateName":"sunnyshop211","potentialAction":[{"@type":"SearchAction","target":{"@type":"EntryPoint","urlTemplate":"https:\/\/www.sunnyshop211.com\/?s={search_term_string}"},"query-input":{"@type":"PropertyValueSpecification","valueRequired":true,"valueName":"search_term_string"}}],"inLanguage":"en-US"},{"@type":"Organization","@id":"https:\/\/www.sunnyshop211.com\/#organization","name":"sunnyshop211","alternateName":"sunnyshop211 diorama bjd meuble miniature","url":"https:\/\/www.sunnyshop211.com\/","logo":{"@type":"ImageObject","inLanguage":"en-US","@id":"https:\/\/www.sunnyshop211.com\/#\/schema\/logo\/image\/","url":"https:\/\/www.sunnyshop211.com\/wp-content\/uploads\/2022\/08\/cropped-cropped-cropped-Sunnyshop211-1.png","contentUrl":"https:\/\/www.sunnyshop211.com\/wp-content\/uploads\/2022\/08\/cropped-cropped-cropped-Sunnyshop211-1.png","width":339,"height":339,"caption":"sunnyshop211"},"image":{"@id":"https:\/\/www.sunnyshop211.com\/#\/schema\/logo\/image\/"},"sameAs":["https:\/\/www.facebook.com\/sunnyshop211\/?ref=bookmarks","https:\/\/x.com\/sunnyshop211","https:\/\/www.instagram.com\/sunnyshop211\/","https:\/\/www.tumblr.com\/blog\/sunnyshop211","https:\/\/www.youtube.com\/channel\/UCtYY18OGGDKrTSzgcf7fCBg","https:\/\/www.tiktok.com\/@sunnydollshop211?is_from_webapp=1&sender_device=pc"]}]}},"jetpack_sharing_enabled":true,"jetpack_shortlink":"https:\/\/wp.me\/Pg2Fm2-dpA","_links":{"self":[{"href":"https:\/\/www.sunnyshop211.com\/en\/wp-json\/wp\/v2\/pages\/51558","targetHints":{"allow":["GET"]}}],"collection":[{"href":"https:\/\/www.sunnyshop211.com\/en\/wp-json\/wp\/v2\/pages"}],"about":[{"href":"https:\/\/www.sunnyshop211.com\/en\/wp-json\/wp\/v2\/types\/page"}],"author":[{"embeddable":true,"href":"https:\/\/www.sunnyshop211.com\/en\/wp-json\/wp\/v2\/users\/149815383"}],"replies":[{"embeddable":true,"href":"https:\/\/www.sunnyshop211.com\/en\/wp-json\/wp\/v2\/comments?post=51558"}],"version-history":[{"count":8,"href":"https:\/\/www.sunnyshop211.com\/en\/wp-json\/wp\/v2\/pages\/51558\/revisions"}],"predecessor-version":[{"id":51570,"href":"https:\/\/www.sunnyshop211.com\/en\/wp-json\/wp\/v2\/pages\/51558\/revisions\/51570"}],"up":[{"embeddable":true,"href":"https:\/\/www.sunnyshop211.com\/en\/wp-json\/wp\/v2\/pages\/31346"}],"wp:featuredmedia":[{"embeddable":true,"href":"https:\/\/www.sunnyshop211.com\/en\/wp-json\/wp\/v2\/media\/51561"}],"wp:attachment":[{"href":"https:\/\/www.sunnyshop211.com\/en\/wp-json\/wp\/v2\/media?parent=51558"}],"wp:term":[{"taxonomy":"category","embeddable":true,"href":"https:\/\/www.sunnyshop211.com\/en\/wp-json\/wp\/v2\/categories?post=51558"},{"taxonomy":"post_tag","embeddable":true,"href":"https:\/\/www.sunnyshop211.com\/en\/wp-json\/wp\/v2\/tags?post=51558"}],"curies":[{"name":"wp","href":"https:\/\/api.w.org\/{rel}","templated":true}]}}