{"id":31785,"date":"2023-03-24T15:24:24","date_gmt":"2023-03-24T14:24:24","guid":{"rendered":"https:\/\/www.sunnyshop211.com\/?page_id=31785"},"modified":"2023-05-05T16:52:15","modified_gmt":"2023-05-05T15:52:15","slug":"projet-cocooning-rocking-chair-miniature-1-6-1-4-barbie-minifee","status":"publish","type":"page","link":"https:\/\/www.sunnyshop211.com\/en\/blog-doll-bjd-miniatures\/projet-cocooning-rocking-chair-miniature-1-6-1-4-barbie-minifee\/","title":{"rendered":"Cocooning project: miniature rocking chair 1\/6, 1\/4 Barbie, minifee"},"content":{"rendered":"<div data-elementor-type=\"wp-page\" data-elementor-id=\"31785\" class=\"elementor elementor-31785\" data-elementor-post-type=\"page\">\n\t\t\t\t<div class=\"elementor-element elementor-element-04ec7af e-flex e-con-boxed e-con e-parent\" data-id=\"04ec7af\" data-element_type=\"container\" data-e-type=\"container\">\n\t\t\t\t\t<div class=\"e-con-inner\">\n\t\t\t\t<div class=\"elementor-element elementor-element-1437fac elementor-widget-divider--view-line elementor-widget elementor-widget-divider\" data-id=\"1437fac\" data-element_type=\"widget\" data-e-type=\"widget\" data-widget_type=\"divider.default\">\n\t\t\t\t<div class=\"elementor-widget-container\">\n\t\t\t\t\t\t\t<div class=\"elementor-divider\">\n\t\t\t<span class=\"elementor-divider-separator\">\n\t\t\t\t\t\t<\/span>\n\t\t<\/div>\n\t\t\t\t\t\t<\/div>\n\t\t\t\t<\/div>\n\t\t\t\t\t<\/div>\n\t\t\t\t<\/div>\n\t\t<div class=\"elementor-element elementor-element-88e1b6b e-flex e-con-boxed e-con e-parent\" data-id=\"88e1b6b\" data-element_type=\"container\" data-e-type=\"container\">\n\t\t\t\t\t<div class=\"e-con-inner\">\n\t\t\t\t<div class=\"elementor-element elementor-element-1013ee8 elementor-widget elementor-widget-text-editor\" data-id=\"1013ee8\" data-element_type=\"widget\" data-e-type=\"widget\" data-widget_type=\"text-editor.default\">\n\t\t\t\t<div class=\"elementor-widget-container\">\n\t\t\t\t\t\t\t\t\t<p>Welcome to a new project: my cocooning project.<\/p><p>This cocooning project will enable you to create a relaxing space for your dolls, where they can unwind and rest after a long day.<\/p><p>They can enjoy the warmth of the fireplace with a cup of tea or chocolate!<\/p><p>In this new tutorial, you'll receive this rocking chair in kit form.<\/p><p>It fits 1\/6 dolls like Barbie, pullip or blythe, or 1\/4 dolls like MSD, minifee.<\/p><p>The rocking chair is a furniture classic and will add a warm, cosy touch to your decor.<\/p><p>Thanks to my complete tutorial, you can personalize it by choosing the colors and patterns that match your style.<\/p><p>All my tutorials are available in French and English.\u00a0<\/p><p>So go ahead, order your rocking chair kit and enjoy a moment of relaxation with your dolls in a cocooning atmosphere.<\/p><p>I'll see you soon for a new tutorial!\u00a0<\/p>\t\t\t\t\t\t\t\t<\/div>\n\t\t\t\t<\/div>\n\t\t\t\t\t<\/div>\n\t\t\t\t<\/div>\n\t\t<div class=\"elementor-element elementor-element-fae15ae e-flex e-con-boxed e-con e-parent\" data-id=\"fae15ae\" data-element_type=\"container\" data-e-type=\"container\">\n\t\t\t\t\t<div class=\"e-con-inner\">\n\t\t\t\t<div class=\"elementor-element elementor-element-8aa8f1d elementor-widget-divider--view-line elementor-widget elementor-widget-divider\" data-id=\"8aa8f1d\" data-element_type=\"widget\" data-e-type=\"widget\" data-widget_type=\"divider.default\">\n\t\t\t\t<div class=\"elementor-widget-container\">\n\t\t\t\t\t\t\t<div class=\"elementor-divider\">\n\t\t\t<span class=\"elementor-divider-separator\">\n\t\t\t\t\t\t<\/span>\n\t\t<\/div>\n\t\t\t\t\t\t<\/div>\n\t\t\t\t<\/div>\n\t\t\t\t\t<\/div>\n\t\t\t\t<\/div>\n\t\t<div class=\"elementor-element elementor-element-8935611 e-flex e-con-boxed e-con e-parent\" data-id=\"8935611\" data-element_type=\"container\" data-e-type=\"container\">\n\t\t\t\t\t<div class=\"e-con-inner\">\n\t\t\t\t<div class=\"elementor-element elementor-element-a134d54 elementor-widget elementor-widget-text-editor\" data-id=\"a134d54\" data-element_type=\"widget\" data-e-type=\"widget\" data-widget_type=\"text-editor.default\">\n\t\t\t\t<div class=\"elementor-widget-container\">\n\t\t\t\t\t\t\t\t\t<p>Here's the video extract to see what you're about to receive<\/p>\t\t\t\t\t\t\t\t<\/div>\n\t\t\t\t<\/div>\n\t\t\t\t\t<\/div>\n\t\t\t\t<\/div>\n\t\t<div class=\"elementor-element elementor-element-6b346b1 e-flex e-con-boxed e-con e-parent\" data-id=\"6b346b1\" data-element_type=\"container\" data-e-type=\"container\">\n\t\t\t\t\t<div class=\"e-con-inner\">\n\t\t\t\t<div class=\"elementor-element elementor-element-44f569d elementor-widget elementor-widget-video\" data-id=\"44f569d\" data-element_type=\"widget\" data-e-type=\"widget\" data-settings=\"{&quot;youtube_url&quot;:&quot;https:\\\/\\\/youtu.be\\\/aQLyAbAAjdw&quot;,&quot;video_type&quot;:&quot;youtube&quot;,&quot;controls&quot;:&quot;yes&quot;}\" data-widget_type=\"video.default\">\n\t\t\t\t<div class=\"elementor-widget-container\">\n\t\t\t\t\t\t\t<div class=\"elementor-wrapper elementor-open-inline\">\n\t\t\t<div class=\"elementor-video\"><\/div>\t\t<\/div>\n\t\t\t\t\t\t<\/div>\n\t\t\t\t<\/div>\n\t\t\t\t\t<\/div>\n\t\t\t\t<\/div>\n\t\t<div class=\"elementor-element elementor-element-a372f6e e-flex e-con-boxed e-con e-parent\" data-id=\"a372f6e\" data-element_type=\"container\" data-e-type=\"container\">\n\t\t\t\t\t<div class=\"e-con-inner\">\n\t\t\t\t<div class=\"elementor-element elementor-element-c02df91 elementor-widget-divider--view-line elementor-widget elementor-widget-divider\" data-id=\"c02df91\" data-element_type=\"widget\" data-e-type=\"widget\" data-widget_type=\"divider.default\">\n\t\t\t\t<div class=\"elementor-widget-container\">\n\t\t\t\t\t\t\t<div class=\"elementor-divider\">\n\t\t\t<span class=\"elementor-divider-separator\">\n\t\t\t\t\t\t<\/span>\n\t\t<\/div>\n\t\t\t\t\t\t<\/div>\n\t\t\t\t<\/div>\n\t\t\t\t\t<\/div>\n\t\t\t\t<\/div>\n\t\t<div class=\"elementor-element elementor-element-d2f7a16 e-flex e-con-boxed e-con e-parent\" data-id=\"d2f7a16\" data-element_type=\"container\" data-e-type=\"container\">\n\t\t\t\t\t<div class=\"e-con-inner\">\n\t\t\t\t<div class=\"elementor-element elementor-element-f4c34b0 elementor-widget elementor-widget-text-editor\" data-id=\"f4c34b0\" data-element_type=\"widget\" data-e-type=\"widget\" data-widget_type=\"text-editor.default\">\n\t\t\t\t<div class=\"elementor-widget-container\">\n\t\t\t\t\t\t\t\t\t<p>Don't hesitate to visit my YouTube channel to discover it in English.\u00a0<\/p><p><a href=\"https:\/\/www.youtube.com\/@sunnyshop211\">https:\/\/www.youtube.com\/@sunnyshop211<\/a><\/p>\t\t\t\t\t\t\t\t<\/div>\n\t\t\t\t<\/div>\n\t\t\t\t\t<\/div>\n\t\t\t\t<\/div>\n\t\t<div class=\"elementor-element elementor-element-30dd391 e-flex e-con-boxed e-con e-parent\" data-id=\"30dd391\" data-element_type=\"container\" data-e-type=\"container\">\n\t\t\t\t\t<div class=\"e-con-inner\">\n\t\t\t\t<div class=\"elementor-element elementor-element-2c5120d elementor-widget-divider--view-line elementor-widget elementor-widget-divider\" data-id=\"2c5120d\" data-element_type=\"widget\" data-e-type=\"widget\" data-widget_type=\"divider.default\">\n\t\t\t\t<div class=\"elementor-widget-container\">\n\t\t\t\t\t\t\t<div class=\"elementor-divider\">\n\t\t\t<span class=\"elementor-divider-separator\">\n\t\t\t\t\t\t<\/span>\n\t\t<\/div>\n\t\t\t\t\t\t<\/div>\n\t\t\t\t<\/div>\n\t\t\t\t\t<\/div>\n\t\t\t\t<\/div>\n\t\t<div class=\"elementor-element elementor-element-620aec5 e-flex e-con-boxed e-con e-parent\" data-id=\"620aec5\" data-element_type=\"container\" data-e-type=\"container\">\n\t\t\t\t\t<div class=\"e-con-inner\">\n\t\t\t\t<div class=\"elementor-element elementor-element-8b412b1 elementor-widget elementor-widget-text-editor\" data-id=\"8b412b1\" data-element_type=\"widget\" data-e-type=\"widget\" data-widget_type=\"text-editor.default\">\n\t\t\t\t<div class=\"elementor-widget-container\">\n\t\t\t\t\t\t\t\t\t<p>You can find the kit here\u00a0<\/p><p><a href=\"https:\/\/www.sunnyshop211.com\/en\/product\/rocking-chair-1-4-1-6-bjd-minifee-msd-barbie-pullip\/\">Rocking chair 1\/4 1\/6 bjd minifee MSD Barbie, pullip.<\/a><\/p>\t\t\t\t\t\t\t\t<\/div>\n\t\t\t\t<\/div>\n\t\t\t\t\t<\/div>\n\t\t\t\t<\/div>\n\t\t\t\t<\/div>","protected":false},"excerpt":{"rendered":"<p>Bienvenu pour un nouveau projet: mon projet cocooning. Ce projet cocooning vous permettra de cr\u00e9er un espace de d\u00e9tente pour vos dolls, o\u00f9 elles pourront se relaxer et se reposer apr\u00e8s une longue journ\u00e9e. Elles pourront profiter de la chaleur du feu de chemin\u00e9e avec un bon th\u00e9 ou chocolat! Dans ce nouveau tuto vous [&hellip;]<\/p>\n","protected":false},"author":149815383,"featured_media":31786,"parent":31346,"menu_order":3,"comment_status":"closed","ping_status":"closed","template":"elementor_header_footer","meta":{"_crdt_document":"","jetpack_post_was_ever_published":false,"footnotes":""},"categories":[667686205],"tags":[],"class_list":["post-31785","page","type-page","status-publish","has-post-thumbnail","hentry","category-tutoriel-video"],"yoast_head":"<!-- This site is optimized with the Yoast SEO plugin v27.5 - https:\/\/yoast.com\/product\/yoast-seo-wordpress\/ -->\n<title>Projet cocooning: rocking chair miniature 1\/6, 1\/4 Barbie, minifee -<\/title>\n<meta name=\"description\" content=\"Projet cocooning : dans ce nouveau projet on chouchoute nos dolls pour qu&#039;elles restent au coin du feu dans leur rocking chair\" \/>\n<meta name=\"robots\" content=\"index, follow, max-snippet:-1, max-image-preview:large, max-video-preview:-1\" \/>\n<link rel=\"canonical\" href=\"https:\/\/www.sunnyshop211.com\/en\/blog-doll-bjd-miniatures\/projet-cocooning-rocking-chair-miniature-1-6-1-4-barbie-minifee\/\" \/>\n<meta property=\"og:locale\" content=\"en_US\" \/>\n<meta property=\"og:type\" content=\"article\" \/>\n<meta property=\"og:title\" content=\"Projet cocooning: rocking chair miniature 1\/6, 1\/4 Barbie, minifee -\" \/>\n<meta property=\"og:description\" content=\"Projet cocooning : dans ce nouveau projet on chouchoute nos dolls pour qu&#039;elles restent au coin du feu dans leur rocking chair\" \/>\n<meta property=\"og:url\" content=\"https:\/\/www.sunnyshop211.com\/en\/blog-doll-bjd-miniatures\/projet-cocooning-rocking-chair-miniature-1-6-1-4-barbie-minifee\/\" \/>\n<meta property=\"og:site_name\" content=\"Sunnyshop211 -Vente de dioramas, meubles, miniatures , bjd poup\u00e9es 1\/12 1\/8 1\/6 1\/4 1\/3\" \/>\n<meta property=\"article:publisher\" content=\"https:\/\/www.facebook.com\/sunnyshop211\/?ref=bookmarks\" \/>\n<meta property=\"article:modified_time\" content=\"2023-05-05T15:52:15+00:00\" \/>\n<meta property=\"og:image\" content=\"https:\/\/www.sunnyshop211.com\/wp-content\/uploads\/2023\/03\/rockingc-3-scaled.jpg\" \/>\n\t<meta property=\"og:image:width\" content=\"1749\" \/>\n\t<meta property=\"og:image:height\" content=\"2560\" \/>\n\t<meta property=\"og:image:type\" content=\"image\/jpeg\" \/>\n<meta name=\"twitter:card\" content=\"summary_large_image\" \/>\n<meta name=\"twitter:site\" content=\"@sunnyshop211\" \/>\n<meta name=\"twitter:label1\" content=\"Est. reading time\" \/>\n\t<meta name=\"twitter:data1\" content=\"2 minutes\" \/>\n<script type=\"application\/ld+json\" class=\"yoast-schema-graph\">{\"@context\":\"https:\\\/\\\/schema.org\",\"@graph\":[{\"@type\":\"WebPage\",\"@id\":\"https:\\\/\\\/www.sunnyshop211.com\\\/blog-doll-bjd-miniatures\\\/projet-cocooning-rocking-chair-miniature-1-6-1-4-barbie-minifee\\\/\",\"url\":\"https:\\\/\\\/www.sunnyshop211.com\\\/blog-doll-bjd-miniatures\\\/projet-cocooning-rocking-chair-miniature-1-6-1-4-barbie-minifee\\\/\",\"name\":\"Projet cocooning: rocking chair miniature 1\\\/6, 1\\\/4 Barbie, minifee -\",\"isPartOf\":{\"@id\":\"https:\\\/\\\/www.sunnyshop211.com\\\/#website\"},\"primaryImageOfPage\":{\"@id\":\"https:\\\/\\\/www.sunnyshop211.com\\\/blog-doll-bjd-miniatures\\\/projet-cocooning-rocking-chair-miniature-1-6-1-4-barbie-minifee\\\/#primaryimage\"},\"image\":{\"@id\":\"https:\\\/\\\/www.sunnyshop211.com\\\/blog-doll-bjd-miniatures\\\/projet-cocooning-rocking-chair-miniature-1-6-1-4-barbie-minifee\\\/#primaryimage\"},\"thumbnailUrl\":\"https:\\\/\\\/www.sunnyshop211.com\\\/wp-content\\\/uploads\\\/2023\\\/03\\\/rockingc-3-scaled.jpg\",\"datePublished\":\"2023-03-24T14:24:24+00:00\",\"dateModified\":\"2023-05-05T15:52:15+00:00\",\"description\":\"Projet cocooning : dans ce nouveau projet on chouchoute nos dolls pour qu'elles restent au coin du feu dans leur rocking chair\",\"breadcrumb\":{\"@id\":\"https:\\\/\\\/www.sunnyshop211.com\\\/blog-doll-bjd-miniatures\\\/projet-cocooning-rocking-chair-miniature-1-6-1-4-barbie-minifee\\\/#breadcrumb\"},\"inLanguage\":\"en-US\",\"potentialAction\":[{\"@type\":\"ReadAction\",\"target\":[\"https:\\\/\\\/www.sunnyshop211.com\\\/blog-doll-bjd-miniatures\\\/projet-cocooning-rocking-chair-miniature-1-6-1-4-barbie-minifee\\\/\"]}]},{\"@type\":\"ImageObject\",\"inLanguage\":\"en-US\",\"@id\":\"https:\\\/\\\/www.sunnyshop211.com\\\/blog-doll-bjd-miniatures\\\/projet-cocooning-rocking-chair-miniature-1-6-1-4-barbie-minifee\\\/#primaryimage\",\"url\":\"https:\\\/\\\/www.sunnyshop211.com\\\/wp-content\\\/uploads\\\/2023\\\/03\\\/rockingc-3-scaled.jpg\",\"contentUrl\":\"https:\\\/\\\/www.sunnyshop211.com\\\/wp-content\\\/uploads\\\/2023\\\/03\\\/rockingc-3-scaled.jpg\",\"width\":1749,\"height\":2560,\"caption\":\"projet cocooning\"},{\"@type\":\"BreadcrumbList\",\"@id\":\"https:\\\/\\\/www.sunnyshop211.com\\\/blog-doll-bjd-miniatures\\\/projet-cocooning-rocking-chair-miniature-1-6-1-4-barbie-minifee\\\/#breadcrumb\",\"itemListElement\":[{\"@type\":\"ListItem\",\"position\":1,\"name\":\"Accueil\",\"item\":\"https:\\\/\\\/www.sunnyshop211.com\\\/\"},{\"@type\":\"ListItem\",\"position\":2,\"name\":\"blog doll bjd miniatures\",\"item\":\"https:\\\/\\\/www.sunnyshop211.com\\\/blog-doll-bjd-miniatures\\\/\"},{\"@type\":\"ListItem\",\"position\":3,\"name\":\"Projet cocooning: rocking chair miniature 1\\\/6, 1\\\/4 Barbie, minifee\"}]},{\"@type\":\"WebSite\",\"@id\":\"https:\\\/\\\/www.sunnyshop211.com\\\/#website\",\"url\":\"https:\\\/\\\/www.sunnyshop211.com\\\/\",\"name\":\"Vente de dioramas, meubles, miniatures , bjd poup\u00e9es 1\\\/12 1\\\/8 1\\\/6 1\\\/4 1\\\/3\",\"description\":\"Sunnyshop211 - Votre univers miniature pour poup\u00e9es et BJD, dioramas et meubles sur mesure !\",\"publisher\":{\"@id\":\"https:\\\/\\\/www.sunnyshop211.com\\\/#organization\"},\"alternateName\":\"sunnyshop211\",\"potentialAction\":[{\"@type\":\"SearchAction\",\"target\":{\"@type\":\"EntryPoint\",\"urlTemplate\":\"https:\\\/\\\/www.sunnyshop211.com\\\/?s={search_term_string}\"},\"query-input\":{\"@type\":\"PropertyValueSpecification\",\"valueRequired\":true,\"valueName\":\"search_term_string\"}}],\"inLanguage\":\"en-US\"},{\"@type\":\"Organization\",\"@id\":\"https:\\\/\\\/www.sunnyshop211.com\\\/#organization\",\"name\":\"sunnyshop211\",\"alternateName\":\"sunnyshop211 diorama bjd meuble miniature\",\"url\":\"https:\\\/\\\/www.sunnyshop211.com\\\/\",\"logo\":{\"@type\":\"ImageObject\",\"inLanguage\":\"en-US\",\"@id\":\"https:\\\/\\\/www.sunnyshop211.com\\\/#\\\/schema\\\/logo\\\/image\\\/\",\"url\":\"https:\\\/\\\/www.sunnyshop211.com\\\/wp-content\\\/uploads\\\/2022\\\/08\\\/cropped-cropped-cropped-Sunnyshop211-1.png\",\"contentUrl\":\"https:\\\/\\\/www.sunnyshop211.com\\\/wp-content\\\/uploads\\\/2022\\\/08\\\/cropped-cropped-cropped-Sunnyshop211-1.png\",\"width\":339,\"height\":339,\"caption\":\"sunnyshop211\"},\"image\":{\"@id\":\"https:\\\/\\\/www.sunnyshop211.com\\\/#\\\/schema\\\/logo\\\/image\\\/\"},\"sameAs\":[\"https:\\\/\\\/www.facebook.com\\\/sunnyshop211\\\/?ref=bookmarks\",\"https:\\\/\\\/x.com\\\/sunnyshop211\",\"https:\\\/\\\/www.instagram.com\\\/sunnyshop211\\\/\",\"https:\\\/\\\/www.tumblr.com\\\/blog\\\/sunnyshop211\",\"https:\\\/\\\/www.youtube.com\\\/channel\\\/UCtYY18OGGDKrTSzgcf7fCBg\",\"https:\\\/\\\/www.tiktok.com\\\/@sunnydollshop211?is_from_webapp=1&sender_device=pc\"]}]}<\/script>\n<!-- \/ Yoast SEO plugin. -->","yoast_head_json":{"title":"Cocooning project: miniature rocking chair 1\/6, 1\/4 Barbie, minifee -","description":"Cocooning project: in this new project, we pamper our dolls to keep them cozy in their rocking chair by the fireplace.","robots":{"index":"index","follow":"follow","max-snippet":"max-snippet:-1","max-image-preview":"max-image-preview:large","max-video-preview":"max-video-preview:-1"},"canonical":"https:\/\/www.sunnyshop211.com\/en\/blog-doll-bjd-miniatures\/projet-cocooning-rocking-chair-miniature-1-6-1-4-barbie-minifee\/","og_locale":"en_US","og_type":"article","og_title":"Projet cocooning: rocking chair miniature 1\/6, 1\/4 Barbie, minifee -","og_description":"Projet cocooning : dans ce nouveau projet on chouchoute nos dolls pour qu'elles restent au coin du feu dans leur rocking chair","og_url":"https:\/\/www.sunnyshop211.com\/en\/blog-doll-bjd-miniatures\/projet-cocooning-rocking-chair-miniature-1-6-1-4-barbie-minifee\/","og_site_name":"Sunnyshop211 -Vente de dioramas, meubles, miniatures , bjd poup\u00e9es 1\/12 1\/8 1\/6 1\/4 1\/3","article_publisher":"https:\/\/www.facebook.com\/sunnyshop211\/?ref=bookmarks","article_modified_time":"2023-05-05T15:52:15+00:00","og_image":[{"width":1749,"height":2560,"url":"https:\/\/www.sunnyshop211.com\/wp-content\/uploads\/2023\/03\/rockingc-3-scaled.jpg","type":"image\/jpeg"}],"twitter_card":"summary_large_image","twitter_site":"@sunnyshop211","twitter_misc":{"Est. reading time":"2 minutes"},"schema":{"@context":"https:\/\/schema.org","@graph":[{"@type":"WebPage","@id":"https:\/\/www.sunnyshop211.com\/blog-doll-bjd-miniatures\/projet-cocooning-rocking-chair-miniature-1-6-1-4-barbie-minifee\/","url":"https:\/\/www.sunnyshop211.com\/blog-doll-bjd-miniatures\/projet-cocooning-rocking-chair-miniature-1-6-1-4-barbie-minifee\/","name":"Cocooning project: miniature rocking chair 1\/6, 1\/4 Barbie, minifee -","isPartOf":{"@id":"https:\/\/www.sunnyshop211.com\/#website"},"primaryImageOfPage":{"@id":"https:\/\/www.sunnyshop211.com\/blog-doll-bjd-miniatures\/projet-cocooning-rocking-chair-miniature-1-6-1-4-barbie-minifee\/#primaryimage"},"image":{"@id":"https:\/\/www.sunnyshop211.com\/blog-doll-bjd-miniatures\/projet-cocooning-rocking-chair-miniature-1-6-1-4-barbie-minifee\/#primaryimage"},"thumbnailUrl":"https:\/\/www.sunnyshop211.com\/wp-content\/uploads\/2023\/03\/rockingc-3-scaled.jpg","datePublished":"2023-03-24T14:24:24+00:00","dateModified":"2023-05-05T15:52:15+00:00","description":"Cocooning project: in this new project, we pamper our dolls to keep them cozy in their rocking chair by the fireplace.","breadcrumb":{"@id":"https:\/\/www.sunnyshop211.com\/blog-doll-bjd-miniatures\/projet-cocooning-rocking-chair-miniature-1-6-1-4-barbie-minifee\/#breadcrumb"},"inLanguage":"en-US","potentialAction":[{"@type":"ReadAction","target":["https:\/\/www.sunnyshop211.com\/blog-doll-bjd-miniatures\/projet-cocooning-rocking-chair-miniature-1-6-1-4-barbie-minifee\/"]}]},{"@type":"ImageObject","inLanguage":"en-US","@id":"https:\/\/www.sunnyshop211.com\/blog-doll-bjd-miniatures\/projet-cocooning-rocking-chair-miniature-1-6-1-4-barbie-minifee\/#primaryimage","url":"https:\/\/www.sunnyshop211.com\/wp-content\/uploads\/2023\/03\/rockingc-3-scaled.jpg","contentUrl":"https:\/\/www.sunnyshop211.com\/wp-content\/uploads\/2023\/03\/rockingc-3-scaled.jpg","width":1749,"height":2560,"caption":"projet cocooning"},{"@type":"BreadcrumbList","@id":"https:\/\/www.sunnyshop211.com\/blog-doll-bjd-miniatures\/projet-cocooning-rocking-chair-miniature-1-6-1-4-barbie-minifee\/#breadcrumb","itemListElement":[{"@type":"ListItem","position":1,"name":"Accueil","item":"https:\/\/www.sunnyshop211.com\/"},{"@type":"ListItem","position":2,"name":"blog doll bjd miniatures","item":"https:\/\/www.sunnyshop211.com\/blog-doll-bjd-miniatures\/"},{"@type":"ListItem","position":3,"name":"Projet cocooning: rocking chair miniature 1\/6, 1\/4 Barbie, minifee"}]},{"@type":"WebSite","@id":"https:\/\/www.sunnyshop211.com\/#website","url":"https:\/\/www.sunnyshop211.com\/","name":"Sale of dioramas, furniture, miniatures, bjd dolls 1\/12 1\/8 1\/6 1\/4 1\/3","description":"Sunnyshop211 - Your miniature world for dolls and BJDs, dioramas and custom-made furniture!","publisher":{"@id":"https:\/\/www.sunnyshop211.com\/#organization"},"alternateName":"sunnyshop211","potentialAction":[{"@type":"SearchAction","target":{"@type":"EntryPoint","urlTemplate":"https:\/\/www.sunnyshop211.com\/?s={search_term_string}"},"query-input":{"@type":"PropertyValueSpecification","valueRequired":true,"valueName":"search_term_string"}}],"inLanguage":"en-US"},{"@type":"Organization","@id":"https:\/\/www.sunnyshop211.com\/#organization","name":"sunnyshop211","alternateName":"sunnyshop211 diorama bjd meuble miniature","url":"https:\/\/www.sunnyshop211.com\/","logo":{"@type":"ImageObject","inLanguage":"en-US","@id":"https:\/\/www.sunnyshop211.com\/#\/schema\/logo\/image\/","url":"https:\/\/www.sunnyshop211.com\/wp-content\/uploads\/2022\/08\/cropped-cropped-cropped-Sunnyshop211-1.png","contentUrl":"https:\/\/www.sunnyshop211.com\/wp-content\/uploads\/2022\/08\/cropped-cropped-cropped-Sunnyshop211-1.png","width":339,"height":339,"caption":"sunnyshop211"},"image":{"@id":"https:\/\/www.sunnyshop211.com\/#\/schema\/logo\/image\/"},"sameAs":["https:\/\/www.facebook.com\/sunnyshop211\/?ref=bookmarks","https:\/\/x.com\/sunnyshop211","https:\/\/www.instagram.com\/sunnyshop211\/","https:\/\/www.tumblr.com\/blog\/sunnyshop211","https:\/\/www.youtube.com\/channel\/UCtYY18OGGDKrTSzgcf7fCBg","https:\/\/www.tiktok.com\/@sunnydollshop211?is_from_webapp=1&sender_device=pc"]}]}},"jetpack_sharing_enabled":true,"jetpack_shortlink":"https:\/\/wp.me\/Pg2Fm2-8gF","_links":{"self":[{"href":"https:\/\/www.sunnyshop211.com\/en\/wp-json\/wp\/v2\/pages\/31785","targetHints":{"allow":["GET"]}}],"collection":[{"href":"https:\/\/www.sunnyshop211.com\/en\/wp-json\/wp\/v2\/pages"}],"about":[{"href":"https:\/\/www.sunnyshop211.com\/en\/wp-json\/wp\/v2\/types\/page"}],"author":[{"embeddable":true,"href":"https:\/\/www.sunnyshop211.com\/en\/wp-json\/wp\/v2\/users\/149815383"}],"replies":[{"embeddable":true,"href":"https:\/\/www.sunnyshop211.com\/en\/wp-json\/wp\/v2\/comments?post=31785"}],"version-history":[{"count":13,"href":"https:\/\/www.sunnyshop211.com\/en\/wp-json\/wp\/v2\/pages\/31785\/revisions"}],"predecessor-version":[{"id":34200,"href":"https:\/\/www.sunnyshop211.com\/en\/wp-json\/wp\/v2\/pages\/31785\/revisions\/34200"}],"up":[{"embeddable":true,"href":"https:\/\/www.sunnyshop211.com\/en\/wp-json\/wp\/v2\/pages\/31346"}],"wp:featuredmedia":[{"embeddable":true,"href":"https:\/\/www.sunnyshop211.com\/en\/wp-json\/wp\/v2\/media\/31786"}],"wp:attachment":[{"href":"https:\/\/www.sunnyshop211.com\/en\/wp-json\/wp\/v2\/media?parent=31785"}],"wp:term":[{"taxonomy":"category","embeddable":true,"href":"https:\/\/www.sunnyshop211.com\/en\/wp-json\/wp\/v2\/categories?post=31785"},{"taxonomy":"post_tag","embeddable":true,"href":"https:\/\/www.sunnyshop211.com\/en\/wp-json\/wp\/v2\/tags?post=31785"}],"curies":[{"name":"wp","href":"https:\/\/api.w.org\/{rel}","templated":true}]}}